{"id":25605,"date":"2025-06-30T18:58:26","date_gmt":"2025-06-30T16:58:26","guid":{"rendered":"https:\/\/www.ferberpainting.com\/?post_type=product&#038;p=25605"},"modified":"2026-02-16T13:54:24","modified_gmt":"2026-02-16T12:54:24","slug":"tumble-dryer-cleaner","status":"publish","type":"product","link":"https:\/\/www.ferberpainting.com\/cz\/products\/tumble-dryer-cleaner\/","title":{"rendered":"\u010cisti\u010d su\u0161i\u010dky"},"content":{"rendered":"<p><strong><img decoding=\"async\" style=\"margin-right: 12px;\" src=\"https:\/\/www.ferberpainting.com\/wp-content\/uploads\/2026\/02\/Check.svg\" alt=\"\" width=\"18\" height=\"15\" \/>Optim\u00e1ln\u00ed efektivita.<\/strong> Tento \u010disti\u010d su\u0161i\u010dek je speci\u00e1ln\u011b navr\u017een tak, aby \u00fa\u010dinn\u011b odstra\u0148oval zbytky prac\u00edch prost\u0159edk\u016f, usazeniny vodn\u00edho kamene, textiln\u00ed prach a tak\u00e9 mastnotu a ne\u010distoty, kter\u00e9 se ve spot\u0159ebi\u010di \u010dasem nahromad\u00ed. D\u00edky sv\u00e9mu \u00fa\u010dinn\u00e9mu slo\u017een\u00ed hloubkov\u011b \u010dist\u00ed buben, filtry, v\u011btrac\u00ed kan\u00e1ly a vnit\u0159n\u00ed sou\u010d\u00e1sti su\u0161i\u010dky. Jeho p\u016fsoben\u00ed pom\u00e1h\u00e1 zajistit optim\u00e1ln\u00ed v\u00fdkon spot\u0159ebi\u010de, p\u0159edch\u00e1zet p\u0159eh\u0159\u00e1t\u00ed, prodlou\u017eit \u017eivotnost motoru a zajistit \u00fa\u010dinn\u011bj\u0161\u00ed su\u0161en\u00ed.<\/p>\n<p><strong><img decoding=\"async\" style=\"margin-right: 12px;\" src=\"https:\/\/www.ferberpainting.com\/wp-content\/uploads\/2026\/02\/Check.svg\" alt=\"\" width=\"18\" height=\"15\" \/>Z\u00e1ruka vr\u00e1cen\u00ed pen\u011bz.<\/strong>\u00a0Jsme pln\u011b p\u0159esv\u011bd\u010deni o \u00fa\u010dinnosti na\u0161eho \u010distic\u00edho prost\u0159edku. Pokud po pou\u017eit\u00ed nejste s v\u00fdsledky pln\u011b spokojeni, m\u00e1te n\u00e1rok na vr\u00e1cen\u00ed pen\u011bz v pln\u00e9 v\u00fd\u0161i. Vyzkou\u0161ejte n\u00e1\u0161 v\u00fdrobek s naprost\u00fdm klidem a u\u017e\u00edvejte si dokonale udr\u017eovanou su\u0161i\u010dku bez n\u00e1mahy a rizika.<\/p>\n<p><strong><img decoding=\"async\" style=\"margin-right: 12px;\" src=\"https:\/\/www.ferberpainting.com\/wp-content\/uploads\/2026\/02\/Check.svg\" alt=\"\" width=\"18\" height=\"15\" \/>V\u00fdjime\u010dn\u00e1 v\u0161estrannost.<\/strong> Tento \u010disti\u010d se neomezuje pouze na su\u0161i\u010dky, ale je \u00fa\u010dinn\u00fd i p\u0159i \u010di\u0161t\u011bn\u00ed v\u011btrac\u00edch kan\u00e1l\u016f pra\u010dek a su\u0161i\u010dek, v\u011btrac\u00edch m\u0159\u00ed\u017eek, \u010didel vlhkosti a filtr\u016f proti \u017emolk\u016fm. Funguje na nejr\u016fzn\u011bj\u0161\u00ed materi\u00e1ly, jako je nerezov\u00e1 ocel, hlin\u00edk, plast, guma, sklo, a dokonce i na n\u011bkter\u00e9 lakovan\u00e9 povrchy. D\u00edky sv\u00e9 v\u0161estrannosti umo\u017e\u0148uje kompletn\u00ed \u00fadr\u017ebu spot\u0159ebi\u010de a souvisej\u00edc\u00edch sou\u010d\u00e1st\u00ed, \u010d\u00edm\u017e zaji\u0161\u0165uje optim\u00e1ln\u00ed v\u00fdkon a dokonalou hygienu.<\/p>\n<p><strong><img decoding=\"async\" style=\"margin-right: 12px;\" src=\"https:\/\/www.ferberpainting.com\/wp-content\/uploads\/2026\/02\/Check.svg\" alt=\"\" width=\"18\" height=\"15\" \/>N\u00e1kladov\u011b efektivn\u00ed v\u00fdkon. <\/strong>D\u00edky 5litrov\u00e9mu kanystru a vysok\u00e9 koncentraci nab\u00edz\u00ed tento \u010disti\u010d vynikaj\u00edc\u00ed hodnotu. Mal\u00e9 mno\u017estv\u00ed sta\u010d\u00ed na vy\u010di\u0161t\u011bn\u00ed n\u011bkolika su\u0161ic\u00edch cykl\u016f a r\u016fzn\u00fdch sou\u010d\u00e1st\u00ed spot\u0159ebi\u010de. Jeden litr p\u0159\u00edpravku zvl\u00e1dne v pr\u016fm\u011bru o\u0161et\u0159it a\u017e 30 cykl\u016f \u00fadr\u017eby, co\u017e z n\u011bj \u010din\u00ed ekonomick\u00e9 a \u00fa\u010dinn\u00e9 \u0159e\u0161en\u00ed pro pravideln\u00e9 nebo intenzivn\u00ed pou\u017e\u00edv\u00e1n\u00ed.<\/p>\n<p><strong><img decoding=\"async\" style=\"margin-right: 12px;\" src=\"https:\/\/www.ferberpainting.com\/wp-content\/uploads\/2026\/02\/Check.svg\" alt=\"\" width=\"18\" height=\"15\" \/>Bezpe\u010dn\u00e9 pou\u017eit\u00ed.<\/strong>\u00a0Na rozd\u00edl od produkt\u016f, kter\u00e9 obsahuj\u00ed korozivn\u00ed l\u00e1tky nebo agresivn\u00ed \u010dinidla, je\u017e mohou po\u0161kodit elektronick\u00e9 sou\u010d\u00e1stky nebo oslabit t\u011bsn\u011bn\u00ed su\u0161i\u010dky, je tento \u010distic\u00ed prost\u0159edek vyroben bez nebezpe\u010dn\u00fdch rozpou\u0161t\u011bdel nebo toxick\u00fdch produkt\u016f. Nevypou\u0161t\u00ed \u017e\u00e1dn\u00e9 dr\u00e1\u017ediv\u00e9 v\u00fdpary a respektuje choulostiv\u00e9 materi\u00e1ly. Jeho \u0161etrn\u00e9, ale \u00fa\u010dinn\u00e9 p\u016fsoben\u00ed zaji\u0161\u0165uje bezpe\u010dn\u00e9 \u010di\u0161t\u011bn\u00ed i v p\u0159\u00edtomnosti d\u011bt\u00ed nebo dom\u00e1c\u00edch zv\u00ed\u0159at.<\/p>\n<p><strong><img decoding=\"async\" style=\"margin-right: 12px;\" src=\"https:\/\/www.ferberpainting.com\/wp-content\/uploads\/2026\/02\/Check.svg\" alt=\"\" width=\"18\" height=\"15\" \/>Snadn\u00e9 pou\u017eit\u00ed.<\/strong>\u00a0Tento produkt je p\u0159ipraven k pou\u017eit\u00ed a nevy\u017eaduje \u017e\u00e1dn\u00e9 \u0159ed\u011bn\u00ed ani slo\u017eitou p\u0159\u00edpravu. Nan\u00e1\u0161\u00ed se p\u0159\u00edmo na vnit\u0159n\u00ed a vn\u011bj\u0161\u00ed povrchy su\u0161i\u010dky pomoc\u00ed had\u0159\u00edku nebo rozpra\u0161ova\u010de. Jeho rychl\u00fd \u00fa\u010dinek odstra\u0148uje ne\u010distoty b\u011bhem n\u011bkolika sekund, bez nutnosti nadm\u011brn\u00e9ho oplachov\u00e1n\u00ed nebo n\u00e1mahy. D\u00edky intuitivn\u00edmu pou\u017eit\u00ed je p\u0159\u00edstupn\u00fd v\u0161em, i t\u011bm, kte\u0159\u00ed nemaj\u00ed zku\u0161enosti s \u00fadr\u017ebou spot\u0159ebi\u010d\u016f.<\/p>\n<p><strong><img decoding=\"async\" style=\"margin-right: 12px;\" src=\"https:\/\/www.ferberpainting.com\/wp-content\/uploads\/2026\/02\/Check.svg\" alt=\"\" width=\"18\" height=\"15\" \/>Prodlou\u017een\u00e1 \u017eivotnost.<\/strong>\u00a0Tento \u010disti\u010d \u00fa\u010dinn\u011b odstra\u0148uje vodn\u00ed k\u00e1men, prach a zbytky textili\u00ed, \u010d\u00edm\u017e pom\u00e1h\u00e1 prodlou\u017eit \u017eivotnost su\u0161i\u010dky a optimalizovat jej\u00ed \u00fa\u010dinnost. Zabra\u0148uje ucp\u00e1v\u00e1n\u00ed v\u011btrac\u00edch kan\u00e1l\u016f, sni\u017euje opot\u0159eben\u00ed t\u011bsn\u011bn\u00ed a zlep\u0161uje proud\u011bn\u00ed vzduchu, \u010d\u00edm\u017e zaji\u0161\u0165uje lep\u0161\u00ed odvod vlhkosti a ni\u017e\u0161\u00ed spot\u0159ebu energie. Pravideln\u00e1 \u00fadr\u017eba t\u00edmto v\u00fdrobkem pom\u00e1h\u00e1 p\u0159edch\u00e1zet n\u00e1kladn\u00fdm poruch\u00e1m a zaji\u0161\u0165uje optim\u00e1ln\u00ed dlouhodob\u00fd v\u00fdkon.<\/p>\n<p><strong><img decoding=\"async\" style=\"margin-right: 12px;\" src=\"https:\/\/www.ferberpainting.com\/wp-content\/uploads\/2026\/02\/Check.svg\" alt=\"\" width=\"18\" height=\"15\" \/>Rychl\u00e1 akce.<\/strong>\u00a0D\u00edky sv\u00e9mu vysoce aktivn\u00edmu slo\u017een\u00ed p\u016fsob\u00ed tento \u010distic\u00ed prost\u0159edek okam\u017eit\u011b na ne\u010distoty a usazeniny. B\u011bhem n\u011bkolika minut rozpust\u00ed zbytky a usnadn\u00ed jejich odstran\u011bn\u00ed, ani\u017e by bylo nutn\u00e9 slo\u017eit\u011b rozeb\u00edrat spot\u0159ebi\u010d. Umo\u017e\u0148uje rychl\u00e9 a \u00fa\u010dinn\u00e9 \u010di\u0161t\u011bn\u00ed - ide\u00e1ln\u00ed pro bezprobl\u00e9movou \u00fadr\u017ebu su\u0161i\u010dky a z\u00e1rove\u0148 zaji\u0161\u0165uje \u00fa\u010dinn\u011bj\u0161\u00ed a rovnom\u011brn\u011bj\u0161\u00ed su\u0161en\u00ed pr\u00e1dla.<\/p>\n<h2><strong>Protokol o pou\u017eit\u00ed<\/strong><\/h2>\n<ul>\n<li><strong>P\u0159\u00edprava <\/strong>: P\u0159ed pou\u017eit\u00edm v\u00fdrobku se ujist\u011bte, \u017ee je su\u0161i\u010dka vypnut\u00e1 a pr\u00e1zdn\u00e1. Ujist\u011bte se, \u017ee je filtr \u017emolk\u016f p\u0159\u00edstupn\u00fd pro hloubkov\u00e9 \u010di\u0161t\u011bn\u00ed.<\/li>\n<li><strong style=\"font-size: 16px;\">Aplikace na buben a filtry <\/strong><span style=\"font-size: 16px;\">: Nalijte mal\u00e9 mno\u017estv\u00ed \u010distic\u00edho prost\u0159edku na \u010dist\u00fd had\u0159\u00edk nebo neabrazivn\u00ed houbu a rovnom\u011brn\u011b jej naneste na vnit\u0159n\u00ed povrch bubnu. Rovn\u011b\u017e vy\u010dist\u011bte \u017emolkov\u00e9 filtry nanesen\u00edm p\u0159\u00edpravku a jemn\u00fdm drhnut\u00edm, abyste odstranili nahromad\u011bn\u00e9 zbytky.<\/span><\/li>\n<li><strong style=\"font-size: 16px;\">\u010ci\u0161t\u011bn\u00ed v\u011btrac\u00edch kan\u00e1l\u016f <\/strong><span style=\"font-size: 16px;\">: K aplikaci na v\u011btrac\u00ed m\u0159\u00ed\u017eky a v\u00fdfukov\u00e9 potrub\u00ed pou\u017eijte rozpra\u0161ova\u010d nebo had\u0159\u00edk napu\u0161t\u011bn\u00fd p\u0159\u00edpravkem. P\u0159ed ot\u0159en\u00edm such\u00fdm had\u0159\u00edkem nechte p\u0159\u00edpravek n\u011bkolik minut p\u016fsobit, aby se ne\u010distoty rozpustily.<\/span><\/li>\n<li><strong style=\"font-size: 16px;\">\u010ci\u0161t\u011bn\u00ed senzor\u016f vlhkosti <\/strong><span style=\"font-size: 16px;\">: Naneste mal\u00e9 mno\u017estv\u00ed p\u0159\u00edpravku na ut\u011brku z mikrovl\u00e1kna a jemn\u011b ot\u0159ete senzory vlhkosti um\u00edst\u011bn\u00e9 uvnit\u0159 bubnu. To pom\u00e1h\u00e1 optimalizovat detekci vlhkosti a zlep\u0161it \u00fa\u010dinnost su\u0161en\u00ed.<\/span><\/li>\n<li><strong style=\"font-size: 16px;\">Oplachov\u00e1n\u00ed a dokon\u010dovac\u00ed pr\u00e1ce <\/strong><span style=\"font-size: 16px;\">: Ot\u0159ete vlhk\u00fdm had\u0159\u00edkem, abyste odstranili p\u0159ebyte\u010dn\u00fd p\u0159\u00edpravek, a pot\u00e9 jej osu\u0161te \u010dist\u00fdm, such\u00fdm had\u0159\u00edkem.<\/span><\/li>\n<li><strong style=\"font-size: 16px;\">Spu\u0161t\u011bn\u00ed \u010distic\u00edho cyklu <\/strong><span style=\"font-size: 16px;\">: Pro hloubkov\u00e9 \u010di\u0161t\u011bn\u00ed spus\u0165te cyklus su\u0161en\u00ed napr\u00e1zdno po dobu 10 minut, abyste odstranili v\u0161echny zb\u00fdvaj\u00edc\u00ed \u010d\u00e1stice a zajistili optim\u00e1ln\u00ed provoz su\u0161i\u010dky.<\/span><\/li>\n<li><strong style=\"font-size: 16px;\">Frekvence pou\u017e\u00edv\u00e1n\u00ed <\/strong><span style=\"font-size: 16px;\">: Aplikujte jednou m\u011bs\u00ed\u010dn\u011b pro pravidelnou \u00fadr\u017ebu a prevenci usazov\u00e1n\u00ed zbytk\u016f. U intenzivn\u011b pou\u017e\u00edvan\u00fdch su\u0161i\u010dek se doporu\u010duje \u010di\u0161t\u011bn\u00ed ka\u017ed\u00e9 dva t\u00fddny.<\/span><\/li>\n<li><strong style=\"font-size: 16px;\">\u00dalo\u017ei\u0161t\u011b <\/strong><span style=\"font-size: 16px;\">: Po ka\u017ed\u00e9m pou\u017eit\u00ed n\u00e1dobku pevn\u011b uzav\u0159ete a skladujte na chladn\u00e9m a such\u00e9m m\u00edst\u011b, mimo dosah sv\u011btla a extr\u00e9mn\u00edch teplot, abyste zachovali dlouhodobou \u00fa\u010dinnost p\u0159\u00edpravku.<\/span><\/li>\n<\/ul>\n<p>S na\u0161\u00edm \u010disti\u010dem su\u0161i\u010dek zajist\u00edte optim\u00e1ln\u00ed \u00fadr\u017ebu sv\u00e9ho spot\u0159ebi\u010de, prodlou\u017e\u00edte jeho \u017eivotnost a zlep\u0161\u00edte \u00fa\u010dinnost su\u0161en\u00ed pr\u00e1dla. Ide\u00e1ln\u00ed \u0159e\u0161en\u00ed pro trvale sv\u011b\u017e\u00ed pr\u00e1dlo, ni\u017e\u0161\u00ed spot\u0159ebu energie a dokonale udr\u017eovanou su\u0161i\u010dku.<\/p>","protected":false},"excerpt":{"rendered":"<p>Optimal Efficiency. This tumble dryer cleaner is specially designed to effectively eliminate detergent residues, limescale deposits, textile dust, as well as grease and dirt buildup that accumulates over time in the appliance. Thanks to its powerful formula, it deeply cleans the drum, filters, ventilation ducts, and internal components of the dryer. Its action helps ensure [&hellip;]<\/p>\n","protected":false},"featured_media":35828,"comment_status":"open","ping_status":"closed","template":"","meta":{"_uag_custom_page_level_css":"","site-sidebar-layout":"default","site-content-layout":"","ast-site-content-layout":"default","site-content-style":"default","site-sidebar-style":"default","ast-global-header-display":"","ast-banner-title-visibility":"","ast-main-header-display":"","ast-hfb-above-header-display":"","ast-hfb-below-header-display":"","ast-hfb-mobile-header-display":"","site-post-title":"","ast-breadcrumbs-content":"","ast-featured-img":"","footer-sml-layout":"","ast-disable-related-posts":"","theme-transparent-header-meta":"default","adv-header-id-meta":"","stick-header-meta":"","header-above-stick-meta":"","header-main-stick-meta":"","header-below-stick-meta":"","astra-migrate-meta-layouts":"set","ast-page-background-enabled":"default","ast-page-background-meta":{"desktop":{"background-color":"var(--ast-global-color-4)","background-image":"","background-repeat":"repeat","background-position":"center center","background-size":"auto","background-attachment":"scroll","background-type":"","background-media":"","overlay-type":"","overlay-color":"","overlay-opacity":"","overlay-gradient":""},"tablet":{"background-color":"","background-image":"","background-repeat":"repeat","background-position":"center center","background-size":"auto","background-attachment":"scroll","background-type":"","background-media":"","overlay-type":"","overlay-color":"","overlay-opacity":"","overlay-gradient":""},"mobile":{"background-color":"","background-image":"","background-repeat":"repeat","background-position":"center center","background-size":"auto","background-attachment":"scroll","background-type":"","background-media":"","overlay-type":"","overlay-color":"","overlay-opacity":"","overlay-gradient":""}},"ast-content-background-meta":{"desktop":{"background-color":"var(--ast-global-color-5)","background-image":"","background-repeat":"repeat","background-position":"center center","background-size":"auto","background-attachment":"scroll","background-type":"","background-media":"","overlay-type":"","overlay-color":"","overlay-opacity":"","overlay-gradient":""},"tablet":{"background-color":"var(--ast-global-color-5)","background-image":"","background-repeat":"repeat","background-position":"center center","background-size":"auto","background-attachment":"scroll","background-type":"","background-media":"","overlay-type":"","overlay-color":"","overlay-opacity":"","overlay-gradient":""},"mobile":{"background-color":"var(--ast-global-color-5)","background-image":"","background-repeat":"repeat","background-position":"center center","background-size":"auto","background-attachment":"scroll","background-type":"","background-media":"","overlay-type":"","overlay-color":"","overlay-opacity":"","overlay-gradient":""}}},"product_brand":[],"product_cat":[175],"product_tag":[],"class_list":{"0":"post-25605","1":"product","2":"type-product","3":"status-publish","4":"has-post-thumbnail","6":"product_cat-cleaning-products","7":"desktop-align-left","8":"tablet-align-left","9":"mobile-align-left","11":"first","12":"instock","13":"sale","14":"taxable","15":"shipping-taxable","16":"purchasable","17":"product-type-variable","18":"has-default-attributes"},"spectra_custom_meta":{"_visibility":["visible"],"_shopify_product_id":["9106239291637"],"_s2w_shopify_domain":["ferberpainting.myshopify.com"],"_shopify_variant_id":["46625778696437"],"_sku":[""],"_manage_stock":["no"],"total_sales":["39"],"_tax_status":["taxable"],"_tax_class":[""],"_backorders":["no"],"_sold_individually":["no"],"_virtual":["no"],"_downloadable":["no"],"_download_limit":["-1"],"_download_expiry":["-1"],"_stock":[null],"_stock_status":["instock"],"_wc_average_rating":["5.00"],"_wc_review_count":["10"],"_product_attributes":["a:1:{s:6:\"volume\";a:6:{s:4:\"name\";s:6:\"Volume\";s:5:\"value\";s:20:\"5 liters | 25 liters\";s:8:\"position\";i:1;s:10:\"is_visible\";i:0;s:12:\"is_variation\";i:1;s:11:\"is_taxonomy\";i:0;}}"],"_product_version":["10.5.1"],"wpse_downloadable_file_names":[""],"wpse_downloadable_file_urls":[""],"_edit_last":["1"],"_default_attributes":["a:1:{s:6:\"volume\";s:8:\"5 liters\";}"],"_edit_lock":["1771246347:1"],"_price":["29.90","129.90"],"merchant-center-availability":["yes"],"merchant-center-category":["7462"],"_thumbnail_id":["35828"],"_wp_page_template":["default"],"_wp_old_date":["2025-05-26"],"_product_image_gallery":["35829"],"site-sidebar-layout":["default"],"ast-site-content-layout":["default"],"site-content-style":["default"],"site-sidebar-style":["default"],"theme-transparent-header-meta":["default"],"_wc_rating_count":["a:1:{i:5;i:10;}"],"astra-migrate-meta-layouts":["set"],"_uag_css_file_name":["uag-css-25605.css"],"_elementor_page_assets":["a:0:{}"],"_uag_page_assets":["a:9:{s:3:\"css\";s:7133:\".uag-blocks-common-selector{z-index:var(--z-index-desktop) !important}@media(max-width: 976px){.uag-blocks-common-selector{z-index:var(--z-index-tablet) !important}}@media(max-width: 767px){.uag-blocks-common-selector{z-index:var(--z-index-mobile) !important}}.wp-block-uagb-image{display:flex}.wp-block-uagb-image__figure{position:relative;display:flex;flex-direction:column;max-width:100%;height:auto;margin:0}.wp-block-uagb-image__figure img{height:auto;display:flex;max-width:100%;transition:box-shadow .2s ease}.wp-block-uagb-image__figure>a{display:inline-block}.wp-block-uagb-image__figure figcaption{text-align:center;margin-top:.5em;margin-bottom:1em}.wp-block-uagb-image .components-placeholder.block-editor-media-placeholder .components-placeholder__instructions{align-self:center}.wp-block-uagb-image--align-left{text-align:left}.wp-block-uagb-image--align-right{text-align:right}.wp-block-uagb-image--align-center{text-align:center}.wp-block-uagb-image--align-full .wp-block-uagb-image__figure{margin-left:calc(50% - 50vw);margin-right:calc(50% - 50vw);max-width:100vw;width:100vw;height:auto}.wp-block-uagb-image--align-full .wp-block-uagb-image__figure img{height:auto;width:100% !important}.wp-block-uagb-image--align-wide .wp-block-uagb-image__figure img{height:auto;width:100%}.wp-block-uagb-image--layout-overlay__color-wrapper{position:absolute;left:0;top:0;right:0;bottom:0;opacity:.2;background:rgba(0,0,0,.5);transition:opacity .35s ease-in-out}.wp-block-uagb-image--layout-overlay-link{position:absolute;left:0;right:0;bottom:0;top:0}.wp-block-uagb-image--layout-overlay .wp-block-uagb-image__figure:hover .wp-block-uagb-image--layout-overlay__color-wrapper{opacity:1}.wp-block-uagb-image--layout-overlay__inner{position:absolute;left:15px;right:15px;bottom:15px;top:15px;display:flex;align-items:center;justify-content:center;flex-direction:column;border-color:#fff;transition:.35s ease-in-out}.wp-block-uagb-image--layout-overlay__inner.top-left,.wp-block-uagb-image--layout-overlay__inner.top-center,.wp-block-uagb-image--layout-overlay__inner.top-right{justify-content:flex-start}.wp-block-uagb-image--layout-overlay__inner.bottom-left,.wp-block-uagb-image--layout-overlay__inner.bottom-center,.wp-block-uagb-image--layout-overlay__inner.bottom-right{justify-content:flex-end}.wp-block-uagb-image--layout-overlay__inner.top-left,.wp-block-uagb-image--layout-overlay__inner.center-left,.wp-block-uagb-image--layout-overlay__inner.bottom-left{align-items:flex-start}.wp-block-uagb-image--layout-overlay__inner.top-right,.wp-block-uagb-image--layout-overlay__inner.center-right,.wp-block-uagb-image--layout-overlay__inner.bottom-right{align-items:flex-end}.wp-block-uagb-image--layout-overlay__inner .uagb-image-heading{color:#fff;transition:transform .35s,opacity .35s ease-in-out;transform:translate3d(0, 24px, 0);margin:0;line-height:1em}.wp-block-uagb-image--layout-overlay__inner .uagb-image-separator{width:30%;border-top-width:2px;border-top-color:#fff;border-top-style:solid;margin-bottom:10px;opacity:0;transition:transform .4s,opacity .4s ease-in-out;transform:translate3d(0, 30px, 0)}.wp-block-uagb-image--layout-overlay__inner .uagb-image-caption{opacity:0;overflow:visible;color:#fff;transition:transform .45s,opacity .45s ease-in-out;transform:translate3d(0, 35px, 0)}.wp-block-uagb-image--layout-overlay__inner:hover .uagb-image-heading,.wp-block-uagb-image--layout-overlay__inner:hover .uagb-image-separator,.wp-block-uagb-image--layout-overlay__inner:hover .uagb-image-caption{opacity:1;transform:translate3d(0, 0, 0)}.wp-block-uagb-image--effect-zoomin .wp-block-uagb-image__figure img,.wp-block-uagb-image--effect-zoomin .wp-block-uagb-image__figure .wp-block-uagb-image--layout-overlay__color-wrapper{transform:scale(1);transition:transform .35s ease-in-out}.wp-block-uagb-image--effect-zoomin .wp-block-uagb-image__figure:hover img,.wp-block-uagb-image--effect-zoomin .wp-block-uagb-image__figure:hover .wp-block-uagb-image--layout-overlay__color-wrapper{transform:scale(1.05)}.wp-block-uagb-image--effect-slide .wp-block-uagb-image__figure img,.wp-block-uagb-image--effect-slide .wp-block-uagb-image__figure .wp-block-uagb-image--layout-overlay__color-wrapper{width:calc(100% + 40px) !important;max-width:none !important;transform:translate3d(-40px, 0, 0);transition:transform .35s ease-in-out}.wp-block-uagb-image--effect-slide .wp-block-uagb-image__figure:hover img,.wp-block-uagb-image--effect-slide .wp-block-uagb-image__figure:hover .wp-block-uagb-image--layout-overlay__color-wrapper{transform:translate3d(0, 0, 0)}.wp-block-uagb-image--effect-grayscale img{filter:grayscale(0%);transition:.35s ease-in-out}.wp-block-uagb-image--effect-grayscale:hover img{filter:grayscale(100%)}.wp-block-uagb-image--effect-blur img{filter:blur(0);transition:.35s ease-in-out}.wp-block-uagb-image--effect-blur:hover img{filter:blur(3px)}.uagb-block-e6f939b3.wp-block-uagb-image--layout-default figure img{box-shadow: 0px 0px 0 #00000070;}.uagb-block-e6f939b3.wp-block-uagb-image .wp-block-uagb-image__figure figcaption{font-style: normal;align-self: center;}.uagb-block-e6f939b3.wp-block-uagb-image--layout-overlay figure img{box-shadow: 0px 0px 0 #00000070;}.uagb-block-e6f939b3.wp-block-uagb-image--layout-overlay .wp-block-uagb-image--layout-overlay__color-wrapper{opacity: 0.2;}.uagb-block-e6f939b3.wp-block-uagb-image--layout-overlay .wp-block-uagb-image--layout-overlay__inner{left: 15px;right: 15px;top: 15px;bottom: 15px;}.uagb-block-e6f939b3.wp-block-uagb-image--layout-overlay .wp-block-uagb-image--layout-overlay__inner .uagb-image-heading{font-style: normal;color: #fff;opacity: 1;}.uagb-block-e6f939b3.wp-block-uagb-image--layout-overlay .wp-block-uagb-image--layout-overlay__inner .uagb-image-heading a{color: #fff;}.uagb-block-e6f939b3.wp-block-uagb-image--layout-overlay .wp-block-uagb-image--layout-overlay__inner .uagb-image-caption{opacity: 0;}.uagb-block-e6f939b3.wp-block-uagb-image--layout-overlay .wp-block-uagb-image__figure:hover .wp-block-uagb-image--layout-overlay__color-wrapper{opacity: 1;}.uagb-block-e6f939b3.wp-block-uagb-image .wp-block-uagb-image--layout-overlay__inner .uagb-image-separator{width: 30%;border-top-width: 2px;border-top-color: #fff;opacity: 0;}.uagb-block-e6f939b3.wp-block-uagb-image .wp-block-uagb-image__figure img{width: px;height: auto;}.uagb-block-e6f939b3.wp-block-uagb-image .wp-block-uagb-image__figure:hover .wp-block-uagb-image--layout-overlay__inner .uagb-image-caption{opacity: 1;}.uagb-block-e6f939b3.wp-block-uagb-image .wp-block-uagb-image__figure:hover .wp-block-uagb-image--layout-overlay__inner .uagb-image-separator{opacity: 1;}.uagb-block-e6f939b3.wp-block-uagb-image--layout-default figure:hover img{box-shadow: 0px 0px 0 #00000070;}.uagb-block-e6f939b3.wp-block-uagb-image--layout-overlay figure:hover img{box-shadow: 0px 0px 0 #00000070;}@media only screen and (max-width: 976px) {.uagb-block-e6f939b3.wp-block-uagb-image .wp-block-uagb-image__figure img{width: px;height: auto;}}@media only screen and (max-width: 767px) {.uagb-block-e6f939b3.wp-block-uagb-image .wp-block-uagb-image__figure img{width: px;height: auto;}}\";s:2:\"js\";s:0:\"\";s:18:\"current_block_list\";a:13:{i:0;s:11:\"core\/search\";i:1;s:10:\"core\/group\";i:2;s:12:\"core\/heading\";i:3;s:17:\"core\/latest-posts\";i:4;s:20:\"core\/latest-comments\";i:5;s:13:\"core\/archives\";i:6;s:15:\"core\/categories\";i:7;s:14:\"core\/paragraph\";i:8;s:10:\"uagb\/image\";i:9;s:11:\"core\/spacer\";i:10;s:30:\"woocommerce\/product-categories\";i:11;s:10:\"core\/image\";i:12;s:14:\"core\/shortcode\";}s:8:\"uag_flag\";b:1;s:11:\"uag_version\";s:10:\"1777235102\";s:6:\"gfonts\";a:0:{}s:10:\"gfonts_url\";s:0:\"\";s:12:\"gfonts_files\";a:0:{}s:14:\"uag_faq_layout\";b:0;}"]},"uagb_featured_image_src":{"full":["https:\/\/www.ferberpainting.com\/wp-content\/uploads\/2025\/05\/Tumble-Dryer-Cleaner-5L.png",2560,2560,false],"thumbnail":["https:\/\/www.ferberpainting.com\/wp-content\/uploads\/2025\/05\/Tumble-Dryer-Cleaner-5L-150x150.png",150,150,true],"medium":["https:\/\/www.ferberpainting.com\/wp-content\/uploads\/2025\/05\/Tumble-Dryer-Cleaner-5L-300x300.png",300,300,true],"medium_large":["https:\/\/www.ferberpainting.com\/wp-content\/uploads\/2025\/05\/Tumble-Dryer-Cleaner-5L-768x768.png",768,768,true],"large":["https:\/\/www.ferberpainting.com\/wp-content\/uploads\/2025\/05\/Tumble-Dryer-Cleaner-5L-1024x1024.png",1024,1024,true],"1536x1536":["https:\/\/www.ferberpainting.com\/wp-content\/uploads\/2025\/05\/Tumble-Dryer-Cleaner-5L-1536x1536.png",1536,1536,true],"2048x2048":["https:\/\/www.ferberpainting.com\/wp-content\/uploads\/2025\/05\/Tumble-Dryer-Cleaner-5L-2048x2048.png",2048,2048,true],"trp-custom-language-flag":["https:\/\/www.ferberpainting.com\/wp-content\/uploads\/2025\/05\/Tumble-Dryer-Cleaner-5L-12x12.png",12,12,true],"woocommerce_thumbnail":["https:\/\/www.ferberpainting.com\/wp-content\/uploads\/2025\/05\/Tumble-Dryer-Cleaner-5L-300x300.png",300,300,true],"woocommerce_single":["https:\/\/www.ferberpainting.com\/wp-content\/uploads\/2025\/05\/Tumble-Dryer-Cleaner-5L-600x600.png",600,600,true],"woocommerce_gallery_thumbnail":["https:\/\/www.ferberpainting.com\/wp-content\/uploads\/2025\/05\/Tumble-Dryer-Cleaner-5L-100x100.png",100,100,true]},"uagb_author_info":{"display_name":"admin","author_link":"https:\/\/www.ferberpainting.com\/cz\/author\/"},"uagb_comment_info":10,"uagb_excerpt":"Optimal Efficiency. This tumble dryer cleaner is specially designed to effectively eliminate detergent residues, limescale deposits, textile dust, as well as grease and dirt buildup that accumulates over time in the appliance. Thanks to its powerful formula, it deeply cleans the drum, filters, ventilation ducts, and internal components of the dryer. Its action helps ensure&hellip;","_links":{"self":[{"href":"https:\/\/www.ferberpainting.com\/cz\/wp-json\/wp\/v2\/product\/25605","targetHints":{"allow":["GET"]}}],"collection":[{"href":"https:\/\/www.ferberpainting.com\/cz\/wp-json\/wp\/v2\/product"}],"about":[{"href":"https:\/\/www.ferberpainting.com\/cz\/wp-json\/wp\/v2\/types\/product"}],"replies":[{"embeddable":true,"href":"https:\/\/www.ferberpainting.com\/cz\/wp-json\/wp\/v2\/comments?post=25605"}],"version-history":[{"count":4,"href":"https:\/\/www.ferberpainting.com\/cz\/wp-json\/wp\/v2\/product\/25605\/revisions"}],"predecessor-version":[{"id":167499,"href":"https:\/\/www.ferberpainting.com\/cz\/wp-json\/wp\/v2\/product\/25605\/revisions\/167499"}],"wp:featuredmedia":[{"embeddable":true,"href":"https:\/\/www.ferberpainting.com\/cz\/wp-json\/wp\/v2\/media\/35828"}],"wp:attachment":[{"href":"https:\/\/www.ferberpainting.com\/cz\/wp-json\/wp\/v2\/media?parent=25605"}],"wp:term":[{"taxonomy":"product_brand","embeddable":true,"href":"https:\/\/www.ferberpainting.com\/cz\/wp-json\/wp\/v2\/product_brand?post=25605"},{"taxonomy":"product_cat","embeddable":true,"href":"https:\/\/www.ferberpainting.com\/cz\/wp-json\/wp\/v2\/product_cat?post=25605"},{"taxonomy":"product_tag","embeddable":true,"href":"https:\/\/www.ferberpainting.com\/cz\/wp-json\/wp\/v2\/product_tag?post=25605"}],"curies":[{"name":"wp","href":"https:\/\/api.w.org\/{rel}","templated":true}]}}