{"id":25601,"date":"2025-05-26T10:32:42","date_gmt":"2025-05-26T08:32:42","guid":{"rendered":"https:\/\/www.ferberpainting.com\/products\/tropical-plant-fertilizer\/"},"modified":"2026-02-16T13:47:24","modified_gmt":"2026-02-16T12:47:24","slug":"tropical-plant-fertilizer","status":"publish","type":"product","link":"https:\/\/www.ferberpainting.com\/cz\/products\/tropical-plant-fertilizer\/","title":{"rendered":"Hnojivo pro tropick\u00e9 rostliny"},"content":{"rendered":"<p><strong><img decoding=\"async\" style=\"margin-right: 12px;\" src=\"https:\/\/www.ferberpainting.com\/wp-content\/uploads\/2026\/02\/Check.svg\" alt=\"\" width=\"18\" height=\"15\" \/>Hnojivo speci\u00e1ln\u011b ur\u010den\u00e9 pro tropick\u00e9 rostliny.<\/strong>\u00a0Tropick\u00e9 rostliny maj\u00ed specifick\u00e9 nutri\u010dn\u00ed pot\u0159eby, vy\u017eaduj\u00ed vyv\u00e1\u017een\u00fd p\u0159\u00edsun dus\u00edku, fosforu a drasl\u00edku, aby zajistily siln\u00fd r\u016fst, sv\u011b\u017e\u00ed olist\u011bn\u00ed a bohat\u00e9 kveten\u00ed. Na\u0161e hnojivo NPK 15-15-15 je sestaveno tak, aby tyto pot\u0159eby spl\u0148ovalo, a poskytuje v\u0161echny z\u00e1kladn\u00ed prvky, kter\u00e9 podporuj\u00ed rozvoj pokojov\u00fdch i venkovn\u00edch tropick\u00fdch rostlin, jako jsou monstery, ban\u00e1novn\u00edky, palmy, f\u00edkusy, ibi\u0161ky a rajsk\u00e9 pt\u00e1ky.<\/p>\n<p><strong><img decoding=\"async\" style=\"margin-right: 12px;\" src=\"https:\/\/www.ferberpainting.com\/wp-content\/uploads\/2026\/02\/Check.svg\" alt=\"\" width=\"18\" height=\"15\" \/>Z\u00e1ruka vr\u00e1cen\u00ed pen\u011bz.<\/strong>\u00a0Vytvo\u0159ili jsme vysoce kvalitn\u00ed hnojivo, kter\u00e9 je testov\u00e1no a schv\u00e1leno pro dosa\u017een\u00ed viditeln\u00fdch v\u00fdsledk\u016f. Pokud i p\u0159es spr\u00e1vnou aplikaci nedojde u va\u0161\u00ed rostliny ke zlep\u0161en\u00ed, nab\u00edz\u00edme v\u00e1m vr\u00e1cen\u00ed pln\u00e9 \u010d\u00e1stky.<\/p>\n<p><strong><img decoding=\"async\" style=\"margin-right: 12px;\" src=\"https:\/\/www.ferberpainting.com\/wp-content\/uploads\/2026\/02\/Check.svg\" alt=\"\" width=\"18\" height=\"15\" \/>Kompatibiln\u00ed se v\u0161emi tropick\u00fdmi rostlinami.<\/strong>\u00a0Toto hnojivo je vhodn\u00e9 pro v\u0161echny rychle rostouc\u00ed rostliny s bujn\u00fdmi listy, a\u0165 u\u017e jsou p\u011bstov\u00e1ny v kv\u011btin\u00e1\u010d\u00edch, v zemi, v interi\u00e9ru nebo venku. Je vhodn\u00e9 pro tropick\u00e9 a subtropick\u00e9 rostliny a lze jej pou\u017e\u00edt tak\u00e9 pro orchideje, filodendrony, anturie a mnoho dal\u0161\u00edch exotick\u00fdch druh\u016f.<\/p>\n<p><strong><img decoding=\"async\" style=\"margin-right: 12px;\" src=\"https:\/\/www.ferberpainting.com\/wp-content\/uploads\/2026\/02\/Check.svg\" alt=\"\" width=\"18\" height=\"15\" \/>Vynikaj\u00edc\u00ed ekonomick\u00e9 v\u00fdsledky.<\/strong>\u00a0D\u00edky vysok\u00e9 koncentraci umo\u017e\u0148uje na\u0161e hnojivo \u0159ed\u011bn\u00ed v mno\u017estv\u00ed 5 ml na litr vody, co\u017e z n\u011bj \u010din\u00ed mimo\u0159\u00e1dn\u011b cenov\u011b v\u00fdhodn\u00fd produkt. V p\u011btilitrov\u00e9m balen\u00ed lze p\u0159ipravit a\u017e 1000 litr\u016f \u017eivn\u00e9ho roztoku, co\u017e zaji\u0161\u0165uje bezkonkuren\u010dn\u00ed pom\u011br kvalita\/cena a sni\u017euje \u010detnost n\u00e1kupu.<\/p>\n<p><strong><img decoding=\"async\" style=\"margin-right: 12px;\" src=\"https:\/\/www.ferberpainting.com\/wp-content\/uploads\/2026\/02\/Check.svg\" alt=\"\" width=\"18\" height=\"15\" \/>Bezpe\u010dn\u00e9 pro rostliny a \u017eivotn\u00ed prost\u0159ed\u00ed.<\/strong>\u00a0Na rozd\u00edl od agresivn\u00edch chemick\u00fdch hnojiv na\u0161e vyv\u00e1\u017een\u00e9 a \u0161etrn\u00e9 slo\u017een\u00ed respektuje p\u016fdn\u00ed ekosyst\u00e9m a podporuje postupnou a p\u0159irozenou asimilaci \u017eivin. Nepo\u0161kozuje ko\u0159eny ani listy a zaji\u0161\u0165uje zdrav\u00fd a udr\u017eiteln\u00fd r\u016fst.<\/p>\n<p><strong><img decoding=\"async\" style=\"margin-right: 12px;\" src=\"https:\/\/www.ferberpainting.com\/wp-content\/uploads\/2026\/02\/Check.svg\" alt=\"\" width=\"18\" height=\"15\" \/>Snadn\u00e9 pou\u017eit\u00ed a rychl\u00e1 aplikace.<\/strong>\u00a0Toto kapaln\u00e9 hnojivo se snadno d\u00e1vkuje a aplikuje. Sta\u010d\u00ed jej sm\u00edchat s vodou a pou\u017e\u00edt p\u0159i zal\u00e9v\u00e1n\u00ed. Nevy\u017eaduje \u017e\u00e1dnou slo\u017eitou p\u0159\u00edpravu, co\u017e zabra\u0148uje chyb\u00e1m p\u0159i d\u00e1vkov\u00e1n\u00ed a zaji\u0161\u0165uje \u00fa\u010dinnou a rovnom\u011brnou absorpci ko\u0159eny.<\/p>\n<p><strong><img decoding=\"async\" style=\"margin-right: 12px;\" src=\"https:\/\/www.ferberpainting.com\/wp-content\/uploads\/2026\/02\/Check.svg\" alt=\"\" width=\"18\" height=\"15\" \/>Dlouhodob\u00fd \u00fa\u010dinek na v\u00fdvoj rostlin.<\/strong>\u00a0Postupn\u00fdm obohacov\u00e1n\u00edm substr\u00e1tu podporuje toto hnojivo trval\u00fd r\u016fst a posiluje p\u0159irozenou obranyschopnost rostlin proti chorob\u00e1m, vodn\u00edmu stresu a nedostatku \u017eivin. Jeho dlouhodob\u00e9 p\u016fsoben\u00ed pom\u00e1h\u00e1 z\u00edskat tropick\u00e9 rostliny, kter\u00e9 jsou robustn\u011bj\u0161\u00ed a \u017eiv\u011bj\u0161\u00ed po cel\u00fd rok.<\/p>\n<p><strong><img decoding=\"async\" style=\"margin-right: 12px;\" src=\"https:\/\/www.ferberpainting.com\/wp-content\/uploads\/2026\/02\/Check.svg\" alt=\"\" width=\"18\" height=\"15\" \/>Rychle viditeln\u00e9 v\u00fdsledky.<\/strong>\u00a0Ji\u017e v prvn\u00edch t\u00fddnech po aplikaci zaznamen\u00e1te lep\u0161\u00ed r\u016fst, zelen\u011bj\u0161\u00ed a hust\u0161\u00ed listy a u kvetouc\u00edch druh\u016f tak\u00e9 n\u00e1r\u016fst nov\u00fdch v\u00fdhonk\u016f a kv\u011bt\u016f. Toto hnojivo tak\u00e9 pom\u00e1h\u00e1 zlep\u0161it odolnost v\u016f\u010di m\u011bn\u00edc\u00edm se klimatick\u00fdm podm\u00ednk\u00e1m, jako jsou obdob\u00ed sucha nebo vysok\u00e9 vlhkosti.<\/p>\n<h2>Protokol o pou\u017eit\u00ed<\/h2>\n<p><strong>Doporu\u010den\u00e9 \u0159ed\u011bn\u00ed<\/strong> :<\/p>\n<ul>\n<li><strong>Pro pravidelnou \u00fadr\u017ebu <\/strong>: Z\u0159e\u010fte 5 ml hnojiva na litr vody a substr\u00e1t p\u0159\u00edmo zalijte.<\/li>\n<li><strong>Pro rostlinu v aktivn\u00ed r\u016fstov\u00e9 f\u00e1zi<\/strong> (jaro\/l\u00e9to) : Pro podporu zrychlen\u00e9ho r\u016fstu m\u00edrn\u011b zvy\u0161te koncentraci na 7 ml na litr vody.<\/li>\n<li><strong>Pro rostlinu v klidov\u00e9m stavu<\/strong> (podzim\/zima) : Sni\u017ete frekvenci a pou\u017eijte ni\u017e\u0161\u00ed koncentraci (2 ml na litr vody).<\/li>\n<\/ul>\n<p><strong>Frekvence pou\u017eit\u00ed <\/strong>:<\/p>\n<ul>\n<li><strong>Aktivn\u011b rostouc\u00ed rostliny <\/strong>: Aplikujte ka\u017ed\u00e9 dva t\u00fddny.<\/li>\n<li><strong>Sp\u00edc\u00ed rostliny <\/strong>: Sta\u010d\u00ed m\u011bs\u00ed\u010dn\u00ed \u017e\u00e1dost.<\/li>\n<\/ul>\n<p><strong>Zp\u016fsob pou\u017eit\u00ed <\/strong>:<\/p>\n<ul>\n<li><strong>Zavla\u017eov\u00e1n\u00ed u z\u00e1kladny <\/strong>: Nalijte roztok p\u0159\u00edmo na substr\u00e1t, aby nedo\u0161lo k nadm\u011brn\u00e9mu navlh\u010den\u00ed list\u016f.<\/li>\n<li><strong>Post\u0159ik na listy (voliteln\u011b) <\/strong>: N\u011bkter\u00fdm rostlin\u00e1m, jako jsou anturie a filodendrony, m\u016f\u017ee prosp\u011bt lehk\u00e9 zaml\u017een\u00ed list\u016f.<\/li>\n<li><strong>Venkovn\u00ed aplikace na p\u016fdu <\/strong>: Z\u0159ed\u011bn\u00e9 hnojivo pou\u017eijte kolem z\u00e1kladny rostliny a dbejte na to, aby se p\u0159\u00edpravek neshroma\u017e\u010foval na povrchu p\u016fdy.<\/li>\n<li><strong>Aplikace rostlin v kv\u011btin\u00e1\u010d\u00edch <\/strong>: Pro optim\u00e1ln\u00ed absorpci zal\u00e9vejte pomalu, dokud voda neza\u010dne odt\u00e9kat otvory.<\/li>\n<\/ul>\n<p><strong>Bezpe\u010dnostn\u00ed opat\u0159en\u00ed pro pou\u017eit\u00ed <\/strong>:<\/p>\n<ul>\n<li><strong>Nep\u0159ed\u00e1vkujte se <\/strong>: Nadm\u011brn\u00e9 hnojen\u00ed m\u016f\u017ee sp\u00e1lit ko\u0159eny a zp\u016fsobit \u017eloutnut\u00ed list\u016f.<\/li>\n<li><strong>Nepou\u017e\u00edvejte na nemocnou rostlinu <\/strong>: P\u0159ed hnojen\u00edm po\u010dkejte, a\u017e znovu nabude s\u00edly.<\/li>\n<li><strong>Vyhn\u011bte se aplikaci na pln\u00e9m slunci <\/strong>: Aplikujte nejl\u00e9pe brzy r\u00e1no nebo pozd\u011b ve\u010der, abyste zabr\u00e1nili rychl\u00e9mu odpa\u0159ov\u00e1n\u00ed \u017eivin.<\/li>\n<\/ul>\n<p><strong>Skladov\u00e1n\u00ed a konzervace <\/strong>:<\/p>\n<ul>\n<li>V\u00fdrobek skladujte mimo dosah tepla a vlhkosti.<\/li>\n<li>Po ka\u017ed\u00e9m pou\u017eit\u00ed n\u00e1dobu znovu pevn\u011b uzav\u0159ete, aby se zachovaly jej\u00ed v\u00fd\u017eivov\u00e9 vlastnosti.<\/li>\n<\/ul>\n<p>S na\u0161\u00edm hnojivem pro tropick\u00e9 rostliny poskytnete sv\u00fdm rostlin\u00e1m ty nejlep\u0161\u00ed podm\u00ednky pro optim\u00e1ln\u00ed v\u00fdvoj. A\u0165 u\u017e jste nad\u0161enci do exotick\u00fdch rostlin nebo zku\u0161en\u00ed zahradn\u00edci, toto hnojivo je ide\u00e1ln\u00edm spojencem pro sv\u011b\u017e\u00ed, zdrav\u00e9 a \u017eiv\u00e9 rostliny.<\/p>","protected":false},"excerpt":{"rendered":"<p>A fertilizer specially designed for tropical plants.\u00a0Tropical plants have specific nutritional needs, requiring a balanced supply of nitrogen, phosphorus, and potassium to ensure vigorous growth, lush foliage, and abundant flowering. Our NPK 15-15-15 fertilizer is formulated to meet these needs, providing all the essential elements that promote the development of both indoor and outdoor tropical [&hellip;]<\/p>\n","protected":false},"featured_media":27434,"comment_status":"open","ping_status":"closed","template":"","meta":{"_uag_custom_page_level_css":"","site-sidebar-layout":"default","site-content-layout":"","ast-site-content-layout":"default","site-content-style":"default","site-sidebar-style":"default","ast-global-header-display":"","ast-banner-title-visibility":"","ast-main-header-display":"","ast-hfb-above-header-display":"","ast-hfb-below-header-display":"","ast-hfb-mobile-header-display":"","site-post-title":"","ast-breadcrumbs-content":"","ast-featured-img":"","footer-sml-layout":"","ast-disable-related-posts":"","theme-transparent-header-meta":"default","adv-header-id-meta":"","stick-header-meta":"","header-above-stick-meta":"","header-main-stick-meta":"","header-below-stick-meta":"","astra-migrate-meta-layouts":"set","ast-page-background-enabled":"default","ast-page-background-meta":{"desktop":{"background-color":"var(--ast-global-color-4)","background-image":"","background-repeat":"repeat","background-position":"center center","background-size":"auto","background-attachment":"scroll","background-type":"","background-media":"","overlay-type":"","overlay-color":"","overlay-opacity":"","overlay-gradient":""},"tablet":{"background-color":"","background-image":"","background-repeat":"repeat","background-position":"center center","background-size":"auto","background-attachment":"scroll","background-type":"","background-media":"","overlay-type":"","overlay-color":"","overlay-opacity":"","overlay-gradient":""},"mobile":{"background-color":"","background-image":"","background-repeat":"repeat","background-position":"center center","background-size":"auto","background-attachment":"scroll","background-type":"","background-media":"","overlay-type":"","overlay-color":"","overlay-opacity":"","overlay-gradient":""}},"ast-content-background-meta":{"desktop":{"background-color":"var(--ast-global-color-5)","background-image":"","background-repeat":"repeat","background-position":"center center","background-size":"auto","background-attachment":"scroll","background-type":"","background-media":"","overlay-type":"","overlay-color":"","overlay-opacity":"","overlay-gradient":""},"tablet":{"background-color":"var(--ast-global-color-5)","background-image":"","background-repeat":"repeat","background-position":"center center","background-size":"auto","background-attachment":"scroll","background-type":"","background-media":"","overlay-type":"","overlay-color":"","overlay-opacity":"","overlay-gradient":""},"mobile":{"background-color":"var(--ast-global-color-5)","background-image":"","background-repeat":"repeat","background-position":"center center","background-size":"auto","background-attachment":"scroll","background-type":"","background-media":"","overlay-type":"","overlay-color":"","overlay-opacity":"","overlay-gradient":""}}},"product_brand":[],"product_cat":[178],"product_tag":[],"class_list":{"0":"post-25601","1":"product","2":"type-product","3":"status-publish","4":"has-post-thumbnail","6":"product_cat-fertilizers","7":"desktop-align-left","8":"tablet-align-left","9":"mobile-align-left","11":"first","12":"instock","13":"sale","14":"taxable","15":"shipping-taxable","16":"purchasable","17":"product-type-variable"},"spectra_custom_meta":{"_visibility":["visible"],"_shopify_product_id":["9071356084469"],"_s2w_shopify_domain":["ferberpainting.myshopify.com"],"_shopify_variant_id":["46516143522037"],"_sku":[""],"_manage_stock":["no"],"total_sales":["32"],"_tax_status":["taxable"],"_tax_class":[""],"_backorders":["no"],"_sold_individually":["no"],"_virtual":["no"],"_downloadable":["no"],"_download_limit":["-1"],"_download_expiry":["-1"],"_stock":[null],"_stock_status":["instock"],"_wc_average_rating":["4.63"],"_wc_review_count":["8"],"_product_attributes":["a:1:{s:6:\"volume\";a:6:{s:4:\"name\";s:6:\"Volume\";s:5:\"value\";s:20:\"5 liters | 25 liters\";s:8:\"position\";i:1;s:10:\"is_visible\";i:0;s:12:\"is_variation\";i:1;s:11:\"is_taxonomy\";i:0;}}"],"_product_version":["10.5.1"],"_thumbnail_id":["27434"],"_product_image_gallery":["27435"],"wpse_downloadable_file_names":[""],"wpse_downloadable_file_urls":[""],"_edit_last":["1"],"_edit_lock":["1771245906:1"],"merchant-center-availability":["yes"],"merchant-center-category":["113"],"_wp_page_template":["default"],"site-sidebar-layout":["default"],"ast-site-content-layout":["default"],"site-content-style":["default"],"site-sidebar-style":["default"],"theme-transparent-header-meta":["default"],"_wc_rating_count":["a:2:{i:4;i:3;i:5;i:5;}"],"_price":["29.90","129.90"],"merchant-center-id":["FPTROPICALPLANTFERTILIZER25"],"astra-migrate-meta-layouts":["set"],"_uag_css_file_name":["uag-css-25601.css"],"_elementor_page_assets":["a:0:{}"],"_uag_page_assets":["a:9:{s:3:\"css\";s:6873:\".wp-block-uagb-image{display:flex}.wp-block-uagb-image__figure{position:relative;display:flex;flex-direction:column;max-width:100%;height:auto;margin:0}.wp-block-uagb-image__figure img{height:auto;display:flex;max-width:100%;transition:box-shadow .2s ease}.wp-block-uagb-image__figure>a{display:inline-block}.wp-block-uagb-image__figure figcaption{text-align:center;margin-top:.5em;margin-bottom:1em}.wp-block-uagb-image .components-placeholder.block-editor-media-placeholder .components-placeholder__instructions{align-self:center}.wp-block-uagb-image--align-left{text-align:left}.wp-block-uagb-image--align-right{text-align:right}.wp-block-uagb-image--align-center{text-align:center}.wp-block-uagb-image--align-full .wp-block-uagb-image__figure{margin-left:calc(50% - 50vw);margin-right:calc(50% - 50vw);max-width:100vw;width:100vw;height:auto}.wp-block-uagb-image--align-full .wp-block-uagb-image__figure img{height:auto;width:100% !important}.wp-block-uagb-image--align-wide .wp-block-uagb-image__figure img{height:auto;width:100%}.wp-block-uagb-image--layout-overlay__color-wrapper{position:absolute;left:0;top:0;right:0;bottom:0;opacity:.2;background:rgba(0,0,0,.5);transition:opacity .35s ease-in-out}.wp-block-uagb-image--layout-overlay-link{position:absolute;left:0;right:0;bottom:0;top:0}.wp-block-uagb-image--layout-overlay .wp-block-uagb-image__figure:hover .wp-block-uagb-image--layout-overlay__color-wrapper{opacity:1}.wp-block-uagb-image--layout-overlay__inner{position:absolute;left:15px;right:15px;bottom:15px;top:15px;display:flex;align-items:center;justify-content:center;flex-direction:column;border-color:#fff;transition:.35s ease-in-out}.wp-block-uagb-image--layout-overlay__inner.top-left,.wp-block-uagb-image--layout-overlay__inner.top-center,.wp-block-uagb-image--layout-overlay__inner.top-right{justify-content:flex-start}.wp-block-uagb-image--layout-overlay__inner.bottom-left,.wp-block-uagb-image--layout-overlay__inner.bottom-center,.wp-block-uagb-image--layout-overlay__inner.bottom-right{justify-content:flex-end}.wp-block-uagb-image--layout-overlay__inner.top-left,.wp-block-uagb-image--layout-overlay__inner.center-left,.wp-block-uagb-image--layout-overlay__inner.bottom-left{align-items:flex-start}.wp-block-uagb-image--layout-overlay__inner.top-right,.wp-block-uagb-image--layout-overlay__inner.center-right,.wp-block-uagb-image--layout-overlay__inner.bottom-right{align-items:flex-end}.wp-block-uagb-image--layout-overlay__inner .uagb-image-heading{color:#fff;transition:transform .35s,opacity .35s ease-in-out;transform:translate3d(0, 24px, 0);margin:0;line-height:1em}.wp-block-uagb-image--layout-overlay__inner .uagb-image-separator{width:30%;border-top-width:2px;border-top-color:#fff;border-top-style:solid;margin-bottom:10px;opacity:0;transition:transform .4s,opacity .4s ease-in-out;transform:translate3d(0, 30px, 0)}.wp-block-uagb-image--layout-overlay__inner .uagb-image-caption{opacity:0;overflow:visible;color:#fff;transition:transform .45s,opacity .45s ease-in-out;transform:translate3d(0, 35px, 0)}.wp-block-uagb-image--layout-overlay__inner:hover .uagb-image-heading,.wp-block-uagb-image--layout-overlay__inner:hover .uagb-image-separator,.wp-block-uagb-image--layout-overlay__inner:hover .uagb-image-caption{opacity:1;transform:translate3d(0, 0, 0)}.wp-block-uagb-image--effect-zoomin .wp-block-uagb-image__figure img,.wp-block-uagb-image--effect-zoomin .wp-block-uagb-image__figure .wp-block-uagb-image--layout-overlay__color-wrapper{transform:scale(1);transition:transform .35s ease-in-out}.wp-block-uagb-image--effect-zoomin .wp-block-uagb-image__figure:hover img,.wp-block-uagb-image--effect-zoomin .wp-block-uagb-image__figure:hover .wp-block-uagb-image--layout-overlay__color-wrapper{transform:scale(1.05)}.wp-block-uagb-image--effect-slide .wp-block-uagb-image__figure img,.wp-block-uagb-image--effect-slide .wp-block-uagb-image__figure .wp-block-uagb-image--layout-overlay__color-wrapper{width:calc(100% + 40px) !important;max-width:none !important;transform:translate3d(-40px, 0, 0);transition:transform .35s ease-in-out}.wp-block-uagb-image--effect-slide .wp-block-uagb-image__figure:hover img,.wp-block-uagb-image--effect-slide .wp-block-uagb-image__figure:hover .wp-block-uagb-image--layout-overlay__color-wrapper{transform:translate3d(0, 0, 0)}.wp-block-uagb-image--effect-grayscale img{filter:grayscale(0%);transition:.35s ease-in-out}.wp-block-uagb-image--effect-grayscale:hover img{filter:grayscale(100%)}.wp-block-uagb-image--effect-blur img{filter:blur(0);transition:.35s ease-in-out}.wp-block-uagb-image--effect-blur:hover img{filter:blur(3px)}.uagb-block-e6f939b3.wp-block-uagb-image--layout-default figure img{box-shadow: 0px 0px 0 #00000070;}.uagb-block-e6f939b3.wp-block-uagb-image .wp-block-uagb-image__figure figcaption{font-style: normal;align-self: center;}.uagb-block-e6f939b3.wp-block-uagb-image--layout-overlay figure img{box-shadow: 0px 0px 0 #00000070;}.uagb-block-e6f939b3.wp-block-uagb-image--layout-overlay .wp-block-uagb-image--layout-overlay__color-wrapper{opacity: 0.2;}.uagb-block-e6f939b3.wp-block-uagb-image--layout-overlay .wp-block-uagb-image--layout-overlay__inner{left: 15px;right: 15px;top: 15px;bottom: 15px;}.uagb-block-e6f939b3.wp-block-uagb-image--layout-overlay .wp-block-uagb-image--layout-overlay__inner .uagb-image-heading{font-style: normal;color: #fff;opacity: 1;}.uagb-block-e6f939b3.wp-block-uagb-image--layout-overlay .wp-block-uagb-image--layout-overlay__inner .uagb-image-heading a{color: #fff;}.uagb-block-e6f939b3.wp-block-uagb-image--layout-overlay .wp-block-uagb-image--layout-overlay__inner .uagb-image-caption{opacity: 0;}.uagb-block-e6f939b3.wp-block-uagb-image--layout-overlay .wp-block-uagb-image__figure:hover .wp-block-uagb-image--layout-overlay__color-wrapper{opacity: 1;}.uagb-block-e6f939b3.wp-block-uagb-image .wp-block-uagb-image--layout-overlay__inner .uagb-image-separator{width: 30%;border-top-width: 2px;border-top-color: #fff;opacity: 0;}.uagb-block-e6f939b3.wp-block-uagb-image .wp-block-uagb-image__figure img{width: px;height: auto;}.uagb-block-e6f939b3.wp-block-uagb-image .wp-block-uagb-image__figure:hover .wp-block-uagb-image--layout-overlay__inner .uagb-image-caption{opacity: 1;}.uagb-block-e6f939b3.wp-block-uagb-image .wp-block-uagb-image__figure:hover .wp-block-uagb-image--layout-overlay__inner .uagb-image-separator{opacity: 1;}.uagb-block-e6f939b3.wp-block-uagb-image--layout-default figure:hover img{box-shadow: 0px 0px 0 #00000070;}.uagb-block-e6f939b3.wp-block-uagb-image--layout-overlay figure:hover img{box-shadow: 0px 0px 0 #00000070;}@media only screen and (max-width: 976px) {.uagb-block-e6f939b3.wp-block-uagb-image .wp-block-uagb-image__figure img{width: px;height: auto;}}@media only screen and (max-width: 767px) {.uagb-block-e6f939b3.wp-block-uagb-image .wp-block-uagb-image__figure img{width: px;height: auto;}}\";s:2:\"js\";s:0:\"\";s:18:\"current_block_list\";a:13:{i:0;s:11:\"core\/search\";i:1;s:10:\"core\/group\";i:2;s:12:\"core\/heading\";i:3;s:17:\"core\/latest-posts\";i:4;s:20:\"core\/latest-comments\";i:5;s:13:\"core\/archives\";i:6;s:15:\"core\/categories\";i:7;s:14:\"core\/paragraph\";i:8;s:10:\"uagb\/image\";i:9;s:11:\"core\/spacer\";i:10;s:30:\"woocommerce\/product-categories\";i:11;s:10:\"core\/image\";i:12;s:14:\"core\/shortcode\";}s:8:\"uag_flag\";b:1;s:11:\"uag_version\";s:10:\"1777212380\";s:6:\"gfonts\";a:0:{}s:10:\"gfonts_url\";s:0:\"\";s:12:\"gfonts_files\";a:0:{}s:14:\"uag_faq_layout\";b:0;}"]},"uagb_featured_image_src":{"full":["https:\/\/www.ferberpainting.com\/wp-content\/uploads\/2025\/05\/TropicalPlantFertilizer5L.png",2560,2560,false],"thumbnail":["https:\/\/www.ferberpainting.com\/wp-content\/uploads\/2025\/05\/TropicalPlantFertilizer5L-150x150.png",150,150,true],"medium":["https:\/\/www.ferberpainting.com\/wp-content\/uploads\/2025\/05\/TropicalPlantFertilizer5L-300x300.png",300,300,true],"medium_large":["https:\/\/www.ferberpainting.com\/wp-content\/uploads\/2025\/05\/TropicalPlantFertilizer5L-768x768.png",768,768,true],"large":["https:\/\/www.ferberpainting.com\/wp-content\/uploads\/2025\/05\/TropicalPlantFertilizer5L-1024x1024.png",1024,1024,true],"1536x1536":["https:\/\/www.ferberpainting.com\/wp-content\/uploads\/2025\/05\/TropicalPlantFertilizer5L-1536x1536.png",1536,1536,true],"2048x2048":["https:\/\/www.ferberpainting.com\/wp-content\/uploads\/2025\/05\/TropicalPlantFertilizer5L-2048x2048.png",2048,2048,true],"trp-custom-language-flag":["https:\/\/www.ferberpainting.com\/wp-content\/uploads\/2025\/05\/TropicalPlantFertilizer5L-12x12.png",12,12,true],"woocommerce_thumbnail":["https:\/\/www.ferberpainting.com\/wp-content\/uploads\/2025\/05\/TropicalPlantFertilizer5L-300x300.png",300,300,true],"woocommerce_single":["https:\/\/www.ferberpainting.com\/wp-content\/uploads\/2025\/05\/TropicalPlantFertilizer5L-600x600.png",600,600,true],"woocommerce_gallery_thumbnail":["https:\/\/www.ferberpainting.com\/wp-content\/uploads\/2025\/05\/TropicalPlantFertilizer5L-100x100.png",100,100,true]},"uagb_author_info":{"display_name":"admin","author_link":"https:\/\/www.ferberpainting.com\/cz\/author\/"},"uagb_comment_info":8,"uagb_excerpt":"A fertilizer specially designed for tropical plants.\u00a0Tropical plants have specific nutritional needs, requiring a balanced supply of nitrogen, phosphorus, and potassium to ensure vigorous growth, lush foliage, and abundant flowering. Our NPK 15-15-15 fertilizer is formulated to meet these needs, providing all the essential elements that promote the development of both indoor and outdoor tropical&hellip;","_links":{"self":[{"href":"https:\/\/www.ferberpainting.com\/cz\/wp-json\/wp\/v2\/product\/25601","targetHints":{"allow":["GET"]}}],"collection":[{"href":"https:\/\/www.ferberpainting.com\/cz\/wp-json\/wp\/v2\/product"}],"about":[{"href":"https:\/\/www.ferberpainting.com\/cz\/wp-json\/wp\/v2\/types\/product"}],"replies":[{"embeddable":true,"href":"https:\/\/www.ferberpainting.com\/cz\/wp-json\/wp\/v2\/comments?post=25601"}],"version-history":[{"count":5,"href":"https:\/\/www.ferberpainting.com\/cz\/wp-json\/wp\/v2\/product\/25601\/revisions"}],"predecessor-version":[{"id":167493,"href":"https:\/\/www.ferberpainting.com\/cz\/wp-json\/wp\/v2\/product\/25601\/revisions\/167493"}],"wp:featuredmedia":[{"embeddable":true,"href":"https:\/\/www.ferberpainting.com\/cz\/wp-json\/wp\/v2\/media\/27434"}],"wp:attachment":[{"href":"https:\/\/www.ferberpainting.com\/cz\/wp-json\/wp\/v2\/media?parent=25601"}],"wp:term":[{"taxonomy":"product_brand","embeddable":true,"href":"https:\/\/www.ferberpainting.com\/cz\/wp-json\/wp\/v2\/product_brand?post=25601"},{"taxonomy":"product_cat","embeddable":true,"href":"https:\/\/www.ferberpainting.com\/cz\/wp-json\/wp\/v2\/product_cat?post=25601"},{"taxonomy":"product_tag","embeddable":true,"href":"https:\/\/www.ferberpainting.com\/cz\/wp-json\/wp\/v2\/product_tag?post=25601"}],"curies":[{"name":"wp","href":"https:\/\/api.w.org\/{rel}","templated":true}]}}