{"id":25596,"date":"2025-06-30T19:41:23","date_gmt":"2025-06-30T17:41:23","guid":{"rendered":"https:\/\/www.ferberpainting.com\/?post_type=product&#038;p=25593"},"modified":"2026-02-16T13:22:02","modified_gmt":"2026-02-16T12:22:02","slug":"travertine-water-repellent","status":"publish","type":"product","link":"https:\/\/www.ferberpainting.com\/cz\/products\/travertine-water-repellent\/","title":{"rendered":"Vodoodpudiv\u00fd prost\u0159edek na travertin"},"content":{"rendered":"<p><strong><img decoding=\"async\" style=\"margin-right: 12px;\" src=\"https:\/\/www.ferberpainting.com\/wp-content\/uploads\/2026\/02\/Check.svg\" alt=\"\" width=\"18\" height=\"15\" \/>Dlouhodob\u00e1 ochrana.<\/strong>\u00a0Impregnace na travertin je ide\u00e1ln\u00edm \u0159e\u0161en\u00edm pro zachov\u00e1n\u00ed kr\u00e1sy travertinov\u00fdch povrch\u016f. Tento v\u00fdrobek je speci\u00e1ln\u011b vyvinut\u00fd tak, aby vytvo\u0159il neviditelnou bari\u00e9ru, kter\u00e1 \u00fa\u010dinn\u011b chr\u00e1n\u00ed p\u0159ed vlhkost\u00ed, skvrnami a ne\u010distotami. Zabra\u0148uje pronik\u00e1n\u00ed st\u0159\u00edkaj\u00edc\u00ed vody, mastnoty a dal\u0161\u00edch l\u00e1tek do kamene a z\u00e1rove\u0148 zachov\u00e1v\u00e1 jeho p\u0159irozen\u00fd vzhled a strukturu.<\/p>\n<p><strong><img decoding=\"async\" style=\"margin-right: 12px;\" src=\"https:\/\/www.ferberpainting.com\/wp-content\/uploads\/2026\/02\/Check.svg\" alt=\"\" width=\"18\" height=\"15\" \/>Z\u00e1ruka vr\u00e1cen\u00ed pen\u011bz.<\/strong> Jsme p\u0159esv\u011bd\u010deni o \u00fa\u010dinnosti na\u0161eho produktu a nab\u00edz\u00edme z\u00e1ruku spokojenosti nebo vr\u00e1cen\u00ed pen\u011bz. Pokud nejste s v\u00fdsledky spokojeni, m\u016f\u017eete po\u017e\u00e1dat o vr\u00e1cen\u00ed pen\u011bz v pln\u00e9 v\u00fd\u0161i. Va\u0161e spokojenost je pro n\u00e1s prioritou, proto v\u00e1m umo\u017en\u00edme vyzkou\u0161et n\u00e1\u0161 v\u00fdrobek s naprost\u00fdm klidem.<\/p>\n<p><strong><img decoding=\"async\" style=\"margin-right: 12px;\" src=\"https:\/\/www.ferberpainting.com\/wp-content\/uploads\/2026\/02\/Check.svg\" alt=\"\" width=\"18\" height=\"15\" \/>V\u0161estrannost.<\/strong>\u00a0Impregnace travertinu nen\u00ed omezena pouze na travertinov\u00e9 povrchy. Je vhodn\u00fd i pro mnoho dal\u0161\u00edch materi\u00e1l\u016f, jako je beton, cement, malta a dal\u0161\u00ed por\u00e9zn\u00ed kameny. A\u0165 u\u017e se jedn\u00e1 o venkovn\u00ed st\u011bny, podlahy nebo interi\u00e9rov\u00e9 architektonick\u00e9 prvky, tento v\u00fdrobek nab\u00edz\u00ed univerz\u00e1ln\u00ed ochranu.<\/p>\n<p><strong><img decoding=\"async\" style=\"margin-right: 12px;\" src=\"https:\/\/www.ferberpainting.com\/wp-content\/uploads\/2026\/02\/Check.svg\" alt=\"\" width=\"18\" height=\"15\" \/>\u00dasporn\u00e9.<\/strong>\u00a0Tento produkt je optimalizov\u00e1n tak, aby nab\u00edzel vynikaj\u00edc\u00ed pom\u011br ceny a v\u00fdkonu. Jeden litr impregna\u010dn\u00edho prost\u0159edku pokryje p\u0159ibli\u017en\u011b 5 a\u017e 8 m\u00b2 v z\u00e1vislosti na p\u00f3rovitosti kamene. S p\u011btilitrovou n\u00e1dobou tak m\u016f\u017eete o\u0161et\u0159it a\u017e 40 m\u00b2. Jedn\u00e1 se o ekonomick\u00e9 \u0159e\u0161en\u00ed ochrany povrch\u016f p\u0159i minimalizaci n\u00e1klad\u016f na metr \u010dtvere\u010dn\u00ed.<\/p>\n<p><strong><img decoding=\"async\" style=\"margin-right: 12px;\" src=\"https:\/\/www.ferberpainting.com\/wp-content\/uploads\/2026\/02\/Check.svg\" alt=\"\" width=\"18\" height=\"15\" \/>Netoxick\u00e9.<\/strong>\u00a0Tento v\u00fdrobek je navr\u017een tak, aby byl bezpe\u010dn\u00fd p\u0159i pou\u017e\u00edv\u00e1n\u00ed a z\u00e1rove\u0148 spl\u0148oval p\u0159\u00edsn\u00e9 bezpe\u010dnostn\u00ed normy. P\u0159i pou\u017eit\u00ed podle n\u00e1vodu nep\u0159edstavuje \u017e\u00e1dn\u00e9 zdravotn\u00ed riziko. Na rozd\u00edl od jin\u00fdch ochrann\u00fdch prost\u0159edk\u016f neobsahuje \u017e\u00e1dn\u00e9 agresivn\u00ed chemick\u00e9 l\u00e1tky a lze jej bez obav aplikovat, pokud jsou dodr\u017eena z\u00e1kladn\u00ed bezpe\u010dnostn\u00ed opat\u0159en\u00ed (rukavice, v\u011btr\u00e1n\u00ed).<\/p>\n<p><strong><img decoding=\"async\" style=\"margin-right: 12px;\" src=\"https:\/\/www.ferberpainting.com\/wp-content\/uploads\/2026\/02\/Check.svg\" alt=\"\" width=\"18\" height=\"15\" \/>Snadn\u00e1 aplikace.<\/strong>\u00a0Pou\u017eit\u00ed travertinov\u00e9ho impregna\u010dn\u00edho p\u0159\u00edpravku je velmi snadn\u00e9. Je p\u0159ipraven k pou\u017eit\u00ed, nevy\u017eaduje \u017e\u00e1dn\u00e9 \u0159ed\u011bn\u00ed ani p\u0159edchoz\u00ed p\u0159\u00edpravu. M\u016f\u017eete jej nan\u00e1\u0161et p\u0159\u00edmo na povrch \u0161t\u011btcem, v\u00e1le\u010dkem nebo post\u0159ikova\u010dem, v z\u00e1vislosti na va\u0161ich preferenc\u00edch. Toto snadn\u00e9 pou\u017eit\u00ed \u0161et\u0159\u00ed \u010das a nevy\u017eaduje \u017e\u00e1dn\u00e9 speci\u00e1ln\u00ed dovednosti.<\/p>\n<p><strong><img decoding=\"async\" style=\"margin-right: 12px;\" src=\"https:\/\/www.ferberpainting.com\/wp-content\/uploads\/2026\/02\/Check.svg\" alt=\"\" width=\"18\" height=\"15\" \/>Odolnost.<\/strong>\u00a0Tato \u00faprava poskytuje dlouhodobou ochranu a zv\u00fd\u0161enou odolnost v\u016f\u010di venkovn\u00edm podm\u00ednk\u00e1m. Impregnace na travertin je navr\u017eena tak, aby vydr\u017eela dlouho, a to i v nep\u0159\u00edzniv\u00e9m po\u010das\u00ed, a udr\u017e\u00ed va\u0161e povrchy ve vynikaj\u00edc\u00edm stavu po mnoho let. Z\u00edsk\u00e1te tak spolehlivou a trvalou ochranu bez nutnosti \u010dast\u00e9ho opakov\u00e1n\u00ed aplikace.<\/p>\n<p><strong><img decoding=\"async\" style=\"margin-right: 12px;\" src=\"https:\/\/www.ferberpainting.com\/wp-content\/uploads\/2026\/02\/Check.svg\" alt=\"\" width=\"18\" height=\"15\" \/>Rychl\u00e1 akce.<\/strong>\u00a0Impregnace na travertin p\u016fsob\u00ed rychle a nevy\u017eaduje dlouh\u00e9 schnut\u00ed. B\u011bhem n\u011bkolika hodin jsou va\u0161e povrchy chr\u00e1n\u011bny a p\u0159ipraveny k b\u011b\u017en\u00e9mu pou\u017e\u00edv\u00e1n\u00ed. Jedn\u00e1 se o v\u00fdrobek, kter\u00fd v sob\u011b spojuje \u00fa\u010dinnost a rychlost, a pom\u00e1h\u00e1 v\u00e1m tak rychle t\u011b\u017eit z va\u0161ich ochrann\u00fdch prac\u00ed.<\/p>\n<h2><strong>Protokol o pou\u017eit\u00ed<\/strong><\/h2>\n<ul>\n<li><strong>P\u0159\u00edprava povrchu <\/strong>: P\u0159ed nanesen\u00edm impregna\u010dn\u00edho prost\u0159edku se ujist\u011bte, \u017ee je povrch \u010dist\u00fd, such\u00fd a zbaven\u00fd prachu, ne\u010distot nebo jin\u00fdch ne\u010distot. V p\u0159\u00edpad\u011b pot\u0159eby o\u010dist\u011bte povrch jemn\u00fdm \u010distic\u00edm prost\u0159edkem a nechte jej zcela vyschnout.<\/li>\n<li><strong>Aplikace <\/strong>: P\u0159\u00edpravek je p\u0159ipraven k pou\u017eit\u00ed a nevy\u017eaduje \u0159ed\u011bn\u00ed. Pomoc\u00ed \u0161t\u011btce, v\u00e1le\u010dku nebo post\u0159ikova\u010de naneste impregna\u010dn\u00ed prost\u0159edek rovnom\u011brn\u011b na povrch. Doporu\u010duje se pracovat po \u010d\u00e1stech a nan\u00e1\u0161et rovnom\u011brnou vrstvu na cel\u00fd povrch.<\/li>\n<li><strong>\u010c\u00e1stka, o kterou se \u017e\u00e1d\u00e1 <\/strong>: V z\u00e1vislosti na p\u00f3rovitosti travertinu se pro optim\u00e1ln\u00ed kryt\u00ed doporu\u010duje nan\u00e9st p\u0159ibli\u017en\u011b 150 a\u017e 200 ml p\u0159\u00edpravku na m\u00b2. Por\u00e9zn\u011bj\u0161\u00ed materi\u00e1ly mohou vy\u017eadovat o n\u011bco v\u00edce p\u0159\u00edpravku. Naneste prvn\u00ed vrstvu, nechte ji 15 a\u017e 30 minut zaschnout a v p\u0159\u00edpad\u011b pot\u0159eby naneste druhou vrstvu.<\/li>\n<li><strong>Doba su\u0161en\u00ed <\/strong>: Doba schnut\u00ed z\u00e1vis\u00ed na okoln\u00edch podm\u00ednk\u00e1ch, ale obecn\u011b plat\u00ed, \u017ee v\u00fdrobek na dotek uschne za 1 a\u017e 2 hodiny. Povrchy lze znovu pou\u017e\u00edt po 4 a\u017e 6 hodin\u00e1ch \u00fapln\u00e9ho zaschnut\u00ed, ale tato doba se m\u016f\u017ee li\u0161it v z\u00e1vislosti na vlhkosti a teplot\u011b.<\/li>\n<li><strong>\u010ci\u0161t\u011bn\u00ed n\u00e1stroj\u016f <\/strong>: Po pou\u017eit\u00ed vy\u010dist\u011bte n\u00e1\u0159ad\u00ed lakov\u00fdm benz\u00ednem nebo jin\u00fdm vhodn\u00fdm rozpou\u0161t\u011bdlem. Je d\u016fle\u017eit\u00e9 vy\u010distit n\u00e1\u0159ad\u00ed ihned po pou\u017eit\u00ed, aby na n\u011bm p\u0159\u00edpravek neztvrdl.<\/li>\n<li><strong>\u00dalo\u017ei\u0161t\u011b <\/strong>: V\u00fdrobek skladujte v p\u016fvodn\u00edm uzav\u0159en\u00e9m obalu na chladn\u00e9m a such\u00e9m m\u00edst\u011b. Doporu\u010duje se neskladovat v\u00fdrobek p\u0159i teplot\u00e1ch ni\u017e\u0161\u00edch ne\u017e 5 \u00b0C a vy\u0161\u0161\u00edch ne\u017e 35 \u00b0C.<\/li>\n<\/ul>","protected":false},"excerpt":{"rendered":"<p>Long-lasting protection.\u00a0The travertine waterproofer is the ideal solution to preserve the beauty of your travertine surfaces. This product is specifically formulated to create an invisible barrier that effectively protects against moisture, stains and dirt. It prevents water splashes, grease and other substances from penetrating the stone, while maintaining its natural appearance and texture. Money-back guarantee. [&hellip;]<\/p>\n","protected":false},"featured_media":35862,"comment_status":"open","ping_status":"closed","template":"","meta":{"_uag_custom_page_level_css":"","site-sidebar-layout":"default","site-content-layout":"","ast-site-content-layout":"default","site-content-style":"default","site-sidebar-style":"default","ast-global-header-display":"","ast-banner-title-visibility":"","ast-main-header-display":"","ast-hfb-above-header-display":"","ast-hfb-below-header-display":"","ast-hfb-mobile-header-display":"","site-post-title":"","ast-breadcrumbs-content":"","ast-featured-img":"","footer-sml-layout":"","ast-disable-related-posts":"","theme-transparent-header-meta":"default","adv-header-id-meta":"","stick-header-meta":"","header-above-stick-meta":"","header-main-stick-meta":"","header-below-stick-meta":"","astra-migrate-meta-layouts":"set","ast-page-background-enabled":"default","ast-page-background-meta":{"desktop":{"background-color":"var(--ast-global-color-4)","background-image":"","background-repeat":"repeat","background-position":"center center","background-size":"auto","background-attachment":"scroll","background-type":"","background-media":"","overlay-type":"","overlay-color":"","overlay-opacity":"","overlay-gradient":""},"tablet":{"background-color":"","background-image":"","background-repeat":"repeat","background-position":"center center","background-size":"auto","background-attachment":"scroll","background-type":"","background-media":"","overlay-type":"","overlay-color":"","overlay-opacity":"","overlay-gradient":""},"mobile":{"background-color":"","background-image":"","background-repeat":"repeat","background-position":"center center","background-size":"auto","background-attachment":"scroll","background-type":"","background-media":"","overlay-type":"","overlay-color":"","overlay-opacity":"","overlay-gradient":""}},"ast-content-background-meta":{"desktop":{"background-color":"var(--ast-global-color-5)","background-image":"","background-repeat":"repeat","background-position":"center center","background-size":"auto","background-attachment":"scroll","background-type":"","background-media":"","overlay-type":"","overlay-color":"","overlay-opacity":"","overlay-gradient":""},"tablet":{"background-color":"var(--ast-global-color-5)","background-image":"","background-repeat":"repeat","background-position":"center center","background-size":"auto","background-attachment":"scroll","background-type":"","background-media":"","overlay-type":"","overlay-color":"","overlay-opacity":"","overlay-gradient":""},"mobile":{"background-color":"var(--ast-global-color-5)","background-image":"","background-repeat":"repeat","background-position":"center center","background-size":"auto","background-attachment":"scroll","background-type":"","background-media":"","overlay-type":"","overlay-color":"","overlay-opacity":"","overlay-gradient":""}}},"product_brand":[],"product_cat":[191],"product_tag":[],"class_list":{"0":"post-25596","1":"product","2":"type-product","3":"status-publish","4":"has-post-thumbnail","6":"product_cat-water-repellent","7":"desktop-align-left","8":"tablet-align-left","9":"mobile-align-left","11":"first","12":"instock","13":"sale","14":"shipping-taxable","15":"purchasable","16":"product-type-variable","17":"has-default-attributes"},"spectra_custom_meta":{"_visibility":["visible"],"_shopify_product_id":["9106661376245"],"_s2w_shopify_domain":["ferberpainting.myshopify.com"],"_shopify_variant_id":["46626425503989"],"_sku":[""],"_manage_stock":["no"],"total_sales":["260"],"_tax_status":["taxable"],"_tax_class":[""],"_backorders":["no"],"_sold_individually":["no"],"_virtual":["no"],"_downloadable":["no"],"_download_limit":["-1"],"_download_expiry":["-1"],"_stock":[null],"_stock_status":["instock"],"_wc_average_rating":["5.00"],"_wc_review_count":["30"],"_product_attributes":["a:1:{s:6:\"volume\";a:6:{s:4:\"name\";s:6:\"Volume\";s:5:\"value\";s:20:\"5 liters | 25 liters\";s:8:\"position\";i:1;s:10:\"is_visible\";i:0;s:12:\"is_variation\";i:1;s:11:\"is_taxonomy\";i:0;}}"],"_product_version":["10.5.1"],"wpse_downloadable_file_names":[""],"wpse_downloadable_file_urls":[""],"_edit_last":["1"],"_default_attributes":["a:1:{s:6:\"volume\";s:8:\"5 liters\";}"],"_edit_lock":["1771244383:1"],"merchant-center-availability":["yes"],"merchant-center-category":["503738"],"_thumbnail_id":["35862"],"_wp_page_template":["default"],"_wp_old_date":["2025-05-26"],"_product_image_gallery":["35863"],"site-sidebar-layout":["default"],"ast-site-content-layout":["default"],"site-content-style":["default"],"site-sidebar-style":["default"],"theme-transparent-header-meta":["default"],"_price":["29.90","129.90"],"_wc_rating_count":["a:1:{i:5;i:30;}"],"astra-migrate-meta-layouts":["set"],"_uag_css_file_name":["uag-css-25596.css"],"_elementor_page_assets":["a:0:{}"],"_uag_page_assets":["a:9:{s:3:\"css\";s:6873:\".wp-block-uagb-image{display:flex}.wp-block-uagb-image__figure{position:relative;display:flex;flex-direction:column;max-width:100%;height:auto;margin:0}.wp-block-uagb-image__figure img{height:auto;display:flex;max-width:100%;transition:box-shadow .2s ease}.wp-block-uagb-image__figure>a{display:inline-block}.wp-block-uagb-image__figure figcaption{text-align:center;margin-top:.5em;margin-bottom:1em}.wp-block-uagb-image .components-placeholder.block-editor-media-placeholder .components-placeholder__instructions{align-self:center}.wp-block-uagb-image--align-left{text-align:left}.wp-block-uagb-image--align-right{text-align:right}.wp-block-uagb-image--align-center{text-align:center}.wp-block-uagb-image--align-full .wp-block-uagb-image__figure{margin-left:calc(50% - 50vw);margin-right:calc(50% - 50vw);max-width:100vw;width:100vw;height:auto}.wp-block-uagb-image--align-full .wp-block-uagb-image__figure img{height:auto;width:100% !important}.wp-block-uagb-image--align-wide .wp-block-uagb-image__figure img{height:auto;width:100%}.wp-block-uagb-image--layout-overlay__color-wrapper{position:absolute;left:0;top:0;right:0;bottom:0;opacity:.2;background:rgba(0,0,0,.5);transition:opacity .35s ease-in-out}.wp-block-uagb-image--layout-overlay-link{position:absolute;left:0;right:0;bottom:0;top:0}.wp-block-uagb-image--layout-overlay .wp-block-uagb-image__figure:hover .wp-block-uagb-image--layout-overlay__color-wrapper{opacity:1}.wp-block-uagb-image--layout-overlay__inner{position:absolute;left:15px;right:15px;bottom:15px;top:15px;display:flex;align-items:center;justify-content:center;flex-direction:column;border-color:#fff;transition:.35s ease-in-out}.wp-block-uagb-image--layout-overlay__inner.top-left,.wp-block-uagb-image--layout-overlay__inner.top-center,.wp-block-uagb-image--layout-overlay__inner.top-right{justify-content:flex-start}.wp-block-uagb-image--layout-overlay__inner.bottom-left,.wp-block-uagb-image--layout-overlay__inner.bottom-center,.wp-block-uagb-image--layout-overlay__inner.bottom-right{justify-content:flex-end}.wp-block-uagb-image--layout-overlay__inner.top-left,.wp-block-uagb-image--layout-overlay__inner.center-left,.wp-block-uagb-image--layout-overlay__inner.bottom-left{align-items:flex-start}.wp-block-uagb-image--layout-overlay__inner.top-right,.wp-block-uagb-image--layout-overlay__inner.center-right,.wp-block-uagb-image--layout-overlay__inner.bottom-right{align-items:flex-end}.wp-block-uagb-image--layout-overlay__inner .uagb-image-heading{color:#fff;transition:transform .35s,opacity .35s ease-in-out;transform:translate3d(0, 24px, 0);margin:0;line-height:1em}.wp-block-uagb-image--layout-overlay__inner .uagb-image-separator{width:30%;border-top-width:2px;border-top-color:#fff;border-top-style:solid;margin-bottom:10px;opacity:0;transition:transform .4s,opacity .4s ease-in-out;transform:translate3d(0, 30px, 0)}.wp-block-uagb-image--layout-overlay__inner .uagb-image-caption{opacity:0;overflow:visible;color:#fff;transition:transform .45s,opacity .45s ease-in-out;transform:translate3d(0, 35px, 0)}.wp-block-uagb-image--layout-overlay__inner:hover .uagb-image-heading,.wp-block-uagb-image--layout-overlay__inner:hover .uagb-image-separator,.wp-block-uagb-image--layout-overlay__inner:hover .uagb-image-caption{opacity:1;transform:translate3d(0, 0, 0)}.wp-block-uagb-image--effect-zoomin .wp-block-uagb-image__figure img,.wp-block-uagb-image--effect-zoomin .wp-block-uagb-image__figure .wp-block-uagb-image--layout-overlay__color-wrapper{transform:scale(1);transition:transform .35s ease-in-out}.wp-block-uagb-image--effect-zoomin .wp-block-uagb-image__figure:hover img,.wp-block-uagb-image--effect-zoomin .wp-block-uagb-image__figure:hover .wp-block-uagb-image--layout-overlay__color-wrapper{transform:scale(1.05)}.wp-block-uagb-image--effect-slide .wp-block-uagb-image__figure img,.wp-block-uagb-image--effect-slide .wp-block-uagb-image__figure .wp-block-uagb-image--layout-overlay__color-wrapper{width:calc(100% + 40px) !important;max-width:none !important;transform:translate3d(-40px, 0, 0);transition:transform .35s ease-in-out}.wp-block-uagb-image--effect-slide .wp-block-uagb-image__figure:hover img,.wp-block-uagb-image--effect-slide .wp-block-uagb-image__figure:hover .wp-block-uagb-image--layout-overlay__color-wrapper{transform:translate3d(0, 0, 0)}.wp-block-uagb-image--effect-grayscale img{filter:grayscale(0%);transition:.35s ease-in-out}.wp-block-uagb-image--effect-grayscale:hover img{filter:grayscale(100%)}.wp-block-uagb-image--effect-blur img{filter:blur(0);transition:.35s ease-in-out}.wp-block-uagb-image--effect-blur:hover img{filter:blur(3px)}.uagb-block-e6f939b3.wp-block-uagb-image--layout-default figure img{box-shadow: 0px 0px 0 #00000070;}.uagb-block-e6f939b3.wp-block-uagb-image .wp-block-uagb-image__figure figcaption{font-style: normal;align-self: center;}.uagb-block-e6f939b3.wp-block-uagb-image--layout-overlay figure img{box-shadow: 0px 0px 0 #00000070;}.uagb-block-e6f939b3.wp-block-uagb-image--layout-overlay .wp-block-uagb-image--layout-overlay__color-wrapper{opacity: 0.2;}.uagb-block-e6f939b3.wp-block-uagb-image--layout-overlay .wp-block-uagb-image--layout-overlay__inner{left: 15px;right: 15px;top: 15px;bottom: 15px;}.uagb-block-e6f939b3.wp-block-uagb-image--layout-overlay .wp-block-uagb-image--layout-overlay__inner .uagb-image-heading{font-style: normal;color: #fff;opacity: 1;}.uagb-block-e6f939b3.wp-block-uagb-image--layout-overlay .wp-block-uagb-image--layout-overlay__inner .uagb-image-heading a{color: #fff;}.uagb-block-e6f939b3.wp-block-uagb-image--layout-overlay .wp-block-uagb-image--layout-overlay__inner .uagb-image-caption{opacity: 0;}.uagb-block-e6f939b3.wp-block-uagb-image--layout-overlay .wp-block-uagb-image__figure:hover .wp-block-uagb-image--layout-overlay__color-wrapper{opacity: 1;}.uagb-block-e6f939b3.wp-block-uagb-image .wp-block-uagb-image--layout-overlay__inner .uagb-image-separator{width: 30%;border-top-width: 2px;border-top-color: #fff;opacity: 0;}.uagb-block-e6f939b3.wp-block-uagb-image .wp-block-uagb-image__figure img{width: px;height: auto;}.uagb-block-e6f939b3.wp-block-uagb-image .wp-block-uagb-image__figure:hover .wp-block-uagb-image--layout-overlay__inner .uagb-image-caption{opacity: 1;}.uagb-block-e6f939b3.wp-block-uagb-image .wp-block-uagb-image__figure:hover .wp-block-uagb-image--layout-overlay__inner .uagb-image-separator{opacity: 1;}.uagb-block-e6f939b3.wp-block-uagb-image--layout-default figure:hover img{box-shadow: 0px 0px 0 #00000070;}.uagb-block-e6f939b3.wp-block-uagb-image--layout-overlay figure:hover img{box-shadow: 0px 0px 0 #00000070;}@media only screen and (max-width: 976px) {.uagb-block-e6f939b3.wp-block-uagb-image .wp-block-uagb-image__figure img{width: px;height: auto;}}@media only screen and (max-width: 767px) {.uagb-block-e6f939b3.wp-block-uagb-image .wp-block-uagb-image__figure img{width: px;height: auto;}}\";s:2:\"js\";s:0:\"\";s:18:\"current_block_list\";a:13:{i:0;s:11:\"core\/search\";i:1;s:10:\"core\/group\";i:2;s:12:\"core\/heading\";i:3;s:17:\"core\/latest-posts\";i:4;s:20:\"core\/latest-comments\";i:5;s:13:\"core\/archives\";i:6;s:15:\"core\/categories\";i:7;s:14:\"core\/paragraph\";i:8;s:10:\"uagb\/image\";i:9;s:11:\"core\/spacer\";i:10;s:30:\"woocommerce\/product-categories\";i:11;s:10:\"core\/image\";i:12;s:14:\"core\/shortcode\";}s:8:\"uag_flag\";b:1;s:11:\"uag_version\";s:10:\"1777101280\";s:6:\"gfonts\";a:0:{}s:10:\"gfonts_url\";s:0:\"\";s:12:\"gfonts_files\";a:0:{}s:14:\"uag_faq_layout\";b:0;}"]},"uagb_featured_image_src":{"full":["https:\/\/www.ferberpainting.com\/wp-content\/uploads\/2025\/05\/Travertine-Water-Repellent-5L.png",2560,2560,false],"thumbnail":["https:\/\/www.ferberpainting.com\/wp-content\/uploads\/2025\/05\/Travertine-Water-Repellent-5L-150x150.png",150,150,true],"medium":["https:\/\/www.ferberpainting.com\/wp-content\/uploads\/2025\/05\/Travertine-Water-Repellent-5L-300x300.png",300,300,true],"medium_large":["https:\/\/www.ferberpainting.com\/wp-content\/uploads\/2025\/05\/Travertine-Water-Repellent-5L-768x768.png",768,768,true],"large":["https:\/\/www.ferberpainting.com\/wp-content\/uploads\/2025\/05\/Travertine-Water-Repellent-5L-1024x1024.png",1024,1024,true],"1536x1536":["https:\/\/www.ferberpainting.com\/wp-content\/uploads\/2025\/05\/Travertine-Water-Repellent-5L-1536x1536.png",1536,1536,true],"2048x2048":["https:\/\/www.ferberpainting.com\/wp-content\/uploads\/2025\/05\/Travertine-Water-Repellent-5L-2048x2048.png",2048,2048,true],"trp-custom-language-flag":["https:\/\/www.ferberpainting.com\/wp-content\/uploads\/2025\/05\/Travertine-Water-Repellent-5L-12x12.png",12,12,true],"woocommerce_thumbnail":["https:\/\/www.ferberpainting.com\/wp-content\/uploads\/2025\/05\/Travertine-Water-Repellent-5L-300x300.png",300,300,true],"woocommerce_single":["https:\/\/www.ferberpainting.com\/wp-content\/uploads\/2025\/05\/Travertine-Water-Repellent-5L-600x600.png",600,600,true],"woocommerce_gallery_thumbnail":["https:\/\/www.ferberpainting.com\/wp-content\/uploads\/2025\/05\/Travertine-Water-Repellent-5L-100x100.png",100,100,true]},"uagb_author_info":{"display_name":"admin","author_link":"https:\/\/www.ferberpainting.com\/cz\/author\/"},"uagb_comment_info":30,"uagb_excerpt":"Long-lasting protection.\u00a0The travertine waterproofer is the ideal solution to preserve the beauty of your travertine surfaces. This product is specifically formulated to create an invisible barrier that effectively protects against moisture, stains and dirt. It prevents water splashes, grease and other substances from penetrating the stone, while maintaining its natural appearance and texture. Money-back guarantee.&hellip;","_links":{"self":[{"href":"https:\/\/www.ferberpainting.com\/cz\/wp-json\/wp\/v2\/product\/25596","targetHints":{"allow":["GET"]}}],"collection":[{"href":"https:\/\/www.ferberpainting.com\/cz\/wp-json\/wp\/v2\/product"}],"about":[{"href":"https:\/\/www.ferberpainting.com\/cz\/wp-json\/wp\/v2\/types\/product"}],"replies":[{"embeddable":true,"href":"https:\/\/www.ferberpainting.com\/cz\/wp-json\/wp\/v2\/comments?post=25596"}],"version-history":[{"count":3,"href":"https:\/\/www.ferberpainting.com\/cz\/wp-json\/wp\/v2\/product\/25596\/revisions"}],"predecessor-version":[{"id":167460,"href":"https:\/\/www.ferberpainting.com\/cz\/wp-json\/wp\/v2\/product\/25596\/revisions\/167460"}],"wp:featuredmedia":[{"embeddable":true,"href":"https:\/\/www.ferberpainting.com\/cz\/wp-json\/wp\/v2\/media\/35862"}],"wp:attachment":[{"href":"https:\/\/www.ferberpainting.com\/cz\/wp-json\/wp\/v2\/media?parent=25596"}],"wp:term":[{"taxonomy":"product_brand","embeddable":true,"href":"https:\/\/www.ferberpainting.com\/cz\/wp-json\/wp\/v2\/product_brand?post=25596"},{"taxonomy":"product_cat","embeddable":true,"href":"https:\/\/www.ferberpainting.com\/cz\/wp-json\/wp\/v2\/product_cat?post=25596"},{"taxonomy":"product_tag","embeddable":true,"href":"https:\/\/www.ferberpainting.com\/cz\/wp-json\/wp\/v2\/product_tag?post=25596"}],"curies":[{"name":"wp","href":"https:\/\/api.w.org\/{rel}","templated":true}]}}