{"id":25588,"date":"2025-05-26T10:32:31","date_gmt":"2025-05-26T08:32:31","guid":{"rendered":"https:\/\/www.ferberpainting.com\/products\/toilet-unblocker\/"},"modified":"2026-02-16T13:00:44","modified_gmt":"2026-02-16T12:00:44","slug":"toilet-unblocker","status":"publish","type":"product","link":"https:\/\/www.ferberpainting.com\/cz\/products\/toilet-unblocker\/","title":{"rendered":"\u010cisti\u010d odpadu na toalety"},"content":{"rendered":"<p><strong><img decoding=\"async\" style=\"margin-right: 12px;\" src=\"https:\/\/www.ferberpainting.com\/wp-content\/uploads\/2026\/02\/Check.svg\" alt=\"\" width=\"18\" height=\"15\" \/>Rychl\u00e9 a \u00fa\u010dinn\u00e9 odstran\u011bn\u00ed ucp\u00e1n\u00ed.<\/strong>\u00a0Tento p\u0159\u00edpravek na odblokov\u00e1n\u00ed toalety je speci\u00e1ln\u011b navr\u017een tak, aby rozpou\u0161t\u011bl odoln\u00e9 ucp\u00e1vky, kter\u00e9 br\u00e1n\u00ed norm\u00e1ln\u00edmu odtoku vody. Pronik\u00e1 hluboko do organick\u00fdch l\u00e1tek, zbytk\u016f toaletn\u00edho pap\u00edru, mastnoty a dal\u0161\u00edch prvk\u016f, kter\u00e9 mohou ucpat WC potrub\u00ed. D\u00edky sv\u00e9mu \u00fa\u010dinn\u00e9mu slo\u017een\u00ed obnovuje hladk\u00fd pr\u016ftok, ani\u017e by vy\u017eadoval agresivn\u00ed mechanick\u00fd z\u00e1sah.<\/p>\n<p><strong><img decoding=\"async\" style=\"margin-right: 12px;\" src=\"https:\/\/www.ferberpainting.com\/wp-content\/uploads\/2026\/02\/Check.svg\" alt=\"\" width=\"18\" height=\"15\" \/>Z\u00e1ruka vr\u00e1cen\u00ed pen\u011bz. <\/strong>M\u00e1me naprostou d\u016fv\u011bru v \u00fa\u010dinnost na\u0161eho odblokova\u010de toalet. Proto nab\u00edz\u00edme z\u00e1ruku vr\u00e1cen\u00ed pen\u011bz. Pokud v\u00fdrobek po spr\u00e1vn\u00e9m pou\u017eit\u00ed podle n\u00e1vodu nevy\u0159e\u0161\u00ed v\u00e1\u0161 probl\u00e9m, m\u00e1te mo\u017enost bezpodm\u00edne\u010dn\u011b po\u017e\u00e1dat o vr\u00e1cen\u00ed pen\u011bz, \u010d\u00edm\u017e si zajist\u00edte bezpe\u010dn\u00fd a bezrizikov\u00fd n\u00e1kup.<\/p>\n<p><strong><img decoding=\"async\" style=\"margin-right: 12px;\" src=\"https:\/\/www.ferberpainting.com\/wp-content\/uploads\/2026\/02\/Check.svg\" alt=\"\" width=\"18\" height=\"15\" \/>Kompatibiln\u00ed s r\u016fzn\u00fdmi typy potrub\u00ed a sanit\u00e1rn\u00edch syst\u00e9m\u016f.<\/strong>\u00a0Tento odblokova\u010d je vhodn\u00fd pro standardn\u00ed toalety, z\u00e1v\u011bsn\u00e9 toalety, toalety s macer\u00e1tory a septiky. Pracuje bez po\u0161kozen\u00ed potrub\u00ed a lze jej pou\u017e\u00edt na PVC, litinov\u00e9, m\u011bd\u011bn\u00e9, nerezov\u00e9 a keramick\u00e9 potrub\u00ed, co\u017e zaji\u0161\u0165uje optim\u00e1ln\u00ed kompatibilitu se v\u0161emi modern\u00edmi i tradi\u010dn\u00edmi sanit\u00e1rn\u00edmi syst\u00e9my.<\/p>\n<p><strong><img decoding=\"async\" style=\"margin-right: 12px;\" src=\"https:\/\/www.ferberpainting.com\/wp-content\/uploads\/2026\/02\/Check.svg\" alt=\"\" width=\"18\" height=\"15\" \/>\u00dasporn\u00fd v\u00fdkon a optimalizovan\u00e9 d\u00e1vkov\u00e1n\u00ed.<\/strong>\u00a0D\u00edky sv\u00e9mu koncentrovan\u00e9mu slo\u017een\u00ed dok\u00e1\u017ee 1 litr odblokovac\u00edho prost\u0159edku vy\u010distit a\u017e 4 ucpan\u00e9 toalety a nab\u00edz\u00ed tak \u00fa\u010dinn\u00e9 a cenov\u011b v\u00fdhodn\u00e9 \u0159e\u0161en\u00ed, kter\u00e9 udr\u017e\u00ed va\u0161e toalety funk\u010dn\u00ed. Jeho c\u00edlen\u00fd \u00fa\u010dinek v\u00e1m umo\u017en\u00ed pou\u017e\u00edt na jeden z\u00e1sah p\u0159esn\u011b tolik p\u0159\u00edpravku, kolik pot\u0159ebujete, \u010d\u00edm\u017e se sn\u00ed\u017e\u00ed pl\u00fdtv\u00e1n\u00ed a optimalizuje se jeho v\u00fdkon.<\/p>\n<p><strong><img decoding=\"async\" style=\"margin-right: 12px;\" src=\"https:\/\/www.ferberpainting.com\/wp-content\/uploads\/2026\/02\/Check.svg\" alt=\"\" width=\"18\" height=\"15\" \/>Bezpe\u010dn\u00fd v\u00fdrobek, kter\u00fd chr\u00e1n\u00ed instalace.<\/strong>\u00a0Na rozd\u00edl od vysoce korozivn\u00edch odblokovac\u00edch prost\u0159edk\u016f, kter\u00e9 mohou po\u0161kodit potrub\u00ed, tento v\u00fdrobek p\u016fsob\u00ed, ani\u017e by oslaboval materi\u00e1ly nebo naru\u0161oval t\u011bsnic\u00ed spoje. Jeho kontrolovan\u00e9 pou\u017eit\u00ed odstra\u0148uje ucp\u00e1vky bez dlouhodob\u00e9ho po\u0161kozen\u00ed, \u010d\u00edm\u017e zaji\u0161\u0165uje zachov\u00e1n\u00ed sanit\u00e1rn\u00edch za\u0159\u00edzen\u00ed.<\/p>\n<p><strong><img decoding=\"async\" style=\"margin-right: 12px;\" src=\"https:\/\/www.ferberpainting.com\/wp-content\/uploads\/2026\/02\/Check.svg\" alt=\"\" width=\"18\" height=\"15\" \/>Snadn\u00e9 pou\u017e\u00edv\u00e1n\u00ed a snadn\u00e1 efektivita.<\/strong>\u00a0Tento odblokova\u010d je p\u0159ipraven k pou\u017eit\u00ed a nevy\u017eaduje \u017e\u00e1dnou slo\u017eitou manipulaci. Sta\u010d\u00ed jej nal\u00edt p\u0159\u00edmo do z\u00e1chodov\u00e9 m\u00edsy a p\u0159ed spl\u00e1chnut\u00edm jej nechat n\u011bkolik minut p\u016fsobit. Jeho velmi rychl\u00fd \u00fa\u010dinek \u00fa\u010dinn\u011b odstran\u00ed ucp\u00e1n\u00ed b\u011bhem 15 a\u017e 30 minut, \u010d\u00edm\u017e se vyhnete nutnosti pou\u017eit\u00ed n\u00e1ro\u010dn\u011bj\u0161\u00edch mechanick\u00fdch metod, jako jsou plun\u017ery nebo odtokov\u00e9 hady.<\/p>\n<p><strong><img decoding=\"async\" style=\"margin-right: 12px;\" src=\"https:\/\/www.ferberpainting.com\/wp-content\/uploads\/2026\/02\/Check.svg\" alt=\"\" width=\"18\" height=\"15\" \/>Trvanlivost a prevence budouc\u00edho ucp\u00e1n\u00ed.<\/strong>\u00a0Krom\u011b odstran\u011bn\u00ed sou\u010dasn\u00fdch ucp\u00e1vek tento odblokovac\u00ed prost\u0159edek zabra\u0148uje vzniku nov\u00fdch ucp\u00e1vek t\u00edm, \u017ee postupn\u011b rozpou\u0161t\u00ed nahromad\u011bn\u00e9 zbytky a usazeniny v potrub\u00ed. Pravideln\u00e9 pou\u017e\u00edv\u00e1n\u00ed pom\u00e1h\u00e1 omezit riziko ucp\u00e1n\u00ed a dlouhodob\u011b zaji\u0161\u0165uje optim\u00e1ln\u00ed funkci toalety.<\/p>\n<p><strong><img decoding=\"async\" style=\"margin-right: 12px;\" src=\"https:\/\/www.ferberpainting.com\/wp-content\/uploads\/2026\/02\/Check.svg\" alt=\"\" width=\"18\" height=\"15\" \/>Okam\u017eit\u00e1 akce pro rychl\u00e9 pohodl\u00ed.<\/strong>\u00a0Jakmile je aplikov\u00e1n, za\u010dne tento odblokovac\u00ed prost\u0159edek rozpou\u0161t\u011bt blokuj\u00edc\u00ed materi\u00e1ly a obnovovat pr\u016ftok vody. Po jednoduch\u00e9m opl\u00e1chnut\u00ed se obnov\u00ed norm\u00e1ln\u00ed funkce toalety, co\u017e umo\u017e\u0148uje jej\u00ed nep\u0159etr\u017eit\u00e9 a bezprobl\u00e9mov\u00e9 pou\u017e\u00edv\u00e1n\u00ed.<\/p>\n<h2><strong>Protokol o pou\u017eit\u00ed<\/strong><\/h2>\n<ul>\n<li><strong>P\u0159\u00edprava toalety <\/strong>: P\u0159ed pou\u017eit\u00edm p\u0159\u00edpravku se ujist\u011bte, \u017ee v toaletn\u00ed m\u00edse nen\u00ed p\u0159\u00edli\u0161 mnoho vody, aby se odblokovac\u00ed prost\u0159edek l\u00e9pe rozpt\u00fdlil. V p\u0159\u00edpad\u011b pot\u0159eby odstra\u0148te p\u0159ebyte\u010dnou vodu pomoc\u00ed n\u00e1doby, aby nedo\u0161lo k jej\u00edmu p\u0159ete\u010den\u00ed.<\/li>\n<li><strong>Doporu\u010den\u00e9 d\u00e1vkov\u00e1n\u00ed <\/strong>: K o\u0161et\u0159en\u00ed ucpan\u00e9 z\u00e1chodov\u00e9 m\u00edsy nalijte 250 ml p\u0159\u00edpravku p\u0159\u00edmo do z\u00e1chodov\u00e9 m\u00edsy. 1 litr m\u016f\u017ee o\u0161et\u0159it a\u017e 4 ucp\u00e1vky. V p\u0159\u00edpad\u011b v\u011bt\u0161\u00edho ucp\u00e1n\u00ed m\u016f\u017ee b\u00fdt po prvn\u00edm pokusu nutn\u00e1 druh\u00e1 aplikace.<\/li>\n<li><strong>Pou\u017eit\u00ed odblokova\u010de <\/strong>: Pomalu nalijte p\u0159\u00edpravek do m\u00edsy a nechte ho p\u016fsobit 15 a\u017e 30 minut v z\u00e1vislosti na z\u00e1va\u017enosti ucp\u00e1n\u00ed. U z\u00e1va\u017en\u00fdch ucp\u00e1n\u00ed nechte p\u016fsobit a\u017e 1 hodinu, aby se maximalizovala \u00fa\u010dinnost.<\/li>\n<li><strong>Vyplachov\u00e1n\u00ed a \u0159\u00edzen\u00ed pr\u016ftoku <\/strong>: Po uplynut\u00ed \u010dekac\u00ed doby spl\u00e1chn\u011bte toaletu a d\u016fkladn\u011b vypl\u00e1chn\u011bte m\u00edsu. Zkontrolujte, zda se pr\u016ftok vr\u00e1til do norm\u00e1lu. Pokud probl\u00e9m p\u0159etrv\u00e1v\u00e1, opakujte operaci s dal\u0161\u00ed d\u00e1vkou.<\/li>\n<li><strong>Preventivn\u00ed \u00fadr\u017eba <\/strong>: Aby se p\u0159ede\u0161lo budouc\u00edmu ucp\u00e1n\u00ed, doporu\u010duje se jednou m\u011bs\u00ed\u010dn\u011b pou\u017e\u00edt mal\u00e9 mno\u017estv\u00ed p\u0159\u00edpravku k rozpu\u0161t\u011bn\u00ed nahromad\u011bn\u00fdch usazenin a zaji\u0161t\u011bn\u00ed optim\u00e1ln\u00edho pr\u016ftoku odpadn\u00ed vody.<\/li>\n<li><strong>Bezpe\u010dnostn\u00ed opat\u0159en\u00ed pro pou\u017eit\u00ed <\/strong>: Nem\u00edchejte s jin\u00fdmi chemik\u00e1liemi, zejm\u00e9na s odblokovac\u00edmi prost\u0159edky obsahuj\u00edc\u00edmi sodu kaustickou nebo kyselinu s\u00edrovou. Zabra\u0148te jak\u00e9mukoli kontaktu s k\u016f\u017e\u00ed a o\u010dima. V p\u0159\u00edpad\u011b n\u00e1hodn\u00e9ho kontaktu okam\u017eit\u011b opl\u00e1chn\u011bte \u010distou vodou a v p\u0159\u00edpad\u011b pot\u0159eby vyhledejte l\u00e9ka\u0159skou pomoc.<\/li>\n<li><strong>Skladov\u00e1n\u00ed a konzervace <\/strong>: V\u00fdrobek skladujte na such\u00e9m a m\u00edrn\u00e9m m\u00edst\u011b, mimo dosah sv\u011btla a d\u011bt\u00ed. Po pou\u017eit\u00ed lahvi\u010dku v\u017edy pevn\u011b uzav\u0159ete, aby nedo\u0161lo k odpa\u0159ov\u00e1n\u00ed nebo znehodnocen\u00ed v\u00fdrobku.<\/li>\n<\/ul>\n<p>Pomoc\u00ed tohoto odblokova\u010de toalet \u00fa\u010dinn\u011b a rychle odstran\u00edte ucp\u00e1n\u00ed a z\u00e1rove\u0148 zachov\u00e1te sv\u00e9 potrub\u00ed a zajist\u00edte optim\u00e1ln\u00ed \u00fadr\u017ebu sanit\u00e1rn\u00edch za\u0159\u00edzen\u00ed.<\/p>","protected":false},"excerpt":{"rendered":"<p>Fast and effective blockage removal.\u00a0This toilet unblocker is specially designed to dissolve stubborn clogs that prevent normal water drainage. It penetrates deep into organic matter, toilet paper residues, grease, and other elements that can obstruct the WC pipes. Thanks to its powerful formula, it restores a smooth flow without requiring aggressive mechanical intervention. Money-back guarantee. [&hellip;]<\/p>\n","protected":false},"featured_media":27428,"comment_status":"open","ping_status":"closed","template":"","meta":{"_uag_custom_page_level_css":"","site-sidebar-layout":"default","site-content-layout":"","ast-site-content-layout":"default","site-content-style":"default","site-sidebar-style":"default","ast-global-header-display":"","ast-banner-title-visibility":"","ast-main-header-display":"","ast-hfb-above-header-display":"","ast-hfb-below-header-display":"","ast-hfb-mobile-header-display":"","site-post-title":"","ast-breadcrumbs-content":"","ast-featured-img":"","footer-sml-layout":"","ast-disable-related-posts":"","theme-transparent-header-meta":"default","adv-header-id-meta":"","stick-header-meta":"","header-above-stick-meta":"","header-main-stick-meta":"","header-below-stick-meta":"","astra-migrate-meta-layouts":"set","ast-page-background-enabled":"default","ast-page-background-meta":{"desktop":{"background-color":"var(--ast-global-color-4)","background-image":"","background-repeat":"repeat","background-position":"center center","background-size":"auto","background-attachment":"scroll","background-type":"","background-media":"","overlay-type":"","overlay-color":"","overlay-opacity":"","overlay-gradient":""},"tablet":{"background-color":"","background-image":"","background-repeat":"repeat","background-position":"center center","background-size":"auto","background-attachment":"scroll","background-type":"","background-media":"","overlay-type":"","overlay-color":"","overlay-opacity":"","overlay-gradient":""},"mobile":{"background-color":"","background-image":"","background-repeat":"repeat","background-position":"center center","background-size":"auto","background-attachment":"scroll","background-type":"","background-media":"","overlay-type":"","overlay-color":"","overlay-opacity":"","overlay-gradient":""}},"ast-content-background-meta":{"desktop":{"background-color":"var(--ast-global-color-5)","background-image":"","background-repeat":"repeat","background-position":"center center","background-size":"auto","background-attachment":"scroll","background-type":"","background-media":"","overlay-type":"","overlay-color":"","overlay-opacity":"","overlay-gradient":""},"tablet":{"background-color":"var(--ast-global-color-5)","background-image":"","background-repeat":"repeat","background-position":"center center","background-size":"auto","background-attachment":"scroll","background-type":"","background-media":"","overlay-type":"","overlay-color":"","overlay-opacity":"","overlay-gradient":""},"mobile":{"background-color":"var(--ast-global-color-5)","background-image":"","background-repeat":"repeat","background-position":"center center","background-size":"auto","background-attachment":"scroll","background-type":"","background-media":"","overlay-type":"","overlay-color":"","overlay-opacity":"","overlay-gradient":""}}},"product_brand":[],"product_cat":[175],"product_tag":[],"class_list":{"0":"post-25588","1":"product","2":"type-product","3":"status-publish","4":"has-post-thumbnail","6":"product_cat-cleaning-products","7":"desktop-align-left","8":"tablet-align-left","9":"mobile-align-left","11":"first","12":"instock","13":"sale","14":"taxable","15":"shipping-taxable","16":"purchasable","17":"product-type-variable","18":"has-default-attributes"},"spectra_custom_meta":{"_visibility":["visible"],"_shopify_product_id":["9062206963957"],"_s2w_shopify_domain":["ferberpainting.myshopify.com"],"_shopify_variant_id":["46488026775797"],"_sku":[""],"_manage_stock":["no"],"total_sales":["147"],"_tax_status":["taxable"],"_tax_class":[""],"_backorders":["no"],"_sold_individually":["no"],"_virtual":["no"],"_downloadable":["no"],"_download_limit":["-1"],"_download_expiry":["-1"],"_stock":[null],"_stock_status":["instock"],"_wc_average_rating":["4.83"],"_wc_review_count":["6"],"_product_attributes":["a:1:{s:6:\"volume\";a:6:{s:4:\"name\";s:6:\"Volume\";s:5:\"value\";s:20:\"5 liters | 25 liters\";s:8:\"position\";i:1;s:10:\"is_visible\";i:0;s:12:\"is_variation\";i:1;s:11:\"is_taxonomy\";i:0;}}"],"_product_version":["10.5.1"],"_thumbnail_id":["27428"],"_product_image_gallery":["27429"],"wpse_downloadable_file_names":[""],"wpse_downloadable_file_urls":[""],"_edit_last":["1"],"_default_attributes":["a:1:{s:6:\"volume\";s:8:\"5 liters\";}"],"_edit_lock":["1771244180:1"],"merchant-center-availability":["yes"],"merchant-center-category":["1749"],"_price":["29.90","129.90"],"_wp_page_template":["default"],"site-sidebar-layout":["default"],"ast-site-content-layout":["default"],"site-content-style":["default"],"site-sidebar-style":["default"],"theme-transparent-header-meta":["default"],"_wc_rating_count":["a:2:{i:4;i:1;i:5;i:5;}"],"astra-migrate-meta-layouts":["set"],"_uag_css_file_name":["uag-css-25588.css"],"_elementor_page_assets":["a:0:{}"],"_uag_page_assets":["a:9:{s:3:\"css\";s:6873:\".wp-block-uagb-image{display:flex}.wp-block-uagb-image__figure{position:relative;display:flex;flex-direction:column;max-width:100%;height:auto;margin:0}.wp-block-uagb-image__figure img{height:auto;display:flex;max-width:100%;transition:box-shadow .2s ease}.wp-block-uagb-image__figure>a{display:inline-block}.wp-block-uagb-image__figure figcaption{text-align:center;margin-top:.5em;margin-bottom:1em}.wp-block-uagb-image .components-placeholder.block-editor-media-placeholder .components-placeholder__instructions{align-self:center}.wp-block-uagb-image--align-left{text-align:left}.wp-block-uagb-image--align-right{text-align:right}.wp-block-uagb-image--align-center{text-align:center}.wp-block-uagb-image--align-full .wp-block-uagb-image__figure{margin-left:calc(50% - 50vw);margin-right:calc(50% - 50vw);max-width:100vw;width:100vw;height:auto}.wp-block-uagb-image--align-full .wp-block-uagb-image__figure img{height:auto;width:100% !important}.wp-block-uagb-image--align-wide .wp-block-uagb-image__figure img{height:auto;width:100%}.wp-block-uagb-image--layout-overlay__color-wrapper{position:absolute;left:0;top:0;right:0;bottom:0;opacity:.2;background:rgba(0,0,0,.5);transition:opacity .35s ease-in-out}.wp-block-uagb-image--layout-overlay-link{position:absolute;left:0;right:0;bottom:0;top:0}.wp-block-uagb-image--layout-overlay .wp-block-uagb-image__figure:hover .wp-block-uagb-image--layout-overlay__color-wrapper{opacity:1}.wp-block-uagb-image--layout-overlay__inner{position:absolute;left:15px;right:15px;bottom:15px;top:15px;display:flex;align-items:center;justify-content:center;flex-direction:column;border-color:#fff;transition:.35s ease-in-out}.wp-block-uagb-image--layout-overlay__inner.top-left,.wp-block-uagb-image--layout-overlay__inner.top-center,.wp-block-uagb-image--layout-overlay__inner.top-right{justify-content:flex-start}.wp-block-uagb-image--layout-overlay__inner.bottom-left,.wp-block-uagb-image--layout-overlay__inner.bottom-center,.wp-block-uagb-image--layout-overlay__inner.bottom-right{justify-content:flex-end}.wp-block-uagb-image--layout-overlay__inner.top-left,.wp-block-uagb-image--layout-overlay__inner.center-left,.wp-block-uagb-image--layout-overlay__inner.bottom-left{align-items:flex-start}.wp-block-uagb-image--layout-overlay__inner.top-right,.wp-block-uagb-image--layout-overlay__inner.center-right,.wp-block-uagb-image--layout-overlay__inner.bottom-right{align-items:flex-end}.wp-block-uagb-image--layout-overlay__inner .uagb-image-heading{color:#fff;transition:transform .35s,opacity .35s ease-in-out;transform:translate3d(0, 24px, 0);margin:0;line-height:1em}.wp-block-uagb-image--layout-overlay__inner .uagb-image-separator{width:30%;border-top-width:2px;border-top-color:#fff;border-top-style:solid;margin-bottom:10px;opacity:0;transition:transform .4s,opacity .4s ease-in-out;transform:translate3d(0, 30px, 0)}.wp-block-uagb-image--layout-overlay__inner .uagb-image-caption{opacity:0;overflow:visible;color:#fff;transition:transform .45s,opacity .45s ease-in-out;transform:translate3d(0, 35px, 0)}.wp-block-uagb-image--layout-overlay__inner:hover .uagb-image-heading,.wp-block-uagb-image--layout-overlay__inner:hover .uagb-image-separator,.wp-block-uagb-image--layout-overlay__inner:hover .uagb-image-caption{opacity:1;transform:translate3d(0, 0, 0)}.wp-block-uagb-image--effect-zoomin .wp-block-uagb-image__figure img,.wp-block-uagb-image--effect-zoomin .wp-block-uagb-image__figure .wp-block-uagb-image--layout-overlay__color-wrapper{transform:scale(1);transition:transform .35s ease-in-out}.wp-block-uagb-image--effect-zoomin .wp-block-uagb-image__figure:hover img,.wp-block-uagb-image--effect-zoomin .wp-block-uagb-image__figure:hover .wp-block-uagb-image--layout-overlay__color-wrapper{transform:scale(1.05)}.wp-block-uagb-image--effect-slide .wp-block-uagb-image__figure img,.wp-block-uagb-image--effect-slide .wp-block-uagb-image__figure .wp-block-uagb-image--layout-overlay__color-wrapper{width:calc(100% + 40px) !important;max-width:none !important;transform:translate3d(-40px, 0, 0);transition:transform .35s ease-in-out}.wp-block-uagb-image--effect-slide .wp-block-uagb-image__figure:hover img,.wp-block-uagb-image--effect-slide .wp-block-uagb-image__figure:hover .wp-block-uagb-image--layout-overlay__color-wrapper{transform:translate3d(0, 0, 0)}.wp-block-uagb-image--effect-grayscale img{filter:grayscale(0%);transition:.35s ease-in-out}.wp-block-uagb-image--effect-grayscale:hover img{filter:grayscale(100%)}.wp-block-uagb-image--effect-blur img{filter:blur(0);transition:.35s ease-in-out}.wp-block-uagb-image--effect-blur:hover img{filter:blur(3px)}.uagb-block-e6f939b3.wp-block-uagb-image--layout-default figure img{box-shadow: 0px 0px 0 #00000070;}.uagb-block-e6f939b3.wp-block-uagb-image .wp-block-uagb-image__figure figcaption{font-style: normal;align-self: center;}.uagb-block-e6f939b3.wp-block-uagb-image--layout-overlay figure img{box-shadow: 0px 0px 0 #00000070;}.uagb-block-e6f939b3.wp-block-uagb-image--layout-overlay .wp-block-uagb-image--layout-overlay__color-wrapper{opacity: 0.2;}.uagb-block-e6f939b3.wp-block-uagb-image--layout-overlay .wp-block-uagb-image--layout-overlay__inner{left: 15px;right: 15px;top: 15px;bottom: 15px;}.uagb-block-e6f939b3.wp-block-uagb-image--layout-overlay .wp-block-uagb-image--layout-overlay__inner .uagb-image-heading{font-style: normal;color: #fff;opacity: 1;}.uagb-block-e6f939b3.wp-block-uagb-image--layout-overlay .wp-block-uagb-image--layout-overlay__inner .uagb-image-heading a{color: #fff;}.uagb-block-e6f939b3.wp-block-uagb-image--layout-overlay .wp-block-uagb-image--layout-overlay__inner .uagb-image-caption{opacity: 0;}.uagb-block-e6f939b3.wp-block-uagb-image--layout-overlay .wp-block-uagb-image__figure:hover .wp-block-uagb-image--layout-overlay__color-wrapper{opacity: 1;}.uagb-block-e6f939b3.wp-block-uagb-image .wp-block-uagb-image--layout-overlay__inner .uagb-image-separator{width: 30%;border-top-width: 2px;border-top-color: #fff;opacity: 0;}.uagb-block-e6f939b3.wp-block-uagb-image .wp-block-uagb-image__figure img{width: px;height: auto;}.uagb-block-e6f939b3.wp-block-uagb-image .wp-block-uagb-image__figure:hover .wp-block-uagb-image--layout-overlay__inner .uagb-image-caption{opacity: 1;}.uagb-block-e6f939b3.wp-block-uagb-image .wp-block-uagb-image__figure:hover .wp-block-uagb-image--layout-overlay__inner .uagb-image-separator{opacity: 1;}.uagb-block-e6f939b3.wp-block-uagb-image--layout-default figure:hover img{box-shadow: 0px 0px 0 #00000070;}.uagb-block-e6f939b3.wp-block-uagb-image--layout-overlay figure:hover img{box-shadow: 0px 0px 0 #00000070;}@media only screen and (max-width: 976px) {.uagb-block-e6f939b3.wp-block-uagb-image .wp-block-uagb-image__figure img{width: px;height: auto;}}@media only screen and (max-width: 767px) {.uagb-block-e6f939b3.wp-block-uagb-image .wp-block-uagb-image__figure img{width: px;height: auto;}}\";s:2:\"js\";s:0:\"\";s:18:\"current_block_list\";a:13:{i:0;s:11:\"core\/search\";i:1;s:10:\"core\/group\";i:2;s:12:\"core\/heading\";i:3;s:17:\"core\/latest-posts\";i:4;s:20:\"core\/latest-comments\";i:5;s:13:\"core\/archives\";i:6;s:15:\"core\/categories\";i:7;s:14:\"core\/paragraph\";i:8;s:10:\"uagb\/image\";i:9;s:11:\"core\/spacer\";i:10;s:30:\"woocommerce\/product-categories\";i:11;s:10:\"core\/image\";i:12;s:14:\"core\/shortcode\";}s:8:\"uag_flag\";b:1;s:11:\"uag_version\";s:10:\"1777363053\";s:6:\"gfonts\";a:0:{}s:10:\"gfonts_url\";s:0:\"\";s:12:\"gfonts_files\";a:0:{}s:14:\"uag_faq_layout\";b:0;}"]},"uagb_featured_image_src":{"full":["https:\/\/www.ferberpainting.com\/wp-content\/uploads\/2025\/05\/ToiletUnblocker5L.png",2560,2560,false],"thumbnail":["https:\/\/www.ferberpainting.com\/wp-content\/uploads\/2025\/05\/ToiletUnblocker5L-150x150.png",150,150,true],"medium":["https:\/\/www.ferberpainting.com\/wp-content\/uploads\/2025\/05\/ToiletUnblocker5L-300x300.png",300,300,true],"medium_large":["https:\/\/www.ferberpainting.com\/wp-content\/uploads\/2025\/05\/ToiletUnblocker5L-768x768.png",768,768,true],"large":["https:\/\/www.ferberpainting.com\/wp-content\/uploads\/2025\/05\/ToiletUnblocker5L-1024x1024.png",1024,1024,true],"1536x1536":["https:\/\/www.ferberpainting.com\/wp-content\/uploads\/2025\/05\/ToiletUnblocker5L-1536x1536.png",1536,1536,true],"2048x2048":["https:\/\/www.ferberpainting.com\/wp-content\/uploads\/2025\/05\/ToiletUnblocker5L-2048x2048.png",2048,2048,true],"trp-custom-language-flag":["https:\/\/www.ferberpainting.com\/wp-content\/uploads\/2025\/05\/ToiletUnblocker5L-12x12.png",12,12,true],"woocommerce_thumbnail":["https:\/\/www.ferberpainting.com\/wp-content\/uploads\/2025\/05\/ToiletUnblocker5L-300x300.png",300,300,true],"woocommerce_single":["https:\/\/www.ferberpainting.com\/wp-content\/uploads\/2025\/05\/ToiletUnblocker5L-600x600.png",600,600,true],"woocommerce_gallery_thumbnail":["https:\/\/www.ferberpainting.com\/wp-content\/uploads\/2025\/05\/ToiletUnblocker5L-100x100.png",100,100,true]},"uagb_author_info":{"display_name":"admin","author_link":"https:\/\/www.ferberpainting.com\/cz\/author\/"},"uagb_comment_info":6,"uagb_excerpt":"Fast and effective blockage removal.\u00a0This toilet unblocker is specially designed to dissolve stubborn clogs that prevent normal water drainage. It penetrates deep into organic matter, toilet paper residues, grease, and other elements that can obstruct the WC pipes. Thanks to its powerful formula, it restores a smooth flow without requiring aggressive mechanical intervention. Money-back guarantee.&hellip;","_links":{"self":[{"href":"https:\/\/www.ferberpainting.com\/cz\/wp-json\/wp\/v2\/product\/25588","targetHints":{"allow":["GET"]}}],"collection":[{"href":"https:\/\/www.ferberpainting.com\/cz\/wp-json\/wp\/v2\/product"}],"about":[{"href":"https:\/\/www.ferberpainting.com\/cz\/wp-json\/wp\/v2\/types\/product"}],"replies":[{"embeddable":true,"href":"https:\/\/www.ferberpainting.com\/cz\/wp-json\/wp\/v2\/comments?post=25588"}],"version-history":[{"count":3,"href":"https:\/\/www.ferberpainting.com\/cz\/wp-json\/wp\/v2\/product\/25588\/revisions"}],"predecessor-version":[{"id":167440,"href":"https:\/\/www.ferberpainting.com\/cz\/wp-json\/wp\/v2\/product\/25588\/revisions\/167440"}],"wp:featuredmedia":[{"embeddable":true,"href":"https:\/\/www.ferberpainting.com\/cz\/wp-json\/wp\/v2\/media\/27428"}],"wp:attachment":[{"href":"https:\/\/www.ferberpainting.com\/cz\/wp-json\/wp\/v2\/media?parent=25588"}],"wp:term":[{"taxonomy":"product_brand","embeddable":true,"href":"https:\/\/www.ferberpainting.com\/cz\/wp-json\/wp\/v2\/product_brand?post=25588"},{"taxonomy":"product_cat","embeddable":true,"href":"https:\/\/www.ferberpainting.com\/cz\/wp-json\/wp\/v2\/product_cat?post=25588"},{"taxonomy":"product_tag","embeddable":true,"href":"https:\/\/www.ferberpainting.com\/cz\/wp-json\/wp\/v2\/product_tag?post=25588"}],"curies":[{"name":"wp","href":"https:\/\/api.w.org\/{rel}","templated":true}]}}