{"id":25585,"date":"2025-06-30T19:22:22","date_gmt":"2025-06-30T17:22:22","guid":{"rendered":"https:\/\/www.ferberpainting.com\/?post_type=product&#038;p=25576"},"modified":"2026-02-16T12:58:43","modified_gmt":"2026-02-16T11:58:43","slug":"toilet-cleaner","status":"publish","type":"product","link":"https:\/\/www.ferberpainting.com\/cz\/products\/toilet-cleaner\/","title":{"rendered":"\u010cisti\u010d WC"},"content":{"rendered":"<p><strong><img decoding=\"async\" style=\"margin-right: 12px;\" src=\"https:\/\/www.ferberpainting.com\/wp-content\/uploads\/2026\/02\/Check.svg\" alt=\"\" width=\"18\" height=\"15\" \/>Optim\u00e1ln\u00ed efektivita.<\/strong>\u00a0Tento \u010disti\u010d toalet je speci\u00e1ln\u011b vyvinut\u00fd tak, aby \u00fa\u010dinn\u011b odstra\u0148oval vodn\u00ed k\u00e1men, miner\u00e1ln\u00ed usazeniny, skvrny od rzi a organick\u00e9 zbytky, kter\u00e9 se hromad\u00ed v m\u00edse a potrub\u00ed. D\u00edky sv\u00e9mu \u00fa\u010dinn\u00e9mu slo\u017een\u00ed pronik\u00e1 do hloubky, rozpou\u0161t\u00ed ne\u010distoty a neutralizuje nep\u0159\u00edjemn\u00e9 pachy, \u010d\u00edm\u017e zaji\u0161\u0165uje bezchybnou \u010distotu a dlouhotrvaj\u00edc\u00ed sv\u011b\u017eest. Po ka\u017ed\u00e9m pou\u017eit\u00ed zanech\u00e1 va\u0161e toalety z\u00e1\u0159iv\u00e9 a dezinfikovan\u00e9.<\/p>\n<p><strong><img decoding=\"async\" style=\"margin-right: 12px;\" src=\"https:\/\/www.ferberpainting.com\/wp-content\/uploads\/2026\/02\/Check.svg\" alt=\"\" width=\"18\" height=\"15\" \/>Z\u00e1ruka vr\u00e1cen\u00ed pen\u011bz.<\/strong>\u00a0Jsme pln\u011b p\u0159esv\u011bd\u010deni o \u00fa\u010dinnosti na\u0161eho \u010disti\u010de toalet. Pokud po pou\u017eit\u00ed nebudete s v\u00fdsledky pln\u011b spokojeni, m\u00e1te n\u00e1rok na vr\u00e1cen\u00ed pen\u011bz v pln\u00e9 v\u00fd\u0161i. Vyzkou\u0161ejte n\u00e1\u0161 v\u00fdrobek bez rizika a u\u017e\u00edvejte si v\u017edy \u010dist\u00e9 toalety bez n\u00e1mahy a p\u0159etrv\u00e1vaj\u00edc\u00edch zbytk\u016f.<\/p>\n<p><strong><img decoding=\"async\" style=\"margin-right: 12px;\" src=\"https:\/\/www.ferberpainting.com\/wp-content\/uploads\/2026\/02\/Check.svg\" alt=\"\" width=\"18\" height=\"15\" \/>V\u00fdjime\u010dn\u00e1 v\u0161estrannost.<\/strong> Tento \u010distic\u00ed prost\u0159edek se neomezuje pouze na z\u00e1chodov\u00e9 m\u00edsy, ale je \u00fa\u010dinn\u00fd i p\u0159i \u010di\u0161t\u011bn\u00ed umyvadel, van, sprch, umyvadel a obklad\u016f. Funguje na \u0161irokou \u0161k\u00e1lu materi\u00e1l\u016f, jako je keramika, porcel\u00e1n, sklo, plast a dokonce i n\u011bkter\u00e9 povrchy z nerezov\u00e9 oceli. Je ide\u00e1ln\u00ed pro dom\u00e1c\u00ed, profesion\u00e1ln\u00ed nebo komun\u00e1ln\u00ed pou\u017eit\u00ed a zaru\u010duje hygienick\u00e9 a zdrav\u00e9 prost\u0159ed\u00ed.<\/p>\n<p><strong><img decoding=\"async\" style=\"margin-right: 12px;\" src=\"https:\/\/www.ferberpainting.com\/wp-content\/uploads\/2026\/02\/Check.svg\" alt=\"\" width=\"18\" height=\"15\" \/>N\u00e1kladov\u011b efektivn\u00ed v\u00fdkon.<\/strong>\u00a0D\u00edky 5litrov\u00e9 n\u00e1dob\u011b a vysok\u00e9 koncentraci nab\u00edz\u00ed tento \u010disti\u010d vynikaj\u00edc\u00ed hodnotu. Mal\u00e9 mno\u017estv\u00ed sta\u010d\u00ed k d\u016fkladn\u00e9mu vy\u010di\u0161t\u011bn\u00ed velk\u00e9 plochy nebo v\u00edce toalet. Jeden litr p\u0159\u00edpravku vy\u010dist\u00ed v pr\u016fm\u011bru a\u017e 50 m\u00b2 sanit\u00e1rn\u00edch povrch\u016f, co\u017e p\u0159edstavuje ekonomick\u00e9 a \u00fa\u010dinn\u00e9 \u0159e\u0161en\u00ed pro pravideln\u00e9 pou\u017e\u00edv\u00e1n\u00ed.<\/p>\n<p><strong><img decoding=\"async\" style=\"margin-right: 12px;\" src=\"https:\/\/www.ferberpainting.com\/wp-content\/uploads\/2026\/02\/Check.svg\" alt=\"\" width=\"18\" height=\"15\" \/>Bezpe\u010dn\u00e9 pou\u017eit\u00ed.<\/strong>\u00a0Na rozd\u00edl od \u010distic\u00edch prost\u0159edk\u016f na WC obsahuj\u00edc\u00edch kyseliny nebo \u017e\u00edraviny je tento v\u00fdrobek vyroben bez \u0161kodliv\u00fdch l\u00e1tek pro povrchy a zdrav\u00ed. Nezp\u016fsobuje podr\u00e1\u017ed\u011bn\u00ed poko\u017eky ani neuvol\u0148uje toxick\u00e9 v\u00fdpary, tak\u017ee je bezpe\u010dn\u00e9 jej pou\u017e\u00edvat i v uzav\u0159en\u00fdch prostor\u00e1ch. Respektuje vodovodn\u00ed instalace a nepo\u0161kozuje t\u011bsn\u011bn\u00ed ani potrub\u00ed, \u010d\u00edm\u017e zaji\u0161\u0165uje \u00fa\u010dinn\u00e9 a bezpe\u010dn\u00e9 \u010di\u0161t\u011bn\u00ed.<\/p>\n<p><strong><img decoding=\"async\" style=\"margin-right: 12px;\" src=\"https:\/\/www.ferberpainting.com\/wp-content\/uploads\/2026\/02\/Check.svg\" alt=\"\" width=\"18\" height=\"15\" \/>Snadn\u00e9 pou\u017eit\u00ed.<\/strong>\u00a0Tento produkt je p\u0159ipraven k pou\u017eit\u00ed a nevy\u017eaduje \u017e\u00e1dn\u00e9 \u0159ed\u011bn\u00ed ani slo\u017eitou p\u0159\u00edpravu. Aplikuje se p\u0159\u00edmo do toaletn\u00ed m\u00edsy, na st\u011bny a pod okraj pro hloubkov\u00e9 \u010di\u0161t\u011bn\u00ed. Jeho rychl\u00fd \u00fa\u010dinek odstra\u0148uje vodn\u00ed k\u00e1men a ne\u010distoty b\u011bhem n\u011bkolika minut bez nutnosti intenzivn\u00edho drhnut\u00ed. Jeho intuitivn\u00ed pou\u017eit\u00ed usnad\u0148uje ka\u017edodenn\u00ed \u00fadr\u017ebu toalety a z\u00e1rove\u0148 zaji\u0161\u0165uje optim\u00e1ln\u00ed \u010distotu v minim\u00e1ln\u00edm \u010dase.<\/p>\n<p><strong><img decoding=\"async\" style=\"margin-right: 12px;\" src=\"https:\/\/www.ferberpainting.com\/wp-content\/uploads\/2026\/02\/Check.svg\" alt=\"\" width=\"18\" height=\"15\" \/>Prodlou\u017een\u00e1 \u017eivotnost.<\/strong>\u00a0Pravideln\u00fdm odstra\u0148ov\u00e1n\u00edm vodn\u00edho kamene a usazenin pom\u00e1h\u00e1 tento \u010distic\u00ed prost\u0159edek prodlu\u017eovat \u017eivotnost sanit\u00e1rn\u00edch za\u0159\u00edzen\u00ed a p\u0159edch\u00e1zet p\u0159ed\u010dasn\u00e9mu opot\u0159eben\u00ed toaletn\u00edch m\u00eds a potrub\u00ed. Zabra\u0148uje usazov\u00e1n\u00ed zbytk\u016f, kter\u00e9 by mohly zp\u016fsobit ucp\u00e1n\u00ed nebo poruchy, a zaji\u0161\u0165uje tak plynul\u00e9 splachov\u00e1n\u00ed a snadn\u011bj\u0161\u00ed \u00fadr\u017ebu. Pravideln\u00e9 pou\u017e\u00edv\u00e1n\u00ed zachov\u00e1v\u00e1 lesk i \u00fa\u010dinnost toalet v pr\u016fb\u011bhu \u010dasu.<\/p>\n<p><strong><img decoding=\"async\" style=\"margin-right: 12px;\" src=\"https:\/\/www.ferberpainting.com\/wp-content\/uploads\/2026\/02\/Check.svg\" alt=\"\" width=\"18\" height=\"15\" \/>Rychl\u00e1 akce.<\/strong>\u00a0D\u00edky sv\u00e9mu vysoce aktivn\u00edmu slo\u017een\u00ed p\u016fsob\u00ed tento \u010distic\u00ed prost\u0159edek okam\u017eit\u011b na skvrny a miner\u00e1ln\u00ed usazeniny. B\u011bhem n\u011bkolika minut rozpust\u00ed ne\u010distoty a usnadn\u00ed jejich odstran\u011bn\u00ed bez nutnosti v\u011bt\u0161\u00ed n\u00e1mahy. P\u0159in\u00e1\u0161\u00ed rychl\u00e9 a \u00fa\u010dinn\u00e9 \u010di\u0161t\u011bn\u00ed - ide\u00e1ln\u00ed pro pravidelnou \u00fadr\u017ebu toalety, zaji\u0161\u0165uj\u00edc\u00ed dokonalou hygienu a optim\u00e1ln\u00ed komfort.<\/p>\n<h2><strong>Protokol o pou\u017eit\u00ed<\/strong><\/h2>\n<ul>\n<li><strong>P\u0159\u00edprava <\/strong>: Ujist\u011bte se, \u017ee je toaleta p\u0159ipravena k \u010di\u0161t\u011bn\u00ed. V p\u0159\u00edpad\u011b pot\u0159eby odstra\u0148te p\u0159ebyte\u010dnou vodu pro lep\u0161\u00ed \u00fa\u010dinnost v\u00fdrobku na exponovan\u00fdch povr\u0161\u00edch.<\/li>\n<li><strong>P\u0159\u00edm\u00e1 aplikace do misky <\/strong>: Nalijte dostate\u010dn\u00e9 mno\u017estv\u00ed \u010distic\u00edho prost\u0159edku (cca 100 ml) na vnit\u0159n\u00ed st\u011bny, pod okraj a na dno z\u00e1chodov\u00e9 m\u00edsy. Ujist\u011bte se, \u017ee je p\u0159\u00edpravek dob\u0159e rozprost\u0159en, aby pokryl cel\u00fd povrch.<\/li>\n<li><strong>Aplikace na sanit\u00e1rn\u00ed povrchy <\/strong>: K \u010di\u0161t\u011bn\u00ed umyvadel, van, sprchov\u00fdch kout\u016f nebo obklad\u016f aplikujte p\u0159\u00edpravek pomoc\u00ed houby nebo ut\u011brky z mikrovl\u00e1kna. Rovnom\u011brn\u011b rozet\u0159ete a nechte n\u011bkolik minut p\u016fsobit.<\/li>\n<li><strong>Doba zdr\u017een\u00ed <\/strong>: Nechte p\u0159\u00edpravek p\u016fsobit 5 a\u017e 10 minut, aby rozpustil ne\u010distoty a usazen\u00fd vodn\u00ed k\u00e1men. U odoln\u011bj\u0161\u00edch usazenin nechte p\u0159ed drhnut\u00edm p\u016fsobit a\u017e 15 minut.<\/li>\n<li><strong>Drhnut\u00ed a \u010di\u0161t\u011bn\u00ed <\/strong>: Pomoc\u00ed z\u00e1chodov\u00e9 \u0161t\u011btky jemn\u011b vydrhn\u011bte st\u011bny m\u00edsy a odstra\u0148te rozpu\u0161t\u011bn\u00e9 usazeniny. Ostatn\u00ed povrchy jemn\u011b vydrhn\u011bte houbou nebo m\u011bkk\u00fdm kart\u00e1\u010dem, abyste dos\u00e1hli optim\u00e1ln\u00edho \u010di\u0161t\u011bn\u00ed.<\/li>\n<li><strong>Oplachov\u00e1n\u00ed a dokon\u010dovac\u00ed pr\u00e1ce <\/strong>: Propl\u00e1chn\u011bte, abyste vypl\u00e1chli m\u00edsu a odstranili v\u0161echny zbytky produktu. Vn\u011bj\u0161\u00ed nebo sanit\u00e1rn\u00ed povrchy d\u016fkladn\u011b opl\u00e1chn\u011bte \u010distou vodou a ot\u0159ete such\u00fdm had\u0159\u00edkem, aby byl povrch bezchybn\u00fd.<\/li>\n<li><strong>Deodorizace a ochrana <\/strong>: D\u00edky sv\u00e9mu \u010distic\u00edmu \u00fa\u010dinku v\u00fdrobek odstra\u0148uje nep\u0159\u00edjemn\u00e9 pachy a po ka\u017ed\u00e9m pou\u017eit\u00ed zanech\u00e1v\u00e1 sv\u011b\u017e\u00ed v\u016fni. Pravideln\u00e1 \u00fadr\u017eba zajist\u00ed, \u017ee va\u0161e toalety budou v\u017edy \u010dist\u00e9 a p\u0159\u00edjemn\u00e9 na pou\u017e\u00edv\u00e1n\u00ed.<\/li>\n<li><strong>Frekvence pou\u017e\u00edv\u00e1n\u00ed <\/strong>: Aplikujte jednou t\u00fddn\u011b pro pravidelnou \u00fadr\u017ebu toalety a hygieny. P\u0159i intenzivn\u00edm pou\u017e\u00edv\u00e1n\u00ed nebo v prost\u0159ed\u00ed s velmi tvrdou vodou se doporu\u010duje \u010di\u0161t\u011bn\u00ed ka\u017ed\u00e9 3 dny, aby se zabr\u00e1nilo usazov\u00e1n\u00ed vodn\u00edho kamene a bakteri\u00ed.<\/li>\n<li><strong>\u00dalo\u017ei\u0161t\u011b <\/strong>: Po ka\u017ed\u00e9m pou\u017eit\u00ed n\u00e1dobku d\u016fkladn\u011b uzav\u0159ete a skladujte na chladn\u00e9m a such\u00e9m m\u00edst\u011b, mimo dosah sv\u011btla a extr\u00e9mn\u00edch teplot, abyste zachovali \u00fa\u010dinnost p\u0159\u00edpravku po del\u0161\u00ed dobu.<\/li>\n<\/ul>\n<p>S na\u0161\u00edm \u010disti\u010dem na WC zajist\u00edte efektivn\u00ed \u010di\u0161t\u011bn\u00ed bez n\u00e1mahy a z\u00e1rove\u0148 zachov\u00e1te \u010distotu, lesk a dlouhou \u017eivotnost sanit\u00e1rn\u00edch za\u0159\u00edzen\u00ed. Ide\u00e1ln\u00ed \u0159e\u0161en\u00ed pro dokonalou hygienu a v\u017edy bezchybn\u00e9 toalety.<\/p>","protected":false},"excerpt":{"rendered":"<p>Optimal Efficiency.\u00a0This toilet cleaner is specially formulated to effectively remove limescale, mineral deposits, rust stains, and organic residues that accumulate in the bowl and pipes. Thanks to its powerful formula, it penetrates deeply to dissolve impurities and neutralize bad odors, ensuring spotless cleanliness and long-lasting freshness. It leaves your toilets sparkling and disinfected after every [&hellip;]<\/p>\n","protected":false},"featured_media":35845,"comment_status":"open","ping_status":"closed","template":"","meta":{"_uag_custom_page_level_css":"","site-sidebar-layout":"default","site-content-layout":"","ast-site-content-layout":"default","site-content-style":"default","site-sidebar-style":"default","ast-global-header-display":"","ast-banner-title-visibility":"","ast-main-header-display":"","ast-hfb-above-header-display":"","ast-hfb-below-header-display":"","ast-hfb-mobile-header-display":"","site-post-title":"","ast-breadcrumbs-content":"","ast-featured-img":"","footer-sml-layout":"","ast-disable-related-posts":"","theme-transparent-header-meta":"default","adv-header-id-meta":"","stick-header-meta":"","header-above-stick-meta":"","header-main-stick-meta":"","header-below-stick-meta":"","astra-migrate-meta-layouts":"set","ast-page-background-enabled":"default","ast-page-background-meta":{"desktop":{"background-color":"var(--ast-global-color-4)","background-image":"","background-repeat":"repeat","background-position":"center center","background-size":"auto","background-attachment":"scroll","background-type":"","background-media":"","overlay-type":"","overlay-color":"","overlay-opacity":"","overlay-gradient":""},"tablet":{"background-color":"","background-image":"","background-repeat":"repeat","background-position":"center center","background-size":"auto","background-attachment":"scroll","background-type":"","background-media":"","overlay-type":"","overlay-color":"","overlay-opacity":"","overlay-gradient":""},"mobile":{"background-color":"","background-image":"","background-repeat":"repeat","background-position":"center center","background-size":"auto","background-attachment":"scroll","background-type":"","background-media":"","overlay-type":"","overlay-color":"","overlay-opacity":"","overlay-gradient":""}},"ast-content-background-meta":{"desktop":{"background-color":"var(--ast-global-color-5)","background-image":"","background-repeat":"repeat","background-position":"center center","background-size":"auto","background-attachment":"scroll","background-type":"","background-media":"","overlay-type":"","overlay-color":"","overlay-opacity":"","overlay-gradient":""},"tablet":{"background-color":"var(--ast-global-color-5)","background-image":"","background-repeat":"repeat","background-position":"center center","background-size":"auto","background-attachment":"scroll","background-type":"","background-media":"","overlay-type":"","overlay-color":"","overlay-opacity":"","overlay-gradient":""},"mobile":{"background-color":"var(--ast-global-color-5)","background-image":"","background-repeat":"repeat","background-position":"center center","background-size":"auto","background-attachment":"scroll","background-type":"","background-media":"","overlay-type":"","overlay-color":"","overlay-opacity":"","overlay-gradient":""}}},"product_brand":[],"product_cat":[175],"product_tag":[],"class_list":{"0":"post-25585","1":"product","2":"type-product","3":"status-publish","4":"has-post-thumbnail","6":"product_cat-cleaning-products","7":"desktop-align-left","8":"tablet-align-left","9":"mobile-align-left","11":"first","12":"instock","13":"sale","14":"shipping-taxable","15":"purchasable","16":"product-type-variable","17":"has-default-attributes"},"spectra_custom_meta":{"_visibility":["visible"],"_shopify_product_id":["9106242502901"],"_s2w_shopify_domain":["ferberpainting.myshopify.com"],"_shopify_variant_id":["46625790689525"],"_sku":[""],"_manage_stock":["no"],"total_sales":["4"],"_tax_status":["taxable"],"_tax_class":[""],"_backorders":["no"],"_sold_individually":["no"],"_virtual":["no"],"_downloadable":["no"],"_download_limit":["-1"],"_download_expiry":["-1"],"_stock":[null],"_stock_status":["instock"],"_wc_average_rating":["5.00"],"_wc_review_count":["10"],"_product_attributes":["a:1:{s:6:\"volume\";a:6:{s:4:\"name\";s:6:\"Volume\";s:5:\"value\";s:20:\"5 liters | 25 liters\";s:8:\"position\";i:1;s:10:\"is_visible\";i:0;s:12:\"is_variation\";i:1;s:11:\"is_taxonomy\";i:0;}}"],"_product_version":["10.5.1"],"wpse_downloadable_file_names":[""],"wpse_downloadable_file_urls":[""],"_edit_last":["1"],"_default_attributes":["a:1:{s:6:\"volume\";s:8:\"5 liters\";}"],"_edit_lock":["1771242984:1"],"_price":["29.90","129.90"],"merchant-center-availability":["yes"],"merchant-center-category":["4980"],"_thumbnail_id":["35845"],"_wp_page_template":["default"],"_wp_old_date":["2025-05-26"],"_product_image_gallery":["35846"],"site-sidebar-layout":["default"],"ast-site-content-layout":["default"],"site-content-style":["default"],"site-sidebar-style":["default"],"theme-transparent-header-meta":["default"],"_wc_rating_count":["a:1:{i:5;i:10;}"],"astra-migrate-meta-layouts":["set"],"_uag_css_file_name":["uag-css-25585.css"],"_elementor_page_assets":["a:0:{}"],"_uag_page_assets":["a:9:{s:3:\"css\";s:7133:\".uag-blocks-common-selector{z-index:var(--z-index-desktop) !important}@media(max-width: 976px){.uag-blocks-common-selector{z-index:var(--z-index-tablet) !important}}@media(max-width: 767px){.uag-blocks-common-selector{z-index:var(--z-index-mobile) !important}}.wp-block-uagb-image{display:flex}.wp-block-uagb-image__figure{position:relative;display:flex;flex-direction:column;max-width:100%;height:auto;margin:0}.wp-block-uagb-image__figure img{height:auto;display:flex;max-width:100%;transition:box-shadow .2s ease}.wp-block-uagb-image__figure>a{display:inline-block}.wp-block-uagb-image__figure figcaption{text-align:center;margin-top:.5em;margin-bottom:1em}.wp-block-uagb-image .components-placeholder.block-editor-media-placeholder .components-placeholder__instructions{align-self:center}.wp-block-uagb-image--align-left{text-align:left}.wp-block-uagb-image--align-right{text-align:right}.wp-block-uagb-image--align-center{text-align:center}.wp-block-uagb-image--align-full .wp-block-uagb-image__figure{margin-left:calc(50% - 50vw);margin-right:calc(50% - 50vw);max-width:100vw;width:100vw;height:auto}.wp-block-uagb-image--align-full .wp-block-uagb-image__figure img{height:auto;width:100% !important}.wp-block-uagb-image--align-wide .wp-block-uagb-image__figure img{height:auto;width:100%}.wp-block-uagb-image--layout-overlay__color-wrapper{position:absolute;left:0;top:0;right:0;bottom:0;opacity:.2;background:rgba(0,0,0,.5);transition:opacity .35s ease-in-out}.wp-block-uagb-image--layout-overlay-link{position:absolute;left:0;right:0;bottom:0;top:0}.wp-block-uagb-image--layout-overlay .wp-block-uagb-image__figure:hover .wp-block-uagb-image--layout-overlay__color-wrapper{opacity:1}.wp-block-uagb-image--layout-overlay__inner{position:absolute;left:15px;right:15px;bottom:15px;top:15px;display:flex;align-items:center;justify-content:center;flex-direction:column;border-color:#fff;transition:.35s ease-in-out}.wp-block-uagb-image--layout-overlay__inner.top-left,.wp-block-uagb-image--layout-overlay__inner.top-center,.wp-block-uagb-image--layout-overlay__inner.top-right{justify-content:flex-start}.wp-block-uagb-image--layout-overlay__inner.bottom-left,.wp-block-uagb-image--layout-overlay__inner.bottom-center,.wp-block-uagb-image--layout-overlay__inner.bottom-right{justify-content:flex-end}.wp-block-uagb-image--layout-overlay__inner.top-left,.wp-block-uagb-image--layout-overlay__inner.center-left,.wp-block-uagb-image--layout-overlay__inner.bottom-left{align-items:flex-start}.wp-block-uagb-image--layout-overlay__inner.top-right,.wp-block-uagb-image--layout-overlay__inner.center-right,.wp-block-uagb-image--layout-overlay__inner.bottom-right{align-items:flex-end}.wp-block-uagb-image--layout-overlay__inner .uagb-image-heading{color:#fff;transition:transform .35s,opacity .35s ease-in-out;transform:translate3d(0, 24px, 0);margin:0;line-height:1em}.wp-block-uagb-image--layout-overlay__inner .uagb-image-separator{width:30%;border-top-width:2px;border-top-color:#fff;border-top-style:solid;margin-bottom:10px;opacity:0;transition:transform .4s,opacity .4s ease-in-out;transform:translate3d(0, 30px, 0)}.wp-block-uagb-image--layout-overlay__inner .uagb-image-caption{opacity:0;overflow:visible;color:#fff;transition:transform .45s,opacity .45s ease-in-out;transform:translate3d(0, 35px, 0)}.wp-block-uagb-image--layout-overlay__inner:hover .uagb-image-heading,.wp-block-uagb-image--layout-overlay__inner:hover .uagb-image-separator,.wp-block-uagb-image--layout-overlay__inner:hover .uagb-image-caption{opacity:1;transform:translate3d(0, 0, 0)}.wp-block-uagb-image--effect-zoomin .wp-block-uagb-image__figure img,.wp-block-uagb-image--effect-zoomin .wp-block-uagb-image__figure .wp-block-uagb-image--layout-overlay__color-wrapper{transform:scale(1);transition:transform .35s ease-in-out}.wp-block-uagb-image--effect-zoomin .wp-block-uagb-image__figure:hover img,.wp-block-uagb-image--effect-zoomin .wp-block-uagb-image__figure:hover .wp-block-uagb-image--layout-overlay__color-wrapper{transform:scale(1.05)}.wp-block-uagb-image--effect-slide .wp-block-uagb-image__figure img,.wp-block-uagb-image--effect-slide .wp-block-uagb-image__figure .wp-block-uagb-image--layout-overlay__color-wrapper{width:calc(100% + 40px) !important;max-width:none !important;transform:translate3d(-40px, 0, 0);transition:transform .35s ease-in-out}.wp-block-uagb-image--effect-slide .wp-block-uagb-image__figure:hover img,.wp-block-uagb-image--effect-slide .wp-block-uagb-image__figure:hover .wp-block-uagb-image--layout-overlay__color-wrapper{transform:translate3d(0, 0, 0)}.wp-block-uagb-image--effect-grayscale img{filter:grayscale(0%);transition:.35s ease-in-out}.wp-block-uagb-image--effect-grayscale:hover img{filter:grayscale(100%)}.wp-block-uagb-image--effect-blur img{filter:blur(0);transition:.35s ease-in-out}.wp-block-uagb-image--effect-blur:hover img{filter:blur(3px)}.uagb-block-e6f939b3.wp-block-uagb-image--layout-default figure img{box-shadow: 0px 0px 0 #00000070;}.uagb-block-e6f939b3.wp-block-uagb-image .wp-block-uagb-image__figure figcaption{font-style: normal;align-self: center;}.uagb-block-e6f939b3.wp-block-uagb-image--layout-overlay figure img{box-shadow: 0px 0px 0 #00000070;}.uagb-block-e6f939b3.wp-block-uagb-image--layout-overlay .wp-block-uagb-image--layout-overlay__color-wrapper{opacity: 0.2;}.uagb-block-e6f939b3.wp-block-uagb-image--layout-overlay .wp-block-uagb-image--layout-overlay__inner{left: 15px;right: 15px;top: 15px;bottom: 15px;}.uagb-block-e6f939b3.wp-block-uagb-image--layout-overlay .wp-block-uagb-image--layout-overlay__inner .uagb-image-heading{font-style: normal;color: #fff;opacity: 1;}.uagb-block-e6f939b3.wp-block-uagb-image--layout-overlay .wp-block-uagb-image--layout-overlay__inner .uagb-image-heading a{color: #fff;}.uagb-block-e6f939b3.wp-block-uagb-image--layout-overlay .wp-block-uagb-image--layout-overlay__inner .uagb-image-caption{opacity: 0;}.uagb-block-e6f939b3.wp-block-uagb-image--layout-overlay .wp-block-uagb-image__figure:hover .wp-block-uagb-image--layout-overlay__color-wrapper{opacity: 1;}.uagb-block-e6f939b3.wp-block-uagb-image .wp-block-uagb-image--layout-overlay__inner .uagb-image-separator{width: 30%;border-top-width: 2px;border-top-color: #fff;opacity: 0;}.uagb-block-e6f939b3.wp-block-uagb-image .wp-block-uagb-image__figure img{width: px;height: auto;}.uagb-block-e6f939b3.wp-block-uagb-image .wp-block-uagb-image__figure:hover .wp-block-uagb-image--layout-overlay__inner .uagb-image-caption{opacity: 1;}.uagb-block-e6f939b3.wp-block-uagb-image .wp-block-uagb-image__figure:hover .wp-block-uagb-image--layout-overlay__inner .uagb-image-separator{opacity: 1;}.uagb-block-e6f939b3.wp-block-uagb-image--layout-default figure:hover img{box-shadow: 0px 0px 0 #00000070;}.uagb-block-e6f939b3.wp-block-uagb-image--layout-overlay figure:hover img{box-shadow: 0px 0px 0 #00000070;}@media only screen and (max-width: 976px) {.uagb-block-e6f939b3.wp-block-uagb-image .wp-block-uagb-image__figure img{width: px;height: auto;}}@media only screen and (max-width: 767px) {.uagb-block-e6f939b3.wp-block-uagb-image .wp-block-uagb-image__figure img{width: px;height: auto;}}\";s:2:\"js\";s:0:\"\";s:18:\"current_block_list\";a:13:{i:0;s:11:\"core\/search\";i:1;s:10:\"core\/group\";i:2;s:12:\"core\/heading\";i:3;s:17:\"core\/latest-posts\";i:4;s:20:\"core\/latest-comments\";i:5;s:13:\"core\/archives\";i:6;s:15:\"core\/categories\";i:7;s:14:\"core\/paragraph\";i:8;s:10:\"uagb\/image\";i:9;s:11:\"core\/spacer\";i:10;s:30:\"woocommerce\/product-categories\";i:11;s:10:\"core\/image\";i:12;s:14:\"core\/shortcode\";}s:8:\"uag_flag\";b:1;s:11:\"uag_version\";s:10:\"1777116105\";s:6:\"gfonts\";a:0:{}s:10:\"gfonts_url\";s:0:\"\";s:12:\"gfonts_files\";a:0:{}s:14:\"uag_faq_layout\";b:0;}"]},"uagb_featured_image_src":{"full":["https:\/\/www.ferberpainting.com\/wp-content\/uploads\/2025\/05\/Toilet-Cleaner-5L.png",2560,2560,false],"thumbnail":["https:\/\/www.ferberpainting.com\/wp-content\/uploads\/2025\/05\/Toilet-Cleaner-5L-150x150.png",150,150,true],"medium":["https:\/\/www.ferberpainting.com\/wp-content\/uploads\/2025\/05\/Toilet-Cleaner-5L-300x300.png",300,300,true],"medium_large":["https:\/\/www.ferberpainting.com\/wp-content\/uploads\/2025\/05\/Toilet-Cleaner-5L-768x768.png",768,768,true],"large":["https:\/\/www.ferberpainting.com\/wp-content\/uploads\/2025\/05\/Toilet-Cleaner-5L-1024x1024.png",1024,1024,true],"1536x1536":["https:\/\/www.ferberpainting.com\/wp-content\/uploads\/2025\/05\/Toilet-Cleaner-5L-1536x1536.png",1536,1536,true],"2048x2048":["https:\/\/www.ferberpainting.com\/wp-content\/uploads\/2025\/05\/Toilet-Cleaner-5L-2048x2048.png",2048,2048,true],"trp-custom-language-flag":["https:\/\/www.ferberpainting.com\/wp-content\/uploads\/2025\/05\/Toilet-Cleaner-5L-12x12.png",12,12,true],"woocommerce_thumbnail":["https:\/\/www.ferberpainting.com\/wp-content\/uploads\/2025\/05\/Toilet-Cleaner-5L-300x300.png",300,300,true],"woocommerce_single":["https:\/\/www.ferberpainting.com\/wp-content\/uploads\/2025\/05\/Toilet-Cleaner-5L-600x600.png",600,600,true],"woocommerce_gallery_thumbnail":["https:\/\/www.ferberpainting.com\/wp-content\/uploads\/2025\/05\/Toilet-Cleaner-5L-100x100.png",100,100,true]},"uagb_author_info":{"display_name":"admin","author_link":"https:\/\/www.ferberpainting.com\/cz\/author\/"},"uagb_comment_info":10,"uagb_excerpt":"Optimal Efficiency.\u00a0This toilet cleaner is specially formulated to effectively remove limescale, mineral deposits, rust stains, and organic residues that accumulate in the bowl and pipes. Thanks to its powerful formula, it penetrates deeply to dissolve impurities and neutralize bad odors, ensuring spotless cleanliness and long-lasting freshness. It leaves your toilets sparkling and disinfected after every&hellip;","_links":{"self":[{"href":"https:\/\/www.ferberpainting.com\/cz\/wp-json\/wp\/v2\/product\/25585","targetHints":{"allow":["GET"]}}],"collection":[{"href":"https:\/\/www.ferberpainting.com\/cz\/wp-json\/wp\/v2\/product"}],"about":[{"href":"https:\/\/www.ferberpainting.com\/cz\/wp-json\/wp\/v2\/types\/product"}],"replies":[{"embeddable":true,"href":"https:\/\/www.ferberpainting.com\/cz\/wp-json\/wp\/v2\/comments?post=25585"}],"version-history":[{"count":4,"href":"https:\/\/www.ferberpainting.com\/cz\/wp-json\/wp\/v2\/product\/25585\/revisions"}],"predecessor-version":[{"id":167436,"href":"https:\/\/www.ferberpainting.com\/cz\/wp-json\/wp\/v2\/product\/25585\/revisions\/167436"}],"wp:featuredmedia":[{"embeddable":true,"href":"https:\/\/www.ferberpainting.com\/cz\/wp-json\/wp\/v2\/media\/35845"}],"wp:attachment":[{"href":"https:\/\/www.ferberpainting.com\/cz\/wp-json\/wp\/v2\/media?parent=25585"}],"wp:term":[{"taxonomy":"product_brand","embeddable":true,"href":"https:\/\/www.ferberpainting.com\/cz\/wp-json\/wp\/v2\/product_brand?post=25585"},{"taxonomy":"product_cat","embeddable":true,"href":"https:\/\/www.ferberpainting.com\/cz\/wp-json\/wp\/v2\/product_cat?post=25585"},{"taxonomy":"product_tag","embeddable":true,"href":"https:\/\/www.ferberpainting.com\/cz\/wp-json\/wp\/v2\/product_tag?post=25585"}],"curies":[{"name":"wp","href":"https:\/\/api.w.org\/{rel}","templated":true}]}}