{"id":25572,"date":"2025-05-26T10:32:23","date_gmt":"2025-05-26T08:32:23","guid":{"rendered":"https:\/\/www.ferberpainting.com\/products\/tile-varnish\/"},"modified":"2026-02-16T12:46:23","modified_gmt":"2026-02-16T11:46:23","slug":"tile-varnish","status":"publish","type":"product","link":"https:\/\/www.ferberpainting.com\/cz\/products\/tile-varnish\/","title":{"rendered":"Lak na dla\u017edice"},"content":{"rendered":"<p><strong><img decoding=\"async\" style=\"margin-right: 12px;\" src=\"https:\/\/www.ferberpainting.com\/wp-content\/uploads\/2026\/02\/Check.svg\" alt=\"\" width=\"18\" height=\"15\" \/>Odoln\u00e1 ochrana a zkr\u00e1\u0161len\u00ed obklad\u016f a dla\u017eeb.<\/strong>\u00a0Tento lak na dla\u017edice je speci\u00e1ln\u011b navr\u017een pro ochranu a vylep\u0161en\u00ed dla\u017edicov\u00fdch povrch\u016f t\u00edm, \u017ee poskytuje zv\u00fd\u0161enou odolnost v\u016f\u010di vn\u011bj\u0161\u00edm vliv\u016fm. Vytv\u00e1\u0159\u00ed neviditeln\u00fd ochrann\u00fd film, kter\u00fd zachov\u00e1v\u00e1 lesk dla\u017edic, sni\u017euje opot\u0159eben\u00ed a usnad\u0148uje \u00fadr\u017ebu, \u010d\u00edm\u017e zaji\u0161\u0165uje bezchybn\u00fd a trvanliv\u00fd povrch.<\/p>\n<p><strong><img decoding=\"async\" style=\"margin-right: 12px;\" src=\"https:\/\/www.ferberpainting.com\/wp-content\/uploads\/2026\/02\/Check.svg\" alt=\"\" width=\"18\" height=\"15\" \/>Z\u00e1ruka vr\u00e1cen\u00ed pen\u011bz.<\/strong>\u00a0Jsme si naprosto jisti \u00fa\u010dinnost\u00ed na\u0161eho laku na dla\u017edice. Proto nab\u00edz\u00edme z\u00e1ruku vr\u00e1cen\u00ed pen\u011bz. Pokud v\u00fdrobek po aplikaci podle na\u0161ich doporu\u010den\u00ed nespln\u00ed va\u0161e o\u010dek\u00e1v\u00e1n\u00ed, m\u016f\u017eete po\u017e\u00e1dat o vr\u00e1cen\u00ed pen\u011bz bez jak\u00fdchkoli podm\u00ednek, \u010d\u00edm\u017e si zajist\u00edte bezpe\u010dn\u00fd a bezrizikov\u00fd n\u00e1kup.<\/p>\n<p><strong><img decoding=\"async\" style=\"margin-right: 12px;\" src=\"https:\/\/www.ferberpainting.com\/wp-content\/uploads\/2026\/02\/Check.svg\" alt=\"\" width=\"18\" height=\"15\" \/>Kompatibiln\u00ed s r\u016fzn\u00fdmi typy povrch\u016f.<\/strong>\u00a0Tento lak je ide\u00e1ln\u00ed pro v\u0161echny typy obklad\u016f a dla\u017eeb, a\u0165 u\u017e se jedn\u00e1 o porcel\u00e1n, kameninu, terakotu, p\u0159\u00edrodn\u00ed k\u00e1men nebo voskovan\u00fd beton. Je vhodn\u00fd pro povrchy st\u011bn i podlah, pracovn\u00edch desek nebo zadn\u00edch st\u011bn a nab\u00edz\u00ed univerz\u00e1ln\u00ed \u0159e\u0161en\u00ed pro renovaci a ochranu obklad\u016f z dla\u017edic.<\/p>\n<p><strong><img decoding=\"async\" style=\"margin-right: 12px;\" src=\"https:\/\/www.ferberpainting.com\/wp-content\/uploads\/2026\/02\/Check.svg\" alt=\"\" width=\"18\" height=\"15\" \/>Optimalizovan\u00fd ekonomick\u00fd v\u00fdkon.<\/strong>\u00a0D\u00edky vysok\u00e9 koncentraci pokryje 1 litr laku 8 a\u017e 12 m\u00b2 v z\u00e1vislosti na p\u00f3rovitosti dla\u017edic a tlou\u0161\u0165ce nanesen\u00e9 vrstvy. Jeho vysok\u00e1 kryc\u00ed schopnost zaji\u0161\u0165uje \u00fa\u010dinnou ochranu ji\u017e po jedn\u00e9 nebo dvou vrstv\u00e1ch, \u010d\u00edm\u017e optimalizuje spot\u0159ebu v\u00fdrobku a sni\u017euje dlouhodob\u00e9 n\u00e1klady na \u00fadr\u017ebu.<\/p>\n<p><strong><img decoding=\"async\" style=\"margin-right: 12px;\" src=\"https:\/\/www.ferberpainting.com\/wp-content\/uploads\/2026\/02\/Check.svg\" alt=\"\" width=\"18\" height=\"15\" \/>Bezpe\u010dn\u00fd a netoxick\u00fd v\u00fdrobek.<\/strong>\u00a0Tento lak je vyroben bez drsn\u00fdch rozpou\u0161t\u011bdel a \u0161kodliv\u00fdch v\u00fdpar\u016f, je tedy pro u\u017eivatele bezpe\u010dn\u00fd a \u0161etrn\u00fd k \u017eivotn\u00edmu prost\u0159ed\u00ed. Nevyd\u00e1v\u00e1 nep\u0159\u00edjemn\u00fd z\u00e1pach a lze jej pou\u017e\u00edvat v interi\u00e9ru bez jak\u00e9hokoli zdravotn\u00edho rizika, tak\u017ee je dokonale vhodn\u00fd pro obytn\u00e9 prostory, jako jsou kuchyn\u011b, koupelny nebo komer\u010dn\u00ed prostory.<\/p>\n<p><strong><img decoding=\"async\" style=\"margin-right: 12px;\" src=\"https:\/\/www.ferberpainting.com\/wp-content\/uploads\/2026\/02\/Check.svg\" alt=\"\" width=\"18\" height=\"15\" \/>Snadn\u00e1 aplikace pro profesion\u00e1ln\u00ed v\u00fdsledky.<\/strong>\u00a0Tento lak je p\u0159ipraven k pou\u017eit\u00ed a nevy\u017eaduje \u017e\u00e1dnou slo\u017eitou p\u0159\u00edpravu. Nan\u00e1\u0161\u00ed se p\u0159\u00edmo \u0161t\u011btcem, v\u00e1le\u010dkem nebo rozpra\u0161ova\u010dem, co\u017e zaji\u0161\u0165uje rovnom\u011brn\u00e9 rozlo\u017een\u00ed a schnut\u00ed beze \u0161mouh. Jeho plynul\u00e1 a rovnom\u011brn\u00e1 aplikace umo\u017e\u0148uje dos\u00e1hnout bezvadn\u00e9 povrchov\u00e9 \u00fapravy i za\u010d\u00ednaj\u00edc\u00edm u\u017eivatel\u016fm.<\/p>\n<p><strong><img decoding=\"async\" style=\"margin-right: 12px;\" src=\"https:\/\/www.ferberpainting.com\/wp-content\/uploads\/2026\/02\/Check.svg\" alt=\"\" width=\"18\" height=\"15\" \/>Trvanlivost a odolnost v\u016f\u010di ka\u017edodenn\u00edm vliv\u016fm.<\/strong>\u00a0Po nanesen\u00ed a zaschnut\u00ed tento lak chr\u00e1n\u00ed dla\u017edice p\u0159ed n\u00e1razy, po\u0161kr\u00e1b\u00e1n\u00edm, vlhkost\u00ed a skvrnami a zabra\u0148uje jejich p\u0159ed\u010dasn\u00e9mu st\u00e1rnut\u00ed. Odol\u00e1v\u00e1 dom\u00e1c\u00edm prost\u0159edk\u016fm, st\u0159\u00edkaj\u00edc\u00ed vod\u011b a \u010dast\u00e9mu pohybu nohou a poskytuje dlouhotrvaj\u00edc\u00ed ochranu, ani\u017e by se zm\u011bnil vzhled n\u00e1t\u011bru.<\/p>\n<p><strong><img decoding=\"async\" style=\"margin-right: 12px;\" src=\"https:\/\/www.ferberpainting.com\/wp-content\/uploads\/2026\/02\/Check.svg\" alt=\"\" width=\"18\" height=\"15\" \/>Rychl\u00e9 schnut\u00ed a okam\u017eit\u00fd n\u00e1vrat do provozu.<\/strong>\u00a0D\u00edky sv\u00e9mu rychleschnouc\u00edmu slo\u017een\u00ed je tento lak na dotek such\u00fd za 30 a\u017e 60 minut a lze s n\u00edm manipulovat po 24 hodin\u00e1ch. Umo\u017e\u0148uje tak expresn\u00ed renovaci obkladov\u00fdch povrch\u016f bez dlouhodob\u00e9ho znehybn\u011bn\u00ed m\u00edstnost\u00ed, tak\u017ee je ide\u00e1ln\u00ed pro rychl\u00e9 renovace a projekty vy\u017eaduj\u00edc\u00ed okam\u017eitou povrchovou \u00fapravu.<\/p>\n<h2><strong>Protokol o pou\u017eit\u00ed<\/strong><\/h2>\n<ul>\n<li><strong>P\u0159\u00edprava povrchu <\/strong>: Dla\u017edice pe\u010dliv\u011b o\u010dist\u011bte, abyste odstranili prach, ne\u010distoty, mastnotu nebo zbytky m\u00fddla. V p\u0159\u00edpad\u011b pot\u0159eby povrch odmast\u011bte vhodn\u00fdm \u010distic\u00edm prost\u0159edkem a p\u0159ed aplikac\u00ed jej nechte zcela vyschnout.<\/li>\n<li><strong>Doporu\u010den\u00e9 d\u00e1vkov\u00e1n\u00ed <\/strong>: Naneste p\u0159ibli\u017en\u011b 1 litr na 8 a\u017e 12 m\u00b2 v z\u00e1vislosti na p\u00f3rovitosti a struktu\u0159e dla\u017edic. Jedna vrstva posta\u010d\u00ed pro dla\u017edice s malou expozic\u00ed, zat\u00edmco druh\u00e1 vrstva zv\u00fd\u0161\u00ed ochranu siln\u011b nam\u00e1han\u00fdch povrch\u016f.<\/li>\n<li><strong>Nan\u00e1\u0161en\u00ed laku <\/strong>: P\u0159\u00edpravek nan\u00e1\u0161ejte \u0161t\u011btcem, v\u00e1le\u010dkem s kr\u00e1tk\u00fdm vlasem nebo rozpra\u0161ova\u010dem, p\u0159i\u010dem\u017e dbejte na to, aby byl p\u0159\u00edpravek dob\u0159e napnut\u00fd, aby se zabr\u00e1nilo jeho nadm\u011brn\u00e9mu hromad\u011bn\u00ed a odkap\u00e1v\u00e1n\u00ed. Pracujte po \u010d\u00e1stech, abyste zajistili rovnom\u011brn\u00e9 rozlo\u017een\u00ed.<\/li>\n<li><strong>Doba su\u0161en\u00ed <\/strong>: P\u0159ed p\u0159\u00edpadn\u00fdm nanesen\u00edm druh\u00e9 vrstvy nechte 30 a\u017e 60 minut zaschnout. Pro dosa\u017een\u00ed optim\u00e1ln\u00ed odolnosti po\u010dkejte 24 hodin, ne\u017e za\u010dnete oblo\u017eenou plochu op\u011bt b\u011b\u017en\u011b pou\u017e\u00edvat.<\/li>\n<li><strong>\u00dadr\u017eba a trvanlivost <\/strong>: Po zaschnut\u00ed laku udr\u017eujte dla\u017edice jemn\u00fdmi \u010distic\u00edmi prost\u0159edky pro dom\u00e1cnost, aby si zachovaly sv\u016fj lesk. V p\u0159\u00edpad\u011b opot\u0159eben\u00ed sta\u010d\u00ed znovu nan\u00e9st lak, kter\u00fd obnov\u00ed ochranu i vzhled.<\/li>\n<li><strong>N\u00e1stroje na \u010di\u0161t\u011bn\u00ed <\/strong>: Ihned po aplikaci o\u010dist\u011bte \u0161t\u011btce, v\u00e1le\u010dky a st\u0159\u00edkac\u00ed pistole \u010distou vodou, ne\u017e lak zaschne, abyste prodlou\u017eili \u017eivotnost n\u00e1\u0159ad\u00ed.<\/li>\n<\/ul>","protected":false},"excerpt":{"rendered":"<p>Durable protection and embellishment of tiles.\u00a0This tile varnish is specially designed to protect and enhance tiled surfaces by offering increased resistance to external aggressions. It forms an invisible protective film that preserves the shine of tiles, reduces wear, and facilitates maintenance, thus ensuring a flawless and durable finish. Money-back guarantee.\u00a0We have absolute confidence in the [&hellip;]<\/p>\n","protected":false},"featured_media":27421,"comment_status":"open","ping_status":"closed","template":"","meta":{"_uag_custom_page_level_css":"","site-sidebar-layout":"default","site-content-layout":"","ast-site-content-layout":"default","site-content-style":"default","site-sidebar-style":"default","ast-global-header-display":"","ast-banner-title-visibility":"","ast-main-header-display":"","ast-hfb-above-header-display":"","ast-hfb-below-header-display":"","ast-hfb-mobile-header-display":"","site-post-title":"","ast-breadcrumbs-content":"","ast-featured-img":"","footer-sml-layout":"","ast-disable-related-posts":"","theme-transparent-header-meta":"default","adv-header-id-meta":"","stick-header-meta":"","header-above-stick-meta":"","header-main-stick-meta":"","header-below-stick-meta":"","astra-migrate-meta-layouts":"set","ast-page-background-enabled":"default","ast-page-background-meta":{"desktop":{"background-color":"var(--ast-global-color-4)","background-image":"","background-repeat":"repeat","background-position":"center center","background-size":"auto","background-attachment":"scroll","background-type":"","background-media":"","overlay-type":"","overlay-color":"","overlay-opacity":"","overlay-gradient":""},"tablet":{"background-color":"","background-image":"","background-repeat":"repeat","background-position":"center center","background-size":"auto","background-attachment":"scroll","background-type":"","background-media":"","overlay-type":"","overlay-color":"","overlay-opacity":"","overlay-gradient":""},"mobile":{"background-color":"","background-image":"","background-repeat":"repeat","background-position":"center center","background-size":"auto","background-attachment":"scroll","background-type":"","background-media":"","overlay-type":"","overlay-color":"","overlay-opacity":"","overlay-gradient":""}},"ast-content-background-meta":{"desktop":{"background-color":"var(--ast-global-color-5)","background-image":"","background-repeat":"repeat","background-position":"center center","background-size":"auto","background-attachment":"scroll","background-type":"","background-media":"","overlay-type":"","overlay-color":"","overlay-opacity":"","overlay-gradient":""},"tablet":{"background-color":"var(--ast-global-color-5)","background-image":"","background-repeat":"repeat","background-position":"center center","background-size":"auto","background-attachment":"scroll","background-type":"","background-media":"","overlay-type":"","overlay-color":"","overlay-opacity":"","overlay-gradient":""},"mobile":{"background-color":"var(--ast-global-color-5)","background-image":"","background-repeat":"repeat","background-position":"center center","background-size":"auto","background-attachment":"scroll","background-type":"","background-media":"","overlay-type":"","overlay-color":"","overlay-opacity":"","overlay-gradient":""}}},"product_brand":[],"product_cat":[190],"product_tag":[],"class_list":{"0":"post-25572","1":"product","2":"type-product","3":"status-publish","4":"has-post-thumbnail","6":"product_cat-varnish","7":"desktop-align-left","8":"tablet-align-left","9":"mobile-align-left","11":"first","12":"instock","13":"sale","14":"shipping-taxable","15":"purchasable","16":"product-type-variable","17":"has-default-attributes"},"spectra_custom_meta":{"_visibility":["visible"],"_shopify_product_id":["9060321657077"],"_s2w_shopify_domain":["ferberpainting.myshopify.com"],"_shopify_variant_id":["46483053641973"],"_sku":[""],"_manage_stock":["no"],"total_sales":["251"],"_tax_status":["taxable"],"_tax_class":[""],"_backorders":["no"],"_sold_individually":["no"],"_virtual":["no"],"_downloadable":["no"],"_download_limit":["-1"],"_download_expiry":["-1"],"_stock":[null],"_stock_status":["instock"],"_wc_average_rating":["4.57"],"_wc_review_count":["7"],"_product_attributes":["a:1:{s:6:\"volume\";a:6:{s:4:\"name\";s:6:\"Volume\";s:5:\"value\";s:30:\"1 liter | 5 liters | 20 liters\";s:8:\"position\";i:1;s:10:\"is_visible\";i:0;s:12:\"is_variation\";i:1;s:11:\"is_taxonomy\";i:0;}}"],"_product_version":["10.5.1"],"_thumbnail_id":["27421"],"_product_image_gallery":["27422,27423"],"wpse_downloadable_file_names":[""],"wpse_downloadable_file_urls":[""],"_edit_last":["1"],"_default_attributes":["a:1:{s:6:\"volume\";s:7:\"1 liter\";}"],"_edit_lock":["1771242257:1"],"_price":["29.90","129.90","499.90"],"merchant-center-availability":["yes"],"merchant-center-category":["503738"],"_wp_page_template":["default"],"site-sidebar-layout":["default"],"ast-site-content-layout":["default"],"site-content-style":["default"],"site-sidebar-style":["default"],"theme-transparent-header-meta":["default"],"_wc_rating_count":["a:2:{i:4;i:3;i:5;i:4;}"],"astra-migrate-meta-layouts":["set"],"_uag_css_file_name":["uag-css-25572.css"],"_elementor_page_assets":["a:0:{}"],"_uag_page_assets":["a:9:{s:3:\"css\";s:6873:\".wp-block-uagb-image{display:flex}.wp-block-uagb-image__figure{position:relative;display:flex;flex-direction:column;max-width:100%;height:auto;margin:0}.wp-block-uagb-image__figure img{height:auto;display:flex;max-width:100%;transition:box-shadow .2s ease}.wp-block-uagb-image__figure>a{display:inline-block}.wp-block-uagb-image__figure figcaption{text-align:center;margin-top:.5em;margin-bottom:1em}.wp-block-uagb-image .components-placeholder.block-editor-media-placeholder .components-placeholder__instructions{align-self:center}.wp-block-uagb-image--align-left{text-align:left}.wp-block-uagb-image--align-right{text-align:right}.wp-block-uagb-image--align-center{text-align:center}.wp-block-uagb-image--align-full .wp-block-uagb-image__figure{margin-left:calc(50% - 50vw);margin-right:calc(50% - 50vw);max-width:100vw;width:100vw;height:auto}.wp-block-uagb-image--align-full .wp-block-uagb-image__figure img{height:auto;width:100% !important}.wp-block-uagb-image--align-wide .wp-block-uagb-image__figure img{height:auto;width:100%}.wp-block-uagb-image--layout-overlay__color-wrapper{position:absolute;left:0;top:0;right:0;bottom:0;opacity:.2;background:rgba(0,0,0,.5);transition:opacity .35s ease-in-out}.wp-block-uagb-image--layout-overlay-link{position:absolute;left:0;right:0;bottom:0;top:0}.wp-block-uagb-image--layout-overlay .wp-block-uagb-image__figure:hover .wp-block-uagb-image--layout-overlay__color-wrapper{opacity:1}.wp-block-uagb-image--layout-overlay__inner{position:absolute;left:15px;right:15px;bottom:15px;top:15px;display:flex;align-items:center;justify-content:center;flex-direction:column;border-color:#fff;transition:.35s ease-in-out}.wp-block-uagb-image--layout-overlay__inner.top-left,.wp-block-uagb-image--layout-overlay__inner.top-center,.wp-block-uagb-image--layout-overlay__inner.top-right{justify-content:flex-start}.wp-block-uagb-image--layout-overlay__inner.bottom-left,.wp-block-uagb-image--layout-overlay__inner.bottom-center,.wp-block-uagb-image--layout-overlay__inner.bottom-right{justify-content:flex-end}.wp-block-uagb-image--layout-overlay__inner.top-left,.wp-block-uagb-image--layout-overlay__inner.center-left,.wp-block-uagb-image--layout-overlay__inner.bottom-left{align-items:flex-start}.wp-block-uagb-image--layout-overlay__inner.top-right,.wp-block-uagb-image--layout-overlay__inner.center-right,.wp-block-uagb-image--layout-overlay__inner.bottom-right{align-items:flex-end}.wp-block-uagb-image--layout-overlay__inner .uagb-image-heading{color:#fff;transition:transform .35s,opacity .35s ease-in-out;transform:translate3d(0, 24px, 0);margin:0;line-height:1em}.wp-block-uagb-image--layout-overlay__inner .uagb-image-separator{width:30%;border-top-width:2px;border-top-color:#fff;border-top-style:solid;margin-bottom:10px;opacity:0;transition:transform .4s,opacity .4s ease-in-out;transform:translate3d(0, 30px, 0)}.wp-block-uagb-image--layout-overlay__inner .uagb-image-caption{opacity:0;overflow:visible;color:#fff;transition:transform .45s,opacity .45s ease-in-out;transform:translate3d(0, 35px, 0)}.wp-block-uagb-image--layout-overlay__inner:hover .uagb-image-heading,.wp-block-uagb-image--layout-overlay__inner:hover .uagb-image-separator,.wp-block-uagb-image--layout-overlay__inner:hover .uagb-image-caption{opacity:1;transform:translate3d(0, 0, 0)}.wp-block-uagb-image--effect-zoomin .wp-block-uagb-image__figure img,.wp-block-uagb-image--effect-zoomin .wp-block-uagb-image__figure .wp-block-uagb-image--layout-overlay__color-wrapper{transform:scale(1);transition:transform .35s ease-in-out}.wp-block-uagb-image--effect-zoomin .wp-block-uagb-image__figure:hover img,.wp-block-uagb-image--effect-zoomin .wp-block-uagb-image__figure:hover .wp-block-uagb-image--layout-overlay__color-wrapper{transform:scale(1.05)}.wp-block-uagb-image--effect-slide .wp-block-uagb-image__figure img,.wp-block-uagb-image--effect-slide .wp-block-uagb-image__figure .wp-block-uagb-image--layout-overlay__color-wrapper{width:calc(100% + 40px) !important;max-width:none !important;transform:translate3d(-40px, 0, 0);transition:transform .35s ease-in-out}.wp-block-uagb-image--effect-slide .wp-block-uagb-image__figure:hover img,.wp-block-uagb-image--effect-slide .wp-block-uagb-image__figure:hover .wp-block-uagb-image--layout-overlay__color-wrapper{transform:translate3d(0, 0, 0)}.wp-block-uagb-image--effect-grayscale img{filter:grayscale(0%);transition:.35s ease-in-out}.wp-block-uagb-image--effect-grayscale:hover img{filter:grayscale(100%)}.wp-block-uagb-image--effect-blur img{filter:blur(0);transition:.35s ease-in-out}.wp-block-uagb-image--effect-blur:hover img{filter:blur(3px)}.uagb-block-e6f939b3.wp-block-uagb-image--layout-default figure img{box-shadow: 0px 0px 0 #00000070;}.uagb-block-e6f939b3.wp-block-uagb-image .wp-block-uagb-image__figure figcaption{font-style: normal;align-self: center;}.uagb-block-e6f939b3.wp-block-uagb-image--layout-overlay figure img{box-shadow: 0px 0px 0 #00000070;}.uagb-block-e6f939b3.wp-block-uagb-image--layout-overlay .wp-block-uagb-image--layout-overlay__color-wrapper{opacity: 0.2;}.uagb-block-e6f939b3.wp-block-uagb-image--layout-overlay .wp-block-uagb-image--layout-overlay__inner{left: 15px;right: 15px;top: 15px;bottom: 15px;}.uagb-block-e6f939b3.wp-block-uagb-image--layout-overlay .wp-block-uagb-image--layout-overlay__inner .uagb-image-heading{font-style: normal;color: #fff;opacity: 1;}.uagb-block-e6f939b3.wp-block-uagb-image--layout-overlay .wp-block-uagb-image--layout-overlay__inner .uagb-image-heading a{color: #fff;}.uagb-block-e6f939b3.wp-block-uagb-image--layout-overlay .wp-block-uagb-image--layout-overlay__inner .uagb-image-caption{opacity: 0;}.uagb-block-e6f939b3.wp-block-uagb-image--layout-overlay .wp-block-uagb-image__figure:hover .wp-block-uagb-image--layout-overlay__color-wrapper{opacity: 1;}.uagb-block-e6f939b3.wp-block-uagb-image .wp-block-uagb-image--layout-overlay__inner .uagb-image-separator{width: 30%;border-top-width: 2px;border-top-color: #fff;opacity: 0;}.uagb-block-e6f939b3.wp-block-uagb-image .wp-block-uagb-image__figure img{width: px;height: auto;}.uagb-block-e6f939b3.wp-block-uagb-image .wp-block-uagb-image__figure:hover .wp-block-uagb-image--layout-overlay__inner .uagb-image-caption{opacity: 1;}.uagb-block-e6f939b3.wp-block-uagb-image .wp-block-uagb-image__figure:hover .wp-block-uagb-image--layout-overlay__inner .uagb-image-separator{opacity: 1;}.uagb-block-e6f939b3.wp-block-uagb-image--layout-default figure:hover img{box-shadow: 0px 0px 0 #00000070;}.uagb-block-e6f939b3.wp-block-uagb-image--layout-overlay figure:hover img{box-shadow: 0px 0px 0 #00000070;}@media only screen and (max-width: 976px) {.uagb-block-e6f939b3.wp-block-uagb-image .wp-block-uagb-image__figure img{width: px;height: auto;}}@media only screen and (max-width: 767px) {.uagb-block-e6f939b3.wp-block-uagb-image .wp-block-uagb-image__figure img{width: px;height: auto;}}\";s:2:\"js\";s:0:\"\";s:18:\"current_block_list\";a:13:{i:0;s:11:\"core\/search\";i:1;s:10:\"core\/group\";i:2;s:12:\"core\/heading\";i:3;s:17:\"core\/latest-posts\";i:4;s:20:\"core\/latest-comments\";i:5;s:13:\"core\/archives\";i:6;s:15:\"core\/categories\";i:7;s:14:\"core\/paragraph\";i:8;s:10:\"uagb\/image\";i:9;s:11:\"core\/spacer\";i:10;s:30:\"woocommerce\/product-categories\";i:11;s:10:\"core\/image\";i:12;s:14:\"core\/shortcode\";}s:8:\"uag_flag\";b:1;s:11:\"uag_version\";s:10:\"1777093182\";s:6:\"gfonts\";a:0:{}s:10:\"gfonts_url\";s:0:\"\";s:12:\"gfonts_files\";a:0:{}s:14:\"uag_faq_layout\";b:0;}"]},"uagb_featured_image_src":{"full":["https:\/\/www.ferberpainting.com\/wp-content\/uploads\/2025\/05\/TileVarnish_1L.png",2560,2276,false],"thumbnail":["https:\/\/www.ferberpainting.com\/wp-content\/uploads\/2025\/05\/TileVarnish_1L-150x150.png",150,150,true],"medium":["https:\/\/www.ferberpainting.com\/wp-content\/uploads\/2025\/05\/TileVarnish_1L-300x267.png",300,267,true],"medium_large":["https:\/\/www.ferberpainting.com\/wp-content\/uploads\/2025\/05\/TileVarnish_1L-768x683.png",768,683,true],"large":["https:\/\/www.ferberpainting.com\/wp-content\/uploads\/2025\/05\/TileVarnish_1L-1024x910.png",1024,910,true],"1536x1536":["https:\/\/www.ferberpainting.com\/wp-content\/uploads\/2025\/05\/TileVarnish_1L-1536x1366.png",1536,1366,true],"2048x2048":["https:\/\/www.ferberpainting.com\/wp-content\/uploads\/2025\/05\/TileVarnish_1L-2048x1821.png",2048,1821,true],"trp-custom-language-flag":["https:\/\/www.ferberpainting.com\/wp-content\/uploads\/2025\/05\/TileVarnish_1L-13x12.png",13,12,true],"woocommerce_thumbnail":["https:\/\/www.ferberpainting.com\/wp-content\/uploads\/2025\/05\/TileVarnish_1L-300x300.png",300,300,true],"woocommerce_single":["https:\/\/www.ferberpainting.com\/wp-content\/uploads\/2025\/05\/TileVarnish_1L-600x533.png",600,533,true],"woocommerce_gallery_thumbnail":["https:\/\/www.ferberpainting.com\/wp-content\/uploads\/2025\/05\/TileVarnish_1L-100x100.png",100,100,true]},"uagb_author_info":{"display_name":"admin","author_link":"https:\/\/www.ferberpainting.com\/cz\/author\/"},"uagb_comment_info":7,"uagb_excerpt":"Durable protection and embellishment of tiles.\u00a0This tile varnish is specially designed to protect and enhance tiled surfaces by offering increased resistance to external aggressions. It forms an invisible protective film that preserves the shine of tiles, reduces wear, and facilitates maintenance, thus ensuring a flawless and durable finish. Money-back guarantee.\u00a0We have absolute confidence in the&hellip;","_links":{"self":[{"href":"https:\/\/www.ferberpainting.com\/cz\/wp-json\/wp\/v2\/product\/25572","targetHints":{"allow":["GET"]}}],"collection":[{"href":"https:\/\/www.ferberpainting.com\/cz\/wp-json\/wp\/v2\/product"}],"about":[{"href":"https:\/\/www.ferberpainting.com\/cz\/wp-json\/wp\/v2\/types\/product"}],"replies":[{"embeddable":true,"href":"https:\/\/www.ferberpainting.com\/cz\/wp-json\/wp\/v2\/comments?post=25572"}],"version-history":[{"count":3,"href":"https:\/\/www.ferberpainting.com\/cz\/wp-json\/wp\/v2\/product\/25572\/revisions"}],"predecessor-version":[{"id":167420,"href":"https:\/\/www.ferberpainting.com\/cz\/wp-json\/wp\/v2\/product\/25572\/revisions\/167420"}],"wp:featuredmedia":[{"embeddable":true,"href":"https:\/\/www.ferberpainting.com\/cz\/wp-json\/wp\/v2\/media\/27421"}],"wp:attachment":[{"href":"https:\/\/www.ferberpainting.com\/cz\/wp-json\/wp\/v2\/media?parent=25572"}],"wp:term":[{"taxonomy":"product_brand","embeddable":true,"href":"https:\/\/www.ferberpainting.com\/cz\/wp-json\/wp\/v2\/product_brand?post=25572"},{"taxonomy":"product_cat","embeddable":true,"href":"https:\/\/www.ferberpainting.com\/cz\/wp-json\/wp\/v2\/product_cat?post=25572"},{"taxonomy":"product_tag","embeddable":true,"href":"https:\/\/www.ferberpainting.com\/cz\/wp-json\/wp\/v2\/product_tag?post=25572"}],"curies":[{"name":"wp","href":"https:\/\/api.w.org\/{rel}","templated":true}]}}