{"id":25569,"date":"2025-06-30T19:45:54","date_gmt":"2025-06-30T17:45:54","guid":{"rendered":"https:\/\/www.ferberpainting.com\/?post_type=product&#038;p=25569"},"modified":"2026-02-16T12:43:55","modified_gmt":"2026-02-16T11:43:55","slug":"tile-stripper","status":"publish","type":"product","link":"https:\/\/www.ferberpainting.com\/cz\/products\/tile-stripper\/","title":{"rendered":"Odstra\u0148ova\u010d obklad\u016f a dla\u017eeb"},"content":{"rendered":"<p><strong><img decoding=\"async\" style=\"margin-right: 12px;\" src=\"https:\/\/www.ferberpainting.com\/wp-content\/uploads\/2026\/02\/Check.svg\" alt=\"\" width=\"18\" height=\"15\" \/>\u00da\u010dinn\u011b odstra\u0148uje star\u00e9 tmely, vosky a n\u00e1t\u011bry a navrac\u00ed dla\u017edice do p\u016fvodn\u00edho stavu.<\/strong> N\u00e1\u0161 odstra\u0148ova\u010d dla\u017edic je speci\u00e1ln\u011b vyvinut\u00fd k rozpou\u0161t\u011bn\u00ed a odstra\u0148ov\u00e1n\u00ed odoln\u00fdch vrstev star\u00fdch vosk\u016f, akrylov\u00fdch n\u00e1t\u011br\u016f, tmel\u016f, zbytk\u016f le\u0161t\u011bnek a nahromad\u011bn\u00fdch vrstev z povrchu dla\u017edic. V pr\u016fb\u011bhu \u010dasu se tyto vrstvy hromad\u00ed a vytv\u00e1\u0159ej\u00ed matnost, zm\u011bnu barvy a nerovnom\u011brn\u00fd vzhled. Tento v\u00fdkonn\u00fd odstra\u0148ovac\u00ed roztok pronik\u00e1 do t\u011bchto ne\u017e\u00e1douc\u00edch vrstev a rozkl\u00e1d\u00e1 je, \u010d\u00edm\u017e umo\u017e\u0148uje zcela obnovit povrch a odhalit autentick\u00fd vzhled dla\u017edic. Dokonale p\u0159iprav\u00ed povrch na op\u011btovn\u00e9 tmelen\u00ed, renovaci nebo restaur\u00e1torsk\u00e9 o\u0161et\u0159en\u00ed.<\/p>\n<p><strong><img decoding=\"async\" style=\"margin-right: 12px;\" src=\"https:\/\/www.ferberpainting.com\/wp-content\/uploads\/2026\/02\/Check.svg\" alt=\"\" width=\"18\" height=\"15\" \/>Nab\u00edz\u00edme z\u00e1ruku vr\u00e1cen\u00ed pen\u011bz pro naprost\u00fd klid.<\/strong> Za v\u00fdkon a spolehlivost na\u0161eho odstra\u0148ova\u010de obklad\u016f si stoj\u00edme. Pokud nebudete s v\u00fdsledky pln\u011b spokojeni, vr\u00e1t\u00edme v\u00e1m pen\u00edze za n\u00e1kup. Tato z\u00e1ruka vr\u00e1cen\u00ed pen\u011bz v\u00e1m zajist\u00ed, \u017ee m\u016f\u017eete v\u00fdrobek bez obav pou\u017e\u00edvat s v\u011bdom\u00edm, \u017ee va\u0161e spokojenost je pro n\u00e1s prioritou a \u017ee va\u0161e investice je pln\u011b chr\u00e1n\u011bna.<\/p>\n<p><strong><img decoding=\"async\" style=\"margin-right: 12px;\" src=\"https:\/\/www.ferberpainting.com\/wp-content\/uploads\/2026\/02\/Check.svg\" alt=\"\" width=\"18\" height=\"15\" \/>Nej\u00fa\u010dinn\u011bj\u0161\u00ed \u0159e\u0161en\u00ed pro odstra\u0148ov\u00e1n\u00ed obklad\u016f na trhu.<\/strong> Na\u0161e pokro\u010dil\u00e9 slo\u017een\u00ed je navr\u017eeno tak, aby p\u0159ekonalo b\u011b\u017en\u00e9 odstra\u0148ova\u010de. P\u016fsob\u00ed hloubkov\u011b a \u00fa\u010dinn\u011b, aby rozru\u0161il v\u00edce vrstev star\u00fdch n\u00e1t\u011br\u016f bez nadm\u011brn\u00e9ho drhnut\u00ed nebo mechanick\u00e9 n\u00e1mahy. Na rozd\u00edl od slab\u0161\u00edch produkt\u016f, kter\u00e9 vy\u017eaduj\u00ed opakovan\u00e9 aplikace, poskytuje n\u00e1\u0161 odstra\u0148ova\u010d n\u00e1t\u011br\u016f siln\u00fd a konzistentn\u00ed v\u00fdsledek, co\u017e z n\u011bj \u010din\u00ed nejefektivn\u011bj\u0161\u00ed volbu pro profesion\u00e1ln\u00ed a reziden\u010dn\u00ed projekty renovace dla\u017edic.<\/p>\n<p><strong><img decoding=\"async\" style=\"margin-right: 12px;\" src=\"https:\/\/www.ferberpainting.com\/wp-content\/uploads\/2026\/02\/Check.svg\" alt=\"\" width=\"18\" height=\"15\" \/>Nejlevn\u011bj\u0161\u00ed dostupn\u00fd profesion\u00e1ln\u00ed odstra\u0148ova\u010d obklad\u016f a dla\u017eeb.<\/strong> Vysoce v\u00fdkonn\u00e9 odizolov\u00e1n\u00ed nemus\u00ed b\u00fdt drah\u00e9. Nab\u00edz\u00edme nejkonkurenceschopn\u011bj\u0161\u00ed ceny p\u0159i zachov\u00e1n\u00ed \u0161pi\u010dkov\u00fdch standard\u016f kvality. Optimalizac\u00ed v\u00fdroby a distribuce poskytujeme profesion\u00e1ln\u00ed odizolovac\u00ed p\u0159\u00edpravek na dla\u017edice za nejni\u017e\u0161\u00ed cenu ve srovn\u00e1n\u00ed s podobn\u00fdmi produkty, \u010d\u00edm\u017e zaji\u0161\u0165ujeme maxim\u00e1ln\u00ed hodnotu pro v\u00e1\u0161 rozpo\u010det.<\/p>\n<p><strong><img decoding=\"async\" style=\"margin-right: 12px;\" src=\"https:\/\/www.ferberpainting.com\/wp-content\/uploads\/2026\/02\/Check.svg\" alt=\"\" width=\"18\" height=\"15\" \/>Zaru\u010den\u00e9 dod\u00e1n\u00ed do 24 hodin pro rychl\u00fd pr\u016fb\u011bh projektu.<\/strong> Projekty renovace a restaurov\u00e1n\u00ed se \u010dasto \u0159\u00edd\u00ed napjat\u00fdmi \u010dasov\u00fdmi pl\u00e1ny. Proto nab\u00edz\u00edme spolehlivou dod\u00e1vku 24 hodin denn\u011b, kter\u00e1 zajist\u00ed, \u017ee v\u00e1\u0161 odstra\u0148ova\u010d obklad\u016f doraz\u00ed rychle a bude p\u0159ipraven k okam\u017eit\u00e9mu pou\u017eit\u00ed. Tato rychl\u00e1 p\u0159epravn\u00ed slu\u017eba v\u00e1m umo\u017en\u00ed zah\u00e1jit p\u0159\u00edpravu povrchu bez zbyte\u010dn\u00fdch prodlev.<\/p>\n<p><strong><img decoding=\"async\" style=\"margin-right: 12px;\" src=\"https:\/\/www.ferberpainting.com\/wp-content\/uploads\/2026\/02\/Check.svg\" alt=\"\" width=\"18\" height=\"15\" \/>Efektivn\u00ed pokryt\u00ed 10 m\u00b2 na litr pro p\u0159esn\u00e9 pl\u00e1nov\u00e1n\u00ed.<\/strong> Jeden litr na\u0161eho odstra\u0148ova\u010de obklad\u016f a dla\u017eeb o\u0161et\u0159\u00ed a\u017e 10 metr\u016f \u010dtvere\u010dn\u00edch v z\u00e1vislosti na tlou\u0161\u0165ce n\u00e1t\u011bru a p\u00f3rovitosti povrchu. D\u00edky t\u00e9to p\u0159edv\u00eddateln\u00e9 m\u00ed\u0159e pokryt\u00ed lze snadno odhadnout pot\u0159ebn\u00e9 mno\u017estv\u00ed a efektivn\u011b \u0159\u00eddit projekt p\u0159i minimalizaci odpadu z v\u00fdrobku.<\/p>\n<p><strong><img decoding=\"async\" style=\"margin-right: 12px;\" src=\"https:\/\/www.ferberpainting.com\/wp-content\/uploads\/2026\/02\/Check.svg\" alt=\"\" width=\"18\" height=\"15\" \/>Vhodn\u00e9 pro r\u016fzn\u00e9 typy obklad\u016f a miner\u00e1ln\u00edch povrch\u016f.<\/strong> N\u00e1\u0161 odstra\u0148ova\u010d obklad\u016f lze pou\u017e\u00edt na keramick\u00e9 obklady, porcel\u00e1nov\u00e9 dla\u017edice, terakotu, p\u0159\u00edrodn\u00ed k\u00e1men a dal\u0161\u00ed kompatibiln\u00ed povrchy na miner\u00e1ln\u00ed b\u00e1zi. P\u0159i pou\u017eit\u00ed podle n\u00e1vodu se p\u0159izp\u016fsob\u00ed r\u016fzn\u00fdm struktur\u00e1m a povrchov\u00fdm \u00faprav\u00e1m a z\u00e1rove\u0148 \u00fa\u010dinn\u011b odstra\u0148uje ne\u017e\u00e1douc\u00ed n\u00e1t\u011bry.<\/p>\n<p><strong><img decoding=\"async\" style=\"margin-right: 12px;\" src=\"https:\/\/www.ferberpainting.com\/wp-content\/uploads\/2026\/02\/Check.svg\" alt=\"\" width=\"18\" height=\"15\" \/>Zkracuje pracovn\u00ed dobu a sni\u017euje mechanickou n\u00e1mahu.<\/strong> Vysoce aktivn\u00ed slo\u017een\u00ed rychle zm\u011bk\u010duje a rozpou\u0161t\u00ed star\u00e9 vrstvy, \u010d\u00edm\u017e sni\u017euje pot\u0159ebu agresivn\u00edho \u0161kr\u00e1b\u00e1n\u00ed nebo dlouh\u00e9ho drhnut\u00ed. To \u0161et\u0159\u00ed \u010das a fyzickou n\u00e1mahu a z\u00e1rove\u0148 p\u0159in\u00e1\u0161\u00ed konzistentn\u00ed a d\u016fkladn\u00e9 v\u00fdsledky odstra\u0148ov\u00e1n\u00ed.<\/p>\n<p><strong><img decoding=\"async\" style=\"margin-right: 12px;\" src=\"https:\/\/www.ferberpainting.com\/wp-content\/uploads\/2026\/02\/Check.svg\" alt=\"\" width=\"18\" height=\"15\" \/>Dokonale p\u0159ipravuje povrchy na nov\u00e9 tmelen\u00ed nebo renovaci.<\/strong> Spr\u00e1vn\u00e1 p\u0159\u00edprava povrchu je nezbytn\u00e1 pro dlouhotrvaj\u00edc\u00ed v\u00fdsledky tmelen\u00ed nebo lakov\u00e1n\u00ed. \u00dapln\u00fdm odstran\u011bn\u00edm star\u00fdch zbytk\u016f a n\u00e1t\u011br\u016f vytvo\u0159\u00ed odstra\u0148ova\u010d obklad\u016f \u010dist\u00fd a vn\u00edmav\u00fd podklad, kter\u00fd zajist\u00ed optim\u00e1ln\u00ed p\u0159ilnavost a v\u00fdkonnost n\u00e1sledn\u00fdch o\u0161et\u0159en\u00ed.<\/p>\n<p><strong><img decoding=\"async\" style=\"margin-right: 12px;\" src=\"https:\/\/www.ferberpainting.com\/wp-content\/uploads\/2026\/02\/Check.svg\" alt=\"\" width=\"18\" height=\"15\" \/>Snadn\u00e1 aplikace pro profesion\u00e1ly i kutily.<\/strong> Odstra\u0148ova\u010d obklad\u016f je navr\u017een pro pohodln\u00e9 pou\u017eit\u00ed a lze jej nan\u00e1\u0161et \u0161t\u011btcem, v\u00e1le\u010dkem, mopem nebo n\u00edzkotlak\u00fdm post\u0159ikova\u010dem. Jeho vyv\u00e1\u017een\u00e1 konzistence zaji\u0161\u0165uje rovnom\u011brn\u00e9 rozlo\u017een\u00ed a kontrolovanou dobu p\u016fsoben\u00ed, tak\u017ee je vhodn\u00fd jak pro mal\u00e9 obytn\u00e9 prostory, tak pro velk\u00e9 komer\u010dn\u00ed podlahy.<\/p>\n<h2><strong>Pokyny<\/strong><\/h2>\n<ul>\n<li>P\u0159ed zah\u00e1jen\u00edm odstra\u0148ov\u00e1n\u00ed n\u00e1t\u011br\u016f zajist\u011bte dobr\u00e9 v\u011btr\u00e1n\u00ed prostoru.<\/li>\n<li>Povrch dla\u017edic zametejte nebo vys\u00e1vejte, abyste odstranili uvoln\u011bn\u00fd prach a ne\u010distoty.<\/li>\n<li>P\u0159ed pou\u017eit\u00edm odstra\u0148ova\u010d obklad\u016f d\u016fkladn\u011b prot\u0159epejte nebo prom\u00edchejte.<\/li>\n<li>P\u0159\u00edpravek nan\u00e1\u0161ejte rovnom\u011brn\u011b pomoc\u00ed mopu, \u0161t\u011btce, v\u00e1le\u010dku nebo post\u0159ikova\u010de a zajist\u011bte \u00fapln\u00e9 pokryt\u00ed nat\u00edran\u00e9ho povrchu.<\/li>\n<li>Doporu\u010den\u00e9 d\u00e1vkov\u00e1n\u00ed je p\u0159ibli\u017en\u011b 100 ml na metr \u010dtvere\u010dn\u00ed, proto\u017ee jeden litr o\u0161et\u0159\u00ed a\u017e 10 m\u00b2. Siln\u011b pokryt\u00e9 povrchy mohou vy\u017eadovat o n\u011bco vy\u0161\u0161\u00ed spot\u0159ebu.<\/li>\n<li>V z\u00e1vislosti na tlou\u0161\u0165ce a typu odstra\u0148ovan\u00e9ho povlaku nechte p\u0159\u00edpravek p\u016fsobit 10 a\u017e 30 minut. B\u011bhem t\u00e9to doby nenechte p\u0159\u00edpravek na povrchu zaschnout.<\/li>\n<li>Jakmile star\u00fd n\u00e1t\u011br zm\u011bkne, vydrhn\u011bte povrch tuh\u00fdm kart\u00e1\u010dem nebo podlahov\u00fdm strojem s vhodnou podlo\u017ekou, abyste rozpu\u0161t\u011bn\u00fd materi\u00e1l odstranili.<\/li>\n<li>Uvoln\u011bn\u00e9 zbytky odstra\u0148te pomoc\u00ed mopu, mokr\u00e9ho vysava\u010de nebo sav\u00e9ho hadru.<\/li>\n<li>D\u016fkladn\u011b opl\u00e1chn\u011bte \u010distou vodou, abyste odstranili v\u0161echny zbytky p\u0159\u00edpravku a rozpu\u0161t\u011bn\u00e9 zbytky.<\/li>\n<li>V p\u0159\u00edpad\u011b velmi siln\u00fdch nebo v\u00edce vrstev star\u00fdch n\u00e1t\u011br\u016f aplikaci v p\u0159\u00edpad\u011b pot\u0159eby opakujte.<\/li>\n<li>P\u0159ed nanesen\u00edm nov\u00e9ho tmelu, laku nebo ochrann\u00e9 \u00fapravy nechte povrch zcela vyschnout.<\/li>\n<li>V\u0161echny n\u00e1stroje a za\u0159\u00edzen\u00ed ihned po pou\u017eit\u00ed o\u010dist\u011bte.<\/li>\n<li>V\u00fdrobek skladujte t\u011bsn\u011b uzav\u0159en\u00fd na chladn\u00e9m a such\u00e9m m\u00edst\u011b, chr\u00e1n\u011bn\u00fd p\u0159ed mrazem a p\u0159\u00edm\u00fdm slune\u010dn\u00edm z\u00e1\u0159en\u00edm. Uchov\u00e1vejte mimo dosah d\u011bt\u00ed a p\u0159i manipulaci a aplikaci dodr\u017eujte standardn\u00ed bezpe\u010dnostn\u00ed opat\u0159en\u00ed.<\/li>\n<\/ul>","protected":false},"excerpt":{"rendered":"<p>Removes old sealers, waxes, and coatings effectively to restore your tiles to their original state. Our tile stripper is specially formulated to dissolve and remove stubborn layers of old wax, acrylic coatings, sealants, polish residues, and built-up maintenance films from tile surfaces. Over time, these layers accumulate and create dullness, discoloration, and uneven appearance. This [&hellip;]<\/p>\n","protected":false},"featured_media":35866,"comment_status":"open","ping_status":"closed","template":"","meta":{"_uag_custom_page_level_css":"","site-sidebar-layout":"default","site-content-layout":"","ast-site-content-layout":"default","site-content-style":"default","site-sidebar-style":"default","ast-global-header-display":"","ast-banner-title-visibility":"","ast-main-header-display":"","ast-hfb-above-header-display":"","ast-hfb-below-header-display":"","ast-hfb-mobile-header-display":"","site-post-title":"","ast-breadcrumbs-content":"","ast-featured-img":"","footer-sml-layout":"","ast-disable-related-posts":"","theme-transparent-header-meta":"default","adv-header-id-meta":"","stick-header-meta":"","header-above-stick-meta":"","header-main-stick-meta":"","header-below-stick-meta":"","astra-migrate-meta-layouts":"set","ast-page-background-enabled":"default","ast-page-background-meta":{"desktop":{"background-color":"var(--ast-global-color-4)","background-image":"","background-repeat":"repeat","background-position":"center center","background-size":"auto","background-attachment":"scroll","background-type":"","background-media":"","overlay-type":"","overlay-color":"","overlay-opacity":"","overlay-gradient":""},"tablet":{"background-color":"","background-image":"","background-repeat":"repeat","background-position":"center center","background-size":"auto","background-attachment":"scroll","background-type":"","background-media":"","overlay-type":"","overlay-color":"","overlay-opacity":"","overlay-gradient":""},"mobile":{"background-color":"","background-image":"","background-repeat":"repeat","background-position":"center center","background-size":"auto","background-attachment":"scroll","background-type":"","background-media":"","overlay-type":"","overlay-color":"","overlay-opacity":"","overlay-gradient":""}},"ast-content-background-meta":{"desktop":{"background-color":"var(--ast-global-color-5)","background-image":"","background-repeat":"repeat","background-position":"center center","background-size":"auto","background-attachment":"scroll","background-type":"","background-media":"","overlay-type":"","overlay-color":"","overlay-opacity":"","overlay-gradient":""},"tablet":{"background-color":"var(--ast-global-color-5)","background-image":"","background-repeat":"repeat","background-position":"center center","background-size":"auto","background-attachment":"scroll","background-type":"","background-media":"","overlay-type":"","overlay-color":"","overlay-opacity":"","overlay-gradient":""},"mobile":{"background-color":"var(--ast-global-color-5)","background-image":"","background-repeat":"repeat","background-position":"center center","background-size":"auto","background-attachment":"scroll","background-type":"","background-media":"","overlay-type":"","overlay-color":"","overlay-opacity":"","overlay-gradient":""}}},"product_brand":[],"product_cat":[175],"product_tag":[],"class_list":{"0":"post-25569","1":"product","2":"type-product","3":"status-publish","4":"has-post-thumbnail","6":"product_cat-cleaning-products","7":"desktop-align-left","8":"tablet-align-left","9":"mobile-align-left","11":"first","12":"instock","13":"sale","14":"taxable","15":"shipping-taxable","16":"purchasable","17":"product-type-variable","18":"has-default-attributes"},"spectra_custom_meta":{"_visibility":["visible"],"_shopify_product_id":["9106662555893"],"_s2w_shopify_domain":["ferberpainting.myshopify.com"],"_shopify_variant_id":["46626430222581"],"_sku":[""],"_manage_stock":["no"],"total_sales":["21"],"_tax_status":["taxable"],"_tax_class":[""],"_backorders":["no"],"_sold_individually":["no"],"_virtual":["no"],"_downloadable":["no"],"_download_limit":["-1"],"_download_expiry":["-1"],"_stock":[null],"_stock_status":["instock"],"_wc_average_rating":["5.00"],"_wc_review_count":["34"],"_product_attributes":["a:1:{s:6:\"volume\";a:6:{s:4:\"name\";s:6:\"Volume\";s:5:\"value\";s:20:\"5 liters | 25 liters\";s:8:\"position\";i:1;s:10:\"is_visible\";i:0;s:12:\"is_variation\";i:1;s:11:\"is_taxonomy\";i:0;}}"],"_product_version":["10.5.1"],"wpse_downloadable_file_names":[""],"wpse_downloadable_file_urls":[""],"_edit_last":["1"],"_default_attributes":["a:1:{s:6:\"volume\";s:8:\"5 liters\";}"],"_edit_lock":["1771242132:1"],"merchant-center-availability":["yes"],"merchant-center-category":["4977"],"_thumbnail_id":["35866"],"_wp_page_template":["default"],"_wp_old_date":["2025-05-26"],"_product_image_gallery":["35867"],"site-sidebar-layout":["default"],"ast-site-content-layout":["default"],"site-content-style":["default"],"site-sidebar-style":["default"],"theme-transparent-header-meta":["default"],"_price":["29.90","129.90"],"_wc_rating_count":["a:1:{i:5;i:34;}"],"astra-migrate-meta-layouts":["set"],"_uag_css_file_name":["uag-css-25569.css"],"_elementor_page_assets":["a:0:{}"],"_uag_page_assets":["a:9:{s:3:\"css\";s:7133:\".uag-blocks-common-selector{z-index:var(--z-index-desktop) !important}@media(max-width: 976px){.uag-blocks-common-selector{z-index:var(--z-index-tablet) !important}}@media(max-width: 767px){.uag-blocks-common-selector{z-index:var(--z-index-mobile) !important}}.wp-block-uagb-image{display:flex}.wp-block-uagb-image__figure{position:relative;display:flex;flex-direction:column;max-width:100%;height:auto;margin:0}.wp-block-uagb-image__figure img{height:auto;display:flex;max-width:100%;transition:box-shadow .2s ease}.wp-block-uagb-image__figure>a{display:inline-block}.wp-block-uagb-image__figure figcaption{text-align:center;margin-top:.5em;margin-bottom:1em}.wp-block-uagb-image .components-placeholder.block-editor-media-placeholder .components-placeholder__instructions{align-self:center}.wp-block-uagb-image--align-left{text-align:left}.wp-block-uagb-image--align-right{text-align:right}.wp-block-uagb-image--align-center{text-align:center}.wp-block-uagb-image--align-full .wp-block-uagb-image__figure{margin-left:calc(50% - 50vw);margin-right:calc(50% - 50vw);max-width:100vw;width:100vw;height:auto}.wp-block-uagb-image--align-full .wp-block-uagb-image__figure img{height:auto;width:100% !important}.wp-block-uagb-image--align-wide .wp-block-uagb-image__figure img{height:auto;width:100%}.wp-block-uagb-image--layout-overlay__color-wrapper{position:absolute;left:0;top:0;right:0;bottom:0;opacity:.2;background:rgba(0,0,0,.5);transition:opacity .35s ease-in-out}.wp-block-uagb-image--layout-overlay-link{position:absolute;left:0;right:0;bottom:0;top:0}.wp-block-uagb-image--layout-overlay .wp-block-uagb-image__figure:hover .wp-block-uagb-image--layout-overlay__color-wrapper{opacity:1}.wp-block-uagb-image--layout-overlay__inner{position:absolute;left:15px;right:15px;bottom:15px;top:15px;display:flex;align-items:center;justify-content:center;flex-direction:column;border-color:#fff;transition:.35s ease-in-out}.wp-block-uagb-image--layout-overlay__inner.top-left,.wp-block-uagb-image--layout-overlay__inner.top-center,.wp-block-uagb-image--layout-overlay__inner.top-right{justify-content:flex-start}.wp-block-uagb-image--layout-overlay__inner.bottom-left,.wp-block-uagb-image--layout-overlay__inner.bottom-center,.wp-block-uagb-image--layout-overlay__inner.bottom-right{justify-content:flex-end}.wp-block-uagb-image--layout-overlay__inner.top-left,.wp-block-uagb-image--layout-overlay__inner.center-left,.wp-block-uagb-image--layout-overlay__inner.bottom-left{align-items:flex-start}.wp-block-uagb-image--layout-overlay__inner.top-right,.wp-block-uagb-image--layout-overlay__inner.center-right,.wp-block-uagb-image--layout-overlay__inner.bottom-right{align-items:flex-end}.wp-block-uagb-image--layout-overlay__inner .uagb-image-heading{color:#fff;transition:transform .35s,opacity .35s ease-in-out;transform:translate3d(0, 24px, 0);margin:0;line-height:1em}.wp-block-uagb-image--layout-overlay__inner .uagb-image-separator{width:30%;border-top-width:2px;border-top-color:#fff;border-top-style:solid;margin-bottom:10px;opacity:0;transition:transform .4s,opacity .4s ease-in-out;transform:translate3d(0, 30px, 0)}.wp-block-uagb-image--layout-overlay__inner .uagb-image-caption{opacity:0;overflow:visible;color:#fff;transition:transform .45s,opacity .45s ease-in-out;transform:translate3d(0, 35px, 0)}.wp-block-uagb-image--layout-overlay__inner:hover .uagb-image-heading,.wp-block-uagb-image--layout-overlay__inner:hover .uagb-image-separator,.wp-block-uagb-image--layout-overlay__inner:hover .uagb-image-caption{opacity:1;transform:translate3d(0, 0, 0)}.wp-block-uagb-image--effect-zoomin .wp-block-uagb-image__figure img,.wp-block-uagb-image--effect-zoomin .wp-block-uagb-image__figure .wp-block-uagb-image--layout-overlay__color-wrapper{transform:scale(1);transition:transform .35s ease-in-out}.wp-block-uagb-image--effect-zoomin .wp-block-uagb-image__figure:hover img,.wp-block-uagb-image--effect-zoomin .wp-block-uagb-image__figure:hover .wp-block-uagb-image--layout-overlay__color-wrapper{transform:scale(1.05)}.wp-block-uagb-image--effect-slide .wp-block-uagb-image__figure img,.wp-block-uagb-image--effect-slide .wp-block-uagb-image__figure .wp-block-uagb-image--layout-overlay__color-wrapper{width:calc(100% + 40px) !important;max-width:none !important;transform:translate3d(-40px, 0, 0);transition:transform .35s ease-in-out}.wp-block-uagb-image--effect-slide .wp-block-uagb-image__figure:hover img,.wp-block-uagb-image--effect-slide .wp-block-uagb-image__figure:hover .wp-block-uagb-image--layout-overlay__color-wrapper{transform:translate3d(0, 0, 0)}.wp-block-uagb-image--effect-grayscale img{filter:grayscale(0%);transition:.35s ease-in-out}.wp-block-uagb-image--effect-grayscale:hover img{filter:grayscale(100%)}.wp-block-uagb-image--effect-blur img{filter:blur(0);transition:.35s ease-in-out}.wp-block-uagb-image--effect-blur:hover img{filter:blur(3px)}.uagb-block-e6f939b3.wp-block-uagb-image--layout-default figure img{box-shadow: 0px 0px 0 #00000070;}.uagb-block-e6f939b3.wp-block-uagb-image .wp-block-uagb-image__figure figcaption{font-style: normal;align-self: center;}.uagb-block-e6f939b3.wp-block-uagb-image--layout-overlay figure img{box-shadow: 0px 0px 0 #00000070;}.uagb-block-e6f939b3.wp-block-uagb-image--layout-overlay .wp-block-uagb-image--layout-overlay__color-wrapper{opacity: 0.2;}.uagb-block-e6f939b3.wp-block-uagb-image--layout-overlay .wp-block-uagb-image--layout-overlay__inner{left: 15px;right: 15px;top: 15px;bottom: 15px;}.uagb-block-e6f939b3.wp-block-uagb-image--layout-overlay .wp-block-uagb-image--layout-overlay__inner .uagb-image-heading{font-style: normal;color: #fff;opacity: 1;}.uagb-block-e6f939b3.wp-block-uagb-image--layout-overlay .wp-block-uagb-image--layout-overlay__inner .uagb-image-heading a{color: #fff;}.uagb-block-e6f939b3.wp-block-uagb-image--layout-overlay .wp-block-uagb-image--layout-overlay__inner .uagb-image-caption{opacity: 0;}.uagb-block-e6f939b3.wp-block-uagb-image--layout-overlay .wp-block-uagb-image__figure:hover .wp-block-uagb-image--layout-overlay__color-wrapper{opacity: 1;}.uagb-block-e6f939b3.wp-block-uagb-image .wp-block-uagb-image--layout-overlay__inner .uagb-image-separator{width: 30%;border-top-width: 2px;border-top-color: #fff;opacity: 0;}.uagb-block-e6f939b3.wp-block-uagb-image .wp-block-uagb-image__figure img{width: px;height: auto;}.uagb-block-e6f939b3.wp-block-uagb-image .wp-block-uagb-image__figure:hover .wp-block-uagb-image--layout-overlay__inner .uagb-image-caption{opacity: 1;}.uagb-block-e6f939b3.wp-block-uagb-image .wp-block-uagb-image__figure:hover .wp-block-uagb-image--layout-overlay__inner .uagb-image-separator{opacity: 1;}.uagb-block-e6f939b3.wp-block-uagb-image--layout-default figure:hover img{box-shadow: 0px 0px 0 #00000070;}.uagb-block-e6f939b3.wp-block-uagb-image--layout-overlay figure:hover img{box-shadow: 0px 0px 0 #00000070;}@media only screen and (max-width: 976px) {.uagb-block-e6f939b3.wp-block-uagb-image .wp-block-uagb-image__figure img{width: px;height: auto;}}@media only screen and (max-width: 767px) {.uagb-block-e6f939b3.wp-block-uagb-image .wp-block-uagb-image__figure img{width: px;height: auto;}}\";s:2:\"js\";s:0:\"\";s:18:\"current_block_list\";a:13:{i:0;s:11:\"core\/search\";i:1;s:10:\"core\/group\";i:2;s:12:\"core\/heading\";i:3;s:17:\"core\/latest-posts\";i:4;s:20:\"core\/latest-comments\";i:5;s:13:\"core\/archives\";i:6;s:15:\"core\/categories\";i:7;s:14:\"core\/paragraph\";i:8;s:10:\"uagb\/image\";i:9;s:11:\"core\/spacer\";i:10;s:30:\"woocommerce\/product-categories\";i:11;s:10:\"core\/image\";i:12;s:14:\"core\/shortcode\";}s:8:\"uag_flag\";b:1;s:11:\"uag_version\";s:10:\"1777235102\";s:6:\"gfonts\";a:0:{}s:10:\"gfonts_url\";s:0:\"\";s:12:\"gfonts_files\";a:0:{}s:14:\"uag_faq_layout\";b:0;}"]},"uagb_featured_image_src":{"full":["https:\/\/www.ferberpainting.com\/wp-content\/uploads\/2025\/05\/Tile-Stripper-5L-.png",2560,2560,false],"thumbnail":["https:\/\/www.ferberpainting.com\/wp-content\/uploads\/2025\/05\/Tile-Stripper-5L--150x150.png",150,150,true],"medium":["https:\/\/www.ferberpainting.com\/wp-content\/uploads\/2025\/05\/Tile-Stripper-5L--300x300.png",300,300,true],"medium_large":["https:\/\/www.ferberpainting.com\/wp-content\/uploads\/2025\/05\/Tile-Stripper-5L--768x768.png",768,768,true],"large":["https:\/\/www.ferberpainting.com\/wp-content\/uploads\/2025\/05\/Tile-Stripper-5L--1024x1024.png",1024,1024,true],"1536x1536":["https:\/\/www.ferberpainting.com\/wp-content\/uploads\/2025\/05\/Tile-Stripper-5L--1536x1536.png",1536,1536,true],"2048x2048":["https:\/\/www.ferberpainting.com\/wp-content\/uploads\/2025\/05\/Tile-Stripper-5L--2048x2048.png",2048,2048,true],"trp-custom-language-flag":["https:\/\/www.ferberpainting.com\/wp-content\/uploads\/2025\/05\/Tile-Stripper-5L--12x12.png",12,12,true],"woocommerce_thumbnail":["https:\/\/www.ferberpainting.com\/wp-content\/uploads\/2025\/05\/Tile-Stripper-5L--300x300.png",300,300,true],"woocommerce_single":["https:\/\/www.ferberpainting.com\/wp-content\/uploads\/2025\/05\/Tile-Stripper-5L--600x600.png",600,600,true],"woocommerce_gallery_thumbnail":["https:\/\/www.ferberpainting.com\/wp-content\/uploads\/2025\/05\/Tile-Stripper-5L--100x100.png",100,100,true]},"uagb_author_info":{"display_name":"admin","author_link":"https:\/\/www.ferberpainting.com\/cz\/author\/"},"uagb_comment_info":34,"uagb_excerpt":"Removes old sealers, waxes, and coatings effectively to restore your tiles to their original state. Our tile stripper is specially formulated to dissolve and remove stubborn layers of old wax, acrylic coatings, sealants, polish residues, and built-up maintenance films from tile surfaces. Over time, these layers accumulate and create dullness, discoloration, and uneven appearance. This&hellip;","_links":{"self":[{"href":"https:\/\/www.ferberpainting.com\/cz\/wp-json\/wp\/v2\/product\/25569","targetHints":{"allow":["GET"]}}],"collection":[{"href":"https:\/\/www.ferberpainting.com\/cz\/wp-json\/wp\/v2\/product"}],"about":[{"href":"https:\/\/www.ferberpainting.com\/cz\/wp-json\/wp\/v2\/types\/product"}],"replies":[{"embeddable":true,"href":"https:\/\/www.ferberpainting.com\/cz\/wp-json\/wp\/v2\/comments?post=25569"}],"version-history":[{"count":5,"href":"https:\/\/www.ferberpainting.com\/cz\/wp-json\/wp\/v2\/product\/25569\/revisions"}],"predecessor-version":[{"id":167418,"href":"https:\/\/www.ferberpainting.com\/cz\/wp-json\/wp\/v2\/product\/25569\/revisions\/167418"}],"wp:featuredmedia":[{"embeddable":true,"href":"https:\/\/www.ferberpainting.com\/cz\/wp-json\/wp\/v2\/media\/35866"}],"wp:attachment":[{"href":"https:\/\/www.ferberpainting.com\/cz\/wp-json\/wp\/v2\/media?parent=25569"}],"wp:term":[{"taxonomy":"product_brand","embeddable":true,"href":"https:\/\/www.ferberpainting.com\/cz\/wp-json\/wp\/v2\/product_brand?post=25569"},{"taxonomy":"product_cat","embeddable":true,"href":"https:\/\/www.ferberpainting.com\/cz\/wp-json\/wp\/v2\/product_cat?post=25569"},{"taxonomy":"product_tag","embeddable":true,"href":"https:\/\/www.ferberpainting.com\/cz\/wp-json\/wp\/v2\/product_tag?post=25569"}],"curies":[{"name":"wp","href":"https:\/\/api.w.org\/{rel}","templated":true}]}}