{"id":25361,"date":"2025-06-30T20:36:16","date_gmt":"2025-06-30T18:36:16","guid":{"rendered":"https:\/\/www.ferberpainting.com\/?post_type=product&#038;p=25358"},"modified":"2026-02-16T12:35:08","modified_gmt":"2026-02-16T11:35:08","slug":"terracotta-water-repellent","status":"publish","type":"product","link":"https:\/\/www.ferberpainting.com\/cz\/products\/terracotta-water-repellent\/","title":{"rendered":"Vodoodpudiv\u00fd prost\u0159edek na terakotu a ciheln\u00e9 dla\u017edice"},"content":{"rendered":"<p><strong><img decoding=\"async\" style=\"margin-right: 12px;\" src=\"https:\/\/www.ferberpainting.com\/wp-content\/uploads\/2026\/02\/Check.svg\" alt=\"\" width=\"18\" height=\"15\" \/>Ochrana proti vlhkosti.<\/strong>\u00a0Tento impregna\u010dn\u00ed p\u0159\u00edpravek na terakotov\u00e9 a hlin\u011bn\u00e9 dla\u017edice je speci\u00e1ln\u011b navr\u017een tak, aby poskytoval \u00fa\u010dinnou ochranu proti vlhkosti. Hluboko pronik\u00e1 do por\u00e9zn\u00edch materi\u00e1l\u016f a vytv\u00e1\u0159\u00ed neviditelnou bari\u00e9ru, kter\u00e1 zabra\u0148uje pronik\u00e1n\u00ed vody a z\u00e1rove\u0148 umo\u017e\u0148uje materi\u00e1lu d\u00fdchat. To znamen\u00e1, \u017ee va\u0161e podlahy z terakotov\u00fdch nebo hlin\u011bn\u00fdch dla\u017edic jsou chr\u00e1n\u011bny p\u0159ed pronik\u00e1n\u00edm vody, kter\u00e9 m\u016f\u017ee \u010dasem v\u00e9st k degradaci, pl\u00edsn\u00edm nebo p\u0159ed\u010dasn\u00e9mu opot\u0159eben\u00ed. Je to ide\u00e1ln\u00ed \u0159e\u0161en\u00ed pro zachov\u00e1n\u00ed kr\u00e1sn\u00fdch povrch\u016f i v prost\u0159ed\u00ed s vysokou vlhkost\u00ed.<\/p>\n<p><strong><img decoding=\"async\" style=\"margin-right: 12px;\" src=\"https:\/\/www.ferberpainting.com\/wp-content\/uploads\/2026\/02\/Check.svg\" alt=\"\" width=\"18\" height=\"15\" \/>Z\u00e1ruka vr\u00e1cen\u00ed pen\u011bz.<\/strong>\u00a0Jsme p\u0159esv\u011bd\u010deni o \u00fa\u010dinnosti na\u0161eho produktu, a proto nab\u00edz\u00edme z\u00e1ruku spokojenosti nebo vr\u00e1cen\u00ed pen\u011bz. Pokud nebudete s v\u00fdsledky tohoto impregna\u010dn\u00edho p\u0159\u00edpravku pln\u011b spokojeni, m\u016f\u017eete po\u017e\u00e1dat o vr\u00e1cen\u00ed pen\u011bz v pln\u00e9 v\u00fd\u0161i. Tato politika vr\u00e1cen\u00ed zaji\u0161\u0165uje klid p\u0159i testov\u00e1n\u00ed v\u00fdrobku bez rizika.<\/p>\n<p><strong><img decoding=\"async\" style=\"margin-right: 12px;\" src=\"https:\/\/www.ferberpainting.com\/wp-content\/uploads\/2026\/02\/Check.svg\" alt=\"\" width=\"18\" height=\"15\" \/>Ochrana v\u0161e v jednom.<\/strong>\u00a0Tento impregna\u010dn\u00ed prost\u0159edek na terakotov\u00e9 a hlin\u011bn\u00e9 dla\u017edice je jedine\u010dn\u00fd svou schopnost\u00ed chr\u00e1nit por\u00e9zn\u00ed podlahy, jako jsou terakotov\u00e9 a hlin\u011bn\u00e9 dla\u017edice. Dob\u0159e funguje tak\u00e9 na por\u00e9zn\u00edch p\u0159\u00edrodn\u00edch materi\u00e1lech, jako je v\u00e1penec, cihly a n\u011bkter\u00e9 povrchy na b\u00e1zi cementu. D\u00edky sv\u00e9 univerz\u00e1lnosti je skv\u011bl\u00fdm \u0159e\u0161en\u00edm pro velk\u00e9, vlhkosti vystaven\u00e9 plochy, a to jak dekorativn\u00ed, tak funk\u010dn\u00ed, a nab\u00edz\u00ed trvalou a neviditelnou ochranu.<\/p>\n<p><strong><img decoding=\"async\" style=\"margin-right: 12px;\" src=\"https:\/\/www.ferberpainting.com\/wp-content\/uploads\/2026\/02\/Check.svg\" alt=\"\" width=\"18\" height=\"15\" \/>N\u00e1kladov\u011b efektivn\u00ed.<\/strong>\u00a0Tento impregna\u010dn\u00ed prost\u0159edek nab\u00edz\u00ed vynikaj\u00edc\u00ed v\u00fdkon na litr. Jeden litr pokryje v pr\u016fm\u011bru 6 a\u017e 8 m\u00b2 v z\u00e1vislosti na p\u00f3rovitosti povrchu. Jedna p\u011btilitrov\u00e1 n\u00e1doba dok\u00e1\u017ee o\u0161et\u0159it a\u017e 40 m\u00b2, co\u017e z n\u011bj \u010din\u00ed chytrou investici pro ochranu podlah a dekorativn\u00edch povrch\u016f. Jeho vysok\u00fd v\u00fdkon a dlouh\u00e1 \u017eivotnost sni\u017euj\u00ed pot\u0159ebu \u010dast\u00e9ho opakov\u00e1n\u00ed aplikace a pom\u00e1haj\u00ed \u0161et\u0159it pen\u00edze za \u00fadr\u017ebu.<\/p>\n<p><strong><img decoding=\"async\" style=\"margin-right: 12px;\" src=\"https:\/\/www.ferberpainting.com\/wp-content\/uploads\/2026\/02\/Check.svg\" alt=\"\" width=\"18\" height=\"15\" \/>Netoxick\u00e9.<\/strong>\u00a0Tento v\u00fdrobek je navr\u017een tak, aby byl bezpe\u010dn\u00fd pro u\u017eivatele i o\u0161et\u0159ovan\u00e9 povrchy. Nevypou\u0161t\u00ed \u0161kodliv\u00e9 v\u00fdpary a nepo\u0161kozuje citliv\u00e9 materi\u00e1ly. Neobsahuje nebezpe\u010dn\u00e9 l\u00e1tky, tak\u017ee je ide\u00e1ln\u00ed pro pou\u017eit\u00ed v dom\u00e1cnosti nebo v profesion\u00e1ln\u00edm prost\u0159ed\u00ed. Pro dosa\u017een\u00ed bezpe\u010dn\u00fdch a \u00fa\u010dinn\u00fdch v\u00fdsledk\u016f v\u017edy dodr\u017eujte doporu\u010den\u00ed pro aplikaci.<\/p>\n<p><strong><img decoding=\"async\" style=\"margin-right: 12px;\" src=\"https:\/\/www.ferberpainting.com\/wp-content\/uploads\/2026\/02\/Check.svg\" alt=\"\" width=\"18\" height=\"15\" \/>Snadn\u00e1 aplikace.<\/strong>\u00a0P\u0159\u00edpravek je p\u0159ipraven k pou\u017eit\u00ed a nevy\u017eaduje \u0159ed\u011bn\u00ed. Lze jej nan\u00e1\u0161et p\u0159\u00edmo na povrch \u0161t\u011btcem, v\u00e1le\u010dkem nebo post\u0159ikova\u010dem. Aplikace je jednoduch\u00e1 a dostupn\u00e1 v\u0161em u\u017eivatel\u016fm, a to i bez profesion\u00e1ln\u00edho n\u00e1\u0159ad\u00ed. Jeho rychl\u00e9 zasych\u00e1n\u00ed umo\u017e\u0148uje dos\u00e1hnout rychl\u00fdch v\u00fdsledk\u016f s minim\u00e1ln\u00edm \u00fasil\u00edm. Pro velk\u00e9 plochy je tento impregna\u010dn\u00ed p\u0159\u00edpravek ide\u00e1ln\u00ed pro zkr\u00e1cen\u00ed doby aplikace a z\u00e1rove\u0148 zaji\u0161\u0165uje spolehlivou, neviditelnou ochranu.<\/p>\n<p><strong><img decoding=\"async\" style=\"margin-right: 12px;\" src=\"https:\/\/www.ferberpainting.com\/wp-content\/uploads\/2026\/02\/Check.svg\" alt=\"\" width=\"18\" height=\"15\" \/>Odoln\u00e9 a s dlouhou \u017eivotnost\u00ed.<\/strong>\u00a0Po nanesen\u00ed chr\u00e1n\u00ed tento impregna\u010dn\u00ed prost\u0159edek terakotov\u00e9 a hlin\u011bn\u00e9 podlahy po mnoho let. Za norm\u00e1ln\u00edch podm\u00ednek a v z\u00e1vislosti na p\u016fsoben\u00ed vlhkosti m\u016f\u017ee jedna aplikace zajistit ochranu na 2 a\u017e 5 let. Tato dlouh\u00e1 \u017eivotnost je hlavn\u00ed v\u00fdhodou pro sn\u00ed\u017een\u00ed pot\u0159eby \u00fadr\u017eby a zachov\u00e1n\u00ed kvality povrchu.<\/p>\n<p><strong><img decoding=\"async\" style=\"margin-right: 12px;\" src=\"https:\/\/www.ferberpainting.com\/wp-content\/uploads\/2026\/02\/Check.svg\" alt=\"\" width=\"18\" height=\"15\" \/>Rychl\u00e9 schnut\u00ed a rychl\u00e9 v\u00fdsledky.<\/strong>\u00a0Tento impregna\u010dn\u00ed prost\u0159edek je tak\u00e9 zn\u00e1m\u00fd svou rychlost\u00ed. Po nanesen\u00ed rychle pronikne do povrchu a za\u010dne p\u016fsobit, ani\u017e by zanech\u00e1val lepkav\u00e9 zbytky. Doba schnut\u00ed se pohybuje od 1 do 2 hodin, av\u0161ak pro dosa\u017een\u00ed optim\u00e1ln\u00edch v\u00fdsledk\u016f doporu\u010dujeme po\u010dkat 24 hodin p\u0159ed vystaven\u00edm povrchu vod\u011b. Tento rychl\u00fd obrat je obzvl\u00e1\u0161t\u011b u\u017eite\u010dn\u00fd pro pr\u016fb\u011b\u017enou \u00fadr\u017ebu nebo nouzov\u00e9 o\u0161et\u0159en\u00ed povrch\u016f citliv\u00fdch na vlhkost.<\/p>\n<h2><strong>Protokol o pou\u017eit\u00ed<\/strong><\/h2>\n<ul>\n<li><strong>P\u0159\u00edprava povrchu <\/strong>: P\u0159ed pou\u017eit\u00edm p\u0159\u00edpravku se ujist\u011bte, \u017ee jsou terakotov\u00e9 nebo hlin\u011bn\u00e9 podlahy \u010dist\u00e9 a such\u00e9. V p\u0159\u00edpad\u011b pot\u0159eby o\u010dist\u011bte povrch \u010distic\u00edm prost\u0159edkem, abyste odstranili prach a mastnotu. Povrch mus\u00ed b\u00fdt zcela such\u00fd, aby byla zaji\u0161t\u011bna dobr\u00e1 p\u0159ilnavost v\u00fdrobku. Pokud je dla\u017eba vlhk\u00e1, po\u010dkejte p\u0159ed aplikac\u00ed alespo\u0148 24 hodin.<\/li>\n<li><strong>Aplikace produktu <\/strong>: Tento impregna\u010dn\u00ed p\u0159\u00edpravek je p\u0159ipraven k pou\u017eit\u00ed a nevy\u017eaduje \u0159ed\u011bn\u00ed. Aplikujte jej p\u0159\u00edmo \u0161t\u011btcem, v\u00e1le\u010dkem nebo post\u0159ikova\u010dem. Doporu\u010dujeme pracovat po \u010d\u00e1stech, aby bylo zaji\u0161t\u011bno rovnom\u011brn\u00e9 pokryt\u00ed. Pro dosa\u017een\u00ed nejlep\u0161\u00edch v\u00fdsledk\u016f p\u0159i pou\u017eit\u00ed post\u0159ikova\u010de dodr\u017eujte vzd\u00e1lenost p\u0159ibli\u017en\u011b 30 cm. V p\u0159\u00edpad\u011b pot\u0159eby naneste druhou vrstvu pro lep\u0161\u00ed trvanlivost, zejm\u00e9na na por\u00e9zn\u00ed dla\u017edice. Vyhn\u011bte se p\u0159esycen\u00ed rovnom\u011brn\u00fdm rozet\u0159en\u00edm v\u00fdrobku.<\/li>\n<li><strong>Mno\u017estv\u00ed k pou\u017eit\u00ed <\/strong>: Jeden litr impregna\u010dn\u00edho prost\u0159edku obvykle pokryje 6 a\u017e 8 m\u00b2 v z\u00e1vislosti na p\u00f3rovitosti povrchu. Pro jednu optim\u00e1ln\u00ed vrstvu m\u016f\u017ee jedno 5litrov\u00e9 balen\u00ed o\u0161et\u0159it a\u017e 40 m\u00b2. Na vysoce sav\u00fdch povr\u0161\u00edch m\u016f\u017ee b\u00fdt zapot\u0159eb\u00ed druh\u00e1 vrstva. Mezi jednotliv\u00fdmi n\u00e1t\u011bry nechte 1 a\u017e 2 hodiny schnout.<\/li>\n<li><strong>Doba su\u0161en\u00ed <\/strong>: P\u0159ed vystaven\u00edm povrchu lehk\u00e9 vlhkosti nechte v\u00fdrobek asi 1 a\u017e 2 hodiny zaschnout. Pro dosa\u017een\u00ed pln\u00e9 \u00fa\u010dinnosti nechte vodot\u011bsnou bari\u00e9ru p\u0159ed jak\u00fdmkoli kontaktem s vodou 24 hodin zatuhnout. Po dobu nejm\u00e9n\u011b 48 hodin po aplikaci se vyvarujte vystaven\u00ed de\u0161ti nebo vysok\u00e9 vlhkosti.<\/li>\n<li><strong>Op\u011btovn\u00e9 pod\u00e1n\u00ed \u017e\u00e1dosti <\/strong>: V z\u00e1vislosti na pov\u011btrnostn\u00edch podm\u00ednk\u00e1ch m\u016f\u017ee b\u00fdt nutn\u00e1 opakovan\u00e1 aplikace ka\u017ed\u00fdch 2 a\u017e 5 let. U vysoce frekventovan\u00fdch nebo \u010dasto om\u00fdvan\u00fdch ploch m\u016f\u017ee b\u00fdt pro udr\u017een\u00ed optim\u00e1ln\u00ed ochrany nutn\u00e1 \u010dast\u011bj\u0161\u00ed aplikace.<\/li>\n<li><strong>\u00dadr\u017eba <\/strong>: Tento v\u00fdrobek nevy\u017eaduje zvl\u00e1\u0161tn\u00ed \u00fadr\u017ebu. Povrchy sta\u010d\u00ed \u010distit vodou a jemn\u00fdm m\u00fddlem, aby se na nich nehromadily ne\u010distoty. Vyhn\u011bte se drsn\u00fdm chemik\u00e1li\u00edm nebo abrazivn\u00edm \u010distic\u00edm prost\u0159edk\u016fm, kter\u00e9 by mohly po\u0161kodit vodot\u011bsn\u00fd film.<\/li>\n<\/ul>\n<p>Tento impregna\u010dn\u00ed p\u0159\u00edpravek na terakotov\u00e9 a hlin\u011bn\u00e9 dla\u017edice je vysoce kvalitn\u00ed v\u00fdrobek, kter\u00fd prodlu\u017euje \u017eivotnost dla\u017edic a chr\u00e1n\u00ed je p\u0159ed vlhkost\u00ed. Snadno se aplikuje, je ekonomick\u00fd a m\u00e1 dlouhou \u017eivotnost, a proto je ide\u00e1ln\u00edm \u0159e\u0161en\u00edm pro zachov\u00e1n\u00ed vzhledu a pevnosti va\u0161ich obklad\u016f a dla\u017eeb v obytn\u00fdch i profesion\u00e1ln\u00edch prostor\u00e1ch.<\/p>","protected":false},"excerpt":{"rendered":"<p>Moisture Protection.\u00a0This waterproofer for terracotta and clay tiles is specifically designed to offer effective moisture protection. It deeply penetrates porous materials, forming an invisible barrier that prevents water from seeping in while still allowing the material to breathe. This means your terracotta or clay tile floors are protected from water infiltration, which can lead to [&hellip;]<\/p>\n","protected":false},"featured_media":35903,"comment_status":"open","ping_status":"closed","template":"","meta":{"_uag_custom_page_level_css":"","site-sidebar-layout":"default","site-content-layout":"","ast-site-content-layout":"default","site-content-style":"default","site-sidebar-style":"default","ast-global-header-display":"","ast-banner-title-visibility":"","ast-main-header-display":"","ast-hfb-above-header-display":"","ast-hfb-below-header-display":"","ast-hfb-mobile-header-display":"","site-post-title":"","ast-breadcrumbs-content":"","ast-featured-img":"","footer-sml-layout":"","ast-disable-related-posts":"","theme-transparent-header-meta":"default","adv-header-id-meta":"","stick-header-meta":"","header-above-stick-meta":"","header-main-stick-meta":"","header-below-stick-meta":"","astra-migrate-meta-layouts":"set","ast-page-background-enabled":"default","ast-page-background-meta":{"desktop":{"background-color":"var(--ast-global-color-4)","background-image":"","background-repeat":"repeat","background-position":"center center","background-size":"auto","background-attachment":"scroll","background-type":"","background-media":"","overlay-type":"","overlay-color":"","overlay-opacity":"","overlay-gradient":""},"tablet":{"background-color":"","background-image":"","background-repeat":"repeat","background-position":"center center","background-size":"auto","background-attachment":"scroll","background-type":"","background-media":"","overlay-type":"","overlay-color":"","overlay-opacity":"","overlay-gradient":""},"mobile":{"background-color":"","background-image":"","background-repeat":"repeat","background-position":"center center","background-size":"auto","background-attachment":"scroll","background-type":"","background-media":"","overlay-type":"","overlay-color":"","overlay-opacity":"","overlay-gradient":""}},"ast-content-background-meta":{"desktop":{"background-color":"var(--ast-global-color-5)","background-image":"","background-repeat":"repeat","background-position":"center center","background-size":"auto","background-attachment":"scroll","background-type":"","background-media":"","overlay-type":"","overlay-color":"","overlay-opacity":"","overlay-gradient":""},"tablet":{"background-color":"var(--ast-global-color-5)","background-image":"","background-repeat":"repeat","background-position":"center center","background-size":"auto","background-attachment":"scroll","background-type":"","background-media":"","overlay-type":"","overlay-color":"","overlay-opacity":"","overlay-gradient":""},"mobile":{"background-color":"var(--ast-global-color-5)","background-image":"","background-repeat":"repeat","background-position":"center center","background-size":"auto","background-attachment":"scroll","background-type":"","background-media":"","overlay-type":"","overlay-color":"","overlay-opacity":"","overlay-gradient":""}}},"product_brand":[],"product_cat":[191],"product_tag":[],"class_list":{"0":"post-25361","1":"product","2":"type-product","3":"status-publish","4":"has-post-thumbnail","6":"product_cat-water-repellent","7":"desktop-align-left","8":"tablet-align-left","9":"mobile-align-left","11":"first","12":"instock","13":"sale","14":"shipping-taxable","15":"purchasable","16":"product-type-variable","17":"has-default-attributes"},"spectra_custom_meta":{"_visibility":["visible"],"_shopify_product_id":["9106628018421"],"_s2w_shopify_domain":["ferberpainting.myshopify.com"],"_shopify_variant_id":["46626359771381"],"_sku":[""],"_manage_stock":["no"],"total_sales":["72"],"_tax_status":["taxable"],"_tax_class":[""],"_backorders":["no"],"_sold_individually":["no"],"_virtual":["no"],"_downloadable":["no"],"_download_limit":["-1"],"_download_expiry":["-1"],"_stock":[null],"_stock_status":["instock"],"_wc_average_rating":["5.00"],"_wc_review_count":["35"],"_product_attributes":["a:1:{s:6:\"volume\";a:6:{s:4:\"name\";s:6:\"Volume\";s:5:\"value\";s:20:\"5 liters | 25 liters\";s:8:\"position\";i:1;s:10:\"is_visible\";i:0;s:12:\"is_variation\";i:1;s:11:\"is_taxonomy\";i:0;}}"],"_product_version":["10.5.1"],"wpse_downloadable_file_names":[""],"wpse_downloadable_file_urls":[""],"_edit_last":["1"],"_default_attributes":["a:1:{s:6:\"volume\";s:8:\"5 liters\";}"],"_edit_lock":["1771241573:1"],"_price":["29.90","129.90"],"merchant-center-availability":["yes"],"merchant-center-category":["503738"],"_thumbnail_id":["35903"],"_wp_page_template":["default"],"_wp_old_date":["2025-05-26"],"_product_image_gallery":["35904"],"site-sidebar-layout":["default"],"ast-site-content-layout":["default"],"site-content-style":["default"],"site-sidebar-style":["default"],"theme-transparent-header-meta":["default"],"_wc_rating_count":["a:1:{i:5;i:35;}"],"astra-migrate-meta-layouts":["set"],"_uag_css_file_name":["uag-css-25361.css"],"_elementor_page_assets":["a:0:{}"],"_uag_page_assets":["a:9:{s:3:\"css\";s:6873:\".wp-block-uagb-image{display:flex}.wp-block-uagb-image__figure{position:relative;display:flex;flex-direction:column;max-width:100%;height:auto;margin:0}.wp-block-uagb-image__figure img{height:auto;display:flex;max-width:100%;transition:box-shadow .2s ease}.wp-block-uagb-image__figure>a{display:inline-block}.wp-block-uagb-image__figure figcaption{text-align:center;margin-top:.5em;margin-bottom:1em}.wp-block-uagb-image .components-placeholder.block-editor-media-placeholder .components-placeholder__instructions{align-self:center}.wp-block-uagb-image--align-left{text-align:left}.wp-block-uagb-image--align-right{text-align:right}.wp-block-uagb-image--align-center{text-align:center}.wp-block-uagb-image--align-full .wp-block-uagb-image__figure{margin-left:calc(50% - 50vw);margin-right:calc(50% - 50vw);max-width:100vw;width:100vw;height:auto}.wp-block-uagb-image--align-full .wp-block-uagb-image__figure img{height:auto;width:100% !important}.wp-block-uagb-image--align-wide .wp-block-uagb-image__figure img{height:auto;width:100%}.wp-block-uagb-image--layout-overlay__color-wrapper{position:absolute;left:0;top:0;right:0;bottom:0;opacity:.2;background:rgba(0,0,0,.5);transition:opacity .35s ease-in-out}.wp-block-uagb-image--layout-overlay-link{position:absolute;left:0;right:0;bottom:0;top:0}.wp-block-uagb-image--layout-overlay .wp-block-uagb-image__figure:hover .wp-block-uagb-image--layout-overlay__color-wrapper{opacity:1}.wp-block-uagb-image--layout-overlay__inner{position:absolute;left:15px;right:15px;bottom:15px;top:15px;display:flex;align-items:center;justify-content:center;flex-direction:column;border-color:#fff;transition:.35s ease-in-out}.wp-block-uagb-image--layout-overlay__inner.top-left,.wp-block-uagb-image--layout-overlay__inner.top-center,.wp-block-uagb-image--layout-overlay__inner.top-right{justify-content:flex-start}.wp-block-uagb-image--layout-overlay__inner.bottom-left,.wp-block-uagb-image--layout-overlay__inner.bottom-center,.wp-block-uagb-image--layout-overlay__inner.bottom-right{justify-content:flex-end}.wp-block-uagb-image--layout-overlay__inner.top-left,.wp-block-uagb-image--layout-overlay__inner.center-left,.wp-block-uagb-image--layout-overlay__inner.bottom-left{align-items:flex-start}.wp-block-uagb-image--layout-overlay__inner.top-right,.wp-block-uagb-image--layout-overlay__inner.center-right,.wp-block-uagb-image--layout-overlay__inner.bottom-right{align-items:flex-end}.wp-block-uagb-image--layout-overlay__inner .uagb-image-heading{color:#fff;transition:transform .35s,opacity .35s ease-in-out;transform:translate3d(0, 24px, 0);margin:0;line-height:1em}.wp-block-uagb-image--layout-overlay__inner .uagb-image-separator{width:30%;border-top-width:2px;border-top-color:#fff;border-top-style:solid;margin-bottom:10px;opacity:0;transition:transform .4s,opacity .4s ease-in-out;transform:translate3d(0, 30px, 0)}.wp-block-uagb-image--layout-overlay__inner .uagb-image-caption{opacity:0;overflow:visible;color:#fff;transition:transform .45s,opacity .45s ease-in-out;transform:translate3d(0, 35px, 0)}.wp-block-uagb-image--layout-overlay__inner:hover .uagb-image-heading,.wp-block-uagb-image--layout-overlay__inner:hover .uagb-image-separator,.wp-block-uagb-image--layout-overlay__inner:hover .uagb-image-caption{opacity:1;transform:translate3d(0, 0, 0)}.wp-block-uagb-image--effect-zoomin .wp-block-uagb-image__figure img,.wp-block-uagb-image--effect-zoomin .wp-block-uagb-image__figure .wp-block-uagb-image--layout-overlay__color-wrapper{transform:scale(1);transition:transform .35s ease-in-out}.wp-block-uagb-image--effect-zoomin .wp-block-uagb-image__figure:hover img,.wp-block-uagb-image--effect-zoomin .wp-block-uagb-image__figure:hover .wp-block-uagb-image--layout-overlay__color-wrapper{transform:scale(1.05)}.wp-block-uagb-image--effect-slide .wp-block-uagb-image__figure img,.wp-block-uagb-image--effect-slide .wp-block-uagb-image__figure .wp-block-uagb-image--layout-overlay__color-wrapper{width:calc(100% + 40px) !important;max-width:none !important;transform:translate3d(-40px, 0, 0);transition:transform .35s ease-in-out}.wp-block-uagb-image--effect-slide .wp-block-uagb-image__figure:hover img,.wp-block-uagb-image--effect-slide .wp-block-uagb-image__figure:hover .wp-block-uagb-image--layout-overlay__color-wrapper{transform:translate3d(0, 0, 0)}.wp-block-uagb-image--effect-grayscale img{filter:grayscale(0%);transition:.35s ease-in-out}.wp-block-uagb-image--effect-grayscale:hover img{filter:grayscale(100%)}.wp-block-uagb-image--effect-blur img{filter:blur(0);transition:.35s ease-in-out}.wp-block-uagb-image--effect-blur:hover img{filter:blur(3px)}.uagb-block-e6f939b3.wp-block-uagb-image--layout-default figure img{box-shadow: 0px 0px 0 #00000070;}.uagb-block-e6f939b3.wp-block-uagb-image .wp-block-uagb-image__figure figcaption{font-style: normal;align-self: center;}.uagb-block-e6f939b3.wp-block-uagb-image--layout-overlay figure img{box-shadow: 0px 0px 0 #00000070;}.uagb-block-e6f939b3.wp-block-uagb-image--layout-overlay .wp-block-uagb-image--layout-overlay__color-wrapper{opacity: 0.2;}.uagb-block-e6f939b3.wp-block-uagb-image--layout-overlay .wp-block-uagb-image--layout-overlay__inner{left: 15px;right: 15px;top: 15px;bottom: 15px;}.uagb-block-e6f939b3.wp-block-uagb-image--layout-overlay .wp-block-uagb-image--layout-overlay__inner .uagb-image-heading{font-style: normal;color: #fff;opacity: 1;}.uagb-block-e6f939b3.wp-block-uagb-image--layout-overlay .wp-block-uagb-image--layout-overlay__inner .uagb-image-heading a{color: #fff;}.uagb-block-e6f939b3.wp-block-uagb-image--layout-overlay .wp-block-uagb-image--layout-overlay__inner .uagb-image-caption{opacity: 0;}.uagb-block-e6f939b3.wp-block-uagb-image--layout-overlay .wp-block-uagb-image__figure:hover .wp-block-uagb-image--layout-overlay__color-wrapper{opacity: 1;}.uagb-block-e6f939b3.wp-block-uagb-image .wp-block-uagb-image--layout-overlay__inner .uagb-image-separator{width: 30%;border-top-width: 2px;border-top-color: #fff;opacity: 0;}.uagb-block-e6f939b3.wp-block-uagb-image .wp-block-uagb-image__figure img{width: px;height: auto;}.uagb-block-e6f939b3.wp-block-uagb-image .wp-block-uagb-image__figure:hover .wp-block-uagb-image--layout-overlay__inner .uagb-image-caption{opacity: 1;}.uagb-block-e6f939b3.wp-block-uagb-image .wp-block-uagb-image__figure:hover .wp-block-uagb-image--layout-overlay__inner .uagb-image-separator{opacity: 1;}.uagb-block-e6f939b3.wp-block-uagb-image--layout-default figure:hover img{box-shadow: 0px 0px 0 #00000070;}.uagb-block-e6f939b3.wp-block-uagb-image--layout-overlay figure:hover img{box-shadow: 0px 0px 0 #00000070;}@media only screen and (max-width: 976px) {.uagb-block-e6f939b3.wp-block-uagb-image .wp-block-uagb-image__figure img{width: px;height: auto;}}@media only screen and (max-width: 767px) {.uagb-block-e6f939b3.wp-block-uagb-image .wp-block-uagb-image__figure img{width: px;height: auto;}}\";s:2:\"js\";s:0:\"\";s:18:\"current_block_list\";a:13:{i:0;s:11:\"core\/search\";i:1;s:10:\"core\/group\";i:2;s:12:\"core\/heading\";i:3;s:17:\"core\/latest-posts\";i:4;s:20:\"core\/latest-comments\";i:5;s:13:\"core\/archives\";i:6;s:15:\"core\/categories\";i:7;s:14:\"core\/paragraph\";i:8;s:10:\"uagb\/image\";i:9;s:11:\"core\/spacer\";i:10;s:30:\"woocommerce\/product-categories\";i:11;s:10:\"core\/image\";i:12;s:14:\"core\/shortcode\";}s:8:\"uag_flag\";b:1;s:11:\"uag_version\";s:10:\"1777100883\";s:6:\"gfonts\";a:0:{}s:10:\"gfonts_url\";s:0:\"\";s:12:\"gfonts_files\";a:0:{}s:14:\"uag_faq_layout\";b:0;}"]},"uagb_featured_image_src":{"full":["https:\/\/www.ferberpainting.com\/wp-content\/uploads\/2025\/05\/Terracotta-Water-Repellent-5L-.png",2560,2560,false],"thumbnail":["https:\/\/www.ferberpainting.com\/wp-content\/uploads\/2025\/05\/Terracotta-Water-Repellent-5L--150x150.png",150,150,true],"medium":["https:\/\/www.ferberpainting.com\/wp-content\/uploads\/2025\/05\/Terracotta-Water-Repellent-5L--300x300.png",300,300,true],"medium_large":["https:\/\/www.ferberpainting.com\/wp-content\/uploads\/2025\/05\/Terracotta-Water-Repellent-5L--768x768.png",768,768,true],"large":["https:\/\/www.ferberpainting.com\/wp-content\/uploads\/2025\/05\/Terracotta-Water-Repellent-5L--1024x1024.png",1024,1024,true],"1536x1536":["https:\/\/www.ferberpainting.com\/wp-content\/uploads\/2025\/05\/Terracotta-Water-Repellent-5L--1536x1536.png",1536,1536,true],"2048x2048":["https:\/\/www.ferberpainting.com\/wp-content\/uploads\/2025\/05\/Terracotta-Water-Repellent-5L--2048x2048.png",2048,2048,true],"trp-custom-language-flag":["https:\/\/www.ferberpainting.com\/wp-content\/uploads\/2025\/05\/Terracotta-Water-Repellent-5L--12x12.png",12,12,true],"woocommerce_thumbnail":["https:\/\/www.ferberpainting.com\/wp-content\/uploads\/2025\/05\/Terracotta-Water-Repellent-5L--300x300.png",300,300,true],"woocommerce_single":["https:\/\/www.ferberpainting.com\/wp-content\/uploads\/2025\/05\/Terracotta-Water-Repellent-5L--600x600.png",600,600,true],"woocommerce_gallery_thumbnail":["https:\/\/www.ferberpainting.com\/wp-content\/uploads\/2025\/05\/Terracotta-Water-Repellent-5L--100x100.png",100,100,true]},"uagb_author_info":{"display_name":"admin","author_link":"https:\/\/www.ferberpainting.com\/cz\/author\/"},"uagb_comment_info":35,"uagb_excerpt":"Moisture Protection.\u00a0This waterproofer for terracotta and clay tiles is specifically designed to offer effective moisture protection. It deeply penetrates porous materials, forming an invisible barrier that prevents water from seeping in while still allowing the material to breathe. This means your terracotta or clay tile floors are protected from water infiltration, which can lead to&hellip;","_links":{"self":[{"href":"https:\/\/www.ferberpainting.com\/cz\/wp-json\/wp\/v2\/product\/25361","targetHints":{"allow":["GET"]}}],"collection":[{"href":"https:\/\/www.ferberpainting.com\/cz\/wp-json\/wp\/v2\/product"}],"about":[{"href":"https:\/\/www.ferberpainting.com\/cz\/wp-json\/wp\/v2\/types\/product"}],"replies":[{"embeddable":true,"href":"https:\/\/www.ferberpainting.com\/cz\/wp-json\/wp\/v2\/comments?post=25361"}],"version-history":[{"count":3,"href":"https:\/\/www.ferberpainting.com\/cz\/wp-json\/wp\/v2\/product\/25361\/revisions"}],"predecessor-version":[{"id":167379,"href":"https:\/\/www.ferberpainting.com\/cz\/wp-json\/wp\/v2\/product\/25361\/revisions\/167379"}],"wp:featuredmedia":[{"embeddable":true,"href":"https:\/\/www.ferberpainting.com\/cz\/wp-json\/wp\/v2\/media\/35903"}],"wp:attachment":[{"href":"https:\/\/www.ferberpainting.com\/cz\/wp-json\/wp\/v2\/media?parent=25361"}],"wp:term":[{"taxonomy":"product_brand","embeddable":true,"href":"https:\/\/www.ferberpainting.com\/cz\/wp-json\/wp\/v2\/product_brand?post=25361"},{"taxonomy":"product_cat","embeddable":true,"href":"https:\/\/www.ferberpainting.com\/cz\/wp-json\/wp\/v2\/product_cat?post=25361"},{"taxonomy":"product_tag","embeddable":true,"href":"https:\/\/www.ferberpainting.com\/cz\/wp-json\/wp\/v2\/product_tag?post=25361"}],"curies":[{"name":"wp","href":"https:\/\/api.w.org\/{rel}","templated":true}]}}