{"id":25358,"date":"2025-06-30T20:07:05","date_gmt":"2025-06-30T18:07:05","guid":{"rendered":"https:\/\/www.ferberpainting.com\/?post_type=product&#038;p=25358"},"modified":"2026-02-16T12:33:27","modified_gmt":"2026-02-16T11:33:27","slug":"terracotta-cleaner","status":"publish","type":"product","link":"https:\/\/www.ferberpainting.com\/cz\/products\/terracotta-cleaner\/","title":{"rendered":"\u010cisti\u010d na terakotov\u00e9 ta\u0161ky"},"content":{"rendered":"<p><strong><img decoding=\"async\" style=\"margin-right: 12px;\" src=\"https:\/\/www.ferberpainting.com\/wp-content\/uploads\/2026\/02\/Check.svg\" alt=\"\" width=\"18\" height=\"15\" \/>Obnovte h\u0159ejivou, p\u0159irozenou kr\u00e1su terakotov\u00fdch povrch\u016f pomoc\u00ed hloubkov\u00e9ho a \u0161etrn\u00e9ho \u010di\u0161t\u011bn\u00ed.<\/strong> N\u00e1\u0161 \u010disti\u010d terakoty je speci\u00e1ln\u011b vyvinut\u00fd tak, aby odstranil usazenou \u0161p\u00ednu, skvrny, mastnotu a zbytky zp\u016fsoben\u00e9 pov\u011btrnostn\u00edmi vlivy, ani\u017e by po\u0161kodil jemnou strukturu terakoty. \u010casem m\u016f\u017ee terakota ztratit svou z\u00e1\u0159ivou barvu v d\u016fsledku usazov\u00e1n\u00ed prachu, organick\u00e9ho r\u016fstu a p\u016fsoben\u00ed okoln\u00edho prost\u0159ed\u00ed. Tento pokro\u010dil\u00fd \u010distic\u00ed prost\u0159edek pronik\u00e1 hluboko do por\u00e9zn\u00edho materi\u00e1lu a odstra\u0148uje ne\u010distoty, p\u0159i\u010dem\u017e respektuje p\u0159irozen\u00e9 slo\u017een\u00ed hl\u00edny. V\u00fdsledkem je osv\u011b\u017een\u00fd, \u010dist\u00fd povrch, kter\u00fd odhaluje autentickou h\u0159ejivost a charakter terakoty.<\/p>\n<p><strong><img decoding=\"async\" style=\"margin-right: 12px;\" src=\"https:\/\/www.ferberpainting.com\/wp-content\/uploads\/2026\/02\/Check.svg\" alt=\"\" width=\"18\" height=\"15\" \/>Nab\u00edz\u00edme z\u00e1ruku vr\u00e1cen\u00ed pen\u011bz pro naprostou spokojenost z\u00e1kazn\u00edk\u016f.<\/strong> Jsme si jisti \u00fa\u010dinnost\u00ed na\u0161eho \u010disti\u010de terakoty a za ka\u017ed\u00fd n\u00e1kup poskytujeme z\u00e1ruku vr\u00e1cen\u00ed pen\u011bz. Pokud nebudete s v\u00fdsledky zcela spokojeni, vr\u00e1t\u00edme v\u00e1m pen\u00edze za n\u00e1kup. D\u00edky tomu m\u016f\u017eete v\u00fdrobek bez rizika vyzkou\u0161et a v\u011b\u0159it, \u017ee jsme pln\u011b odhodl\u00e1ni poskytovat spolehliv\u00e9 a viditeln\u00e9 v\u00fdsledky.<\/p>\n<p><strong><img decoding=\"async\" style=\"margin-right: 12px;\" src=\"https:\/\/www.ferberpainting.com\/wp-content\/uploads\/2026\/02\/Check.svg\" alt=\"\" width=\"18\" height=\"15\" \/>Nej\u00fa\u010dinn\u011bj\u0161\u00ed dostupn\u00fd roztok na \u010di\u0161t\u011bn\u00ed terakoty.<\/strong> Na\u0161e v\u00fdkonn\u00e9 slo\u017een\u00ed je navr\u017eeno tak, aby p\u0159ekonalo standardn\u00ed \u010distic\u00ed prost\u0159edky pro dom\u00e1cnost a b\u011b\u017en\u00e9 \u010distic\u00ed prost\u0159edky pro venkovn\u00ed pou\u017eit\u00ed. Zam\u011b\u0159uje se na hluboko usazenou \u0161p\u00ednu, tmav\u00e9 skvrny, stopy \u0159as a zbytky zne\u010di\u0161t\u011bn\u00ed, kter\u00e9 b\u011b\u017en\u011b postihuj\u00ed terakotov\u00e9 povrchy. M\u00edsto toho, aby zaji\u0161\u0165oval pouze povrchov\u00e9 \u010di\u0161t\u011bn\u00ed, p\u016fsob\u00ed uvnit\u0159 por\u00e9zn\u00ed struktury a odstra\u0148uje nahromad\u011bn\u00e9 ne\u010distoty, \u010d\u00edm\u017e zaji\u0161\u0165uje d\u00e9le trvaj\u00edc\u00ed \u010distotu a lep\u0161\u00ed vzhled povrchu.<\/p>\n<p><strong><img decoding=\"async\" style=\"margin-right: 12px;\" src=\"https:\/\/www.ferberpainting.com\/wp-content\/uploads\/2026\/02\/Check.svg\" alt=\"\" width=\"18\" height=\"15\" \/>Nejlevn\u011bj\u0161\u00ed profesion\u00e1ln\u00ed \u010disti\u010d terakoty na trhu.<\/strong> Kvalitn\u00ed \u00faklid by m\u011bl z\u016fstat cenov\u011b dostupn\u00fd. Nab\u00edz\u00edme nejv\u00fdhodn\u011bj\u0161\u00ed cenu bez kompromis\u016f v oblasti v\u00fdkonu a bezpe\u010dnosti. Optimalizac\u00ed v\u00fdroby a dodavatelsk\u00fdch \u0159et\u011bzc\u016f poskytujeme prvot\u0159\u00eddn\u00ed \u010disti\u010d terakoty za nejni\u017e\u0161\u00ed cenu ve srovn\u00e1n\u00ed s podobn\u00fdmi profesion\u00e1ln\u00edmi produkty, co\u017e z n\u011bj \u010din\u00ed ekonomick\u00e9 \u0159e\u0161en\u00ed pro majitele dom\u016f i stavebn\u00ed firmy.<\/p>\n<p><strong><img decoding=\"async\" style=\"margin-right: 12px;\" src=\"https:\/\/www.ferberpainting.com\/wp-content\/uploads\/2026\/02\/Check.svg\" alt=\"\" width=\"18\" height=\"15\" \/>Garantovan\u00e9 doru\u010den\u00ed do 24 hodin pro okam\u017eit\u00e9 v\u00fdsledky.<\/strong> Kdy\u017e va\u0161e podlahy, dla\u017edice nebo venkovn\u00ed terakotov\u00e9 povrchy pot\u0159ebuj\u00ed p\u00e9\u010di, je rychl\u00fd p\u0159\u00edstup ke spr\u00e1vn\u00e9mu v\u00fdrobku nezbytn\u00fd. Proto nab\u00edz\u00edme spolehliv\u00e9 doru\u010den\u00ed do 24 hodin. Va\u0161e objedn\u00e1vka doraz\u00ed rychle, co\u017e v\u00e1m umo\u017en\u00ed za\u010d\u00edt s \u010di\u0161t\u011bn\u00edm bez prodlen\u00ed a efektivn\u011b dokon\u010dit projekt.<\/p>\n<p><strong><img decoding=\"async\" style=\"margin-right: 12px;\" src=\"https:\/\/www.ferberpainting.com\/wp-content\/uploads\/2026\/02\/Check.svg\" alt=\"\" width=\"18\" height=\"15\" \/>Efektivn\u00ed pokryt\u00ed 10 m\u00b2 na litr pro p\u0159esn\u00e9 pl\u00e1nov\u00e1n\u00ed.<\/strong> Jeden litr na\u0161eho \u010disti\u010de terakoty \u00fa\u010dinn\u011b o\u0161et\u0159\u00ed a\u017e 10 metr\u016f \u010dtvere\u010dn\u00edch v z\u00e1vislosti na p\u00f3rovitosti povrchu a m\u00ed\u0159e zne\u010di\u0161t\u011bn\u00ed. D\u00edky t\u00e9to jasn\u00e9 m\u00ed\u0159e pokryt\u00ed lze snadno odhadnout pot\u0159ebn\u00e9 mno\u017estv\u00ed a efektivn\u011b \u0159\u00eddit rozpo\u010det a zajistit konzistentn\u00ed \u010distic\u00ed v\u00fdkon na cel\u00e9 o\u0161et\u0159ovan\u00e9 plo\u0161e.<\/p>\n<p><strong><img decoding=\"async\" style=\"margin-right: 12px;\" src=\"https:\/\/www.ferberpainting.com\/wp-content\/uploads\/2026\/02\/Check.svg\" alt=\"\" width=\"18\" height=\"15\" \/>Bezpe\u010dn\u00e9 pro choulostiv\u00e9 a por\u00e9zn\u00ed terakotov\u00e9 povrchy.<\/strong> Terakota je p\u0159irozen\u011b por\u00e9zn\u00ed a m\u016f\u017ee b\u00fdt citliv\u00e1 na agresivn\u00ed chemik\u00e1lie. Na\u0161e speci\u00e1ln\u011b vyv\u00e1\u017een\u00e9 slo\u017een\u00ed p\u0159i pou\u017eit\u00ed podle n\u00e1vodu d\u016fkladn\u011b \u010dist\u00ed, ani\u017e by zp\u016fsobilo zm\u011bnu barvy, erozi nebo po\u0161kozen\u00ed povrchu. Zachov\u00e1v\u00e1 celistvost materi\u00e1lu a z\u00e1rove\u0148 bezpe\u010dn\u011b odstra\u0148uje ne\u010distoty a n\u00e1nosy.<\/p>\n<p><strong><img decoding=\"async\" style=\"margin-right: 12px;\" src=\"https:\/\/www.ferberpainting.com\/wp-content\/uploads\/2026\/02\/Check.svg\" alt=\"\" width=\"18\" height=\"15\" \/>Vhodn\u00e9 pro vnit\u0159n\u00ed i venkovn\u00ed pou\u017eit\u00ed.<\/strong> Tento univerz\u00e1ln\u00ed \u010distic\u00ed prost\u0159edek lze pou\u017e\u00edt na terakotov\u00e9 dla\u017edice, obklady, terasy, balkony a dekorativn\u00ed prvky. P\u0159izp\u016fsob\u00ed se podm\u00ednk\u00e1m v interi\u00e9ru i exteri\u00e9ru a poskytuje st\u00e1l\u00fd v\u00fdkon bez ohledu na vystaven\u00ed provozu, vlhkost nebo pov\u011btrnostn\u00ed podm\u00ednky.<\/p>\n<p><strong><img decoding=\"async\" style=\"margin-right: 12px;\" src=\"https:\/\/www.ferberpainting.com\/wp-content\/uploads\/2026\/02\/Check.svg\" alt=\"\" width=\"18\" height=\"15\" \/>Pom\u00e1h\u00e1 p\u0159ipravit povrchy na ut\u011bsn\u011bn\u00ed nebo dal\u0161\u00ed o\u0161et\u0159en\u00ed.<\/strong> Odstran\u011bn\u00edm hluboce usazen\u00fdch ne\u010distot a zbytk\u016f p\u0159iprav\u00ed \u010disti\u010d terakotov\u00e9 povrchy na dal\u0161\u00ed o\u0161et\u0159en\u00ed, jako je ut\u011bsn\u011bn\u00ed nebo aplikace vodoodpudiv\u00fdch prost\u0159edk\u016f. Spr\u00e1vn\u00e9 \u010di\u0161t\u011bn\u00ed zvy\u0161uje p\u0159ilnavost a \u00fa\u010dinnost ochrann\u00fdch p\u0159\u00edpravk\u016f a zaji\u0161\u0165uje lep\u0161\u00ed dlouhodob\u00e9 v\u00fdsledky.<\/p>\n<p><strong><img decoding=\"async\" style=\"margin-right: 12px;\" src=\"https:\/\/www.ferberpainting.com\/wp-content\/uploads\/2026\/02\/Check.svg\" alt=\"\" width=\"18\" height=\"15\" \/>Snadn\u00e1 aplikace pro profesion\u00e1ly i majitele dom\u016f.<\/strong> \u010cisti\u010d terakoty je navr\u017een pro pohodln\u00e9 pou\u017eit\u00ed a lze jej aplikovat kart\u00e1\u010dem, mopem nebo n\u00edzkotlak\u00fdm post\u0159ikova\u010dem. Jeho praktick\u00e9 slo\u017een\u00ed sni\u017euje n\u00e1mahu p\u0159i drhnut\u00ed a z\u00e1rove\u0148 zaji\u0161\u0165uje rovnom\u011brn\u00e9 rozlo\u017een\u00ed a spolehliv\u00e9 \u010di\u0161t\u011bn\u00ed, tak\u017ee je vhodn\u00fd jak pro mal\u00e9 obytn\u00e9 prostory, tak pro velk\u00e9 komer\u010dn\u00ed plochy.<\/p>\n<h2><strong>Pokyny<\/strong><\/h2>\n<ul>\n<li>P\u0159ed nanesen\u00edm p\u0159\u00edpravku odstra\u0148te z povrchu terakoty uvoln\u011bn\u00fd prach a ne\u010distoty pomoc\u00ed ko\u0161t\u011bte nebo vysava\u010de.<\/li>\n<li>\u010cisti\u010d terakoty d\u016fkladn\u011b prot\u0159epejte nebo prom\u00edchejte, aby se \u00fa\u010dinn\u00e9 slo\u017eky rovnom\u011brn\u011b rozprost\u0159ely.<\/li>\n<li>P\u0159\u00edpravek na\u0159e\u010fte podle stupn\u011b zne\u010di\u0161t\u011bn\u00ed. Pro siln\u00e9 skvrny a hloubkov\u00e9 \u010di\u0161t\u011bn\u00ed pou\u017e\u00edvejte p\u0159\u00edpravek ne\u0159ed\u011bn\u00fd. P\u0159i st\u0159edn\u011b siln\u00e9m zne\u010di\u0161t\u011bn\u00ed z\u0159e\u010fte p\u0159\u00edpravek vodou podle doporu\u010den\u00ed na obalu.<\/li>\n<li>Roztok naneste rovnom\u011brn\u011b pomoc\u00ed mopu, kart\u00e1\u010de nebo rozpra\u0161ova\u010de a zajist\u011bte \u00fapln\u00e9 pokryt\u00ed povrchu.<\/li>\n<li>Doporu\u010den\u00e9 d\u00e1vkov\u00e1n\u00ed je p\u0159ibli\u017en\u011b 100 ml na metr \u010dtvere\u010dn\u00ed, proto\u017ee jeden litr vy\u010dist\u00ed a\u017e 10 m\u00b2. V p\u0159\u00edpad\u011b siln\u011b por\u00e9zn\u00edch nebo siln\u011b zne\u010di\u0161t\u011bn\u00fdch ploch mno\u017estv\u00ed m\u00edrn\u011b zvy\u0161te.<\/li>\n<li>V z\u00e1vislosti na intenzit\u011b zne\u010di\u0161t\u011bn\u00ed nechte p\u0159\u00edpravek p\u016fsobit 5 a\u017e 15 minut. B\u011bhem t\u00e9to doby nenechte povrch zcela zaschnout.<\/li>\n<li>U odoln\u00fdch skvrn drhn\u011bte jemn\u011b m\u011bkk\u00fdm nebo st\u0159edn\u011b tuh\u00fdm kart\u00e1\u010dem, abyste zv\u00fd\u0161ili \u010distic\u00ed v\u00fdkon.<\/li>\n<li>D\u016fkladn\u011b opl\u00e1chn\u011bte \u010distou vodou, abyste odstranili uvoln\u011bn\u00e9 ne\u010distoty a zbytky p\u0159\u00edpravku.<\/li>\n<li>U siln\u011b zne\u010di\u0161t\u011bn\u00fdch nebo zanedban\u00fdch povrch\u016f postup v p\u0159\u00edpad\u011b pot\u0159eby opakujte.<\/li>\n<li>P\u0159ed nanesen\u00edm ochrann\u00e9 \u00fapravy, jako je nap\u0159\u00edklad tmel nebo vodoodpudiv\u00fd p\u0159\u00edpravek, nechte povrch zcela vyschnout.<\/li>\n<li>N\u00e1\u0159ad\u00ed ihned po pou\u017eit\u00ed o\u010dist\u011bte vodou.<\/li>\n<li>V\u00fdrobek skladujte t\u011bsn\u011b uzav\u0159en\u00fd na chladn\u00e9m a such\u00e9m m\u00edst\u011b, chr\u00e1n\u011bn\u00fd p\u0159ed mrazem a p\u0159\u00edm\u00fdm slune\u010dn\u00edm z\u00e1\u0159en\u00edm. Uchov\u00e1vejte mimo dosah d\u011bt\u00ed a p\u0159i manipulaci dodr\u017eujte standardn\u00ed bezpe\u010dnostn\u00ed opat\u0159en\u00ed.<\/li>\n<\/ul>","protected":false},"excerpt":{"rendered":"<p>Restore the warm, natural beauty of your terracotta surfaces with deep and gentle cleaning power. Our terracotta cleaner is specially formulated to remove embedded dirt, stains, grease, and weather-related residues without damaging the delicate structure of terracotta. Over time, terracotta can lose its vibrant color due to dust buildup, organic growth, and environmental exposure. This [&hellip;]<\/p>\n","protected":false},"featured_media":35883,"comment_status":"open","ping_status":"closed","template":"","meta":{"_uag_custom_page_level_css":"","site-sidebar-layout":"default","site-content-layout":"","ast-site-content-layout":"default","site-content-style":"default","site-sidebar-style":"default","ast-global-header-display":"","ast-banner-title-visibility":"","ast-main-header-display":"","ast-hfb-above-header-display":"","ast-hfb-below-header-display":"","ast-hfb-mobile-header-display":"","site-post-title":"","ast-breadcrumbs-content":"","ast-featured-img":"","footer-sml-layout":"","ast-disable-related-posts":"","theme-transparent-header-meta":"default","adv-header-id-meta":"","stick-header-meta":"","header-above-stick-meta":"","header-main-stick-meta":"","header-below-stick-meta":"","astra-migrate-meta-layouts":"set","ast-page-background-enabled":"default","ast-page-background-meta":{"desktop":{"background-color":"var(--ast-global-color-4)","background-image":"","background-repeat":"repeat","background-position":"center center","background-size":"auto","background-attachment":"scroll","background-type":"","background-media":"","overlay-type":"","overlay-color":"","overlay-opacity":"","overlay-gradient":""},"tablet":{"background-color":"","background-image":"","background-repeat":"repeat","background-position":"center center","background-size":"auto","background-attachment":"scroll","background-type":"","background-media":"","overlay-type":"","overlay-color":"","overlay-opacity":"","overlay-gradient":""},"mobile":{"background-color":"","background-image":"","background-repeat":"repeat","background-position":"center center","background-size":"auto","background-attachment":"scroll","background-type":"","background-media":"","overlay-type":"","overlay-color":"","overlay-opacity":"","overlay-gradient":""}},"ast-content-background-meta":{"desktop":{"background-color":"var(--ast-global-color-5)","background-image":"","background-repeat":"repeat","background-position":"center center","background-size":"auto","background-attachment":"scroll","background-type":"","background-media":"","overlay-type":"","overlay-color":"","overlay-opacity":"","overlay-gradient":""},"tablet":{"background-color":"var(--ast-global-color-5)","background-image":"","background-repeat":"repeat","background-position":"center center","background-size":"auto","background-attachment":"scroll","background-type":"","background-media":"","overlay-type":"","overlay-color":"","overlay-opacity":"","overlay-gradient":""},"mobile":{"background-color":"var(--ast-global-color-5)","background-image":"","background-repeat":"repeat","background-position":"center center","background-size":"auto","background-attachment":"scroll","background-type":"","background-media":"","overlay-type":"","overlay-color":"","overlay-opacity":"","overlay-gradient":""}}},"product_brand":[],"product_cat":[175],"product_tag":[],"class_list":{"0":"post-25358","1":"product","2":"type-product","3":"status-publish","4":"has-post-thumbnail","6":"product_cat-cleaning-products","7":"desktop-align-left","8":"tablet-align-left","9":"mobile-align-left","11":"first","12":"instock","13":"sale","14":"taxable","15":"shipping-taxable","16":"purchasable","17":"product-type-variable","18":"has-default-attributes"},"spectra_custom_meta":{"_visibility":["visible"],"_shopify_product_id":["9106518737141"],"_s2w_shopify_domain":["ferberpainting.myshopify.com"],"_shopify_variant_id":["46626219458805"],"_sku":[""],"_manage_stock":["no"],"total_sales":["17"],"_tax_status":["taxable"],"_tax_class":[""],"_backorders":["no"],"_sold_individually":["no"],"_virtual":["no"],"_downloadable":["no"],"_download_limit":["-1"],"_download_expiry":["-1"],"_stock":[null],"_stock_status":["instock"],"_wc_average_rating":["5.00"],"_wc_review_count":["11"],"_product_attributes":["a:1:{s:6:\"volume\";a:6:{s:4:\"name\";s:6:\"Volume\";s:5:\"value\";s:20:\"5 liters | 25 liters\";s:8:\"position\";i:1;s:10:\"is_visible\";i:0;s:12:\"is_variation\";i:1;s:11:\"is_taxonomy\";i:0;}}"],"_product_version":["10.5.1"],"wpse_downloadable_file_names":[""],"wpse_downloadable_file_urls":[""],"_edit_last":["1"],"_default_attributes":["a:1:{s:6:\"volume\";s:8:\"5 liters\";}"],"_edit_lock":["1771241479:1"],"merchant-center-category":["7504"],"_price":["29.90","129.90"],"merchant-center-availability":["yes"],"_thumbnail_id":["35883"],"_wp_page_template":["default"],"_wp_old_date":["2025-05-26"],"_product_image_gallery":["35884"],"site-sidebar-layout":["default"],"ast-site-content-layout":["default"],"site-content-style":["default"],"site-sidebar-style":["default"],"theme-transparent-header-meta":["default"],"_wc_rating_count":["a:1:{i:5;i:11;}"],"astra-migrate-meta-layouts":["set"],"_uag_css_file_name":["uag-css-25358.css"],"_elementor_page_assets":["a:0:{}"],"_uag_page_assets":["a:9:{s:3:\"css\";s:7133:\".uag-blocks-common-selector{z-index:var(--z-index-desktop) !important}@media(max-width: 976px){.uag-blocks-common-selector{z-index:var(--z-index-tablet) !important}}@media(max-width: 767px){.uag-blocks-common-selector{z-index:var(--z-index-mobile) !important}}.wp-block-uagb-image{display:flex}.wp-block-uagb-image__figure{position:relative;display:flex;flex-direction:column;max-width:100%;height:auto;margin:0}.wp-block-uagb-image__figure img{height:auto;display:flex;max-width:100%;transition:box-shadow .2s ease}.wp-block-uagb-image__figure>a{display:inline-block}.wp-block-uagb-image__figure figcaption{text-align:center;margin-top:.5em;margin-bottom:1em}.wp-block-uagb-image .components-placeholder.block-editor-media-placeholder .components-placeholder__instructions{align-self:center}.wp-block-uagb-image--align-left{text-align:left}.wp-block-uagb-image--align-right{text-align:right}.wp-block-uagb-image--align-center{text-align:center}.wp-block-uagb-image--align-full .wp-block-uagb-image__figure{margin-left:calc(50% - 50vw);margin-right:calc(50% - 50vw);max-width:100vw;width:100vw;height:auto}.wp-block-uagb-image--align-full .wp-block-uagb-image__figure img{height:auto;width:100% !important}.wp-block-uagb-image--align-wide .wp-block-uagb-image__figure img{height:auto;width:100%}.wp-block-uagb-image--layout-overlay__color-wrapper{position:absolute;left:0;top:0;right:0;bottom:0;opacity:.2;background:rgba(0,0,0,.5);transition:opacity .35s ease-in-out}.wp-block-uagb-image--layout-overlay-link{position:absolute;left:0;right:0;bottom:0;top:0}.wp-block-uagb-image--layout-overlay .wp-block-uagb-image__figure:hover .wp-block-uagb-image--layout-overlay__color-wrapper{opacity:1}.wp-block-uagb-image--layout-overlay__inner{position:absolute;left:15px;right:15px;bottom:15px;top:15px;display:flex;align-items:center;justify-content:center;flex-direction:column;border-color:#fff;transition:.35s ease-in-out}.wp-block-uagb-image--layout-overlay__inner.top-left,.wp-block-uagb-image--layout-overlay__inner.top-center,.wp-block-uagb-image--layout-overlay__inner.top-right{justify-content:flex-start}.wp-block-uagb-image--layout-overlay__inner.bottom-left,.wp-block-uagb-image--layout-overlay__inner.bottom-center,.wp-block-uagb-image--layout-overlay__inner.bottom-right{justify-content:flex-end}.wp-block-uagb-image--layout-overlay__inner.top-left,.wp-block-uagb-image--layout-overlay__inner.center-left,.wp-block-uagb-image--layout-overlay__inner.bottom-left{align-items:flex-start}.wp-block-uagb-image--layout-overlay__inner.top-right,.wp-block-uagb-image--layout-overlay__inner.center-right,.wp-block-uagb-image--layout-overlay__inner.bottom-right{align-items:flex-end}.wp-block-uagb-image--layout-overlay__inner .uagb-image-heading{color:#fff;transition:transform .35s,opacity .35s ease-in-out;transform:translate3d(0, 24px, 0);margin:0;line-height:1em}.wp-block-uagb-image--layout-overlay__inner .uagb-image-separator{width:30%;border-top-width:2px;border-top-color:#fff;border-top-style:solid;margin-bottom:10px;opacity:0;transition:transform .4s,opacity .4s ease-in-out;transform:translate3d(0, 30px, 0)}.wp-block-uagb-image--layout-overlay__inner .uagb-image-caption{opacity:0;overflow:visible;color:#fff;transition:transform .45s,opacity .45s ease-in-out;transform:translate3d(0, 35px, 0)}.wp-block-uagb-image--layout-overlay__inner:hover .uagb-image-heading,.wp-block-uagb-image--layout-overlay__inner:hover .uagb-image-separator,.wp-block-uagb-image--layout-overlay__inner:hover .uagb-image-caption{opacity:1;transform:translate3d(0, 0, 0)}.wp-block-uagb-image--effect-zoomin .wp-block-uagb-image__figure img,.wp-block-uagb-image--effect-zoomin .wp-block-uagb-image__figure .wp-block-uagb-image--layout-overlay__color-wrapper{transform:scale(1);transition:transform .35s ease-in-out}.wp-block-uagb-image--effect-zoomin .wp-block-uagb-image__figure:hover img,.wp-block-uagb-image--effect-zoomin .wp-block-uagb-image__figure:hover .wp-block-uagb-image--layout-overlay__color-wrapper{transform:scale(1.05)}.wp-block-uagb-image--effect-slide .wp-block-uagb-image__figure img,.wp-block-uagb-image--effect-slide .wp-block-uagb-image__figure .wp-block-uagb-image--layout-overlay__color-wrapper{width:calc(100% + 40px) !important;max-width:none !important;transform:translate3d(-40px, 0, 0);transition:transform .35s ease-in-out}.wp-block-uagb-image--effect-slide .wp-block-uagb-image__figure:hover img,.wp-block-uagb-image--effect-slide .wp-block-uagb-image__figure:hover .wp-block-uagb-image--layout-overlay__color-wrapper{transform:translate3d(0, 0, 0)}.wp-block-uagb-image--effect-grayscale img{filter:grayscale(0%);transition:.35s ease-in-out}.wp-block-uagb-image--effect-grayscale:hover img{filter:grayscale(100%)}.wp-block-uagb-image--effect-blur img{filter:blur(0);transition:.35s ease-in-out}.wp-block-uagb-image--effect-blur:hover img{filter:blur(3px)}.uagb-block-e6f939b3.wp-block-uagb-image--layout-default figure img{box-shadow: 0px 0px 0 #00000070;}.uagb-block-e6f939b3.wp-block-uagb-image .wp-block-uagb-image__figure figcaption{font-style: normal;align-self: center;}.uagb-block-e6f939b3.wp-block-uagb-image--layout-overlay figure img{box-shadow: 0px 0px 0 #00000070;}.uagb-block-e6f939b3.wp-block-uagb-image--layout-overlay .wp-block-uagb-image--layout-overlay__color-wrapper{opacity: 0.2;}.uagb-block-e6f939b3.wp-block-uagb-image--layout-overlay .wp-block-uagb-image--layout-overlay__inner{left: 15px;right: 15px;top: 15px;bottom: 15px;}.uagb-block-e6f939b3.wp-block-uagb-image--layout-overlay .wp-block-uagb-image--layout-overlay__inner .uagb-image-heading{font-style: normal;color: #fff;opacity: 1;}.uagb-block-e6f939b3.wp-block-uagb-image--layout-overlay .wp-block-uagb-image--layout-overlay__inner .uagb-image-heading a{color: #fff;}.uagb-block-e6f939b3.wp-block-uagb-image--layout-overlay .wp-block-uagb-image--layout-overlay__inner .uagb-image-caption{opacity: 0;}.uagb-block-e6f939b3.wp-block-uagb-image--layout-overlay .wp-block-uagb-image__figure:hover .wp-block-uagb-image--layout-overlay__color-wrapper{opacity: 1;}.uagb-block-e6f939b3.wp-block-uagb-image .wp-block-uagb-image--layout-overlay__inner .uagb-image-separator{width: 30%;border-top-width: 2px;border-top-color: #fff;opacity: 0;}.uagb-block-e6f939b3.wp-block-uagb-image .wp-block-uagb-image__figure img{width: px;height: auto;}.uagb-block-e6f939b3.wp-block-uagb-image .wp-block-uagb-image__figure:hover .wp-block-uagb-image--layout-overlay__inner .uagb-image-caption{opacity: 1;}.uagb-block-e6f939b3.wp-block-uagb-image .wp-block-uagb-image__figure:hover .wp-block-uagb-image--layout-overlay__inner .uagb-image-separator{opacity: 1;}.uagb-block-e6f939b3.wp-block-uagb-image--layout-default figure:hover img{box-shadow: 0px 0px 0 #00000070;}.uagb-block-e6f939b3.wp-block-uagb-image--layout-overlay figure:hover img{box-shadow: 0px 0px 0 #00000070;}@media only screen and (max-width: 976px) {.uagb-block-e6f939b3.wp-block-uagb-image .wp-block-uagb-image__figure img{width: px;height: auto;}}@media only screen and (max-width: 767px) {.uagb-block-e6f939b3.wp-block-uagb-image .wp-block-uagb-image__figure img{width: px;height: auto;}}\";s:2:\"js\";s:0:\"\";s:18:\"current_block_list\";a:13:{i:0;s:11:\"core\/search\";i:1;s:10:\"core\/group\";i:2;s:12:\"core\/heading\";i:3;s:17:\"core\/latest-posts\";i:4;s:20:\"core\/latest-comments\";i:5;s:13:\"core\/archives\";i:6;s:15:\"core\/categories\";i:7;s:14:\"core\/paragraph\";i:8;s:10:\"uagb\/image\";i:9;s:11:\"core\/spacer\";i:10;s:30:\"woocommerce\/product-categories\";i:11;s:10:\"core\/image\";i:12;s:14:\"core\/shortcode\";}s:8:\"uag_flag\";b:1;s:11:\"uag_version\";s:10:\"1777228784\";s:6:\"gfonts\";a:0:{}s:10:\"gfonts_url\";s:0:\"\";s:12:\"gfonts_files\";a:0:{}s:14:\"uag_faq_layout\";b:0;}"]},"uagb_featured_image_src":{"full":["https:\/\/www.ferberpainting.com\/wp-content\/uploads\/2025\/05\/Terracotta-Cleaner-5L.png",2560,2560,false],"thumbnail":["https:\/\/www.ferberpainting.com\/wp-content\/uploads\/2025\/05\/Terracotta-Cleaner-5L-150x150.png",150,150,true],"medium":["https:\/\/www.ferberpainting.com\/wp-content\/uploads\/2025\/05\/Terracotta-Cleaner-5L-300x300.png",300,300,true],"medium_large":["https:\/\/www.ferberpainting.com\/wp-content\/uploads\/2025\/05\/Terracotta-Cleaner-5L-768x768.png",768,768,true],"large":["https:\/\/www.ferberpainting.com\/wp-content\/uploads\/2025\/05\/Terracotta-Cleaner-5L-1024x1024.png",1024,1024,true],"1536x1536":["https:\/\/www.ferberpainting.com\/wp-content\/uploads\/2025\/05\/Terracotta-Cleaner-5L-1536x1536.png",1536,1536,true],"2048x2048":["https:\/\/www.ferberpainting.com\/wp-content\/uploads\/2025\/05\/Terracotta-Cleaner-5L-2048x2048.png",2048,2048,true],"trp-custom-language-flag":["https:\/\/www.ferberpainting.com\/wp-content\/uploads\/2025\/05\/Terracotta-Cleaner-5L-12x12.png",12,12,true],"woocommerce_thumbnail":["https:\/\/www.ferberpainting.com\/wp-content\/uploads\/2025\/05\/Terracotta-Cleaner-5L-300x300.png",300,300,true],"woocommerce_single":["https:\/\/www.ferberpainting.com\/wp-content\/uploads\/2025\/05\/Terracotta-Cleaner-5L-600x600.png",600,600,true],"woocommerce_gallery_thumbnail":["https:\/\/www.ferberpainting.com\/wp-content\/uploads\/2025\/05\/Terracotta-Cleaner-5L-100x100.png",100,100,true]},"uagb_author_info":{"display_name":"admin","author_link":"https:\/\/www.ferberpainting.com\/cz\/author\/"},"uagb_comment_info":11,"uagb_excerpt":"Restore the warm, natural beauty of your terracotta surfaces with deep and gentle cleaning power. Our terracotta cleaner is specially formulated to remove embedded dirt, stains, grease, and weather-related residues without damaging the delicate structure of terracotta. Over time, terracotta can lose its vibrant color due to dust buildup, organic growth, and environmental exposure. This&hellip;","_links":{"self":[{"href":"https:\/\/www.ferberpainting.com\/cz\/wp-json\/wp\/v2\/product\/25358","targetHints":{"allow":["GET"]}}],"collection":[{"href":"https:\/\/www.ferberpainting.com\/cz\/wp-json\/wp\/v2\/product"}],"about":[{"href":"https:\/\/www.ferberpainting.com\/cz\/wp-json\/wp\/v2\/types\/product"}],"replies":[{"embeddable":true,"href":"https:\/\/www.ferberpainting.com\/cz\/wp-json\/wp\/v2\/comments?post=25358"}],"version-history":[{"count":4,"href":"https:\/\/www.ferberpainting.com\/cz\/wp-json\/wp\/v2\/product\/25358\/revisions"}],"predecessor-version":[{"id":167376,"href":"https:\/\/www.ferberpainting.com\/cz\/wp-json\/wp\/v2\/product\/25358\/revisions\/167376"}],"wp:featuredmedia":[{"embeddable":true,"href":"https:\/\/www.ferberpainting.com\/cz\/wp-json\/wp\/v2\/media\/35883"}],"wp:attachment":[{"href":"https:\/\/www.ferberpainting.com\/cz\/wp-json\/wp\/v2\/media?parent=25358"}],"wp:term":[{"taxonomy":"product_brand","embeddable":true,"href":"https:\/\/www.ferberpainting.com\/cz\/wp-json\/wp\/v2\/product_brand?post=25358"},{"taxonomy":"product_cat","embeddable":true,"href":"https:\/\/www.ferberpainting.com\/cz\/wp-json\/wp\/v2\/product_cat?post=25358"},{"taxonomy":"product_tag","embeddable":true,"href":"https:\/\/www.ferberpainting.com\/cz\/wp-json\/wp\/v2\/product_tag?post=25358"}],"curies":[{"name":"wp","href":"https:\/\/api.w.org\/{rel}","templated":true}]}}