{"id":25342,"date":"2025-05-26T10:31:01","date_gmt":"2025-05-26T08:31:01","guid":{"rendered":"https:\/\/www.ferberpainting.com\/products\/sunflower-fertilizer\/"},"modified":"2026-02-16T12:17:27","modified_gmt":"2026-02-16T11:17:27","slug":"sunflower-fertilizer","status":"publish","type":"product","link":"https:\/\/www.ferberpainting.com\/cz\/products\/sunflower-fertilizer\/","title":{"rendered":"Hnojivo pro slune\u010dnice"},"content":{"rendered":"<p><strong><img decoding=\"async\" style=\"margin-right: 12px;\" src=\"https:\/\/www.ferberpainting.com\/wp-content\/uploads\/2026\/02\/Check.svg\" alt=\"\" width=\"18\" height=\"15\" \/>Hnojivo speci\u00e1ln\u011b vyvinut\u00e9 pro maximalizaci r\u016fstu a kveten\u00ed slune\u010dnice.<\/strong>\u00a0Toto hnojivo bylo speci\u00e1ln\u011b navr\u017eeno tak, aby spl\u0148ovalo nutri\u010dn\u00ed pot\u0159eby slune\u010dnic a poskytovalo dokonalou rovnov\u00e1hu \u017eivin, kter\u00e1 zaji\u0161\u0165uje siln\u00fd r\u016fst, bohat\u00e9 kveten\u00ed a lep\u0161\u00ed odolnost v\u016f\u010di n\u00e1ro\u010dn\u00fdm klimatick\u00fdm podm\u00ednk\u00e1m. D\u00edky slo\u017een\u00ed bohat\u00e9mu na dus\u00edk, fosfor a drasl\u00edk (NPK 15-15-15) pom\u00e1h\u00e1 zlep\u0161ovat zako\u0159e\u0148ov\u00e1n\u00ed, posilovat stonek a optimalizovat produkci slune\u010dnicov\u00fdch semen.<\/p>\n<p><strong><img decoding=\"async\" style=\"margin-right: 12px;\" src=\"https:\/\/www.ferberpainting.com\/wp-content\/uploads\/2026\/02\/Check.svg\" alt=\"\" width=\"18\" height=\"15\" \/>Z\u00e1ruka vr\u00e1cen\u00ed pen\u011bz.<\/strong>\u00a0M\u00e1me naprostou d\u016fv\u011bru v \u00fa\u010dinnost na\u0161eho hnojiva na slune\u010dnici, a proto nab\u00edz\u00edme vr\u00e1cen\u00ed pen\u011bz v pln\u00e9 v\u00fd\u0161i, pokud nebudete s v\u00fdsledky spokojeni. Pokud po aplikaci nezaznamen\u00e1te \u017e\u00e1dn\u00e9 zlep\u0161en\u00ed v r\u016fstu nebo kveten\u00ed slune\u010dnic, m\u016f\u017eete po\u017e\u00e1dat o vr\u00e1cen\u00ed pen\u011bz bez podm\u00ednek.<\/p>\n<p><strong><img decoding=\"async\" style=\"margin-right: 12px;\" src=\"https:\/\/www.ferberpainting.com\/wp-content\/uploads\/2026\/02\/Check.svg\" alt=\"\" width=\"18\" height=\"15\" \/>Univerz\u00e1ln\u00ed hnojivo pro r\u016fzn\u00e9 typy p\u016fd a porost\u016f.<\/strong>\u00a0Toto hnojivo je kompatibiln\u00ed se v\u0161emi typy p\u016fd, v\u010detn\u011b j\u00edlovit\u00fdch, p\u00eds\u010dit\u00fdch nebo hlinit\u00fdch, a je vhodn\u00e9 jak pro plodiny p\u011bstovan\u00e9 na voln\u00e9m prostranstv\u00ed, tak pro v\u00fdsadby v kv\u011btin\u00e1\u010d\u00edch nebo na vyv\u00fd\u0161en\u00fdch z\u00e1honech. Je ide\u00e1ln\u00ed pro dom\u00e1c\u00ed zahr\u00e1dk\u00e1\u0159e, amat\u00e9rsk\u00e9 zem\u011bd\u011blce i profesion\u00e1ly, kte\u0159\u00ed se sna\u017e\u00ed zlep\u0161it zdravotn\u00ed stav a v\u00fdnosy sv\u00fdch slune\u010dnicov\u00fdch plodin.<\/p>\n<p><strong><img decoding=\"async\" style=\"margin-right: 12px;\" src=\"https:\/\/www.ferberpainting.com\/wp-content\/uploads\/2026\/02\/Check.svg\" alt=\"\" width=\"18\" height=\"15\" \/>Optim\u00e1ln\u00ed ekonomick\u00e1 \u00fa\u010dinnost d\u00edky koncentrovan\u00e9mu slo\u017een\u00ed.<\/strong>\u00a0D\u00edky n\u00edzk\u00e9 aplika\u010dn\u00ed d\u00e1vce nab\u00edz\u00ed toto hnojivo \u00fa\u010dinn\u00e9 a ekonomick\u00e9 hnojen\u00ed. Jeho koncentrace umo\u017e\u0148uje snadn\u00e9 \u0159ed\u011bn\u00ed v pom\u011bru 5 ml na litr vody, co\u017e zaji\u0161\u0165uje \u0161irok\u00e9 pokryt\u00ed bez pl\u00fdtv\u00e1n\u00ed p\u0159\u00edpravkem. Jedin\u00e1 p\u011btilitrov\u00e1 n\u00e1doba dok\u00e1\u017ee o\u0161et\u0159it velk\u00e9 plochy, co\u017e \u010din\u00ed investici vysoce v\u00fdhodnou.<\/p>\n<p><strong><img decoding=\"async\" style=\"margin-right: 12px;\" src=\"https:\/\/www.ferberpainting.com\/wp-content\/uploads\/2026\/02\/Check.svg\" alt=\"\" width=\"18\" height=\"15\" \/>Bezpe\u010dn\u00fd a ekologick\u00fd v\u00fdrobek.<\/strong>\u00a0Na\u0161e hnojivo bylo vytvo\u0159eno bez nebezpe\u010dn\u00fdch l\u00e1tek a \u0161kodliv\u00fdch chemick\u00fdch p\u0159\u00edsad, tak\u017ee je bezpe\u010dn\u00e9 pro p\u016fdu, rostliny i okoln\u00ed voln\u011b \u017eij\u00edc\u00ed \u017eivo\u010dichy. Nezne\u010di\u0161\u0165uje podzemn\u00ed vody a pom\u00e1h\u00e1 zachovat biologickou rozmanitost mikroorganism\u016f v p\u016fd\u011b, \u010d\u00edm\u017e zaji\u0161\u0165uje ekologickou rovnov\u00e1hu.<\/p>\n<p><strong><img decoding=\"async\" style=\"margin-right: 12px;\" src=\"https:\/\/www.ferberpainting.com\/wp-content\/uploads\/2026\/02\/Check.svg\" alt=\"\" width=\"18\" height=\"15\" \/>Snadn\u00e9 pou\u017eit\u00ed a rychl\u00e1 aplikace.<\/strong>\u00a0Toto hnojivo se snadno \u0159ed\u00ed ve vod\u011b a aplikuje se p\u0159\u00edmo p\u0159i zal\u00e9v\u00e1n\u00ed, \u010d\u00edm\u017e se zamez\u00ed riziku p\u0159ed\u00e1vkov\u00e1n\u00ed nebo pop\u00e1len\u00ed rostlin. D\u00edky rychl\u00e9 vst\u0159ebatelnosti jsou \u017eiviny okam\u017eit\u011b dostupn\u00e9 rostlin\u00e1m, co\u017e zaji\u0161\u0165uje viditeln\u00e9 \u00fa\u010dinky ji\u017e b\u011bhem n\u011bkolika t\u00fddn\u016f.<\/p>\n<p><strong><img decoding=\"async\" style=\"margin-right: 12px;\" src=\"https:\/\/www.ferberpainting.com\/wp-content\/uploads\/2026\/02\/Check.svg\" alt=\"\" width=\"18\" height=\"15\" \/>Dlouhodob\u00e9 p\u016fsoben\u00ed pro optim\u00e1ln\u00ed v\u00fdvoj slune\u010dnice.<\/strong>\u00a0Toto hnojivo, jeho\u017e slo\u017een\u00ed zaji\u0161\u0165uje postupn\u00e9 uvol\u0148ov\u00e1n\u00ed \u017eivin, zaji\u0161\u0165uje nep\u0159etr\u017eit\u00e9 hnojen\u00ed po dobu n\u011bkolika t\u00fddn\u016f, podporuje r\u016fst stonk\u016f, odolnost v\u016f\u010di chorob\u00e1m a vysokou kvalitu osiva.<\/p>\n<p><strong><img decoding=\"async\" style=\"margin-right: 12px;\" src=\"https:\/\/www.ferberpainting.com\/wp-content\/uploads\/2026\/02\/Check.svg\" alt=\"\" width=\"18\" height=\"15\" \/>Viditeln\u00e9 v\u00fdsledky rychle po prvn\u00edch aplikac\u00edch.<\/strong>\u00a0B\u011bhem n\u011bkolika prvn\u00edch t\u00fddn\u016f si v\u0161imnete siln\u011bj\u0161\u00edho v\u00fdvoje stonk\u016f a list\u016f, hust\u0161\u00edho olist\u011bn\u00ed a bohat\u0161\u00edho kveten\u00ed. Toto hnojivo stimuluje metabolismus slune\u010dnice, \u010d\u00edm\u017e podporuje rychl\u00fd r\u016fst a lep\u0161\u00ed produkci semen.<\/p>\n<h2><strong>Protokol o pou\u017eit\u00ed<\/strong><\/h2>\n<p><strong>Doporu\u010den\u00e9 d\u00e1vkov\u00e1n\u00ed <\/strong>:<\/p>\n<ul>\n<li>5 ml hnojiva na 1 litr vody<\/li>\n<li>Zavla\u017eov\u00e1n\u00ed nebo listov\u00fd post\u0159ik pro rychlej\u0161\u00ed vst\u0159eb\u00e1v\u00e1n\u00ed \u017eivin<\/li>\n<li>Aplikujte ka\u017ed\u00fdch 15 dn\u00ed v obdob\u00ed r\u016fstu a kveten\u00ed.<\/li>\n<\/ul>\n<p><strong>Zp\u016fsob pou\u017eit\u00ed <\/strong>:<\/p>\n<ul>\n<li>Hnojivo z\u0159e\u010fte ve vod\u011b podle uveden\u00e9ho d\u00e1vkov\u00e1n\u00ed.<\/li>\n<li>Zal\u00e9vejte p\u0159\u00edmo u paty slune\u010dnic, ale d\u00e1vejte pozor, abyste p\u016fdu nenasytili.<\/li>\n<li>Post\u0159ik na listy pro rychlou asimilaci, zejm\u00e9na v obdob\u00ed vodn\u00edho stresu.<\/li>\n<\/ul>\n<p><strong>Frekvence pou\u017e\u00edv\u00e1n\u00ed <\/strong>:<\/p>\n<ul>\n<li><strong>Na za\u010d\u00e1tku r\u016fstu (b\u0159ezen-duben) <\/strong>: Podporuje dobr\u00fd v\u00fdvoj ko\u0159en\u016f a rychl\u00fd r\u016fst mlad\u00fdch rostlin.<\/li>\n<li><strong>B\u011bhem kveten\u00ed (kv\u011bten-srpen)<\/strong>: Stimuluje tvorbu kv\u011bt\u016f a zvy\u0161uje produkci semen<\/li>\n<li><strong>Na podzim (z\u00e1\u0159\u00ed-\u0159\u00edjen) <\/strong>: Pos\u00edlen\u00ed z\u00e1sob \u017eivin v rostlin\u011b p\u0159ed koncem vegeta\u010dn\u00edho cyklu.<\/li>\n<\/ul>\n<p><strong>Bezpe\u010dnostn\u00ed opat\u0159en\u00ed pro pou\u017eit\u00ed <\/strong>:<\/p>\n<ul>\n<li>Nep\u0159ed\u00e1vkujte, proto\u017ee nadbytek dus\u00edku m\u016f\u017ee zpomalit kveten\u00ed ve prosp\u011bch list\u016f.<\/li>\n<li>Aplikujte nejl\u00e9pe r\u00e1no nebo pozd\u011b ve\u010der, abyste zabr\u00e1nili nadm\u011brn\u00e9mu odpa\u0159ov\u00e1n\u00ed vody.<\/li>\n<li>Skladujte na chladn\u00e9m a such\u00e9m m\u00edst\u011b, mimo dosah vlhkosti, aby se zachovaly v\u0161echny vlastnosti v\u00fdrobku.<\/li>\n<\/ul>\n<p>Toto hnojivo pro slune\u010dnice je ide\u00e1ln\u00edm \u0159e\u0161en\u00edm pro v\u0161echny, kte\u0159\u00ed cht\u011bj\u00ed z\u00edskat siln\u00e9, dob\u0159e zako\u0159en\u011bn\u00e9 rostliny s n\u00e1dhern\u00fdmi kv\u011bty.<br \/>\nSnadno se pou\u017e\u00edv\u00e1, je cenov\u011b v\u00fdhodn\u00fd a \u0161etrn\u00fd k \u017eivotn\u00edmu prost\u0159ed\u00ed, umo\u017e\u0148uje rychl\u00fd r\u016fst a bohat\u00e9 kveten\u00ed pro \u017eiv\u00e9 a zdrav\u00e9 slune\u010dnice.<\/p>","protected":false},"excerpt":{"rendered":"<p>A fertilizer specially formulated to maximize sunflower growth and flowering.\u00a0This fertilizer has been specifically designed to meet the nutritional needs of sunflowers, by providing a perfect nutrient balance that ensures vigorous growth, abundant flowering and better resistance to difficult climatic conditions. Thanks to its nitrogen, phosphorus and potassium-rich formulation (NPK 15-15-15), it helps improve rooting, [&hellip;]<\/p>\n","protected":false},"featured_media":27197,"comment_status":"open","ping_status":"closed","template":"","meta":{"_uag_custom_page_level_css":"","site-sidebar-layout":"default","site-content-layout":"","ast-site-content-layout":"default","site-content-style":"default","site-sidebar-style":"default","ast-global-header-display":"","ast-banner-title-visibility":"","ast-main-header-display":"","ast-hfb-above-header-display":"","ast-hfb-below-header-display":"","ast-hfb-mobile-header-display":"","site-post-title":"","ast-breadcrumbs-content":"","ast-featured-img":"","footer-sml-layout":"","ast-disable-related-posts":"","theme-transparent-header-meta":"default","adv-header-id-meta":"","stick-header-meta":"","header-above-stick-meta":"","header-main-stick-meta":"","header-below-stick-meta":"","astra-migrate-meta-layouts":"set","ast-page-background-enabled":"default","ast-page-background-meta":{"desktop":{"background-color":"var(--ast-global-color-4)","background-image":"","background-repeat":"repeat","background-position":"center center","background-size":"auto","background-attachment":"scroll","background-type":"","background-media":"","overlay-type":"","overlay-color":"","overlay-opacity":"","overlay-gradient":""},"tablet":{"background-color":"","background-image":"","background-repeat":"repeat","background-position":"center center","background-size":"auto","background-attachment":"scroll","background-type":"","background-media":"","overlay-type":"","overlay-color":"","overlay-opacity":"","overlay-gradient":""},"mobile":{"background-color":"","background-image":"","background-repeat":"repeat","background-position":"center center","background-size":"auto","background-attachment":"scroll","background-type":"","background-media":"","overlay-type":"","overlay-color":"","overlay-opacity":"","overlay-gradient":""}},"ast-content-background-meta":{"desktop":{"background-color":"var(--ast-global-color-5)","background-image":"","background-repeat":"repeat","background-position":"center center","background-size":"auto","background-attachment":"scroll","background-type":"","background-media":"","overlay-type":"","overlay-color":"","overlay-opacity":"","overlay-gradient":""},"tablet":{"background-color":"var(--ast-global-color-5)","background-image":"","background-repeat":"repeat","background-position":"center center","background-size":"auto","background-attachment":"scroll","background-type":"","background-media":"","overlay-type":"","overlay-color":"","overlay-opacity":"","overlay-gradient":""},"mobile":{"background-color":"var(--ast-global-color-5)","background-image":"","background-repeat":"repeat","background-position":"center center","background-size":"auto","background-attachment":"scroll","background-type":"","background-media":"","overlay-type":"","overlay-color":"","overlay-opacity":"","overlay-gradient":""}}},"product_brand":[],"product_cat":[178],"product_tag":[],"class_list":{"0":"post-25342","1":"product","2":"type-product","3":"status-publish","4":"has-post-thumbnail","6":"product_cat-fertilizers","7":"desktop-align-left","8":"tablet-align-left","9":"mobile-align-left","11":"first","12":"instock","13":"sale","14":"taxable","15":"shipping-taxable","16":"purchasable","17":"product-type-variable","18":"has-default-attributes"},"spectra_custom_meta":{"_visibility":["visible"],"_shopify_product_id":["9073233297653"],"_s2w_shopify_domain":["ferberpainting.myshopify.com"],"_shopify_variant_id":["46524451193077"],"_sku":[""],"_manage_stock":["no"],"total_sales":["2"],"_tax_status":["taxable"],"_tax_class":[""],"_backorders":["no"],"_sold_individually":["no"],"_virtual":["no"],"_downloadable":["no"],"_download_limit":["-1"],"_download_expiry":["-1"],"_stock":[null],"_stock_status":["instock"],"_wc_average_rating":["4.75"],"_wc_review_count":["8"],"_product_attributes":["a:1:{s:6:\"volume\";a:6:{s:4:\"name\";s:6:\"Volume\";s:5:\"value\";s:20:\"5 liters | 25 liters\";s:8:\"position\";i:1;s:10:\"is_visible\";i:0;s:12:\"is_variation\";i:1;s:11:\"is_taxonomy\";i:0;}}"],"_product_version":["10.5.1"],"_thumbnail_id":["27197"],"_product_image_gallery":["27198"],"wpse_downloadable_file_names":[""],"wpse_downloadable_file_urls":[""],"_edit_last":["1"],"_default_attributes":["a:1:{s:6:\"volume\";s:8:\"5 liters\";}"],"_edit_lock":["1771240863:1"],"_price":["29.90","129.90"],"merchant-center-availability":["yes"],"merchant-center-category":["113"],"_wp_page_template":["default"],"site-sidebar-layout":["default"],"ast-site-content-layout":["default"],"site-content-style":["default"],"site-sidebar-style":["default"],"theme-transparent-header-meta":["default"],"_wc_rating_count":["a:2:{i:4;i:2;i:5;i:6;}"],"astra-migrate-meta-layouts":["set"],"_uag_css_file_name":["uag-css-25342.css"],"_elementor_page_assets":["a:0:{}"],"_uag_page_assets":["a:9:{s:3:\"css\";s:7133:\".uag-blocks-common-selector{z-index:var(--z-index-desktop) !important}@media(max-width: 976px){.uag-blocks-common-selector{z-index:var(--z-index-tablet) !important}}@media(max-width: 767px){.uag-blocks-common-selector{z-index:var(--z-index-mobile) !important}}.wp-block-uagb-image{display:flex}.wp-block-uagb-image__figure{position:relative;display:flex;flex-direction:column;max-width:100%;height:auto;margin:0}.wp-block-uagb-image__figure img{height:auto;display:flex;max-width:100%;transition:box-shadow .2s ease}.wp-block-uagb-image__figure>a{display:inline-block}.wp-block-uagb-image__figure figcaption{text-align:center;margin-top:.5em;margin-bottom:1em}.wp-block-uagb-image .components-placeholder.block-editor-media-placeholder .components-placeholder__instructions{align-self:center}.wp-block-uagb-image--align-left{text-align:left}.wp-block-uagb-image--align-right{text-align:right}.wp-block-uagb-image--align-center{text-align:center}.wp-block-uagb-image--align-full .wp-block-uagb-image__figure{margin-left:calc(50% - 50vw);margin-right:calc(50% - 50vw);max-width:100vw;width:100vw;height:auto}.wp-block-uagb-image--align-full .wp-block-uagb-image__figure img{height:auto;width:100% !important}.wp-block-uagb-image--align-wide .wp-block-uagb-image__figure img{height:auto;width:100%}.wp-block-uagb-image--layout-overlay__color-wrapper{position:absolute;left:0;top:0;right:0;bottom:0;opacity:.2;background:rgba(0,0,0,.5);transition:opacity .35s ease-in-out}.wp-block-uagb-image--layout-overlay-link{position:absolute;left:0;right:0;bottom:0;top:0}.wp-block-uagb-image--layout-overlay .wp-block-uagb-image__figure:hover .wp-block-uagb-image--layout-overlay__color-wrapper{opacity:1}.wp-block-uagb-image--layout-overlay__inner{position:absolute;left:15px;right:15px;bottom:15px;top:15px;display:flex;align-items:center;justify-content:center;flex-direction:column;border-color:#fff;transition:.35s ease-in-out}.wp-block-uagb-image--layout-overlay__inner.top-left,.wp-block-uagb-image--layout-overlay__inner.top-center,.wp-block-uagb-image--layout-overlay__inner.top-right{justify-content:flex-start}.wp-block-uagb-image--layout-overlay__inner.bottom-left,.wp-block-uagb-image--layout-overlay__inner.bottom-center,.wp-block-uagb-image--layout-overlay__inner.bottom-right{justify-content:flex-end}.wp-block-uagb-image--layout-overlay__inner.top-left,.wp-block-uagb-image--layout-overlay__inner.center-left,.wp-block-uagb-image--layout-overlay__inner.bottom-left{align-items:flex-start}.wp-block-uagb-image--layout-overlay__inner.top-right,.wp-block-uagb-image--layout-overlay__inner.center-right,.wp-block-uagb-image--layout-overlay__inner.bottom-right{align-items:flex-end}.wp-block-uagb-image--layout-overlay__inner .uagb-image-heading{color:#fff;transition:transform .35s,opacity .35s ease-in-out;transform:translate3d(0, 24px, 0);margin:0;line-height:1em}.wp-block-uagb-image--layout-overlay__inner .uagb-image-separator{width:30%;border-top-width:2px;border-top-color:#fff;border-top-style:solid;margin-bottom:10px;opacity:0;transition:transform .4s,opacity .4s ease-in-out;transform:translate3d(0, 30px, 0)}.wp-block-uagb-image--layout-overlay__inner .uagb-image-caption{opacity:0;overflow:visible;color:#fff;transition:transform .45s,opacity .45s ease-in-out;transform:translate3d(0, 35px, 0)}.wp-block-uagb-image--layout-overlay__inner:hover .uagb-image-heading,.wp-block-uagb-image--layout-overlay__inner:hover .uagb-image-separator,.wp-block-uagb-image--layout-overlay__inner:hover .uagb-image-caption{opacity:1;transform:translate3d(0, 0, 0)}.wp-block-uagb-image--effect-zoomin .wp-block-uagb-image__figure img,.wp-block-uagb-image--effect-zoomin .wp-block-uagb-image__figure .wp-block-uagb-image--layout-overlay__color-wrapper{transform:scale(1);transition:transform .35s ease-in-out}.wp-block-uagb-image--effect-zoomin .wp-block-uagb-image__figure:hover img,.wp-block-uagb-image--effect-zoomin .wp-block-uagb-image__figure:hover .wp-block-uagb-image--layout-overlay__color-wrapper{transform:scale(1.05)}.wp-block-uagb-image--effect-slide .wp-block-uagb-image__figure img,.wp-block-uagb-image--effect-slide .wp-block-uagb-image__figure .wp-block-uagb-image--layout-overlay__color-wrapper{width:calc(100% + 40px) !important;max-width:none !important;transform:translate3d(-40px, 0, 0);transition:transform .35s ease-in-out}.wp-block-uagb-image--effect-slide .wp-block-uagb-image__figure:hover img,.wp-block-uagb-image--effect-slide .wp-block-uagb-image__figure:hover .wp-block-uagb-image--layout-overlay__color-wrapper{transform:translate3d(0, 0, 0)}.wp-block-uagb-image--effect-grayscale img{filter:grayscale(0%);transition:.35s ease-in-out}.wp-block-uagb-image--effect-grayscale:hover img{filter:grayscale(100%)}.wp-block-uagb-image--effect-blur img{filter:blur(0);transition:.35s ease-in-out}.wp-block-uagb-image--effect-blur:hover img{filter:blur(3px)}.uagb-block-e6f939b3.wp-block-uagb-image--layout-default figure img{box-shadow: 0px 0px 0 #00000070;}.uagb-block-e6f939b3.wp-block-uagb-image .wp-block-uagb-image__figure figcaption{font-style: normal;align-self: center;}.uagb-block-e6f939b3.wp-block-uagb-image--layout-overlay figure img{box-shadow: 0px 0px 0 #00000070;}.uagb-block-e6f939b3.wp-block-uagb-image--layout-overlay .wp-block-uagb-image--layout-overlay__color-wrapper{opacity: 0.2;}.uagb-block-e6f939b3.wp-block-uagb-image--layout-overlay .wp-block-uagb-image--layout-overlay__inner{left: 15px;right: 15px;top: 15px;bottom: 15px;}.uagb-block-e6f939b3.wp-block-uagb-image--layout-overlay .wp-block-uagb-image--layout-overlay__inner .uagb-image-heading{font-style: normal;color: #fff;opacity: 1;}.uagb-block-e6f939b3.wp-block-uagb-image--layout-overlay .wp-block-uagb-image--layout-overlay__inner .uagb-image-heading a{color: #fff;}.uagb-block-e6f939b3.wp-block-uagb-image--layout-overlay .wp-block-uagb-image--layout-overlay__inner .uagb-image-caption{opacity: 0;}.uagb-block-e6f939b3.wp-block-uagb-image--layout-overlay .wp-block-uagb-image__figure:hover .wp-block-uagb-image--layout-overlay__color-wrapper{opacity: 1;}.uagb-block-e6f939b3.wp-block-uagb-image .wp-block-uagb-image--layout-overlay__inner .uagb-image-separator{width: 30%;border-top-width: 2px;border-top-color: #fff;opacity: 0;}.uagb-block-e6f939b3.wp-block-uagb-image .wp-block-uagb-image__figure img{width: px;height: auto;}.uagb-block-e6f939b3.wp-block-uagb-image .wp-block-uagb-image__figure:hover .wp-block-uagb-image--layout-overlay__inner .uagb-image-caption{opacity: 1;}.uagb-block-e6f939b3.wp-block-uagb-image .wp-block-uagb-image__figure:hover .wp-block-uagb-image--layout-overlay__inner .uagb-image-separator{opacity: 1;}.uagb-block-e6f939b3.wp-block-uagb-image--layout-default figure:hover img{box-shadow: 0px 0px 0 #00000070;}.uagb-block-e6f939b3.wp-block-uagb-image--layout-overlay figure:hover img{box-shadow: 0px 0px 0 #00000070;}@media only screen and (max-width: 976px) {.uagb-block-e6f939b3.wp-block-uagb-image .wp-block-uagb-image__figure img{width: px;height: auto;}}@media only screen and (max-width: 767px) {.uagb-block-e6f939b3.wp-block-uagb-image .wp-block-uagb-image__figure img{width: px;height: auto;}}\";s:2:\"js\";s:0:\"\";s:18:\"current_block_list\";a:13:{i:0;s:11:\"core\/search\";i:1;s:10:\"core\/group\";i:2;s:12:\"core\/heading\";i:3;s:17:\"core\/latest-posts\";i:4;s:20:\"core\/latest-comments\";i:5;s:13:\"core\/archives\";i:6;s:15:\"core\/categories\";i:7;s:14:\"core\/paragraph\";i:8;s:10:\"uagb\/image\";i:9;s:11:\"core\/spacer\";i:10;s:30:\"woocommerce\/product-categories\";i:11;s:10:\"core\/image\";i:12;s:14:\"core\/shortcode\";}s:8:\"uag_flag\";b:1;s:11:\"uag_version\";s:10:\"1777331471\";s:6:\"gfonts\";a:0:{}s:10:\"gfonts_url\";s:0:\"\";s:12:\"gfonts_files\";a:0:{}s:14:\"uag_faq_layout\";b:0;}"]},"uagb_featured_image_src":{"full":["https:\/\/www.ferberpainting.com\/wp-content\/uploads\/2025\/05\/SunflowerFertilizer5L.png",2560,2560,false],"thumbnail":["https:\/\/www.ferberpainting.com\/wp-content\/uploads\/2025\/05\/SunflowerFertilizer5L-150x150.png",150,150,true],"medium":["https:\/\/www.ferberpainting.com\/wp-content\/uploads\/2025\/05\/SunflowerFertilizer5L-300x300.png",300,300,true],"medium_large":["https:\/\/www.ferberpainting.com\/wp-content\/uploads\/2025\/05\/SunflowerFertilizer5L-768x768.png",768,768,true],"large":["https:\/\/www.ferberpainting.com\/wp-content\/uploads\/2025\/05\/SunflowerFertilizer5L-1024x1024.png",1024,1024,true],"1536x1536":["https:\/\/www.ferberpainting.com\/wp-content\/uploads\/2025\/05\/SunflowerFertilizer5L-1536x1536.png",1536,1536,true],"2048x2048":["https:\/\/www.ferberpainting.com\/wp-content\/uploads\/2025\/05\/SunflowerFertilizer5L-2048x2048.png",2048,2048,true],"trp-custom-language-flag":["https:\/\/www.ferberpainting.com\/wp-content\/uploads\/2025\/05\/SunflowerFertilizer5L-12x12.png",12,12,true],"woocommerce_thumbnail":["https:\/\/www.ferberpainting.com\/wp-content\/uploads\/2025\/05\/SunflowerFertilizer5L-300x300.png",300,300,true],"woocommerce_single":["https:\/\/www.ferberpainting.com\/wp-content\/uploads\/2025\/05\/SunflowerFertilizer5L-600x600.png",600,600,true],"woocommerce_gallery_thumbnail":["https:\/\/www.ferberpainting.com\/wp-content\/uploads\/2025\/05\/SunflowerFertilizer5L-100x100.png",100,100,true]},"uagb_author_info":{"display_name":"admin","author_link":"https:\/\/www.ferberpainting.com\/cz\/author\/"},"uagb_comment_info":8,"uagb_excerpt":"A fertilizer specially formulated to maximize sunflower growth and flowering.\u00a0This fertilizer has been specifically designed to meet the nutritional needs of sunflowers, by providing a perfect nutrient balance that ensures vigorous growth, abundant flowering and better resistance to difficult climatic conditions. Thanks to its nitrogen, phosphorus and potassium-rich formulation (NPK 15-15-15), it helps improve rooting,&hellip;","_links":{"self":[{"href":"https:\/\/www.ferberpainting.com\/cz\/wp-json\/wp\/v2\/product\/25342","targetHints":{"allow":["GET"]}}],"collection":[{"href":"https:\/\/www.ferberpainting.com\/cz\/wp-json\/wp\/v2\/product"}],"about":[{"href":"https:\/\/www.ferberpainting.com\/cz\/wp-json\/wp\/v2\/types\/product"}],"replies":[{"embeddable":true,"href":"https:\/\/www.ferberpainting.com\/cz\/wp-json\/wp\/v2\/comments?post=25342"}],"version-history":[{"count":3,"href":"https:\/\/www.ferberpainting.com\/cz\/wp-json\/wp\/v2\/product\/25342\/revisions"}],"predecessor-version":[{"id":167363,"href":"https:\/\/www.ferberpainting.com\/cz\/wp-json\/wp\/v2\/product\/25342\/revisions\/167363"}],"wp:featuredmedia":[{"embeddable":true,"href":"https:\/\/www.ferberpainting.com\/cz\/wp-json\/wp\/v2\/media\/27197"}],"wp:attachment":[{"href":"https:\/\/www.ferberpainting.com\/cz\/wp-json\/wp\/v2\/media?parent=25342"}],"wp:term":[{"taxonomy":"product_brand","embeddable":true,"href":"https:\/\/www.ferberpainting.com\/cz\/wp-json\/wp\/v2\/product_brand?post=25342"},{"taxonomy":"product_cat","embeddable":true,"href":"https:\/\/www.ferberpainting.com\/cz\/wp-json\/wp\/v2\/product_cat?post=25342"},{"taxonomy":"product_tag","embeddable":true,"href":"https:\/\/www.ferberpainting.com\/cz\/wp-json\/wp\/v2\/product_tag?post=25342"}],"curies":[{"name":"wp","href":"https:\/\/api.w.org\/{rel}","templated":true}]}}