{"id":25332,"date":"2025-05-26T10:30:54","date_gmt":"2025-05-26T08:30:54","guid":{"rendered":"https:\/\/www.ferberpainting.com\/products\/succulent-fertilizer\/"},"modified":"2026-02-16T12:11:29","modified_gmt":"2026-02-16T11:11:29","slug":"succulent-fertilizer","status":"publish","type":"product","link":"https:\/\/www.ferberpainting.com\/cz\/products\/succulent-fertilizer\/","title":{"rendered":"Hnojivo pro sukulenty"},"content":{"rendered":"<p><strong><img decoding=\"async\" style=\"margin-right: 12px;\" src=\"https:\/\/www.ferberpainting.com\/wp-content\/uploads\/2026\/02\/Check.svg\" alt=\"\" width=\"18\" height=\"15\" \/>Hnojivo speci\u00e1ln\u011b vyvinut\u00e9 pro kaktusy a sukulenty.<\/strong>\u00a0Sukulentn\u00ed rostliny, jako jsou kaktusy, ag\u00e1ve, aloe a echeverie, maj\u00ed specifick\u00e9 nutri\u010dn\u00ed pot\u0159eby, kter\u00e9 se li\u0161\u00ed od pot\u0159eb pokojov\u00fdch nebo venkovn\u00edch zelen\u00fdch rostlin. Na\u0161e hnojivo NPK 15-15-15 bylo navr\u017eeno tak, aby poskytovalo optim\u00e1ln\u00ed rovnov\u00e1hu dus\u00edku, fosforu a drasl\u00edku a podporovalo siln\u00fd r\u016fst, sv\u011b\u017e\u00ed olist\u011bn\u00ed a bohat\u00e9 kveten\u00ed. D\u00edky sv\u00e9mu tekut\u00e9mu slo\u017een\u00ed se snadno vst\u0159eb\u00e1v\u00e1 a rychle pronik\u00e1 do substr\u00e1tu, tak\u017ee v\u00fdsledky jsou viditeln\u00e9 v kr\u00e1tk\u00e9 dob\u011b.<\/p>\n<p><strong><img decoding=\"async\" style=\"margin-right: 12px;\" src=\"https:\/\/www.ferberpainting.com\/wp-content\/uploads\/2026\/02\/Check.svg\" alt=\"\" width=\"18\" height=\"15\" \/>Z\u00e1ruka vr\u00e1cen\u00ed pen\u011bz.<\/strong>\u00a0Pevn\u011b v\u011b\u0159\u00edme v \u00fa\u010dinnost na\u0161ich hnojiv, a proto nab\u00edz\u00edme z\u00e1ruku vr\u00e1cen\u00ed pen\u011bz. Pokud se po pou\u017eit\u00ed v souladu s doporu\u010den\u00edmi u va\u0161ich kaktus\u016f a sukulent\u016f nezlep\u0161\u00ed r\u016fst nebo vitalita, zavazujeme se v\u00e1m vr\u00e1tit pen\u00edze v pln\u00e9 v\u00fd\u0161i.<\/p>\n<p><strong><img decoding=\"async\" style=\"margin-right: 12px;\" src=\"https:\/\/www.ferberpainting.com\/wp-content\/uploads\/2026\/02\/Check.svg\" alt=\"\" width=\"18\" height=\"15\" \/>Kompatibiln\u00ed se v\u0161emi druhy kaktus\u016f a sukulent\u016f.<\/strong>\u00a0Toto hnojivo je ur\u010deno pro v\u0161echny druhy kaktus\u016f a sukulent\u016f, v\u010detn\u011b kaktus\u016f, euforbi\u00ed, krassul, rozchodn\u00edk\u016f, alo\u00ed, ag\u00e1ve a litops\u016f. A\u0165 u\u017e rostliny p\u011bstujete v interi\u00e9ru nebo venku, v kv\u011btin\u00e1\u010d\u00edch nebo ve voln\u00e9 p\u016fd\u011b, toto hnojivo jim dod\u00e1 v\u0161echny pot\u0159ebn\u00e9 \u017eiviny pro jejich v\u00fdvoj a kveten\u00ed.<\/p>\n<p><strong><img decoding=\"async\" style=\"margin-right: 12px;\" src=\"https:\/\/www.ferberpainting.com\/wp-content\/uploads\/2026\/02\/Check.svg\" alt=\"\" width=\"18\" height=\"15\" \/>Vynikaj\u00edc\u00ed ekonomick\u00fd v\u00fdnos.<\/strong>\u00a0D\u00edky vysok\u00e9 koncentraci se toto hnojivo \u0159ed\u00ed v mno\u017estv\u00ed 5 ml na litr vody, co\u017e umo\u017e\u0148uje dlouhodob\u00e9 pou\u017e\u00edv\u00e1n\u00ed. P\u011btilitrov\u00e1 n\u00e1doba umo\u017e\u0148uje p\u0159ipravit a\u017e 1000 litr\u016f hnojiv\u00e9ho roztoku, co\u017e zaji\u0161\u0165uje vynikaj\u00edc\u00ed pom\u011br kvalita\/cena d\u00edky sn\u00ed\u017een\u00ed frekvence n\u00e1kupu.<\/p>\n<p><strong><img decoding=\"async\" style=\"margin-right: 12px;\" src=\"https:\/\/www.ferberpainting.com\/wp-content\/uploads\/2026\/02\/Check.svg\" alt=\"\" width=\"18\" height=\"15\" \/>Bezpe\u010dn\u00e9 pro rostliny a \u017eivotn\u00ed prost\u0159ed\u00ed.<\/strong>\u00a0Toto hnojivo neobsahuje \u017e\u00e1dn\u00e9 agresivn\u00ed chemick\u00e9 l\u00e1tky, kter\u00e9 by mohly po\u0161kodit ko\u0159eny nebo jemn\u00e9 listy sukulent\u016f. Jeho slo\u017een\u00ed respektuje rovnov\u00e1hu substr\u00e1tu, zabra\u0148uje \u0161kodliv\u00e9mu hromad\u011bn\u00ed sol\u00ed a miner\u00e1l\u016f a zaji\u0161\u0165uje zdrav\u00fd, p\u0159irozen\u00fd r\u016fst bez ne\u017e\u00e1douc\u00edch vedlej\u0161\u00edch \u00fa\u010dink\u016f.<\/p>\n<p><strong><img decoding=\"async\" style=\"margin-right: 12px;\" src=\"https:\/\/www.ferberpainting.com\/wp-content\/uploads\/2026\/02\/Check.svg\" alt=\"\" width=\"18\" height=\"15\" \/>Snadn\u00e9 pou\u017eit\u00ed a rychl\u00e1 aplikace.<\/strong>\u00a0Na rozd\u00edl od pevn\u00fdch hnojiv, kter\u00e1 se mus\u00ed zakop\u00e1vat nebo p\u0159esn\u011b odm\u011b\u0159ovat, se na\u0161e kapaln\u00e1 hnojiva jednodu\u0161e sm\u00edchaj\u00ed s vodou a aplikuj\u00ed se p\u0159\u00edmo do substr\u00e1tu p\u0159i zal\u00e9v\u00e1n\u00ed. Nepot\u0159ebujete \u017e\u00e1dn\u00e9 speci\u00e1ln\u00ed n\u00e1stroje ani slo\u017eit\u00e9 techniky: k efektivn\u00ed v\u00fd\u017eiv\u011b kaktus\u016f a sukulent\u016f sta\u010d\u00ed pouh\u00e9 na\u0159ed\u011bn\u00ed.<\/p>\n<p><strong><img decoding=\"async\" style=\"margin-right: 12px;\" src=\"https:\/\/www.ferberpainting.com\/wp-content\/uploads\/2026\/02\/Check.svg\" alt=\"\" width=\"18\" height=\"15\" \/>Dlouhodob\u011b p\u016fsob\u00edc\u00ed hnojivo, kter\u00e9 podporuje r\u016fst po dlouhou dobu.<\/strong>\u00a0D\u00edky dokonal\u00e9 rovnov\u00e1ze \u017eivin toto hnojivo posiluje ko\u0159eny, listy a bun\u011b\u010dnou strukturu sukulent\u016f, kter\u00e9 tak l\u00e9pe odol\u00e1vaj\u00ed suchu, chorob\u00e1m a nedostatk\u016fm. D\u00edky postupn\u00e9mu uvol\u0148ov\u00e1n\u00ed zaru\u010duje pr\u016fb\u011b\u017en\u00e9 hnojen\u00ed bez rizika p\u0159ehnojen\u00ed.<\/p>\n<p><strong><img decoding=\"async\" style=\"margin-right: 12px;\" src=\"https:\/\/www.ferberpainting.com\/wp-content\/uploads\/2026\/02\/Check.svg\" alt=\"\" width=\"18\" height=\"15\" \/>Rychle viditeln\u00e9 v\u00fdsledky.<\/strong>\u00a0Ji\u017e po prvn\u00edch aplikac\u00edch si v\u0161imnete rychlej\u0161\u00edho r\u016fstu, siln\u011bj\u0161\u00edch list\u016f a u kvetouc\u00edch druh\u016f i lep\u0161\u00edho kveten\u00ed s v\u00fdrazn\u011bj\u0161\u00edmi a z\u00e1\u0159iv\u011bj\u0161\u00edmi barvami. Toto hnojivo tak\u00e9 pom\u00e1h\u00e1 rostlin\u00e1m rozv\u00edjet z\u00e1soby vody, d\u00edky \u010demu\u017e jsou odoln\u011bj\u0161\u00ed v\u016f\u010di n\u00e1ro\u010dn\u00fdm podm\u00ednk\u00e1m.<\/p>\n<h2><strong>Protokol o pou\u017eit\u00ed <\/strong><\/h2>\n<p><strong>Doporu\u010den\u00e9 \u0159ed\u011bn\u00ed :<\/strong><\/p>\n<ul>\n<li><strong>Pro pravidelnou \u00fadr\u017ebu <\/strong>: Z\u0159e\u010fte 5 ml hnojiva na litr vody a substr\u00e1t p\u0159\u00edmo zalijte.<\/li>\n<li><strong>Pro rostliny v obdob\u00ed intenzivn\u00edho r\u016fstu (jaro\/l\u00e9to)<\/strong> : Pro pos\u00edlen\u00ed p\u0159\u00edsunu \u017eivin pou\u017eijte m\u00edrn\u011b siln\u011bj\u0161\u00ed \u0159ed\u011bn\u00ed 7 ml na litr vody.<\/li>\n<li><strong>Pro rostliny v obdob\u00ed klidu (podzim\/zima)<\/strong> : Sni\u017ete koncentraci na 2 ml na litr vody a aplikaci rozd\u011blte na del\u0161\u00ed \u010dasov\u00fd \u00fasek.<\/li>\n<\/ul>\n<p><strong>Frekvence pou\u017eit\u00ed <\/strong>:<\/p>\n<ul>\n<li><strong>Rostliny v aktivn\u00edm r\u016fstu <\/strong>: Aplikujte ka\u017ed\u00e9 dva t\u00fddny.<\/li>\n<li><strong>Rostliny ve vegeta\u010dn\u00edm klidu <\/strong>: Aplikujte jednou m\u011bs\u00ed\u010dn\u011b, abyste udr\u017eeli dobrou \u00farove\u0148 \u017eivin.<\/li>\n<\/ul>\n<p><strong>Zp\u016fsob pou\u017eit\u00ed <\/strong>:<\/p>\n<ul>\n<li><strong>Zavla\u017eov\u00e1n\u00ed u z\u00e1kladny <\/strong>: Nalijte roztok p\u0159\u00edmo na substr\u00e1t, p\u0159i\u010dem\u017e listy nesm\u00edte namo\u010dit, abyste zabr\u00e1nili riziku hniloby.<\/li>\n<li><strong>Post\u0159ik na listy (voliteln\u011b) <\/strong>: U sukulent\u016f, kter\u00e9 p\u0159ij\u00edmaj\u00ed vlhkost prost\u0159ednictv\u00edm list\u016f, lze ka\u017ed\u00fdch 4 a\u017e 6 t\u00fddn\u016f pou\u017e\u00edt lehk\u00fd post\u0159ik.<\/li>\n<li><strong>Pro rostliny v kv\u011btin\u00e1\u010d\u00edch <\/strong>: Zal\u00e9vejte, dokud neza\u010dne z otvor\u016f vyt\u00e9kat voda, \u010d\u00edm\u017e zajist\u00edte dobr\u00e9 rozlo\u017een\u00ed \u017eivin.<\/li>\n<li><strong>Pro venkovn\u00ed rostliny <\/strong>: Hnojivo aplikujte kolem z\u00e1kladny a dbejte na to, aby nestagnovalo na p\u016fd\u011b, aby nedo\u0161lo k jeho p\u0159ed\u00e1vkov\u00e1n\u00ed.<\/li>\n<\/ul>\n<p><strong>Bezpe\u010dnostn\u00ed opat\u0159en\u00ed pro pou\u017eit\u00ed <\/strong>:<\/p>\n<ul>\n<li><strong>Nep\u0159ed\u00e1vkujte se <\/strong>: Sukulenty jsou pomalu rostouc\u00ed rostliny; nadbytek hnojiva m\u016f\u017ee zat\u00ed\u017eit ko\u0159eny a sp\u00e1lit listy.<\/li>\n<li><strong>Vyhn\u011bte se aplikaci na p\u0159\u00edm\u00e9m slune\u010dn\u00edm sv\u011btle <\/strong>: Hnojivo se doporu\u010duje aplikovat brzy r\u00e1no nebo pozd\u011b ve\u010der, aby se l\u00e9pe vst\u0159eb\u00e1valo.<\/li>\n<li><strong>Nemocnou nebo oslabenou rostlinu nehnojte. <\/strong>: P\u0159ed pod\u00e1v\u00e1n\u00edm dal\u0161\u00edch \u017eivin po\u010dkejte, a\u017e se zotav\u00ed.<\/li>\n<\/ul>\n<p><strong>Skladov\u00e1n\u00ed a konzervace <\/strong>:<\/p>\n<ul>\n<li>Skladujte na such\u00e9m m\u00edst\u011b a mimo dosah sv\u011btla.<\/li>\n<li>Po ka\u017ed\u00e9m pou\u017eit\u00ed lahvi\u010dku pevn\u011b uzav\u0159ete, aby nedo\u0161lo k odpa\u0159en\u00ed nebo kontaminaci.<\/li>\n<\/ul>\n<p>D\u00edky tomuto hnojivu pro sukulentn\u00ed a tlusticovit\u00e9 rostliny poskytnete sv\u00fdm rostlin\u00e1m v\u0161echny zdroje, kter\u00e9 pot\u0159ebuj\u00ed k harmonick\u00e9mu r\u016fstu, a zajist\u00edte jim vyv\u00e1\u017een\u00fd r\u016fst a zv\u00fd\u0161enou odolnost v\u016f\u010di extr\u00e9mn\u00edm podm\u00ednk\u00e1m. A\u0165 u\u017e jste nad\u0161enci do sukulent\u016f nebo sb\u011bratel\u00e9 kaktus\u016f, toto hnojivo je ide\u00e1ln\u00edm spojencem pro siln\u00e9, kvetouc\u00ed a zdrav\u00e9 rostliny.<\/p>","protected":false},"excerpt":{"rendered":"<p>A fertilizer specially formulated for cacti and succulents.\u00a0Succulent plants, such as cacti, agaves, aloes, and echeverias, have specific nutritional needs that differ from those of indoor or outdoor green plants. Our NPK 15-15-15 fertilizer has been designed to provide an optimal balance of nitrogen, phosphorus, and potassium, promoting robust growth, lush foliage, and abundant flowering. [&hellip;]<\/p>\n","protected":false},"featured_media":27195,"comment_status":"open","ping_status":"closed","template":"","meta":{"_uag_custom_page_level_css":"","site-sidebar-layout":"default","site-content-layout":"","ast-site-content-layout":"default","site-content-style":"default","site-sidebar-style":"default","ast-global-header-display":"","ast-banner-title-visibility":"","ast-main-header-display":"","ast-hfb-above-header-display":"","ast-hfb-below-header-display":"","ast-hfb-mobile-header-display":"","site-post-title":"","ast-breadcrumbs-content":"","ast-featured-img":"","footer-sml-layout":"","ast-disable-related-posts":"","theme-transparent-header-meta":"default","adv-header-id-meta":"","stick-header-meta":"","header-above-stick-meta":"","header-main-stick-meta":"","header-below-stick-meta":"","astra-migrate-meta-layouts":"set","ast-page-background-enabled":"default","ast-page-background-meta":{"desktop":{"background-color":"var(--ast-global-color-4)","background-image":"","background-repeat":"repeat","background-position":"center center","background-size":"auto","background-attachment":"scroll","background-type":"","background-media":"","overlay-type":"","overlay-color":"","overlay-opacity":"","overlay-gradient":""},"tablet":{"background-color":"","background-image":"","background-repeat":"repeat","background-position":"center center","background-size":"auto","background-attachment":"scroll","background-type":"","background-media":"","overlay-type":"","overlay-color":"","overlay-opacity":"","overlay-gradient":""},"mobile":{"background-color":"","background-image":"","background-repeat":"repeat","background-position":"center center","background-size":"auto","background-attachment":"scroll","background-type":"","background-media":"","overlay-type":"","overlay-color":"","overlay-opacity":"","overlay-gradient":""}},"ast-content-background-meta":{"desktop":{"background-color":"var(--ast-global-color-5)","background-image":"","background-repeat":"repeat","background-position":"center center","background-size":"auto","background-attachment":"scroll","background-type":"","background-media":"","overlay-type":"","overlay-color":"","overlay-opacity":"","overlay-gradient":""},"tablet":{"background-color":"var(--ast-global-color-5)","background-image":"","background-repeat":"repeat","background-position":"center center","background-size":"auto","background-attachment":"scroll","background-type":"","background-media":"","overlay-type":"","overlay-color":"","overlay-opacity":"","overlay-gradient":""},"mobile":{"background-color":"var(--ast-global-color-5)","background-image":"","background-repeat":"repeat","background-position":"center center","background-size":"auto","background-attachment":"scroll","background-type":"","background-media":"","overlay-type":"","overlay-color":"","overlay-opacity":"","overlay-gradient":""}}},"product_brand":[],"product_cat":[178],"product_tag":[],"class_list":{"0":"post-25332","1":"product","2":"type-product","3":"status-publish","4":"has-post-thumbnail","6":"product_cat-fertilizers","7":"desktop-align-left","8":"tablet-align-left","9":"mobile-align-left","11":"first","12":"instock","13":"sale","14":"taxable","15":"shipping-taxable","16":"purchasable","17":"product-type-variable","18":"has-default-attributes"},"spectra_custom_meta":{"_visibility":["visible"],"_shopify_product_id":["9071223570677"],"_s2w_shopify_domain":["ferberpainting.myshopify.com"],"_shopify_variant_id":["46516075790581"],"_sku":[""],"_manage_stock":["no"],"total_sales":["7"],"_tax_status":["taxable"],"_tax_class":[""],"_backorders":["no"],"_sold_individually":["no"],"_virtual":["no"],"_downloadable":["no"],"_download_limit":["-1"],"_download_expiry":["-1"],"_stock":[null],"_stock_status":["instock"],"_wc_average_rating":["4.63"],"_wc_review_count":["8"],"_product_attributes":["a:1:{s:6:\"volume\";a:6:{s:4:\"name\";s:6:\"Volume\";s:5:\"value\";s:20:\"5 liters | 25 liters\";s:8:\"position\";i:1;s:10:\"is_visible\";i:0;s:12:\"is_variation\";i:1;s:11:\"is_taxonomy\";i:0;}}"],"_product_version":["10.5.1"],"_thumbnail_id":["27195"],"_product_image_gallery":["27196"],"wpse_downloadable_file_names":[""],"wpse_downloadable_file_urls":[""],"_edit_last":["1"],"_default_attributes":["a:1:{s:6:\"volume\";s:8:\"5 liters\";}"],"_edit_lock":["1771240150:1"],"_price":["29.90","129.90"],"merchant-center-availability":["yes"],"merchant-center-category":["113"],"_wp_page_template":["default"],"site-sidebar-layout":["default"],"ast-site-content-layout":["default"],"site-content-style":["default"],"site-sidebar-style":["default"],"theme-transparent-header-meta":["default"],"_wc_rating_count":["a:2:{i:4;i:3;i:5;i:5;}"],"astra-migrate-meta-layouts":["set"],"_uag_css_file_name":["uag-css-25332.css"],"_elementor_page_assets":["a:0:{}"],"_uag_page_assets":["a:9:{s:3:\"css\";s:7133:\".uag-blocks-common-selector{z-index:var(--z-index-desktop) !important}@media(max-width: 976px){.uag-blocks-common-selector{z-index:var(--z-index-tablet) !important}}@media(max-width: 767px){.uag-blocks-common-selector{z-index:var(--z-index-mobile) !important}}.wp-block-uagb-image{display:flex}.wp-block-uagb-image__figure{position:relative;display:flex;flex-direction:column;max-width:100%;height:auto;margin:0}.wp-block-uagb-image__figure img{height:auto;display:flex;max-width:100%;transition:box-shadow .2s ease}.wp-block-uagb-image__figure>a{display:inline-block}.wp-block-uagb-image__figure figcaption{text-align:center;margin-top:.5em;margin-bottom:1em}.wp-block-uagb-image .components-placeholder.block-editor-media-placeholder .components-placeholder__instructions{align-self:center}.wp-block-uagb-image--align-left{text-align:left}.wp-block-uagb-image--align-right{text-align:right}.wp-block-uagb-image--align-center{text-align:center}.wp-block-uagb-image--align-full .wp-block-uagb-image__figure{margin-left:calc(50% - 50vw);margin-right:calc(50% - 50vw);max-width:100vw;width:100vw;height:auto}.wp-block-uagb-image--align-full .wp-block-uagb-image__figure img{height:auto;width:100% !important}.wp-block-uagb-image--align-wide .wp-block-uagb-image__figure img{height:auto;width:100%}.wp-block-uagb-image--layout-overlay__color-wrapper{position:absolute;left:0;top:0;right:0;bottom:0;opacity:.2;background:rgba(0,0,0,.5);transition:opacity .35s ease-in-out}.wp-block-uagb-image--layout-overlay-link{position:absolute;left:0;right:0;bottom:0;top:0}.wp-block-uagb-image--layout-overlay .wp-block-uagb-image__figure:hover .wp-block-uagb-image--layout-overlay__color-wrapper{opacity:1}.wp-block-uagb-image--layout-overlay__inner{position:absolute;left:15px;right:15px;bottom:15px;top:15px;display:flex;align-items:center;justify-content:center;flex-direction:column;border-color:#fff;transition:.35s ease-in-out}.wp-block-uagb-image--layout-overlay__inner.top-left,.wp-block-uagb-image--layout-overlay__inner.top-center,.wp-block-uagb-image--layout-overlay__inner.top-right{justify-content:flex-start}.wp-block-uagb-image--layout-overlay__inner.bottom-left,.wp-block-uagb-image--layout-overlay__inner.bottom-center,.wp-block-uagb-image--layout-overlay__inner.bottom-right{justify-content:flex-end}.wp-block-uagb-image--layout-overlay__inner.top-left,.wp-block-uagb-image--layout-overlay__inner.center-left,.wp-block-uagb-image--layout-overlay__inner.bottom-left{align-items:flex-start}.wp-block-uagb-image--layout-overlay__inner.top-right,.wp-block-uagb-image--layout-overlay__inner.center-right,.wp-block-uagb-image--layout-overlay__inner.bottom-right{align-items:flex-end}.wp-block-uagb-image--layout-overlay__inner .uagb-image-heading{color:#fff;transition:transform .35s,opacity .35s ease-in-out;transform:translate3d(0, 24px, 0);margin:0;line-height:1em}.wp-block-uagb-image--layout-overlay__inner .uagb-image-separator{width:30%;border-top-width:2px;border-top-color:#fff;border-top-style:solid;margin-bottom:10px;opacity:0;transition:transform .4s,opacity .4s ease-in-out;transform:translate3d(0, 30px, 0)}.wp-block-uagb-image--layout-overlay__inner .uagb-image-caption{opacity:0;overflow:visible;color:#fff;transition:transform .45s,opacity .45s ease-in-out;transform:translate3d(0, 35px, 0)}.wp-block-uagb-image--layout-overlay__inner:hover .uagb-image-heading,.wp-block-uagb-image--layout-overlay__inner:hover .uagb-image-separator,.wp-block-uagb-image--layout-overlay__inner:hover .uagb-image-caption{opacity:1;transform:translate3d(0, 0, 0)}.wp-block-uagb-image--effect-zoomin .wp-block-uagb-image__figure img,.wp-block-uagb-image--effect-zoomin .wp-block-uagb-image__figure .wp-block-uagb-image--layout-overlay__color-wrapper{transform:scale(1);transition:transform .35s ease-in-out}.wp-block-uagb-image--effect-zoomin .wp-block-uagb-image__figure:hover img,.wp-block-uagb-image--effect-zoomin .wp-block-uagb-image__figure:hover .wp-block-uagb-image--layout-overlay__color-wrapper{transform:scale(1.05)}.wp-block-uagb-image--effect-slide .wp-block-uagb-image__figure img,.wp-block-uagb-image--effect-slide .wp-block-uagb-image__figure .wp-block-uagb-image--layout-overlay__color-wrapper{width:calc(100% + 40px) !important;max-width:none !important;transform:translate3d(-40px, 0, 0);transition:transform .35s ease-in-out}.wp-block-uagb-image--effect-slide .wp-block-uagb-image__figure:hover img,.wp-block-uagb-image--effect-slide .wp-block-uagb-image__figure:hover .wp-block-uagb-image--layout-overlay__color-wrapper{transform:translate3d(0, 0, 0)}.wp-block-uagb-image--effect-grayscale img{filter:grayscale(0%);transition:.35s ease-in-out}.wp-block-uagb-image--effect-grayscale:hover img{filter:grayscale(100%)}.wp-block-uagb-image--effect-blur img{filter:blur(0);transition:.35s ease-in-out}.wp-block-uagb-image--effect-blur:hover img{filter:blur(3px)}.uagb-block-e6f939b3.wp-block-uagb-image--layout-default figure img{box-shadow: 0px 0px 0 #00000070;}.uagb-block-e6f939b3.wp-block-uagb-image .wp-block-uagb-image__figure figcaption{font-style: normal;align-self: center;}.uagb-block-e6f939b3.wp-block-uagb-image--layout-overlay figure img{box-shadow: 0px 0px 0 #00000070;}.uagb-block-e6f939b3.wp-block-uagb-image--layout-overlay .wp-block-uagb-image--layout-overlay__color-wrapper{opacity: 0.2;}.uagb-block-e6f939b3.wp-block-uagb-image--layout-overlay .wp-block-uagb-image--layout-overlay__inner{left: 15px;right: 15px;top: 15px;bottom: 15px;}.uagb-block-e6f939b3.wp-block-uagb-image--layout-overlay .wp-block-uagb-image--layout-overlay__inner .uagb-image-heading{font-style: normal;color: #fff;opacity: 1;}.uagb-block-e6f939b3.wp-block-uagb-image--layout-overlay .wp-block-uagb-image--layout-overlay__inner .uagb-image-heading a{color: #fff;}.uagb-block-e6f939b3.wp-block-uagb-image--layout-overlay .wp-block-uagb-image--layout-overlay__inner .uagb-image-caption{opacity: 0;}.uagb-block-e6f939b3.wp-block-uagb-image--layout-overlay .wp-block-uagb-image__figure:hover .wp-block-uagb-image--layout-overlay__color-wrapper{opacity: 1;}.uagb-block-e6f939b3.wp-block-uagb-image .wp-block-uagb-image--layout-overlay__inner .uagb-image-separator{width: 30%;border-top-width: 2px;border-top-color: #fff;opacity: 0;}.uagb-block-e6f939b3.wp-block-uagb-image .wp-block-uagb-image__figure img{width: px;height: auto;}.uagb-block-e6f939b3.wp-block-uagb-image .wp-block-uagb-image__figure:hover .wp-block-uagb-image--layout-overlay__inner .uagb-image-caption{opacity: 1;}.uagb-block-e6f939b3.wp-block-uagb-image .wp-block-uagb-image__figure:hover .wp-block-uagb-image--layout-overlay__inner .uagb-image-separator{opacity: 1;}.uagb-block-e6f939b3.wp-block-uagb-image--layout-default figure:hover img{box-shadow: 0px 0px 0 #00000070;}.uagb-block-e6f939b3.wp-block-uagb-image--layout-overlay figure:hover img{box-shadow: 0px 0px 0 #00000070;}@media only screen and (max-width: 976px) {.uagb-block-e6f939b3.wp-block-uagb-image .wp-block-uagb-image__figure img{width: px;height: auto;}}@media only screen and (max-width: 767px) {.uagb-block-e6f939b3.wp-block-uagb-image .wp-block-uagb-image__figure img{width: px;height: auto;}}\";s:2:\"js\";s:0:\"\";s:18:\"current_block_list\";a:13:{i:0;s:11:\"core\/search\";i:1;s:10:\"core\/group\";i:2;s:12:\"core\/heading\";i:3;s:17:\"core\/latest-posts\";i:4;s:20:\"core\/latest-comments\";i:5;s:13:\"core\/archives\";i:6;s:15:\"core\/categories\";i:7;s:14:\"core\/paragraph\";i:8;s:10:\"uagb\/image\";i:9;s:11:\"core\/spacer\";i:10;s:30:\"woocommerce\/product-categories\";i:11;s:10:\"core\/image\";i:12;s:14:\"core\/shortcode\";}s:8:\"uag_flag\";b:1;s:11:\"uag_version\";s:10:\"1777316804\";s:6:\"gfonts\";a:0:{}s:10:\"gfonts_url\";s:0:\"\";s:12:\"gfonts_files\";a:0:{}s:14:\"uag_faq_layout\";b:0;}"]},"uagb_featured_image_src":{"full":["https:\/\/www.ferberpainting.com\/wp-content\/uploads\/2025\/05\/SucculentFertilizer5L.png",2560,2560,false],"thumbnail":["https:\/\/www.ferberpainting.com\/wp-content\/uploads\/2025\/05\/SucculentFertilizer5L-150x150.png",150,150,true],"medium":["https:\/\/www.ferberpainting.com\/wp-content\/uploads\/2025\/05\/SucculentFertilizer5L-300x300.png",300,300,true],"medium_large":["https:\/\/www.ferberpainting.com\/wp-content\/uploads\/2025\/05\/SucculentFertilizer5L-768x768.png",768,768,true],"large":["https:\/\/www.ferberpainting.com\/wp-content\/uploads\/2025\/05\/SucculentFertilizer5L-1024x1024.png",1024,1024,true],"1536x1536":["https:\/\/www.ferberpainting.com\/wp-content\/uploads\/2025\/05\/SucculentFertilizer5L-1536x1536.png",1536,1536,true],"2048x2048":["https:\/\/www.ferberpainting.com\/wp-content\/uploads\/2025\/05\/SucculentFertilizer5L-2048x2048.png",2048,2048,true],"trp-custom-language-flag":["https:\/\/www.ferberpainting.com\/wp-content\/uploads\/2025\/05\/SucculentFertilizer5L-12x12.png",12,12,true],"woocommerce_thumbnail":["https:\/\/www.ferberpainting.com\/wp-content\/uploads\/2025\/05\/SucculentFertilizer5L-300x300.png",300,300,true],"woocommerce_single":["https:\/\/www.ferberpainting.com\/wp-content\/uploads\/2025\/05\/SucculentFertilizer5L-600x600.png",600,600,true],"woocommerce_gallery_thumbnail":["https:\/\/www.ferberpainting.com\/wp-content\/uploads\/2025\/05\/SucculentFertilizer5L-100x100.png",100,100,true]},"uagb_author_info":{"display_name":"admin","author_link":"https:\/\/www.ferberpainting.com\/cz\/author\/"},"uagb_comment_info":8,"uagb_excerpt":"A fertilizer specially formulated for cacti and succulents.\u00a0Succulent plants, such as cacti, agaves, aloes, and echeverias, have specific nutritional needs that differ from those of indoor or outdoor green plants. Our NPK 15-15-15 fertilizer has been designed to provide an optimal balance of nitrogen, phosphorus, and potassium, promoting robust growth, lush foliage, and abundant flowering.&hellip;","_links":{"self":[{"href":"https:\/\/www.ferberpainting.com\/cz\/wp-json\/wp\/v2\/product\/25332","targetHints":{"allow":["GET"]}}],"collection":[{"href":"https:\/\/www.ferberpainting.com\/cz\/wp-json\/wp\/v2\/product"}],"about":[{"href":"https:\/\/www.ferberpainting.com\/cz\/wp-json\/wp\/v2\/types\/product"}],"replies":[{"embeddable":true,"href":"https:\/\/www.ferberpainting.com\/cz\/wp-json\/wp\/v2\/comments?post=25332"}],"version-history":[{"count":4,"href":"https:\/\/www.ferberpainting.com\/cz\/wp-json\/wp\/v2\/product\/25332\/revisions"}],"predecessor-version":[{"id":167355,"href":"https:\/\/www.ferberpainting.com\/cz\/wp-json\/wp\/v2\/product\/25332\/revisions\/167355"}],"wp:featuredmedia":[{"embeddable":true,"href":"https:\/\/www.ferberpainting.com\/cz\/wp-json\/wp\/v2\/media\/27195"}],"wp:attachment":[{"href":"https:\/\/www.ferberpainting.com\/cz\/wp-json\/wp\/v2\/media?parent=25332"}],"wp:term":[{"taxonomy":"product_brand","embeddable":true,"href":"https:\/\/www.ferberpainting.com\/cz\/wp-json\/wp\/v2\/product_brand?post=25332"},{"taxonomy":"product_cat","embeddable":true,"href":"https:\/\/www.ferberpainting.com\/cz\/wp-json\/wp\/v2\/product_cat?post=25332"},{"taxonomy":"product_tag","embeddable":true,"href":"https:\/\/www.ferberpainting.com\/cz\/wp-json\/wp\/v2\/product_tag?post=25332"}],"curies":[{"name":"wp","href":"https:\/\/api.w.org\/{rel}","templated":true}]}}