{"id":25314,"date":"2025-06-30T20:52:26","date_gmt":"2025-06-30T18:52:26","guid":{"rendered":"https:\/\/www.ferberpainting.com\/?post_type=product&#038;p=25314"},"modified":"2026-02-16T10:51:53","modified_gmt":"2026-02-16T09:51:53","slug":"sofa-water-repellent","status":"publish","type":"product","link":"https:\/\/www.ferberpainting.com\/cz\/products\/sofa-water-repellent\/","title":{"rendered":"Impregnace na pohovku"},"content":{"rendered":"<p><strong><img decoding=\"async\" style=\"margin-right: 12px;\" src=\"https:\/\/www.ferberpainting.com\/wp-content\/uploads\/2026\/02\/Check.svg\" alt=\"\" width=\"18\" height=\"15\" \/>\u00da\u010dinn\u00e1 ochrana proti vlhkosti a skvrn\u00e1m.<\/strong>\u00a0Tento impregna\u010dn\u00ed prost\u0159edek na pohovky je speci\u00e1ln\u011b navr\u017een tak, aby poskytoval dlouhotrvaj\u00edc\u00ed ochranu proti vlhkosti, skvrn\u00e1m a rozlit\u00fdm tekutin\u00e1m na l\u00e1tkov\u00e9m nebo ko\u017een\u00e9m n\u00e1bytku. Vytv\u00e1\u0159\u00ed neviditelnou bari\u00e9ru, kter\u00e1 odpuzuje kapaliny a zabra\u0148uje usazov\u00e1n\u00ed ne\u010distot, \u010d\u00edm\u017e pom\u00e1h\u00e1 zachovat vzhled a strukturu va\u0161\u00ed pohovky po del\u0161\u00ed dobu. A\u0165 u\u017e se jedn\u00e1 o n\u00e1poje, potraviny, nebo dokonce st\u0159\u00edkance bl\u00e1ta, tento v\u00fdrobek blokuje pronik\u00e1n\u00ed tekutin a usnad\u0148uje \u010di\u0161t\u011bn\u00ed.<\/p>\n<p><strong><img decoding=\"async\" style=\"margin-right: 12px;\" src=\"https:\/\/www.ferberpainting.com\/wp-content\/uploads\/2026\/02\/Check.svg\" alt=\"\" width=\"18\" height=\"15\" \/>Z\u00e1ruka vr\u00e1cen\u00ed pen\u011bz.<\/strong>\u00a0Jsme si jisti \u00fa\u010dinnost\u00ed na\u0161eho impregna\u010dn\u00edho prost\u0159edku na pohovky, a proto nab\u00edz\u00edme z\u00e1ruku spokojenosti. Pokud v\u00fdrobek po pou\u017eit\u00ed nespln\u00ed va\u0161e o\u010dek\u00e1v\u00e1n\u00ed, m\u016f\u017eete po\u017e\u00e1dat o vr\u00e1cen\u00ed cel\u00e9 \u010d\u00e1stky. D\u00edky t\u00e9to z\u00e1ruce m\u016f\u017eete nakupovat s d\u016fv\u011brou a v\u011bdom\u00edm, \u017ee nem\u00e1te co ztratit. Pokud nebudete pozorovat optim\u00e1ln\u00ed ochranu, bez probl\u00e9m\u016f v\u00e1m vr\u00e1t\u00edme pen\u00edze.<\/p>\n<p><strong><img decoding=\"async\" style=\"margin-right: 12px;\" src=\"https:\/\/www.ferberpainting.com\/wp-content\/uploads\/2026\/02\/Check.svg\" alt=\"\" width=\"18\" height=\"15\" \/>Vhodn\u00e9 pro r\u016fzn\u00e9 materi\u00e1ly.<\/strong>\u00a0Tento impregna\u010dn\u00ed prost\u0159edek je ide\u00e1ln\u00ed pro \u0161irokou \u0161k\u00e1lu materi\u00e1l\u016f. Je \u00fa\u010dinn\u00fd na tkaniny, jako je bavlna, len, samet, a tak\u00e9 na ko\u017een\u00e9 povrchy a povrchy z mikrovl\u00e1kna. M\u016f\u017eete jej bezpe\u010dn\u011b pou\u017e\u00edt na pohovky, k\u0159esla, pol\u0161t\u00e1\u0159e a dal\u0161\u00ed textiln\u00ed nebo ko\u017een\u00fd n\u00e1bytek. Nem\u011bn\u00ed vzhled ani strukturu, zachov\u00e1v\u00e1 jemnost a p\u0159\u00edjemnost na dotek a nab\u00edz\u00ed neviditelnou a trvanlivou ochranu.<\/p>\n<p><strong><img decoding=\"async\" style=\"margin-right: 12px;\" src=\"https:\/\/www.ferberpainting.com\/wp-content\/uploads\/2026\/02\/Check.svg\" alt=\"\" width=\"18\" height=\"15\" \/>N\u00e1kladov\u011b efektivn\u00ed.<\/strong>\u00a0D\u00edky sv\u00e9mu koncentrovan\u00e9mu slo\u017een\u00ed nab\u00edz\u00ed tento impregna\u010dn\u00ed p\u0159\u00edpravek vynikaj\u00edc\u00ed pom\u011br kvality a kryt\u00ed. V pr\u016fm\u011bru lze jedn\u00edm litrem o\u0161et\u0159it p\u0159ibli\u017en\u011b 25 a\u017e 30 m\u00b2 v z\u00e1vislosti na tlou\u0161\u0165ce tkaniny a po\u010dtu nanesen\u00fdch vrstev. D\u00edky sv\u00e9 \u00fa\u010dinnosti poskytuje jedin\u00e9 o\u0161et\u0159en\u00ed dlouhotrvaj\u00edc\u00ed ochranu, tak\u017ee jej nemus\u00edte \u010dasto nan\u00e1\u0161et znovu, co\u017e z n\u011bj \u010din\u00ed ekonomick\u00e9 \u0159e\u0161en\u00ed pro dlouhodobou ochranu n\u00e1bytku.<\/p>\n<p><strong><img decoding=\"async\" style=\"margin-right: 12px;\" src=\"https:\/\/www.ferberpainting.com\/wp-content\/uploads\/2026\/02\/Check.svg\" alt=\"\" width=\"18\" height=\"15\" \/>Bezpe\u010dn\u00e9 a \u0161etrn\u00e9 k materi\u00e1lu.<\/strong>\u00a0Tento impregna\u010dn\u00ed prost\u0159edek na pohovky je vyroben z bezpe\u010dn\u00fdch slo\u017eek, kter\u00e9 jsou \u0161etrn\u00e9 k l\u00e1tk\u00e1m. Neobsahuje \u017e\u00e1dn\u00e9 agresivn\u00ed chemick\u00e9 l\u00e1tky, tak\u017ee je bezpe\u010dn\u00fd pro dom\u00e1c\u00ed pou\u017eit\u00ed. Nem\u011bn\u00ed barvu ani strukturu l\u00e1tky nebo k\u016f\u017ee. Jeho aplikace na pohovku poskytuje \u00fa\u010dinnou ochranu, ani\u017e by po\u0161kodila v\u00e1\u0161 n\u00e1bytek nebo vystavila va\u0161i rodinu toxick\u00fdm l\u00e1tk\u00e1m.<\/p>\n<p><strong><img decoding=\"async\" style=\"margin-right: 12px;\" src=\"https:\/\/www.ferberpainting.com\/wp-content\/uploads\/2026\/02\/Check.svg\" alt=\"\" width=\"18\" height=\"15\" \/>Snadn\u00e9 pou\u017eit\u00ed.<\/strong>\u00a0Aplikace impregna\u010dn\u00edho p\u0159\u00edpravku na pohovku je velmi jednoduch\u00e1. Je p\u0159ipraven k pou\u017eit\u00ed a nevy\u017eaduje \u017e\u00e1dn\u00e9 \u0159ed\u011bn\u00ed. Sta\u010d\u00ed nast\u0159\u00edkat tenkou, rovnom\u011brnou vrstvu na povrch pohovky a nechat zaschnout. Nen\u00ed t\u0159eba \u017e\u00e1dn\u00e9 slo\u017eit\u00e9 p\u0159\u00edpravy, m\u00edch\u00e1n\u00ed ani \u010dek\u00e1n\u00ed. Tento v\u00fdrobek je navr\u017een tak, aby \u0161et\u0159il v\u00e1\u0161 \u010das a z\u00e1rove\u0148 poskytoval vysoce kvalitn\u00ed ochranu. K rovnom\u011brn\u00e9mu nanesen\u00ed p\u0159\u00edpravku m\u016f\u017eete pou\u017e\u00edt rozpra\u0161ova\u010d nebo m\u011bkk\u00fd had\u0159\u00edk.<\/p>\n<p><strong><img decoding=\"async\" style=\"margin-right: 12px;\" src=\"https:\/\/www.ferberpainting.com\/wp-content\/uploads\/2026\/02\/Check.svg\" alt=\"\" width=\"18\" height=\"15\" \/>Odoln\u00e1 ochrana.<\/strong>\u00a0Po nanesen\u00ed vytvo\u0159\u00ed impregna\u010dn\u00ed prost\u0159edek odolnou bari\u00e9ru, kter\u00e1 z\u016fst\u00e1v\u00e1 \u00fa\u010dinn\u00e1 i po n\u011bkolika \u010di\u0161t\u011bn\u00edch. Nebudete muset \u010dasto nan\u00e1\u0161et novou vrstvu. Chr\u00e1n\u00ed va\u0161i sedac\u00ed soupravu po dobu n\u011bkolika m\u011bs\u00edc\u016f a odol\u00e1v\u00e1 st\u0159\u00edkaj\u00edc\u00edm tekutin\u00e1m a ka\u017edodenn\u00edm skvrn\u00e1m. Budete si moci u\u017e\u00edvat sv\u016fj n\u00e1bytek bez obav z opot\u0159eben\u00ed zp\u016fsoben\u00e9ho vlhkost\u00ed nebo ka\u017edodenn\u00edm zne\u010di\u0161t\u011bn\u00edm. Tento v\u00fdrobek pom\u00e1h\u00e1 udr\u017eet va\u0161e pohovky ve vynikaj\u00edc\u00edm stavu po dlouhou dobu.<\/p>\n<p><strong><img decoding=\"async\" style=\"margin-right: 12px;\" src=\"https:\/\/www.ferberpainting.com\/wp-content\/uploads\/2026\/02\/Check.svg\" alt=\"\" width=\"18\" height=\"15\" \/>Rychl\u00e9 p\u016fsoben\u00ed.<\/strong>\u00a0Tento impregna\u010dn\u00ed prost\u0159edek na pohovky schne p\u0159i pokojov\u00e9 teplot\u011b p\u0159ibli\u017en\u011b 1 hodinu v z\u00e1vislosti na tkanin\u011b. D\u00edky tomu si m\u016f\u017eete ochranu u\u017e\u00edvat rychle a bez n\u011bkolikahodinov\u00e9ho \u010dek\u00e1n\u00ed. Na rozd\u00edl od jin\u00fdch p\u0159\u00edpravk\u016f, kter\u00e9 vy\u017eaduj\u00ed dlouhou dobu schnut\u00ed, v\u00e1m tento v\u00fdrobek umo\u017e\u0148uje pokra\u010dovat v b\u011b\u017en\u00e9m pou\u017e\u00edv\u00e1n\u00ed pohovky ihned po aplikaci s v\u011bdom\u00edm, \u017ee v\u00e1\u0161 n\u00e1bytek je nyn\u00ed chr\u00e1n\u011bn.<\/p>\n<h2><strong>Protokol o pou\u017eit\u00ed<\/strong><\/h2>\n<ul>\n<li><strong>P\u0159\u00edprava povrchu <\/strong>: P\u0159ed nanesen\u00edm impregna\u010dn\u00edho prost\u0159edku se ujist\u011bte, \u017ee je pohovka nebo n\u00e1bytek \u010dist\u00fd a such\u00fd. V p\u0159\u00edpad\u011b pot\u0159eby vysajte, abyste odstranili prach a lehk\u00e9 ne\u010distoty. Pokud je tkanina obzvl\u00e1\u0161t\u011b zne\u010di\u0161t\u011bn\u00e1, doporu\u010dujeme ji p\u0159ed aplikac\u00ed p\u0159\u00edpravku vyprat nebo ot\u0159\u00edt. Nenan\u00e1\u0161ejte impregna\u010dn\u00ed prost\u0159edek na zne\u010di\u0161t\u011bn\u00fd nebo vlhk\u00fd povrch.<\/li>\n<li><strong>Aplikace produktu <\/strong>: P\u0159ed pou\u017eit\u00edm lahvi\u010dku dob\u0159e prot\u0159epejte. Nast\u0159\u00edkejte tenkou, rovnom\u011brnou vrstvu impregna\u010dn\u00edho prost\u0159edku na cel\u00fd povrch pohovky, aby byly pokryty v\u0161echny plochy. Na velk\u00e9 plochy m\u016f\u017eete pou\u017e\u00edt rozpra\u0161ova\u010d, na men\u0161\u00ed nebo t\u011b\u017eko p\u0159\u00edstupn\u00e9 plochy lze pou\u017e\u00edt m\u011bkk\u00fd had\u0159\u00edk. Dbejte na to, abyste l\u00e1tku p\u0159\u00edli\u0161 nenasytili, ale nanesli lehkou a \u00fa\u010dinnou vrstvu.<\/li>\n<li><strong>Rovnom\u011brn\u00e9 pokryt\u00ed <\/strong>: Pokud pou\u017e\u00edv\u00e1te had\u0159\u00edk, jemn\u011b rozet\u0159ete p\u0159\u00edpravek po povrchu, abyste zajistili rovnom\u011brn\u00e9 rozlo\u017een\u00ed. Net\u0159ete p\u0159\u00edli\u0161 siln\u011b, aby nedo\u0161lo k deformaci vl\u00e1ken tkaniny nebo k\u016f\u017ee. C\u00edlem je vytvo\u0159it jemnou, ale \u00fa\u010dinnou ochrannou vrstvu.<\/li>\n<li><strong>Doba su\u0161en\u00ed <\/strong>: Nechte pohovku nebo n\u00e1bytek vyschnout asi 1 hodinu p\u0159i pokojov\u00e9 teplot\u011b. Je d\u016fle\u017eit\u00e9, abyste b\u011bhem schnut\u00ed n\u00e1bytek nepou\u017e\u00edvali, aby nedo\u0161lo ke zm\u011bn\u011b v\u00fdrobku nebo zanech\u00e1n\u00ed viditeln\u00fdch stop. Neumis\u0165ujte n\u00e1bytek do bl\u00edzkosti p\u0159\u00edm\u00e9ho zdroje tepla.<\/li>\n<li><strong>Op\u011btovn\u00e9 pod\u00e1n\u00ed \u017e\u00e1dosti <\/strong>: V z\u00e1vislosti na pou\u017eit\u00ed pohovky lze doporu\u010dit druhou aplikaci pro pos\u00edlen\u00ed ochrany. To m\u016f\u017ee b\u00fdt u\u017eite\u010dn\u00e9 zejm\u00e9na v p\u0159\u00edpad\u011b, \u017ee je va\u0161e pohovka \u010dasto vystavena st\u0159\u00edkaj\u00edc\u00ed vod\u011b nebo skvrn\u00e1m. P\u0159ed nanesen\u00edm druh\u00e9 vrstvy v\u017edy nechte prvn\u00ed vrstvu zcela zaschnout.<\/li>\n<li><strong>P\u00e9\u010de po aplikaci <\/strong>: Po aplikaci m\u016f\u017eete pohovku \u010distit jako obvykle, ani\u017e byste museli odstra\u0148ovat ochranu. Pro zachov\u00e1n\u00ed \u00fa\u010dinnosti se v\u0161ak vyhn\u011bte p\u0159\u00edli\u0161 siln\u00e9mu drhnut\u00ed povrchu. Impregnaci m\u016f\u017eete opakovan\u011b nan\u00e1\u0161et ka\u017ed\u00fdch 6 m\u011bs\u00edc\u016f nebo v p\u0159\u00edpad\u011b pot\u0159eby i \u010dast\u011bji.<\/li>\n<\/ul>\n<p>N\u00e1\u0161 impregna\u010dn\u00ed p\u0159\u00edpravek na pohovky nab\u00edz\u00ed jednoduch\u00e9, rychl\u00e9 a \u00fa\u010dinn\u00e9 \u0159e\u0161en\u00ed, kter\u00e9 ochr\u00e1n\u00ed v\u00e1\u0161 n\u00e1bytek p\u0159ed vn\u011bj\u0161\u00edmi vlivy a zajist\u00ed mu dlouhotrvaj\u00edc\u00ed kr\u00e1su a odolnost. D\u00edky sv\u00e9mu inovativn\u00edmu slo\u017een\u00ed a snadn\u00e9 aplikaci se stane va\u0161\u00edm \u0159e\u0161en\u00edm pro \u00fadr\u017ebu pohovek a dal\u0161\u00edch p\u0159edm\u011bt\u016f vyroben\u00fdch z l\u00e1tky nebo k\u016f\u017ee.<\/p>","protected":false},"excerpt":{"rendered":"<p>Effective Protection Against Moisture and Stains.\u00a0This sofa waterproofer is specially designed to provide long-lasting protection against humidity, stains, and spills on your fabric or leather furniture. It forms an invisible barrier that repels liquids and prevents dirt from settling, helping to preserve the appearance and texture of your sofa for longer. Whether it&#8217;s beverage, food, [&hellip;]<\/p>\n","protected":false},"featured_media":35924,"comment_status":"open","ping_status":"closed","template":"","meta":{"_uag_custom_page_level_css":"","site-sidebar-layout":"default","site-content-layout":"","ast-site-content-layout":"default","site-content-style":"default","site-sidebar-style":"default","ast-global-header-display":"","ast-banner-title-visibility":"","ast-main-header-display":"","ast-hfb-above-header-display":"","ast-hfb-below-header-display":"","ast-hfb-mobile-header-display":"","site-post-title":"","ast-breadcrumbs-content":"","ast-featured-img":"","footer-sml-layout":"","ast-disable-related-posts":"","theme-transparent-header-meta":"default","adv-header-id-meta":"","stick-header-meta":"","header-above-stick-meta":"","header-main-stick-meta":"","header-below-stick-meta":"","astra-migrate-meta-layouts":"set","ast-page-background-enabled":"default","ast-page-background-meta":{"desktop":{"background-color":"var(--ast-global-color-4)","background-image":"","background-repeat":"repeat","background-position":"center center","background-size":"auto","background-attachment":"scroll","background-type":"","background-media":"","overlay-type":"","overlay-color":"","overlay-opacity":"","overlay-gradient":""},"tablet":{"background-color":"","background-image":"","background-repeat":"repeat","background-position":"center center","background-size":"auto","background-attachment":"scroll","background-type":"","background-media":"","overlay-type":"","overlay-color":"","overlay-opacity":"","overlay-gradient":""},"mobile":{"background-color":"","background-image":"","background-repeat":"repeat","background-position":"center center","background-size":"auto","background-attachment":"scroll","background-type":"","background-media":"","overlay-type":"","overlay-color":"","overlay-opacity":"","overlay-gradient":""}},"ast-content-background-meta":{"desktop":{"background-color":"var(--ast-global-color-5)","background-image":"","background-repeat":"repeat","background-position":"center center","background-size":"auto","background-attachment":"scroll","background-type":"","background-media":"","overlay-type":"","overlay-color":"","overlay-opacity":"","overlay-gradient":""},"tablet":{"background-color":"var(--ast-global-color-5)","background-image":"","background-repeat":"repeat","background-position":"center center","background-size":"auto","background-attachment":"scroll","background-type":"","background-media":"","overlay-type":"","overlay-color":"","overlay-opacity":"","overlay-gradient":""},"mobile":{"background-color":"var(--ast-global-color-5)","background-image":"","background-repeat":"repeat","background-position":"center center","background-size":"auto","background-attachment":"scroll","background-type":"","background-media":"","overlay-type":"","overlay-color":"","overlay-opacity":"","overlay-gradient":""}}},"product_brand":[],"product_cat":[191],"product_tag":[],"class_list":{"0":"post-25314","1":"product","2":"type-product","3":"status-publish","4":"has-post-thumbnail","6":"product_cat-water-repellent","7":"desktop-align-left","8":"tablet-align-left","9":"mobile-align-left","11":"first","12":"instock","13":"sale","14":"shipping-taxable","15":"purchasable","16":"product-type-variable","17":"has-default-attributes"},"spectra_custom_meta":{"_visibility":["visible"],"_shopify_product_id":["9106565857525"],"_s2w_shopify_domain":["ferberpainting.myshopify.com"],"_shopify_variant_id":["46626275492085"],"_sku":[""],"_manage_stock":["no"],"total_sales":["326"],"_tax_status":["taxable"],"_tax_class":[""],"_backorders":["no"],"_sold_individually":["no"],"_virtual":["no"],"_downloadable":["no"],"_download_limit":["-1"],"_download_expiry":["-1"],"_stock":[null],"_stock_status":["instock"],"_wc_average_rating":["5.00"],"_wc_review_count":["11"],"_product_attributes":["a:1:{s:6:\"volume\";a:6:{s:4:\"name\";s:6:\"Volume\";s:5:\"value\";s:20:\"5 liters | 25 liters\";s:8:\"position\";i:1;s:10:\"is_visible\";i:0;s:12:\"is_variation\";i:1;s:11:\"is_taxonomy\";i:0;}}"],"_product_version":["10.5.1"],"wpse_downloadable_file_names":[""],"wpse_downloadable_file_urls":[""],"_edit_last":["1"],"_default_attributes":["a:1:{s:6:\"volume\";s:8:\"5 liters\";}"],"_edit_lock":["1771235377:1"],"merchant-center-availability":["yes"],"merchant-center-category":["8043"],"_thumbnail_id":["35924"],"_wp_page_template":["default"],"_wp_old_date":["2025-05-26"],"_product_image_gallery":["35925"],"site-sidebar-layout":["default"],"ast-site-content-layout":["default"],"site-content-style":["default"],"site-sidebar-style":["default"],"theme-transparent-header-meta":["default"],"_wc_rating_count":["a:1:{i:5;i:11;}"],"_price":["29.90","129.90"],"astra-migrate-meta-layouts":["set"],"_uag_css_file_name":["uag-css-25314.css"],"_elementor_page_assets":["a:0:{}"],"_uag_page_assets":["a:9:{s:3:\"css\";s:6873:\".wp-block-uagb-image{display:flex}.wp-block-uagb-image__figure{position:relative;display:flex;flex-direction:column;max-width:100%;height:auto;margin:0}.wp-block-uagb-image__figure img{height:auto;display:flex;max-width:100%;transition:box-shadow .2s ease}.wp-block-uagb-image__figure>a{display:inline-block}.wp-block-uagb-image__figure figcaption{text-align:center;margin-top:.5em;margin-bottom:1em}.wp-block-uagb-image .components-placeholder.block-editor-media-placeholder .components-placeholder__instructions{align-self:center}.wp-block-uagb-image--align-left{text-align:left}.wp-block-uagb-image--align-right{text-align:right}.wp-block-uagb-image--align-center{text-align:center}.wp-block-uagb-image--align-full .wp-block-uagb-image__figure{margin-left:calc(50% - 50vw);margin-right:calc(50% - 50vw);max-width:100vw;width:100vw;height:auto}.wp-block-uagb-image--align-full .wp-block-uagb-image__figure img{height:auto;width:100% !important}.wp-block-uagb-image--align-wide .wp-block-uagb-image__figure img{height:auto;width:100%}.wp-block-uagb-image--layout-overlay__color-wrapper{position:absolute;left:0;top:0;right:0;bottom:0;opacity:.2;background:rgba(0,0,0,.5);transition:opacity .35s ease-in-out}.wp-block-uagb-image--layout-overlay-link{position:absolute;left:0;right:0;bottom:0;top:0}.wp-block-uagb-image--layout-overlay .wp-block-uagb-image__figure:hover .wp-block-uagb-image--layout-overlay__color-wrapper{opacity:1}.wp-block-uagb-image--layout-overlay__inner{position:absolute;left:15px;right:15px;bottom:15px;top:15px;display:flex;align-items:center;justify-content:center;flex-direction:column;border-color:#fff;transition:.35s ease-in-out}.wp-block-uagb-image--layout-overlay__inner.top-left,.wp-block-uagb-image--layout-overlay__inner.top-center,.wp-block-uagb-image--layout-overlay__inner.top-right{justify-content:flex-start}.wp-block-uagb-image--layout-overlay__inner.bottom-left,.wp-block-uagb-image--layout-overlay__inner.bottom-center,.wp-block-uagb-image--layout-overlay__inner.bottom-right{justify-content:flex-end}.wp-block-uagb-image--layout-overlay__inner.top-left,.wp-block-uagb-image--layout-overlay__inner.center-left,.wp-block-uagb-image--layout-overlay__inner.bottom-left{align-items:flex-start}.wp-block-uagb-image--layout-overlay__inner.top-right,.wp-block-uagb-image--layout-overlay__inner.center-right,.wp-block-uagb-image--layout-overlay__inner.bottom-right{align-items:flex-end}.wp-block-uagb-image--layout-overlay__inner .uagb-image-heading{color:#fff;transition:transform .35s,opacity .35s ease-in-out;transform:translate3d(0, 24px, 0);margin:0;line-height:1em}.wp-block-uagb-image--layout-overlay__inner .uagb-image-separator{width:30%;border-top-width:2px;border-top-color:#fff;border-top-style:solid;margin-bottom:10px;opacity:0;transition:transform .4s,opacity .4s ease-in-out;transform:translate3d(0, 30px, 0)}.wp-block-uagb-image--layout-overlay__inner .uagb-image-caption{opacity:0;overflow:visible;color:#fff;transition:transform .45s,opacity .45s ease-in-out;transform:translate3d(0, 35px, 0)}.wp-block-uagb-image--layout-overlay__inner:hover .uagb-image-heading,.wp-block-uagb-image--layout-overlay__inner:hover .uagb-image-separator,.wp-block-uagb-image--layout-overlay__inner:hover .uagb-image-caption{opacity:1;transform:translate3d(0, 0, 0)}.wp-block-uagb-image--effect-zoomin .wp-block-uagb-image__figure img,.wp-block-uagb-image--effect-zoomin .wp-block-uagb-image__figure .wp-block-uagb-image--layout-overlay__color-wrapper{transform:scale(1);transition:transform .35s ease-in-out}.wp-block-uagb-image--effect-zoomin .wp-block-uagb-image__figure:hover img,.wp-block-uagb-image--effect-zoomin .wp-block-uagb-image__figure:hover .wp-block-uagb-image--layout-overlay__color-wrapper{transform:scale(1.05)}.wp-block-uagb-image--effect-slide .wp-block-uagb-image__figure img,.wp-block-uagb-image--effect-slide .wp-block-uagb-image__figure .wp-block-uagb-image--layout-overlay__color-wrapper{width:calc(100% + 40px) !important;max-width:none !important;transform:translate3d(-40px, 0, 0);transition:transform .35s ease-in-out}.wp-block-uagb-image--effect-slide .wp-block-uagb-image__figure:hover img,.wp-block-uagb-image--effect-slide .wp-block-uagb-image__figure:hover .wp-block-uagb-image--layout-overlay__color-wrapper{transform:translate3d(0, 0, 0)}.wp-block-uagb-image--effect-grayscale img{filter:grayscale(0%);transition:.35s ease-in-out}.wp-block-uagb-image--effect-grayscale:hover img{filter:grayscale(100%)}.wp-block-uagb-image--effect-blur img{filter:blur(0);transition:.35s ease-in-out}.wp-block-uagb-image--effect-blur:hover img{filter:blur(3px)}.uagb-block-e6f939b3.wp-block-uagb-image--layout-default figure img{box-shadow: 0px 0px 0 #00000070;}.uagb-block-e6f939b3.wp-block-uagb-image .wp-block-uagb-image__figure figcaption{font-style: normal;align-self: center;}.uagb-block-e6f939b3.wp-block-uagb-image--layout-overlay figure img{box-shadow: 0px 0px 0 #00000070;}.uagb-block-e6f939b3.wp-block-uagb-image--layout-overlay .wp-block-uagb-image--layout-overlay__color-wrapper{opacity: 0.2;}.uagb-block-e6f939b3.wp-block-uagb-image--layout-overlay .wp-block-uagb-image--layout-overlay__inner{left: 15px;right: 15px;top: 15px;bottom: 15px;}.uagb-block-e6f939b3.wp-block-uagb-image--layout-overlay .wp-block-uagb-image--layout-overlay__inner .uagb-image-heading{font-style: normal;color: #fff;opacity: 1;}.uagb-block-e6f939b3.wp-block-uagb-image--layout-overlay .wp-block-uagb-image--layout-overlay__inner .uagb-image-heading a{color: #fff;}.uagb-block-e6f939b3.wp-block-uagb-image--layout-overlay .wp-block-uagb-image--layout-overlay__inner .uagb-image-caption{opacity: 0;}.uagb-block-e6f939b3.wp-block-uagb-image--layout-overlay .wp-block-uagb-image__figure:hover .wp-block-uagb-image--layout-overlay__color-wrapper{opacity: 1;}.uagb-block-e6f939b3.wp-block-uagb-image .wp-block-uagb-image--layout-overlay__inner .uagb-image-separator{width: 30%;border-top-width: 2px;border-top-color: #fff;opacity: 0;}.uagb-block-e6f939b3.wp-block-uagb-image .wp-block-uagb-image__figure img{width: px;height: auto;}.uagb-block-e6f939b3.wp-block-uagb-image .wp-block-uagb-image__figure:hover .wp-block-uagb-image--layout-overlay__inner .uagb-image-caption{opacity: 1;}.uagb-block-e6f939b3.wp-block-uagb-image .wp-block-uagb-image__figure:hover .wp-block-uagb-image--layout-overlay__inner .uagb-image-separator{opacity: 1;}.uagb-block-e6f939b3.wp-block-uagb-image--layout-default figure:hover img{box-shadow: 0px 0px 0 #00000070;}.uagb-block-e6f939b3.wp-block-uagb-image--layout-overlay figure:hover img{box-shadow: 0px 0px 0 #00000070;}@media only screen and (max-width: 976px) {.uagb-block-e6f939b3.wp-block-uagb-image .wp-block-uagb-image__figure img{width: px;height: auto;}}@media only screen and (max-width: 767px) {.uagb-block-e6f939b3.wp-block-uagb-image .wp-block-uagb-image__figure img{width: px;height: auto;}}\";s:2:\"js\";s:0:\"\";s:18:\"current_block_list\";a:13:{i:0;s:11:\"core\/search\";i:1;s:10:\"core\/group\";i:2;s:12:\"core\/heading\";i:3;s:17:\"core\/latest-posts\";i:4;s:20:\"core\/latest-comments\";i:5;s:13:\"core\/archives\";i:6;s:15:\"core\/categories\";i:7;s:14:\"core\/paragraph\";i:8;s:10:\"uagb\/image\";i:9;s:11:\"core\/spacer\";i:10;s:30:\"woocommerce\/product-categories\";i:11;s:10:\"core\/image\";i:12;s:14:\"core\/shortcode\";}s:8:\"uag_flag\";b:1;s:11:\"uag_version\";s:10:\"1777101280\";s:6:\"gfonts\";a:0:{}s:10:\"gfonts_url\";s:0:\"\";s:12:\"gfonts_files\";a:0:{}s:14:\"uag_faq_layout\";b:0;}"]},"uagb_featured_image_src":{"full":["https:\/\/www.ferberpainting.com\/wp-content\/uploads\/2025\/05\/Sofa-Water-Repellent-5L.png",2560,2560,false],"thumbnail":["https:\/\/www.ferberpainting.com\/wp-content\/uploads\/2025\/05\/Sofa-Water-Repellent-5L-150x150.png",150,150,true],"medium":["https:\/\/www.ferberpainting.com\/wp-content\/uploads\/2025\/05\/Sofa-Water-Repellent-5L-300x300.png",300,300,true],"medium_large":["https:\/\/www.ferberpainting.com\/wp-content\/uploads\/2025\/05\/Sofa-Water-Repellent-5L-768x768.png",768,768,true],"large":["https:\/\/www.ferberpainting.com\/wp-content\/uploads\/2025\/05\/Sofa-Water-Repellent-5L-1024x1024.png",1024,1024,true],"1536x1536":["https:\/\/www.ferberpainting.com\/wp-content\/uploads\/2025\/05\/Sofa-Water-Repellent-5L-1536x1536.png",1536,1536,true],"2048x2048":["https:\/\/www.ferberpainting.com\/wp-content\/uploads\/2025\/05\/Sofa-Water-Repellent-5L-2048x2048.png",2048,2048,true],"trp-custom-language-flag":["https:\/\/www.ferberpainting.com\/wp-content\/uploads\/2025\/05\/Sofa-Water-Repellent-5L-12x12.png",12,12,true],"woocommerce_thumbnail":["https:\/\/www.ferberpainting.com\/wp-content\/uploads\/2025\/05\/Sofa-Water-Repellent-5L-300x300.png",300,300,true],"woocommerce_single":["https:\/\/www.ferberpainting.com\/wp-content\/uploads\/2025\/05\/Sofa-Water-Repellent-5L-600x600.png",600,600,true],"woocommerce_gallery_thumbnail":["https:\/\/www.ferberpainting.com\/wp-content\/uploads\/2025\/05\/Sofa-Water-Repellent-5L-100x100.png",100,100,true]},"uagb_author_info":{"display_name":"admin","author_link":"https:\/\/www.ferberpainting.com\/cz\/author\/"},"uagb_comment_info":11,"uagb_excerpt":"Effective Protection Against Moisture and Stains.\u00a0This sofa waterproofer is specially designed to provide long-lasting protection against humidity, stains, and spills on your fabric or leather furniture. It forms an invisible barrier that repels liquids and prevents dirt from settling, helping to preserve the appearance and texture of your sofa for longer. Whether it&#8217;s beverage, food,&hellip;","_links":{"self":[{"href":"https:\/\/www.ferberpainting.com\/cz\/wp-json\/wp\/v2\/product\/25314","targetHints":{"allow":["GET"]}}],"collection":[{"href":"https:\/\/www.ferberpainting.com\/cz\/wp-json\/wp\/v2\/product"}],"about":[{"href":"https:\/\/www.ferberpainting.com\/cz\/wp-json\/wp\/v2\/types\/product"}],"replies":[{"embeddable":true,"href":"https:\/\/www.ferberpainting.com\/cz\/wp-json\/wp\/v2\/comments?post=25314"}],"version-history":[{"count":3,"href":"https:\/\/www.ferberpainting.com\/cz\/wp-json\/wp\/v2\/product\/25314\/revisions"}],"predecessor-version":[{"id":167300,"href":"https:\/\/www.ferberpainting.com\/cz\/wp-json\/wp\/v2\/product\/25314\/revisions\/167300"}],"wp:featuredmedia":[{"embeddable":true,"href":"https:\/\/www.ferberpainting.com\/cz\/wp-json\/wp\/v2\/media\/35924"}],"wp:attachment":[{"href":"https:\/\/www.ferberpainting.com\/cz\/wp-json\/wp\/v2\/media?parent=25314"}],"wp:term":[{"taxonomy":"product_brand","embeddable":true,"href":"https:\/\/www.ferberpainting.com\/cz\/wp-json\/wp\/v2\/product_brand?post=25314"},{"taxonomy":"product_cat","embeddable":true,"href":"https:\/\/www.ferberpainting.com\/cz\/wp-json\/wp\/v2\/product_cat?post=25314"},{"taxonomy":"product_tag","embeddable":true,"href":"https:\/\/www.ferberpainting.com\/cz\/wp-json\/wp\/v2\/product_tag?post=25314"}],"curies":[{"name":"wp","href":"https:\/\/api.w.org\/{rel}","templated":true}]}}