{"id":25309,"date":"2025-06-30T21:51:25","date_gmt":"2025-06-30T19:51:25","guid":{"rendered":"https:\/\/www.ferberpainting.com\/?post_type=product&#038;p=25296"},"modified":"2026-02-16T10:50:30","modified_gmt":"2026-02-16T09:50:30","slug":"slate-roof-water-repellent","status":"publish","type":"product","link":"https:\/\/www.ferberpainting.com\/cz\/products\/slate-roof-water-repellent\/","title":{"rendered":"Vodoodpudiv\u00fd n\u00e1t\u011br na b\u0159idlicovou st\u0159echu"},"content":{"rendered":"<p><strong><img decoding=\"async\" style=\"margin-right: 12px;\" src=\"https:\/\/www.ferberpainting.com\/wp-content\/uploads\/2026\/02\/Check.svg\" alt=\"\" width=\"18\" height=\"15\" \/>Optim\u00e1ln\u00ed ochrana proti pov\u011btrnostn\u00edm vliv\u016fm.<\/strong>\u00a0Tento impregna\u010dn\u00ed p\u0159\u00edpravek na b\u0159idlicov\u00e9 st\u0159echy je speci\u00e1ln\u011b vyvinut\u00fd tak, aby poskytoval dlouhodobou ochranu proti pronik\u00e1n\u00ed vody a vlhkosti. D\u00edky sv\u00e9mu pokro\u010dil\u00e9mu slo\u017een\u00ed pronik\u00e1 tento v\u00fdrobek hluboko do povrchu b\u0159idlice a vytv\u00e1\u0159\u00ed neviditelnou bari\u00e9ru, kter\u00e1 zabra\u0148uje prosakov\u00e1n\u00ed vody a z\u00e1rove\u0148 umo\u017e\u0148uje st\u0159e\u0161e d\u00fdchat. Pom\u00e1h\u00e1 zachovat celistvost b\u0159idlicov\u00fdch ta\u0161ek a zabra\u0148uje po\u0161kozen\u00ed vlivem nep\u0159\u00edzniv\u00e9ho po\u010das\u00ed, jako je mr\u00e1z, zat\u00e9k\u00e1n\u00ed a pl\u00edsn\u011b.<\/p>\n<p><strong><img decoding=\"async\" style=\"margin-right: 12px;\" src=\"https:\/\/www.ferberpainting.com\/wp-content\/uploads\/2026\/02\/Check.svg\" alt=\"\" width=\"18\" height=\"15\" \/>Z\u00e1ruka vr\u00e1cen\u00ed pen\u011bz.<\/strong>\u00a0Jsme p\u0159esv\u011bd\u010deni o \u00fa\u010dinnosti na\u0161eho impregna\u010dn\u00edho p\u0159\u00edpravku na b\u0159idlicov\u00e9 st\u0159echy. Pokud nebudete po pou\u017eit\u00ed pln\u011b spokojeni, nab\u00edz\u00edme vr\u00e1cen\u00ed pen\u011bz v pln\u00e9 v\u00fd\u0161i. V\u00fdrobek m\u016f\u017eete bez rizika vyzkou\u0161et a s klidn\u00fdm sv\u011bdom\u00edm zakoupit s v\u011bdom\u00edm, \u017ee pokud v\u00fdsledky nespln\u00ed va\u0161e o\u010dek\u00e1v\u00e1n\u00ed, budou v\u00e1m pen\u00edze vr\u00e1ceny.<\/p>\n<p><strong><img decoding=\"async\" style=\"margin-right: 12px;\" src=\"https:\/\/www.ferberpainting.com\/wp-content\/uploads\/2026\/02\/Check.svg\" alt=\"\" width=\"18\" height=\"15\" \/>V\u00edce\u00fa\u010delov\u00fd.<\/strong>\u00a0Tento v\u00fdrobek je velmi univerz\u00e1ln\u00ed a lze jej pou\u017e\u00edt nejen na b\u0159idlicov\u00e9 st\u0159echy, ale i na jin\u00e9 materi\u00e1ly, jako je beton, cement, cihly, malta a dal\u0161\u00ed por\u00e9zn\u00ed povrchy. Jeho \u00fa\u010dinnost se neomezuje pouze na b\u0159idlicov\u00e9 ta\u0161ky, tak\u017ee je skv\u011blou volbou pro v\u00edce\u00fa\u010delovou ochranu a zaji\u0161t\u011bn\u00ed d\u016fsledn\u00e9 hydroizolace cel\u00e9 st\u0159echy.<\/p>\n<p><strong><img decoding=\"async\" style=\"margin-right: 12px;\" src=\"https:\/\/www.ferberpainting.com\/wp-content\/uploads\/2026\/02\/Check.svg\" alt=\"\" width=\"18\" height=\"15\" \/>N\u00e1kladov\u011b efektivn\u00ed.<\/strong>\u00a0Tento impregna\u010dn\u00ed prost\u0159edek na b\u0159idlicov\u00e9 st\u0159echy nab\u00edz\u00ed vynikaj\u00edc\u00ed kryt\u00ed. Pr\u016fm\u011brn\u011b 1 litr v\u00fdrobku pokryje 6 a\u017e 8 m\u00b2 v z\u00e1vislosti na p\u00f3rovitosti ta\u0161ek. P\u011btilitrov\u00e9 balen\u00ed o\u0161et\u0159\u00ed p\u0159ibli\u017en\u011b 30 a\u017e 40 m\u00b2 st\u0159echy. Jeho vysok\u00e1 vydatnost umo\u017e\u0148uje o\u0161et\u0159en\u00ed velk\u00fdch ploch bez nutnosti \u010dast\u00e9ho dokupov\u00e1n\u00ed, co\u017e z n\u011bj \u010din\u00ed cenov\u011b v\u00fdhodn\u00e9 a trvanliv\u00e9 \u0159e\u0161en\u00ed pro ochranu st\u0159echy.<\/p>\n<p><strong><img decoding=\"async\" style=\"margin-right: 12px;\" src=\"https:\/\/www.ferberpainting.com\/wp-content\/uploads\/2026\/02\/Check.svg\" alt=\"\" width=\"18\" height=\"15\" \/>Bezpe\u010dn\u00e9 pou\u017eit\u00ed.<\/strong>\u00a0B\u0159idlicov\u00e1 st\u0159e\u0161n\u00ed hydroizolace je navr\u017eena tak, aby byla bezpe\u010dn\u00e1. Neobsahuje \u017e\u00e1dn\u00e9 agresivn\u00ed chemik\u00e1lie a je \u0161etrn\u00fd k \u017eivotn\u00edmu prost\u0159ed\u00ed. M\u016f\u017eete jej bezpe\u010dn\u011b aplikovat, ani\u017e byste ohrozili sv\u00e9 zdrav\u00ed nebo zdrav\u00ed ostatn\u00edch. Jako preventivn\u00ed opat\u0159en\u00ed doporu\u010dujeme p\u0159i aplikaci pou\u017e\u00edvat rukavice a ochrann\u00e9 br\u00fdle, ale p\u0159i pou\u017eit\u00ed podle n\u00e1vodu nehroz\u00ed \u017e\u00e1dn\u00e9 v\u00fdznamn\u00e9 riziko.<\/p>\n<p><strong><img decoding=\"async\" style=\"margin-right: 12px;\" src=\"https:\/\/www.ferberpainting.com\/wp-content\/uploads\/2026\/02\/Check.svg\" alt=\"\" width=\"18\" height=\"15\" \/>Snadn\u00e1 aplikace.<\/strong>\u00a0Tento produkt je p\u0159ipraven k pou\u017eit\u00ed, tak\u017ee je proces rychl\u00fd a snadn\u00fd. Nen\u00ed nutn\u00e9 jej \u0159edit ani p\u0159ipravovat - sta\u010d\u00ed jej nast\u0159\u00edkat, nat\u0159\u00edt \u0161t\u011btcem nebo nato\u010dit p\u0159\u00edmo na st\u0159echu. To umo\u017e\u0148uje rychlou a snadnou aplikaci, vhodnou jak pro profesion\u00e1ly, tak pro kutily. Aplikace je rovnom\u011brn\u00e1 a nezanech\u00e1v\u00e1 viditeln\u00e9 stopy, co\u017e zaji\u0161\u0165uje \u010dist\u00fd a estetick\u00fd povrch.<\/p>\n<p><strong><img decoding=\"async\" style=\"margin-right: 12px;\" src=\"https:\/\/www.ferberpainting.com\/wp-content\/uploads\/2026\/02\/Check.svg\" alt=\"\" width=\"18\" height=\"15\" \/>Odolnost.<\/strong>\u00a0Impregnace na b\u0159idlicov\u00e9 st\u0159echy poskytuje dlouhotrvaj\u00edc\u00ed ochranu. Po nanesen\u00ed vytvo\u0159\u00ed neviditelnou bari\u00e9ru, kter\u00e1 odol\u00e1v\u00e1 vlhkosti a chr\u00e1n\u00ed st\u0159echu po n\u011bkolik let. V z\u00e1vislosti na pov\u011btrnostn\u00edch podm\u00ednk\u00e1ch a expozici m\u016f\u017ee ochrana trvat 2 a\u017e 5 let. Tato trvanlivost pom\u00e1h\u00e1 sni\u017eovat n\u00e1roky na \u00fadr\u017ebu a zaji\u0161\u0165uje, \u017ee va\u0161e st\u0159echa z\u016fstane ve vynikaj\u00edc\u00edm stavu.<\/p>\n<p><strong><img decoding=\"async\" style=\"margin-right: 12px;\" src=\"https:\/\/www.ferberpainting.com\/wp-content\/uploads\/2026\/02\/Check.svg\" alt=\"\" width=\"18\" height=\"15\" \/>Rychl\u00e9 schnut\u00ed a \u00fa\u010dinek.<\/strong>\u00a0Impregna\u010dn\u00ed prost\u0159edek rychle zasych\u00e1 a rychle pronik\u00e1 do b\u0159idlicov\u00fdch dla\u017edic. Obecn\u011b plat\u00ed, \u017ee povrchy na dotek zasychaj\u00ed b\u011bhem 1 a\u017e 2 hodin, ale pro optim\u00e1ln\u00ed v\u00fdkon se doporu\u010duje nechat st\u0159echu 24 hodin p\u0159ed vystaven\u00edm de\u0161ti nebo vlhkosti. Toto rychl\u00e9 schnut\u00ed v\u00e1m pom\u016f\u017ee rychle obnovit pou\u017e\u00edv\u00e1n\u00ed o\u0161et\u0159en\u00e9ho povrchu a zajist\u00ed dlouhodobou hydroizolaci.<\/p>\n<h2><strong>Protokol o pou\u017eit\u00ed<\/strong><\/h2>\n<ul>\n<li><strong>P\u0159\u00edprava povrchu <\/strong>: P\u0159ed nanesen\u00edm impregna\u010dn\u00edho prost\u0159edku se ujist\u011bte, \u017ee je povrch \u010dist\u00fd a such\u00fd. Doporu\u010dujeme st\u0159echu o\u010distit, abyste odstranili ne\u010distoty, mech nebo \u00falomky. K odstran\u011bn\u00ed v\u0161ech ne\u010distot pou\u017eijte ko\u0161t\u011b, tlakov\u00fd \u010disti\u010d nebo kart\u00e1\u010d. Pokud se vyskytuje mech nebo li\u0161ejn\u00edk, je t\u0159eba p\u0159edt\u00edm pou\u017e\u00edt specifick\u00fd p\u0159\u00edpravek proti mechu. Po vy\u010di\u0161t\u011bn\u00ed st\u0159echy se ujist\u011bte, \u017ee je p\u0159ed aplikac\u00ed p\u0159\u00edpravku zcela such\u00e1.<\/li>\n<li><strong>Aplikace produktu <\/strong>: Impregna\u010dn\u00ed prost\u0159edek na b\u0159idlicov\u00e9 st\u0159echy je p\u0159ipraven k pou\u017eit\u00ed, nen\u00ed t\u0159eba jej \u0159edit. K rovnom\u011brn\u00e9mu nanesen\u00ed na povrch pou\u017eijte post\u0159ikova\u010d, v\u00e1le\u010dek nebo \u0161t\u011btec. Pokud pou\u017e\u00edv\u00e1te post\u0159ikova\u010d, dodr\u017eujte vzd\u00e1lenost cca 30 cm a st\u0159\u00edkejte rovnom\u011brn\u011b. P\u0159i aplikaci v\u00e1le\u010dkem nebo \u0161t\u011btcem dbejte na to, abyste rovnom\u011brn\u011b pokryli v\u0161echny o\u0161et\u0159ovan\u00e9 plochy, ani\u017e byste dla\u017edice p\u0159esytili. Nan\u00e1\u0161ejte lehk\u00e9, rovnom\u011brn\u00e9 vrstvy, abyste zabr\u00e1nili st\u00e9k\u00e1n\u00ed.<\/li>\n<li><strong>Mno\u017estv\u00ed k pou\u017eit\u00ed <\/strong>: V z\u00e1vislosti na p\u00f3rovitosti b\u0159idlicov\u00fdch obklad\u016f pokr\u00fdv\u00e1 1 litr v\u00fdrobku zpravidla 6 a\u017e 8 m\u00b2. To znamen\u00e1, \u017ee jedna p\u011btilitrov\u00e1 n\u00e1doba dok\u00e1\u017ee o\u0161et\u0159it 30 a\u017e 40 m\u00b2 plochy. Pokud jsou dla\u017edice velmi por\u00e9zn\u00ed nebo si p\u0159ejete nan\u00e9st druhou vrstvu, upravte mno\u017estv\u00ed podle pot\u0159eby. Obecn\u011b plat\u00ed, \u017ee pro \u00fa\u010dinnou ochranu sta\u010d\u00ed jedna vrstva, ale na velmi exponovan\u00fdch m\u00edstech m\u016f\u017ee b\u00fdt nutn\u00e1 druh\u00e1 aplikace.<\/li>\n<li><strong>Doba su\u0161en\u00ed <\/strong>: Po nanesen\u00ed p\u0159\u00edpravek rychle zasych\u00e1. Povrchy jsou obvykle such\u00e9 na dotek za 1 a\u017e 2 hodiny. Pro dosa\u017een\u00ed pln\u00e9ho \u00fa\u010dinku nechte v\u00fdrobek zcela zaschnout po dobu 24 hodin, ne\u017e vystav\u00edte st\u0159echu de\u0161ti nebo vlhkosti. T\u00edm se zajist\u00ed vytvo\u0159en\u00ed \u00fa\u010dinn\u00e9 bari\u00e9ry, kter\u00e1 zabr\u00e1n\u00ed pronik\u00e1n\u00ed vody.<\/li>\n<li><strong>Op\u011btovn\u00e9 pod\u00e1n\u00ed \u017e\u00e1dosti <\/strong>: V z\u00e1vislosti na klimatick\u00fdch podm\u00ednk\u00e1ch a p\u0159irozen\u00e9m opot\u0159eben\u00ed m\u016f\u017ee b\u00fdt nutn\u00e1 opakovan\u00e1 aplikace ka\u017ed\u00fdch 2 a\u017e 5 let. Doporu\u010dujeme pravideln\u011b kontrolovat st\u0159echu a znovu aplikovat p\u0159\u00edpravek, pokud se objev\u00ed zn\u00e1mky opot\u0159eben\u00ed nebo sn\u00ed\u017een\u00e9 \u00fa\u010dinnosti. Druh\u00e1 aplikace pom\u016f\u017ee udr\u017eet dlouhotrvaj\u00edc\u00ed ochranu.<\/li>\n<li><strong>\u00dadr\u017eba <\/strong>: Po aplikaci je \u00fadr\u017eba st\u0159echy snadn\u00e1. O\u010dist\u011bte ji m\u00fddlovou vodou a m\u011bkk\u00fdm ko\u0161t\u011btem nebo hadrem, abyste odstranili zbytky. Nepou\u017e\u00edvejte tlakov\u00e9 my\u010dky ani drsn\u00e9 chemick\u00e9 \u010distic\u00ed prost\u0159edky, kter\u00e9 by mohly po\u0161kodit ochrann\u00fd povlak. \u0160etrn\u00e1 a pravideln\u00e1 \u00fadr\u017eba pom\u00e1h\u00e1 zachovat hydroizola\u010dn\u00ed vlastnosti po mnoho let.<\/li>\n<\/ul>","protected":false},"excerpt":{"rendered":"<p>Optimal protection against weather.\u00a0This slate roof waterproofer is specially formulated to provide long-lasting protection against water infiltration and humidity. Thanks to its advanced formula, this product deeply penetrates the surface of the slate, forming an invisible barrier that prevents water from seeping in while allowing the roof to breathe. It helps preserve the integrity of [&hellip;]<\/p>\n","protected":false},"featured_media":35987,"comment_status":"open","ping_status":"closed","template":"","meta":{"_uag_custom_page_level_css":"","site-sidebar-layout":"default","site-content-layout":"","ast-site-content-layout":"default","site-content-style":"default","site-sidebar-style":"default","ast-global-header-display":"","ast-banner-title-visibility":"","ast-main-header-display":"","ast-hfb-above-header-display":"","ast-hfb-below-header-display":"","ast-hfb-mobile-header-display":"","site-post-title":"","ast-breadcrumbs-content":"","ast-featured-img":"","footer-sml-layout":"","ast-disable-related-posts":"","theme-transparent-header-meta":"default","adv-header-id-meta":"","stick-header-meta":"","header-above-stick-meta":"","header-main-stick-meta":"","header-below-stick-meta":"","astra-migrate-meta-layouts":"set","ast-page-background-enabled":"default","ast-page-background-meta":{"desktop":{"background-color":"var(--ast-global-color-4)","background-image":"","background-repeat":"repeat","background-position":"center center","background-size":"auto","background-attachment":"scroll","background-type":"","background-media":"","overlay-type":"","overlay-color":"","overlay-opacity":"","overlay-gradient":""},"tablet":{"background-color":"","background-image":"","background-repeat":"repeat","background-position":"center center","background-size":"auto","background-attachment":"scroll","background-type":"","background-media":"","overlay-type":"","overlay-color":"","overlay-opacity":"","overlay-gradient":""},"mobile":{"background-color":"","background-image":"","background-repeat":"repeat","background-position":"center center","background-size":"auto","background-attachment":"scroll","background-type":"","background-media":"","overlay-type":"","overlay-color":"","overlay-opacity":"","overlay-gradient":""}},"ast-content-background-meta":{"desktop":{"background-color":"var(--ast-global-color-5)","background-image":"","background-repeat":"repeat","background-position":"center center","background-size":"auto","background-attachment":"scroll","background-type":"","background-media":"","overlay-type":"","overlay-color":"","overlay-opacity":"","overlay-gradient":""},"tablet":{"background-color":"var(--ast-global-color-5)","background-image":"","background-repeat":"repeat","background-position":"center center","background-size":"auto","background-attachment":"scroll","background-type":"","background-media":"","overlay-type":"","overlay-color":"","overlay-opacity":"","overlay-gradient":""},"mobile":{"background-color":"var(--ast-global-color-5)","background-image":"","background-repeat":"repeat","background-position":"center center","background-size":"auto","background-attachment":"scroll","background-type":"","background-media":"","overlay-type":"","overlay-color":"","overlay-opacity":"","overlay-gradient":""}}},"product_brand":[],"product_cat":[191],"product_tag":[],"class_list":{"0":"post-25309","1":"product","2":"type-product","3":"status-publish","4":"has-post-thumbnail","6":"product_cat-water-repellent","7":"desktop-align-left","8":"tablet-align-left","9":"mobile-align-left","11":"first","12":"instock","13":"sale","14":"shipping-taxable","15":"purchasable","16":"product-type-variable","17":"has-default-attributes"},"spectra_custom_meta":{"_visibility":["visible"],"_shopify_product_id":["9106642239733"],"_s2w_shopify_domain":["ferberpainting.myshopify.com"],"_shopify_variant_id":["46626378711285"],"_sku":[""],"_manage_stock":["no"],"total_sales":["5"],"_tax_status":["taxable"],"_tax_class":[""],"_backorders":["no"],"_sold_individually":["no"],"_virtual":["no"],"_downloadable":["no"],"_download_limit":["-1"],"_download_expiry":["-1"],"_stock":[null],"_stock_status":["instock"],"_wc_average_rating":["5.00"],"_wc_review_count":["10"],"_product_attributes":["a:1:{s:6:\"volume\";a:6:{s:4:\"name\";s:6:\"Volume\";s:5:\"value\";s:20:\"5 liters | 25 liters\";s:8:\"position\";i:1;s:10:\"is_visible\";i:0;s:12:\"is_variation\";i:1;s:11:\"is_taxonomy\";i:0;}}"],"_product_version":["10.5.1"],"wpse_downloadable_file_names":[""],"wpse_downloadable_file_urls":[""],"_edit_last":["1"],"_default_attributes":["a:1:{s:6:\"volume\";s:8:\"5 liters\";}"],"_edit_lock":["1771235292:1"],"_price":["29.90","129.90"],"merchant-center-availability":["yes"],"merchant-center-category":["503744"],"_thumbnail_id":["35987"],"_wp_page_template":["default"],"_product_image_gallery":["35989"],"site-sidebar-layout":["default"],"ast-site-content-layout":["default"],"site-content-style":["default"],"site-sidebar-style":["default"],"theme-transparent-header-meta":["default"],"_wc_rating_count":["a:1:{i:5;i:10;}"],"astra-migrate-meta-layouts":["set"],"_uag_css_file_name":["uag-css-25309.css"],"_elementor_page_assets":["a:0:{}"],"_uag_page_assets":["a:9:{s:3:\"css\";s:7133:\".uag-blocks-common-selector{z-index:var(--z-index-desktop) !important}@media(max-width: 976px){.uag-blocks-common-selector{z-index:var(--z-index-tablet) !important}}@media(max-width: 767px){.uag-blocks-common-selector{z-index:var(--z-index-mobile) !important}}.wp-block-uagb-image{display:flex}.wp-block-uagb-image__figure{position:relative;display:flex;flex-direction:column;max-width:100%;height:auto;margin:0}.wp-block-uagb-image__figure img{height:auto;display:flex;max-width:100%;transition:box-shadow .2s ease}.wp-block-uagb-image__figure>a{display:inline-block}.wp-block-uagb-image__figure figcaption{text-align:center;margin-top:.5em;margin-bottom:1em}.wp-block-uagb-image .components-placeholder.block-editor-media-placeholder .components-placeholder__instructions{align-self:center}.wp-block-uagb-image--align-left{text-align:left}.wp-block-uagb-image--align-right{text-align:right}.wp-block-uagb-image--align-center{text-align:center}.wp-block-uagb-image--align-full .wp-block-uagb-image__figure{margin-left:calc(50% - 50vw);margin-right:calc(50% - 50vw);max-width:100vw;width:100vw;height:auto}.wp-block-uagb-image--align-full .wp-block-uagb-image__figure img{height:auto;width:100% !important}.wp-block-uagb-image--align-wide .wp-block-uagb-image__figure img{height:auto;width:100%}.wp-block-uagb-image--layout-overlay__color-wrapper{position:absolute;left:0;top:0;right:0;bottom:0;opacity:.2;background:rgba(0,0,0,.5);transition:opacity .35s ease-in-out}.wp-block-uagb-image--layout-overlay-link{position:absolute;left:0;right:0;bottom:0;top:0}.wp-block-uagb-image--layout-overlay .wp-block-uagb-image__figure:hover .wp-block-uagb-image--layout-overlay__color-wrapper{opacity:1}.wp-block-uagb-image--layout-overlay__inner{position:absolute;left:15px;right:15px;bottom:15px;top:15px;display:flex;align-items:center;justify-content:center;flex-direction:column;border-color:#fff;transition:.35s ease-in-out}.wp-block-uagb-image--layout-overlay__inner.top-left,.wp-block-uagb-image--layout-overlay__inner.top-center,.wp-block-uagb-image--layout-overlay__inner.top-right{justify-content:flex-start}.wp-block-uagb-image--layout-overlay__inner.bottom-left,.wp-block-uagb-image--layout-overlay__inner.bottom-center,.wp-block-uagb-image--layout-overlay__inner.bottom-right{justify-content:flex-end}.wp-block-uagb-image--layout-overlay__inner.top-left,.wp-block-uagb-image--layout-overlay__inner.center-left,.wp-block-uagb-image--layout-overlay__inner.bottom-left{align-items:flex-start}.wp-block-uagb-image--layout-overlay__inner.top-right,.wp-block-uagb-image--layout-overlay__inner.center-right,.wp-block-uagb-image--layout-overlay__inner.bottom-right{align-items:flex-end}.wp-block-uagb-image--layout-overlay__inner .uagb-image-heading{color:#fff;transition:transform .35s,opacity .35s ease-in-out;transform:translate3d(0, 24px, 0);margin:0;line-height:1em}.wp-block-uagb-image--layout-overlay__inner .uagb-image-separator{width:30%;border-top-width:2px;border-top-color:#fff;border-top-style:solid;margin-bottom:10px;opacity:0;transition:transform .4s,opacity .4s ease-in-out;transform:translate3d(0, 30px, 0)}.wp-block-uagb-image--layout-overlay__inner .uagb-image-caption{opacity:0;overflow:visible;color:#fff;transition:transform .45s,opacity .45s ease-in-out;transform:translate3d(0, 35px, 0)}.wp-block-uagb-image--layout-overlay__inner:hover .uagb-image-heading,.wp-block-uagb-image--layout-overlay__inner:hover .uagb-image-separator,.wp-block-uagb-image--layout-overlay__inner:hover .uagb-image-caption{opacity:1;transform:translate3d(0, 0, 0)}.wp-block-uagb-image--effect-zoomin .wp-block-uagb-image__figure img,.wp-block-uagb-image--effect-zoomin .wp-block-uagb-image__figure .wp-block-uagb-image--layout-overlay__color-wrapper{transform:scale(1);transition:transform .35s ease-in-out}.wp-block-uagb-image--effect-zoomin .wp-block-uagb-image__figure:hover img,.wp-block-uagb-image--effect-zoomin .wp-block-uagb-image__figure:hover .wp-block-uagb-image--layout-overlay__color-wrapper{transform:scale(1.05)}.wp-block-uagb-image--effect-slide .wp-block-uagb-image__figure img,.wp-block-uagb-image--effect-slide .wp-block-uagb-image__figure .wp-block-uagb-image--layout-overlay__color-wrapper{width:calc(100% + 40px) !important;max-width:none !important;transform:translate3d(-40px, 0, 0);transition:transform .35s ease-in-out}.wp-block-uagb-image--effect-slide .wp-block-uagb-image__figure:hover img,.wp-block-uagb-image--effect-slide .wp-block-uagb-image__figure:hover .wp-block-uagb-image--layout-overlay__color-wrapper{transform:translate3d(0, 0, 0)}.wp-block-uagb-image--effect-grayscale img{filter:grayscale(0%);transition:.35s ease-in-out}.wp-block-uagb-image--effect-grayscale:hover img{filter:grayscale(100%)}.wp-block-uagb-image--effect-blur img{filter:blur(0);transition:.35s ease-in-out}.wp-block-uagb-image--effect-blur:hover img{filter:blur(3px)}.uagb-block-e6f939b3.wp-block-uagb-image--layout-default figure img{box-shadow: 0px 0px 0 #00000070;}.uagb-block-e6f939b3.wp-block-uagb-image .wp-block-uagb-image__figure figcaption{font-style: normal;align-self: center;}.uagb-block-e6f939b3.wp-block-uagb-image--layout-overlay figure img{box-shadow: 0px 0px 0 #00000070;}.uagb-block-e6f939b3.wp-block-uagb-image--layout-overlay .wp-block-uagb-image--layout-overlay__color-wrapper{opacity: 0.2;}.uagb-block-e6f939b3.wp-block-uagb-image--layout-overlay .wp-block-uagb-image--layout-overlay__inner{left: 15px;right: 15px;top: 15px;bottom: 15px;}.uagb-block-e6f939b3.wp-block-uagb-image--layout-overlay .wp-block-uagb-image--layout-overlay__inner .uagb-image-heading{font-style: normal;color: #fff;opacity: 1;}.uagb-block-e6f939b3.wp-block-uagb-image--layout-overlay .wp-block-uagb-image--layout-overlay__inner .uagb-image-heading a{color: #fff;}.uagb-block-e6f939b3.wp-block-uagb-image--layout-overlay .wp-block-uagb-image--layout-overlay__inner .uagb-image-caption{opacity: 0;}.uagb-block-e6f939b3.wp-block-uagb-image--layout-overlay .wp-block-uagb-image__figure:hover .wp-block-uagb-image--layout-overlay__color-wrapper{opacity: 1;}.uagb-block-e6f939b3.wp-block-uagb-image .wp-block-uagb-image--layout-overlay__inner .uagb-image-separator{width: 30%;border-top-width: 2px;border-top-color: #fff;opacity: 0;}.uagb-block-e6f939b3.wp-block-uagb-image .wp-block-uagb-image__figure img{width: px;height: auto;}.uagb-block-e6f939b3.wp-block-uagb-image .wp-block-uagb-image__figure:hover .wp-block-uagb-image--layout-overlay__inner .uagb-image-caption{opacity: 1;}.uagb-block-e6f939b3.wp-block-uagb-image .wp-block-uagb-image__figure:hover .wp-block-uagb-image--layout-overlay__inner .uagb-image-separator{opacity: 1;}.uagb-block-e6f939b3.wp-block-uagb-image--layout-default figure:hover img{box-shadow: 0px 0px 0 #00000070;}.uagb-block-e6f939b3.wp-block-uagb-image--layout-overlay figure:hover img{box-shadow: 0px 0px 0 #00000070;}@media only screen and (max-width: 976px) {.uagb-block-e6f939b3.wp-block-uagb-image .wp-block-uagb-image__figure img{width: px;height: auto;}}@media only screen and (max-width: 767px) {.uagb-block-e6f939b3.wp-block-uagb-image .wp-block-uagb-image__figure img{width: px;height: auto;}}\";s:2:\"js\";s:0:\"\";s:18:\"current_block_list\";a:13:{i:0;s:11:\"core\/search\";i:1;s:10:\"core\/group\";i:2;s:12:\"core\/heading\";i:3;s:17:\"core\/latest-posts\";i:4;s:20:\"core\/latest-comments\";i:5;s:13:\"core\/archives\";i:6;s:15:\"core\/categories\";i:7;s:14:\"core\/paragraph\";i:8;s:10:\"uagb\/image\";i:9;s:11:\"core\/spacer\";i:10;s:30:\"woocommerce\/product-categories\";i:11;s:10:\"core\/image\";i:12;s:14:\"core\/shortcode\";}s:8:\"uag_flag\";b:1;s:11:\"uag_version\";s:10:\"1777102217\";s:6:\"gfonts\";a:0:{}s:10:\"gfonts_url\";s:0:\"\";s:12:\"gfonts_files\";a:0:{}s:14:\"uag_faq_layout\";b:0;}"]},"uagb_featured_image_src":{"full":["https:\/\/www.ferberpainting.com\/wp-content\/uploads\/2025\/06\/Slate-Roof-Water-Repellent-5L.png",2560,2560,false],"thumbnail":["https:\/\/www.ferberpainting.com\/wp-content\/uploads\/2025\/06\/Slate-Roof-Water-Repellent-5L-150x150.png",150,150,true],"medium":["https:\/\/www.ferberpainting.com\/wp-content\/uploads\/2025\/06\/Slate-Roof-Water-Repellent-5L-300x300.png",300,300,true],"medium_large":["https:\/\/www.ferberpainting.com\/wp-content\/uploads\/2025\/06\/Slate-Roof-Water-Repellent-5L-768x768.png",768,768,true],"large":["https:\/\/www.ferberpainting.com\/wp-content\/uploads\/2025\/06\/Slate-Roof-Water-Repellent-5L-1024x1024.png",1024,1024,true],"1536x1536":["https:\/\/www.ferberpainting.com\/wp-content\/uploads\/2025\/06\/Slate-Roof-Water-Repellent-5L-1536x1536.png",1536,1536,true],"2048x2048":["https:\/\/www.ferberpainting.com\/wp-content\/uploads\/2025\/06\/Slate-Roof-Water-Repellent-5L-2048x2048.png",2048,2048,true],"trp-custom-language-flag":["https:\/\/www.ferberpainting.com\/wp-content\/uploads\/2025\/06\/Slate-Roof-Water-Repellent-5L-12x12.png",12,12,true],"woocommerce_thumbnail":["https:\/\/www.ferberpainting.com\/wp-content\/uploads\/2025\/06\/Slate-Roof-Water-Repellent-5L-300x300.png",300,300,true],"woocommerce_single":["https:\/\/www.ferberpainting.com\/wp-content\/uploads\/2025\/06\/Slate-Roof-Water-Repellent-5L-600x600.png",600,600,true],"woocommerce_gallery_thumbnail":["https:\/\/www.ferberpainting.com\/wp-content\/uploads\/2025\/06\/Slate-Roof-Water-Repellent-5L-100x100.png",100,100,true]},"uagb_author_info":{"display_name":"admin","author_link":"https:\/\/www.ferberpainting.com\/cz\/author\/"},"uagb_comment_info":10,"uagb_excerpt":"Optimal protection against weather.\u00a0This slate roof waterproofer is specially formulated to provide long-lasting protection against water infiltration and humidity. Thanks to its advanced formula, this product deeply penetrates the surface of the slate, forming an invisible barrier that prevents water from seeping in while allowing the roof to breathe. It helps preserve the integrity of&hellip;","_links":{"self":[{"href":"https:\/\/www.ferberpainting.com\/cz\/wp-json\/wp\/v2\/product\/25309","targetHints":{"allow":["GET"]}}],"collection":[{"href":"https:\/\/www.ferberpainting.com\/cz\/wp-json\/wp\/v2\/product"}],"about":[{"href":"https:\/\/www.ferberpainting.com\/cz\/wp-json\/wp\/v2\/types\/product"}],"replies":[{"embeddable":true,"href":"https:\/\/www.ferberpainting.com\/cz\/wp-json\/wp\/v2\/comments?post=25309"}],"version-history":[{"count":3,"href":"https:\/\/www.ferberpainting.com\/cz\/wp-json\/wp\/v2\/product\/25309\/revisions"}],"predecessor-version":[{"id":167299,"href":"https:\/\/www.ferberpainting.com\/cz\/wp-json\/wp\/v2\/product\/25309\/revisions\/167299"}],"wp:featuredmedia":[{"embeddable":true,"href":"https:\/\/www.ferberpainting.com\/cz\/wp-json\/wp\/v2\/media\/35987"}],"wp:attachment":[{"href":"https:\/\/www.ferberpainting.com\/cz\/wp-json\/wp\/v2\/media?parent=25309"}],"wp:term":[{"taxonomy":"product_brand","embeddable":true,"href":"https:\/\/www.ferberpainting.com\/cz\/wp-json\/wp\/v2\/product_brand?post=25309"},{"taxonomy":"product_cat","embeddable":true,"href":"https:\/\/www.ferberpainting.com\/cz\/wp-json\/wp\/v2\/product_cat?post=25309"},{"taxonomy":"product_tag","embeddable":true,"href":"https:\/\/www.ferberpainting.com\/cz\/wp-json\/wp\/v2\/product_tag?post=25309"}],"curies":[{"name":"wp","href":"https:\/\/api.w.org\/{rel}","templated":true}]}}