{"id":25306,"date":"2025-06-30T21:44:16","date_gmt":"2025-06-30T19:44:16","guid":{"rendered":"https:\/\/www.ferberpainting.com\/?post_type=product&#038;p=25296"},"modified":"2026-02-16T10:48:37","modified_gmt":"2026-02-16T09:48:37","slug":"slab-water-repellent","status":"publish","type":"product","link":"https:\/\/www.ferberpainting.com\/cz\/products\/slab-water-repellent\/","title":{"rendered":"Vodoodpudiv\u00fd p\u0159\u00edpravek na dla\u017ebu"},"content":{"rendered":"<p><strong><img decoding=\"async\" style=\"margin-right: 12px;\" src=\"https:\/\/www.ferberpainting.com\/wp-content\/uploads\/2026\/02\/Check.svg\" alt=\"\" width=\"18\" height=\"15\" \/>\u00da\u010dinn\u00e1 ochrana proti vlhkosti.<\/strong>\u00a0Hydroizola\u010dn\u00ed n\u00e1t\u011br na desky je speci\u00e1ln\u011b navr\u017een pro ochranu vn\u011bj\u0161\u00edch desek (betonov\u00fdch, cementov\u00fdch nebo z jin\u00fdch materi\u00e1l\u016f) proti vlhkosti, de\u0161ti a infiltraci. Tento v\u00fdrobek pronik\u00e1 hluboko a vytv\u00e1\u0159\u00ed neviditelnou bari\u00e9ru, kter\u00e1 zabra\u0148uje pronik\u00e1n\u00ed vody a z\u00e1rove\u0148 umo\u017e\u0148uje povrchu d\u00fdchat. Tato \u00faprava je nezbytn\u00e1 pro zachov\u00e1n\u00ed celistvosti desek, zejm\u00e9na t\u011bch, kter\u00e9 jsou vystaveny nep\u0159\u00edzniv\u00fdm pov\u011btrnostn\u00edm podm\u00ednk\u00e1m, jako jsou terasy, chodn\u00edky nebo terasy.<\/p>\n<p><strong><img decoding=\"async\" style=\"margin-right: 12px;\" src=\"https:\/\/www.ferberpainting.com\/wp-content\/uploads\/2026\/02\/Check.svg\" alt=\"\" width=\"18\" height=\"15\" \/>Z\u00e1ruka vr\u00e1cen\u00ed pen\u011bz.<\/strong>\u00a0Abychom zajistili va\u0161i naprostou spokojenost, nab\u00edz\u00edme z\u00e1ruku spokojenosti nebo vr\u00e1cen\u00ed pen\u011bz. Pokud nejste po pou\u017eit\u00ed impregna\u010dn\u00edho p\u0159\u00edpravku na desky zcela spokojeni s v\u00fdsledky, m\u016f\u017eete po\u017e\u00e1dat o vr\u00e1cen\u00ed pen\u011bz v pln\u00e9 v\u00fd\u0161i. Tento p\u0159\u00edslib v\u00e1m umo\u017en\u00ed vyzkou\u0161et v\u00fdrobek s naprost\u00fdm klidem.<\/p>\n<p><strong><img decoding=\"async\" style=\"margin-right: 12px;\" src=\"https:\/\/www.ferberpainting.com\/wp-content\/uploads\/2026\/02\/Check.svg\" alt=\"\" width=\"18\" height=\"15\" \/>Kompatibilita s v\u00edce povrchy.<\/strong>\u00a0Impregnace na desky je vhodn\u00e1 nejen pro betonov\u00e9 desky, ale tak\u00e9 pro povrchy z cementu, kamene, malty, cihel a dal\u0161\u00edch podobn\u00fdch materi\u00e1l\u016f. A\u0165 u\u017e se jedn\u00e1 o betonovou terasu, kamennou venkovn\u00ed podlahu nebo terasovou desku, tento v\u00fdrobek nab\u00edz\u00ed plnou ochranu proti vlhkosti a pov\u011btrnostn\u00edm vliv\u016fm. Je proto ide\u00e1ln\u00ed pro nejr\u016fzn\u011bj\u0161\u00ed venkovn\u00ed pou\u017eit\u00ed a zaji\u0161\u0165uje zachov\u00e1n\u00ed va\u0161ich podlah a desek.<\/p>\n<p><strong><img decoding=\"async\" style=\"margin-right: 12px;\" src=\"https:\/\/www.ferberpainting.com\/wp-content\/uploads\/2026\/02\/Check.svg\" alt=\"\" width=\"18\" height=\"15\" \/>\u00dasporn\u00e9.<\/strong>\u00a0Tento v\u00fdrobek je obzvl\u00e1\u0161t\u011b \u00fasporn\u00fd d\u00edky sv\u00e9mu vysok\u00e9mu kryt\u00ed. V z\u00e1vislosti na p\u00f3rovitosti povrchu pokryje 1 litr impregna\u010dn\u00edho prost\u0159edku na desky p\u0159ibli\u017en\u011b 6 a\u017e 8 m\u00b2. P\u011btilitrov\u00e9 balen\u00ed tedy umo\u017e\u0148uje o\u0161et\u0159it 30 a\u017e 40 m\u00b2 povrchu v z\u00e1vislosti na stavu a p\u00f3rovitosti desek. S takov\u00fdm pokryt\u00edm m\u016f\u017eete chr\u00e1nit velkou plochu p\u0159i zachov\u00e1n\u00ed efektivn\u00edho a rozumn\u00e9ho vyu\u017eit\u00ed v\u00fdrobku.<\/p>\n<p><strong><img decoding=\"async\" style=\"margin-right: 12px;\" src=\"https:\/\/www.ferberpainting.com\/wp-content\/uploads\/2026\/02\/Check.svg\" alt=\"\" width=\"18\" height=\"15\" \/>Bezpe\u010dn\u00e9.<\/strong>\u00a0Impregnace na desky je vyrobena z bezpe\u010dn\u00fdch, netoxick\u00fdch slo\u017eek pro u\u017eivatele. Neobsahuje drsn\u00e9 chemik\u00e1lie, agresivn\u00ed rozpou\u0161t\u011bdla ani zdrav\u00ed nebezpe\u010dn\u00e9 slo\u017eky. Je tedy bezpe\u010dn\u00fd pro dom\u00e1c\u00ed pou\u017eit\u00ed a lze jej s klidn\u00fdm sv\u011bdom\u00edm pou\u017e\u00edvat za p\u0159edpokladu, \u017ee jsou dodr\u017eov\u00e1na b\u011b\u017en\u00e1 opat\u0159en\u00ed p\u0159i pou\u017e\u00edv\u00e1n\u00ed (rukavice, v\u011btr\u00e1n\u00ed prostoru).<\/p>\n<p><strong><img decoding=\"async\" style=\"margin-right: 12px;\" src=\"https:\/\/www.ferberpainting.com\/wp-content\/uploads\/2026\/02\/Check.svg\" alt=\"\" width=\"18\" height=\"15\" \/>Snadn\u00e9 pou\u017eit\u00ed.<\/strong>\u00a0Tento v\u00fdrobek je p\u0159ipraven k pou\u017eit\u00ed, co\u017e zna\u010dn\u011b zjednodu\u0161uje jeho aplikaci. Nevy\u017eaduje \u017e\u00e1dn\u00e9 \u0159ed\u011bn\u00ed, tak\u017ee jej m\u016f\u017eete pou\u017e\u00edt ihned po otev\u0159en\u00ed. Jednodu\u0161e naneste impregna\u010dn\u00ed prost\u0159edek pomoc\u00ed rozpra\u0161ova\u010de, \u0161t\u011btce nebo v\u00e1le\u010dku a on rychle pronikne do povrchu. Aplikace je rychl\u00e1 a nevy\u017eaduje \u017e\u00e1dn\u00e9 specifick\u00e9 dovednosti, tak\u017ee je p\u0159\u00edstupn\u00e1 v\u0161em, i kutilsk\u00fdm za\u010d\u00e1te\u010dn\u00edk\u016fm.<\/p>\n<p><strong><img decoding=\"async\" style=\"margin-right: 12px;\" src=\"https:\/\/www.ferberpainting.com\/wp-content\/uploads\/2026\/02\/Check.svg\" alt=\"\" width=\"18\" height=\"15\" \/>Odoln\u00e9.<\/strong>\u00a0Po nanesen\u00ed poskytuje impregna\u010dn\u00ed prost\u0159edek na desky dlouhotrvaj\u00edc\u00ed ochranu. Vytv\u00e1\u0159\u00ed vodot\u011bsnou, trvanlivou a odolnou bari\u00e9ru v\u016f\u010di r\u016fzn\u00fdm pov\u011btrnostn\u00edm podm\u00ednk\u00e1m. V\u00fdrobek chr\u00e1n\u00ed desky p\u0159ed vlhkost\u00ed, st\u0159\u00edkaj\u00edc\u00ed vodou, skvrnami a pl\u00edsn\u011bmi. Tato ochrana m\u016f\u017ee trvat n\u011bkolik let v z\u00e1vislosti na pou\u017e\u00edv\u00e1n\u00ed a pov\u011btrnostn\u00edch podm\u00ednk\u00e1ch, co\u017e v\u00e1m umo\u017en\u00ed udr\u017eovat vn\u011bj\u0161\u00ed povrchy v dlouhodob\u011b vynikaj\u00edc\u00edm stavu.<\/p>\n<p><strong><img decoding=\"async\" style=\"margin-right: 12px;\" src=\"https:\/\/www.ferberpainting.com\/wp-content\/uploads\/2026\/02\/Check.svg\" alt=\"\" width=\"18\" height=\"15\" \/>Rychl\u00e9 schnut\u00ed.<\/strong>\u00a0Impregnace na desky je tak\u00e9 zn\u00e1m\u00e1 sv\u00fdm rychleschnouc\u00edm \u00fa\u010dinkem. Po nanesen\u00ed v\u00fdrobek na dotek zaschne p\u0159ibli\u017en\u011b za 1 a\u017e 2 hodiny, co\u017e umo\u017e\u0148uje rychlej\u0161\u00ed pou\u017e\u00edv\u00e1n\u00ed povrchu. Pro \u00fapln\u00e9 zaschnut\u00ed a maxim\u00e1ln\u00ed ochranu se v\u0161ak doporu\u010duje nechat jej zaschnout po dobu 24 hodin. Toto rychl\u00e9 schnut\u00ed zaji\u0161\u0165uje rychlej\u0161\u00ed vyu\u017eit\u00ed o\u0161et\u0159en\u00fdch prostor, co\u017e je ide\u00e1ln\u00ed pro venkovn\u00ed prost\u0159ed\u00ed.<\/p>\n<h2><strong>Protokol o pou\u017eit\u00ed<\/strong><\/h2>\n<ul>\n<li><strong>P\u0159\u00edprava povrchu <\/strong>: P\u0159ed nanesen\u00edm impregna\u010dn\u00edho prost\u0159edku je nutn\u00e9, aby byly desky \u010dist\u00e9, such\u00e9 a zbaven\u00e9 ne\u010distot, prachu, oleje nebo mastnoty. K odstran\u011bn\u00ed nahromad\u011bn\u00fdch ne\u010distot pou\u017eijte ko\u0161t\u011b, kart\u00e1\u010d nebo vysokotlak\u00fd \u010disti\u010d. Pokud jsou na desce skvrny od pl\u00edsn\u011b nebo rzi, o\u010dist\u011bte je p\u0159ed aplikac\u00ed p\u0159\u00edpravku. Jakmile je povrch \u010dist\u00fd, nechte jej zcela vyschnout.<\/li>\n<li><strong>Aplikace produktu <\/strong>: Hydroizola\u010dn\u00ed p\u0159\u00edpravek na desky je p\u0159ipraven k pou\u017eit\u00ed a nevy\u017eaduje \u017e\u00e1dn\u00e9 \u0159ed\u011bn\u00ed. Pro rovnom\u011brn\u00e9 pokryt\u00ed jej m\u016f\u017eete nan\u00e1\u0161et pomoc\u00ed post\u0159ikova\u010de, pro men\u0161\u00ed plochy \u0161t\u011btcem nebo v\u00e1le\u010dkem. Dbejte na to, abyste p\u0159\u00edpravek dob\u0159e rozet\u0159eli po povrchu a zapracovali ho do sp\u00e1r a prasklin pro optim\u00e1ln\u00ed ochranu. Je d\u016fle\u017eit\u00e9 nenech\u00e1vat neo\u0161et\u0159en\u00e9 z\u00f3ny.<\/li>\n<li><strong>\u010c\u00e1stka k pou\u017eit\u00ed <\/strong>: V z\u00e1vislosti na p\u00f3rovitosti desek pokryje 1 litr impregna\u010dn\u00edho prost\u0159edku na desky p\u0159ibli\u017en\u011b 6 a\u017e 8 m\u00b2. P\u011btilitrov\u00e1 n\u00e1doba o\u0161et\u0159\u00ed 30 a\u017e 40 m\u00b2. Pokud jsou va\u0161e desky obzvl\u00e1\u0161t\u011b por\u00e9zn\u00ed, m\u016f\u017ee b\u00fdt pro optim\u00e1ln\u00ed ochranu nutn\u00e9 nan\u00e9st druhou vrstvu. V takov\u00e9m p\u0159\u00edpad\u011b nezapome\u0148te dodr\u017eet dobu schnut\u00ed mezi jednotliv\u00fdmi vrstvami.<\/li>\n<li><strong>Doba su\u0161en\u00ed <\/strong>: Po nanesen\u00ed zaschne na dotek za 1 a\u017e 2 hodiny. Pro dosa\u017een\u00ed maxim\u00e1ln\u00ed \u00fa\u010dinnosti se v\u0161ak doporu\u010duje nechat jej zcela zaschnout po dobu 24 hodin p\u0159ed vystaven\u00edm povrchu vlhkosti nebo vod\u011b. T\u00edm je zaji\u0161t\u011bno, \u017ee ochrana je pln\u011b na sv\u00e9m m\u00edst\u011b a p\u0159ipravena poskytovat dlouhodob\u00e9 v\u00fdhody.<\/li>\n<li><strong>Op\u011btovn\u00e9 pod\u00e1n\u00ed \u017e\u00e1dosti <\/strong>: V z\u00e1vislosti na vystaven\u00ed pov\u011btrnostn\u00edm vliv\u016fm a b\u011b\u017en\u00e9m opot\u0159eben\u00ed m\u016f\u017ee b\u00fdt nutn\u00e9 aplikovat nov\u00fd n\u00e1t\u011br ka\u017ed\u00fdch 2 a\u017e 5 let. Za t\u00edmto \u00fa\u010delem pe\u010dliv\u011b o\u010dist\u011bte povrch a naneste novou vrstvu impregna\u010dn\u00edho prost\u0159edku podle stejn\u00fdch postup\u016f jako p\u0159i prvn\u00ed aplikaci. Opakovan\u00e1 aplikace v p\u0159\u00edpad\u011b pot\u0159eby pom\u00e1h\u00e1 udr\u017eet ochranu proti vlhkosti.<\/li>\n<li><strong>\u00dadr\u017eba o\u0161et\u0159en\u00fdch povrch\u016f <\/strong>: Po nanesen\u00ed impregna\u010dn\u00edho prost\u0159edku je \u00fadr\u017eba desek velmi snadn\u00e1. Jednodu\u0161e je o\u010dist\u011bte vlhk\u00fdm had\u0159\u00edkem nebo houbou, abyste odstranili ne\u010distoty, ani\u017e byste po\u0161kodili ochrannou vrstvu. Vyhn\u011bte se abrazivn\u00edm \u010distic\u00edm prost\u0159edk\u016fm, kter\u00e9 by mohly sn\u00ed\u017eit \u00fa\u010dinnost impregna\u010dn\u00edho prost\u0159edku.<\/li>\n<\/ul>","protected":false},"excerpt":{"rendered":"<p>Effective protection against moisture.\u00a0The slab waterproofer is specially designed to protect exterior slabs (in concrete, cement or other materials) against moisture, rain, and infiltration. This product penetrates deeply, creating an invisible barrier that prevents water from entering while allowing the surface to breathe. This treatment is essential to preserve the integrity of slabs, especially those [&hellip;]<\/p>\n","protected":false},"featured_media":35981,"comment_status":"open","ping_status":"closed","template":"","meta":{"_uag_custom_page_level_css":"","site-sidebar-layout":"default","site-content-layout":"","ast-site-content-layout":"default","site-content-style":"default","site-sidebar-style":"default","ast-global-header-display":"","ast-banner-title-visibility":"","ast-main-header-display":"","ast-hfb-above-header-display":"","ast-hfb-below-header-display":"","ast-hfb-mobile-header-display":"","site-post-title":"","ast-breadcrumbs-content":"","ast-featured-img":"","footer-sml-layout":"","ast-disable-related-posts":"","theme-transparent-header-meta":"default","adv-header-id-meta":"","stick-header-meta":"","header-above-stick-meta":"","header-main-stick-meta":"","header-below-stick-meta":"","astra-migrate-meta-layouts":"set","ast-page-background-enabled":"default","ast-page-background-meta":{"desktop":{"background-color":"var(--ast-global-color-4)","background-image":"","background-repeat":"repeat","background-position":"center center","background-size":"auto","background-attachment":"scroll","background-type":"","background-media":"","overlay-type":"","overlay-color":"","overlay-opacity":"","overlay-gradient":""},"tablet":{"background-color":"","background-image":"","background-repeat":"repeat","background-position":"center center","background-size":"auto","background-attachment":"scroll","background-type":"","background-media":"","overlay-type":"","overlay-color":"","overlay-opacity":"","overlay-gradient":""},"mobile":{"background-color":"","background-image":"","background-repeat":"repeat","background-position":"center center","background-size":"auto","background-attachment":"scroll","background-type":"","background-media":"","overlay-type":"","overlay-color":"","overlay-opacity":"","overlay-gradient":""}},"ast-content-background-meta":{"desktop":{"background-color":"var(--ast-global-color-5)","background-image":"","background-repeat":"repeat","background-position":"center center","background-size":"auto","background-attachment":"scroll","background-type":"","background-media":"","overlay-type":"","overlay-color":"","overlay-opacity":"","overlay-gradient":""},"tablet":{"background-color":"var(--ast-global-color-5)","background-image":"","background-repeat":"repeat","background-position":"center center","background-size":"auto","background-attachment":"scroll","background-type":"","background-media":"","overlay-type":"","overlay-color":"","overlay-opacity":"","overlay-gradient":""},"mobile":{"background-color":"var(--ast-global-color-5)","background-image":"","background-repeat":"repeat","background-position":"center center","background-size":"auto","background-attachment":"scroll","background-type":"","background-media":"","overlay-type":"","overlay-color":"","overlay-opacity":"","overlay-gradient":""}}},"product_brand":[],"product_cat":[191],"product_tag":[],"class_list":{"0":"post-25306","1":"product","2":"type-product","3":"status-publish","4":"has-post-thumbnail","6":"product_cat-water-repellent","7":"desktop-align-left","8":"tablet-align-left","9":"mobile-align-left","11":"first","12":"instock","13":"sale","14":"taxable","15":"shipping-taxable","16":"purchasable","17":"product-type-variable","18":"has-default-attributes"},"spectra_custom_meta":{"_visibility":["visible"],"_shopify_product_id":["9106655379701"],"_s2w_shopify_domain":["ferberpainting.myshopify.com"],"_shopify_variant_id":["46626400698613"],"_sku":[""],"_manage_stock":["no"],"total_sales":["8"],"_tax_status":["taxable"],"_tax_class":[""],"_backorders":["no"],"_sold_individually":["no"],"_virtual":["no"],"_downloadable":["no"],"_download_limit":["-1"],"_download_expiry":["-1"],"_stock":[null],"_stock_status":["instock"],"_wc_average_rating":["5.00"],"_wc_review_count":["27"],"_product_attributes":["a:1:{s:6:\"volume\";a:6:{s:4:\"name\";s:6:\"Volume\";s:5:\"value\";s:20:\"5 liters | 25 liters\";s:8:\"position\";i:1;s:10:\"is_visible\";i:0;s:12:\"is_variation\";i:1;s:11:\"is_taxonomy\";i:0;}}"],"_product_version":["10.5.1"],"wpse_downloadable_file_names":[""],"wpse_downloadable_file_urls":[""],"_edit_last":["1"],"_default_attributes":["a:1:{s:6:\"volume\";s:8:\"5 liters\";}"],"_edit_lock":["1774074564:7773"],"_price":["29.90","129.90"],"merchant-center-availability":["yes"],"merchant-center-category":["503744"],"_thumbnail_id":["35981"],"_wp_page_template":["default"],"_wp_old_date":["2025-05-26"],"_product_image_gallery":["35982"],"site-sidebar-layout":["default"],"ast-site-content-layout":["default"],"site-content-style":["default"],"site-sidebar-style":["default"],"theme-transparent-header-meta":["default"],"_wc_rating_count":["a:1:{i:5;i:27;}"],"astra-migrate-meta-layouts":["set"],"_uag_css_file_name":["uag-css-25306.css"],"_elementor_page_assets":["a:0:{}"],"_uag_page_assets":["a:9:{s:3:\"css\";s:7133:\".uag-blocks-common-selector{z-index:var(--z-index-desktop) !important}@media(max-width: 976px){.uag-blocks-common-selector{z-index:var(--z-index-tablet) !important}}@media(max-width: 767px){.uag-blocks-common-selector{z-index:var(--z-index-mobile) !important}}.wp-block-uagb-image{display:flex}.wp-block-uagb-image__figure{position:relative;display:flex;flex-direction:column;max-width:100%;height:auto;margin:0}.wp-block-uagb-image__figure img{height:auto;display:flex;max-width:100%;transition:box-shadow .2s ease}.wp-block-uagb-image__figure>a{display:inline-block}.wp-block-uagb-image__figure figcaption{text-align:center;margin-top:.5em;margin-bottom:1em}.wp-block-uagb-image .components-placeholder.block-editor-media-placeholder .components-placeholder__instructions{align-self:center}.wp-block-uagb-image--align-left{text-align:left}.wp-block-uagb-image--align-right{text-align:right}.wp-block-uagb-image--align-center{text-align:center}.wp-block-uagb-image--align-full .wp-block-uagb-image__figure{margin-left:calc(50% - 50vw);margin-right:calc(50% - 50vw);max-width:100vw;width:100vw;height:auto}.wp-block-uagb-image--align-full .wp-block-uagb-image__figure img{height:auto;width:100% !important}.wp-block-uagb-image--align-wide .wp-block-uagb-image__figure img{height:auto;width:100%}.wp-block-uagb-image--layout-overlay__color-wrapper{position:absolute;left:0;top:0;right:0;bottom:0;opacity:.2;background:rgba(0,0,0,.5);transition:opacity .35s ease-in-out}.wp-block-uagb-image--layout-overlay-link{position:absolute;left:0;right:0;bottom:0;top:0}.wp-block-uagb-image--layout-overlay .wp-block-uagb-image__figure:hover .wp-block-uagb-image--layout-overlay__color-wrapper{opacity:1}.wp-block-uagb-image--layout-overlay__inner{position:absolute;left:15px;right:15px;bottom:15px;top:15px;display:flex;align-items:center;justify-content:center;flex-direction:column;border-color:#fff;transition:.35s ease-in-out}.wp-block-uagb-image--layout-overlay__inner.top-left,.wp-block-uagb-image--layout-overlay__inner.top-center,.wp-block-uagb-image--layout-overlay__inner.top-right{justify-content:flex-start}.wp-block-uagb-image--layout-overlay__inner.bottom-left,.wp-block-uagb-image--layout-overlay__inner.bottom-center,.wp-block-uagb-image--layout-overlay__inner.bottom-right{justify-content:flex-end}.wp-block-uagb-image--layout-overlay__inner.top-left,.wp-block-uagb-image--layout-overlay__inner.center-left,.wp-block-uagb-image--layout-overlay__inner.bottom-left{align-items:flex-start}.wp-block-uagb-image--layout-overlay__inner.top-right,.wp-block-uagb-image--layout-overlay__inner.center-right,.wp-block-uagb-image--layout-overlay__inner.bottom-right{align-items:flex-end}.wp-block-uagb-image--layout-overlay__inner .uagb-image-heading{color:#fff;transition:transform .35s,opacity .35s ease-in-out;transform:translate3d(0, 24px, 0);margin:0;line-height:1em}.wp-block-uagb-image--layout-overlay__inner .uagb-image-separator{width:30%;border-top-width:2px;border-top-color:#fff;border-top-style:solid;margin-bottom:10px;opacity:0;transition:transform .4s,opacity .4s ease-in-out;transform:translate3d(0, 30px, 0)}.wp-block-uagb-image--layout-overlay__inner .uagb-image-caption{opacity:0;overflow:visible;color:#fff;transition:transform .45s,opacity .45s ease-in-out;transform:translate3d(0, 35px, 0)}.wp-block-uagb-image--layout-overlay__inner:hover .uagb-image-heading,.wp-block-uagb-image--layout-overlay__inner:hover .uagb-image-separator,.wp-block-uagb-image--layout-overlay__inner:hover .uagb-image-caption{opacity:1;transform:translate3d(0, 0, 0)}.wp-block-uagb-image--effect-zoomin .wp-block-uagb-image__figure img,.wp-block-uagb-image--effect-zoomin .wp-block-uagb-image__figure .wp-block-uagb-image--layout-overlay__color-wrapper{transform:scale(1);transition:transform .35s ease-in-out}.wp-block-uagb-image--effect-zoomin .wp-block-uagb-image__figure:hover img,.wp-block-uagb-image--effect-zoomin .wp-block-uagb-image__figure:hover .wp-block-uagb-image--layout-overlay__color-wrapper{transform:scale(1.05)}.wp-block-uagb-image--effect-slide .wp-block-uagb-image__figure img,.wp-block-uagb-image--effect-slide .wp-block-uagb-image__figure .wp-block-uagb-image--layout-overlay__color-wrapper{width:calc(100% + 40px) !important;max-width:none !important;transform:translate3d(-40px, 0, 0);transition:transform .35s ease-in-out}.wp-block-uagb-image--effect-slide .wp-block-uagb-image__figure:hover img,.wp-block-uagb-image--effect-slide .wp-block-uagb-image__figure:hover .wp-block-uagb-image--layout-overlay__color-wrapper{transform:translate3d(0, 0, 0)}.wp-block-uagb-image--effect-grayscale img{filter:grayscale(0%);transition:.35s ease-in-out}.wp-block-uagb-image--effect-grayscale:hover img{filter:grayscale(100%)}.wp-block-uagb-image--effect-blur img{filter:blur(0);transition:.35s ease-in-out}.wp-block-uagb-image--effect-blur:hover img{filter:blur(3px)}.uagb-block-e6f939b3.wp-block-uagb-image--layout-default figure img{box-shadow: 0px 0px 0 #00000070;}.uagb-block-e6f939b3.wp-block-uagb-image .wp-block-uagb-image__figure figcaption{font-style: normal;align-self: center;}.uagb-block-e6f939b3.wp-block-uagb-image--layout-overlay figure img{box-shadow: 0px 0px 0 #00000070;}.uagb-block-e6f939b3.wp-block-uagb-image--layout-overlay .wp-block-uagb-image--layout-overlay__color-wrapper{opacity: 0.2;}.uagb-block-e6f939b3.wp-block-uagb-image--layout-overlay .wp-block-uagb-image--layout-overlay__inner{left: 15px;right: 15px;top: 15px;bottom: 15px;}.uagb-block-e6f939b3.wp-block-uagb-image--layout-overlay .wp-block-uagb-image--layout-overlay__inner .uagb-image-heading{font-style: normal;color: #fff;opacity: 1;}.uagb-block-e6f939b3.wp-block-uagb-image--layout-overlay .wp-block-uagb-image--layout-overlay__inner .uagb-image-heading a{color: #fff;}.uagb-block-e6f939b3.wp-block-uagb-image--layout-overlay .wp-block-uagb-image--layout-overlay__inner .uagb-image-caption{opacity: 0;}.uagb-block-e6f939b3.wp-block-uagb-image--layout-overlay .wp-block-uagb-image__figure:hover .wp-block-uagb-image--layout-overlay__color-wrapper{opacity: 1;}.uagb-block-e6f939b3.wp-block-uagb-image .wp-block-uagb-image--layout-overlay__inner .uagb-image-separator{width: 30%;border-top-width: 2px;border-top-color: #fff;opacity: 0;}.uagb-block-e6f939b3.wp-block-uagb-image .wp-block-uagb-image__figure img{width: px;height: auto;}.uagb-block-e6f939b3.wp-block-uagb-image .wp-block-uagb-image__figure:hover .wp-block-uagb-image--layout-overlay__inner .uagb-image-caption{opacity: 1;}.uagb-block-e6f939b3.wp-block-uagb-image .wp-block-uagb-image__figure:hover .wp-block-uagb-image--layout-overlay__inner .uagb-image-separator{opacity: 1;}.uagb-block-e6f939b3.wp-block-uagb-image--layout-default figure:hover img{box-shadow: 0px 0px 0 #00000070;}.uagb-block-e6f939b3.wp-block-uagb-image--layout-overlay figure:hover img{box-shadow: 0px 0px 0 #00000070;}@media only screen and (max-width: 976px) {.uagb-block-e6f939b3.wp-block-uagb-image .wp-block-uagb-image__figure img{width: px;height: auto;}}@media only screen and (max-width: 767px) {.uagb-block-e6f939b3.wp-block-uagb-image .wp-block-uagb-image__figure img{width: px;height: auto;}}\";s:2:\"js\";s:0:\"\";s:18:\"current_block_list\";a:13:{i:0;s:11:\"core\/search\";i:1;s:10:\"core\/group\";i:2;s:12:\"core\/heading\";i:3;s:17:\"core\/latest-posts\";i:4;s:20:\"core\/latest-comments\";i:5;s:13:\"core\/archives\";i:6;s:15:\"core\/categories\";i:7;s:14:\"core\/paragraph\";i:8;s:10:\"uagb\/image\";i:9;s:11:\"core\/spacer\";i:10;s:30:\"woocommerce\/product-categories\";i:11;s:10:\"core\/image\";i:12;s:14:\"core\/shortcode\";}s:8:\"uag_flag\";b:1;s:11:\"uag_version\";s:10:\"1777259774\";s:6:\"gfonts\";a:0:{}s:10:\"gfonts_url\";s:0:\"\";s:12:\"gfonts_files\";a:0:{}s:14:\"uag_faq_layout\";b:0;}"]},"uagb_featured_image_src":{"full":["https:\/\/www.ferberpainting.com\/wp-content\/uploads\/2025\/05\/Slab-Water-Repellent-5L.png",2560,2560,false],"thumbnail":["https:\/\/www.ferberpainting.com\/wp-content\/uploads\/2025\/05\/Slab-Water-Repellent-5L-150x150.png",150,150,true],"medium":["https:\/\/www.ferberpainting.com\/wp-content\/uploads\/2025\/05\/Slab-Water-Repellent-5L-300x300.png",300,300,true],"medium_large":["https:\/\/www.ferberpainting.com\/wp-content\/uploads\/2025\/05\/Slab-Water-Repellent-5L-768x768.png",768,768,true],"large":["https:\/\/www.ferberpainting.com\/wp-content\/uploads\/2025\/05\/Slab-Water-Repellent-5L-1024x1024.png",1024,1024,true],"1536x1536":["https:\/\/www.ferberpainting.com\/wp-content\/uploads\/2025\/05\/Slab-Water-Repellent-5L-1536x1536.png",1536,1536,true],"2048x2048":["https:\/\/www.ferberpainting.com\/wp-content\/uploads\/2025\/05\/Slab-Water-Repellent-5L-2048x2048.png",2048,2048,true],"trp-custom-language-flag":["https:\/\/www.ferberpainting.com\/wp-content\/uploads\/2025\/05\/Slab-Water-Repellent-5L-12x12.png",12,12,true],"woocommerce_thumbnail":["https:\/\/www.ferberpainting.com\/wp-content\/uploads\/2025\/05\/Slab-Water-Repellent-5L-300x300.png",300,300,true],"woocommerce_single":["https:\/\/www.ferberpainting.com\/wp-content\/uploads\/2025\/05\/Slab-Water-Repellent-5L-600x600.png",600,600,true],"woocommerce_gallery_thumbnail":["https:\/\/www.ferberpainting.com\/wp-content\/uploads\/2025\/05\/Slab-Water-Repellent-5L-100x100.png",100,100,true]},"uagb_author_info":{"display_name":"admin","author_link":"https:\/\/www.ferberpainting.com\/cz\/author\/"},"uagb_comment_info":27,"uagb_excerpt":"Effective protection against moisture.\u00a0The slab waterproofer is specially designed to protect exterior slabs (in concrete, cement or other materials) against moisture, rain, and infiltration. This product penetrates deeply, creating an invisible barrier that prevents water from entering while allowing the surface to breathe. This treatment is essential to preserve the integrity of slabs, especially those&hellip;","_links":{"self":[{"href":"https:\/\/www.ferberpainting.com\/cz\/wp-json\/wp\/v2\/product\/25306","targetHints":{"allow":["GET"]}}],"collection":[{"href":"https:\/\/www.ferberpainting.com\/cz\/wp-json\/wp\/v2\/product"}],"about":[{"href":"https:\/\/www.ferberpainting.com\/cz\/wp-json\/wp\/v2\/types\/product"}],"replies":[{"embeddable":true,"href":"https:\/\/www.ferberpainting.com\/cz\/wp-json\/wp\/v2\/comments?post=25306"}],"version-history":[{"count":3,"href":"https:\/\/www.ferberpainting.com\/cz\/wp-json\/wp\/v2\/product\/25306\/revisions"}],"predecessor-version":[{"id":167294,"href":"https:\/\/www.ferberpainting.com\/cz\/wp-json\/wp\/v2\/product\/25306\/revisions\/167294"}],"wp:featuredmedia":[{"embeddable":true,"href":"https:\/\/www.ferberpainting.com\/cz\/wp-json\/wp\/v2\/media\/35981"}],"wp:attachment":[{"href":"https:\/\/www.ferberpainting.com\/cz\/wp-json\/wp\/v2\/media?parent=25306"}],"wp:term":[{"taxonomy":"product_brand","embeddable":true,"href":"https:\/\/www.ferberpainting.com\/cz\/wp-json\/wp\/v2\/product_brand?post=25306"},{"taxonomy":"product_cat","embeddable":true,"href":"https:\/\/www.ferberpainting.com\/cz\/wp-json\/wp\/v2\/product_cat?post=25306"},{"taxonomy":"product_tag","embeddable":true,"href":"https:\/\/www.ferberpainting.com\/cz\/wp-json\/wp\/v2\/product_tag?post=25306"}],"curies":[{"name":"wp","href":"https:\/\/api.w.org\/{rel}","templated":true}]}}