{"id":25302,"date":"2025-05-26T10:30:36","date_gmt":"2025-05-26T08:30:36","guid":{"rendered":"https:\/\/www.ferberpainting.com\/products\/sink-and-basin-unblocker\/"},"modified":"2026-02-16T10:47:07","modified_gmt":"2026-02-16T09:47:07","slug":"sink-and-basin-unblocker","status":"publish","type":"product","link":"https:\/\/www.ferberpainting.com\/cz\/products\/sink-and-basin-unblocker\/","title":{"rendered":"Odblokov\u00e1n\u00ed d\u0159ezu a umyvadla"},"content":{"rendered":"<p><strong><img decoding=\"async\" style=\"margin-right: 12px;\" src=\"https:\/\/www.ferberpainting.com\/wp-content\/uploads\/2026\/02\/Check.svg\" alt=\"\" width=\"18\" height=\"15\" \/>Rychl\u00e9 a \u00fa\u010dinn\u00e9 odstran\u011bn\u00ed ucpan\u00e9 dom\u00e1cnosti.<\/strong>\u00a0Tento prost\u0159edek na odblokov\u00e1n\u00ed d\u0159ez\u016f a umyvadel je speci\u00e1ln\u011b vyvinut\u00fd pro rychl\u00e9 rozpou\u0161t\u011bn\u00ed ucp\u00e1vek zp\u016fsoben\u00fdch zbytky j\u00eddla, mastnoty, m\u00fddla, vlas\u016f a dal\u0161\u00edch ne\u010distot, kter\u00e9 ucp\u00e1vaj\u00ed potrub\u00ed. P\u016fsob\u00ed do hloubky, obnovuje hladk\u00fd pr\u016ftok a zabra\u0148uje nep\u0159\u00edjemn\u00e9mu z\u00e1pachu zp\u016fsoben\u00e9mu hromad\u011bn\u00edm organick\u00fdch l\u00e1tek v odtoku.<\/p>\n<p><strong><img decoding=\"async\" style=\"margin-right: 12px;\" src=\"https:\/\/www.ferberpainting.com\/wp-content\/uploads\/2026\/02\/Check.svg\" alt=\"\" width=\"18\" height=\"15\" \/>Z\u00e1ruka vr\u00e1cen\u00ed pen\u011bz.<\/strong>\u00a0Jsme p\u0159esv\u011bd\u010deni o \u00fa\u010dinnosti na\u0161eho p\u0159\u00edpravku na odblokov\u00e1n\u00ed d\u0159ez\u016f a umyvadel, a proto nab\u00edz\u00edme z\u00e1ruku vr\u00e1cen\u00ed pen\u011bz. Pokud v\u00fdrobek po aplikaci podle doporu\u010den\u00ed nevy\u0159e\u0161\u00ed v\u00e1\u0161 probl\u00e9m, m\u016f\u017eete po\u017e\u00e1dat o vr\u00e1cen\u00ed pen\u011bz bez jak\u00fdchkoli podm\u00ednek, \u010d\u00edm\u017e si zajist\u00edte bezpe\u010dn\u00fd a bezrizikov\u00fd n\u00e1kup.<\/p>\n<p><strong><img decoding=\"async\" style=\"margin-right: 12px;\" src=\"https:\/\/www.ferberpainting.com\/wp-content\/uploads\/2026\/02\/Check.svg\" alt=\"\" width=\"18\" height=\"15\" \/>Kompatibiln\u00ed s r\u016fzn\u00fdmi typy trubek a materi\u00e1l\u016f.<\/strong>\u00a0Tento odblokova\u010d je vhodn\u00fd pro potrub\u00ed z PVC, litiny, m\u011bdi, nerezov\u00e9 oceli a betonu a umo\u017e\u0148uje pou\u017eit\u00ed ve v\u011bt\u0161in\u011b modern\u00edch i tradi\u010dn\u00edch instalac\u00ed. P\u0159i pou\u017eit\u00ed v doporu\u010den\u00fdch d\u00e1vk\u00e1ch je rovn\u011b\u017e kompatibiln\u00ed se septikem, co\u017e zaji\u0161\u0165uje optim\u00e1ln\u00ed \u00fa\u010dinnost bez po\u0161kozen\u00ed biologick\u00e9 rovnov\u00e1hy kanaliza\u010dn\u00edho syst\u00e9mu.<\/p>\n<p><strong><img decoding=\"async\" style=\"margin-right: 12px;\" src=\"https:\/\/www.ferberpainting.com\/wp-content\/uploads\/2026\/02\/Check.svg\" alt=\"\" width=\"18\" height=\"15\" \/>Ekonomick\u00e1 efektivita a optimalizovan\u00e9 d\u00e1vkov\u00e1n\u00ed.<\/strong>\u00a0D\u00edky sv\u00e9mu koncentrovan\u00e9mu slo\u017een\u00ed dok\u00e1\u017ee 1 litr p\u0159\u00edpravku vy\u010distit a\u017e 4 ucp\u00e1vky, co\u017e p\u0159edstavuje \u00fa\u010dinn\u00e9 a ekonomick\u00e9 \u0159e\u0161en\u00ed pro dlouhodobou \u00fadr\u017ebu potrub\u00ed. Tato optimalizovan\u00e1 \u00fa\u010dinnost sni\u017euje pot\u0159ebu velk\u00e9ho mno\u017estv\u00ed p\u0159\u00edpravku, prodlu\u017euje dobu jeho pou\u017e\u00edv\u00e1n\u00ed a minimalizuje n\u00e1klady na \u00fadr\u017ebu.<\/p>\n<p><strong><img decoding=\"async\" style=\"margin-right: 12px;\" src=\"https:\/\/www.ferberpainting.com\/wp-content\/uploads\/2026\/02\/Check.svg\" alt=\"\" width=\"18\" height=\"15\" \/>Bezpe\u010dn\u00fd v\u00fdrobek, kter\u00fd respektuje sanit\u00e1rn\u00ed za\u0159\u00edzen\u00ed.<\/strong>\u00a0Na rozd\u00edl od agresivn\u00edch tradi\u010dn\u00edch odblokovac\u00edch prost\u0159edk\u016f tento v\u00fdrobek nepo\u0161kozuje potrub\u00ed ani t\u011bsn\u011bn\u00ed, \u010d\u00edm\u017e zabra\u0148uje riziku koroze nebo po\u0161kozen\u00ed potrub\u00ed. Zaji\u0161\u0165uje \u00fa\u010dinn\u00e9 a z\u00e1rove\u0148 \u0161etrn\u00e9 \u010di\u0161t\u011bn\u00ed potrub\u00ed, ani\u017e by zp\u016fsoboval p\u0159ed\u010dasn\u00e9 opot\u0159eben\u00ed instalac\u00ed.<\/p>\n<p><strong><img decoding=\"async\" style=\"margin-right: 12px;\" src=\"https:\/\/www.ferberpainting.com\/wp-content\/uploads\/2026\/02\/Check.svg\" alt=\"\" width=\"18\" height=\"15\" \/>Snadn\u00e9 pou\u017eit\u00ed a okam\u017eit\u00e1 \u00fa\u010dinnost.<\/strong>\u00a0Tento odblokova\u010d je p\u0159ipraven k pou\u017eit\u00ed a nevy\u017eaduje \u017e\u00e1dnou zvl\u00e1\u0161tn\u00ed p\u0159\u00edpravu. Jednodu\u0161e jej nalijte p\u0159\u00edmo do ucpan\u00e9ho d\u0159ezu nebo umyvadla a nechte jej n\u011bkolik minut p\u016fsobit, ne\u017e jej d\u016fkladn\u011b opl\u00e1chnete. Jeho mimo\u0159\u00e1dn\u011b rychl\u00fd \u00fa\u010dinek \u00fa\u010dinn\u011b rozpust\u00ed ucpan\u00e9 potrub\u00ed b\u011bhem 15 a\u017e 30 minut, tak\u017ee nen\u00ed t\u0159eba pou\u017e\u00edvat mechanick\u00e9 metody, jako je p\u00edst nebo odtokov\u00fd had.<\/p>\n<p><strong><img decoding=\"async\" style=\"margin-right: 12px;\" src=\"https:\/\/www.ferberpainting.com\/wp-content\/uploads\/2026\/02\/Check.svg\" alt=\"\" width=\"18\" height=\"15\" \/>Dlouhodob\u00fd \u00fa\u010dinek a prevence budouc\u00edho ucp\u00e1n\u00ed.<\/strong>\u00a0Krom\u011b toho, \u017ee odstra\u0148uje st\u00e1vaj\u00edc\u00ed ucp\u00e1vky, zabra\u0148uje postupn\u00fdm rozpou\u0161t\u011bn\u00edm nahromad\u011bn\u00fdch zbytk\u016f vzniku nov\u00fdch ucp\u00e1vek. Pravideln\u00e9 pou\u017e\u00edv\u00e1n\u00ed pom\u00e1h\u00e1 sni\u017eovat v\u00fdskyt nov\u00fdch ucp\u00e1vek a zaji\u0161\u0165uje optim\u00e1ln\u00ed dlouhodobou funkci potrub\u00ed.<\/p>\n<p><strong><img decoding=\"async\" style=\"margin-right: 12px;\" src=\"https:\/\/www.ferberpainting.com\/wp-content\/uploads\/2026\/02\/Check.svg\" alt=\"\" width=\"18\" height=\"15\" \/>Okam\u017eit\u00e1 akce pro rychl\u00e9 obnoven\u00ed pohodl\u00ed.<\/strong>\u00a0Po aplikaci za\u010dne tento odblokovac\u00ed prost\u0159edek rozpou\u0161t\u011bt usazeniny zp\u016fsobuj\u00edc\u00ed ucp\u00e1n\u00ed a umo\u017en\u00ed plynul\u00fd odtok bez stagnace vody. Po jednoduch\u00e9m opl\u00e1chnut\u00ed se d\u0159ez nebo umyvadlo vr\u00e1t\u00ed k norm\u00e1ln\u00edmu pou\u017e\u00edv\u00e1n\u00ed, bez nep\u0159\u00edjemn\u00e9ho z\u00e1pachu a stojat\u00e9 vody.<\/p>\n<h2><strong>Protokol o pou\u017eit\u00ed<\/strong><\/h2>\n<ul>\n<li><strong>P\u0159\u00edprava potrub\u00ed <\/strong>: P\u0159ed aplikac\u00ed zkontrolujte, zda je stagnuj\u00edc\u00ed voda co nejv\u00edce omezena, aby se maximalizovala \u00fa\u010dinnost p\u0159\u00edpravku. V p\u0159\u00edpad\u011b pot\u0159eby ru\u010dn\u011b odstra\u0148te viditeln\u00e9 ne\u010distoty, jako jsou chom\u00e1\u010de vlas\u016f nebo mastnota.<\/li>\n<li><strong>Doporu\u010den\u00e9 d\u00e1vkov\u00e1n\u00ed <\/strong>: K o\u0161et\u0159en\u00ed ucpan\u00e9ho odtoku nalijte 250 ml p\u0159\u00edpravku p\u0159\u00edmo do ucpan\u00e9ho odtoku. 1 litr dok\u00e1\u017ee vy\u010distit a\u017e 4 ucp\u00e1vky. P\u0159i z\u00e1va\u017en\u011bj\u0161\u00edm ucp\u00e1n\u00ed m\u016f\u017ee b\u00fdt po prvn\u00edm z\u00e1sahu nutn\u00e1 druh\u00e1 aplikace.<\/li>\n<li><strong>Pou\u017eit\u00ed odblokova\u010de <\/strong>: Pomalu vlijte p\u0159\u00edpravek do odtoku a nep\u0159il\u00e9vejte ihned vodu, abyste umo\u017enili optim\u00e1ln\u00ed p\u016fsoben\u00ed.<\/li>\n<li><strong>\u010cas akce <\/strong>: V z\u00e1vislosti na z\u00e1va\u017enosti ucp\u00e1n\u00ed nechte p\u016fsobit 15 a\u017e 30 minut. U obzvl\u00e1\u0161t\u011b odoln\u00fdch ucp\u00e1vek jej nechte p\u0159ed opl\u00e1chnut\u00edm p\u016fsobit a\u017e 1 hodinu.<\/li>\n<li><strong>Oplachov\u00e1n\u00ed a ov\u011b\u0159ov\u00e1n\u00ed pr\u016ftoku <\/strong>: Po uplynut\u00ed \u010dekac\u00ed doby d\u016fkladn\u011b opl\u00e1chn\u011bte horkou vodou, abyste odstranili rozpu\u0161t\u011bn\u00e9 zbytky a zajistili optim\u00e1ln\u00ed pr\u016ftok. V p\u0159\u00edpad\u011b pot\u0159eby proces opakujte u p\u0159etrv\u00e1vaj\u00edc\u00edch ucp\u00e1n\u00ed.<\/li>\n<li><strong>Preventivn\u00ed \u00fadr\u017eba <\/strong>: Abyste zabr\u00e1nili nov\u00e9mu ucp\u00e1n\u00ed, pou\u017e\u00edvejte jednou m\u011bs\u00ed\u010dn\u011b mal\u00e9 mno\u017estv\u00ed p\u0159\u00edpravku, kter\u00fd postupn\u011b rozpou\u0161t\u00ed usazeniny a udr\u017euje spr\u00e1vnou funkci potrub\u00ed.<\/li>\n<li><strong>Bezpe\u010dnostn\u00ed opat\u0159en\u00ed pro pou\u017eit\u00ed <\/strong>: Nem\u00edchejte s jin\u00fdmi chemick\u00fdmi p\u0159\u00edpravky, zejm\u00e9na s odblokovac\u00edmi prost\u0159edky obsahuj\u00edc\u00edmi sodu kaustickou nebo kyselinu s\u00edrovou. Zabra\u0148te kontaktu s k\u016f\u017e\u00ed a o\u010dima. V p\u0159\u00edpad\u011b n\u00e1hodn\u00e9ho kontaktu okam\u017eit\u011b opl\u00e1chn\u011bte \u010distou vodou a v p\u0159\u00edpad\u011b pot\u0159eby vyhledejte l\u00e9ka\u0159skou pomoc.<\/li>\n<li><strong>Skladov\u00e1n\u00ed a konzervace <\/strong>: V\u00fdrobek skladujte na such\u00e9m a m\u00edrn\u00e9m m\u00edst\u011b, mimo dosah sv\u011btla a d\u011bt\u00ed. Po pou\u017eit\u00ed lahvi\u010dku v\u017edy pevn\u011b uzav\u0159ete, aby nedo\u0161lo k odpa\u0159en\u00ed nebo zm\u011bn\u011b roztoku.<\/li>\n<\/ul>\n<p>Pomoc\u00ed tohoto odblokova\u010de d\u0159ez\u016f a umyvadel m\u016f\u017eete rychle a \u00fa\u010dinn\u011b odstranit ucp\u00e1n\u00ed a z\u00e1rove\u0148 zajistit optim\u00e1ln\u00ed \u00fadr\u017ebu sanit\u00e1rn\u00edch za\u0159\u00edzen\u00ed. Vychutnejte si dlouhotrvaj\u00edc\u00ed komfort d\u00edky zachov\u00e1n\u00ed plynul\u00e9ho pr\u016ftoku vody a p\u0159edch\u00e1zen\u00ed probl\u00e9m\u016fm s ucp\u00e1v\u00e1n\u00edm.<\/p>","protected":false},"excerpt":{"rendered":"<p>Fast and effective removal of household clogs.\u00a0This sink and washbasin unblocker is specially formulated to quickly dissolve clogs caused by food residues, grease, soap, hair, and other impurities that obstruct pipes. It works deeply to restore a smooth flow and prevent bad odors caused by the accumulation of organic matter in the drains. Money-back guarantee.\u00a0We [&hellip;]<\/p>\n","protected":false},"featured_media":27180,"comment_status":"open","ping_status":"closed","template":"","meta":{"_uag_custom_page_level_css":"","site-sidebar-layout":"default","site-content-layout":"","ast-site-content-layout":"default","site-content-style":"default","site-sidebar-style":"default","ast-global-header-display":"","ast-banner-title-visibility":"","ast-main-header-display":"","ast-hfb-above-header-display":"","ast-hfb-below-header-display":"","ast-hfb-mobile-header-display":"","site-post-title":"","ast-breadcrumbs-content":"","ast-featured-img":"","footer-sml-layout":"","ast-disable-related-posts":"","theme-transparent-header-meta":"default","adv-header-id-meta":"","stick-header-meta":"","header-above-stick-meta":"","header-main-stick-meta":"","header-below-stick-meta":"","astra-migrate-meta-layouts":"set","ast-page-background-enabled":"default","ast-page-background-meta":{"desktop":{"background-color":"var(--ast-global-color-4)","background-image":"","background-repeat":"repeat","background-position":"center center","background-size":"auto","background-attachment":"scroll","background-type":"","background-media":"","overlay-type":"","overlay-color":"","overlay-opacity":"","overlay-gradient":""},"tablet":{"background-color":"","background-image":"","background-repeat":"repeat","background-position":"center center","background-size":"auto","background-attachment":"scroll","background-type":"","background-media":"","overlay-type":"","overlay-color":"","overlay-opacity":"","overlay-gradient":""},"mobile":{"background-color":"","background-image":"","background-repeat":"repeat","background-position":"center center","background-size":"auto","background-attachment":"scroll","background-type":"","background-media":"","overlay-type":"","overlay-color":"","overlay-opacity":"","overlay-gradient":""}},"ast-content-background-meta":{"desktop":{"background-color":"var(--ast-global-color-5)","background-image":"","background-repeat":"repeat","background-position":"center center","background-size":"auto","background-attachment":"scroll","background-type":"","background-media":"","overlay-type":"","overlay-color":"","overlay-opacity":"","overlay-gradient":""},"tablet":{"background-color":"var(--ast-global-color-5)","background-image":"","background-repeat":"repeat","background-position":"center center","background-size":"auto","background-attachment":"scroll","background-type":"","background-media":"","overlay-type":"","overlay-color":"","overlay-opacity":"","overlay-gradient":""},"mobile":{"background-color":"var(--ast-global-color-5)","background-image":"","background-repeat":"repeat","background-position":"center center","background-size":"auto","background-attachment":"scroll","background-type":"","background-media":"","overlay-type":"","overlay-color":"","overlay-opacity":"","overlay-gradient":""}}},"product_brand":[],"product_cat":[175],"product_tag":[],"class_list":{"0":"post-25302","1":"product","2":"type-product","3":"status-publish","4":"has-post-thumbnail","6":"product_cat-cleaning-products","7":"desktop-align-left","8":"tablet-align-left","9":"mobile-align-left","11":"first","12":"instock","13":"sale","14":"taxable","15":"shipping-taxable","16":"purchasable","17":"product-type-variable","18":"has-default-attributes"},"spectra_custom_meta":{"_visibility":["visible"],"_shopify_product_id":["9062247071989"],"_s2w_shopify_domain":["ferberpainting.myshopify.com"],"_shopify_variant_id":["46488605524213"],"_sku":[""],"_manage_stock":["no"],"total_sales":["3"],"_tax_status":["taxable"],"_tax_class":[""],"_backorders":["no"],"_sold_individually":["no"],"_virtual":["no"],"_downloadable":["no"],"_download_limit":["-1"],"_download_expiry":["-1"],"_stock":[null],"_stock_status":["instock"],"_wc_average_rating":["4.71"],"_wc_review_count":["7"],"_product_attributes":["a:1:{s:6:\"volume\";a:6:{s:4:\"name\";s:6:\"Volume\";s:5:\"value\";s:20:\"5 liters | 25 liters\";s:8:\"position\";i:1;s:10:\"is_visible\";i:0;s:12:\"is_variation\";i:1;s:11:\"is_taxonomy\";i:0;}}"],"_product_version":["10.5.1"],"_thumbnail_id":["27180"],"_product_image_gallery":["27181"],"wpse_downloadable_file_names":[""],"wpse_downloadable_file_urls":[""],"_edit_last":["1"],"_default_attributes":["a:1:{s:6:\"volume\";s:8:\"5 liters\";}"],"_edit_lock":["1771235089:1"],"_price":["29.90","129.90"],"merchant-center-availability":["yes"],"merchant-center-category":["1749"],"_wp_page_template":["default"],"site-sidebar-layout":["default"],"ast-site-content-layout":["default"],"site-content-style":["default"],"site-sidebar-style":["default"],"theme-transparent-header-meta":["default"],"_wc_rating_count":["a:2:{i:4;i:2;i:5;i:5;}"],"astra-migrate-meta-layouts":["set"],"_uag_css_file_name":["uag-css-25302.css"],"_elementor_page_assets":["a:0:{}"],"_uag_page_assets":["a:9:{s:3:\"css\";s:6873:\".wp-block-uagb-image{display:flex}.wp-block-uagb-image__figure{position:relative;display:flex;flex-direction:column;max-width:100%;height:auto;margin:0}.wp-block-uagb-image__figure img{height:auto;display:flex;max-width:100%;transition:box-shadow .2s ease}.wp-block-uagb-image__figure>a{display:inline-block}.wp-block-uagb-image__figure figcaption{text-align:center;margin-top:.5em;margin-bottom:1em}.wp-block-uagb-image .components-placeholder.block-editor-media-placeholder .components-placeholder__instructions{align-self:center}.wp-block-uagb-image--align-left{text-align:left}.wp-block-uagb-image--align-right{text-align:right}.wp-block-uagb-image--align-center{text-align:center}.wp-block-uagb-image--align-full .wp-block-uagb-image__figure{margin-left:calc(50% - 50vw);margin-right:calc(50% - 50vw);max-width:100vw;width:100vw;height:auto}.wp-block-uagb-image--align-full .wp-block-uagb-image__figure img{height:auto;width:100% !important}.wp-block-uagb-image--align-wide .wp-block-uagb-image__figure img{height:auto;width:100%}.wp-block-uagb-image--layout-overlay__color-wrapper{position:absolute;left:0;top:0;right:0;bottom:0;opacity:.2;background:rgba(0,0,0,.5);transition:opacity .35s ease-in-out}.wp-block-uagb-image--layout-overlay-link{position:absolute;left:0;right:0;bottom:0;top:0}.wp-block-uagb-image--layout-overlay .wp-block-uagb-image__figure:hover .wp-block-uagb-image--layout-overlay__color-wrapper{opacity:1}.wp-block-uagb-image--layout-overlay__inner{position:absolute;left:15px;right:15px;bottom:15px;top:15px;display:flex;align-items:center;justify-content:center;flex-direction:column;border-color:#fff;transition:.35s ease-in-out}.wp-block-uagb-image--layout-overlay__inner.top-left,.wp-block-uagb-image--layout-overlay__inner.top-center,.wp-block-uagb-image--layout-overlay__inner.top-right{justify-content:flex-start}.wp-block-uagb-image--layout-overlay__inner.bottom-left,.wp-block-uagb-image--layout-overlay__inner.bottom-center,.wp-block-uagb-image--layout-overlay__inner.bottom-right{justify-content:flex-end}.wp-block-uagb-image--layout-overlay__inner.top-left,.wp-block-uagb-image--layout-overlay__inner.center-left,.wp-block-uagb-image--layout-overlay__inner.bottom-left{align-items:flex-start}.wp-block-uagb-image--layout-overlay__inner.top-right,.wp-block-uagb-image--layout-overlay__inner.center-right,.wp-block-uagb-image--layout-overlay__inner.bottom-right{align-items:flex-end}.wp-block-uagb-image--layout-overlay__inner .uagb-image-heading{color:#fff;transition:transform .35s,opacity .35s ease-in-out;transform:translate3d(0, 24px, 0);margin:0;line-height:1em}.wp-block-uagb-image--layout-overlay__inner .uagb-image-separator{width:30%;border-top-width:2px;border-top-color:#fff;border-top-style:solid;margin-bottom:10px;opacity:0;transition:transform .4s,opacity .4s ease-in-out;transform:translate3d(0, 30px, 0)}.wp-block-uagb-image--layout-overlay__inner .uagb-image-caption{opacity:0;overflow:visible;color:#fff;transition:transform .45s,opacity .45s ease-in-out;transform:translate3d(0, 35px, 0)}.wp-block-uagb-image--layout-overlay__inner:hover .uagb-image-heading,.wp-block-uagb-image--layout-overlay__inner:hover .uagb-image-separator,.wp-block-uagb-image--layout-overlay__inner:hover .uagb-image-caption{opacity:1;transform:translate3d(0, 0, 0)}.wp-block-uagb-image--effect-zoomin .wp-block-uagb-image__figure img,.wp-block-uagb-image--effect-zoomin .wp-block-uagb-image__figure .wp-block-uagb-image--layout-overlay__color-wrapper{transform:scale(1);transition:transform .35s ease-in-out}.wp-block-uagb-image--effect-zoomin .wp-block-uagb-image__figure:hover img,.wp-block-uagb-image--effect-zoomin .wp-block-uagb-image__figure:hover .wp-block-uagb-image--layout-overlay__color-wrapper{transform:scale(1.05)}.wp-block-uagb-image--effect-slide .wp-block-uagb-image__figure img,.wp-block-uagb-image--effect-slide .wp-block-uagb-image__figure .wp-block-uagb-image--layout-overlay__color-wrapper{width:calc(100% + 40px) !important;max-width:none !important;transform:translate3d(-40px, 0, 0);transition:transform .35s ease-in-out}.wp-block-uagb-image--effect-slide .wp-block-uagb-image__figure:hover img,.wp-block-uagb-image--effect-slide .wp-block-uagb-image__figure:hover .wp-block-uagb-image--layout-overlay__color-wrapper{transform:translate3d(0, 0, 0)}.wp-block-uagb-image--effect-grayscale img{filter:grayscale(0%);transition:.35s ease-in-out}.wp-block-uagb-image--effect-grayscale:hover img{filter:grayscale(100%)}.wp-block-uagb-image--effect-blur img{filter:blur(0);transition:.35s ease-in-out}.wp-block-uagb-image--effect-blur:hover img{filter:blur(3px)}.uagb-block-e6f939b3.wp-block-uagb-image--layout-default figure img{box-shadow: 0px 0px 0 #00000070;}.uagb-block-e6f939b3.wp-block-uagb-image .wp-block-uagb-image__figure figcaption{font-style: normal;align-self: center;}.uagb-block-e6f939b3.wp-block-uagb-image--layout-overlay figure img{box-shadow: 0px 0px 0 #00000070;}.uagb-block-e6f939b3.wp-block-uagb-image--layout-overlay .wp-block-uagb-image--layout-overlay__color-wrapper{opacity: 0.2;}.uagb-block-e6f939b3.wp-block-uagb-image--layout-overlay .wp-block-uagb-image--layout-overlay__inner{left: 15px;right: 15px;top: 15px;bottom: 15px;}.uagb-block-e6f939b3.wp-block-uagb-image--layout-overlay .wp-block-uagb-image--layout-overlay__inner .uagb-image-heading{font-style: normal;color: #fff;opacity: 1;}.uagb-block-e6f939b3.wp-block-uagb-image--layout-overlay .wp-block-uagb-image--layout-overlay__inner .uagb-image-heading a{color: #fff;}.uagb-block-e6f939b3.wp-block-uagb-image--layout-overlay .wp-block-uagb-image--layout-overlay__inner .uagb-image-caption{opacity: 0;}.uagb-block-e6f939b3.wp-block-uagb-image--layout-overlay .wp-block-uagb-image__figure:hover .wp-block-uagb-image--layout-overlay__color-wrapper{opacity: 1;}.uagb-block-e6f939b3.wp-block-uagb-image .wp-block-uagb-image--layout-overlay__inner .uagb-image-separator{width: 30%;border-top-width: 2px;border-top-color: #fff;opacity: 0;}.uagb-block-e6f939b3.wp-block-uagb-image .wp-block-uagb-image__figure img{width: px;height: auto;}.uagb-block-e6f939b3.wp-block-uagb-image .wp-block-uagb-image__figure:hover .wp-block-uagb-image--layout-overlay__inner .uagb-image-caption{opacity: 1;}.uagb-block-e6f939b3.wp-block-uagb-image .wp-block-uagb-image__figure:hover .wp-block-uagb-image--layout-overlay__inner .uagb-image-separator{opacity: 1;}.uagb-block-e6f939b3.wp-block-uagb-image--layout-default figure:hover img{box-shadow: 0px 0px 0 #00000070;}.uagb-block-e6f939b3.wp-block-uagb-image--layout-overlay figure:hover img{box-shadow: 0px 0px 0 #00000070;}@media only screen and (max-width: 976px) {.uagb-block-e6f939b3.wp-block-uagb-image .wp-block-uagb-image__figure img{width: px;height: auto;}}@media only screen and (max-width: 767px) {.uagb-block-e6f939b3.wp-block-uagb-image .wp-block-uagb-image__figure img{width: px;height: auto;}}\";s:2:\"js\";s:0:\"\";s:18:\"current_block_list\";a:13:{i:0;s:11:\"core\/search\";i:1;s:10:\"core\/group\";i:2;s:12:\"core\/heading\";i:3;s:17:\"core\/latest-posts\";i:4;s:20:\"core\/latest-comments\";i:5;s:13:\"core\/archives\";i:6;s:15:\"core\/categories\";i:7;s:14:\"core\/paragraph\";i:8;s:10:\"uagb\/image\";i:9;s:11:\"core\/spacer\";i:10;s:30:\"woocommerce\/product-categories\";i:11;s:10:\"core\/image\";i:12;s:14:\"core\/shortcode\";}s:8:\"uag_flag\";b:1;s:11:\"uag_version\";s:10:\"1777235755\";s:6:\"gfonts\";a:0:{}s:10:\"gfonts_url\";s:0:\"\";s:12:\"gfonts_files\";a:0:{}s:14:\"uag_faq_layout\";b:0;}"]},"uagb_featured_image_src":{"full":["https:\/\/www.ferberpainting.com\/wp-content\/uploads\/2025\/05\/SinkandBasinUnblocker5L.png",2560,2560,false],"thumbnail":["https:\/\/www.ferberpainting.com\/wp-content\/uploads\/2025\/05\/SinkandBasinUnblocker5L-150x150.png",150,150,true],"medium":["https:\/\/www.ferberpainting.com\/wp-content\/uploads\/2025\/05\/SinkandBasinUnblocker5L-300x300.png",300,300,true],"medium_large":["https:\/\/www.ferberpainting.com\/wp-content\/uploads\/2025\/05\/SinkandBasinUnblocker5L-768x768.png",768,768,true],"large":["https:\/\/www.ferberpainting.com\/wp-content\/uploads\/2025\/05\/SinkandBasinUnblocker5L-1024x1024.png",1024,1024,true],"1536x1536":["https:\/\/www.ferberpainting.com\/wp-content\/uploads\/2025\/05\/SinkandBasinUnblocker5L-1536x1536.png",1536,1536,true],"2048x2048":["https:\/\/www.ferberpainting.com\/wp-content\/uploads\/2025\/05\/SinkandBasinUnblocker5L-2048x2048.png",2048,2048,true],"trp-custom-language-flag":["https:\/\/www.ferberpainting.com\/wp-content\/uploads\/2025\/05\/SinkandBasinUnblocker5L-12x12.png",12,12,true],"woocommerce_thumbnail":["https:\/\/www.ferberpainting.com\/wp-content\/uploads\/2025\/05\/SinkandBasinUnblocker5L-300x300.png",300,300,true],"woocommerce_single":["https:\/\/www.ferberpainting.com\/wp-content\/uploads\/2025\/05\/SinkandBasinUnblocker5L-600x600.png",600,600,true],"woocommerce_gallery_thumbnail":["https:\/\/www.ferberpainting.com\/wp-content\/uploads\/2025\/05\/SinkandBasinUnblocker5L-100x100.png",100,100,true]},"uagb_author_info":{"display_name":"admin","author_link":"https:\/\/www.ferberpainting.com\/cz\/author\/"},"uagb_comment_info":7,"uagb_excerpt":"Fast and effective removal of household clogs.\u00a0This sink and washbasin unblocker is specially formulated to quickly dissolve clogs caused by food residues, grease, soap, hair, and other impurities that obstruct pipes. It works deeply to restore a smooth flow and prevent bad odors caused by the accumulation of organic matter in the drains. Money-back guarantee.\u00a0We&hellip;","_links":{"self":[{"href":"https:\/\/www.ferberpainting.com\/cz\/wp-json\/wp\/v2\/product\/25302","targetHints":{"allow":["GET"]}}],"collection":[{"href":"https:\/\/www.ferberpainting.com\/cz\/wp-json\/wp\/v2\/product"}],"about":[{"href":"https:\/\/www.ferberpainting.com\/cz\/wp-json\/wp\/v2\/types\/product"}],"replies":[{"embeddable":true,"href":"https:\/\/www.ferberpainting.com\/cz\/wp-json\/wp\/v2\/comments?post=25302"}],"version-history":[{"count":3,"href":"https:\/\/www.ferberpainting.com\/cz\/wp-json\/wp\/v2\/product\/25302\/revisions"}],"predecessor-version":[{"id":167291,"href":"https:\/\/www.ferberpainting.com\/cz\/wp-json\/wp\/v2\/product\/25302\/revisions\/167291"}],"wp:featuredmedia":[{"embeddable":true,"href":"https:\/\/www.ferberpainting.com\/cz\/wp-json\/wp\/v2\/media\/27180"}],"wp:attachment":[{"href":"https:\/\/www.ferberpainting.com\/cz\/wp-json\/wp\/v2\/media?parent=25302"}],"wp:term":[{"taxonomy":"product_brand","embeddable":true,"href":"https:\/\/www.ferberpainting.com\/cz\/wp-json\/wp\/v2\/product_brand?post=25302"},{"taxonomy":"product_cat","embeddable":true,"href":"https:\/\/www.ferberpainting.com\/cz\/wp-json\/wp\/v2\/product_cat?post=25302"},{"taxonomy":"product_tag","embeddable":true,"href":"https:\/\/www.ferberpainting.com\/cz\/wp-json\/wp\/v2\/product_tag?post=25302"}],"curies":[{"name":"wp","href":"https:\/\/api.w.org\/{rel}","templated":true}]}}