{"id":25299,"date":"2025-05-26T10:30:35","date_gmt":"2025-05-26T08:30:35","guid":{"rendered":"https:\/\/www.ferberpainting.com\/products\/silver-cleaner\/"},"modified":"2026-02-16T10:45:08","modified_gmt":"2026-02-16T09:45:08","slug":"silver-cleaner","status":"publish","type":"product","link":"https:\/\/www.ferberpainting.com\/cz\/products\/silver-cleaner\/","title":{"rendered":"\u010cisti\u010d st\u0159\u00edbra"},"content":{"rendered":"<p><strong><img decoding=\"async\" style=\"margin-right: 12px;\" src=\"https:\/\/www.ferberpainting.com\/wp-content\/uploads\/2026\/02\/Check.svg\" alt=\"\" width=\"18\" height=\"15\" \/>Okam\u017eit\u011b obnovuje lesk a t\u0159pyt st\u0159\u00edbra.<\/strong> N\u00e1\u0161 \u010disti\u010d na st\u0159\u00edbro je speci\u00e1ln\u011b vyvinut\u00fd pro rychl\u00e9 a \u00fa\u010dinn\u00e9 odstran\u011bn\u00ed za\u0161l\u00e9ho lesku, oxidace a matnosti st\u0159\u00edbrn\u00fdch povrch\u016f. Obnovuje p\u016fvodn\u00ed lesk \u0161perk\u016f, p\u0159\u00edbor\u016f, dekorativn\u00edch p\u0159edm\u011bt\u016f a st\u0159\u00edbra, ani\u017e by po\u0161kodil jemn\u00e9 detaily.<\/p>\n<p><strong><img decoding=\"async\" style=\"margin-right: 12px;\" src=\"https:\/\/www.ferberpainting.com\/wp-content\/uploads\/2026\/02\/Check.svg\" alt=\"\" width=\"18\" height=\"15\" \/>Nej\u00fa\u010dinn\u011bj\u0161\u00ed roztok na \u010di\u0161t\u011bn\u00ed st\u0159\u00edbra na trhu.<\/strong> D\u00edky sv\u00e9mu pokro\u010dil\u00e9mu aktivn\u00edmu slo\u017een\u00ed pronik\u00e1 tento p\u0159\u00edpravek do vrstev dehtu a rozpou\u0161t\u00ed oxidaci u zdroje. Obnovuje z\u00e1\u0159ivost do hloubky, nikoli pouze le\u0161t\u00ed povrch, \u010d\u00edm\u017e zaji\u0161\u0165uje dlouhotrvaj\u00edc\u00ed v\u00fdsledky.<\/p>\n<p><strong><img decoding=\"async\" style=\"margin-right: 12px;\" src=\"https:\/\/www.ferberpainting.com\/wp-content\/uploads\/2026\/02\/Check.svg\" alt=\"\" width=\"18\" height=\"15\" \/>Bezkonkuren\u010dn\u00ed cena.<\/strong> Profesion\u00e1ln\u00ed slu\u017eby \u010di\u0161t\u011bn\u00ed st\u0159\u00edbra a pr\u00e9miov\u00e9 produkty mohou b\u00fdt drah\u00e9. Nab\u00edz\u00edme profesion\u00e1ln\u00ed v\u00fdkon za nejp\u0159\u00edzniv\u011bj\u0161\u00ed dostupnou cenu a poskytujeme v\u00fdjime\u010dn\u00e9 v\u00fdsledky za p\u0159ijatelnou cenu.<\/p>\n<p><strong><img decoding=\"async\" style=\"margin-right: 12px;\" src=\"https:\/\/www.ferberpainting.com\/wp-content\/uploads\/2026\/02\/Check.svg\" alt=\"\" width=\"18\" height=\"15\" \/>Z\u00e1ruka vr\u00e1cen\u00ed pen\u011bz pro naprostou jistotu.<\/strong> Jsme si jisti v\u00fdkonnost\u00ed na\u0161eho \u010disti\u010de st\u0159\u00edbra. Pokud nebudete s v\u00fdsledky pln\u011b spokojeni, nab\u00edz\u00edme z\u00e1ruku vr\u00e1cen\u00ed pen\u011bz. Jednodu\u0161e n\u00e1s kontaktujte a my v\u00e1m vr\u00e1t\u00edme pen\u00edze za n\u00e1kup.<\/p>\n<p><strong><img decoding=\"async\" style=\"margin-right: 12px;\" src=\"https:\/\/www.ferberpainting.com\/wp-content\/uploads\/2026\/02\/Check.svg\" alt=\"\" width=\"18\" height=\"15\" \/>Rychl\u00e9 dod\u00e1n\u00ed do 24 hodin pro okam\u017eit\u00e9 v\u00fdsledky.<\/strong> St\u0159\u00edbrn\u00e9 p\u0159edm\u011bty v\u00e1m v\u017edy doru\u010d\u00edme do 24 hodin, abyste je mohli rychle obnovit, a\u0165 u\u017e pro ka\u017edodenn\u00ed pou\u017eit\u00ed, zvl\u00e1\u0161tn\u00ed p\u0159\u00edle\u017eitosti nebo dal\u0161\u00ed prodej.<\/p>\n<p><strong><img decoding=\"async\" style=\"margin-right: 12px;\" src=\"https:\/\/www.ferberpainting.com\/wp-content\/uploads\/2026\/02\/Check.svg\" alt=\"\" width=\"18\" height=\"15\" \/>Bezpe\u010dn\u00e9 a \u0161etrn\u00e9 k choulostiv\u00fdm povrch\u016fm.<\/strong> Na\u0161e slo\u017een\u00ed je navr\u017eeno tak, aby \u00fa\u010dinn\u011b \u010distilo, ani\u017e by po\u0161kr\u00e1balo nebo po\u0161kodilo st\u0159\u00edbrn\u00e9 povrchy. Je \u0161etrn\u00fd k jemn\u00fdm rytin\u00e1m, slo\u017eit\u00fdm vzor\u016fm a k\u0159ehk\u00fdm \u0161perk\u016fm.<\/p>\n<p><strong><img decoding=\"async\" style=\"margin-right: 12px;\" src=\"https:\/\/www.ferberpainting.com\/wp-content\/uploads\/2026\/02\/Check.svg\" alt=\"\" width=\"18\" height=\"15\" \/>Vhodn\u00e9 pro v\u00edce st\u0159\u00edbrn\u00fdch p\u0159edm\u011bt\u016f.<\/strong> Ide\u00e1ln\u00ed na prsteny, n\u00e1hrdeln\u00edky, n\u00e1ramky, n\u00e1u\u0161nice, st\u0159\u00edbrn\u00e9 p\u0159\u00edbory, podnosy, sv\u00edcny, mince a dekorativn\u00ed p\u0159edm\u011bty.<\/p>\n<p><strong><img decoding=\"async\" style=\"margin-right: 12px;\" src=\"https:\/\/www.ferberpainting.com\/wp-content\/uploads\/2026\/02\/Check.svg\" alt=\"\" width=\"18\" height=\"15\" \/>Odstra\u0148uje oxidaci a \u010dern\u00fd dehet.<\/strong> St\u0159\u00edbro p\u0159irozen\u011b reaguje se slou\u010deninami s\u00edry na vzduchu a vytv\u00e1\u0159\u00ed tmav\u00fd dehet. N\u00e1\u0161 \u010distic\u00ed prost\u0159edek tyto skvrny odstra\u0148uje a obnovuje p\u0159irozen\u00fd kovov\u00fd lesk.<\/p>\n<p><strong><img decoding=\"async\" style=\"margin-right: 12px;\" src=\"https:\/\/www.ferberpainting.com\/wp-content\/uploads\/2026\/02\/Check.svg\" alt=\"\" width=\"18\" height=\"15\" \/>Snadn\u00e1 aplikace s rychl\u00fdm \u00fa\u010dinkem.<\/strong> Produkt funguje rychle a vy\u017eaduje minim\u00e1ln\u00ed \u00fasil\u00ed. Dehet se za\u010dne rozpou\u0161t\u011bt kr\u00e1tce po aplikaci, co\u017e sni\u017euje pot\u0159ebu intenzivn\u00edho le\u0161t\u011bn\u00ed.<\/p>\n<p><strong><img decoding=\"async\" style=\"margin-right: 12px;\" src=\"https:\/\/www.ferberpainting.com\/wp-content\/uploads\/2026\/02\/Check.svg\" alt=\"\" width=\"18\" height=\"15\" \/>Dlouhotrvaj\u00edc\u00ed lesk a ochrana.<\/strong> Po vy\u010di\u0161t\u011bn\u00ed z\u00edsk\u00e1v\u00e1 povrch p\u0159i spr\u00e1vn\u00e9 \u00fadr\u017eb\u011b op\u011bt jas a zv\u00fd\u0161enou odolnost proti budouc\u00ed oxidaci.<\/p>\n<h2><strong>Pokyny<\/strong><\/h2>\n<ul>\n<li>P\u0159ed \u010di\u0161t\u011bn\u00edm se ujist\u011bte, \u017ee na st\u0159\u00edbrn\u00e9m p\u0159edm\u011btu nen\u00ed voln\u00fd prach nebo ne\u010distoty.<\/li>\n<li>P\u0159ed pou\u017eit\u00edm lahvi\u010dku d\u016fkladn\u011b prot\u0159epejte, aby byla zaji\u0161t\u011bna stejnom\u011brn\u00e1 konzistence.<\/li>\n<li>Naneste mal\u00e9 mno\u017estv\u00ed \u010distic\u00edho prost\u0159edku na st\u0159\u00edbro na m\u011bkk\u00fd, \u010dist\u00fd had\u0159\u00edk nebo p\u0159\u00edpadn\u011b p\u0159\u00edmo na st\u0159\u00edbrn\u00fd povrch.<\/li>\n<li>Jemn\u011b ot\u00edrejte povrch krou\u017eiv\u00fdmi pohyby a v\u011bnujte zvl\u00e1\u0161tn\u00ed pozornost za\u0161l\u00fdm nebo zoxidovan\u00fdm m\u00edst\u016fm.<\/li>\n<li>Nechte p\u0159\u00edpravek kr\u00e1tce p\u016fsobit, obvykle 1 a\u017e 3 minuty, v z\u00e1vislosti na stupni zne\u010di\u0161t\u011bn\u00ed.<\/li>\n<li>Nenechte v\u00fdrobek na povrchu zcela zaschnout.<\/li>\n<li>Zbytky set\u0159ete \u010dist\u00fdm a such\u00fdm had\u0159\u00edkem, abyste odhalili obnoven\u00fd lesk.<\/li>\n<li>U siln\u011b za\u0161l\u00fdch p\u0159edm\u011bt\u016f aplikaci v p\u0159\u00edpad\u011b pot\u0159eby opakujte.<\/li>\n<li>U detailn\u00edch nebo ryt\u00fdch kus\u016f pou\u017eijte m\u011bkk\u00fd \u0161t\u011btec, kter\u00fdm jemn\u011b vpracujete p\u0159\u00edpravek do mal\u00fdch \u0161t\u011brbin.<\/li>\n<li>Po vy\u010di\u0161t\u011bn\u00ed vyle\u0161t\u011bte p\u0159edm\u011bt had\u0159\u00edkem z mikrovl\u00e1kna, abyste zv\u00fd\u0161ili lesk a odstranili zbytky.<\/li>\n<li>Opl\u00e1chn\u011bte vodou, pokud je to pro konkr\u00e9tn\u00ed pou\u017eit\u00ed doporu\u010deno, a pot\u00e9 d\u016fkladn\u011b vysu\u0161te, abyste zabr\u00e1nili vzniku vodn\u00edch skvrn.<\/li>\n<li>Nepou\u017e\u00edvejte abrazivn\u00ed materi\u00e1ly nebo drsn\u00e9 n\u00e1stroje, kter\u00e9 by mohly st\u0159\u00edbro po\u0161kr\u00e1bat.<\/li>\n<li>P\u0159ed o\u0161et\u0159en\u00edm staro\u017eitn\u00fdch nebo velmi cenn\u00fdch p\u0159edm\u011bt\u016f vyzkou\u0161ejte p\u0159\u00edpravek na mal\u00e9 nen\u00e1padn\u00e9 plo\u0161e.<\/li>\n<li>V\u00fdrobek skladujte t\u011bsn\u011b uzav\u0159en\u00fd na chladn\u00e9m a such\u00e9m m\u00edst\u011b mimo dosah p\u0159\u00edm\u00e9ho slune\u010dn\u00edho z\u00e1\u0159en\u00ed.<\/li>\n<li>Uchov\u00e1vejte mimo dosah d\u011bt\u00ed a b\u011bhem pou\u017e\u00edv\u00e1n\u00ed zabra\u0148te kontaktu s o\u010dima a poko\u017ekou.<\/li>\n<li>Po manipulaci s v\u00fdrobkem si umyjte ruce.<\/li>\n<li>Nepou\u017e\u00edvejte na jin\u00e9 ne\u017e st\u0159\u00edbrn\u00e9 povrchy, pokud nebyla potvrzena kompatibilita.<\/li>\n<\/ul>\n<p>Pravideln\u00e1 \u00fadr\u017eba pomoc\u00ed na\u0161eho \u010disti\u010de st\u0159\u00edbra udr\u017e\u00ed va\u0161e p\u0159edm\u011bty v z\u00e1\u0159iv\u00e9m a elegantn\u00edm vzhledu. \u00da\u010dinn\u011b a \u0161etrn\u011b odstra\u0148uje za\u0161lou barvu, obnovuje p\u0159irozenou kr\u00e1su st\u0159\u00edbra a z\u00e1rove\u0148 zachov\u00e1v\u00e1 jeho jemn\u00e9 detaily a struktur\u00e1ln\u00ed integritu.<\/p>","protected":false},"excerpt":{"rendered":"<p>Restores brilliance and shine to silver instantly. Our silver cleaner is specially formulated to remove tarnish, oxidation, and dullness from silver surfaces quickly and effectively. It revives the original shine of jewelry, cutlery, decorative objects, and silverware without damaging delicate details. The most effective silver cleaning solution on the market. Thanks to its advanced active [&hellip;]<\/p>\n","protected":false},"featured_media":27174,"comment_status":"open","ping_status":"closed","template":"","meta":{"_uag_custom_page_level_css":"","site-sidebar-layout":"default","site-content-layout":"","ast-site-content-layout":"default","site-content-style":"default","site-sidebar-style":"default","ast-global-header-display":"","ast-banner-title-visibility":"","ast-main-header-display":"","ast-hfb-above-header-display":"","ast-hfb-below-header-display":"","ast-hfb-mobile-header-display":"","site-post-title":"","ast-breadcrumbs-content":"","ast-featured-img":"","footer-sml-layout":"","ast-disable-related-posts":"","theme-transparent-header-meta":"default","adv-header-id-meta":"","stick-header-meta":"","header-above-stick-meta":"","header-main-stick-meta":"","header-below-stick-meta":"","astra-migrate-meta-layouts":"set","ast-page-background-enabled":"default","ast-page-background-meta":{"desktop":{"background-color":"var(--ast-global-color-4)","background-image":"","background-repeat":"repeat","background-position":"center center","background-size":"auto","background-attachment":"scroll","background-type":"","background-media":"","overlay-type":"","overlay-color":"","overlay-opacity":"","overlay-gradient":""},"tablet":{"background-color":"","background-image":"","background-repeat":"repeat","background-position":"center center","background-size":"auto","background-attachment":"scroll","background-type":"","background-media":"","overlay-type":"","overlay-color":"","overlay-opacity":"","overlay-gradient":""},"mobile":{"background-color":"","background-image":"","background-repeat":"repeat","background-position":"center center","background-size":"auto","background-attachment":"scroll","background-type":"","background-media":"","overlay-type":"","overlay-color":"","overlay-opacity":"","overlay-gradient":""}},"ast-content-background-meta":{"desktop":{"background-color":"var(--ast-global-color-5)","background-image":"","background-repeat":"repeat","background-position":"center center","background-size":"auto","background-attachment":"scroll","background-type":"","background-media":"","overlay-type":"","overlay-color":"","overlay-opacity":"","overlay-gradient":""},"tablet":{"background-color":"var(--ast-global-color-5)","background-image":"","background-repeat":"repeat","background-position":"center center","background-size":"auto","background-attachment":"scroll","background-type":"","background-media":"","overlay-type":"","overlay-color":"","overlay-opacity":"","overlay-gradient":""},"mobile":{"background-color":"var(--ast-global-color-5)","background-image":"","background-repeat":"repeat","background-position":"center center","background-size":"auto","background-attachment":"scroll","background-type":"","background-media":"","overlay-type":"","overlay-color":"","overlay-opacity":"","overlay-gradient":""}}},"product_brand":[],"product_cat":[175],"product_tag":[],"class_list":{"0":"post-25299","1":"product","2":"type-product","3":"status-publish","4":"has-post-thumbnail","6":"product_cat-cleaning-products","7":"desktop-align-left","8":"tablet-align-left","9":"mobile-align-left","11":"first","12":"instock","13":"sale","14":"taxable","15":"shipping-taxable","16":"purchasable","17":"product-type-variable","18":"has-default-attributes"},"spectra_custom_meta":{"_visibility":["visible"],"_shopify_product_id":["9078951641333"],"_s2w_shopify_domain":["ferberpainting.myshopify.com"],"_shopify_variant_id":["46543039037685"],"_sku":[""],"_manage_stock":["no"],"total_sales":["203"],"_tax_status":["taxable"],"_tax_class":[""],"_backorders":["no"],"_sold_individually":["no"],"_virtual":["no"],"_downloadable":["no"],"_download_limit":["-1"],"_download_expiry":["-1"],"_stock":[null],"_stock_status":["instock"],"_wc_average_rating":["5.00"],"_wc_review_count":["40"],"_product_attributes":["a:1:{s:6:\"volume\";a:6:{s:4:\"name\";s:6:\"Volume\";s:5:\"value\";s:20:\"5 liters | 25 liters\";s:8:\"position\";i:1;s:10:\"is_visible\";i:0;s:12:\"is_variation\";i:1;s:11:\"is_taxonomy\";i:0;}}"],"_product_version":["10.5.1"],"_thumbnail_id":["27174"],"_product_image_gallery":["27178"],"wpse_downloadable_file_names":[""],"wpse_downloadable_file_urls":[""],"_edit_last":["1"],"_default_attributes":["a:1:{s:6:\"volume\";s:8:\"5 liters\";}"],"_edit_lock":["1771234973:1"],"merchant-center-availability":["yes"],"merchant-center-category":["4973"],"_wp_page_template":["default"],"site-sidebar-layout":["default"],"ast-site-content-layout":["default"],"site-content-style":["default"],"site-sidebar-style":["default"],"theme-transparent-header-meta":["default"],"_wc_rating_count":["a:1:{i:5;i:40;}"],"_price":["29.90","129.90"],"astra-migrate-meta-layouts":["set"],"_uag_css_file_name":["uag-css-25299.css"],"_elementor_page_assets":["a:0:{}"]},"uagb_featured_image_src":{"full":["https:\/\/www.ferberpainting.com\/wp-content\/uploads\/2025\/05\/SilverCleaner5L.png",2560,2560,false],"thumbnail":["https:\/\/www.ferberpainting.com\/wp-content\/uploads\/2025\/05\/SilverCleaner5L-150x150.png",150,150,true],"medium":["https:\/\/www.ferberpainting.com\/wp-content\/uploads\/2025\/05\/SilverCleaner5L-300x300.png",300,300,true],"medium_large":["https:\/\/www.ferberpainting.com\/wp-content\/uploads\/2025\/05\/SilverCleaner5L-768x768.png",768,768,true],"large":["https:\/\/www.ferberpainting.com\/wp-content\/uploads\/2025\/05\/SilverCleaner5L-1024x1024.png",1024,1024,true],"1536x1536":["https:\/\/www.ferberpainting.com\/wp-content\/uploads\/2025\/05\/SilverCleaner5L-1536x1536.png",1536,1536,true],"2048x2048":["https:\/\/www.ferberpainting.com\/wp-content\/uploads\/2025\/05\/SilverCleaner5L-2048x2048.png",2048,2048,true],"trp-custom-language-flag":["https:\/\/www.ferberpainting.com\/wp-content\/uploads\/2025\/05\/SilverCleaner5L-12x12.png",12,12,true],"woocommerce_thumbnail":["https:\/\/www.ferberpainting.com\/wp-content\/uploads\/2025\/05\/SilverCleaner5L-300x300.png",300,300,true],"woocommerce_single":["https:\/\/www.ferberpainting.com\/wp-content\/uploads\/2025\/05\/SilverCleaner5L-600x600.png",600,600,true],"woocommerce_gallery_thumbnail":["https:\/\/www.ferberpainting.com\/wp-content\/uploads\/2025\/05\/SilverCleaner5L-100x100.png",100,100,true]},"uagb_author_info":{"display_name":"admin","author_link":"https:\/\/www.ferberpainting.com\/cz\/author\/"},"uagb_comment_info":40,"uagb_excerpt":"Restores brilliance and shine to silver instantly. Our silver cleaner is specially formulated to remove tarnish, oxidation, and dullness from silver surfaces quickly and effectively. It revives the original shine of jewelry, cutlery, decorative objects, and silverware without damaging delicate details. The most effective silver cleaning solution on the market. Thanks to its advanced active&hellip;","_links":{"self":[{"href":"https:\/\/www.ferberpainting.com\/cz\/wp-json\/wp\/v2\/product\/25299","targetHints":{"allow":["GET"]}}],"collection":[{"href":"https:\/\/www.ferberpainting.com\/cz\/wp-json\/wp\/v2\/product"}],"about":[{"href":"https:\/\/www.ferberpainting.com\/cz\/wp-json\/wp\/v2\/types\/product"}],"replies":[{"embeddable":true,"href":"https:\/\/www.ferberpainting.com\/cz\/wp-json\/wp\/v2\/comments?post=25299"}],"version-history":[{"count":3,"href":"https:\/\/www.ferberpainting.com\/cz\/wp-json\/wp\/v2\/product\/25299\/revisions"}],"predecessor-version":[{"id":167287,"href":"https:\/\/www.ferberpainting.com\/cz\/wp-json\/wp\/v2\/product\/25299\/revisions\/167287"}],"wp:featuredmedia":[{"embeddable":true,"href":"https:\/\/www.ferberpainting.com\/cz\/wp-json\/wp\/v2\/media\/27174"}],"wp:attachment":[{"href":"https:\/\/www.ferberpainting.com\/cz\/wp-json\/wp\/v2\/media?parent=25299"}],"wp:term":[{"taxonomy":"product_brand","embeddable":true,"href":"https:\/\/www.ferberpainting.com\/cz\/wp-json\/wp\/v2\/product_brand?post=25299"},{"taxonomy":"product_cat","embeddable":true,"href":"https:\/\/www.ferberpainting.com\/cz\/wp-json\/wp\/v2\/product_cat?post=25299"},{"taxonomy":"product_tag","embeddable":true,"href":"https:\/\/www.ferberpainting.com\/cz\/wp-json\/wp\/v2\/product_tag?post=25299"}],"curies":[{"name":"wp","href":"https:\/\/api.w.org\/{rel}","templated":true}]}}