{"id":25296,"date":"2025-06-30T21:38:54","date_gmt":"2025-06-30T19:38:54","guid":{"rendered":"https:\/\/www.ferberpainting.com\/?post_type=product&#038;p=25296"},"modified":"2026-02-16T10:42:42","modified_gmt":"2026-02-16T09:42:42","slug":"shower-and-bathroom-water-repellent","status":"publish","type":"product","link":"https:\/\/www.ferberpainting.com\/cz\/products\/shower-and-bathroom-water-repellent\/","title":{"rendered":"Vodoodpudiv\u00fd prost\u0159edek na sprchu a koupelnu"},"content":{"rendered":"<p><strong><img decoding=\"async\" style=\"margin-right: 12px;\" src=\"https:\/\/www.ferberpainting.com\/wp-content\/uploads\/2026\/02\/Check.svg\" alt=\"\" width=\"18\" height=\"15\" \/>Dlouhodob\u00e1 ochrana proti vlhkosti.<\/strong>\u00a0Impregnace do koupelny a sprchy je speci\u00e1ln\u011b vyvinuta tak, aby poskytovala optim\u00e1ln\u00ed ochranu proti vlhkosti, pl\u00edsn\u00edm a st\u0159\u00edkaj\u00edc\u00ed vod\u011b. Jeho aplikace vytv\u00e1\u0159\u00ed na povrchu neviditelnou, ale vysoce \u00fa\u010dinnou bari\u00e9ru, kter\u00e1 zabra\u0148uje pronik\u00e1n\u00ed vody do materi\u00e1l\u016f a z\u00e1rove\u0148 umo\u017e\u0148uje povrchu d\u00fdchat. Tento v\u00fdrobek \u00fa\u010dinn\u011b chr\u00e1n\u00ed st\u011bny, podlahy a sp\u00e1ry v trvale vlhk\u00e9m prost\u0159ed\u00ed, jako jsou koupelny a sprchy.<\/p>\n<p><strong><img decoding=\"async\" style=\"margin-right: 12px;\" src=\"https:\/\/www.ferberpainting.com\/wp-content\/uploads\/2026\/02\/Check.svg\" alt=\"\" width=\"18\" height=\"15\" \/>Z\u00e1ruka vr\u00e1cen\u00ed pen\u011bz.<\/strong>\u00a0Jsme p\u0159esv\u011bd\u010deni o \u00fa\u010dinnosti na\u0161eho impregna\u010dn\u00edho p\u0159\u00edpravku pro koupelny a sprchy. Proto nab\u00edz\u00edme z\u00e1ruku spokojenosti nebo vr\u00e1cen\u00ed pen\u011bz. Pokud z jak\u00e9hokoli d\u016fvodu nebudete s v\u00fdrobkem pln\u011b spokojeni, m\u016f\u017eete po\u017e\u00e1dat o vr\u00e1cen\u00ed pen\u011bz v pln\u00e9 v\u00fd\u0161i. D\u00edky t\u00e9to z\u00e1ruce m\u016f\u017eete n\u00e1\u0161 v\u00fdrobek s klidn\u00fdm sv\u011bdom\u00edm vyzkou\u0161et a bez rizika vyu\u017e\u00edvat jeho v\u00fdhod.<\/p>\n<p><strong><img decoding=\"async\" style=\"margin-right: 12px;\" src=\"https:\/\/www.ferberpainting.com\/wp-content\/uploads\/2026\/02\/Check.svg\" alt=\"\" width=\"18\" height=\"15\" \/>V\u00edce\u00fa\u010delov\u00fd.<\/strong>\u00a0Tento v\u00fdrobek se neomezuje pouze na klasick\u00e9 koupelnov\u00e9 a sprchov\u00e9 povrchy, jako jsou dla\u017edice, ale je vhodn\u00fd i na \u0161irokou \u0161k\u00e1lu materi\u00e1l\u016f, jako je beton, cement, k\u00e1men, mramor, om\u00edtka, d\u0159evo a dal\u0161\u00ed. Tato univerz\u00e1lnost v\u00e1m umo\u017en\u00ed o\u0161et\u0159it \u0161irokou \u0161k\u00e1lu povrch\u016f v koupeln\u011b a vlhk\u00fdch prostor\u00e1ch. A\u0165 u\u017e se jedn\u00e1 o podlahu nebo sp\u00e1ry, impregna\u010dn\u00ed prost\u0159edek poskytuje \u00fa\u010dinnou ochranu proti vlhkosti a skvrn\u00e1m. D\u00edky tomu p\u0159edstavuje kompletn\u00ed \u0159e\u0161en\u00ed pro ochranu va\u0161ich povrch\u016f.<\/p>\n<p><strong><img decoding=\"async\" style=\"margin-right: 12px;\" src=\"https:\/\/www.ferberpainting.com\/wp-content\/uploads\/2026\/02\/Check.svg\" alt=\"\" width=\"18\" height=\"15\" \/>N\u00e1kladov\u011b efektivn\u00ed.<\/strong>\u00a0Hydroizola\u010dn\u00ed p\u0159\u00edpravek do koupelny a sprchy je velmi \u00fasporn\u00fd v\u00fdrobek. Jeden litr v\u00fdrobku pokryje v pr\u016fm\u011bru 6 a\u017e 8 m\u00b2. S p\u011btilitrovou n\u00e1dobou lze o\u0161et\u0159it p\u0159ibli\u017en\u011b 30 a\u017e 40 m\u00b2 plochy. D\u00edky tomuto vysok\u00e9mu pokryt\u00ed m\u016f\u017eete o\u0161et\u0159it velkou plochu s relativn\u011b mal\u00fdm mno\u017estv\u00edm v\u00fdrobku, co\u017e z tohoto hydroizola\u010dn\u00edho p\u0159\u00edpravku \u010din\u00ed ekonomickou volbu pro cel\u00fd d\u016fm.<\/p>\n<p><strong><img decoding=\"async\" style=\"margin-right: 12px;\" src=\"https:\/\/www.ferberpainting.com\/wp-content\/uploads\/2026\/02\/Check.svg\" alt=\"\" width=\"18\" height=\"15\" \/>Bezpe\u010dn\u00e9 pou\u017eit\u00ed.<\/strong>\u00a0Vod\u011bodoln\u00fd p\u0159\u00edpravek do koupelny a sprchy je vyroben z netoxick\u00fdch slo\u017eek, je \u0161etrn\u00fd k \u017eivotn\u00edmu prost\u0159ed\u00ed a bezpe\u010dn\u00fd pro va\u0161e zdrav\u00ed. Na rozd\u00edl od n\u011bkter\u00fdch drsn\u011bj\u0161\u00edch ochrann\u00fdch p\u0159\u00edpravk\u016f neobsahuje \u017e\u00edrav\u00e1 ani dr\u00e1\u017ediv\u00e1 rozpou\u0161t\u011bdla. Pro zaji\u0161t\u011bn\u00ed pohodl\u00ed a bezpe\u010dnosti se v\u0161ak v\u017edy doporu\u010duje pou\u017e\u00edvat rukavice a p\u0159i aplikaci dob\u0159e v\u011btrat m\u00edstnost.<\/p>\n<p><strong><img decoding=\"async\" style=\"margin-right: 12px;\" src=\"https:\/\/www.ferberpainting.com\/wp-content\/uploads\/2026\/02\/Check.svg\" alt=\"\" width=\"18\" height=\"15\" \/>Snadn\u00e9 pou\u017e\u00edv\u00e1n\u00ed.<\/strong>\u00a0Impregnace do koupelny a sprchy se velmi snadno aplikuje. Je p\u0159ipraven k pou\u017eit\u00ed a nevy\u017eaduje \u017e\u00e1dn\u00e9 \u0159ed\u011bn\u00ed. Jednodu\u0161e jej naneste p\u0159\u00edmo na \u010dist\u00fd a such\u00fd povrch pomoc\u00ed rozpra\u0161ova\u010de, \u0161t\u011btce nebo v\u00e1le\u010dku. Pronik\u00e1 rychle a rovnom\u011brn\u011b a vytv\u00e1\u0159\u00ed ochrannou vrstvu, ani\u017e by zanech\u00e1val viditeln\u00e9 stopy nebo zbytky. K jeho pou\u017eit\u00ed nejsou pot\u0159eba \u017e\u00e1dn\u00e9 speci\u00e1ln\u00ed dovednosti, tak\u017ee je ide\u00e1ln\u00ed pro kutily v\u0161ech \u00farovn\u00ed.<\/p>\n<p><strong><img decoding=\"async\" style=\"margin-right: 12px;\" src=\"https:\/\/www.ferberpainting.com\/wp-content\/uploads\/2026\/02\/Check.svg\" alt=\"\" width=\"18\" height=\"15\" \/>Odolnost.<\/strong>\u00a0Tento v\u00fdrobek zaru\u010duje dlouhotrvaj\u00edc\u00ed ochranu. Po nanesen\u00ed se vytvo\u0159\u00ed neviditeln\u00e1 vrstva, kter\u00e1 chr\u00e1n\u00ed povrch p\u0159ed vlhkost\u00ed, st\u0159\u00edkaj\u00edc\u00ed vodou a pl\u00edsn\u011bmi. V z\u00e1vislosti na \u00farovni vlhkosti v m\u00edstnosti m\u016f\u017ee vydr\u017eet n\u011bkolik let. Hydroizola\u010dn\u00ed p\u0159\u00edpravek do koupelny a sprchy odol\u00e1v\u00e1 n\u00e1ro\u010dn\u00fdm podm\u00ednk\u00e1m vlhkosti a z\u016fst\u00e1v\u00e1 \u00fa\u010dinn\u00fd po dlouhou dobu, co\u017e v\u00e1m pom\u016f\u017ee vyhnout se \u010dast\u00e9mu opakov\u00e1n\u00ed aplikace.<\/p>\n<p><strong><img decoding=\"async\" style=\"margin-right: 12px;\" src=\"https:\/\/www.ferberpainting.com\/wp-content\/uploads\/2026\/02\/Check.svg\" alt=\"\" width=\"18\" height=\"15\" \/>Rychleschnouc\u00ed.<\/strong>\u00a0Impregnace do koupelny a sprchy rychle schne. Doba schnut\u00ed na dotek je p\u0159ibli\u017en\u011b 1 a\u017e 2 hodiny, co\u017e minimalizuje dobu \u010dek\u00e1n\u00ed p\u0159ed pou\u017eit\u00edm prostoru. Pro optim\u00e1ln\u00ed ochranu se doporu\u010duje nechat v\u00fdrobek p\u0159ed vystaven\u00edm vlhkosti 24 hodin zcela zaschnout. Tato rychl\u00e1 doba schnut\u00ed v\u00e1m umo\u017en\u00ed pou\u017e\u00edvat chr\u00e1n\u011bn\u00e9 prostory d\u0159\u00edve a z\u00e1rove\u0148 vyu\u017e\u00edvat v\u00fdhod dlouhotrvaj\u00edc\u00ed ochrany.<\/p>\n<h2><strong>Protokol o pou\u017eit\u00ed<\/strong><\/h2>\n<ul>\n<li><strong>P\u0159\u00edprava povrchu <\/strong>: P\u0159ed nanesen\u00edm impregna\u010dn\u00edho prost\u0159edku se ujist\u011bte, \u017ee jsou povrchy \u010dist\u00e9, such\u00e9 a zbaven\u00e9 jak\u00fdchkoli ne\u010distot, mastnoty nebo pl\u00edsn\u00ed. Obklady, sp\u00e1ry a dal\u0161\u00ed plochy o\u010dist\u011bte vhodn\u00fdm p\u0159\u00edpravkem a pot\u00e9 je dob\u0159e opl\u00e1chn\u011bte \u010distou vodou. P\u0159ed nanesen\u00edm impregna\u010dn\u00edho prost\u0159edku se ujist\u011bte, \u017ee je povrch zcela such\u00fd, aby byla zaji\u0161t\u011bna spr\u00e1vn\u00e1 p\u0159ilnavost.<\/li>\n<li><strong>Aplikace produktu <\/strong>: Impregna\u010dn\u00ed prost\u0159edek je p\u0159ipraven k pou\u017eit\u00ed. Lze jej nan\u00e1\u0161et pomoc\u00ed post\u0159ikova\u010de, \u0161t\u011btce nebo v\u00e1le\u010dku. Pro rovnom\u011brnou aplikaci nast\u0159\u00edkejte nebo naneste na povrch tenkou, rovnom\u011brnou vrstvu p\u0159\u00edpravku se zam\u011b\u0159en\u00edm na sp\u00e1ry a m\u00edsta nejv\u00edce vystaven\u00e1 vlhkosti. Nechte p\u0159\u00edpravek proniknout do materi\u00e1l\u016f, ani\u017e byste je p\u0159et\u011b\u017eovali.<\/li>\n<li><strong>\u010c\u00e1stka k pou\u017eit\u00ed <\/strong>: 1 litr impregna\u010dn\u00edho prost\u0159edku pokryje v pr\u016fm\u011bru 6 a\u017e 8 m\u00b2. S p\u011btilitrovou n\u00e1dobou m\u016f\u017eete o\u0161et\u0159it p\u0159ibli\u017en\u011b 30 a\u017e 40 m\u00b2 plochy. To znamen\u00e1, \u017ee s relativn\u011b mal\u00fdm mno\u017estv\u00edm v\u00fdrobku m\u016f\u017eete o\u0161et\u0159it celou koupelnu. U obzvl\u00e1\u0161t\u011b por\u00e9zn\u00edch povrch\u016f lze pro pos\u00edlen\u00ed ochrany nan\u00e9st druhou vrstvu.<\/li>\n<li><strong>Doba su\u0161en\u00ed <\/strong>: Po nanesen\u00ed nechte v\u00fdrobek na dotek zaschnout p\u0159ibli\u017en\u011b 1 a\u017e 2 hodiny. Pro dosa\u017een\u00ed maxim\u00e1ln\u00ed \u00fa\u010dinnosti a zamezen\u00ed kontaktu s vlhkost\u00ed se v\u0161ak doporu\u010duje nechat v\u00fdrobek zcela zaschnout po dobu 24 hodin. B\u011bhem t\u00e9to doby nevystavujte povrch vlhkosti, aby bylo zaji\u0161t\u011bno spr\u00e1vn\u00e9 p\u0159ilnut\u00ed ochrann\u00e9 vrstvy.<\/li>\n<li><strong>Op\u011btovn\u00e9 pod\u00e1n\u00ed \u017e\u00e1dosti <\/strong>: V z\u00e1vislosti na zp\u016fsobu pou\u017e\u00edv\u00e1n\u00ed a vlhkosti v koupeln\u011b nebo ve spr\u0161e m\u016f\u017ee b\u00fdt pro zachov\u00e1n\u00ed ochrany nutn\u00e9 nan\u00e1\u0161et impregna\u010dn\u00ed prost\u0159edek ka\u017ed\u00fdch 2 a\u017e 5 let. Za t\u00edmto \u00fa\u010delem o\u010dist\u011bte povrch a naneste novou vrstvu hydroizola\u010dn\u00edho p\u0159\u00edpravku podle stejn\u00e9ho postupu jako p\u0159i prvn\u00ed aplikaci.<\/li>\n<li><strong>\u00dadr\u017eba <\/strong>: Po nanesen\u00ed impregna\u010dn\u00edho prost\u0159edku je \u00fadr\u017eba o\u0161et\u0159en\u00fdch povrch\u016f mnohem snaz\u0161\u00ed. Jednodu\u0161e je o\u010dist\u011bte vlhk\u00fdm had\u0159\u00edkem nebo houbou a vyhn\u011bte se abrazivn\u00edm prost\u0159edk\u016fm, kter\u00e9 by mohly ochranu po\u0161kodit. Na o\u0161et\u0159en\u00e9 povrchy nepou\u017e\u00edvejte vysokotlak\u00e9 \u010distic\u00ed prost\u0159edky, abyste zachovali \u00fa\u010dinnost impregna\u010dn\u00edho prost\u0159edku.<\/li>\n<\/ul>","protected":false},"excerpt":{"rendered":"<p>Long-lasting protection against humidity.\u00a0The bathroom and shower waterproofer is specially formulated to provide optimal protection against humidity, mold, and water splashes. Its application creates an invisible yet highly effective barrier on surfaces, preventing water from penetrating the materials while allowing the surface to breathe. This product effectively protects your walls, floors, and joints in constantly [&hellip;]<\/p>\n","protected":false},"featured_media":35973,"comment_status":"open","ping_status":"closed","template":"","meta":{"_uag_custom_page_level_css":"","site-sidebar-layout":"default","site-content-layout":"","ast-site-content-layout":"default","site-content-style":"default","site-sidebar-style":"default","ast-global-header-display":"","ast-banner-title-visibility":"","ast-main-header-display":"","ast-hfb-above-header-display":"","ast-hfb-below-header-display":"","ast-hfb-mobile-header-display":"","site-post-title":"","ast-breadcrumbs-content":"","ast-featured-img":"","footer-sml-layout":"","ast-disable-related-posts":"","theme-transparent-header-meta":"default","adv-header-id-meta":"","stick-header-meta":"","header-above-stick-meta":"","header-main-stick-meta":"","header-below-stick-meta":"","astra-migrate-meta-layouts":"set","ast-page-background-enabled":"default","ast-page-background-meta":{"desktop":{"background-color":"var(--ast-global-color-4)","background-image":"","background-repeat":"repeat","background-position":"center center","background-size":"auto","background-attachment":"scroll","background-type":"","background-media":"","overlay-type":"","overlay-color":"","overlay-opacity":"","overlay-gradient":""},"tablet":{"background-color":"","background-image":"","background-repeat":"repeat","background-position":"center center","background-size":"auto","background-attachment":"scroll","background-type":"","background-media":"","overlay-type":"","overlay-color":"","overlay-opacity":"","overlay-gradient":""},"mobile":{"background-color":"","background-image":"","background-repeat":"repeat","background-position":"center center","background-size":"auto","background-attachment":"scroll","background-type":"","background-media":"","overlay-type":"","overlay-color":"","overlay-opacity":"","overlay-gradient":""}},"ast-content-background-meta":{"desktop":{"background-color":"var(--ast-global-color-5)","background-image":"","background-repeat":"repeat","background-position":"center center","background-size":"auto","background-attachment":"scroll","background-type":"","background-media":"","overlay-type":"","overlay-color":"","overlay-opacity":"","overlay-gradient":""},"tablet":{"background-color":"var(--ast-global-color-5)","background-image":"","background-repeat":"repeat","background-position":"center center","background-size":"auto","background-attachment":"scroll","background-type":"","background-media":"","overlay-type":"","overlay-color":"","overlay-opacity":"","overlay-gradient":""},"mobile":{"background-color":"var(--ast-global-color-5)","background-image":"","background-repeat":"repeat","background-position":"center center","background-size":"auto","background-attachment":"scroll","background-type":"","background-media":"","overlay-type":"","overlay-color":"","overlay-opacity":"","overlay-gradient":""}}},"product_brand":[],"product_cat":[191],"product_tag":[],"class_list":{"0":"post-25296","1":"product","2":"type-product","3":"status-publish","4":"has-post-thumbnail","6":"product_cat-water-repellent","7":"desktop-align-left","8":"tablet-align-left","9":"mobile-align-left","11":"first","12":"instock","13":"sale","14":"shipping-taxable","15":"purchasable","16":"product-type-variable","17":"has-default-attributes"},"spectra_custom_meta":{"_visibility":["visible"],"_shopify_product_id":["9106653118709"],"_s2w_shopify_domain":["ferberpainting.myshopify.com"],"_shopify_variant_id":["46626393686261"],"_sku":[""],"_manage_stock":["no"],"total_sales":["341"],"_tax_status":["taxable"],"_tax_class":[""],"_backorders":["no"],"_sold_individually":["no"],"_virtual":["no"],"_downloadable":["no"],"_download_limit":["-1"],"_download_expiry":["-1"],"_stock":[null],"_stock_status":["instock"],"_wc_average_rating":["5.00"],"_wc_review_count":["11"],"_product_attributes":["a:1:{s:6:\"volume\";a:6:{s:4:\"name\";s:6:\"Volume\";s:5:\"value\";s:20:\"5 liters | 25 liters\";s:8:\"position\";i:1;s:10:\"is_visible\";i:0;s:12:\"is_variation\";i:1;s:11:\"is_taxonomy\";i:0;}}"],"_product_version":["10.5.1"],"wpse_downloadable_file_names":[""],"wpse_downloadable_file_urls":[""],"_edit_last":["1"],"_default_attributes":["a:1:{s:6:\"volume\";s:8:\"5 liters\";}"],"_edit_lock":["1773469220:7131"],"_price":["29.90","129.90"],"merchant-center-availability":["yes"],"merchant-center-category":["503744"],"_thumbnail_id":["35973"],"_wp_page_template":["default"],"_wp_old_date":["2025-05-26"],"_product_image_gallery":["35974"],"site-sidebar-layout":["default"],"ast-site-content-layout":["default"],"site-content-style":["default"],"site-sidebar-style":["default"],"theme-transparent-header-meta":["default"],"_wc_rating_count":["a:1:{i:5;i:11;}"],"astra-migrate-meta-layouts":["set"],"_uag_css_file_name":["uag-css-25296.css"],"_elementor_page_assets":["a:0:{}"],"_uag_page_assets":["a:9:{s:3:\"css\";s:7133:\".uag-blocks-common-selector{z-index:var(--z-index-desktop) !important}@media(max-width: 976px){.uag-blocks-common-selector{z-index:var(--z-index-tablet) !important}}@media(max-width: 767px){.uag-blocks-common-selector{z-index:var(--z-index-mobile) !important}}.wp-block-uagb-image{display:flex}.wp-block-uagb-image__figure{position:relative;display:flex;flex-direction:column;max-width:100%;height:auto;margin:0}.wp-block-uagb-image__figure img{height:auto;display:flex;max-width:100%;transition:box-shadow .2s ease}.wp-block-uagb-image__figure>a{display:inline-block}.wp-block-uagb-image__figure figcaption{text-align:center;margin-top:.5em;margin-bottom:1em}.wp-block-uagb-image .components-placeholder.block-editor-media-placeholder .components-placeholder__instructions{align-self:center}.wp-block-uagb-image--align-left{text-align:left}.wp-block-uagb-image--align-right{text-align:right}.wp-block-uagb-image--align-center{text-align:center}.wp-block-uagb-image--align-full .wp-block-uagb-image__figure{margin-left:calc(50% - 50vw);margin-right:calc(50% - 50vw);max-width:100vw;width:100vw;height:auto}.wp-block-uagb-image--align-full .wp-block-uagb-image__figure img{height:auto;width:100% !important}.wp-block-uagb-image--align-wide .wp-block-uagb-image__figure img{height:auto;width:100%}.wp-block-uagb-image--layout-overlay__color-wrapper{position:absolute;left:0;top:0;right:0;bottom:0;opacity:.2;background:rgba(0,0,0,.5);transition:opacity .35s ease-in-out}.wp-block-uagb-image--layout-overlay-link{position:absolute;left:0;right:0;bottom:0;top:0}.wp-block-uagb-image--layout-overlay .wp-block-uagb-image__figure:hover .wp-block-uagb-image--layout-overlay__color-wrapper{opacity:1}.wp-block-uagb-image--layout-overlay__inner{position:absolute;left:15px;right:15px;bottom:15px;top:15px;display:flex;align-items:center;justify-content:center;flex-direction:column;border-color:#fff;transition:.35s ease-in-out}.wp-block-uagb-image--layout-overlay__inner.top-left,.wp-block-uagb-image--layout-overlay__inner.top-center,.wp-block-uagb-image--layout-overlay__inner.top-right{justify-content:flex-start}.wp-block-uagb-image--layout-overlay__inner.bottom-left,.wp-block-uagb-image--layout-overlay__inner.bottom-center,.wp-block-uagb-image--layout-overlay__inner.bottom-right{justify-content:flex-end}.wp-block-uagb-image--layout-overlay__inner.top-left,.wp-block-uagb-image--layout-overlay__inner.center-left,.wp-block-uagb-image--layout-overlay__inner.bottom-left{align-items:flex-start}.wp-block-uagb-image--layout-overlay__inner.top-right,.wp-block-uagb-image--layout-overlay__inner.center-right,.wp-block-uagb-image--layout-overlay__inner.bottom-right{align-items:flex-end}.wp-block-uagb-image--layout-overlay__inner .uagb-image-heading{color:#fff;transition:transform .35s,opacity .35s ease-in-out;transform:translate3d(0, 24px, 0);margin:0;line-height:1em}.wp-block-uagb-image--layout-overlay__inner .uagb-image-separator{width:30%;border-top-width:2px;border-top-color:#fff;border-top-style:solid;margin-bottom:10px;opacity:0;transition:transform .4s,opacity .4s ease-in-out;transform:translate3d(0, 30px, 0)}.wp-block-uagb-image--layout-overlay__inner .uagb-image-caption{opacity:0;overflow:visible;color:#fff;transition:transform .45s,opacity .45s ease-in-out;transform:translate3d(0, 35px, 0)}.wp-block-uagb-image--layout-overlay__inner:hover .uagb-image-heading,.wp-block-uagb-image--layout-overlay__inner:hover .uagb-image-separator,.wp-block-uagb-image--layout-overlay__inner:hover .uagb-image-caption{opacity:1;transform:translate3d(0, 0, 0)}.wp-block-uagb-image--effect-zoomin .wp-block-uagb-image__figure img,.wp-block-uagb-image--effect-zoomin .wp-block-uagb-image__figure .wp-block-uagb-image--layout-overlay__color-wrapper{transform:scale(1);transition:transform .35s ease-in-out}.wp-block-uagb-image--effect-zoomin .wp-block-uagb-image__figure:hover img,.wp-block-uagb-image--effect-zoomin .wp-block-uagb-image__figure:hover .wp-block-uagb-image--layout-overlay__color-wrapper{transform:scale(1.05)}.wp-block-uagb-image--effect-slide .wp-block-uagb-image__figure img,.wp-block-uagb-image--effect-slide .wp-block-uagb-image__figure .wp-block-uagb-image--layout-overlay__color-wrapper{width:calc(100% + 40px) !important;max-width:none !important;transform:translate3d(-40px, 0, 0);transition:transform .35s ease-in-out}.wp-block-uagb-image--effect-slide .wp-block-uagb-image__figure:hover img,.wp-block-uagb-image--effect-slide .wp-block-uagb-image__figure:hover .wp-block-uagb-image--layout-overlay__color-wrapper{transform:translate3d(0, 0, 0)}.wp-block-uagb-image--effect-grayscale img{filter:grayscale(0%);transition:.35s ease-in-out}.wp-block-uagb-image--effect-grayscale:hover img{filter:grayscale(100%)}.wp-block-uagb-image--effect-blur img{filter:blur(0);transition:.35s ease-in-out}.wp-block-uagb-image--effect-blur:hover img{filter:blur(3px)}.uagb-block-e6f939b3.wp-block-uagb-image--layout-default figure img{box-shadow: 0px 0px 0 #00000070;}.uagb-block-e6f939b3.wp-block-uagb-image .wp-block-uagb-image__figure figcaption{font-style: normal;align-self: center;}.uagb-block-e6f939b3.wp-block-uagb-image--layout-overlay figure img{box-shadow: 0px 0px 0 #00000070;}.uagb-block-e6f939b3.wp-block-uagb-image--layout-overlay .wp-block-uagb-image--layout-overlay__color-wrapper{opacity: 0.2;}.uagb-block-e6f939b3.wp-block-uagb-image--layout-overlay .wp-block-uagb-image--layout-overlay__inner{left: 15px;right: 15px;top: 15px;bottom: 15px;}.uagb-block-e6f939b3.wp-block-uagb-image--layout-overlay .wp-block-uagb-image--layout-overlay__inner .uagb-image-heading{font-style: normal;color: #fff;opacity: 1;}.uagb-block-e6f939b3.wp-block-uagb-image--layout-overlay .wp-block-uagb-image--layout-overlay__inner .uagb-image-heading a{color: #fff;}.uagb-block-e6f939b3.wp-block-uagb-image--layout-overlay .wp-block-uagb-image--layout-overlay__inner .uagb-image-caption{opacity: 0;}.uagb-block-e6f939b3.wp-block-uagb-image--layout-overlay .wp-block-uagb-image__figure:hover .wp-block-uagb-image--layout-overlay__color-wrapper{opacity: 1;}.uagb-block-e6f939b3.wp-block-uagb-image .wp-block-uagb-image--layout-overlay__inner .uagb-image-separator{width: 30%;border-top-width: 2px;border-top-color: #fff;opacity: 0;}.uagb-block-e6f939b3.wp-block-uagb-image .wp-block-uagb-image__figure img{width: px;height: auto;}.uagb-block-e6f939b3.wp-block-uagb-image .wp-block-uagb-image__figure:hover .wp-block-uagb-image--layout-overlay__inner .uagb-image-caption{opacity: 1;}.uagb-block-e6f939b3.wp-block-uagb-image .wp-block-uagb-image__figure:hover .wp-block-uagb-image--layout-overlay__inner .uagb-image-separator{opacity: 1;}.uagb-block-e6f939b3.wp-block-uagb-image--layout-default figure:hover img{box-shadow: 0px 0px 0 #00000070;}.uagb-block-e6f939b3.wp-block-uagb-image--layout-overlay figure:hover img{box-shadow: 0px 0px 0 #00000070;}@media only screen and (max-width: 976px) {.uagb-block-e6f939b3.wp-block-uagb-image .wp-block-uagb-image__figure img{width: px;height: auto;}}@media only screen and (max-width: 767px) {.uagb-block-e6f939b3.wp-block-uagb-image .wp-block-uagb-image__figure img{width: px;height: auto;}}\";s:2:\"js\";s:0:\"\";s:18:\"current_block_list\";a:13:{i:0;s:11:\"core\/search\";i:1;s:10:\"core\/group\";i:2;s:12:\"core\/heading\";i:3;s:17:\"core\/latest-posts\";i:4;s:20:\"core\/latest-comments\";i:5;s:13:\"core\/archives\";i:6;s:15:\"core\/categories\";i:7;s:14:\"core\/paragraph\";i:8;s:10:\"uagb\/image\";i:9;s:11:\"core\/spacer\";i:10;s:30:\"woocommerce\/product-categories\";i:11;s:10:\"core\/image\";i:12;s:14:\"core\/shortcode\";}s:8:\"uag_flag\";b:1;s:11:\"uag_version\";s:10:\"1777069964\";s:6:\"gfonts\";a:0:{}s:10:\"gfonts_url\";s:0:\"\";s:12:\"gfonts_files\";a:0:{}s:14:\"uag_faq_layout\";b:0;}"]},"uagb_featured_image_src":{"full":["https:\/\/www.ferberpainting.com\/wp-content\/uploads\/2025\/05\/Shower-and-Bathroom-Water-Repellent-5L-.png",2560,2560,false],"thumbnail":["https:\/\/www.ferberpainting.com\/wp-content\/uploads\/2025\/05\/Shower-and-Bathroom-Water-Repellent-5L--150x150.png",150,150,true],"medium":["https:\/\/www.ferberpainting.com\/wp-content\/uploads\/2025\/05\/Shower-and-Bathroom-Water-Repellent-5L--300x300.png",300,300,true],"medium_large":["https:\/\/www.ferberpainting.com\/wp-content\/uploads\/2025\/05\/Shower-and-Bathroom-Water-Repellent-5L--768x768.png",768,768,true],"large":["https:\/\/www.ferberpainting.com\/wp-content\/uploads\/2025\/05\/Shower-and-Bathroom-Water-Repellent-5L--1024x1024.png",1024,1024,true],"1536x1536":["https:\/\/www.ferberpainting.com\/wp-content\/uploads\/2025\/05\/Shower-and-Bathroom-Water-Repellent-5L--1536x1536.png",1536,1536,true],"2048x2048":["https:\/\/www.ferberpainting.com\/wp-content\/uploads\/2025\/05\/Shower-and-Bathroom-Water-Repellent-5L--2048x2048.png",2048,2048,true],"trp-custom-language-flag":["https:\/\/www.ferberpainting.com\/wp-content\/uploads\/2025\/05\/Shower-and-Bathroom-Water-Repellent-5L--12x12.png",12,12,true],"woocommerce_thumbnail":["https:\/\/www.ferberpainting.com\/wp-content\/uploads\/2025\/05\/Shower-and-Bathroom-Water-Repellent-5L--300x300.png",300,300,true],"woocommerce_single":["https:\/\/www.ferberpainting.com\/wp-content\/uploads\/2025\/05\/Shower-and-Bathroom-Water-Repellent-5L--600x600.png",600,600,true],"woocommerce_gallery_thumbnail":["https:\/\/www.ferberpainting.com\/wp-content\/uploads\/2025\/05\/Shower-and-Bathroom-Water-Repellent-5L--100x100.png",100,100,true]},"uagb_author_info":{"display_name":"admin","author_link":"https:\/\/www.ferberpainting.com\/cz\/author\/"},"uagb_comment_info":11,"uagb_excerpt":"Long-lasting protection against humidity.\u00a0The bathroom and shower waterproofer is specially formulated to provide optimal protection against humidity, mold, and water splashes. Its application creates an invisible yet highly effective barrier on surfaces, preventing water from penetrating the materials while allowing the surface to breathe. This product effectively protects your walls, floors, and joints in constantly&hellip;","_links":{"self":[{"href":"https:\/\/www.ferberpainting.com\/cz\/wp-json\/wp\/v2\/product\/25296","targetHints":{"allow":["GET"]}}],"collection":[{"href":"https:\/\/www.ferberpainting.com\/cz\/wp-json\/wp\/v2\/product"}],"about":[{"href":"https:\/\/www.ferberpainting.com\/cz\/wp-json\/wp\/v2\/types\/product"}],"replies":[{"embeddable":true,"href":"https:\/\/www.ferberpainting.com\/cz\/wp-json\/wp\/v2\/comments?post=25296"}],"version-history":[{"count":4,"href":"https:\/\/www.ferberpainting.com\/cz\/wp-json\/wp\/v2\/product\/25296\/revisions"}],"predecessor-version":[{"id":167282,"href":"https:\/\/www.ferberpainting.com\/cz\/wp-json\/wp\/v2\/product\/25296\/revisions\/167282"}],"wp:featuredmedia":[{"embeddable":true,"href":"https:\/\/www.ferberpainting.com\/cz\/wp-json\/wp\/v2\/media\/35973"}],"wp:attachment":[{"href":"https:\/\/www.ferberpainting.com\/cz\/wp-json\/wp\/v2\/media?parent=25296"}],"wp:term":[{"taxonomy":"product_brand","embeddable":true,"href":"https:\/\/www.ferberpainting.com\/cz\/wp-json\/wp\/v2\/product_brand?post=25296"},{"taxonomy":"product_cat","embeddable":true,"href":"https:\/\/www.ferberpainting.com\/cz\/wp-json\/wp\/v2\/product_cat?post=25296"},{"taxonomy":"product_tag","embeddable":true,"href":"https:\/\/www.ferberpainting.com\/cz\/wp-json\/wp\/v2\/product_tag?post=25296"}],"curies":[{"name":"wp","href":"https:\/\/api.w.org\/{rel}","templated":true}]}}