{"id":25293,"date":"2025-05-26T10:30:29","date_gmt":"2025-05-26T08:30:29","guid":{"rendered":"https:\/\/www.ferberpainting.com\/products\/shower-and-bathroom-unblocker\/"},"modified":"2026-02-16T10:41:15","modified_gmt":"2026-02-16T09:41:15","slug":"shower-and-bathroom-unblocker","status":"publish","type":"product","link":"https:\/\/www.ferberpainting.com\/cz\/products\/shower-and-bathroom-unblocker\/","title":{"rendered":"\u010cisti\u010d odpad\u016f sprchy a vany"},"content":{"rendered":"<p><strong><img decoding=\"async\" style=\"margin-right: 12px;\" src=\"https:\/\/www.ferberpainting.com\/wp-content\/uploads\/2026\/02\/Check.svg\" alt=\"\" width=\"18\" height=\"15\" \/>Rychl\u00e9 a \u00fa\u010dinn\u00e9 odstran\u011bn\u00ed ucpan\u00e9ho potrub\u00ed.<\/strong>\u00a0Tento p\u0159\u00edpravek na odblokov\u00e1n\u00ed sprchy a vany je speci\u00e1ln\u011b vyvinut\u00fd k rozpou\u0161t\u011bn\u00ed ucp\u00e1vek zp\u016fsoben\u00fdch vlasy, zbytky m\u00fddla, t\u011blesn\u00fdm tukem a dal\u0161\u00edmi ne\u010distotami, kter\u00e9 se hromad\u00ed v potrub\u00ed. P\u016fsob\u00ed do hloubky, aby obnovil hladk\u00fd pr\u016ftok vody a zabr\u00e1nil stagnaci vody, kter\u00e1 zp\u016fsobuje nep\u0159\u00edjemn\u00fd z\u00e1pach a znep\u0159\u00edjem\u0148uje pou\u017e\u00edv\u00e1n\u00ed sprchy nebo vany.<\/p>\n<p><strong><img decoding=\"async\" style=\"margin-right: 12px;\" src=\"https:\/\/www.ferberpainting.com\/wp-content\/uploads\/2026\/02\/Check.svg\" alt=\"\" width=\"18\" height=\"15\" \/>Z\u00e1ruka vr\u00e1cen\u00ed pen\u011bz.<\/strong>\u00a0M\u00e1me naprostou d\u016fv\u011bru v \u00fa\u010dinnost na\u0161eho odblokova\u010de sprchov\u00fdch kout\u016f a van. Proto nab\u00edz\u00edme z\u00e1ruku vr\u00e1cen\u00ed pen\u011bz. Pokud v\u00fdrobek po spr\u00e1vn\u00e9m pou\u017eit\u00ed podle doporu\u010den\u00ed nevy\u0159e\u0161\u00ed v\u00e1\u0161 probl\u00e9m, m\u00e1te mo\u017enost po\u017e\u00e1dat o vr\u00e1cen\u00ed pen\u011bz bez jak\u00fdchkoli podm\u00ednek, \u010d\u00edm\u017e si zajist\u00edte bezpe\u010dn\u00fd a bezrizikov\u00fd n\u00e1kup.<\/p>\n<p><strong><img decoding=\"async\" style=\"margin-right: 12px;\" src=\"https:\/\/www.ferberpainting.com\/wp-content\/uploads\/2026\/02\/Check.svg\" alt=\"\" width=\"18\" height=\"15\" \/>Kompatibiln\u00ed s r\u016fzn\u00fdmi typy a materi\u00e1ly trubek.<\/strong>\u00a0Tento odblokova\u010d je vhodn\u00fd pro PVC, litinov\u00e9, m\u011bd\u011bn\u00e9, nerezov\u00e9 a betonov\u00e9 trubky, tak\u017ee jej lze pou\u017e\u00edt ve v\u011bt\u0161in\u011b modern\u00edch i star\u0161\u00edch vodovodn\u00edch syst\u00e9m\u016f. P\u0159i doporu\u010den\u00e9m pou\u017eit\u00ed je bezpe\u010dn\u00fd i pro septiky a zaji\u0161\u0165uje \u00fa\u010dinn\u00e9 odv\u00e1d\u011bn\u00ed vody, ani\u017e by naru\u0161il biologickou rovnov\u00e1hu va\u0161eho odpadn\u00edho syst\u00e9mu.<\/p>\n<p><strong><img decoding=\"async\" style=\"margin-right: 12px;\" src=\"https:\/\/www.ferberpainting.com\/wp-content\/uploads\/2026\/02\/Check.svg\" alt=\"\" width=\"18\" height=\"15\" \/>N\u00e1kladov\u011b efektivn\u00ed a optimalizovan\u00e9 d\u00e1vkov\u00e1n\u00ed.<\/strong>\u00a0D\u00edky sv\u00e9mu koncentrovan\u00e9mu slo\u017een\u00ed dok\u00e1\u017ee 1 litr p\u0159\u00edpravku vy\u010distit a\u017e 4 ucp\u00e1vky, co\u017e p\u0159edstavuje ekonomick\u00e9 \u0159e\u0161en\u00ed pro dlouhodobou \u00fadr\u017ebu potrub\u00ed. T\u00edm, \u017ee sni\u017euje pot\u0159ebu \u010dast\u00fdch a n\u00e1kladn\u00fdch z\u00e1sah\u016f, je tento odblokovac\u00ed prost\u0159edek ide\u00e1ln\u00ed alternativou ke slo\u017eit\u00fdm mechanick\u00fdm z\u00e1sah\u016fm.<\/p>\n<p><strong><img decoding=\"async\" style=\"margin-right: 12px;\" src=\"https:\/\/www.ferberpainting.com\/wp-content\/uploads\/2026\/02\/Check.svg\" alt=\"\" width=\"18\" height=\"15\" \/>Bezpe\u010dn\u00fd a nekoroduj\u00edc\u00ed v\u00fdrobek pro potrub\u00ed.<\/strong>\u00a0Na rozd\u00edl od odblokovac\u00edch prost\u0159edk\u016f obsahuj\u00edc\u00edch sodu nebo kyselinu s\u00edrovou, kter\u00e9 mohou po\u0161kodit potrub\u00ed, tento odblokovac\u00ed prost\u0159edek nem\u011bn\u00ed povrch ani nezp\u016fsobuje p\u0159ed\u010dasn\u00e9 opot\u0159eben\u00ed. Je naprosto bezpe\u010dn\u00fd pro vodovodn\u00ed instalace a z\u00e1rove\u0148 zaru\u010duje maxim\u00e1ln\u00ed \u00fa\u010dinnost proti \u00faporn\u00fdm ucp\u00e1vk\u00e1m.<\/p>\n<p><strong><img decoding=\"async\" style=\"margin-right: 12px;\" src=\"https:\/\/www.ferberpainting.com\/wp-content\/uploads\/2026\/02\/Check.svg\" alt=\"\" width=\"18\" height=\"15\" \/>Snadn\u00e9 pou\u017eit\u00ed a rychl\u00fd \u00fa\u010dinek.<\/strong>\u00a0Tento odblokova\u010d je p\u0159ipraven k pou\u017eit\u00ed a nevy\u017eaduje \u017e\u00e1dnou p\u0159edchoz\u00ed manipulaci. Jednodu\u0161e jej nalijte p\u0159\u00edmo do ucpan\u00e9ho odtoku a nechte jej n\u011bkolik minut p\u016fsobit, ne\u017e jej d\u016fkladn\u011b vypl\u00e1chnete. D\u00edky sv\u00e9mu velmi rychl\u00e9mu \u00fa\u010dinku dok\u00e1\u017ee \u00fa\u010dinn\u011b odblokovat odtok za pouh\u00fdch 15 a\u017e 30 minut, \u010d\u00edm\u017e se vyhnete zdlouhav\u00fdm a nep\u0159\u00edjemn\u00fdm oprav\u00e1m.<\/p>\n<p><strong><img decoding=\"async\" style=\"margin-right: 12px;\" src=\"https:\/\/www.ferberpainting.com\/wp-content\/uploads\/2026\/02\/Check.svg\" alt=\"\" width=\"18\" height=\"15\" \/>Dlouhodob\u00fd \u00fa\u010dinek a prevence budouc\u00edho ucp\u00e1n\u00ed.<\/strong>\u00a0Krom\u011b toho, \u017ee tento p\u0159\u00edpravek \u00fa\u010dinn\u011b uvol\u0148uje potrub\u00ed, zabra\u0148uje usazov\u00e1n\u00ed usazenin t\u00edm, \u017ee postupn\u011b rozpou\u0161t\u00ed nahromad\u011bn\u00e9 zbytky. Pravideln\u00e9 pou\u017e\u00edv\u00e1n\u00ed pom\u00e1h\u00e1 omezit vznik nov\u00fdch ucp\u00e1vek a zaji\u0161\u0165uje optim\u00e1ln\u00ed odtok vody, \u010d\u00edm\u017e p\u0159edch\u00e1z\u00ed dlouhodob\u00fdm nep\u0159\u00edjemnostem.<\/p>\n<p><strong><img decoding=\"async\" style=\"margin-right: 12px;\" src=\"https:\/\/www.ferberpainting.com\/wp-content\/uploads\/2026\/02\/Check.svg\" alt=\"\" width=\"18\" height=\"15\" \/>Okam\u017eit\u00e1 akce pro obnoven\u00ed pohodl\u00ed.<\/strong>\u00a0Po aplikaci za\u010dne tento odblokovac\u00ed p\u0159\u00edpravek rozpou\u0161t\u011bt usazeniny, kter\u00e9 jsou p\u0159\u00ed\u010dinou ucp\u00e1n\u00ed. Po jednoduch\u00e9m opl\u00e1chnut\u00ed voda op\u011bt voln\u011b proud\u00ed, co\u017e zaru\u010duje sprchov\u00e1n\u00ed nebo koupel bez stagnace a nep\u0159\u00edjemn\u00e9ho z\u00e1pachu.<\/p>\n<h2><strong>Protokol o pou\u017eit\u00ed<\/strong><\/h2>\n<ul>\n<li><strong>P\u0159\u00edprava potrub\u00ed <\/strong>: P\u0159ed aplikac\u00ed se ujist\u011bte, \u017ee stojat\u00e1 voda je co nejv\u00edce omezena, aby se maximalizovala \u00fa\u010dinnost p\u0159\u00edpravku. V p\u0159\u00edpad\u011b pot\u0159eby ru\u010dn\u011b odstra\u0148te viditeln\u00e9 chuchvalce vlas\u016f, abyste pos\u00edlili \u00fa\u010dinek odblokovac\u00edho p\u0159\u00edpravku.<\/li>\n<li><strong>Doporu\u010den\u00e9 d\u00e1vkov\u00e1n\u00ed <\/strong>: Nalijte 250 ml p\u0159\u00edpravku p\u0159\u00edmo do ucpan\u00e9ho odtoku, abyste vy\u010distili jeden ucpan\u00fd odtok. 1 litr m\u016f\u017ee o\u0161et\u0159it a\u017e 4 ucpan\u00e9 cesty. U siln\u011bj\u0161\u00edch ucp\u00e1n\u00ed m\u016f\u017ee b\u00fdt po prvn\u00edm o\u0161et\u0159en\u00ed nutn\u00e1 druh\u00e1 aplikace.<\/li>\n<li><strong>Pou\u017eit\u00ed odblokova\u010de <\/strong>: P\u0159\u00edpravek pomalu vlijte do odtoku a zamezte okam\u017eit\u00e9mu pr\u016ftoku vody.<\/li>\n<li><strong>\u010cas akce <\/strong>: V z\u00e1vislosti na z\u00e1va\u017enosti ucp\u00e1n\u00ed nechte p\u016fsobit 15 a\u017e 30 minut. U obzvl\u00e1\u0161t\u011b odoln\u00fdch ucp\u00e1vek jej nechte p\u0159ed opl\u00e1chnut\u00edm a\u017e 1 hodinu odpo\u010d\u00edvat.<\/li>\n<li><strong>Oplachov\u00e1n\u00ed a kontrola pr\u016ftoku <\/strong>: Po uplynut\u00ed \u010dekac\u00ed doby d\u016fkladn\u011b opl\u00e1chn\u011bte horkou vodou, abyste odstranili rozpu\u0161t\u011bn\u00e9 zbytky a zajistili optim\u00e1ln\u00ed pr\u016ftok vody. V p\u0159\u00edpad\u011b pot\u0159eby proces u p\u0159etrv\u00e1vaj\u00edc\u00edch ucp\u00e1n\u00ed zopakujte.<\/li>\n<li><strong>Preventivn\u00ed \u00fadr\u017eba <\/strong>: Abyste zabr\u00e1nili vzniku nov\u00fdch ucp\u00e1vek, pou\u017e\u00edvejte jednou za m\u011bs\u00edc mal\u00e9 mno\u017estv\u00ed p\u0159\u00edpravku k postupn\u00e9mu rozpou\u0161t\u011bn\u00ed usazenin a udr\u017eov\u00e1n\u00ed spr\u00e1vn\u00e9 funkce potrub\u00ed.<\/li>\n<li><strong>Bezpe\u010dnostn\u00ed opat\u0159en\u00ed pro pou\u017eit\u00ed <\/strong>: Nem\u00edchejte s jin\u00fdmi chemick\u00fdmi p\u0159\u00edpravky, zejm\u00e9na s odblokovac\u00edmi prost\u0159edky obsahuj\u00edc\u00edmi sodu nebo kyselinu s\u00edrovou. Zabra\u0148te kontaktu s k\u016f\u017e\u00ed a o\u010dima. V p\u0159\u00edpad\u011b n\u00e1hodn\u00e9ho kontaktu okam\u017eit\u011b opl\u00e1chn\u011bte \u010distou vodou a v p\u0159\u00edpad\u011b pot\u0159eby vyhledejte l\u00e9ka\u0159e.<\/li>\n<li><strong>Skladov\u00e1n\u00ed a konzervace <\/strong>: V\u00fdrobek skladujte na such\u00e9m a chladn\u00e9m m\u00edst\u011b, mimo dosah sv\u011btla a d\u011bt\u00ed. Po pou\u017eit\u00ed lahvi\u010dku pevn\u011b uzav\u0159ete, aby nedo\u0161lo k odpa\u0159en\u00ed nebo zm\u011bn\u011b roztoku.<\/li>\n<\/ul>\n<p>S t\u00edmto odblokova\u010dem sprch a van rychle a \u00fa\u010dinn\u011b odstran\u00edte ucpan\u00e9 vany a z\u00e1rove\u0148 zajist\u00edte optim\u00e1ln\u00ed \u00fadr\u017ebu sv\u00fdch instalac\u00ed. Vychutnejte si trval\u00fd komfort d\u00edky zachov\u00e1n\u00ed plynul\u00e9ho pr\u016ftoku vody a p\u0159edch\u00e1zen\u00ed probl\u00e9m\u016fm s ucp\u00e1v\u00e1n\u00edm.<\/p>","protected":false},"excerpt":{"rendered":"<p>Fast and Effective Removal of Clogs.\u00a0This shower and bathtub unblocker is specially formulated to dissolve clogs caused by hair, soap residue, body grease, and other impurities that accumulate in pipes. It works deep down to restore smooth water flow and prevent stagnant water, which causes bad odors and makes using your shower or bathtub uncomfortable. [&hellip;]<\/p>\n","protected":false},"featured_media":27171,"comment_status":"open","ping_status":"closed","template":"","meta":{"_uag_custom_page_level_css":"","site-sidebar-layout":"default","site-content-layout":"","ast-site-content-layout":"default","site-content-style":"default","site-sidebar-style":"default","ast-global-header-display":"","ast-banner-title-visibility":"","ast-main-header-display":"","ast-hfb-above-header-display":"","ast-hfb-below-header-display":"","ast-hfb-mobile-header-display":"","site-post-title":"","ast-breadcrumbs-content":"","ast-featured-img":"","footer-sml-layout":"","ast-disable-related-posts":"","theme-transparent-header-meta":"default","adv-header-id-meta":"","stick-header-meta":"","header-above-stick-meta":"","header-main-stick-meta":"","header-below-stick-meta":"","astra-migrate-meta-layouts":"set","ast-page-background-enabled":"default","ast-page-background-meta":{"desktop":{"background-color":"var(--ast-global-color-4)","background-image":"","background-repeat":"repeat","background-position":"center center","background-size":"auto","background-attachment":"scroll","background-type":"","background-media":"","overlay-type":"","overlay-color":"","overlay-opacity":"","overlay-gradient":""},"tablet":{"background-color":"","background-image":"","background-repeat":"repeat","background-position":"center center","background-size":"auto","background-attachment":"scroll","background-type":"","background-media":"","overlay-type":"","overlay-color":"","overlay-opacity":"","overlay-gradient":""},"mobile":{"background-color":"","background-image":"","background-repeat":"repeat","background-position":"center center","background-size":"auto","background-attachment":"scroll","background-type":"","background-media":"","overlay-type":"","overlay-color":"","overlay-opacity":"","overlay-gradient":""}},"ast-content-background-meta":{"desktop":{"background-color":"var(--ast-global-color-5)","background-image":"","background-repeat":"repeat","background-position":"center center","background-size":"auto","background-attachment":"scroll","background-type":"","background-media":"","overlay-type":"","overlay-color":"","overlay-opacity":"","overlay-gradient":""},"tablet":{"background-color":"var(--ast-global-color-5)","background-image":"","background-repeat":"repeat","background-position":"center center","background-size":"auto","background-attachment":"scroll","background-type":"","background-media":"","overlay-type":"","overlay-color":"","overlay-opacity":"","overlay-gradient":""},"mobile":{"background-color":"var(--ast-global-color-5)","background-image":"","background-repeat":"repeat","background-position":"center center","background-size":"auto","background-attachment":"scroll","background-type":"","background-media":"","overlay-type":"","overlay-color":"","overlay-opacity":"","overlay-gradient":""}}},"product_brand":[],"product_cat":[175],"product_tag":[],"class_list":{"0":"post-25293","1":"product","2":"type-product","3":"status-publish","4":"has-post-thumbnail","6":"product_cat-cleaning-products","7":"desktop-align-left","8":"tablet-align-left","9":"mobile-align-left","11":"first","12":"instock","13":"sale","14":"taxable","15":"shipping-taxable","16":"purchasable","17":"product-type-variable","18":"has-default-attributes"},"spectra_custom_meta":{"_visibility":["visible"],"_shopify_product_id":["9062225674485"],"_s2w_shopify_domain":["ferberpainting.myshopify.com"],"_shopify_variant_id":["46488080285941"],"_sku":[""],"_manage_stock":["no"],"total_sales":["6"],"_tax_status":["taxable"],"_tax_class":[""],"_backorders":["no"],"_sold_individually":["no"],"_virtual":["no"],"_downloadable":["no"],"_download_limit":["-1"],"_download_expiry":["-1"],"_stock":[null],"_stock_status":["instock"],"_wc_average_rating":["4.57"],"_wc_review_count":["7"],"_product_attributes":["a:1:{s:6:\"volume\";a:6:{s:4:\"name\";s:6:\"Volume\";s:5:\"value\";s:20:\"5 liters | 25 liters\";s:8:\"position\";i:1;s:10:\"is_visible\";i:0;s:12:\"is_variation\";i:1;s:11:\"is_taxonomy\";i:0;}}"],"_product_version":["10.5.1"],"_thumbnail_id":["27171"],"_product_image_gallery":["27172"],"wpse_downloadable_file_names":[""],"wpse_downloadable_file_urls":[""],"_edit_last":["1"],"_default_attributes":["a:1:{s:6:\"volume\";s:8:\"5 liters\";}"],"_edit_lock":["1771234739:1"],"merchant-center-availability":["yes"],"merchant-center-category":["1749"],"_price":["29.90","129.90"],"_wp_page_template":["default"],"site-sidebar-layout":["default"],"ast-site-content-layout":["default"],"site-content-style":["default"],"site-sidebar-style":["default"],"theme-transparent-header-meta":["default"],"_wc_rating_count":["a:2:{i:4;i:3;i:5;i:4;}"],"astra-migrate-meta-layouts":["set"],"_uag_css_file_name":["uag-css-25293.css"],"_elementor_page_assets":["a:0:{}"],"_uag_page_assets":["a:9:{s:3:\"css\";s:6873:\".wp-block-uagb-image{display:flex}.wp-block-uagb-image__figure{position:relative;display:flex;flex-direction:column;max-width:100%;height:auto;margin:0}.wp-block-uagb-image__figure img{height:auto;display:flex;max-width:100%;transition:box-shadow .2s ease}.wp-block-uagb-image__figure>a{display:inline-block}.wp-block-uagb-image__figure figcaption{text-align:center;margin-top:.5em;margin-bottom:1em}.wp-block-uagb-image .components-placeholder.block-editor-media-placeholder .components-placeholder__instructions{align-self:center}.wp-block-uagb-image--align-left{text-align:left}.wp-block-uagb-image--align-right{text-align:right}.wp-block-uagb-image--align-center{text-align:center}.wp-block-uagb-image--align-full .wp-block-uagb-image__figure{margin-left:calc(50% - 50vw);margin-right:calc(50% - 50vw);max-width:100vw;width:100vw;height:auto}.wp-block-uagb-image--align-full .wp-block-uagb-image__figure img{height:auto;width:100% !important}.wp-block-uagb-image--align-wide .wp-block-uagb-image__figure img{height:auto;width:100%}.wp-block-uagb-image--layout-overlay__color-wrapper{position:absolute;left:0;top:0;right:0;bottom:0;opacity:.2;background:rgba(0,0,0,.5);transition:opacity .35s ease-in-out}.wp-block-uagb-image--layout-overlay-link{position:absolute;left:0;right:0;bottom:0;top:0}.wp-block-uagb-image--layout-overlay .wp-block-uagb-image__figure:hover .wp-block-uagb-image--layout-overlay__color-wrapper{opacity:1}.wp-block-uagb-image--layout-overlay__inner{position:absolute;left:15px;right:15px;bottom:15px;top:15px;display:flex;align-items:center;justify-content:center;flex-direction:column;border-color:#fff;transition:.35s ease-in-out}.wp-block-uagb-image--layout-overlay__inner.top-left,.wp-block-uagb-image--layout-overlay__inner.top-center,.wp-block-uagb-image--layout-overlay__inner.top-right{justify-content:flex-start}.wp-block-uagb-image--layout-overlay__inner.bottom-left,.wp-block-uagb-image--layout-overlay__inner.bottom-center,.wp-block-uagb-image--layout-overlay__inner.bottom-right{justify-content:flex-end}.wp-block-uagb-image--layout-overlay__inner.top-left,.wp-block-uagb-image--layout-overlay__inner.center-left,.wp-block-uagb-image--layout-overlay__inner.bottom-left{align-items:flex-start}.wp-block-uagb-image--layout-overlay__inner.top-right,.wp-block-uagb-image--layout-overlay__inner.center-right,.wp-block-uagb-image--layout-overlay__inner.bottom-right{align-items:flex-end}.wp-block-uagb-image--layout-overlay__inner .uagb-image-heading{color:#fff;transition:transform .35s,opacity .35s ease-in-out;transform:translate3d(0, 24px, 0);margin:0;line-height:1em}.wp-block-uagb-image--layout-overlay__inner .uagb-image-separator{width:30%;border-top-width:2px;border-top-color:#fff;border-top-style:solid;margin-bottom:10px;opacity:0;transition:transform .4s,opacity .4s ease-in-out;transform:translate3d(0, 30px, 0)}.wp-block-uagb-image--layout-overlay__inner .uagb-image-caption{opacity:0;overflow:visible;color:#fff;transition:transform .45s,opacity .45s ease-in-out;transform:translate3d(0, 35px, 0)}.wp-block-uagb-image--layout-overlay__inner:hover .uagb-image-heading,.wp-block-uagb-image--layout-overlay__inner:hover .uagb-image-separator,.wp-block-uagb-image--layout-overlay__inner:hover .uagb-image-caption{opacity:1;transform:translate3d(0, 0, 0)}.wp-block-uagb-image--effect-zoomin .wp-block-uagb-image__figure img,.wp-block-uagb-image--effect-zoomin .wp-block-uagb-image__figure .wp-block-uagb-image--layout-overlay__color-wrapper{transform:scale(1);transition:transform .35s ease-in-out}.wp-block-uagb-image--effect-zoomin .wp-block-uagb-image__figure:hover img,.wp-block-uagb-image--effect-zoomin .wp-block-uagb-image__figure:hover .wp-block-uagb-image--layout-overlay__color-wrapper{transform:scale(1.05)}.wp-block-uagb-image--effect-slide .wp-block-uagb-image__figure img,.wp-block-uagb-image--effect-slide .wp-block-uagb-image__figure .wp-block-uagb-image--layout-overlay__color-wrapper{width:calc(100% + 40px) !important;max-width:none !important;transform:translate3d(-40px, 0, 0);transition:transform .35s ease-in-out}.wp-block-uagb-image--effect-slide .wp-block-uagb-image__figure:hover img,.wp-block-uagb-image--effect-slide .wp-block-uagb-image__figure:hover .wp-block-uagb-image--layout-overlay__color-wrapper{transform:translate3d(0, 0, 0)}.wp-block-uagb-image--effect-grayscale img{filter:grayscale(0%);transition:.35s ease-in-out}.wp-block-uagb-image--effect-grayscale:hover img{filter:grayscale(100%)}.wp-block-uagb-image--effect-blur img{filter:blur(0);transition:.35s ease-in-out}.wp-block-uagb-image--effect-blur:hover img{filter:blur(3px)}.uagb-block-e6f939b3.wp-block-uagb-image--layout-default figure img{box-shadow: 0px 0px 0 #00000070;}.uagb-block-e6f939b3.wp-block-uagb-image .wp-block-uagb-image__figure figcaption{font-style: normal;align-self: center;}.uagb-block-e6f939b3.wp-block-uagb-image--layout-overlay figure img{box-shadow: 0px 0px 0 #00000070;}.uagb-block-e6f939b3.wp-block-uagb-image--layout-overlay .wp-block-uagb-image--layout-overlay__color-wrapper{opacity: 0.2;}.uagb-block-e6f939b3.wp-block-uagb-image--layout-overlay .wp-block-uagb-image--layout-overlay__inner{left: 15px;right: 15px;top: 15px;bottom: 15px;}.uagb-block-e6f939b3.wp-block-uagb-image--layout-overlay .wp-block-uagb-image--layout-overlay__inner .uagb-image-heading{font-style: normal;color: #fff;opacity: 1;}.uagb-block-e6f939b3.wp-block-uagb-image--layout-overlay .wp-block-uagb-image--layout-overlay__inner .uagb-image-heading a{color: #fff;}.uagb-block-e6f939b3.wp-block-uagb-image--layout-overlay .wp-block-uagb-image--layout-overlay__inner .uagb-image-caption{opacity: 0;}.uagb-block-e6f939b3.wp-block-uagb-image--layout-overlay .wp-block-uagb-image__figure:hover .wp-block-uagb-image--layout-overlay__color-wrapper{opacity: 1;}.uagb-block-e6f939b3.wp-block-uagb-image .wp-block-uagb-image--layout-overlay__inner .uagb-image-separator{width: 30%;border-top-width: 2px;border-top-color: #fff;opacity: 0;}.uagb-block-e6f939b3.wp-block-uagb-image .wp-block-uagb-image__figure img{width: px;height: auto;}.uagb-block-e6f939b3.wp-block-uagb-image .wp-block-uagb-image__figure:hover .wp-block-uagb-image--layout-overlay__inner .uagb-image-caption{opacity: 1;}.uagb-block-e6f939b3.wp-block-uagb-image .wp-block-uagb-image__figure:hover .wp-block-uagb-image--layout-overlay__inner .uagb-image-separator{opacity: 1;}.uagb-block-e6f939b3.wp-block-uagb-image--layout-default figure:hover img{box-shadow: 0px 0px 0 #00000070;}.uagb-block-e6f939b3.wp-block-uagb-image--layout-overlay figure:hover img{box-shadow: 0px 0px 0 #00000070;}@media only screen and (max-width: 976px) {.uagb-block-e6f939b3.wp-block-uagb-image .wp-block-uagb-image__figure img{width: px;height: auto;}}@media only screen and (max-width: 767px) {.uagb-block-e6f939b3.wp-block-uagb-image .wp-block-uagb-image__figure img{width: px;height: auto;}}\";s:2:\"js\";s:0:\"\";s:18:\"current_block_list\";a:13:{i:0;s:11:\"core\/search\";i:1;s:10:\"core\/group\";i:2;s:12:\"core\/heading\";i:3;s:17:\"core\/latest-posts\";i:4;s:20:\"core\/latest-comments\";i:5;s:13:\"core\/archives\";i:6;s:15:\"core\/categories\";i:7;s:14:\"core\/paragraph\";i:8;s:10:\"uagb\/image\";i:9;s:11:\"core\/spacer\";i:10;s:30:\"woocommerce\/product-categories\";i:11;s:10:\"core\/image\";i:12;s:14:\"core\/shortcode\";}s:8:\"uag_flag\";b:1;s:11:\"uag_version\";s:10:\"1777236305\";s:6:\"gfonts\";a:0:{}s:10:\"gfonts_url\";s:0:\"\";s:12:\"gfonts_files\";a:0:{}s:14:\"uag_faq_layout\";b:0;}"]},"uagb_featured_image_src":{"full":["https:\/\/www.ferberpainting.com\/wp-content\/uploads\/2025\/05\/ShowerandBathroomUnblocker5L.png",2560,2560,false],"thumbnail":["https:\/\/www.ferberpainting.com\/wp-content\/uploads\/2025\/05\/ShowerandBathroomUnblocker5L-150x150.png",150,150,true],"medium":["https:\/\/www.ferberpainting.com\/wp-content\/uploads\/2025\/05\/ShowerandBathroomUnblocker5L-300x300.png",300,300,true],"medium_large":["https:\/\/www.ferberpainting.com\/wp-content\/uploads\/2025\/05\/ShowerandBathroomUnblocker5L-768x768.png",768,768,true],"large":["https:\/\/www.ferberpainting.com\/wp-content\/uploads\/2025\/05\/ShowerandBathroomUnblocker5L-1024x1024.png",1024,1024,true],"1536x1536":["https:\/\/www.ferberpainting.com\/wp-content\/uploads\/2025\/05\/ShowerandBathroomUnblocker5L-1536x1536.png",1536,1536,true],"2048x2048":["https:\/\/www.ferberpainting.com\/wp-content\/uploads\/2025\/05\/ShowerandBathroomUnblocker5L-2048x2048.png",2048,2048,true],"trp-custom-language-flag":["https:\/\/www.ferberpainting.com\/wp-content\/uploads\/2025\/05\/ShowerandBathroomUnblocker5L-12x12.png",12,12,true],"woocommerce_thumbnail":["https:\/\/www.ferberpainting.com\/wp-content\/uploads\/2025\/05\/ShowerandBathroomUnblocker5L-300x300.png",300,300,true],"woocommerce_single":["https:\/\/www.ferberpainting.com\/wp-content\/uploads\/2025\/05\/ShowerandBathroomUnblocker5L-600x600.png",600,600,true],"woocommerce_gallery_thumbnail":["https:\/\/www.ferberpainting.com\/wp-content\/uploads\/2025\/05\/ShowerandBathroomUnblocker5L-100x100.png",100,100,true]},"uagb_author_info":{"display_name":"admin","author_link":"https:\/\/www.ferberpainting.com\/cz\/author\/"},"uagb_comment_info":7,"uagb_excerpt":"Fast and Effective Removal of Clogs.\u00a0This shower and bathtub unblocker is specially formulated to dissolve clogs caused by hair, soap residue, body grease, and other impurities that accumulate in pipes. It works deep down to restore smooth water flow and prevent stagnant water, which causes bad odors and makes using your shower or bathtub uncomfortable.&hellip;","_links":{"self":[{"href":"https:\/\/www.ferberpainting.com\/cz\/wp-json\/wp\/v2\/product\/25293","targetHints":{"allow":["GET"]}}],"collection":[{"href":"https:\/\/www.ferberpainting.com\/cz\/wp-json\/wp\/v2\/product"}],"about":[{"href":"https:\/\/www.ferberpainting.com\/cz\/wp-json\/wp\/v2\/types\/product"}],"replies":[{"embeddable":true,"href":"https:\/\/www.ferberpainting.com\/cz\/wp-json\/wp\/v2\/comments?post=25293"}],"version-history":[{"count":4,"href":"https:\/\/www.ferberpainting.com\/cz\/wp-json\/wp\/v2\/product\/25293\/revisions"}],"predecessor-version":[{"id":167279,"href":"https:\/\/www.ferberpainting.com\/cz\/wp-json\/wp\/v2\/product\/25293\/revisions\/167279"}],"wp:featuredmedia":[{"embeddable":true,"href":"https:\/\/www.ferberpainting.com\/cz\/wp-json\/wp\/v2\/media\/27171"}],"wp:attachment":[{"href":"https:\/\/www.ferberpainting.com\/cz\/wp-json\/wp\/v2\/media?parent=25293"}],"wp:term":[{"taxonomy":"product_brand","embeddable":true,"href":"https:\/\/www.ferberpainting.com\/cz\/wp-json\/wp\/v2\/product_brand?post=25293"},{"taxonomy":"product_cat","embeddable":true,"href":"https:\/\/www.ferberpainting.com\/cz\/wp-json\/wp\/v2\/product_cat?post=25293"},{"taxonomy":"product_tag","embeddable":true,"href":"https:\/\/www.ferberpainting.com\/cz\/wp-json\/wp\/v2\/product_tag?post=25293"}],"curies":[{"name":"wp","href":"https:\/\/api.w.org\/{rel}","templated":true}]}}