{"id":25287,"date":"2025-06-18T09:29:11","date_gmt":"2025-06-18T07:29:11","guid":{"rendered":"https:\/\/www.ferberpainting.com\/?post_type=product&#038;p=25287"},"modified":"2026-02-16T10:32:28","modified_gmt":"2026-02-16T09:32:28","slug":"shoe-water-repellent","status":"publish","type":"product","link":"https:\/\/www.ferberpainting.com\/cz\/products\/shoe-water-repellent\/","title":{"rendered":"Odpuzova\u010d vody v obuvi"},"content":{"rendered":"<p><strong><img decoding=\"async\" style=\"margin-right: 12px;\" src=\"https:\/\/www.ferberpainting.com\/wp-content\/uploads\/2026\/02\/Check.svg\" alt=\"\" width=\"18\" height=\"15\" \/>\u00da\u010dinn\u00e1 ochrana proti vlhkosti a skvrn\u00e1m.<\/strong>\u00a0Tento impregna\u010dn\u00ed p\u0159\u00edpravek na boty je ide\u00e1ln\u00edm \u0159e\u0161en\u00edm, jak ochr\u00e1nit boty p\u0159ed pov\u011btrnostn\u00edmi vlivy, vlhkost\u00ed, bl\u00e1tem a skvrnami. A\u0165 u\u017e jsou va\u0161e boty vyrobeny z k\u016f\u017ee, pl\u00e1tna, semi\u0161e nebo nubuku, tento v\u00fdrobek vytvo\u0159\u00ed neviditelnou bari\u00e9ru, kter\u00e1 zabra\u0148uje pronik\u00e1n\u00ed vody a z\u00e1rove\u0148 umo\u017e\u0148uje materi\u00e1lu d\u00fdchat. Udr\u017e\u00ed va\u0161e nohy v suchu i za de\u0161t\u011b a zabr\u00e1n\u00ed vzniku vodn\u00edch stop a skvrn, kter\u00e9 by mohly zm\u011bnit vzhled va\u0161ich bot. Va\u0161e boty z\u016fstanou jako nov\u00e9, chr\u00e1n\u011bn\u00e9 a p\u0159ipraven\u00e9 \u010delit v\u0161em pov\u011btrnostn\u00edm podm\u00ednk\u00e1m.<\/p>\n<p><strong><img decoding=\"async\" style=\"margin-right: 12px;\" src=\"https:\/\/www.ferberpainting.com\/wp-content\/uploads\/2026\/02\/Check.svg\" alt=\"\" width=\"18\" height=\"15\" \/>Z\u00e1ruka vr\u00e1cen\u00ed pen\u011bz.<\/strong>\u00a0Jsme p\u0159esv\u011bd\u010deni o \u00fa\u010dinnosti na\u0161eho produktu, a proto nab\u00edz\u00edme z\u00e1ruku spokojenosti nebo vr\u00e1cen\u00ed pen\u011bz. Pokud z jak\u00e9hokoli d\u016fvodu nebudete s v\u00fdsledky na\u0161eho impregna\u010dn\u00edho p\u0159\u00edpravku na boty zcela spokojeni, m\u016f\u017eete po\u017e\u00e1dat o vr\u00e1cen\u00ed pen\u011bz v pln\u00e9 v\u00fd\u0161i. D\u00edky t\u00e9to z\u00e1ruce m\u016f\u017eete nakupovat s klidn\u00fdm sv\u011bdom\u00edm, proto\u017ee v\u00edte, \u017ee pokud v\u00fdrobek nespln\u00ed va\u0161e o\u010dek\u00e1v\u00e1n\u00ed, m\u016f\u017eete dostat sv\u00e9 pen\u00edze zp\u011bt.<\/p>\n<p><strong><img decoding=\"async\" style=\"margin-right: 12px;\" src=\"https:\/\/www.ferberpainting.com\/wp-content\/uploads\/2026\/02\/Check.svg\" alt=\"\" width=\"18\" height=\"15\" \/>Univerz\u00e1ln\u00ed pro r\u016fzn\u00e9 materi\u00e1ly.<\/strong>\u00a0Tento impregna\u010dn\u00ed p\u0159\u00edpravek na obuv je velmi univerz\u00e1ln\u00ed a funguje na \u0161irokou \u0161k\u00e1lu materi\u00e1l\u016f. Je ide\u00e1ln\u00ed pro k\u016f\u017ei, pl\u00e1tno, semi\u0161, nubuk a syntetick\u00e9 materi\u00e1ly. Lze jej pou\u017e\u00edt tak\u00e9 na ta\u0161ky, kab\u00e1ty, rukavice a dal\u0161\u00ed dopl\u0148ky vyroben\u00e9 z t\u011bchto materi\u00e1l\u016f. A\u0165 u\u017e jsou va\u0161e boty sportovn\u00ed, elegantn\u00ed, nebo b\u011b\u017en\u00e9 pl\u00e1t\u011bn\u00e9 tenisky, tento v\u00fdrobek nab\u00edz\u00ed spolehlivou a odolnou ochranu proti vlhkosti a skvrn\u00e1m.<\/p>\n<p><strong><img decoding=\"async\" style=\"margin-right: 12px;\" src=\"https:\/\/www.ferberpainting.com\/wp-content\/uploads\/2026\/02\/Check.svg\" alt=\"\" width=\"18\" height=\"15\" \/>N\u00e1kladov\u011b efektivn\u00ed.<\/strong>\u00a0Tento v\u00fdrobek je velmi \u00fasporn\u00fd. S p\u011btilitrovou n\u00e1dobou m\u016f\u017eete o\u0161et\u0159it velk\u00e9 mno\u017estv\u00ed bot. Jeden litr impregna\u010dn\u00edho prost\u0159edku dok\u00e1\u017ee v pr\u016fm\u011bru o\u0161et\u0159it a\u017e 50 p\u00e1r\u016f bot, v z\u00e1vislosti na pou\u017eit\u00e9m mno\u017estv\u00ed a typu materi\u00e1lu. D\u00edky t\u00e9to vysok\u00e9 v\u00fdt\u011b\u017enosti je impregna\u010dn\u00ed p\u0159\u00edpravek na obuv n\u00e1kladov\u011b efektivn\u00edm a dlouhodob\u00fdm \u0159e\u0161en\u00edm, kter\u00e9 poskytuje dlouhodobou ochranu bez nutnosti \u010dast\u00e9ho opakov\u00e1n\u00ed aplikace.<\/p>\n<p><strong><img decoding=\"async\" style=\"margin-right: 12px;\" src=\"https:\/\/www.ferberpainting.com\/wp-content\/uploads\/2026\/02\/Check.svg\" alt=\"\" width=\"18\" height=\"15\" \/>Bezpe\u010dn\u00e9 a \u0161etrn\u00e9 k materi\u00e1lu.<\/strong>\u00a0Tento impregna\u010dn\u00ed p\u0159\u00edpravek na boty je vyroben tak, aby byl bezpe\u010dn\u00fd pro v\u00e1s i pro va\u0161e boty. Je vyroben z \u0161etrn\u00fdch slo\u017eek, kter\u00e9 nem\u011bn\u00ed barvu ani strukturu materi\u00e1lu, ani nepo\u0161kozuj\u00ed jeho povrch. Neobsahuje ani \u0161kodliv\u00e9 chemick\u00e9 l\u00e1tky, tak\u017ee je bezpe\u010dn\u00fd pro dom\u00e1c\u00ed pou\u017eit\u00ed. Tento v\u00fdrobek m\u016f\u017eete pou\u017e\u00edvat s d\u016fv\u011brou, proto\u017ee v\u00edte, \u017ee nepo\u0161kod\u00ed va\u0161e zdrav\u00ed ani boty.<\/p>\n<p><strong><img decoding=\"async\" style=\"margin-right: 12px;\" src=\"https:\/\/www.ferberpainting.com\/wp-content\/uploads\/2026\/02\/Check.svg\" alt=\"\" width=\"18\" height=\"15\" \/>Snadn\u00e9 pou\u017eit\u00ed.<\/strong>\u00a0Aplikace impregna\u010dn\u00edho p\u0159\u00edpravku na boty je jednoduch\u00e1 a rychl\u00e1. Je p\u0159ipraven k pou\u017eit\u00ed, nevy\u017eaduje \u017e\u00e1dn\u00e9 \u0159ed\u011bn\u00ed ani slo\u017eitou p\u0159\u00edpravu. Sta\u010d\u00ed p\u0159\u00edpravek rovnom\u011brn\u011b nast\u0159\u00edkat na povrch obuvi a ujistit se, \u017ee jsou pokryta v\u0161echna m\u00edsta vystaven\u00e1 vlhkosti. Impregna\u010dn\u00ed prost\u0159edek se snadno rozt\u00edr\u00e1 a rychle pronik\u00e1 do materi\u00e1lu, \u010d\u00edm\u017e vytv\u00e1\u0159\u00ed neviditelnou ochranu. Sta\u010d\u00ed n\u011bkolik jednoduch\u00fdch krok\u016f a va\u0161e boty jsou p\u0159ipraveny \u010delit de\u0161ti nebo sn\u011bhu.<\/p>\n<p><strong><img decoding=\"async\" style=\"margin-right: 12px;\" src=\"https:\/\/www.ferberpainting.com\/wp-content\/uploads\/2026\/02\/Check.svg\" alt=\"\" width=\"18\" height=\"15\" \/>Odoln\u00e1 ochrana.<\/strong>\u00a0Impregnace obuvi zaji\u0161\u0165uje dlouhotrvaj\u00edc\u00ed ochranu. Po nanesen\u00ed vytvo\u0159\u00ed odolnou bari\u00e9ru, kter\u00e1 odpuzuje vodu a skvrny, a to i po n\u011bkolika \u010di\u0161t\u011bn\u00edch. Nebudete ho muset znovu nan\u00e1\u0161et po ka\u017ed\u00e9m pran\u00ed nebo proch\u00e1zce v de\u0161ti. Ochrana vydr\u017e\u00ed n\u011bkolik m\u011bs\u00edc\u016f a pom\u00e1h\u00e1 udr\u017eovat boty v perfektn\u00edm stavu bez obav z vlhkosti a \u0161p\u00edny. Tento v\u00fdrobek je trvanliv\u00fdm \u0159e\u0161en\u00edm ochrany va\u0161\u00ed obuvi.<\/p>\n<p><strong><img decoding=\"async\" style=\"margin-right: 12px;\" src=\"https:\/\/www.ferberpainting.com\/wp-content\/uploads\/2026\/02\/Check.svg\" alt=\"\" width=\"18\" height=\"15\" \/>Rychl\u00e9 p\u016fsoben\u00ed.<\/strong>\u00a0Tento produkt funguje rychle. Po nanesen\u00ed zasych\u00e1 p\u0159ibli\u017en\u011b za 1 a\u017e 2 hodiny p\u0159i pokojov\u00e9 teplot\u011b v z\u00e1vislosti na pov\u011btrnostn\u00edch podm\u00ednk\u00e1ch a typu materi\u00e1lu. To znamen\u00e1, \u017ee m\u016f\u017eete boty rychle znovu nosit, ani\u017e byste museli \u010dekat n\u011bkolik hodin. Po zaschnut\u00ed je ochrana okam\u017eit\u011b aktivn\u00ed. Nen\u00ed t\u0159eba \u010dekat hodiny, ne\u017e p\u0159\u00edpravek za\u010dne p\u016fsobit - po kr\u00e1tk\u00e9 dob\u011b schnut\u00ed jsou va\u0161e boty pln\u011b chr\u00e1n\u011bny.<\/p>\n<h2><strong>Protokol o pou\u017eit\u00ed<\/strong><\/h2>\n<ul>\n<li><strong>P\u0159\u00edprava povrchu <\/strong>: P\u0159ed pou\u017eit\u00edm impregna\u010dn\u00edho p\u0159\u00edpravku na boty se ujist\u011bte, \u017ee jsou boty \u010dist\u00e9 a such\u00e9. P\u0159\u00edpadn\u00e9 ne\u010distoty nebo prach odstra\u0148te m\u011bkk\u00fdm had\u0159\u00edkem nebo kart\u00e1\u010dkem. Pokud jsou va\u0161e boty velmi zne\u010di\u0161t\u011bn\u00e9, doporu\u010dujeme je p\u0159ed aplikac\u00ed p\u0159\u00edpravku o\u010distit. Aplikace na \u010dist\u00fd povrch umo\u017e\u0148uje lep\u0161\u00ed p\u0159ilnavost a \u00fa\u010dinn\u011bj\u0161\u00ed ochranu.<\/li>\n<li><strong>Aplikace produktu <\/strong>: P\u0159ed pou\u017eit\u00edm lahvi\u010dku dob\u0159e prot\u0159epejte. P\u0159\u00edpravek naneste asi 20 cm od povrchu obuvi. Nast\u0159\u00edkejte rovnom\u011brnou, lehkou vrstvu na celou obuv a zam\u011b\u0159te se na m\u00edsta obzvl\u00e1\u0161t\u011b vystaven\u00e1 vlhkosti, jako jsou \u0161vy a podr\u00e1\u017eky. Vyvarujte se p\u0159esycen\u00ed materi\u00e1l\u016f - naneste tenkou a rovnom\u011brnou vrstvu. Pokud aplikujete p\u0159\u00edpravek na semi\u0161 nebo nubuk, vyhn\u011bte se nadm\u011brn\u00e9mu sm\u00e1\u010den\u00ed l\u00e1tky, abyste zabr\u00e1nili vzniku viditeln\u00fdch stop.<\/li>\n<li><strong>Rovnom\u011brn\u00e9 pokryt\u00ed <\/strong>: V p\u0159\u00edpad\u011b pot\u0159eby pou\u017eijte \u010dist\u00fd, m\u011bkk\u00fd had\u0159\u00edk k uhlazen\u00ed p\u0159\u00edpravku, aby se rovnom\u011brn\u011b rozprost\u0159el, zejm\u00e9na v m\u00edstech, kam se nedostane post\u0159ik. To pom\u00e1h\u00e1 dos\u00e1hnout rovnom\u011brn\u00e9ho pokryt\u00ed a \u00fa\u010dinn\u00e9 ochrany po cel\u00e9 bot\u011b.<\/li>\n<li><strong>Doba su\u0161en\u00ed <\/strong>: Obuv nechte schnout asi 1 a\u017e 2 hodiny p\u0159i pokojov\u00e9 teplot\u011b a okoln\u00ed vlhkosti. B\u011bhem su\u0161en\u00ed obuv nenoste, aby nedo\u0161lo k naru\u0161en\u00ed ochrany. Pokud je to mo\u017en\u00e9, um\u00edst\u011bte obuv do dob\u0159e v\u011btran\u00e9 m\u00edstnosti.<\/li>\n<li><strong>Op\u011btovn\u00e9 pod\u00e1n\u00ed \u017e\u00e1dosti <\/strong>: V z\u00e1vislosti na zp\u016fsobu pou\u017e\u00edv\u00e1n\u00ed m\u016f\u017eete pou\u017e\u00edt druhou vrstvu pro pos\u00edlen\u00ed ochrany, zejm\u00e9na pokud je obuv \u010dasto vystavena mokr\u00fdm nebo \u0161pinav\u00fdm podm\u00ednk\u00e1m. P\u0159ed nanesen\u00edm druh\u00e9 vrstvy se ujist\u011bte, \u017ee je prvn\u00ed vrstva zcela such\u00e1.<\/li>\n<li><strong>N\u00e1sledn\u00e1 p\u00e9\u010de <\/strong>: Po aplikaci m\u016f\u017eete boty norm\u00e1ln\u011b \u010distit, ani\u017e byste museli ochranu odstra\u0148ovat. O\u0161et\u0159en\u00e1 m\u00edsta v\u0161ak nedrhn\u011bte p\u0159\u00edli\u0161 intenzivn\u011b. V p\u0159\u00edpad\u011b pot\u0159eby aplikujte impregna\u010dn\u00ed prost\u0159edek znovu ka\u017ed\u00fdch 6 m\u011bs\u00edc\u016f, abyste udr\u017eeli jeho \u00fa\u010dinnost, nebo \u010dast\u011bji v z\u00e1vislosti na intenzit\u011b pou\u017e\u00edv\u00e1n\u00ed.<\/li>\n<\/ul>\n<p>Impregna\u010dn\u00ed prost\u0159edek na boty je jednoduch\u00fd, rychl\u00fd a ekonomick\u00fd v\u00fdrobek, kter\u00fd prodlou\u017e\u00ed \u017eivotnost va\u0161ich bot a z\u00e1rove\u0148 zachov\u00e1 jejich vzhled. D\u00edky snadn\u00e9 aplikaci a dlouhotrvaj\u00edc\u00edmu slo\u017een\u00ed se st\u00e1v\u00e1 nezbytn\u00fdm spojencem ka\u017ed\u00e9ho majitele bot, a\u0165 u\u017e jsou vyrobeny z k\u016f\u017ee, semi\u0161e, pl\u00e1tna nebo syntetick\u00fdch materi\u00e1l\u016f. Nedovolte, aby vlhkost a skvrny zni\u010dily va\u0161i obuv, ochra\u0148te ji na\u0161\u00edm v\u00fdkonn\u00fdm a neviditeln\u00fdm impregna\u010dn\u00edm roztokem.<\/p>","protected":false},"excerpt":{"rendered":"<p>Effective Protection Against Moisture and Stains.\u00a0This shoe waterproofer is the ideal solution to protect your shoes from the elements, humidity, mud, and stains. Whether your shoes are made of leather, canvas, suede, or nubuck, this product forms an invisible barrier that prevents water from penetrating while allowing the material to breathe. It keeps your feet [&hellip;]<\/p>\n","protected":false},"featured_media":30017,"comment_status":"open","ping_status":"closed","template":"","meta":{"_uag_custom_page_level_css":"","site-sidebar-layout":"default","site-content-layout":"","ast-site-content-layout":"default","site-content-style":"default","site-sidebar-style":"default","ast-global-header-display":"","ast-banner-title-visibility":"","ast-main-header-display":"","ast-hfb-above-header-display":"","ast-hfb-below-header-display":"","ast-hfb-mobile-header-display":"","site-post-title":"","ast-breadcrumbs-content":"","ast-featured-img":"","footer-sml-layout":"","ast-disable-related-posts":"","theme-transparent-header-meta":"default","adv-header-id-meta":"","stick-header-meta":"","header-above-stick-meta":"","header-main-stick-meta":"","header-below-stick-meta":"","astra-migrate-meta-layouts":"set","ast-page-background-enabled":"default","ast-page-background-meta":{"desktop":{"background-color":"var(--ast-global-color-4)","background-image":"","background-repeat":"repeat","background-position":"center center","background-size":"auto","background-attachment":"scroll","background-type":"","background-media":"","overlay-type":"","overlay-color":"","overlay-opacity":"","overlay-gradient":""},"tablet":{"background-color":"","background-image":"","background-repeat":"repeat","background-position":"center center","background-size":"auto","background-attachment":"scroll","background-type":"","background-media":"","overlay-type":"","overlay-color":"","overlay-opacity":"","overlay-gradient":""},"mobile":{"background-color":"","background-image":"","background-repeat":"repeat","background-position":"center center","background-size":"auto","background-attachment":"scroll","background-type":"","background-media":"","overlay-type":"","overlay-color":"","overlay-opacity":"","overlay-gradient":""}},"ast-content-background-meta":{"desktop":{"background-color":"var(--ast-global-color-5)","background-image":"","background-repeat":"repeat","background-position":"center center","background-size":"auto","background-attachment":"scroll","background-type":"","background-media":"","overlay-type":"","overlay-color":"","overlay-opacity":"","overlay-gradient":""},"tablet":{"background-color":"var(--ast-global-color-5)","background-image":"","background-repeat":"repeat","background-position":"center center","background-size":"auto","background-attachment":"scroll","background-type":"","background-media":"","overlay-type":"","overlay-color":"","overlay-opacity":"","overlay-gradient":""},"mobile":{"background-color":"var(--ast-global-color-5)","background-image":"","background-repeat":"repeat","background-position":"center center","background-size":"auto","background-attachment":"scroll","background-type":"","background-media":"","overlay-type":"","overlay-color":"","overlay-opacity":"","overlay-gradient":""}}},"product_brand":[],"product_cat":[191],"product_tag":[],"class_list":{"0":"post-25287","1":"product","2":"type-product","3":"status-publish","4":"has-post-thumbnail","6":"product_cat-water-repellent","7":"desktop-align-left","8":"tablet-align-left","9":"mobile-align-left","11":"first","12":"instock","13":"sale","14":"taxable","15":"shipping-taxable","16":"purchasable","17":"product-type-variable","18":"has-default-attributes"},"spectra_custom_meta":{"_visibility":["visible"],"_shopify_product_id":["9106574082293"],"_s2w_shopify_domain":["ferberpainting.myshopify.com"],"_shopify_variant_id":["46626284634357"],"_sku":[""],"_manage_stock":["no"],"total_sales":["33"],"_tax_status":["taxable"],"_tax_class":[""],"_backorders":["no"],"_sold_individually":["no"],"_virtual":["no"],"_downloadable":["no"],"_download_limit":["-1"],"_download_expiry":["-1"],"_stock":[null],"_stock_status":["instock"],"_wc_average_rating":["5.00"],"_wc_review_count":["10"],"_product_attributes":["a:1:{s:6:\"volume\";a:6:{s:4:\"name\";s:6:\"Volume\";s:5:\"value\";s:20:\"5 liters | 25 liters\";s:8:\"position\";i:1;s:10:\"is_visible\";i:0;s:12:\"is_variation\";i:1;s:11:\"is_taxonomy\";i:0;}}"],"_product_version":["10.5.1"],"wpse_downloadable_file_names":[""],"wpse_downloadable_file_urls":[""],"_edit_last":["1"],"_default_attributes":["a:1:{s:6:\"volume\";s:8:\"5 liters\";}"],"_edit_lock":["1771234208:1"],"_thumbnail_id":["30017"],"_wp_page_template":["default"],"_wp_old_date":["2025-05-26"],"_product_image_gallery":["30018"],"site-sidebar-layout":["default"],"ast-site-content-layout":["default"],"site-content-style":["default"],"site-sidebar-style":["default"],"theme-transparent-header-meta":["default"],"merchant-center-availability":["yes"],"merchant-center-category":["5604"],"_price":["29.90","129.90"],"_wc_rating_count":["a:1:{i:5;i:10;}"],"astra-migrate-meta-layouts":["set"],"_uag_css_file_name":["uag-css-25287.css"],"_elementor_page_assets":["a:0:{}"],"_uag_page_assets":["a:9:{s:3:\"css\";s:6873:\".wp-block-uagb-image{display:flex}.wp-block-uagb-image__figure{position:relative;display:flex;flex-direction:column;max-width:100%;height:auto;margin:0}.wp-block-uagb-image__figure img{height:auto;display:flex;max-width:100%;transition:box-shadow .2s ease}.wp-block-uagb-image__figure>a{display:inline-block}.wp-block-uagb-image__figure figcaption{text-align:center;margin-top:.5em;margin-bottom:1em}.wp-block-uagb-image .components-placeholder.block-editor-media-placeholder .components-placeholder__instructions{align-self:center}.wp-block-uagb-image--align-left{text-align:left}.wp-block-uagb-image--align-right{text-align:right}.wp-block-uagb-image--align-center{text-align:center}.wp-block-uagb-image--align-full .wp-block-uagb-image__figure{margin-left:calc(50% - 50vw);margin-right:calc(50% - 50vw);max-width:100vw;width:100vw;height:auto}.wp-block-uagb-image--align-full .wp-block-uagb-image__figure img{height:auto;width:100% !important}.wp-block-uagb-image--align-wide .wp-block-uagb-image__figure img{height:auto;width:100%}.wp-block-uagb-image--layout-overlay__color-wrapper{position:absolute;left:0;top:0;right:0;bottom:0;opacity:.2;background:rgba(0,0,0,.5);transition:opacity .35s ease-in-out}.wp-block-uagb-image--layout-overlay-link{position:absolute;left:0;right:0;bottom:0;top:0}.wp-block-uagb-image--layout-overlay .wp-block-uagb-image__figure:hover .wp-block-uagb-image--layout-overlay__color-wrapper{opacity:1}.wp-block-uagb-image--layout-overlay__inner{position:absolute;left:15px;right:15px;bottom:15px;top:15px;display:flex;align-items:center;justify-content:center;flex-direction:column;border-color:#fff;transition:.35s ease-in-out}.wp-block-uagb-image--layout-overlay__inner.top-left,.wp-block-uagb-image--layout-overlay__inner.top-center,.wp-block-uagb-image--layout-overlay__inner.top-right{justify-content:flex-start}.wp-block-uagb-image--layout-overlay__inner.bottom-left,.wp-block-uagb-image--layout-overlay__inner.bottom-center,.wp-block-uagb-image--layout-overlay__inner.bottom-right{justify-content:flex-end}.wp-block-uagb-image--layout-overlay__inner.top-left,.wp-block-uagb-image--layout-overlay__inner.center-left,.wp-block-uagb-image--layout-overlay__inner.bottom-left{align-items:flex-start}.wp-block-uagb-image--layout-overlay__inner.top-right,.wp-block-uagb-image--layout-overlay__inner.center-right,.wp-block-uagb-image--layout-overlay__inner.bottom-right{align-items:flex-end}.wp-block-uagb-image--layout-overlay__inner .uagb-image-heading{color:#fff;transition:transform .35s,opacity .35s ease-in-out;transform:translate3d(0, 24px, 0);margin:0;line-height:1em}.wp-block-uagb-image--layout-overlay__inner .uagb-image-separator{width:30%;border-top-width:2px;border-top-color:#fff;border-top-style:solid;margin-bottom:10px;opacity:0;transition:transform .4s,opacity .4s ease-in-out;transform:translate3d(0, 30px, 0)}.wp-block-uagb-image--layout-overlay__inner .uagb-image-caption{opacity:0;overflow:visible;color:#fff;transition:transform .45s,opacity .45s ease-in-out;transform:translate3d(0, 35px, 0)}.wp-block-uagb-image--layout-overlay__inner:hover .uagb-image-heading,.wp-block-uagb-image--layout-overlay__inner:hover .uagb-image-separator,.wp-block-uagb-image--layout-overlay__inner:hover .uagb-image-caption{opacity:1;transform:translate3d(0, 0, 0)}.wp-block-uagb-image--effect-zoomin .wp-block-uagb-image__figure img,.wp-block-uagb-image--effect-zoomin .wp-block-uagb-image__figure .wp-block-uagb-image--layout-overlay__color-wrapper{transform:scale(1);transition:transform .35s ease-in-out}.wp-block-uagb-image--effect-zoomin .wp-block-uagb-image__figure:hover img,.wp-block-uagb-image--effect-zoomin .wp-block-uagb-image__figure:hover .wp-block-uagb-image--layout-overlay__color-wrapper{transform:scale(1.05)}.wp-block-uagb-image--effect-slide .wp-block-uagb-image__figure img,.wp-block-uagb-image--effect-slide .wp-block-uagb-image__figure .wp-block-uagb-image--layout-overlay__color-wrapper{width:calc(100% + 40px) !important;max-width:none !important;transform:translate3d(-40px, 0, 0);transition:transform .35s ease-in-out}.wp-block-uagb-image--effect-slide .wp-block-uagb-image__figure:hover img,.wp-block-uagb-image--effect-slide .wp-block-uagb-image__figure:hover .wp-block-uagb-image--layout-overlay__color-wrapper{transform:translate3d(0, 0, 0)}.wp-block-uagb-image--effect-grayscale img{filter:grayscale(0%);transition:.35s ease-in-out}.wp-block-uagb-image--effect-grayscale:hover img{filter:grayscale(100%)}.wp-block-uagb-image--effect-blur img{filter:blur(0);transition:.35s ease-in-out}.wp-block-uagb-image--effect-blur:hover img{filter:blur(3px)}.uagb-block-e6f939b3.wp-block-uagb-image--layout-default figure img{box-shadow: 0px 0px 0 #00000070;}.uagb-block-e6f939b3.wp-block-uagb-image .wp-block-uagb-image__figure figcaption{font-style: normal;align-self: center;}.uagb-block-e6f939b3.wp-block-uagb-image--layout-overlay figure img{box-shadow: 0px 0px 0 #00000070;}.uagb-block-e6f939b3.wp-block-uagb-image--layout-overlay .wp-block-uagb-image--layout-overlay__color-wrapper{opacity: 0.2;}.uagb-block-e6f939b3.wp-block-uagb-image--layout-overlay .wp-block-uagb-image--layout-overlay__inner{left: 15px;right: 15px;top: 15px;bottom: 15px;}.uagb-block-e6f939b3.wp-block-uagb-image--layout-overlay .wp-block-uagb-image--layout-overlay__inner .uagb-image-heading{font-style: normal;color: #fff;opacity: 1;}.uagb-block-e6f939b3.wp-block-uagb-image--layout-overlay .wp-block-uagb-image--layout-overlay__inner .uagb-image-heading a{color: #fff;}.uagb-block-e6f939b3.wp-block-uagb-image--layout-overlay .wp-block-uagb-image--layout-overlay__inner .uagb-image-caption{opacity: 0;}.uagb-block-e6f939b3.wp-block-uagb-image--layout-overlay .wp-block-uagb-image__figure:hover .wp-block-uagb-image--layout-overlay__color-wrapper{opacity: 1;}.uagb-block-e6f939b3.wp-block-uagb-image .wp-block-uagb-image--layout-overlay__inner .uagb-image-separator{width: 30%;border-top-width: 2px;border-top-color: #fff;opacity: 0;}.uagb-block-e6f939b3.wp-block-uagb-image .wp-block-uagb-image__figure img{width: px;height: auto;}.uagb-block-e6f939b3.wp-block-uagb-image .wp-block-uagb-image__figure:hover .wp-block-uagb-image--layout-overlay__inner .uagb-image-caption{opacity: 1;}.uagb-block-e6f939b3.wp-block-uagb-image .wp-block-uagb-image__figure:hover .wp-block-uagb-image--layout-overlay__inner .uagb-image-separator{opacity: 1;}.uagb-block-e6f939b3.wp-block-uagb-image--layout-default figure:hover img{box-shadow: 0px 0px 0 #00000070;}.uagb-block-e6f939b3.wp-block-uagb-image--layout-overlay figure:hover img{box-shadow: 0px 0px 0 #00000070;}@media only screen and (max-width: 976px) {.uagb-block-e6f939b3.wp-block-uagb-image .wp-block-uagb-image__figure img{width: px;height: auto;}}@media only screen and (max-width: 767px) {.uagb-block-e6f939b3.wp-block-uagb-image .wp-block-uagb-image__figure img{width: px;height: auto;}}\";s:2:\"js\";s:0:\"\";s:18:\"current_block_list\";a:13:{i:0;s:11:\"core\/search\";i:1;s:10:\"core\/group\";i:2;s:12:\"core\/heading\";i:3;s:17:\"core\/latest-posts\";i:4;s:20:\"core\/latest-comments\";i:5;s:13:\"core\/archives\";i:6;s:15:\"core\/categories\";i:7;s:14:\"core\/paragraph\";i:8;s:10:\"uagb\/image\";i:9;s:11:\"core\/spacer\";i:10;s:30:\"woocommerce\/product-categories\";i:11;s:10:\"core\/image\";i:12;s:14:\"core\/shortcode\";}s:8:\"uag_flag\";b:1;s:11:\"uag_version\";s:10:\"1777264271\";s:6:\"gfonts\";a:0:{}s:10:\"gfonts_url\";s:0:\"\";s:12:\"gfonts_files\";a:0:{}s:14:\"uag_faq_layout\";b:0;}"]},"uagb_featured_image_src":{"full":["https:\/\/www.ferberpainting.com\/wp-content\/uploads\/2025\/05\/Shoe-Water-Repellent-5L.png",2560,2560,false],"thumbnail":["https:\/\/www.ferberpainting.com\/wp-content\/uploads\/2025\/05\/Shoe-Water-Repellent-5L-150x150.png",150,150,true],"medium":["https:\/\/www.ferberpainting.com\/wp-content\/uploads\/2025\/05\/Shoe-Water-Repellent-5L-300x300.png",300,300,true],"medium_large":["https:\/\/www.ferberpainting.com\/wp-content\/uploads\/2025\/05\/Shoe-Water-Repellent-5L-768x768.png",768,768,true],"large":["https:\/\/www.ferberpainting.com\/wp-content\/uploads\/2025\/05\/Shoe-Water-Repellent-5L-1024x1024.png",1024,1024,true],"1536x1536":["https:\/\/www.ferberpainting.com\/wp-content\/uploads\/2025\/05\/Shoe-Water-Repellent-5L-1536x1536.png",1536,1536,true],"2048x2048":["https:\/\/www.ferberpainting.com\/wp-content\/uploads\/2025\/05\/Shoe-Water-Repellent-5L-2048x2048.png",2048,2048,true],"trp-custom-language-flag":["https:\/\/www.ferberpainting.com\/wp-content\/uploads\/2025\/05\/Shoe-Water-Repellent-5L-12x12.png",12,12,true],"woocommerce_thumbnail":["https:\/\/www.ferberpainting.com\/wp-content\/uploads\/2025\/05\/Shoe-Water-Repellent-5L-300x300.png",300,300,true],"woocommerce_single":["https:\/\/www.ferberpainting.com\/wp-content\/uploads\/2025\/05\/Shoe-Water-Repellent-5L-600x600.png",600,600,true],"woocommerce_gallery_thumbnail":["https:\/\/www.ferberpainting.com\/wp-content\/uploads\/2025\/05\/Shoe-Water-Repellent-5L-100x100.png",100,100,true]},"uagb_author_info":{"display_name":"admin","author_link":"https:\/\/www.ferberpainting.com\/cz\/author\/"},"uagb_comment_info":10,"uagb_excerpt":"Effective Protection Against Moisture and Stains.\u00a0This shoe waterproofer is the ideal solution to protect your shoes from the elements, humidity, mud, and stains. Whether your shoes are made of leather, canvas, suede, or nubuck, this product forms an invisible barrier that prevents water from penetrating while allowing the material to breathe. It keeps your feet&hellip;","_links":{"self":[{"href":"https:\/\/www.ferberpainting.com\/cz\/wp-json\/wp\/v2\/product\/25287","targetHints":{"allow":["GET"]}}],"collection":[{"href":"https:\/\/www.ferberpainting.com\/cz\/wp-json\/wp\/v2\/product"}],"about":[{"href":"https:\/\/www.ferberpainting.com\/cz\/wp-json\/wp\/v2\/types\/product"}],"replies":[{"embeddable":true,"href":"https:\/\/www.ferberpainting.com\/cz\/wp-json\/wp\/v2\/comments?post=25287"}],"version-history":[{"count":4,"href":"https:\/\/www.ferberpainting.com\/cz\/wp-json\/wp\/v2\/product\/25287\/revisions"}],"predecessor-version":[{"id":167269,"href":"https:\/\/www.ferberpainting.com\/cz\/wp-json\/wp\/v2\/product\/25287\/revisions\/167269"}],"wp:featuredmedia":[{"embeddable":true,"href":"https:\/\/www.ferberpainting.com\/cz\/wp-json\/wp\/v2\/media\/30017"}],"wp:attachment":[{"href":"https:\/\/www.ferberpainting.com\/cz\/wp-json\/wp\/v2\/media?parent=25287"}],"wp:term":[{"taxonomy":"product_brand","embeddable":true,"href":"https:\/\/www.ferberpainting.com\/cz\/wp-json\/wp\/v2\/product_brand?post=25287"},{"taxonomy":"product_cat","embeddable":true,"href":"https:\/\/www.ferberpainting.com\/cz\/wp-json\/wp\/v2\/product_cat?post=25287"},{"taxonomy":"product_tag","embeddable":true,"href":"https:\/\/www.ferberpainting.com\/cz\/wp-json\/wp\/v2\/product_tag?post=25287"}],"curies":[{"name":"wp","href":"https:\/\/api.w.org\/{rel}","templated":true}]}}