{"id":25284,"date":"2025-05-26T10:30:27","date_gmt":"2025-05-26T08:30:27","guid":{"rendered":"https:\/\/www.ferberpainting.com\/products\/septic-tank-unblocker\/"},"modified":"2026-02-16T10:30:50","modified_gmt":"2026-02-16T09:30:50","slug":"septic-tank-unblocker","status":"publish","type":"product","link":"https:\/\/www.ferberpainting.com\/cz\/products\/septic-tank-unblocker\/","title":{"rendered":"Odblokova\u010d septiku"},"content":{"rendered":"<p><strong><img decoding=\"async\" style=\"margin-right: 12px;\" src=\"https:\/\/www.ferberpainting.com\/wp-content\/uploads\/2026\/02\/Check.svg\" alt=\"\" width=\"18\" height=\"15\" \/>Rychl\u00e9 a \u00fa\u010dinn\u00e9 odstran\u011bn\u00ed ucp\u00e1n\u00ed a ucp\u00e1vek.<\/strong>\u00a0Tento p\u0159\u00edpravek na odblokov\u00e1n\u00ed septik\u016f je speci\u00e1ln\u011b vyvinut\u00fd tak, aby \u00fa\u010dinn\u011b rozpou\u0161t\u011bl ucp\u00e1vky, kter\u00e9 zpomaluj\u00ed nebo blokuj\u00ed pr\u016ftok odpadn\u00ed vody. Hloubkov\u011b pronik\u00e1 do organick\u00fdch usazenin, mastnoty, toaletn\u00edho pap\u00edru a dal\u0161\u00edch nahromad\u011bn\u00fdch zbytk\u016f, \u010d\u00edm\u017e zaji\u0161\u0165uje optim\u00e1ln\u00ed funkci n\u00e1dr\u017ee. Jeho siln\u00fd \u00fa\u010dinek rychle obnovuje cirkulaci kapaliny a zabra\u0148uje nep\u0159\u00edjemnostem spojen\u00fdm s ucp\u00e1n\u00edm, jako je nep\u0159\u00edjemn\u00fd z\u00e1pach a hromad\u011bn\u00ed stojat\u00e9 vody.<\/p>\n<p><strong><img decoding=\"async\" style=\"margin-right: 12px;\" src=\"https:\/\/www.ferberpainting.com\/wp-content\/uploads\/2026\/02\/Check.svg\" alt=\"\" width=\"18\" height=\"15\" \/>Z\u00e1ruka vr\u00e1cen\u00ed pen\u011bz.<\/strong>\u00a0Jsme p\u0159esv\u011bd\u010deni o \u00fa\u010dinnosti na\u0161eho p\u0159\u00edpravku na odblokov\u00e1n\u00ed septik\u016f, a proto nab\u00edz\u00edme z\u00e1ruku vr\u00e1cen\u00ed pen\u011bz. Pokud po spr\u00e1vn\u00e9 aplikaci podle doporu\u010den\u00ed probl\u00e9m p\u0159etrv\u00e1v\u00e1, m\u00e1te mo\u017enost po\u017e\u00e1dat o vr\u00e1cen\u00ed pen\u011bz bez jak\u00fdchkoli podm\u00ednek, \u010d\u00edm\u017e si zajist\u00edte bezpe\u010dn\u00fd a bezrizikov\u00fd n\u00e1kup.<\/p>\n<p><strong><img decoding=\"async\" style=\"margin-right: 12px;\" src=\"https:\/\/www.ferberpainting.com\/wp-content\/uploads\/2026\/02\/Check.svg\" alt=\"\" width=\"18\" height=\"15\" \/>Kompatibiln\u00ed s r\u016fzn\u00fdmi typy n\u00e1dr\u017e\u00ed a materi\u00e1l\u016f.<\/strong>\u00a0Tento odblokova\u010d je vhodn\u00fd pro septiky z betonu, plastu, cementu a kompozitn\u00edch materi\u00e1l\u016f, stejn\u011b jako pro kanaliza\u010dn\u00ed syst\u00e9my s lapa\u010di tuk\u016f a potrub\u00ed z PVC, litiny, m\u011bdi a nerezov\u00e9 oceli. Je \u00fa\u010dinn\u00fd jak v individu\u00e1ln\u00edch instalac\u00edch, tak v kolektivn\u00edch nebo polokolektivn\u00edch kanaliza\u010dn\u00edch s\u00edt\u00edch.<\/p>\n<p><strong><img decoding=\"async\" style=\"margin-right: 12px;\" src=\"https:\/\/www.ferberpainting.com\/wp-content\/uploads\/2026\/02\/Check.svg\" alt=\"\" width=\"18\" height=\"15\" \/>\u00dasporn\u00e1 \u00fa\u010dinnost a optimalizovan\u00e9 d\u00e1vkov\u00e1n\u00ed.<\/strong>\u00a0D\u00edky sv\u00e9mu koncentrovan\u00e9mu slo\u017een\u00ed dok\u00e1\u017ee 1 litr p\u0159\u00edpravku vy\u010distit a\u017e 4 ucp\u00e1vky, co\u017e zaji\u0161\u0165uje ekonomick\u00e9 a \u00fa\u010dinn\u00e9 \u0159e\u0161en\u00ed pro odblokov\u00e1n\u00ed a \u00fadr\u017ebu va\u0161eho septiku. Jeho c\u00edlen\u00fd \u00fa\u010dinek sni\u017euje mno\u017estv\u00ed p\u0159\u00edpravku pot\u0159ebn\u00e9 na jednu aplikaci, \u010d\u00edm\u017e optimalizuje \u00fa\u010dinnost a minimalizuje n\u00e1klady na \u00fadr\u017ebu.<\/p>\n<p><strong><img decoding=\"async\" style=\"margin-right: 12px;\" src=\"https:\/\/www.ferberpainting.com\/wp-content\/uploads\/2026\/02\/Check.svg\" alt=\"\" width=\"18\" height=\"15\" \/>Bezpe\u010dn\u00fd v\u00fdrobek vhodn\u00fd pro septiky.<\/strong>\u00a0Na rozd\u00edl od korozivn\u00edch odblokovac\u00edch prost\u0159edk\u016f, kter\u00e9 mohou po\u0161kodit potrub\u00ed a naru\u0161it rovnov\u00e1hu septiku, tento p\u0159\u00edpravek p\u016fsob\u00ed bez po\u0161kozen\u00ed povrch\u016f nebo po\u0161kozen\u00ed bakteri\u00e1ln\u00edho ekosyst\u00e9mu p\u0159\u00edtomn\u00e9ho v n\u00e1dr\u017ei. Zaji\u0161\u0165uje \u0161etrnou sanitaci p\u0159i zachov\u00e1n\u00ed p\u0159irozen\u00e9ho rozkladu organick\u00fdch l\u00e1tek, \u010d\u00edm\u017e podporuje optim\u00e1ln\u00ed a dlouhodobou \u00fadr\u017ebu va\u0161eho kanaliza\u010dn\u00edho syst\u00e9mu.<\/p>\n<p><strong><img decoding=\"async\" style=\"margin-right: 12px;\" src=\"https:\/\/www.ferberpainting.com\/wp-content\/uploads\/2026\/02\/Check.svg\" alt=\"\" width=\"18\" height=\"15\" \/>Snadn\u00e1 aplikace a okam\u017eit\u00e1 \u00fa\u010dinnost.<\/strong>\u00a0Tento odblokova\u010d je p\u0159ipraven k pou\u017eit\u00ed a nevy\u017eaduje \u017e\u00e1dnou slo\u017eitou p\u0159\u00edpravu. Sta\u010d\u00ed jej nal\u00edt p\u0159\u00edmo do toalety nebo septiku a nechat n\u011bkolik hodin p\u016fsobit p\u0159ed propl\u00e1chnut\u00edm. Jeho ultra rychl\u00fd \u00fa\u010dinek rozpou\u0161t\u00ed ucp\u00e1vky b\u011bhem pouh\u00fdch 15 a\u017e 30 minut, \u010d\u00edm\u017e sni\u017euje nep\u0159\u00edjemnosti zp\u016fsoben\u00e9 ucp\u00e1n\u00edm a usnad\u0148uje spr\u00e1vn\u00e9 fungov\u00e1n\u00ed syst\u00e9mu.<\/p>\n<p><strong><img decoding=\"async\" style=\"margin-right: 12px;\" src=\"https:\/\/www.ferberpainting.com\/wp-content\/uploads\/2026\/02\/Check.svg\" alt=\"\" width=\"18\" height=\"15\" \/>Dlouhodob\u00e1 \u017eivotnost a prevence budouc\u00edch zablokov\u00e1n\u00ed.<\/strong>\u00a0Krom\u011b \u00fa\u010dinn\u00e9ho odblokov\u00e1n\u00ed n\u00e1dr\u017ee tento p\u0159\u00edpravek zabra\u0148uje tvorb\u011b nov\u00fdch ucp\u00e1vek t\u00edm, \u017ee postupn\u011b rozpou\u0161t\u00ed nahromad\u011bn\u00e9 usazeniny. Pravideln\u00e9 pou\u017e\u00edv\u00e1n\u00ed pom\u00e1h\u00e1 minimalizovat rizika ucp\u00e1n\u00ed a zaji\u0161\u0165uje dlouhodob\u011b optim\u00e1ln\u00ed v\u00fdkon potrub\u00ed a septiku, \u010d\u00edm\u017e se vyh\u00fdb\u00e1 nutnosti \u010dast\u00fdch z\u00e1sah\u016f p\u0159i \u010derp\u00e1n\u00ed.<\/p>\n<p><strong><img decoding=\"async\" style=\"margin-right: 12px;\" src=\"https:\/\/www.ferberpainting.com\/wp-content\/uploads\/2026\/02\/Check.svg\" alt=\"\" width=\"18\" height=\"15\" \/>Rychl\u00fd \u00fa\u010dinek pro okam\u017eit\u00e9 pohodl\u00ed.<\/strong>\u00a0Po aplikaci za\u010dne tento odblokovac\u00ed prost\u0159edek rozkl\u00e1dat blokuj\u00edc\u00ed materi\u00e1ly a zkapal\u0148ovat stojatou vodu. Po jednoduch\u00e9m propl\u00e1chnut\u00ed se obnov\u00ed pr\u016ftok a n\u00e1dr\u017e se vr\u00e1t\u00ed k norm\u00e1ln\u00edmu provozu, co\u017e zajist\u00ed plynul\u00e9 a bezprobl\u00e9mov\u00e9 pou\u017e\u00edv\u00e1n\u00ed.<\/p>\n<h2><strong>Protokol o pou\u017eit\u00ed<\/strong><\/h2>\n<ul>\n<li><strong>P\u0159\u00edprava instalace<\/strong> : P\u0159ed aplikac\u00ed se ujist\u011bte, \u017ee stojat\u00e1 voda nedos\u00e1hla kritick\u00e9 hladiny. V p\u0159\u00edpad\u011b pot\u0159eby ru\u010dn\u011b vy\u010dist\u011bte septik, aby se zlep\u0161ila \u00fa\u010dinnost p\u0159\u00edpravku.<\/li>\n<li><strong>Doporu\u010den\u00e9 d\u00e1vkov\u00e1n\u00ed :<\/strong> Nalijte 250 ml p\u0159\u00edpravku p\u0159\u00edmo do septiku nebo toalety, abyste o\u0161et\u0159ili ucpanou n\u00e1dr\u017e. 1 litr m\u016f\u017ee vy\u010distit a\u017e 4 ucp\u00e1vky. U siln\u00fdch ucp\u00e1n\u00ed lze po n\u011bkolika hodin\u00e1ch prov\u00e9st druhou aplikaci.<\/li>\n<li><strong>Pou\u017eit\u00ed odblokova\u010de :<\/strong> P\u0159\u00edpravek pomalu vlijte do septiku nebo p\u0159ipojen\u00e9ho potrub\u00ed a vyvarujte se jeho sm\u00edch\u00e1n\u00ed s jin\u00fdmi chemick\u00fdmi p\u0159\u00edpravky.<\/li>\n<li><strong>\u010cas akce :<\/strong> U standardn\u00edch ucp\u00e1vek ji nechte p\u016fsobit 15 a\u017e 30 minut. P\u0159i siln\u00e9m ucp\u00e1n\u00ed jej nechte p\u016fsobit a\u017e 1 hodinu p\u0159ed propl\u00e1chnut\u00edm.<\/li>\n<li><strong>Oplachov\u00e1n\u00ed a ov\u011b\u0159ov\u00e1n\u00ed pr\u016ftoku :<\/strong> Po uplynut\u00ed klidov\u00e9 doby vydatn\u011b propl\u00e1chn\u011bte vodou, abyste odstranili rozpu\u0161t\u011bn\u00e9 zbytky, a zkontrolujte, zda se pr\u016ftok vr\u00e1til do norm\u00e1lu.<\/li>\n<li><strong>Preventivn\u00ed \u00fadr\u017eba :<\/strong> Aby se zabr\u00e1nilo vzniku nov\u00fdch ucp\u00e1vek, doporu\u010duje se jednou m\u011bs\u00ed\u010dn\u011b pou\u017e\u00edt mal\u00e9 mno\u017estv\u00ed p\u0159\u00edpravku, kter\u00fd postupn\u011b rozpou\u0161t\u00ed usazeniny a udr\u017euje spr\u00e1vnou funkci septiku.<\/li>\n<li><strong>Opat\u0159en\u00ed pro pou\u017eit\u00ed :<\/strong> Nem\u00edchejte s jin\u00fdmi agresivn\u00edmi chemik\u00e1liemi (nap\u0159. b\u011blidlem nebo siln\u00fdmi kyselinami). Zabra\u0148te kontaktu s poko\u017ekou a o\u010dima. V p\u0159\u00edpad\u011b n\u00e1hodn\u00e9ho kontaktu okam\u017eit\u011b opl\u00e1chn\u011bte \u010distou vodou a v p\u0159\u00edpad\u011b pot\u0159eby vyhledejte l\u00e9ka\u0159e.<\/li>\n<li><strong>Skladov\u00e1n\u00ed a konzervace :<\/strong> V\u00fdrobek skladujte na such\u00e9m a m\u00edrn\u00e9m m\u00edst\u011b, mimo dosah sv\u011btla a d\u011bt\u00ed. Po pou\u017eit\u00ed lahvi\u010dku v\u017edy pevn\u011b uzav\u0159ete, aby se zabr\u00e1nilo odpa\u0159ov\u00e1n\u00ed nebo zm\u011bn\u011b roztoku.<\/li>\n<\/ul>\n<p>S t\u00edmto p\u0159\u00edpravkem na odblokov\u00e1n\u00ed septik\u016f m\u016f\u017eete efektivn\u011b udr\u017eovat svou instalaci a z\u00e1rove\u0148 zajistit hladk\u00fd odtok vody, rychlou \u010dinnost a dlouhodobou prevenci ucp\u00e1n\u00ed a ucp\u00e1v\u00e1n\u00ed. Poskytn\u011bte sv\u00e9mu kanaliza\u010dn\u00edmu syst\u00e9mu \u00fa\u010dinn\u00e9 a \u00fasporn\u00e9 \u0159e\u0161en\u00ed a z\u00e1rove\u0148 zachovejte jeho p\u0159irozenou rovnov\u00e1hu a dlouhou \u017eivotnost.<\/p>","protected":false},"excerpt":{"rendered":"<p>Rapid and Effective Removal of Clogs and Blockages.\u00a0This septic tank unblocker is specially formulated to efficiently dissolve clogs that slow down or block the flow of wastewater. It deeply penetrates organic deposits, grease, toilet paper, and other accumulated residues, ensuring optimal function of the tank. Its powerful action quickly restores liquid circulation and prevents inconveniences [&hellip;]<\/p>\n","protected":false},"featured_media":27166,"comment_status":"open","ping_status":"closed","template":"","meta":{"_uag_custom_page_level_css":"","site-sidebar-layout":"default","site-content-layout":"","ast-site-content-layout":"default","site-content-style":"default","site-sidebar-style":"default","ast-global-header-display":"","ast-banner-title-visibility":"","ast-main-header-display":"","ast-hfb-above-header-display":"","ast-hfb-below-header-display":"","ast-hfb-mobile-header-display":"","site-post-title":"","ast-breadcrumbs-content":"","ast-featured-img":"","footer-sml-layout":"","ast-disable-related-posts":"","theme-transparent-header-meta":"default","adv-header-id-meta":"","stick-header-meta":"","header-above-stick-meta":"","header-main-stick-meta":"","header-below-stick-meta":"","astra-migrate-meta-layouts":"set","ast-page-background-enabled":"default","ast-page-background-meta":{"desktop":{"background-color":"var(--ast-global-color-4)","background-image":"","background-repeat":"repeat","background-position":"center center","background-size":"auto","background-attachment":"scroll","background-type":"","background-media":"","overlay-type":"","overlay-color":"","overlay-opacity":"","overlay-gradient":""},"tablet":{"background-color":"","background-image":"","background-repeat":"repeat","background-position":"center center","background-size":"auto","background-attachment":"scroll","background-type":"","background-media":"","overlay-type":"","overlay-color":"","overlay-opacity":"","overlay-gradient":""},"mobile":{"background-color":"","background-image":"","background-repeat":"repeat","background-position":"center center","background-size":"auto","background-attachment":"scroll","background-type":"","background-media":"","overlay-type":"","overlay-color":"","overlay-opacity":"","overlay-gradient":""}},"ast-content-background-meta":{"desktop":{"background-color":"var(--ast-global-color-5)","background-image":"","background-repeat":"repeat","background-position":"center center","background-size":"auto","background-attachment":"scroll","background-type":"","background-media":"","overlay-type":"","overlay-color":"","overlay-opacity":"","overlay-gradient":""},"tablet":{"background-color":"var(--ast-global-color-5)","background-image":"","background-repeat":"repeat","background-position":"center center","background-size":"auto","background-attachment":"scroll","background-type":"","background-media":"","overlay-type":"","overlay-color":"","overlay-opacity":"","overlay-gradient":""},"mobile":{"background-color":"var(--ast-global-color-5)","background-image":"","background-repeat":"repeat","background-position":"center center","background-size":"auto","background-attachment":"scroll","background-type":"","background-media":"","overlay-type":"","overlay-color":"","overlay-opacity":"","overlay-gradient":""}}},"product_brand":[],"product_cat":[175],"product_tag":[],"class_list":{"0":"post-25284","1":"product","2":"type-product","3":"status-publish","4":"has-post-thumbnail","6":"product_cat-cleaning-products","7":"desktop-align-left","8":"tablet-align-left","9":"mobile-align-left","11":"first","12":"instock","13":"sale","14":"taxable","15":"shipping-taxable","16":"purchasable","17":"product-type-variable","18":"has-default-attributes"},"spectra_custom_meta":{"_visibility":["visible"],"_shopify_product_id":["9062234652917"],"_s2w_shopify_domain":["ferberpainting.myshopify.com"],"_shopify_variant_id":["46488098504949"],"_sku":[""],"_manage_stock":["no"],"total_sales":["305"],"_tax_status":["taxable"],"_tax_class":[""],"_backorders":["no"],"_sold_individually":["no"],"_virtual":["no"],"_downloadable":["no"],"_download_limit":["-1"],"_download_expiry":["-1"],"_stock":[null],"_stock_status":["instock"],"_wc_average_rating":["4.67"],"_wc_review_count":["6"],"_product_attributes":["a:1:{s:6:\"volume\";a:6:{s:4:\"name\";s:6:\"Volume\";s:5:\"value\";s:20:\"5 liters | 25 liters\";s:8:\"position\";i:1;s:10:\"is_visible\";i:0;s:12:\"is_variation\";i:1;s:11:\"is_taxonomy\";i:0;}}"],"_product_version":["10.5.1"],"_thumbnail_id":["27166"],"_product_image_gallery":["27167"],"wpse_downloadable_file_names":[""],"wpse_downloadable_file_urls":[""],"_edit_last":["1"],"_default_attributes":["a:1:{s:6:\"volume\";s:8:\"5 liters\";}"],"_edit_lock":["1771234112:1"],"_price":["29.90","129.90"],"merchant-center-availability":["yes"],"merchant-center-category":["1749"],"_wp_page_template":["default"],"site-sidebar-layout":["default"],"ast-site-content-layout":["default"],"site-content-style":["default"],"site-sidebar-style":["default"],"theme-transparent-header-meta":["default"],"_wc_rating_count":["a:2:{i:4;i:2;i:5;i:4;}"],"astra-migrate-meta-layouts":["set"],"_uag_css_file_name":["uag-css-25284.css"],"_elementor_page_assets":["a:0:{}"],"_uag_page_assets":["a:9:{s:3:\"css\";s:6873:\".wp-block-uagb-image{display:flex}.wp-block-uagb-image__figure{position:relative;display:flex;flex-direction:column;max-width:100%;height:auto;margin:0}.wp-block-uagb-image__figure img{height:auto;display:flex;max-width:100%;transition:box-shadow .2s ease}.wp-block-uagb-image__figure>a{display:inline-block}.wp-block-uagb-image__figure figcaption{text-align:center;margin-top:.5em;margin-bottom:1em}.wp-block-uagb-image .components-placeholder.block-editor-media-placeholder .components-placeholder__instructions{align-self:center}.wp-block-uagb-image--align-left{text-align:left}.wp-block-uagb-image--align-right{text-align:right}.wp-block-uagb-image--align-center{text-align:center}.wp-block-uagb-image--align-full .wp-block-uagb-image__figure{margin-left:calc(50% - 50vw);margin-right:calc(50% - 50vw);max-width:100vw;width:100vw;height:auto}.wp-block-uagb-image--align-full .wp-block-uagb-image__figure img{height:auto;width:100% !important}.wp-block-uagb-image--align-wide .wp-block-uagb-image__figure img{height:auto;width:100%}.wp-block-uagb-image--layout-overlay__color-wrapper{position:absolute;left:0;top:0;right:0;bottom:0;opacity:.2;background:rgba(0,0,0,.5);transition:opacity .35s ease-in-out}.wp-block-uagb-image--layout-overlay-link{position:absolute;left:0;right:0;bottom:0;top:0}.wp-block-uagb-image--layout-overlay .wp-block-uagb-image__figure:hover .wp-block-uagb-image--layout-overlay__color-wrapper{opacity:1}.wp-block-uagb-image--layout-overlay__inner{position:absolute;left:15px;right:15px;bottom:15px;top:15px;display:flex;align-items:center;justify-content:center;flex-direction:column;border-color:#fff;transition:.35s ease-in-out}.wp-block-uagb-image--layout-overlay__inner.top-left,.wp-block-uagb-image--layout-overlay__inner.top-center,.wp-block-uagb-image--layout-overlay__inner.top-right{justify-content:flex-start}.wp-block-uagb-image--layout-overlay__inner.bottom-left,.wp-block-uagb-image--layout-overlay__inner.bottom-center,.wp-block-uagb-image--layout-overlay__inner.bottom-right{justify-content:flex-end}.wp-block-uagb-image--layout-overlay__inner.top-left,.wp-block-uagb-image--layout-overlay__inner.center-left,.wp-block-uagb-image--layout-overlay__inner.bottom-left{align-items:flex-start}.wp-block-uagb-image--layout-overlay__inner.top-right,.wp-block-uagb-image--layout-overlay__inner.center-right,.wp-block-uagb-image--layout-overlay__inner.bottom-right{align-items:flex-end}.wp-block-uagb-image--layout-overlay__inner .uagb-image-heading{color:#fff;transition:transform .35s,opacity .35s ease-in-out;transform:translate3d(0, 24px, 0);margin:0;line-height:1em}.wp-block-uagb-image--layout-overlay__inner .uagb-image-separator{width:30%;border-top-width:2px;border-top-color:#fff;border-top-style:solid;margin-bottom:10px;opacity:0;transition:transform .4s,opacity .4s ease-in-out;transform:translate3d(0, 30px, 0)}.wp-block-uagb-image--layout-overlay__inner .uagb-image-caption{opacity:0;overflow:visible;color:#fff;transition:transform .45s,opacity .45s ease-in-out;transform:translate3d(0, 35px, 0)}.wp-block-uagb-image--layout-overlay__inner:hover .uagb-image-heading,.wp-block-uagb-image--layout-overlay__inner:hover .uagb-image-separator,.wp-block-uagb-image--layout-overlay__inner:hover .uagb-image-caption{opacity:1;transform:translate3d(0, 0, 0)}.wp-block-uagb-image--effect-zoomin .wp-block-uagb-image__figure img,.wp-block-uagb-image--effect-zoomin .wp-block-uagb-image__figure .wp-block-uagb-image--layout-overlay__color-wrapper{transform:scale(1);transition:transform .35s ease-in-out}.wp-block-uagb-image--effect-zoomin .wp-block-uagb-image__figure:hover img,.wp-block-uagb-image--effect-zoomin .wp-block-uagb-image__figure:hover .wp-block-uagb-image--layout-overlay__color-wrapper{transform:scale(1.05)}.wp-block-uagb-image--effect-slide .wp-block-uagb-image__figure img,.wp-block-uagb-image--effect-slide .wp-block-uagb-image__figure .wp-block-uagb-image--layout-overlay__color-wrapper{width:calc(100% + 40px) !important;max-width:none !important;transform:translate3d(-40px, 0, 0);transition:transform .35s ease-in-out}.wp-block-uagb-image--effect-slide .wp-block-uagb-image__figure:hover img,.wp-block-uagb-image--effect-slide .wp-block-uagb-image__figure:hover .wp-block-uagb-image--layout-overlay__color-wrapper{transform:translate3d(0, 0, 0)}.wp-block-uagb-image--effect-grayscale img{filter:grayscale(0%);transition:.35s ease-in-out}.wp-block-uagb-image--effect-grayscale:hover img{filter:grayscale(100%)}.wp-block-uagb-image--effect-blur img{filter:blur(0);transition:.35s ease-in-out}.wp-block-uagb-image--effect-blur:hover img{filter:blur(3px)}.uagb-block-e6f939b3.wp-block-uagb-image--layout-default figure img{box-shadow: 0px 0px 0 #00000070;}.uagb-block-e6f939b3.wp-block-uagb-image .wp-block-uagb-image__figure figcaption{font-style: normal;align-self: center;}.uagb-block-e6f939b3.wp-block-uagb-image--layout-overlay figure img{box-shadow: 0px 0px 0 #00000070;}.uagb-block-e6f939b3.wp-block-uagb-image--layout-overlay .wp-block-uagb-image--layout-overlay__color-wrapper{opacity: 0.2;}.uagb-block-e6f939b3.wp-block-uagb-image--layout-overlay .wp-block-uagb-image--layout-overlay__inner{left: 15px;right: 15px;top: 15px;bottom: 15px;}.uagb-block-e6f939b3.wp-block-uagb-image--layout-overlay .wp-block-uagb-image--layout-overlay__inner .uagb-image-heading{font-style: normal;color: #fff;opacity: 1;}.uagb-block-e6f939b3.wp-block-uagb-image--layout-overlay .wp-block-uagb-image--layout-overlay__inner .uagb-image-heading a{color: #fff;}.uagb-block-e6f939b3.wp-block-uagb-image--layout-overlay .wp-block-uagb-image--layout-overlay__inner .uagb-image-caption{opacity: 0;}.uagb-block-e6f939b3.wp-block-uagb-image--layout-overlay .wp-block-uagb-image__figure:hover .wp-block-uagb-image--layout-overlay__color-wrapper{opacity: 1;}.uagb-block-e6f939b3.wp-block-uagb-image .wp-block-uagb-image--layout-overlay__inner .uagb-image-separator{width: 30%;border-top-width: 2px;border-top-color: #fff;opacity: 0;}.uagb-block-e6f939b3.wp-block-uagb-image .wp-block-uagb-image__figure img{width: px;height: auto;}.uagb-block-e6f939b3.wp-block-uagb-image .wp-block-uagb-image__figure:hover .wp-block-uagb-image--layout-overlay__inner .uagb-image-caption{opacity: 1;}.uagb-block-e6f939b3.wp-block-uagb-image .wp-block-uagb-image__figure:hover .wp-block-uagb-image--layout-overlay__inner .uagb-image-separator{opacity: 1;}.uagb-block-e6f939b3.wp-block-uagb-image--layout-default figure:hover img{box-shadow: 0px 0px 0 #00000070;}.uagb-block-e6f939b3.wp-block-uagb-image--layout-overlay figure:hover img{box-shadow: 0px 0px 0 #00000070;}@media only screen and (max-width: 976px) {.uagb-block-e6f939b3.wp-block-uagb-image .wp-block-uagb-image__figure img{width: px;height: auto;}}@media only screen and (max-width: 767px) {.uagb-block-e6f939b3.wp-block-uagb-image .wp-block-uagb-image__figure img{width: px;height: auto;}}\";s:2:\"js\";s:0:\"\";s:18:\"current_block_list\";a:13:{i:0;s:11:\"core\/search\";i:1;s:10:\"core\/group\";i:2;s:12:\"core\/heading\";i:3;s:17:\"core\/latest-posts\";i:4;s:20:\"core\/latest-comments\";i:5;s:13:\"core\/archives\";i:6;s:15:\"core\/categories\";i:7;s:14:\"core\/paragraph\";i:8;s:10:\"uagb\/image\";i:9;s:11:\"core\/spacer\";i:10;s:30:\"woocommerce\/product-categories\";i:11;s:10:\"core\/image\";i:12;s:14:\"core\/shortcode\";}s:8:\"uag_flag\";b:1;s:11:\"uag_version\";s:10:\"1777235999\";s:6:\"gfonts\";a:0:{}s:10:\"gfonts_url\";s:0:\"\";s:12:\"gfonts_files\";a:0:{}s:14:\"uag_faq_layout\";b:0;}"]},"uagb_featured_image_src":{"full":["https:\/\/www.ferberpainting.com\/wp-content\/uploads\/2025\/05\/SepticTankUnblocker5L.png",2560,2560,false],"thumbnail":["https:\/\/www.ferberpainting.com\/wp-content\/uploads\/2025\/05\/SepticTankUnblocker5L-150x150.png",150,150,true],"medium":["https:\/\/www.ferberpainting.com\/wp-content\/uploads\/2025\/05\/SepticTankUnblocker5L-300x300.png",300,300,true],"medium_large":["https:\/\/www.ferberpainting.com\/wp-content\/uploads\/2025\/05\/SepticTankUnblocker5L-768x768.png",768,768,true],"large":["https:\/\/www.ferberpainting.com\/wp-content\/uploads\/2025\/05\/SepticTankUnblocker5L-1024x1024.png",1024,1024,true],"1536x1536":["https:\/\/www.ferberpainting.com\/wp-content\/uploads\/2025\/05\/SepticTankUnblocker5L-1536x1536.png",1536,1536,true],"2048x2048":["https:\/\/www.ferberpainting.com\/wp-content\/uploads\/2025\/05\/SepticTankUnblocker5L-2048x2048.png",2048,2048,true],"trp-custom-language-flag":["https:\/\/www.ferberpainting.com\/wp-content\/uploads\/2025\/05\/SepticTankUnblocker5L-12x12.png",12,12,true],"woocommerce_thumbnail":["https:\/\/www.ferberpainting.com\/wp-content\/uploads\/2025\/05\/SepticTankUnblocker5L-300x300.png",300,300,true],"woocommerce_single":["https:\/\/www.ferberpainting.com\/wp-content\/uploads\/2025\/05\/SepticTankUnblocker5L-600x600.png",600,600,true],"woocommerce_gallery_thumbnail":["https:\/\/www.ferberpainting.com\/wp-content\/uploads\/2025\/05\/SepticTankUnblocker5L-100x100.png",100,100,true]},"uagb_author_info":{"display_name":"admin","author_link":"https:\/\/www.ferberpainting.com\/cz\/author\/"},"uagb_comment_info":6,"uagb_excerpt":"Rapid and Effective Removal of Clogs and Blockages.\u00a0This septic tank unblocker is specially formulated to efficiently dissolve clogs that slow down or block the flow of wastewater. It deeply penetrates organic deposits, grease, toilet paper, and other accumulated residues, ensuring optimal function of the tank. Its powerful action quickly restores liquid circulation and prevents inconveniences&hellip;","_links":{"self":[{"href":"https:\/\/www.ferberpainting.com\/cz\/wp-json\/wp\/v2\/product\/25284","targetHints":{"allow":["GET"]}}],"collection":[{"href":"https:\/\/www.ferberpainting.com\/cz\/wp-json\/wp\/v2\/product"}],"about":[{"href":"https:\/\/www.ferberpainting.com\/cz\/wp-json\/wp\/v2\/types\/product"}],"replies":[{"embeddable":true,"href":"https:\/\/www.ferberpainting.com\/cz\/wp-json\/wp\/v2\/comments?post=25284"}],"version-history":[{"count":4,"href":"https:\/\/www.ferberpainting.com\/cz\/wp-json\/wp\/v2\/product\/25284\/revisions"}],"predecessor-version":[{"id":167266,"href":"https:\/\/www.ferberpainting.com\/cz\/wp-json\/wp\/v2\/product\/25284\/revisions\/167266"}],"wp:featuredmedia":[{"embeddable":true,"href":"https:\/\/www.ferberpainting.com\/cz\/wp-json\/wp\/v2\/media\/27166"}],"wp:attachment":[{"href":"https:\/\/www.ferberpainting.com\/cz\/wp-json\/wp\/v2\/media?parent=25284"}],"wp:term":[{"taxonomy":"product_brand","embeddable":true,"href":"https:\/\/www.ferberpainting.com\/cz\/wp-json\/wp\/v2\/product_brand?post=25284"},{"taxonomy":"product_cat","embeddable":true,"href":"https:\/\/www.ferberpainting.com\/cz\/wp-json\/wp\/v2\/product_cat?post=25284"},{"taxonomy":"product_tag","embeddable":true,"href":"https:\/\/www.ferberpainting.com\/cz\/wp-json\/wp\/v2\/product_tag?post=25284"}],"curies":[{"name":"wp","href":"https:\/\/api.w.org\/{rel}","templated":true}]}}