{"id":25276,"date":"2025-06-30T22:03:05","date_gmt":"2025-06-30T20:03:05","guid":{"rendered":"https:\/\/www.ferberpainting.com\/?post_type=product&#038;p=25276"},"modified":"2026-02-16T09:09:43","modified_gmt":"2026-02-16T08:09:43","slug":"rust-remover","status":"publish","type":"product","link":"https:\/\/www.ferberpainting.com\/cz\/products\/rust-remover\/","title":{"rendered":"odstra\u0148ova\u010d rzi"},"content":{"rendered":"<p><strong><img decoding=\"async\" style=\"margin-right: 12px;\" src=\"https:\/\/www.ferberpainting.com\/wp-content\/uploads\/2026\/02\/Check.svg\" alt=\"\" width=\"18\" height=\"15\" \/>Optim\u00e1ln\u00ed efektivita.<\/strong> Tento odstra\u0148ova\u010d rzi je ur\u010den k rychl\u00e9mu a \u00fa\u010dinn\u00e9mu odstra\u0148ov\u00e1n\u00ed skvrn od rzi, povrchov\u00e9 oxidace a \u017eelezit\u00fdch usazenin z nejr\u016fzn\u011bj\u0161\u00edch povrch\u016f. D\u00edky sv\u00e9mu \u00fa\u010dinn\u00e9mu slo\u017een\u00ed pronik\u00e1 hluboko a rozpou\u0161t\u00ed rez, ani\u017e by po\u0161kodil podkladov\u00e9 materi\u00e1ly. Nejen\u017ee obnovuje p\u016fvodn\u00ed vzhled kovov\u00fdch povrch\u016f, ale tak\u00e9 pom\u00e1h\u00e1 p\u0159edch\u00e1zet n\u00e1vratu rzi t\u00edm, \u017ee odstra\u0148uje ne\u010distoty zodpov\u011bdn\u00e9 za jej\u00ed vznik.<\/p>\n<p><strong><img decoding=\"async\" style=\"margin-right: 12px;\" src=\"https:\/\/www.ferberpainting.com\/wp-content\/uploads\/2026\/02\/Check.svg\" alt=\"\" width=\"18\" height=\"15\" \/>Z\u00e1ruka vr\u00e1cen\u00ed pen\u011bz.<\/strong> Jsme pln\u011b p\u0159esv\u011bd\u010deni o \u00fa\u010dinnosti na\u0161eho odstra\u0148ova\u010de rzi. Pokud po pou\u017eit\u00ed nebudete s v\u00fdsledky pln\u011b spokojeni, m\u00e1te n\u00e1rok na vr\u00e1cen\u00ed pln\u00e9 \u010d\u00e1stky. Vyzkou\u0161ejte n\u00e1\u0161 v\u00fdrobek bez rizika a u\u017e\u00edvejte si \u010dist\u00fdch a leskl\u00fdch kovov\u00fdch povrch\u016f chr\u00e1n\u011bn\u00fdch p\u0159ed oxidac\u00ed.<\/p>\n<p><strong><img decoding=\"async\" style=\"margin-right: 12px;\" src=\"https:\/\/www.ferberpainting.com\/wp-content\/uploads\/2026\/02\/Check.svg\" alt=\"\" width=\"18\" height=\"15\" \/>V\u00fdjime\u010dn\u00e1 v\u0161estrannost.<\/strong>\u00a0Tento \u010distic\u00ed prost\u0159edek se neomezuje pouze na kovov\u00e9 povrchy! Je \u00fa\u010dinn\u00fd tak\u00e9 na beton, cement, maltu, dla\u017edice, p\u0159\u00edrodn\u00ed k\u00e1men a n\u011bkter\u00e9 plasty odoln\u00e9 v\u016f\u010di kysel\u00fdm produkt\u016fm. Lze jej pou\u017e\u00edt k \u010di\u0161t\u011bn\u00ed n\u00e1\u0159ad\u00ed, mechanick\u00fdch sou\u010d\u00e1st\u00ed, bran, plot\u016f, venkovn\u00edho n\u00e1bytku, kovov\u00fdch schodi\u0161\u0165, z\u00e1bradl\u00ed, j\u00edzdn\u00edch kol, motocykl\u016f, historick\u00fdch karoseri\u00ed a mnoha dal\u0161\u00edch. D\u00edky sv\u00e9mu siln\u00e9mu \u00fa\u010dinku je nezbytn\u00fdm p\u0159\u00edpravkem pro \u00fadr\u017ebu zreziv\u011bl\u00fdch povrch\u016f v dom\u00e1cnosti i v profesion\u00e1ln\u00edm prost\u0159ed\u00ed.<\/p>\n<p><strong><img decoding=\"async\" style=\"margin-right: 12px;\" src=\"https:\/\/www.ferberpainting.com\/wp-content\/uploads\/2026\/02\/Check.svg\" alt=\"\" width=\"18\" height=\"15\" \/>N\u00e1kladov\u011b efektivn\u00ed v\u00fdkon.<\/strong>\u00a0D\u00edky 5litrov\u00e9 n\u00e1dob\u011b a optim\u00e1ln\u00ed koncentraci nab\u00edz\u00ed tento \u010disti\u010d vynikaj\u00edc\u00ed hodnotu. Mal\u00e9 mno\u017estv\u00ed sta\u010d\u00ed k bezprobl\u00e9mov\u00e9mu odstran\u011bn\u00ed velk\u00e9ho mno\u017estv\u00ed rzi na r\u016fzn\u00fdch povr\u0161\u00edch. Jeden litr p\u0159\u00edpravku dok\u00e1\u017ee v pr\u016fm\u011bru o\u0161et\u0159it a\u017e 50 m\u00b2 m\u00edrn\u011b zreziv\u011bl\u00e9ho kovov\u00e9ho povrchu, co\u017e p\u0159edstavuje ekonomick\u00e9 a \u00fa\u010dinn\u00e9 \u0159e\u0161en\u00ed pro pravideln\u00e9 nebo intenzivn\u00ed pou\u017e\u00edv\u00e1n\u00ed.<\/p>\n<p><strong><img decoding=\"async\" style=\"margin-right: 12px;\" src=\"https:\/\/www.ferberpainting.com\/wp-content\/uploads\/2026\/02\/Check.svg\" alt=\"\" width=\"18\" height=\"15\" \/>Bezpe\u010dn\u00e9 pou\u017eit\u00ed.<\/strong>\u00a0Na rozd\u00edl od klasick\u00fdch antikorozn\u00edch p\u0159\u00edpravk\u016f obsahuj\u00edc\u00edch kyselinu chlorovod\u00edkovou nebo fosfore\u010dnou, kter\u00e9 mohou b\u00fdt pro povrchy velmi agresivn\u00ed a manipulace s nimi nebezpe\u010dn\u00e1, je tento \u010distic\u00ed prost\u0159edek vyroben bez toxick\u00fdch slou\u010denin nebo vysoce korozivn\u00edch l\u00e1tek. Nevypou\u0161t\u00ed \u0161kodliv\u00e9 v\u00fdpary, nezp\u016fsobuje pop\u00e1leniny a respektuje k\u0159ehk\u00e9 materi\u00e1ly, p\u0159i\u010dem\u017e z\u016fst\u00e1v\u00e1 \u00fa\u010dinn\u00fd. P\u0159i pou\u017eit\u00ed podle n\u00e1vodu je pro u\u017eivatele bezpe\u010dn\u00fd a po opl\u00e1chnut\u00ed je \u0161etrn\u00fd k \u017eivotn\u00edmu prost\u0159ed\u00ed.<\/p>\n<p><strong><img decoding=\"async\" style=\"margin-right: 12px;\" src=\"https:\/\/www.ferberpainting.com\/wp-content\/uploads\/2026\/02\/Check.svg\" alt=\"\" width=\"18\" height=\"15\" \/>Snadn\u00e9 pou\u017eit\u00ed.<\/strong>\u00a0Tento produkt je p\u0159ipraven k pou\u017eit\u00ed a nevy\u017eaduje \u017e\u00e1dn\u00e9 \u0159ed\u011bn\u00ed ani slo\u017eitou p\u0159\u00edpravu. Nan\u00e1\u0161\u00ed se p\u0159\u00edmo na zkorodovan\u00fd povrch pomoc\u00ed \u0161t\u011btce, had\u0159\u00edku, houby nebo rozpra\u0161ova\u010de. Jeho rychl\u00fd \u00fa\u010dinek odstra\u0148uje oxida\u010dn\u00ed skvrny b\u011bhem n\u011bkolika minut bez nutnosti t\u011b\u017ek\u00e9ho kart\u00e1\u010dov\u00e1n\u00ed nebo slo\u017eit\u00e9 manipulace. Po aplikaci nevy\u017eaduje neutralizaci, co\u017e zjednodu\u0161uje jeho pou\u017eit\u00ed a urychluje proces \u010di\u0161t\u011bn\u00ed.<\/p>\n<p><strong><img decoding=\"async\" style=\"margin-right: 12px;\" src=\"https:\/\/www.ferberpainting.com\/wp-content\/uploads\/2026\/02\/Check.svg\" alt=\"\" width=\"18\" height=\"15\" \/>Prodlou\u017een\u00e1 \u017eivotnost.<\/strong>\u00a0\u00da\u010dinn\u00fdm odstra\u0148ov\u00e1n\u00edm rzi a zbytk\u016f podporuj\u00edc\u00edch oxidaci pom\u00e1h\u00e1 tento \u010distic\u00ed prost\u0159edek prodlou\u017eit \u017eivotnost kovov\u00fdch povrch\u016f a materi\u00e1l\u016f vystaven\u00fdch vlhkosti. V\u00fdrazn\u011b sni\u017euje riziko budouc\u00ed koroze t\u00edm, \u017ee odstra\u0148uje \u010d\u00e1stice, kter\u00e9 zachycuj\u00ed vlhkost a urychluj\u00ed opot\u0159eben\u00ed materi\u00e1lu. Pravideln\u00e9 pou\u017e\u00edv\u00e1n\u00ed tohoto p\u0159\u00edpravku zachov\u00e1v\u00e1 celistvost povrch\u016f a zabra\u0148uje n\u00e1kladn\u00fdm oprav\u00e1m nebo v\u00fdm\u011bn\u00e1m.<\/p>\n<p><strong><img decoding=\"async\" style=\"margin-right: 12px;\" src=\"https:\/\/www.ferberpainting.com\/wp-content\/uploads\/2026\/02\/Check.svg\" alt=\"\" width=\"18\" height=\"15\" \/>Rychl\u00e1 akce.<\/strong>\u00a0D\u00edky sv\u00e9mu vysoce aktivn\u00edmu slo\u017een\u00ed p\u016fsob\u00ed tento \u010distic\u00ed prost\u0159edek okam\u017eit\u011b na skvrny od rzi a zoxidovan\u00e9 usazeniny. B\u011bhem n\u011bkolika minut rozpust\u00ed korozi a usnadn\u00ed jej\u00ed odstran\u011bn\u00ed bez nutnosti siln\u00e9ho \u0161kr\u00e1b\u00e1n\u00ed. Umo\u017e\u0148uje rychl\u00e9 a \u00fa\u010dinn\u00e9 \u010di\u0161t\u011bn\u00ed - ide\u00e1ln\u00ed pro obnovu kovov\u00fdch povrch\u016f, kovan\u00fdch konstrukc\u00ed, stavebn\u00edch d\u00edl\u016f a pr\u016fmyslov\u00fdch za\u0159\u00edzen\u00ed.<\/p>\n<h2><strong>Protokol o pou\u017eit\u00ed<\/strong><\/h2>\n<ul>\n<li><strong>P\u0159\u00edprava <\/strong>: P\u0159ed pou\u017eit\u00edm p\u0159\u00edpravku se ujist\u011bte, \u017ee je \u010di\u0161t\u011bn\u00fd povrch such\u00fd nebo m\u00edrn\u011b vlhk\u00fd. Plochu opra\u0161te such\u00fdm had\u0159\u00edkem nebo kart\u00e1\u010dem, abyste odstranili voln\u00e9 ne\u010distoty.<\/li>\n<li><strong>Ru\u010dn\u00ed aplikace <\/strong>: Nalijte mal\u00e9 mno\u017estv\u00ed \u010distic\u00edho prost\u0159edku na \u010dist\u00fd had\u0159\u00edk, houbu nebo kart\u00e1\u010d a pot\u00e9 jej rovnom\u011brn\u011b naneste na zreziv\u011bl\u00e9 m\u00edsto jemn\u00fdm t\u0159en\u00edm, aby p\u0159\u00edpravek l\u00e9pe pronikl do povrchu.<\/li>\n<li><strong>Pou\u017eit\u00ed na velk\u00e9 plo\u0161e <\/strong>: Chcete-li o\u0161et\u0159it velkou zreziv\u011blou plochu, pou\u017eijte rozpra\u0161ova\u010d, abyste p\u0159\u00edpravek rovnom\u011brn\u011b rozprost\u0159eli. Nechte jej n\u011bkolik minut p\u016fsobit, aby \u010distic\u00ed prost\u0159edek hloubkov\u011b rozpustil rez.<\/li>\n<li><strong>O\u0161et\u0159en\u00ed odoln\u00fdch skvrn <\/strong>: U velmi siln\u00fdch n\u00e1nos\u016f rzi nechte p\u0159\u00edpravek p\u016fsobit 5 a\u017e 15 minut a pot\u00e9 jemn\u011b vydrhn\u011bte nylonov\u00fdm kart\u00e1\u010dem nebo neabrazivn\u00ed houbou. V p\u0159\u00edpad\u011b pot\u0159eby aplikaci opakujte, abyste oxidaci zcela odstranili.<\/li>\n<li><strong>Oplachov\u00e1n\u00ed a ut\u00edr\u00e1n\u00ed <\/strong>: Povrch d\u016fkladn\u011b opl\u00e1chn\u011bte \u010distou vodou, abyste odstranili v\u0161echny zbytky rzi a v\u00fdrobku. Plochu ihned osu\u0161te \u010dist\u00fdm hadrem, abyste zabr\u00e1nili op\u011btovn\u00e9 oxidaci zp\u016fsoben\u00e9 zbytkovou vlhkost\u00ed.<\/li>\n<li><strong>Ochrana po \u010di\u0161t\u011bn\u00ed <\/strong>: Aby se zabr\u00e1nilo op\u011btovn\u00e9mu v\u00fdskytu rzi, doporu\u010duje se po vy\u010di\u0161t\u011bn\u00ed nan\u00e9st ochrannou vrstvu (antikorozn\u00ed lak, ochrann\u00fd olej nebo antikorozn\u00ed n\u00e1t\u011br).<\/li>\n<li><strong>Frekvence pou\u017e\u00edv\u00e1n\u00ed <\/strong>: Aplikujte, jakmile se objev\u00ed skvrny od rzi, abyste zabr\u00e1nili jejich \u0161\u00ed\u0159en\u00ed nebo oslaben\u00ed posti\u017een\u00fdch povrch\u016f. V r\u00e1mci preventivn\u00ed p\u00e9\u010de \u010dist\u011bte kovov\u00e9 povrchy vystaven\u00e9 vlhkosti alespo\u0148 jednou za t\u0159i m\u011bs\u00edce.<\/li>\n<li><strong>\u00dalo\u017ei\u0161t\u011b <\/strong>: Po ka\u017ed\u00e9m pou\u017eit\u00ed n\u00e1dobku t\u011bsn\u011b uzav\u0159ete a skladujte ji na chladn\u00e9m a such\u00e9m m\u00edst\u011b, mimo dosah sv\u011btla a extr\u00e9mn\u00edch teplot, abyste zachovali \u00fa\u010dinnost p\u0159\u00edpravku po del\u0161\u00ed dobu.<\/li>\n<\/ul>\n<p>S na\u0161\u00edm odstra\u0148ova\u010dem rzi rychle a \u00fa\u010dinn\u011b odstran\u00edte korozi a z\u00e1rove\u0148 ochr\u00e1n\u00edte kovov\u00e9 povrchy p\u0159ed opot\u0159eben\u00edm a vn\u011bj\u0161\u00edm po\u0161kozen\u00edm. Ide\u00e1ln\u00ed \u0159e\u0161en\u00ed pro bezchybnou \u00fadr\u017ebu bez n\u00e1mahy.<\/p>","protected":false},"excerpt":{"rendered":"<p>Optimal Efficiency. This rust remover is designed to quickly and effectively remove rust stains, surface oxidation, and iron deposits from a wide variety of surfaces. Thanks to its powerful formula, it penetrates deeply to dissolve rust without damaging underlying materials. It not only restores the original appearance of metallic surfaces, but also helps prevent rust [&hellip;]<\/p>\n","protected":false},"featured_media":36000,"comment_status":"open","ping_status":"closed","template":"","meta":{"_uag_custom_page_level_css":"","site-sidebar-layout":"default","site-content-layout":"","ast-site-content-layout":"default","site-content-style":"default","site-sidebar-style":"default","ast-global-header-display":"","ast-banner-title-visibility":"","ast-main-header-display":"","ast-hfb-above-header-display":"","ast-hfb-below-header-display":"","ast-hfb-mobile-header-display":"","site-post-title":"","ast-breadcrumbs-content":"","ast-featured-img":"","footer-sml-layout":"","ast-disable-related-posts":"","theme-transparent-header-meta":"default","adv-header-id-meta":"","stick-header-meta":"","header-above-stick-meta":"","header-main-stick-meta":"","header-below-stick-meta":"","astra-migrate-meta-layouts":"set","ast-page-background-enabled":"default","ast-page-background-meta":{"desktop":{"background-color":"var(--ast-global-color-4)","background-image":"","background-repeat":"repeat","background-position":"center center","background-size":"auto","background-attachment":"scroll","background-type":"","background-media":"","overlay-type":"","overlay-color":"","overlay-opacity":"","overlay-gradient":""},"tablet":{"background-color":"","background-image":"","background-repeat":"repeat","background-position":"center center","background-size":"auto","background-attachment":"scroll","background-type":"","background-media":"","overlay-type":"","overlay-color":"","overlay-opacity":"","overlay-gradient":""},"mobile":{"background-color":"","background-image":"","background-repeat":"repeat","background-position":"center center","background-size":"auto","background-attachment":"scroll","background-type":"","background-media":"","overlay-type":"","overlay-color":"","overlay-opacity":"","overlay-gradient":""}},"ast-content-background-meta":{"desktop":{"background-color":"var(--ast-global-color-5)","background-image":"","background-repeat":"repeat","background-position":"center center","background-size":"auto","background-attachment":"scroll","background-type":"","background-media":"","overlay-type":"","overlay-color":"","overlay-opacity":"","overlay-gradient":""},"tablet":{"background-color":"var(--ast-global-color-5)","background-image":"","background-repeat":"repeat","background-position":"center center","background-size":"auto","background-attachment":"scroll","background-type":"","background-media":"","overlay-type":"","overlay-color":"","overlay-opacity":"","overlay-gradient":""},"mobile":{"background-color":"var(--ast-global-color-5)","background-image":"","background-repeat":"repeat","background-position":"center center","background-size":"auto","background-attachment":"scroll","background-type":"","background-media":"","overlay-type":"","overlay-color":"","overlay-opacity":"","overlay-gradient":""}}},"product_brand":[],"product_cat":[175],"product_tag":[],"class_list":{"0":"post-25276","1":"product","2":"type-product","3":"status-publish","4":"has-post-thumbnail","6":"product_cat-cleaning-products","7":"desktop-align-left","8":"tablet-align-left","9":"mobile-align-left","11":"first","12":"instock","13":"sale","14":"taxable","15":"shipping-taxable","16":"purchasable","17":"product-type-variable","18":"has-default-attributes"},"spectra_custom_meta":{"_visibility":["visible"],"_shopify_product_id":["9106237849845"],"_s2w_shopify_domain":["ferberpainting.myshopify.com"],"_shopify_variant_id":["46625776632053"],"_sku":[""],"_manage_stock":["no"],"total_sales":["154"],"_tax_status":["taxable"],"_tax_class":[""],"_backorders":["no"],"_sold_individually":["no"],"_virtual":["no"],"_downloadable":["no"],"_download_limit":["-1"],"_download_expiry":["-1"],"_stock":[null],"_stock_status":["instock"],"_wc_average_rating":["5.00"],"_wc_review_count":["11"],"_product_attributes":["a:1:{s:6:\"volume\";a:6:{s:4:\"name\";s:6:\"Volume\";s:5:\"value\";s:20:\"5 liters | 25 liters\";s:8:\"position\";i:1;s:10:\"is_visible\";i:0;s:12:\"is_variation\";i:1;s:11:\"is_taxonomy\";i:0;}}"],"_product_version":["10.5.1"],"wpse_downloadable_file_names":[""],"wpse_downloadable_file_urls":[""],"_edit_last":["1"],"_default_attributes":["a:1:{s:6:\"volume\";s:8:\"5 liters\";}"],"_edit_lock":["1771232232:1"],"merchant-center-availability":["yes"],"merchant-center-category":["503741"],"_price":["29.90","129.90"],"_thumbnail_id":["36000"],"_wp_page_template":["default"],"_wp_old_date":["2025-05-26"],"_product_image_gallery":["36001"],"site-sidebar-layout":["default"],"ast-site-content-layout":["default"],"site-content-style":["default"],"site-sidebar-style":["default"],"theme-transparent-header-meta":["default"],"_wc_rating_count":["a:1:{i:5;i:11;}"],"astra-migrate-meta-layouts":["set"],"_uag_css_file_name":["uag-css-25276.css"],"_elementor_page_assets":["a:0:{}"],"_uag_page_assets":["a:9:{s:3:\"css\";s:7133:\".uag-blocks-common-selector{z-index:var(--z-index-desktop) !important}@media(max-width: 976px){.uag-blocks-common-selector{z-index:var(--z-index-tablet) !important}}@media(max-width: 767px){.uag-blocks-common-selector{z-index:var(--z-index-mobile) !important}}.wp-block-uagb-image{display:flex}.wp-block-uagb-image__figure{position:relative;display:flex;flex-direction:column;max-width:100%;height:auto;margin:0}.wp-block-uagb-image__figure img{height:auto;display:flex;max-width:100%;transition:box-shadow .2s ease}.wp-block-uagb-image__figure>a{display:inline-block}.wp-block-uagb-image__figure figcaption{text-align:center;margin-top:.5em;margin-bottom:1em}.wp-block-uagb-image .components-placeholder.block-editor-media-placeholder .components-placeholder__instructions{align-self:center}.wp-block-uagb-image--align-left{text-align:left}.wp-block-uagb-image--align-right{text-align:right}.wp-block-uagb-image--align-center{text-align:center}.wp-block-uagb-image--align-full .wp-block-uagb-image__figure{margin-left:calc(50% - 50vw);margin-right:calc(50% - 50vw);max-width:100vw;width:100vw;height:auto}.wp-block-uagb-image--align-full .wp-block-uagb-image__figure img{height:auto;width:100% !important}.wp-block-uagb-image--align-wide .wp-block-uagb-image__figure img{height:auto;width:100%}.wp-block-uagb-image--layout-overlay__color-wrapper{position:absolute;left:0;top:0;right:0;bottom:0;opacity:.2;background:rgba(0,0,0,.5);transition:opacity .35s ease-in-out}.wp-block-uagb-image--layout-overlay-link{position:absolute;left:0;right:0;bottom:0;top:0}.wp-block-uagb-image--layout-overlay .wp-block-uagb-image__figure:hover .wp-block-uagb-image--layout-overlay__color-wrapper{opacity:1}.wp-block-uagb-image--layout-overlay__inner{position:absolute;left:15px;right:15px;bottom:15px;top:15px;display:flex;align-items:center;justify-content:center;flex-direction:column;border-color:#fff;transition:.35s ease-in-out}.wp-block-uagb-image--layout-overlay__inner.top-left,.wp-block-uagb-image--layout-overlay__inner.top-center,.wp-block-uagb-image--layout-overlay__inner.top-right{justify-content:flex-start}.wp-block-uagb-image--layout-overlay__inner.bottom-left,.wp-block-uagb-image--layout-overlay__inner.bottom-center,.wp-block-uagb-image--layout-overlay__inner.bottom-right{justify-content:flex-end}.wp-block-uagb-image--layout-overlay__inner.top-left,.wp-block-uagb-image--layout-overlay__inner.center-left,.wp-block-uagb-image--layout-overlay__inner.bottom-left{align-items:flex-start}.wp-block-uagb-image--layout-overlay__inner.top-right,.wp-block-uagb-image--layout-overlay__inner.center-right,.wp-block-uagb-image--layout-overlay__inner.bottom-right{align-items:flex-end}.wp-block-uagb-image--layout-overlay__inner .uagb-image-heading{color:#fff;transition:transform .35s,opacity .35s ease-in-out;transform:translate3d(0, 24px, 0);margin:0;line-height:1em}.wp-block-uagb-image--layout-overlay__inner .uagb-image-separator{width:30%;border-top-width:2px;border-top-color:#fff;border-top-style:solid;margin-bottom:10px;opacity:0;transition:transform .4s,opacity .4s ease-in-out;transform:translate3d(0, 30px, 0)}.wp-block-uagb-image--layout-overlay__inner .uagb-image-caption{opacity:0;overflow:visible;color:#fff;transition:transform .45s,opacity .45s ease-in-out;transform:translate3d(0, 35px, 0)}.wp-block-uagb-image--layout-overlay__inner:hover .uagb-image-heading,.wp-block-uagb-image--layout-overlay__inner:hover .uagb-image-separator,.wp-block-uagb-image--layout-overlay__inner:hover .uagb-image-caption{opacity:1;transform:translate3d(0, 0, 0)}.wp-block-uagb-image--effect-zoomin .wp-block-uagb-image__figure img,.wp-block-uagb-image--effect-zoomin .wp-block-uagb-image__figure .wp-block-uagb-image--layout-overlay__color-wrapper{transform:scale(1);transition:transform .35s ease-in-out}.wp-block-uagb-image--effect-zoomin .wp-block-uagb-image__figure:hover img,.wp-block-uagb-image--effect-zoomin .wp-block-uagb-image__figure:hover .wp-block-uagb-image--layout-overlay__color-wrapper{transform:scale(1.05)}.wp-block-uagb-image--effect-slide .wp-block-uagb-image__figure img,.wp-block-uagb-image--effect-slide .wp-block-uagb-image__figure .wp-block-uagb-image--layout-overlay__color-wrapper{width:calc(100% + 40px) !important;max-width:none !important;transform:translate3d(-40px, 0, 0);transition:transform .35s ease-in-out}.wp-block-uagb-image--effect-slide .wp-block-uagb-image__figure:hover img,.wp-block-uagb-image--effect-slide .wp-block-uagb-image__figure:hover .wp-block-uagb-image--layout-overlay__color-wrapper{transform:translate3d(0, 0, 0)}.wp-block-uagb-image--effect-grayscale img{filter:grayscale(0%);transition:.35s ease-in-out}.wp-block-uagb-image--effect-grayscale:hover img{filter:grayscale(100%)}.wp-block-uagb-image--effect-blur img{filter:blur(0);transition:.35s ease-in-out}.wp-block-uagb-image--effect-blur:hover img{filter:blur(3px)}.uagb-block-e6f939b3.wp-block-uagb-image--layout-default figure img{box-shadow: 0px 0px 0 #00000070;}.uagb-block-e6f939b3.wp-block-uagb-image .wp-block-uagb-image__figure figcaption{font-style: normal;align-self: center;}.uagb-block-e6f939b3.wp-block-uagb-image--layout-overlay figure img{box-shadow: 0px 0px 0 #00000070;}.uagb-block-e6f939b3.wp-block-uagb-image--layout-overlay .wp-block-uagb-image--layout-overlay__color-wrapper{opacity: 0.2;}.uagb-block-e6f939b3.wp-block-uagb-image--layout-overlay .wp-block-uagb-image--layout-overlay__inner{left: 15px;right: 15px;top: 15px;bottom: 15px;}.uagb-block-e6f939b3.wp-block-uagb-image--layout-overlay .wp-block-uagb-image--layout-overlay__inner .uagb-image-heading{font-style: normal;color: #fff;opacity: 1;}.uagb-block-e6f939b3.wp-block-uagb-image--layout-overlay .wp-block-uagb-image--layout-overlay__inner .uagb-image-heading a{color: #fff;}.uagb-block-e6f939b3.wp-block-uagb-image--layout-overlay .wp-block-uagb-image--layout-overlay__inner .uagb-image-caption{opacity: 0;}.uagb-block-e6f939b3.wp-block-uagb-image--layout-overlay .wp-block-uagb-image__figure:hover .wp-block-uagb-image--layout-overlay__color-wrapper{opacity: 1;}.uagb-block-e6f939b3.wp-block-uagb-image .wp-block-uagb-image--layout-overlay__inner .uagb-image-separator{width: 30%;border-top-width: 2px;border-top-color: #fff;opacity: 0;}.uagb-block-e6f939b3.wp-block-uagb-image .wp-block-uagb-image__figure img{width: px;height: auto;}.uagb-block-e6f939b3.wp-block-uagb-image .wp-block-uagb-image__figure:hover .wp-block-uagb-image--layout-overlay__inner .uagb-image-caption{opacity: 1;}.uagb-block-e6f939b3.wp-block-uagb-image .wp-block-uagb-image__figure:hover .wp-block-uagb-image--layout-overlay__inner .uagb-image-separator{opacity: 1;}.uagb-block-e6f939b3.wp-block-uagb-image--layout-default figure:hover img{box-shadow: 0px 0px 0 #00000070;}.uagb-block-e6f939b3.wp-block-uagb-image--layout-overlay figure:hover img{box-shadow: 0px 0px 0 #00000070;}@media only screen and (max-width: 976px) {.uagb-block-e6f939b3.wp-block-uagb-image .wp-block-uagb-image__figure img{width: px;height: auto;}}@media only screen and (max-width: 767px) {.uagb-block-e6f939b3.wp-block-uagb-image .wp-block-uagb-image__figure img{width: px;height: auto;}}\";s:2:\"js\";s:0:\"\";s:18:\"current_block_list\";a:13:{i:0;s:11:\"core\/search\";i:1;s:10:\"core\/group\";i:2;s:12:\"core\/heading\";i:3;s:17:\"core\/latest-posts\";i:4;s:20:\"core\/latest-comments\";i:5;s:13:\"core\/archives\";i:6;s:15:\"core\/categories\";i:7;s:14:\"core\/paragraph\";i:8;s:10:\"uagb\/image\";i:9;s:11:\"core\/spacer\";i:10;s:30:\"woocommerce\/product-categories\";i:11;s:10:\"core\/image\";i:12;s:14:\"core\/shortcode\";}s:8:\"uag_flag\";b:1;s:11:\"uag_version\";s:10:\"1777196293\";s:6:\"gfonts\";a:0:{}s:10:\"gfonts_url\";s:0:\"\";s:12:\"gfonts_files\";a:0:{}s:14:\"uag_faq_layout\";b:0;}"]},"uagb_featured_image_src":{"full":["https:\/\/www.ferberpainting.com\/wp-content\/uploads\/2025\/05\/Rust-Remover-5L-.png",2560,2560,false],"thumbnail":["https:\/\/www.ferberpainting.com\/wp-content\/uploads\/2025\/05\/Rust-Remover-5L--150x150.png",150,150,true],"medium":["https:\/\/www.ferberpainting.com\/wp-content\/uploads\/2025\/05\/Rust-Remover-5L--300x300.png",300,300,true],"medium_large":["https:\/\/www.ferberpainting.com\/wp-content\/uploads\/2025\/05\/Rust-Remover-5L--768x768.png",768,768,true],"large":["https:\/\/www.ferberpainting.com\/wp-content\/uploads\/2025\/05\/Rust-Remover-5L--1024x1024.png",1024,1024,true],"1536x1536":["https:\/\/www.ferberpainting.com\/wp-content\/uploads\/2025\/05\/Rust-Remover-5L--1536x1536.png",1536,1536,true],"2048x2048":["https:\/\/www.ferberpainting.com\/wp-content\/uploads\/2025\/05\/Rust-Remover-5L--2048x2048.png",2048,2048,true],"trp-custom-language-flag":["https:\/\/www.ferberpainting.com\/wp-content\/uploads\/2025\/05\/Rust-Remover-5L--12x12.png",12,12,true],"woocommerce_thumbnail":["https:\/\/www.ferberpainting.com\/wp-content\/uploads\/2025\/05\/Rust-Remover-5L--300x300.png",300,300,true],"woocommerce_single":["https:\/\/www.ferberpainting.com\/wp-content\/uploads\/2025\/05\/Rust-Remover-5L--600x600.png",600,600,true],"woocommerce_gallery_thumbnail":["https:\/\/www.ferberpainting.com\/wp-content\/uploads\/2025\/05\/Rust-Remover-5L--100x100.png",100,100,true]},"uagb_author_info":{"display_name":"admin","author_link":"https:\/\/www.ferberpainting.com\/cz\/author\/"},"uagb_comment_info":11,"uagb_excerpt":"Optimal Efficiency. This rust remover is designed to quickly and effectively remove rust stains, surface oxidation, and iron deposits from a wide variety of surfaces. Thanks to its powerful formula, it penetrates deeply to dissolve rust without damaging underlying materials. It not only restores the original appearance of metallic surfaces, but also helps prevent rust&hellip;","_links":{"self":[{"href":"https:\/\/www.ferberpainting.com\/cz\/wp-json\/wp\/v2\/product\/25276","targetHints":{"allow":["GET"]}}],"collection":[{"href":"https:\/\/www.ferberpainting.com\/cz\/wp-json\/wp\/v2\/product"}],"about":[{"href":"https:\/\/www.ferberpainting.com\/cz\/wp-json\/wp\/v2\/types\/product"}],"replies":[{"embeddable":true,"href":"https:\/\/www.ferberpainting.com\/cz\/wp-json\/wp\/v2\/comments?post=25276"}],"version-history":[{"count":5,"href":"https:\/\/www.ferberpainting.com\/cz\/wp-json\/wp\/v2\/product\/25276\/revisions"}],"predecessor-version":[{"id":167184,"href":"https:\/\/www.ferberpainting.com\/cz\/wp-json\/wp\/v2\/product\/25276\/revisions\/167184"}],"wp:featuredmedia":[{"embeddable":true,"href":"https:\/\/www.ferberpainting.com\/cz\/wp-json\/wp\/v2\/media\/36000"}],"wp:attachment":[{"href":"https:\/\/www.ferberpainting.com\/cz\/wp-json\/wp\/v2\/media?parent=25276"}],"wp:term":[{"taxonomy":"product_brand","embeddable":true,"href":"https:\/\/www.ferberpainting.com\/cz\/wp-json\/wp\/v2\/product_brand?post=25276"},{"taxonomy":"product_cat","embeddable":true,"href":"https:\/\/www.ferberpainting.com\/cz\/wp-json\/wp\/v2\/product_cat?post=25276"},{"taxonomy":"product_tag","embeddable":true,"href":"https:\/\/www.ferberpainting.com\/cz\/wp-json\/wp\/v2\/product_tag?post=25276"}],"curies":[{"name":"wp","href":"https:\/\/api.w.org\/{rel}","templated":true}]}}