{"id":25262,"date":"2025-06-30T21:59:06","date_gmt":"2025-06-30T19:59:06","guid":{"rendered":"https:\/\/www.ferberpainting.com\/?post_type=product&#038;p=25262"},"modified":"2026-02-16T08:30:23","modified_gmt":"2026-02-16T07:30:23","slug":"roof-tile-water-repellent","status":"publish","type":"product","link":"https:\/\/www.ferberpainting.com\/cz\/products\/roof-tile-water-repellent\/","title":{"rendered":"Vodoodpudiv\u00fd p\u0159\u00edpravek na ta\u0161ky"},"content":{"rendered":"<p><strong><img decoding=\"async\" style=\"margin-right: 12px;\" src=\"https:\/\/www.ferberpainting.com\/wp-content\/uploads\/2026\/02\/Check.svg\" alt=\"\" width=\"18\" height=\"15\" \/>Optim\u00e1ln\u00ed ochrana proti vlhkosti.<\/strong>\u00a0Tento impregna\u010dn\u00ed p\u0159\u00edpravek na dla\u017edice je speci\u00e1ln\u011b vyvinut\u00fd tak, aby poskytoval zv\u00fd\u0161enou ochranu proti vlhkosti a pronik\u00e1n\u00ed vody. Pronik\u00e1 hluboko do povrchu dla\u017edic a vytv\u00e1\u0159\u00ed neviditelnou bari\u00e9ru, kter\u00e1 je vysoce \u00fa\u010dinn\u00e1. D\u00edky tomuto p\u016fsoben\u00ed zabra\u0148uje prosakov\u00e1n\u00ed vody do dla\u017edic a chr\u00e1n\u00ed st\u0159echu p\u0159ed po\u0161kozen\u00edm zp\u016fsoben\u00fdm pov\u011btrnostn\u00edmi vlivy - zejm\u00e9na pl\u00edsn\u011bmi, skvrnami a degradac\u00ed materi\u00e1lu.<\/p>\n<p><strong><img decoding=\"async\" style=\"margin-right: 12px;\" src=\"https:\/\/www.ferberpainting.com\/wp-content\/uploads\/2026\/02\/Check.svg\" alt=\"\" width=\"18\" height=\"15\" \/>Z\u00e1ruka vr\u00e1cen\u00ed pen\u011bz.<\/strong>\u00a0Abychom zajistili va\u0161i naprostou spokojenost, nab\u00edz\u00edme z\u00e1ruku spokojenosti nebo vr\u00e1cen\u00ed pen\u011bz. Pokud nebudete s t\u00edmto impregna\u010dn\u00edm p\u0159\u00edpravkem na dla\u017edice po jeho pou\u017eit\u00ed pln\u011b spokojeni, m\u016f\u017eete po\u017e\u00e1dat o vr\u00e1cen\u00ed pen\u011bz v pln\u00e9 v\u00fd\u0161i. D\u00edky t\u011bmto pravidl\u016fm pro vr\u00e1cen\u00ed zbo\u017e\u00ed m\u016f\u017eete v\u00fdrobek zakoupit s d\u016fv\u011brou, proto\u017ee v\u00edte, \u017ee v p\u0159\u00edpad\u011b nespokojenosti jste kryti.<\/p>\n<p><strong><img decoding=\"async\" style=\"margin-right: 12px;\" src=\"https:\/\/www.ferberpainting.com\/wp-content\/uploads\/2026\/02\/Check.svg\" alt=\"\" width=\"18\" height=\"15\" \/>Ochrana v\u0161e v jednom.<\/strong>\u00a0Tento impregna\u010dn\u00ed prost\u0159edek nen\u00ed omezen pouze na hlin\u011bn\u00e9 dla\u017edice. Lze jej pou\u017e\u00edt i na jin\u00e9 st\u0159e\u0161n\u00ed krytiny, jako je beton, cement, malta, por\u00e9zn\u00ed p\u0159\u00edrodn\u00ed kameny a dal\u0161\u00ed sav\u00e9 povrchy vystaven\u00e9 pov\u011btrnostn\u00edm vliv\u016fm, \u010d\u00edm\u017e je zaji\u0161t\u011bna kompletn\u00ed ochrana va\u0161\u00ed st\u0159echy.<\/p>\n<p><strong><img decoding=\"async\" style=\"margin-right: 12px;\" src=\"https:\/\/www.ferberpainting.com\/wp-content\/uploads\/2026\/02\/Check.svg\" alt=\"\" width=\"18\" height=\"15\" \/>N\u00e1kladov\u011b efektivn\u00ed.<\/strong>\u00a0Tento impregna\u010dn\u00ed p\u0159\u00edpravek na obklady je mimo\u0159\u00e1dn\u011b \u00fasporn\u00fd z hlediska pokryt\u00ed. Jeden litr pokryje v pr\u016fm\u011bru 6 a\u017e 8 m\u00b2 o\u0161et\u0159ovan\u00e9 plochy v z\u00e1vislosti na p\u00f3rovitosti. S p\u011btilitrovou n\u00e1dobou m\u016f\u017eete o\u0161et\u0159it a\u017e 40 m\u00b2, co\u017e z n\u011bj \u010din\u00ed cenov\u011b dostupn\u00e9 \u0159e\u0161en\u00ed pro ochranu velk\u00e9 st\u0159e\u0161n\u00ed plochy. Jeho vysok\u00e1 \u00fa\u010dinnost tak\u00e9 znamen\u00e1, \u017ee nemus\u00edte p\u0159\u00edpravek \u010dasto opakovan\u011b nan\u00e1\u0161et, a to p\u0159i zachov\u00e1n\u00ed dlouhotrvaj\u00edc\u00ed ochrany.<\/p>\n<p><strong><img decoding=\"async\" style=\"margin-right: 12px;\" src=\"https:\/\/www.ferberpainting.com\/wp-content\/uploads\/2026\/02\/Check.svg\" alt=\"\" width=\"18\" height=\"15\" \/>Bezpe\u010dn\u00e9 pou\u017eit\u00ed.<\/strong>\u00a0Tento impregna\u010dn\u00ed p\u0159\u00edpravek na dla\u017edice je navr\u017een tak, aby byl zcela bezpe\u010dn\u00fd. Neobsahuje \u017e\u00e1dn\u00e9 agresivn\u00ed chemik\u00e1lie a je \u0161etrn\u00fd k \u017eivotn\u00edmu prost\u0159ed\u00ed. M\u016f\u017eete jej bezpe\u010dn\u011b aplikovat v interi\u00e9ru i exteri\u00e9ru, ani\u017e byste ohrozili sv\u00e9 zdrav\u00ed nebo zdrav\u00ed sv\u00fdch bl\u00edzk\u00fdch. Stejn\u011b jako u ka\u017ed\u00e9ho o\u0161et\u0159ovac\u00edho p\u0159\u00edpravku se v\u0161ak doporu\u010duje pou\u017e\u00edvat rukavice a ochrann\u00e9 br\u00fdle, zejm\u00e9na pokud pracujete v uzav\u0159en\u00fdch prostor\u00e1ch.<\/p>\n<p><strong><img decoding=\"async\" style=\"margin-right: 12px;\" src=\"https:\/\/www.ferberpainting.com\/wp-content\/uploads\/2026\/02\/Check.svg\" alt=\"\" width=\"18\" height=\"15\" \/>Snadn\u00e1 aplikace.<\/strong>\u00a0Tento v\u00fdrobek je p\u0159ipraven k pou\u017eit\u00ed, tak\u017ee jeho aplikace je velmi snadn\u00e1. Nen\u00ed nutn\u00e9 jej \u0159edit - sta\u010d\u00ed jej nan\u00e9st p\u0159\u00edmo na povrch dla\u017edic pomoc\u00ed rozpra\u0161ova\u010de, \u0161t\u011btce nebo v\u00e1le\u010dku. Aplikace je rychl\u00e1 a nevy\u017eaduje \u017e\u00e1dn\u00e9 speci\u00e1ln\u00ed vybaven\u00ed, co\u017e usnad\u0148uje pou\u017eit\u00ed jak pro kutily, tak pro profesion\u00e1ly. Nav\u00edc nezanech\u00e1v\u00e1 \u017e\u00e1dn\u00e9 viditeln\u00e9 zbytky, co\u017e zaji\u0161\u0165uje \u010dist\u00fd a estetick\u00fd v\u00fdsledek.<\/p>\n<p><strong><img decoding=\"async\" style=\"margin-right: 12px;\" src=\"https:\/\/www.ferberpainting.com\/wp-content\/uploads\/2026\/02\/Check.svg\" alt=\"\" width=\"18\" height=\"15\" \/>Dlouhodob\u00e1 \u017eivotnost.<\/strong>\u00a0Tento impregna\u010dn\u00ed p\u0159\u00edpravek je navr\u017een tak, aby poskytoval dlouhotrvaj\u00edc\u00ed ochranu. Po nanesen\u00ed vytvo\u0159\u00ed neviditelnou, ale vysoce odolnou bari\u00e9ru proti vlhkosti. V z\u00e1vislosti na pov\u011btrnostn\u00edch podm\u00ednk\u00e1ch a expozici m\u016f\u017ee jeho ochrann\u00fd \u00fa\u010dinek trvat 2 a\u017e 5 let. Tato trvanlivost sni\u017euje pot\u0159ebu \u010dast\u00e9 \u00fadr\u017eby a zaji\u0161\u0165uje st\u00e1lou ochranu proti pronik\u00e1n\u00ed vody.<\/p>\n<p><strong><img decoding=\"async\" style=\"margin-right: 12px;\" src=\"https:\/\/www.ferberpainting.com\/wp-content\/uploads\/2026\/02\/Check.svg\" alt=\"\" width=\"18\" height=\"15\" \/>Rychl\u00e1 aplikace a schnut\u00ed.<\/strong>\u00a0Tento impregna\u010dn\u00ed p\u0159\u00edpravek na dla\u017edice je zn\u00e1m\u00fd sv\u00fdm rychl\u00fdm \u00fa\u010dinkem. Po nast\u0159\u00edk\u00e1n\u00ed nebo nanesen\u00ed rychle pronik\u00e1 do p\u00f3r\u016f dla\u017edic a poskytuje ochranu ve velmi kr\u00e1tk\u00e9 dob\u011b. Doba schnut\u00ed je rovn\u011b\u017e rychl\u00e1. Po aplikaci se zpravidla m\u016f\u017eete povrchu dot\u00fdkat po 1 a\u017e 2 hodin\u00e1ch. Pro zaji\u0161t\u011bn\u00ed pln\u00e9 \u00fa\u010dinnosti se v\u0161ak doporu\u010duje nechat p\u0159\u00edpravek p\u0159ed jak\u00fdmkoli vystaven\u00edm vlhkosti zcela zaschnout po dobu 24 hodin.<\/p>\n<h2><strong>Protokol o pou\u017eit\u00ed<\/strong><\/h2>\n<ul>\n<li><strong>P\u0159\u00edprava povrchu <\/strong>: P\u0159ed nanesen\u00edm impregna\u010dn\u00edho p\u0159\u00edpravku na dla\u017edice se ujist\u011bte, \u017ee je povrch \u010dist\u00fd, such\u00fd a zbaven\u00fd ne\u010distot, mechu nebo \u00falomk\u016f. V p\u0159\u00edpad\u011b pot\u0159eby st\u0159echu o\u010dist\u011bte vysokotlakou my\u010dkou nebo ko\u0161t\u011btem. Pokud je p\u0159\u00edtomen mech nebo li\u0161ejn\u00edk, doporu\u010dujeme p\u0159ed aplikac\u00ed prov\u00e9st o\u0161et\u0159en\u00ed proti mechu. P\u0159ed aplikac\u00ed impregna\u010dn\u00edho p\u0159\u00edpravku se ujist\u011bte, \u017ee je st\u0159echa zcela such\u00e1.<\/li>\n<li><strong>Aplikace produktu <\/strong>: Tento impregna\u010dn\u00ed p\u0159\u00edpravek je p\u0159ipraven k pou\u017eit\u00ed a nevy\u017eaduje \u0159ed\u011bn\u00ed. Aplikujte jej pomoc\u00ed post\u0159ikova\u010de, v\u00e1le\u010dku nebo \u0161t\u011btce. Pokud pou\u017e\u00edv\u00e1te post\u0159ikova\u010d, dodr\u017eujte vzd\u00e1lenost p\u0159ibli\u017en\u011b 30 cm od povrchu a nan\u00e1\u0161ejte rovnom\u011brnou vrstvu. Pou\u017e\u00edv\u00e1te-li v\u00e1le\u010dek nebo \u0161t\u011btec, dbejte na to, abyste nanesli dostate\u010dn\u00e9 mno\u017estv\u00ed, ani\u017e byste dla\u017edice nasytili. Pracujte rovnom\u011brn\u011b, abyste zajistili \u00fapln\u00e9 pokryt\u00ed.<\/li>\n<li><strong>Mno\u017estv\u00ed k pou\u017eit\u00ed <\/strong>: Jeden litr impregna\u010dn\u00edho prost\u0159edku na obklady pokryje v pr\u016fm\u011bru 6 a\u017e 8 m\u00b2 v z\u00e1vislosti na p\u00f3rovitosti. U obzvl\u00e1\u0161t\u011b por\u00e9zn\u00edch dla\u017edic m\u016f\u017ee b\u00fdt pro maxim\u00e1ln\u00ed ochranu nutn\u00e1 druh\u00e1 vrstva. P\u011btilitrov\u00e1 n\u00e1doba posta\u010d\u00ed na pokryt\u00ed p\u0159ibli\u017en\u011b 40 m\u00b2 povrchu dla\u017edic.<\/li>\n<li><strong>Doba su\u0161en\u00ed <\/strong>: Po aplikaci je doba schnut\u00ed obvykle 1 a\u017e 2 hodiny. Obecn\u011b plat\u00ed, \u017ee po t\u00e9to dob\u011b se m\u016f\u017eete povrchu dot\u00fdkat. Pro optim\u00e1ln\u00ed ochranu se v\u0161ak doporu\u010duje po\u010dkat 24 hodin, ne\u017e st\u0159echu vystav\u00edte vlhkosti. Tato doba schnut\u00ed umo\u017e\u0148uje v\u00fdrobku pln\u011b proniknout a vytvo\u0159it vodoodpudivou bari\u00e9ru.<\/li>\n<li><strong>Op\u011btovn\u00e9 pod\u00e1n\u00ed \u017e\u00e1dosti <\/strong>: V z\u00e1vislosti na pov\u011btrnostn\u00edch podm\u00ednk\u00e1ch a p\u0159irozen\u00e9m opot\u0159eben\u00ed m\u016f\u017ee b\u00fdt pro udr\u017een\u00ed optim\u00e1ln\u00ed ochrany nutn\u00e9 aplikovat impregna\u010dn\u00ed prost\u0159edek ka\u017ed\u00fdch 2 a\u017e 5 let. Nejlep\u0161\u00edch v\u00fdsledk\u016f dos\u00e1hnete, kdy\u017e povrch znovu nanesete po o\u010di\u0161t\u011bn\u00ed, abyste odstranili nahromad\u011bn\u00e9 ne\u010distoty.<\/li>\n<li><strong>\u00dadr\u017eba <\/strong>: Tento impregna\u010dn\u00ed p\u0159\u00edpravek na dla\u017edice nevy\u017eaduje slo\u017eitou \u00fadr\u017ebu. Doporu\u010duje se \u010distit povrch m\u00fddlovou vodou a m\u011bkk\u00fdm kart\u00e1\u010dem nebo smet\u00e1kem. Vyvarujte se pou\u017eit\u00ed vysokotlak\u00fdch myc\u00edch prost\u0159edk\u016f nebo drsn\u00fdch chemik\u00e1li\u00ed, kter\u00e9 by mohly ochrannou vrstvu po\u0161kodit. Pravideln\u00e1 \u00fadr\u017eba st\u0159echy m\u016f\u017ee prodlou\u017eit \u017eivotnost va\u0161ich ta\u0161ek i hydroizola\u010dn\u00edho p\u0159\u00edpravku.<\/li>\n<\/ul>\n<p>Tento hydroizola\u010dn\u00ed p\u0159\u00edpravek na ta\u0161ky je \u00fa\u010dinn\u00fdm a praktick\u00fdm \u0159e\u0161en\u00edm ochrany st\u0159echy p\u0159ed pronik\u00e1n\u00edm vody a vlhkosti. D\u00edky snadn\u00e9 aplikaci, dlouh\u00e9 \u017eivotnosti a vysok\u00e9mu v\u00fdkonu je vynikaj\u00edc\u00ed investic\u00ed, kter\u00e1 zachov\u00e1 kvalitu a celistvost va\u0161ich ta\u0161ek a z\u00e1rove\u0148 sn\u00ed\u017e\u00ed va\u0161e n\u00e1roky na \u00fadr\u017ebu.<\/p>","protected":false},"excerpt":{"rendered":"<p>Optimal Moisture Protection.\u00a0This tile waterproofer is specially formulated to provide enhanced protection against moisture and water infiltration. It penetrates deep into the tile surface to form an invisible barrier that is highly effective. Thanks to this action, it prevents water from seeping into your tiles and protects your roof from damage caused by weather\u2014especially mold, [&hellip;]<\/p>\n","protected":false},"featured_media":35996,"comment_status":"open","ping_status":"closed","template":"","meta":{"_uag_custom_page_level_css":"","site-sidebar-layout":"default","site-content-layout":"","ast-site-content-layout":"default","site-content-style":"default","site-sidebar-style":"default","ast-global-header-display":"","ast-banner-title-visibility":"","ast-main-header-display":"","ast-hfb-above-header-display":"","ast-hfb-below-header-display":"","ast-hfb-mobile-header-display":"","site-post-title":"","ast-breadcrumbs-content":"","ast-featured-img":"","footer-sml-layout":"","ast-disable-related-posts":"","theme-transparent-header-meta":"default","adv-header-id-meta":"","stick-header-meta":"","header-above-stick-meta":"","header-main-stick-meta":"","header-below-stick-meta":"","astra-migrate-meta-layouts":"set","ast-page-background-enabled":"default","ast-page-background-meta":{"desktop":{"background-color":"var(--ast-global-color-4)","background-image":"","background-repeat":"repeat","background-position":"center center","background-size":"auto","background-attachment":"scroll","background-type":"","background-media":"","overlay-type":"","overlay-color":"","overlay-opacity":"","overlay-gradient":""},"tablet":{"background-color":"","background-image":"","background-repeat":"repeat","background-position":"center center","background-size":"auto","background-attachment":"scroll","background-type":"","background-media":"","overlay-type":"","overlay-color":"","overlay-opacity":"","overlay-gradient":""},"mobile":{"background-color":"","background-image":"","background-repeat":"repeat","background-position":"center center","background-size":"auto","background-attachment":"scroll","background-type":"","background-media":"","overlay-type":"","overlay-color":"","overlay-opacity":"","overlay-gradient":""}},"ast-content-background-meta":{"desktop":{"background-color":"var(--ast-global-color-5)","background-image":"","background-repeat":"repeat","background-position":"center center","background-size":"auto","background-attachment":"scroll","background-type":"","background-media":"","overlay-type":"","overlay-color":"","overlay-opacity":"","overlay-gradient":""},"tablet":{"background-color":"var(--ast-global-color-5)","background-image":"","background-repeat":"repeat","background-position":"center center","background-size":"auto","background-attachment":"scroll","background-type":"","background-media":"","overlay-type":"","overlay-color":"","overlay-opacity":"","overlay-gradient":""},"mobile":{"background-color":"var(--ast-global-color-5)","background-image":"","background-repeat":"repeat","background-position":"center center","background-size":"auto","background-attachment":"scroll","background-type":"","background-media":"","overlay-type":"","overlay-color":"","overlay-opacity":"","overlay-gradient":""}}},"product_brand":[],"product_cat":[191],"product_tag":[],"class_list":{"0":"post-25262","1":"product","2":"type-product","3":"status-publish","4":"has-post-thumbnail","6":"product_cat-water-repellent","7":"desktop-align-left","8":"tablet-align-left","9":"mobile-align-left","11":"first","12":"instock","13":"sale","14":"taxable","15":"shipping-taxable","16":"purchasable","17":"product-type-variable","18":"has-default-attributes"},"spectra_custom_meta":{"_visibility":["visible"],"_shopify_product_id":["9106633851125"],"_s2w_shopify_domain":["ferberpainting.myshopify.com"],"_shopify_variant_id":["46626370879733"],"_sku":[""],"_manage_stock":["no"],"total_sales":["31"],"_tax_status":["taxable"],"_tax_class":[""],"_backorders":["no"],"_sold_individually":["no"],"_virtual":["no"],"_downloadable":["no"],"_download_limit":["-1"],"_download_expiry":["-1"],"_stock":[null],"_stock_status":["instock"],"_wc_average_rating":["5.00"],"_wc_review_count":["36"],"_product_attributes":["a:1:{s:6:\"volume\";a:6:{s:4:\"name\";s:6:\"Volume\";s:5:\"value\";s:20:\"5 liters | 25 liters\";s:8:\"position\";i:1;s:10:\"is_visible\";i:0;s:12:\"is_variation\";i:1;s:11:\"is_taxonomy\";i:0;}}"],"_product_version":["10.5.1"],"wpse_downloadable_file_names":[""],"wpse_downloadable_file_urls":[""],"_edit_last":["1"],"_default_attributes":["a:1:{s:6:\"volume\";s:8:\"5 liters\";}"],"_edit_lock":["1771226885:1"],"_price":["29.90","129.90"],"merchant-center-availability":["yes"],"merchant-center-category":["503744"],"_thumbnail_id":["35996"],"_wp_page_template":["default"],"_wp_old_date":["2025-05-26"],"_product_image_gallery":["35997"],"site-sidebar-layout":["default"],"ast-site-content-layout":["default"],"site-content-style":["default"],"site-sidebar-style":["default"],"theme-transparent-header-meta":["default"],"_wc_rating_count":["a:1:{i:5;i:36;}"],"astra-migrate-meta-layouts":["set"],"_uag_css_file_name":["uag-css-25262.css"],"_elementor_page_assets":["a:0:{}"],"_uag_page_assets":["a:9:{s:3:\"css\";s:6873:\".wp-block-uagb-image{display:flex}.wp-block-uagb-image__figure{position:relative;display:flex;flex-direction:column;max-width:100%;height:auto;margin:0}.wp-block-uagb-image__figure img{height:auto;display:flex;max-width:100%;transition:box-shadow .2s ease}.wp-block-uagb-image__figure>a{display:inline-block}.wp-block-uagb-image__figure figcaption{text-align:center;margin-top:.5em;margin-bottom:1em}.wp-block-uagb-image .components-placeholder.block-editor-media-placeholder .components-placeholder__instructions{align-self:center}.wp-block-uagb-image--align-left{text-align:left}.wp-block-uagb-image--align-right{text-align:right}.wp-block-uagb-image--align-center{text-align:center}.wp-block-uagb-image--align-full .wp-block-uagb-image__figure{margin-left:calc(50% - 50vw);margin-right:calc(50% - 50vw);max-width:100vw;width:100vw;height:auto}.wp-block-uagb-image--align-full .wp-block-uagb-image__figure img{height:auto;width:100% !important}.wp-block-uagb-image--align-wide .wp-block-uagb-image__figure img{height:auto;width:100%}.wp-block-uagb-image--layout-overlay__color-wrapper{position:absolute;left:0;top:0;right:0;bottom:0;opacity:.2;background:rgba(0,0,0,.5);transition:opacity .35s ease-in-out}.wp-block-uagb-image--layout-overlay-link{position:absolute;left:0;right:0;bottom:0;top:0}.wp-block-uagb-image--layout-overlay .wp-block-uagb-image__figure:hover .wp-block-uagb-image--layout-overlay__color-wrapper{opacity:1}.wp-block-uagb-image--layout-overlay__inner{position:absolute;left:15px;right:15px;bottom:15px;top:15px;display:flex;align-items:center;justify-content:center;flex-direction:column;border-color:#fff;transition:.35s ease-in-out}.wp-block-uagb-image--layout-overlay__inner.top-left,.wp-block-uagb-image--layout-overlay__inner.top-center,.wp-block-uagb-image--layout-overlay__inner.top-right{justify-content:flex-start}.wp-block-uagb-image--layout-overlay__inner.bottom-left,.wp-block-uagb-image--layout-overlay__inner.bottom-center,.wp-block-uagb-image--layout-overlay__inner.bottom-right{justify-content:flex-end}.wp-block-uagb-image--layout-overlay__inner.top-left,.wp-block-uagb-image--layout-overlay__inner.center-left,.wp-block-uagb-image--layout-overlay__inner.bottom-left{align-items:flex-start}.wp-block-uagb-image--layout-overlay__inner.top-right,.wp-block-uagb-image--layout-overlay__inner.center-right,.wp-block-uagb-image--layout-overlay__inner.bottom-right{align-items:flex-end}.wp-block-uagb-image--layout-overlay__inner .uagb-image-heading{color:#fff;transition:transform .35s,opacity .35s ease-in-out;transform:translate3d(0, 24px, 0);margin:0;line-height:1em}.wp-block-uagb-image--layout-overlay__inner .uagb-image-separator{width:30%;border-top-width:2px;border-top-color:#fff;border-top-style:solid;margin-bottom:10px;opacity:0;transition:transform .4s,opacity .4s ease-in-out;transform:translate3d(0, 30px, 0)}.wp-block-uagb-image--layout-overlay__inner .uagb-image-caption{opacity:0;overflow:visible;color:#fff;transition:transform .45s,opacity .45s ease-in-out;transform:translate3d(0, 35px, 0)}.wp-block-uagb-image--layout-overlay__inner:hover .uagb-image-heading,.wp-block-uagb-image--layout-overlay__inner:hover .uagb-image-separator,.wp-block-uagb-image--layout-overlay__inner:hover .uagb-image-caption{opacity:1;transform:translate3d(0, 0, 0)}.wp-block-uagb-image--effect-zoomin .wp-block-uagb-image__figure img,.wp-block-uagb-image--effect-zoomin .wp-block-uagb-image__figure .wp-block-uagb-image--layout-overlay__color-wrapper{transform:scale(1);transition:transform .35s ease-in-out}.wp-block-uagb-image--effect-zoomin .wp-block-uagb-image__figure:hover img,.wp-block-uagb-image--effect-zoomin .wp-block-uagb-image__figure:hover .wp-block-uagb-image--layout-overlay__color-wrapper{transform:scale(1.05)}.wp-block-uagb-image--effect-slide .wp-block-uagb-image__figure img,.wp-block-uagb-image--effect-slide .wp-block-uagb-image__figure .wp-block-uagb-image--layout-overlay__color-wrapper{width:calc(100% + 40px) !important;max-width:none !important;transform:translate3d(-40px, 0, 0);transition:transform .35s ease-in-out}.wp-block-uagb-image--effect-slide .wp-block-uagb-image__figure:hover img,.wp-block-uagb-image--effect-slide .wp-block-uagb-image__figure:hover .wp-block-uagb-image--layout-overlay__color-wrapper{transform:translate3d(0, 0, 0)}.wp-block-uagb-image--effect-grayscale img{filter:grayscale(0%);transition:.35s ease-in-out}.wp-block-uagb-image--effect-grayscale:hover img{filter:grayscale(100%)}.wp-block-uagb-image--effect-blur img{filter:blur(0);transition:.35s ease-in-out}.wp-block-uagb-image--effect-blur:hover img{filter:blur(3px)}.uagb-block-e6f939b3.wp-block-uagb-image--layout-default figure img{box-shadow: 0px 0px 0 #00000070;}.uagb-block-e6f939b3.wp-block-uagb-image .wp-block-uagb-image__figure figcaption{font-style: normal;align-self: center;}.uagb-block-e6f939b3.wp-block-uagb-image--layout-overlay figure img{box-shadow: 0px 0px 0 #00000070;}.uagb-block-e6f939b3.wp-block-uagb-image--layout-overlay .wp-block-uagb-image--layout-overlay__color-wrapper{opacity: 0.2;}.uagb-block-e6f939b3.wp-block-uagb-image--layout-overlay .wp-block-uagb-image--layout-overlay__inner{left: 15px;right: 15px;top: 15px;bottom: 15px;}.uagb-block-e6f939b3.wp-block-uagb-image--layout-overlay .wp-block-uagb-image--layout-overlay__inner .uagb-image-heading{font-style: normal;color: #fff;opacity: 1;}.uagb-block-e6f939b3.wp-block-uagb-image--layout-overlay .wp-block-uagb-image--layout-overlay__inner .uagb-image-heading a{color: #fff;}.uagb-block-e6f939b3.wp-block-uagb-image--layout-overlay .wp-block-uagb-image--layout-overlay__inner .uagb-image-caption{opacity: 0;}.uagb-block-e6f939b3.wp-block-uagb-image--layout-overlay .wp-block-uagb-image__figure:hover .wp-block-uagb-image--layout-overlay__color-wrapper{opacity: 1;}.uagb-block-e6f939b3.wp-block-uagb-image .wp-block-uagb-image--layout-overlay__inner .uagb-image-separator{width: 30%;border-top-width: 2px;border-top-color: #fff;opacity: 0;}.uagb-block-e6f939b3.wp-block-uagb-image .wp-block-uagb-image__figure img{width: px;height: auto;}.uagb-block-e6f939b3.wp-block-uagb-image .wp-block-uagb-image__figure:hover .wp-block-uagb-image--layout-overlay__inner .uagb-image-caption{opacity: 1;}.uagb-block-e6f939b3.wp-block-uagb-image .wp-block-uagb-image__figure:hover .wp-block-uagb-image--layout-overlay__inner .uagb-image-separator{opacity: 1;}.uagb-block-e6f939b3.wp-block-uagb-image--layout-default figure:hover img{box-shadow: 0px 0px 0 #00000070;}.uagb-block-e6f939b3.wp-block-uagb-image--layout-overlay figure:hover img{box-shadow: 0px 0px 0 #00000070;}@media only screen and (max-width: 976px) {.uagb-block-e6f939b3.wp-block-uagb-image .wp-block-uagb-image__figure img{width: px;height: auto;}}@media only screen and (max-width: 767px) {.uagb-block-e6f939b3.wp-block-uagb-image .wp-block-uagb-image__figure img{width: px;height: auto;}}\";s:2:\"js\";s:0:\"\";s:18:\"current_block_list\";a:13:{i:0;s:11:\"core\/search\";i:1;s:10:\"core\/group\";i:2;s:12:\"core\/heading\";i:3;s:17:\"core\/latest-posts\";i:4;s:20:\"core\/latest-comments\";i:5;s:13:\"core\/archives\";i:6;s:15:\"core\/categories\";i:7;s:14:\"core\/paragraph\";i:8;s:10:\"uagb\/image\";i:9;s:11:\"core\/spacer\";i:10;s:30:\"woocommerce\/product-categories\";i:11;s:10:\"core\/image\";i:12;s:14:\"core\/shortcode\";}s:8:\"uag_flag\";b:1;s:11:\"uag_version\";s:10:\"1777262865\";s:6:\"gfonts\";a:0:{}s:10:\"gfonts_url\";s:0:\"\";s:12:\"gfonts_files\";a:0:{}s:14:\"uag_faq_layout\";b:0;}"]},"uagb_featured_image_src":{"full":["https:\/\/www.ferberpainting.com\/wp-content\/uploads\/2025\/05\/Roof-Tile-Water-Repellent-5L-.png",2560,2560,false],"thumbnail":["https:\/\/www.ferberpainting.com\/wp-content\/uploads\/2025\/05\/Roof-Tile-Water-Repellent-5L--150x150.png",150,150,true],"medium":["https:\/\/www.ferberpainting.com\/wp-content\/uploads\/2025\/05\/Roof-Tile-Water-Repellent-5L--300x300.png",300,300,true],"medium_large":["https:\/\/www.ferberpainting.com\/wp-content\/uploads\/2025\/05\/Roof-Tile-Water-Repellent-5L--768x768.png",768,768,true],"large":["https:\/\/www.ferberpainting.com\/wp-content\/uploads\/2025\/05\/Roof-Tile-Water-Repellent-5L--1024x1024.png",1024,1024,true],"1536x1536":["https:\/\/www.ferberpainting.com\/wp-content\/uploads\/2025\/05\/Roof-Tile-Water-Repellent-5L--1536x1536.png",1536,1536,true],"2048x2048":["https:\/\/www.ferberpainting.com\/wp-content\/uploads\/2025\/05\/Roof-Tile-Water-Repellent-5L--2048x2048.png",2048,2048,true],"trp-custom-language-flag":["https:\/\/www.ferberpainting.com\/wp-content\/uploads\/2025\/05\/Roof-Tile-Water-Repellent-5L--12x12.png",12,12,true],"woocommerce_thumbnail":["https:\/\/www.ferberpainting.com\/wp-content\/uploads\/2025\/05\/Roof-Tile-Water-Repellent-5L--300x300.png",300,300,true],"woocommerce_single":["https:\/\/www.ferberpainting.com\/wp-content\/uploads\/2025\/05\/Roof-Tile-Water-Repellent-5L--600x600.png",600,600,true],"woocommerce_gallery_thumbnail":["https:\/\/www.ferberpainting.com\/wp-content\/uploads\/2025\/05\/Roof-Tile-Water-Repellent-5L--100x100.png",100,100,true]},"uagb_author_info":{"display_name":"admin","author_link":"https:\/\/www.ferberpainting.com\/cz\/author\/"},"uagb_comment_info":36,"uagb_excerpt":"Optimal Moisture Protection.\u00a0This tile waterproofer is specially formulated to provide enhanced protection against moisture and water infiltration. It penetrates deep into the tile surface to form an invisible barrier that is highly effective. Thanks to this action, it prevents water from seeping into your tiles and protects your roof from damage caused by weather\u2014especially mold,&hellip;","_links":{"self":[{"href":"https:\/\/www.ferberpainting.com\/cz\/wp-json\/wp\/v2\/product\/25262","targetHints":{"allow":["GET"]}}],"collection":[{"href":"https:\/\/www.ferberpainting.com\/cz\/wp-json\/wp\/v2\/product"}],"about":[{"href":"https:\/\/www.ferberpainting.com\/cz\/wp-json\/wp\/v2\/types\/product"}],"replies":[{"embeddable":true,"href":"https:\/\/www.ferberpainting.com\/cz\/wp-json\/wp\/v2\/comments?post=25262"}],"version-history":[{"count":3,"href":"https:\/\/www.ferberpainting.com\/cz\/wp-json\/wp\/v2\/product\/25262\/revisions"}],"predecessor-version":[{"id":167142,"href":"https:\/\/www.ferberpainting.com\/cz\/wp-json\/wp\/v2\/product\/25262\/revisions\/167142"}],"wp:featuredmedia":[{"embeddable":true,"href":"https:\/\/www.ferberpainting.com\/cz\/wp-json\/wp\/v2\/media\/35996"}],"wp:attachment":[{"href":"https:\/\/www.ferberpainting.com\/cz\/wp-json\/wp\/v2\/media?parent=25262"}],"wp:term":[{"taxonomy":"product_brand","embeddable":true,"href":"https:\/\/www.ferberpainting.com\/cz\/wp-json\/wp\/v2\/product_brand?post=25262"},{"taxonomy":"product_cat","embeddable":true,"href":"https:\/\/www.ferberpainting.com\/cz\/wp-json\/wp\/v2\/product_cat?post=25262"},{"taxonomy":"product_tag","embeddable":true,"href":"https:\/\/www.ferberpainting.com\/cz\/wp-json\/wp\/v2\/product_tag?post=25262"}],"curies":[{"name":"wp","href":"https:\/\/api.w.org\/{rel}","templated":true}]}}