{"id":25203,"date":"2025-05-26T10:29:37","date_gmt":"2025-05-26T08:29:37","guid":{"rendered":"https:\/\/www.ferberpainting.com\/products\/roof-paint-pastel-violet\/"},"modified":"2026-02-16T08:23:47","modified_gmt":"2026-02-16T07:23:47","slug":"roof-paint-pastel-violet","status":"publish","type":"product","link":"https:\/\/www.ferberpainting.com\/cz\/products\/roof-paint-pastel-violet\/","title":{"rendered":"Pastelov\u011b fialov\u00e1 st\u0159e\u0161n\u00ed barva"},"content":{"rendered":"<p><strong><img decoding=\"async\" style=\"margin-right: 12px;\" src=\"https:\/\/www.ferberpainting.com\/wp-content\/uploads\/2026\/02\/Check.svg\" alt=\"\" width=\"18\" height=\"15\" \/>Profesion\u00e1ln\u00ed obnova st\u0159echy s dlouhotrvaj\u00edc\u00ed ochranou barvy.<\/strong> Na\u0161e st\u0159e\u0161n\u00ed barvy jsou speci\u00e1ln\u011b vyvinuty pro obnovu, ochranu a vylep\u0161en\u00ed st\u0159e\u0161n\u00edch povrch\u016f trvanliv\u00fdm n\u00e1t\u011brem odoln\u00fdm proti pov\u011btrnostn\u00edm vliv\u016fm. O\u017eivuje za\u0161l\u00e9 ta\u0161ky, prodlu\u017euje \u017eivotnost va\u0161\u00ed st\u0159echy a z\u00e1rove\u0148 j\u00ed dod\u00e1v\u00e1 \u010dist\u00fd a sv\u011b\u017e\u00ed vzhled.<\/p>\n<p><strong><img decoding=\"async\" style=\"margin-right: 12px;\" src=\"https:\/\/www.ferberpainting.com\/wp-content\/uploads\/2026\/02\/Check.svg\" alt=\"\" width=\"18\" height=\"15\" \/>Nej\u00fa\u010dinn\u011bj\u0161\u00ed barva na st\u0159echy na trhu.<\/strong> D\u00edky sv\u00e9mu pokro\u010dil\u00e9mu slo\u017een\u00ed s vysokou p\u0159ilnavost\u00ed se na\u0161e st\u0159e\u0161n\u00ed barva pevn\u011b spojuje s r\u016fzn\u00fdmi st\u0159e\u0161n\u00edmi materi\u00e1ly a poskytuje vynikaj\u00edc\u00ed kryt\u00ed, odolnost proti UV z\u00e1\u0159en\u00ed a dlouhodobou trvanlivost v\u016f\u010di drsn\u00fdm pov\u011btrnostn\u00edm podm\u00ednk\u00e1m.<\/p>\n<p><strong><img decoding=\"async\" style=\"margin-right: 12px;\" src=\"https:\/\/www.ferberpainting.com\/wp-content\/uploads\/2026\/02\/Check.svg\" alt=\"\" width=\"18\" height=\"15\" \/>Bezkonkuren\u010dn\u00ed cena.<\/strong> Nab\u00edz\u00edme profesion\u00e1ln\u00ed n\u00e1t\u011bry st\u0159ech za nejv\u00fdhodn\u011bj\u0161\u00ed ceny. Z\u00edsk\u00e1te prvot\u0159\u00eddn\u00ed kvalitu a prodlou\u017eenou ochranu st\u0159echy, ani\u017e byste museli platit nadm\u011brn\u00e9 n\u00e1klady na renovaci.<\/p>\n<p><strong><img decoding=\"async\" style=\"margin-right: 12px;\" src=\"https:\/\/www.ferberpainting.com\/wp-content\/uploads\/2026\/02\/Check.svg\" alt=\"\" width=\"18\" height=\"15\" \/>Z\u00e1ruka vr\u00e1cen\u00ed pen\u011bz pro naprost\u00fd klid.<\/strong> Za kvalitou a v\u00fdkonem na\u0161ich n\u00e1t\u011br\u016f st\u0159ech si stoj\u00edme. Pokud nebudete s v\u00fdsledkem pln\u011b spokojeni, nab\u00edz\u00edme z\u00e1ruku vr\u00e1cen\u00ed pen\u011bz. Jednodu\u0161e n\u00e1s kontaktujte a my v\u00e1m vr\u00e1t\u00edme pen\u00edze za n\u00e1kup.<\/p>\n<p><strong><img decoding=\"async\" style=\"margin-right: 12px;\" src=\"https:\/\/www.ferberpainting.com\/wp-content\/uploads\/2026\/02\/Check.svg\" alt=\"\" width=\"18\" height=\"15\" \/>Rychl\u00e9 dod\u00e1n\u00ed do 24 hodin pro efektivn\u00ed renovaci.<\/strong> V\u017edy zaji\u0161\u0165ujeme dod\u00e1n\u00ed do 24 hodin, abyste mohli bez prodlen\u00ed zah\u00e1jit projekt na zlep\u0161en\u00ed st\u0159echy. Spolehliv\u00e1 p\u0159eprava udr\u017e\u00ed v\u00e1\u0161 pracovn\u00ed pl\u00e1n na spr\u00e1vn\u00e9 cest\u011b.<\/p>\n<p><strong><img decoding=\"async\" style=\"margin-right: 12px;\" src=\"https:\/\/www.ferberpainting.com\/wp-content\/uploads\/2026\/02\/Check.svg\" alt=\"\" width=\"18\" height=\"15\" \/>Vynikaj\u00edc\u00ed kryt\u00ed 10 m\u00b2 na litr.<\/strong> Jeden litr st\u0159e\u0161n\u00ed barvy pokryje p\u0159ibli\u017en\u011b 10 metr\u016f \u010dtvere\u010dn\u00edch v z\u00e1vislosti na p\u00f3rovitosti a struktu\u0159e povrchu. Toto optimalizovan\u00e9 pokryt\u00ed zaji\u0161\u0165uje efektivn\u00ed pou\u017eit\u00ed a p\u0159esn\u00fd v\u00fdpo\u010det pro v\u00e1\u0161 projekt.<\/p>\n<p><strong><img decoding=\"async\" style=\"margin-right: 12px;\" src=\"https:\/\/www.ferberpainting.com\/wp-content\/uploads\/2026\/02\/Check.svg\" alt=\"\" width=\"18\" height=\"15\" \/>K dispozici je \u0161irok\u00e1 \u0161k\u00e1la barev.<\/strong> Na\u0161e barva na st\u0159echy je k dispozici ve velk\u00e9m v\u00fdb\u011bru barev p\u0159\u00edmo v na\u0161em internetov\u00e9m obchod\u011b. A\u0165 u\u017e d\u00e1v\u00e1te p\u0159ednost klasick\u00fdm \u010derven\u00fdm ta\u0161k\u00e1m, b\u0159idlicov\u011b \u0161ed\u00e9, modern\u00ed antracitov\u00e9, zelen\u00e9 nebo vlastn\u00edm dekorativn\u00edm t\u00f3n\u016fm, m\u016f\u017eete si vybrat dokonal\u00fd odst\u00edn, kter\u00fd bude vyhovovat va\u0161emu domu.<\/p>\n<p><strong><img decoding=\"async\" style=\"margin-right: 12px;\" src=\"https:\/\/www.ferberpainting.com\/wp-content\/uploads\/2026\/02\/Check.svg\" alt=\"\" width=\"18\" height=\"15\" \/>Vysok\u00e1 odolnost proti UV z\u00e1\u0159en\u00ed a pov\u011btrnostn\u00edm vliv\u016fm.<\/strong> Barva vytv\u00e1\u0159\u00ed ochrannou bari\u00e9ru proti slune\u010dn\u00edmu z\u00e1\u0159en\u00ed, de\u0161ti, mrazu a teplotn\u00edm v\u00fdkyv\u016fm, zachov\u00e1v\u00e1 intenzitu barev a zabra\u0148uje p\u0159ed\u010dasn\u00e9mu st\u00e1rnut\u00ed.<\/p>\n<p><strong><img decoding=\"async\" style=\"margin-right: 12px;\" src=\"https:\/\/www.ferberpainting.com\/wp-content\/uploads\/2026\/02\/Check.svg\" alt=\"\" width=\"18\" height=\"15\" \/>Vodoodpudiv\u00e1 a ochrann\u00e1 \u00faprava.<\/strong> Po zaschnut\u00ed n\u00e1t\u011br sni\u017euje nas\u00e1kavost a pom\u00e1h\u00e1 p\u0159edch\u00e1zet tvorb\u011b mech\u016f a \u0159as, \u010d\u00edm\u017e p\u0159isp\u00edv\u00e1 k lep\u0161\u00ed trvanlivosti st\u0159echy.<\/p>\n<p><strong><img decoding=\"async\" style=\"margin-right: 12px;\" src=\"https:\/\/www.ferberpainting.com\/wp-content\/uploads\/2026\/02\/Check.svg\" alt=\"\" width=\"18\" height=\"15\" \/>Vhodn\u00e9 pro v\u00edce st\u0159e\u0161n\u00edch krytin.<\/strong> Na\u0161e st\u0159e\u0161n\u00ed barva \u00fa\u010dinn\u011b p\u0159ilne k betonov\u00fdm ta\u0161k\u00e1m, hlin\u011bn\u00fdm ta\u0161k\u00e1m, vl\u00e1knocementov\u00fdm desk\u00e1m a kompatibiln\u00edm st\u0159e\u0161n\u00edm podklad\u016fm.<\/p>\n<p><strong>Pokyny<\/strong><\/p>\n<ul>\n<li>P\u0159ed aplikac\u00ed st\u0159echu d\u016fkladn\u011b zkontrolujte. Opravte po\u0161kozen\u00e9 nebo rozbit\u00e9 ta\u0161ky a zajist\u011bte stabilitu konstrukce.<\/li>\n<li>Pe\u010dliv\u011b o\u010dist\u011bte povrch st\u0159echy od mechu, \u0159as, ne\u010distot, prachu a voln\u00fdch \u010d\u00e1stic. Pro optim\u00e1ln\u00ed p\u0159\u00edpravu lze p\u0159edem pou\u017e\u00edt \u010distic\u00ed prost\u0159edek na st\u0159echy.<\/li>\n<li>P\u0159ed lakov\u00e1n\u00edm nechte povrch zcela vyschnout.<\/li>\n<li>P\u0159ed pou\u017eit\u00edm barvu d\u016fkladn\u011b prom\u00edchejte, abyste zajistili st\u00e1lou barvu a strukturu.<\/li>\n<li>Aplikujte za vhodn\u00fdch pov\u011btrnostn\u00edch podm\u00ednek, ide\u00e1ln\u011b p\u0159i teplot\u011b mezi 10 \u00b0C a 30 \u00b0C. B\u011bhem aplikace se vyhn\u011bte de\u0161ti, siln\u00e9mu v\u011btru nebo intenzivn\u00edmu p\u0159\u00edm\u00e9mu slune\u010dn\u00edmu z\u00e1\u0159en\u00ed.<\/li>\n<li>V z\u00e1vislosti na velikosti st\u0159echy a p\u0159\u00edstupnosti pou\u017eijte v\u00e1le\u010dek, \u0161t\u011btec nebo bezvzduchov\u00fd st\u0159\u00edkac\u00ed syst\u00e9m.<\/li>\n<li>Dodr\u017eujte doporu\u010denou kryc\u00ed d\u00e1vku 10 m\u00b2 na litr. To odpov\u00edd\u00e1 p\u0159ibli\u017en\u011b 100 ml na metr \u010dtvere\u010dn\u00ed.<\/li>\n<li>Barvu nan\u00e1\u0161ejte rovnom\u011brn\u011b v souvisl\u00e9 vrstv\u011b. Vyhn\u011bte se nadm\u011brn\u00e9 tlou\u0161\u0165ce, abyste zajistili spr\u00e1vn\u00e9 schnut\u00ed a p\u0159ilnavost.<\/li>\n<li>Pro optim\u00e1ln\u00ed trvanlivost a intenzitu barvy naneste dv\u011b vrstvy. P\u0159ed nanesen\u00edm druh\u00e9 vrstvy nechte prvn\u00ed vrstvu zcela zaschnout.<\/li>\n<li>Doba su\u0161en\u00ed se m\u016f\u017ee li\u0161it v z\u00e1vislosti na teplot\u011b a vlhkosti. P\u0159ed vystaven\u00edm siln\u00e9mu de\u0161ti se ujist\u011bte, \u017ee je povrch zcela such\u00fd.<\/li>\n<li>Na \u010derstv\u011b nat\u0159en\u00e9 plochy necho\u010fte, dokud zcela nezaschnou.<\/li>\n<li>N\u00e1\u0159ad\u00ed \u010dist\u011bte ihned po pou\u017eit\u00ed podle doporu\u010den\u00ed v\u00fdrobku.<\/li>\n<li>N\u00e1dobu skladujte t\u011bsn\u011b uzav\u0159enou na chladn\u00e9m a such\u00e9m m\u00edst\u011b, mimo dosah p\u0159\u00edm\u00e9ho slune\u010dn\u00edho z\u00e1\u0159en\u00ed a extr\u00e9mn\u00edch teplot.<\/li>\n<li>P\u0159ed dokon\u010den\u00edm n\u00e1kupu si vyberte preferovanou barvu p\u0159\u00edmo v na\u0161em internetov\u00e9m obchod\u011b.<\/li>\n<\/ul>\n<p>P\u0159i dodr\u017een\u00ed doporu\u010den\u00e9ho pokryt\u00ed 10 m\u00b2 na litr a rovnom\u011brn\u00e9m nan\u00e1\u0161en\u00ed barvy na \u0159\u00e1dn\u011b p\u0159ipraven\u00fd povrch zajist\u00ed na\u0161e st\u0159e\u0161n\u00ed barva odolnou ochranu, lep\u0161\u00ed estetiku a dlouhotrvaj\u00edc\u00ed v\u00fdkon va\u0161eho st\u0159e\u0161n\u00edho syst\u00e9mu.<\/p>","protected":false},"excerpt":{"rendered":"<p>Professional roof renewal with long-lasting color protection. Our roof paint is specially formulated to restore, protect, and enhance roofing surfaces with a durable and weather-resistant coating. It revitalizes faded tiles and extends the lifespan of your roof while giving it a clean, refreshed appearance. The most effective roof paint on the market. Thanks to its [&hellip;]<\/p>\n","protected":false},"featured_media":27079,"comment_status":"open","ping_status":"closed","template":"","meta":{"_uag_custom_page_level_css":"","site-sidebar-layout":"default","site-content-layout":"","ast-site-content-layout":"default","site-content-style":"default","site-sidebar-style":"default","ast-global-header-display":"","ast-banner-title-visibility":"","ast-main-header-display":"","ast-hfb-above-header-display":"","ast-hfb-below-header-display":"","ast-hfb-mobile-header-display":"","site-post-title":"","ast-breadcrumbs-content":"","ast-featured-img":"","footer-sml-layout":"","ast-disable-related-posts":"","theme-transparent-header-meta":"default","adv-header-id-meta":"","stick-header-meta":"","header-above-stick-meta":"","header-main-stick-meta":"","header-below-stick-meta":"","astra-migrate-meta-layouts":"set","ast-page-background-enabled":"default","ast-page-background-meta":{"desktop":{"background-color":"var(--ast-global-color-4)","background-image":"","background-repeat":"repeat","background-position":"center center","background-size":"auto","background-attachment":"scroll","background-type":"","background-media":"","overlay-type":"","overlay-color":"","overlay-opacity":"","overlay-gradient":""},"tablet":{"background-color":"","background-image":"","background-repeat":"repeat","background-position":"center center","background-size":"auto","background-attachment":"scroll","background-type":"","background-media":"","overlay-type":"","overlay-color":"","overlay-opacity":"","overlay-gradient":""},"mobile":{"background-color":"","background-image":"","background-repeat":"repeat","background-position":"center center","background-size":"auto","background-attachment":"scroll","background-type":"","background-media":"","overlay-type":"","overlay-color":"","overlay-opacity":"","overlay-gradient":""}},"ast-content-background-meta":{"desktop":{"background-color":"var(--ast-global-color-5)","background-image":"","background-repeat":"repeat","background-position":"center center","background-size":"auto","background-attachment":"scroll","background-type":"","background-media":"","overlay-type":"","overlay-color":"","overlay-opacity":"","overlay-gradient":""},"tablet":{"background-color":"var(--ast-global-color-5)","background-image":"","background-repeat":"repeat","background-position":"center center","background-size":"auto","background-attachment":"scroll","background-type":"","background-media":"","overlay-type":"","overlay-color":"","overlay-opacity":"","overlay-gradient":""},"mobile":{"background-color":"var(--ast-global-color-5)","background-image":"","background-repeat":"repeat","background-position":"center center","background-size":"auto","background-attachment":"scroll","background-type":"","background-media":"","overlay-type":"","overlay-color":"","overlay-opacity":"","overlay-gradient":""}}},"product_brand":[],"product_cat":[186],"product_tag":[],"class_list":{"0":"post-25203","1":"product","2":"type-product","3":"status-publish","4":"has-post-thumbnail","6":"product_cat-roof-paint","7":"desktop-align-left","8":"tablet-align-left","9":"mobile-align-left","11":"first","12":"instock","13":"sale","14":"shipping-taxable","15":"purchasable","16":"product-type-variable","17":"has-default-attributes"},"spectra_custom_meta":{"_visibility":["visible"],"_shopify_product_id":["8317746807029"],"_s2w_shopify_domain":["ferberpainting.myshopify.com"],"_shopify_variant_id":["44772255432949"],"_sku":[""],"_manage_stock":["no"],"total_sales":["0"],"_tax_status":["taxable"],"_tax_class":[""],"_backorders":["no"],"_sold_individually":["no"],"_virtual":["no"],"_downloadable":["no"],"_download_limit":["-1"],"_download_expiry":["-1"],"_stock":[null],"_stock_status":["instock"],"_wc_average_rating":["5.00"],"_wc_review_count":["14"],"_product_attributes":["a:1:{s:6:\"volume\";a:6:{s:4:\"name\";s:6:\"Volume\";s:5:\"value\";s:30:\"1 liter | 5 liters | 20 liters\";s:8:\"position\";i:1;s:10:\"is_visible\";i:0;s:12:\"is_variation\";i:1;s:11:\"is_taxonomy\";i:0;}}"],"_product_version":["10.5.1"],"_thumbnail_id":["27079"],"_price":["19.90","79.90","299.90"],"_product_image_gallery":["27080,27081"],"merchant-center-availability":["yes"],"merchant-center-category":["1361"],"merchant-center-id":["PTVP1L3"],"wpse_downloadable_file_names":[""],"wpse_downloadable_file_urls":[""],"_edit_last":["1"],"_default_attributes":["a:1:{s:6:\"volume\";s:7:\"1 liter\";}"],"_wc_rating_count":["a:1:{i:5;i:14;}"],"_edit_lock":["1771226542:1"],"_wp_page_template":["default"],"site-sidebar-layout":["default"],"ast-site-content-layout":["default"],"site-content-style":["default"],"site-sidebar-style":["default"],"theme-transparent-header-meta":["default"],"astra-migrate-meta-layouts":["set"],"_uag_css_file_name":["uag-css-25203.css"],"_elementor_page_assets":["a:0:{}"]},"uagb_featured_image_src":{"full":["https:\/\/www.ferberpainting.com\/wp-content\/uploads\/2025\/05\/PastelViolet1L.png",2560,2276,false],"thumbnail":["https:\/\/www.ferberpainting.com\/wp-content\/uploads\/2025\/05\/PastelViolet1L-150x150.png",150,150,true],"medium":["https:\/\/www.ferberpainting.com\/wp-content\/uploads\/2025\/05\/PastelViolet1L-300x267.png",300,267,true],"medium_large":["https:\/\/www.ferberpainting.com\/wp-content\/uploads\/2025\/05\/PastelViolet1L-768x683.png",768,683,true],"large":["https:\/\/www.ferberpainting.com\/wp-content\/uploads\/2025\/05\/PastelViolet1L-1024x910.png",1024,910,true],"1536x1536":["https:\/\/www.ferberpainting.com\/wp-content\/uploads\/2025\/05\/PastelViolet1L-1536x1366.png",1536,1366,true],"2048x2048":["https:\/\/www.ferberpainting.com\/wp-content\/uploads\/2025\/05\/PastelViolet1L-2048x1821.png",2048,1821,true],"trp-custom-language-flag":["https:\/\/www.ferberpainting.com\/wp-content\/uploads\/2025\/05\/PastelViolet1L-13x12.png",13,12,true],"woocommerce_thumbnail":["https:\/\/www.ferberpainting.com\/wp-content\/uploads\/2025\/05\/PastelViolet1L-300x300.png",300,300,true],"woocommerce_single":["https:\/\/www.ferberpainting.com\/wp-content\/uploads\/2025\/05\/PastelViolet1L-600x533.png",600,533,true],"woocommerce_gallery_thumbnail":["https:\/\/www.ferberpainting.com\/wp-content\/uploads\/2025\/05\/PastelViolet1L-100x100.png",100,100,true]},"uagb_author_info":{"display_name":"admin","author_link":"https:\/\/www.ferberpainting.com\/cz\/author\/"},"uagb_comment_info":14,"uagb_excerpt":"Professional roof renewal with long-lasting color protection. Our roof paint is specially formulated to restore, protect, and enhance roofing surfaces with a durable and weather-resistant coating. It revitalizes faded tiles and extends the lifespan of your roof while giving it a clean, refreshed appearance. The most effective roof paint on the market. Thanks to its&hellip;","_links":{"self":[{"href":"https:\/\/www.ferberpainting.com\/cz\/wp-json\/wp\/v2\/product\/25203","targetHints":{"allow":["GET"]}}],"collection":[{"href":"https:\/\/www.ferberpainting.com\/cz\/wp-json\/wp\/v2\/product"}],"about":[{"href":"https:\/\/www.ferberpainting.com\/cz\/wp-json\/wp\/v2\/types\/product"}],"replies":[{"embeddable":true,"href":"https:\/\/www.ferberpainting.com\/cz\/wp-json\/wp\/v2\/comments?post=25203"}],"version-history":[{"count":2,"href":"https:\/\/www.ferberpainting.com\/cz\/wp-json\/wp\/v2\/product\/25203\/revisions"}],"predecessor-version":[{"id":167120,"href":"https:\/\/www.ferberpainting.com\/cz\/wp-json\/wp\/v2\/product\/25203\/revisions\/167120"}],"wp:featuredmedia":[{"embeddable":true,"href":"https:\/\/www.ferberpainting.com\/cz\/wp-json\/wp\/v2\/media\/27079"}],"wp:attachment":[{"href":"https:\/\/www.ferberpainting.com\/cz\/wp-json\/wp\/v2\/media?parent=25203"}],"wp:term":[{"taxonomy":"product_brand","embeddable":true,"href":"https:\/\/www.ferberpainting.com\/cz\/wp-json\/wp\/v2\/product_brand?post=25203"},{"taxonomy":"product_cat","embeddable":true,"href":"https:\/\/www.ferberpainting.com\/cz\/wp-json\/wp\/v2\/product_cat?post=25203"},{"taxonomy":"product_tag","embeddable":true,"href":"https:\/\/www.ferberpainting.com\/cz\/wp-json\/wp\/v2\/product_tag?post=25203"}],"curies":[{"name":"wp","href":"https:\/\/api.w.org\/{rel}","templated":true}]}}