{"id":25057,"date":"2025-05-26T10:29:03","date_gmt":"2025-05-26T08:29:03","guid":{"rendered":"https:\/\/www.ferberpainting.com\/products\/roof-defoamer\/"},"modified":"2026-02-16T08:18:54","modified_gmt":"2026-02-16T07:18:54","slug":"roof-defoamer","status":"publish","type":"product","link":"https:\/\/www.ferberpainting.com\/cz\/products\/roof-defoamer\/","title":{"rendered":"Odp\u011b\u0148ova\u010d st\u0159ech"},"content":{"rendered":"<p><strong><img decoding=\"async\" style=\"margin-right: 12px;\" src=\"https:\/\/www.ferberpainting.com\/wp-content\/uploads\/2026\/02\/Check.svg\" alt=\"\" width=\"18\" height=\"15\" \/>Siln\u00fd protip\u011bnov\u00fd \u00fa\u010dinek pro hloubkov\u00e9 \u010di\u0161t\u011bn\u00ed st\u0159ech.<\/strong> N\u00e1\u0161 odp\u011b\u0148ova\u010d st\u0159ech je speci\u00e1ln\u011b vyvinut\u00fd tak, aby eliminoval tvorbu p\u011bny p\u0159i \u010di\u0161t\u011bn\u00ed st\u0159ech a zajistil hladk\u00e9, kontrolovan\u00e9 a \u00fa\u010dinn\u00e9 o\u0161et\u0159en\u00ed st\u0159e\u0161n\u00edch ploch. Zvy\u0161uje v\u00fdkonnost \u010di\u0161t\u011bn\u00ed t\u00edm, \u017ee neutralizuje nadm\u011brn\u00e9 mno\u017estv\u00ed p\u011bny zp\u016fsoben\u00e9 \u010distic\u00edmi prost\u0159edky, organick\u00fdmi zbytky nebo p\u0159edchoz\u00edmi \u010distic\u00edmi prost\u0159edky.<\/p>\n<p><strong><img decoding=\"async\" style=\"margin-right: 12px;\" src=\"https:\/\/www.ferberpainting.com\/wp-content\/uploads\/2026\/02\/Check.svg\" alt=\"\" width=\"18\" height=\"15\" \/>Nej\u00fa\u010dinn\u011bj\u0161\u00ed odp\u011b\u0148ova\u010d st\u0159ech na trhu.<\/strong> Tento v\u00fdrobek je navr\u017een s pokro\u010dilou technologi\u00ed kontroly tvorby p\u011bny, kter\u00e1 rychle rozkl\u00e1d\u00e1 povrchovou p\u011bnu a umo\u017e\u0148uje \u010distic\u00edm roztok\u016fm p\u016fsobit p\u0159\u00edmo na mech, \u0159asy a ne\u010distoty bez p\u0159ek\u00e1\u017eek. Zlep\u0161uje pronik\u00e1n\u00ed a maximalizuje celkovou \u00fa\u010dinnost \u010di\u0161t\u011bn\u00ed.<\/p>\n<p><strong><img decoding=\"async\" style=\"margin-right: 12px;\" src=\"https:\/\/www.ferberpainting.com\/wp-content\/uploads\/2026\/02\/Check.svg\" alt=\"\" width=\"18\" height=\"15\" \/>Bezkonkuren\u010dn\u00ed cena.<\/strong> Nab\u00edz\u00edme profesion\u00e1ln\u00ed v\u00fdkon p\u0159i odpa\u0159ov\u00e1n\u00ed st\u0159ech za nejv\u00fdhodn\u011bj\u0161\u00ed dostupnou cenu. A\u0165 u\u017e se jedn\u00e1 o dodavatele nebo majitele dom\u016f, z\u00edsk\u00e1te vynikaj\u00edc\u00ed \u00fa\u010dinnost bez nadm\u011brn\u00fdch n\u00e1klad\u016f.<\/p>\n<p><strong><img decoding=\"async\" style=\"margin-right: 12px;\" src=\"https:\/\/www.ferberpainting.com\/wp-content\/uploads\/2026\/02\/Check.svg\" alt=\"\" width=\"18\" height=\"15\" \/>Z\u00e1ruka vr\u00e1cen\u00ed pen\u011bz pro naprostou jistotu.<\/strong> Stoj\u00edme si za v\u00fdkonnost\u00ed na\u0161eho odp\u011b\u0148ova\u010de st\u0159ech. Pokud nebudete s v\u00fdsledky pln\u011b spokojeni, nab\u00edz\u00edme z\u00e1ruku vr\u00e1cen\u00ed pen\u011bz. Jednodu\u0161e n\u00e1s kontaktujte a my v\u00e1m vr\u00e1t\u00edme pen\u00edze za n\u00e1kup.<\/p>\n<p><strong><img decoding=\"async\" style=\"margin-right: 12px;\" src=\"https:\/\/www.ferberpainting.com\/wp-content\/uploads\/2026\/02\/Check.svg\" alt=\"\" width=\"18\" height=\"15\" \/>Rychl\u00e9 24hodinov\u00e9 dod\u00e1n\u00ed pro nep\u0159etr\u017eitou \u00fadr\u017ebu.<\/strong> V\u017edy zaji\u0161\u0165ujeme dod\u00e1vku 24 hodin denn\u011b, abyste mohli bez prodlen\u00ed dokon\u010dit \u010di\u0161t\u011bn\u00ed nebo o\u0161et\u0159en\u00ed st\u0159echy.<\/p>\n<p><strong><img decoding=\"async\" style=\"margin-right: 12px;\" src=\"https:\/\/www.ferberpainting.com\/wp-content\/uploads\/2026\/02\/Check.svg\" alt=\"\" width=\"18\" height=\"15\" \/>Vynikaj\u00edc\u00ed kryt\u00ed a\u017e 10 m\u00b2 na litr.<\/strong> Jeden litr st\u0159e\u0161n\u00edho odp\u011b\u0148ova\u010de o\u0161et\u0159\u00ed a\u017e 10 metr\u016f \u010dtvere\u010dn\u00edch plochy v z\u00e1vislosti na \u00farovni tvorby p\u011bny a intenzit\u011b \u010di\u0161t\u011bn\u00ed. Toto optimalizovan\u00e9 pokryt\u00ed zaji\u0161\u0165uje efektivn\u00ed aplikaci a kontrolu n\u00e1klad\u016f.<\/p>\n<p><strong><img decoding=\"async\" style=\"margin-right: 12px;\" src=\"https:\/\/www.ferberpainting.com\/wp-content\/uploads\/2026\/02\/Check.svg\" alt=\"\" width=\"18\" height=\"15\" \/>Zlep\u0161uje v\u00fdkonnost \u010di\u0161t\u011bn\u00ed st\u0159ech.<\/strong> Odstran\u011bn\u00edm p\u011bny, kter\u00e1 br\u00e1n\u00ed viditelnosti a omezuje kontakt s p\u0159\u00edpravkem, umo\u017e\u0148uje odp\u011b\u0148ova\u010d \u010distic\u00edm prost\u0159edk\u016fm z\u016fstat v p\u0159\u00edm\u00e9m kontaktu s mechem a ne\u010distotami, co\u017e zlep\u0161uje celkov\u00e9 v\u00fdsledky.<\/p>\n<p><strong><img decoding=\"async\" style=\"margin-right: 12px;\" src=\"https:\/\/www.ferberpainting.com\/wp-content\/uploads\/2026\/02\/Check.svg\" alt=\"\" width=\"18\" height=\"15\" \/>Kompatibiln\u00ed s v\u011bt\u0161inou roztok\u016f na \u010di\u0161t\u011bn\u00ed st\u0159ech.<\/strong> Na\u0161e odp\u011b\u0148ova\u010de \u00fa\u010dinn\u011b funguj\u00ed vedle b\u011b\u017en\u00fdch \u010distic\u00edch prost\u0159edk\u016f a o\u0161et\u0159en\u00ed st\u0159ech a zvy\u0161uj\u00ed jejich \u00fa\u010dinnost, ani\u017e by naru\u0161ovaly jejich aktivn\u00ed slo\u017eky.<\/p>\n<p><strong><img decoding=\"async\" style=\"margin-right: 12px;\" src=\"https:\/\/www.ferberpainting.com\/wp-content\/uploads\/2026\/02\/Check.svg\" alt=\"\" width=\"18\" height=\"15\" \/>Vhodn\u00e9 pro r\u016fzn\u00e9 st\u0159e\u0161n\u00ed krytiny.<\/strong> Lze jej pou\u017e\u00edt na hlin\u011bn\u00e9 ta\u0161ky, betonov\u00e9 ta\u0161ky, b\u0159idlici, vl\u00e1knocement a dal\u0161\u00ed kompatibiln\u00ed st\u0159e\u0161n\u00ed povrchy p\u0159i \u010di\u0161t\u011bn\u00ed.<\/p>\n<p><strong><img decoding=\"async\" style=\"margin-right: 12px;\" src=\"https:\/\/www.ferberpainting.com\/wp-content\/uploads\/2026\/02\/Check.svg\" alt=\"\" width=\"18\" height=\"15\" \/>Snadn\u00e1 a kontrolovan\u00e1 aplikace.<\/strong> Kapaln\u00fd form\u00e1t umo\u017e\u0148uje p\u0159esn\u00e9 d\u00e1vkov\u00e1n\u00ed a rovnom\u011brn\u00e9 rozd\u011blen\u00ed, tak\u017ee je vhodn\u00fd jak pro profesion\u00e1ln\u00ed dodavatele, tak pro zku\u0161en\u00e9 kutily.<\/p>\n<h2><strong>Pokyny<\/strong><\/h2>\n<ul>\n<li>Zkontrolujte st\u0159echu a zjist\u011bte m\u00edsta, kde se p\u0159i \u010di\u0161t\u011bn\u00ed nadm\u011brn\u011b hromad\u00ed p\u011bna.<\/li>\n<li>Zajist\u011bte bezpe\u010dn\u00e9 pracovn\u00ed podm\u00ednky a pou\u017e\u00edvejte vhodn\u00e9 ochrann\u00e9 pom\u016fcky, v\u010detn\u011b rukavic, ochrany o\u010d\u00ed a protiskluzov\u00e9 obuvi.<\/li>\n<li>P\u0159ed pou\u017eit\u00edm n\u00e1dobu d\u016fkladn\u011b prot\u0159epejte, aby se zajistilo rovnom\u011brn\u00e9 rozlo\u017een\u00ed \u00fa\u010dinn\u00fdch l\u00e1tek.<\/li>\n<li>Aplikujte odp\u011b\u0148ova\u010d p\u0159\u00edmo na m\u00edsta zasa\u017een\u00e1 p\u011bnou pomoc\u00ed post\u0159ikova\u010de, konve nebo \u0161t\u011btce.<\/li>\n<li>Dodr\u017eujte doporu\u010denou m\u00edru kryt\u00ed: 1 litr vy\u010dist\u00ed a\u017e 10 m\u00b2. To odpov\u00edd\u00e1 p\u0159ibli\u017en\u011b 100 ml na metr \u010dtvere\u010dn\u00ed. V p\u0159\u00edpad\u011b siln\u00e9ho nahromad\u011bn\u00ed p\u011bny m\u016f\u017ee b\u00fdt nutn\u00e1 o n\u011bco vy\u0161\u0161\u00ed spot\u0159eba.<\/li>\n<li>P\u0159\u00edpravek rovnom\u011brn\u011b rozprost\u0159ete po povrchu, na kter\u00e9m se nach\u00e1z\u00ed p\u011bna, a zajist\u011bte jeho \u00fapln\u00fd kontakt.<\/li>\n<li>Nechte odp\u011b\u0148ova\u010d okam\u017eit\u011b p\u016fsobit. P\u011bna by se m\u011bla za\u010d\u00edt rychle rozpadat, co\u017e zlep\u0161\u00ed viditelnost a umo\u017en\u00ed \u00fa\u010dinnou pr\u00e1ci \u010distic\u00edch prost\u0159edk\u016f.<\/li>\n<li>Jakmile se p\u011bna rozpt\u00fdl\u00ed, pokra\u010dujte v \u010di\u0161t\u011bn\u00ed st\u0159echy.<\/li>\n<li>Pokud p\u011bna na n\u011bkter\u00fdch m\u00edstech p\u0159etrv\u00e1v\u00e1, aplikujte dal\u0161\u00ed lok\u00e1ln\u00ed o\u0161et\u0159en\u00ed, ani\u017e byste p\u0159ekro\u010dili doporu\u010denou celkovou m\u00edru pokryt\u00ed.<\/li>\n<li>Pro zaji\u0161t\u011bn\u00ed spr\u00e1vn\u00e9 \u00fa\u010dinnosti se vyhn\u011bte aplikaci za prudk\u00e9ho de\u0161t\u011b nebo siln\u00e9ho v\u011btru.<\/li>\n<li>Pokud nen\u00ed p\u0159\u00edtomna p\u011bna, neaplikujte na such\u00e9 povrchy, proto\u017ee v\u00fdrobek je ur\u010den speci\u00e1ln\u011b k neutralizaci p\u011bny.<\/li>\n<li>Po dokon\u010den\u00ed \u010di\u0161t\u011bn\u00ed nechte st\u0159echu p\u0159irozen\u011b vyschnout.<\/li>\n<li>Po pou\u017eit\u00ed d\u016fkladn\u011b o\u010dist\u011bte aplika\u010dn\u00ed n\u00e1stroje.<\/li>\n<li>N\u00e1dobu skladujte t\u011bsn\u011b uzav\u0159enou na chladn\u00e9m a such\u00e9m m\u00edst\u011b, mimo dosah p\u0159\u00edm\u00e9ho slune\u010dn\u00edho z\u00e1\u0159en\u00ed a extr\u00e9mn\u00edch teplot.<\/li>\n<li>Uchov\u00e1vejte mimo dosah d\u011bt\u00ed a zabra\u0148te p\u0159\u00edm\u00e9mu kontaktu s poko\u017ekou a o\u010dima.<\/li>\n<\/ul>\n<p>D\u00edky dodr\u017een\u00ed doporu\u010den\u00e9ho pokryt\u00ed a\u017e 10 m\u00b2 na litr a pou\u017eit\u00ed p\u0159\u00edpravku pouze tam, kde tvorba p\u011bny br\u00e1n\u00ed \u010di\u0161t\u011bn\u00ed, zaji\u0161\u0165uje n\u00e1\u0161 odp\u011b\u0148ova\u010d st\u0159ech lep\u0161\u00ed \u00fa\u010dinnost \u010di\u0161t\u011bn\u00ed, lep\u0161\u00ed v\u00fdkonnost p\u0159\u00edpravku a bezpe\u010dn\u011bj\u0161\u00ed a kontrolovan\u011bj\u0161\u00ed \u00fadr\u017ebu st\u0159ech.<\/p>","protected":false},"excerpt":{"rendered":"<p>Powerful anti-foam action for deep roof cleaning. Our roof defoamer is specially formulated to eliminate foam buildup during roof cleaning operations, ensuring smooth, controlled, and efficient treatment of roofing surfaces. It enhances cleaning performance by neutralizing excessive foam caused by detergents, organic residues, or previous cleaning agents. The most effective roof defoamer on the market. [&hellip;]<\/p>\n","protected":false},"featured_media":26916,"comment_status":"open","ping_status":"closed","template":"","meta":{"_uag_custom_page_level_css":"","site-sidebar-layout":"default","site-content-layout":"","ast-site-content-layout":"default","site-content-style":"default","site-sidebar-style":"default","ast-global-header-display":"","ast-banner-title-visibility":"","ast-main-header-display":"","ast-hfb-above-header-display":"","ast-hfb-below-header-display":"","ast-hfb-mobile-header-display":"","site-post-title":"","ast-breadcrumbs-content":"","ast-featured-img":"","footer-sml-layout":"","ast-disable-related-posts":"","theme-transparent-header-meta":"default","adv-header-id-meta":"","stick-header-meta":"","header-above-stick-meta":"","header-main-stick-meta":"","header-below-stick-meta":"","astra-migrate-meta-layouts":"set","ast-page-background-enabled":"default","ast-page-background-meta":{"desktop":{"background-color":"var(--ast-global-color-4)","background-image":"","background-repeat":"repeat","background-position":"center center","background-size":"auto","background-attachment":"scroll","background-type":"","background-media":"","overlay-type":"","overlay-color":"","overlay-opacity":"","overlay-gradient":""},"tablet":{"background-color":"","background-image":"","background-repeat":"repeat","background-position":"center center","background-size":"auto","background-attachment":"scroll","background-type":"","background-media":"","overlay-type":"","overlay-color":"","overlay-opacity":"","overlay-gradient":""},"mobile":{"background-color":"","background-image":"","background-repeat":"repeat","background-position":"center center","background-size":"auto","background-attachment":"scroll","background-type":"","background-media":"","overlay-type":"","overlay-color":"","overlay-opacity":"","overlay-gradient":""}},"ast-content-background-meta":{"desktop":{"background-color":"var(--ast-global-color-5)","background-image":"","background-repeat":"repeat","background-position":"center center","background-size":"auto","background-attachment":"scroll","background-type":"","background-media":"","overlay-type":"","overlay-color":"","overlay-opacity":"","overlay-gradient":""},"tablet":{"background-color":"var(--ast-global-color-5)","background-image":"","background-repeat":"repeat","background-position":"center center","background-size":"auto","background-attachment":"scroll","background-type":"","background-media":"","overlay-type":"","overlay-color":"","overlay-opacity":"","overlay-gradient":""},"mobile":{"background-color":"var(--ast-global-color-5)","background-image":"","background-repeat":"repeat","background-position":"center center","background-size":"auto","background-attachment":"scroll","background-type":"","background-media":"","overlay-type":"","overlay-color":"","overlay-opacity":"","overlay-gradient":""}}},"product_brand":[],"product_cat":[175,187],"product_tag":[],"class_list":{"0":"post-25057","1":"product","2":"type-product","3":"status-publish","4":"has-post-thumbnail","6":"product_cat-cleaning-products","7":"product_cat-roofing","8":"desktop-align-left","9":"tablet-align-left","10":"mobile-align-left","12":"first","13":"instock","14":"sale","15":"shipping-taxable","16":"purchasable","17":"product-type-variable","18":"has-default-attributes"},"spectra_custom_meta":{"_visibility":["visible"],"_shopify_product_id":["8051366068469"],"_s2w_shopify_domain":["ferberpainting.myshopify.com"],"_shopify_variant_id":["43849071231221"],"_manage_stock":["no"],"total_sales":["23"],"_tax_status":["taxable"],"_tax_class":[""],"_backorders":["no"],"_sold_individually":["no"],"_virtual":["no"],"_downloadable":["no"],"_download_limit":["-1"],"_download_expiry":["-1"],"_stock":[null],"_stock_status":["instock"],"_wc_average_rating":["4.97"],"_wc_review_count":["70"],"_product_attributes":["a:1:{s:6:\"volume\";a:6:{s:4:\"name\";s:6:\"Volume\";s:5:\"value\";s:20:\"5 liters | 25 liters\";s:8:\"position\";i:1;s:10:\"is_visible\";i:0;s:12:\"is_variation\";i:1;s:11:\"is_taxonomy\";i:0;}}"],"_product_version":["10.5.1"],"_thumbnail_id":["26916"],"_product_image_gallery":["26917"],"_edit_lock":["1771226196:1"],"_default_attributes":["a:1:{s:6:\"volume\";s:8:\"5 liters\";}"],"merchant-center-availability":["yes"],"merchant-center-category":["123"],"merchant-center-id":["AMT5L"],"_edit_last":["1"],"_wp_page_template":["default"],"site-sidebar-layout":["default"],"ast-site-content-layout":["default"],"site-content-style":["default"],"site-sidebar-style":["default"],"theme-transparent-header-meta":["default"],"_price":["29.90","129.90"],"_wc_rating_count":["a:2:{i:4;i:2;i:5;i:68;}"],"astra-migrate-meta-layouts":["set"],"_uag_css_file_name":["uag-css-25057.css"],"_elementor_page_assets":["a:0:{}"],"_uag_page_assets":["a:9:{s:3:\"css\";s:7133:\".uag-blocks-common-selector{z-index:var(--z-index-desktop) !important}@media(max-width: 976px){.uag-blocks-common-selector{z-index:var(--z-index-tablet) !important}}@media(max-width: 767px){.uag-blocks-common-selector{z-index:var(--z-index-mobile) !important}}.wp-block-uagb-image{display:flex}.wp-block-uagb-image__figure{position:relative;display:flex;flex-direction:column;max-width:100%;height:auto;margin:0}.wp-block-uagb-image__figure img{height:auto;display:flex;max-width:100%;transition:box-shadow .2s ease}.wp-block-uagb-image__figure>a{display:inline-block}.wp-block-uagb-image__figure figcaption{text-align:center;margin-top:.5em;margin-bottom:1em}.wp-block-uagb-image .components-placeholder.block-editor-media-placeholder .components-placeholder__instructions{align-self:center}.wp-block-uagb-image--align-left{text-align:left}.wp-block-uagb-image--align-right{text-align:right}.wp-block-uagb-image--align-center{text-align:center}.wp-block-uagb-image--align-full .wp-block-uagb-image__figure{margin-left:calc(50% - 50vw);margin-right:calc(50% - 50vw);max-width:100vw;width:100vw;height:auto}.wp-block-uagb-image--align-full .wp-block-uagb-image__figure img{height:auto;width:100% !important}.wp-block-uagb-image--align-wide .wp-block-uagb-image__figure img{height:auto;width:100%}.wp-block-uagb-image--layout-overlay__color-wrapper{position:absolute;left:0;top:0;right:0;bottom:0;opacity:.2;background:rgba(0,0,0,.5);transition:opacity .35s ease-in-out}.wp-block-uagb-image--layout-overlay-link{position:absolute;left:0;right:0;bottom:0;top:0}.wp-block-uagb-image--layout-overlay .wp-block-uagb-image__figure:hover .wp-block-uagb-image--layout-overlay__color-wrapper{opacity:1}.wp-block-uagb-image--layout-overlay__inner{position:absolute;left:15px;right:15px;bottom:15px;top:15px;display:flex;align-items:center;justify-content:center;flex-direction:column;border-color:#fff;transition:.35s ease-in-out}.wp-block-uagb-image--layout-overlay__inner.top-left,.wp-block-uagb-image--layout-overlay__inner.top-center,.wp-block-uagb-image--layout-overlay__inner.top-right{justify-content:flex-start}.wp-block-uagb-image--layout-overlay__inner.bottom-left,.wp-block-uagb-image--layout-overlay__inner.bottom-center,.wp-block-uagb-image--layout-overlay__inner.bottom-right{justify-content:flex-end}.wp-block-uagb-image--layout-overlay__inner.top-left,.wp-block-uagb-image--layout-overlay__inner.center-left,.wp-block-uagb-image--layout-overlay__inner.bottom-left{align-items:flex-start}.wp-block-uagb-image--layout-overlay__inner.top-right,.wp-block-uagb-image--layout-overlay__inner.center-right,.wp-block-uagb-image--layout-overlay__inner.bottom-right{align-items:flex-end}.wp-block-uagb-image--layout-overlay__inner .uagb-image-heading{color:#fff;transition:transform .35s,opacity .35s ease-in-out;transform:translate3d(0, 24px, 0);margin:0;line-height:1em}.wp-block-uagb-image--layout-overlay__inner .uagb-image-separator{width:30%;border-top-width:2px;border-top-color:#fff;border-top-style:solid;margin-bottom:10px;opacity:0;transition:transform .4s,opacity .4s ease-in-out;transform:translate3d(0, 30px, 0)}.wp-block-uagb-image--layout-overlay__inner .uagb-image-caption{opacity:0;overflow:visible;color:#fff;transition:transform .45s,opacity .45s ease-in-out;transform:translate3d(0, 35px, 0)}.wp-block-uagb-image--layout-overlay__inner:hover .uagb-image-heading,.wp-block-uagb-image--layout-overlay__inner:hover .uagb-image-separator,.wp-block-uagb-image--layout-overlay__inner:hover .uagb-image-caption{opacity:1;transform:translate3d(0, 0, 0)}.wp-block-uagb-image--effect-zoomin .wp-block-uagb-image__figure img,.wp-block-uagb-image--effect-zoomin .wp-block-uagb-image__figure .wp-block-uagb-image--layout-overlay__color-wrapper{transform:scale(1);transition:transform .35s ease-in-out}.wp-block-uagb-image--effect-zoomin .wp-block-uagb-image__figure:hover img,.wp-block-uagb-image--effect-zoomin .wp-block-uagb-image__figure:hover .wp-block-uagb-image--layout-overlay__color-wrapper{transform:scale(1.05)}.wp-block-uagb-image--effect-slide .wp-block-uagb-image__figure img,.wp-block-uagb-image--effect-slide .wp-block-uagb-image__figure .wp-block-uagb-image--layout-overlay__color-wrapper{width:calc(100% + 40px) !important;max-width:none !important;transform:translate3d(-40px, 0, 0);transition:transform .35s ease-in-out}.wp-block-uagb-image--effect-slide .wp-block-uagb-image__figure:hover img,.wp-block-uagb-image--effect-slide .wp-block-uagb-image__figure:hover .wp-block-uagb-image--layout-overlay__color-wrapper{transform:translate3d(0, 0, 0)}.wp-block-uagb-image--effect-grayscale img{filter:grayscale(0%);transition:.35s ease-in-out}.wp-block-uagb-image--effect-grayscale:hover img{filter:grayscale(100%)}.wp-block-uagb-image--effect-blur img{filter:blur(0);transition:.35s ease-in-out}.wp-block-uagb-image--effect-blur:hover img{filter:blur(3px)}.uagb-block-e6f939b3.wp-block-uagb-image--layout-default figure img{box-shadow: 0px 0px 0 #00000070;}.uagb-block-e6f939b3.wp-block-uagb-image .wp-block-uagb-image__figure figcaption{font-style: normal;align-self: center;}.uagb-block-e6f939b3.wp-block-uagb-image--layout-overlay figure img{box-shadow: 0px 0px 0 #00000070;}.uagb-block-e6f939b3.wp-block-uagb-image--layout-overlay .wp-block-uagb-image--layout-overlay__color-wrapper{opacity: 0.2;}.uagb-block-e6f939b3.wp-block-uagb-image--layout-overlay .wp-block-uagb-image--layout-overlay__inner{left: 15px;right: 15px;top: 15px;bottom: 15px;}.uagb-block-e6f939b3.wp-block-uagb-image--layout-overlay .wp-block-uagb-image--layout-overlay__inner .uagb-image-heading{font-style: normal;color: #fff;opacity: 1;}.uagb-block-e6f939b3.wp-block-uagb-image--layout-overlay .wp-block-uagb-image--layout-overlay__inner .uagb-image-heading a{color: #fff;}.uagb-block-e6f939b3.wp-block-uagb-image--layout-overlay .wp-block-uagb-image--layout-overlay__inner .uagb-image-caption{opacity: 0;}.uagb-block-e6f939b3.wp-block-uagb-image--layout-overlay .wp-block-uagb-image__figure:hover .wp-block-uagb-image--layout-overlay__color-wrapper{opacity: 1;}.uagb-block-e6f939b3.wp-block-uagb-image .wp-block-uagb-image--layout-overlay__inner .uagb-image-separator{width: 30%;border-top-width: 2px;border-top-color: #fff;opacity: 0;}.uagb-block-e6f939b3.wp-block-uagb-image .wp-block-uagb-image__figure img{width: px;height: auto;}.uagb-block-e6f939b3.wp-block-uagb-image .wp-block-uagb-image__figure:hover .wp-block-uagb-image--layout-overlay__inner .uagb-image-caption{opacity: 1;}.uagb-block-e6f939b3.wp-block-uagb-image .wp-block-uagb-image__figure:hover .wp-block-uagb-image--layout-overlay__inner .uagb-image-separator{opacity: 1;}.uagb-block-e6f939b3.wp-block-uagb-image--layout-default figure:hover img{box-shadow: 0px 0px 0 #00000070;}.uagb-block-e6f939b3.wp-block-uagb-image--layout-overlay figure:hover img{box-shadow: 0px 0px 0 #00000070;}@media only screen and (max-width: 976px) {.uagb-block-e6f939b3.wp-block-uagb-image .wp-block-uagb-image__figure img{width: px;height: auto;}}@media only screen and (max-width: 767px) {.uagb-block-e6f939b3.wp-block-uagb-image .wp-block-uagb-image__figure img{width: px;height: auto;}}\";s:2:\"js\";s:0:\"\";s:18:\"current_block_list\";a:13:{i:0;s:11:\"core\/search\";i:1;s:10:\"core\/group\";i:2;s:12:\"core\/heading\";i:3;s:17:\"core\/latest-posts\";i:4;s:20:\"core\/latest-comments\";i:5;s:13:\"core\/archives\";i:6;s:15:\"core\/categories\";i:7;s:14:\"core\/paragraph\";i:8;s:10:\"uagb\/image\";i:9;s:11:\"core\/spacer\";i:10;s:30:\"woocommerce\/product-categories\";i:11;s:10:\"core\/image\";i:12;s:14:\"core\/shortcode\";}s:8:\"uag_flag\";b:1;s:11:\"uag_version\";s:10:\"1777037318\";s:6:\"gfonts\";a:0:{}s:10:\"gfonts_url\";s:0:\"\";s:12:\"gfonts_files\";a:0:{}s:14:\"uag_faq_layout\";b:0;}"]},"uagb_featured_image_src":{"full":["https:\/\/www.ferberpainting.com\/wp-content\/uploads\/2025\/05\/Roof_Defoamer_5L.jpg",2560,2560,false],"thumbnail":["https:\/\/www.ferberpainting.com\/wp-content\/uploads\/2025\/05\/Roof_Defoamer_5L-150x150.jpg",150,150,true],"medium":["https:\/\/www.ferberpainting.com\/wp-content\/uploads\/2025\/05\/Roof_Defoamer_5L-300x300.jpg",300,300,true],"medium_large":["https:\/\/www.ferberpainting.com\/wp-content\/uploads\/2025\/05\/Roof_Defoamer_5L-768x768.jpg",768,768,true],"large":["https:\/\/www.ferberpainting.com\/wp-content\/uploads\/2025\/05\/Roof_Defoamer_5L-1024x1024.jpg",1024,1024,true],"1536x1536":["https:\/\/www.ferberpainting.com\/wp-content\/uploads\/2025\/05\/Roof_Defoamer_5L-1536x1536.jpg",1536,1536,true],"2048x2048":["https:\/\/www.ferberpainting.com\/wp-content\/uploads\/2025\/05\/Roof_Defoamer_5L-2048x2048.jpg",2048,2048,true],"trp-custom-language-flag":["https:\/\/www.ferberpainting.com\/wp-content\/uploads\/2025\/05\/Roof_Defoamer_5L-12x12.jpg",12,12,true],"woocommerce_thumbnail":["https:\/\/www.ferberpainting.com\/wp-content\/uploads\/2025\/05\/Roof_Defoamer_5L-300x300.jpg",300,300,true],"woocommerce_single":["https:\/\/www.ferberpainting.com\/wp-content\/uploads\/2025\/05\/Roof_Defoamer_5L-600x600.jpg",600,600,true],"woocommerce_gallery_thumbnail":["https:\/\/www.ferberpainting.com\/wp-content\/uploads\/2025\/05\/Roof_Defoamer_5L-100x100.jpg",100,100,true]},"uagb_author_info":{"display_name":"admin","author_link":"https:\/\/www.ferberpainting.com\/cz\/author\/"},"uagb_comment_info":70,"uagb_excerpt":"Powerful anti-foam action for deep roof cleaning. Our roof defoamer is specially formulated to eliminate foam buildup during roof cleaning operations, ensuring smooth, controlled, and efficient treatment of roofing surfaces. It enhances cleaning performance by neutralizing excessive foam caused by detergents, organic residues, or previous cleaning agents. The most effective roof defoamer on the market.&hellip;","_links":{"self":[{"href":"https:\/\/www.ferberpainting.com\/cz\/wp-json\/wp\/v2\/product\/25057","targetHints":{"allow":["GET"]}}],"collection":[{"href":"https:\/\/www.ferberpainting.com\/cz\/wp-json\/wp\/v2\/product"}],"about":[{"href":"https:\/\/www.ferberpainting.com\/cz\/wp-json\/wp\/v2\/types\/product"}],"replies":[{"embeddable":true,"href":"https:\/\/www.ferberpainting.com\/cz\/wp-json\/wp\/v2\/comments?post=25057"}],"version-history":[{"count":3,"href":"https:\/\/www.ferberpainting.com\/cz\/wp-json\/wp\/v2\/product\/25057\/revisions"}],"predecessor-version":[{"id":167101,"href":"https:\/\/www.ferberpainting.com\/cz\/wp-json\/wp\/v2\/product\/25057\/revisions\/167101"}],"wp:featuredmedia":[{"embeddable":true,"href":"https:\/\/www.ferberpainting.com\/cz\/wp-json\/wp\/v2\/media\/26916"}],"wp:attachment":[{"href":"https:\/\/www.ferberpainting.com\/cz\/wp-json\/wp\/v2\/media?parent=25057"}],"wp:term":[{"taxonomy":"product_brand","embeddable":true,"href":"https:\/\/www.ferberpainting.com\/cz\/wp-json\/wp\/v2\/product_brand?post=25057"},{"taxonomy":"product_cat","embeddable":true,"href":"https:\/\/www.ferberpainting.com\/cz\/wp-json\/wp\/v2\/product_cat?post=25057"},{"taxonomy":"product_tag","embeddable":true,"href":"https:\/\/www.ferberpainting.com\/cz\/wp-json\/wp\/v2\/product_tag?post=25057"}],"curies":[{"name":"wp","href":"https:\/\/api.w.org\/{rel}","templated":true}]}}