{"id":25054,"date":"2025-05-26T10:29:02","date_gmt":"2025-05-26T08:29:02","guid":{"rendered":"https:\/\/www.ferberpainting.com\/products\/roof-cleaner\/"},"modified":"2026-02-16T08:17:09","modified_gmt":"2026-02-16T07:17:09","slug":"roof-cleaner","status":"publish","type":"product","link":"https:\/\/www.ferberpainting.com\/cz\/products\/roof-cleaner\/","title":{"rendered":"\u010cisti\u010d st\u0159ech"},"content":{"rendered":"<p><strong><img decoding=\"async\" style=\"margin-right: 12px;\" src=\"https:\/\/www.ferberpainting.com\/wp-content\/uploads\/2026\/02\/Check.svg\" alt=\"\" width=\"18\" height=\"15\" \/>V\u00fdkonn\u00fd \u010distic\u00ed prost\u0159edek na st\u0159echy pro viditeln\u00e9 a okam\u017eit\u00e9 v\u00fdsledky.<\/strong> N\u00e1\u0161 \u010disti\u010d st\u0159ech je speci\u00e1ln\u011b vyvinut\u00fd k odstra\u0148ov\u00e1n\u00ed mech\u016f, \u0159as, li\u0161ejn\u00edk\u016f, \u010dern\u00fdch skvrn a atmosf\u00e9rick\u00e9ho zne\u010di\u0161t\u011bn\u00ed ze st\u0159e\u0161n\u00edch krytin. Obnovuje p\u016fvodn\u00ed vzhled ta\u0161ek, \u0161indel\u016f a st\u0159e\u0161n\u00edch krytin a z\u00e1rove\u0148 zachov\u00e1v\u00e1 jejich struktur\u00e1ln\u00ed integritu.<\/p>\n<p><strong><img decoding=\"async\" style=\"margin-right: 12px;\" src=\"https:\/\/www.ferberpainting.com\/wp-content\/uploads\/2026\/02\/Check.svg\" alt=\"\" width=\"18\" height=\"15\" \/>Nej\u00fa\u010dinn\u011bj\u0161\u00ed \u010disti\u010d st\u0159ech na trhu.<\/strong> D\u00edky vysoce \u00fa\u010dinn\u00e9mu aktivn\u00edmu slo\u017een\u00ed pronik\u00e1 tento p\u0159\u00edpravek hluboko do organick\u00e9ho porostu a odoln\u00fdch usazenin a rozpou\u0161t\u00ed je u ko\u0159ene. Zaji\u0161\u0165uje d\u016fkladn\u00e9 \u010di\u0161t\u011bn\u00ed a pom\u00e1h\u00e1 p\u0159edch\u00e1zet rychl\u00e9mu zar\u016fst\u00e1n\u00ed, \u010d\u00edm\u017e dosahuje dlouhotrvaj\u00edc\u00edch viditeln\u00fdch v\u00fdsledk\u016f.<\/p>\n<p><strong><img decoding=\"async\" style=\"margin-right: 12px;\" src=\"https:\/\/www.ferberpainting.com\/wp-content\/uploads\/2026\/02\/Check.svg\" alt=\"\" width=\"18\" height=\"15\" \/>Bezkonkuren\u010dn\u00ed cena.<\/strong> Profesion\u00e1ln\u00ed slu\u017eby \u010di\u0161t\u011bn\u00ed st\u0159ech mohou b\u00fdt n\u00e1kladn\u00e9. N\u00e1\u0161 koncentrovan\u00fd a \u00fa\u010dinn\u00fd \u010disti\u010d st\u0159ech poskytuje prvot\u0159\u00eddn\u00ed v\u00fdkon za nejp\u0159\u00edzniv\u011bj\u0161\u00ed dostupnou cenu, tak\u017ee dos\u00e1hnete v\u00fdsledk\u016f na profesion\u00e1ln\u00ed \u00farovni za zlomek ceny.<\/p>\n<p><strong><img decoding=\"async\" style=\"margin-right: 12px;\" src=\"https:\/\/www.ferberpainting.com\/wp-content\/uploads\/2026\/02\/Check.svg\" alt=\"\" width=\"18\" height=\"15\" \/>Z\u00e1ruka vr\u00e1cen\u00ed pen\u011bz pro naprostou jistotu.<\/strong> Jsme p\u0159esv\u011bd\u010deni o \u00fa\u010dinnosti na\u0161eho \u010disti\u010de st\u0159ech. Pokud nebudete s v\u00fdsledky zcela spokojeni, nab\u00edz\u00edme z\u00e1ruku vr\u00e1cen\u00ed pen\u011bz. Jednodu\u0161e n\u00e1s kontaktujte a my v\u00e1m bez v\u00e1h\u00e1n\u00ed vr\u00e1t\u00edme pen\u00edze za n\u00e1kup.<\/p>\n<p><strong><img decoding=\"async\" style=\"margin-right: 12px;\" src=\"https:\/\/www.ferberpainting.com\/wp-content\/uploads\/2026\/02\/Check.svg\" alt=\"\" width=\"18\" height=\"15\" \/>Rychl\u00e9 24hodinov\u00e9 doru\u010den\u00ed pro nal\u00e9havou \u00fadr\u017ebu.<\/strong> Dod\u00e1v\u00e1me v\u017edy do 24 hodin, abyste mohli rychle \u0159e\u0161it nahromad\u011bn\u00ed mechu a zabarven\u00ed st\u0159echy. Rychl\u00e1 doprava v\u00e1m umo\u017en\u00ed ochr\u00e1nit st\u0159echu d\u0159\u00edve, ne\u017e se po\u0161kozen\u00ed zhor\u0161\u00ed.<\/p>\n<p><strong><img decoding=\"async\" style=\"margin-right: 12px;\" src=\"https:\/\/www.ferberpainting.com\/wp-content\/uploads\/2026\/02\/Check.svg\" alt=\"\" width=\"18\" height=\"15\" \/>Vynikaj\u00edc\u00ed kryt\u00ed a\u017e 10 m\u00b2 na litr.<\/strong> Jeden litr \u010disti\u010de st\u0159ech o\u0161et\u0159\u00ed a\u017e 10 metr\u016f \u010dtvere\u010dn\u00edch v z\u00e1vislosti na p\u00f3rovitosti povrchu a m\u00ed\u0159e zne\u010di\u0161t\u011bn\u00ed. Toto optimalizovan\u00e9 pokryt\u00ed zaji\u0161\u0165uje hospod\u00e1rn\u00e9 pou\u017eit\u00ed a p\u0159esn\u00e9 pl\u00e1nov\u00e1n\u00ed va\u0161eho \u010distic\u00edho projektu.<\/p>\n<p><strong><img decoding=\"async\" style=\"margin-right: 12px;\" src=\"https:\/\/www.ferberpainting.com\/wp-content\/uploads\/2026\/02\/Check.svg\" alt=\"\" width=\"18\" height=\"15\" \/>Prodlu\u017euje \u017eivotnost st\u0159echy.<\/strong> Odstra\u0148ov\u00e1n\u00edm mechu a organick\u00fdch n\u00e1nos\u016f pom\u00e1h\u00e1 \u010disti\u010d p\u0159edch\u00e1zet zadr\u017eov\u00e1n\u00ed vody a zhor\u0161ov\u00e1n\u00ed struktury. \u010cist\u00e9 st\u0159echy \u00fa\u010dinn\u011bji vysychaj\u00ed a jsou m\u00e9n\u011b n\u00e1chyln\u00e9 k prask\u00e1n\u00ed nebo po\u0161kozen\u00ed mrazem.<\/p>\n<p><strong><img decoding=\"async\" style=\"margin-right: 12px;\" src=\"https:\/\/www.ferberpainting.com\/wp-content\/uploads\/2026\/02\/Check.svg\" alt=\"\" width=\"18\" height=\"15\" \/>Vhodn\u00e9 pro v\u00edce st\u0159e\u0161n\u00edch krytin.<\/strong> N\u00e1\u0161 \u010disti\u010d st\u0159ech lze pou\u017e\u00edt na hlin\u011bn\u00e9 ta\u0161ky, betonov\u00e9 ta\u0161ky, b\u0159idlici, vl\u00e1knocementov\u00e9 desky a kompatibiln\u00ed st\u0159e\u0161n\u00ed krytiny. Je \u00fa\u010dinn\u00fd pro obytn\u00e9, komer\u010dn\u00ed i zem\u011bd\u011blsk\u00e9 budovy.<\/p>\n<p><strong><img decoding=\"async\" style=\"margin-right: 12px;\" src=\"https:\/\/www.ferberpainting.com\/wp-content\/uploads\/2026\/02\/Check.svg\" alt=\"\" width=\"18\" height=\"15\" \/>Sni\u017euje budouc\u00ed dor\u016fst\u00e1n\u00ed.<\/strong> Krom\u011b okam\u017eit\u00e9ho \u010di\u0161t\u011bn\u00ed p\u0159\u00edpravek zpomaluje n\u00e1vrat mech\u016f a \u0159as, tak\u017ee st\u0159echa z\u016fstane d\u00e9le \u010dist\u00e1 a sn\u00ed\u017e\u00ed se \u010detnost \u00fadr\u017eby.<\/p>\n<p><strong><img decoding=\"async\" style=\"margin-right: 12px;\" src=\"https:\/\/www.ferberpainting.com\/wp-content\/uploads\/2026\/02\/Check.svg\" alt=\"\" width=\"18\" height=\"15\" \/>Snadn\u00e1 aplikace pro majitele dom\u016f i profesion\u00e1ly.<\/strong> Kapaln\u00fd form\u00e1t umo\u017e\u0148uje aplikaci pomoc\u00ed post\u0159ikova\u010de, \u0161t\u011btce nebo n\u00edzkotlak\u00e9ho syst\u00e9mu, co\u017e zaji\u0161\u0165uje jednoduch\u00e9 a \u00fa\u010dinn\u00e9 o\u0161et\u0159en\u00ed i velk\u00fdch ploch.<\/p>\n<p><strong>Pokyny<\/strong><\/p>\n<ul>\n<li>P\u0159ed zah\u00e1jen\u00edm opravy st\u0159echy zkontrolujte m\u00edsta siln\u011b posti\u017een\u00e1 mechem, \u0159asami nebo skvrnami.<\/li>\n<li>Zajist\u011bte vhodn\u00e9 pov\u011btrnostn\u00ed podm\u00ednky. P\u0159\u00edpravek aplikujte za such\u00e9ho po\u010das\u00ed, kdy nen\u00ed p\u0159edpov\u00edd\u00e1n bezprost\u0159edn\u00ed d\u00e9\u0161\u0165 po dobu nejm\u00e9n\u011b 24 hodin.<\/li>\n<li>Pou\u017e\u00edvejte vhodn\u00e9 ochrann\u00e9 pom\u016fcky, v\u010detn\u011b rukavic, ochrann\u00fdch br\u00fdl\u00ed a vhodn\u00e9 obuvi pro pr\u00e1ci na st\u0159e\u0161e.<\/li>\n<li>P\u0159ed pou\u017eit\u00edm \u010distic\u00edho prost\u0159edku odstra\u0148te voln\u00e9 zbytky, list\u00ed a hust\u00fd mech ru\u010dn\u011b, abyste dos\u00e1hli optim\u00e1ln\u00edho pr\u016fniku.<\/li>\n<li>P\u0159ed pou\u017eit\u00edm n\u00e1dobu d\u016fkladn\u011b prot\u0159epejte, abyste zajistili rovnom\u011brn\u00e9 rozlo\u017een\u00ed \u00fa\u010dinn\u00fdch l\u00e1tek.<\/li>\n<li>V p\u0159\u00edpad\u011b pot\u0159eby p\u0159\u00edpravek na\u0159e\u010fte podle pokyn\u016f na etiket\u011b. U siln\u011b zne\u010di\u0161t\u011bn\u00fdch povrch\u016f m\u016f\u017ee b\u00fdt pou\u017eit ne\u0159ed\u011bn\u00fd nebo ve vy\u0161\u0161\u00ed koncentraci podle doporu\u010den\u00ed.<\/li>\n<li>Aplikujte rovnom\u011brn\u011b pomoc\u00ed n\u00edzkotlak\u00e9ho post\u0159ikova\u010de, \u0161t\u011btce nebo konve, abyste zajistili pln\u00e9 pokryt\u00ed povrchu.<\/li>\n<li>Dodr\u017eujte doporu\u010denou m\u00edru kryt\u00ed: 1 litr vy\u010dist\u00ed a\u017e 10 m\u00b2. To odpov\u00edd\u00e1 p\u0159ibli\u017en\u011b 100 ml na metr \u010dtvere\u010dn\u00ed. Na vysoce por\u00e9zn\u00edch nebo siln\u011b zne\u010di\u0161t\u011bn\u00fdch povr\u0161\u00edch m\u016f\u017ee b\u00fdt spot\u0159eba o n\u011bco vy\u0161\u0161\u00ed.<\/li>\n<li>Aplikujte hojn\u011b, ale rovnom\u011brn\u011b, abyste zabr\u00e1nili st\u00e9k\u00e1n\u00ed a zajistili \u00fapln\u00fd kontakt s mechem a skvrnami.<\/li>\n<li>Nechte p\u0159\u00edpravek p\u016fsobit n\u011bkolik hodin. Viditeln\u00e9 v\u00fdsledky se mohou objevit b\u011bhem kr\u00e1tk\u00e9 doby, ale pln\u00fd \u010distic\u00ed \u00fa\u010dinek m\u016f\u017ee trvat i n\u011bkolik dn\u00ed, proto\u017ee organick\u00e9 zbytky se p\u0159irozen\u011b rozkl\u00e1daj\u00ed.<\/li>\n<li>Neoplachujte ihned, pokud to nen\u00ed v\u00fdslovn\u011b vy\u017eadov\u00e1no. V mnoha p\u0159\u00edpadech de\u0161\u0165ov\u00e9 sr\u00e1\u017eky postupn\u011b odplav\u00ed odum\u0159el\u00fd mech a zbytky.<\/li>\n<li>U siln\u011b zamo\u0159en\u00fdch oblast\u00ed m\u016f\u017ee b\u00fdt po prvn\u00edm o\u0161et\u0159en\u00ed nutn\u00e1 druh\u00e1 aplikace.<\/li>\n<li>Vyhn\u011bte se aplikaci b\u011bhem siln\u00e9ho slune\u010dn\u00edho z\u00e1\u0159en\u00ed nebo extr\u00e9mn\u00edho horka, abyste zabr\u00e1nili p\u0159ed\u010dasn\u00e9mu vysych\u00e1n\u00ed a sn\u00ed\u017een\u00ed \u00fa\u010dinnosti.<\/li>\n<li>B\u011bhem aplikace chra\u0148te okoln\u00ed rostliny a ter\u00e9nn\u00ed \u00fapravy. N\u00e1hodn\u00e9 pot\u0159\u00edsn\u011bn\u00ed okam\u017eit\u011b opl\u00e1chn\u011bte \u010distou vodou.<\/li>\n<li>Neaplikujte za v\u011btrn\u00e9ho po\u010das\u00ed, abyste zabr\u00e1nili snosu na necht\u011bn\u00e9 povrchy.<\/li>\n<li>Po o\u0161et\u0159en\u00ed st\u0159echu v n\u00e1sleduj\u00edc\u00edch dnech sledujte. Odum\u0159el\u00fd mech a ne\u010distoty se mohou uvolnit a p\u0159irozen\u011b odpadnout.<\/li>\n<li>Po pou\u017eit\u00ed d\u016fkladn\u011b o\u010dist\u011bte aplika\u010dn\u00ed n\u00e1stroje podle doporu\u010den\u00ed v\u00fdrobku.<\/li>\n<li>N\u00e1dobu skladujte t\u011bsn\u011b uzav\u0159enou na chladn\u00e9m a such\u00e9m m\u00edst\u011b, mimo dosah p\u0159\u00edm\u00e9ho slune\u010dn\u00edho z\u00e1\u0159en\u00ed a extr\u00e9mn\u00edch teplot.<\/li>\n<li>Uchov\u00e1vejte mimo dosah d\u011bt\u00ed a zabra\u0148te kontaktu s poko\u017ekou a o\u010dima.<\/li>\n<\/ul>\n<p>P\u0159i dodr\u017een\u00ed doporu\u010den\u00e9ho pokryt\u00ed a\u017e 10 m\u00b2 na litr a rovnom\u011brn\u00e9 aplikaci p\u0159\u00edpravku za vhodn\u00fdch pov\u011btrnostn\u00edch podm\u00ednek n\u00e1\u0161 \u010disti\u010d st\u0159ech \u00fa\u010dinn\u011b obnov\u00ed vzhled va\u0161\u00ed st\u0159echy, sn\u00ed\u017e\u00ed jej\u00ed dlouhodob\u00e9 po\u0161kozen\u00ed a pom\u016f\u017ee udr\u017eet jej\u00ed konstruk\u010dn\u00ed odolnost po dlouh\u00e1 l\u00e9ta.<\/p>","protected":false},"excerpt":{"rendered":"<p>Powerful roof cleaning performance for visible and immediate results. Our roof cleaner is specially formulated to remove moss, algae, lichen, black stains, and atmospheric pollution from roofing surfaces. It restores the original appearance of tiles, shingles, and roofing materials while preserving their structural integrity. The most effective roof cleaner on the market. Thanks to its [&hellip;]<\/p>\n","protected":false},"featured_media":26913,"comment_status":"open","ping_status":"closed","template":"","meta":{"_uag_custom_page_level_css":"","site-sidebar-layout":"default","site-content-layout":"","ast-site-content-layout":"default","site-content-style":"default","site-sidebar-style":"default","ast-global-header-display":"","ast-banner-title-visibility":"","ast-main-header-display":"","ast-hfb-above-header-display":"","ast-hfb-below-header-display":"","ast-hfb-mobile-header-display":"","site-post-title":"","ast-breadcrumbs-content":"","ast-featured-img":"","footer-sml-layout":"","ast-disable-related-posts":"","theme-transparent-header-meta":"default","adv-header-id-meta":"","stick-header-meta":"","header-above-stick-meta":"","header-main-stick-meta":"","header-below-stick-meta":"","astra-migrate-meta-layouts":"set","ast-page-background-enabled":"default","ast-page-background-meta":{"desktop":{"background-color":"var(--ast-global-color-4)","background-image":"","background-repeat":"repeat","background-position":"center center","background-size":"auto","background-attachment":"scroll","background-type":"","background-media":"","overlay-type":"","overlay-color":"","overlay-opacity":"","overlay-gradient":""},"tablet":{"background-color":"","background-image":"","background-repeat":"repeat","background-position":"center center","background-size":"auto","background-attachment":"scroll","background-type":"","background-media":"","overlay-type":"","overlay-color":"","overlay-opacity":"","overlay-gradient":""},"mobile":{"background-color":"","background-image":"","background-repeat":"repeat","background-position":"center center","background-size":"auto","background-attachment":"scroll","background-type":"","background-media":"","overlay-type":"","overlay-color":"","overlay-opacity":"","overlay-gradient":""}},"ast-content-background-meta":{"desktop":{"background-color":"var(--ast-global-color-5)","background-image":"","background-repeat":"repeat","background-position":"center center","background-size":"auto","background-attachment":"scroll","background-type":"","background-media":"","overlay-type":"","overlay-color":"","overlay-opacity":"","overlay-gradient":""},"tablet":{"background-color":"var(--ast-global-color-5)","background-image":"","background-repeat":"repeat","background-position":"center center","background-size":"auto","background-attachment":"scroll","background-type":"","background-media":"","overlay-type":"","overlay-color":"","overlay-opacity":"","overlay-gradient":""},"mobile":{"background-color":"var(--ast-global-color-5)","background-image":"","background-repeat":"repeat","background-position":"center center","background-size":"auto","background-attachment":"scroll","background-type":"","background-media":"","overlay-type":"","overlay-color":"","overlay-opacity":"","overlay-gradient":""}}},"product_brand":[],"product_cat":[175,187],"product_tag":[],"class_list":{"0":"post-25054","1":"product","2":"type-product","3":"status-publish","4":"has-post-thumbnail","6":"product_cat-cleaning-products","7":"product_cat-roofing","8":"desktop-align-left","9":"tablet-align-left","10":"mobile-align-left","12":"first","13":"instock","14":"sale","15":"taxable","16":"shipping-taxable","17":"purchasable","18":"product-type-variable","19":"has-default-attributes"},"spectra_custom_meta":{"_visibility":["visible"],"_shopify_product_id":["8050143690997"],"_s2w_shopify_domain":["ferberpainting.myshopify.com"],"_shopify_variant_id":["43843112960245"],"_sku":[""],"_manage_stock":["no"],"total_sales":["35"],"_tax_status":["taxable"],"_tax_class":[""],"_backorders":["no"],"_sold_individually":["no"],"_virtual":["no"],"_downloadable":["no"],"_download_limit":["-1"],"_download_expiry":["-1"],"_stock":[null],"_stock_status":["instock"],"_wc_average_rating":["4.97"],"_wc_review_count":["68"],"_product_attributes":["a:1:{s:6:\"volume\";a:6:{s:4:\"name\";s:6:\"Volume\";s:5:\"value\";s:20:\"5 liters | 25 liters\";s:8:\"position\";i:1;s:10:\"is_visible\";i:0;s:12:\"is_variation\";i:1;s:11:\"is_taxonomy\";i:0;}}"],"_product_version":["10.5.1"],"_thumbnail_id":["26913"],"_price":["29.90","129.90"],"_product_image_gallery":["26914"],"merchant-center-availability":["yes"],"merchant-center-category":["2277"],"merchant-center-id":["NTOITURE"],"wpse_downloadable_file_names":[""],"wpse_downloadable_file_urls":[""],"_edit_last":["1"],"_default_attributes":["a:1:{s:6:\"volume\";s:8:\"5 liters\";}"],"_wc_rating_count":["a:2:{i:4;i:2;i:5;i:66;}"],"_edit_lock":["1771226160:1"],"_wp_page_template":["default"],"site-sidebar-layout":["default"],"ast-site-content-layout":["default"],"site-content-style":["default"],"site-sidebar-style":["default"],"theme-transparent-header-meta":["default"],"astra-migrate-meta-layouts":["set"],"_uag_css_file_name":["uag-css-25054.css"],"_elementor_page_assets":["a:0:{}"],"_uag_page_assets":["a:9:{s:3:\"css\";s:6873:\".wp-block-uagb-image{display:flex}.wp-block-uagb-image__figure{position:relative;display:flex;flex-direction:column;max-width:100%;height:auto;margin:0}.wp-block-uagb-image__figure img{height:auto;display:flex;max-width:100%;transition:box-shadow .2s ease}.wp-block-uagb-image__figure>a{display:inline-block}.wp-block-uagb-image__figure figcaption{text-align:center;margin-top:.5em;margin-bottom:1em}.wp-block-uagb-image .components-placeholder.block-editor-media-placeholder .components-placeholder__instructions{align-self:center}.wp-block-uagb-image--align-left{text-align:left}.wp-block-uagb-image--align-right{text-align:right}.wp-block-uagb-image--align-center{text-align:center}.wp-block-uagb-image--align-full .wp-block-uagb-image__figure{margin-left:calc(50% - 50vw);margin-right:calc(50% - 50vw);max-width:100vw;width:100vw;height:auto}.wp-block-uagb-image--align-full .wp-block-uagb-image__figure img{height:auto;width:100% !important}.wp-block-uagb-image--align-wide .wp-block-uagb-image__figure img{height:auto;width:100%}.wp-block-uagb-image--layout-overlay__color-wrapper{position:absolute;left:0;top:0;right:0;bottom:0;opacity:.2;background:rgba(0,0,0,.5);transition:opacity .35s ease-in-out}.wp-block-uagb-image--layout-overlay-link{position:absolute;left:0;right:0;bottom:0;top:0}.wp-block-uagb-image--layout-overlay .wp-block-uagb-image__figure:hover .wp-block-uagb-image--layout-overlay__color-wrapper{opacity:1}.wp-block-uagb-image--layout-overlay__inner{position:absolute;left:15px;right:15px;bottom:15px;top:15px;display:flex;align-items:center;justify-content:center;flex-direction:column;border-color:#fff;transition:.35s ease-in-out}.wp-block-uagb-image--layout-overlay__inner.top-left,.wp-block-uagb-image--layout-overlay__inner.top-center,.wp-block-uagb-image--layout-overlay__inner.top-right{justify-content:flex-start}.wp-block-uagb-image--layout-overlay__inner.bottom-left,.wp-block-uagb-image--layout-overlay__inner.bottom-center,.wp-block-uagb-image--layout-overlay__inner.bottom-right{justify-content:flex-end}.wp-block-uagb-image--layout-overlay__inner.top-left,.wp-block-uagb-image--layout-overlay__inner.center-left,.wp-block-uagb-image--layout-overlay__inner.bottom-left{align-items:flex-start}.wp-block-uagb-image--layout-overlay__inner.top-right,.wp-block-uagb-image--layout-overlay__inner.center-right,.wp-block-uagb-image--layout-overlay__inner.bottom-right{align-items:flex-end}.wp-block-uagb-image--layout-overlay__inner .uagb-image-heading{color:#fff;transition:transform .35s,opacity .35s ease-in-out;transform:translate3d(0, 24px, 0);margin:0;line-height:1em}.wp-block-uagb-image--layout-overlay__inner .uagb-image-separator{width:30%;border-top-width:2px;border-top-color:#fff;border-top-style:solid;margin-bottom:10px;opacity:0;transition:transform .4s,opacity .4s ease-in-out;transform:translate3d(0, 30px, 0)}.wp-block-uagb-image--layout-overlay__inner .uagb-image-caption{opacity:0;overflow:visible;color:#fff;transition:transform .45s,opacity .45s ease-in-out;transform:translate3d(0, 35px, 0)}.wp-block-uagb-image--layout-overlay__inner:hover .uagb-image-heading,.wp-block-uagb-image--layout-overlay__inner:hover .uagb-image-separator,.wp-block-uagb-image--layout-overlay__inner:hover .uagb-image-caption{opacity:1;transform:translate3d(0, 0, 0)}.wp-block-uagb-image--effect-zoomin .wp-block-uagb-image__figure img,.wp-block-uagb-image--effect-zoomin .wp-block-uagb-image__figure .wp-block-uagb-image--layout-overlay__color-wrapper{transform:scale(1);transition:transform .35s ease-in-out}.wp-block-uagb-image--effect-zoomin .wp-block-uagb-image__figure:hover img,.wp-block-uagb-image--effect-zoomin .wp-block-uagb-image__figure:hover .wp-block-uagb-image--layout-overlay__color-wrapper{transform:scale(1.05)}.wp-block-uagb-image--effect-slide .wp-block-uagb-image__figure img,.wp-block-uagb-image--effect-slide .wp-block-uagb-image__figure .wp-block-uagb-image--layout-overlay__color-wrapper{width:calc(100% + 40px) !important;max-width:none !important;transform:translate3d(-40px, 0, 0);transition:transform .35s ease-in-out}.wp-block-uagb-image--effect-slide .wp-block-uagb-image__figure:hover img,.wp-block-uagb-image--effect-slide .wp-block-uagb-image__figure:hover .wp-block-uagb-image--layout-overlay__color-wrapper{transform:translate3d(0, 0, 0)}.wp-block-uagb-image--effect-grayscale img{filter:grayscale(0%);transition:.35s ease-in-out}.wp-block-uagb-image--effect-grayscale:hover img{filter:grayscale(100%)}.wp-block-uagb-image--effect-blur img{filter:blur(0);transition:.35s ease-in-out}.wp-block-uagb-image--effect-blur:hover img{filter:blur(3px)}.uagb-block-e6f939b3.wp-block-uagb-image--layout-default figure img{box-shadow: 0px 0px 0 #00000070;}.uagb-block-e6f939b3.wp-block-uagb-image .wp-block-uagb-image__figure figcaption{font-style: normal;align-self: center;}.uagb-block-e6f939b3.wp-block-uagb-image--layout-overlay figure img{box-shadow: 0px 0px 0 #00000070;}.uagb-block-e6f939b3.wp-block-uagb-image--layout-overlay .wp-block-uagb-image--layout-overlay__color-wrapper{opacity: 0.2;}.uagb-block-e6f939b3.wp-block-uagb-image--layout-overlay .wp-block-uagb-image--layout-overlay__inner{left: 15px;right: 15px;top: 15px;bottom: 15px;}.uagb-block-e6f939b3.wp-block-uagb-image--layout-overlay .wp-block-uagb-image--layout-overlay__inner .uagb-image-heading{font-style: normal;color: #fff;opacity: 1;}.uagb-block-e6f939b3.wp-block-uagb-image--layout-overlay .wp-block-uagb-image--layout-overlay__inner .uagb-image-heading a{color: #fff;}.uagb-block-e6f939b3.wp-block-uagb-image--layout-overlay .wp-block-uagb-image--layout-overlay__inner .uagb-image-caption{opacity: 0;}.uagb-block-e6f939b3.wp-block-uagb-image--layout-overlay .wp-block-uagb-image__figure:hover .wp-block-uagb-image--layout-overlay__color-wrapper{opacity: 1;}.uagb-block-e6f939b3.wp-block-uagb-image .wp-block-uagb-image--layout-overlay__inner .uagb-image-separator{width: 30%;border-top-width: 2px;border-top-color: #fff;opacity: 0;}.uagb-block-e6f939b3.wp-block-uagb-image .wp-block-uagb-image__figure img{width: px;height: auto;}.uagb-block-e6f939b3.wp-block-uagb-image .wp-block-uagb-image__figure:hover .wp-block-uagb-image--layout-overlay__inner .uagb-image-caption{opacity: 1;}.uagb-block-e6f939b3.wp-block-uagb-image .wp-block-uagb-image__figure:hover .wp-block-uagb-image--layout-overlay__inner .uagb-image-separator{opacity: 1;}.uagb-block-e6f939b3.wp-block-uagb-image--layout-default figure:hover img{box-shadow: 0px 0px 0 #00000070;}.uagb-block-e6f939b3.wp-block-uagb-image--layout-overlay figure:hover img{box-shadow: 0px 0px 0 #00000070;}@media only screen and (max-width: 976px) {.uagb-block-e6f939b3.wp-block-uagb-image .wp-block-uagb-image__figure img{width: px;height: auto;}}@media only screen and (max-width: 767px) {.uagb-block-e6f939b3.wp-block-uagb-image .wp-block-uagb-image__figure img{width: px;height: auto;}}\";s:2:\"js\";s:0:\"\";s:18:\"current_block_list\";a:13:{i:0;s:11:\"core\/search\";i:1;s:10:\"core\/group\";i:2;s:12:\"core\/heading\";i:3;s:17:\"core\/latest-posts\";i:4;s:20:\"core\/latest-comments\";i:5;s:13:\"core\/archives\";i:6;s:15:\"core\/categories\";i:7;s:14:\"core\/paragraph\";i:8;s:10:\"uagb\/image\";i:9;s:11:\"core\/spacer\";i:10;s:30:\"woocommerce\/product-categories\";i:11;s:10:\"core\/image\";i:12;s:14:\"core\/shortcode\";}s:8:\"uag_flag\";b:1;s:11:\"uag_version\";s:10:\"1777351105\";s:6:\"gfonts\";a:0:{}s:10:\"gfonts_url\";s:0:\"\";s:12:\"gfonts_files\";a:0:{}s:14:\"uag_faq_layout\";b:0;}"]},"uagb_featured_image_src":{"full":["https:\/\/www.ferberpainting.com\/wp-content\/uploads\/2025\/05\/ROOFCLEANER5L.jpg",2560,2560,false],"thumbnail":["https:\/\/www.ferberpainting.com\/wp-content\/uploads\/2025\/05\/ROOFCLEANER5L-150x150.jpg",150,150,true],"medium":["https:\/\/www.ferberpainting.com\/wp-content\/uploads\/2025\/05\/ROOFCLEANER5L-300x300.jpg",300,300,true],"medium_large":["https:\/\/www.ferberpainting.com\/wp-content\/uploads\/2025\/05\/ROOFCLEANER5L-768x768.jpg",768,768,true],"large":["https:\/\/www.ferberpainting.com\/wp-content\/uploads\/2025\/05\/ROOFCLEANER5L-1024x1024.jpg",1024,1024,true],"1536x1536":["https:\/\/www.ferberpainting.com\/wp-content\/uploads\/2025\/05\/ROOFCLEANER5L-1536x1536.jpg",1536,1536,true],"2048x2048":["https:\/\/www.ferberpainting.com\/wp-content\/uploads\/2025\/05\/ROOFCLEANER5L-2048x2048.jpg",2048,2048,true],"trp-custom-language-flag":["https:\/\/www.ferberpainting.com\/wp-content\/uploads\/2025\/05\/ROOFCLEANER5L-12x12.jpg",12,12,true],"woocommerce_thumbnail":["https:\/\/www.ferberpainting.com\/wp-content\/uploads\/2025\/05\/ROOFCLEANER5L-300x300.jpg",300,300,true],"woocommerce_single":["https:\/\/www.ferberpainting.com\/wp-content\/uploads\/2025\/05\/ROOFCLEANER5L-600x600.jpg",600,600,true],"woocommerce_gallery_thumbnail":["https:\/\/www.ferberpainting.com\/wp-content\/uploads\/2025\/05\/ROOFCLEANER5L-100x100.jpg",100,100,true]},"uagb_author_info":{"display_name":"admin","author_link":"https:\/\/www.ferberpainting.com\/cz\/author\/"},"uagb_comment_info":68,"uagb_excerpt":"Powerful roof cleaning performance for visible and immediate results. Our roof cleaner is specially formulated to remove moss, algae, lichen, black stains, and atmospheric pollution from roofing surfaces. It restores the original appearance of tiles, shingles, and roofing materials while preserving their structural integrity. The most effective roof cleaner on the market. Thanks to its&hellip;","_links":{"self":[{"href":"https:\/\/www.ferberpainting.com\/cz\/wp-json\/wp\/v2\/product\/25054","targetHints":{"allow":["GET"]}}],"collection":[{"href":"https:\/\/www.ferberpainting.com\/cz\/wp-json\/wp\/v2\/product"}],"about":[{"href":"https:\/\/www.ferberpainting.com\/cz\/wp-json\/wp\/v2\/types\/product"}],"replies":[{"embeddable":true,"href":"https:\/\/www.ferberpainting.com\/cz\/wp-json\/wp\/v2\/comments?post=25054"}],"version-history":[{"count":4,"href":"https:\/\/www.ferberpainting.com\/cz\/wp-json\/wp\/v2\/product\/25054\/revisions"}],"predecessor-version":[{"id":167100,"href":"https:\/\/www.ferberpainting.com\/cz\/wp-json\/wp\/v2\/product\/25054\/revisions\/167100"}],"wp:featuredmedia":[{"embeddable":true,"href":"https:\/\/www.ferberpainting.com\/cz\/wp-json\/wp\/v2\/media\/26913"}],"wp:attachment":[{"href":"https:\/\/www.ferberpainting.com\/cz\/wp-json\/wp\/v2\/media?parent=25054"}],"wp:term":[{"taxonomy":"product_brand","embeddable":true,"href":"https:\/\/www.ferberpainting.com\/cz\/wp-json\/wp\/v2\/product_brand?post=25054"},{"taxonomy":"product_cat","embeddable":true,"href":"https:\/\/www.ferberpainting.com\/cz\/wp-json\/wp\/v2\/product_cat?post=25054"},{"taxonomy":"product_tag","embeddable":true,"href":"https:\/\/www.ferberpainting.com\/cz\/wp-json\/wp\/v2\/product_tag?post=25054"}],"curies":[{"name":"wp","href":"https:\/\/api.w.org\/{rel}","templated":true}]}}