{"id":25051,"date":"2025-05-26T10:29:01","date_gmt":"2025-05-26T08:29:01","guid":{"rendered":"https:\/\/www.ferberpainting.com\/products\/roof-and-guitter-leak-stopper\/"},"modified":"2026-02-16T08:15:20","modified_gmt":"2026-02-16T07:15:20","slug":"roof-and-guitter-leak-stopper","status":"publish","type":"product","link":"https:\/\/www.ferberpainting.com\/cz\/products\/roof-and-guitter-leak-stopper\/","title":{"rendered":"Z\u00e1tka proti \u00faniku st\u0159echy a svod\u016f"},"content":{"rendered":"<p><strong><img decoding=\"async\" style=\"margin-right: 12px;\" src=\"https:\/\/www.ferberpainting.com\/wp-content\/uploads\/2026\/02\/Check.svg\" alt=\"\" width=\"18\" height=\"15\" \/>Okam\u017eit\u00e1 vodot\u011bsn\u00e1 ochrana st\u0159ech a okap\u016f.<\/strong> Na\u0161e z\u00e1tka proti zat\u00e9k\u00e1n\u00ed do st\u0159ech a okap\u016f je speci\u00e1ln\u011b vyvinuta tak, aby rychle a \u00fa\u010dinn\u011b ut\u011bsnila trhliny, sp\u00e1ry a mikrotrhliny. Vytv\u00e1\u0159\u00ed odolnou vodot\u011bsnou membr\u00e1nu, kter\u00e1 chr\u00e1n\u00ed v\u00e1\u0161 d\u016fm p\u0159ed pr\u016fnikem vody a po\u0161kozen\u00edm konstrukce.<\/p>\n<p><strong><img decoding=\"async\" style=\"margin-right: 12px;\" src=\"https:\/\/www.ferberpainting.com\/wp-content\/uploads\/2026\/02\/Check.svg\" alt=\"\" width=\"18\" height=\"15\" \/>Nej\u00fa\u010dinn\u011bj\u0161\u00ed \u0159e\u0161en\u00ed t\u011bsn\u011bn\u00ed st\u0159ech na trhu.<\/strong> D\u00edky pokro\u010dil\u00e9 hydroizola\u010dn\u00ed technologii pronik\u00e1 tento v\u00fdrobek do trhlin a por\u00e9zn\u00edch povrch\u016f a vytv\u00e1\u0159\u00ed pru\u017enou a odolnou bari\u00e9ru. P\u0159izp\u016fsobuje se teplotn\u00edm zm\u011bn\u00e1m a pohyb\u016fm konstrukce, p\u0159i\u010dem\u017e si zachov\u00e1v\u00e1 dlouhotrvaj\u00edc\u00ed ochranu.<\/p>\n<p><strong><img decoding=\"async\" style=\"margin-right: 12px;\" src=\"https:\/\/www.ferberpainting.com\/wp-content\/uploads\/2026\/02\/Check.svg\" alt=\"\" width=\"18\" height=\"15\" \/>Bezkonkuren\u010dn\u00ed cena.<\/strong> Opravy st\u0159ech mohou b\u00fdt n\u00e1kladn\u00e9 a \u010dasov\u011b n\u00e1ro\u010dn\u00e9. Na\u0161e profesion\u00e1ln\u00ed z\u00e1tka proti zat\u00e9k\u00e1n\u00ed nab\u00edz\u00ed v\u00fdjime\u010dn\u00fd v\u00fdkon za nejp\u0159\u00edzniv\u011bj\u0161\u00ed dostupnou cenu a u\u0161et\u0159\u00ed v\u00e1m n\u00e1kladn\u00e9 z\u00e1sahy.<\/p>\n<p><strong><img decoding=\"async\" style=\"margin-right: 12px;\" src=\"https:\/\/www.ferberpainting.com\/wp-content\/uploads\/2026\/02\/Check.svg\" alt=\"\" width=\"18\" height=\"15\" \/>Z\u00e1ruka vr\u00e1cen\u00ed pen\u011bz pro naprost\u00fd klid.<\/strong> Jsme p\u0159esv\u011bd\u010deni o spolehlivosti a trvanlivosti na\u0161ich z\u00e1tek proti zat\u00e9k\u00e1n\u00ed do st\u0159ech a okap\u016f. Pokud nebudete pln\u011b spokojeni, nab\u00edz\u00edme z\u00e1ruku vr\u00e1cen\u00ed pen\u011bz. Sta\u010d\u00ed n\u00e1s kontaktovat a my v\u00e1m vr\u00e1t\u00edme pen\u00edze za n\u00e1kup.<\/p>\n<p><strong><img decoding=\"async\" style=\"margin-right: 12px;\" src=\"https:\/\/www.ferberpainting.com\/wp-content\/uploads\/2026\/02\/Check.svg\" alt=\"\" width=\"18\" height=\"15\" \/>Rychl\u00e9 doru\u010den\u00ed do 24 hodin pro nal\u00e9hav\u00e9 p\u0159\u00edpady \u00faniku.<\/strong> V\u017edy poskytujeme 24hodinovou dod\u00e1vku, abyste mohli okam\u017eit\u011b \u0159e\u0161it \u00fanik st\u0159echy a zabr\u00e1nit dal\u0161\u00edm \u0161kod\u00e1m na va\u0161em majetku.<\/p>\n<p><strong><img decoding=\"async\" style=\"margin-right: 12px;\" src=\"https:\/\/www.ferberpainting.com\/wp-content\/uploads\/2026\/02\/Check.svg\" alt=\"\" width=\"18\" height=\"15\" \/>Vysok\u00fd kryc\u00ed v\u00fdkon 1 litr na m\u00b2.<\/strong> Doporu\u010den\u00e1 spot\u0159eba je 1 litr na metr \u010dtvere\u010dn\u00ed, co\u017e zajist\u00ed dostate\u010dnou tlou\u0161\u0165ku pro vytvo\u0159en\u00ed siln\u00e9, souvisl\u00e9 vodot\u011bsn\u00e9 membr\u00e1ny schopn\u00e9 odolat siln\u00e9mu de\u0161ti a stojat\u00e9 vod\u011b.<\/p>\n<p><strong><img decoding=\"async\" style=\"margin-right: 12px;\" src=\"https:\/\/www.ferberpainting.com\/wp-content\/uploads\/2026\/02\/Check.svg\" alt=\"\" width=\"18\" height=\"15\" \/>Pru\u017en\u00e1 a trhliny p\u0159eklenuj\u00edc\u00ed membr\u00e1na.<\/strong> Po vytvrzen\u00ed vytvo\u0159\u00ed v\u00fdrobek pru\u017en\u00fd povlak, kter\u00fd se p\u0159izp\u016fsob\u00ed drobn\u00fdm konstruk\u010dn\u00edm pohyb\u016fm a zabr\u00e1n\u00ed budouc\u00edmu prask\u00e1n\u00ed.<\/p>\n<p><strong><img decoding=\"async\" style=\"margin-right: 12px;\" src=\"https:\/\/www.ferberpainting.com\/wp-content\/uploads\/2026\/02\/Check.svg\" alt=\"\" width=\"18\" height=\"15\" \/>Vhodn\u00e9 pro v\u00edce typ\u016f st\u0159ech.<\/strong> Ide\u00e1ln\u00ed pro ploch\u00e9 st\u0159echy, \u0161ikm\u00e9 st\u0159echy, \u017elaby, oplechov\u00e1n\u00ed, sp\u00e1ry a odvod\u0148ovac\u00ed z\u00f3ny. \u00da\u010dinn\u011b p\u0159ilne k betonu, kovu, bitumenu, ta\u0161k\u00e1m a dal\u0161\u00edm b\u011b\u017en\u00fdm st\u0159e\u0161n\u00edm krytin\u00e1m.<\/p>\n<p><strong><img decoding=\"async\" style=\"margin-right: 12px;\" src=\"https:\/\/www.ferberpainting.com\/wp-content\/uploads\/2026\/02\/Check.svg\" alt=\"\" width=\"18\" height=\"15\" \/>Odolnost v\u016f\u010di pov\u011btrnostn\u00edm vliv\u016fm a UV z\u00e1\u0159en\u00ed.<\/strong> Vod\u011bodoln\u00fd povlak odol\u00e1v\u00e1 de\u0161ti, mrazu, teplu i slune\u010dn\u00edmu z\u00e1\u0159en\u00ed a zachov\u00e1v\u00e1 si sv\u00e9 ochrann\u00e9 vlastnosti v pr\u016fb\u011bhu v\u0161ech ro\u010dn\u00edch obdob\u00ed.<\/p>\n<p><strong><img decoding=\"async\" style=\"margin-right: 12px;\" src=\"https:\/\/www.ferberpainting.com\/wp-content\/uploads\/2026\/02\/Check.svg\" alt=\"\" width=\"18\" height=\"15\" \/>Snadn\u00e1 aplikace pro profesion\u00e1ly i majitele dom\u016f.<\/strong> V\u00fdrobek lze nan\u00e1\u0161et \u0161t\u011btcem, v\u00e1le\u010dkem nebo hlad\u00edtkem, tak\u017ee je dostupn\u00fd jak pro profesion\u00e1ln\u00ed stavebn\u00ed firmy, tak pro zku\u0161en\u00e9 kutily.<\/p>\n<h2><strong>Pokyny<\/strong><\/h2>\n<ul>\n<li>P\u0159ed aplikac\u00ed zkontrolujte st\u0159echu nebo oblast okap\u016f a zjist\u011bte praskliny, spoje nebo m\u00edsta \u00faniku.<\/li>\n<li>Ujist\u011bte se, \u017ee je povrch \u010dist\u00fd, such\u00fd a bez prachu, mastnoty, mechu, voln\u00fdch \u010d\u00e1stic nebo stojat\u00e9 vody.<\/li>\n<li>P\u0159ed aplikac\u00ed v\u00fdrobku odstra\u0148te ve\u0161ker\u00e9 znehodnocen\u00e9 materi\u00e1ly a opravte velk\u00e1 po\u0161kozen\u00ed konstrukce.<\/li>\n<li>P\u0159ed pou\u017eit\u00edm v\u00fdrobek d\u016fkladn\u011b prom\u00edchejte, abyste zajistili st\u00e1lou strukturu a v\u00fdkon.<\/li>\n<li>Rovnom\u011brn\u011b nan\u00e1\u0161ejte z\u00e1tku proti net\u011bsnostem \u0161t\u011btcem, v\u00e1le\u010dkem nebo hlad\u00edtkem, abyste dos\u00e1hli rovnom\u011brn\u00e9 vrstvy.<\/li>\n<li>Dodr\u017eujte doporu\u010den\u00e9 d\u00e1vkov\u00e1n\u00ed 1 litr na m\u00b2. Tato kryc\u00ed d\u00e1vka zaji\u0161\u0165uje dostate\u010dnou tlou\u0161\u0165ku membr\u00e1ny pro spolehlivou hydroizolaci.<\/li>\n<li>Materi\u00e1l pe\u010dliv\u011b rozet\u0159ete po povrchu a zajist\u011bte \u00fapln\u00e9 pokryt\u00ed trhlin, sp\u00e1r a \u0161v\u016f.<\/li>\n<li>U hlubok\u00fdch trhlin nebo sp\u00e1r naneste prvn\u00ed v\u00fdpl\u0148ovou vrstvu a nechte ji \u010d\u00e1ste\u010dn\u011b zatuhnout p\u0159ed nanesen\u00edm cel\u00e9 povrchov\u00e9 vrstvy.<\/li>\n<li>Na rizikov\u00fdch m\u00edstech, jako jsou spoje \u017elab\u016f nebo odtokov\u00e9 body ploch\u00fdch st\u0159ech, pou\u017eijte dal\u0161\u00ed v\u00fdztu\u017enou vrstvu pro zv\u00fd\u0161en\u00ed odolnosti.<\/li>\n<li>P\u0159ed p\u0159\u00edpadn\u00fdm nanesen\u00edm druh\u00e9 vrstvy nechte prvn\u00ed vrstvu zaschnout v z\u00e1vislosti na okoln\u00edch podm\u00ednk\u00e1ch.<\/li>\n<li>B\u011bhem po\u010d\u00e1te\u010dn\u00edho vytvrzov\u00e1n\u00ed chra\u0148te o\u0161et\u0159enou plochu p\u0159ed de\u0161t\u011bm nebo vlhkost\u00ed.<\/li>\n<li>P\u0159ed vystaven\u00edm povrchu siln\u00fdm de\u0161\u0165\u016fm nebo stojat\u00e9 vod\u011b nechte povrch pln\u011b vytvrdnout. Doba schnut\u00ed se m\u016f\u017ee li\u0161it v z\u00e1vislosti na teplot\u011b a vlhkosti.<\/li>\n<li>N\u00e1\u0159ad\u00ed po pou\u017eit\u00ed ihned o\u010dist\u011bte vhodn\u00fdmi \u010distic\u00edmi prost\u0159edky.<\/li>\n<li>N\u00e1dobu skladujte t\u011bsn\u011b uzav\u0159enou na chladn\u00e9m a such\u00e9m m\u00edst\u011b, mimo dosah p\u0159\u00edm\u00e9ho slune\u010dn\u00edho z\u00e1\u0159en\u00ed a extr\u00e9mn\u00edch teplot.<\/li>\n<li>P\u0159i aplikaci pou\u017e\u00edvejte ochrann\u00e9 rukavice a zabra\u0148te p\u0159\u00edm\u00e9mu kontaktu s poko\u017ekou.<\/li>\n<\/ul>\n<p>P\u0159i dodr\u017een\u00ed doporu\u010den\u00e9 aplika\u010dn\u00ed d\u00e1vky 1 litr na m\u00b2 a zaji\u0161t\u011bn\u00ed spr\u00e1vn\u00e9 p\u0159\u00edpravy povrchu zajist\u00ed na\u0161e z\u00e1tka proti zat\u00e9k\u00e1n\u00ed do st\u0159ech a okap\u016f odolnou, pru\u017enou a dlouhotrvaj\u00edc\u00ed vodot\u011bsnou ochranu va\u0161eho domu.<\/p>","protected":false},"excerpt":{"rendered":"<p>Instant waterproof protection for roofs and gutters. Our roof and gutter leak stopper is specially formulated to seal cracks, joints, and micro-fissures quickly and effectively. It creates a durable waterproof membrane that protects your home from water infiltration and structural damage. The most effective roof sealing solution on the market. Thanks to its advanced waterproofing [&hellip;]<\/p>\n","protected":false},"featured_media":26911,"comment_status":"open","ping_status":"closed","template":"","meta":{"_uag_custom_page_level_css":"","site-sidebar-layout":"default","site-content-layout":"","ast-site-content-layout":"default","site-content-style":"default","site-sidebar-style":"default","ast-global-header-display":"","ast-banner-title-visibility":"","ast-main-header-display":"","ast-hfb-above-header-display":"","ast-hfb-below-header-display":"","ast-hfb-mobile-header-display":"","site-post-title":"","ast-breadcrumbs-content":"","ast-featured-img":"","footer-sml-layout":"","ast-disable-related-posts":"","theme-transparent-header-meta":"default","adv-header-id-meta":"","stick-header-meta":"","header-above-stick-meta":"","header-main-stick-meta":"","header-below-stick-meta":"","astra-migrate-meta-layouts":"set","ast-page-background-enabled":"default","ast-page-background-meta":{"desktop":{"background-color":"var(--ast-global-color-4)","background-image":"","background-repeat":"repeat","background-position":"center center","background-size":"auto","background-attachment":"scroll","background-type":"","background-media":"","overlay-type":"","overlay-color":"","overlay-opacity":"","overlay-gradient":""},"tablet":{"background-color":"","background-image":"","background-repeat":"repeat","background-position":"center center","background-size":"auto","background-attachment":"scroll","background-type":"","background-media":"","overlay-type":"","overlay-color":"","overlay-opacity":"","overlay-gradient":""},"mobile":{"background-color":"","background-image":"","background-repeat":"repeat","background-position":"center center","background-size":"auto","background-attachment":"scroll","background-type":"","background-media":"","overlay-type":"","overlay-color":"","overlay-opacity":"","overlay-gradient":""}},"ast-content-background-meta":{"desktop":{"background-color":"var(--ast-global-color-5)","background-image":"","background-repeat":"repeat","background-position":"center center","background-size":"auto","background-attachment":"scroll","background-type":"","background-media":"","overlay-type":"","overlay-color":"","overlay-opacity":"","overlay-gradient":""},"tablet":{"background-color":"var(--ast-global-color-5)","background-image":"","background-repeat":"repeat","background-position":"center center","background-size":"auto","background-attachment":"scroll","background-type":"","background-media":"","overlay-type":"","overlay-color":"","overlay-opacity":"","overlay-gradient":""},"mobile":{"background-color":"var(--ast-global-color-5)","background-image":"","background-repeat":"repeat","background-position":"center center","background-size":"auto","background-attachment":"scroll","background-type":"","background-media":"","overlay-type":"","overlay-color":"","overlay-opacity":"","overlay-gradient":""}}},"product_brand":[],"product_cat":[181],"product_tag":[],"class_list":{"0":"post-25051","1":"product","2":"type-product","3":"status-publish","4":"has-post-thumbnail","6":"product_cat-leak-stopper","7":"desktop-align-left","8":"tablet-align-left","9":"mobile-align-left","11":"first","12":"instock","13":"sale","14":"shipping-taxable","15":"purchasable","16":"product-type-variable","17":"has-default-attributes"},"spectra_custom_meta":{"_visibility":["visible"],"_shopify_product_id":["7949610549493"],"_s2w_shopify_domain":["ferberpainting.myshopify.com"],"_shopify_variant_id":["43499281088757"],"_sku":[""],"_manage_stock":["no"],"total_sales":["36"],"_tax_status":["taxable"],"_tax_class":[""],"_backorders":["no"],"_sold_individually":["no"],"_virtual":["no"],"_downloadable":["no"],"_download_limit":["-1"],"_download_expiry":["-1"],"_stock":[null],"_stock_status":["instock"],"_wc_average_rating":["4.88"],"_wc_review_count":["51"],"_product_attributes":["a:1:{s:6:\"volume\";a:6:{s:4:\"name\";s:6:\"Volume\";s:5:\"value\";s:20:\"5 liters | 20 liters\";s:8:\"position\";i:1;s:10:\"is_visible\";i:0;s:12:\"is_variation\";i:1;s:11:\"is_taxonomy\";i:0;}}"],"_product_version":["10.5.1"],"_thumbnail_id":["26911"],"_price":["39.90","149.90"],"merchant-center-availability":["yes"],"merchant-center-category":["505802"],"merchant-center-id":["ROOFLS"],"wpse_downloadable_file_names":[""],"wpse_downloadable_file_urls":[""],"_edit_last":["1"],"_default_attributes":["a:1:{s:6:\"volume\";s:8:\"5 liters\";}"],"_wc_rating_count":["a:2:{i:4;i:6;i:5;i:45;}"],"_edit_lock":["1771225983:1"],"_wp_page_template":["default"],"site-sidebar-layout":["default"],"ast-site-content-layout":["default"],"site-content-style":["default"],"site-sidebar-style":["default"],"theme-transparent-header-meta":["default"],"astra-migrate-meta-layouts":["set"],"_uag_css_file_name":["uag-css-25051.css"],"_elementor_page_assets":["a:0:{}"],"_uag_page_assets":["a:9:{s:3:\"css\";s:7133:\".uag-blocks-common-selector{z-index:var(--z-index-desktop) !important}@media(max-width: 976px){.uag-blocks-common-selector{z-index:var(--z-index-tablet) !important}}@media(max-width: 767px){.uag-blocks-common-selector{z-index:var(--z-index-mobile) !important}}.wp-block-uagb-image{display:flex}.wp-block-uagb-image__figure{position:relative;display:flex;flex-direction:column;max-width:100%;height:auto;margin:0}.wp-block-uagb-image__figure img{height:auto;display:flex;max-width:100%;transition:box-shadow .2s ease}.wp-block-uagb-image__figure>a{display:inline-block}.wp-block-uagb-image__figure figcaption{text-align:center;margin-top:.5em;margin-bottom:1em}.wp-block-uagb-image .components-placeholder.block-editor-media-placeholder .components-placeholder__instructions{align-self:center}.wp-block-uagb-image--align-left{text-align:left}.wp-block-uagb-image--align-right{text-align:right}.wp-block-uagb-image--align-center{text-align:center}.wp-block-uagb-image--align-full .wp-block-uagb-image__figure{margin-left:calc(50% - 50vw);margin-right:calc(50% - 50vw);max-width:100vw;width:100vw;height:auto}.wp-block-uagb-image--align-full .wp-block-uagb-image__figure img{height:auto;width:100% !important}.wp-block-uagb-image--align-wide .wp-block-uagb-image__figure img{height:auto;width:100%}.wp-block-uagb-image--layout-overlay__color-wrapper{position:absolute;left:0;top:0;right:0;bottom:0;opacity:.2;background:rgba(0,0,0,.5);transition:opacity .35s ease-in-out}.wp-block-uagb-image--layout-overlay-link{position:absolute;left:0;right:0;bottom:0;top:0}.wp-block-uagb-image--layout-overlay .wp-block-uagb-image__figure:hover .wp-block-uagb-image--layout-overlay__color-wrapper{opacity:1}.wp-block-uagb-image--layout-overlay__inner{position:absolute;left:15px;right:15px;bottom:15px;top:15px;display:flex;align-items:center;justify-content:center;flex-direction:column;border-color:#fff;transition:.35s ease-in-out}.wp-block-uagb-image--layout-overlay__inner.top-left,.wp-block-uagb-image--layout-overlay__inner.top-center,.wp-block-uagb-image--layout-overlay__inner.top-right{justify-content:flex-start}.wp-block-uagb-image--layout-overlay__inner.bottom-left,.wp-block-uagb-image--layout-overlay__inner.bottom-center,.wp-block-uagb-image--layout-overlay__inner.bottom-right{justify-content:flex-end}.wp-block-uagb-image--layout-overlay__inner.top-left,.wp-block-uagb-image--layout-overlay__inner.center-left,.wp-block-uagb-image--layout-overlay__inner.bottom-left{align-items:flex-start}.wp-block-uagb-image--layout-overlay__inner.top-right,.wp-block-uagb-image--layout-overlay__inner.center-right,.wp-block-uagb-image--layout-overlay__inner.bottom-right{align-items:flex-end}.wp-block-uagb-image--layout-overlay__inner .uagb-image-heading{color:#fff;transition:transform .35s,opacity .35s ease-in-out;transform:translate3d(0, 24px, 0);margin:0;line-height:1em}.wp-block-uagb-image--layout-overlay__inner .uagb-image-separator{width:30%;border-top-width:2px;border-top-color:#fff;border-top-style:solid;margin-bottom:10px;opacity:0;transition:transform .4s,opacity .4s ease-in-out;transform:translate3d(0, 30px, 0)}.wp-block-uagb-image--layout-overlay__inner .uagb-image-caption{opacity:0;overflow:visible;color:#fff;transition:transform .45s,opacity .45s ease-in-out;transform:translate3d(0, 35px, 0)}.wp-block-uagb-image--layout-overlay__inner:hover .uagb-image-heading,.wp-block-uagb-image--layout-overlay__inner:hover .uagb-image-separator,.wp-block-uagb-image--layout-overlay__inner:hover .uagb-image-caption{opacity:1;transform:translate3d(0, 0, 0)}.wp-block-uagb-image--effect-zoomin .wp-block-uagb-image__figure img,.wp-block-uagb-image--effect-zoomin .wp-block-uagb-image__figure .wp-block-uagb-image--layout-overlay__color-wrapper{transform:scale(1);transition:transform .35s ease-in-out}.wp-block-uagb-image--effect-zoomin .wp-block-uagb-image__figure:hover img,.wp-block-uagb-image--effect-zoomin .wp-block-uagb-image__figure:hover .wp-block-uagb-image--layout-overlay__color-wrapper{transform:scale(1.05)}.wp-block-uagb-image--effect-slide .wp-block-uagb-image__figure img,.wp-block-uagb-image--effect-slide .wp-block-uagb-image__figure .wp-block-uagb-image--layout-overlay__color-wrapper{width:calc(100% + 40px) !important;max-width:none !important;transform:translate3d(-40px, 0, 0);transition:transform .35s ease-in-out}.wp-block-uagb-image--effect-slide .wp-block-uagb-image__figure:hover img,.wp-block-uagb-image--effect-slide .wp-block-uagb-image__figure:hover .wp-block-uagb-image--layout-overlay__color-wrapper{transform:translate3d(0, 0, 0)}.wp-block-uagb-image--effect-grayscale img{filter:grayscale(0%);transition:.35s ease-in-out}.wp-block-uagb-image--effect-grayscale:hover img{filter:grayscale(100%)}.wp-block-uagb-image--effect-blur img{filter:blur(0);transition:.35s ease-in-out}.wp-block-uagb-image--effect-blur:hover img{filter:blur(3px)}.uagb-block-e6f939b3.wp-block-uagb-image--layout-default figure img{box-shadow: 0px 0px 0 #00000070;}.uagb-block-e6f939b3.wp-block-uagb-image .wp-block-uagb-image__figure figcaption{font-style: normal;align-self: center;}.uagb-block-e6f939b3.wp-block-uagb-image--layout-overlay figure img{box-shadow: 0px 0px 0 #00000070;}.uagb-block-e6f939b3.wp-block-uagb-image--layout-overlay .wp-block-uagb-image--layout-overlay__color-wrapper{opacity: 0.2;}.uagb-block-e6f939b3.wp-block-uagb-image--layout-overlay .wp-block-uagb-image--layout-overlay__inner{left: 15px;right: 15px;top: 15px;bottom: 15px;}.uagb-block-e6f939b3.wp-block-uagb-image--layout-overlay .wp-block-uagb-image--layout-overlay__inner .uagb-image-heading{font-style: normal;color: #fff;opacity: 1;}.uagb-block-e6f939b3.wp-block-uagb-image--layout-overlay .wp-block-uagb-image--layout-overlay__inner .uagb-image-heading a{color: #fff;}.uagb-block-e6f939b3.wp-block-uagb-image--layout-overlay .wp-block-uagb-image--layout-overlay__inner .uagb-image-caption{opacity: 0;}.uagb-block-e6f939b3.wp-block-uagb-image--layout-overlay .wp-block-uagb-image__figure:hover .wp-block-uagb-image--layout-overlay__color-wrapper{opacity: 1;}.uagb-block-e6f939b3.wp-block-uagb-image .wp-block-uagb-image--layout-overlay__inner .uagb-image-separator{width: 30%;border-top-width: 2px;border-top-color: #fff;opacity: 0;}.uagb-block-e6f939b3.wp-block-uagb-image .wp-block-uagb-image__figure img{width: px;height: auto;}.uagb-block-e6f939b3.wp-block-uagb-image .wp-block-uagb-image__figure:hover .wp-block-uagb-image--layout-overlay__inner .uagb-image-caption{opacity: 1;}.uagb-block-e6f939b3.wp-block-uagb-image .wp-block-uagb-image__figure:hover .wp-block-uagb-image--layout-overlay__inner .uagb-image-separator{opacity: 1;}.uagb-block-e6f939b3.wp-block-uagb-image--layout-default figure:hover img{box-shadow: 0px 0px 0 #00000070;}.uagb-block-e6f939b3.wp-block-uagb-image--layout-overlay figure:hover img{box-shadow: 0px 0px 0 #00000070;}@media only screen and (max-width: 976px) {.uagb-block-e6f939b3.wp-block-uagb-image .wp-block-uagb-image__figure img{width: px;height: auto;}}@media only screen and (max-width: 767px) {.uagb-block-e6f939b3.wp-block-uagb-image .wp-block-uagb-image__figure img{width: px;height: auto;}}\";s:2:\"js\";s:0:\"\";s:18:\"current_block_list\";a:13:{i:0;s:11:\"core\/search\";i:1;s:10:\"core\/group\";i:2;s:12:\"core\/heading\";i:3;s:17:\"core\/latest-posts\";i:4;s:20:\"core\/latest-comments\";i:5;s:13:\"core\/archives\";i:6;s:15:\"core\/categories\";i:7;s:14:\"core\/paragraph\";i:8;s:10:\"uagb\/image\";i:9;s:11:\"core\/spacer\";i:10;s:30:\"woocommerce\/product-categories\";i:11;s:10:\"core\/image\";i:12;s:14:\"core\/shortcode\";}s:8:\"uag_flag\";b:1;s:11:\"uag_version\";s:10:\"1777110338\";s:6:\"gfonts\";a:0:{}s:10:\"gfonts_url\";s:0:\"\";s:12:\"gfonts_files\";a:0:{}s:14:\"uag_faq_layout\";b:0;}"]},"uagb_featured_image_src":{"full":["https:\/\/www.ferberpainting.com\/wp-content\/uploads\/2025\/05\/Roof_Gutter_Leak_Stopper.png",2630,2630,false],"thumbnail":["https:\/\/www.ferberpainting.com\/wp-content\/uploads\/2025\/05\/Roof_Gutter_Leak_Stopper-150x150.png",150,150,true],"medium":["https:\/\/www.ferberpainting.com\/wp-content\/uploads\/2025\/05\/Roof_Gutter_Leak_Stopper-300x300.png",300,300,true],"medium_large":["https:\/\/www.ferberpainting.com\/wp-content\/uploads\/2025\/05\/Roof_Gutter_Leak_Stopper-768x768.png",768,768,true],"large":["https:\/\/www.ferberpainting.com\/wp-content\/uploads\/2025\/05\/Roof_Gutter_Leak_Stopper-1024x1024.png",1024,1024,true],"1536x1536":["https:\/\/www.ferberpainting.com\/wp-content\/uploads\/2025\/05\/Roof_Gutter_Leak_Stopper-1536x1536.png",1536,1536,true],"2048x2048":["https:\/\/www.ferberpainting.com\/wp-content\/uploads\/2025\/05\/Roof_Gutter_Leak_Stopper-2048x2048.png",2048,2048,true],"trp-custom-language-flag":["https:\/\/www.ferberpainting.com\/wp-content\/uploads\/2025\/05\/Roof_Gutter_Leak_Stopper-12x12.png",12,12,true],"woocommerce_thumbnail":["https:\/\/www.ferberpainting.com\/wp-content\/uploads\/2025\/05\/Roof_Gutter_Leak_Stopper-300x300.png",300,300,true],"woocommerce_single":["https:\/\/www.ferberpainting.com\/wp-content\/uploads\/2025\/05\/Roof_Gutter_Leak_Stopper-600x600.png",600,600,true],"woocommerce_gallery_thumbnail":["https:\/\/www.ferberpainting.com\/wp-content\/uploads\/2025\/05\/Roof_Gutter_Leak_Stopper-100x100.png",100,100,true]},"uagb_author_info":{"display_name":"admin","author_link":"https:\/\/www.ferberpainting.com\/cz\/author\/"},"uagb_comment_info":51,"uagb_excerpt":"Instant waterproof protection for roofs and gutters. Our roof and gutter leak stopper is specially formulated to seal cracks, joints, and micro-fissures quickly and effectively. It creates a durable waterproof membrane that protects your home from water infiltration and structural damage. The most effective roof sealing solution on the market. Thanks to its advanced waterproofing&hellip;","_links":{"self":[{"href":"https:\/\/www.ferberpainting.com\/cz\/wp-json\/wp\/v2\/product\/25051","targetHints":{"allow":["GET"]}}],"collection":[{"href":"https:\/\/www.ferberpainting.com\/cz\/wp-json\/wp\/v2\/product"}],"about":[{"href":"https:\/\/www.ferberpainting.com\/cz\/wp-json\/wp\/v2\/types\/product"}],"replies":[{"embeddable":true,"href":"https:\/\/www.ferberpainting.com\/cz\/wp-json\/wp\/v2\/comments?post=25051"}],"version-history":[{"count":3,"href":"https:\/\/www.ferberpainting.com\/cz\/wp-json\/wp\/v2\/product\/25051\/revisions"}],"predecessor-version":[{"id":167096,"href":"https:\/\/www.ferberpainting.com\/cz\/wp-json\/wp\/v2\/product\/25051\/revisions\/167096"}],"wp:featuredmedia":[{"embeddable":true,"href":"https:\/\/www.ferberpainting.com\/cz\/wp-json\/wp\/v2\/media\/26911"}],"wp:attachment":[{"href":"https:\/\/www.ferberpainting.com\/cz\/wp-json\/wp\/v2\/media?parent=25051"}],"wp:term":[{"taxonomy":"product_brand","embeddable":true,"href":"https:\/\/www.ferberpainting.com\/cz\/wp-json\/wp\/v2\/product_brand?post=25051"},{"taxonomy":"product_cat","embeddable":true,"href":"https:\/\/www.ferberpainting.com\/cz\/wp-json\/wp\/v2\/product_cat?post=25051"},{"taxonomy":"product_tag","embeddable":true,"href":"https:\/\/www.ferberpainting.com\/cz\/wp-json\/wp\/v2\/product_tag?post=25051"}],"curies":[{"name":"wp","href":"https:\/\/api.w.org\/{rel}","templated":true}]}}