{"id":25045,"date":"2025-05-26T10:28:54","date_gmt":"2025-05-26T08:28:54","guid":{"rendered":"https:\/\/www.ferberpainting.com\/products\/road-paint-white\/"},"modified":"2026-02-16T08:09:37","modified_gmt":"2026-02-16T07:09:37","slug":"road-paint-white","status":"publish","type":"product","link":"https:\/\/www.ferberpainting.com\/cz\/products\/road-paint-white\/","title":{"rendered":"Barva na silnice b\u00edl\u00e1"},"content":{"rendered":"<p><strong><img decoding=\"async\" style=\"margin-right: 12px;\" src=\"https:\/\/www.ferberpainting.com\/wp-content\/uploads\/2026\/02\/Check.svg\" alt=\"\" width=\"18\" height=\"15\" \/>Profesion\u00e1ln\u00ed barva pro zna\u010den\u00ed silnic s vysokou viditelnost\u00ed.<\/strong> Na\u0161e silni\u010dn\u00ed barva je speci\u00e1ln\u011b vyvinuta tak, aby poskytovala ostr\u00e9, trvanliv\u00e9 a dob\u0159e viditeln\u00e9 zna\u010den\u00ed na asfaltu, betonu a dal\u0161\u00edch dopravn\u00edch ploch\u00e1ch. Je ur\u010dena pro ve\u0159ejn\u00e9 i soukrom\u00e9 pou\u017eit\u00ed a zaji\u0161\u0165uje jasn\u00e9 veden\u00ed vozidel a chodc\u016f ve v\u0161ech prost\u0159ed\u00edch.<\/p>\n<p><strong><img decoding=\"async\" style=\"margin-right: 12px;\" src=\"https:\/\/www.ferberpainting.com\/wp-content\/uploads\/2026\/02\/Check.svg\" alt=\"\" width=\"18\" height=\"15\" \/>Nej\u00fa\u010dinn\u011bj\u0161\u00ed barva na silnice na trhu.<\/strong> D\u00edky sv\u00e9mu pokro\u010dil\u00e9mu slo\u017een\u00ed nab\u00edz\u00ed tato barva v\u00fdjime\u010dnou p\u0159ilnavost, rychl\u00e9 schnut\u00ed a dlouhotrvaj\u00edc\u00ed barevnou st\u00e1lost. Odol\u00e1v\u00e1 opot\u0159eben\u00ed v doprav\u011b, pov\u011btrnostn\u00edm vliv\u016fm a z\u00e1t\u011b\u017ei okoln\u00edho prost\u0159ed\u00ed a udr\u017euje si dlouhodob\u011b dobrou viditelnost.<\/p>\n<p><strong><img decoding=\"async\" style=\"margin-right: 12px;\" src=\"https:\/\/www.ferberpainting.com\/wp-content\/uploads\/2026\/02\/Check.svg\" alt=\"\" width=\"18\" height=\"15\" \/>Bezkonkuren\u010dn\u00ed cena.<\/strong> Nab\u00edz\u00edme profesion\u00e1ln\u00ed v\u00fdkony v oblasti dopravn\u00edho zna\u010den\u00ed za nejp\u0159\u00edzniv\u011bj\u0161\u00ed dostupnou cenu. A\u0165 u\u017e se jedn\u00e1 o obce, dodavatele nebo soukrom\u00e9 vlastn\u00edky pozemk\u016f, m\u016f\u017eete t\u011b\u017eit z prvot\u0159\u00eddn\u00ed kvality za nejlep\u0161\u00ed cenu.<\/p>\n<p><strong><img decoding=\"async\" style=\"margin-right: 12px;\" src=\"https:\/\/www.ferberpainting.com\/wp-content\/uploads\/2026\/02\/Check.svg\" alt=\"\" width=\"18\" height=\"15\" \/>Z\u00e1ruka vr\u00e1cen\u00ed pen\u011bz pro naprostou jistotu.<\/strong> Jsme p\u0159esv\u011bd\u010deni o trvanlivosti a viditelnosti na\u0161\u00ed silni\u010dn\u00ed barvy. Pokud nebudete s v\u00fdsledkem spokojeni, nab\u00edz\u00edme z\u00e1ruku vr\u00e1cen\u00ed pen\u011bz. Jednodu\u0161e n\u00e1s kontaktujte a my v\u00e1m vr\u00e1t\u00edme pen\u00edze za n\u00e1kup.<\/p>\n<p><strong><img decoding=\"async\" style=\"margin-right: 12px;\" src=\"https:\/\/www.ferberpainting.com\/wp-content\/uploads\/2026\/02\/Check.svg\" alt=\"\" width=\"18\" height=\"15\" \/>Rychl\u00e9 dod\u00e1n\u00ed do 24 hodin pro nal\u00e9hav\u00e9 projekty zna\u010den\u00ed.<\/strong> V\u017edy zaji\u0161\u0165ujeme doru\u010den\u00ed do 24 hodin, abyste mohli neprodlen\u011b dokon\u010dit pr\u00e1ci na zna\u010den\u00ed. Spolehliv\u00e1 p\u0159eprava udr\u017euje va\u0161e projekty \u00fadr\u017eby a bezpe\u010dnosti v souladu s \u010dasov\u00fdm pl\u00e1nem.<\/p>\n<p><strong><img decoding=\"async\" style=\"margin-right: 12px;\" src=\"https:\/\/www.ferberpainting.com\/wp-content\/uploads\/2026\/02\/Check.svg\" alt=\"\" width=\"18\" height=\"15\" \/>Vynikaj\u00edc\u00ed kryt\u00ed 2 m\u00b2 na litr.<\/strong> Jeden litr barvy pokryje p\u0159ibli\u017en\u011b 2 metry \u010dtvere\u010dn\u00ed, co\u017e odpov\u00edd\u00e1 asi 20 b\u011b\u017en\u00fdm metr\u016fm pro \u010d\u00e1ry \u0161irok\u00e9 10 cm. Toto optimalizovan\u00e9 pokryt\u00ed umo\u017e\u0148uje p\u0159esn\u00fd v\u00fdpo\u010det mno\u017estv\u00ed a n\u00e1kladov\u011b efektivn\u00ed aplikaci.<\/p>\n<p><strong><img decoding=\"async\" style=\"margin-right: 12px;\" src=\"https:\/\/www.ferberpainting.com\/wp-content\/uploads\/2026\/02\/Check.svg\" alt=\"\" width=\"18\" height=\"15\" \/>K dispozici v n\u011bkolika barv\u00e1ch s vysokou viditelnost\u00ed.<\/strong> Na\u0161e barva na silnice je k dispozici ve \u017elut\u00e9, zelen\u00e9, b\u00edl\u00e9 a modr\u00e9 barv\u011b p\u0159\u00edmo v na\u0161em internetov\u00e9m obchod\u011b. Tyto barevn\u00e9 varianty v\u00e1m umo\u017en\u00ed splnit bezpe\u010dnostn\u00ed p\u0159edpisy, vytvo\u0159it vyhrazen\u00e9 z\u00f3ny a p\u0159izp\u016fsobit zna\u010den\u00ed podle konkr\u00e9tn\u00edch pot\u0159eb.<\/p>\n<p><strong><img decoding=\"async\" style=\"margin-right: 12px;\" src=\"https:\/\/www.ferberpainting.com\/wp-content\/uploads\/2026\/02\/Check.svg\" alt=\"\" width=\"18\" height=\"15\" \/>Vysok\u00e1 odolnost v\u016f\u010di provozu a pov\u011btrnostn\u00edm podm\u00ednk\u00e1m.<\/strong> Po zaschnut\u00ed vytvo\u0159\u00ed barva odoln\u00fd film, kter\u00fd je odoln\u00fd proti od\u011bru od vozidel, p\u011b\u0161\u00edmu provozu, de\u0161ti, UV z\u00e1\u0159en\u00ed a teplotn\u00edm v\u00fdkyv\u016fm.<\/p>\n<p><strong><img decoding=\"async\" style=\"margin-right: 12px;\" src=\"https:\/\/www.ferberpainting.com\/wp-content\/uploads\/2026\/02\/Check.svg\" alt=\"\" width=\"18\" height=\"15\" \/>Rychl\u00e9 schnut\u00ed pro minim\u00e1ln\u00ed naru\u0161en\u00ed.<\/strong> Rychleschnouc\u00ed slo\u017een\u00ed umo\u017e\u0148uje rychl\u00e9 op\u011btovn\u00e9 otev\u0159en\u00ed povrchu pro provoz, co\u017e sni\u017euje prostoje a nep\u0159\u00edjemnosti p\u0159i aplikaci.<\/p>\n<p><strong><img decoding=\"async\" style=\"margin-right: 12px;\" src=\"https:\/\/www.ferberpainting.com\/wp-content\/uploads\/2026\/02\/Check.svg\" alt=\"\" width=\"18\" height=\"15\" \/>Vhodn\u00e9 pro v\u00edce aplikac\u00ed.<\/strong> Ide\u00e1ln\u00ed pro parkovi\u0161t\u011b, sklady, pr\u016fmyslov\u00e9 haly, sportovn\u00ed h\u0159i\u0161t\u011b, vozovky, p\u0159echody pro chodce, cyklistick\u00e9 stezky a bezpe\u010dnostn\u00ed z\u00f3ny.<\/p>\n<p><strong>Pokyny<\/strong><\/p>\n<ul>\n<li>P\u0159ed aplikac\u00ed se ujist\u011bte, \u017ee je povrch \u010dist\u00fd, such\u00fd a zbaven\u00fd prachu, mastnoty, oleje, uvoln\u011bn\u00fdch \u010d\u00e1stic nebo star\u00e9ho odlupuj\u00edc\u00edho se n\u00e1t\u011bru.<\/li>\n<li>P\u0159i aplikaci na nov\u00fd asfalt nebo beton nechte povrch p\u0159ed nat\u00edr\u00e1n\u00edm zcela vytvrdnout, aby byla zaji\u0161t\u011bna spr\u00e1vn\u00e1 p\u0159ilnavost.<\/li>\n<li>P\u0159ed pou\u017eit\u00edm barvu d\u016fkladn\u011b prom\u00edchejte, aby byla zaji\u0161t\u011bna stejnom\u011brn\u00e1 barva a konzistence.<\/li>\n<li>Nejlep\u0161\u00edch v\u00fdsledk\u016f dos\u00e1hnete p\u0159i teplot\u00e1ch mezi 10 \u00b0C a 30 \u00b0C. Vyhn\u011bte se aplikaci za de\u0161t\u011b nebo vysok\u00e9 vlhkosti vzduchu.<\/li>\n<li>V z\u00e1vislosti na rozsahu projektu pou\u017eijte v\u00e1le\u010dek, \u0161t\u011btec nebo profesion\u00e1ln\u00ed stroj na zna\u010den\u00ed \u010dar.<\/li>\n<li>Dodr\u017eujte doporu\u010denou m\u00edru kryt\u00ed: 1 litr pokryje p\u0159ibli\u017en\u011b 2 m\u00b2.<\/li>\n<li>P\u0159i zna\u010den\u00ed \u010dar o \u0161\u00ed\u0159ce 10 cm se z 1 litru vyrob\u00ed p\u0159ibli\u017en\u011b 20 line\u00e1rn\u00edch metr\u016f \u010d\u00e1ry (po\u010d\u00edt\u00e1no jako 2 m\u00b2 d\u011bleno 0,1 m \u0161\u00ed\u0159ky).<\/li>\n<li>Barvu nan\u00e1\u0161ejte rovnom\u011brn\u011b v souvisl\u00e9 vrstv\u011b. Vyvarujte se nadm\u011brn\u00e9 tlou\u0161\u0165ky, proto\u017ee to m\u016f\u017ee prodlou\u017eit dobu schnut\u00ed a sn\u00ed\u017eit trvanlivost.<\/li>\n<li>Pro dosa\u017een\u00ed maxim\u00e1ln\u00ed trvanlivosti na m\u00edstech s vysok\u00fdm provozem lze po \u00fapln\u00e9m zaschnut\u00ed prvn\u00ed vrstvy nan\u00e9st druhou vrstvu.<\/li>\n<li>Nechte barvu zaschnout v z\u00e1vislosti na okoln\u00edch podm\u00ednk\u00e1ch. Doba schnut\u00ed se m\u016f\u017ee li\u0161it v z\u00e1vislosti na teplot\u011b, vlhkosti a typu povrchu.<\/li>\n<li>Omezte provoz, dokud barva zcela nezaschne, aby nedo\u0161lo k po\u0161kozen\u00ed nebo p\u0159enosu zna\u010den\u00ed.<\/li>\n<li>N\u00e1\u0159ad\u00ed \u010dist\u011bte ihned po pou\u017eit\u00ed podle doporu\u010den\u00ed v\u00fdrobku.<\/li>\n<li>N\u00e1dobu skladujte t\u011bsn\u011b uzav\u0159enou na chladn\u00e9m a such\u00e9m m\u00edst\u011b, mimo dosah p\u0159\u00edm\u00e9ho slune\u010dn\u00edho z\u00e1\u0159en\u00ed a extr\u00e9mn\u00edch teplot.<\/li>\n<li>P\u0159ed n\u00e1kupem si p\u0159\u00edmo v na\u0161em internetov\u00e9m obchod\u011b vyberte po\u017eadovanou barvu (\u017elut\u00e1, zelen\u00e1, b\u00edl\u00e1 nebo modr\u00e1), aby odpov\u00eddala va\u0161im po\u017eadavk\u016fm na zna\u010den\u00ed.<\/li>\n<li>V\u017edy dodr\u017eujte m\u00edstn\u00ed p\u0159edpisy t\u00fdkaj\u00edc\u00ed se norem pro dopravn\u00ed zna\u010den\u00ed, k\u00f3d\u016f barev a rozm\u011br\u016f \u010dar.<\/li>\n<\/ul>\n<p>Dodr\u017een\u00edm doporu\u010den\u00e9ho pokryt\u00ed 2 m\u00b2 na litr nebo p\u0159ibli\u017en\u011b 20 b\u011b\u017en\u00fdch metr\u016f pro \u010d\u00e1ry \u0161irok\u00e9 10 cm zajist\u00edte efektivn\u00ed pou\u017eit\u00ed v\u00fdrobku, p\u0159esn\u00e9 v\u00fdsledky zna\u010den\u00ed a dlouhotrvaj\u00edc\u00ed v\u00fdkon na v\u0161ech typech dopravn\u00edch povrch\u016f.<\/p>","protected":false},"excerpt":{"rendered":"<p>Professional road marking paint for high-visibility results. Our road paint is specially formulated to deliver sharp, durable, and highly visible markings on asphalt, concrete, and other traffic surfaces. Designed for both public and private applications, it ensures clear guidance for vehicles and pedestrians in all environments. The most effective road paint on the market. Thanks [&hellip;]<\/p>\n","protected":false},"featured_media":26905,"comment_status":"open","ping_status":"closed","template":"","meta":{"_uag_custom_page_level_css":"","site-sidebar-layout":"default","site-content-layout":"","ast-site-content-layout":"default","site-content-style":"default","site-sidebar-style":"default","ast-global-header-display":"","ast-banner-title-visibility":"","ast-main-header-display":"","ast-hfb-above-header-display":"","ast-hfb-below-header-display":"","ast-hfb-mobile-header-display":"","site-post-title":"","ast-breadcrumbs-content":"","ast-featured-img":"","footer-sml-layout":"","ast-disable-related-posts":"","theme-transparent-header-meta":"default","adv-header-id-meta":"","stick-header-meta":"","header-above-stick-meta":"","header-main-stick-meta":"","header-below-stick-meta":"","astra-migrate-meta-layouts":"set","ast-page-background-enabled":"default","ast-page-background-meta":{"desktop":{"background-color":"var(--ast-global-color-4)","background-image":"","background-repeat":"repeat","background-position":"center center","background-size":"auto","background-attachment":"scroll","background-type":"","background-media":"","overlay-type":"","overlay-color":"","overlay-opacity":"","overlay-gradient":""},"tablet":{"background-color":"","background-image":"","background-repeat":"repeat","background-position":"center center","background-size":"auto","background-attachment":"scroll","background-type":"","background-media":"","overlay-type":"","overlay-color":"","overlay-opacity":"","overlay-gradient":""},"mobile":{"background-color":"","background-image":"","background-repeat":"repeat","background-position":"center center","background-size":"auto","background-attachment":"scroll","background-type":"","background-media":"","overlay-type":"","overlay-color":"","overlay-opacity":"","overlay-gradient":""}},"ast-content-background-meta":{"desktop":{"background-color":"var(--ast-global-color-5)","background-image":"","background-repeat":"repeat","background-position":"center center","background-size":"auto","background-attachment":"scroll","background-type":"","background-media":"","overlay-type":"","overlay-color":"","overlay-opacity":"","overlay-gradient":""},"tablet":{"background-color":"var(--ast-global-color-5)","background-image":"","background-repeat":"repeat","background-position":"center center","background-size":"auto","background-attachment":"scroll","background-type":"","background-media":"","overlay-type":"","overlay-color":"","overlay-opacity":"","overlay-gradient":""},"mobile":{"background-color":"var(--ast-global-color-5)","background-image":"","background-repeat":"repeat","background-position":"center center","background-size":"auto","background-attachment":"scroll","background-type":"","background-media":"","overlay-type":"","overlay-color":"","overlay-opacity":"","overlay-gradient":""}}},"product_brand":[],"product_cat":[185],"product_tag":[],"class_list":{"0":"post-25045","1":"product","2":"type-product","3":"status-publish","4":"has-post-thumbnail","6":"product_cat-road-paint","7":"desktop-align-left","8":"tablet-align-left","9":"mobile-align-left","11":"first","12":"instock","13":"sale","14":"shipping-taxable","15":"purchasable","16":"product-type-variable","17":"has-default-attributes"},"spectra_custom_meta":{"_visibility":["visible"],"_shopify_product_id":["8317978444021"],"_s2w_shopify_domain":["ferberpainting.myshopify.com"],"_shopify_variant_id":["44774050824437"],"_sku":[""],"_manage_stock":["no"],"total_sales":["79"],"_tax_status":["taxable"],"_tax_class":[""],"_backorders":["no"],"_sold_individually":["no"],"_virtual":["no"],"_downloadable":["no"],"_download_limit":["-1"],"_download_expiry":["-1"],"_stock":[null],"_stock_status":["instock"],"_wc_average_rating":["5.00"],"_wc_review_count":["14"],"_product_attributes":["a:1:{s:6:\"volume\";a:6:{s:4:\"name\";s:6:\"Volume\";s:5:\"value\";s:20:\"5 liters | 20 liters\";s:8:\"position\";i:1;s:10:\"is_visible\";i:0;s:12:\"is_variation\";i:1;s:11:\"is_taxonomy\";i:0;}}"],"_product_version":["10.5.1"],"_thumbnail_id":["26905"],"_price":["49.90","149.90"],"_product_image_gallery":["26906"],"merchant-center-availability":["yes"],"merchant-center-category":["1361"],"merchant-center-id":["RP1BLC"],"wpse_downloadable_file_names":[""],"wpse_downloadable_file_urls":[""],"_edit_last":["1"],"_default_attributes":["a:1:{s:6:\"volume\";s:8:\"5 liters\";}"],"_wc_rating_count":["a:1:{i:5;i:14;}"],"_edit_lock":["1771225660:1"],"_wp_page_template":["default"],"site-sidebar-layout":["default"],"ast-site-content-layout":["default"],"site-content-style":["default"],"site-sidebar-style":["default"],"theme-transparent-header-meta":["default"],"astra-migrate-meta-layouts":["set"],"_uag_css_file_name":["uag-css-25045.css"],"_elementor_page_assets":["a:0:{}"],"_uag_page_assets":["a:9:{s:3:\"css\";s:7133:\".uag-blocks-common-selector{z-index:var(--z-index-desktop) !important}@media(max-width: 976px){.uag-blocks-common-selector{z-index:var(--z-index-tablet) !important}}@media(max-width: 767px){.uag-blocks-common-selector{z-index:var(--z-index-mobile) !important}}.wp-block-uagb-image{display:flex}.wp-block-uagb-image__figure{position:relative;display:flex;flex-direction:column;max-width:100%;height:auto;margin:0}.wp-block-uagb-image__figure img{height:auto;display:flex;max-width:100%;transition:box-shadow .2s ease}.wp-block-uagb-image__figure>a{display:inline-block}.wp-block-uagb-image__figure figcaption{text-align:center;margin-top:.5em;margin-bottom:1em}.wp-block-uagb-image .components-placeholder.block-editor-media-placeholder .components-placeholder__instructions{align-self:center}.wp-block-uagb-image--align-left{text-align:left}.wp-block-uagb-image--align-right{text-align:right}.wp-block-uagb-image--align-center{text-align:center}.wp-block-uagb-image--align-full .wp-block-uagb-image__figure{margin-left:calc(50% - 50vw);margin-right:calc(50% - 50vw);max-width:100vw;width:100vw;height:auto}.wp-block-uagb-image--align-full .wp-block-uagb-image__figure img{height:auto;width:100% !important}.wp-block-uagb-image--align-wide .wp-block-uagb-image__figure img{height:auto;width:100%}.wp-block-uagb-image--layout-overlay__color-wrapper{position:absolute;left:0;top:0;right:0;bottom:0;opacity:.2;background:rgba(0,0,0,.5);transition:opacity .35s ease-in-out}.wp-block-uagb-image--layout-overlay-link{position:absolute;left:0;right:0;bottom:0;top:0}.wp-block-uagb-image--layout-overlay .wp-block-uagb-image__figure:hover .wp-block-uagb-image--layout-overlay__color-wrapper{opacity:1}.wp-block-uagb-image--layout-overlay__inner{position:absolute;left:15px;right:15px;bottom:15px;top:15px;display:flex;align-items:center;justify-content:center;flex-direction:column;border-color:#fff;transition:.35s ease-in-out}.wp-block-uagb-image--layout-overlay__inner.top-left,.wp-block-uagb-image--layout-overlay__inner.top-center,.wp-block-uagb-image--layout-overlay__inner.top-right{justify-content:flex-start}.wp-block-uagb-image--layout-overlay__inner.bottom-left,.wp-block-uagb-image--layout-overlay__inner.bottom-center,.wp-block-uagb-image--layout-overlay__inner.bottom-right{justify-content:flex-end}.wp-block-uagb-image--layout-overlay__inner.top-left,.wp-block-uagb-image--layout-overlay__inner.center-left,.wp-block-uagb-image--layout-overlay__inner.bottom-left{align-items:flex-start}.wp-block-uagb-image--layout-overlay__inner.top-right,.wp-block-uagb-image--layout-overlay__inner.center-right,.wp-block-uagb-image--layout-overlay__inner.bottom-right{align-items:flex-end}.wp-block-uagb-image--layout-overlay__inner .uagb-image-heading{color:#fff;transition:transform .35s,opacity .35s ease-in-out;transform:translate3d(0, 24px, 0);margin:0;line-height:1em}.wp-block-uagb-image--layout-overlay__inner .uagb-image-separator{width:30%;border-top-width:2px;border-top-color:#fff;border-top-style:solid;margin-bottom:10px;opacity:0;transition:transform .4s,opacity .4s ease-in-out;transform:translate3d(0, 30px, 0)}.wp-block-uagb-image--layout-overlay__inner .uagb-image-caption{opacity:0;overflow:visible;color:#fff;transition:transform .45s,opacity .45s ease-in-out;transform:translate3d(0, 35px, 0)}.wp-block-uagb-image--layout-overlay__inner:hover .uagb-image-heading,.wp-block-uagb-image--layout-overlay__inner:hover .uagb-image-separator,.wp-block-uagb-image--layout-overlay__inner:hover .uagb-image-caption{opacity:1;transform:translate3d(0, 0, 0)}.wp-block-uagb-image--effect-zoomin .wp-block-uagb-image__figure img,.wp-block-uagb-image--effect-zoomin .wp-block-uagb-image__figure .wp-block-uagb-image--layout-overlay__color-wrapper{transform:scale(1);transition:transform .35s ease-in-out}.wp-block-uagb-image--effect-zoomin .wp-block-uagb-image__figure:hover img,.wp-block-uagb-image--effect-zoomin .wp-block-uagb-image__figure:hover .wp-block-uagb-image--layout-overlay__color-wrapper{transform:scale(1.05)}.wp-block-uagb-image--effect-slide .wp-block-uagb-image__figure img,.wp-block-uagb-image--effect-slide .wp-block-uagb-image__figure .wp-block-uagb-image--layout-overlay__color-wrapper{width:calc(100% + 40px) !important;max-width:none !important;transform:translate3d(-40px, 0, 0);transition:transform .35s ease-in-out}.wp-block-uagb-image--effect-slide .wp-block-uagb-image__figure:hover img,.wp-block-uagb-image--effect-slide .wp-block-uagb-image__figure:hover .wp-block-uagb-image--layout-overlay__color-wrapper{transform:translate3d(0, 0, 0)}.wp-block-uagb-image--effect-grayscale img{filter:grayscale(0%);transition:.35s ease-in-out}.wp-block-uagb-image--effect-grayscale:hover img{filter:grayscale(100%)}.wp-block-uagb-image--effect-blur img{filter:blur(0);transition:.35s ease-in-out}.wp-block-uagb-image--effect-blur:hover img{filter:blur(3px)}.uagb-block-e6f939b3.wp-block-uagb-image--layout-default figure img{box-shadow: 0px 0px 0 #00000070;}.uagb-block-e6f939b3.wp-block-uagb-image .wp-block-uagb-image__figure figcaption{font-style: normal;align-self: center;}.uagb-block-e6f939b3.wp-block-uagb-image--layout-overlay figure img{box-shadow: 0px 0px 0 #00000070;}.uagb-block-e6f939b3.wp-block-uagb-image--layout-overlay .wp-block-uagb-image--layout-overlay__color-wrapper{opacity: 0.2;}.uagb-block-e6f939b3.wp-block-uagb-image--layout-overlay .wp-block-uagb-image--layout-overlay__inner{left: 15px;right: 15px;top: 15px;bottom: 15px;}.uagb-block-e6f939b3.wp-block-uagb-image--layout-overlay .wp-block-uagb-image--layout-overlay__inner .uagb-image-heading{font-style: normal;color: #fff;opacity: 1;}.uagb-block-e6f939b3.wp-block-uagb-image--layout-overlay .wp-block-uagb-image--layout-overlay__inner .uagb-image-heading a{color: #fff;}.uagb-block-e6f939b3.wp-block-uagb-image--layout-overlay .wp-block-uagb-image--layout-overlay__inner .uagb-image-caption{opacity: 0;}.uagb-block-e6f939b3.wp-block-uagb-image--layout-overlay .wp-block-uagb-image__figure:hover .wp-block-uagb-image--layout-overlay__color-wrapper{opacity: 1;}.uagb-block-e6f939b3.wp-block-uagb-image .wp-block-uagb-image--layout-overlay__inner .uagb-image-separator{width: 30%;border-top-width: 2px;border-top-color: #fff;opacity: 0;}.uagb-block-e6f939b3.wp-block-uagb-image .wp-block-uagb-image__figure img{width: px;height: auto;}.uagb-block-e6f939b3.wp-block-uagb-image .wp-block-uagb-image__figure:hover .wp-block-uagb-image--layout-overlay__inner .uagb-image-caption{opacity: 1;}.uagb-block-e6f939b3.wp-block-uagb-image .wp-block-uagb-image__figure:hover .wp-block-uagb-image--layout-overlay__inner .uagb-image-separator{opacity: 1;}.uagb-block-e6f939b3.wp-block-uagb-image--layout-default figure:hover img{box-shadow: 0px 0px 0 #00000070;}.uagb-block-e6f939b3.wp-block-uagb-image--layout-overlay figure:hover img{box-shadow: 0px 0px 0 #00000070;}@media only screen and (max-width: 976px) {.uagb-block-e6f939b3.wp-block-uagb-image .wp-block-uagb-image__figure img{width: px;height: auto;}}@media only screen and (max-width: 767px) {.uagb-block-e6f939b3.wp-block-uagb-image .wp-block-uagb-image__figure img{width: px;height: auto;}}\";s:2:\"js\";s:0:\"\";s:18:\"current_block_list\";a:13:{i:0;s:11:\"core\/search\";i:1;s:10:\"core\/group\";i:2;s:12:\"core\/heading\";i:3;s:17:\"core\/latest-posts\";i:4;s:20:\"core\/latest-comments\";i:5;s:13:\"core\/archives\";i:6;s:15:\"core\/categories\";i:7;s:14:\"core\/paragraph\";i:8;s:10:\"uagb\/image\";i:9;s:11:\"core\/spacer\";i:10;s:30:\"woocommerce\/product-categories\";i:11;s:10:\"core\/image\";i:12;s:14:\"core\/shortcode\";}s:8:\"uag_flag\";b:1;s:11:\"uag_version\";s:10:\"1777094930\";s:6:\"gfonts\";a:0:{}s:10:\"gfonts_url\";s:0:\"\";s:12:\"gfonts_files\";a:0:{}s:14:\"uag_faq_layout\";b:0;}"]},"uagb_featured_image_src":{"full":["https:\/\/www.ferberpainting.com\/wp-content\/uploads\/2025\/05\/5L_298a2427-c24e-4f34-a92f-c8f7a3d5604f.png",2560,2560,false],"thumbnail":["https:\/\/www.ferberpainting.com\/wp-content\/uploads\/2025\/05\/5L_298a2427-c24e-4f34-a92f-c8f7a3d5604f-150x150.png",150,150,true],"medium":["https:\/\/www.ferberpainting.com\/wp-content\/uploads\/2025\/05\/5L_298a2427-c24e-4f34-a92f-c8f7a3d5604f-300x300.png",300,300,true],"medium_large":["https:\/\/www.ferberpainting.com\/wp-content\/uploads\/2025\/05\/5L_298a2427-c24e-4f34-a92f-c8f7a3d5604f-768x768.png",768,768,true],"large":["https:\/\/www.ferberpainting.com\/wp-content\/uploads\/2025\/05\/5L_298a2427-c24e-4f34-a92f-c8f7a3d5604f-1024x1024.png",1024,1024,true],"1536x1536":["https:\/\/www.ferberpainting.com\/wp-content\/uploads\/2025\/05\/5L_298a2427-c24e-4f34-a92f-c8f7a3d5604f-1536x1536.png",1536,1536,true],"2048x2048":["https:\/\/www.ferberpainting.com\/wp-content\/uploads\/2025\/05\/5L_298a2427-c24e-4f34-a92f-c8f7a3d5604f-2048x2048.png",2048,2048,true],"trp-custom-language-flag":["https:\/\/www.ferberpainting.com\/wp-content\/uploads\/2025\/05\/5L_298a2427-c24e-4f34-a92f-c8f7a3d5604f-12x12.png",12,12,true],"woocommerce_thumbnail":["https:\/\/www.ferberpainting.com\/wp-content\/uploads\/2025\/05\/5L_298a2427-c24e-4f34-a92f-c8f7a3d5604f-300x300.png",300,300,true],"woocommerce_single":["https:\/\/www.ferberpainting.com\/wp-content\/uploads\/2025\/05\/5L_298a2427-c24e-4f34-a92f-c8f7a3d5604f-600x600.png",600,600,true],"woocommerce_gallery_thumbnail":["https:\/\/www.ferberpainting.com\/wp-content\/uploads\/2025\/05\/5L_298a2427-c24e-4f34-a92f-c8f7a3d5604f-100x100.png",100,100,true]},"uagb_author_info":{"display_name":"admin","author_link":"https:\/\/www.ferberpainting.com\/cz\/author\/"},"uagb_comment_info":14,"uagb_excerpt":"Professional road marking paint for high-visibility results. Our road paint is specially formulated to deliver sharp, durable, and highly visible markings on asphalt, concrete, and other traffic surfaces. Designed for both public and private applications, it ensures clear guidance for vehicles and pedestrians in all environments. The most effective road paint on the market. Thanks&hellip;","_links":{"self":[{"href":"https:\/\/www.ferberpainting.com\/cz\/wp-json\/wp\/v2\/product\/25045","targetHints":{"allow":["GET"]}}],"collection":[{"href":"https:\/\/www.ferberpainting.com\/cz\/wp-json\/wp\/v2\/product"}],"about":[{"href":"https:\/\/www.ferberpainting.com\/cz\/wp-json\/wp\/v2\/types\/product"}],"replies":[{"embeddable":true,"href":"https:\/\/www.ferberpainting.com\/cz\/wp-json\/wp\/v2\/comments?post=25045"}],"version-history":[{"count":2,"href":"https:\/\/www.ferberpainting.com\/cz\/wp-json\/wp\/v2\/product\/25045\/revisions"}],"predecessor-version":[{"id":167087,"href":"https:\/\/www.ferberpainting.com\/cz\/wp-json\/wp\/v2\/product\/25045\/revisions\/167087"}],"wp:featuredmedia":[{"embeddable":true,"href":"https:\/\/www.ferberpainting.com\/cz\/wp-json\/wp\/v2\/media\/26905"}],"wp:attachment":[{"href":"https:\/\/www.ferberpainting.com\/cz\/wp-json\/wp\/v2\/media?parent=25045"}],"wp:term":[{"taxonomy":"product_brand","embeddable":true,"href":"https:\/\/www.ferberpainting.com\/cz\/wp-json\/wp\/v2\/product_brand?post=25045"},{"taxonomy":"product_cat","embeddable":true,"href":"https:\/\/www.ferberpainting.com\/cz\/wp-json\/wp\/v2\/product_cat?post=25045"},{"taxonomy":"product_tag","embeddable":true,"href":"https:\/\/www.ferberpainting.com\/cz\/wp-json\/wp\/v2\/product_tag?post=25045"}],"curies":[{"name":"wp","href":"https:\/\/api.w.org\/{rel}","templated":true}]}}