{"id":25026,"date":"2025-05-26T10:28:44","date_gmt":"2025-05-26T08:28:44","guid":{"rendered":"https:\/\/www.ferberpainting.com\/products\/rhubarb-fertilizer\/"},"modified":"2026-02-16T08:00:40","modified_gmt":"2026-02-16T07:00:40","slug":"rhubarb-fertilizer","status":"publish","type":"product","link":"https:\/\/www.ferberpainting.com\/cz\/products\/rhubarb-fertilizer\/","title":{"rendered":"Hnojivo pro rebarboru"},"content":{"rendered":"<p><strong><img decoding=\"async\" style=\"margin-right: 12px;\" src=\"https:\/\/www.ferberpainting.com\/wp-content\/uploads\/2026\/02\/Check.svg\" alt=\"\" width=\"18\" height=\"15\" \/>Hnojivo ur\u010den\u00e9 pro vit\u00e1ln\u00ed a produktivn\u00ed rebarboru.<\/strong>\u00a0Toto hnojivo je speci\u00e1ln\u011b navr\u017eeno tak, aby podporovalo rychl\u00fd r\u016fst a robustnost rostlin rebarbory. D\u00edky vyv\u00e1\u017een\u00e9mu slo\u017een\u00ed dus\u00edku (N), fosforu (P) a drasl\u00edku (K) (NPK 15-15-15) stimuluje v\u00fdvoj ko\u0159en\u016f, zlep\u0161uje hustotu list\u016f a podporuje tvorbu siln\u00fdch a \u0161\u0165avnat\u00fdch stonk\u016f. Pokud budete rebarboru hnojit t\u00edmto hnojivem, z\u00edsk\u00e1te bohat\u0161\u00ed \u00farodu a stonky vynikaj\u00edc\u00ed kvality.<\/p>\n<p><strong><img decoding=\"async\" style=\"margin-right: 12px;\" src=\"https:\/\/www.ferberpainting.com\/wp-content\/uploads\/2026\/02\/Check.svg\" alt=\"\" width=\"18\" height=\"15\" \/>Z\u00e1ruka vr\u00e1cen\u00ed pen\u011bz.<\/strong>\u00a0M\u00e1me naprostou d\u016fv\u011bru v \u00fa\u010dinnost na\u0161eho produktu. Proto nab\u00edz\u00edme z\u00e1ruku vr\u00e1cen\u00ed pen\u011bz. Pokud po spr\u00e1vn\u00e9m pou\u017eit\u00ed nezaznamen\u00e1te \u017e\u00e1dn\u00e9 zlep\u0161en\u00ed r\u016fstu a v\u00fdnosu va\u0161\u00ed rebarbory, vr\u00e1t\u00edme v\u00e1m pen\u00edze bez jak\u00fdchkoli ot\u00e1zek.<\/p>\n<p><strong><img decoding=\"async\" style=\"margin-right: 12px;\" src=\"https:\/\/www.ferberpainting.com\/wp-content\/uploads\/2026\/02\/Check.svg\" alt=\"\" width=\"18\" height=\"15\" \/>Vhodn\u00e9 pro v\u0161echny typy p\u016fd a p\u011bstebn\u00ed podm\u00ednky.<\/strong>\u00a0Toto hnojivo je vhodn\u00e9 pro v\u0161echny odr\u016fdy rebarbory, a\u0165 u\u017e se p\u011bstuj\u00ed ve voln\u00e9 p\u016fd\u011b, na vyv\u00fd\u0161en\u00fdch z\u00e1honech nebo v kv\u011btin\u00e1\u010d\u00edch. Je \u00fa\u010dinn\u00e9 na v\u0161ech typech p\u016fdy, a\u0165 u\u017e je hlinit\u00e1, p\u00eds\u010dit\u00e1, j\u00edlovit\u00e1 nebo v\u00e1pencov\u00e1. Jeho p\u016fsoben\u00ed reguluje pH p\u016fdy a zlep\u0161uje vst\u0159eb\u00e1v\u00e1n\u00ed z\u00e1kladn\u00edch \u017eivin.<\/p>\n<p><strong><img decoding=\"async\" style=\"margin-right: 12px;\" src=\"https:\/\/www.ferberpainting.com\/wp-content\/uploads\/2026\/02\/Check.svg\" alt=\"\" width=\"18\" height=\"15\" \/>Cenov\u011b v\u00fdhodn\u00fd v\u00fdnos a efektivn\u00ed hnojen\u00ed.<\/strong>\u00a0D\u00edky sv\u00e9mu koncentrovan\u00e9mu slo\u017een\u00ed se toto hnojivo snadno \u0159ed\u00ed a umo\u017e\u0148uje optim\u00e1ln\u00ed aplikaci. S p\u011btilitrovou lahv\u00ed m\u016f\u017eete vyrobit a\u017e 1 000 litr\u016f na\u0159ed\u011bn\u00e9ho hnojiva, kter\u00e9 nab\u00edz\u00ed \u0161irok\u00e9 pokryt\u00ed pro v\u00edce plodinov\u00fdch cykl\u016f. Umo\u017e\u0148uje rovnom\u011brn\u00e9 hnojen\u00ed bez p\u0159ebytku nebo nedostatku, co\u017e zaji\u0161\u0165uje trval\u00fd a kontrolovan\u00fd r\u016fst.<\/p>\n<p><strong><img decoding=\"async\" style=\"margin-right: 12px;\" src=\"https:\/\/www.ferberpainting.com\/wp-content\/uploads\/2026\/02\/Check.svg\" alt=\"\" width=\"18\" height=\"15\" \/>Bezpe\u010dn\u00e9 pro rostliny a \u0161etrn\u00e9 k \u017eivotn\u00edmu prost\u0159ed\u00ed.<\/strong>\u00a0Na\u0161e hnojivo je vyrobeno bez \u0161kodliv\u00fdch chemik\u00e1li\u00ed, aby se zachovala kvalita p\u016fdy a okoln\u00ed ekosyst\u00e9m. Nevypaluje ko\u0159eny a zaji\u0161\u0165uje postupn\u00e9 a \u00fa\u010dinn\u00e9 p\u0159ij\u00edm\u00e1n\u00ed \u017eivin rostlinou. Nezne\u010di\u0161\u0165uje podzemn\u00ed vody, \u010d\u00edm\u017e podporuje ekologicky \u0161etrn\u011bj\u0161\u00ed zem\u011bd\u011blstv\u00ed.<\/p>\n<p><strong><img decoding=\"async\" style=\"margin-right: 12px;\" src=\"https:\/\/www.ferberpainting.com\/wp-content\/uploads\/2026\/02\/Check.svg\" alt=\"\" width=\"18\" height=\"15\" \/>Jednoduch\u00e1 a rychl\u00e1 aplikace pro maxim\u00e1ln\u00ed \u00fa\u010dinnost.<\/strong>\u00a0Toto hnojivo se snadno pou\u017e\u00edv\u00e1 i pro amat\u00e9rsk\u00e9 zahr\u00e1dk\u00e1\u0159e. Rychle se \u0159ed\u00ed a aplikuje se p\u0159\u00edmo k b\u00e1zi rostlin. Nen\u00ed zapot\u0159eb\u00ed \u017e\u00e1dn\u00e9 speci\u00e1ln\u00ed vybaven\u00ed, sta\u010d\u00ed oby\u010dejn\u00e1 konvi\u010dka nebo post\u0159ikova\u010d. Lze jej tak\u00e9 p\u0159im\u00edchat do z\u00e1vlahov\u00e9 vody pro rychl\u00e9 a rovnom\u011brn\u00e9 vst\u0159eb\u00e1n\u00ed rostlinou.<\/p>\n<p><strong><img decoding=\"async\" style=\"margin-right: 12px;\" src=\"https:\/\/www.ferberpainting.com\/wp-content\/uploads\/2026\/02\/Check.svg\" alt=\"\" width=\"18\" height=\"15\" \/>Dlouhodob\u00e9 p\u016fsoben\u00ed pro bohatou \u00farodu a siln\u00e9 rostliny.<\/strong>\u00a0D\u00edky sv\u00e9mu slo\u017een\u00ed s pomal\u00fdm uvol\u0148ov\u00e1n\u00edm toto hnojivo dlouhodob\u011b vy\u017eivuje rostliny a zaji\u0161\u0165uje jejich stabiln\u00ed r\u016fst a lep\u0161\u00ed odolnost v\u016f\u010di chorob\u00e1m. Pom\u00e1h\u00e1 rebarbo\u0159e vytvo\u0159it siln\u00fd ko\u0159enov\u00fd syst\u00e9m, kter\u00fd podporuje dobrou regeneraci stonk\u016f po ka\u017ed\u00e9 sklizni.<\/p>\n<p><strong><img decoding=\"async\" style=\"margin-right: 12px;\" src=\"https:\/\/www.ferberpainting.com\/wp-content\/uploads\/2026\/02\/Check.svg\" alt=\"\" width=\"18\" height=\"15\" \/>Viditeln\u00e9 v\u00fdsledky b\u011bhem prvn\u00edch t\u00fddn\u016f.<\/strong>\u00a0Po n\u011bkolika t\u00fddnech pou\u017e\u00edv\u00e1n\u00ed si v\u0161imnete rychlej\u0161\u00edho r\u016fstu list\u016f, siln\u011bj\u0161\u00edch stonk\u016f a lep\u0161\u00edho obr\u016fst\u00e1n\u00ed po sklizni. T\u00edm, \u017ee poskytuje v\u0161echny pot\u0159ebn\u00e9 \u017eiviny, v\u00e1m toto hnojivo umo\u017e\u0148uje dos\u00e1hnout \u010dast\u011bj\u0161\u00ed a bohat\u0161\u00ed \u00farody.<\/p>\n<h2><strong>Protokol o pou\u017eit\u00ed<\/strong><\/h2>\n<p><strong>Doporu\u010den\u00e9 d\u00e1vkov\u00e1n\u00ed :<\/strong><\/p>\n<ul>\n<li><strong>P\u0159ed obnoven\u00edm vegetace (jaro) <\/strong>: z\u0159e\u010fte 5 ml hnojiva na litr vody a zalijte p\u0159\u00edmo u b\u00e1ze rostlin.<\/li>\n<li><strong>B\u011bhem aktivn\u00edho r\u016fstu <\/strong>: aplikujte jednou za 2 t\u00fddny a pou\u017e\u00edvejte stejn\u00e9 d\u00e1vkov\u00e1n\u00ed (5 ml na litr vody).<\/li>\n<li><strong>Po sklizni<\/strong>: z\u00e1v\u011bre\u010dn\u00e1 aplikace hnojiva pom\u016f\u017ee rostlin\u00e1m dob\u0159e regenerovat pro p\u0159\u00ed\u0161t\u00ed sez\u00f3nu.<\/li>\n<\/ul>\n<p><strong>Frekvence aplikace <\/strong>:<\/p>\n<ul>\n<li><strong>Na ja\u0159e a v l\u00e9t\u011b <\/strong>: pro podporu r\u016fstu aplikujte ka\u017ed\u00e9 dva t\u00fddny.<\/li>\n<li><strong>Po ka\u017ed\u00e9 sklizni <\/strong>: dal\u0161\u00ed aplikace stimuluje tvorbu nov\u00fdch stonk\u016f.<\/li>\n<li><strong>Na podzim <\/strong>: p\u0159eru\u0161te aplikaci, aby rostlina p\u0159ed zimou p\u0159e\u0161la do klidov\u00e9ho stavu.<\/li>\n<\/ul>\n<p><strong>Zp\u016fsob pou\u017eit\u00ed <\/strong>:<\/p>\n<ul>\n<li>Po sklizni:  Hnojivo z\u0159e\u010fte ve vod\u011b podle doporu\u010den\u00e9ho d\u00e1vkov\u00e1n\u00ed.<\/li>\n<li>Pro lep\u0161\u00ed absorpci zal\u00e9vejte p\u0159\u00edmo u b\u00e1ze rostlin.<\/li>\n<li>Neaplikujte na listy, abyste p\u0159ede\u0161li riziku pop\u00e1len\u00ed.<\/li>\n<li>Aplikujte rad\u011bji r\u00e1no nebo pozd\u011b ve\u010der, abyste zabr\u00e1nili rychl\u00e9mu odpa\u0159ov\u00e1n\u00ed \u017eivin.<\/li>\n<\/ul>\n<p><strong>Bezpe\u010dnostn\u00ed opat\u0159en\u00ed pro pou\u017eit\u00ed <\/strong>:<\/p>\n<ul>\n<li>Nep\u0159ed\u00e1vkujte: p\u0159\u00edli\u0161 mnoho hnojiva m\u016f\u017ee zp\u016fsobit nadm\u011brn\u00fd r\u016fst list\u016f na \u00fakor stonk\u016f.<\/li>\n<li>Nepou\u017e\u00edvejte p\u0159\u00edpravek v dob\u011b mraz\u016f nebo extr\u00e9mn\u00edch veder, proto\u017ee by to mohlo sn\u00ed\u017eit jeho \u00fa\u010dinnost.<\/li>\n<li>N\u00e1dobu skladujte mimo dosah vlhkosti a tepla, aby se zachovaly v\u0161echny jej\u00ed vlastnosti.<\/li>\n<\/ul>\n<p>Pou\u017eit\u00edm tohoto hnojiva pro rebarboru zajist\u00edte zdrav\u00fd a siln\u00fd r\u016fst, bohatou \u00farodu a chutn\u00e9, dob\u0159e vyvinut\u00e9 stonky. Jeho vyv\u00e1\u017een\u00e9 slo\u017een\u00ed a jednoduch\u00e1 aplikace z n\u011bj d\u011blaj\u00ed nepostradateln\u00e9ho spojence v\u0161ech zahr\u00e1dk\u00e1\u0159\u016f, a\u0165 u\u017e amat\u00e9rsk\u00fdch nebo profesion\u00e1ln\u00edch.<\/p>","protected":false},"excerpt":{"rendered":"<p>A fertilizer designed for vigorous and productive rhubarb.\u00a0This fertilizer is specially designed to promote rapid growth and robustness of rhubarb plants. Thanks to its balanced formulation in nitrogen (N), phosphorus (P), and potassium (K) (NPK 15-15-15), it stimulates root development, improves leaf density, and encourages the formation of thick and juicy stalks. By feeding your [&hellip;]<\/p>\n","protected":false},"featured_media":26887,"comment_status":"open","ping_status":"closed","template":"","meta":{"_uag_custom_page_level_css":"","site-sidebar-layout":"default","site-content-layout":"","ast-site-content-layout":"default","site-content-style":"default","site-sidebar-style":"default","ast-global-header-display":"","ast-banner-title-visibility":"","ast-main-header-display":"","ast-hfb-above-header-display":"","ast-hfb-below-header-display":"","ast-hfb-mobile-header-display":"","site-post-title":"","ast-breadcrumbs-content":"","ast-featured-img":"","footer-sml-layout":"","ast-disable-related-posts":"","theme-transparent-header-meta":"default","adv-header-id-meta":"","stick-header-meta":"","header-above-stick-meta":"","header-main-stick-meta":"","header-below-stick-meta":"","astra-migrate-meta-layouts":"set","ast-page-background-enabled":"default","ast-page-background-meta":{"desktop":{"background-color":"var(--ast-global-color-4)","background-image":"","background-repeat":"repeat","background-position":"center center","background-size":"auto","background-attachment":"scroll","background-type":"","background-media":"","overlay-type":"","overlay-color":"","overlay-opacity":"","overlay-gradient":""},"tablet":{"background-color":"","background-image":"","background-repeat":"repeat","background-position":"center center","background-size":"auto","background-attachment":"scroll","background-type":"","background-media":"","overlay-type":"","overlay-color":"","overlay-opacity":"","overlay-gradient":""},"mobile":{"background-color":"","background-image":"","background-repeat":"repeat","background-position":"center center","background-size":"auto","background-attachment":"scroll","background-type":"","background-media":"","overlay-type":"","overlay-color":"","overlay-opacity":"","overlay-gradient":""}},"ast-content-background-meta":{"desktop":{"background-color":"var(--ast-global-color-5)","background-image":"","background-repeat":"repeat","background-position":"center center","background-size":"auto","background-attachment":"scroll","background-type":"","background-media":"","overlay-type":"","overlay-color":"","overlay-opacity":"","overlay-gradient":""},"tablet":{"background-color":"var(--ast-global-color-5)","background-image":"","background-repeat":"repeat","background-position":"center center","background-size":"auto","background-attachment":"scroll","background-type":"","background-media":"","overlay-type":"","overlay-color":"","overlay-opacity":"","overlay-gradient":""},"mobile":{"background-color":"var(--ast-global-color-5)","background-image":"","background-repeat":"repeat","background-position":"center center","background-size":"auto","background-attachment":"scroll","background-type":"","background-media":"","overlay-type":"","overlay-color":"","overlay-opacity":"","overlay-gradient":""}}},"product_brand":[],"product_cat":[178],"product_tag":[],"class_list":{"0":"post-25026","1":"product","2":"type-product","3":"status-publish","4":"has-post-thumbnail","6":"product_cat-fertilizers","7":"desktop-align-left","8":"tablet-align-left","9":"mobile-align-left","11":"first","12":"instock","13":"sale","14":"taxable","15":"shipping-taxable","16":"purchasable","17":"product-type-variable","18":"has-default-attributes"},"spectra_custom_meta":{"_visibility":["visible"],"_shopify_product_id":["9072666116341"],"_s2w_shopify_domain":["ferberpainting.myshopify.com"],"_shopify_variant_id":["46522168377589"],"_sku":[""],"_manage_stock":["no"],"total_sales":["5"],"_tax_status":["taxable"],"_tax_class":[""],"_backorders":["no"],"_sold_individually":["no"],"_virtual":["no"],"_downloadable":["no"],"_download_limit":["-1"],"_download_expiry":["-1"],"_stock":[null],"_stock_status":["instock"],"_wc_average_rating":["4.63"],"_wc_review_count":["8"],"_product_attributes":["a:1:{s:6:\"volume\";a:6:{s:4:\"name\";s:6:\"Volume\";s:5:\"value\";s:20:\"5 liters | 25 liters\";s:8:\"position\";i:1;s:10:\"is_visible\";i:0;s:12:\"is_variation\";i:1;s:11:\"is_taxonomy\";i:0;}}"],"_product_version":["10.5.1"],"_thumbnail_id":["26887"],"_product_image_gallery":["26888"],"wpse_downloadable_file_names":[""],"wpse_downloadable_file_urls":[""],"_edit_last":["1"],"_default_attributes":["a:1:{s:6:\"volume\";s:8:\"5 liters\";}"],"_edit_lock":["1771225388:1"],"_price":["29.90","129.90"],"merchant-center-availability":["yes"],"merchant-center-category":["113"],"_wp_page_template":["default"],"site-sidebar-layout":["default"],"ast-site-content-layout":["default"],"site-content-style":["default"],"site-sidebar-style":["default"],"theme-transparent-header-meta":["default"],"_wc_rating_count":["a:2:{i:4;i:3;i:5;i:5;}"],"astra-migrate-meta-layouts":["set"],"_uag_css_file_name":["uag-css-25026.css"],"_elementor_page_assets":["a:0:{}"],"_uag_page_assets":["a:9:{s:3:\"css\";s:7133:\".uag-blocks-common-selector{z-index:var(--z-index-desktop) !important}@media(max-width: 976px){.uag-blocks-common-selector{z-index:var(--z-index-tablet) !important}}@media(max-width: 767px){.uag-blocks-common-selector{z-index:var(--z-index-mobile) !important}}.wp-block-uagb-image{display:flex}.wp-block-uagb-image__figure{position:relative;display:flex;flex-direction:column;max-width:100%;height:auto;margin:0}.wp-block-uagb-image__figure img{height:auto;display:flex;max-width:100%;transition:box-shadow .2s ease}.wp-block-uagb-image__figure>a{display:inline-block}.wp-block-uagb-image__figure figcaption{text-align:center;margin-top:.5em;margin-bottom:1em}.wp-block-uagb-image .components-placeholder.block-editor-media-placeholder .components-placeholder__instructions{align-self:center}.wp-block-uagb-image--align-left{text-align:left}.wp-block-uagb-image--align-right{text-align:right}.wp-block-uagb-image--align-center{text-align:center}.wp-block-uagb-image--align-full .wp-block-uagb-image__figure{margin-left:calc(50% - 50vw);margin-right:calc(50% - 50vw);max-width:100vw;width:100vw;height:auto}.wp-block-uagb-image--align-full .wp-block-uagb-image__figure img{height:auto;width:100% !important}.wp-block-uagb-image--align-wide .wp-block-uagb-image__figure img{height:auto;width:100%}.wp-block-uagb-image--layout-overlay__color-wrapper{position:absolute;left:0;top:0;right:0;bottom:0;opacity:.2;background:rgba(0,0,0,.5);transition:opacity .35s ease-in-out}.wp-block-uagb-image--layout-overlay-link{position:absolute;left:0;right:0;bottom:0;top:0}.wp-block-uagb-image--layout-overlay .wp-block-uagb-image__figure:hover .wp-block-uagb-image--layout-overlay__color-wrapper{opacity:1}.wp-block-uagb-image--layout-overlay__inner{position:absolute;left:15px;right:15px;bottom:15px;top:15px;display:flex;align-items:center;justify-content:center;flex-direction:column;border-color:#fff;transition:.35s ease-in-out}.wp-block-uagb-image--layout-overlay__inner.top-left,.wp-block-uagb-image--layout-overlay__inner.top-center,.wp-block-uagb-image--layout-overlay__inner.top-right{justify-content:flex-start}.wp-block-uagb-image--layout-overlay__inner.bottom-left,.wp-block-uagb-image--layout-overlay__inner.bottom-center,.wp-block-uagb-image--layout-overlay__inner.bottom-right{justify-content:flex-end}.wp-block-uagb-image--layout-overlay__inner.top-left,.wp-block-uagb-image--layout-overlay__inner.center-left,.wp-block-uagb-image--layout-overlay__inner.bottom-left{align-items:flex-start}.wp-block-uagb-image--layout-overlay__inner.top-right,.wp-block-uagb-image--layout-overlay__inner.center-right,.wp-block-uagb-image--layout-overlay__inner.bottom-right{align-items:flex-end}.wp-block-uagb-image--layout-overlay__inner .uagb-image-heading{color:#fff;transition:transform .35s,opacity .35s ease-in-out;transform:translate3d(0, 24px, 0);margin:0;line-height:1em}.wp-block-uagb-image--layout-overlay__inner .uagb-image-separator{width:30%;border-top-width:2px;border-top-color:#fff;border-top-style:solid;margin-bottom:10px;opacity:0;transition:transform .4s,opacity .4s ease-in-out;transform:translate3d(0, 30px, 0)}.wp-block-uagb-image--layout-overlay__inner .uagb-image-caption{opacity:0;overflow:visible;color:#fff;transition:transform .45s,opacity .45s ease-in-out;transform:translate3d(0, 35px, 0)}.wp-block-uagb-image--layout-overlay__inner:hover .uagb-image-heading,.wp-block-uagb-image--layout-overlay__inner:hover .uagb-image-separator,.wp-block-uagb-image--layout-overlay__inner:hover .uagb-image-caption{opacity:1;transform:translate3d(0, 0, 0)}.wp-block-uagb-image--effect-zoomin .wp-block-uagb-image__figure img,.wp-block-uagb-image--effect-zoomin .wp-block-uagb-image__figure .wp-block-uagb-image--layout-overlay__color-wrapper{transform:scale(1);transition:transform .35s ease-in-out}.wp-block-uagb-image--effect-zoomin .wp-block-uagb-image__figure:hover img,.wp-block-uagb-image--effect-zoomin .wp-block-uagb-image__figure:hover .wp-block-uagb-image--layout-overlay__color-wrapper{transform:scale(1.05)}.wp-block-uagb-image--effect-slide .wp-block-uagb-image__figure img,.wp-block-uagb-image--effect-slide .wp-block-uagb-image__figure .wp-block-uagb-image--layout-overlay__color-wrapper{width:calc(100% + 40px) !important;max-width:none !important;transform:translate3d(-40px, 0, 0);transition:transform .35s ease-in-out}.wp-block-uagb-image--effect-slide .wp-block-uagb-image__figure:hover img,.wp-block-uagb-image--effect-slide .wp-block-uagb-image__figure:hover .wp-block-uagb-image--layout-overlay__color-wrapper{transform:translate3d(0, 0, 0)}.wp-block-uagb-image--effect-grayscale img{filter:grayscale(0%);transition:.35s ease-in-out}.wp-block-uagb-image--effect-grayscale:hover img{filter:grayscale(100%)}.wp-block-uagb-image--effect-blur img{filter:blur(0);transition:.35s ease-in-out}.wp-block-uagb-image--effect-blur:hover img{filter:blur(3px)}.uagb-block-e6f939b3.wp-block-uagb-image--layout-default figure img{box-shadow: 0px 0px 0 #00000070;}.uagb-block-e6f939b3.wp-block-uagb-image .wp-block-uagb-image__figure figcaption{font-style: normal;align-self: center;}.uagb-block-e6f939b3.wp-block-uagb-image--layout-overlay figure img{box-shadow: 0px 0px 0 #00000070;}.uagb-block-e6f939b3.wp-block-uagb-image--layout-overlay .wp-block-uagb-image--layout-overlay__color-wrapper{opacity: 0.2;}.uagb-block-e6f939b3.wp-block-uagb-image--layout-overlay .wp-block-uagb-image--layout-overlay__inner{left: 15px;right: 15px;top: 15px;bottom: 15px;}.uagb-block-e6f939b3.wp-block-uagb-image--layout-overlay .wp-block-uagb-image--layout-overlay__inner .uagb-image-heading{font-style: normal;color: #fff;opacity: 1;}.uagb-block-e6f939b3.wp-block-uagb-image--layout-overlay .wp-block-uagb-image--layout-overlay__inner .uagb-image-heading a{color: #fff;}.uagb-block-e6f939b3.wp-block-uagb-image--layout-overlay .wp-block-uagb-image--layout-overlay__inner .uagb-image-caption{opacity: 0;}.uagb-block-e6f939b3.wp-block-uagb-image--layout-overlay .wp-block-uagb-image__figure:hover .wp-block-uagb-image--layout-overlay__color-wrapper{opacity: 1;}.uagb-block-e6f939b3.wp-block-uagb-image .wp-block-uagb-image--layout-overlay__inner .uagb-image-separator{width: 30%;border-top-width: 2px;border-top-color: #fff;opacity: 0;}.uagb-block-e6f939b3.wp-block-uagb-image .wp-block-uagb-image__figure img{width: px;height: auto;}.uagb-block-e6f939b3.wp-block-uagb-image .wp-block-uagb-image__figure:hover .wp-block-uagb-image--layout-overlay__inner .uagb-image-caption{opacity: 1;}.uagb-block-e6f939b3.wp-block-uagb-image .wp-block-uagb-image__figure:hover .wp-block-uagb-image--layout-overlay__inner .uagb-image-separator{opacity: 1;}.uagb-block-e6f939b3.wp-block-uagb-image--layout-default figure:hover img{box-shadow: 0px 0px 0 #00000070;}.uagb-block-e6f939b3.wp-block-uagb-image--layout-overlay figure:hover img{box-shadow: 0px 0px 0 #00000070;}@media only screen and (max-width: 976px) {.uagb-block-e6f939b3.wp-block-uagb-image .wp-block-uagb-image__figure img{width: px;height: auto;}}@media only screen and (max-width: 767px) {.uagb-block-e6f939b3.wp-block-uagb-image .wp-block-uagb-image__figure img{width: px;height: auto;}}\";s:2:\"js\";s:0:\"\";s:18:\"current_block_list\";a:13:{i:0;s:11:\"core\/search\";i:1;s:10:\"core\/group\";i:2;s:12:\"core\/heading\";i:3;s:17:\"core\/latest-posts\";i:4;s:20:\"core\/latest-comments\";i:5;s:13:\"core\/archives\";i:6;s:15:\"core\/categories\";i:7;s:14:\"core\/paragraph\";i:8;s:10:\"uagb\/image\";i:9;s:11:\"core\/spacer\";i:10;s:30:\"woocommerce\/product-categories\";i:11;s:10:\"core\/image\";i:12;s:14:\"core\/shortcode\";}s:8:\"uag_flag\";b:1;s:11:\"uag_version\";s:10:\"1777358079\";s:6:\"gfonts\";a:0:{}s:10:\"gfonts_url\";s:0:\"\";s:12:\"gfonts_files\";a:0:{}s:14:\"uag_faq_layout\";b:0;}"]},"uagb_featured_image_src":{"full":["https:\/\/www.ferberpainting.com\/wp-content\/uploads\/2025\/05\/RhubarbFertilizer5L.png",2560,2560,false],"thumbnail":["https:\/\/www.ferberpainting.com\/wp-content\/uploads\/2025\/05\/RhubarbFertilizer5L-150x150.png",150,150,true],"medium":["https:\/\/www.ferberpainting.com\/wp-content\/uploads\/2025\/05\/RhubarbFertilizer5L-300x300.png",300,300,true],"medium_large":["https:\/\/www.ferberpainting.com\/wp-content\/uploads\/2025\/05\/RhubarbFertilizer5L-768x768.png",768,768,true],"large":["https:\/\/www.ferberpainting.com\/wp-content\/uploads\/2025\/05\/RhubarbFertilizer5L-1024x1024.png",1024,1024,true],"1536x1536":["https:\/\/www.ferberpainting.com\/wp-content\/uploads\/2025\/05\/RhubarbFertilizer5L-1536x1536.png",1536,1536,true],"2048x2048":["https:\/\/www.ferberpainting.com\/wp-content\/uploads\/2025\/05\/RhubarbFertilizer5L-2048x2048.png",2048,2048,true],"trp-custom-language-flag":["https:\/\/www.ferberpainting.com\/wp-content\/uploads\/2025\/05\/RhubarbFertilizer5L-12x12.png",12,12,true],"woocommerce_thumbnail":["https:\/\/www.ferberpainting.com\/wp-content\/uploads\/2025\/05\/RhubarbFertilizer5L-300x300.png",300,300,true],"woocommerce_single":["https:\/\/www.ferberpainting.com\/wp-content\/uploads\/2025\/05\/RhubarbFertilizer5L-600x600.png",600,600,true],"woocommerce_gallery_thumbnail":["https:\/\/www.ferberpainting.com\/wp-content\/uploads\/2025\/05\/RhubarbFertilizer5L-100x100.png",100,100,true]},"uagb_author_info":{"display_name":"admin","author_link":"https:\/\/www.ferberpainting.com\/cz\/author\/"},"uagb_comment_info":8,"uagb_excerpt":"A fertilizer designed for vigorous and productive rhubarb.\u00a0This fertilizer is specially designed to promote rapid growth and robustness of rhubarb plants. Thanks to its balanced formulation in nitrogen (N), phosphorus (P), and potassium (K) (NPK 15-15-15), it stimulates root development, improves leaf density, and encourages the formation of thick and juicy stalks. By feeding your&hellip;","_links":{"self":[{"href":"https:\/\/www.ferberpainting.com\/cz\/wp-json\/wp\/v2\/product\/25026","targetHints":{"allow":["GET"]}}],"collection":[{"href":"https:\/\/www.ferberpainting.com\/cz\/wp-json\/wp\/v2\/product"}],"about":[{"href":"https:\/\/www.ferberpainting.com\/cz\/wp-json\/wp\/v2\/types\/product"}],"replies":[{"embeddable":true,"href":"https:\/\/www.ferberpainting.com\/cz\/wp-json\/wp\/v2\/comments?post=25026"}],"version-history":[{"count":4,"href":"https:\/\/www.ferberpainting.com\/cz\/wp-json\/wp\/v2\/product\/25026\/revisions"}],"predecessor-version":[{"id":167079,"href":"https:\/\/www.ferberpainting.com\/cz\/wp-json\/wp\/v2\/product\/25026\/revisions\/167079"}],"wp:featuredmedia":[{"embeddable":true,"href":"https:\/\/www.ferberpainting.com\/cz\/wp-json\/wp\/v2\/media\/26887"}],"wp:attachment":[{"href":"https:\/\/www.ferberpainting.com\/cz\/wp-json\/wp\/v2\/media?parent=25026"}],"wp:term":[{"taxonomy":"product_brand","embeddable":true,"href":"https:\/\/www.ferberpainting.com\/cz\/wp-json\/wp\/v2\/product_brand?post=25026"},{"taxonomy":"product_cat","embeddable":true,"href":"https:\/\/www.ferberpainting.com\/cz\/wp-json\/wp\/v2\/product_cat?post=25026"},{"taxonomy":"product_tag","embeddable":true,"href":"https:\/\/www.ferberpainting.com\/cz\/wp-json\/wp\/v2\/product_tag?post=25026"}],"curies":[{"name":"wp","href":"https:\/\/api.w.org\/{rel}","templated":true}]}}