{"id":24808,"date":"2025-05-26T10:27:27","date_gmt":"2025-05-26T08:27:27","guid":{"rendered":"https:\/\/www.ferberpainting.com\/products\/professional-fertilizers\/"},"modified":"2026-02-16T07:43:10","modified_gmt":"2026-02-16T06:43:10","slug":"professional-fertilizers","status":"publish","type":"product","link":"https:\/\/www.ferberpainting.com\/cz\/products\/professional-fertilizers\/","title":{"rendered":"Profesion\u00e1ln\u00ed Hnojivo na tr\u00e1vn\u00edk  25 kg"},"content":{"rendered":"<p><strong><img decoding=\"async\" style=\"margin-right: 12px;\" src=\"https:\/\/www.ferberpainting.com\/wp-content\/uploads\/2026\/02\/Check.svg\" alt=\"\" width=\"18\" height=\"15\" \/>Vyv\u00e1\u017een\u00e9 slo\u017een\u00ed NPK 10-10-10 pro kompletn\u00ed v\u00fd\u017eivu tr\u00e1vn\u00edku.<\/strong> Na\u0161e hnojivo pro tr\u00e1vn\u00edky s pom\u011brem NPK 10-10-10 poskytuje dokonale vyv\u00e1\u017eenou v\u00fd\u017eivu pro podporu zdrav\u00e9ho r\u016fstu tr\u00e1vy. Se stejn\u00fdm pom\u011brem dus\u00edku, fosforu a drasl\u00edku poskytuje komplexn\u00ed v\u00fd\u017eivu, kter\u00e1 posiluje ko\u0159eny, zlep\u0161uje v\u00fdvoj list\u016f a celkovou odolnost tr\u00e1vn\u00edku.<\/p>\n<p><strong><img decoding=\"async\" style=\"margin-right: 12px;\" src=\"https:\/\/www.ferberpainting.com\/wp-content\/uploads\/2026\/02\/Check.svg\" alt=\"\" width=\"18\" height=\"15\" \/>Nej\u00fa\u010dinn\u011bj\u0161\u00ed univerz\u00e1ln\u00ed hnojivo na tr\u00e1vn\u00edk na trhu.<\/strong> Toto hnojivo je navr\u017eeno pro konzistentn\u00ed a viditeln\u00e9 v\u00fdsledky a podporuje hust\u00fd, zelen\u00fd a vit\u00e1ln\u00ed tr\u00e1vn\u00edk. Vyv\u00e1\u017een\u00e9 slo\u017een\u00ed zaji\u0161\u0165uje, \u017ee v\u00e1\u0161 tr\u00e1vn\u00edk dostane v\u0161echny z\u00e1kladn\u00ed makro\u017eiviny pot\u0159ebn\u00e9 pro stabiln\u00ed r\u016fst a dlouhodob\u00e9 zdrav\u00ed po celou sez\u00f3nu.<\/p>\n<p><strong><img decoding=\"async\" style=\"margin-right: 12px;\" src=\"https:\/\/www.ferberpainting.com\/wp-content\/uploads\/2026\/02\/Check.svg\" alt=\"\" width=\"18\" height=\"15\" \/>Bezkonkuren\u010dn\u00ed cena.<\/strong> Nab\u00edz\u00edme profesion\u00e1ln\u00ed kvalitu hnojiv za nejv\u00fdhodn\u011bj\u0161\u00ed cenu. Pytel o hmotnosti 25 kg poskytuje vynikaj\u00edc\u00ed pokryt\u00ed a hodnotu, tak\u017ee je ide\u00e1ln\u00ed pro soukrom\u00e9 zahrady i v\u011bt\u0161\u00ed zelen\u00e9 plochy, ani\u017e by p\u0159ekro\u010dil v\u00e1\u0161 rozpo\u010det.<\/p>\n<p><strong><img decoding=\"async\" style=\"margin-right: 12px;\" src=\"https:\/\/www.ferberpainting.com\/wp-content\/uploads\/2026\/02\/Check.svg\" alt=\"\" width=\"18\" height=\"15\" \/>Z\u00e1ruka vr\u00e1cen\u00ed pen\u011bz pro naprostou jistotu.<\/strong> Stoj\u00edme si za v\u00fdkonnost\u00ed na\u0161ich hnojiv na tr\u00e1vn\u00edky. Pokud nebudete s v\u00fdsledky pln\u011b spokojeni, nab\u00edz\u00edme z\u00e1ruku vr\u00e1cen\u00ed pen\u011bz. Jednodu\u0161e n\u00e1s kontaktujte a my v\u00e1m vr\u00e1t\u00edme pen\u00edze za n\u00e1kup.<\/p>\n<p><strong><img decoding=\"async\" style=\"margin-right: 12px;\" src=\"https:\/\/www.ferberpainting.com\/wp-content\/uploads\/2026\/02\/Check.svg\" alt=\"\" width=\"18\" height=\"15\" \/>Rychl\u00e9 doru\u010den\u00ed do 24 hodin pro okam\u017eitou p\u00e9\u010di o tr\u00e1vn\u00edk.<\/strong> Dod\u00e1vku zaji\u0161\u0165ujeme v\u017edy 24 hodin denn\u011b, tak\u017ee m\u016f\u017eete za\u010d\u00edt vy\u017eivovat sv\u016fj tr\u00e1vn\u00edk bez prodlen\u00ed. Spolehliv\u00e1 p\u0159eprava v\u00e1m pom\u016f\u017ee dodr\u017eet optim\u00e1ln\u00ed na\u010dasov\u00e1n\u00ed hnojen\u00ed.<\/p>\n<p><strong><img decoding=\"async\" style=\"margin-right: 12px;\" src=\"https:\/\/www.ferberpainting.com\/wp-content\/uploads\/2026\/02\/Check.svg\" alt=\"\" width=\"18\" height=\"15\" \/>Profesion\u00e1ln\u00ed velikost 25 kg pro roz\u0161\u00ed\u0159en\u00e9 pokryt\u00ed.<\/strong> Pytel o hmotnosti 25 kg je vhodn\u00fd pro st\u0159edn\u011b velk\u00e9 a\u017e velk\u00e9 tr\u00e1vn\u00edky a nab\u00edz\u00ed vynikaj\u00edc\u00ed pokryt\u00ed v z\u00e1vislosti na aplika\u010dn\u00ed d\u00e1vce. Zaji\u0161\u0165uje konzistentn\u00ed krmen\u00ed na velk\u00fdch ploch\u00e1ch s men\u0161\u00edm po\u010dtem n\u00e1kup\u016f.<\/p>\n<p><strong><img decoding=\"async\" style=\"margin-right: 12px;\" src=\"https:\/\/www.ferberpainting.com\/wp-content\/uploads\/2026\/02\/Check.svg\" alt=\"\" width=\"18\" height=\"15\" \/>Podporuje siln\u00fd v\u00fdvoj ko\u0159en\u016f.<\/strong> Slo\u017eka fosforu (10%) podporuje hlubok\u00fd a zdrav\u00fd ko\u0159enov\u00fd syst\u00e9m, zlep\u0161uje absorpci \u017eivin a zvy\u0161uje odolnost proti suchu.<\/p>\n<p><strong><img decoding=\"async\" style=\"margin-right: 12px;\" src=\"https:\/\/www.ferberpainting.com\/wp-content\/uploads\/2026\/02\/Check.svg\" alt=\"\" width=\"18\" height=\"15\" \/>Podporuje bujn\u00fd r\u016fst zelen\u011b.<\/strong> Obsah dus\u00edku (10%) stimuluje produkci chlorofylu a r\u016fst list\u016f, co\u017e vede k z\u00e1\u0159iv\u011b zelen\u00e9 barv\u011b a hust\u00e9mu pokryvu tr\u00e1vn\u00edku.<\/p>\n<p><strong><img decoding=\"async\" style=\"margin-right: 12px;\" src=\"https:\/\/www.ferberpainting.com\/wp-content\/uploads\/2026\/02\/Check.svg\" alt=\"\" width=\"18\" height=\"15\" \/>Zlep\u0161uje odolnost v\u016f\u010di stresu a nemocem.<\/strong> Obsah drasl\u00edku (10%) posiluje bun\u011b\u010dnou strukturu a zvy\u0161uje odolnost tr\u00e1vn\u00edku v\u016f\u010di teplu, chladu, p\u011b\u0161\u00edmu provozu a b\u011b\u017en\u00fdm chorob\u00e1m tr\u00e1vn\u00edku.<\/p>\n<p><strong><img decoding=\"async\" style=\"margin-right: 12px;\" src=\"https:\/\/www.ferberpainting.com\/wp-content\/uploads\/2026\/02\/Check.svg\" alt=\"\" width=\"18\" height=\"15\" \/>Vhodn\u00e9 pro v\u0161echny typy tr\u00e1vn\u00edk\u016f.<\/strong> Toto vyv\u00e1\u017een\u00e9 hnojivo NPK lze pou\u017e\u00edt na v\u011bt\u0161inu druh\u016f tr\u00e1vy, v\u010detn\u011b okrasn\u00fdch tr\u00e1vn\u00edk\u016f, h\u0159i\u0161\u0165 a univerz\u00e1ln\u00edch tr\u00e1vn\u00edk\u016f.<\/p>\n<h2><strong>Pokyny<\/strong><\/h2>\n<ul>\n<li>Posekejte tr\u00e1vn\u00edk 1 a\u017e 2 dny p\u0159ed aplikac\u00ed, abyste zajistili lep\u0161\u00ed kontakt s p\u016fdou a rovnom\u011brn\u00e9 rozlo\u017een\u00ed hnojiva.<\/li>\n<li>P\u0159ed rozmet\u00e1n\u00edm odstra\u0148te z povrchu pose\u010denou tr\u00e1vu, list\u00ed a ne\u010distoty.<\/li>\n<li>Hnojivo aplikujte v obdob\u00ed aktivn\u00edho r\u016fstu, obvykle na ja\u0159e a na za\u010d\u00e1tku podzimu, kdy tr\u00e1va m\u016f\u017ee \u00fa\u010dinn\u011b p\u0159ij\u00edmat \u017eiviny.<\/li>\n<li>Doporu\u010den\u00e9 d\u00e1vkov\u00e1n\u00ed: p\u0159i b\u011b\u017en\u00e9m udr\u017eovac\u00edm krmen\u00ed pou\u017eijte p\u0159ibli\u017en\u011b 30 a\u017e 40 gram\u016f na metr \u010dtvere\u010dn\u00ed. Pro tr\u00e1vn\u00edky vy\u017eaduj\u00edc\u00ed siln\u011bj\u0161\u00ed regeneraci lze pou\u017e\u00edt a\u017e 50 gram\u016f na metr \u010dtvere\u010dn\u00ed.<\/li>\n<li>Pytel o hmotnosti 25 kg pokryje p\u0159ibli\u017en\u011b:\n<ul>\n<li>830 m\u00b2 p\u0159i 30 g na m\u00b2.<\/li>\n<li>625 m\u00b2 p\u0159i 40 g na m\u00b2.<\/li>\n<li>500 m\u00b2 p\u0159i d\u00e1vce 50 g na m\u00b2.<\/li>\n<\/ul>\n<\/li>\n<li>Pro rovnom\u011brnou aplikaci na velk\u00e9 plochy pou\u017eijte rozmetadlo. Na men\u0161\u00edch tr\u00e1vn\u00edc\u00edch rozd\u011blujte p\u0159\u00edpravek ru\u010dn\u011b v rukavic\u00edch, abyste zajistili rovnom\u011brn\u00e9 pokryt\u00ed.<\/li>\n<li>Hnojivo aplikujte rovnom\u011brn\u011b ve dvou na sebe kolm\u00fdch p\u0159ejezdech, abyste zabr\u00e1nili nerovnom\u011brn\u00e9mu pod\u00e1v\u00e1n\u00ed nebo vzniku pruh\u016f.<\/li>\n<li>Vyhn\u011bte se aplikaci za velmi hork\u00e9ho po\u010das\u00ed nebo p\u0159ed siln\u00fdmi de\u0161ti, abyste zabr\u00e1nili odtoku \u017eivin.<\/li>\n<li>Po aplikaci tr\u00e1vn\u00edk d\u016fkladn\u011b zalijte, aby se aktivovalo uvol\u0148ov\u00e1n\u00ed \u017eivin a granule se l\u00e9pe rozpustily v p\u016fd\u011b.<\/li>\n<li>Na o\u0161et\u0159enou plochu nepou\u0161t\u011bjte dom\u00e1c\u00ed zv\u00ed\u0159ata ani d\u011bti, dokud nen\u00ed hnojivo zavla\u017eeno a tr\u00e1vn\u00edk nevyschne.<\/li>\n<li>Pro dosa\u017een\u00ed nejlep\u0161\u00edch v\u00fdsledk\u016f opakujte aplikaci ka\u017ed\u00fdch 8 a\u017e 10 t\u00fddn\u016f b\u011bhem vegeta\u010dn\u00edho obdob\u00ed v z\u00e1vislosti na stavu tr\u00e1vn\u00edku a \u00farodnosti p\u016fdy.<\/li>\n<li>Vyvarujte se nadm\u011brn\u00e9 aplikace, proto\u017ee nadm\u011brn\u00e9 mno\u017estv\u00ed hnojiva m\u016f\u017ee zp\u016fsobit sp\u00e1len\u00ed tr\u00e1vn\u00edku nebo nadm\u011brn\u00fd r\u016fst vy\u017eaduj\u00edc\u00ed \u010dast\u011bj\u0161\u00ed sek\u00e1n\u00ed.<\/li>\n<li>S\u00e1\u010dek skladujte na chladn\u00e9m a such\u00e9m m\u00edst\u011b mimo dosah vlhkosti. Obal udr\u017eujte t\u011bsn\u011b uzav\u0159en\u00fd, abyste zachovali kvalitu v\u00fdrobku.<\/li>\n<li>Po manipulaci si umyjte ruce a po pou\u017eit\u00ed d\u016fkladn\u011b vy\u010dist\u011bte rozmetac\u00ed za\u0159\u00edzen\u00ed.<\/li>\n<\/ul>\n<p>P\u0159i dodr\u017een\u00ed doporu\u010den\u00e9 d\u00e1vky a sez\u00f3nn\u00edho na\u010dasov\u00e1n\u00ed v\u00e1m na\u0161e 25 kg hnojivo NPK 10-10-10 pom\u016f\u017ee vytvo\u0159it hust\u00fd, zelen\u00fd a odoln\u00fd tr\u00e1vn\u00edk s vyv\u00e1\u017eenou v\u00fd\u017eivou a dlouhotrvaj\u00edc\u00ed vitalitou.<\/p>","protected":false},"excerpt":{"rendered":"<p>Balanced NPK 10-10-10 formula for complete lawn nutrition. Our lawn fertilizer with an NPK ratio of 10-10-10 provides perfectly balanced nutrition to support healthy grass growth. With equal proportions of nitrogen, phosphorus, and potassium, it delivers comprehensive feeding that strengthens roots, enhances leaf development, and improves overall lawn resilience. The most effective all-purpose lawn fertilizer [&hellip;]<\/p>\n","protected":false},"featured_media":26655,"comment_status":"open","ping_status":"closed","template":"","meta":{"_uag_custom_page_level_css":"","site-sidebar-layout":"default","site-content-layout":"","ast-site-content-layout":"default","site-content-style":"default","site-sidebar-style":"default","ast-global-header-display":"","ast-banner-title-visibility":"","ast-main-header-display":"","ast-hfb-above-header-display":"","ast-hfb-below-header-display":"","ast-hfb-mobile-header-display":"","site-post-title":"","ast-breadcrumbs-content":"","ast-featured-img":"","footer-sml-layout":"","ast-disable-related-posts":"","theme-transparent-header-meta":"default","adv-header-id-meta":"","stick-header-meta":"","header-above-stick-meta":"","header-main-stick-meta":"","header-below-stick-meta":"","astra-migrate-meta-layouts":"set","ast-page-background-enabled":"default","ast-page-background-meta":{"desktop":{"background-color":"var(--ast-global-color-4)","background-image":"","background-repeat":"repeat","background-position":"center center","background-size":"auto","background-attachment":"scroll","background-type":"","background-media":"","overlay-type":"","overlay-color":"","overlay-opacity":"","overlay-gradient":""},"tablet":{"background-color":"","background-image":"","background-repeat":"repeat","background-position":"center center","background-size":"auto","background-attachment":"scroll","background-type":"","background-media":"","overlay-type":"","overlay-color":"","overlay-opacity":"","overlay-gradient":""},"mobile":{"background-color":"","background-image":"","background-repeat":"repeat","background-position":"center center","background-size":"auto","background-attachment":"scroll","background-type":"","background-media":"","overlay-type":"","overlay-color":"","overlay-opacity":"","overlay-gradient":""}},"ast-content-background-meta":{"desktop":{"background-color":"var(--ast-global-color-5)","background-image":"","background-repeat":"repeat","background-position":"center center","background-size":"auto","background-attachment":"scroll","background-type":"","background-media":"","overlay-type":"","overlay-color":"","overlay-opacity":"","overlay-gradient":""},"tablet":{"background-color":"var(--ast-global-color-5)","background-image":"","background-repeat":"repeat","background-position":"center center","background-size":"auto","background-attachment":"scroll","background-type":"","background-media":"","overlay-type":"","overlay-color":"","overlay-opacity":"","overlay-gradient":""},"mobile":{"background-color":"var(--ast-global-color-5)","background-image":"","background-repeat":"repeat","background-position":"center center","background-size":"auto","background-attachment":"scroll","background-type":"","background-media":"","overlay-type":"","overlay-color":"","overlay-opacity":"","overlay-gradient":""}}},"product_brand":[],"product_cat":[178],"product_tag":[],"class_list":{"0":"post-24808","1":"product","2":"type-product","3":"status-publish","4":"has-post-thumbnail","6":"product_cat-fertilizers","7":"desktop-align-left","8":"tablet-align-left","9":"mobile-align-left","11":"first","12":"instock","13":"taxable","14":"shipping-taxable","15":"purchasable","16":"product-type-simple"},"spectra_custom_meta":{"_visibility":["visible"],"_shopify_product_id":["7972828086517"],"_s2w_shopify_domain":["ferberpainting.myshopify.com"],"_shopify_variant_id":["43552314360053"],"_sku":["FPPROFESSIONALLAWNFERTILIZER"],"_regular_price":["39.90"],"_price":["39.90"],"_sale_price":[""],"_weight":["18.5"],"_thumbnail_id":["26655"],"_global_unique_id":["5056773807334"],"total_sales":["66"],"_tax_status":["taxable"],"_tax_class":[""],"_manage_stock":["no"],"_backorders":["no"],"_sold_individually":["no"],"_virtual":["no"],"_downloadable":["no"],"_download_limit":["-1"],"_download_expiry":["-1"],"_stock":[null],"_stock_status":["instock"],"_wc_average_rating":["4.92"],"_wc_review_count":["64"],"_product_version":["10.5.1"],"merchant-center-availability":["yes"],"merchant-center-category":["113"],"merchant-center-id":["PLF"],"wpse_downloadable_file_names":[""],"wpse_downloadable_file_urls":[""],"_edit_last":["1"],"_wc_rating_count":["a:3:{i:3;i:1;i:4;i:3;i:5;i:60;}"],"_edit_lock":["1771224212:1"],"_wp_page_template":["default"],"site-sidebar-layout":["default"],"ast-site-content-layout":["default"],"site-content-style":["default"],"site-sidebar-style":["default"],"theme-transparent-header-meta":["default"],"astra-migrate-meta-layouts":["set"],"_uag_css_file_name":["uag-css-24808.css"],"_elementor_page_assets":["a:0:{}"],"_uag_page_assets":["a:9:{s:3:\"css\";s:7133:\".uag-blocks-common-selector{z-index:var(--z-index-desktop) !important}@media(max-width: 976px){.uag-blocks-common-selector{z-index:var(--z-index-tablet) !important}}@media(max-width: 767px){.uag-blocks-common-selector{z-index:var(--z-index-mobile) !important}}.wp-block-uagb-image{display:flex}.wp-block-uagb-image__figure{position:relative;display:flex;flex-direction:column;max-width:100%;height:auto;margin:0}.wp-block-uagb-image__figure img{height:auto;display:flex;max-width:100%;transition:box-shadow .2s ease}.wp-block-uagb-image__figure>a{display:inline-block}.wp-block-uagb-image__figure figcaption{text-align:center;margin-top:.5em;margin-bottom:1em}.wp-block-uagb-image .components-placeholder.block-editor-media-placeholder .components-placeholder__instructions{align-self:center}.wp-block-uagb-image--align-left{text-align:left}.wp-block-uagb-image--align-right{text-align:right}.wp-block-uagb-image--align-center{text-align:center}.wp-block-uagb-image--align-full .wp-block-uagb-image__figure{margin-left:calc(50% - 50vw);margin-right:calc(50% - 50vw);max-width:100vw;width:100vw;height:auto}.wp-block-uagb-image--align-full .wp-block-uagb-image__figure img{height:auto;width:100% !important}.wp-block-uagb-image--align-wide .wp-block-uagb-image__figure img{height:auto;width:100%}.wp-block-uagb-image--layout-overlay__color-wrapper{position:absolute;left:0;top:0;right:0;bottom:0;opacity:.2;background:rgba(0,0,0,.5);transition:opacity .35s ease-in-out}.wp-block-uagb-image--layout-overlay-link{position:absolute;left:0;right:0;bottom:0;top:0}.wp-block-uagb-image--layout-overlay .wp-block-uagb-image__figure:hover .wp-block-uagb-image--layout-overlay__color-wrapper{opacity:1}.wp-block-uagb-image--layout-overlay__inner{position:absolute;left:15px;right:15px;bottom:15px;top:15px;display:flex;align-items:center;justify-content:center;flex-direction:column;border-color:#fff;transition:.35s ease-in-out}.wp-block-uagb-image--layout-overlay__inner.top-left,.wp-block-uagb-image--layout-overlay__inner.top-center,.wp-block-uagb-image--layout-overlay__inner.top-right{justify-content:flex-start}.wp-block-uagb-image--layout-overlay__inner.bottom-left,.wp-block-uagb-image--layout-overlay__inner.bottom-center,.wp-block-uagb-image--layout-overlay__inner.bottom-right{justify-content:flex-end}.wp-block-uagb-image--layout-overlay__inner.top-left,.wp-block-uagb-image--layout-overlay__inner.center-left,.wp-block-uagb-image--layout-overlay__inner.bottom-left{align-items:flex-start}.wp-block-uagb-image--layout-overlay__inner.top-right,.wp-block-uagb-image--layout-overlay__inner.center-right,.wp-block-uagb-image--layout-overlay__inner.bottom-right{align-items:flex-end}.wp-block-uagb-image--layout-overlay__inner .uagb-image-heading{color:#fff;transition:transform .35s,opacity .35s ease-in-out;transform:translate3d(0, 24px, 0);margin:0;line-height:1em}.wp-block-uagb-image--layout-overlay__inner .uagb-image-separator{width:30%;border-top-width:2px;border-top-color:#fff;border-top-style:solid;margin-bottom:10px;opacity:0;transition:transform .4s,opacity .4s ease-in-out;transform:translate3d(0, 30px, 0)}.wp-block-uagb-image--layout-overlay__inner .uagb-image-caption{opacity:0;overflow:visible;color:#fff;transition:transform .45s,opacity .45s ease-in-out;transform:translate3d(0, 35px, 0)}.wp-block-uagb-image--layout-overlay__inner:hover .uagb-image-heading,.wp-block-uagb-image--layout-overlay__inner:hover .uagb-image-separator,.wp-block-uagb-image--layout-overlay__inner:hover .uagb-image-caption{opacity:1;transform:translate3d(0, 0, 0)}.wp-block-uagb-image--effect-zoomin .wp-block-uagb-image__figure img,.wp-block-uagb-image--effect-zoomin .wp-block-uagb-image__figure .wp-block-uagb-image--layout-overlay__color-wrapper{transform:scale(1);transition:transform .35s ease-in-out}.wp-block-uagb-image--effect-zoomin .wp-block-uagb-image__figure:hover img,.wp-block-uagb-image--effect-zoomin .wp-block-uagb-image__figure:hover .wp-block-uagb-image--layout-overlay__color-wrapper{transform:scale(1.05)}.wp-block-uagb-image--effect-slide .wp-block-uagb-image__figure img,.wp-block-uagb-image--effect-slide .wp-block-uagb-image__figure .wp-block-uagb-image--layout-overlay__color-wrapper{width:calc(100% + 40px) !important;max-width:none !important;transform:translate3d(-40px, 0, 0);transition:transform .35s ease-in-out}.wp-block-uagb-image--effect-slide .wp-block-uagb-image__figure:hover img,.wp-block-uagb-image--effect-slide .wp-block-uagb-image__figure:hover .wp-block-uagb-image--layout-overlay__color-wrapper{transform:translate3d(0, 0, 0)}.wp-block-uagb-image--effect-grayscale img{filter:grayscale(0%);transition:.35s ease-in-out}.wp-block-uagb-image--effect-grayscale:hover img{filter:grayscale(100%)}.wp-block-uagb-image--effect-blur img{filter:blur(0);transition:.35s ease-in-out}.wp-block-uagb-image--effect-blur:hover img{filter:blur(3px)}.uagb-block-e6f939b3.wp-block-uagb-image--layout-default figure img{box-shadow: 0px 0px 0 #00000070;}.uagb-block-e6f939b3.wp-block-uagb-image .wp-block-uagb-image__figure figcaption{font-style: normal;align-self: center;}.uagb-block-e6f939b3.wp-block-uagb-image--layout-overlay figure img{box-shadow: 0px 0px 0 #00000070;}.uagb-block-e6f939b3.wp-block-uagb-image--layout-overlay .wp-block-uagb-image--layout-overlay__color-wrapper{opacity: 0.2;}.uagb-block-e6f939b3.wp-block-uagb-image--layout-overlay .wp-block-uagb-image--layout-overlay__inner{left: 15px;right: 15px;top: 15px;bottom: 15px;}.uagb-block-e6f939b3.wp-block-uagb-image--layout-overlay .wp-block-uagb-image--layout-overlay__inner .uagb-image-heading{font-style: normal;color: #fff;opacity: 1;}.uagb-block-e6f939b3.wp-block-uagb-image--layout-overlay .wp-block-uagb-image--layout-overlay__inner .uagb-image-heading a{color: #fff;}.uagb-block-e6f939b3.wp-block-uagb-image--layout-overlay .wp-block-uagb-image--layout-overlay__inner .uagb-image-caption{opacity: 0;}.uagb-block-e6f939b3.wp-block-uagb-image--layout-overlay .wp-block-uagb-image__figure:hover .wp-block-uagb-image--layout-overlay__color-wrapper{opacity: 1;}.uagb-block-e6f939b3.wp-block-uagb-image .wp-block-uagb-image--layout-overlay__inner .uagb-image-separator{width: 30%;border-top-width: 2px;border-top-color: #fff;opacity: 0;}.uagb-block-e6f939b3.wp-block-uagb-image .wp-block-uagb-image__figure img{width: px;height: auto;}.uagb-block-e6f939b3.wp-block-uagb-image .wp-block-uagb-image__figure:hover .wp-block-uagb-image--layout-overlay__inner .uagb-image-caption{opacity: 1;}.uagb-block-e6f939b3.wp-block-uagb-image .wp-block-uagb-image__figure:hover .wp-block-uagb-image--layout-overlay__inner .uagb-image-separator{opacity: 1;}.uagb-block-e6f939b3.wp-block-uagb-image--layout-default figure:hover img{box-shadow: 0px 0px 0 #00000070;}.uagb-block-e6f939b3.wp-block-uagb-image--layout-overlay figure:hover img{box-shadow: 0px 0px 0 #00000070;}@media only screen and (max-width: 976px) {.uagb-block-e6f939b3.wp-block-uagb-image .wp-block-uagb-image__figure img{width: px;height: auto;}}@media only screen and (max-width: 767px) {.uagb-block-e6f939b3.wp-block-uagb-image .wp-block-uagb-image__figure img{width: px;height: auto;}}\";s:2:\"js\";s:0:\"\";s:18:\"current_block_list\";a:13:{i:0;s:11:\"core\/search\";i:1;s:10:\"core\/group\";i:2;s:12:\"core\/heading\";i:3;s:17:\"core\/latest-posts\";i:4;s:20:\"core\/latest-comments\";i:5;s:13:\"core\/archives\";i:6;s:15:\"core\/categories\";i:7;s:14:\"core\/paragraph\";i:8;s:10:\"uagb\/image\";i:9;s:11:\"core\/spacer\";i:10;s:30:\"woocommerce\/product-categories\";i:11;s:10:\"core\/image\";i:12;s:14:\"core\/shortcode\";}s:8:\"uag_flag\";b:1;s:11:\"uag_version\";s:10:\"1777363934\";s:6:\"gfonts\";a:0:{}s:10:\"gfonts_url\";s:0:\"\";s:12:\"gfonts_files\";a:0:{}s:14:\"uag_faq_layout\";b:0;}"]},"uagb_featured_image_src":{"full":["https:\/\/www.ferberpainting.com\/wp-content\/uploads\/2025\/05\/Mockup_Gazon_25Kg_from_51912-tif_COMPRESS.png",2000,2000,false],"thumbnail":["https:\/\/www.ferberpainting.com\/wp-content\/uploads\/2025\/05\/Mockup_Gazon_25Kg_from_51912-tif_COMPRESS-150x150.png",150,150,true],"medium":["https:\/\/www.ferberpainting.com\/wp-content\/uploads\/2025\/05\/Mockup_Gazon_25Kg_from_51912-tif_COMPRESS-300x300.png",300,300,true],"medium_large":["https:\/\/www.ferberpainting.com\/wp-content\/uploads\/2025\/05\/Mockup_Gazon_25Kg_from_51912-tif_COMPRESS-768x768.png",768,768,true],"large":["https:\/\/www.ferberpainting.com\/wp-content\/uploads\/2025\/05\/Mockup_Gazon_25Kg_from_51912-tif_COMPRESS-1024x1024.png",1024,1024,true],"1536x1536":["https:\/\/www.ferberpainting.com\/wp-content\/uploads\/2025\/05\/Mockup_Gazon_25Kg_from_51912-tif_COMPRESS-1536x1536.png",1536,1536,true],"2048x2048":["https:\/\/www.ferberpainting.com\/wp-content\/uploads\/2025\/05\/Mockup_Gazon_25Kg_from_51912-tif_COMPRESS.png",2000,2000,false],"trp-custom-language-flag":["https:\/\/www.ferberpainting.com\/wp-content\/uploads\/2025\/05\/Mockup_Gazon_25Kg_from_51912-tif_COMPRESS-12x12.png",12,12,true],"woocommerce_thumbnail":["https:\/\/www.ferberpainting.com\/wp-content\/uploads\/2025\/05\/Mockup_Gazon_25Kg_from_51912-tif_COMPRESS-300x300.png",300,300,true],"woocommerce_single":["https:\/\/www.ferberpainting.com\/wp-content\/uploads\/2025\/05\/Mockup_Gazon_25Kg_from_51912-tif_COMPRESS-600x600.png",600,600,true],"woocommerce_gallery_thumbnail":["https:\/\/www.ferberpainting.com\/wp-content\/uploads\/2025\/05\/Mockup_Gazon_25Kg_from_51912-tif_COMPRESS-100x100.png",100,100,true]},"uagb_author_info":{"display_name":"admin","author_link":"https:\/\/www.ferberpainting.com\/cz\/author\/"},"uagb_comment_info":64,"uagb_excerpt":"Balanced NPK 10-10-10 formula for complete lawn nutrition. Our lawn fertilizer with an NPK ratio of 10-10-10 provides perfectly balanced nutrition to support healthy grass growth. With equal proportions of nitrogen, phosphorus, and potassium, it delivers comprehensive feeding that strengthens roots, enhances leaf development, and improves overall lawn resilience. The most effective all-purpose lawn fertilizer&hellip;","_links":{"self":[{"href":"https:\/\/www.ferberpainting.com\/cz\/wp-json\/wp\/v2\/product\/24808","targetHints":{"allow":["GET"]}}],"collection":[{"href":"https:\/\/www.ferberpainting.com\/cz\/wp-json\/wp\/v2\/product"}],"about":[{"href":"https:\/\/www.ferberpainting.com\/cz\/wp-json\/wp\/v2\/types\/product"}],"replies":[{"embeddable":true,"href":"https:\/\/www.ferberpainting.com\/cz\/wp-json\/wp\/v2\/comments?post=24808"}],"version-history":[{"count":2,"href":"https:\/\/www.ferberpainting.com\/cz\/wp-json\/wp\/v2\/product\/24808\/revisions"}],"predecessor-version":[{"id":167008,"href":"https:\/\/www.ferberpainting.com\/cz\/wp-json\/wp\/v2\/product\/24808\/revisions\/167008"}],"wp:featuredmedia":[{"embeddable":true,"href":"https:\/\/www.ferberpainting.com\/cz\/wp-json\/wp\/v2\/media\/26655"}],"wp:attachment":[{"href":"https:\/\/www.ferberpainting.com\/cz\/wp-json\/wp\/v2\/media?parent=24808"}],"wp:term":[{"taxonomy":"product_brand","embeddable":true,"href":"https:\/\/www.ferberpainting.com\/cz\/wp-json\/wp\/v2\/product_brand?post=24808"},{"taxonomy":"product_cat","embeddable":true,"href":"https:\/\/www.ferberpainting.com\/cz\/wp-json\/wp\/v2\/product_cat?post=24808"},{"taxonomy":"product_tag","embeddable":true,"href":"https:\/\/www.ferberpainting.com\/cz\/wp-json\/wp\/v2\/product_tag?post=24808"}],"curies":[{"name":"wp","href":"https:\/\/api.w.org\/{rel}","templated":true}]}}