{"id":24797,"date":"2025-05-26T10:27:18","date_gmt":"2025-05-26T08:27:18","guid":{"rendered":"https:\/\/www.ferberpainting.com\/products\/primer-hardener\/"},"modified":"2026-02-16T07:35:32","modified_gmt":"2026-02-16T06:35:32","slug":"primer-hardener","status":"publish","type":"product","link":"https:\/\/www.ferberpainting.com\/cz\/products\/primer-hardener\/","title":{"rendered":"Tvrdidlo pro z\u00e1kladn\u00ed n\u00e1t\u011br"},"content":{"rendered":"<p><strong><img decoding=\"async\" style=\"margin-right: 12px;\" src=\"https:\/\/www.ferberpainting.com\/wp-content\/uploads\/2026\/02\/Check.svg\" alt=\"\" width=\"18\" height=\"15\" \/>Lep\u0161\u00ed odolnost a p\u0159ilnavost z\u00e1kladn\u00edho n\u00e1t\u011bru.<\/strong>\u00a0Toto tu\u017eidlo pro z\u00e1kladn\u00ed n\u00e1t\u011bry je speci\u00e1ln\u011b navr\u017eeno pro zpevn\u011bn\u00ed struktury vrstev z\u00e1kladn\u00edho n\u00e1t\u011bru p\u0159ed nanesen\u00edm barvy nebo fin\u00e1ln\u00edho n\u00e1t\u011bru. Optimalizuje p\u0159ilnavost povrchu a z\u00e1rove\u0148 zvy\u0161uje odolnost proti mechanick\u00e9mu a chemick\u00e9mu po\u0161kozen\u00ed, \u010d\u00edm\u017e zaji\u0161\u0165uje trvanliv\u011bj\u0161\u00ed a profesion\u00e1ln\u011bji dokon\u010den\u00fd v\u00fdsledek.<\/p>\n<p><strong><img decoding=\"async\" style=\"margin-right: 12px;\" src=\"https:\/\/www.ferberpainting.com\/wp-content\/uploads\/2026\/02\/Check.svg\" alt=\"\" width=\"18\" height=\"15\" \/>Z\u00e1ruka vr\u00e1cen\u00ed pen\u011bz.<\/strong>\u00a0M\u00e1me naprostou d\u016fv\u011bru v \u00fa\u010dinnost na\u0161eho tu\u017eidla pro z\u00e1kladn\u00ed n\u00e1t\u011br. Proto nab\u00edz\u00edme z\u00e1ruku vr\u00e1cen\u00ed pen\u011bz. Pokud v\u00fdrobek po dodr\u017een\u00ed na\u0161ich aplika\u010dn\u00edch doporu\u010den\u00ed nespln\u00ed va\u0161e o\u010dek\u00e1v\u00e1n\u00ed, m\u016f\u017eete po\u017e\u00e1dat o vr\u00e1cen\u00ed pen\u011bz bez jak\u00fdchkoli ot\u00e1zek, \u010d\u00edm\u017e si zajist\u00edte bezpe\u010dn\u00fd a bezrizikov\u00fd n\u00e1kup.<\/p>\n<p><strong><img decoding=\"async\" style=\"margin-right: 12px;\" src=\"https:\/\/www.ferberpainting.com\/wp-content\/uploads\/2026\/02\/Check.svg\" alt=\"\" width=\"18\" height=\"15\" \/>Kompatibiln\u00ed se \u0161irokou \u0161k\u00e1lou materi\u00e1l\u016f.<\/strong>\u00a0Toto tu\u017eidlo je vhodn\u00e9 pro z\u00e1kladn\u00ed n\u00e1t\u011bry pou\u017e\u00edvan\u00e9 na kov, d\u0159evo, plast, beton, cement a k\u00e1men. Pracuje s akrylov\u00fdmi, epoxidov\u00fdmi, polyuretanov\u00fdmi a glyceroftalov\u00fdmi z\u00e1kladn\u00edmi n\u00e1t\u011bry a nab\u00edz\u00ed maxim\u00e1ln\u00ed v\u0161estrannost pro v\u0161echny typy projekt\u016f, a\u0165 u\u017e jde o automobilov\u00e9, stavebn\u00ed nebo dekorativn\u00ed p\u0159edm\u011bty.<\/p>\n<p><strong><img decoding=\"async\" style=\"margin-right: 12px;\" src=\"https:\/\/www.ferberpainting.com\/wp-content\/uploads\/2026\/02\/Check.svg\" alt=\"\" width=\"18\" height=\"15\" \/>Optimalizovan\u00fd ekonomick\u00fd v\u00fdnos.<\/strong>\u00a0D\u00edky sv\u00e9mu koncentrovan\u00e9mu slo\u017een\u00ed m\u016f\u017ee 1 litr tu\u017eidla o\u0161et\u0159it a\u017e 5 litr\u016f z\u00e1kladn\u00edho n\u00e1t\u011bru, \u010d\u00edm\u017e se sni\u017euje pot\u0159ebn\u00e9 mno\u017estv\u00ed v\u00fdrobku a zvy\u0161uje jeho v\u00fdkonnost. Jeho schopnost pos\u00edlit p\u0159ilnavost a odolnost z\u00e1kladn\u00edho n\u00e1t\u011bru tak\u00e9 omezuje pot\u0159ebu retu\u0161ov\u00e1n\u00ed, co\u017e v\u00fdrazn\u011b sni\u017euje n\u00e1klady na pr\u00e1ci a materi\u00e1l.<\/p>\n<p><strong><img decoding=\"async\" style=\"margin-right: 12px;\" src=\"https:\/\/www.ferberpainting.com\/wp-content\/uploads\/2026\/02\/Check.svg\" alt=\"\" width=\"18\" height=\"15\" \/>Bezpe\u010dn\u00fd a netoxick\u00fd v\u00fdrobek.<\/strong>\u00a0Toto tu\u017eidlo je formulov\u00e1no bez agresivn\u00edch rozpou\u0161t\u011bdel a toxick\u00fdch emis\u00ed, tak\u017ee nep\u0159edstavuje \u017e\u00e1dn\u00e9 nebezpe\u010d\u00ed pro u\u017eivatele ani \u017eivotn\u00ed prost\u0159ed\u00ed. Lze s n\u00edm bezpe\u010dn\u011b manipulovat bez nutnosti pou\u017eit\u00ed specifick\u00fdch ochrann\u00fdch pom\u016fcek, co\u017e zaji\u0161\u0165uje bezrizikovou aplikaci v interi\u00e9ru i exteri\u00e9ru.<\/p>\n<p><strong><img decoding=\"async\" style=\"margin-right: 12px;\" src=\"https:\/\/www.ferberpainting.com\/wp-content\/uploads\/2026\/02\/Check.svg\" alt=\"\" width=\"18\" height=\"15\" \/>Snadn\u00e1 aplikace a optim\u00e1ln\u00ed kompatibilita.<\/strong>\u00a0Toto tu\u017eidlo se snadno integruje do z\u00e1kladn\u00edch n\u00e1t\u011br\u016f, ani\u017e by zm\u011bnilo jejich strukturu, barvu nebo zp\u016fsob aplikace. M\u00eds\u00ed se p\u0159\u00edmo p\u0159ed pou\u017eit\u00edm, \u010d\u00edm\u017e zaru\u010duje dokonalou rovnom\u011brnost a profesion\u00e1ln\u00ed povrchovou \u00fapravu bez nutnosti dal\u0161\u00edch technick\u00fdch \u00faprav.<\/p>\n<p><strong><img decoding=\"async\" style=\"margin-right: 12px;\" src=\"https:\/\/www.ferberpainting.com\/wp-content\/uploads\/2026\/02\/Check.svg\" alt=\"\" width=\"18\" height=\"15\" \/>Zv\u00fd\u0161en\u00e1 trvanlivost a odolnost.<\/strong>\u00a0Po sm\u00edch\u00e1n\u00ed s podkladov\u00fdm n\u00e1t\u011brem posiluje toto tu\u017eidlo ochranu povrchu t\u00edm, \u017ee zvy\u0161uje odolnost proti n\u00e1raz\u016fm, vlhkosti a chemick\u00fdm produkt\u016fm. Zabra\u0148uje p\u0159ed\u010dasn\u00e9mu odlupov\u00e1n\u00ed a poskytuje dlouhodobou ochranu proti opot\u0159eben\u00ed, \u010d\u00edm\u017e prodlu\u017euje \u017eivotnost fin\u00e1ln\u00edho n\u00e1t\u011bru.<\/p>\n<p><strong><img decoding=\"async\" style=\"margin-right: 12px;\" src=\"https:\/\/www.ferberpainting.com\/wp-content\/uploads\/2026\/02\/Check.svg\" alt=\"\" width=\"18\" height=\"15\" \/>Rychl\u00e9 su\u0161en\u00ed pro zna\u010dnou \u00fasporu \u010dasu.<\/strong>\u00a0Toto tu\u017eidlo urychluje proces schnut\u00ed z\u00e1kladn\u00edch n\u00e1t\u011br\u016f a z\u00e1rove\u0148 zaji\u0161\u0165uje postupn\u00e9 zvy\u0161ov\u00e1n\u00ed odolnosti. Zkracuje tak\u00e9 \u010dekac\u00ed dobu mezi jednotliv\u00fdmi vrstvami, co\u017e umo\u017e\u0148uje rychlej\u0161\u00ed fin\u00e1ln\u00ed \u00fapravu a t\u00edm optimalizaci v\u00fdrobn\u00edch a aplika\u010dn\u00edch \u010das\u016f.<\/p>\n<h2><strong>Protokol o pou\u017eit\u00ed<\/strong><\/h2>\n<ul>\n<li><strong>P\u0159\u00edprava z\u00e1kladn\u00edho n\u00e1t\u011bru <\/strong>: P\u0159ed p\u0159id\u00e1n\u00edm tu\u017eidla se ujist\u011bte, \u017ee je z\u00e1kladn\u00ed n\u00e1t\u011br d\u016fkladn\u011b homogenizov\u00e1n. Pokud je z\u00e1kladn\u00ed n\u00e1t\u011br na b\u00e1zi rozpou\u0161t\u011bdel nebo vody, d\u016fkladn\u011b jej prom\u00edchejte, aby nedo\u0161lo k odd\u011blen\u00ed jednotliv\u00fdch slo\u017eek.<\/li>\n<li><strong>Doporu\u010den\u00e9 d\u00e1vkov\u00e1n\u00ed <\/strong>: V z\u00e1vislosti na typu z\u00e1kladn\u00edho n\u00e1t\u011bru a po\u017eadovan\u00e9 odolnosti p\u0159idejte tu\u017eidlo 5% a\u017e 20%. U povrch\u016f vystaven\u00fdch extr\u00e9mn\u00edm podm\u00ednk\u00e1m (vlhkost, vysok\u00e1 teplota, vystaven\u00ed n\u00e1raz\u016fm) se doporu\u010duje vy\u0161\u0161\u00ed d\u00e1vka.<\/li>\n<li><strong>Homogenn\u00ed m\u00edsen\u00ed <\/strong>: Postupn\u011b p\u0159id\u00e1vejte tu\u017eidlo do z\u00e1kladn\u00edho n\u00e1t\u011bru za st\u00e1l\u00e9ho m\u00edch\u00e1n\u00ed ru\u010dn\u00edm nebo elektrick\u00fdm m\u00edchadlem. Zajist\u011bte dokonale hladkou a homogenn\u00ed sm\u011bs.<\/li>\n<li><strong>Aplikace vytvrzen\u00e9ho z\u00e1kladn\u00edho n\u00e1t\u011bru <\/strong>: Z\u00e1kladn\u00ed n\u00e1t\u011br aplikujte obvykl\u00fdm zp\u016fsobem pomoc\u00ed st\u0159\u00edkac\u00ed pistole, \u0161t\u011btce nebo v\u00e1le\u010dku podle pokyn\u016f v\u00fdrobce. Tvrdidlo nem\u011bn\u00ed zp\u016fsob aplikace a zaji\u0161\u0165uje rovnom\u011brn\u00fd povrch.<\/li>\n<li><strong>Doba su\u0161en\u00ed <\/strong>: Nechte z\u00e1kladn\u00ed n\u00e1t\u011br zaschnout podle doby doporu\u010den\u00e9 v\u00fdrobcem. P\u016fsoben\u00edm tu\u017eidla se schnut\u00ed urychl\u00ed, co\u017e umo\u017en\u00ed rychlej\u0161\u00ed dokon\u010den\u00ed dal\u0161\u00edch krok\u016f.<\/li>\n<li><strong>\u00dapln\u00e9 zpevn\u011bn\u00ed <\/strong>: Vyvarujte se p\u0159ed\u010dasn\u00e9 manipulace s povrchem nebo jeho op\u011btovn\u00e9ho nat\u00edr\u00e1n\u00ed. Z\u00e1kladn\u00ed n\u00e1t\u011br dosahuje maxim\u00e1ln\u00ed odolnosti po 24 a\u017e 48 hodin\u00e1ch, \u010d\u00edm\u017e poskytuje dokonale stabiln\u00ed podklad pro nan\u00e1\u0161en\u00ed barvy nebo fin\u00e1ln\u00edho n\u00e1t\u011bru.<\/li>\n<li><strong>\u010ci\u0161t\u011bn\u00ed n\u00e1stroj\u016f <\/strong>: Po aplikaci okam\u017eit\u011b o\u010dist\u011bte \u0161t\u011btce, v\u00e1le\u010dky a st\u0159\u00edkac\u00ed za\u0159\u00edzen\u00ed pomoc\u00ed rozpou\u0161t\u011bdla doporu\u010den\u00e9ho pro pou\u017eit\u00fd z\u00e1kladn\u00ed n\u00e1t\u011br (voda pro z\u00e1kladn\u00ed n\u00e1t\u011bry na b\u00e1zi vody, vhodn\u00e9 \u0159edidlo pro z\u00e1kladn\u00ed n\u00e1t\u011bry na b\u00e1zi rozpou\u0161t\u011bdel).<\/li>\n<\/ul>","protected":false},"excerpt":{"rendered":"<p>Improved resistance and primer adhesion.\u00a0This primer hardener is specifically designed to reinforce the structure of primer layers before applying paint or a final coating. It optimizes surface adhesion while improving resistance against mechanical and chemical damage, ensuring a more durable and professionally finished result. Money-back guarantee.\u00a0We have complete confidence in our primer hardener&#8217;s effectiveness. That&#8217;s [&hellip;]<\/p>\n","protected":false},"featured_media":26642,"comment_status":"open","ping_status":"closed","template":"","meta":{"_uag_custom_page_level_css":"","site-sidebar-layout":"default","site-content-layout":"","ast-site-content-layout":"default","site-content-style":"default","site-sidebar-style":"default","ast-global-header-display":"","ast-banner-title-visibility":"","ast-main-header-display":"","ast-hfb-above-header-display":"","ast-hfb-below-header-display":"","ast-hfb-mobile-header-display":"","site-post-title":"","ast-breadcrumbs-content":"","ast-featured-img":"","footer-sml-layout":"","ast-disable-related-posts":"","theme-transparent-header-meta":"default","adv-header-id-meta":"","stick-header-meta":"","header-above-stick-meta":"","header-main-stick-meta":"","header-below-stick-meta":"","astra-migrate-meta-layouts":"set","ast-page-background-enabled":"default","ast-page-background-meta":{"desktop":{"background-color":"var(--ast-global-color-4)","background-image":"","background-repeat":"repeat","background-position":"center center","background-size":"auto","background-attachment":"scroll","background-type":"","background-media":"","overlay-type":"","overlay-color":"","overlay-opacity":"","overlay-gradient":""},"tablet":{"background-color":"","background-image":"","background-repeat":"repeat","background-position":"center center","background-size":"auto","background-attachment":"scroll","background-type":"","background-media":"","overlay-type":"","overlay-color":"","overlay-opacity":"","overlay-gradient":""},"mobile":{"background-color":"","background-image":"","background-repeat":"repeat","background-position":"center center","background-size":"auto","background-attachment":"scroll","background-type":"","background-media":"","overlay-type":"","overlay-color":"","overlay-opacity":"","overlay-gradient":""}},"ast-content-background-meta":{"desktop":{"background-color":"var(--ast-global-color-5)","background-image":"","background-repeat":"repeat","background-position":"center center","background-size":"auto","background-attachment":"scroll","background-type":"","background-media":"","overlay-type":"","overlay-color":"","overlay-opacity":"","overlay-gradient":""},"tablet":{"background-color":"var(--ast-global-color-5)","background-image":"","background-repeat":"repeat","background-position":"center center","background-size":"auto","background-attachment":"scroll","background-type":"","background-media":"","overlay-type":"","overlay-color":"","overlay-opacity":"","overlay-gradient":""},"mobile":{"background-color":"var(--ast-global-color-5)","background-image":"","background-repeat":"repeat","background-position":"center center","background-size":"auto","background-attachment":"scroll","background-type":"","background-media":"","overlay-type":"","overlay-color":"","overlay-opacity":"","overlay-gradient":""}}},"product_brand":[],"product_cat":[176],"product_tag":[],"class_list":{"0":"post-24797","1":"product","2":"type-product","3":"status-publish","4":"has-post-thumbnail","6":"product_cat-concrete-treatment","7":"desktop-align-left","8":"tablet-align-left","9":"mobile-align-left","11":"first","12":"instock","13":"sale","14":"shipping-taxable","15":"purchasable","16":"product-type-variable","17":"has-default-attributes"},"spectra_custom_meta":{"_visibility":["visible"],"_shopify_product_id":["9060505846005"],"_s2w_shopify_domain":["ferberpainting.myshopify.com"],"_shopify_variant_id":["46483451478261"],"_sku":[""],"_manage_stock":["no"],"total_sales":["5"],"_tax_status":["taxable"],"_tax_class":[""],"_backorders":["no"],"_sold_individually":["no"],"_virtual":["no"],"_downloadable":["no"],"_download_limit":["-1"],"_download_expiry":["-1"],"_stock":[null],"_stock_status":["instock"],"_wc_average_rating":["4.83"],"_wc_review_count":["6"],"_product_attributes":["a:1:{s:6:\"volume\";a:6:{s:4:\"name\";s:6:\"Volume\";s:5:\"value\";s:20:\"5 liters | 25 liters\";s:8:\"position\";i:1;s:10:\"is_visible\";i:0;s:12:\"is_variation\";i:1;s:11:\"is_taxonomy\";i:0;}}"],"_product_version":["10.5.1"],"_thumbnail_id":["26642"],"_product_image_gallery":["26643"],"wpse_downloadable_file_names":[""],"wpse_downloadable_file_urls":[""],"_edit_last":["1"],"_default_attributes":["a:1:{s:6:\"volume\";s:8:\"5 liters\";}"],"_edit_lock":["1771223594:1"],"_price":["29.90","129.90"],"merchant-center-availability":["yes"],"merchant-center-category":["2277"],"_wp_page_template":["default"],"site-sidebar-layout":["default"],"ast-site-content-layout":["default"],"site-content-style":["default"],"site-sidebar-style":["default"],"theme-transparent-header-meta":["default"],"_wc_rating_count":["a:2:{i:4;i:1;i:5;i:5;}"],"astra-migrate-meta-layouts":["set"],"_uag_css_file_name":["uag-css-24797.css"],"_elementor_page_assets":["a:0:{}"],"_uag_page_assets":["a:9:{s:3:\"css\";s:6873:\".wp-block-uagb-image{display:flex}.wp-block-uagb-image__figure{position:relative;display:flex;flex-direction:column;max-width:100%;height:auto;margin:0}.wp-block-uagb-image__figure img{height:auto;display:flex;max-width:100%;transition:box-shadow .2s ease}.wp-block-uagb-image__figure>a{display:inline-block}.wp-block-uagb-image__figure figcaption{text-align:center;margin-top:.5em;margin-bottom:1em}.wp-block-uagb-image .components-placeholder.block-editor-media-placeholder .components-placeholder__instructions{align-self:center}.wp-block-uagb-image--align-left{text-align:left}.wp-block-uagb-image--align-right{text-align:right}.wp-block-uagb-image--align-center{text-align:center}.wp-block-uagb-image--align-full .wp-block-uagb-image__figure{margin-left:calc(50% - 50vw);margin-right:calc(50% - 50vw);max-width:100vw;width:100vw;height:auto}.wp-block-uagb-image--align-full .wp-block-uagb-image__figure img{height:auto;width:100% !important}.wp-block-uagb-image--align-wide .wp-block-uagb-image__figure img{height:auto;width:100%}.wp-block-uagb-image--layout-overlay__color-wrapper{position:absolute;left:0;top:0;right:0;bottom:0;opacity:.2;background:rgba(0,0,0,.5);transition:opacity .35s ease-in-out}.wp-block-uagb-image--layout-overlay-link{position:absolute;left:0;right:0;bottom:0;top:0}.wp-block-uagb-image--layout-overlay .wp-block-uagb-image__figure:hover .wp-block-uagb-image--layout-overlay__color-wrapper{opacity:1}.wp-block-uagb-image--layout-overlay__inner{position:absolute;left:15px;right:15px;bottom:15px;top:15px;display:flex;align-items:center;justify-content:center;flex-direction:column;border-color:#fff;transition:.35s ease-in-out}.wp-block-uagb-image--layout-overlay__inner.top-left,.wp-block-uagb-image--layout-overlay__inner.top-center,.wp-block-uagb-image--layout-overlay__inner.top-right{justify-content:flex-start}.wp-block-uagb-image--layout-overlay__inner.bottom-left,.wp-block-uagb-image--layout-overlay__inner.bottom-center,.wp-block-uagb-image--layout-overlay__inner.bottom-right{justify-content:flex-end}.wp-block-uagb-image--layout-overlay__inner.top-left,.wp-block-uagb-image--layout-overlay__inner.center-left,.wp-block-uagb-image--layout-overlay__inner.bottom-left{align-items:flex-start}.wp-block-uagb-image--layout-overlay__inner.top-right,.wp-block-uagb-image--layout-overlay__inner.center-right,.wp-block-uagb-image--layout-overlay__inner.bottom-right{align-items:flex-end}.wp-block-uagb-image--layout-overlay__inner .uagb-image-heading{color:#fff;transition:transform .35s,opacity .35s ease-in-out;transform:translate3d(0, 24px, 0);margin:0;line-height:1em}.wp-block-uagb-image--layout-overlay__inner .uagb-image-separator{width:30%;border-top-width:2px;border-top-color:#fff;border-top-style:solid;margin-bottom:10px;opacity:0;transition:transform .4s,opacity .4s ease-in-out;transform:translate3d(0, 30px, 0)}.wp-block-uagb-image--layout-overlay__inner .uagb-image-caption{opacity:0;overflow:visible;color:#fff;transition:transform .45s,opacity .45s ease-in-out;transform:translate3d(0, 35px, 0)}.wp-block-uagb-image--layout-overlay__inner:hover .uagb-image-heading,.wp-block-uagb-image--layout-overlay__inner:hover .uagb-image-separator,.wp-block-uagb-image--layout-overlay__inner:hover .uagb-image-caption{opacity:1;transform:translate3d(0, 0, 0)}.wp-block-uagb-image--effect-zoomin .wp-block-uagb-image__figure img,.wp-block-uagb-image--effect-zoomin .wp-block-uagb-image__figure .wp-block-uagb-image--layout-overlay__color-wrapper{transform:scale(1);transition:transform .35s ease-in-out}.wp-block-uagb-image--effect-zoomin .wp-block-uagb-image__figure:hover img,.wp-block-uagb-image--effect-zoomin .wp-block-uagb-image__figure:hover .wp-block-uagb-image--layout-overlay__color-wrapper{transform:scale(1.05)}.wp-block-uagb-image--effect-slide .wp-block-uagb-image__figure img,.wp-block-uagb-image--effect-slide .wp-block-uagb-image__figure .wp-block-uagb-image--layout-overlay__color-wrapper{width:calc(100% + 40px) !important;max-width:none !important;transform:translate3d(-40px, 0, 0);transition:transform .35s ease-in-out}.wp-block-uagb-image--effect-slide .wp-block-uagb-image__figure:hover img,.wp-block-uagb-image--effect-slide .wp-block-uagb-image__figure:hover .wp-block-uagb-image--layout-overlay__color-wrapper{transform:translate3d(0, 0, 0)}.wp-block-uagb-image--effect-grayscale img{filter:grayscale(0%);transition:.35s ease-in-out}.wp-block-uagb-image--effect-grayscale:hover img{filter:grayscale(100%)}.wp-block-uagb-image--effect-blur img{filter:blur(0);transition:.35s ease-in-out}.wp-block-uagb-image--effect-blur:hover img{filter:blur(3px)}.uagb-block-e6f939b3.wp-block-uagb-image--layout-default figure img{box-shadow: 0px 0px 0 #00000070;}.uagb-block-e6f939b3.wp-block-uagb-image .wp-block-uagb-image__figure figcaption{font-style: normal;align-self: center;}.uagb-block-e6f939b3.wp-block-uagb-image--layout-overlay figure img{box-shadow: 0px 0px 0 #00000070;}.uagb-block-e6f939b3.wp-block-uagb-image--layout-overlay .wp-block-uagb-image--layout-overlay__color-wrapper{opacity: 0.2;}.uagb-block-e6f939b3.wp-block-uagb-image--layout-overlay .wp-block-uagb-image--layout-overlay__inner{left: 15px;right: 15px;top: 15px;bottom: 15px;}.uagb-block-e6f939b3.wp-block-uagb-image--layout-overlay .wp-block-uagb-image--layout-overlay__inner .uagb-image-heading{font-style: normal;color: #fff;opacity: 1;}.uagb-block-e6f939b3.wp-block-uagb-image--layout-overlay .wp-block-uagb-image--layout-overlay__inner .uagb-image-heading a{color: #fff;}.uagb-block-e6f939b3.wp-block-uagb-image--layout-overlay .wp-block-uagb-image--layout-overlay__inner .uagb-image-caption{opacity: 0;}.uagb-block-e6f939b3.wp-block-uagb-image--layout-overlay .wp-block-uagb-image__figure:hover .wp-block-uagb-image--layout-overlay__color-wrapper{opacity: 1;}.uagb-block-e6f939b3.wp-block-uagb-image .wp-block-uagb-image--layout-overlay__inner .uagb-image-separator{width: 30%;border-top-width: 2px;border-top-color: #fff;opacity: 0;}.uagb-block-e6f939b3.wp-block-uagb-image .wp-block-uagb-image__figure img{width: px;height: auto;}.uagb-block-e6f939b3.wp-block-uagb-image .wp-block-uagb-image__figure:hover .wp-block-uagb-image--layout-overlay__inner .uagb-image-caption{opacity: 1;}.uagb-block-e6f939b3.wp-block-uagb-image .wp-block-uagb-image__figure:hover .wp-block-uagb-image--layout-overlay__inner .uagb-image-separator{opacity: 1;}.uagb-block-e6f939b3.wp-block-uagb-image--layout-default figure:hover img{box-shadow: 0px 0px 0 #00000070;}.uagb-block-e6f939b3.wp-block-uagb-image--layout-overlay figure:hover img{box-shadow: 0px 0px 0 #00000070;}@media only screen and (max-width: 976px) {.uagb-block-e6f939b3.wp-block-uagb-image .wp-block-uagb-image__figure img{width: px;height: auto;}}@media only screen and (max-width: 767px) {.uagb-block-e6f939b3.wp-block-uagb-image .wp-block-uagb-image__figure img{width: px;height: auto;}}\";s:2:\"js\";s:0:\"\";s:18:\"current_block_list\";a:13:{i:0;s:11:\"core\/search\";i:1;s:10:\"core\/group\";i:2;s:12:\"core\/heading\";i:3;s:17:\"core\/latest-posts\";i:4;s:20:\"core\/latest-comments\";i:5;s:13:\"core\/archives\";i:6;s:15:\"core\/categories\";i:7;s:14:\"core\/paragraph\";i:8;s:10:\"uagb\/image\";i:9;s:11:\"core\/spacer\";i:10;s:30:\"woocommerce\/product-categories\";i:11;s:10:\"core\/image\";i:12;s:14:\"core\/shortcode\";}s:8:\"uag_flag\";b:1;s:11:\"uag_version\";s:10:\"1777102217\";s:6:\"gfonts\";a:0:{}s:10:\"gfonts_url\";s:0:\"\";s:12:\"gfonts_files\";a:0:{}s:14:\"uag_faq_layout\";b:0;}"]},"uagb_featured_image_src":{"full":["https:\/\/www.ferberpainting.com\/wp-content\/uploads\/2025\/05\/PrimerHardener5L.png",2560,2560,false],"thumbnail":["https:\/\/www.ferberpainting.com\/wp-content\/uploads\/2025\/05\/PrimerHardener5L-150x150.png",150,150,true],"medium":["https:\/\/www.ferberpainting.com\/wp-content\/uploads\/2025\/05\/PrimerHardener5L-300x300.png",300,300,true],"medium_large":["https:\/\/www.ferberpainting.com\/wp-content\/uploads\/2025\/05\/PrimerHardener5L-768x768.png",768,768,true],"large":["https:\/\/www.ferberpainting.com\/wp-content\/uploads\/2025\/05\/PrimerHardener5L-1024x1024.png",1024,1024,true],"1536x1536":["https:\/\/www.ferberpainting.com\/wp-content\/uploads\/2025\/05\/PrimerHardener5L-1536x1536.png",1536,1536,true],"2048x2048":["https:\/\/www.ferberpainting.com\/wp-content\/uploads\/2025\/05\/PrimerHardener5L-2048x2048.png",2048,2048,true],"trp-custom-language-flag":["https:\/\/www.ferberpainting.com\/wp-content\/uploads\/2025\/05\/PrimerHardener5L-12x12.png",12,12,true],"woocommerce_thumbnail":["https:\/\/www.ferberpainting.com\/wp-content\/uploads\/2025\/05\/PrimerHardener5L-300x300.png",300,300,true],"woocommerce_single":["https:\/\/www.ferberpainting.com\/wp-content\/uploads\/2025\/05\/PrimerHardener5L-600x600.png",600,600,true],"woocommerce_gallery_thumbnail":["https:\/\/www.ferberpainting.com\/wp-content\/uploads\/2025\/05\/PrimerHardener5L-100x100.png",100,100,true]},"uagb_author_info":{"display_name":"admin","author_link":"https:\/\/www.ferberpainting.com\/cz\/author\/"},"uagb_comment_info":6,"uagb_excerpt":"Improved resistance and primer adhesion.\u00a0This primer hardener is specifically designed to reinforce the structure of primer layers before applying paint or a final coating. It optimizes surface adhesion while improving resistance against mechanical and chemical damage, ensuring a more durable and professionally finished result. Money-back guarantee.\u00a0We have complete confidence in our primer hardener&#8217;s effectiveness. That&#8217;s&hellip;","_links":{"self":[{"href":"https:\/\/www.ferberpainting.com\/cz\/wp-json\/wp\/v2\/product\/24797","targetHints":{"allow":["GET"]}}],"collection":[{"href":"https:\/\/www.ferberpainting.com\/cz\/wp-json\/wp\/v2\/product"}],"about":[{"href":"https:\/\/www.ferberpainting.com\/cz\/wp-json\/wp\/v2\/types\/product"}],"replies":[{"embeddable":true,"href":"https:\/\/www.ferberpainting.com\/cz\/wp-json\/wp\/v2\/comments?post=24797"}],"version-history":[{"count":3,"href":"https:\/\/www.ferberpainting.com\/cz\/wp-json\/wp\/v2\/product\/24797\/revisions"}],"predecessor-version":[{"id":166997,"href":"https:\/\/www.ferberpainting.com\/cz\/wp-json\/wp\/v2\/product\/24797\/revisions\/166997"}],"wp:featuredmedia":[{"embeddable":true,"href":"https:\/\/www.ferberpainting.com\/cz\/wp-json\/wp\/v2\/media\/26642"}],"wp:attachment":[{"href":"https:\/\/www.ferberpainting.com\/cz\/wp-json\/wp\/v2\/media?parent=24797"}],"wp:term":[{"taxonomy":"product_brand","embeddable":true,"href":"https:\/\/www.ferberpainting.com\/cz\/wp-json\/wp\/v2\/product_brand?post=24797"},{"taxonomy":"product_cat","embeddable":true,"href":"https:\/\/www.ferberpainting.com\/cz\/wp-json\/wp\/v2\/product_cat?post=24797"},{"taxonomy":"product_tag","embeddable":true,"href":"https:\/\/www.ferberpainting.com\/cz\/wp-json\/wp\/v2\/product_tag?post=24797"}],"curies":[{"name":"wp","href":"https:\/\/api.w.org\/{rel}","templated":true}]}}