{"id":24787,"date":"2025-05-26T10:27:09","date_gmt":"2025-05-26T08:27:09","guid":{"rendered":"https:\/\/www.ferberpainting.com\/products\/poinsettia-fertilizer\/"},"modified":"2026-02-16T07:26:36","modified_gmt":"2026-02-16T06:26:36","slug":"poinsettia-fertilizer","status":"publish","type":"product","link":"https:\/\/www.ferberpainting.com\/cz\/products\/poinsettia-fertilizer\/","title":{"rendered":"Hnojivo pro poinsettie"},"content":{"rendered":"<p><strong><img decoding=\"async\" style=\"margin-right: 12px;\" src=\"https:\/\/www.ferberpainting.com\/wp-content\/uploads\/2026\/02\/Check.svg\" alt=\"\" width=\"18\" height=\"15\" \/>Hnojivo speci\u00e1ln\u011b ur\u010den\u00e9 k podpo\u0159e r\u016fstu a kveten\u00ed poinsetti\u00ed.<\/strong>\u00a0Toto vyv\u00e1\u017een\u00e9 hnojivo s obsahem dus\u00edku (N), fosforu (P) a drasl\u00edku (K) ve slo\u017een\u00ed NPK 15-15-15 zaji\u0161\u0165uje optim\u00e1ln\u00ed v\u00fdvoj list\u016f a intenzivn\u00ed kveten\u00ed. Podporuje siln\u00e9 listy, intenzivn\u00ed \u010derven\u00e9 listeny a zdravou rostlinu po celou dobu jej\u00edho r\u016fstu.<\/p>\n<p><strong><img decoding=\"async\" style=\"margin-right: 12px;\" src=\"https:\/\/www.ferberpainting.com\/wp-content\/uploads\/2026\/02\/Check.svg\" alt=\"\" width=\"18\" height=\"15\" \/>Garance spokojenosti nebo vr\u00e1cen\u00ed pen\u011bz.<\/strong>\u00a0Jsme si jisti kvalitou na\u0161ich v\u00fdrobk\u016f, a proto nab\u00edz\u00edme z\u00e1ruku spokojenosti nebo vr\u00e1cen\u00ed pen\u011bz. Pokud po pou\u017eit\u00ed v souladu s doporu\u010den\u00edmi nezaznamen\u00e1te \u017e\u00e1dn\u00e9 zlep\u0161en\u00ed r\u016fstu a kveten\u00ed va\u0161\u00ed poinsettie, slibujeme, \u017ee v\u00e1m vr\u00e1t\u00edme pen\u00edze v pln\u00e9 v\u00fd\u0161i.<\/p>\n<p><strong><img decoding=\"async\" style=\"margin-right: 12px;\" src=\"https:\/\/www.ferberpainting.com\/wp-content\/uploads\/2026\/02\/Check.svg\" alt=\"\" width=\"18\" height=\"15\" \/>Vhodn\u00e9 pro r\u016fzn\u00e9 druhy pokojov\u00fdch i venkovn\u00edch rostlin.<\/strong>\u00a0Toto hnojivo je ide\u00e1ln\u00ed pro v\u0161echny druhy poinsetti\u00ed, ale tak\u00e9 pro dal\u0161\u00ed kvetouc\u00ed pokojov\u00e9 rostliny, jako jsou begonie, gloxinie a kalanchoe. Dob\u0159e p\u016fsob\u00ed tak\u00e9 na n\u011bkter\u00e9 zelen\u00e9 rostliny, kter\u00fdm dod\u00e1v\u00e1 z\u00e1kladn\u00ed \u017eiviny pro zdrav\u00fd r\u016fst.<\/p>\n<p><strong><img decoding=\"async\" style=\"margin-right: 12px;\" src=\"https:\/\/www.ferberpainting.com\/wp-content\/uploads\/2026\/02\/Check.svg\" alt=\"\" width=\"18\" height=\"15\" \/>Vynikaj\u00edc\u00ed n\u00e1kladov\u00e1 efektivita.<\/strong>\u00a0P\u0159i d\u00e1vkov\u00e1n\u00ed 5 ml na litr vody umo\u017e\u0148uje p\u011btilitrov\u00e1 n\u00e1doba p\u0159ipravit 1000 litr\u016f hnojiva p\u0159ipraven\u00e9ho k pou\u017eit\u00ed, kter\u00e9 pokryje dlouh\u00e9 obdob\u00ed hnojen\u00ed. Jedn\u00e1 se o ekonomick\u00e9 a udr\u017eiteln\u00e9 \u0159e\u0161en\u00ed p\u00e9\u010de o rostliny.<\/p>\n<p><strong><img decoding=\"async\" style=\"margin-right: 12px;\" src=\"https:\/\/www.ferberpainting.com\/wp-content\/uploads\/2026\/02\/Check.svg\" alt=\"\" width=\"18\" height=\"15\" \/>Produkt, kter\u00fd je bezpe\u010dn\u00fd pro rostliny a \u0161etrn\u00fd k \u017eivotn\u00edmu prost\u0159ed\u00ed.<\/strong>\u00a0Vyv\u00e1\u017een\u00e9 slo\u017een\u00ed \u017eivin zabra\u0148uje jejich nadbytku a chr\u00e1n\u00ed ko\u0159eny poinsetti\u00ed p\u0159ed pop\u00e1leninami zp\u016fsoben\u00fdmi p\u0159ed\u00e1vkov\u00e1n\u00edm. Nem\u00e1 negativn\u00ed vliv na p\u016fdu ani \u017eivotn\u00ed prost\u0159ed\u00ed, tak\u017ee je ide\u00e1ln\u00ed pro \u010dast\u00e9 pou\u017e\u00edv\u00e1n\u00ed v interi\u00e9ru.<\/p>\n<p><strong><img decoding=\"async\" style=\"margin-right: 12px;\" src=\"https:\/\/www.ferberpainting.com\/wp-content\/uploads\/2026\/02\/Check.svg\" alt=\"\" width=\"18\" height=\"15\" \/>Snadn\u00e9 pou\u017eit\u00ed s rychl\u00fdm a jednoduch\u00fdm \u0159ed\u011bn\u00edm.<\/strong>\u00a0Na rozd\u00edl od pevn\u00fdch hnojiv, kter\u00e1 vy\u017eaduj\u00ed \u010das na rozpu\u0161t\u011bn\u00ed, se toto kapaln\u00e9 hnojivo okam\u017eit\u011b m\u00eds\u00ed s vodou pro okam\u017eitou aplikaci. Jednodu\u0161e nalijte uvedenou d\u00e1vku do vody na zal\u00e9v\u00e1n\u00ed a aplikujte p\u0159\u00edmo k b\u00e1zi rostliny.<\/p>\n<p><strong><img decoding=\"async\" style=\"margin-right: 12px;\" src=\"https:\/\/www.ferberpainting.com\/wp-content\/uploads\/2026\/02\/Check.svg\" alt=\"\" width=\"18\" height=\"15\" \/>Dlouhotrvaj\u00edc\u00ed \u00fa\u010dinek pro del\u0161\u00ed kveten\u00ed.<\/strong>\u00a0D\u00edky postupn\u00e9mu uvol\u0148ov\u00e1n\u00ed zaji\u0161\u0165uje toto hnojivo rostlin\u00e1m nep\u0159etr\u017eitou v\u00fd\u017eivu a posiluje jejich odolnost v\u016f\u010di chorob\u00e1m a stresu z prost\u0159ed\u00ed. Zaru\u010duje del\u0161\u00ed kveten\u00ed a jasn\u011bj\u0161\u00ed barvy, trvaj\u00edc\u00ed n\u011bkolik m\u011bs\u00edc\u016f po aplikaci.<\/p>\n<p><strong><img decoding=\"async\" style=\"margin-right: 12px;\" src=\"https:\/\/www.ferberpainting.com\/wp-content\/uploads\/2026\/02\/Check.svg\" alt=\"\" width=\"18\" height=\"15\" \/>Viditeln\u00e9 v\u00fdsledky ji\u017e od prvn\u00edch t\u00fddn\u016f.<\/strong>\u00a0Ji\u017e po prvn\u00edch aplikac\u00edch m\u016f\u017eete pozorovat hust\u0161\u00ed olist\u011bn\u00ed, sv\u011btlej\u0161\u00ed listeny a lep\u0161\u00ed odolnost proti vysych\u00e1n\u00ed. Vyv\u00e1\u017een\u00e9 slo\u017een\u00ed \u017eivin pom\u00e1h\u00e1 zv\u00fd\u0161it intenzitu kveten\u00ed a zlep\u0161it celkov\u00fd vzhled va\u0161\u00ed poinsettie.<\/p>\n<h2>Protokol o pou\u017eit\u00ed<\/h2>\n<p><strong>Doporu\u010den\u00e9 d\u00e1vkov\u00e1n\u00ed :<\/strong><\/p>\n<ul>\n<li><strong>Mal\u00e9 rostliny v kv\u011btin\u00e1\u010d\u00edch (men\u0161\u00ed ne\u017e 30 cm) :<\/strong> Z\u0159e\u010fte 5 ml hnojiva v 1 litru vody a zal\u00e9vejte jednou za dva t\u00fddny.<\/li>\n<li><strong>St\u0159edn\u011b velk\u00e9 rostliny (30 a\u017e 60 cm) :<\/strong> Pou\u017e\u00edvejte 10 ml na litr vody a zal\u00e9vejte ka\u017ed\u00e9 dva t\u00fddny.<\/li>\n<li><strong>Velk\u00e9 poinsettie (&gt; 60 cm) :<\/strong> Aplikujte 15 ml na litr vody, abyste podpo\u0159ili optim\u00e1ln\u00ed r\u016fst a bohat\u00e9 kveten\u00ed.<\/li>\n<\/ul>\n<p><strong>Frekvence pou\u017eit\u00ed :<\/strong><\/p>\n<ul>\n<li><strong>Spring a letn\u00ed :<\/strong> Pro podporu zdrav\u00e9ho r\u016fstu a pos\u00edlen\u00ed ko\u0159en\u016f je pou\u017e\u00edvejte ka\u017ed\u00e9 dva t\u00fddny.<\/li>\n<li><strong>Podzim a zima (obdob\u00ed kv\u011btu) :<\/strong> Pro stimulaci tvorby barevn\u00fdch list\u016f a prodlou\u017een\u00ed kveten\u00ed zvy\u0161te frekvenci na jednou t\u00fddn\u011b.<\/li>\n<li><strong>Obdob\u00ed klidu (po odkv\u011btu) :<\/strong> Aplikaci omezte na jedenkr\u00e1t m\u011bs\u00ed\u010dn\u011b a sni\u017ete d\u00e1vku, abyste zabr\u00e1nili nadm\u011brn\u00e9mu r\u016fstu list\u016f.<\/li>\n<\/ul>\n<p><strong>Zp\u016fsob pou\u017eit\u00ed :<\/strong><\/p>\n<ul>\n<li>Zal\u00e9vejte p\u0159\u00edmo u b\u00e1ze rostliny a dbejte na to, abyste nenamo\u010dili listy ani listeny, abyste p\u0159ede\u0161li riziku vzniku pl\u00edsn\u00ed.<\/li>\n<li>Pou\u017e\u00edvejte vodu o pokojov\u00e9 teplot\u011b, abyste zabr\u00e1nili teplotn\u00edmu \u0161oku, kter\u00fd by mohl rostlinu stresovat.<\/li>\n<li>Nep\u0159emok\u0159ujte, aby nedo\u0161lo k p\u0159esycen\u00ed ko\u0159en\u016f, kter\u00e9 by mohlo zp\u016fsobit \u017eloutnut\u00ed list\u016f.<\/li>\n<\/ul>\n<p><strong>Opat\u0159en\u00ed pro pou\u017eit\u00ed :<\/strong><\/p>\n<ul>\n<li><strong>Nep\u0159ed\u00e1vkujte se<\/strong> aby se zabr\u00e1nilo nadbytku dus\u00edku, kter\u00fd by mohl podpo\u0159it r\u016fst list\u016f na \u00fakor \u010derven\u00fdch list\u016f.<\/li>\n<li><strong>Neaplikujte na podm\u00e1\u010den\u00fd podklad:<\/strong> P\u0159ed zal\u00e9v\u00e1n\u00edm z\u0159ed\u011bn\u00fdm hnojivem po\u010dkejte, a\u017e p\u016fda m\u00edrn\u011b vyschne.<\/li>\n<li>Po hnojen\u00ed nevystavujte poinsetie p\u0159\u00edm\u00e9mu slune\u010dn\u00edmu sv\u011btlu, abyste zabr\u00e1nili p\u0159ed\u010dasn\u00e9mu uschnut\u00ed list\u016f.<\/li>\n<\/ul>\n<p><strong>Skladov\u00e1n\u00ed a konzervace :<\/strong><\/p>\n<ul>\n<li>Hnojivo skladujte na chladn\u00e9m a such\u00e9m m\u00edst\u011b, mimo dosah p\u0159\u00edm\u00e9ho sv\u011btla.<\/li>\n<li>Po ka\u017ed\u00e9m pou\u017eit\u00ed n\u00e1dobu pevn\u011b uzav\u0159ete, aby se zachovaly jej\u00ed hnojiv\u00e9 vlastnosti.<\/li>\n<\/ul>\n<p>S t\u00edmto hnojivem pro poinsettie zajist\u00edte rostlin\u011b siln\u00fd r\u016fst, jasn\u00e9 kveten\u00ed a dlouhotrvaj\u00edc\u00ed kr\u00e1su. Toto hnojivo je ide\u00e1ln\u00ed pro oslavy na konci roku a dekorativn\u00ed pou\u017eit\u00ed v interi\u00e9ru a pom\u00e1h\u00e1 obohatit va\u0161i poinsettii o oslniv\u00e9 barvy a sv\u011b\u017e\u00ed listy.<\/p>","protected":false},"excerpt":{"rendered":"<p>A fertilizer specially designed to promote the growth and blooming of poinsettias.\u00a0This balanced fertilizer in nitrogen (N), phosphorus (P), and potassium (K), with an NPK 15-15-15 formulation, ensures optimal leaf development and vibrant flowering. It promotes robust leaves, intense red bracts, and a healthy plant throughout its growing cycle. Satisfaction guaranteed or your money back.\u00a0Confident [&hellip;]<\/p>\n","protected":false},"featured_media":26635,"comment_status":"open","ping_status":"closed","template":"","meta":{"_uag_custom_page_level_css":"","site-sidebar-layout":"default","site-content-layout":"","ast-site-content-layout":"default","site-content-style":"default","site-sidebar-style":"default","ast-global-header-display":"","ast-banner-title-visibility":"","ast-main-header-display":"","ast-hfb-above-header-display":"","ast-hfb-below-header-display":"","ast-hfb-mobile-header-display":"","site-post-title":"","ast-breadcrumbs-content":"","ast-featured-img":"","footer-sml-layout":"","ast-disable-related-posts":"","theme-transparent-header-meta":"default","adv-header-id-meta":"","stick-header-meta":"","header-above-stick-meta":"","header-main-stick-meta":"","header-below-stick-meta":"","astra-migrate-meta-layouts":"set","ast-page-background-enabled":"default","ast-page-background-meta":{"desktop":{"background-color":"var(--ast-global-color-4)","background-image":"","background-repeat":"repeat","background-position":"center center","background-size":"auto","background-attachment":"scroll","background-type":"","background-media":"","overlay-type":"","overlay-color":"","overlay-opacity":"","overlay-gradient":""},"tablet":{"background-color":"","background-image":"","background-repeat":"repeat","background-position":"center center","background-size":"auto","background-attachment":"scroll","background-type":"","background-media":"","overlay-type":"","overlay-color":"","overlay-opacity":"","overlay-gradient":""},"mobile":{"background-color":"","background-image":"","background-repeat":"repeat","background-position":"center center","background-size":"auto","background-attachment":"scroll","background-type":"","background-media":"","overlay-type":"","overlay-color":"","overlay-opacity":"","overlay-gradient":""}},"ast-content-background-meta":{"desktop":{"background-color":"var(--ast-global-color-5)","background-image":"","background-repeat":"repeat","background-position":"center center","background-size":"auto","background-attachment":"scroll","background-type":"","background-media":"","overlay-type":"","overlay-color":"","overlay-opacity":"","overlay-gradient":""},"tablet":{"background-color":"var(--ast-global-color-5)","background-image":"","background-repeat":"repeat","background-position":"center center","background-size":"auto","background-attachment":"scroll","background-type":"","background-media":"","overlay-type":"","overlay-color":"","overlay-opacity":"","overlay-gradient":""},"mobile":{"background-color":"var(--ast-global-color-5)","background-image":"","background-repeat":"repeat","background-position":"center center","background-size":"auto","background-attachment":"scroll","background-type":"","background-media":"","overlay-type":"","overlay-color":"","overlay-opacity":"","overlay-gradient":""}}},"product_brand":[],"product_cat":[178],"product_tag":[],"class_list":{"0":"post-24787","1":"product","2":"type-product","3":"status-publish","4":"has-post-thumbnail","6":"product_cat-fertilizers","7":"desktop-align-left","8":"tablet-align-left","9":"mobile-align-left","11":"first","12":"instock","13":"sale","14":"taxable","15":"shipping-taxable","16":"purchasable","17":"product-type-variable","18":"has-default-attributes"},"spectra_custom_meta":{"_visibility":["visible"],"_shopify_product_id":["9071372730613"],"_s2w_shopify_domain":["ferberpainting.myshopify.com"],"_shopify_variant_id":["46516185759989"],"_sku":[""],"_manage_stock":["no"],"total_sales":["3"],"_tax_status":["taxable"],"_tax_class":[""],"_backorders":["no"],"_sold_individually":["no"],"_virtual":["no"],"_downloadable":["no"],"_download_limit":["-1"],"_download_expiry":["-1"],"_stock":[null],"_stock_status":["instock"],"_wc_average_rating":["4.86"],"_wc_review_count":["7"],"_product_attributes":["a:1:{s:6:\"volume\";a:6:{s:4:\"name\";s:6:\"Volume\";s:5:\"value\";s:20:\"5 liters | 25 liters\";s:8:\"position\";i:1;s:10:\"is_visible\";i:0;s:12:\"is_variation\";i:1;s:11:\"is_taxonomy\";i:0;}}"],"_product_version":["10.5.1"],"_thumbnail_id":["26635"],"_product_image_gallery":["26636"],"wpse_downloadable_file_names":[""],"wpse_downloadable_file_urls":[""],"_edit_last":["1"],"_default_attributes":["a:1:{s:6:\"volume\";s:8:\"5 liters\";}"],"_edit_lock":["1771223061:1"],"_price":["29.90","129.90"],"merchant-center-availability":["yes"],"merchant-center-category":["113"],"_wp_page_template":["default"],"site-sidebar-layout":["default"],"ast-site-content-layout":["default"],"site-content-style":["default"],"site-sidebar-style":["default"],"theme-transparent-header-meta":["default"],"_wc_rating_count":["a:2:{i:4;i:1;i:5;i:6;}"],"astra-migrate-meta-layouts":["set"],"_uag_css_file_name":["uag-css-24787.css"],"_elementor_page_assets":["a:0:{}"],"_uag_page_assets":["a:9:{s:3:\"css\";s:7133:\".uag-blocks-common-selector{z-index:var(--z-index-desktop) !important}@media(max-width: 976px){.uag-blocks-common-selector{z-index:var(--z-index-tablet) !important}}@media(max-width: 767px){.uag-blocks-common-selector{z-index:var(--z-index-mobile) !important}}.wp-block-uagb-image{display:flex}.wp-block-uagb-image__figure{position:relative;display:flex;flex-direction:column;max-width:100%;height:auto;margin:0}.wp-block-uagb-image__figure img{height:auto;display:flex;max-width:100%;transition:box-shadow .2s ease}.wp-block-uagb-image__figure>a{display:inline-block}.wp-block-uagb-image__figure figcaption{text-align:center;margin-top:.5em;margin-bottom:1em}.wp-block-uagb-image .components-placeholder.block-editor-media-placeholder .components-placeholder__instructions{align-self:center}.wp-block-uagb-image--align-left{text-align:left}.wp-block-uagb-image--align-right{text-align:right}.wp-block-uagb-image--align-center{text-align:center}.wp-block-uagb-image--align-full .wp-block-uagb-image__figure{margin-left:calc(50% - 50vw);margin-right:calc(50% - 50vw);max-width:100vw;width:100vw;height:auto}.wp-block-uagb-image--align-full .wp-block-uagb-image__figure img{height:auto;width:100% !important}.wp-block-uagb-image--align-wide .wp-block-uagb-image__figure img{height:auto;width:100%}.wp-block-uagb-image--layout-overlay__color-wrapper{position:absolute;left:0;top:0;right:0;bottom:0;opacity:.2;background:rgba(0,0,0,.5);transition:opacity .35s ease-in-out}.wp-block-uagb-image--layout-overlay-link{position:absolute;left:0;right:0;bottom:0;top:0}.wp-block-uagb-image--layout-overlay .wp-block-uagb-image__figure:hover .wp-block-uagb-image--layout-overlay__color-wrapper{opacity:1}.wp-block-uagb-image--layout-overlay__inner{position:absolute;left:15px;right:15px;bottom:15px;top:15px;display:flex;align-items:center;justify-content:center;flex-direction:column;border-color:#fff;transition:.35s ease-in-out}.wp-block-uagb-image--layout-overlay__inner.top-left,.wp-block-uagb-image--layout-overlay__inner.top-center,.wp-block-uagb-image--layout-overlay__inner.top-right{justify-content:flex-start}.wp-block-uagb-image--layout-overlay__inner.bottom-left,.wp-block-uagb-image--layout-overlay__inner.bottom-center,.wp-block-uagb-image--layout-overlay__inner.bottom-right{justify-content:flex-end}.wp-block-uagb-image--layout-overlay__inner.top-left,.wp-block-uagb-image--layout-overlay__inner.center-left,.wp-block-uagb-image--layout-overlay__inner.bottom-left{align-items:flex-start}.wp-block-uagb-image--layout-overlay__inner.top-right,.wp-block-uagb-image--layout-overlay__inner.center-right,.wp-block-uagb-image--layout-overlay__inner.bottom-right{align-items:flex-end}.wp-block-uagb-image--layout-overlay__inner .uagb-image-heading{color:#fff;transition:transform .35s,opacity .35s ease-in-out;transform:translate3d(0, 24px, 0);margin:0;line-height:1em}.wp-block-uagb-image--layout-overlay__inner .uagb-image-separator{width:30%;border-top-width:2px;border-top-color:#fff;border-top-style:solid;margin-bottom:10px;opacity:0;transition:transform .4s,opacity .4s ease-in-out;transform:translate3d(0, 30px, 0)}.wp-block-uagb-image--layout-overlay__inner .uagb-image-caption{opacity:0;overflow:visible;color:#fff;transition:transform .45s,opacity .45s ease-in-out;transform:translate3d(0, 35px, 0)}.wp-block-uagb-image--layout-overlay__inner:hover .uagb-image-heading,.wp-block-uagb-image--layout-overlay__inner:hover .uagb-image-separator,.wp-block-uagb-image--layout-overlay__inner:hover .uagb-image-caption{opacity:1;transform:translate3d(0, 0, 0)}.wp-block-uagb-image--effect-zoomin .wp-block-uagb-image__figure img,.wp-block-uagb-image--effect-zoomin .wp-block-uagb-image__figure .wp-block-uagb-image--layout-overlay__color-wrapper{transform:scale(1);transition:transform .35s ease-in-out}.wp-block-uagb-image--effect-zoomin .wp-block-uagb-image__figure:hover img,.wp-block-uagb-image--effect-zoomin .wp-block-uagb-image__figure:hover .wp-block-uagb-image--layout-overlay__color-wrapper{transform:scale(1.05)}.wp-block-uagb-image--effect-slide .wp-block-uagb-image__figure img,.wp-block-uagb-image--effect-slide .wp-block-uagb-image__figure .wp-block-uagb-image--layout-overlay__color-wrapper{width:calc(100% + 40px) !important;max-width:none !important;transform:translate3d(-40px, 0, 0);transition:transform .35s ease-in-out}.wp-block-uagb-image--effect-slide .wp-block-uagb-image__figure:hover img,.wp-block-uagb-image--effect-slide .wp-block-uagb-image__figure:hover .wp-block-uagb-image--layout-overlay__color-wrapper{transform:translate3d(0, 0, 0)}.wp-block-uagb-image--effect-grayscale img{filter:grayscale(0%);transition:.35s ease-in-out}.wp-block-uagb-image--effect-grayscale:hover img{filter:grayscale(100%)}.wp-block-uagb-image--effect-blur img{filter:blur(0);transition:.35s ease-in-out}.wp-block-uagb-image--effect-blur:hover img{filter:blur(3px)}.uagb-block-e6f939b3.wp-block-uagb-image--layout-default figure img{box-shadow: 0px 0px 0 #00000070;}.uagb-block-e6f939b3.wp-block-uagb-image .wp-block-uagb-image__figure figcaption{font-style: normal;align-self: center;}.uagb-block-e6f939b3.wp-block-uagb-image--layout-overlay figure img{box-shadow: 0px 0px 0 #00000070;}.uagb-block-e6f939b3.wp-block-uagb-image--layout-overlay .wp-block-uagb-image--layout-overlay__color-wrapper{opacity: 0.2;}.uagb-block-e6f939b3.wp-block-uagb-image--layout-overlay .wp-block-uagb-image--layout-overlay__inner{left: 15px;right: 15px;top: 15px;bottom: 15px;}.uagb-block-e6f939b3.wp-block-uagb-image--layout-overlay .wp-block-uagb-image--layout-overlay__inner .uagb-image-heading{font-style: normal;color: #fff;opacity: 1;}.uagb-block-e6f939b3.wp-block-uagb-image--layout-overlay .wp-block-uagb-image--layout-overlay__inner .uagb-image-heading a{color: #fff;}.uagb-block-e6f939b3.wp-block-uagb-image--layout-overlay .wp-block-uagb-image--layout-overlay__inner .uagb-image-caption{opacity: 0;}.uagb-block-e6f939b3.wp-block-uagb-image--layout-overlay .wp-block-uagb-image__figure:hover .wp-block-uagb-image--layout-overlay__color-wrapper{opacity: 1;}.uagb-block-e6f939b3.wp-block-uagb-image .wp-block-uagb-image--layout-overlay__inner .uagb-image-separator{width: 30%;border-top-width: 2px;border-top-color: #fff;opacity: 0;}.uagb-block-e6f939b3.wp-block-uagb-image .wp-block-uagb-image__figure img{width: px;height: auto;}.uagb-block-e6f939b3.wp-block-uagb-image .wp-block-uagb-image__figure:hover .wp-block-uagb-image--layout-overlay__inner .uagb-image-caption{opacity: 1;}.uagb-block-e6f939b3.wp-block-uagb-image .wp-block-uagb-image__figure:hover .wp-block-uagb-image--layout-overlay__inner .uagb-image-separator{opacity: 1;}.uagb-block-e6f939b3.wp-block-uagb-image--layout-default figure:hover img{box-shadow: 0px 0px 0 #00000070;}.uagb-block-e6f939b3.wp-block-uagb-image--layout-overlay figure:hover img{box-shadow: 0px 0px 0 #00000070;}@media only screen and (max-width: 976px) {.uagb-block-e6f939b3.wp-block-uagb-image .wp-block-uagb-image__figure img{width: px;height: auto;}}@media only screen and (max-width: 767px) {.uagb-block-e6f939b3.wp-block-uagb-image .wp-block-uagb-image__figure img{width: px;height: auto;}}\";s:2:\"js\";s:0:\"\";s:18:\"current_block_list\";a:13:{i:0;s:11:\"core\/search\";i:1;s:10:\"core\/group\";i:2;s:12:\"core\/heading\";i:3;s:17:\"core\/latest-posts\";i:4;s:20:\"core\/latest-comments\";i:5;s:13:\"core\/archives\";i:6;s:15:\"core\/categories\";i:7;s:14:\"core\/paragraph\";i:8;s:10:\"uagb\/image\";i:9;s:11:\"core\/spacer\";i:10;s:30:\"woocommerce\/product-categories\";i:11;s:10:\"core\/image\";i:12;s:14:\"core\/shortcode\";}s:8:\"uag_flag\";b:1;s:11:\"uag_version\";s:10:\"1777330416\";s:6:\"gfonts\";a:0:{}s:10:\"gfonts_url\";s:0:\"\";s:12:\"gfonts_files\";a:0:{}s:14:\"uag_faq_layout\";b:0;}"]},"uagb_featured_image_src":{"full":["https:\/\/www.ferberpainting.com\/wp-content\/uploads\/2025\/05\/PoinsettiaFertilizer5L.png",2560,2560,false],"thumbnail":["https:\/\/www.ferberpainting.com\/wp-content\/uploads\/2025\/05\/PoinsettiaFertilizer5L-150x150.png",150,150,true],"medium":["https:\/\/www.ferberpainting.com\/wp-content\/uploads\/2025\/05\/PoinsettiaFertilizer5L-300x300.png",300,300,true],"medium_large":["https:\/\/www.ferberpainting.com\/wp-content\/uploads\/2025\/05\/PoinsettiaFertilizer5L-768x768.png",768,768,true],"large":["https:\/\/www.ferberpainting.com\/wp-content\/uploads\/2025\/05\/PoinsettiaFertilizer5L-1024x1024.png",1024,1024,true],"1536x1536":["https:\/\/www.ferberpainting.com\/wp-content\/uploads\/2025\/05\/PoinsettiaFertilizer5L-1536x1536.png",1536,1536,true],"2048x2048":["https:\/\/www.ferberpainting.com\/wp-content\/uploads\/2025\/05\/PoinsettiaFertilizer5L-2048x2048.png",2048,2048,true],"trp-custom-language-flag":["https:\/\/www.ferberpainting.com\/wp-content\/uploads\/2025\/05\/PoinsettiaFertilizer5L-12x12.png",12,12,true],"woocommerce_thumbnail":["https:\/\/www.ferberpainting.com\/wp-content\/uploads\/2025\/05\/PoinsettiaFertilizer5L-300x300.png",300,300,true],"woocommerce_single":["https:\/\/www.ferberpainting.com\/wp-content\/uploads\/2025\/05\/PoinsettiaFertilizer5L-600x600.png",600,600,true],"woocommerce_gallery_thumbnail":["https:\/\/www.ferberpainting.com\/wp-content\/uploads\/2025\/05\/PoinsettiaFertilizer5L-100x100.png",100,100,true]},"uagb_author_info":{"display_name":"admin","author_link":"https:\/\/www.ferberpainting.com\/cz\/author\/"},"uagb_comment_info":7,"uagb_excerpt":"A fertilizer specially designed to promote the growth and blooming of poinsettias.\u00a0This balanced fertilizer in nitrogen (N), phosphorus (P), and potassium (K), with an NPK 15-15-15 formulation, ensures optimal leaf development and vibrant flowering. It promotes robust leaves, intense red bracts, and a healthy plant throughout its growing cycle. Satisfaction guaranteed or your money back.\u00a0Confident&hellip;","_links":{"self":[{"href":"https:\/\/www.ferberpainting.com\/cz\/wp-json\/wp\/v2\/product\/24787","targetHints":{"allow":["GET"]}}],"collection":[{"href":"https:\/\/www.ferberpainting.com\/cz\/wp-json\/wp\/v2\/product"}],"about":[{"href":"https:\/\/www.ferberpainting.com\/cz\/wp-json\/wp\/v2\/types\/product"}],"replies":[{"embeddable":true,"href":"https:\/\/www.ferberpainting.com\/cz\/wp-json\/wp\/v2\/comments?post=24787"}],"version-history":[{"count":4,"href":"https:\/\/www.ferberpainting.com\/cz\/wp-json\/wp\/v2\/product\/24787\/revisions"}],"predecessor-version":[{"id":166985,"href":"https:\/\/www.ferberpainting.com\/cz\/wp-json\/wp\/v2\/product\/24787\/revisions\/166985"}],"wp:featuredmedia":[{"embeddable":true,"href":"https:\/\/www.ferberpainting.com\/cz\/wp-json\/wp\/v2\/media\/26635"}],"wp:attachment":[{"href":"https:\/\/www.ferberpainting.com\/cz\/wp-json\/wp\/v2\/media?parent=24787"}],"wp:term":[{"taxonomy":"product_brand","embeddable":true,"href":"https:\/\/www.ferberpainting.com\/cz\/wp-json\/wp\/v2\/product_brand?post=24787"},{"taxonomy":"product_cat","embeddable":true,"href":"https:\/\/www.ferberpainting.com\/cz\/wp-json\/wp\/v2\/product_cat?post=24787"},{"taxonomy":"product_tag","embeddable":true,"href":"https:\/\/www.ferberpainting.com\/cz\/wp-json\/wp\/v2\/product_tag?post=24787"}],"curies":[{"name":"wp","href":"https:\/\/api.w.org\/{rel}","templated":true}]}}