{"id":24768,"date":"2025-05-26T10:27:03","date_gmt":"2025-05-26T08:27:03","guid":{"rendered":"https:\/\/www.ferberpainting.com\/products\/pepper-and-chili-fertilizer\/"},"modified":"2026-02-15T23:51:46","modified_gmt":"2026-02-15T22:51:46","slug":"pepper-and-chili-fertilizer","status":"publish","type":"product","link":"https:\/\/www.ferberpainting.com\/cz\/products\/pepper-and-chili-fertilizer\/","title":{"rendered":"Hnojivo pro papriky a chilli"},"content":{"rendered":"<p><strong><img decoding=\"async\" style=\"margin-right: 12px;\" src=\"https:\/\/www.ferberpainting.com\/wp-content\/uploads\/2026\/02\/Check.svg\" alt=\"\" width=\"18\" height=\"15\" \/>Hnojivo speci\u00e1ln\u011b ur\u010den\u00e9 pro zdrav\u00e9 a aromatick\u00e9 chilli papri\u010dky.<\/strong>\u00a0Toto hnojivo je vyvinuto tak, aby spl\u0148ovalo specifick\u00e9 pot\u0159eby paprik, podporovalo jejich siln\u00fd r\u016fst, bohat\u00e9 kveten\u00ed a produkci pikantn\u00edch a chutn\u00fdch plod\u016f. D\u00edky dokonal\u00e9 rovnov\u00e1ze dus\u00edku (N), fosforu (P) a drasl\u00edku (K) s NPK 15-15-15 stimuluje v\u00fdvoj ko\u0159en\u016f, kveten\u00ed a tvorbu plod\u016f a zaji\u0161\u0165uje bohatou a kvalitn\u00ed \u00farodu.<\/p>\n<p><strong><img decoding=\"async\" style=\"margin-right: 12px;\" src=\"https:\/\/www.ferberpainting.com\/wp-content\/uploads\/2026\/02\/Check.svg\" alt=\"\" width=\"18\" height=\"15\" \/>Z\u00e1ruka vr\u00e1cen\u00ed pen\u011bz.<\/strong>\u00a0Jsme p\u0159esv\u011bd\u010deni o \u00fa\u010dinnosti na\u0161eho hnojiva na chilli papri\u010dky a v p\u0159\u00edpad\u011b nespokojenosti nab\u00edz\u00edme vr\u00e1cen\u00ed pln\u00e9 \u010d\u00e1stky. Pokud po aplikaci podle doporu\u010den\u00ed nezaznamen\u00e1te v\u00fdrazn\u00e9 zlep\u0161en\u00ed \u00farody, m\u016f\u017eete po\u017e\u00e1dat o vr\u00e1cen\u00ed pen\u011bz bez nutnosti zd\u016fvodn\u011bn\u00ed.<\/p>\n<p><strong><img decoding=\"async\" style=\"margin-right: 12px;\" src=\"https:\/\/www.ferberpainting.com\/wp-content\/uploads\/2026\/02\/Check.svg\" alt=\"\" width=\"18\" height=\"15\" \/>Vhodn\u00e9 pro v\u0161echny odr\u016fdy paprik a zp\u016fsoby p\u011bstov\u00e1n\u00ed.<\/strong>\u00a0Toto hnojivo je p\u0159izp\u016fsobeno pro v\u0161echny druhy paprik, a\u0165 u\u017e m\u00edrn\u00e9 nebo p\u00e1liv\u00e9, jako je Cayensk\u00fd pep\u0159, jalape\u00f1o, habanero nebo Espelette. Je ide\u00e1ln\u00ed pro p\u011bstov\u00e1n\u00ed ve voln\u00e9 p\u016fd\u011b, ve sklen\u00edc\u00edch, v kv\u011btin\u00e1\u010d\u00edch na balkon\u011b nebo i v hydroponii. D\u00edky sv\u00e9mu vyv\u00e1\u017een\u00e9mu slo\u017een\u00ed je univerz\u00e1ln\u00edm hnojivem vhodn\u00fdm i pro dal\u0161\u00ed solankovit\u00e9 plodiny, jako jsou raj\u010data, lilky a papriky.<\/p>\n<p><strong><img decoding=\"async\" style=\"margin-right: 12px;\" src=\"https:\/\/www.ferberpainting.com\/wp-content\/uploads\/2026\/02\/Check.svg\" alt=\"\" width=\"18\" height=\"15\" \/>Vynikaj\u00edc\u00ed ekonomick\u00fd v\u00fdnos.<\/strong>\u00a0D\u00edky optim\u00e1ln\u00ed koncentraci zaji\u0161\u0165uje toto hnojivo n\u00edzk\u00e9 d\u00e1vkov\u00e1n\u00ed p\u0159i velk\u00e9m mno\u017estv\u00ed hnojiv\u00e9ho roztoku. \u0158ed\u011bn\u00ed 5 ml na litr vody umo\u017e\u0148uje \u00fa\u010dinn\u011b hnojit n\u011bkolik rostlin pouze jednou p\u011btilitrovou lahv\u00ed, \u010d\u00edm\u017e se optimalizuj\u00ed n\u00e1klady na hnojivo a z\u00e1rove\u0148 se dosahuje maxim\u00e1ln\u00edch v\u00fdsledk\u016f.<\/p>\n<p><strong><img decoding=\"async\" style=\"margin-right: 12px;\" src=\"https:\/\/www.ferberpainting.com\/wp-content\/uploads\/2026\/02\/Check.svg\" alt=\"\" width=\"18\" height=\"15\" \/>Bezpe\u010dn\u00e9 hnojivo pro plodiny a \u017eivotn\u00ed prost\u0159ed\u00ed.<\/strong>\u00a0Toto hnojivo je vyrobeno bez \u0161kodliv\u00fdch l\u00e1tek pro rostliny a p\u016fdu, zachov\u00e1v\u00e1 biologickou rovnov\u00e1hu plodin a dlouhodob\u011b zlep\u0161uje strukturu p\u016fdy. Respektuje \u017eivotn\u00ed prost\u0159ed\u00ed i lidsk\u00e9 zdrav\u00ed a zaji\u0161\u0165uje bezpe\u010dnou a p\u0159irozenou \u00farodu bez rizika toxicity pro spot\u0159ebu.<\/p>\n<p><strong><img decoding=\"async\" style=\"margin-right: 12px;\" src=\"https:\/\/www.ferberpainting.com\/wp-content\/uploads\/2026\/02\/Check.svg\" alt=\"\" width=\"18\" height=\"15\" \/>Jednoduch\u00e9 pou\u017eit\u00ed pro v\u0161echny zahr\u00e1dk\u00e1\u0159e.<\/strong>\u00a0Toto hnojivo je navr\u017eeno tak, aby jej mohli snadno pou\u017e\u00edvat jak za\u010d\u00e1te\u010dn\u00edci, tak profesion\u00e1lov\u00e9, a \u0159ed\u00ed se p\u0159\u00edmo ve vod\u011b a aplikuje se zal\u00e9v\u00e1n\u00edm nebo post\u0159ikem. Nevy\u017eaduje \u017e\u00e1dnou slo\u017eitou p\u0159\u00edpravu, \u010d\u00edm\u017e \u0161et\u0159\u00ed \u010das a zabra\u0148uje chyb\u00e1m p\u0159i d\u00e1vkov\u00e1n\u00ed.<\/p>\n<p><strong><img decoding=\"async\" style=\"margin-right: 12px;\" src=\"https:\/\/www.ferberpainting.com\/wp-content\/uploads\/2026\/02\/Check.svg\" alt=\"\" width=\"18\" height=\"15\" \/>Dlouhodob\u00e9 p\u016fsoben\u00ed pro zdrav\u00e9 rostliny chilli.<\/strong>\u00a0D\u00edky postupn\u00e9mu uvol\u0148ov\u00e1n\u00ed \u017eivin zaji\u0161\u0165uje toto hnojivo vyv\u00e1\u017eenou v\u00fd\u017eivu po dobu n\u011bkolika t\u00fddn\u016f. Podporuje siln\u00fd ko\u0159enov\u00fd syst\u00e9m, odolnost v\u016f\u010di chorob\u00e1m a nep\u0159etr\u017eit\u00e9 kveten\u00ed, \u010d\u00edm\u017e zaji\u0161\u0165uje bohatou a dlouhotrvaj\u00edc\u00ed \u00farodu po celou sez\u00f3nu.<\/p>\n<p><strong><img decoding=\"async\" style=\"margin-right: 12px;\" src=\"https:\/\/www.ferberpainting.com\/wp-content\/uploads\/2026\/02\/Check.svg\" alt=\"\" width=\"18\" height=\"15\" \/>Viditeln\u00e9 v\u00fdsledky ji\u017e za n\u011bkolik t\u00fddn\u016f.<\/strong>\u00a0Ji\u017e v prvn\u00edch t\u00fddnech po aplikaci m\u016f\u017eete pozorovat zrychlen\u00fd r\u016fst rostlin, hust\u0161\u00ed a zelen\u011bj\u0161\u00ed listy a tak\u00e9 trvalej\u0161\u00ed kveten\u00ed a plodenstv\u00ed. Toto hnojivo tak\u00e9 stimuluje tvorbu du\u017enat\u011bj\u0161\u00edch, barevn\u011bj\u0161\u00edch a aromati\u010dt\u011bj\u0161\u00edch plod\u016f, co\u017e vede k bohat\u00e9 a kvalitn\u00ed \u00farod\u011b.<\/p>\n<h2><strong>Pokyny k pou\u017eit\u00ed<\/strong><\/h2>\n<p><strong>Doporu\u010den\u00e9 d\u00e1vkov\u00e1n\u00ed <\/strong>:<\/p>\n<ul>\n<li><strong>V otev\u0159en\u00e9m ter\u00e9nu <\/strong>: Ka\u017ed\u00e9 2 t\u00fddny z\u0159e\u010fte 5 ml hnojiva na litr vody a zal\u00e9vejte p\u0159\u00edmo u b\u00e1ze rostlin.<\/li>\n<li><strong>V kv\u011btin\u00e1\u010d\u00edch <\/strong>: Aplikujte 5 ml na litr vody a zal\u00e9vejte ka\u017ed\u00e9 2 t\u00fddny, p\u0159i\u010dem\u017e d\u00e1vejte pozor, abyste substr\u00e1t nep\u0159ehnojili.<\/li>\n<li><strong>V hydroponii <\/strong>: Do \u017eivn\u00e9ho roztoku p\u0159idejte 5 ml na litr vody a ka\u017ed\u00fd t\u00fdden jej obnovujte.<\/li>\n<\/ul>\n<p><strong>Frekvence pou\u017eit\u00ed <\/strong>:<\/p>\n<ul>\n<li><strong>F\u00e1ze r\u016fstu <\/strong>: Aplikujte ka\u017ed\u00e9 2 t\u00fddny, abyste podpo\u0159ili siln\u00fd v\u00fdvoj stonk\u016f a list\u016f.<\/li>\n<li><strong>Kveten\u00ed a plodenstv\u00ed <\/strong>: Aplikace prov\u00e1d\u011bjte ka\u017ed\u00e9 2 t\u00fddny, v p\u0159\u00edpad\u011b pot\u0159eby m\u00edrn\u011b zvy\u0161te frekvenci, abyste podpo\u0159ili tvorbu kv\u011bt\u016f a plod\u016f.<\/li>\n<li><strong>Obdob\u00ed sklizn\u011b <\/strong>: Pro udr\u017een\u00ed kvality plod\u016f bez nadm\u011brn\u00e9ho hnojen\u00ed omezte aplikaci na jedenkr\u00e1t m\u011bs\u00ed\u010dn\u011b.<\/li>\n<\/ul>\n<p><strong>Zp\u016fsob pou\u017eit\u00ed <\/strong>:<\/p>\n<ul>\n<li><strong>Zavla\u017eov\u00e1n\u00edm ko\u0159en\u016f <\/strong>: Pro optim\u00e1ln\u00ed vst\u0159eb\u00e1v\u00e1n\u00ed p\u0159\u00edpravek na\u0159e\u010fte a aplikujte p\u0159\u00edmo na ko\u0159enovou z\u00f3nu.<\/li>\n<li><strong>Listov\u00fdm post\u0159ikem <\/strong>: Z\u0159ed\u011bn\u00fd roztok (5 ml\/l) nast\u0159\u00edkejte na listy ve f\u00e1zi r\u016fstu, b\u011bhem aplikace se vyhn\u011bte vysok\u00e9mu teplu nebo p\u0159\u00edm\u00e9mu slune\u010dn\u00edmu z\u00e1\u0159en\u00ed.<\/li>\n<\/ul>\n<p><strong>Bezpe\u010dnostn\u00ed opat\u0159en\u00ed pro pou\u017eit\u00ed <\/strong>:<\/p>\n<ul>\n<li>Nep\u0159ed\u00e1vkujte, nadbytek dus\u00edku m\u016f\u017ee podpo\u0159it r\u016fst list\u016f na \u00fakor produkce plod\u016f.<\/li>\n<li>Vyhn\u011bte se aplikaci na p\u0159\u00edm\u00e9m slune\u010dn\u00edm sv\u011btle, aplikujte r\u00e1no nebo ve\u010der.<\/li>\n<li>Skladujte na chladn\u00e9m a such\u00e9m m\u00edst\u011b, mimo dosah p\u0159\u00edm\u00e9ho slune\u010dn\u00edho sv\u011btla.<\/li>\n<\/ul>\n<p>S t\u00edmto hnojivem na chilli papri\u010dky si zajist\u00edte rychl\u00fd r\u016fst, bohat\u00e9 kveten\u00ed a chutn\u00e9 plody po celou sez\u00f3nu. Dokonal\u00e1 rovnov\u00e1ha \u017eivin zaru\u010duje bohatou \u00farodu, a\u0165 u\u017e se p\u011bstuje ve voln\u00e9 p\u016fd\u011b, v kv\u011btin\u00e1\u010d\u00edch nebo ve sklen\u00edku.<\/p>","protected":false},"excerpt":{"rendered":"<p>A fertilizer specially designed for healthy and flavorful chili peppers.\u00a0This fertilizer is formulated to meet the specific needs of pepper plants, promoting vigorous growth, abundant flowering, and the production of spicy and tasty fruits. Thanks to its perfect balance of nitrogen (N), phosphorus (P), and potassium (K) with a 15-15-15 NPK, it stimulates root development, [&hellip;]<\/p>\n","protected":false},"featured_media":26624,"comment_status":"open","ping_status":"closed","template":"","meta":{"_uag_custom_page_level_css":"","site-sidebar-layout":"default","site-content-layout":"","ast-site-content-layout":"default","site-content-style":"default","site-sidebar-style":"default","ast-global-header-display":"","ast-banner-title-visibility":"","ast-main-header-display":"","ast-hfb-above-header-display":"","ast-hfb-below-header-display":"","ast-hfb-mobile-header-display":"","site-post-title":"","ast-breadcrumbs-content":"","ast-featured-img":"","footer-sml-layout":"","ast-disable-related-posts":"","theme-transparent-header-meta":"default","adv-header-id-meta":"","stick-header-meta":"","header-above-stick-meta":"","header-main-stick-meta":"","header-below-stick-meta":"","astra-migrate-meta-layouts":"set","ast-page-background-enabled":"default","ast-page-background-meta":{"desktop":{"background-color":"var(--ast-global-color-4)","background-image":"","background-repeat":"repeat","background-position":"center center","background-size":"auto","background-attachment":"scroll","background-type":"","background-media":"","overlay-type":"","overlay-color":"","overlay-opacity":"","overlay-gradient":""},"tablet":{"background-color":"","background-image":"","background-repeat":"repeat","background-position":"center center","background-size":"auto","background-attachment":"scroll","background-type":"","background-media":"","overlay-type":"","overlay-color":"","overlay-opacity":"","overlay-gradient":""},"mobile":{"background-color":"","background-image":"","background-repeat":"repeat","background-position":"center center","background-size":"auto","background-attachment":"scroll","background-type":"","background-media":"","overlay-type":"","overlay-color":"","overlay-opacity":"","overlay-gradient":""}},"ast-content-background-meta":{"desktop":{"background-color":"var(--ast-global-color-5)","background-image":"","background-repeat":"repeat","background-position":"center center","background-size":"auto","background-attachment":"scroll","background-type":"","background-media":"","overlay-type":"","overlay-color":"","overlay-opacity":"","overlay-gradient":""},"tablet":{"background-color":"var(--ast-global-color-5)","background-image":"","background-repeat":"repeat","background-position":"center center","background-size":"auto","background-attachment":"scroll","background-type":"","background-media":"","overlay-type":"","overlay-color":"","overlay-opacity":"","overlay-gradient":""},"mobile":{"background-color":"var(--ast-global-color-5)","background-image":"","background-repeat":"repeat","background-position":"center center","background-size":"auto","background-attachment":"scroll","background-type":"","background-media":"","overlay-type":"","overlay-color":"","overlay-opacity":"","overlay-gradient":""}}},"product_brand":[],"product_cat":[178],"product_tag":[],"class_list":{"0":"post-24768","1":"product","2":"type-product","3":"status-publish","4":"has-post-thumbnail","6":"product_cat-fertilizers","7":"desktop-align-left","8":"tablet-align-left","9":"mobile-align-left","11":"first","12":"instock","13":"sale","14":"taxable","15":"shipping-taxable","16":"purchasable","17":"product-type-variable","18":"has-default-attributes"},"spectra_custom_meta":{"_visibility":["visible"],"_shopify_product_id":["9097088991477"],"_s2w_shopify_domain":["ferberpainting.myshopify.com"],"_shopify_variant_id":["46597724733685"],"_sku":[""],"_manage_stock":["no"],"total_sales":["15"],"_tax_status":["taxable"],"_tax_class":[""],"_backorders":["no"],"_sold_individually":["no"],"_virtual":["no"],"_downloadable":["no"],"_download_limit":["-1"],"_download_expiry":["-1"],"_stock":[null],"_stock_status":["instock"],"_wc_average_rating":["4.75"],"_wc_review_count":["8"],"_product_attributes":["a:1:{s:6:\"volume\";a:6:{s:4:\"name\";s:6:\"Volume\";s:5:\"value\";s:20:\"5 liters | 25 liters\";s:8:\"position\";i:1;s:10:\"is_visible\";i:0;s:12:\"is_variation\";i:1;s:11:\"is_taxonomy\";i:0;}}"],"_product_version":["10.5.1"],"_thumbnail_id":["26624"],"_product_image_gallery":["26626"],"wpse_downloadable_file_names":[""],"wpse_downloadable_file_urls":[""],"_edit_last":["1"],"_default_attributes":["a:1:{s:6:\"volume\";s:8:\"5 liters\";}"],"_edit_lock":["1771221531:1"],"_price":["29.90","129.90"],"merchant-center-availability":["yes"],"merchant-center-category":["113"],"_wp_page_template":["default"],"site-sidebar-layout":["default"],"ast-site-content-layout":["default"],"site-content-style":["default"],"site-sidebar-style":["default"],"theme-transparent-header-meta":["default"],"_wc_rating_count":["a:2:{i:4;i:2;i:5;i:6;}"],"astra-migrate-meta-layouts":["set"],"_uag_css_file_name":["uag-css-24768.css"],"_elementor_page_assets":["a:0:{}"],"_uag_page_assets":["a:9:{s:3:\"css\";s:7133:\".uag-blocks-common-selector{z-index:var(--z-index-desktop) !important}@media(max-width: 976px){.uag-blocks-common-selector{z-index:var(--z-index-tablet) !important}}@media(max-width: 767px){.uag-blocks-common-selector{z-index:var(--z-index-mobile) !important}}.wp-block-uagb-image{display:flex}.wp-block-uagb-image__figure{position:relative;display:flex;flex-direction:column;max-width:100%;height:auto;margin:0}.wp-block-uagb-image__figure img{height:auto;display:flex;max-width:100%;transition:box-shadow .2s ease}.wp-block-uagb-image__figure>a{display:inline-block}.wp-block-uagb-image__figure figcaption{text-align:center;margin-top:.5em;margin-bottom:1em}.wp-block-uagb-image .components-placeholder.block-editor-media-placeholder .components-placeholder__instructions{align-self:center}.wp-block-uagb-image--align-left{text-align:left}.wp-block-uagb-image--align-right{text-align:right}.wp-block-uagb-image--align-center{text-align:center}.wp-block-uagb-image--align-full .wp-block-uagb-image__figure{margin-left:calc(50% - 50vw);margin-right:calc(50% - 50vw);max-width:100vw;width:100vw;height:auto}.wp-block-uagb-image--align-full .wp-block-uagb-image__figure img{height:auto;width:100% !important}.wp-block-uagb-image--align-wide .wp-block-uagb-image__figure img{height:auto;width:100%}.wp-block-uagb-image--layout-overlay__color-wrapper{position:absolute;left:0;top:0;right:0;bottom:0;opacity:.2;background:rgba(0,0,0,.5);transition:opacity .35s ease-in-out}.wp-block-uagb-image--layout-overlay-link{position:absolute;left:0;right:0;bottom:0;top:0}.wp-block-uagb-image--layout-overlay .wp-block-uagb-image__figure:hover .wp-block-uagb-image--layout-overlay__color-wrapper{opacity:1}.wp-block-uagb-image--layout-overlay__inner{position:absolute;left:15px;right:15px;bottom:15px;top:15px;display:flex;align-items:center;justify-content:center;flex-direction:column;border-color:#fff;transition:.35s ease-in-out}.wp-block-uagb-image--layout-overlay__inner.top-left,.wp-block-uagb-image--layout-overlay__inner.top-center,.wp-block-uagb-image--layout-overlay__inner.top-right{justify-content:flex-start}.wp-block-uagb-image--layout-overlay__inner.bottom-left,.wp-block-uagb-image--layout-overlay__inner.bottom-center,.wp-block-uagb-image--layout-overlay__inner.bottom-right{justify-content:flex-end}.wp-block-uagb-image--layout-overlay__inner.top-left,.wp-block-uagb-image--layout-overlay__inner.center-left,.wp-block-uagb-image--layout-overlay__inner.bottom-left{align-items:flex-start}.wp-block-uagb-image--layout-overlay__inner.top-right,.wp-block-uagb-image--layout-overlay__inner.center-right,.wp-block-uagb-image--layout-overlay__inner.bottom-right{align-items:flex-end}.wp-block-uagb-image--layout-overlay__inner .uagb-image-heading{color:#fff;transition:transform .35s,opacity .35s ease-in-out;transform:translate3d(0, 24px, 0);margin:0;line-height:1em}.wp-block-uagb-image--layout-overlay__inner .uagb-image-separator{width:30%;border-top-width:2px;border-top-color:#fff;border-top-style:solid;margin-bottom:10px;opacity:0;transition:transform .4s,opacity .4s ease-in-out;transform:translate3d(0, 30px, 0)}.wp-block-uagb-image--layout-overlay__inner .uagb-image-caption{opacity:0;overflow:visible;color:#fff;transition:transform .45s,opacity .45s ease-in-out;transform:translate3d(0, 35px, 0)}.wp-block-uagb-image--layout-overlay__inner:hover .uagb-image-heading,.wp-block-uagb-image--layout-overlay__inner:hover .uagb-image-separator,.wp-block-uagb-image--layout-overlay__inner:hover .uagb-image-caption{opacity:1;transform:translate3d(0, 0, 0)}.wp-block-uagb-image--effect-zoomin .wp-block-uagb-image__figure img,.wp-block-uagb-image--effect-zoomin .wp-block-uagb-image__figure .wp-block-uagb-image--layout-overlay__color-wrapper{transform:scale(1);transition:transform .35s ease-in-out}.wp-block-uagb-image--effect-zoomin .wp-block-uagb-image__figure:hover img,.wp-block-uagb-image--effect-zoomin .wp-block-uagb-image__figure:hover .wp-block-uagb-image--layout-overlay__color-wrapper{transform:scale(1.05)}.wp-block-uagb-image--effect-slide .wp-block-uagb-image__figure img,.wp-block-uagb-image--effect-slide .wp-block-uagb-image__figure .wp-block-uagb-image--layout-overlay__color-wrapper{width:calc(100% + 40px) !important;max-width:none !important;transform:translate3d(-40px, 0, 0);transition:transform .35s ease-in-out}.wp-block-uagb-image--effect-slide .wp-block-uagb-image__figure:hover img,.wp-block-uagb-image--effect-slide .wp-block-uagb-image__figure:hover .wp-block-uagb-image--layout-overlay__color-wrapper{transform:translate3d(0, 0, 0)}.wp-block-uagb-image--effect-grayscale img{filter:grayscale(0%);transition:.35s ease-in-out}.wp-block-uagb-image--effect-grayscale:hover img{filter:grayscale(100%)}.wp-block-uagb-image--effect-blur img{filter:blur(0);transition:.35s ease-in-out}.wp-block-uagb-image--effect-blur:hover img{filter:blur(3px)}.uagb-block-e6f939b3.wp-block-uagb-image--layout-default figure img{box-shadow: 0px 0px 0 #00000070;}.uagb-block-e6f939b3.wp-block-uagb-image .wp-block-uagb-image__figure figcaption{font-style: normal;align-self: center;}.uagb-block-e6f939b3.wp-block-uagb-image--layout-overlay figure img{box-shadow: 0px 0px 0 #00000070;}.uagb-block-e6f939b3.wp-block-uagb-image--layout-overlay .wp-block-uagb-image--layout-overlay__color-wrapper{opacity: 0.2;}.uagb-block-e6f939b3.wp-block-uagb-image--layout-overlay .wp-block-uagb-image--layout-overlay__inner{left: 15px;right: 15px;top: 15px;bottom: 15px;}.uagb-block-e6f939b3.wp-block-uagb-image--layout-overlay .wp-block-uagb-image--layout-overlay__inner .uagb-image-heading{font-style: normal;color: #fff;opacity: 1;}.uagb-block-e6f939b3.wp-block-uagb-image--layout-overlay .wp-block-uagb-image--layout-overlay__inner .uagb-image-heading a{color: #fff;}.uagb-block-e6f939b3.wp-block-uagb-image--layout-overlay .wp-block-uagb-image--layout-overlay__inner .uagb-image-caption{opacity: 0;}.uagb-block-e6f939b3.wp-block-uagb-image--layout-overlay .wp-block-uagb-image__figure:hover .wp-block-uagb-image--layout-overlay__color-wrapper{opacity: 1;}.uagb-block-e6f939b3.wp-block-uagb-image .wp-block-uagb-image--layout-overlay__inner .uagb-image-separator{width: 30%;border-top-width: 2px;border-top-color: #fff;opacity: 0;}.uagb-block-e6f939b3.wp-block-uagb-image .wp-block-uagb-image__figure img{width: px;height: auto;}.uagb-block-e6f939b3.wp-block-uagb-image .wp-block-uagb-image__figure:hover .wp-block-uagb-image--layout-overlay__inner .uagb-image-caption{opacity: 1;}.uagb-block-e6f939b3.wp-block-uagb-image .wp-block-uagb-image__figure:hover .wp-block-uagb-image--layout-overlay__inner .uagb-image-separator{opacity: 1;}.uagb-block-e6f939b3.wp-block-uagb-image--layout-default figure:hover img{box-shadow: 0px 0px 0 #00000070;}.uagb-block-e6f939b3.wp-block-uagb-image--layout-overlay figure:hover img{box-shadow: 0px 0px 0 #00000070;}@media only screen and (max-width: 976px) {.uagb-block-e6f939b3.wp-block-uagb-image .wp-block-uagb-image__figure img{width: px;height: auto;}}@media only screen and (max-width: 767px) {.uagb-block-e6f939b3.wp-block-uagb-image .wp-block-uagb-image__figure img{width: px;height: auto;}}\";s:2:\"js\";s:0:\"\";s:18:\"current_block_list\";a:13:{i:0;s:11:\"core\/search\";i:1;s:10:\"core\/group\";i:2;s:12:\"core\/heading\";i:3;s:17:\"core\/latest-posts\";i:4;s:20:\"core\/latest-comments\";i:5;s:13:\"core\/archives\";i:6;s:15:\"core\/categories\";i:7;s:14:\"core\/paragraph\";i:8;s:10:\"uagb\/image\";i:9;s:11:\"core\/spacer\";i:10;s:30:\"woocommerce\/product-categories\";i:11;s:10:\"core\/image\";i:12;s:14:\"core\/shortcode\";}s:8:\"uag_flag\";b:1;s:11:\"uag_version\";s:10:\"1777310200\";s:6:\"gfonts\";a:0:{}s:10:\"gfonts_url\";s:0:\"\";s:12:\"gfonts_files\";a:0:{}s:14:\"uag_faq_layout\";b:0;}"]},"uagb_featured_image_src":{"full":["https:\/\/www.ferberpainting.com\/wp-content\/uploads\/2025\/05\/PepperandChiliFertilizer5L.png",2560,2560,false],"thumbnail":["https:\/\/www.ferberpainting.com\/wp-content\/uploads\/2025\/05\/PepperandChiliFertilizer5L-150x150.png",150,150,true],"medium":["https:\/\/www.ferberpainting.com\/wp-content\/uploads\/2025\/05\/PepperandChiliFertilizer5L-300x300.png",300,300,true],"medium_large":["https:\/\/www.ferberpainting.com\/wp-content\/uploads\/2025\/05\/PepperandChiliFertilizer5L-768x768.png",768,768,true],"large":["https:\/\/www.ferberpainting.com\/wp-content\/uploads\/2025\/05\/PepperandChiliFertilizer5L-1024x1024.png",1024,1024,true],"1536x1536":["https:\/\/www.ferberpainting.com\/wp-content\/uploads\/2025\/05\/PepperandChiliFertilizer5L-1536x1536.png",1536,1536,true],"2048x2048":["https:\/\/www.ferberpainting.com\/wp-content\/uploads\/2025\/05\/PepperandChiliFertilizer5L-2048x2048.png",2048,2048,true],"trp-custom-language-flag":["https:\/\/www.ferberpainting.com\/wp-content\/uploads\/2025\/05\/PepperandChiliFertilizer5L-12x12.png",12,12,true],"woocommerce_thumbnail":["https:\/\/www.ferberpainting.com\/wp-content\/uploads\/2025\/05\/PepperandChiliFertilizer5L-300x300.png",300,300,true],"woocommerce_single":["https:\/\/www.ferberpainting.com\/wp-content\/uploads\/2025\/05\/PepperandChiliFertilizer5L-600x600.png",600,600,true],"woocommerce_gallery_thumbnail":["https:\/\/www.ferberpainting.com\/wp-content\/uploads\/2025\/05\/PepperandChiliFertilizer5L-100x100.png",100,100,true]},"uagb_author_info":{"display_name":"admin","author_link":"https:\/\/www.ferberpainting.com\/cz\/author\/"},"uagb_comment_info":8,"uagb_excerpt":"A fertilizer specially designed for healthy and flavorful chili peppers.\u00a0This fertilizer is formulated to meet the specific needs of pepper plants, promoting vigorous growth, abundant flowering, and the production of spicy and tasty fruits. Thanks to its perfect balance of nitrogen (N), phosphorus (P), and potassium (K) with a 15-15-15 NPK, it stimulates root development,&hellip;","_links":{"self":[{"href":"https:\/\/www.ferberpainting.com\/cz\/wp-json\/wp\/v2\/product\/24768","targetHints":{"allow":["GET"]}}],"collection":[{"href":"https:\/\/www.ferberpainting.com\/cz\/wp-json\/wp\/v2\/product"}],"about":[{"href":"https:\/\/www.ferberpainting.com\/cz\/wp-json\/wp\/v2\/types\/product"}],"replies":[{"embeddable":true,"href":"https:\/\/www.ferberpainting.com\/cz\/wp-json\/wp\/v2\/comments?post=24768"}],"version-history":[{"count":4,"href":"https:\/\/www.ferberpainting.com\/cz\/wp-json\/wp\/v2\/product\/24768\/revisions"}],"predecessor-version":[{"id":166712,"href":"https:\/\/www.ferberpainting.com\/cz\/wp-json\/wp\/v2\/product\/24768\/revisions\/166712"}],"wp:featuredmedia":[{"embeddable":true,"href":"https:\/\/www.ferberpainting.com\/cz\/wp-json\/wp\/v2\/media\/26624"}],"wp:attachment":[{"href":"https:\/\/www.ferberpainting.com\/cz\/wp-json\/wp\/v2\/media?parent=24768"}],"wp:term":[{"taxonomy":"product_brand","embeddable":true,"href":"https:\/\/www.ferberpainting.com\/cz\/wp-json\/wp\/v2\/product_brand?post=24768"},{"taxonomy":"product_cat","embeddable":true,"href":"https:\/\/www.ferberpainting.com\/cz\/wp-json\/wp\/v2\/product_cat?post=24768"},{"taxonomy":"product_tag","embeddable":true,"href":"https:\/\/www.ferberpainting.com\/cz\/wp-json\/wp\/v2\/product_tag?post=24768"}],"curies":[{"name":"wp","href":"https:\/\/api.w.org\/{rel}","templated":true}]}}