{"id":24753,"date":"2025-06-30T22:30:08","date_gmt":"2025-06-30T20:30:08","guid":{"rendered":"https:\/\/www.ferberpainting.com\/?post_type=product&#038;p=24750"},"modified":"2026-02-15T23:24:02","modified_gmt":"2026-02-15T22:24:02","slug":"paintbrush-cleaner","status":"publish","type":"product","link":"https:\/\/www.ferberpainting.com\/cz\/products\/paintbrush-cleaner\/","title":{"rendered":"\u010cisti\u010d \u0161t\u011btc\u016f"},"content":{"rendered":"<p><strong><img decoding=\"async\" style=\"margin-right: 12px;\" src=\"https:\/\/www.ferberpainting.com\/wp-content\/uploads\/2026\/02\/Check.svg\" alt=\"\" width=\"18\" height=\"15\" \/>Optim\u00e1ln\u00ed efektivita.<\/strong>\u00a0Tento \u010distic\u00ed prost\u0159edek na \u0161t\u011btce je speci\u00e1ln\u011b navr\u017een tak, aby \u00fa\u010dinn\u011b odstra\u0148oval v\u0161echny typy zbytk\u016f barev, a\u0165 u\u017e na b\u00e1zi vody nebo rozpou\u0161t\u011bdel. Jeho siln\u00e9 slo\u017een\u00ed rychle rozpou\u0161t\u00ed \u010derstvou nebo zaschlou barvu na \u0161t\u011btin\u00e1ch \u0161t\u011btce, obnovuje jejich pru\u017enost a p\u016fvodn\u00ed \u00fa\u010dinnost. Zabra\u0148uje shlukov\u00e1n\u00ed \u0161t\u011btin, zachov\u00e1v\u00e1 jejich kvalitu a zaji\u0161\u0165uje bezprobl\u00e9movou aplikaci pro dal\u0161\u00ed pou\u017eit\u00ed.<\/p>\n<p><strong><img decoding=\"async\" style=\"margin-right: 12px;\" src=\"https:\/\/www.ferberpainting.com\/wp-content\/uploads\/2026\/02\/Check.svg\" alt=\"\" width=\"18\" height=\"15\" \/>Z\u00e1ruka vr\u00e1cen\u00ed pen\u011bz.<\/strong>\u00a0Jsme pln\u011b p\u0159esv\u011bd\u010deni o \u00fa\u010dinnosti na\u0161eho \u010distic\u00edho prost\u0159edku. Pokud po pou\u017eit\u00ed nejste s v\u00fdsledky pln\u011b spokojeni, m\u00e1te n\u00e1rok na vr\u00e1cen\u00ed pen\u011bz v pln\u00e9 v\u00fd\u0161i. Vyzkou\u0161ejte n\u00e1\u0161 v\u00fdrobek bez rizika a dop\u0159ejte sv\u00fdm kart\u00e1\u010d\u016fm druh\u00fd \u017eivot i po intenzivn\u00edm pou\u017e\u00edv\u00e1n\u00ed.<\/p>\n<p><strong><img decoding=\"async\" style=\"margin-right: 12px;\" src=\"https:\/\/www.ferberpainting.com\/wp-content\/uploads\/2026\/02\/Check.svg\" alt=\"\" width=\"18\" height=\"15\" \/>V\u00fdjime\u010dn\u00e1 v\u0161estrannost.<\/strong>\u00a0Tento \u010disti\u010d se neomezuje pouze na \u0161t\u011btce! Je \u00fa\u010dinn\u00fd tak\u00e9 na \u010di\u0161t\u011bn\u00ed v\u00e1le\u010dk\u016f, st\u0159\u00edkac\u00edch pistol\u00ed, palet, \u0161pachtl\u00ed a jak\u00e9hokoli jin\u00e9ho n\u00e1\u0159ad\u00ed pou\u017e\u00edvan\u00e9ho p\u0159i malov\u00e1n\u00ed, zdoben\u00ed nebo nat\u00edr\u00e1n\u00ed. Funguje na \u0161irokou \u0161k\u00e1lu barev a lak\u016f, v\u010detn\u011b akrylov\u00fdch, alkydov\u00fdch, olejov\u00fdch barev, mo\u0159idel, inkoust\u016f a barviv. D\u00edky sv\u00e9 kompatibilit\u011b s mnoha materi\u00e1ly je vhodn\u00fd jak pro dom\u00e1c\u00ed pou\u017eit\u00ed, tak pro pot\u0159eby stavebn\u00edch profesion\u00e1l\u016f, mal\u00ed\u0159\u016f a dekorat\u00e9r\u016f.<\/p>\n<p><strong><img decoding=\"async\" style=\"margin-right: 12px;\" src=\"https:\/\/www.ferberpainting.com\/wp-content\/uploads\/2026\/02\/Check.svg\" alt=\"\" width=\"18\" height=\"15\" \/>N\u00e1kladov\u011b efektivn\u00ed v\u00fdkon.<\/strong>\u00a0D\u00edky 5litrov\u00e9mu kanystru a vysok\u00e9 koncentraci nab\u00edz\u00ed tento \u010disti\u010d vynikaj\u00edc\u00ed hodnotu. Mal\u00e9 mno\u017estv\u00ed sta\u010d\u00ed na vy\u010di\u0161t\u011bn\u00ed n\u011bkolika kart\u00e1\u010d\u016f a n\u00e1stroj\u016f p\u0159i jedin\u00e9m pou\u017eit\u00ed. Jeden litr p\u0159\u00edpravku dok\u00e1\u017ee v pr\u016fm\u011bru o\u0161et\u0159it a\u017e 100 \u0161t\u011btc\u016f r\u016fzn\u00fdch velikost\u00ed, co\u017e zaji\u0161\u0165uje ekonomick\u00e9 a \u00fa\u010dinn\u00e9 \u0159e\u0161en\u00ed pro pravideln\u00e9 nebo intenzivn\u00ed pou\u017e\u00edv\u00e1n\u00ed.<\/p>\n<p><strong><img decoding=\"async\" style=\"margin-right: 12px;\" src=\"https:\/\/www.ferberpainting.com\/wp-content\/uploads\/2026\/02\/Check.svg\" alt=\"\" width=\"18\" height=\"15\" \/>Bezpe\u010dn\u00e9 pou\u017eit\u00ed.<\/strong>\u00a0Na rozd\u00edl od drsn\u00fdch rozpou\u0161t\u011bdel, kter\u00e1 mohou po\u0161kodit \u0161t\u011btiny kart\u00e1\u010d\u016f, vysu\u0161it ruce nebo uvol\u0148ovat toxick\u00e9 v\u00fdpary, je tento \u010distic\u00ed prost\u0159edek vyroben bez \u017e\u00edrav\u00fdch a \u0161kodliv\u00fdch l\u00e1tek. Nevyd\u00e1v\u00e1 \u017e\u00e1dn\u00e9 siln\u00e9 pachy a nedr\u00e1\u017ed\u00ed poko\u017eku, co\u017e zaji\u0161\u0165uje bezpe\u010dn\u00e9 pou\u017eit\u00ed pro jednotlivce i profesion\u00e1ly. Je bezpe\u010dn\u00fd pro materi\u00e1ly a neni\u010d\u00ed syntetick\u00e9 ani p\u0159\u00edrodn\u00ed \u0161t\u011btiny, \u010d\u00edm\u017e zachov\u00e1v\u00e1 jejich m\u011bkkost a pru\u017enost.<\/p>\n<p><strong><img decoding=\"async\" style=\"margin-right: 12px;\" src=\"https:\/\/www.ferberpainting.com\/wp-content\/uploads\/2026\/02\/Check.svg\" alt=\"\" width=\"18\" height=\"15\" \/>Snadn\u00e9 pou\u017eit\u00ed.<\/strong>\u00a0Tento produkt je p\u0159ipraven k pou\u017eit\u00ed a nevy\u017eaduje \u017e\u00e1dn\u00e9 \u0159ed\u011bn\u00ed ani slo\u017eitou manipulaci. Jednodu\u0161e pono\u0159te kart\u00e1\u010dek do \u010distic\u00edho prost\u0159edku, nechte jej n\u011bkolik okam\u017eik\u016f p\u016fsobit a pot\u00e9 opl\u00e1chn\u011bte \u010distou vodou. Jeho rychl\u00fd \u00fa\u010dinek a intuitivn\u00ed aplikace zaji\u0161\u0165uj\u00ed \u00fa\u010dinnou \u00fadr\u017ebu bez n\u00e1mahy, tak\u017ee \u010di\u0161t\u011bn\u00ed \u0161t\u011btc\u016f je snadn\u00e9 po ka\u017ed\u00e9m malov\u00e1n\u00ed.<\/p>\n<p><strong><img decoding=\"async\" style=\"margin-right: 12px;\" src=\"https:\/\/www.ferberpainting.com\/wp-content\/uploads\/2026\/02\/Check.svg\" alt=\"\" width=\"18\" height=\"15\" \/>Prodlou\u017een\u00e1 \u017eivotnost.<\/strong>\u00a0\u00da\u010dinn\u00fdm odstra\u0148ov\u00e1n\u00edm zbytk\u016f barvy a zachov\u00e1n\u00edm pru\u017enosti \u0161t\u011btin tento \u010distic\u00ed prost\u0159edek v\u00fdrazn\u011b prodlu\u017euje \u017eivotnost \u0161t\u011btc\u016f. Zabra\u0148uje p\u0159ed\u010dasn\u00e9mu tvrdnut\u00ed, sni\u017euje opot\u0159eben\u00ed a udr\u017euje dlouhodob\u00fd aplika\u010dn\u00ed v\u00fdkon. Pravideln\u00e1 \u00fadr\u017eba t\u00edmto p\u0159\u00edpravkem zaji\u0161\u0165uje, \u017ee \u0161t\u011btce jsou v\u017edy p\u0159ipraveny k pou\u017eit\u00ed, a zabra\u0148uje pl\u00fdtv\u00e1n\u00ed v d\u016fsledku nepou\u017eitelnosti n\u00e1\u0159ad\u00ed.<\/p>\n<p><strong><img decoding=\"async\" style=\"margin-right: 12px;\" src=\"https:\/\/www.ferberpainting.com\/wp-content\/uploads\/2026\/02\/Check.svg\" alt=\"\" width=\"18\" height=\"15\" \/>Rychl\u00e1 akce.<\/strong>\u00a0D\u00edky vysoce aktivn\u00edmu slo\u017een\u00ed tento \u010disti\u010d okam\u017eit\u011b p\u016fsob\u00ed na zbytky barvy a rozpou\u0161t\u00ed je b\u011bhem n\u011bkolika sekund. Umo\u017e\u0148uje rychl\u00e9 a \u00fa\u010dinn\u00e9 \u010di\u0161t\u011bn\u00ed, ide\u00e1ln\u00ed pro profesion\u00e1ly, kte\u0159\u00ed pot\u0159ebuj\u00ed rychle udr\u017eovat sv\u00e9 n\u00e1stroje mezi jednotliv\u00fdmi sezen\u00edmi, nebo pro jednotlivce, kte\u0159\u00ed cht\u011bj\u00ed skladovat sv\u00e9 \u0161t\u011btce, ani\u017e by je museli intenzivn\u011b drhnout.<\/p>\n<h2><strong>Protokol o pou\u017eit\u00ed<\/strong><\/h2>\n<ul>\n<li><strong>P\u0159\u00edprava <\/strong>: P\u0159ed pono\u0159en\u00edm \u0161t\u011btc\u016f do v\u00fdrobku je lehce ot\u0159ete had\u0159\u00edkem nebo pap\u00edrovou ut\u011brkou.<\/li>\n<li><strong>\u010ci\u0161t\u011bn\u00ed kart\u00e1\u010d\u016f <\/strong>: Nalijte dostate\u010dn\u00e9 mno\u017estv\u00ed \u010distic\u00edho prost\u0159edku do vhodn\u00e9 n\u00e1doby, pot\u00e9 kart\u00e1\u010d pono\u0159te do kapaliny a jemn\u011b prom\u00edchejte, aby se \u0161t\u011btiny zcela nasytily. Nechte n\u011bkolik minut p\u016fsobit, aby p\u0159\u00edpravek rozpustil zbytky barvy.<\/li>\n<li><strong>O\u0161et\u0159en\u00ed odoln\u00fdch skvrn <\/strong>: \u0160t\u011btce se zaschlou, usazenou barvou nechte d\u00e9le namo\u010den\u00e9 (a\u017e 30 minut) a pot\u00e9 \u0161t\u011btiny jemn\u011b vydrhn\u011bte m\u011bkk\u00fdm kart\u00e1\u010dem nebo neabrazivn\u00ed houbou.<\/li>\n<li><strong>Oplachov\u00e1n\u00ed <\/strong>: \u0160t\u011btec d\u016fkladn\u011b opl\u00e1chn\u011bte pod \u010distou vodou, p\u0159i\u010dem\u017e \u0161t\u011btiny jemn\u011b rozt\u00edrejte prsty, abyste odstranili v\u0161echny zbytky \u010distic\u00edho prost\u0159edku a rozpu\u0161t\u011bn\u00e9 barvy.<\/li>\n<li><strong>Su\u0161en\u00ed a dokon\u010dovac\u00ed pr\u00e1ce <\/strong>: Kart\u00e1\u010d jemn\u011b vy\u017ed\u00edmejte \u010dist\u00fdm had\u0159\u00edkem, vytvarujte ho a nechte ho uschnout na vzduchu - ide\u00e1ln\u011b zav\u011b\u0161en\u00fd nebo polo\u017een\u00fd na plocho, aby se \u0161t\u011btiny nedeformovaly.<\/li>\n<li><strong>\u010ci\u0161t\u011bn\u00ed dal\u0161\u00edch n\u00e1stroj\u016f <\/strong>: Stejnou metodu pou\u017eijte i na v\u00e1le\u010dky, \u0161pachtle a palety, kter\u00e9 p\u0159ed opl\u00e1chnut\u00edm lehce ot\u0159ete had\u0159\u00edkem namo\u010den\u00fdm v \u010distic\u00edm prost\u0159edku.<\/li>\n<li><strong>Frekvence pou\u017e\u00edv\u00e1n\u00ed <\/strong>: Aplikujte po ka\u017ed\u00e9m lakov\u00e1n\u00ed, abyste zabr\u00e1nili hromad\u011bn\u00ed zbytk\u016f a zachovali kvalitu n\u00e1stroje. Pro hloubkov\u00e9 \u010di\u0161t\u011bn\u00ed napl\u00e1nujte intenzivn\u011bj\u0161\u00ed \u010di\u0161t\u011bn\u00ed jednou za m\u011bs\u00edc, abyste odstranili usazeniny nahromad\u011bn\u00e9 ve vl\u00e1knech.<\/li>\n<li><strong>\u00dalo\u017ei\u0161t\u011b <\/strong>: Po ka\u017ed\u00e9m pou\u017eit\u00ed n\u00e1dobku t\u011bsn\u011b uzav\u0159ete a skladujte ji na chladn\u00e9m a such\u00e9m m\u00edst\u011b, mimo dosah sv\u011btla a extr\u00e9mn\u00edch teplot, abyste zachovali \u00fa\u010dinnost p\u0159\u00edpravku po del\u0161\u00ed dobu.<\/li>\n<\/ul>\n<p>S na\u0161\u00edm \u010disti\u010dem \u0161t\u011btc\u016f zajist\u00edte efektivn\u00ed \u00fadr\u017ebu bez n\u00e1mahy a z\u00e1rove\u0148 zachov\u00e1te pru\u017enost a dlouhou \u017eivotnost sv\u00fdch n\u00e1stroj\u016f. Ide\u00e1ln\u00ed \u0159e\u0161en\u00ed, jak udr\u017eet \u0161t\u011btce v\u017edy p\u0159ipraven\u00e9 k pou\u017eit\u00ed a s optim\u00e1ln\u00ed kvalitou aplikace.<\/p>","protected":false},"excerpt":{"rendered":"<p>Optimal Efficiency.\u00a0This cleaner for paintbrushes is specially designed to effectively remove all types of paint residues, whether water-based or solvent-based. Its powerful formula quickly dissolves fresh or dried paint on brush bristles, restoring their suppleness and original effectiveness. It prevents clumping of bristles, preserves their quality, and ensures smooth application for future uses. Money-back guarantee.\u00a0We [&hellip;]<\/p>\n","protected":false},"featured_media":36024,"comment_status":"open","ping_status":"closed","template":"","meta":{"_uag_custom_page_level_css":"","site-sidebar-layout":"default","site-content-layout":"","ast-site-content-layout":"default","site-content-style":"default","site-sidebar-style":"default","ast-global-header-display":"","ast-banner-title-visibility":"","ast-main-header-display":"","ast-hfb-above-header-display":"","ast-hfb-below-header-display":"","ast-hfb-mobile-header-display":"","site-post-title":"","ast-breadcrumbs-content":"","ast-featured-img":"","footer-sml-layout":"","ast-disable-related-posts":"","theme-transparent-header-meta":"default","adv-header-id-meta":"","stick-header-meta":"","header-above-stick-meta":"","header-main-stick-meta":"","header-below-stick-meta":"","astra-migrate-meta-layouts":"set","ast-page-background-enabled":"default","ast-page-background-meta":{"desktop":{"background-color":"var(--ast-global-color-4)","background-image":"","background-repeat":"repeat","background-position":"center center","background-size":"auto","background-attachment":"scroll","background-type":"","background-media":"","overlay-type":"","overlay-color":"","overlay-opacity":"","overlay-gradient":""},"tablet":{"background-color":"","background-image":"","background-repeat":"repeat","background-position":"center center","background-size":"auto","background-attachment":"scroll","background-type":"","background-media":"","overlay-type":"","overlay-color":"","overlay-opacity":"","overlay-gradient":""},"mobile":{"background-color":"","background-image":"","background-repeat":"repeat","background-position":"center center","background-size":"auto","background-attachment":"scroll","background-type":"","background-media":"","overlay-type":"","overlay-color":"","overlay-opacity":"","overlay-gradient":""}},"ast-content-background-meta":{"desktop":{"background-color":"var(--ast-global-color-5)","background-image":"","background-repeat":"repeat","background-position":"center center","background-size":"auto","background-attachment":"scroll","background-type":"","background-media":"","overlay-type":"","overlay-color":"","overlay-opacity":"","overlay-gradient":""},"tablet":{"background-color":"var(--ast-global-color-5)","background-image":"","background-repeat":"repeat","background-position":"center center","background-size":"auto","background-attachment":"scroll","background-type":"","background-media":"","overlay-type":"","overlay-color":"","overlay-opacity":"","overlay-gradient":""},"mobile":{"background-color":"var(--ast-global-color-5)","background-image":"","background-repeat":"repeat","background-position":"center center","background-size":"auto","background-attachment":"scroll","background-type":"","background-media":"","overlay-type":"","overlay-color":"","overlay-opacity":"","overlay-gradient":""}}},"product_brand":[],"product_cat":[175],"product_tag":[],"class_list":{"0":"post-24753","1":"product","2":"type-product","3":"status-publish","4":"has-post-thumbnail","6":"product_cat-cleaning-products","7":"desktop-align-left","8":"tablet-align-left","9":"mobile-align-left","11":"first","12":"instock","13":"sale","14":"taxable","15":"shipping-taxable","16":"purchasable","17":"product-type-variable","18":"has-default-attributes"},"spectra_custom_meta":{"_visibility":["visible"],"_shopify_product_id":["9106220974325"],"_s2w_shopify_domain":["ferberpainting.myshopify.com"],"_shopify_variant_id":["46625708441845"],"_sku":[""],"_manage_stock":["no"],"total_sales":["14"],"_tax_status":["taxable"],"_tax_class":[""],"_backorders":["no"],"_sold_individually":["no"],"_virtual":["no"],"_downloadable":["no"],"_download_limit":["-1"],"_download_expiry":["-1"],"_stock":[null],"_stock_status":["instock"],"_wc_average_rating":["5.00"],"_wc_review_count":["12"],"_product_attributes":["a:1:{s:6:\"volume\";a:6:{s:4:\"name\";s:6:\"Volume\";s:5:\"value\";s:20:\"5 liters | 25 liters\";s:8:\"position\";i:1;s:10:\"is_visible\";i:0;s:12:\"is_variation\";i:1;s:11:\"is_taxonomy\";i:0;}}"],"_product_version":["10.5.1"],"wpse_downloadable_file_names":[""],"wpse_downloadable_file_urls":[""],"_edit_last":["1"],"_default_attributes":["a:1:{s:6:\"volume\";s:8:\"5 liters\";}"],"_edit_lock":["1771194149:1"],"_price":["29.90","129.90"],"merchant-center-availability":["yes"],"merchant-center-category":["328062"],"_thumbnail_id":["36024"],"_wp_page_template":["default"],"_wp_old_date":["2025-05-26"],"_product_image_gallery":["36026"],"site-sidebar-layout":["default"],"ast-site-content-layout":["default"],"site-content-style":["default"],"site-sidebar-style":["default"],"theme-transparent-header-meta":["default"],"_wc_rating_count":["a:1:{i:5;i:12;}"],"astra-migrate-meta-layouts":["set"],"_uag_css_file_name":["uag-css-24753.css"],"_elementor_page_assets":["a:0:{}"],"_uag_page_assets":["a:9:{s:3:\"css\";s:7133:\".uag-blocks-common-selector{z-index:var(--z-index-desktop) !important}@media(max-width: 976px){.uag-blocks-common-selector{z-index:var(--z-index-tablet) !important}}@media(max-width: 767px){.uag-blocks-common-selector{z-index:var(--z-index-mobile) !important}}.wp-block-uagb-image{display:flex}.wp-block-uagb-image__figure{position:relative;display:flex;flex-direction:column;max-width:100%;height:auto;margin:0}.wp-block-uagb-image__figure img{height:auto;display:flex;max-width:100%;transition:box-shadow .2s ease}.wp-block-uagb-image__figure>a{display:inline-block}.wp-block-uagb-image__figure figcaption{text-align:center;margin-top:.5em;margin-bottom:1em}.wp-block-uagb-image .components-placeholder.block-editor-media-placeholder .components-placeholder__instructions{align-self:center}.wp-block-uagb-image--align-left{text-align:left}.wp-block-uagb-image--align-right{text-align:right}.wp-block-uagb-image--align-center{text-align:center}.wp-block-uagb-image--align-full .wp-block-uagb-image__figure{margin-left:calc(50% - 50vw);margin-right:calc(50% - 50vw);max-width:100vw;width:100vw;height:auto}.wp-block-uagb-image--align-full .wp-block-uagb-image__figure img{height:auto;width:100% !important}.wp-block-uagb-image--align-wide .wp-block-uagb-image__figure img{height:auto;width:100%}.wp-block-uagb-image--layout-overlay__color-wrapper{position:absolute;left:0;top:0;right:0;bottom:0;opacity:.2;background:rgba(0,0,0,.5);transition:opacity .35s ease-in-out}.wp-block-uagb-image--layout-overlay-link{position:absolute;left:0;right:0;bottom:0;top:0}.wp-block-uagb-image--layout-overlay .wp-block-uagb-image__figure:hover .wp-block-uagb-image--layout-overlay__color-wrapper{opacity:1}.wp-block-uagb-image--layout-overlay__inner{position:absolute;left:15px;right:15px;bottom:15px;top:15px;display:flex;align-items:center;justify-content:center;flex-direction:column;border-color:#fff;transition:.35s ease-in-out}.wp-block-uagb-image--layout-overlay__inner.top-left,.wp-block-uagb-image--layout-overlay__inner.top-center,.wp-block-uagb-image--layout-overlay__inner.top-right{justify-content:flex-start}.wp-block-uagb-image--layout-overlay__inner.bottom-left,.wp-block-uagb-image--layout-overlay__inner.bottom-center,.wp-block-uagb-image--layout-overlay__inner.bottom-right{justify-content:flex-end}.wp-block-uagb-image--layout-overlay__inner.top-left,.wp-block-uagb-image--layout-overlay__inner.center-left,.wp-block-uagb-image--layout-overlay__inner.bottom-left{align-items:flex-start}.wp-block-uagb-image--layout-overlay__inner.top-right,.wp-block-uagb-image--layout-overlay__inner.center-right,.wp-block-uagb-image--layout-overlay__inner.bottom-right{align-items:flex-end}.wp-block-uagb-image--layout-overlay__inner .uagb-image-heading{color:#fff;transition:transform .35s,opacity .35s ease-in-out;transform:translate3d(0, 24px, 0);margin:0;line-height:1em}.wp-block-uagb-image--layout-overlay__inner .uagb-image-separator{width:30%;border-top-width:2px;border-top-color:#fff;border-top-style:solid;margin-bottom:10px;opacity:0;transition:transform .4s,opacity .4s ease-in-out;transform:translate3d(0, 30px, 0)}.wp-block-uagb-image--layout-overlay__inner .uagb-image-caption{opacity:0;overflow:visible;color:#fff;transition:transform .45s,opacity .45s ease-in-out;transform:translate3d(0, 35px, 0)}.wp-block-uagb-image--layout-overlay__inner:hover .uagb-image-heading,.wp-block-uagb-image--layout-overlay__inner:hover .uagb-image-separator,.wp-block-uagb-image--layout-overlay__inner:hover .uagb-image-caption{opacity:1;transform:translate3d(0, 0, 0)}.wp-block-uagb-image--effect-zoomin .wp-block-uagb-image__figure img,.wp-block-uagb-image--effect-zoomin .wp-block-uagb-image__figure .wp-block-uagb-image--layout-overlay__color-wrapper{transform:scale(1);transition:transform .35s ease-in-out}.wp-block-uagb-image--effect-zoomin .wp-block-uagb-image__figure:hover img,.wp-block-uagb-image--effect-zoomin .wp-block-uagb-image__figure:hover .wp-block-uagb-image--layout-overlay__color-wrapper{transform:scale(1.05)}.wp-block-uagb-image--effect-slide .wp-block-uagb-image__figure img,.wp-block-uagb-image--effect-slide .wp-block-uagb-image__figure .wp-block-uagb-image--layout-overlay__color-wrapper{width:calc(100% + 40px) !important;max-width:none !important;transform:translate3d(-40px, 0, 0);transition:transform .35s ease-in-out}.wp-block-uagb-image--effect-slide .wp-block-uagb-image__figure:hover img,.wp-block-uagb-image--effect-slide .wp-block-uagb-image__figure:hover .wp-block-uagb-image--layout-overlay__color-wrapper{transform:translate3d(0, 0, 0)}.wp-block-uagb-image--effect-grayscale img{filter:grayscale(0%);transition:.35s ease-in-out}.wp-block-uagb-image--effect-grayscale:hover img{filter:grayscale(100%)}.wp-block-uagb-image--effect-blur img{filter:blur(0);transition:.35s ease-in-out}.wp-block-uagb-image--effect-blur:hover img{filter:blur(3px)}.uagb-block-e6f939b3.wp-block-uagb-image--layout-default figure img{box-shadow: 0px 0px 0 #00000070;}.uagb-block-e6f939b3.wp-block-uagb-image .wp-block-uagb-image__figure figcaption{font-style: normal;align-self: center;}.uagb-block-e6f939b3.wp-block-uagb-image--layout-overlay figure img{box-shadow: 0px 0px 0 #00000070;}.uagb-block-e6f939b3.wp-block-uagb-image--layout-overlay .wp-block-uagb-image--layout-overlay__color-wrapper{opacity: 0.2;}.uagb-block-e6f939b3.wp-block-uagb-image--layout-overlay .wp-block-uagb-image--layout-overlay__inner{left: 15px;right: 15px;top: 15px;bottom: 15px;}.uagb-block-e6f939b3.wp-block-uagb-image--layout-overlay .wp-block-uagb-image--layout-overlay__inner .uagb-image-heading{font-style: normal;color: #fff;opacity: 1;}.uagb-block-e6f939b3.wp-block-uagb-image--layout-overlay .wp-block-uagb-image--layout-overlay__inner .uagb-image-heading a{color: #fff;}.uagb-block-e6f939b3.wp-block-uagb-image--layout-overlay .wp-block-uagb-image--layout-overlay__inner .uagb-image-caption{opacity: 0;}.uagb-block-e6f939b3.wp-block-uagb-image--layout-overlay .wp-block-uagb-image__figure:hover .wp-block-uagb-image--layout-overlay__color-wrapper{opacity: 1;}.uagb-block-e6f939b3.wp-block-uagb-image .wp-block-uagb-image--layout-overlay__inner .uagb-image-separator{width: 30%;border-top-width: 2px;border-top-color: #fff;opacity: 0;}.uagb-block-e6f939b3.wp-block-uagb-image .wp-block-uagb-image__figure img{width: px;height: auto;}.uagb-block-e6f939b3.wp-block-uagb-image .wp-block-uagb-image__figure:hover .wp-block-uagb-image--layout-overlay__inner .uagb-image-caption{opacity: 1;}.uagb-block-e6f939b3.wp-block-uagb-image .wp-block-uagb-image__figure:hover .wp-block-uagb-image--layout-overlay__inner .uagb-image-separator{opacity: 1;}.uagb-block-e6f939b3.wp-block-uagb-image--layout-default figure:hover img{box-shadow: 0px 0px 0 #00000070;}.uagb-block-e6f939b3.wp-block-uagb-image--layout-overlay figure:hover img{box-shadow: 0px 0px 0 #00000070;}@media only screen and (max-width: 976px) {.uagb-block-e6f939b3.wp-block-uagb-image .wp-block-uagb-image__figure img{width: px;height: auto;}}@media only screen and (max-width: 767px) {.uagb-block-e6f939b3.wp-block-uagb-image .wp-block-uagb-image__figure img{width: px;height: auto;}}\";s:2:\"js\";s:0:\"\";s:18:\"current_block_list\";a:13:{i:0;s:11:\"core\/search\";i:1;s:10:\"core\/group\";i:2;s:12:\"core\/heading\";i:3;s:17:\"core\/latest-posts\";i:4;s:20:\"core\/latest-comments\";i:5;s:13:\"core\/archives\";i:6;s:15:\"core\/categories\";i:7;s:14:\"core\/paragraph\";i:8;s:10:\"uagb\/image\";i:9;s:11:\"core\/spacer\";i:10;s:30:\"woocommerce\/product-categories\";i:11;s:10:\"core\/image\";i:12;s:14:\"core\/shortcode\";}s:8:\"uag_flag\";b:1;s:11:\"uag_version\";s:10:\"1777228770\";s:6:\"gfonts\";a:0:{}s:10:\"gfonts_url\";s:0:\"\";s:12:\"gfonts_files\";a:0:{}s:14:\"uag_faq_layout\";b:0;}"]},"uagb_featured_image_src":{"full":["https:\/\/www.ferberpainting.com\/wp-content\/uploads\/2025\/05\/Paintbrush-Cleaner-5L-.png",2560,2560,false],"thumbnail":["https:\/\/www.ferberpainting.com\/wp-content\/uploads\/2025\/05\/Paintbrush-Cleaner-5L--150x150.png",150,150,true],"medium":["https:\/\/www.ferberpainting.com\/wp-content\/uploads\/2025\/05\/Paintbrush-Cleaner-5L--300x300.png",300,300,true],"medium_large":["https:\/\/www.ferberpainting.com\/wp-content\/uploads\/2025\/05\/Paintbrush-Cleaner-5L--768x768.png",768,768,true],"large":["https:\/\/www.ferberpainting.com\/wp-content\/uploads\/2025\/05\/Paintbrush-Cleaner-5L--1024x1024.png",1024,1024,true],"1536x1536":["https:\/\/www.ferberpainting.com\/wp-content\/uploads\/2025\/05\/Paintbrush-Cleaner-5L--1536x1536.png",1536,1536,true],"2048x2048":["https:\/\/www.ferberpainting.com\/wp-content\/uploads\/2025\/05\/Paintbrush-Cleaner-5L--2048x2048.png",2048,2048,true],"trp-custom-language-flag":["https:\/\/www.ferberpainting.com\/wp-content\/uploads\/2025\/05\/Paintbrush-Cleaner-5L--12x12.png",12,12,true],"woocommerce_thumbnail":["https:\/\/www.ferberpainting.com\/wp-content\/uploads\/2025\/05\/Paintbrush-Cleaner-5L--300x300.png",300,300,true],"woocommerce_single":["https:\/\/www.ferberpainting.com\/wp-content\/uploads\/2025\/05\/Paintbrush-Cleaner-5L--600x600.png",600,600,true],"woocommerce_gallery_thumbnail":["https:\/\/www.ferberpainting.com\/wp-content\/uploads\/2025\/05\/Paintbrush-Cleaner-5L--100x100.png",100,100,true]},"uagb_author_info":{"display_name":"admin","author_link":"https:\/\/www.ferberpainting.com\/cz\/author\/"},"uagb_comment_info":12,"uagb_excerpt":"Optimal Efficiency.\u00a0This cleaner for paintbrushes is specially designed to effectively remove all types of paint residues, whether water-based or solvent-based. Its powerful formula quickly dissolves fresh or dried paint on brush bristles, restoring their suppleness and original effectiveness. It prevents clumping of bristles, preserves their quality, and ensures smooth application for future uses. Money-back guarantee.\u00a0We&hellip;","_links":{"self":[{"href":"https:\/\/www.ferberpainting.com\/cz\/wp-json\/wp\/v2\/product\/24753","targetHints":{"allow":["GET"]}}],"collection":[{"href":"https:\/\/www.ferberpainting.com\/cz\/wp-json\/wp\/v2\/product"}],"about":[{"href":"https:\/\/www.ferberpainting.com\/cz\/wp-json\/wp\/v2\/types\/product"}],"replies":[{"embeddable":true,"href":"https:\/\/www.ferberpainting.com\/cz\/wp-json\/wp\/v2\/comments?post=24753"}],"version-history":[{"count":3,"href":"https:\/\/www.ferberpainting.com\/cz\/wp-json\/wp\/v2\/product\/24753\/revisions"}],"predecessor-version":[{"id":166681,"href":"https:\/\/www.ferberpainting.com\/cz\/wp-json\/wp\/v2\/product\/24753\/revisions\/166681"}],"wp:featuredmedia":[{"embeddable":true,"href":"https:\/\/www.ferberpainting.com\/cz\/wp-json\/wp\/v2\/media\/36024"}],"wp:attachment":[{"href":"https:\/\/www.ferberpainting.com\/cz\/wp-json\/wp\/v2\/media?parent=24753"}],"wp:term":[{"taxonomy":"product_brand","embeddable":true,"href":"https:\/\/www.ferberpainting.com\/cz\/wp-json\/wp\/v2\/product_brand?post=24753"},{"taxonomy":"product_cat","embeddable":true,"href":"https:\/\/www.ferberpainting.com\/cz\/wp-json\/wp\/v2\/product_cat?post=24753"},{"taxonomy":"product_tag","embeddable":true,"href":"https:\/\/www.ferberpainting.com\/cz\/wp-json\/wp\/v2\/product_tag?post=24753"}],"curies":[{"name":"wp","href":"https:\/\/api.w.org\/{rel}","templated":true}]}}