{"id":24750,"date":"2025-07-01T00:26:12","date_gmt":"2025-06-30T22:26:12","guid":{"rendered":"https:\/\/www.ferberpainting.com\/?post_type=product&#038;p=24750"},"modified":"2026-02-15T23:22:25","modified_gmt":"2026-02-15T22:22:25","slug":"paint-thinner","status":"publish","type":"product","link":"https:\/\/www.ferberpainting.com\/cz\/products\/paint-thinner\/","title":{"rendered":"\u0158edidlo na barvy"},"content":{"rendered":"<p><strong><img decoding=\"async\" style=\"margin-right: 12px;\" src=\"https:\/\/www.ferberpainting.com\/wp-content\/uploads\/2026\/02\/Check.svg\" alt=\"\" width=\"18\" height=\"15\" \/>Optim\u00e1ln\u00ed efektivita.<\/strong>\u00a0Toto \u0159edidlo je speci\u00e1ln\u011b navr\u017eeno tak, aby \u0159edilo barvu, ani\u017e by m\u011bnilo jej\u00ed chemick\u00e9 slo\u017een\u00ed nebo kryc\u00ed schopnost. Poskytuje ide\u00e1ln\u00ed konzistenci pro hladkou aplikaci beze \u0161mouh. V\u00fdborn\u011b se hod\u00ed pro barvy na b\u00e1zi rozpou\u0161t\u011bdel, jako jsou alkydy, laky, lazury a pr\u016fmyslov\u00e9 n\u00e1t\u011bry. D\u00edky sv\u00e9mu rychl\u00e9mu p\u016fsoben\u00ed zaji\u0161\u0165uje homogenn\u00ed sm\u011bs a usnad\u0148uje nan\u00e1\u0161en\u00ed barvy \u0161t\u011btcem, v\u00e1le\u010dkem nebo st\u0159\u00edkac\u00ed pistol\u00ed.<\/p>\n<p><strong><img decoding=\"async\" style=\"margin-right: 12px;\" src=\"https:\/\/www.ferberpainting.com\/wp-content\/uploads\/2026\/02\/Check.svg\" alt=\"\" width=\"18\" height=\"15\" \/>Z\u00e1ruka vr\u00e1cen\u00ed pen\u011bz.<\/strong>\u00a0Jsme pln\u011b p\u0159esv\u011bd\u010deni o \u00fa\u010dinnosti na\u0161eho \u0159edidla. Pokud po pou\u017eit\u00ed nebudete s v\u00fdsledky pln\u011b spokojeni, m\u00e1te n\u00e1rok na vr\u00e1cen\u00ed pen\u011bz v pln\u00e9 v\u00fd\u0161i. Vyzkou\u0161ejte n\u00e1\u0161 v\u00fdrobek s klidn\u00fdm sv\u011bdom\u00edm a u\u017eijte si spolehliv\u00e9 a \u00fa\u010dinn\u00e9 \u0159e\u0161en\u00ed pro v\u0161echny va\u0161e mal\u00ed\u0159sk\u00e9 pot\u0159eby.<\/p>\n<p><strong><img decoding=\"async\" style=\"margin-right: 12px;\" src=\"https:\/\/www.ferberpainting.com\/wp-content\/uploads\/2026\/02\/Check.svg\" alt=\"\" width=\"18\" height=\"15\" \/>V\u00fdjime\u010dn\u00e1 v\u0161estrannost.<\/strong>\u00a0Toto \u0159edidlo se neomezuje pouze na \u0159ed\u011bn\u00ed barev! Je tak\u00e9 \u00fa\u010dinn\u00fd p\u0159i \u010di\u0161t\u011bn\u00ed aplika\u010dn\u00edch n\u00e1stroj\u016f, jako jsou \u0161t\u011btce, v\u00e1le\u010dky, st\u0159\u00edkac\u00ed pistole a dal\u0161\u00ed vybaven\u00ed. Krom\u011b toho jej lze pou\u017e\u00edt k odstran\u011bn\u00ed skvrn od barvy z povrch\u016f, jako je kov, d\u0159evo, PVC a n\u011bkter\u00e9 nepor\u00e9zn\u00ed kameny. Je ide\u00e1ln\u00ed pro \u0159ed\u011bn\u00ed lak\u016f a urychlen\u00ed jejich schnut\u00ed, p\u0159i\u010dem\u017e zaji\u0161\u0165uje bezchybn\u00fd povrch.<\/p>\n<p><strong><img decoding=\"async\" style=\"margin-right: 12px;\" src=\"https:\/\/www.ferberpainting.com\/wp-content\/uploads\/2026\/02\/Check.svg\" alt=\"\" width=\"18\" height=\"15\" \/>N\u00e1kladov\u011b efektivn\u00ed v\u00fdkon.<\/strong>\u00a0D\u00edky sv\u00e9 vysok\u00e9 \u00fa\u010dinnosti pom\u00e1h\u00e1 toto \u0159edidlo sn\u00ed\u017eit mno\u017estv\u00ed pou\u017eit\u00e9 barvy a z\u00e1rove\u0148 zaji\u0161\u0165uje plynulou a rovnom\u011brnou aplikaci. P\u011btilitrov\u00fd kanystr lze pou\u017e\u00edt na velkou mal\u00ed\u0159skou plochu v z\u00e1vislosti na v\u00fdrobcem doporu\u010den\u00e9 m\u00ed\u0159e \u0159ed\u011bn\u00ed. V pr\u016fm\u011bru sta\u010d\u00ed 100 a\u017e 250 ml \u0159edidla na litr barvy, co\u017e optimalizuje pou\u017eit\u00ed a sni\u017euje n\u00e1klady na z\u00e1sobov\u00e1n\u00ed.<\/p>\n<p><strong><img decoding=\"async\" style=\"margin-right: 12px;\" src=\"https:\/\/www.ferberpainting.com\/wp-content\/uploads\/2026\/02\/Check.svg\" alt=\"\" width=\"18\" height=\"15\" \/>Bezpe\u010dn\u00e9 pou\u017eit\u00ed.<\/strong>\u00a0Na rozd\u00edl od b\u011b\u017en\u00fdch \u0159edidel, kter\u00e1 uvol\u0148uj\u00ed agresivn\u00ed v\u00fdpary a zp\u016fsobuj\u00ed podr\u00e1\u017ed\u011bn\u00ed poko\u017eky, je tento produkt vytvo\u0159en tak, aby minimalizoval zdravotn\u00ed rizika p\u0159i aplikaci. Neobsahuje \u017e\u00e1dn\u00e9 korozivn\u00ed l\u00e1tky, kter\u00e9 by mohly po\u0161kodit lakovan\u00e9 povrchy, a spl\u0148uje platn\u00e9 ekologick\u00e9 normy. Doporu\u010duje se pou\u017e\u00edvat ve v\u011btran\u00e9m prostoru, ale p\u0159i pou\u017eit\u00ed podle n\u00e1vodu z\u016fst\u00e1v\u00e1 pro u\u017eivatele bezpe\u010dn\u00fd.<\/p>\n<p><strong><img decoding=\"async\" style=\"margin-right: 12px;\" src=\"https:\/\/www.ferberpainting.com\/wp-content\/uploads\/2026\/02\/Check.svg\" alt=\"\" width=\"18\" height=\"15\" \/>Snadn\u00e9 pou\u017eit\u00ed.<\/strong>\u00a0Tento v\u00fdrobek je p\u0159ipraven k pou\u017eit\u00ed a nevy\u017eaduje \u017e\u00e1dnou speci\u00e1ln\u00ed p\u0159\u00edpravu. Jednodu\u0161e jej p\u0159idejte p\u0159\u00edmo do barvy a m\u00edchejte, dokud nedos\u00e1hnete po\u017eadovan\u00e9 konzistence. D\u00edky sv\u00e9mu intuitivn\u00edmu pou\u017eit\u00ed je p\u0159\u00edstupn\u00fd v\u0161em, a\u0165 u\u017e profesion\u00e1l\u016fm nebo kutil\u016fm pracuj\u00edc\u00edm v interi\u00e9ru \u010di exteri\u00e9ru. Jeho rychl\u00e1 \u00fa\u010dinnost zaji\u0161\u0165uje hladk\u00fd a rovnom\u011brn\u00fd povrch bez ovlivn\u011bn\u00ed kryc\u00edch nebo p\u0159ilnav\u00fdch vlastnost\u00ed barvy.<\/p>\n<p><strong><img decoding=\"async\" style=\"margin-right: 12px;\" src=\"https:\/\/www.ferberpainting.com\/wp-content\/uploads\/2026\/02\/Check.svg\" alt=\"\" width=\"18\" height=\"15\" \/>Prodlou\u017een\u00e1 \u017eivotnost.<\/strong>\u00a0P\u0159id\u00e1n\u00ed tohoto \u0159edidla pom\u00e1h\u00e1 optimalizovat skladovatelnost barvy t\u00edm, \u017ee zabra\u0148uje jej\u00edmu zhoustnut\u00ed a usnad\u0148uje jej\u00ed dlouhodob\u00e9 skladov\u00e1n\u00ed. Zabra\u0148uje tvorb\u011b hrudek a zaji\u0161\u0165uje ide\u00e1ln\u00ed konzervaci barev na b\u00e1zi rozpou\u0161t\u011bdel. Nav\u00edc t\u00edm, \u017ee zlep\u0161uje aplikaci a p\u0159ilnavost, prodlu\u017euje odolnost nat\u0159en\u00fdch povrch\u016f v\u016f\u010di venkovn\u00edm podm\u00ednk\u00e1m, jako je vlhkost, UV z\u00e1\u0159en\u00ed a zm\u011bny teplot.<\/p>\n<p><strong><img decoding=\"async\" style=\"margin-right: 12px;\" src=\"https:\/\/www.ferberpainting.com\/wp-content\/uploads\/2026\/02\/Check.svg\" alt=\"\" width=\"18\" height=\"15\" \/>Rychl\u00e1 akce.<\/strong>\u00a0D\u00edky sv\u00e9mu vysoce aktivn\u00edmu slo\u017een\u00ed toto \u0159edidlo okam\u017eit\u011b zlep\u0161uje tekutost barvy a usnad\u0148uje jej\u00ed nan\u00e1\u0161en\u00ed. \u0160et\u0159\u00ed \u010das t\u00edm, \u017ee zabra\u0148uje oprav\u00e1m zp\u016fsoben\u00fdm \u0161patnou konzistenc\u00ed. Jeho okam\u017eit\u00fd \u00fa\u010dinek zaji\u0161\u0165uje hlad\u0161\u00ed a rovnom\u011brn\u011bj\u0161\u00ed nan\u00e1\u0161en\u00ed barvy bez viditeln\u00fdch defekt\u016f po zaschnut\u00ed.<\/p>\n<h2><strong>Protokol o pou\u017eit\u00ed<\/strong><\/h2>\n<ul>\n<li><strong>P\u0159\u00edprava <\/strong>: P\u0159ed p\u0159id\u00e1n\u00edm \u0159edidla se ujist\u011bte, \u017ee je barva, kter\u00e1 se m\u00e1 \u0159edit, dob\u0159e prom\u00edchan\u00e1 a bez hrudek. Pro dosa\u017een\u00ed nejlep\u0161\u00edch v\u00fdsledk\u016f barvu p\u0159ed ka\u017edou operac\u00ed d\u016fkladn\u011b prom\u00edchejte.<\/li>\n<li><strong>Aplikace \u0159ed\u011bn\u00ed <\/strong>: Postupn\u011b p\u0159id\u00e1vejte \u0159edidlo do barvy podle pom\u011bru doporu\u010den\u00e9ho v\u00fdrobcem. Obecn\u011b plat\u00ed, \u017ee pro aplikaci \u0161t\u011btcem nebo v\u00e1le\u010dkem sta\u010d\u00ed 10% \u0159edidla na 1 litr barvy, zat\u00edmco pro aplikaci st\u0159\u00edk\u00e1n\u00edm m\u016f\u017ee b\u00fdt zapot\u0159eb\u00ed 20-30%. D\u016fkladn\u011b prom\u00edchejte, dokud barva nez\u00edsk\u00e1 tekutou, rovnom\u011brnou konzistenci.<\/li>\n<li><strong>\u010ci\u0161t\u011bn\u00ed n\u00e1stroj\u016f <\/strong>: Po nat\u0159en\u00ed namo\u010dte \u0161t\u011btce, v\u00e1le\u010dky a st\u0159\u00edkac\u00ed pistole do \u0159edidla, abyste odstranili zbytky barvy a zabr\u00e1nili jej\u00edmu tvrdnut\u00ed. Nechte n\u011bkolik minut p\u016fsobit a pot\u00e9 d\u016fkladn\u011b opl\u00e1chn\u011bte \u010distou vodou a m\u011bkk\u00fdm had\u0159\u00edkem.<\/li>\n<li><strong>Odstra\u0148ov\u00e1n\u00ed skvrn <\/strong>: Chcete-li odstranit \u010derstvou barvu z povrch\u016f, jako je kov, d\u0159evo nebo PVC, namo\u010dte had\u0159\u00edk do \u0159edidla a jemn\u011b posti\u017een\u00e9 m\u00edsto pot\u0159ete. V p\u0159\u00edpad\u011b pot\u0159eby opl\u00e1chn\u011bte \u010distou vodou, abyste odstranili zbytky rozpou\u0161t\u011bdla.<\/li>\n<li><strong>Povrchov\u00e1 \u00faprava a ochrana <\/strong>: Pro zlep\u0161en\u00ed p\u0159ilnavosti a povrchov\u00e9 \u00fapravy vrstvy dodr\u017eujte doporu\u010den\u00fd pom\u011br \u0159ed\u011bn\u00ed a p\u0159ed aplikac\u00ed d\u016fkladn\u011b prom\u00edchejte. Spr\u00e1vn\u00e9 \u0159ed\u011bn\u00ed zabra\u0148uje barevn\u00fdm odchylk\u00e1m a zaji\u0161\u0165uje hladk\u00fd a rovnom\u011brn\u00fd povrch.<\/li>\n<li><strong>Frekvence pou\u017e\u00edv\u00e1n\u00ed <\/strong>: Pou\u017e\u00edvejte p\u0159i ka\u017ed\u00e9m \u0159ed\u011bn\u00ed barvy a po ka\u017ed\u00e9m malov\u00e1n\u00ed k \u010di\u0161t\u011bn\u00ed n\u00e1stroj\u016f a prodlou\u017een\u00ed jejich \u017eivotnosti. Pro zachov\u00e1n\u00ed \u00fa\u010dinnosti \u0159edidla plechovku po pou\u017eit\u00ed v\u017edy znovu uzav\u0159ete, aby se zabr\u00e1nilo odpa\u0159ov\u00e1n\u00ed.<\/li>\n<li><strong>\u00dalo\u017ei\u0161t\u011b <\/strong>: Kanystr skladujte na chladn\u00e9m a such\u00e9m m\u00edst\u011b, mimo dosah tepla a p\u0159\u00edm\u00e9ho slune\u010dn\u00edho z\u00e1\u0159en\u00ed. Po ka\u017ed\u00e9m pou\u017eit\u00ed n\u00e1dobku znovu pevn\u011b uzav\u0159ete, abyste zabr\u00e1nili zm\u011bn\u00e1m ve slo\u017een\u00ed v\u00fdrobku.<\/li>\n<\/ul>\n<p>S na\u0161\u00edm \u0159edidlem zajist\u00edte hladkou sm\u011bs, plynulou aplikaci a bezchybn\u00fd povrch. Ide\u00e1ln\u00ed \u0159e\u0161en\u00ed pro zjednodu\u0161en\u00ed va\u0161ich mal\u00ed\u0159sk\u00fdch projekt\u016f, optimalizaci trvanlivosti nat\u0159en\u00fdch povrch\u016f a dosa\u017een\u00ed v\u00fdsledk\u016f profesion\u00e1ln\u00ed kvality za v\u0161ech okolnost\u00ed.<\/p>","protected":false},"excerpt":{"rendered":"<p>Optimal Efficiency.\u00a0This paint thinner is specially designed to thin paint without altering its chemical composition or covering power. It provides the ideal consistency for smooth, streak-free application. Perfectly suited for solvent-based paints such as alkyds, lacquers, varnishes, and industrial coatings. Thanks to its quick action, it ensures a homogeneous mixture and facilitates paint application by [&hellip;]<\/p>\n","protected":false},"featured_media":36071,"comment_status":"open","ping_status":"closed","template":"","meta":{"_uag_custom_page_level_css":"","site-sidebar-layout":"default","site-content-layout":"","ast-site-content-layout":"default","site-content-style":"default","site-sidebar-style":"default","ast-global-header-display":"","ast-banner-title-visibility":"","ast-main-header-display":"","ast-hfb-above-header-display":"","ast-hfb-below-header-display":"","ast-hfb-mobile-header-display":"","site-post-title":"","ast-breadcrumbs-content":"","ast-featured-img":"","footer-sml-layout":"","ast-disable-related-posts":"","theme-transparent-header-meta":"default","adv-header-id-meta":"","stick-header-meta":"","header-above-stick-meta":"","header-main-stick-meta":"","header-below-stick-meta":"","astra-migrate-meta-layouts":"set","ast-page-background-enabled":"default","ast-page-background-meta":{"desktop":{"background-color":"var(--ast-global-color-4)","background-image":"","background-repeat":"repeat","background-position":"center center","background-size":"auto","background-attachment":"scroll","background-type":"","background-media":"","overlay-type":"","overlay-color":"","overlay-opacity":"","overlay-gradient":""},"tablet":{"background-color":"","background-image":"","background-repeat":"repeat","background-position":"center center","background-size":"auto","background-attachment":"scroll","background-type":"","background-media":"","overlay-type":"","overlay-color":"","overlay-opacity":"","overlay-gradient":""},"mobile":{"background-color":"","background-image":"","background-repeat":"repeat","background-position":"center center","background-size":"auto","background-attachment":"scroll","background-type":"","background-media":"","overlay-type":"","overlay-color":"","overlay-opacity":"","overlay-gradient":""}},"ast-content-background-meta":{"desktop":{"background-color":"var(--ast-global-color-5)","background-image":"","background-repeat":"repeat","background-position":"center center","background-size":"auto","background-attachment":"scroll","background-type":"","background-media":"","overlay-type":"","overlay-color":"","overlay-opacity":"","overlay-gradient":""},"tablet":{"background-color":"var(--ast-global-color-5)","background-image":"","background-repeat":"repeat","background-position":"center center","background-size":"auto","background-attachment":"scroll","background-type":"","background-media":"","overlay-type":"","overlay-color":"","overlay-opacity":"","overlay-gradient":""},"mobile":{"background-color":"var(--ast-global-color-5)","background-image":"","background-repeat":"repeat","background-position":"center center","background-size":"auto","background-attachment":"scroll","background-type":"","background-media":"","overlay-type":"","overlay-color":"","overlay-opacity":"","overlay-gradient":""}}},"product_brand":[],"product_cat":[175],"product_tag":[],"class_list":{"0":"post-24750","1":"product","2":"type-product","3":"status-publish","4":"has-post-thumbnail","6":"product_cat-cleaning-products","7":"desktop-align-left","8":"tablet-align-left","9":"mobile-align-left","11":"first","12":"instock","13":"sale","14":"taxable","15":"shipping-taxable","16":"purchasable","17":"product-type-variable","18":"has-default-attributes"},"spectra_custom_meta":{"_visibility":["visible"],"_shopify_product_id":["9106532663541"],"_s2w_shopify_domain":["ferberpainting.myshopify.com"],"_shopify_variant_id":["46626241380597"],"_sku":[""],"_manage_stock":["no"],"total_sales":["5"],"_tax_status":["taxable"],"_tax_class":[""],"_backorders":["no"],"_sold_individually":["no"],"_virtual":["no"],"_downloadable":["no"],"_download_limit":["-1"],"_download_expiry":["-1"],"_stock":[null],"_stock_status":["instock"],"_wc_average_rating":["5.00"],"_wc_review_count":["11"],"_product_attributes":["a:1:{s:6:\"volume\";a:6:{s:4:\"name\";s:6:\"Volume\";s:5:\"value\";s:20:\"5 liters | 25 liters\";s:8:\"position\";i:1;s:10:\"is_visible\";i:0;s:12:\"is_variation\";i:1;s:11:\"is_taxonomy\";i:0;}}"],"_product_version":["10.5.1"],"wpse_downloadable_file_names":[""],"wpse_downloadable_file_urls":[""],"_edit_last":["1"],"_default_attributes":["a:1:{s:6:\"volume\";s:8:\"5 liters\";}"],"_edit_lock":["1771194007:1"],"_price":["29.90","129.90"],"merchant-center-availability":["yes"],"merchant-center-category":["503741"],"_thumbnail_id":["36071"],"_wp_page_template":["default"],"_wp_old_date":["2025-05-26"],"_product_image_gallery":["36072"],"site-sidebar-layout":["default"],"ast-site-content-layout":["default"],"site-content-style":["default"],"site-sidebar-style":["default"],"theme-transparent-header-meta":["default"],"_wc_rating_count":["a:1:{i:5;i:11;}"],"astra-migrate-meta-layouts":["set"],"_uag_css_file_name":["uag-css-24750.css"],"_elementor_page_assets":["a:0:{}"],"_uag_page_assets":["a:9:{s:3:\"css\";s:7133:\".uag-blocks-common-selector{z-index:var(--z-index-desktop) !important}@media(max-width: 976px){.uag-blocks-common-selector{z-index:var(--z-index-tablet) !important}}@media(max-width: 767px){.uag-blocks-common-selector{z-index:var(--z-index-mobile) !important}}.wp-block-uagb-image{display:flex}.wp-block-uagb-image__figure{position:relative;display:flex;flex-direction:column;max-width:100%;height:auto;margin:0}.wp-block-uagb-image__figure img{height:auto;display:flex;max-width:100%;transition:box-shadow .2s ease}.wp-block-uagb-image__figure>a{display:inline-block}.wp-block-uagb-image__figure figcaption{text-align:center;margin-top:.5em;margin-bottom:1em}.wp-block-uagb-image .components-placeholder.block-editor-media-placeholder .components-placeholder__instructions{align-self:center}.wp-block-uagb-image--align-left{text-align:left}.wp-block-uagb-image--align-right{text-align:right}.wp-block-uagb-image--align-center{text-align:center}.wp-block-uagb-image--align-full .wp-block-uagb-image__figure{margin-left:calc(50% - 50vw);margin-right:calc(50% - 50vw);max-width:100vw;width:100vw;height:auto}.wp-block-uagb-image--align-full .wp-block-uagb-image__figure img{height:auto;width:100% !important}.wp-block-uagb-image--align-wide .wp-block-uagb-image__figure img{height:auto;width:100%}.wp-block-uagb-image--layout-overlay__color-wrapper{position:absolute;left:0;top:0;right:0;bottom:0;opacity:.2;background:rgba(0,0,0,.5);transition:opacity .35s ease-in-out}.wp-block-uagb-image--layout-overlay-link{position:absolute;left:0;right:0;bottom:0;top:0}.wp-block-uagb-image--layout-overlay .wp-block-uagb-image__figure:hover .wp-block-uagb-image--layout-overlay__color-wrapper{opacity:1}.wp-block-uagb-image--layout-overlay__inner{position:absolute;left:15px;right:15px;bottom:15px;top:15px;display:flex;align-items:center;justify-content:center;flex-direction:column;border-color:#fff;transition:.35s ease-in-out}.wp-block-uagb-image--layout-overlay__inner.top-left,.wp-block-uagb-image--layout-overlay__inner.top-center,.wp-block-uagb-image--layout-overlay__inner.top-right{justify-content:flex-start}.wp-block-uagb-image--layout-overlay__inner.bottom-left,.wp-block-uagb-image--layout-overlay__inner.bottom-center,.wp-block-uagb-image--layout-overlay__inner.bottom-right{justify-content:flex-end}.wp-block-uagb-image--layout-overlay__inner.top-left,.wp-block-uagb-image--layout-overlay__inner.center-left,.wp-block-uagb-image--layout-overlay__inner.bottom-left{align-items:flex-start}.wp-block-uagb-image--layout-overlay__inner.top-right,.wp-block-uagb-image--layout-overlay__inner.center-right,.wp-block-uagb-image--layout-overlay__inner.bottom-right{align-items:flex-end}.wp-block-uagb-image--layout-overlay__inner .uagb-image-heading{color:#fff;transition:transform .35s,opacity .35s ease-in-out;transform:translate3d(0, 24px, 0);margin:0;line-height:1em}.wp-block-uagb-image--layout-overlay__inner .uagb-image-separator{width:30%;border-top-width:2px;border-top-color:#fff;border-top-style:solid;margin-bottom:10px;opacity:0;transition:transform .4s,opacity .4s ease-in-out;transform:translate3d(0, 30px, 0)}.wp-block-uagb-image--layout-overlay__inner .uagb-image-caption{opacity:0;overflow:visible;color:#fff;transition:transform .45s,opacity .45s ease-in-out;transform:translate3d(0, 35px, 0)}.wp-block-uagb-image--layout-overlay__inner:hover .uagb-image-heading,.wp-block-uagb-image--layout-overlay__inner:hover .uagb-image-separator,.wp-block-uagb-image--layout-overlay__inner:hover .uagb-image-caption{opacity:1;transform:translate3d(0, 0, 0)}.wp-block-uagb-image--effect-zoomin .wp-block-uagb-image__figure img,.wp-block-uagb-image--effect-zoomin .wp-block-uagb-image__figure .wp-block-uagb-image--layout-overlay__color-wrapper{transform:scale(1);transition:transform .35s ease-in-out}.wp-block-uagb-image--effect-zoomin .wp-block-uagb-image__figure:hover img,.wp-block-uagb-image--effect-zoomin .wp-block-uagb-image__figure:hover .wp-block-uagb-image--layout-overlay__color-wrapper{transform:scale(1.05)}.wp-block-uagb-image--effect-slide .wp-block-uagb-image__figure img,.wp-block-uagb-image--effect-slide .wp-block-uagb-image__figure .wp-block-uagb-image--layout-overlay__color-wrapper{width:calc(100% + 40px) !important;max-width:none !important;transform:translate3d(-40px, 0, 0);transition:transform .35s ease-in-out}.wp-block-uagb-image--effect-slide .wp-block-uagb-image__figure:hover img,.wp-block-uagb-image--effect-slide .wp-block-uagb-image__figure:hover .wp-block-uagb-image--layout-overlay__color-wrapper{transform:translate3d(0, 0, 0)}.wp-block-uagb-image--effect-grayscale img{filter:grayscale(0%);transition:.35s ease-in-out}.wp-block-uagb-image--effect-grayscale:hover img{filter:grayscale(100%)}.wp-block-uagb-image--effect-blur img{filter:blur(0);transition:.35s ease-in-out}.wp-block-uagb-image--effect-blur:hover img{filter:blur(3px)}.uagb-block-e6f939b3.wp-block-uagb-image--layout-default figure img{box-shadow: 0px 0px 0 #00000070;}.uagb-block-e6f939b3.wp-block-uagb-image .wp-block-uagb-image__figure figcaption{font-style: normal;align-self: center;}.uagb-block-e6f939b3.wp-block-uagb-image--layout-overlay figure img{box-shadow: 0px 0px 0 #00000070;}.uagb-block-e6f939b3.wp-block-uagb-image--layout-overlay .wp-block-uagb-image--layout-overlay__color-wrapper{opacity: 0.2;}.uagb-block-e6f939b3.wp-block-uagb-image--layout-overlay .wp-block-uagb-image--layout-overlay__inner{left: 15px;right: 15px;top: 15px;bottom: 15px;}.uagb-block-e6f939b3.wp-block-uagb-image--layout-overlay .wp-block-uagb-image--layout-overlay__inner .uagb-image-heading{font-style: normal;color: #fff;opacity: 1;}.uagb-block-e6f939b3.wp-block-uagb-image--layout-overlay .wp-block-uagb-image--layout-overlay__inner .uagb-image-heading a{color: #fff;}.uagb-block-e6f939b3.wp-block-uagb-image--layout-overlay .wp-block-uagb-image--layout-overlay__inner .uagb-image-caption{opacity: 0;}.uagb-block-e6f939b3.wp-block-uagb-image--layout-overlay .wp-block-uagb-image__figure:hover .wp-block-uagb-image--layout-overlay__color-wrapper{opacity: 1;}.uagb-block-e6f939b3.wp-block-uagb-image .wp-block-uagb-image--layout-overlay__inner .uagb-image-separator{width: 30%;border-top-width: 2px;border-top-color: #fff;opacity: 0;}.uagb-block-e6f939b3.wp-block-uagb-image .wp-block-uagb-image__figure img{width: px;height: auto;}.uagb-block-e6f939b3.wp-block-uagb-image .wp-block-uagb-image__figure:hover .wp-block-uagb-image--layout-overlay__inner .uagb-image-caption{opacity: 1;}.uagb-block-e6f939b3.wp-block-uagb-image .wp-block-uagb-image__figure:hover .wp-block-uagb-image--layout-overlay__inner .uagb-image-separator{opacity: 1;}.uagb-block-e6f939b3.wp-block-uagb-image--layout-default figure:hover img{box-shadow: 0px 0px 0 #00000070;}.uagb-block-e6f939b3.wp-block-uagb-image--layout-overlay figure:hover img{box-shadow: 0px 0px 0 #00000070;}@media only screen and (max-width: 976px) {.uagb-block-e6f939b3.wp-block-uagb-image .wp-block-uagb-image__figure img{width: px;height: auto;}}@media only screen and (max-width: 767px) {.uagb-block-e6f939b3.wp-block-uagb-image .wp-block-uagb-image__figure img{width: px;height: auto;}}\";s:2:\"js\";s:0:\"\";s:18:\"current_block_list\";a:13:{i:0;s:11:\"core\/search\";i:1;s:10:\"core\/group\";i:2;s:12:\"core\/heading\";i:3;s:17:\"core\/latest-posts\";i:4;s:20:\"core\/latest-comments\";i:5;s:13:\"core\/archives\";i:6;s:15:\"core\/categories\";i:7;s:14:\"core\/paragraph\";i:8;s:10:\"uagb\/image\";i:9;s:11:\"core\/spacer\";i:10;s:30:\"woocommerce\/product-categories\";i:11;s:10:\"core\/image\";i:12;s:14:\"core\/shortcode\";}s:8:\"uag_flag\";b:1;s:11:\"uag_version\";s:10:\"1777205630\";s:6:\"gfonts\";a:0:{}s:10:\"gfonts_url\";s:0:\"\";s:12:\"gfonts_files\";a:0:{}s:14:\"uag_faq_layout\";b:0;}"]},"uagb_featured_image_src":{"full":["https:\/\/www.ferberpainting.com\/wp-content\/uploads\/2025\/05\/Paint-Thinner-5L.png",2560,2560,false],"thumbnail":["https:\/\/www.ferberpainting.com\/wp-content\/uploads\/2025\/05\/Paint-Thinner-5L-150x150.png",150,150,true],"medium":["https:\/\/www.ferberpainting.com\/wp-content\/uploads\/2025\/05\/Paint-Thinner-5L-300x300.png",300,300,true],"medium_large":["https:\/\/www.ferberpainting.com\/wp-content\/uploads\/2025\/05\/Paint-Thinner-5L-768x768.png",768,768,true],"large":["https:\/\/www.ferberpainting.com\/wp-content\/uploads\/2025\/05\/Paint-Thinner-5L-1024x1024.png",1024,1024,true],"1536x1536":["https:\/\/www.ferberpainting.com\/wp-content\/uploads\/2025\/05\/Paint-Thinner-5L-1536x1536.png",1536,1536,true],"2048x2048":["https:\/\/www.ferberpainting.com\/wp-content\/uploads\/2025\/05\/Paint-Thinner-5L-2048x2048.png",2048,2048,true],"trp-custom-language-flag":["https:\/\/www.ferberpainting.com\/wp-content\/uploads\/2025\/05\/Paint-Thinner-5L-12x12.png",12,12,true],"woocommerce_thumbnail":["https:\/\/www.ferberpainting.com\/wp-content\/uploads\/2025\/05\/Paint-Thinner-5L-300x300.png",300,300,true],"woocommerce_single":["https:\/\/www.ferberpainting.com\/wp-content\/uploads\/2025\/05\/Paint-Thinner-5L-600x600.png",600,600,true],"woocommerce_gallery_thumbnail":["https:\/\/www.ferberpainting.com\/wp-content\/uploads\/2025\/05\/Paint-Thinner-5L-100x100.png",100,100,true]},"uagb_author_info":{"display_name":"admin","author_link":"https:\/\/www.ferberpainting.com\/cz\/author\/"},"uagb_comment_info":11,"uagb_excerpt":"Optimal Efficiency.\u00a0This paint thinner is specially designed to thin paint without altering its chemical composition or covering power. It provides the ideal consistency for smooth, streak-free application. Perfectly suited for solvent-based paints such as alkyds, lacquers, varnishes, and industrial coatings. Thanks to its quick action, it ensures a homogeneous mixture and facilitates paint application by&hellip;","_links":{"self":[{"href":"https:\/\/www.ferberpainting.com\/cz\/wp-json\/wp\/v2\/product\/24750","targetHints":{"allow":["GET"]}}],"collection":[{"href":"https:\/\/www.ferberpainting.com\/cz\/wp-json\/wp\/v2\/product"}],"about":[{"href":"https:\/\/www.ferberpainting.com\/cz\/wp-json\/wp\/v2\/types\/product"}],"replies":[{"embeddable":true,"href":"https:\/\/www.ferberpainting.com\/cz\/wp-json\/wp\/v2\/comments?post=24750"}],"version-history":[{"count":3,"href":"https:\/\/www.ferberpainting.com\/cz\/wp-json\/wp\/v2\/product\/24750\/revisions"}],"predecessor-version":[{"id":166679,"href":"https:\/\/www.ferberpainting.com\/cz\/wp-json\/wp\/v2\/product\/24750\/revisions\/166679"}],"wp:featuredmedia":[{"embeddable":true,"href":"https:\/\/www.ferberpainting.com\/cz\/wp-json\/wp\/v2\/media\/36071"}],"wp:attachment":[{"href":"https:\/\/www.ferberpainting.com\/cz\/wp-json\/wp\/v2\/media?parent=24750"}],"wp:term":[{"taxonomy":"product_brand","embeddable":true,"href":"https:\/\/www.ferberpainting.com\/cz\/wp-json\/wp\/v2\/product_brand?post=24750"},{"taxonomy":"product_cat","embeddable":true,"href":"https:\/\/www.ferberpainting.com\/cz\/wp-json\/wp\/v2\/product_cat?post=24750"},{"taxonomy":"product_tag","embeddable":true,"href":"https:\/\/www.ferberpainting.com\/cz\/wp-json\/wp\/v2\/product_tag?post=24750"}],"curies":[{"name":"wp","href":"https:\/\/api.w.org\/{rel}","templated":true}]}}