{"id":24744,"date":"2025-05-26T10:26:54","date_gmt":"2025-05-26T08:26:54","guid":{"rendered":"https:\/\/www.ferberpainting.com\/products\/paint-hardener\/"},"modified":"2026-02-15T23:16:32","modified_gmt":"2026-02-15T22:16:32","slug":"paint-hardener","status":"publish","type":"product","link":"https:\/\/www.ferberpainting.com\/cz\/products\/paint-hardener\/","title":{"rendered":"Tvrdidlo na barvy"},"content":{"rendered":"<p><strong><img decoding=\"async\" style=\"margin-right: 12px;\" src=\"https:\/\/www.ferberpainting.com\/wp-content\/uploads\/2026\/02\/Check.svg\" alt=\"\" width=\"18\" height=\"15\" \/>Pos\u00edlen\u00ed a zlep\u0161en\u00ed v\u00fdkonu n\u00e1t\u011bru.<\/strong>\u00a0Toto tu\u017eidlo je speci\u00e1ln\u011b navr\u017eeno pro zv\u00fd\u0161en\u00ed odolnosti a trvanlivosti n\u00e1t\u011br\u016f. Zlep\u0161uje p\u0159ilnavost, tvrdost a \u017eivotnost n\u00e1t\u011br\u016f nan\u00e1\u0161en\u00fdch na r\u016fzn\u00e9 povrchy, \u010d\u00edm\u017e sni\u017euje riziko odlupov\u00e1n\u00ed, po\u0161kr\u00e1b\u00e1n\u00ed a p\u0159ed\u010dasn\u00e9ho opot\u0159eben\u00ed. Je stejn\u011b vhodn\u00fd pro dekorativn\u00ed n\u00e1t\u011bry i pr\u016fmyslov\u00e9 n\u00e1t\u011bry a poskytuje optim\u00e1ln\u00ed dlouhodobou ochranu.<\/p>\n<p><strong><img decoding=\"async\" style=\"margin-right: 12px;\" src=\"https:\/\/www.ferberpainting.com\/wp-content\/uploads\/2026\/02\/Check.svg\" alt=\"\" width=\"18\" height=\"15\" \/>Z\u00e1ruka vr\u00e1cen\u00ed pen\u011bz.<\/strong>\u00a0Jsme p\u0159esv\u011bd\u010deni o \u00fa\u010dinnosti na\u0161eho tu\u017eidla, a proto nab\u00edz\u00edme z\u00e1ruku vr\u00e1cen\u00ed pen\u011bz. Pokud v\u00fdrobek po aplikaci podle n\u00e1vodu nespln\u00ed va\u0161e o\u010dek\u00e1v\u00e1n\u00ed, m\u016f\u017eete po\u017e\u00e1dat o bezpodm\u00edne\u010dn\u00e9 vr\u00e1cen\u00ed pen\u011bz, \u010d\u00edm\u017e si zajist\u00edte bezpe\u010dn\u00fd a bezrizikov\u00fd n\u00e1kup.<\/p>\n<p><strong><img decoding=\"async\" style=\"margin-right: 12px;\" src=\"https:\/\/www.ferberpainting.com\/wp-content\/uploads\/2026\/02\/Check.svg\" alt=\"\" width=\"18\" height=\"15\" \/>Kompatibiln\u00ed se \u0161irokou \u0161k\u00e1lou barev a materi\u00e1l\u016f.<\/strong>\u00a0Toto tu\u017eidlo je vhodn\u00e9 pro akrylov\u00e9, glyceroftalov\u00e9, alkydov\u00e9, epoxidov\u00e9 a polyuretanov\u00e9 barvy. Lze jej pou\u017e\u00edt na betonov\u00e9, kovov\u00e9, d\u0159ev\u011bn\u00e9, om\u00edtkov\u00e9, cementov\u00e9 a plastov\u00e9 povrchy a nab\u00edz\u00ed tak maxim\u00e1ln\u00ed v\u0161estrannost p\u0159i renovac\u00edch, \u00fadr\u017eb\u011b a dokon\u010dovac\u00edch projektech.<\/p>\n<p><strong><img decoding=\"async\" style=\"margin-right: 12px;\" src=\"https:\/\/www.ferberpainting.com\/wp-content\/uploads\/2026\/02\/Check.svg\" alt=\"\" width=\"18\" height=\"15\" \/>Vynikaj\u00edc\u00ed ekonomick\u00e9 v\u00fdsledky.<\/strong>\u00a0D\u00edky optimalizovan\u00e9 koncentraci o\u0161et\u0159\u00ed jeden litr tu\u017eidla a\u017e 5 litr\u016f barvy, co\u017e p\u0159edstavuje ekonomick\u00e9 a \u00fa\u010dinn\u00e9 \u0159e\u0161en\u00ed. Jeho slo\u017een\u00ed v\u00fdrazn\u011b zvy\u0161uje odolnost n\u00e1t\u011bru, \u010d\u00edm\u017e sni\u017euje pot\u0159ebu retu\u0161ov\u00e1n\u00ed nebo nov\u00fdch aplikac\u00ed a zaji\u0161\u0165uje dlouhodob\u00e9 sn\u00ed\u017een\u00ed n\u00e1klad\u016f.<\/p>\n<p><strong><img decoding=\"async\" style=\"margin-right: 12px;\" src=\"https:\/\/www.ferberpainting.com\/wp-content\/uploads\/2026\/02\/Check.svg\" alt=\"\" width=\"18\" height=\"15\" \/>Bezpe\u010dn\u00fd v\u00fdrobek bez nebezpe\u010d\u00ed pro u\u017eivatele.<\/strong>\u00a0Toto tu\u017eidlo neobsahuje toxick\u00e1 rozpou\u0161t\u011bdla ani \u0161kodliv\u00e9 l\u00e1tky. Neuvol\u0148uje agresivn\u00ed v\u00fdpary a lze s n\u00edm bezpe\u010dn\u011b manipulovat bez speci\u00e1ln\u00edch ochrann\u00fdch pom\u016fcek. Je vhodn\u00fd pro vnit\u0159n\u00ed i venkovn\u00ed prost\u0159ed\u00ed, co\u017e zaji\u0161\u0165uje bezrizikov\u00e9 pou\u017eit\u00ed pro obyvatele a u\u017eivatele o\u0161et\u0159ovan\u00fdch prostor.<\/p>\n<p><strong><img decoding=\"async\" style=\"margin-right: 12px;\" src=\"https:\/\/www.ferberpainting.com\/wp-content\/uploads\/2026\/02\/Check.svg\" alt=\"\" width=\"18\" height=\"15\" \/>Snadn\u00e9 pou\u017eit\u00ed a optim\u00e1ln\u00ed kompatibilita.<\/strong>\u00a0Toto tu\u017eidlo se snadno integruje do barvy, ani\u017e by vy\u017eadovalo slo\u017eit\u00e9 kroky. P\u0159ed aplikac\u00ed se m\u00eds\u00ed p\u0159\u00edmo s barvou, \u010d\u00edm\u017e je zaji\u0161t\u011bna rovnom\u011brn\u00e1 disperze a okam\u017eit\u00e9 zlep\u0161en\u00ed vlastnost\u00ed n\u00e1t\u011bru. Jeho pou\u017eit\u00ed nem\u011bn\u00ed barvu ani strukturu n\u00e1t\u011bru, co\u017e zaji\u0161\u0165uje povrchovou \u00fapravu v\u011brnou p\u016fvodn\u00ed.<\/p>\n<p><strong><img decoding=\"async\" style=\"margin-right: 12px;\" src=\"https:\/\/www.ferberpainting.com\/wp-content\/uploads\/2026\/02\/Check.svg\" alt=\"\" width=\"18\" height=\"15\" \/>Zv\u00fd\u0161en\u00e1 odolnost odoln\u00fdch povrch\u016f.<\/strong>\u00a0Po p\u0159im\u00edch\u00e1n\u00ed do barvy toto tu\u017eidlo zpev\u0148uje strukturu ochrann\u00e9ho filmu a v\u00fdrazn\u011b zvy\u0161uje jeho odolnost proti n\u00e1razu, ot\u011bru a vn\u011bj\u0161\u00edmu agresivn\u00edmu p\u016fsoben\u00ed. \u00da\u010dinn\u011b chr\u00e1n\u00ed p\u0159ed po\u0161kr\u00e1b\u00e1n\u00edm, skvrnami a vlhkost\u00ed, prodlu\u017euje \u017eivotnost lakovan\u00fdch povrch\u016f a sni\u017euje n\u00e1klady na \u00fadr\u017ebu.<\/p>\n<p><strong><img decoding=\"async\" style=\"margin-right: 12px;\" src=\"https:\/\/www.ferberpainting.com\/wp-content\/uploads\/2026\/02\/Check.svg\" alt=\"\" width=\"18\" height=\"15\" \/>Rychl\u00e9 su\u0161en\u00ed pro v\u00fdraznou \u00fasporu \u010dasu.<\/strong>\u00a0Optimalizac\u00ed polymerizace barvy toto tu\u017eidlo urychluje schnut\u00ed a z\u00e1rove\u0148 zaji\u0161\u0165uje rychl\u00fd v\u00fdvoj odolnosti n\u00e1t\u011bru. D\u00edky n\u011bmu jsou povrchy p\u0159ipraveny k pou\u017eit\u00ed ji\u017e za n\u011bkolik hodin v z\u00e1vislosti na okoln\u00edch podm\u00ednk\u00e1ch, co\u017e v\u00fdrazn\u011b zkracuje \u010dekac\u00ed doby mezi jednotliv\u00fdmi f\u00e1zemi projektu.<\/p>\n<h2><strong>Protokol o pou\u017eit\u00ed<\/strong><\/h2>\n<ul>\n<li><strong>P\u0159\u00edprava n\u00e1t\u011bru <\/strong>: Ujist\u011bte se, \u017ee barva, do kter\u00e9 se p\u0159id\u00e1v\u00e1 tu\u017eidlo, je \u010dist\u00e1 a dob\u0159e prom\u00edchan\u00e1. Pokud se barva usadila, p\u0159ed p\u0159id\u00e1n\u00edm tu\u017eidla ji prom\u00edchejte, abyste zajistili rovnom\u011brn\u00e9 rozlo\u017een\u00ed.<\/li>\n<li><strong>Doporu\u010den\u00e9 d\u00e1vkov\u00e1n\u00ed <\/strong>: V z\u00e1vislosti na po\u017eadovan\u00e9m stupni zes\u00edlen\u00ed p\u0159idejte v pom\u011bru k celkov\u00e9mu objemu barvy tu\u017eidlo 5% a\u017e 20%. U n\u00e1t\u011br\u016f vystaven\u00fdch extr\u00e9mn\u00edm podm\u00ednk\u00e1m (vlhkost, \u010dast\u00e9 n\u00e1razy, ot\u011br) zvolte vy\u0161\u0161\u00ed d\u00e1vku.<\/li>\n<li><strong>Homogenn\u00ed m\u00edch\u00e1n\u00ed <\/strong>: Postupn\u011b p\u0159id\u00e1vejte tu\u017eidlo do barvy za st\u00e1l\u00e9ho m\u00edch\u00e1n\u00ed ru\u010dn\u00edm m\u00edchadlem nebo elektrick\u00fdm m\u00edchadlem. Dbejte na to, aby byla sm\u011bs tekut\u00e1 a homogenn\u00ed, aby nedo\u0161lo k odd\u011blen\u00ed slo\u017eek.<\/li>\n<li><strong>Nan\u00e1\u0161en\u00ed vytvrzen\u00e9ho n\u00e1t\u011bru <\/strong>: Barvu nan\u00e1\u0161ejte jako obvykle v\u00e1le\u010dkem, \u0161t\u011btcem nebo st\u0159\u00edkac\u00ed pistol\u00ed, podle toho, jakou plochu chcete nat\u0159\u00edt. Tu\u017eidlo nem\u011bn\u00ed zp\u016fsob nan\u00e1\u0161en\u00ed a umo\u017e\u0148uje hladk\u00e9 a rovnom\u011brn\u00e9 pokryt\u00ed.<\/li>\n<li><strong>Doba su\u0161en\u00ed <\/strong>: Nechte barvu zaschnout podle doby schnut\u00ed uveden\u00e9 na obalu barvy. Vzhledem k p\u016fsoben\u00ed tu\u017eidla bude schnut\u00ed zpravidla trvat <strong>rychleji ne\u017e obvykle<\/strong>, \u010d\u00edm\u017e se zkr\u00e1t\u00ed \u010dekac\u00ed doba p\u0159ed nanesen\u00edm druh\u00e9 vrstvy nebo uveden\u00edm povrchu do provozu.<\/li>\n<li><strong>\u00dapln\u00e9 zpevn\u011bn\u00ed <\/strong>: Pro optim\u00e1ln\u00ed v\u00fdvoj odolnosti se po dobu 24 a\u017e 48 hodin po aplikaci vyhn\u011bte intenzivn\u00edmu pou\u017e\u00edv\u00e1n\u00ed nebo nam\u00e1h\u00e1n\u00ed nat\u0159en\u00e9ho povrchu. Po t\u00e9to dob\u011b dos\u00e1hne n\u00e1t\u011br maxim\u00e1ln\u00ed tvrdosti a pln\u011b odol\u00e1 mechanick\u00e9mu a klimatick\u00e9mu nam\u00e1h\u00e1n\u00ed.<\/li>\n<li><strong>\u010ci\u0161t\u011bn\u00ed n\u00e1stroj\u016f <\/strong>: Ihned po pou\u017eit\u00ed o\u010dist\u011bte \u0161t\u011btce, v\u00e1le\u010dky a st\u0159\u00edkac\u00ed pistole doporu\u010den\u00fdm rozpou\u0161t\u011bdlem odpov\u00eddaj\u00edc\u00edm pou\u017eit\u00e9 barv\u011b (voda pro akrylov\u00e9 barvy, lakov\u00fd benz\u00edn pro glyceroftalov\u00e9 barvy).<\/li>\n<\/ul>","protected":false},"excerpt":{"rendered":"<p>Strengthening and improving paint performance.\u00a0This paint hardener is specially designed to enhance the resistance and durability of coatings. It improves adhesion, hardness, and longevity of paints applied to various surfaces, thereby reducing risks of peeling, scratching, and premature wear. It is equally suitable for decorative paints and industrial coatings, providing optimal long-term protection. Money-back guarantee.\u00a0We [&hellip;]<\/p>\n","protected":false},"featured_media":26609,"comment_status":"open","ping_status":"closed","template":"","meta":{"_uag_custom_page_level_css":"","site-sidebar-layout":"default","site-content-layout":"","ast-site-content-layout":"default","site-content-style":"default","site-sidebar-style":"default","ast-global-header-display":"","ast-banner-title-visibility":"","ast-main-header-display":"","ast-hfb-above-header-display":"","ast-hfb-below-header-display":"","ast-hfb-mobile-header-display":"","site-post-title":"","ast-breadcrumbs-content":"","ast-featured-img":"","footer-sml-layout":"","ast-disable-related-posts":"","theme-transparent-header-meta":"default","adv-header-id-meta":"","stick-header-meta":"","header-above-stick-meta":"","header-main-stick-meta":"","header-below-stick-meta":"","astra-migrate-meta-layouts":"set","ast-page-background-enabled":"default","ast-page-background-meta":{"desktop":{"background-color":"var(--ast-global-color-4)","background-image":"","background-repeat":"repeat","background-position":"center center","background-size":"auto","background-attachment":"scroll","background-type":"","background-media":"","overlay-type":"","overlay-color":"","overlay-opacity":"","overlay-gradient":""},"tablet":{"background-color":"","background-image":"","background-repeat":"repeat","background-position":"center center","background-size":"auto","background-attachment":"scroll","background-type":"","background-media":"","overlay-type":"","overlay-color":"","overlay-opacity":"","overlay-gradient":""},"mobile":{"background-color":"","background-image":"","background-repeat":"repeat","background-position":"center center","background-size":"auto","background-attachment":"scroll","background-type":"","background-media":"","overlay-type":"","overlay-color":"","overlay-opacity":"","overlay-gradient":""}},"ast-content-background-meta":{"desktop":{"background-color":"var(--ast-global-color-5)","background-image":"","background-repeat":"repeat","background-position":"center center","background-size":"auto","background-attachment":"scroll","background-type":"","background-media":"","overlay-type":"","overlay-color":"","overlay-opacity":"","overlay-gradient":""},"tablet":{"background-color":"var(--ast-global-color-5)","background-image":"","background-repeat":"repeat","background-position":"center center","background-size":"auto","background-attachment":"scroll","background-type":"","background-media":"","overlay-type":"","overlay-color":"","overlay-opacity":"","overlay-gradient":""},"mobile":{"background-color":"var(--ast-global-color-5)","background-image":"","background-repeat":"repeat","background-position":"center center","background-size":"auto","background-attachment":"scroll","background-type":"","background-media":"","overlay-type":"","overlay-color":"","overlay-opacity":"","overlay-gradient":""}}},"product_brand":[],"product_cat":[175,176],"product_tag":[],"class_list":{"0":"post-24744","1":"product","2":"type-product","3":"status-publish","4":"has-post-thumbnail","6":"product_cat-cleaning-products","7":"product_cat-concrete-treatment","8":"desktop-align-left","9":"tablet-align-left","10":"mobile-align-left","12":"first","13":"instock","14":"sale","15":"shipping-taxable","16":"purchasable","17":"product-type-variable","18":"has-default-attributes"},"spectra_custom_meta":{"_visibility":["visible"],"_shopify_product_id":["9059953213685"],"_s2w_shopify_domain":["ferberpainting.myshopify.com"],"_shopify_variant_id":["46482342019317"],"_sku":[""],"_manage_stock":["no"],"total_sales":["36"],"_tax_status":["taxable"],"_tax_class":[""],"_backorders":["no"],"_sold_individually":["no"],"_virtual":["no"],"_downloadable":["no"],"_download_limit":["-1"],"_download_expiry":["-1"],"_stock":[null],"_stock_status":["instock"],"_wc_average_rating":["4.83"],"_wc_review_count":["6"],"_product_attributes":["a:1:{s:6:\"volume\";a:6:{s:4:\"name\";s:6:\"Volume\";s:5:\"value\";s:20:\"5 liters | 25 liters\";s:8:\"position\";i:1;s:10:\"is_visible\";i:0;s:12:\"is_variation\";i:1;s:11:\"is_taxonomy\";i:0;}}"],"_product_version":["10.5.1"],"_thumbnail_id":["26609"],"_product_image_gallery":["26610"],"wpse_downloadable_file_names":[""],"wpse_downloadable_file_urls":[""],"_edit_last":["1"],"_default_attributes":["a:1:{s:6:\"volume\";s:8:\"5 liters\";}"],"_edit_lock":["1771193653:1"],"_price":["29.90","129.90"],"merchant-center-availability":["yes"],"merchant-center-category":["2277"],"_wp_page_template":["default"],"site-sidebar-layout":["default"],"ast-site-content-layout":["default"],"site-content-style":["default"],"site-sidebar-style":["default"],"theme-transparent-header-meta":["default"],"_wc_rating_count":["a:2:{i:4;i:1;i:5;i:5;}"],"astra-migrate-meta-layouts":["set"],"_uag_css_file_name":["uag-css-24744.css"],"_elementor_page_assets":["a:0:{}"]},"uagb_featured_image_src":{"full":["https:\/\/www.ferberpainting.com\/wp-content\/uploads\/2025\/05\/PaintHardener5L.png",2560,2560,false],"thumbnail":["https:\/\/www.ferberpainting.com\/wp-content\/uploads\/2025\/05\/PaintHardener5L-150x150.png",150,150,true],"medium":["https:\/\/www.ferberpainting.com\/wp-content\/uploads\/2025\/05\/PaintHardener5L-300x300.png",300,300,true],"medium_large":["https:\/\/www.ferberpainting.com\/wp-content\/uploads\/2025\/05\/PaintHardener5L-768x768.png",768,768,true],"large":["https:\/\/www.ferberpainting.com\/wp-content\/uploads\/2025\/05\/PaintHardener5L-1024x1024.png",1024,1024,true],"1536x1536":["https:\/\/www.ferberpainting.com\/wp-content\/uploads\/2025\/05\/PaintHardener5L-1536x1536.png",1536,1536,true],"2048x2048":["https:\/\/www.ferberpainting.com\/wp-content\/uploads\/2025\/05\/PaintHardener5L-2048x2048.png",2048,2048,true],"trp-custom-language-flag":["https:\/\/www.ferberpainting.com\/wp-content\/uploads\/2025\/05\/PaintHardener5L-12x12.png",12,12,true],"woocommerce_thumbnail":["https:\/\/www.ferberpainting.com\/wp-content\/uploads\/2025\/05\/PaintHardener5L-300x300.png",300,300,true],"woocommerce_single":["https:\/\/www.ferberpainting.com\/wp-content\/uploads\/2025\/05\/PaintHardener5L-600x600.png",600,600,true],"woocommerce_gallery_thumbnail":["https:\/\/www.ferberpainting.com\/wp-content\/uploads\/2025\/05\/PaintHardener5L-100x100.png",100,100,true]},"uagb_author_info":{"display_name":"admin","author_link":"https:\/\/www.ferberpainting.com\/cz\/author\/"},"uagb_comment_info":6,"uagb_excerpt":"Strengthening and improving paint performance.\u00a0This paint hardener is specially designed to enhance the resistance and durability of coatings. It improves adhesion, hardness, and longevity of paints applied to various surfaces, thereby reducing risks of peeling, scratching, and premature wear. It is equally suitable for decorative paints and industrial coatings, providing optimal long-term protection. Money-back guarantee.\u00a0We&hellip;","_links":{"self":[{"href":"https:\/\/www.ferberpainting.com\/cz\/wp-json\/wp\/v2\/product\/24744","targetHints":{"allow":["GET"]}}],"collection":[{"href":"https:\/\/www.ferberpainting.com\/cz\/wp-json\/wp\/v2\/product"}],"about":[{"href":"https:\/\/www.ferberpainting.com\/cz\/wp-json\/wp\/v2\/types\/product"}],"replies":[{"embeddable":true,"href":"https:\/\/www.ferberpainting.com\/cz\/wp-json\/wp\/v2\/comments?post=24744"}],"version-history":[{"count":3,"href":"https:\/\/www.ferberpainting.com\/cz\/wp-json\/wp\/v2\/product\/24744\/revisions"}],"predecessor-version":[{"id":166671,"href":"https:\/\/www.ferberpainting.com\/cz\/wp-json\/wp\/v2\/product\/24744\/revisions\/166671"}],"wp:featuredmedia":[{"embeddable":true,"href":"https:\/\/www.ferberpainting.com\/cz\/wp-json\/wp\/v2\/media\/26609"}],"wp:attachment":[{"href":"https:\/\/www.ferberpainting.com\/cz\/wp-json\/wp\/v2\/media?parent=24744"}],"wp:term":[{"taxonomy":"product_brand","embeddable":true,"href":"https:\/\/www.ferberpainting.com\/cz\/wp-json\/wp\/v2\/product_brand?post=24744"},{"taxonomy":"product_cat","embeddable":true,"href":"https:\/\/www.ferberpainting.com\/cz\/wp-json\/wp\/v2\/product_cat?post=24744"},{"taxonomy":"product_tag","embeddable":true,"href":"https:\/\/www.ferberpainting.com\/cz\/wp-json\/wp\/v2\/product_tag?post=24744"}],"curies":[{"name":"wp","href":"https:\/\/api.w.org\/{rel}","templated":true}]}}