{"id":24738,"date":"2025-05-26T10:26:53","date_gmt":"2025-05-26T08:26:53","guid":{"rendered":"https:\/\/www.ferberpainting.com\/products\/oxalic-acid-liquid-solution\/"},"modified":"2026-02-24T13:22:43","modified_gmt":"2026-02-24T12:22:43","slug":"oxalic-acid-liquid-solution","status":"publish","type":"product","link":"https:\/\/www.ferberpainting.com\/cz\/products\/oxalic-acid-liquid-solution\/","title":{"rendered":"Kapaln\u00fd roztok kyseliny \u0161\u0165avelov\u00e9"},"content":{"rendered":"<p><strong><img decoding=\"async\" style=\"margin-right: 12px;\" src=\"https:\/\/www.ferberpainting.com\/wp-content\/uploads\/2026\/02\/Check.svg\" alt=\"\" width=\"18\" height=\"15\" \/>\u00da\u010dinn\u00fd p\u0159\u00edrodn\u00ed \u010distic\u00ed prost\u0159edek a odstra\u0148ova\u010d skvrn.<\/strong>\u00a0Tekut\u00e1 kyselina \u0161\u0165avelov\u00e1 je vysoce \u00fa\u010dinn\u00fd p\u0159\u00edpravek na odstra\u0148ov\u00e1n\u00ed odoln\u00fdch skvrn, n\u00e1nos\u016f rzi a oxida\u010dn\u00edch stop na r\u016fzn\u00fdch povr\u0161\u00edch. Pronik\u00e1 do hloubky a obnovuje jas materi\u00e1l\u016f a o\u017eivuje jejich vzhled, ani\u017e by m\u011bnila jejich strukturu.<\/p>\n<p><strong><img decoding=\"async\" style=\"margin-right: 12px;\" src=\"https:\/\/www.ferberpainting.com\/wp-content\/uploads\/2026\/02\/Check.svg\" alt=\"\" width=\"18\" height=\"15\" \/>Z\u00e1ruka vr\u00e1cen\u00ed pen\u011bz.<\/strong>\u00a0M\u00e1me naprostou d\u016fv\u011bru v \u00fa\u010dinnost na\u0161\u00ed tekut\u00e9 kyseliny \u0161\u0165avelov\u00e9. Proto nab\u00edz\u00edme z\u00e1ruku vr\u00e1cen\u00ed pen\u011bz. Pokud v\u00fdrobek nespln\u00ed va\u0161e o\u010dek\u00e1v\u00e1n\u00ed nebo nep\u0159inese o\u010dek\u00e1van\u00e9 v\u00fdsledky, m\u016f\u017eete po\u017e\u00e1dat o vr\u00e1cen\u00ed pen\u011bz bez jak\u00fdchkoli podm\u00ednek, \u010d\u00edm\u017e si zajist\u00edte n\u00e1kup bez rizika.<\/p>\n<p><strong><img decoding=\"async\" style=\"margin-right: 12px;\" src=\"https:\/\/www.ferberpainting.com\/wp-content\/uploads\/2026\/02\/Check.svg\" alt=\"\" width=\"18\" height=\"15\" \/>Kompatibiln\u00ed se \u0161irokou \u0161k\u00e1lou materi\u00e1l\u016f.<\/strong>\u00a0Tento univerz\u00e1ln\u00ed \u010distic\u00ed prost\u0159edek a odstra\u0148ova\u010d skvrn je kompatibiln\u00ed se d\u0159evem, mramorem, \u017eulou, betonem, p\u0159\u00edrodn\u00edm kamenem, dla\u017edicemi, \u017eelezem, nerezovou ocel\u00ed a hlin\u00edkem. Je ide\u00e1ln\u00ed pro \u010di\u0161t\u011bn\u00ed siln\u011b zne\u010di\u0161t\u011bn\u00fdch povrch\u016f, o\u017eiven\u00ed fas\u00e1d, rozjasn\u011bn\u00ed d\u0159eva a odstran\u011bn\u00ed skvrn od rzi z kov\u016f a podlah.<\/p>\n<p><strong><img decoding=\"async\" style=\"margin-right: 12px;\" src=\"https:\/\/www.ferberpainting.com\/wp-content\/uploads\/2026\/02\/Check.svg\" alt=\"\" width=\"18\" height=\"15\" \/>Optim\u00e1ln\u00ed ekonomick\u00e1 v\u00fdkonnost.<\/strong>\u00a0D\u00edky sv\u00e9mu koncentrovan\u00e9mu slo\u017een\u00ed dok\u00e1\u017ee 1 litr tekut\u00e9 kyseliny \u0161\u0165avelov\u00e9 o\u0161et\u0159it 5 a\u017e 10 m\u00b2 v z\u00e1vislosti na p\u00f3rovitosti a stavu povrchu. Jej\u00ed siln\u00e1 \u010distic\u00ed schopnost sni\u017euje pot\u0159ebu velk\u00e9ho mno\u017estv\u00ed p\u0159\u00edpravku, co\u017e z n\u00ed \u010din\u00ed ekonomick\u00e9 a \u00fa\u010dinn\u00e9 \u0159e\u0161en\u00ed pro profesion\u00e1ln\u00ed i dom\u00e1c\u00ed pou\u017eit\u00ed.<\/p>\n<p><strong><img decoding=\"async\" style=\"margin-right: 12px;\" src=\"https:\/\/www.ferberpainting.com\/wp-content\/uploads\/2026\/02\/Check.svg\" alt=\"\" width=\"18\" height=\"15\" \/>Bezpe\u010dn\u00e9 a kontrolovan\u00e9 \u0159e\u0161en\u00ed.<\/strong>\u00a0Na rozd\u00edl od agresivn\u011bj\u0161\u00edch kyselin je tento roztok kyseliny \u0161\u0165avelov\u00e9 navr\u017een tak, aby byl vysoce \u00fa\u010dinn\u00fd, ani\u017e by byl nadm\u011brn\u011b korozivn\u00ed. P\u0159i pou\u017eit\u00ed podle doporu\u010den\u00ed umo\u017e\u0148uje c\u00edlen\u00e9 \u010di\u0161t\u011bn\u00ed bez po\u0161kozen\u00ed choulostiv\u00fdch materi\u00e1l\u016f a zaji\u0161\u0165uje bezpe\u010dn\u00e9 pou\u017eit\u00ed na v\u011bt\u0161in\u011b b\u011b\u017en\u00fdch povrch\u016f.<\/p>\n<p><strong><img decoding=\"async\" style=\"margin-right: 12px;\" src=\"https:\/\/www.ferberpainting.com\/wp-content\/uploads\/2026\/02\/Check.svg\" alt=\"\" width=\"18\" height=\"15\" \/>Snadn\u00e1 aplikace a pou\u017eit\u00ed.<\/strong>\u00a0Tento v\u00fdrobek je p\u0159ipraven k pou\u017eit\u00ed a nevy\u017eaduje \u017e\u00e1dnou slo\u017eitou p\u0159\u00edpravu. Sta\u010d\u00ed jej nan\u00e9st p\u0159\u00edmo na o\u0161et\u0159ovan\u00fd povrch, nechat n\u011bkolik minut p\u016fsobit a opl\u00e1chnout \u010distou vodou. Jeho jednoduch\u00e1 aplikace \u0161et\u0159\u00ed zna\u010dnou \u010d\u00e1st \u010dasu, ani\u017e byste pot\u0159ebovali specializovan\u00e9 n\u00e1stroje.<\/p>\n<p><strong><img decoding=\"async\" style=\"margin-right: 12px;\" src=\"https:\/\/www.ferberpainting.com\/wp-content\/uploads\/2026\/02\/Check.svg\" alt=\"\" width=\"18\" height=\"15\" \/>Trvanlivost a ochrana materi\u00e1lu.<\/strong>\u00a0\u00da\u010dinn\u00fdm odstra\u0148ov\u00e1n\u00edm usazen\u00fdch ne\u010distot a zbytk\u016f pom\u00e1h\u00e1 tento produkt prodlu\u017eovat \u017eivotnost materi\u00e1l\u016f. Sni\u017euje usazov\u00e1n\u00ed ne\u010distot, omezuje vznik nov\u00fdch skvrn, chr\u00e1n\u00ed \u010di\u0161t\u011bn\u00e9 povrchy a obnovuje jejich p\u0159irozen\u00fd lesk.<\/p>\n<p><strong><img decoding=\"async\" style=\"margin-right: 12px;\" src=\"https:\/\/www.ferberpainting.com\/wp-content\/uploads\/2026\/02\/Check.svg\" alt=\"\" width=\"18\" height=\"15\" \/>Rychl\u00e1 akce pro okam\u017eit\u00e9 v\u00fdsledky.<\/strong>\u00a0Jeho rychl\u00fd \u00fa\u010dinek umo\u017e\u0148uje dos\u00e1hnout viditeln\u00fdch v\u00fdsledk\u016f b\u011bhem n\u011bkolika minut. Po aplikaci \u00fa\u010dinn\u011b rozpou\u0161t\u00ed skvrny a oxidaci, \u010d\u00edm\u017e v\u00fdrazn\u011b zkracuje dobu \u010di\u0161t\u011bn\u00ed a zaji\u0161\u0165uje maxim\u00e1ln\u00ed \u00fa\u010dinnost p\u0159i minim\u00e1ln\u00edm \u00fasil\u00ed.<\/p>\n<h2><strong>Protokol o pou\u017eit\u00ed<\/strong><\/h2>\n<ul>\n<li><strong>P\u0159\u00edprava povrchu <\/strong>: O\u0161et\u0159ovanou oblast d\u016fkladn\u011b o\u010dist\u011bte, abyste odstranili prach a povrchov\u00e9 ne\u010distoty. U siln\u011b zne\u010di\u0161t\u011bn\u00fdch povrch\u016f se doporu\u010duje p\u0159ed aplikac\u00ed lehce vykart\u00e1\u010dovat, aby se optimalizovala \u00fa\u010dinnost p\u0159\u00edpravku.<\/li>\n<li><strong>Pou\u017eit\u00ed roztoku kyseliny \u0161\u0165avelov\u00e9 <\/strong>: Nalijte p\u0159\u00edpravek p\u0159\u00edmo na povrch nebo jej naneste \u0161t\u011btcem, houbou \u010di rozpra\u0161ova\u010dem. U zoxidovan\u00fdch kov\u016f pono\u0159te zreziv\u011blou \u010d\u00e1st nebo ji jemn\u011b pot\u0159ete had\u0159\u00edkem namo\u010den\u00fdm v p\u0159\u00edpravku.<\/li>\n<li><strong>\u010cekac\u00ed doba <\/strong>: Nechte p\u016fsobit 5 a\u017e 15 minut v z\u00e1vislosti na stupni zne\u010di\u0161t\u011bn\u00ed a typu materi\u00e1lu. Nenech\u00e1vejte p\u0159\u00edpravek zaschnout na povrchu, aby nedo\u0161lo k jeho zm\u011bn\u011b, zejm\u00e9na na p\u0159\u00edrodn\u00edch kamenech a citliv\u00fdch kovech.<\/li>\n<li><strong>Kart\u00e1\u010dov\u00e1n\u00ed a oplachov\u00e1n\u00ed <\/strong>: V p\u0159\u00edpad\u011b pot\u0159eby drhn\u011bte m\u011bkk\u00fdm kart\u00e1\u010dem nebo houbou, abyste odstranili odoln\u00e9 zbytky, a pot\u00e9 d\u016fkladn\u011b opl\u00e1chn\u011bte \u010distou vodou, abyste neutralizovali p\u016fsoben\u00ed kyseliny \u0161\u0165avelov\u00e9.<\/li>\n<li><strong>Su\u0161en\u00ed a dokon\u010dovac\u00ed pr\u00e1ce <\/strong>: P\u0159ed p\u0159\u00edpadn\u00fdm pou\u017eit\u00edm ochrann\u00fdch prost\u0159edk\u016f (lak, dokon\u010dovac\u00ed olej nebo antikorozn\u00ed \u00faprava kovu) nechte povrch zcela zaschnout. Pro dosa\u017een\u00ed optim\u00e1ln\u00edch v\u00fdsledk\u016f postup opakujte, pokud skvrny p\u0159etrv\u00e1vaj\u00ed.<\/li>\n<\/ul>\n<p>S t\u00edmto tekut\u00fdm roztokem kyseliny \u0161\u0165avelov\u00e9 z\u00edsk\u00e1te mocn\u00e9ho spojence pro \u010di\u0161t\u011bn\u00ed, dezoxidaci a obnovu v\u0161ech typ\u016f povrch\u016f s pozoruhodnou \u00fa\u010dinnost\u00ed a bezchybnou povrchovou \u00fapravou.<\/p>","protected":false},"excerpt":{"rendered":"<p>A Powerful Natural Cleaner and Stain Remover.\u00a0Liquid oxalic acid is a highly effective product for removing tough stains, rust deposits, and oxidation marks on various surfaces. It deeply penetrates to restore the brightness of materials and revive their appearance without altering their structure. Money-back guarantee.\u00a0We have complete confidence in the effectiveness of our liquid oxalic [&hellip;]<\/p>\n","protected":false},"featured_media":26607,"comment_status":"open","ping_status":"closed","template":"","meta":{"_uag_custom_page_level_css":"","site-sidebar-layout":"default","site-content-layout":"","ast-site-content-layout":"default","site-content-style":"default","site-sidebar-style":"default","ast-global-header-display":"","ast-banner-title-visibility":"","ast-main-header-display":"","ast-hfb-above-header-display":"","ast-hfb-below-header-display":"","ast-hfb-mobile-header-display":"","site-post-title":"","ast-breadcrumbs-content":"","ast-featured-img":"","footer-sml-layout":"","ast-disable-related-posts":"","theme-transparent-header-meta":"default","adv-header-id-meta":"","stick-header-meta":"","header-above-stick-meta":"","header-main-stick-meta":"","header-below-stick-meta":"","astra-migrate-meta-layouts":"set","ast-page-background-enabled":"default","ast-page-background-meta":{"desktop":{"background-color":"var(--ast-global-color-4)","background-image":"","background-repeat":"repeat","background-position":"center center","background-size":"auto","background-attachment":"scroll","background-type":"","background-media":"","overlay-type":"","overlay-color":"","overlay-opacity":"","overlay-gradient":""},"tablet":{"background-color":"","background-image":"","background-repeat":"repeat","background-position":"center center","background-size":"auto","background-attachment":"scroll","background-type":"","background-media":"","overlay-type":"","overlay-color":"","overlay-opacity":"","overlay-gradient":""},"mobile":{"background-color":"","background-image":"","background-repeat":"repeat","background-position":"center center","background-size":"auto","background-attachment":"scroll","background-type":"","background-media":"","overlay-type":"","overlay-color":"","overlay-opacity":"","overlay-gradient":""}},"ast-content-background-meta":{"desktop":{"background-color":"var(--ast-global-color-5)","background-image":"","background-repeat":"repeat","background-position":"center center","background-size":"auto","background-attachment":"scroll","background-type":"","background-media":"","overlay-type":"","overlay-color":"","overlay-opacity":"","overlay-gradient":""},"tablet":{"background-color":"var(--ast-global-color-5)","background-image":"","background-repeat":"repeat","background-position":"center center","background-size":"auto","background-attachment":"scroll","background-type":"","background-media":"","overlay-type":"","overlay-color":"","overlay-opacity":"","overlay-gradient":""},"mobile":{"background-color":"var(--ast-global-color-5)","background-image":"","background-repeat":"repeat","background-position":"center center","background-size":"auto","background-attachment":"scroll","background-type":"","background-media":"","overlay-type":"","overlay-color":"","overlay-opacity":"","overlay-gradient":""}}},"product_brand":[],"product_cat":[175,193],"product_tag":[],"class_list":{"0":"post-24738","1":"product","2":"type-product","3":"status-publish","4":"has-post-thumbnail","6":"product_cat-cleaning-products","7":"product_cat-wood-treatment","8":"desktop-align-left","9":"tablet-align-left","10":"mobile-align-left","12":"first","13":"instock","14":"sale","15":"taxable","16":"shipping-taxable","17":"purchasable","18":"product-type-variable","19":"has-default-attributes"},"spectra_custom_meta":{"_visibility":["visible"],"_shopify_product_id":["9059127984373"],"_s2w_shopify_domain":["ferberpainting.myshopify.com"],"_shopify_variant_id":["46481179803893"],"_sku":[""],"_manage_stock":["no"],"total_sales":["193"],"_tax_status":["taxable"],"_tax_class":[""],"_backorders":["no"],"_sold_individually":["no"],"_virtual":["no"],"_downloadable":["no"],"_download_limit":["-1"],"_download_expiry":["-1"],"_stock":[null],"_stock_status":["instock"],"_wc_average_rating":["4.67"],"_wc_review_count":["6"],"_product_attributes":["a:1:{s:6:\"volume\";a:6:{s:4:\"name\";s:6:\"Volume\";s:5:\"value\";s:20:\"5 liters | 25 liters\";s:8:\"position\";i:1;s:10:\"is_visible\";i:0;s:12:\"is_variation\";i:1;s:11:\"is_taxonomy\";i:0;}}"],"_product_version":["10.5.2"],"_thumbnail_id":["26607"],"_product_image_gallery":["26608"],"wpse_downloadable_file_names":[""],"wpse_downloadable_file_urls":[""],"_edit_last":["1"],"_default_attributes":["a:1:{s:6:\"volume\";s:8:\"5 liters\";}"],"_edit_lock":["1771935832:1"],"merchant-center-availability":["yes"],"merchant-center-category":["2277"],"_wp_page_template":["default"],"site-sidebar-layout":["default"],"ast-site-content-layout":["default"],"site-content-style":["default"],"site-sidebar-style":["default"],"theme-transparent-header-meta":["default"],"_wc_rating_count":["a:2:{i:4;i:2;i:5;i:4;}"],"merchant-center-id":["FPOXALICACIDLIQUIDSOLUTION5L"],"_price":["29.90","129.90"],"astra-migrate-meta-layouts":["set"],"_uag_css_file_name":["uag-css-24738.css"],"_elementor_page_assets":["a:0:{}"],"_uag_page_assets":["a:9:{s:3:\"css\";s:7133:\".uag-blocks-common-selector{z-index:var(--z-index-desktop) !important}@media(max-width: 976px){.uag-blocks-common-selector{z-index:var(--z-index-tablet) !important}}@media(max-width: 767px){.uag-blocks-common-selector{z-index:var(--z-index-mobile) !important}}.wp-block-uagb-image{display:flex}.wp-block-uagb-image__figure{position:relative;display:flex;flex-direction:column;max-width:100%;height:auto;margin:0}.wp-block-uagb-image__figure img{height:auto;display:flex;max-width:100%;transition:box-shadow .2s ease}.wp-block-uagb-image__figure>a{display:inline-block}.wp-block-uagb-image__figure figcaption{text-align:center;margin-top:.5em;margin-bottom:1em}.wp-block-uagb-image .components-placeholder.block-editor-media-placeholder .components-placeholder__instructions{align-self:center}.wp-block-uagb-image--align-left{text-align:left}.wp-block-uagb-image--align-right{text-align:right}.wp-block-uagb-image--align-center{text-align:center}.wp-block-uagb-image--align-full .wp-block-uagb-image__figure{margin-left:calc(50% - 50vw);margin-right:calc(50% - 50vw);max-width:100vw;width:100vw;height:auto}.wp-block-uagb-image--align-full .wp-block-uagb-image__figure img{height:auto;width:100% !important}.wp-block-uagb-image--align-wide .wp-block-uagb-image__figure img{height:auto;width:100%}.wp-block-uagb-image--layout-overlay__color-wrapper{position:absolute;left:0;top:0;right:0;bottom:0;opacity:.2;background:rgba(0,0,0,.5);transition:opacity .35s ease-in-out}.wp-block-uagb-image--layout-overlay-link{position:absolute;left:0;right:0;bottom:0;top:0}.wp-block-uagb-image--layout-overlay .wp-block-uagb-image__figure:hover .wp-block-uagb-image--layout-overlay__color-wrapper{opacity:1}.wp-block-uagb-image--layout-overlay__inner{position:absolute;left:15px;right:15px;bottom:15px;top:15px;display:flex;align-items:center;justify-content:center;flex-direction:column;border-color:#fff;transition:.35s ease-in-out}.wp-block-uagb-image--layout-overlay__inner.top-left,.wp-block-uagb-image--layout-overlay__inner.top-center,.wp-block-uagb-image--layout-overlay__inner.top-right{justify-content:flex-start}.wp-block-uagb-image--layout-overlay__inner.bottom-left,.wp-block-uagb-image--layout-overlay__inner.bottom-center,.wp-block-uagb-image--layout-overlay__inner.bottom-right{justify-content:flex-end}.wp-block-uagb-image--layout-overlay__inner.top-left,.wp-block-uagb-image--layout-overlay__inner.center-left,.wp-block-uagb-image--layout-overlay__inner.bottom-left{align-items:flex-start}.wp-block-uagb-image--layout-overlay__inner.top-right,.wp-block-uagb-image--layout-overlay__inner.center-right,.wp-block-uagb-image--layout-overlay__inner.bottom-right{align-items:flex-end}.wp-block-uagb-image--layout-overlay__inner .uagb-image-heading{color:#fff;transition:transform .35s,opacity .35s ease-in-out;transform:translate3d(0, 24px, 0);margin:0;line-height:1em}.wp-block-uagb-image--layout-overlay__inner .uagb-image-separator{width:30%;border-top-width:2px;border-top-color:#fff;border-top-style:solid;margin-bottom:10px;opacity:0;transition:transform .4s,opacity .4s ease-in-out;transform:translate3d(0, 30px, 0)}.wp-block-uagb-image--layout-overlay__inner .uagb-image-caption{opacity:0;overflow:visible;color:#fff;transition:transform .45s,opacity .45s ease-in-out;transform:translate3d(0, 35px, 0)}.wp-block-uagb-image--layout-overlay__inner:hover .uagb-image-heading,.wp-block-uagb-image--layout-overlay__inner:hover .uagb-image-separator,.wp-block-uagb-image--layout-overlay__inner:hover .uagb-image-caption{opacity:1;transform:translate3d(0, 0, 0)}.wp-block-uagb-image--effect-zoomin .wp-block-uagb-image__figure img,.wp-block-uagb-image--effect-zoomin .wp-block-uagb-image__figure .wp-block-uagb-image--layout-overlay__color-wrapper{transform:scale(1);transition:transform .35s ease-in-out}.wp-block-uagb-image--effect-zoomin .wp-block-uagb-image__figure:hover img,.wp-block-uagb-image--effect-zoomin .wp-block-uagb-image__figure:hover .wp-block-uagb-image--layout-overlay__color-wrapper{transform:scale(1.05)}.wp-block-uagb-image--effect-slide .wp-block-uagb-image__figure img,.wp-block-uagb-image--effect-slide .wp-block-uagb-image__figure .wp-block-uagb-image--layout-overlay__color-wrapper{width:calc(100% + 40px) !important;max-width:none !important;transform:translate3d(-40px, 0, 0);transition:transform .35s ease-in-out}.wp-block-uagb-image--effect-slide .wp-block-uagb-image__figure:hover img,.wp-block-uagb-image--effect-slide .wp-block-uagb-image__figure:hover .wp-block-uagb-image--layout-overlay__color-wrapper{transform:translate3d(0, 0, 0)}.wp-block-uagb-image--effect-grayscale img{filter:grayscale(0%);transition:.35s ease-in-out}.wp-block-uagb-image--effect-grayscale:hover img{filter:grayscale(100%)}.wp-block-uagb-image--effect-blur img{filter:blur(0);transition:.35s ease-in-out}.wp-block-uagb-image--effect-blur:hover img{filter:blur(3px)}.uagb-block-e6f939b3.wp-block-uagb-image--layout-default figure img{box-shadow: 0px 0px 0 #00000070;}.uagb-block-e6f939b3.wp-block-uagb-image .wp-block-uagb-image__figure figcaption{font-style: normal;align-self: center;}.uagb-block-e6f939b3.wp-block-uagb-image--layout-overlay figure img{box-shadow: 0px 0px 0 #00000070;}.uagb-block-e6f939b3.wp-block-uagb-image--layout-overlay .wp-block-uagb-image--layout-overlay__color-wrapper{opacity: 0.2;}.uagb-block-e6f939b3.wp-block-uagb-image--layout-overlay .wp-block-uagb-image--layout-overlay__inner{left: 15px;right: 15px;top: 15px;bottom: 15px;}.uagb-block-e6f939b3.wp-block-uagb-image--layout-overlay .wp-block-uagb-image--layout-overlay__inner .uagb-image-heading{font-style: normal;color: #fff;opacity: 1;}.uagb-block-e6f939b3.wp-block-uagb-image--layout-overlay .wp-block-uagb-image--layout-overlay__inner .uagb-image-heading a{color: #fff;}.uagb-block-e6f939b3.wp-block-uagb-image--layout-overlay .wp-block-uagb-image--layout-overlay__inner .uagb-image-caption{opacity: 0;}.uagb-block-e6f939b3.wp-block-uagb-image--layout-overlay .wp-block-uagb-image__figure:hover .wp-block-uagb-image--layout-overlay__color-wrapper{opacity: 1;}.uagb-block-e6f939b3.wp-block-uagb-image .wp-block-uagb-image--layout-overlay__inner .uagb-image-separator{width: 30%;border-top-width: 2px;border-top-color: #fff;opacity: 0;}.uagb-block-e6f939b3.wp-block-uagb-image .wp-block-uagb-image__figure img{width: px;height: auto;}.uagb-block-e6f939b3.wp-block-uagb-image .wp-block-uagb-image__figure:hover .wp-block-uagb-image--layout-overlay__inner .uagb-image-caption{opacity: 1;}.uagb-block-e6f939b3.wp-block-uagb-image .wp-block-uagb-image__figure:hover .wp-block-uagb-image--layout-overlay__inner .uagb-image-separator{opacity: 1;}.uagb-block-e6f939b3.wp-block-uagb-image--layout-default figure:hover img{box-shadow: 0px 0px 0 #00000070;}.uagb-block-e6f939b3.wp-block-uagb-image--layout-overlay figure:hover img{box-shadow: 0px 0px 0 #00000070;}@media only screen and (max-width: 976px) {.uagb-block-e6f939b3.wp-block-uagb-image .wp-block-uagb-image__figure img{width: px;height: auto;}}@media only screen and (max-width: 767px) {.uagb-block-e6f939b3.wp-block-uagb-image .wp-block-uagb-image__figure img{width: px;height: auto;}}\";s:2:\"js\";s:0:\"\";s:18:\"current_block_list\";a:13:{i:0;s:11:\"core\/search\";i:1;s:10:\"core\/group\";i:2;s:12:\"core\/heading\";i:3;s:17:\"core\/latest-posts\";i:4;s:20:\"core\/latest-comments\";i:5;s:13:\"core\/archives\";i:6;s:15:\"core\/categories\";i:7;s:14:\"core\/paragraph\";i:8;s:10:\"uagb\/image\";i:9;s:11:\"core\/spacer\";i:10;s:30:\"woocommerce\/product-categories\";i:11;s:10:\"core\/image\";i:12;s:14:\"core\/shortcode\";}s:8:\"uag_flag\";b:1;s:11:\"uag_version\";s:10:\"1777329482\";s:6:\"gfonts\";a:0:{}s:10:\"gfonts_url\";s:0:\"\";s:12:\"gfonts_files\";a:0:{}s:14:\"uag_faq_layout\";b:0;}"]},"uagb_featured_image_src":{"full":["https:\/\/www.ferberpainting.com\/wp-content\/uploads\/2025\/05\/OxalicAcidLiquidSolution5L.png",2560,2560,false],"thumbnail":["https:\/\/www.ferberpainting.com\/wp-content\/uploads\/2025\/05\/OxalicAcidLiquidSolution5L-150x150.png",150,150,true],"medium":["https:\/\/www.ferberpainting.com\/wp-content\/uploads\/2025\/05\/OxalicAcidLiquidSolution5L-300x300.png",300,300,true],"medium_large":["https:\/\/www.ferberpainting.com\/wp-content\/uploads\/2025\/05\/OxalicAcidLiquidSolution5L-768x768.png",768,768,true],"large":["https:\/\/www.ferberpainting.com\/wp-content\/uploads\/2025\/05\/OxalicAcidLiquidSolution5L-1024x1024.png",1024,1024,true],"1536x1536":["https:\/\/www.ferberpainting.com\/wp-content\/uploads\/2025\/05\/OxalicAcidLiquidSolution5L-1536x1536.png",1536,1536,true],"2048x2048":["https:\/\/www.ferberpainting.com\/wp-content\/uploads\/2025\/05\/OxalicAcidLiquidSolution5L-2048x2048.png",2048,2048,true],"trp-custom-language-flag":["https:\/\/www.ferberpainting.com\/wp-content\/uploads\/2025\/05\/OxalicAcidLiquidSolution5L-12x12.png",12,12,true],"woocommerce_thumbnail":["https:\/\/www.ferberpainting.com\/wp-content\/uploads\/2025\/05\/OxalicAcidLiquidSolution5L-300x300.png",300,300,true],"woocommerce_single":["https:\/\/www.ferberpainting.com\/wp-content\/uploads\/2025\/05\/OxalicAcidLiquidSolution5L-600x600.png",600,600,true],"woocommerce_gallery_thumbnail":["https:\/\/www.ferberpainting.com\/wp-content\/uploads\/2025\/05\/OxalicAcidLiquidSolution5L-100x100.png",100,100,true]},"uagb_author_info":{"display_name":"admin","author_link":"https:\/\/www.ferberpainting.com\/cz\/author\/"},"uagb_comment_info":6,"uagb_excerpt":"A Powerful Natural Cleaner and Stain Remover.\u00a0Liquid oxalic acid is a highly effective product for removing tough stains, rust deposits, and oxidation marks on various surfaces. It deeply penetrates to restore the brightness of materials and revive their appearance without altering their structure. Money-back guarantee.\u00a0We have complete confidence in the effectiveness of our liquid oxalic&hellip;","_links":{"self":[{"href":"https:\/\/www.ferberpainting.com\/cz\/wp-json\/wp\/v2\/product\/24738","targetHints":{"allow":["GET"]}}],"collection":[{"href":"https:\/\/www.ferberpainting.com\/cz\/wp-json\/wp\/v2\/product"}],"about":[{"href":"https:\/\/www.ferberpainting.com\/cz\/wp-json\/wp\/v2\/types\/product"}],"replies":[{"embeddable":true,"href":"https:\/\/www.ferberpainting.com\/cz\/wp-json\/wp\/v2\/comments?post=24738"}],"version-history":[{"count":4,"href":"https:\/\/www.ferberpainting.com\/cz\/wp-json\/wp\/v2\/product\/24738\/revisions"}],"predecessor-version":[{"id":166658,"href":"https:\/\/www.ferberpainting.com\/cz\/wp-json\/wp\/v2\/product\/24738\/revisions\/166658"}],"wp:featuredmedia":[{"embeddable":true,"href":"https:\/\/www.ferberpainting.com\/cz\/wp-json\/wp\/v2\/media\/26607"}],"wp:attachment":[{"href":"https:\/\/www.ferberpainting.com\/cz\/wp-json\/wp\/v2\/media?parent=24738"}],"wp:term":[{"taxonomy":"product_brand","embeddable":true,"href":"https:\/\/www.ferberpainting.com\/cz\/wp-json\/wp\/v2\/product_brand?post=24738"},{"taxonomy":"product_cat","embeddable":true,"href":"https:\/\/www.ferberpainting.com\/cz\/wp-json\/wp\/v2\/product_cat?post=24738"},{"taxonomy":"product_tag","embeddable":true,"href":"https:\/\/www.ferberpainting.com\/cz\/wp-json\/wp\/v2\/product_tag?post=24738"}],"curies":[{"name":"wp","href":"https:\/\/api.w.org\/{rel}","templated":true}]}}