{"id":24724,"date":"2025-05-26T10:26:48","date_gmt":"2025-05-26T08:26:48","guid":{"rendered":"https:\/\/www.ferberpainting.com\/products\/nettle-manure\/"},"modified":"2026-02-15T22:35:55","modified_gmt":"2026-02-15T21:35:55","slug":"nettle-manure","status":"publish","type":"product","link":"https:\/\/www.ferberpainting.com\/cz\/products\/nettle-manure\/","title":{"rendered":"Hnojivo z kop\u0159iv"},"content":{"rendered":"<p><strong><img decoding=\"async\" style=\"margin-right: 12px;\" src=\"https:\/\/www.ferberpainting.com\/wp-content\/uploads\/2026\/02\/Check.svg\" alt=\"\" width=\"18\" height=\"15\" \/>Siln\u00e9 p\u0159\u00edrodn\u00ed hnojivo pro siln\u011bj\u0161\u00ed a zdrav\u011bj\u0161\u00ed rostliny.<\/strong> Kop\u0159ivov\u00fd hn\u016fj je tradi\u010dn\u00ed, vysoce koncentrovan\u00e9 rostlinn\u00e9 hnojivo z fermentovan\u00fdch kop\u0159iv, kter\u00e9 je ur\u010deno ke stimulaci r\u016fstu rostlin, pos\u00edlen\u00ed stonk\u016f a zlep\u0161en\u00ed celkov\u00e9 vitality. Poskytuje z\u00e1kladn\u00ed \u017eiviny, kter\u00e9 podporuj\u00ed bujnou zele\u0148, robustn\u00ed ko\u0159enov\u00fd syst\u00e9m a lep\u0161\u00ed odolnost v\u016f\u010di stresu z prost\u0159ed\u00ed.<\/p>\n<p><strong><img decoding=\"async\" style=\"margin-right: 12px;\" src=\"https:\/\/www.ferberpainting.com\/wp-content\/uploads\/2026\/02\/Check.svg\" alt=\"\" width=\"18\" height=\"15\" \/>Nej\u00fa\u010dinn\u011bj\u0161\u00ed dostupn\u00fd organick\u00fd posilova\u010d rostlin.<\/strong> D\u00edky bohat\u00e9mu slo\u017een\u00ed dus\u00edku, miner\u00e1l\u016f, stopov\u00fdch prvk\u016f a p\u0159\u00edrodn\u00edch stimul\u00e1tor\u016f r\u016fstu p\u0159in\u00e1\u0161\u00ed kop\u0159ivov\u00fd hn\u016fj rychl\u00e9 a viditeln\u00e9 v\u00fdsledky. Zvy\u0161uje produkci chlorofylu, podporuje bujn\u00fd v\u00fdvoj a podporuje zdrav\u00e9 kveten\u00ed a plodnost zeleniny, kv\u011btin, ke\u0159\u016f a ovocn\u00fdch strom\u016f.<\/p>\n<p><strong><img decoding=\"async\" style=\"margin-right: 12px;\" src=\"https:\/\/www.ferberpainting.com\/wp-content\/uploads\/2026\/02\/Check.svg\" alt=\"\" width=\"18\" height=\"15\" \/>Bezkonkuren\u010dn\u00ed cena - jsme nejlevn\u011bj\u0161\u00ed.<\/strong> Nab\u00edz\u00edme kop\u0159ivov\u00fd hn\u016fj prvot\u0159\u00eddn\u00ed kvality za nejv\u00fdhodn\u011bj\u0161\u00ed cenu na trhu. Vyu\u017eijete organick\u00e9 hnojen\u00ed profesion\u00e1ln\u00ed kvality, ani\u017e byste museli platit p\u0159emr\u0161t\u011bn\u00e9 ceny v zahradnictv\u00edch.<\/p>\n<p><strong><img decoding=\"async\" style=\"margin-right: 12px;\" src=\"https:\/\/www.ferberpainting.com\/wp-content\/uploads\/2026\/02\/Check.svg\" alt=\"\" width=\"18\" height=\"15\" \/>Z\u00e1ruka vr\u00e1cen\u00ed pen\u011bz pro naprostou spokojenost.<\/strong> Jsme p\u0159esv\u011bd\u010deni o \u00fa\u010dinnosti na\u0161eho kop\u0159ivov\u00e9ho hnoje. Pokud nebudete s v\u00fdsledky spokojeni, nab\u00edz\u00edme z\u00e1ruku vr\u00e1cen\u00ed pen\u011bz. Sta\u010d\u00ed n\u00e1s kontaktovat a my v\u00e1m vr\u00e1t\u00edme pen\u00edze za n\u00e1kup. V\u00e1\u0161 zahradnick\u00fd \u00fasp\u011bch je pro n\u00e1s prioritou.<\/p>\n<p><strong><img decoding=\"async\" style=\"margin-right: 12px;\" src=\"https:\/\/www.ferberpainting.com\/wp-content\/uploads\/2026\/02\/Check.svg\" alt=\"\" width=\"18\" height=\"15\" \/>Rychl\u00e9 doru\u010den\u00ed do 24 hodin pro okam\u017eitou p\u00e9\u010di o zahradu.<\/strong> Dod\u00e1v\u00e1me v\u017edy 24 hodin denn\u011b, tak\u017ee m\u016f\u017eete sv\u00e9 rostliny neprodlen\u011b vy\u017eivovat a chr\u00e1nit. A\u0165 u\u017e pot\u0159ebujete nal\u00e9hav\u011b pos\u00edlit rostliny nebo b\u011b\u017en\u00e9 krmen\u00ed, m\u016f\u017eete se spolehnout na rychlou a spolehlivou p\u0159epravu.<\/p>\n<p><strong><img decoding=\"async\" style=\"margin-right: 12px;\" src=\"https:\/\/www.ferberpainting.com\/wp-content\/uploads\/2026\/02\/Check.svg\" alt=\"\" width=\"18\" height=\"15\" \/>Vysoce koncentrovan\u00e9 a \u00fasporn\u00e9 slo\u017een\u00ed.<\/strong> Na\u0161e kop\u0159ivov\u00e9 hnojivo je koncentrovan\u00e9 a p\u0159ed pou\u017eit\u00edm se mus\u00ed na\u0159edit, tak\u017ee z jednoho litru v\u00fdrobku lze p\u0159ipravit a\u017e 10 a\u017e 20 litr\u016f roztoku p\u0159ipraven\u00e9ho k pou\u017eit\u00ed v z\u00e1vislosti na zp\u016fsobu pou\u017eit\u00ed. T\u00edm je zaji\u0161t\u011bna vynikaj\u00edc\u00ed hodnota a dlouhodob\u00e9 z\u00e1sobov\u00e1n\u00ed va\u0161\u00ed zahrady.<\/p>\n<p><strong><img decoding=\"async\" style=\"margin-right: 12px;\" src=\"https:\/\/www.ferberpainting.com\/wp-content\/uploads\/2026\/02\/Check.svg\" alt=\"\" width=\"18\" height=\"15\" \/>Stimuluje p\u0159irozenou obranyschopnost rostlin.<\/strong> Krom\u011b hnojen\u00ed posiluje kop\u0159ivov\u00fd hn\u016fj p\u0159irozenou odolnost rostlin proti \u0161k\u016fdc\u016fm, houbov\u00fdm chorob\u00e1m a stresu z prost\u0159ed\u00ed. Pravideln\u00e9 pou\u017e\u00edv\u00e1n\u00ed pom\u00e1h\u00e1 rostlin\u00e1m z\u00edskat v\u011bt\u0161\u00ed odolnost bez syntetick\u00fdch chemick\u00fdch l\u00e1tek.<\/p>\n<p><strong><img decoding=\"async\" style=\"margin-right: 12px;\" src=\"https:\/\/www.ferberpainting.com\/wp-content\/uploads\/2026\/02\/Check.svg\" alt=\"\" width=\"18\" height=\"15\" \/>Vhodn\u00e9 pro zeleninu, kv\u011btiny a ovocn\u00e9 stromy.<\/strong> Kop\u0159ivov\u00fd hn\u016fj lze pou\u017e\u00edt v zeleninov\u00fdch zahrad\u00e1ch, na okrasn\u00fdch kv\u011btinov\u00fdch z\u00e1honech, ve sklen\u00edc\u00edch, v sadech, a dokonce i pro hrnkov\u00e9 rostliny. Zvl\u00e1\u0161t\u011b prosp\u011b\u0161n\u00fd je pro listovou zeleninu, raj\u010data, okurky a mlad\u00e9 rostliny v aktivn\u00edch f\u00e1z\u00edch r\u016fstu.<\/p>\n<p><strong><img decoding=\"async\" style=\"margin-right: 12px;\" src=\"https:\/\/www.ferberpainting.com\/wp-content\/uploads\/2026\/02\/Check.svg\" alt=\"\" width=\"18\" height=\"15\" \/>Zlep\u0161uje \u017eivotnost a strukturu p\u016fdy.<\/strong> Kop\u0159ivov\u00fd hn\u016fj p\u0159i aplikaci do p\u016fdy stimuluje mikrobi\u00e1ln\u00ed aktivitu a zvy\u0161uje \u00farodnost p\u016fdy, \u010d\u00edm\u017e p\u0159isp\u00edv\u00e1 ke zdrav\u011bj\u0161\u00edmu prost\u0159ed\u00ed ko\u0159en\u016f a lep\u0161\u00edmu vst\u0159eb\u00e1v\u00e1n\u00ed \u017eivin.<\/p>\n<p><strong><img decoding=\"async\" style=\"margin-right: 12px;\" src=\"https:\/\/www.ferberpainting.com\/wp-content\/uploads\/2026\/02\/Check.svg\" alt=\"\" width=\"18\" height=\"15\" \/>100% p\u0159\u00edrodn\u00ed a ekologick\u00e9 \u0159e\u0161en\u00ed.<\/strong> Kop\u0159ivov\u00fd hn\u016fj, vyroben\u00fd fermentac\u00ed rostlin, je ekologickou alternativou syntetick\u00fdch hnojiv. Podporuje udr\u017eiteln\u00e9 zahradnick\u00e9 postupy a p\u0159i pou\u017eit\u00ed podle n\u00e1vodu je bezpe\u010dn\u00fd pro \u017eivotn\u00ed prost\u0159ed\u00ed.<\/p>\n<h2><strong>Pokyny<\/strong><\/h2>\n<ul>\n<li>P\u0159ed pou\u017eit\u00edm n\u00e1dobu d\u016fkladn\u011b prot\u0159epejte, aby se \u00fa\u010dinn\u00e9 slo\u017eky rovnom\u011brn\u011b rozprost\u0159ely.<\/li>\n<li>Kop\u0159ivov\u00fd hn\u016fj je vysoce koncentrovan\u00fd a p\u0159ed aplikac\u00ed se mus\u00ed v\u017edy z\u0159edit vodou.<\/li>\n<li>Pro hnojen\u00ed p\u016fdy a v\u00fd\u017eivu ko\u0159en\u016f se \u0159ed\u00ed na koncentraci 10%. Sm\u00edchejte 1 litr kop\u0159ivov\u00e9ho hnojiva s 9 litry vody nebo 100 ml p\u0159\u00edpravku s 900 ml vody. Tento roztok lze aplikovat p\u0159\u00edmo k b\u00e1zi rostlin.<\/li>\n<li>Pro listov\u00fd post\u0159ik ke stimulaci r\u016fstu a pos\u00edlen\u00ed obranyschopnosti rostlin na\u0159e\u010fte na koncentraci 5%. Sm\u00edchejte 500 ml kop\u0159ivov\u00e9ho hnojiva s 9,5 litry vody nebo 50 ml s 950 ml vody. Post\u0159\u00edkejte rovnom\u011brn\u011b na listy, nejl\u00e9pe brzy r\u00e1no nebo pozd\u011b odpoledne, abyste se vyhnuli siln\u00e9mu slune\u010dn\u00edmu z\u00e1\u0159en\u00ed.<\/li>\n<li>Pro mlad\u00e9 nebo choulostiv\u00e9 rostliny pou\u017eijte leh\u010d\u00ed \u0159ed\u011bn\u00ed p\u0159ibli\u017en\u011b 2 a\u017e 3% (20 a\u017e 30 ml na litr vody), aby nedo\u0161lo k nadm\u011brn\u00e9 stimulaci.<\/li>\n<li>Z\u0159ed\u011bn\u00fd roztok aplikujte ka\u017ed\u00e9 1 a\u017e 2 t\u00fddny b\u011bhem aktivn\u00edho vegeta\u010dn\u00edho obdob\u00ed, obvykle od za\u010d\u00e1tku jara do konce l\u00e9ta.<\/li>\n<li>Pokud je p\u016fda velmi such\u00e1, p\u0159ed aplikac\u00ed ji lehce zavla\u017ete, aby se zlep\u0161ila absorpce \u017eivin.<\/li>\n<li>Vyhn\u011bte se aplikaci za extr\u00e9mn\u00edho horka nebo p\u0159\u00edm\u00e9ho poledn\u00edho slunce, abyste zabr\u00e1nili pop\u00e1len\u00ed list\u016f.<\/li>\n<li>Nepou\u017e\u00edvejte ne\u0159ed\u011bn\u00fd p\u0159\u00edpravek p\u0159\u00edmo na rostliny, proto\u017ee vysok\u00e1 koncentrace m\u016f\u017ee po\u0161kodit ko\u0159eny nebo listy.<\/li>\n<li>N\u00e1dobu skladujte t\u011bsn\u011b uzav\u0159enou na chladn\u00e9m a such\u00e9m m\u00edst\u011b mimo dosah p\u0159\u00edm\u00e9ho slune\u010dn\u00edho z\u00e1\u0159en\u00ed. Uchov\u00e1vejte mimo dosah d\u011bt\u00ed a p\u0159i p\u0159\u00edprav\u011b zamezte dlouhodob\u00e9mu kontaktu s poko\u017ekou.<\/li>\n<\/ul>","protected":false},"excerpt":{"rendered":"<p>Powerful natural fertilizer for stronger and healthier plants. Nettle manure is a traditional, highly concentrated plant-based fertilizer made from fermented nettles, designed to stimulate plant growth, strengthen stems, and improve overall vitality. It provides essential nutrients that support lush foliage, robust root systems, and improved resistance to environmental stress. The most effective organic plant booster [&hellip;]<\/p>\n","protected":false},"featured_media":26598,"comment_status":"open","ping_status":"closed","template":"","meta":{"_uag_custom_page_level_css":"","site-sidebar-layout":"default","site-content-layout":"","ast-site-content-layout":"default","site-content-style":"default","site-sidebar-style":"default","ast-global-header-display":"","ast-banner-title-visibility":"","ast-main-header-display":"","ast-hfb-above-header-display":"","ast-hfb-below-header-display":"","ast-hfb-mobile-header-display":"","site-post-title":"","ast-breadcrumbs-content":"","ast-featured-img":"","footer-sml-layout":"","ast-disable-related-posts":"","theme-transparent-header-meta":"default","adv-header-id-meta":"","stick-header-meta":"","header-above-stick-meta":"","header-main-stick-meta":"","header-below-stick-meta":"","astra-migrate-meta-layouts":"set","ast-page-background-enabled":"default","ast-page-background-meta":{"desktop":{"background-color":"var(--ast-global-color-4)","background-image":"","background-repeat":"repeat","background-position":"center center","background-size":"auto","background-attachment":"scroll","background-type":"","background-media":"","overlay-type":"","overlay-color":"","overlay-opacity":"","overlay-gradient":""},"tablet":{"background-color":"","background-image":"","background-repeat":"repeat","background-position":"center center","background-size":"auto","background-attachment":"scroll","background-type":"","background-media":"","overlay-type":"","overlay-color":"","overlay-opacity":"","overlay-gradient":""},"mobile":{"background-color":"","background-image":"","background-repeat":"repeat","background-position":"center center","background-size":"auto","background-attachment":"scroll","background-type":"","background-media":"","overlay-type":"","overlay-color":"","overlay-opacity":"","overlay-gradient":""}},"ast-content-background-meta":{"desktop":{"background-color":"var(--ast-global-color-5)","background-image":"","background-repeat":"repeat","background-position":"center center","background-size":"auto","background-attachment":"scroll","background-type":"","background-media":"","overlay-type":"","overlay-color":"","overlay-opacity":"","overlay-gradient":""},"tablet":{"background-color":"var(--ast-global-color-5)","background-image":"","background-repeat":"repeat","background-position":"center center","background-size":"auto","background-attachment":"scroll","background-type":"","background-media":"","overlay-type":"","overlay-color":"","overlay-opacity":"","overlay-gradient":""},"mobile":{"background-color":"var(--ast-global-color-5)","background-image":"","background-repeat":"repeat","background-position":"center center","background-size":"auto","background-attachment":"scroll","background-type":"","background-media":"","overlay-type":"","overlay-color":"","overlay-opacity":"","overlay-gradient":""}}},"product_brand":[],"product_cat":[178],"product_tag":[],"class_list":{"0":"post-24724","1":"product","2":"type-product","3":"status-publish","4":"has-post-thumbnail","6":"product_cat-fertilizers","7":"desktop-align-left","8":"tablet-align-left","9":"mobile-align-left","11":"first","12":"instock","13":"sale","14":"taxable","15":"shipping-taxable","16":"purchasable","17":"product-type-variable","18":"has-default-attributes"},"spectra_custom_meta":{"_visibility":["visible"],"_shopify_product_id":["7955508625653"],"_s2w_shopify_domain":["ferberpainting.myshopify.com"],"_shopify_variant_id":["43515600699637"],"_sku":[""],"_manage_stock":["no"],"total_sales":["26"],"_tax_status":["taxable"],"_tax_class":[""],"_backorders":["no"],"_sold_individually":["no"],"_virtual":["no"],"_downloadable":["no"],"_download_limit":["-1"],"_download_expiry":["-1"],"_stock":[null],"_stock_status":["instock"],"_wc_average_rating":["4.94"],"_wc_review_count":["53"],"_product_attributes":["a:1:{s:6:\"volume\";a:6:{s:4:\"name\";s:6:\"Volume\";s:5:\"value\";s:20:\"5 liters | 25 liters\";s:8:\"position\";i:1;s:10:\"is_visible\";i:0;s:12:\"is_variation\";i:1;s:11:\"is_taxonomy\";i:0;}}"],"_product_version":["10.5.1"],"_thumbnail_id":["26598"],"_price":["29.90","99.90"],"_product_image_gallery":["26600"],"merchant-center-availability":["yes"],"merchant-center-category":["113"],"merchant-center-id":["NM"],"wpse_downloadable_file_names":[""],"wpse_downloadable_file_urls":[""],"_edit_last":["1"],"_default_attributes":["a:1:{s:6:\"volume\";s:8:\"5 liters\";}"],"_wc_rating_count":["a:2:{i:4;i:3;i:5;i:50;}"],"_edit_lock":["1771191217:1"],"_wp_page_template":["default"],"site-sidebar-layout":["default"],"ast-site-content-layout":["default"],"site-content-style":["default"],"site-sidebar-style":["default"],"theme-transparent-header-meta":["default"],"astra-migrate-meta-layouts":["set"],"_uag_css_file_name":["uag-css-24724.css"],"_elementor_page_assets":["a:0:{}"],"_uag_page_assets":["a:9:{s:3:\"css\";s:6873:\".wp-block-uagb-image{display:flex}.wp-block-uagb-image__figure{position:relative;display:flex;flex-direction:column;max-width:100%;height:auto;margin:0}.wp-block-uagb-image__figure img{height:auto;display:flex;max-width:100%;transition:box-shadow .2s ease}.wp-block-uagb-image__figure>a{display:inline-block}.wp-block-uagb-image__figure figcaption{text-align:center;margin-top:.5em;margin-bottom:1em}.wp-block-uagb-image .components-placeholder.block-editor-media-placeholder .components-placeholder__instructions{align-self:center}.wp-block-uagb-image--align-left{text-align:left}.wp-block-uagb-image--align-right{text-align:right}.wp-block-uagb-image--align-center{text-align:center}.wp-block-uagb-image--align-full .wp-block-uagb-image__figure{margin-left:calc(50% - 50vw);margin-right:calc(50% - 50vw);max-width:100vw;width:100vw;height:auto}.wp-block-uagb-image--align-full .wp-block-uagb-image__figure img{height:auto;width:100% !important}.wp-block-uagb-image--align-wide .wp-block-uagb-image__figure img{height:auto;width:100%}.wp-block-uagb-image--layout-overlay__color-wrapper{position:absolute;left:0;top:0;right:0;bottom:0;opacity:.2;background:rgba(0,0,0,.5);transition:opacity .35s ease-in-out}.wp-block-uagb-image--layout-overlay-link{position:absolute;left:0;right:0;bottom:0;top:0}.wp-block-uagb-image--layout-overlay .wp-block-uagb-image__figure:hover .wp-block-uagb-image--layout-overlay__color-wrapper{opacity:1}.wp-block-uagb-image--layout-overlay__inner{position:absolute;left:15px;right:15px;bottom:15px;top:15px;display:flex;align-items:center;justify-content:center;flex-direction:column;border-color:#fff;transition:.35s ease-in-out}.wp-block-uagb-image--layout-overlay__inner.top-left,.wp-block-uagb-image--layout-overlay__inner.top-center,.wp-block-uagb-image--layout-overlay__inner.top-right{justify-content:flex-start}.wp-block-uagb-image--layout-overlay__inner.bottom-left,.wp-block-uagb-image--layout-overlay__inner.bottom-center,.wp-block-uagb-image--layout-overlay__inner.bottom-right{justify-content:flex-end}.wp-block-uagb-image--layout-overlay__inner.top-left,.wp-block-uagb-image--layout-overlay__inner.center-left,.wp-block-uagb-image--layout-overlay__inner.bottom-left{align-items:flex-start}.wp-block-uagb-image--layout-overlay__inner.top-right,.wp-block-uagb-image--layout-overlay__inner.center-right,.wp-block-uagb-image--layout-overlay__inner.bottom-right{align-items:flex-end}.wp-block-uagb-image--layout-overlay__inner .uagb-image-heading{color:#fff;transition:transform .35s,opacity .35s ease-in-out;transform:translate3d(0, 24px, 0);margin:0;line-height:1em}.wp-block-uagb-image--layout-overlay__inner .uagb-image-separator{width:30%;border-top-width:2px;border-top-color:#fff;border-top-style:solid;margin-bottom:10px;opacity:0;transition:transform .4s,opacity .4s ease-in-out;transform:translate3d(0, 30px, 0)}.wp-block-uagb-image--layout-overlay__inner .uagb-image-caption{opacity:0;overflow:visible;color:#fff;transition:transform .45s,opacity .45s ease-in-out;transform:translate3d(0, 35px, 0)}.wp-block-uagb-image--layout-overlay__inner:hover .uagb-image-heading,.wp-block-uagb-image--layout-overlay__inner:hover .uagb-image-separator,.wp-block-uagb-image--layout-overlay__inner:hover .uagb-image-caption{opacity:1;transform:translate3d(0, 0, 0)}.wp-block-uagb-image--effect-zoomin .wp-block-uagb-image__figure img,.wp-block-uagb-image--effect-zoomin .wp-block-uagb-image__figure .wp-block-uagb-image--layout-overlay__color-wrapper{transform:scale(1);transition:transform .35s ease-in-out}.wp-block-uagb-image--effect-zoomin .wp-block-uagb-image__figure:hover img,.wp-block-uagb-image--effect-zoomin .wp-block-uagb-image__figure:hover .wp-block-uagb-image--layout-overlay__color-wrapper{transform:scale(1.05)}.wp-block-uagb-image--effect-slide .wp-block-uagb-image__figure img,.wp-block-uagb-image--effect-slide .wp-block-uagb-image__figure .wp-block-uagb-image--layout-overlay__color-wrapper{width:calc(100% + 40px) !important;max-width:none !important;transform:translate3d(-40px, 0, 0);transition:transform .35s ease-in-out}.wp-block-uagb-image--effect-slide .wp-block-uagb-image__figure:hover img,.wp-block-uagb-image--effect-slide .wp-block-uagb-image__figure:hover .wp-block-uagb-image--layout-overlay__color-wrapper{transform:translate3d(0, 0, 0)}.wp-block-uagb-image--effect-grayscale img{filter:grayscale(0%);transition:.35s ease-in-out}.wp-block-uagb-image--effect-grayscale:hover img{filter:grayscale(100%)}.wp-block-uagb-image--effect-blur img{filter:blur(0);transition:.35s ease-in-out}.wp-block-uagb-image--effect-blur:hover img{filter:blur(3px)}.uagb-block-e6f939b3.wp-block-uagb-image--layout-default figure img{box-shadow: 0px 0px 0 #00000070;}.uagb-block-e6f939b3.wp-block-uagb-image .wp-block-uagb-image__figure figcaption{font-style: normal;align-self: center;}.uagb-block-e6f939b3.wp-block-uagb-image--layout-overlay figure img{box-shadow: 0px 0px 0 #00000070;}.uagb-block-e6f939b3.wp-block-uagb-image--layout-overlay .wp-block-uagb-image--layout-overlay__color-wrapper{opacity: 0.2;}.uagb-block-e6f939b3.wp-block-uagb-image--layout-overlay .wp-block-uagb-image--layout-overlay__inner{left: 15px;right: 15px;top: 15px;bottom: 15px;}.uagb-block-e6f939b3.wp-block-uagb-image--layout-overlay .wp-block-uagb-image--layout-overlay__inner .uagb-image-heading{font-style: normal;color: #fff;opacity: 1;}.uagb-block-e6f939b3.wp-block-uagb-image--layout-overlay .wp-block-uagb-image--layout-overlay__inner .uagb-image-heading a{color: #fff;}.uagb-block-e6f939b3.wp-block-uagb-image--layout-overlay .wp-block-uagb-image--layout-overlay__inner .uagb-image-caption{opacity: 0;}.uagb-block-e6f939b3.wp-block-uagb-image--layout-overlay .wp-block-uagb-image__figure:hover .wp-block-uagb-image--layout-overlay__color-wrapper{opacity: 1;}.uagb-block-e6f939b3.wp-block-uagb-image .wp-block-uagb-image--layout-overlay__inner .uagb-image-separator{width: 30%;border-top-width: 2px;border-top-color: #fff;opacity: 0;}.uagb-block-e6f939b3.wp-block-uagb-image .wp-block-uagb-image__figure img{width: px;height: auto;}.uagb-block-e6f939b3.wp-block-uagb-image .wp-block-uagb-image__figure:hover .wp-block-uagb-image--layout-overlay__inner .uagb-image-caption{opacity: 1;}.uagb-block-e6f939b3.wp-block-uagb-image .wp-block-uagb-image__figure:hover .wp-block-uagb-image--layout-overlay__inner .uagb-image-separator{opacity: 1;}.uagb-block-e6f939b3.wp-block-uagb-image--layout-default figure:hover img{box-shadow: 0px 0px 0 #00000070;}.uagb-block-e6f939b3.wp-block-uagb-image--layout-overlay figure:hover img{box-shadow: 0px 0px 0 #00000070;}@media only screen and (max-width: 976px) {.uagb-block-e6f939b3.wp-block-uagb-image .wp-block-uagb-image__figure img{width: px;height: auto;}}@media only screen and (max-width: 767px) {.uagb-block-e6f939b3.wp-block-uagb-image .wp-block-uagb-image__figure img{width: px;height: auto;}}\";s:2:\"js\";s:0:\"\";s:18:\"current_block_list\";a:13:{i:0;s:11:\"core\/search\";i:1;s:10:\"core\/group\";i:2;s:12:\"core\/heading\";i:3;s:17:\"core\/latest-posts\";i:4;s:20:\"core\/latest-comments\";i:5;s:13:\"core\/archives\";i:6;s:15:\"core\/categories\";i:7;s:14:\"core\/paragraph\";i:8;s:10:\"uagb\/image\";i:9;s:11:\"core\/spacer\";i:10;s:30:\"woocommerce\/product-categories\";i:11;s:10:\"core\/image\";i:12;s:14:\"core\/shortcode\";}s:8:\"uag_flag\";b:1;s:11:\"uag_version\";s:10:\"1777197482\";s:6:\"gfonts\";a:0:{}s:10:\"gfonts_url\";s:0:\"\";s:12:\"gfonts_files\";a:0:{}s:14:\"uag_faq_layout\";b:0;}"]},"uagb_featured_image_src":{"full":["https:\/\/www.ferberpainting.com\/wp-content\/uploads\/2025\/05\/Nettle_manure_5L.jpg",2560,2560,false],"thumbnail":["https:\/\/www.ferberpainting.com\/wp-content\/uploads\/2025\/05\/Nettle_manure_5L-150x150.jpg",150,150,true],"medium":["https:\/\/www.ferberpainting.com\/wp-content\/uploads\/2025\/05\/Nettle_manure_5L-300x300.jpg",300,300,true],"medium_large":["https:\/\/www.ferberpainting.com\/wp-content\/uploads\/2025\/05\/Nettle_manure_5L-768x768.jpg",768,768,true],"large":["https:\/\/www.ferberpainting.com\/wp-content\/uploads\/2025\/05\/Nettle_manure_5L-1024x1024.jpg",1024,1024,true],"1536x1536":["https:\/\/www.ferberpainting.com\/wp-content\/uploads\/2025\/05\/Nettle_manure_5L-1536x1536.jpg",1536,1536,true],"2048x2048":["https:\/\/www.ferberpainting.com\/wp-content\/uploads\/2025\/05\/Nettle_manure_5L-2048x2048.jpg",2048,2048,true],"trp-custom-language-flag":["https:\/\/www.ferberpainting.com\/wp-content\/uploads\/2025\/05\/Nettle_manure_5L-12x12.jpg",12,12,true],"woocommerce_thumbnail":["https:\/\/www.ferberpainting.com\/wp-content\/uploads\/2025\/05\/Nettle_manure_5L-300x300.jpg",300,300,true],"woocommerce_single":["https:\/\/www.ferberpainting.com\/wp-content\/uploads\/2025\/05\/Nettle_manure_5L-600x600.jpg",600,600,true],"woocommerce_gallery_thumbnail":["https:\/\/www.ferberpainting.com\/wp-content\/uploads\/2025\/05\/Nettle_manure_5L-100x100.jpg",100,100,true]},"uagb_author_info":{"display_name":"admin","author_link":"https:\/\/www.ferberpainting.com\/cz\/author\/"},"uagb_comment_info":53,"uagb_excerpt":"Powerful natural fertilizer for stronger and healthier plants. Nettle manure is a traditional, highly concentrated plant-based fertilizer made from fermented nettles, designed to stimulate plant growth, strengthen stems, and improve overall vitality. It provides essential nutrients that support lush foliage, robust root systems, and improved resistance to environmental stress. The most effective organic plant booster&hellip;","_links":{"self":[{"href":"https:\/\/www.ferberpainting.com\/cz\/wp-json\/wp\/v2\/product\/24724","targetHints":{"allow":["GET"]}}],"collection":[{"href":"https:\/\/www.ferberpainting.com\/cz\/wp-json\/wp\/v2\/product"}],"about":[{"href":"https:\/\/www.ferberpainting.com\/cz\/wp-json\/wp\/v2\/types\/product"}],"replies":[{"embeddable":true,"href":"https:\/\/www.ferberpainting.com\/cz\/wp-json\/wp\/v2\/comments?post=24724"}],"version-history":[{"count":2,"href":"https:\/\/www.ferberpainting.com\/cz\/wp-json\/wp\/v2\/product\/24724\/revisions"}],"predecessor-version":[{"id":166632,"href":"https:\/\/www.ferberpainting.com\/cz\/wp-json\/wp\/v2\/product\/24724\/revisions\/166632"}],"wp:featuredmedia":[{"embeddable":true,"href":"https:\/\/www.ferberpainting.com\/cz\/wp-json\/wp\/v2\/media\/26598"}],"wp:attachment":[{"href":"https:\/\/www.ferberpainting.com\/cz\/wp-json\/wp\/v2\/media?parent=24724"}],"wp:term":[{"taxonomy":"product_brand","embeddable":true,"href":"https:\/\/www.ferberpainting.com\/cz\/wp-json\/wp\/v2\/product_brand?post=24724"},{"taxonomy":"product_cat","embeddable":true,"href":"https:\/\/www.ferberpainting.com\/cz\/wp-json\/wp\/v2\/product_cat?post=24724"},{"taxonomy":"product_tag","embeddable":true,"href":"https:\/\/www.ferberpainting.com\/cz\/wp-json\/wp\/v2\/product_tag?post=24724"}],"curies":[{"name":"wp","href":"https:\/\/api.w.org\/{rel}","templated":true}]}}