{"id":24714,"date":"2025-05-26T10:26:44","date_gmt":"2025-05-26T08:26:44","guid":{"rendered":"https:\/\/www.ferberpainting.com\/products\/monstera-fertilizer\/"},"modified":"2026-02-15T22:08:05","modified_gmt":"2026-02-15T21:08:05","slug":"monstera-fertilizer","status":"publish","type":"product","link":"https:\/\/www.ferberpainting.com\/cz\/products\/monstera-fertilizer\/","title":{"rendered":"Hnojivo Monstera"},"content":{"rendered":"<p><strong><img decoding=\"async\" style=\"margin-right: 12px;\" src=\"https:\/\/www.ferberpainting.com\/wp-content\/uploads\/2026\/02\/Check.svg\" alt=\"\" width=\"18\" height=\"15\" \/>Hnojivo speci\u00e1ln\u011b navr\u017een\u00e9 pro bujn\u00fd r\u016fst a z\u00e1\u0159iv\u00e9 olist\u011bn\u00ed.<\/strong>\u00a0Monstera, zn\u00e1m\u00e1 tak\u00e9 jako \u201c\u0161v\u00fdcarsk\u00fd s\u00fdr\u201d, je tropick\u00e1 rostlina cen\u011bn\u00e1 pro sv\u00e9 velk\u00e9 d\u011brovan\u00e9 listy a jedine\u010dn\u00fd estetick\u00fd vzhled. Pro zaji\u0161t\u011bn\u00ed optim\u00e1ln\u00edho r\u016fstu a bujn\u00e9ho olist\u011bn\u00ed je nezbytn\u00e9 dod\u00e1vat j\u00ed pot\u0159ebn\u00e9 \u017eiviny. Toto hnojivo NPK 15-15-15 poskytuje dokonale vyv\u00e1\u017een\u00e9 mno\u017estv\u00ed dus\u00edku (N), kter\u00fd podporuje v\u00fdvoj list\u016f, fosforu (P), kter\u00fd stimuluje zako\u0159e\u0148ov\u00e1n\u00ed a posiluje strukturu rostlin, a drasl\u00edku (K), kter\u00fd zvy\u0161uje odolnost v\u016f\u010di chorob\u00e1m a klimatick\u00fdm v\u00fdkyv\u016fm. D\u00edky tomuto hnojivu budou m\u00edt va\u0161e monstery v\u011bt\u0161\u00ed listy, zelen\u011bj\u0161\u00ed a d\u011brav\u011bj\u0161\u00ed, a z\u00e1rove\u0148 si zachovaj\u00ed optim\u00e1ln\u00ed zdravotn\u00ed stav.<\/p>\n<p><strong><img decoding=\"async\" style=\"margin-right: 12px;\" src=\"https:\/\/www.ferberpainting.com\/wp-content\/uploads\/2026\/02\/Check.svg\" alt=\"\" width=\"18\" height=\"15\" \/>Z\u00e1ruka vr\u00e1cen\u00ed pen\u011bz.<\/strong>\u00a0Jsme p\u0159esv\u011bd\u010deni o \u00fa\u010dinnosti na\u0161eho hnojiva pro monstery, a proto nab\u00edz\u00edme z\u00e1ruku vr\u00e1cen\u00ed pen\u011bz. Pokud se po pou\u017eit\u00ed v souladu s doporu\u010den\u00edmi u va\u0161\u00ed rostliny v\u00fdrazn\u011b nezlep\u0161\u00ed r\u016fst, vitalita nebo barva list\u016f, zavazujeme se v\u00e1m bez v\u00e1h\u00e1n\u00ed vr\u00e1tit pen\u00edze. Tento produkt si m\u016f\u017eete koupit s naprost\u00fdm klidem a b\u00fdt si jisti optim\u00e1ln\u00edm v\u00fdsledkem.<\/p>\n<p><strong><img decoding=\"async\" style=\"margin-right: 12px;\" src=\"https:\/\/www.ferberpainting.com\/wp-content\/uploads\/2026\/02\/Check.svg\" alt=\"\" width=\"18\" height=\"15\" \/>Vhodn\u00e9 pro v\u0161echny odr\u016fdy a zp\u016fsoby p\u011bstov\u00e1n\u00ed.<\/strong>\u00a0Toto hnojivo je ide\u00e1ln\u00ed pro v\u0161echny odr\u016fdy monster, v\u010detn\u011b monstery deliciosa, monstery adansonii, monstery obliqua, monstery variegata a monstery borsigiana. Je \u00fa\u010dinn\u00e9 pro rostliny p\u011bstovan\u00e9 v interi\u00e9ru, ve sklen\u00edku nebo na terase a zaru\u010duje optim\u00e1ln\u00ed hnojen\u00ed bez ohledu na prost\u0159ed\u00ed. V\u00fdborn\u011b se tak\u00e9 hod\u00ed do v\u0161ech typ\u016f substr\u00e1t\u016f, a\u0165 u\u017e se jedn\u00e1 o univerz\u00e1ln\u00ed p\u016fdu, dren\u00e1\u017en\u00ed p\u016fdu nebo speci\u00e1ln\u00ed sm\u011bs pro tropick\u00e9 rostliny. D\u00edky sv\u00e9 univerz\u00e1lnosti spl\u0148uje v\u00fd\u017eivov\u00e9 pot\u0159eby monstery v pr\u016fb\u011bhu cel\u00e9ho jej\u00edho r\u016fstov\u00e9ho cyklu.<\/p>\n<p><strong><img decoding=\"async\" style=\"margin-right: 12px;\" src=\"https:\/\/www.ferberpainting.com\/wp-content\/uploads\/2026\/02\/Check.svg\" alt=\"\" width=\"18\" height=\"15\" \/>N\u00e1kladov\u011b efektivn\u00ed a dlouhodob\u011b \u00fa\u010dinn\u00e9 hnojen\u00ed.<\/strong>\u00a0D\u00edky vysoce koncentrovan\u00e9mu slo\u017een\u00ed umo\u017e\u0148uje 5litrov\u00e1 l\u00e1hev p\u0159ipravit a\u017e 1000 litr\u016f hnojiv\u00e9ho roztoku, co\u017e zaji\u0161\u0165uje dlouhodob\u00e9 a \u00fasporn\u00e9 pou\u017e\u00edv\u00e1n\u00ed. D\u00edky p\u0159esn\u00e9mu d\u00e1vkov\u00e1n\u00ed 5 ml na litr vody poskytuje toto hnojivo optim\u00e1ln\u00ed hnojen\u00ed bez nadbytku, maximalizuje p\u0159\u00edjem \u017eivin rostlinou a sni\u017euje mno\u017estv\u00ed odpadu. Tato \u00fa\u010dinnost umo\u017e\u0148uje vy\u017eivovat velk\u00e9 mno\u017estv\u00ed monster a z\u00e1rove\u0148 kontrolovat n\u00e1klady na hnojen\u00ed.<\/p>\n<p><strong><img decoding=\"async\" style=\"margin-right: 12px;\" src=\"https:\/\/www.ferberpainting.com\/wp-content\/uploads\/2026\/02\/Check.svg\" alt=\"\" width=\"18\" height=\"15\" \/>Bezpe\u010dn\u00e9 a ekologick\u00e9 hnojivo.<\/strong>\u00a0Toto hnojivo je navr\u017eeno bez agresivn\u00edch chemick\u00fdch p\u0159\u00edpravk\u016f, respektuje p\u0159irozenou p\u016fdn\u00ed rovnov\u00e1hu a podporuje rozvoj prosp\u011b\u0161n\u00fdch mikroorganism\u016f. Neobsahuje \u017e\u00e1dn\u00e9 toxick\u00e9 prvky, kter\u00e9 by mohly ubl\u00ed\u017eit dom\u00e1c\u00edm mazl\u00ed\u010dk\u016fm nebo d\u011btem, co\u017e zaji\u0161\u0165uje bezpe\u010dn\u00e9 pou\u017eit\u00ed uvnit\u0159 domu nebo na balkon\u011b. Nav\u00edc podporuje \u017eivou p\u016fdu a zlep\u0161uje absorp\u010dn\u00ed schopnost ko\u0159en\u016f, \u010d\u00edm\u017e p\u0159isp\u00edv\u00e1 k lep\u0161\u00edmu zadr\u017eov\u00e1n\u00ed \u017eivin.<\/p>\n<p><strong><img decoding=\"async\" style=\"margin-right: 12px;\" src=\"https:\/\/www.ferberpainting.com\/wp-content\/uploads\/2026\/02\/Check.svg\" alt=\"\" width=\"18\" height=\"15\" \/>Snadn\u00e1 aplikace a hnojen\u00ed bez n\u00e1mahy.<\/strong>\u00a0Na rozd\u00edl od pevn\u00fdch hnojiv, kter\u00e1 vy\u017eaduj\u00ed p\u0159esn\u00e9 d\u00e1vkov\u00e1n\u00ed a ru\u010dn\u00ed rozmet\u00e1n\u00ed, se toto hnojivo okam\u017eit\u011b rozpou\u0161t\u00ed ve vod\u011b a snadno se aplikuje zal\u00e9v\u00e1n\u00edm nebo listov\u00fdm post\u0159ikem, co\u017e zaji\u0161\u0165uje rovnom\u011brn\u00e9 rozlo\u017een\u00ed \u017eivin. Jeho jednoduch\u00fd a rychl\u00fd zp\u016fsob aplikace je stejn\u011b vhodn\u00fd pro amat\u00e9rsk\u00e9 zahr\u00e1dk\u00e1\u0159e jako pro profesion\u00e1ly a umo\u017e\u0148uje \u00fa\u010dinn\u00e9 hnojen\u00ed bez n\u00e1mahy.<\/p>\n<p><strong><img decoding=\"async\" style=\"margin-right: 12px;\" src=\"https:\/\/www.ferberpainting.com\/wp-content\/uploads\/2026\/02\/Check.svg\" alt=\"\" width=\"18\" height=\"15\" \/>Postupn\u00fd z\u00e1sah pro hust\u00e9 olist\u011bn\u00ed a robustn\u00ed rostlinu.<\/strong>\u00a0D\u00edky postupn\u00e9mu uvol\u0148ov\u00e1n\u00ed \u017eivin toto hnojivo vy\u017eivuje monsteru po dobu n\u011bkolika t\u00fddn\u016f, \u010d\u00edm\u017e zaji\u0161\u0165uje stabiln\u00ed r\u016fst a jasn\u011bj\u0161\u00ed listy. Pom\u00e1h\u00e1 tak\u00e9 pos\u00edlit rostlinu proti houbov\u00fdm chorob\u00e1m, nedostatku \u017eivin a obdob\u00edm nedostatku vody.<\/p>\n<p><strong><img decoding=\"async\" style=\"margin-right: 12px;\" src=\"https:\/\/www.ferberpainting.com\/wp-content\/uploads\/2026\/02\/Check.svg\" alt=\"\" width=\"18\" height=\"15\" \/>Viditeln\u00e9 v\u00fdsledky ji\u017e po n\u011bkolika prvn\u00edch t\u00fddnech.<\/strong>\u00a0Ji\u017e p\u0159i prvn\u00edch aplikac\u00edch toto hnojivo stimuluje vznik nov\u00fdch v\u00fdhonk\u016f, podporuje v\u00fdvoj list\u016f a zlep\u0161uje celkovou hustotu list\u016f. Ji\u017e za n\u011bkolik t\u00fddn\u016f bude va\u0161e monstera vykazovat rychlej\u0161\u00ed r\u016fst s v\u011bt\u0161\u00edmi, zelen\u011bj\u0161\u00edmi a d\u011brovan\u011bj\u0161\u00edmi listy, kter\u00e9 dodaj\u00ed va\u0161emu interi\u00e9ru efektn\u00ed tropick\u00fd n\u00e1dech.<\/p>\n<h2><strong>Protokol o pou\u017eit\u00ed<\/strong><\/h2>\n<p><strong>\u0158ed\u011bn\u00ed hnojiva <\/strong>: Sm\u00edchejte 5 ml hnojiva na 1 litr vody. P\u0159ed ka\u017edou aplikac\u00ed roztok dob\u0159e prot\u0159epejte, abyste zajistili rovnom\u011brn\u00e9 rozlo\u017een\u00ed \u017eivin.<\/p>\n<p><strong>Zp\u016fsob pou\u017eit\u00ed <\/strong>:<\/p>\n<ul>\n<li><strong>Zal\u00e9v\u00e1n\u00edm <\/strong>: Z\u0159ed\u011bn\u00fd roztok nalijte p\u0159\u00edmo na z\u00e1kladnu monstery a dbejte na to, abyste substr\u00e1t \u0159\u00e1dn\u011b navlh\u010dili, ani\u017e by doch\u00e1zelo k nadm\u011brn\u00e9mu odtoku \u017eivin.<\/li>\n<li><strong style=\"font-size: 16px;\">Listov\u00fdm post\u0159ikem (voliteln\u011b) <\/strong><span style=\"font-size: 16px;\">: Roztok lehce nast\u0159\u00edkejte na listy brzy r\u00e1no nebo pozd\u011b ve\u010der, aby se maximalizovala absorpce bez nadm\u011brn\u00e9ho odpa\u0159ov\u00e1n\u00ed.<\/span><\/li>\n<\/ul>\n<p><strong>Frekvence pou\u017eit\u00ed <\/strong>:<\/p>\n<ul>\n<li><strong>V obdob\u00ed aktivn\u00edho r\u016fstu (jaro - l\u00e9to) <\/strong>: Hnojivo aplikujte ka\u017ed\u00e9 dva t\u00fddny, abyste podpo\u0159ili bujnou zele\u0148 a optim\u00e1ln\u00ed r\u016fst.<\/li>\n<li><strong style=\"font-size: 16px;\">V obdob\u00ed vegeta\u010dn\u00edho klidu (podzim-zima) <\/strong><span style=\"font-size: 16px;\">: Sni\u017ete frekvenci na jednou za m\u011bs\u00edc, abyste udr\u017eeli zdrav\u00ed monstery a nestimulovali jej\u00ed nadm\u011brn\u00fd r\u016fst.<\/span><\/li>\n<\/ul>\n<p><strong>Dopl\u0148kov\u00e9 zavla\u017eov\u00e1n\u00ed <\/strong>: Po aplikaci hnojiva po\u010dkejte 48 hodin p\u0159ed dal\u0161\u00ed z\u00e1livkou, aby se optimalizovalo vst\u0159eb\u00e1v\u00e1n\u00ed \u017eivin ko\u0159eny.<\/p>\n<p><strong>Bezpe\u010dnostn\u00ed opat\u0159en\u00ed pro pou\u017eit\u00ed <\/strong>: Nep\u0159ekra\u010dujte doporu\u010den\u00e9 d\u00e1vky, aby nedoch\u00e1zelo k nadm\u011brn\u00e9mu hromad\u011bn\u00ed miner\u00e1ln\u00edch sol\u00ed v substr\u00e1tu, co\u017e by mohlo zpomalit r\u016fst monstery. Aplikujte pouze na m\u00edrn\u011b vlhkou p\u016fdu, abyste zajistili optim\u00e1ln\u00ed absorpci \u017eivin.<\/p>\n<p><strong>Skladov\u00e1n\u00ed a konzervace <\/strong>: Hnojivo skladujte na such\u00e9m a m\u00edrn\u00e9m m\u00edst\u011b, mimo dosah sv\u011btla a vlhkosti. Po ka\u017ed\u00e9m pou\u017eit\u00ed n\u00e1dobu v\u017edy t\u011bsn\u011b uzav\u0159ete, abyste zachovali \u00fa\u010dinnost p\u0159\u00edpravku a zabr\u00e1nili jeho odpa\u0159ov\u00e1n\u00ed.<\/p>\n<p>S t\u00edmto hnojivem pro monstery poskytnete rostlin\u011b kompletn\u00ed v\u00fd\u017eivu dokonale p\u0159izp\u016fsobenou jej\u00edm specifick\u00fdm pot\u0159eb\u00e1m, kter\u00e1 zajist\u00ed jej\u00ed siln\u00fd r\u016fst, z\u00e1\u0159iv\u00e9 listy a lep\u0161\u00ed odolnost v\u016f\u010di venkovn\u00edm podm\u00ednk\u00e1m. Je to ide\u00e1ln\u00ed \u0159e\u0161en\u00ed, jak zkr\u00e1\u0161lit sv\u016fj interi\u00e9r zdravou a bujnou monsterou, a to po cel\u00fd rok.<\/p>","protected":false},"excerpt":{"rendered":"<p>A fertilizer specially designed for vigorous growth and radiant foliage.\u00a0The monstera, also known as the &#8220;Swiss cheese plant&#8221;, is a tropical plant appreciated for its large perforated leaves and unique aesthetic. To ensure optimal growth and lush foliage, it is essential to provide it with the nutrients it needs. This NPK 15-15-15 fertilizer provides a [&hellip;]<\/p>\n","protected":false},"featured_media":26592,"comment_status":"open","ping_status":"closed","template":"","meta":{"_uag_custom_page_level_css":"","site-sidebar-layout":"default","site-content-layout":"","ast-site-content-layout":"default","site-content-style":"default","site-sidebar-style":"default","ast-global-header-display":"","ast-banner-title-visibility":"","ast-main-header-display":"","ast-hfb-above-header-display":"","ast-hfb-below-header-display":"","ast-hfb-mobile-header-display":"","site-post-title":"","ast-breadcrumbs-content":"","ast-featured-img":"","footer-sml-layout":"","ast-disable-related-posts":"","theme-transparent-header-meta":"default","adv-header-id-meta":"","stick-header-meta":"","header-above-stick-meta":"","header-main-stick-meta":"","header-below-stick-meta":"","astra-migrate-meta-layouts":"set","ast-page-background-enabled":"default","ast-page-background-meta":{"desktop":{"background-color":"var(--ast-global-color-4)","background-image":"","background-repeat":"repeat","background-position":"center center","background-size":"auto","background-attachment":"scroll","background-type":"","background-media":"","overlay-type":"","overlay-color":"","overlay-opacity":"","overlay-gradient":""},"tablet":{"background-color":"","background-image":"","background-repeat":"repeat","background-position":"center center","background-size":"auto","background-attachment":"scroll","background-type":"","background-media":"","overlay-type":"","overlay-color":"","overlay-opacity":"","overlay-gradient":""},"mobile":{"background-color":"","background-image":"","background-repeat":"repeat","background-position":"center center","background-size":"auto","background-attachment":"scroll","background-type":"","background-media":"","overlay-type":"","overlay-color":"","overlay-opacity":"","overlay-gradient":""}},"ast-content-background-meta":{"desktop":{"background-color":"var(--ast-global-color-5)","background-image":"","background-repeat":"repeat","background-position":"center center","background-size":"auto","background-attachment":"scroll","background-type":"","background-media":"","overlay-type":"","overlay-color":"","overlay-opacity":"","overlay-gradient":""},"tablet":{"background-color":"var(--ast-global-color-5)","background-image":"","background-repeat":"repeat","background-position":"center center","background-size":"auto","background-attachment":"scroll","background-type":"","background-media":"","overlay-type":"","overlay-color":"","overlay-opacity":"","overlay-gradient":""},"mobile":{"background-color":"var(--ast-global-color-5)","background-image":"","background-repeat":"repeat","background-position":"center center","background-size":"auto","background-attachment":"scroll","background-type":"","background-media":"","overlay-type":"","overlay-color":"","overlay-opacity":"","overlay-gradient":""}}},"product_brand":[],"product_cat":[178],"product_tag":[],"class_list":{"0":"post-24714","1":"product","2":"type-product","3":"status-publish","4":"has-post-thumbnail","6":"product_cat-fertilizers","7":"desktop-align-left","8":"tablet-align-left","9":"mobile-align-left","11":"first","12":"instock","13":"sale","14":"taxable","15":"shipping-taxable","16":"purchasable","17":"product-type-variable","18":"has-default-attributes"},"spectra_custom_meta":{"_visibility":["visible"],"_shopify_product_id":["9067648450805"],"_s2w_shopify_domain":["ferberpainting.myshopify.com"],"_shopify_variant_id":["46508189810933"],"_sku":[""],"_manage_stock":["no"],"total_sales":["5"],"_tax_status":["taxable"],"_tax_class":[""],"_backorders":["no"],"_sold_individually":["no"],"_virtual":["no"],"_downloadable":["no"],"_download_limit":["-1"],"_download_expiry":["-1"],"_stock":[null],"_stock_status":["instock"],"_wc_average_rating":["4.86"],"_wc_review_count":["7"],"_product_attributes":["a:1:{s:6:\"volume\";a:6:{s:4:\"name\";s:6:\"Volume\";s:5:\"value\";s:20:\"5 liters | 25 liters\";s:8:\"position\";i:1;s:10:\"is_visible\";i:0;s:12:\"is_variation\";i:1;s:11:\"is_taxonomy\";i:0;}}"],"_product_version":["10.5.1"],"_thumbnail_id":["26592"],"_product_image_gallery":["26594"],"wpse_downloadable_file_names":[""],"wpse_downloadable_file_urls":[""],"_edit_last":["1"],"_default_attributes":["a:1:{s:6:\"volume\";s:8:\"5 liters\";}"],"_edit_lock":["1771189574:1"],"_price":["29.90","129.90"],"merchant-center-availability":["yes"],"merchant-center-category":["113"],"_wp_page_template":["default"],"site-sidebar-layout":["default"],"ast-site-content-layout":["default"],"site-content-style":["default"],"site-sidebar-style":["default"],"theme-transparent-header-meta":["default"],"_wc_rating_count":["a:2:{i:4;i:1;i:5;i:6;}"],"astra-migrate-meta-layouts":["set"],"_uag_css_file_name":["uag-css-24714.css"],"_elementor_page_assets":["a:0:{}"],"_uag_page_assets":["a:9:{s:3:\"css\";s:6873:\".wp-block-uagb-image{display:flex}.wp-block-uagb-image__figure{position:relative;display:flex;flex-direction:column;max-width:100%;height:auto;margin:0}.wp-block-uagb-image__figure img{height:auto;display:flex;max-width:100%;transition:box-shadow .2s ease}.wp-block-uagb-image__figure>a{display:inline-block}.wp-block-uagb-image__figure figcaption{text-align:center;margin-top:.5em;margin-bottom:1em}.wp-block-uagb-image .components-placeholder.block-editor-media-placeholder .components-placeholder__instructions{align-self:center}.wp-block-uagb-image--align-left{text-align:left}.wp-block-uagb-image--align-right{text-align:right}.wp-block-uagb-image--align-center{text-align:center}.wp-block-uagb-image--align-full .wp-block-uagb-image__figure{margin-left:calc(50% - 50vw);margin-right:calc(50% - 50vw);max-width:100vw;width:100vw;height:auto}.wp-block-uagb-image--align-full .wp-block-uagb-image__figure img{height:auto;width:100% !important}.wp-block-uagb-image--align-wide .wp-block-uagb-image__figure img{height:auto;width:100%}.wp-block-uagb-image--layout-overlay__color-wrapper{position:absolute;left:0;top:0;right:0;bottom:0;opacity:.2;background:rgba(0,0,0,.5);transition:opacity .35s ease-in-out}.wp-block-uagb-image--layout-overlay-link{position:absolute;left:0;right:0;bottom:0;top:0}.wp-block-uagb-image--layout-overlay .wp-block-uagb-image__figure:hover .wp-block-uagb-image--layout-overlay__color-wrapper{opacity:1}.wp-block-uagb-image--layout-overlay__inner{position:absolute;left:15px;right:15px;bottom:15px;top:15px;display:flex;align-items:center;justify-content:center;flex-direction:column;border-color:#fff;transition:.35s ease-in-out}.wp-block-uagb-image--layout-overlay__inner.top-left,.wp-block-uagb-image--layout-overlay__inner.top-center,.wp-block-uagb-image--layout-overlay__inner.top-right{justify-content:flex-start}.wp-block-uagb-image--layout-overlay__inner.bottom-left,.wp-block-uagb-image--layout-overlay__inner.bottom-center,.wp-block-uagb-image--layout-overlay__inner.bottom-right{justify-content:flex-end}.wp-block-uagb-image--layout-overlay__inner.top-left,.wp-block-uagb-image--layout-overlay__inner.center-left,.wp-block-uagb-image--layout-overlay__inner.bottom-left{align-items:flex-start}.wp-block-uagb-image--layout-overlay__inner.top-right,.wp-block-uagb-image--layout-overlay__inner.center-right,.wp-block-uagb-image--layout-overlay__inner.bottom-right{align-items:flex-end}.wp-block-uagb-image--layout-overlay__inner .uagb-image-heading{color:#fff;transition:transform .35s,opacity .35s ease-in-out;transform:translate3d(0, 24px, 0);margin:0;line-height:1em}.wp-block-uagb-image--layout-overlay__inner .uagb-image-separator{width:30%;border-top-width:2px;border-top-color:#fff;border-top-style:solid;margin-bottom:10px;opacity:0;transition:transform .4s,opacity .4s ease-in-out;transform:translate3d(0, 30px, 0)}.wp-block-uagb-image--layout-overlay__inner .uagb-image-caption{opacity:0;overflow:visible;color:#fff;transition:transform .45s,opacity .45s ease-in-out;transform:translate3d(0, 35px, 0)}.wp-block-uagb-image--layout-overlay__inner:hover .uagb-image-heading,.wp-block-uagb-image--layout-overlay__inner:hover .uagb-image-separator,.wp-block-uagb-image--layout-overlay__inner:hover .uagb-image-caption{opacity:1;transform:translate3d(0, 0, 0)}.wp-block-uagb-image--effect-zoomin .wp-block-uagb-image__figure img,.wp-block-uagb-image--effect-zoomin .wp-block-uagb-image__figure .wp-block-uagb-image--layout-overlay__color-wrapper{transform:scale(1);transition:transform .35s ease-in-out}.wp-block-uagb-image--effect-zoomin .wp-block-uagb-image__figure:hover img,.wp-block-uagb-image--effect-zoomin .wp-block-uagb-image__figure:hover .wp-block-uagb-image--layout-overlay__color-wrapper{transform:scale(1.05)}.wp-block-uagb-image--effect-slide .wp-block-uagb-image__figure img,.wp-block-uagb-image--effect-slide .wp-block-uagb-image__figure .wp-block-uagb-image--layout-overlay__color-wrapper{width:calc(100% + 40px) !important;max-width:none !important;transform:translate3d(-40px, 0, 0);transition:transform .35s ease-in-out}.wp-block-uagb-image--effect-slide .wp-block-uagb-image__figure:hover img,.wp-block-uagb-image--effect-slide .wp-block-uagb-image__figure:hover .wp-block-uagb-image--layout-overlay__color-wrapper{transform:translate3d(0, 0, 0)}.wp-block-uagb-image--effect-grayscale img{filter:grayscale(0%);transition:.35s ease-in-out}.wp-block-uagb-image--effect-grayscale:hover img{filter:grayscale(100%)}.wp-block-uagb-image--effect-blur img{filter:blur(0);transition:.35s ease-in-out}.wp-block-uagb-image--effect-blur:hover img{filter:blur(3px)}.uagb-block-e6f939b3.wp-block-uagb-image--layout-default figure img{box-shadow: 0px 0px 0 #00000070;}.uagb-block-e6f939b3.wp-block-uagb-image .wp-block-uagb-image__figure figcaption{font-style: normal;align-self: center;}.uagb-block-e6f939b3.wp-block-uagb-image--layout-overlay figure img{box-shadow: 0px 0px 0 #00000070;}.uagb-block-e6f939b3.wp-block-uagb-image--layout-overlay .wp-block-uagb-image--layout-overlay__color-wrapper{opacity: 0.2;}.uagb-block-e6f939b3.wp-block-uagb-image--layout-overlay .wp-block-uagb-image--layout-overlay__inner{left: 15px;right: 15px;top: 15px;bottom: 15px;}.uagb-block-e6f939b3.wp-block-uagb-image--layout-overlay .wp-block-uagb-image--layout-overlay__inner .uagb-image-heading{font-style: normal;color: #fff;opacity: 1;}.uagb-block-e6f939b3.wp-block-uagb-image--layout-overlay .wp-block-uagb-image--layout-overlay__inner .uagb-image-heading a{color: #fff;}.uagb-block-e6f939b3.wp-block-uagb-image--layout-overlay .wp-block-uagb-image--layout-overlay__inner .uagb-image-caption{opacity: 0;}.uagb-block-e6f939b3.wp-block-uagb-image--layout-overlay .wp-block-uagb-image__figure:hover .wp-block-uagb-image--layout-overlay__color-wrapper{opacity: 1;}.uagb-block-e6f939b3.wp-block-uagb-image .wp-block-uagb-image--layout-overlay__inner .uagb-image-separator{width: 30%;border-top-width: 2px;border-top-color: #fff;opacity: 0;}.uagb-block-e6f939b3.wp-block-uagb-image .wp-block-uagb-image__figure img{width: px;height: auto;}.uagb-block-e6f939b3.wp-block-uagb-image .wp-block-uagb-image__figure:hover .wp-block-uagb-image--layout-overlay__inner .uagb-image-caption{opacity: 1;}.uagb-block-e6f939b3.wp-block-uagb-image .wp-block-uagb-image__figure:hover .wp-block-uagb-image--layout-overlay__inner .uagb-image-separator{opacity: 1;}.uagb-block-e6f939b3.wp-block-uagb-image--layout-default figure:hover img{box-shadow: 0px 0px 0 #00000070;}.uagb-block-e6f939b3.wp-block-uagb-image--layout-overlay figure:hover img{box-shadow: 0px 0px 0 #00000070;}@media only screen and (max-width: 976px) {.uagb-block-e6f939b3.wp-block-uagb-image .wp-block-uagb-image__figure img{width: px;height: auto;}}@media only screen and (max-width: 767px) {.uagb-block-e6f939b3.wp-block-uagb-image .wp-block-uagb-image__figure img{width: px;height: auto;}}\";s:2:\"js\";s:0:\"\";s:18:\"current_block_list\";a:13:{i:0;s:11:\"core\/search\";i:1;s:10:\"core\/group\";i:2;s:12:\"core\/heading\";i:3;s:17:\"core\/latest-posts\";i:4;s:20:\"core\/latest-comments\";i:5;s:13:\"core\/archives\";i:6;s:15:\"core\/categories\";i:7;s:14:\"core\/paragraph\";i:8;s:10:\"uagb\/image\";i:9;s:11:\"core\/spacer\";i:10;s:30:\"woocommerce\/product-categories\";i:11;s:10:\"core\/image\";i:12;s:14:\"core\/shortcode\";}s:8:\"uag_flag\";b:1;s:11:\"uag_version\";s:10:\"1777319448\";s:6:\"gfonts\";a:0:{}s:10:\"gfonts_url\";s:0:\"\";s:12:\"gfonts_files\";a:0:{}s:14:\"uag_faq_layout\";b:0;}"]},"uagb_featured_image_src":{"full":["https:\/\/www.ferberpainting.com\/wp-content\/uploads\/2025\/05\/MonsteraFertilizer5L.png",2560,2560,false],"thumbnail":["https:\/\/www.ferberpainting.com\/wp-content\/uploads\/2025\/05\/MonsteraFertilizer5L-150x150.png",150,150,true],"medium":["https:\/\/www.ferberpainting.com\/wp-content\/uploads\/2025\/05\/MonsteraFertilizer5L-300x300.png",300,300,true],"medium_large":["https:\/\/www.ferberpainting.com\/wp-content\/uploads\/2025\/05\/MonsteraFertilizer5L-768x768.png",768,768,true],"large":["https:\/\/www.ferberpainting.com\/wp-content\/uploads\/2025\/05\/MonsteraFertilizer5L-1024x1024.png",1024,1024,true],"1536x1536":["https:\/\/www.ferberpainting.com\/wp-content\/uploads\/2025\/05\/MonsteraFertilizer5L-1536x1536.png",1536,1536,true],"2048x2048":["https:\/\/www.ferberpainting.com\/wp-content\/uploads\/2025\/05\/MonsteraFertilizer5L-2048x2048.png",2048,2048,true],"trp-custom-language-flag":["https:\/\/www.ferberpainting.com\/wp-content\/uploads\/2025\/05\/MonsteraFertilizer5L-12x12.png",12,12,true],"woocommerce_thumbnail":["https:\/\/www.ferberpainting.com\/wp-content\/uploads\/2025\/05\/MonsteraFertilizer5L-300x300.png",300,300,true],"woocommerce_single":["https:\/\/www.ferberpainting.com\/wp-content\/uploads\/2025\/05\/MonsteraFertilizer5L-600x600.png",600,600,true],"woocommerce_gallery_thumbnail":["https:\/\/www.ferberpainting.com\/wp-content\/uploads\/2025\/05\/MonsteraFertilizer5L-100x100.png",100,100,true]},"uagb_author_info":{"display_name":"admin","author_link":"https:\/\/www.ferberpainting.com\/cz\/author\/"},"uagb_comment_info":7,"uagb_excerpt":"A fertilizer specially designed for vigorous growth and radiant foliage.\u00a0The monstera, also known as the &#8220;Swiss cheese plant&#8221;, is a tropical plant appreciated for its large perforated leaves and unique aesthetic. To ensure optimal growth and lush foliage, it is essential to provide it with the nutrients it needs. This NPK 15-15-15 fertilizer provides a&hellip;","_links":{"self":[{"href":"https:\/\/www.ferberpainting.com\/cz\/wp-json\/wp\/v2\/product\/24714","targetHints":{"allow":["GET"]}}],"collection":[{"href":"https:\/\/www.ferberpainting.com\/cz\/wp-json\/wp\/v2\/product"}],"about":[{"href":"https:\/\/www.ferberpainting.com\/cz\/wp-json\/wp\/v2\/types\/product"}],"replies":[{"embeddable":true,"href":"https:\/\/www.ferberpainting.com\/cz\/wp-json\/wp\/v2\/comments?post=24714"}],"version-history":[{"count":4,"href":"https:\/\/www.ferberpainting.com\/cz\/wp-json\/wp\/v2\/product\/24714\/revisions"}],"predecessor-version":[{"id":166608,"href":"https:\/\/www.ferberpainting.com\/cz\/wp-json\/wp\/v2\/product\/24714\/revisions\/166608"}],"wp:featuredmedia":[{"embeddable":true,"href":"https:\/\/www.ferberpainting.com\/cz\/wp-json\/wp\/v2\/media\/26592"}],"wp:attachment":[{"href":"https:\/\/www.ferberpainting.com\/cz\/wp-json\/wp\/v2\/media?parent=24714"}],"wp:term":[{"taxonomy":"product_brand","embeddable":true,"href":"https:\/\/www.ferberpainting.com\/cz\/wp-json\/wp\/v2\/product_brand?post=24714"},{"taxonomy":"product_cat","embeddable":true,"href":"https:\/\/www.ferberpainting.com\/cz\/wp-json\/wp\/v2\/product_cat?post=24714"},{"taxonomy":"product_tag","embeddable":true,"href":"https:\/\/www.ferberpainting.com\/cz\/wp-json\/wp\/v2\/product_tag?post=24714"}],"curies":[{"name":"wp","href":"https:\/\/api.w.org\/{rel}","templated":true}]}}