{"id":24701,"date":"2025-05-26T10:26:40","date_gmt":"2025-05-26T08:26:40","guid":{"rendered":"https:\/\/www.ferberpainting.com\/products\/microcement-varnish\/"},"modified":"2026-02-15T21:50:30","modified_gmt":"2026-02-15T20:50:30","slug":"microcement-varnish","status":"publish","type":"product","link":"https:\/\/www.ferberpainting.com\/cz\/products\/microcement-varnish\/","title":{"rendered":"Lak na mikrocement"},"content":{"rendered":"<p><strong><img decoding=\"async\" style=\"margin-right: 12px;\" src=\"https:\/\/www.ferberpainting.com\/wp-content\/uploads\/2026\/02\/Check.svg\" alt=\"\" width=\"18\" height=\"15\" \/>Ochrana a vylep\u0161en\u00ed voskovan\u00e9ho betonu.<\/strong>\u00a0Tento voskovan\u00fd lak na beton je speci\u00e1ln\u011b navr\u017een tak, aby chr\u00e1nil a vylep\u0161oval povrchy a z\u00e1rove\u0148 zachov\u00e1val jejich p\u0159irozen\u00fd vzhled. Vytv\u00e1\u0159\u00ed neviditeln\u00fd ochrann\u00fd film, kter\u00fd posiluje odolnost voskovan\u00e9ho betonu proti ka\u017edodenn\u00edm vliv\u016fm, jako je vlhkost, skvrny, n\u00e1razy a opot\u0159eben\u00ed, a zaji\u0161\u0165uje tak dokonal\u00fd a trvanliv\u00fd estetick\u00fd v\u00fdsledek.<\/p>\n<p><strong><img decoding=\"async\" style=\"margin-right: 12px;\" src=\"https:\/\/www.ferberpainting.com\/wp-content\/uploads\/2026\/02\/Check.svg\" alt=\"\" width=\"18\" height=\"15\" \/>Z\u00e1ruka vr\u00e1cen\u00ed pen\u011bz.<\/strong>\u00a0Jsme si naprosto jisti \u00fa\u010dinnost\u00ed na\u0161eho voskovan\u00e9ho laku na beton, a proto nab\u00edz\u00edme z\u00e1ruku vr\u00e1cen\u00ed pen\u011bz. Pokud v\u00fdrobek po aplikaci podle doporu\u010den\u00ed nespln\u00ed va\u0161e o\u010dek\u00e1v\u00e1n\u00ed, m\u00e1te mo\u017enost po\u017e\u00e1dat o vr\u00e1cen\u00ed pen\u011bz bez podm\u00ednek, \u010d\u00edm\u017e si zajist\u00edte n\u00e1kup bez rizika a naprostou spokojenost.<\/p>\n<p><strong><img decoding=\"async\" style=\"margin-right: 12px;\" src=\"https:\/\/www.ferberpainting.com\/wp-content\/uploads\/2026\/02\/Check.svg\" alt=\"\" width=\"18\" height=\"15\" \/>Vhodn\u00e9 pro r\u016fzn\u00e9 por\u00e9zn\u00ed a miner\u00e1ln\u00ed materi\u00e1ly.<\/strong>\u00a0Tento lak nen\u00ed omezen pouze na voskovan\u00fd beton, ale je kompatibiln\u00ed i se surov\u00fdm betonem, cementem, maltou, p\u0159\u00edrodn\u00edm kamenem a n\u011bkter\u00fdmi por\u00e9zn\u00edmi n\u00e1t\u011bry. Pom\u00e1h\u00e1 pos\u00edlit ochranu mnoha povrch\u016f a z\u00e1rove\u0148 zlep\u0161uje jejich povrchovou \u00fapravu, tak\u017ee je ide\u00e1ln\u00ed pro pou\u017eit\u00ed na podlahy, st\u011bny, pracovn\u00ed plochy a svisl\u00e9 i vodorovn\u00e9 povrchy.<\/p>\n<p><strong><img decoding=\"async\" style=\"margin-right: 12px;\" src=\"https:\/\/www.ferberpainting.com\/wp-content\/uploads\/2026\/02\/Check.svg\" alt=\"\" width=\"18\" height=\"15\" \/>Ekonomick\u00fd v\u00fdnos a optimalizovan\u00e1 aplikace.<\/strong>\u00a0D\u00edky sv\u00e9mu koncentrovan\u00e9mu slo\u017een\u00ed pokryje 1 litr laku 8 a\u017e 12 m\u00b2 v z\u00e1vislosti na p\u00f3rovitosti povrchu a tlou\u0161\u0165ce nanesen\u00fdch vrstev. Jeho vynikaj\u00edc\u00ed kryc\u00ed schopnost zaji\u0161\u0165uje sn\u00ed\u017eenou spot\u0159ebu a z\u00e1rove\u0148 maxim\u00e1ln\u00ed ochranu, co\u017e pom\u00e1h\u00e1 omezit n\u00e1klady na \u00fadr\u017ebu a retu\u0161ov\u00e1n\u00ed.<\/p>\n<p><strong><img decoding=\"async\" style=\"margin-right: 12px;\" src=\"https:\/\/www.ferberpainting.com\/wp-content\/uploads\/2026\/02\/Check.svg\" alt=\"\" width=\"18\" height=\"15\" \/>Bezpe\u010dn\u00fd a ekologick\u00fd v\u00fdrobek.<\/strong>\u00a0Tento lak, jeho\u017e slo\u017een\u00ed neobsahuje drsn\u00e1 rozpou\u0161t\u011bdla ani toxick\u00e9 slou\u010deniny, nevypou\u0161t\u00ed \u017e\u00e1dn\u00e9 \u0161kodliv\u00e9 v\u00fdpary a lze jej pou\u017e\u00edvat v interi\u00e9ru i exteri\u00e9ru, ani\u017e by ovliv\u0148oval kvalitu ovzdu\u0161\u00ed. Je bezpe\u010dn\u00fd jak pro u\u017eivatele, tak pro \u017eivotn\u00ed prost\u0159ed\u00ed, co\u017e zaji\u0161\u0165uje aplikaci v naprost\u00e9m klidu v obytn\u00fdch prostor\u00e1ch nebo st\u00edsn\u011bn\u00fdch prostorech.<\/p>\n<p><strong><img decoding=\"async\" style=\"margin-right: 12px;\" src=\"https:\/\/www.ferberpainting.com\/wp-content\/uploads\/2026\/02\/Check.svg\" alt=\"\" width=\"18\" height=\"15\" \/>Snadn\u00e1 aplikace a homogenn\u00ed schnut\u00ed.<\/strong>\u00a0Tento lak je p\u0159ipraven k pou\u017eit\u00ed a lze jej snadno nan\u00e1\u0161et \u0161t\u011btcem, v\u00e1le\u010dkem nebo st\u0159\u00edkac\u00edm za\u0159\u00edzen\u00edm, co\u017e zaji\u0161\u0165uje rovnom\u011brn\u00e9 rozlo\u017een\u00ed a homogenn\u00ed povrch bez \u0161mouh a p\u0159et\u00edr\u00e1n\u00ed. Jeho tekut\u00e1 textura umo\u017e\u0148uje snadnou aplikaci i za\u010d\u00ednaj\u00edc\u00edm u\u017eivatel\u016fm a zaru\u010duje profesion\u00e1ln\u00ed v\u00fdsledek p\u0159i naprost\u00e9 jednoduchosti.<\/p>\n<p><strong><img decoding=\"async\" style=\"margin-right: 12px;\" src=\"https:\/\/www.ferberpainting.com\/wp-content\/uploads\/2026\/02\/Check.svg\" alt=\"\" width=\"18\" height=\"15\" \/>Trvanlivost a odolnost v\u016f\u010di vn\u011bj\u0161\u00edm vliv\u016fm.<\/strong>\u00a0Po nanesen\u00ed a zaschnut\u00ed tento lak trvale chr\u00e1n\u00ed voskovan\u00fd beton p\u0159ed po\u0161kr\u00e1b\u00e1n\u00edm, skvrnami, vodou, olejem a dom\u00e1c\u00edmi prost\u0159edky a prodlu\u017euje vzhled a kr\u00e1su o\u0161et\u0159en\u00fdch povrch\u016f. Zvy\u0161uje odolnost povrchu v\u016f\u010di \u010dast\u00e9mu p\u011b\u0161\u00edmu provozu a klimatick\u00fdm v\u00fdkyv\u016fm, \u010d\u00edm\u017e zabra\u0148uje jeho p\u0159ed\u010dasn\u00e9mu opot\u0159eben\u00ed.<\/p>\n<p><strong><img decoding=\"async\" style=\"margin-right: 12px;\" src=\"https:\/\/www.ferberpainting.com\/wp-content\/uploads\/2026\/02\/Check.svg\" alt=\"\" width=\"18\" height=\"15\" \/>Rychl\u00e9 schnut\u00ed a zrychlen\u00e1 servisn\u00ed p\u0159ipravenost.<\/strong>\u00a0D\u00edky sv\u00e9mu rychleschnouc\u00edmu slo\u017een\u00ed je tento lak na dotek such\u00fd za 30 a\u017e 60 minut a optim\u00e1ln\u00ed odolnosti dosahuje po 24 hodin\u00e1ch. To umo\u017e\u0148uje rychl\u00fd n\u00e1vrat povrch\u016f do provozu, vyh\u00fdb\u00e1 se dlouh\u00fdm \u010dekac\u00edm lh\u016ft\u00e1m a usnad\u0148uje pr\u016fb\u011bh renova\u010dn\u00edch nebo za\u0159izovac\u00edch prac\u00ed.<\/p>\n<h2><strong>Protokol o pou\u017eit\u00ed<\/strong><\/h2>\n<ul>\n<li><strong>P\u0159\u00edprava povrchu <\/strong>: Ujist\u011bte se, \u017ee je voskovan\u00fd betonov\u00fd povrch \u010dist\u00fd, such\u00fd a zbaven\u00fd prachu, mastnoty nebo jak\u00fdchkoli ne\u010distot. V p\u0159\u00edpad\u011b pot\u0159eby odstra\u0148te prach such\u00fdm had\u0159\u00edkem nebo mikrovl\u00e1knem.<\/li>\n<li><strong>Doporu\u010den\u00e9 d\u00e1vkov\u00e1n\u00ed <\/strong>: Aplikujte 1 litr na 8 a\u017e 12 m\u00b2 v z\u00e1vislosti na p\u00f3rovitosti materi\u00e1lu. Pro lep\u0161\u00ed povrchovou \u00fapravu a zv\u00fd\u0161enou ochranu se doporu\u010duje nan\u00e9st dv\u011b a\u017e t\u0159i tenk\u00e9 vrstvy nam\u00edsto jedn\u00e9 siln\u00e9 vrstvy.<\/li>\n<li><strong>Aplikace laku <\/strong>: Lak nan\u00e1\u0161ejte \u0161irok\u00fdm \u0161t\u011btcem, v\u00e1le\u010dkem s kr\u00e1tk\u00fdm vlasem nebo rozpra\u0161ova\u010dem, p\u0159i\u010dem\u017e prov\u00e1d\u011bjte pravideln\u00e9 pohyby a k\u0159i\u017eujte p\u0159ejezdy pro rovnom\u011brn\u00e9 rozet\u0159en\u00ed. Dbejte na dobr\u00e9 rozet\u0159en\u00ed v\u00fdrobku, aby nedoch\u00e1zelo k jeho nadm\u011brn\u00e9mu hromad\u011bn\u00ed.<\/li>\n<li><strong>Doba su\u0161en\u00ed <\/strong>: Ka\u017edou vrstvu nechte schnout 30 a\u017e 60 minut. Po zaschnut\u00ed prvn\u00ed vrstvy lze nan\u00e9st druhou vrstvu, aby se pos\u00edlila ochrana a zlep\u0161ila povrchov\u00e1 \u00faprava.<\/li>\n<li><strong>Kompletn\u00ed su\u0161en\u00ed a servisn\u00ed p\u0159ipravenost <\/strong>: P\u0159ed b\u011b\u017en\u00fdm pou\u017e\u00edv\u00e1n\u00edm povrchu po\u010dkejte 24 hodin. B\u011bhem t\u00e9to doby se vyhn\u011bte dlouhodob\u00e9mu vystaven\u00ed vlhkosti nebo n\u00e1raz\u016fm, aby byla zaji\u0161t\u011bna optim\u00e1ln\u00ed odolnost.<\/li>\n<li><strong>Dlouhodob\u00e1 \u00fadr\u017eba a ochrana <\/strong>: Po zaschnut\u00ed vy\u017eaduje lak pouze jednoduchou \u00fadr\u017ebu vlhk\u00fdm had\u0159\u00edkem a jemn\u00fdmi dom\u00e1c\u00edmi prost\u0159edky. Pro udr\u017een\u00ed lesku a ochrany voskovan\u00e9ho betonu lze v p\u0159\u00edpad\u011b pot\u0159eby po n\u011bkolika letech prov\u00e9st novou aplikaci.<\/li>\n<li><strong>\u010ci\u0161t\u011bn\u00ed n\u00e1stroj\u016f <\/strong>: Po aplikaci okam\u017eit\u011b o\u010dist\u011bte \u0161t\u011btce, v\u00e1le\u010dky a post\u0159ikova\u010de \u010distou vodou, abyste zabr\u00e1nili tvrdnut\u00ed v\u00fdrobku a prodlou\u017eili \u017eivotnost za\u0159\u00edzen\u00ed.<\/li>\n<\/ul>","protected":false},"excerpt":{"rendered":"<p>Protection and enhancement of waxed concrete.\u00a0This waxed concrete varnish is specially designed to protect and enhance surfaces while preserving their natural appearance. It forms an invisible protective film that reinforces the resistance of waxed concrete against daily aggressions such as humidity, stains, shocks, and wear, thus ensuring an impeccable and durable aesthetic result. Money-back guarantee.\u00a0We [&hellip;]<\/p>\n","protected":false},"featured_media":26584,"comment_status":"open","ping_status":"closed","template":"","meta":{"_uag_custom_page_level_css":"","site-sidebar-layout":"default","site-content-layout":"","ast-site-content-layout":"default","site-content-style":"default","site-sidebar-style":"default","ast-global-header-display":"","ast-banner-title-visibility":"","ast-main-header-display":"","ast-hfb-above-header-display":"","ast-hfb-below-header-display":"","ast-hfb-mobile-header-display":"","site-post-title":"","ast-breadcrumbs-content":"","ast-featured-img":"","footer-sml-layout":"","ast-disable-related-posts":"","theme-transparent-header-meta":"default","adv-header-id-meta":"","stick-header-meta":"","header-above-stick-meta":"","header-main-stick-meta":"","header-below-stick-meta":"","astra-migrate-meta-layouts":"set","ast-page-background-enabled":"default","ast-page-background-meta":{"desktop":{"background-color":"var(--ast-global-color-4)","background-image":"","background-repeat":"repeat","background-position":"center center","background-size":"auto","background-attachment":"scroll","background-type":"","background-media":"","overlay-type":"","overlay-color":"","overlay-opacity":"","overlay-gradient":""},"tablet":{"background-color":"","background-image":"","background-repeat":"repeat","background-position":"center center","background-size":"auto","background-attachment":"scroll","background-type":"","background-media":"","overlay-type":"","overlay-color":"","overlay-opacity":"","overlay-gradient":""},"mobile":{"background-color":"","background-image":"","background-repeat":"repeat","background-position":"center center","background-size":"auto","background-attachment":"scroll","background-type":"","background-media":"","overlay-type":"","overlay-color":"","overlay-opacity":"","overlay-gradient":""}},"ast-content-background-meta":{"desktop":{"background-color":"var(--ast-global-color-5)","background-image":"","background-repeat":"repeat","background-position":"center center","background-size":"auto","background-attachment":"scroll","background-type":"","background-media":"","overlay-type":"","overlay-color":"","overlay-opacity":"","overlay-gradient":""},"tablet":{"background-color":"var(--ast-global-color-5)","background-image":"","background-repeat":"repeat","background-position":"center center","background-size":"auto","background-attachment":"scroll","background-type":"","background-media":"","overlay-type":"","overlay-color":"","overlay-opacity":"","overlay-gradient":""},"mobile":{"background-color":"var(--ast-global-color-5)","background-image":"","background-repeat":"repeat","background-position":"center center","background-size":"auto","background-attachment":"scroll","background-type":"","background-media":"","overlay-type":"","overlay-color":"","overlay-opacity":"","overlay-gradient":""}}},"product_brand":[],"product_cat":[182,190],"product_tag":[],"class_list":{"0":"post-24701","1":"product","2":"type-product","3":"status-publish","4":"has-post-thumbnail","6":"product_cat-microcement-kit","7":"product_cat-varnish","8":"desktop-align-left","9":"tablet-align-left","10":"mobile-align-left","12":"first","13":"instock","14":"sale","15":"shipping-taxable","16":"purchasable","17":"product-type-variable","18":"has-default-attributes"},"spectra_custom_meta":{"_visibility":["visible"],"_shopify_product_id":["9060989599989"],"_s2w_shopify_domain":["ferberpainting.myshopify.com"],"_shopify_variant_id":["46484241744117"],"_sku":[""],"_manage_stock":["no"],"total_sales":["77"],"_tax_status":["taxable"],"_tax_class":[""],"_backorders":["no"],"_sold_individually":["no"],"_virtual":["no"],"_downloadable":["no"],"_download_limit":["-1"],"_download_expiry":["-1"],"_stock":[null],"_stock_status":["instock"],"_wc_average_rating":["4.83"],"_wc_review_count":["6"],"_product_attributes":["a:1:{s:6:\"volume\";a:6:{s:4:\"name\";s:6:\"Volume\";s:5:\"value\";s:30:\"1 liter | 5 liters | 20 liters\";s:8:\"position\";i:1;s:10:\"is_visible\";i:0;s:12:\"is_variation\";i:1;s:11:\"is_taxonomy\";i:0;}}"],"_product_version":["10.5.1"],"_thumbnail_id":["26584"],"_product_image_gallery":["26585,26586"],"wpse_downloadable_file_names":[""],"wpse_downloadable_file_urls":[""],"_edit_last":["1"],"_default_attributes":["a:1:{s:6:\"volume\";s:7:\"1 liter\";}"],"_edit_lock":["1771188490:1"],"_price":["19.90","79.90","299.90"],"merchant-center-availability":["yes"],"merchant-center-category":["503738"],"_wp_page_template":["default"],"site-sidebar-layout":["default"],"ast-site-content-layout":["default"],"site-content-style":["default"],"site-sidebar-style":["default"],"theme-transparent-header-meta":["default"],"_wc_rating_count":["a:2:{i:4;i:1;i:5;i:5;}"],"astra-migrate-meta-layouts":["set"],"_uag_css_file_name":["uag-css-24701.css"],"_elementor_page_assets":["a:0:{}"],"_uag_page_assets":["a:9:{s:3:\"css\";s:6873:\".wp-block-uagb-image{display:flex}.wp-block-uagb-image__figure{position:relative;display:flex;flex-direction:column;max-width:100%;height:auto;margin:0}.wp-block-uagb-image__figure img{height:auto;display:flex;max-width:100%;transition:box-shadow .2s ease}.wp-block-uagb-image__figure>a{display:inline-block}.wp-block-uagb-image__figure figcaption{text-align:center;margin-top:.5em;margin-bottom:1em}.wp-block-uagb-image .components-placeholder.block-editor-media-placeholder .components-placeholder__instructions{align-self:center}.wp-block-uagb-image--align-left{text-align:left}.wp-block-uagb-image--align-right{text-align:right}.wp-block-uagb-image--align-center{text-align:center}.wp-block-uagb-image--align-full .wp-block-uagb-image__figure{margin-left:calc(50% - 50vw);margin-right:calc(50% - 50vw);max-width:100vw;width:100vw;height:auto}.wp-block-uagb-image--align-full .wp-block-uagb-image__figure img{height:auto;width:100% !important}.wp-block-uagb-image--align-wide .wp-block-uagb-image__figure img{height:auto;width:100%}.wp-block-uagb-image--layout-overlay__color-wrapper{position:absolute;left:0;top:0;right:0;bottom:0;opacity:.2;background:rgba(0,0,0,.5);transition:opacity .35s ease-in-out}.wp-block-uagb-image--layout-overlay-link{position:absolute;left:0;right:0;bottom:0;top:0}.wp-block-uagb-image--layout-overlay .wp-block-uagb-image__figure:hover .wp-block-uagb-image--layout-overlay__color-wrapper{opacity:1}.wp-block-uagb-image--layout-overlay__inner{position:absolute;left:15px;right:15px;bottom:15px;top:15px;display:flex;align-items:center;justify-content:center;flex-direction:column;border-color:#fff;transition:.35s ease-in-out}.wp-block-uagb-image--layout-overlay__inner.top-left,.wp-block-uagb-image--layout-overlay__inner.top-center,.wp-block-uagb-image--layout-overlay__inner.top-right{justify-content:flex-start}.wp-block-uagb-image--layout-overlay__inner.bottom-left,.wp-block-uagb-image--layout-overlay__inner.bottom-center,.wp-block-uagb-image--layout-overlay__inner.bottom-right{justify-content:flex-end}.wp-block-uagb-image--layout-overlay__inner.top-left,.wp-block-uagb-image--layout-overlay__inner.center-left,.wp-block-uagb-image--layout-overlay__inner.bottom-left{align-items:flex-start}.wp-block-uagb-image--layout-overlay__inner.top-right,.wp-block-uagb-image--layout-overlay__inner.center-right,.wp-block-uagb-image--layout-overlay__inner.bottom-right{align-items:flex-end}.wp-block-uagb-image--layout-overlay__inner .uagb-image-heading{color:#fff;transition:transform .35s,opacity .35s ease-in-out;transform:translate3d(0, 24px, 0);margin:0;line-height:1em}.wp-block-uagb-image--layout-overlay__inner .uagb-image-separator{width:30%;border-top-width:2px;border-top-color:#fff;border-top-style:solid;margin-bottom:10px;opacity:0;transition:transform .4s,opacity .4s ease-in-out;transform:translate3d(0, 30px, 0)}.wp-block-uagb-image--layout-overlay__inner .uagb-image-caption{opacity:0;overflow:visible;color:#fff;transition:transform .45s,opacity .45s ease-in-out;transform:translate3d(0, 35px, 0)}.wp-block-uagb-image--layout-overlay__inner:hover .uagb-image-heading,.wp-block-uagb-image--layout-overlay__inner:hover .uagb-image-separator,.wp-block-uagb-image--layout-overlay__inner:hover .uagb-image-caption{opacity:1;transform:translate3d(0, 0, 0)}.wp-block-uagb-image--effect-zoomin .wp-block-uagb-image__figure img,.wp-block-uagb-image--effect-zoomin .wp-block-uagb-image__figure .wp-block-uagb-image--layout-overlay__color-wrapper{transform:scale(1);transition:transform .35s ease-in-out}.wp-block-uagb-image--effect-zoomin .wp-block-uagb-image__figure:hover img,.wp-block-uagb-image--effect-zoomin .wp-block-uagb-image__figure:hover .wp-block-uagb-image--layout-overlay__color-wrapper{transform:scale(1.05)}.wp-block-uagb-image--effect-slide .wp-block-uagb-image__figure img,.wp-block-uagb-image--effect-slide .wp-block-uagb-image__figure .wp-block-uagb-image--layout-overlay__color-wrapper{width:calc(100% + 40px) !important;max-width:none !important;transform:translate3d(-40px, 0, 0);transition:transform .35s ease-in-out}.wp-block-uagb-image--effect-slide .wp-block-uagb-image__figure:hover img,.wp-block-uagb-image--effect-slide .wp-block-uagb-image__figure:hover .wp-block-uagb-image--layout-overlay__color-wrapper{transform:translate3d(0, 0, 0)}.wp-block-uagb-image--effect-grayscale img{filter:grayscale(0%);transition:.35s ease-in-out}.wp-block-uagb-image--effect-grayscale:hover img{filter:grayscale(100%)}.wp-block-uagb-image--effect-blur img{filter:blur(0);transition:.35s ease-in-out}.wp-block-uagb-image--effect-blur:hover img{filter:blur(3px)}.uagb-block-e6f939b3.wp-block-uagb-image--layout-default figure img{box-shadow: 0px 0px 0 #00000070;}.uagb-block-e6f939b3.wp-block-uagb-image .wp-block-uagb-image__figure figcaption{font-style: normal;align-self: center;}.uagb-block-e6f939b3.wp-block-uagb-image--layout-overlay figure img{box-shadow: 0px 0px 0 #00000070;}.uagb-block-e6f939b3.wp-block-uagb-image--layout-overlay .wp-block-uagb-image--layout-overlay__color-wrapper{opacity: 0.2;}.uagb-block-e6f939b3.wp-block-uagb-image--layout-overlay .wp-block-uagb-image--layout-overlay__inner{left: 15px;right: 15px;top: 15px;bottom: 15px;}.uagb-block-e6f939b3.wp-block-uagb-image--layout-overlay .wp-block-uagb-image--layout-overlay__inner .uagb-image-heading{font-style: normal;color: #fff;opacity: 1;}.uagb-block-e6f939b3.wp-block-uagb-image--layout-overlay .wp-block-uagb-image--layout-overlay__inner .uagb-image-heading a{color: #fff;}.uagb-block-e6f939b3.wp-block-uagb-image--layout-overlay .wp-block-uagb-image--layout-overlay__inner .uagb-image-caption{opacity: 0;}.uagb-block-e6f939b3.wp-block-uagb-image--layout-overlay .wp-block-uagb-image__figure:hover .wp-block-uagb-image--layout-overlay__color-wrapper{opacity: 1;}.uagb-block-e6f939b3.wp-block-uagb-image .wp-block-uagb-image--layout-overlay__inner .uagb-image-separator{width: 30%;border-top-width: 2px;border-top-color: #fff;opacity: 0;}.uagb-block-e6f939b3.wp-block-uagb-image .wp-block-uagb-image__figure img{width: px;height: auto;}.uagb-block-e6f939b3.wp-block-uagb-image .wp-block-uagb-image__figure:hover .wp-block-uagb-image--layout-overlay__inner .uagb-image-caption{opacity: 1;}.uagb-block-e6f939b3.wp-block-uagb-image .wp-block-uagb-image__figure:hover .wp-block-uagb-image--layout-overlay__inner .uagb-image-separator{opacity: 1;}.uagb-block-e6f939b3.wp-block-uagb-image--layout-default figure:hover img{box-shadow: 0px 0px 0 #00000070;}.uagb-block-e6f939b3.wp-block-uagb-image--layout-overlay figure:hover img{box-shadow: 0px 0px 0 #00000070;}@media only screen and (max-width: 976px) {.uagb-block-e6f939b3.wp-block-uagb-image .wp-block-uagb-image__figure img{width: px;height: auto;}}@media only screen and (max-width: 767px) {.uagb-block-e6f939b3.wp-block-uagb-image .wp-block-uagb-image__figure img{width: px;height: auto;}}\";s:2:\"js\";s:0:\"\";s:18:\"current_block_list\";a:13:{i:0;s:11:\"core\/search\";i:1;s:10:\"core\/group\";i:2;s:12:\"core\/heading\";i:3;s:17:\"core\/latest-posts\";i:4;s:20:\"core\/latest-comments\";i:5;s:13:\"core\/archives\";i:6;s:15:\"core\/categories\";i:7;s:14:\"core\/paragraph\";i:8;s:10:\"uagb\/image\";i:9;s:11:\"core\/spacer\";i:10;s:30:\"woocommerce\/product-categories\";i:11;s:10:\"core\/image\";i:12;s:14:\"core\/shortcode\";}s:8:\"uag_flag\";b:1;s:11:\"uag_version\";s:10:\"1777093351\";s:6:\"gfonts\";a:0:{}s:10:\"gfonts_url\";s:0:\"\";s:12:\"gfonts_files\";a:0:{}s:14:\"uag_faq_layout\";b:0;}"]},"uagb_featured_image_src":{"full":["https:\/\/www.ferberpainting.com\/wp-content\/uploads\/2025\/05\/MicrocementVarnish_1L.png",2560,2276,false],"thumbnail":["https:\/\/www.ferberpainting.com\/wp-content\/uploads\/2025\/05\/MicrocementVarnish_1L-150x150.png",150,150,true],"medium":["https:\/\/www.ferberpainting.com\/wp-content\/uploads\/2025\/05\/MicrocementVarnish_1L-300x267.png",300,267,true],"medium_large":["https:\/\/www.ferberpainting.com\/wp-content\/uploads\/2025\/05\/MicrocementVarnish_1L-768x683.png",768,683,true],"large":["https:\/\/www.ferberpainting.com\/wp-content\/uploads\/2025\/05\/MicrocementVarnish_1L-1024x910.png",1024,910,true],"1536x1536":["https:\/\/www.ferberpainting.com\/wp-content\/uploads\/2025\/05\/MicrocementVarnish_1L-1536x1366.png",1536,1366,true],"2048x2048":["https:\/\/www.ferberpainting.com\/wp-content\/uploads\/2025\/05\/MicrocementVarnish_1L-2048x1821.png",2048,1821,true],"trp-custom-language-flag":["https:\/\/www.ferberpainting.com\/wp-content\/uploads\/2025\/05\/MicrocementVarnish_1L-13x12.png",13,12,true],"woocommerce_thumbnail":["https:\/\/www.ferberpainting.com\/wp-content\/uploads\/2025\/05\/MicrocementVarnish_1L-300x300.png",300,300,true],"woocommerce_single":["https:\/\/www.ferberpainting.com\/wp-content\/uploads\/2025\/05\/MicrocementVarnish_1L-600x533.png",600,533,true],"woocommerce_gallery_thumbnail":["https:\/\/www.ferberpainting.com\/wp-content\/uploads\/2025\/05\/MicrocementVarnish_1L-100x100.png",100,100,true]},"uagb_author_info":{"display_name":"admin","author_link":"https:\/\/www.ferberpainting.com\/cz\/author\/"},"uagb_comment_info":6,"uagb_excerpt":"Protection and enhancement of waxed concrete.\u00a0This waxed concrete varnish is specially designed to protect and enhance surfaces while preserving their natural appearance. It forms an invisible protective film that reinforces the resistance of waxed concrete against daily aggressions such as humidity, stains, shocks, and wear, thus ensuring an impeccable and durable aesthetic result. Money-back guarantee.\u00a0We&hellip;","_links":{"self":[{"href":"https:\/\/www.ferberpainting.com\/cz\/wp-json\/wp\/v2\/product\/24701","targetHints":{"allow":["GET"]}}],"collection":[{"href":"https:\/\/www.ferberpainting.com\/cz\/wp-json\/wp\/v2\/product"}],"about":[{"href":"https:\/\/www.ferberpainting.com\/cz\/wp-json\/wp\/v2\/types\/product"}],"replies":[{"embeddable":true,"href":"https:\/\/www.ferberpainting.com\/cz\/wp-json\/wp\/v2\/comments?post=24701"}],"version-history":[{"count":4,"href":"https:\/\/www.ferberpainting.com\/cz\/wp-json\/wp\/v2\/product\/24701\/revisions"}],"predecessor-version":[{"id":166586,"href":"https:\/\/www.ferberpainting.com\/cz\/wp-json\/wp\/v2\/product\/24701\/revisions\/166586"}],"wp:featuredmedia":[{"embeddable":true,"href":"https:\/\/www.ferberpainting.com\/cz\/wp-json\/wp\/v2\/media\/26584"}],"wp:attachment":[{"href":"https:\/\/www.ferberpainting.com\/cz\/wp-json\/wp\/v2\/media?parent=24701"}],"wp:term":[{"taxonomy":"product_brand","embeddable":true,"href":"https:\/\/www.ferberpainting.com\/cz\/wp-json\/wp\/v2\/product_brand?post=24701"},{"taxonomy":"product_cat","embeddable":true,"href":"https:\/\/www.ferberpainting.com\/cz\/wp-json\/wp\/v2\/product_cat?post=24701"},{"taxonomy":"product_tag","embeddable":true,"href":"https:\/\/www.ferberpainting.com\/cz\/wp-json\/wp\/v2\/product_tag?post=24701"}],"curies":[{"name":"wp","href":"https:\/\/api.w.org\/{rel}","templated":true}]}}