{"id":23821,"date":"2025-07-01T00:41:01","date_gmt":"2025-06-30T22:41:01","guid":{"rendered":"https:\/\/www.ferberpainting.com\/?post_type=product&#038;p=23811"},"modified":"2026-02-15T21:05:15","modified_gmt":"2026-02-15T20:05:15","slug":"microcement-cleaner","status":"publish","type":"product","link":"https:\/\/www.ferberpainting.com\/cz\/products\/microcement-cleaner\/","title":{"rendered":"\u010cisti\u010d mikrocementu"},"content":{"rendered":"<p><strong><img decoding=\"async\" style=\"margin-right: 12px;\" src=\"https:\/\/www.ferberpainting.com\/wp-content\/uploads\/2026\/02\/Check.svg\" alt=\"\" width=\"18\" height=\"15\" \/>Optim\u00e1ln\u00ed efektivita.<\/strong>\u00a0Tento \u010disti\u010d le\u0161t\u011bn\u00e9ho betonu je speci\u00e1ln\u011b navr\u017een k odstra\u0148ov\u00e1n\u00ed skvrn, prachu, zbytk\u016f mastnoty a stop vodn\u00edho kamene, kter\u00e9 matou le\u0161t\u011bn\u00e9 betonov\u00e9 povrchy. Jeho siln\u00e9 slo\u017een\u00ed pronik\u00e1 hluboko a rozpou\u0161t\u00ed ne\u010distoty, ani\u017e by ovlivnilo povrchovou \u00fapravu. \u010cist\u00ed \u0161etrn\u011b a z\u00e1rove\u0148 zachov\u00e1v\u00e1 p\u0159irozen\u00fd lesk a strukturu betonu, \u010d\u00edm\u017e zaji\u0161\u0165uje \u00fa\u010dinnou \u00fadr\u017ebu bez ot\u011bru.<\/p>\n<p><strong><img decoding=\"async\" style=\"margin-right: 12px;\" src=\"https:\/\/www.ferberpainting.com\/wp-content\/uploads\/2026\/02\/Check.svg\" alt=\"\" width=\"18\" height=\"15\" \/>Z\u00e1ruka vr\u00e1cen\u00ed pen\u011bz.<\/strong>\u00a0Jsme pln\u011b p\u0159esv\u011bd\u010deni o \u00fa\u010dinnosti na\u0161eho \u010distic\u00edho prost\u0159edku. Pokud po pou\u017eit\u00ed nejste s v\u00fdsledky pln\u011b spokojeni, m\u00e1te n\u00e1rok na vr\u00e1cen\u00ed pen\u011bz v pln\u00e9 v\u00fd\u0161i. Vyzkou\u0161ejte n\u00e1\u0161 v\u00fdrobek bez rizika a snadno obnovte p\u016fvodn\u00ed vzhled sv\u00fdch le\u0161t\u011bn\u00fdch betonov\u00fdch povrch\u016f.<\/p>\n<p><strong><img decoding=\"async\" style=\"margin-right: 12px;\" src=\"https:\/\/www.ferberpainting.com\/wp-content\/uploads\/2026\/02\/Check.svg\" alt=\"\" width=\"18\" height=\"15\" \/>V\u00fdjime\u010dn\u00e1 v\u0161estrannost.<\/strong>\u00a0Tento \u010distic\u00ed prost\u0159edek se neomezuje pouze na le\u0161t\u011bn\u00fd beton! Je \u00fa\u010dinn\u00fd i na jin\u00e9 typy betonu, jako je hladk\u00fd beton, ra\u017een\u00fd beton a le\u0161t\u011bn\u00fd cement. Funguje tak\u00e9 na miner\u00e1ln\u00ed povrchy, jako je p\u0159\u00edrodn\u00ed k\u00e1men, cement a p\u00edskovec. Ide\u00e1ln\u00ed pro vnit\u0159n\u00ed i venkovn\u00ed podlahy, pracovn\u00ed desky, st\u011bny, sprchy a n\u00e1bytek z le\u0161t\u011bn\u00e9ho betonu. Jeho pou\u017eit\u00ed vyhovuje jak stavebn\u00edm profesion\u00e1l\u016fm, tak majitel\u016fm dom\u016f, kte\u0159\u00ed cht\u011bj\u00ed udr\u017eovat sv\u00e9 betonov\u00e9 povrchy.<\/p>\n<p><strong><img decoding=\"async\" style=\"margin-right: 12px;\" src=\"https:\/\/www.ferberpainting.com\/wp-content\/uploads\/2026\/02\/Check.svg\" alt=\"\" width=\"18\" height=\"15\" \/>N\u00e1kladov\u011b efektivn\u00ed v\u00fdkon.<\/strong>\u00a0D\u00edky 5litrov\u00e9 n\u00e1dob\u011b a optimalizovan\u00e9 koncentraci nab\u00edz\u00ed tento \u010disti\u010d vynikaj\u00edc\u00ed hodnotu. Mal\u00e9 mno\u017estv\u00ed sta\u010d\u00ed k vy\u010di\u0161t\u011bn\u00ed velk\u00e9ho povrchu bez pl\u00fdtv\u00e1n\u00ed. Jeden litr p\u0159\u00edpravku dok\u00e1\u017ee v pr\u016fm\u011bru o\u0161et\u0159it a\u017e 20 m\u00b2 le\u0161t\u011bn\u00e9ho betonu, co\u017e z n\u011bj \u010din\u00ed dlouhodob\u00e9 a \u00fa\u010dinn\u00e9 \u0159e\u0161en\u00ed pro pravideln\u00e9 nebo intenzivn\u00ed pou\u017e\u00edv\u00e1n\u00ed.<\/p>\n<p><strong><img decoding=\"async\" style=\"margin-right: 12px;\" src=\"https:\/\/www.ferberpainting.com\/wp-content\/uploads\/2026\/02\/Check.svg\" alt=\"\" width=\"18\" height=\"15\" \/>Bezpe\u010dn\u00e9 pou\u017eit\u00ed.<\/strong>\u00a0Na rozd\u00edl od drsn\u00fdch \u010distic\u00edch prost\u0159edk\u016f obsahuj\u00edc\u00edch siln\u00e9 kyseliny nebo \u017e\u00edrav\u00e1 rozpou\u0161t\u011bdla je tento v\u00fdrobek vyroben bez \u0161kodliv\u00fdch l\u00e1tek pro povrchy a zdrav\u00ed. Nezp\u016fsobuje zm\u011bnu barvy, nepo\u0161kozuje ochrann\u00fd povlak betonu a nezanech\u00e1v\u00e1 nebezpe\u010dn\u00e9 zbytky. Nevypou\u0161t\u00ed ani \u017e\u00e1dn\u00e9 dr\u00e1\u017ediv\u00e9 v\u00fdpary, tak\u017ee je bezpe\u010dn\u00fd pro pou\u017eit\u00ed v obytn\u00e9m i profesion\u00e1ln\u00edm prost\u0159ed\u00ed.<\/p>\n<p><strong><img decoding=\"async\" style=\"margin-right: 12px;\" src=\"https:\/\/www.ferberpainting.com\/wp-content\/uploads\/2026\/02\/Check.svg\" alt=\"\" width=\"18\" height=\"15\" \/>Snadn\u00e9 pou\u017eit\u00ed.<\/strong>\u00a0Tento produkt je p\u0159ipraven k pou\u017eit\u00ed a nevy\u017eaduje \u017e\u00e1dn\u00e9 \u0159ed\u011bn\u00ed ani p\u0159\u00edpravu. Nan\u00e1\u0161\u00ed se p\u0159\u00edmo na povrch hadrem, mopem z mikrovl\u00e1kna nebo podlahov\u00fdm zameta\u010dem. Jeho rychl\u00fd \u00fa\u010dinek odstra\u0148uje ne\u010distoty b\u011bhem n\u011bkolika minut, ani\u017e by bylo nutn\u00e9 intenzivn\u011b drhnout nebo oplachovat. Jeho intuitivn\u00ed aplikace z n\u011bj \u010din\u00ed dokonal\u00e9ho spojence pro snadnou a rychlou \u00fadr\u017ebu le\u0161t\u011bn\u00e9ho betonu.<\/p>\n<p><strong><img decoding=\"async\" style=\"margin-right: 12px;\" src=\"https:\/\/www.ferberpainting.com\/wp-content\/uploads\/2026\/02\/Check.svg\" alt=\"\" width=\"18\" height=\"15\" \/>Prodlou\u017een\u00e1 \u017eivotnost.<\/strong>\u00a0Pravideln\u00fdm odstra\u0148ov\u00e1n\u00edm ne\u010distot a zachov\u00e1n\u00edm ochrann\u00e9ho povlaku pom\u00e1h\u00e1 tento \u010distic\u00ed prost\u0159edek prodlou\u017eit \u017eivotnost le\u0161t\u011bn\u00e9ho betonu. Zabra\u0148uje hromad\u011bn\u00ed usazenin, kter\u00e9 mohou \u010dasem povrch po\u0161kodit a ovlivnit jeho vzhled. Pravideln\u00e9 \u010di\u0161t\u011bn\u00ed pom\u00e1h\u00e1 udr\u017eet elegantn\u00ed a odoln\u00fd povrch le\u0161t\u011bn\u00e9ho betonu a p\u0159edch\u00e1z\u00ed tak \u010dast\u00fdm a n\u00e1kladn\u00fdm renovac\u00edm.<\/p>\n<p><strong><img decoding=\"async\" style=\"margin-right: 12px;\" src=\"https:\/\/www.ferberpainting.com\/wp-content\/uploads\/2026\/02\/Check.svg\" alt=\"\" width=\"18\" height=\"15\" \/>Rychl\u00e1 akce.<\/strong>\u00a0D\u00edky sv\u00e9mu vysoce \u00fa\u010dinn\u00e9mu slo\u017een\u00ed p\u016fsob\u00ed tento \u010distic\u00ed prost\u0159edek okam\u017eit\u011b na skvrny a ne\u010distoty. B\u011bhem n\u011bkolika minut rozpust\u00ed usazeniny, ani\u017e by vy\u017eadoval intenzivn\u00ed \u00fasil\u00ed, a zajist\u00ed tak rychl\u00e9 a \u00fa\u010dinn\u00e9 \u010di\u0161t\u011bn\u00ed. Umo\u017e\u0148uje snadnou \u00fadr\u017ebu le\u0161t\u011bn\u00fdch betonov\u00fdch povrch\u016f a pom\u00e1h\u00e1 udr\u017eovat prostory \u010dist\u00e9 a upraven\u00e9 b\u011bhem okam\u017eiku.<\/p>\n<h2><strong>Protokol o pou\u017eit\u00ed<\/strong><\/h2>\n<ul>\n<li><strong>P\u0159\u00edprava <\/strong>: P\u0159ed nanesen\u00edm v\u00fdrobku se ujist\u011bte, \u017ee je le\u0161t\u011bn\u00fd betonov\u00fd povrch zbaven prachu a pevn\u00fdch ne\u010distot. Pro optimalizaci \u010distic\u00edho v\u00fdkonu se doporu\u010duje zamet\u00e1n\u00ed nebo vys\u00e1v\u00e1n\u00ed.<\/li>\n<li><strong>Podlahov\u00e1 aplikace <\/strong>: Nalijte mal\u00e9 mno\u017estv\u00ed \u010distic\u00edho prost\u0159edku p\u0159\u00edmo na mop z mikrovl\u00e1kna nebo podlahov\u00fd zameta\u010d a pot\u00e9 jej krou\u017eiv\u00fdmi pohyby rovnom\u011brn\u011b rozet\u0159ete po povrchu, aby se ne\u010distoty rozprost\u0159ely a rozpustily.<\/li>\n<li><strong>\u010ci\u0161t\u011bn\u00ed st\u011bn a desek <\/strong>: Navlh\u010dete m\u011bkk\u00fd had\u0159\u00edk nebo houbi\u010dku p\u0159\u00edpravkem, jemn\u011b ot\u0159ete povrch a zam\u011b\u0159te se na pot\u0159\u00edsn\u011bn\u00e1 nebo zne\u010di\u0161t\u011bn\u00e1 m\u00edsta. U odoln\u00fdch skvrn nechte p\u0159\u00edpravek p\u0159ed ot\u0159en\u00edm n\u011bkolik minut p\u016fsobit.<\/li>\n<li><strong>\u010ci\u0161t\u011bn\u00ed velk\u00fdch ploch <\/strong>: U rozs\u00e1hl\u00fdch ploch, jako jsou terasy nebo terasy z le\u0161t\u011bn\u00e9ho betonu, pou\u017eijte rozpra\u0161ova\u010d, abyste p\u0159\u00edpravek rovnom\u011brn\u011b rozprost\u0159eli. Nechte n\u011bkolik minut p\u016fsobit a pot\u00e9 pou\u017eijte vlhk\u00fd mop k odstran\u011bn\u00ed ne\u010distot.<\/li>\n<li><strong>O\u0161et\u0159en\u00ed odoln\u00fdch skvrn <\/strong>: V p\u0159\u00edpad\u011b usazen\u00fdch skvrn nebo mastn\u00fdch skvrn naneste o n\u011bco v\u011bt\u0161\u00ed mno\u017estv\u00ed p\u0159\u00edpravku p\u0159\u00edmo na posti\u017een\u00e9 m\u00edsto a vydrhn\u011bte ho m\u011bkk\u00fdm kart\u00e1\u010dem. V p\u0159\u00edpad\u011b pot\u0159eby \u010di\u0161t\u011bn\u00ed zopakujte, abyste dos\u00e1hli \u00fapln\u00e9ho vy\u010di\u0161t\u011bn\u00ed.<\/li>\n<li><strong>Oplachov\u00e1n\u00ed a ut\u00edr\u00e1n\u00ed <\/strong>: Ot\u0159ete povrch such\u00fdm nebo m\u00edrn\u011b navlh\u010den\u00fdm had\u0159\u00edkem, abyste odstranili p\u0159ebyte\u010dn\u00fd p\u0159\u00edpravek a zajistili bezchybn\u00fd povrch beze \u0161mouh. U podlah lze v p\u0159\u00edpad\u011b pot\u0159eby pou\u017e\u00edt rychl\u00e9 opl\u00e1chnut\u00ed \u010distou vodou.<\/li>\n<li><strong>Le\u0161t\u011bn\u00ed a ochrana <\/strong>: Pro v\u011bt\u0161\u00ed lesk a bezchybn\u00fd povrch pou\u017eijte po \u010di\u0161t\u011bn\u00ed such\u00fd mop nebo ut\u011brku z mikrovl\u00e1kna a povrch vyle\u0161t\u011bte. Pravideln\u00e1 \u00fadr\u017eba pom\u00e1h\u00e1 zachovat povrchovou \u00fapravu le\u0161t\u011bn\u00e9ho betonu a zvy\u0161uje jeho odolnost v\u016f\u010di ne\u010distot\u00e1m.<\/li>\n<li><strong>Frekvence pou\u017e\u00edv\u00e1n\u00ed <\/strong>: Aplikujte jednou a\u017e dvakr\u00e1t t\u00fddn\u011b pro b\u011b\u017enou \u00fadr\u017ebu a prevenci usazenin. U vysoce frekventovan\u00fdch prostor, jako jsou kuchyn\u011b nebo koupelny, lze doporu\u010dit \u010dast\u011bj\u0161\u00ed \u010di\u0161t\u011bn\u00ed, aby byl zaji\u0161t\u011bn bezchybn\u00fd povrch.<\/li>\n<li><strong>\u00dalo\u017ei\u0161t\u011b <\/strong>: Po ka\u017ed\u00e9m pou\u017eit\u00ed n\u00e1dobku pevn\u011b uzav\u0159ete a skladujte na chladn\u00e9m a such\u00e9m m\u00edst\u011b, mimo dosah sv\u011btla a extr\u00e9mn\u00edch teplot, abyste zachovali dlouhodobou \u00fa\u010dinnost p\u0159\u00edpravku.<\/li>\n<\/ul>\n<p>S na\u0161\u00edm \u010disti\u010dem le\u0161t\u011bn\u00e9ho betonu si m\u016f\u017eete u\u017e\u00edvat efektivn\u00ed a snadnou \u00fadr\u017ebu a z\u00e1rove\u0148 zachovat kr\u00e1su a trvanlivost sv\u00fdch povrch\u016f. Ide\u00e1ln\u00ed \u0159e\u0161en\u00ed pro beton, kter\u00fd vypad\u00e1 v\u017edy bez poskvrnky a z\u016fst\u00e1v\u00e1 chr\u00e1n\u011bn proti \u010dasu.<\/p>","protected":false},"excerpt":{"rendered":"<p>Optimal Efficiency.\u00a0This polished concrete cleaner is specially designed to remove stains, dust, grease residues, and limescale marks that dull polished concrete surfaces. Its powerful formula penetrates deeply to dissolve impurities without affecting the finish. It cleans gently while preserving the natural shine and texture of the concrete, ensuring effective, abrasion-free maintenance. Money-back guarantee.\u00a0We have full [&hellip;]<\/p>\n","protected":false},"featured_media":36083,"comment_status":"open","ping_status":"closed","template":"","meta":{"_uag_custom_page_level_css":"","site-sidebar-layout":"default","site-content-layout":"","ast-site-content-layout":"default","site-content-style":"default","site-sidebar-style":"default","ast-global-header-display":"","ast-banner-title-visibility":"","ast-main-header-display":"","ast-hfb-above-header-display":"","ast-hfb-below-header-display":"","ast-hfb-mobile-header-display":"","site-post-title":"","ast-breadcrumbs-content":"","ast-featured-img":"","footer-sml-layout":"","ast-disable-related-posts":"","theme-transparent-header-meta":"default","adv-header-id-meta":"","stick-header-meta":"","header-above-stick-meta":"","header-main-stick-meta":"","header-below-stick-meta":"","astra-migrate-meta-layouts":"set","ast-page-background-enabled":"default","ast-page-background-meta":{"desktop":{"background-color":"var(--ast-global-color-4)","background-image":"","background-repeat":"repeat","background-position":"center center","background-size":"auto","background-attachment":"scroll","background-type":"","background-media":"","overlay-type":"","overlay-color":"","overlay-opacity":"","overlay-gradient":""},"tablet":{"background-color":"","background-image":"","background-repeat":"repeat","background-position":"center center","background-size":"auto","background-attachment":"scroll","background-type":"","background-media":"","overlay-type":"","overlay-color":"","overlay-opacity":"","overlay-gradient":""},"mobile":{"background-color":"","background-image":"","background-repeat":"repeat","background-position":"center center","background-size":"auto","background-attachment":"scroll","background-type":"","background-media":"","overlay-type":"","overlay-color":"","overlay-opacity":"","overlay-gradient":""}},"ast-content-background-meta":{"desktop":{"background-color":"var(--ast-global-color-5)","background-image":"","background-repeat":"repeat","background-position":"center center","background-size":"auto","background-attachment":"scroll","background-type":"","background-media":"","overlay-type":"","overlay-color":"","overlay-opacity":"","overlay-gradient":""},"tablet":{"background-color":"var(--ast-global-color-5)","background-image":"","background-repeat":"repeat","background-position":"center center","background-size":"auto","background-attachment":"scroll","background-type":"","background-media":"","overlay-type":"","overlay-color":"","overlay-opacity":"","overlay-gradient":""},"mobile":{"background-color":"var(--ast-global-color-5)","background-image":"","background-repeat":"repeat","background-position":"center center","background-size":"auto","background-attachment":"scroll","background-type":"","background-media":"","overlay-type":"","overlay-color":"","overlay-opacity":"","overlay-gradient":""}}},"product_brand":[],"product_cat":[175,176,182],"product_tag":[],"class_list":{"0":"post-23821","1":"product","2":"type-product","3":"status-publish","4":"has-post-thumbnail","6":"product_cat-cleaning-products","7":"product_cat-concrete-treatment","8":"product_cat-microcement-kit","9":"desktop-align-left","10":"tablet-align-left","11":"mobile-align-left","13":"first","14":"instock","15":"sale","16":"shipping-taxable","17":"purchasable","18":"product-type-variable","19":"has-default-attributes"},"spectra_custom_meta":{"_visibility":["visible"],"_shopify_product_id":["9106351718645"],"_s2w_shopify_domain":["ferberpainting.myshopify.com"],"_shopify_variant_id":["46625993916661"],"_sku":[""],"_manage_stock":["no"],"total_sales":["65"],"_tax_status":["taxable"],"_tax_class":[""],"_backorders":["no"],"_sold_individually":["no"],"_virtual":["no"],"_downloadable":["no"],"_download_limit":["-1"],"_download_expiry":["-1"],"_stock":[null],"_stock_status":["instock"],"_wc_average_rating":["5.00"],"_wc_review_count":["10"],"_product_attributes":["a:1:{s:6:\"volume\";a:6:{s:4:\"name\";s:6:\"Volume\";s:5:\"value\";s:20:\"5 liters | 25 liters\";s:8:\"position\";i:1;s:10:\"is_visible\";i:0;s:12:\"is_variation\";i:1;s:11:\"is_taxonomy\";i:0;}}"],"_product_version":["10.5.1"],"wpse_downloadable_file_names":[""],"wpse_downloadable_file_urls":[""],"_edit_last":["1"],"_default_attributes":["a:1:{s:6:\"volume\";s:8:\"5 liters\";}"],"_edit_lock":["1772044826:1"],"_price":["29.90","129.90"],"merchant-center-availability":["yes"],"merchant-center-category":["7504"],"_thumbnail_id":["36083"],"_wp_page_template":["default"],"_wp_old_date":["2025-05-26"],"_product_image_gallery":["36085"],"site-sidebar-layout":["default"],"ast-site-content-layout":["default"],"site-content-style":["default"],"site-sidebar-style":["default"],"theme-transparent-header-meta":["default"],"_wc_rating_count":["a:1:{i:5;i:10;}"],"astra-migrate-meta-layouts":["set"],"_uag_css_file_name":["uag-css-23821.css"],"_elementor_page_assets":["a:0:{}"],"_uag_page_assets":["a:9:{s:3:\"css\";s:6873:\".wp-block-uagb-image{display:flex}.wp-block-uagb-image__figure{position:relative;display:flex;flex-direction:column;max-width:100%;height:auto;margin:0}.wp-block-uagb-image__figure img{height:auto;display:flex;max-width:100%;transition:box-shadow .2s ease}.wp-block-uagb-image__figure>a{display:inline-block}.wp-block-uagb-image__figure figcaption{text-align:center;margin-top:.5em;margin-bottom:1em}.wp-block-uagb-image .components-placeholder.block-editor-media-placeholder .components-placeholder__instructions{align-self:center}.wp-block-uagb-image--align-left{text-align:left}.wp-block-uagb-image--align-right{text-align:right}.wp-block-uagb-image--align-center{text-align:center}.wp-block-uagb-image--align-full .wp-block-uagb-image__figure{margin-left:calc(50% - 50vw);margin-right:calc(50% - 50vw);max-width:100vw;width:100vw;height:auto}.wp-block-uagb-image--align-full .wp-block-uagb-image__figure img{height:auto;width:100% !important}.wp-block-uagb-image--align-wide .wp-block-uagb-image__figure img{height:auto;width:100%}.wp-block-uagb-image--layout-overlay__color-wrapper{position:absolute;left:0;top:0;right:0;bottom:0;opacity:.2;background:rgba(0,0,0,.5);transition:opacity .35s ease-in-out}.wp-block-uagb-image--layout-overlay-link{position:absolute;left:0;right:0;bottom:0;top:0}.wp-block-uagb-image--layout-overlay .wp-block-uagb-image__figure:hover .wp-block-uagb-image--layout-overlay__color-wrapper{opacity:1}.wp-block-uagb-image--layout-overlay__inner{position:absolute;left:15px;right:15px;bottom:15px;top:15px;display:flex;align-items:center;justify-content:center;flex-direction:column;border-color:#fff;transition:.35s ease-in-out}.wp-block-uagb-image--layout-overlay__inner.top-left,.wp-block-uagb-image--layout-overlay__inner.top-center,.wp-block-uagb-image--layout-overlay__inner.top-right{justify-content:flex-start}.wp-block-uagb-image--layout-overlay__inner.bottom-left,.wp-block-uagb-image--layout-overlay__inner.bottom-center,.wp-block-uagb-image--layout-overlay__inner.bottom-right{justify-content:flex-end}.wp-block-uagb-image--layout-overlay__inner.top-left,.wp-block-uagb-image--layout-overlay__inner.center-left,.wp-block-uagb-image--layout-overlay__inner.bottom-left{align-items:flex-start}.wp-block-uagb-image--layout-overlay__inner.top-right,.wp-block-uagb-image--layout-overlay__inner.center-right,.wp-block-uagb-image--layout-overlay__inner.bottom-right{align-items:flex-end}.wp-block-uagb-image--layout-overlay__inner .uagb-image-heading{color:#fff;transition:transform .35s,opacity .35s ease-in-out;transform:translate3d(0, 24px, 0);margin:0;line-height:1em}.wp-block-uagb-image--layout-overlay__inner .uagb-image-separator{width:30%;border-top-width:2px;border-top-color:#fff;border-top-style:solid;margin-bottom:10px;opacity:0;transition:transform .4s,opacity .4s ease-in-out;transform:translate3d(0, 30px, 0)}.wp-block-uagb-image--layout-overlay__inner .uagb-image-caption{opacity:0;overflow:visible;color:#fff;transition:transform .45s,opacity .45s ease-in-out;transform:translate3d(0, 35px, 0)}.wp-block-uagb-image--layout-overlay__inner:hover .uagb-image-heading,.wp-block-uagb-image--layout-overlay__inner:hover .uagb-image-separator,.wp-block-uagb-image--layout-overlay__inner:hover .uagb-image-caption{opacity:1;transform:translate3d(0, 0, 0)}.wp-block-uagb-image--effect-zoomin .wp-block-uagb-image__figure img,.wp-block-uagb-image--effect-zoomin .wp-block-uagb-image__figure .wp-block-uagb-image--layout-overlay__color-wrapper{transform:scale(1);transition:transform .35s ease-in-out}.wp-block-uagb-image--effect-zoomin .wp-block-uagb-image__figure:hover img,.wp-block-uagb-image--effect-zoomin .wp-block-uagb-image__figure:hover .wp-block-uagb-image--layout-overlay__color-wrapper{transform:scale(1.05)}.wp-block-uagb-image--effect-slide .wp-block-uagb-image__figure img,.wp-block-uagb-image--effect-slide .wp-block-uagb-image__figure .wp-block-uagb-image--layout-overlay__color-wrapper{width:calc(100% + 40px) !important;max-width:none !important;transform:translate3d(-40px, 0, 0);transition:transform .35s ease-in-out}.wp-block-uagb-image--effect-slide .wp-block-uagb-image__figure:hover img,.wp-block-uagb-image--effect-slide .wp-block-uagb-image__figure:hover .wp-block-uagb-image--layout-overlay__color-wrapper{transform:translate3d(0, 0, 0)}.wp-block-uagb-image--effect-grayscale img{filter:grayscale(0%);transition:.35s ease-in-out}.wp-block-uagb-image--effect-grayscale:hover img{filter:grayscale(100%)}.wp-block-uagb-image--effect-blur img{filter:blur(0);transition:.35s ease-in-out}.wp-block-uagb-image--effect-blur:hover img{filter:blur(3px)}.uagb-block-e6f939b3.wp-block-uagb-image--layout-default figure img{box-shadow: 0px 0px 0 #00000070;}.uagb-block-e6f939b3.wp-block-uagb-image .wp-block-uagb-image__figure figcaption{font-style: normal;align-self: center;}.uagb-block-e6f939b3.wp-block-uagb-image--layout-overlay figure img{box-shadow: 0px 0px 0 #00000070;}.uagb-block-e6f939b3.wp-block-uagb-image--layout-overlay .wp-block-uagb-image--layout-overlay__color-wrapper{opacity: 0.2;}.uagb-block-e6f939b3.wp-block-uagb-image--layout-overlay .wp-block-uagb-image--layout-overlay__inner{left: 15px;right: 15px;top: 15px;bottom: 15px;}.uagb-block-e6f939b3.wp-block-uagb-image--layout-overlay .wp-block-uagb-image--layout-overlay__inner .uagb-image-heading{font-style: normal;color: #fff;opacity: 1;}.uagb-block-e6f939b3.wp-block-uagb-image--layout-overlay .wp-block-uagb-image--layout-overlay__inner .uagb-image-heading a{color: #fff;}.uagb-block-e6f939b3.wp-block-uagb-image--layout-overlay .wp-block-uagb-image--layout-overlay__inner .uagb-image-caption{opacity: 0;}.uagb-block-e6f939b3.wp-block-uagb-image--layout-overlay .wp-block-uagb-image__figure:hover .wp-block-uagb-image--layout-overlay__color-wrapper{opacity: 1;}.uagb-block-e6f939b3.wp-block-uagb-image .wp-block-uagb-image--layout-overlay__inner .uagb-image-separator{width: 30%;border-top-width: 2px;border-top-color: #fff;opacity: 0;}.uagb-block-e6f939b3.wp-block-uagb-image .wp-block-uagb-image__figure img{width: px;height: auto;}.uagb-block-e6f939b3.wp-block-uagb-image .wp-block-uagb-image__figure:hover .wp-block-uagb-image--layout-overlay__inner .uagb-image-caption{opacity: 1;}.uagb-block-e6f939b3.wp-block-uagb-image .wp-block-uagb-image__figure:hover .wp-block-uagb-image--layout-overlay__inner .uagb-image-separator{opacity: 1;}.uagb-block-e6f939b3.wp-block-uagb-image--layout-default figure:hover img{box-shadow: 0px 0px 0 #00000070;}.uagb-block-e6f939b3.wp-block-uagb-image--layout-overlay figure:hover img{box-shadow: 0px 0px 0 #00000070;}@media only screen and (max-width: 976px) {.uagb-block-e6f939b3.wp-block-uagb-image .wp-block-uagb-image__figure img{width: px;height: auto;}}@media only screen and (max-width: 767px) {.uagb-block-e6f939b3.wp-block-uagb-image .wp-block-uagb-image__figure img{width: px;height: auto;}}\";s:2:\"js\";s:0:\"\";s:18:\"current_block_list\";a:13:{i:0;s:11:\"core\/search\";i:1;s:10:\"core\/group\";i:2;s:12:\"core\/heading\";i:3;s:17:\"core\/latest-posts\";i:4;s:20:\"core\/latest-comments\";i:5;s:13:\"core\/archives\";i:6;s:15:\"core\/categories\";i:7;s:14:\"core\/paragraph\";i:8;s:10:\"uagb\/image\";i:9;s:11:\"core\/spacer\";i:10;s:30:\"woocommerce\/product-categories\";i:11;s:10:\"core\/image\";i:12;s:14:\"core\/shortcode\";}s:8:\"uag_flag\";b:1;s:11:\"uag_version\";s:10:\"1777093068\";s:6:\"gfonts\";a:0:{}s:10:\"gfonts_url\";s:0:\"\";s:12:\"gfonts_files\";a:0:{}s:14:\"uag_faq_layout\";b:0;}"]},"uagb_featured_image_src":{"full":["https:\/\/www.ferberpainting.com\/wp-content\/uploads\/2025\/05\/Microcement-Cleaner-5L-.png",2560,2560,false],"thumbnail":["https:\/\/www.ferberpainting.com\/wp-content\/uploads\/2025\/05\/Microcement-Cleaner-5L--150x150.png",150,150,true],"medium":["https:\/\/www.ferberpainting.com\/wp-content\/uploads\/2025\/05\/Microcement-Cleaner-5L--300x300.png",300,300,true],"medium_large":["https:\/\/www.ferberpainting.com\/wp-content\/uploads\/2025\/05\/Microcement-Cleaner-5L--768x768.png",768,768,true],"large":["https:\/\/www.ferberpainting.com\/wp-content\/uploads\/2025\/05\/Microcement-Cleaner-5L--1024x1024.png",1024,1024,true],"1536x1536":["https:\/\/www.ferberpainting.com\/wp-content\/uploads\/2025\/05\/Microcement-Cleaner-5L--1536x1536.png",1536,1536,true],"2048x2048":["https:\/\/www.ferberpainting.com\/wp-content\/uploads\/2025\/05\/Microcement-Cleaner-5L--2048x2048.png",2048,2048,true],"trp-custom-language-flag":["https:\/\/www.ferberpainting.com\/wp-content\/uploads\/2025\/05\/Microcement-Cleaner-5L--12x12.png",12,12,true],"woocommerce_thumbnail":["https:\/\/www.ferberpainting.com\/wp-content\/uploads\/2025\/05\/Microcement-Cleaner-5L--300x300.png",300,300,true],"woocommerce_single":["https:\/\/www.ferberpainting.com\/wp-content\/uploads\/2025\/05\/Microcement-Cleaner-5L--600x600.png",600,600,true],"woocommerce_gallery_thumbnail":["https:\/\/www.ferberpainting.com\/wp-content\/uploads\/2025\/05\/Microcement-Cleaner-5L--100x100.png",100,100,true]},"uagb_author_info":{"display_name":"admin","author_link":"https:\/\/www.ferberpainting.com\/cz\/author\/"},"uagb_comment_info":10,"uagb_excerpt":"Optimal Efficiency.\u00a0This polished concrete cleaner is specially designed to remove stains, dust, grease residues, and limescale marks that dull polished concrete surfaces. Its powerful formula penetrates deeply to dissolve impurities without affecting the finish. It cleans gently while preserving the natural shine and texture of the concrete, ensuring effective, abrasion-free maintenance. Money-back guarantee.\u00a0We have full&hellip;","_links":{"self":[{"href":"https:\/\/www.ferberpainting.com\/cz\/wp-json\/wp\/v2\/product\/23821","targetHints":{"allow":["GET"]}}],"collection":[{"href":"https:\/\/www.ferberpainting.com\/cz\/wp-json\/wp\/v2\/product"}],"about":[{"href":"https:\/\/www.ferberpainting.com\/cz\/wp-json\/wp\/v2\/types\/product"}],"replies":[{"embeddable":true,"href":"https:\/\/www.ferberpainting.com\/cz\/wp-json\/wp\/v2\/comments?post=23821"}],"version-history":[{"count":3,"href":"https:\/\/www.ferberpainting.com\/cz\/wp-json\/wp\/v2\/product\/23821\/revisions"}],"predecessor-version":[{"id":166514,"href":"https:\/\/www.ferberpainting.com\/cz\/wp-json\/wp\/v2\/product\/23821\/revisions\/166514"}],"wp:featuredmedia":[{"embeddable":true,"href":"https:\/\/www.ferberpainting.com\/cz\/wp-json\/wp\/v2\/media\/36083"}],"wp:attachment":[{"href":"https:\/\/www.ferberpainting.com\/cz\/wp-json\/wp\/v2\/media?parent=23821"}],"wp:term":[{"taxonomy":"product_brand","embeddable":true,"href":"https:\/\/www.ferberpainting.com\/cz\/wp-json\/wp\/v2\/product_brand?post=23821"},{"taxonomy":"product_cat","embeddable":true,"href":"https:\/\/www.ferberpainting.com\/cz\/wp-json\/wp\/v2\/product_cat?post=23821"},{"taxonomy":"product_tag","embeddable":true,"href":"https:\/\/www.ferberpainting.com\/cz\/wp-json\/wp\/v2\/product_tag?post=23821"}],"curies":[{"name":"wp","href":"https:\/\/api.w.org\/{rel}","templated":true}]}}