{"id":23799,"date":"2025-05-26T10:25:33","date_gmt":"2025-05-26T08:25:33","guid":{"rendered":"https:\/\/www.ferberpainting.com\/products\/live-bacteria-for-septic-tank\/"},"modified":"2026-02-15T20:46:52","modified_gmt":"2026-02-15T19:46:52","slug":"live-bacteria-for-septic-tank","status":"publish","type":"product","link":"https:\/\/www.ferberpainting.com\/cz\/products\/live-bacteria-for-septic-tank\/","title":{"rendered":"\u017div\u00e9 bakterie pro septik"},"content":{"rendered":"<p><strong><img decoding=\"async\" style=\"margin-right: 12px;\" src=\"https:\/\/www.ferberpainting.com\/wp-content\/uploads\/2026\/02\/Check.svg\" alt=\"\" width=\"18\" height=\"15\" \/>Obnovte a udr\u017eujte optim\u00e1ln\u00ed v\u00fdkon septiku p\u0159irozenou cestou.<\/strong> Na\u0161e \u017eiv\u00e9 bakterie pro o\u0161et\u0159en\u00ed septik\u016f jsou speci\u00e1ln\u011b vyvinuty tak, aby podporovaly a posilovaly p\u0159irozen\u00e9 biologick\u00e9 procesy v septick\u00e9m syst\u00e9mu. Vn\u00e1\u0161en\u00edm aktivn\u00edch, prosp\u011b\u0161n\u00fdch mikroorganism\u016f pom\u00e1h\u00e1 \u00fa\u010dinn\u011b rozkl\u00e1dat organick\u00fd odpad a udr\u017euje v\u00e1\u0161 septik v bezporuchov\u00e9m stavu po cel\u00fd rok.<\/p>\n<p><strong><img decoding=\"async\" style=\"margin-right: 12px;\" src=\"https:\/\/www.ferberpainting.com\/wp-content\/uploads\/2026\/02\/Check.svg\" alt=\"\" width=\"18\" height=\"15\" \/>Obsahuje p\u0159ibli\u017en\u011b 100 000 \u017eiv\u00fdch bakteri\u00ed v jednom gramu pro siln\u00e9 biologick\u00e9 p\u016fsoben\u00ed.<\/strong> Ka\u017ed\u00fd gram t\u00e9to vysp\u011bl\u00e9 receptury obsahuje p\u0159ibli\u017en\u011b 100 000 aktivn\u00edch bakteri\u00ed, pe\u010dliv\u011b vybran\u00fdch pro jejich schopnost tr\u00e1vit organick\u00e9 l\u00e1tky. Tyto mikroorganismy se mno\u017e\u00ed uvnit\u0159 septiku, urychluj\u00ed rozklad odpadu a zlep\u0161uj\u00ed celkovou rovnov\u00e1hu syst\u00e9mu.<\/p>\n<p><strong><img decoding=\"async\" style=\"margin-right: 12px;\" src=\"https:\/\/www.ferberpainting.com\/wp-content\/uploads\/2026\/02\/Check.svg\" alt=\"\" width=\"18\" height=\"15\" \/>Nej\u00fa\u010dinn\u011bj\u0161\u00ed biologick\u00e9 o\u0161et\u0159en\u00ed septik\u016f na trhu.<\/strong> Tento produkt, kter\u00fd obsahuje vysoce kvalitn\u00ed \u017eiv\u00e9 bakteri\u00e1ln\u00ed kultury, p\u016fsob\u00ed hluboko v n\u00e1dr\u017ei a rozkl\u00e1d\u00e1 tuky, oleje, mastnotu, pap\u00edr a dal\u0161\u00ed organick\u00e9 materi\u00e1ly. Posiluje p\u0159irozen\u00e9 procesy tr\u00e1ven\u00ed mnohem \u00fa\u010dinn\u011bji ne\u017e jednoduch\u00e9 chemick\u00e9 p\u0159\u00edsady, kter\u00e9 mohou naru\u0161it bakteri\u00e1ln\u00ed rovnov\u00e1hu.<\/p>\n<p><strong><img decoding=\"async\" style=\"margin-right: 12px;\" src=\"https:\/\/www.ferberpainting.com\/wp-content\/uploads\/2026\/02\/Check.svg\" alt=\"\" width=\"18\" height=\"15\" \/>Z\u00e1ruka vr\u00e1cen\u00ed pen\u011bz pro naprost\u00fd klid.<\/strong> Jsme si pln\u011b jisti v\u00fdkonnost\u00ed a spolehlivost\u00ed na\u0161eho o\u0161et\u0159en\u00ed septik\u016f \u017eiv\u00fdmi bakteriemi. Pokud nebudete s v\u00fdsledky zcela spokojeni, vr\u00e1t\u00edme v\u00e1m pen\u00edze za n\u00e1kup. Na\u0161e z\u00e1ruka vr\u00e1cen\u00ed pen\u011bz zaji\u0161\u0165uje, \u017ee va\u0161e investice je zcela bez rizika, a odr\u00e1\u017e\u00ed n\u00e1\u0161 z\u00e1vazek poskytovat profesion\u00e1ln\u00ed \u0159e\u0161en\u00ed \u00fadr\u017eby.<\/p>\n<p><strong><img decoding=\"async\" style=\"margin-right: 12px;\" src=\"https:\/\/www.ferberpainting.com\/wp-content\/uploads\/2026\/02\/Check.svg\" alt=\"\" width=\"18\" height=\"15\" \/>Nejlevn\u011bj\u0161\u00ed dostupn\u00e9 vysoce \u00fa\u010dinn\u00e9 o\u0161et\u0159en\u00ed septick\u00fdch bakteri\u00ed.<\/strong> \u00da\u010dinn\u00e1 \u00fadr\u017eba septik\u016f nevy\u017eaduje n\u00e1kladn\u00e9 servisn\u00ed n\u00e1v\u0161t\u011bvy ani n\u00e1kladn\u00e9 z\u00e1sahy p\u0159i \u010derp\u00e1n\u00ed. Na\u0161e biologick\u00e9 \u010di\u0161t\u011bn\u00ed nab\u00edz\u00ed prvot\u0159\u00eddn\u00ed v\u00fdkon za nejkonkurenceschopn\u011bj\u0161\u00ed cenu na trhu a poskytuje tak majitel\u016fm dom\u016f v\u00fdjime\u010dnou dlouhodobou hodnotu.<\/p>\n<p><strong><img decoding=\"async\" style=\"margin-right: 12px;\" src=\"https:\/\/www.ferberpainting.com\/wp-content\/uploads\/2026\/02\/Check.svg\" alt=\"\" width=\"18\" height=\"15\" \/>Pouze jedna l\u00e1hev ro\u010dn\u011b pro snadnou \u00fadr\u017ebu.<\/strong> Je navr\u017een tak, aby byl jednoduch\u00fd a \u00fa\u010dinn\u00fd, a pro standardn\u00ed dom\u00e1c\u00ed septiky sta\u010d\u00ed jedna l\u00e1hev ro\u010dn\u011b. Toto ro\u010dn\u00ed o\u0161et\u0159en\u00ed poskytuje nep\u0159etr\u017eitou podporu mikrobi\u00e1ln\u00edmu ekosyst\u00e9mu uvnit\u0159 n\u00e1dr\u017ee, tak\u017ee \u00fadr\u017eba je jednoduch\u00e1 a pohodln\u00e1.<\/p>\n<p><strong><img decoding=\"async\" style=\"margin-right: 12px;\" src=\"https:\/\/www.ferberpainting.com\/wp-content\/uploads\/2026\/02\/Check.svg\" alt=\"\" width=\"18\" height=\"15\" \/>Sni\u017euje z\u00e1pach a nep\u0159\u00edjemn\u00e9 pachy.<\/strong> Urychlen\u00edm rozkladu organick\u00e9ho odpadu pom\u00e1haj\u00ed \u017eiv\u00e9 bakterie minimalizovat produkci zap\u00e1chaj\u00edc\u00edch plyn\u016f. Pravideln\u00e9 pou\u017e\u00edv\u00e1n\u00ed p\u0159isp\u00edv\u00e1 ke sv\u011b\u017e\u00edmu a hygieni\u010dt\u011bj\u0161\u00edmu prost\u0159ed\u00ed v okol\u00ed septik\u016f.<\/p>\n<p><strong><img decoding=\"async\" style=\"margin-right: 12px;\" src=\"https:\/\/www.ferberpainting.com\/wp-content\/uploads\/2026\/02\/Check.svg\" alt=\"\" width=\"18\" height=\"15\" \/>Pom\u00e1h\u00e1 p\u0159edch\u00e1zet ucp\u00e1v\u00e1n\u00ed a hromad\u011bn\u00ed kal\u016f.<\/strong> Aktivn\u00ed bakteri\u00e1ln\u00ed kultury tr\u00e1v\u00ed pevn\u00fd odpad a sni\u017euj\u00ed tvorbu kalu, \u010d\u00edm\u017e pom\u00e1haj\u00ed udr\u017eovat spr\u00e1vn\u00fd pr\u016ftok a p\u0159edch\u00e1zet n\u00e1kladn\u00e9mu ucp\u00e1v\u00e1n\u00ed nebo z\u00e1lohov\u00e1n\u00ed potrub\u00ed a odtokov\u00fdch pol\u00ed.<\/p>\n<p><strong><img decoding=\"async\" style=\"margin-right: 12px;\" src=\"https:\/\/www.ferberpainting.com\/wp-content\/uploads\/2026\/02\/Check.svg\" alt=\"\" width=\"18\" height=\"15\" \/>Podporuje ekologick\u00e9 zpracov\u00e1n\u00ed odpadu.<\/strong> Toto biologick\u00e9 \u0159e\u0161en\u00ed pracuje v souladu s p\u0159\u00edrodn\u00edmi procesy a vyh\u00fdb\u00e1 se pou\u017eit\u00ed agresivn\u00edch chemik\u00e1li\u00ed, kter\u00e9 mohou po\u0161kodit u\u017eite\u010dn\u00e9 bakterie nebo kontaminovat podzemn\u00ed vodu. Podporuje udr\u017eiteln\u00fd a ekologick\u00fd p\u0159\u00edstup k p\u00e9\u010di o septik.<\/p>\n<p><strong><img decoding=\"async\" style=\"margin-right: 12px;\" src=\"https:\/\/www.ferberpainting.com\/wp-content\/uploads\/2026\/02\/Check.svg\" alt=\"\" width=\"18\" height=\"15\" \/>Vhodn\u00e9 pro obytn\u00e9 septiky a mal\u00e9 syst\u00e9my odpadn\u00edch vod.<\/strong> Tento v\u00fdrobek je ide\u00e1ln\u00ed pro dom\u00e1cnosti pou\u017e\u00edvaj\u00edc\u00ed septiky, \u017eumpy a mal\u00e9 nez\u00e1visl\u00e9 syst\u00e9my \u010di\u0161t\u011bn\u00ed odpadn\u00edch vod. P\u0159izp\u016fsob\u00ed se r\u016fzn\u00fdm velikostem n\u00e1dr\u017e\u00ed za b\u011b\u017en\u00fdch podm\u00ednek pou\u017e\u00edv\u00e1n\u00ed v dom\u00e1cnosti.<\/p>\n<h2><strong>Pokyny<\/strong><\/h2>\n<ul>\n<li>P\u0159ed pou\u017eit\u00edm lahvi\u010dku dob\u0159e prot\u0159epejte, abyste zajistili rovnom\u011brn\u00e9 rozlo\u017een\u00ed bakteri\u00e1ln\u00edch kultur.<\/li>\n<li>U standardn\u00edch obytn\u00fdch septik\u016f pou\u017e\u00edvejte v r\u00e1mci b\u011b\u017en\u00e9 \u00fadr\u017eby jednu plnou l\u00e1hev ro\u010dn\u011b.<\/li>\n<li>Nalijte obsah p\u0159\u00edmo do toalety a spl\u00e1chn\u011bte, aby se bakterie dostaly do septiku.<\/li>\n<li>P\u0159\u00edpadn\u011b lze p\u0159\u00edpravek z\u0159edit ve vod\u011b a nal\u00edt do d\u0159ezu nebo odtoku napojen\u00e9ho na septik.<\/li>\n<li>O\u0161et\u0159en\u00ed aplikujte v dob\u011b, kdy je syst\u00e9m v norm\u00e1ln\u00edm provozu, a bezprost\u0159edn\u011b po n\u011bm nepou\u017e\u00edvejte velk\u00e9 mno\u017estv\u00ed chemick\u00fdch \u010distic\u00edch prost\u0159edk\u016f.<\/li>\n<li>Nejlep\u0161\u00edch v\u00fdsledk\u016f dos\u00e1hnete, kdy\u017e bakterie zavedete b\u011bhem pravideln\u00e9ho pou\u017e\u00edv\u00e1n\u00ed v dom\u00e1cnosti, aby se roz\u0161\u00ed\u0159ily do cel\u00e9 n\u00e1dr\u017ee.<\/li>\n<li>Vyhn\u011bte se kombinaci s drsn\u00fdmi antibakteri\u00e1ln\u00edmi chemik\u00e1liemi nebo nadm\u011brn\u00e9mu mno\u017estv\u00ed b\u011blidel, proto\u017ee mohou sn\u00ed\u017eit aktivitu bakteri\u00ed.<\/li>\n<li>V p\u0159\u00edpad\u011b intenzivn\u00edho pou\u017e\u00edv\u00e1n\u00ed nebo v\u011bt\u0161\u00edch n\u00e1dr\u017e\u00ed se pora\u010fte s odborn\u00edkem, abyste zjistili, zda je nutn\u00e9 dal\u0161\u00ed d\u00e1vkov\u00e1n\u00ed.<\/li>\n<li>Pokra\u010dujte v rutinn\u00edch kontrol\u00e1ch septik\u016f a pln\u011bn\u00ed harmonogram\u016f \u010derp\u00e1n\u00ed podle m\u00edstn\u00edch p\u0159edpis\u016f.<\/li>\n<li>V\u00fdrobek skladujte na chladn\u00e9m a such\u00e9m m\u00edst\u011b mimo dosah p\u0159\u00edm\u00e9ho slune\u010dn\u00edho sv\u011btla, aby se zachovala \u017eivotaschopnost bakteri\u00ed.<\/li>\n<\/ul>\n<p>Pravideln\u00e9 pou\u017e\u00edv\u00e1n\u00ed tohoto p\u0159\u00edpravku na septik s \u017eiv\u00fdmi bakteriemi pom\u00e1h\u00e1 udr\u017eovat vyv\u00e1\u017een\u00e9 mikrobi\u00e1ln\u00ed prost\u0159ed\u00ed v syst\u00e9mu odpadn\u00edch vod. P\u0159\u00edpravek dod\u00e1v\u00e1 p\u0159ibli\u017en\u011b 100 000 bakteri\u00ed na gram, \u010d\u00edm\u017e posiluje p\u0159irozen\u00e9 rozkladn\u00e9 procesy, sni\u017euje hromad\u011bn\u00ed kalu, minimalizuje z\u00e1pach a podporuje dlouhodobou \u00fa\u010dinnost septiku. Jeho jednoduch\u00e1 aplikace jednou ro\u010dn\u011b usnad\u0148uje \u00fadr\u017ebu a z\u00e1rove\u0148 zaji\u0161\u0165uje spolehliv\u00fd a ekologick\u00fd v\u00fdkon.<\/p>","protected":false},"excerpt":{"rendered":"<p>Restore and maintain optimal septic tank performance naturally. Our live bacteria for septic tank treatment is specially formulated to support and enhance the natural biological processes inside your septic system. By introducing active, beneficial microorganisms, it helps break down organic waste efficiently and keeps your septic tank functioning smoothly throughout the year. Contains approximately 100,000 [&hellip;]<\/p>\n","protected":false},"featured_media":26257,"comment_status":"open","ping_status":"closed","template":"","meta":{"_uag_custom_page_level_css":"","site-sidebar-layout":"default","site-content-layout":"","ast-site-content-layout":"default","site-content-style":"default","site-sidebar-style":"default","ast-global-header-display":"","ast-banner-title-visibility":"","ast-main-header-display":"","ast-hfb-above-header-display":"","ast-hfb-below-header-display":"","ast-hfb-mobile-header-display":"","site-post-title":"","ast-breadcrumbs-content":"","ast-featured-img":"","footer-sml-layout":"","ast-disable-related-posts":"","theme-transparent-header-meta":"default","adv-header-id-meta":"","stick-header-meta":"","header-above-stick-meta":"","header-main-stick-meta":"","header-below-stick-meta":"","astra-migrate-meta-layouts":"set","ast-page-background-enabled":"default","ast-page-background-meta":{"desktop":{"background-color":"var(--ast-global-color-4)","background-image":"","background-repeat":"repeat","background-position":"center center","background-size":"auto","background-attachment":"scroll","background-type":"","background-media":"","overlay-type":"","overlay-color":"","overlay-opacity":"","overlay-gradient":""},"tablet":{"background-color":"","background-image":"","background-repeat":"repeat","background-position":"center center","background-size":"auto","background-attachment":"scroll","background-type":"","background-media":"","overlay-type":"","overlay-color":"","overlay-opacity":"","overlay-gradient":""},"mobile":{"background-color":"","background-image":"","background-repeat":"repeat","background-position":"center center","background-size":"auto","background-attachment":"scroll","background-type":"","background-media":"","overlay-type":"","overlay-color":"","overlay-opacity":"","overlay-gradient":""}},"ast-content-background-meta":{"desktop":{"background-color":"var(--ast-global-color-5)","background-image":"","background-repeat":"repeat","background-position":"center center","background-size":"auto","background-attachment":"scroll","background-type":"","background-media":"","overlay-type":"","overlay-color":"","overlay-opacity":"","overlay-gradient":""},"tablet":{"background-color":"var(--ast-global-color-5)","background-image":"","background-repeat":"repeat","background-position":"center center","background-size":"auto","background-attachment":"scroll","background-type":"","background-media":"","overlay-type":"","overlay-color":"","overlay-opacity":"","overlay-gradient":""},"mobile":{"background-color":"var(--ast-global-color-5)","background-image":"","background-repeat":"repeat","background-position":"center center","background-size":"auto","background-attachment":"scroll","background-type":"","background-media":"","overlay-type":"","overlay-color":"","overlay-opacity":"","overlay-gradient":""}}},"product_brand":[],"product_cat":[175],"product_tag":[],"class_list":{"0":"post-23799","1":"product","2":"type-product","3":"status-publish","4":"has-post-thumbnail","6":"product_cat-cleaning-products","7":"desktop-align-left","8":"tablet-align-left","9":"mobile-align-left","11":"first","12":"instock","13":"shipping-taxable","14":"purchasable","15":"product-type-simple"},"spectra_custom_meta":{"_visibility":["visible"],"_shopify_product_id":["7954850152693"],"_s2w_shopify_domain":["ferberpainting.myshopify.com"],"_shopify_variant_id":["43513609322741"],"_sku":["FPBACTERIASEPTICTANK"],"_regular_price":["29.90"],"_price":["29.90"],"_sale_price":[""],"_weight":["1.3"],"_thumbnail_id":["26257"],"_global_unique_id":["5056773801592"],"total_sales":["243"],"_tax_status":["taxable"],"_tax_class":[""],"_manage_stock":["no"],"_backorders":["no"],"_sold_individually":["no"],"_virtual":["no"],"_downloadable":["no"],"_download_limit":["-1"],"_download_expiry":["-1"],"_stock":[null],"_stock_status":["instock"],"_wc_average_rating":["4.91"],"_wc_review_count":["70"],"_product_version":["10.5.1"],"_wc_rating_count":["a:2:{i:4;i:6;i:5;i:64;}"],"_edit_lock":["1771184694:1"],"merchant-center-availability":["yes"],"merchant-center-id":["LBFST"],"merchant-center-category":["7470"],"_edit_last":["1"],"_wp_page_template":["default"],"site-sidebar-layout":["default"],"ast-site-content-layout":["default"],"site-content-style":["default"],"site-sidebar-style":["default"],"theme-transparent-header-meta":["default"],"astra-migrate-meta-layouts":["set"],"_uag_css_file_name":["uag-css-23799.css"],"_elementor_page_assets":["a:0:{}"],"_uag_page_assets":["a:9:{s:3:\"css\";s:6873:\".wp-block-uagb-image{display:flex}.wp-block-uagb-image__figure{position:relative;display:flex;flex-direction:column;max-width:100%;height:auto;margin:0}.wp-block-uagb-image__figure img{height:auto;display:flex;max-width:100%;transition:box-shadow .2s ease}.wp-block-uagb-image__figure>a{display:inline-block}.wp-block-uagb-image__figure figcaption{text-align:center;margin-top:.5em;margin-bottom:1em}.wp-block-uagb-image .components-placeholder.block-editor-media-placeholder .components-placeholder__instructions{align-self:center}.wp-block-uagb-image--align-left{text-align:left}.wp-block-uagb-image--align-right{text-align:right}.wp-block-uagb-image--align-center{text-align:center}.wp-block-uagb-image--align-full .wp-block-uagb-image__figure{margin-left:calc(50% - 50vw);margin-right:calc(50% - 50vw);max-width:100vw;width:100vw;height:auto}.wp-block-uagb-image--align-full .wp-block-uagb-image__figure img{height:auto;width:100% !important}.wp-block-uagb-image--align-wide .wp-block-uagb-image__figure img{height:auto;width:100%}.wp-block-uagb-image--layout-overlay__color-wrapper{position:absolute;left:0;top:0;right:0;bottom:0;opacity:.2;background:rgba(0,0,0,.5);transition:opacity .35s ease-in-out}.wp-block-uagb-image--layout-overlay-link{position:absolute;left:0;right:0;bottom:0;top:0}.wp-block-uagb-image--layout-overlay .wp-block-uagb-image__figure:hover .wp-block-uagb-image--layout-overlay__color-wrapper{opacity:1}.wp-block-uagb-image--layout-overlay__inner{position:absolute;left:15px;right:15px;bottom:15px;top:15px;display:flex;align-items:center;justify-content:center;flex-direction:column;border-color:#fff;transition:.35s ease-in-out}.wp-block-uagb-image--layout-overlay__inner.top-left,.wp-block-uagb-image--layout-overlay__inner.top-center,.wp-block-uagb-image--layout-overlay__inner.top-right{justify-content:flex-start}.wp-block-uagb-image--layout-overlay__inner.bottom-left,.wp-block-uagb-image--layout-overlay__inner.bottom-center,.wp-block-uagb-image--layout-overlay__inner.bottom-right{justify-content:flex-end}.wp-block-uagb-image--layout-overlay__inner.top-left,.wp-block-uagb-image--layout-overlay__inner.center-left,.wp-block-uagb-image--layout-overlay__inner.bottom-left{align-items:flex-start}.wp-block-uagb-image--layout-overlay__inner.top-right,.wp-block-uagb-image--layout-overlay__inner.center-right,.wp-block-uagb-image--layout-overlay__inner.bottom-right{align-items:flex-end}.wp-block-uagb-image--layout-overlay__inner .uagb-image-heading{color:#fff;transition:transform .35s,opacity .35s ease-in-out;transform:translate3d(0, 24px, 0);margin:0;line-height:1em}.wp-block-uagb-image--layout-overlay__inner .uagb-image-separator{width:30%;border-top-width:2px;border-top-color:#fff;border-top-style:solid;margin-bottom:10px;opacity:0;transition:transform .4s,opacity .4s ease-in-out;transform:translate3d(0, 30px, 0)}.wp-block-uagb-image--layout-overlay__inner .uagb-image-caption{opacity:0;overflow:visible;color:#fff;transition:transform .45s,opacity .45s ease-in-out;transform:translate3d(0, 35px, 0)}.wp-block-uagb-image--layout-overlay__inner:hover .uagb-image-heading,.wp-block-uagb-image--layout-overlay__inner:hover .uagb-image-separator,.wp-block-uagb-image--layout-overlay__inner:hover .uagb-image-caption{opacity:1;transform:translate3d(0, 0, 0)}.wp-block-uagb-image--effect-zoomin .wp-block-uagb-image__figure img,.wp-block-uagb-image--effect-zoomin .wp-block-uagb-image__figure .wp-block-uagb-image--layout-overlay__color-wrapper{transform:scale(1);transition:transform .35s ease-in-out}.wp-block-uagb-image--effect-zoomin .wp-block-uagb-image__figure:hover img,.wp-block-uagb-image--effect-zoomin .wp-block-uagb-image__figure:hover .wp-block-uagb-image--layout-overlay__color-wrapper{transform:scale(1.05)}.wp-block-uagb-image--effect-slide .wp-block-uagb-image__figure img,.wp-block-uagb-image--effect-slide .wp-block-uagb-image__figure .wp-block-uagb-image--layout-overlay__color-wrapper{width:calc(100% + 40px) !important;max-width:none !important;transform:translate3d(-40px, 0, 0);transition:transform .35s ease-in-out}.wp-block-uagb-image--effect-slide .wp-block-uagb-image__figure:hover img,.wp-block-uagb-image--effect-slide .wp-block-uagb-image__figure:hover .wp-block-uagb-image--layout-overlay__color-wrapper{transform:translate3d(0, 0, 0)}.wp-block-uagb-image--effect-grayscale img{filter:grayscale(0%);transition:.35s ease-in-out}.wp-block-uagb-image--effect-grayscale:hover img{filter:grayscale(100%)}.wp-block-uagb-image--effect-blur img{filter:blur(0);transition:.35s ease-in-out}.wp-block-uagb-image--effect-blur:hover img{filter:blur(3px)}.uagb-block-e6f939b3.wp-block-uagb-image--layout-default figure img{box-shadow: 0px 0px 0 #00000070;}.uagb-block-e6f939b3.wp-block-uagb-image .wp-block-uagb-image__figure figcaption{font-style: normal;align-self: center;}.uagb-block-e6f939b3.wp-block-uagb-image--layout-overlay figure img{box-shadow: 0px 0px 0 #00000070;}.uagb-block-e6f939b3.wp-block-uagb-image--layout-overlay .wp-block-uagb-image--layout-overlay__color-wrapper{opacity: 0.2;}.uagb-block-e6f939b3.wp-block-uagb-image--layout-overlay .wp-block-uagb-image--layout-overlay__inner{left: 15px;right: 15px;top: 15px;bottom: 15px;}.uagb-block-e6f939b3.wp-block-uagb-image--layout-overlay .wp-block-uagb-image--layout-overlay__inner .uagb-image-heading{font-style: normal;color: #fff;opacity: 1;}.uagb-block-e6f939b3.wp-block-uagb-image--layout-overlay .wp-block-uagb-image--layout-overlay__inner .uagb-image-heading a{color: #fff;}.uagb-block-e6f939b3.wp-block-uagb-image--layout-overlay .wp-block-uagb-image--layout-overlay__inner .uagb-image-caption{opacity: 0;}.uagb-block-e6f939b3.wp-block-uagb-image--layout-overlay .wp-block-uagb-image__figure:hover .wp-block-uagb-image--layout-overlay__color-wrapper{opacity: 1;}.uagb-block-e6f939b3.wp-block-uagb-image .wp-block-uagb-image--layout-overlay__inner .uagb-image-separator{width: 30%;border-top-width: 2px;border-top-color: #fff;opacity: 0;}.uagb-block-e6f939b3.wp-block-uagb-image .wp-block-uagb-image__figure img{width: px;height: auto;}.uagb-block-e6f939b3.wp-block-uagb-image .wp-block-uagb-image__figure:hover .wp-block-uagb-image--layout-overlay__inner .uagb-image-caption{opacity: 1;}.uagb-block-e6f939b3.wp-block-uagb-image .wp-block-uagb-image__figure:hover .wp-block-uagb-image--layout-overlay__inner .uagb-image-separator{opacity: 1;}.uagb-block-e6f939b3.wp-block-uagb-image--layout-default figure:hover img{box-shadow: 0px 0px 0 #00000070;}.uagb-block-e6f939b3.wp-block-uagb-image--layout-overlay figure:hover img{box-shadow: 0px 0px 0 #00000070;}@media only screen and (max-width: 976px) {.uagb-block-e6f939b3.wp-block-uagb-image .wp-block-uagb-image__figure img{width: px;height: auto;}}@media only screen and (max-width: 767px) {.uagb-block-e6f939b3.wp-block-uagb-image .wp-block-uagb-image__figure img{width: px;height: auto;}}\";s:2:\"js\";s:0:\"\";s:18:\"current_block_list\";a:13:{i:0;s:11:\"core\/search\";i:1;s:10:\"core\/group\";i:2;s:12:\"core\/heading\";i:3;s:17:\"core\/latest-posts\";i:4;s:20:\"core\/latest-comments\";i:5;s:13:\"core\/archives\";i:6;s:15:\"core\/categories\";i:7;s:14:\"core\/paragraph\";i:8;s:10:\"uagb\/image\";i:9;s:11:\"core\/spacer\";i:10;s:30:\"woocommerce\/product-categories\";i:11;s:10:\"core\/image\";i:12;s:14:\"core\/shortcode\";}s:8:\"uag_flag\";b:1;s:11:\"uag_version\";s:10:\"1777095573\";s:6:\"gfonts\";a:0:{}s:10:\"gfonts_url\";s:0:\"\";s:12:\"gfonts_files\";a:0:{}s:14:\"uag_faq_layout\";b:0;}"]},"uagb_featured_image_src":{"full":["https:\/\/www.ferberpainting.com\/wp-content\/uploads\/2025\/05\/Live-Bacteria-for-Septic-Tank_4000x4000_e0a9d681-ecd6-4bc1-8a33-5e662d3a5188.png",2560,2560,false],"thumbnail":["https:\/\/www.ferberpainting.com\/wp-content\/uploads\/2025\/05\/Live-Bacteria-for-Septic-Tank_4000x4000_e0a9d681-ecd6-4bc1-8a33-5e662d3a5188-150x150.png",150,150,true],"medium":["https:\/\/www.ferberpainting.com\/wp-content\/uploads\/2025\/05\/Live-Bacteria-for-Septic-Tank_4000x4000_e0a9d681-ecd6-4bc1-8a33-5e662d3a5188-300x300.png",300,300,true],"medium_large":["https:\/\/www.ferberpainting.com\/wp-content\/uploads\/2025\/05\/Live-Bacteria-for-Septic-Tank_4000x4000_e0a9d681-ecd6-4bc1-8a33-5e662d3a5188-768x768.png",768,768,true],"large":["https:\/\/www.ferberpainting.com\/wp-content\/uploads\/2025\/05\/Live-Bacteria-for-Septic-Tank_4000x4000_e0a9d681-ecd6-4bc1-8a33-5e662d3a5188-1024x1024.png",1024,1024,true],"1536x1536":["https:\/\/www.ferberpainting.com\/wp-content\/uploads\/2025\/05\/Live-Bacteria-for-Septic-Tank_4000x4000_e0a9d681-ecd6-4bc1-8a33-5e662d3a5188-1536x1536.png",1536,1536,true],"2048x2048":["https:\/\/www.ferberpainting.com\/wp-content\/uploads\/2025\/05\/Live-Bacteria-for-Septic-Tank_4000x4000_e0a9d681-ecd6-4bc1-8a33-5e662d3a5188-2048x2048.png",2048,2048,true],"trp-custom-language-flag":["https:\/\/www.ferberpainting.com\/wp-content\/uploads\/2025\/05\/Live-Bacteria-for-Septic-Tank_4000x4000_e0a9d681-ecd6-4bc1-8a33-5e662d3a5188-12x12.png",12,12,true],"woocommerce_thumbnail":["https:\/\/www.ferberpainting.com\/wp-content\/uploads\/2025\/05\/Live-Bacteria-for-Septic-Tank_4000x4000_e0a9d681-ecd6-4bc1-8a33-5e662d3a5188-300x300.png",300,300,true],"woocommerce_single":["https:\/\/www.ferberpainting.com\/wp-content\/uploads\/2025\/05\/Live-Bacteria-for-Septic-Tank_4000x4000_e0a9d681-ecd6-4bc1-8a33-5e662d3a5188-600x600.png",600,600,true],"woocommerce_gallery_thumbnail":["https:\/\/www.ferberpainting.com\/wp-content\/uploads\/2025\/05\/Live-Bacteria-for-Septic-Tank_4000x4000_e0a9d681-ecd6-4bc1-8a33-5e662d3a5188-100x100.png",100,100,true]},"uagb_author_info":{"display_name":"admin","author_link":"https:\/\/www.ferberpainting.com\/cz\/author\/"},"uagb_comment_info":70,"uagb_excerpt":"Restore and maintain optimal septic tank performance naturally. Our live bacteria for septic tank treatment is specially formulated to support and enhance the natural biological processes inside your septic system. By introducing active, beneficial microorganisms, it helps break down organic waste efficiently and keeps your septic tank functioning smoothly throughout the year. Contains approximately 100,000&hellip;","_links":{"self":[{"href":"https:\/\/www.ferberpainting.com\/cz\/wp-json\/wp\/v2\/product\/23799","targetHints":{"allow":["GET"]}}],"collection":[{"href":"https:\/\/www.ferberpainting.com\/cz\/wp-json\/wp\/v2\/product"}],"about":[{"href":"https:\/\/www.ferberpainting.com\/cz\/wp-json\/wp\/v2\/types\/product"}],"replies":[{"embeddable":true,"href":"https:\/\/www.ferberpainting.com\/cz\/wp-json\/wp\/v2\/comments?post=23799"}],"version-history":[{"count":5,"href":"https:\/\/www.ferberpainting.com\/cz\/wp-json\/wp\/v2\/product\/23799\/revisions"}],"predecessor-version":[{"id":166486,"href":"https:\/\/www.ferberpainting.com\/cz\/wp-json\/wp\/v2\/product\/23799\/revisions\/166486"}],"wp:featuredmedia":[{"embeddable":true,"href":"https:\/\/www.ferberpainting.com\/cz\/wp-json\/wp\/v2\/media\/26257"}],"wp:attachment":[{"href":"https:\/\/www.ferberpainting.com\/cz\/wp-json\/wp\/v2\/media?parent=23799"}],"wp:term":[{"taxonomy":"product_brand","embeddable":true,"href":"https:\/\/www.ferberpainting.com\/cz\/wp-json\/wp\/v2\/product_brand?post=23799"},{"taxonomy":"product_cat","embeddable":true,"href":"https:\/\/www.ferberpainting.com\/cz\/wp-json\/wp\/v2\/product_cat?post=23799"},{"taxonomy":"product_tag","embeddable":true,"href":"https:\/\/www.ferberpainting.com\/cz\/wp-json\/wp\/v2\/product_tag?post=23799"}],"curies":[{"name":"wp","href":"https:\/\/api.w.org\/{rel}","templated":true}]}}