{"id":23796,"date":"2025-05-26T10:25:32","date_gmt":"2025-05-26T08:25:32","guid":{"rendered":"https:\/\/www.ferberpainting.com\/products\/liquid-universal-fertilizer\/"},"modified":"2026-02-15T20:44:22","modified_gmt":"2026-02-15T19:44:22","slug":"liquid-universal-fertilizer","status":"publish","type":"product","link":"https:\/\/www.ferberpainting.com\/cz\/products\/liquid-universal-fertilizer\/","title":{"rendered":"Tekut\u00e9 univerz\u00e1ln\u00ed hnojivo"},"content":{"rendered":"<p><strong><img decoding=\"async\" style=\"margin-right: 12px;\" src=\"https:\/\/www.ferberpainting.com\/wp-content\/uploads\/2026\/02\/Check.svg\" alt=\"\" width=\"18\" height=\"15\" \/>Vyv\u00e1\u017een\u00e9 slo\u017een\u00ed NPK 15-15-15 pro kompletn\u00ed v\u00fd\u017eivu rostlin.<\/strong> Na\u0161e kapaln\u00e9 univerz\u00e1ln\u00ed hnojivo m\u00e1 dokonale vyv\u00e1\u017een\u00e9 slo\u017een\u00ed NPK 15-15-15, kter\u00e9 poskytuje stejn\u00fd pom\u011br dus\u00edku, fosforu a drasl\u00edku pro podporu celkov\u00e9ho zdrav\u00ed rostlin. Dus\u00edk podporuje sv\u011b\u017e\u00ed zelen\u00e9 listy a siln\u00fd vegetativn\u00ed r\u016fst, fosfor posiluje v\u00fdvoj ko\u0159en\u016f a podporuje kveten\u00ed a tvorbu plod\u016f, zat\u00edmco drasl\u00edk zvy\u0161uje celkovou odolnost a toleranci v\u016f\u010di stresu. Toto vyv\u00e1\u017een\u00e9 slo\u017een\u00ed zaji\u0161\u0165uje rostlin\u00e1m komplexn\u00ed a harmonickou v\u00fd\u017eivu v pr\u016fb\u011bhu cel\u00e9ho r\u016fstov\u00e9ho cyklu.<\/p>\n<p><strong><img decoding=\"async\" style=\"margin-right: 12px;\" src=\"https:\/\/www.ferberpainting.com\/wp-content\/uploads\/2026\/02\/Check.svg\" alt=\"\" width=\"18\" height=\"15\" \/>Nej\u00fa\u010dinn\u011bj\u0161\u00ed univerz\u00e1ln\u00ed hnojivo na trhu.<\/strong> Toto kapaln\u00e9 hnojivo, kter\u00e9 obsahuje vysoce kvalitn\u00ed a snadno dostupn\u00e9 \u017eiviny, rostliny rychle vst\u0159eb\u00e1vaj\u00ed prost\u0159ednictv\u00edm ko\u0159en\u016f a p\u0159i aplikaci ve form\u011b listov\u00e9ho post\u0159iku tak\u00e9 prost\u0159ednictv\u00edm list\u016f. Jeho rychle p\u016fsob\u00edc\u00ed slo\u017een\u00ed zaji\u0161\u0165uje viditeln\u00e9 zlep\u0161en\u00ed vitality rostlin, barvy list\u016f a rychlosti r\u016fstu b\u011bhem kr\u00e1tk\u00e9 doby soustavn\u00e9ho pou\u017e\u00edv\u00e1n\u00ed.<\/p>\n<p><strong><img decoding=\"async\" style=\"margin-right: 12px;\" src=\"https:\/\/www.ferberpainting.com\/wp-content\/uploads\/2026\/02\/Check.svg\" alt=\"\" width=\"18\" height=\"15\" \/>Z\u00e1ruka vr\u00e1cen\u00ed pen\u011bz pro naprostou jistotu.<\/strong> Za v\u00fdkonem na\u0161ich kapaln\u00fdch univerz\u00e1ln\u00edch hnojiv si pln\u011b stoj\u00edme. Pokud nebudete s v\u00fdsledky zcela spokojeni, vr\u00e1t\u00edme v\u00e1m pen\u00edze za n\u00e1kup. Na\u0161e z\u00e1ruka vr\u00e1cen\u00ed pen\u011bz zaji\u0161\u0165uje, \u017ee va\u0161e investice je zcela bez rizika, a odr\u00e1\u017e\u00ed n\u00e1\u0161 z\u00e1vazek poskytovat spolehlivou a profesion\u00e1ln\u00ed v\u00fd\u017eivu rostlin.<\/p>\n<p><strong><img decoding=\"async\" style=\"margin-right: 12px;\" src=\"https:\/\/www.ferberpainting.com\/wp-content\/uploads\/2026\/02\/Check.svg\" alt=\"\" width=\"18\" height=\"15\" \/>Nejlevn\u011bj\u0161\u00ed dostupn\u00e9 vysoce \u00fa\u010dinn\u00e9 hnojivo NPK 15-15-15.<\/strong> Prvot\u0159\u00eddn\u00ed v\u00fd\u017eiva rostlin nemus\u00ed b\u00fdt drah\u00e1. Na\u0161e kapaln\u00e9 univerz\u00e1ln\u00ed hnojivo kombinuje \u0161pi\u010dkovou kvalitu s nejkonkurenceschopn\u011bj\u0161\u00ed cenou na trhu a nab\u00edz\u00ed v\u00fdjime\u010dnou hodnotu pro dom\u00e1c\u00ed zahr\u00e1dk\u00e1\u0159e, profesion\u00e1ln\u00ed zahradn\u00edky, \u0161kolky a zem\u011bd\u011blsk\u00e9 u\u017eivatele.<\/p>\n<p><strong><img decoding=\"async\" style=\"margin-right: 12px;\" src=\"https:\/\/www.ferberpainting.com\/wp-content\/uploads\/2026\/02\/Check.svg\" alt=\"\" width=\"18\" height=\"15\" \/>Rychl\u00e9 24hodinov\u00e9 dod\u00e1n\u00ed pro nep\u0159etr\u017eitou p\u00e9\u010di o rostliny.<\/strong> Zdrav\u00fd r\u016fst rostlin z\u00e1vis\u00ed na d\u016fsledn\u00e9 v\u00fd\u017eiv\u011b. Proto poskytujeme spolehliv\u00e9 24hodinov\u00e9 dod\u00e1vky, kter\u00e9 zajist\u00ed, \u017ee hnojivo doraz\u00ed rychle, abyste mohli bez prodlen\u00ed dodr\u017eovat sv\u016fj pl\u00e1n krmen\u00ed.<\/p>\n<p><strong><img decoding=\"async\" style=\"margin-right: 12px;\" src=\"https:\/\/www.ferberpainting.com\/wp-content\/uploads\/2026\/02\/Check.svg\" alt=\"\" width=\"18\" height=\"15\" \/>Vhodn\u00e9 pro pokojov\u00e9 i venkovn\u00ed rostliny.<\/strong> Toto univerz\u00e1ln\u00ed hnojivo lze pou\u017e\u00edt pro pokojov\u00e9 rostliny, kvetouc\u00ed rostliny, zeleninu, ke\u0159e, tr\u00e1vn\u00edky, ovocn\u00e9 stromy, okrasn\u00e9 rostliny a sklen\u00edkov\u00e9 plodiny. Jeho univerz\u00e1ln\u00ed slo\u017een\u00ed se p\u0159izp\u016fsob\u00ed \u0161irok\u00e9 \u0161k\u00e1le rostlinn\u00fdch druh\u016f a p\u011bstebn\u00edch podm\u00ednek.<\/p>\n<p><strong><img decoding=\"async\" style=\"margin-right: 12px;\" src=\"https:\/\/www.ferberpainting.com\/wp-content\/uploads\/2026\/02\/Check.svg\" alt=\"\" width=\"18\" height=\"15\" \/>Podporuje siln\u00fd ko\u0159enov\u00fd syst\u00e9m a zdrav\u00e9 kveten\u00ed.<\/strong> Vyv\u00e1\u017een\u00fd obsah fosforu podporuje siln\u00fd v\u00fdvoj ko\u0159en\u016f a podporuje kveten\u00ed a tvorbu plod\u016f. Rostliny pravideln\u011b o\u0161et\u0159ovan\u00e9 t\u00edmto hnojivem maj\u00ed tendenci vytv\u00e1\u0159et siln\u011bj\u0161\u00ed kv\u011bty a lep\u0161\u00ed v\u00fdnosy.<\/p>\n<p><strong><img decoding=\"async\" style=\"margin-right: 12px;\" src=\"https:\/\/www.ferberpainting.com\/wp-content\/uploads\/2026\/02\/Check.svg\" alt=\"\" width=\"18\" height=\"15\" \/>Zvy\u0161uje odolnost rostlin v\u016f\u010di stresu z prost\u0159ed\u00ed.<\/strong> Drasl\u00edkov\u00e1 slo\u017eka posiluje rostlinn\u00e1 pletiva a zvy\u0161uje odolnost v\u016f\u010di suchu, teplotn\u00edm v\u00fdkyv\u016fm a drobn\u00fdm chorob\u00e1m. To p\u0159isp\u00edv\u00e1 ke zdrav\u011bj\u0161\u00edm rostlin\u00e1m schopn\u00fdm odol\u00e1vat n\u00e1ro\u010dn\u00fdm p\u011bstebn\u00edm podm\u00ednk\u00e1m.<\/p>\n<p><strong><img decoding=\"async\" style=\"margin-right: 12px;\" src=\"https:\/\/www.ferberpainting.com\/wp-content\/uploads\/2026\/02\/Check.svg\" alt=\"\" width=\"18\" height=\"15\" \/>Zlep\u0161uje \u00farodnost p\u016fdy a rovnov\u00e1hu \u017eivin.<\/strong> P\u0159i aplikaci do p\u016fdy se kapaln\u00e9 hnojivo rovnom\u011brn\u011b rozprost\u0159e a rychle se integruje do p\u011bstebn\u00edho m\u00e9dia. Pom\u00e1h\u00e1 odstra\u0148ovat nedostatek \u017eivin a podporuje vyv\u00e1\u017eenou \u00farodnost p\u016fdy.<\/p>\n<p><strong><img decoding=\"async\" style=\"margin-right: 12px;\" src=\"https:\/\/www.ferberpainting.com\/wp-content\/uploads\/2026\/02\/Check.svg\" alt=\"\" width=\"18\" height=\"15\" \/>Snadno pou\u017eiteln\u00e1 tekut\u00e1 formulace pro p\u0159esn\u00e9 d\u00e1vkov\u00e1n\u00ed.<\/strong> Koncentrovan\u00e1 kapaln\u00e1 forma umo\u017e\u0148uje p\u0159esn\u00e9 \u0159ed\u011bn\u00ed a kontrolovanou aplikaci. Lze jej snadno sm\u00edchat s vodou pro v\u00fd\u017eivu ko\u0159en\u016f nebo pou\u017e\u00edt v zavla\u017eovac\u00edch syst\u00e9mech, \u010d\u00edm\u017e se zajist\u00ed rovnom\u011brn\u00e1 distribuce \u017eivin.<\/p>\n<h2><strong>Pokyny<\/strong><\/h2>\n<ul>\n<li>P\u0159ed pou\u017eit\u00edm n\u00e1dobu d\u016fkladn\u011b prot\u0159epejte, abyste zajistili rovnom\u011brn\u00e9 rozlo\u017een\u00ed \u017eivin.<\/li>\n<li>Hnojivo na\u0159e\u010fte podle typu rostliny a f\u00e1ze r\u016fstu. Obecn\u00e9 doporu\u010den\u00ed je 5 a\u017e 10 ml hnojiva na 1 litr vody pro b\u011b\u017en\u00e9 krmen\u00ed.<\/li>\n<li>U pokojov\u00fdch rostlin aplikujte z\u0159ed\u011bn\u00fd roztok p\u0159\u00edmo do p\u016fdy kolem z\u00e1kladny rostliny. Vyvarujte se p\u0159emok\u0159en\u00ed.<\/li>\n<li>U venkovn\u00edch rostlin a zahradn\u00edch z\u00e1hon\u016f aplikujte rovnom\u011brn\u011b do vlhk\u00e9 p\u016fdy, abyste zajistili spr\u00e1vnou absorpci \u017eivin.<\/li>\n<li>Pro listov\u00e9 hnojen\u00ed pou\u017eijte ni\u017e\u0161\u00ed koncentraci a post\u0159ikujte p\u0159\u00edmo na listy v chladn\u011bj\u0161\u00edch \u010d\u00e1stech dne. Vyhn\u011bte se post\u0159iku b\u011bhem intenzivn\u00edho slune\u010dn\u00edho z\u00e1\u0159en\u00ed.<\/li>\n<li>B\u011bhem aktivn\u00edho vegeta\u010dn\u00edho obdob\u00ed p\u0159ikrmujte rostliny ka\u017ed\u00e9 1 a\u017e 2 t\u00fddny. V obdob\u00ed vegeta\u010dn\u00edho klidu nebo pomal\u00e9ho r\u016fstu frekvenci sni\u017ete.<\/li>\n<li>Nep\u0159ekra\u010dujte doporu\u010den\u00e9 d\u00e1vkov\u00e1n\u00ed, abyste zabr\u00e1nili sp\u00e1len\u00ed \u017eivin nebo hromad\u011bn\u00ed soli v p\u016fd\u011b.<\/li>\n<li>U mlad\u00fdch sazenic nebo choulostiv\u00fdch rostlin pou\u017eijte z\u0159ed\u011bnou koncentraci v polovi\u010dn\u00ed s\u00edle.<\/li>\n<li>Pokud je p\u016fda velmi such\u00e1, p\u0159ed hnojen\u00edm rostliny m\u00edrn\u011b zalijte, abyste zabr\u00e1nili stresu ko\u0159en\u016f.<\/li>\n<li>Po pou\u017eit\u00ed m\u011b\u0159ic\u00ed n\u00e1stroje o\u010dist\u011bte a n\u00e1dobu pevn\u011b uzav\u0159ete.<\/li>\n<li>Hnojivo skladujte na chladn\u00e9m a such\u00e9m m\u00edst\u011b mimo dosah p\u0159\u00edm\u00e9ho slune\u010dn\u00edho z\u00e1\u0159en\u00ed a extr\u00e9mn\u00edch teplot.<\/li>\n<\/ul>\n<p>Pravideln\u00e9 pou\u017e\u00edv\u00e1n\u00ed tohoto tekut\u00e9ho univerz\u00e1ln\u00edho hnojiva s NPK 15-15-15 zaji\u0161\u0165uje vyv\u00e1\u017eenou v\u00fd\u017eivu pro \u0161irokou \u0161k\u00e1lu rostlin. Dod\u00e1v\u00e1n\u00edm stejn\u00e9ho pom\u011bru z\u00e1kladn\u00edch makro\u017eivin podporuje r\u016fst list\u016f, s\u00edlu ko\u0159en\u016f, kveten\u00ed a celkovou vitalitu rostlin. A\u0165 u\u017e udr\u017eujete malou sb\u00edrku pokojov\u00fdch rostlin, nebo spravujete rozs\u00e1hl\u00e9 venkovn\u00ed zahrady, toto univerz\u00e1ln\u00ed a \u00fasporn\u00e9 hnojivo poskytuje spolehliv\u00e9 v\u00fdsledky.<\/p>","protected":false},"excerpt":{"rendered":"<p>Balanced NPK 15-15-15 formula for complete plant nutrition. Our liquid universal fertilizer features a perfectly balanced NPK 15-15-15 composition, delivering equal proportions of nitrogen, phosphorus, and potassium to support overall plant health. Nitrogen promotes lush green foliage and vigorous vegetative growth, phosphorus strengthens root development and supports flowering and fruiting, while potassium enhances overall resilience [&hellip;]<\/p>\n","protected":false},"featured_media":26254,"comment_status":"open","ping_status":"closed","template":"","meta":{"_uag_custom_page_level_css":"","site-sidebar-layout":"default","site-content-layout":"","ast-site-content-layout":"default","site-content-style":"default","site-sidebar-style":"default","ast-global-header-display":"","ast-banner-title-visibility":"","ast-main-header-display":"","ast-hfb-above-header-display":"","ast-hfb-below-header-display":"","ast-hfb-mobile-header-display":"","site-post-title":"","ast-breadcrumbs-content":"","ast-featured-img":"","footer-sml-layout":"","ast-disable-related-posts":"","theme-transparent-header-meta":"default","adv-header-id-meta":"","stick-header-meta":"","header-above-stick-meta":"","header-main-stick-meta":"","header-below-stick-meta":"","astra-migrate-meta-layouts":"set","ast-page-background-enabled":"default","ast-page-background-meta":{"desktop":{"background-color":"var(--ast-global-color-4)","background-image":"","background-repeat":"repeat","background-position":"center center","background-size":"auto","background-attachment":"scroll","background-type":"","background-media":"","overlay-type":"","overlay-color":"","overlay-opacity":"","overlay-gradient":""},"tablet":{"background-color":"","background-image":"","background-repeat":"repeat","background-position":"center center","background-size":"auto","background-attachment":"scroll","background-type":"","background-media":"","overlay-type":"","overlay-color":"","overlay-opacity":"","overlay-gradient":""},"mobile":{"background-color":"","background-image":"","background-repeat":"repeat","background-position":"center center","background-size":"auto","background-attachment":"scroll","background-type":"","background-media":"","overlay-type":"","overlay-color":"","overlay-opacity":"","overlay-gradient":""}},"ast-content-background-meta":{"desktop":{"background-color":"var(--ast-global-color-5)","background-image":"","background-repeat":"repeat","background-position":"center center","background-size":"auto","background-attachment":"scroll","background-type":"","background-media":"","overlay-type":"","overlay-color":"","overlay-opacity":"","overlay-gradient":""},"tablet":{"background-color":"var(--ast-global-color-5)","background-image":"","background-repeat":"repeat","background-position":"center center","background-size":"auto","background-attachment":"scroll","background-type":"","background-media":"","overlay-type":"","overlay-color":"","overlay-opacity":"","overlay-gradient":""},"mobile":{"background-color":"var(--ast-global-color-5)","background-image":"","background-repeat":"repeat","background-position":"center center","background-size":"auto","background-attachment":"scroll","background-type":"","background-media":"","overlay-type":"","overlay-color":"","overlay-opacity":"","overlay-gradient":""}}},"product_brand":[],"product_cat":[178],"product_tag":[],"class_list":{"0":"post-23796","1":"product","2":"type-product","3":"status-publish","4":"has-post-thumbnail","6":"product_cat-fertilizers","7":"desktop-align-left","8":"tablet-align-left","9":"mobile-align-left","11":"first","12":"instock","13":"taxable","14":"shipping-taxable","15":"purchasable","16":"product-type-variable","17":"has-default-attributes"},"spectra_custom_meta":{"_visibility":["visible"],"_shopify_product_id":["7955508068597"],"_s2w_shopify_domain":["ferberpainting.myshopify.com"],"_shopify_variant_id":["43515597750517"],"_sku":[""],"_manage_stock":["no"],"total_sales":["20"],"_tax_status":["taxable"],"_tax_class":[""],"_backorders":["no"],"_sold_individually":["no"],"_virtual":["no"],"_downloadable":["no"],"_download_limit":["-1"],"_download_expiry":["-1"],"_stock":[null],"_stock_status":["instock"],"_wc_average_rating":["4.96"],"_wc_review_count":["50"],"_product_attributes":["a:1:{s:6:\"volume\";a:6:{s:4:\"name\";s:6:\"Volume\";s:5:\"value\";s:20:\"5 liters | 25 liters\";s:8:\"position\";i:1;s:10:\"is_visible\";i:0;s:12:\"is_variation\";i:1;s:11:\"is_taxonomy\";i:0;}}"],"_product_version":["10.5.1"],"_thumbnail_id":["26254"],"_price":["29.90","99.90"],"_product_image_gallery":["26255"],"merchant-center-availability":["yes"],"merchant-center-category":["113"],"merchant-center-id":["LUF"],"wpse_downloadable_file_names":[""],"wpse_downloadable_file_urls":[""],"_edit_last":["1"],"_default_attributes":["a:1:{s:6:\"volume\";s:8:\"5 liters\";}"],"_wc_rating_count":["a:2:{i:4;i:2;i:5;i:48;}"],"_edit_lock":["1771184524:1"],"_wp_page_template":["default"],"site-sidebar-layout":["default"],"ast-site-content-layout":["default"],"site-content-style":["default"],"site-sidebar-style":["default"],"theme-transparent-header-meta":["default"],"astra-migrate-meta-layouts":["set"],"_uag_css_file_name":["uag-css-23796.css"],"_elementor_page_assets":["a:0:{}"],"_uag_page_assets":["a:9:{s:3:\"css\";s:7133:\".uag-blocks-common-selector{z-index:var(--z-index-desktop) !important}@media(max-width: 976px){.uag-blocks-common-selector{z-index:var(--z-index-tablet) !important}}@media(max-width: 767px){.uag-blocks-common-selector{z-index:var(--z-index-mobile) !important}}.wp-block-uagb-image{display:flex}.wp-block-uagb-image__figure{position:relative;display:flex;flex-direction:column;max-width:100%;height:auto;margin:0}.wp-block-uagb-image__figure img{height:auto;display:flex;max-width:100%;transition:box-shadow .2s ease}.wp-block-uagb-image__figure>a{display:inline-block}.wp-block-uagb-image__figure figcaption{text-align:center;margin-top:.5em;margin-bottom:1em}.wp-block-uagb-image .components-placeholder.block-editor-media-placeholder .components-placeholder__instructions{align-self:center}.wp-block-uagb-image--align-left{text-align:left}.wp-block-uagb-image--align-right{text-align:right}.wp-block-uagb-image--align-center{text-align:center}.wp-block-uagb-image--align-full .wp-block-uagb-image__figure{margin-left:calc(50% - 50vw);margin-right:calc(50% - 50vw);max-width:100vw;width:100vw;height:auto}.wp-block-uagb-image--align-full .wp-block-uagb-image__figure img{height:auto;width:100% !important}.wp-block-uagb-image--align-wide .wp-block-uagb-image__figure img{height:auto;width:100%}.wp-block-uagb-image--layout-overlay__color-wrapper{position:absolute;left:0;top:0;right:0;bottom:0;opacity:.2;background:rgba(0,0,0,.5);transition:opacity .35s ease-in-out}.wp-block-uagb-image--layout-overlay-link{position:absolute;left:0;right:0;bottom:0;top:0}.wp-block-uagb-image--layout-overlay .wp-block-uagb-image__figure:hover .wp-block-uagb-image--layout-overlay__color-wrapper{opacity:1}.wp-block-uagb-image--layout-overlay__inner{position:absolute;left:15px;right:15px;bottom:15px;top:15px;display:flex;align-items:center;justify-content:center;flex-direction:column;border-color:#fff;transition:.35s ease-in-out}.wp-block-uagb-image--layout-overlay__inner.top-left,.wp-block-uagb-image--layout-overlay__inner.top-center,.wp-block-uagb-image--layout-overlay__inner.top-right{justify-content:flex-start}.wp-block-uagb-image--layout-overlay__inner.bottom-left,.wp-block-uagb-image--layout-overlay__inner.bottom-center,.wp-block-uagb-image--layout-overlay__inner.bottom-right{justify-content:flex-end}.wp-block-uagb-image--layout-overlay__inner.top-left,.wp-block-uagb-image--layout-overlay__inner.center-left,.wp-block-uagb-image--layout-overlay__inner.bottom-left{align-items:flex-start}.wp-block-uagb-image--layout-overlay__inner.top-right,.wp-block-uagb-image--layout-overlay__inner.center-right,.wp-block-uagb-image--layout-overlay__inner.bottom-right{align-items:flex-end}.wp-block-uagb-image--layout-overlay__inner .uagb-image-heading{color:#fff;transition:transform .35s,opacity .35s ease-in-out;transform:translate3d(0, 24px, 0);margin:0;line-height:1em}.wp-block-uagb-image--layout-overlay__inner .uagb-image-separator{width:30%;border-top-width:2px;border-top-color:#fff;border-top-style:solid;margin-bottom:10px;opacity:0;transition:transform .4s,opacity .4s ease-in-out;transform:translate3d(0, 30px, 0)}.wp-block-uagb-image--layout-overlay__inner .uagb-image-caption{opacity:0;overflow:visible;color:#fff;transition:transform .45s,opacity .45s ease-in-out;transform:translate3d(0, 35px, 0)}.wp-block-uagb-image--layout-overlay__inner:hover .uagb-image-heading,.wp-block-uagb-image--layout-overlay__inner:hover .uagb-image-separator,.wp-block-uagb-image--layout-overlay__inner:hover .uagb-image-caption{opacity:1;transform:translate3d(0, 0, 0)}.wp-block-uagb-image--effect-zoomin .wp-block-uagb-image__figure img,.wp-block-uagb-image--effect-zoomin .wp-block-uagb-image__figure .wp-block-uagb-image--layout-overlay__color-wrapper{transform:scale(1);transition:transform .35s ease-in-out}.wp-block-uagb-image--effect-zoomin .wp-block-uagb-image__figure:hover img,.wp-block-uagb-image--effect-zoomin .wp-block-uagb-image__figure:hover .wp-block-uagb-image--layout-overlay__color-wrapper{transform:scale(1.05)}.wp-block-uagb-image--effect-slide .wp-block-uagb-image__figure img,.wp-block-uagb-image--effect-slide .wp-block-uagb-image__figure .wp-block-uagb-image--layout-overlay__color-wrapper{width:calc(100% + 40px) !important;max-width:none !important;transform:translate3d(-40px, 0, 0);transition:transform .35s ease-in-out}.wp-block-uagb-image--effect-slide .wp-block-uagb-image__figure:hover img,.wp-block-uagb-image--effect-slide .wp-block-uagb-image__figure:hover .wp-block-uagb-image--layout-overlay__color-wrapper{transform:translate3d(0, 0, 0)}.wp-block-uagb-image--effect-grayscale img{filter:grayscale(0%);transition:.35s ease-in-out}.wp-block-uagb-image--effect-grayscale:hover img{filter:grayscale(100%)}.wp-block-uagb-image--effect-blur img{filter:blur(0);transition:.35s ease-in-out}.wp-block-uagb-image--effect-blur:hover img{filter:blur(3px)}.uagb-block-e6f939b3.wp-block-uagb-image--layout-default figure img{box-shadow: 0px 0px 0 #00000070;}.uagb-block-e6f939b3.wp-block-uagb-image .wp-block-uagb-image__figure figcaption{font-style: normal;align-self: center;}.uagb-block-e6f939b3.wp-block-uagb-image--layout-overlay figure img{box-shadow: 0px 0px 0 #00000070;}.uagb-block-e6f939b3.wp-block-uagb-image--layout-overlay .wp-block-uagb-image--layout-overlay__color-wrapper{opacity: 0.2;}.uagb-block-e6f939b3.wp-block-uagb-image--layout-overlay .wp-block-uagb-image--layout-overlay__inner{left: 15px;right: 15px;top: 15px;bottom: 15px;}.uagb-block-e6f939b3.wp-block-uagb-image--layout-overlay .wp-block-uagb-image--layout-overlay__inner .uagb-image-heading{font-style: normal;color: #fff;opacity: 1;}.uagb-block-e6f939b3.wp-block-uagb-image--layout-overlay .wp-block-uagb-image--layout-overlay__inner .uagb-image-heading a{color: #fff;}.uagb-block-e6f939b3.wp-block-uagb-image--layout-overlay .wp-block-uagb-image--layout-overlay__inner .uagb-image-caption{opacity: 0;}.uagb-block-e6f939b3.wp-block-uagb-image--layout-overlay .wp-block-uagb-image__figure:hover .wp-block-uagb-image--layout-overlay__color-wrapper{opacity: 1;}.uagb-block-e6f939b3.wp-block-uagb-image .wp-block-uagb-image--layout-overlay__inner .uagb-image-separator{width: 30%;border-top-width: 2px;border-top-color: #fff;opacity: 0;}.uagb-block-e6f939b3.wp-block-uagb-image .wp-block-uagb-image__figure img{width: px;height: auto;}.uagb-block-e6f939b3.wp-block-uagb-image .wp-block-uagb-image__figure:hover .wp-block-uagb-image--layout-overlay__inner .uagb-image-caption{opacity: 1;}.uagb-block-e6f939b3.wp-block-uagb-image .wp-block-uagb-image__figure:hover .wp-block-uagb-image--layout-overlay__inner .uagb-image-separator{opacity: 1;}.uagb-block-e6f939b3.wp-block-uagb-image--layout-default figure:hover img{box-shadow: 0px 0px 0 #00000070;}.uagb-block-e6f939b3.wp-block-uagb-image--layout-overlay figure:hover img{box-shadow: 0px 0px 0 #00000070;}@media only screen and (max-width: 976px) {.uagb-block-e6f939b3.wp-block-uagb-image .wp-block-uagb-image__figure img{width: px;height: auto;}}@media only screen and (max-width: 767px) {.uagb-block-e6f939b3.wp-block-uagb-image .wp-block-uagb-image__figure img{width: px;height: auto;}}\";s:2:\"js\";s:0:\"\";s:18:\"current_block_list\";a:13:{i:0;s:11:\"core\/search\";i:1;s:10:\"core\/group\";i:2;s:12:\"core\/heading\";i:3;s:17:\"core\/latest-posts\";i:4;s:20:\"core\/latest-comments\";i:5;s:13:\"core\/archives\";i:6;s:15:\"core\/categories\";i:7;s:14:\"core\/paragraph\";i:8;s:10:\"uagb\/image\";i:9;s:11:\"core\/spacer\";i:10;s:30:\"woocommerce\/product-categories\";i:11;s:10:\"core\/image\";i:12;s:14:\"core\/shortcode\";}s:8:\"uag_flag\";b:1;s:11:\"uag_version\";s:10:\"1777197245\";s:6:\"gfonts\";a:0:{}s:10:\"gfonts_url\";s:0:\"\";s:12:\"gfonts_files\";a:0:{}s:14:\"uag_faq_layout\";b:0;}"]},"uagb_featured_image_src":{"full":["https:\/\/www.ferberpainting.com\/wp-content\/uploads\/2025\/05\/liquid_universal_fertilizer_5_L.jpg",2560,2560,false],"thumbnail":["https:\/\/www.ferberpainting.com\/wp-content\/uploads\/2025\/05\/liquid_universal_fertilizer_5_L-150x150.jpg",150,150,true],"medium":["https:\/\/www.ferberpainting.com\/wp-content\/uploads\/2025\/05\/liquid_universal_fertilizer_5_L-300x300.jpg",300,300,true],"medium_large":["https:\/\/www.ferberpainting.com\/wp-content\/uploads\/2025\/05\/liquid_universal_fertilizer_5_L-768x768.jpg",768,768,true],"large":["https:\/\/www.ferberpainting.com\/wp-content\/uploads\/2025\/05\/liquid_universal_fertilizer_5_L-1024x1024.jpg",1024,1024,true],"1536x1536":["https:\/\/www.ferberpainting.com\/wp-content\/uploads\/2025\/05\/liquid_universal_fertilizer_5_L-1536x1536.jpg",1536,1536,true],"2048x2048":["https:\/\/www.ferberpainting.com\/wp-content\/uploads\/2025\/05\/liquid_universal_fertilizer_5_L-2048x2048.jpg",2048,2048,true],"trp-custom-language-flag":["https:\/\/www.ferberpainting.com\/wp-content\/uploads\/2025\/05\/liquid_universal_fertilizer_5_L-12x12.jpg",12,12,true],"woocommerce_thumbnail":["https:\/\/www.ferberpainting.com\/wp-content\/uploads\/2025\/05\/liquid_universal_fertilizer_5_L-300x300.jpg",300,300,true],"woocommerce_single":["https:\/\/www.ferberpainting.com\/wp-content\/uploads\/2025\/05\/liquid_universal_fertilizer_5_L-600x600.jpg",600,600,true],"woocommerce_gallery_thumbnail":["https:\/\/www.ferberpainting.com\/wp-content\/uploads\/2025\/05\/liquid_universal_fertilizer_5_L-100x100.jpg",100,100,true]},"uagb_author_info":{"display_name":"admin","author_link":"https:\/\/www.ferberpainting.com\/cz\/author\/"},"uagb_comment_info":50,"uagb_excerpt":"Balanced NPK 15-15-15 formula for complete plant nutrition. Our liquid universal fertilizer features a perfectly balanced NPK 15-15-15 composition, delivering equal proportions of nitrogen, phosphorus, and potassium to support overall plant health. Nitrogen promotes lush green foliage and vigorous vegetative growth, phosphorus strengthens root development and supports flowering and fruiting, while potassium enhances overall resilience&hellip;","_links":{"self":[{"href":"https:\/\/www.ferberpainting.com\/cz\/wp-json\/wp\/v2\/product\/23796","targetHints":{"allow":["GET"]}}],"collection":[{"href":"https:\/\/www.ferberpainting.com\/cz\/wp-json\/wp\/v2\/product"}],"about":[{"href":"https:\/\/www.ferberpainting.com\/cz\/wp-json\/wp\/v2\/types\/product"}],"replies":[{"embeddable":true,"href":"https:\/\/www.ferberpainting.com\/cz\/wp-json\/wp\/v2\/comments?post=23796"}],"version-history":[{"count":4,"href":"https:\/\/www.ferberpainting.com\/cz\/wp-json\/wp\/v2\/product\/23796\/revisions"}],"predecessor-version":[{"id":166481,"href":"https:\/\/www.ferberpainting.com\/cz\/wp-json\/wp\/v2\/product\/23796\/revisions\/166481"}],"wp:featuredmedia":[{"embeddable":true,"href":"https:\/\/www.ferberpainting.com\/cz\/wp-json\/wp\/v2\/media\/26254"}],"wp:attachment":[{"href":"https:\/\/www.ferberpainting.com\/cz\/wp-json\/wp\/v2\/media?parent=23796"}],"wp:term":[{"taxonomy":"product_brand","embeddable":true,"href":"https:\/\/www.ferberpainting.com\/cz\/wp-json\/wp\/v2\/product_brand?post=23796"},{"taxonomy":"product_cat","embeddable":true,"href":"https:\/\/www.ferberpainting.com\/cz\/wp-json\/wp\/v2\/product_cat?post=23796"},{"taxonomy":"product_tag","embeddable":true,"href":"https:\/\/www.ferberpainting.com\/cz\/wp-json\/wp\/v2\/product_tag?post=23796"}],"curies":[{"name":"wp","href":"https:\/\/api.w.org\/{rel}","templated":true}]}}