{"id":23793,"date":"2025-07-01T09:57:25","date_gmt":"2025-07-01T07:57:25","guid":{"rendered":"https:\/\/www.ferberpainting.com\/?post_type=product&#038;p=23790"},"modified":"2026-02-15T20:41:11","modified_gmt":"2026-02-15T19:41:11","slug":"limescale-remover","status":"publish","type":"product","link":"https:\/\/www.ferberpainting.com\/cz\/products\/limescale-remover\/","title":{"rendered":"Odstra\u0148ova\u010d vodn\u00edho kamene"},"content":{"rendered":"<p><strong><img decoding=\"async\" style=\"margin-right: 12px;\" src=\"https:\/\/www.ferberpainting.com\/wp-content\/uploads\/2026\/02\/Check.svg\" alt=\"\" width=\"18\" height=\"15\" \/>Optim\u00e1ln\u00ed efektivita.<\/strong>\u00a0Tento odstra\u0148ova\u010d vodn\u00edho kamene je speci\u00e1ln\u011b vyvinut\u00fd pro rychl\u00e9 a \u00fa\u010dinn\u00e9 odstran\u011bn\u00ed usazenin vodn\u00edho kamene, stop po vodn\u00edm kameni a zbytk\u016f tvrd\u00e9 vody, kter\u00e9 se usazuj\u00ed na povr\u0161\u00edch vystaven\u00fdch vlhkosti. Jeho \u00fa\u010dinn\u00e9 slo\u017een\u00ed bez n\u00e1mahy rozpou\u0161t\u00ed vodn\u00ed k\u00e1men, ani\u017e by po\u0161kodilo povrchy, a zaji\u0161\u0165uje tak bezchybn\u00fd povrch a trval\u00fd lesk. Je ide\u00e1ln\u00ed pro ka\u017edodenn\u00ed \u00fadr\u017ebu a pom\u00e1h\u00e1 p\u0159edch\u00e1zet nov\u00e9mu usazov\u00e1n\u00ed, \u010d\u00edm\u017e zaji\u0161\u0165uje \u010dist\u00e9 a zdrav\u00e9 prost\u0159ed\u00ed beze zbytk\u016f.<\/p>\n<p><strong><img decoding=\"async\" style=\"margin-right: 12px;\" src=\"https:\/\/www.ferberpainting.com\/wp-content\/uploads\/2026\/02\/Check.svg\" alt=\"\" width=\"18\" height=\"15\" \/>Z\u00e1ruka vr\u00e1cen\u00ed pen\u011bz.<\/strong>\u00a0M\u00e1me plnou d\u016fv\u011bru v \u00fa\u010dinnost na\u0161eho odstra\u0148ova\u010de vodn\u00edho kamene. Pokud po pou\u017eit\u00ed nebudete s v\u00fdsledky pln\u011b spokojeni, m\u00e1te n\u00e1rok na vr\u00e1cen\u00ed pen\u011bz v pln\u00e9 v\u00fd\u0161i. Vyzkou\u0161ejte n\u00e1\u0161 v\u00fdrobek bez rizika a snadno navra\u0165te sv\u00fdm povrch\u016fm p\u016fvodn\u00ed lesk.<\/p>\n<p><strong><img decoding=\"async\" style=\"margin-right: 12px;\" src=\"https:\/\/www.ferberpainting.com\/wp-content\/uploads\/2026\/02\/Check.svg\" alt=\"\" width=\"18\" height=\"15\" \/>V\u00fdjime\u010dn\u00e1 v\u0161estrannost.<\/strong>\u00a0Tento \u010disti\u010d se neomezuje pouze na koupelny a vodovodn\u00ed baterie! Je \u00fa\u010dinn\u00fd tak\u00e9 na st\u011bny sprchov\u00fdch kout\u016f, umyvadla, vany, dla\u017edice, zrcadla, toalety, pracovn\u00ed desky, k\u00e1vovary a varn\u00e9 konvice. Funguje na \u0161irokou \u0161k\u00e1lu materi\u00e1l\u016f, v\u010detn\u011b skla, nerezov\u00e9 oceli, keramiky, porcel\u00e1nu, chromu a plastu. Je vhodn\u00fd pro dom\u00e1c\u00ed i profesion\u00e1ln\u00ed prost\u0159ed\u00ed - hotely, restaurace, kancel\u00e1\u0159e a zdravotnick\u00e1 za\u0159\u00edzen\u00ed.<\/p>\n<p><strong><img decoding=\"async\" style=\"margin-right: 12px;\" src=\"https:\/\/www.ferberpainting.com\/wp-content\/uploads\/2026\/02\/Check.svg\" alt=\"\" width=\"18\" height=\"15\" \/>N\u00e1kladov\u011b efektivn\u00ed v\u00fdkon.<\/strong>\u00a0D\u00edky 5litrov\u00e9 n\u00e1dob\u011b a optimalizovan\u00e9 koncentraci nab\u00edz\u00ed tento \u010disti\u010d vynikaj\u00edc\u00ed hodnotu. Mal\u00e9 mno\u017estv\u00ed sta\u010d\u00ed k pokryt\u00ed velk\u00e9 plochy, tak\u017ee je ekonomick\u00fd a \u00fa\u010dinn\u00fd. Jeden litr p\u0159\u00edpravku vy\u010dist\u00ed v pr\u016fm\u011bru a\u017e 80 m\u00b2 zne\u010di\u0161t\u011bn\u00e9 plochy, co\u017e sni\u017euje \u010detnost n\u00e1kupu a optimalizuje vyu\u017eit\u00ed v pr\u016fb\u011bhu \u010dasu.<\/p>\n<p><strong><img decoding=\"async\" style=\"margin-right: 12px;\" src=\"https:\/\/www.ferberpainting.com\/wp-content\/uploads\/2026\/02\/Check.svg\" alt=\"\" width=\"18\" height=\"15\" \/>Bezpe\u010dn\u00e9 pou\u017eit\u00ed.<\/strong>\u00a0Na rozd\u00edl od tradi\u010dn\u00edch odstra\u0148ova\u010d\u016f vodn\u00edho kamene obsahuj\u00edc\u00edch drsn\u00e9 l\u00e1tky, kter\u00e9 mohou po\u0161kodit choulostiv\u00e9 povrchy a uvol\u0148ovat toxick\u00e9 v\u00fdpary, je tento v\u00fdrobek vyroben bez \u0161kodliv\u00fdch p\u0159\u00edsad. Nedr\u00e1\u017ed\u00ed poko\u017eku, nenaru\u0161uje t\u011bsn\u011bn\u00ed ani povrchov\u00e9 \u00fapravy, respektuje o\u0161et\u0159en\u00e9 materi\u00e1ly a z\u00e1rove\u0148 je \u00fa\u010dinn\u00fd. Je bezpe\u010dn\u00fd pro pou\u017eit\u00ed i v uzav\u0159en\u00fdch prostor\u00e1ch a p\u0159i pou\u017eit\u00ed podle n\u00e1vodu nep\u0159edstavuje \u017e\u00e1dn\u00e9 riziko pro \u017eivotn\u00ed prost\u0159ed\u00ed.<\/p>\n<p><strong><img decoding=\"async\" style=\"margin-right: 12px;\" src=\"https:\/\/www.ferberpainting.com\/wp-content\/uploads\/2026\/02\/Check.svg\" alt=\"\" width=\"18\" height=\"15\" \/>Snadn\u00e9 pou\u017eit\u00ed.<\/strong>\u00a0Tento produkt je p\u0159ipraven k pou\u017eit\u00ed a nevy\u017eaduje \u017e\u00e1dn\u00e9 \u0159ed\u011bn\u00ed ani slo\u017eitou manipulaci. Nan\u00e1\u0161\u00ed se p\u0159\u00edmo na povrch houbou, had\u0159\u00edkem nebo rozpra\u0161ova\u010dem. Jeho rychl\u00fd \u00fa\u010dinek odstra\u0148uje vodn\u00ed k\u00e1men b\u011bhem n\u011bkolika sekund, bez nutnosti intenzivn\u00edho drhnut\u00ed. Jednoduch\u00fdm set\u0159en\u00edm odhal\u00edte z\u00e1\u0159iv\u00fd, chr\u00e1n\u011bn\u00fd povrch odoln\u00fd proti rychl\u00e9mu usazov\u00e1n\u00ed vodn\u00edho kamene.<\/p>\n<p><strong><img decoding=\"async\" style=\"margin-right: 12px;\" src=\"https:\/\/www.ferberpainting.com\/wp-content\/uploads\/2026\/02\/Check.svg\" alt=\"\" width=\"18\" height=\"15\" \/>Prodlou\u017een\u00e1 \u017eivotnost.<\/strong>\u00a0Pravideln\u00fdm odstra\u0148ov\u00e1n\u00edm vodn\u00edho kamene a prevenc\u00ed vzniku nov\u00fdch usazenin pom\u00e1h\u00e1 tento \u010distic\u00ed prost\u0159edek prodlou\u017eit \u017eivotnost sanit\u00e1rn\u00edho vybaven\u00ed a spot\u0159ebi\u010d\u016f. \u00da\u010dinn\u011b chr\u00e1n\u00ed vodovodn\u00ed baterie, st\u011bny sprch a za\u0159\u00edzen\u00ed p\u0159ed usazov\u00e1n\u00edm vodn\u00edho kamene a p\u0159ed\u010dasn\u00fdm opot\u0159eben\u00edm, \u010d\u00edm\u017e sni\u017euje n\u00e1klady na \u00fadr\u017ebu a opravy. Pravideln\u00e9 pou\u017e\u00edv\u00e1n\u00ed zaji\u0161\u0165uje, \u017ee instalace z\u016fstanou ve vynikaj\u00edc\u00edm stavu, a zabra\u0148uje nep\u0159\u00edjemnostem zp\u016fsoben\u00fdm odoln\u00fdm vodn\u00edm kamenem.<\/p>\n<p><strong><img decoding=\"async\" style=\"margin-right: 12px;\" src=\"https:\/\/www.ferberpainting.com\/wp-content\/uploads\/2026\/02\/Check.svg\" alt=\"\" width=\"18\" height=\"15\" \/>Rychl\u00e1 akce.<\/strong>\u00a0D\u00edky sv\u00e9mu vysoce aktivn\u00edmu slo\u017een\u00ed p\u016fsob\u00ed tento \u010distic\u00ed prost\u0159edek okam\u017eit\u011b na vodn\u00ed k\u00e1men a zbytky miner\u00e1l\u016f. B\u011bhem n\u011bkolika minut rozpust\u00ed skvrny a usnadn\u00ed jejich odstran\u011bn\u00ed bez v\u011bt\u0161\u00ed n\u00e1mahy. Zaji\u0161\u0165uje rychl\u00e9 a \u00fa\u010dinn\u00e9 \u010di\u0161t\u011bn\u00ed - ide\u00e1ln\u00ed pro ka\u017edodenn\u00ed pou\u017eit\u00ed v kuchyn\u00edch, koupeln\u00e1ch a dal\u0161\u00edch prostor\u00e1ch s vysokou vlhkost\u00ed.<\/p>\n<h2><strong>Protokol o pou\u017eit\u00ed<\/strong><\/h2>\n<ul>\n<li><strong>P\u0159\u00edprava <\/strong>: Ujist\u011bte se, \u017ee je povrch such\u00fd a zbaven\u00fd prachu nebo ne\u010distot. Pro dosa\u017een\u00ed maxim\u00e1ln\u00ed \u00fa\u010dinnosti odstra\u0148te p\u0159ed aplikac\u00ed p\u0159\u00edpravku povrchov\u00e9 ne\u010distoty.<\/li>\n<li><strong>Ru\u010dn\u00ed aplikace <\/strong>: Nalijte mal\u00e9 mno\u017estv\u00ed \u010distic\u00edho prost\u0159edku na \u010dist\u00fd had\u0159\u00edk nebo houbi\u010dku a pot\u00e9 jej rovnom\u011brn\u011b naneste krou\u017eiv\u00fdmi pohyby, aby p\u0159\u00edpravek pronikl a rozpustil vodn\u00ed k\u00e1men.<\/li>\n<li><strong>Vodovodn\u00ed baterie a sprchov\u00e9 st\u011bny <\/strong>: Nast\u0159\u00edkejte sprej p\u0159\u00edmo na posti\u017een\u00e9 m\u00edsto a nechte p\u016fsobit 30 sekund a\u017e 2 minuty v z\u00e1vislosti na z\u00e1va\u017enosti \u0161upin. Pot\u00e9 set\u0159ete \u010dist\u00fdm vlhk\u00fdm had\u0159\u00edkem, abyste odstranili rozpu\u0161t\u011bn\u00e9 zbytky.<\/li>\n<li><strong>O\u0161et\u0159en\u00ed odoln\u00e9ho vodn\u00edho kamene <\/strong>: Na siln\u011b zjizven\u00e1 m\u00edsta naneste dostate\u010dn\u00e9 mno\u017estv\u00ed p\u0159\u00edpravku a nechte p\u016fsobit a\u017e 5 minut, ne\u017e za\u010dnete drhnout m\u011bkk\u00fdm kart\u00e1\u010dem nebo houbou. D\u016fkladn\u011b opl\u00e1chn\u011bte \u010distou vodou a v p\u0159\u00edpad\u011b pot\u0159eby opakujte.<\/li>\n<li><strong>\u00dadr\u017eba spot\u0159ebi\u010d\u016f <\/strong>: Chcete-li z konvice nebo k\u00e1vovaru odstranit vodn\u00ed k\u00e1men, napl\u0148te n\u00e1dr\u017eku roztokem \u010distic\u00edho prost\u0159edku 50% a vody 50%. Nechte p\u016fsobit 10 minut a p\u0159ed dal\u0161\u00edm pou\u017eit\u00edm spot\u0159ebi\u010de jej d\u016fkladn\u011b propl\u00e1chn\u011bte \u010distou vodou.<\/li>\n<li><strong>Toalety a umyvadla <\/strong>: P\u0159\u00edpravek naneste p\u0159\u00edmo na m\u00edsu nebo umyvadlo, nechte n\u011bkolik minut p\u016fsobit, pot\u00e9 vydrhn\u011bte kart\u00e1\u010dem nebo houbou a opl\u00e1chn\u011bte \u010distou vodou.<\/li>\n<li><strong>Le\u0161t\u011bn\u00ed a ochrana <\/strong>: Ot\u0159ete \u010dist\u00fdm m\u011bkk\u00fdm had\u0159\u00edkem do sucha, abyste odhalili brilantn\u00ed povrch a omezili tvorbu nov\u00fdch vodn\u00edch stop. Pravideln\u00e9 pou\u017e\u00edv\u00e1n\u00ed pom\u00e1h\u00e1 omezit tvorbu n\u00e1nos\u016f a udr\u017eet dlouhodob\u00fd lesk povrchu.<\/li>\n<li><strong>Frekvence pou\u017e\u00edv\u00e1n\u00ed <\/strong>: Aplikujte jednou a\u017e dvakr\u00e1t t\u00fddn\u011b pro pravidelnou \u00fadr\u017ebu a prevenci usazov\u00e1n\u00ed vodn\u00edho kamene. Na m\u00edstech s vysokou expozic\u00ed m\u016f\u017ee b\u00fdt doporu\u010deno \u010dast\u011bj\u0161\u00ed pou\u017e\u00edv\u00e1n\u00ed, aby byla zaji\u0161t\u011bna optim\u00e1ln\u00ed ochrana.<\/li>\n<li><strong>\u00dalo\u017ei\u0161t\u011b <\/strong>: Po ka\u017ed\u00e9m pou\u017eit\u00ed n\u00e1dobku pevn\u011b uzav\u0159ete a skladujte ji na chladn\u00e9m a such\u00e9m m\u00edst\u011b, mimo dosah sv\u011btla a extr\u00e9mn\u00edch teplot, abyste zachovali dlouhodobou \u00fa\u010dinnost p\u0159\u00edpravku.<\/li>\n<\/ul>\n<p>S na\u0161\u00edm odstra\u0148ova\u010dem vodn\u00edho kamene si u\u017eijete optim\u00e1ln\u00ed \u00fadr\u017ebu bez n\u00e1mahy a z\u00e1rove\u0148 zachov\u00e1te lesk a \u010distotu sv\u00fdch povrch\u016f. Ide\u00e1ln\u00ed \u0159e\u0161en\u00ed pro bezchybn\u00fd interi\u00e9r bez vodn\u00edho kamene, usazenin a skvrn od tvrd\u00e9 vody - zaji\u0161\u0165uje sv\u011b\u017e\u00ed a p\u0159\u00edjemn\u00e9 ka\u017edodenn\u00ed prost\u0159ed\u00ed.<\/p>","protected":false},"excerpt":{"rendered":"<p>Optimal Efficiency.\u00a0This limescale remover is specially formulated to quickly and effectively eliminate limescale deposits, tartar marks, and hard water residues that build up on moisture-exposed surfaces. Its powerful formula dissolves limescale effortlessly without damaging surfaces, ensuring a spotless finish and lasting shine. It is ideal for daily maintenance and helps prevent new build-up, ensuring a [&hellip;]<\/p>\n","protected":false},"featured_media":36199,"comment_status":"open","ping_status":"closed","template":"","meta":{"_uag_custom_page_level_css":"","site-sidebar-layout":"default","site-content-layout":"","ast-site-content-layout":"default","site-content-style":"default","site-sidebar-style":"default","ast-global-header-display":"","ast-banner-title-visibility":"","ast-main-header-display":"","ast-hfb-above-header-display":"","ast-hfb-below-header-display":"","ast-hfb-mobile-header-display":"","site-post-title":"","ast-breadcrumbs-content":"","ast-featured-img":"","footer-sml-layout":"","ast-disable-related-posts":"","theme-transparent-header-meta":"default","adv-header-id-meta":"","stick-header-meta":"","header-above-stick-meta":"","header-main-stick-meta":"","header-below-stick-meta":"","astra-migrate-meta-layouts":"set","ast-page-background-enabled":"default","ast-page-background-meta":{"desktop":{"background-color":"var(--ast-global-color-4)","background-image":"","background-repeat":"repeat","background-position":"center center","background-size":"auto","background-attachment":"scroll","background-type":"","background-media":"","overlay-type":"","overlay-color":"","overlay-opacity":"","overlay-gradient":""},"tablet":{"background-color":"","background-image":"","background-repeat":"repeat","background-position":"center center","background-size":"auto","background-attachment":"scroll","background-type":"","background-media":"","overlay-type":"","overlay-color":"","overlay-opacity":"","overlay-gradient":""},"mobile":{"background-color":"","background-image":"","background-repeat":"repeat","background-position":"center center","background-size":"auto","background-attachment":"scroll","background-type":"","background-media":"","overlay-type":"","overlay-color":"","overlay-opacity":"","overlay-gradient":""}},"ast-content-background-meta":{"desktop":{"background-color":"var(--ast-global-color-5)","background-image":"","background-repeat":"repeat","background-position":"center center","background-size":"auto","background-attachment":"scroll","background-type":"","background-media":"","overlay-type":"","overlay-color":"","overlay-opacity":"","overlay-gradient":""},"tablet":{"background-color":"var(--ast-global-color-5)","background-image":"","background-repeat":"repeat","background-position":"center center","background-size":"auto","background-attachment":"scroll","background-type":"","background-media":"","overlay-type":"","overlay-color":"","overlay-opacity":"","overlay-gradient":""},"mobile":{"background-color":"var(--ast-global-color-5)","background-image":"","background-repeat":"repeat","background-position":"center center","background-size":"auto","background-attachment":"scroll","background-type":"","background-media":"","overlay-type":"","overlay-color":"","overlay-opacity":"","overlay-gradient":""}}},"product_brand":[],"product_cat":[175],"product_tag":[],"class_list":{"0":"post-23793","1":"product","2":"type-product","3":"status-publish","4":"has-post-thumbnail","6":"product_cat-cleaning-products","7":"desktop-align-left","8":"tablet-align-left","9":"mobile-align-left","11":"first","12":"instock","13":"sale","14":"taxable","15":"shipping-taxable","16":"purchasable","17":"product-type-variable","18":"has-default-attributes"},"spectra_custom_meta":{"_visibility":["visible"],"_shopify_product_id":["9106495570165"],"_s2w_shopify_domain":["ferberpainting.myshopify.com"],"_shopify_variant_id":["46626194456821"],"_sku":[""],"_manage_stock":["no"],"total_sales":["15"],"_tax_status":["taxable"],"_tax_class":[""],"_backorders":["no"],"_sold_individually":["no"],"_virtual":["no"],"_downloadable":["no"],"_download_limit":["-1"],"_download_expiry":["-1"],"_stock":[null],"_stock_status":["instock"],"_wc_average_rating":["5.00"],"_wc_review_count":["10"],"_product_attributes":["a:1:{s:6:\"volume\";a:6:{s:4:\"name\";s:6:\"Volume\";s:5:\"value\";s:20:\"5 liters | 25 liters\";s:8:\"position\";i:1;s:10:\"is_visible\";i:0;s:12:\"is_variation\";i:1;s:11:\"is_taxonomy\";i:0;}}"],"_product_version":["10.5.1"],"wpse_downloadable_file_names":[""],"wpse_downloadable_file_urls":[""],"_edit_last":["1"],"_default_attributes":["a:1:{s:6:\"volume\";s:8:\"5 liters\";}"],"_edit_lock":["1771184337:1"],"_price":["29.90","129.90"],"merchant-center-availability":["yes"],"merchant-center-category":["500065"],"_thumbnail_id":["36199"],"_wp_page_template":["default"],"_wp_old_date":["2025-05-26"],"_product_image_gallery":["36200"],"site-sidebar-layout":["default"],"ast-site-content-layout":["default"],"site-content-style":["default"],"site-sidebar-style":["default"],"theme-transparent-header-meta":["default"],"_wc_rating_count":["a:1:{i:5;i:10;}"],"astra-migrate-meta-layouts":["set"],"_uag_css_file_name":["uag-css-23793.css"],"_elementor_page_assets":["a:0:{}"],"_uag_page_assets":["a:9:{s:3:\"css\";s:7133:\".uag-blocks-common-selector{z-index:var(--z-index-desktop) !important}@media(max-width: 976px){.uag-blocks-common-selector{z-index:var(--z-index-tablet) !important}}@media(max-width: 767px){.uag-blocks-common-selector{z-index:var(--z-index-mobile) !important}}.wp-block-uagb-image{display:flex}.wp-block-uagb-image__figure{position:relative;display:flex;flex-direction:column;max-width:100%;height:auto;margin:0}.wp-block-uagb-image__figure img{height:auto;display:flex;max-width:100%;transition:box-shadow .2s ease}.wp-block-uagb-image__figure>a{display:inline-block}.wp-block-uagb-image__figure figcaption{text-align:center;margin-top:.5em;margin-bottom:1em}.wp-block-uagb-image .components-placeholder.block-editor-media-placeholder .components-placeholder__instructions{align-self:center}.wp-block-uagb-image--align-left{text-align:left}.wp-block-uagb-image--align-right{text-align:right}.wp-block-uagb-image--align-center{text-align:center}.wp-block-uagb-image--align-full .wp-block-uagb-image__figure{margin-left:calc(50% - 50vw);margin-right:calc(50% - 50vw);max-width:100vw;width:100vw;height:auto}.wp-block-uagb-image--align-full .wp-block-uagb-image__figure img{height:auto;width:100% !important}.wp-block-uagb-image--align-wide .wp-block-uagb-image__figure img{height:auto;width:100%}.wp-block-uagb-image--layout-overlay__color-wrapper{position:absolute;left:0;top:0;right:0;bottom:0;opacity:.2;background:rgba(0,0,0,.5);transition:opacity .35s ease-in-out}.wp-block-uagb-image--layout-overlay-link{position:absolute;left:0;right:0;bottom:0;top:0}.wp-block-uagb-image--layout-overlay .wp-block-uagb-image__figure:hover .wp-block-uagb-image--layout-overlay__color-wrapper{opacity:1}.wp-block-uagb-image--layout-overlay__inner{position:absolute;left:15px;right:15px;bottom:15px;top:15px;display:flex;align-items:center;justify-content:center;flex-direction:column;border-color:#fff;transition:.35s ease-in-out}.wp-block-uagb-image--layout-overlay__inner.top-left,.wp-block-uagb-image--layout-overlay__inner.top-center,.wp-block-uagb-image--layout-overlay__inner.top-right{justify-content:flex-start}.wp-block-uagb-image--layout-overlay__inner.bottom-left,.wp-block-uagb-image--layout-overlay__inner.bottom-center,.wp-block-uagb-image--layout-overlay__inner.bottom-right{justify-content:flex-end}.wp-block-uagb-image--layout-overlay__inner.top-left,.wp-block-uagb-image--layout-overlay__inner.center-left,.wp-block-uagb-image--layout-overlay__inner.bottom-left{align-items:flex-start}.wp-block-uagb-image--layout-overlay__inner.top-right,.wp-block-uagb-image--layout-overlay__inner.center-right,.wp-block-uagb-image--layout-overlay__inner.bottom-right{align-items:flex-end}.wp-block-uagb-image--layout-overlay__inner .uagb-image-heading{color:#fff;transition:transform .35s,opacity .35s ease-in-out;transform:translate3d(0, 24px, 0);margin:0;line-height:1em}.wp-block-uagb-image--layout-overlay__inner .uagb-image-separator{width:30%;border-top-width:2px;border-top-color:#fff;border-top-style:solid;margin-bottom:10px;opacity:0;transition:transform .4s,opacity .4s ease-in-out;transform:translate3d(0, 30px, 0)}.wp-block-uagb-image--layout-overlay__inner .uagb-image-caption{opacity:0;overflow:visible;color:#fff;transition:transform .45s,opacity .45s ease-in-out;transform:translate3d(0, 35px, 0)}.wp-block-uagb-image--layout-overlay__inner:hover .uagb-image-heading,.wp-block-uagb-image--layout-overlay__inner:hover .uagb-image-separator,.wp-block-uagb-image--layout-overlay__inner:hover .uagb-image-caption{opacity:1;transform:translate3d(0, 0, 0)}.wp-block-uagb-image--effect-zoomin .wp-block-uagb-image__figure img,.wp-block-uagb-image--effect-zoomin .wp-block-uagb-image__figure .wp-block-uagb-image--layout-overlay__color-wrapper{transform:scale(1);transition:transform .35s ease-in-out}.wp-block-uagb-image--effect-zoomin .wp-block-uagb-image__figure:hover img,.wp-block-uagb-image--effect-zoomin .wp-block-uagb-image__figure:hover .wp-block-uagb-image--layout-overlay__color-wrapper{transform:scale(1.05)}.wp-block-uagb-image--effect-slide .wp-block-uagb-image__figure img,.wp-block-uagb-image--effect-slide .wp-block-uagb-image__figure .wp-block-uagb-image--layout-overlay__color-wrapper{width:calc(100% + 40px) !important;max-width:none !important;transform:translate3d(-40px, 0, 0);transition:transform .35s ease-in-out}.wp-block-uagb-image--effect-slide .wp-block-uagb-image__figure:hover img,.wp-block-uagb-image--effect-slide .wp-block-uagb-image__figure:hover .wp-block-uagb-image--layout-overlay__color-wrapper{transform:translate3d(0, 0, 0)}.wp-block-uagb-image--effect-grayscale img{filter:grayscale(0%);transition:.35s ease-in-out}.wp-block-uagb-image--effect-grayscale:hover img{filter:grayscale(100%)}.wp-block-uagb-image--effect-blur img{filter:blur(0);transition:.35s ease-in-out}.wp-block-uagb-image--effect-blur:hover img{filter:blur(3px)}.uagb-block-e6f939b3.wp-block-uagb-image--layout-default figure img{box-shadow: 0px 0px 0 #00000070;}.uagb-block-e6f939b3.wp-block-uagb-image .wp-block-uagb-image__figure figcaption{font-style: normal;align-self: center;}.uagb-block-e6f939b3.wp-block-uagb-image--layout-overlay figure img{box-shadow: 0px 0px 0 #00000070;}.uagb-block-e6f939b3.wp-block-uagb-image--layout-overlay .wp-block-uagb-image--layout-overlay__color-wrapper{opacity: 0.2;}.uagb-block-e6f939b3.wp-block-uagb-image--layout-overlay .wp-block-uagb-image--layout-overlay__inner{left: 15px;right: 15px;top: 15px;bottom: 15px;}.uagb-block-e6f939b3.wp-block-uagb-image--layout-overlay .wp-block-uagb-image--layout-overlay__inner .uagb-image-heading{font-style: normal;color: #fff;opacity: 1;}.uagb-block-e6f939b3.wp-block-uagb-image--layout-overlay .wp-block-uagb-image--layout-overlay__inner .uagb-image-heading a{color: #fff;}.uagb-block-e6f939b3.wp-block-uagb-image--layout-overlay .wp-block-uagb-image--layout-overlay__inner .uagb-image-caption{opacity: 0;}.uagb-block-e6f939b3.wp-block-uagb-image--layout-overlay .wp-block-uagb-image__figure:hover .wp-block-uagb-image--layout-overlay__color-wrapper{opacity: 1;}.uagb-block-e6f939b3.wp-block-uagb-image .wp-block-uagb-image--layout-overlay__inner .uagb-image-separator{width: 30%;border-top-width: 2px;border-top-color: #fff;opacity: 0;}.uagb-block-e6f939b3.wp-block-uagb-image .wp-block-uagb-image__figure img{width: px;height: auto;}.uagb-block-e6f939b3.wp-block-uagb-image .wp-block-uagb-image__figure:hover .wp-block-uagb-image--layout-overlay__inner .uagb-image-caption{opacity: 1;}.uagb-block-e6f939b3.wp-block-uagb-image .wp-block-uagb-image__figure:hover .wp-block-uagb-image--layout-overlay__inner .uagb-image-separator{opacity: 1;}.uagb-block-e6f939b3.wp-block-uagb-image--layout-default figure:hover img{box-shadow: 0px 0px 0 #00000070;}.uagb-block-e6f939b3.wp-block-uagb-image--layout-overlay figure:hover img{box-shadow: 0px 0px 0 #00000070;}@media only screen and (max-width: 976px) {.uagb-block-e6f939b3.wp-block-uagb-image .wp-block-uagb-image__figure img{width: px;height: auto;}}@media only screen and (max-width: 767px) {.uagb-block-e6f939b3.wp-block-uagb-image .wp-block-uagb-image__figure img{width: px;height: auto;}}\";s:2:\"js\";s:0:\"\";s:18:\"current_block_list\";a:13:{i:0;s:11:\"core\/search\";i:1;s:10:\"core\/group\";i:2;s:12:\"core\/heading\";i:3;s:17:\"core\/latest-posts\";i:4;s:20:\"core\/latest-comments\";i:5;s:13:\"core\/archives\";i:6;s:15:\"core\/categories\";i:7;s:14:\"core\/paragraph\";i:8;s:10:\"uagb\/image\";i:9;s:11:\"core\/spacer\";i:10;s:30:\"woocommerce\/product-categories\";i:11;s:10:\"core\/image\";i:12;s:14:\"core\/shortcode\";}s:8:\"uag_flag\";b:1;s:11:\"uag_version\";s:10:\"1777228829\";s:6:\"gfonts\";a:0:{}s:10:\"gfonts_url\";s:0:\"\";s:12:\"gfonts_files\";a:0:{}s:14:\"uag_faq_layout\";b:0;}"]},"uagb_featured_image_src":{"full":["https:\/\/www.ferberpainting.com\/wp-content\/uploads\/2025\/05\/Limescale-Remover-5L.png",2560,2560,false],"thumbnail":["https:\/\/www.ferberpainting.com\/wp-content\/uploads\/2025\/05\/Limescale-Remover-5L-150x150.png",150,150,true],"medium":["https:\/\/www.ferberpainting.com\/wp-content\/uploads\/2025\/05\/Limescale-Remover-5L-300x300.png",300,300,true],"medium_large":["https:\/\/www.ferberpainting.com\/wp-content\/uploads\/2025\/05\/Limescale-Remover-5L-768x768.png",768,768,true],"large":["https:\/\/www.ferberpainting.com\/wp-content\/uploads\/2025\/05\/Limescale-Remover-5L-1024x1024.png",1024,1024,true],"1536x1536":["https:\/\/www.ferberpainting.com\/wp-content\/uploads\/2025\/05\/Limescale-Remover-5L-1536x1536.png",1536,1536,true],"2048x2048":["https:\/\/www.ferberpainting.com\/wp-content\/uploads\/2025\/05\/Limescale-Remover-5L-2048x2048.png",2048,2048,true],"trp-custom-language-flag":["https:\/\/www.ferberpainting.com\/wp-content\/uploads\/2025\/05\/Limescale-Remover-5L-12x12.png",12,12,true],"woocommerce_thumbnail":["https:\/\/www.ferberpainting.com\/wp-content\/uploads\/2025\/05\/Limescale-Remover-5L-300x300.png",300,300,true],"woocommerce_single":["https:\/\/www.ferberpainting.com\/wp-content\/uploads\/2025\/05\/Limescale-Remover-5L-600x600.png",600,600,true],"woocommerce_gallery_thumbnail":["https:\/\/www.ferberpainting.com\/wp-content\/uploads\/2025\/05\/Limescale-Remover-5L-100x100.png",100,100,true]},"uagb_author_info":{"display_name":"admin","author_link":"https:\/\/www.ferberpainting.com\/cz\/author\/"},"uagb_comment_info":10,"uagb_excerpt":"Optimal Efficiency.\u00a0This limescale remover is specially formulated to quickly and effectively eliminate limescale deposits, tartar marks, and hard water residues that build up on moisture-exposed surfaces. Its powerful formula dissolves limescale effortlessly without damaging surfaces, ensuring a spotless finish and lasting shine. It is ideal for daily maintenance and helps prevent new build-up, ensuring a&hellip;","_links":{"self":[{"href":"https:\/\/www.ferberpainting.com\/cz\/wp-json\/wp\/v2\/product\/23793","targetHints":{"allow":["GET"]}}],"collection":[{"href":"https:\/\/www.ferberpainting.com\/cz\/wp-json\/wp\/v2\/product"}],"about":[{"href":"https:\/\/www.ferberpainting.com\/cz\/wp-json\/wp\/v2\/types\/product"}],"replies":[{"embeddable":true,"href":"https:\/\/www.ferberpainting.com\/cz\/wp-json\/wp\/v2\/comments?post=23793"}],"version-history":[{"count":3,"href":"https:\/\/www.ferberpainting.com\/cz\/wp-json\/wp\/v2\/product\/23793\/revisions"}],"predecessor-version":[{"id":166476,"href":"https:\/\/www.ferberpainting.com\/cz\/wp-json\/wp\/v2\/product\/23793\/revisions\/166476"}],"wp:featuredmedia":[{"embeddable":true,"href":"https:\/\/www.ferberpainting.com\/cz\/wp-json\/wp\/v2\/media\/36199"}],"wp:attachment":[{"href":"https:\/\/www.ferberpainting.com\/cz\/wp-json\/wp\/v2\/media?parent=23793"}],"wp:term":[{"taxonomy":"product_brand","embeddable":true,"href":"https:\/\/www.ferberpainting.com\/cz\/wp-json\/wp\/v2\/product_brand?post=23793"},{"taxonomy":"product_cat","embeddable":true,"href":"https:\/\/www.ferberpainting.com\/cz\/wp-json\/wp\/v2\/product_cat?post=23793"},{"taxonomy":"product_tag","embeddable":true,"href":"https:\/\/www.ferberpainting.com\/cz\/wp-json\/wp\/v2\/product_tag?post=23793"}],"curies":[{"name":"wp","href":"https:\/\/api.w.org\/{rel}","templated":true}]}}