{"id":23768,"date":"2025-07-01T10:05:07","date_gmt":"2025-07-01T08:05:07","guid":{"rendered":"https:\/\/www.ferberpainting.com\/?post_type=product&#038;p=23762"},"modified":"2026-02-15T20:14:56","modified_gmt":"2026-02-15T19:14:56","slug":"kitchen-cleaner","status":"publish","type":"product","link":"https:\/\/www.ferberpainting.com\/cz\/products\/kitchen-cleaner\/","title":{"rendered":"Kuchy\u0148sk\u00fd \u010disti\u010d"},"content":{"rendered":"<p><strong><img decoding=\"async\" style=\"margin-right: 12px;\" src=\"https:\/\/www.ferberpainting.com\/wp-content\/uploads\/2026\/02\/Check.svg\" alt=\"\" width=\"18\" height=\"15\" \/>Optim\u00e1ln\u00ed efektivita.<\/strong>\u00a0Tento \u010disti\u010d kuchyn\u00ed je speci\u00e1ln\u011b navr\u017een tak, aby odstranil odolnou mastnotu, zbytky j\u00eddla, stopy vodn\u00edho kamene a v\u0161echny ne\u010distoty, kter\u00e9 se usazuj\u00ed na kuchy\u0148sk\u00fdch povr\u0161\u00edch. Jeho siln\u00e9 slo\u017een\u00ed pronik\u00e1 hluboko a odstra\u0148uje usazen\u00e9 ne\u010distoty bez nadm\u011brn\u00e9ho drhnut\u00ed. Zaji\u0161\u0165uje dokonal\u00e9 vy\u010di\u0161t\u011bn\u00ed b\u011bhem n\u011bkolika sekund a z\u00e1rove\u0148 zachov\u00e1v\u00e1 celistvost materi\u00e1lu, \u010d\u00edm\u017e pom\u00e1h\u00e1 udr\u017eovat \u010dist\u00fd a hygienick\u00fd pracovn\u00ed prostor pro ka\u017edodenn\u00ed pou\u017eit\u00ed.<\/p>\n<p><strong><img decoding=\"async\" style=\"margin-right: 12px;\" src=\"https:\/\/www.ferberpainting.com\/wp-content\/uploads\/2026\/02\/Check.svg\" alt=\"\" width=\"18\" height=\"15\" \/>Z\u00e1ruka vr\u00e1cen\u00ed pen\u011bz.<\/strong>\u00a0Jsme pln\u011b p\u0159esv\u011bd\u010deni o \u00fa\u010dinnosti na\u0161eho \u010distic\u00edho prost\u0159edku. Pokud po pou\u017eit\u00ed nejste s v\u00fdsledky pln\u011b spokojeni, m\u00e1te n\u00e1rok na vr\u00e1cen\u00ed pen\u011bz v pln\u00e9 v\u00fd\u0161i. Vyzkou\u0161ejte n\u00e1\u0161 v\u00fdrobek bez rizika a vra\u0165te sv\u00e9 kuchyni bez n\u00e1mahy jej\u00ed p\u016fvodn\u00ed stav.<\/p>\n<p><strong><img decoding=\"async\" style=\"margin-right: 12px;\" src=\"https:\/\/www.ferberpainting.com\/wp-content\/uploads\/2026\/02\/Check.svg\" alt=\"\" width=\"18\" height=\"15\" \/>V\u00fdjime\u010dn\u00e1 v\u0161estrannost.<\/strong>\u00a0Tento \u010distic\u00ed prost\u0159edek se neomezuje pouze na pracovn\u00ed desky a varn\u00e9 desky! Je \u00fa\u010dinn\u00fd tak\u00e9 na backsplashe, d\u0159ezy, digesto\u0159e, \u010dela sk\u0159\u00edn\u011bk, spot\u0159ebi\u010de a dokonce i na podlahy. Funguje na \u0161irokou \u0161k\u00e1lu materi\u00e1l\u016f, jako je nerezov\u00e1 ocel, hlin\u00edk, sklo, plast, dla\u017edice, lakovan\u00e9 d\u0159evo a mramor. D\u00edky sv\u00e9 v\u0161estrannosti je ide\u00e1ln\u00ed pro dom\u00e1c\u00ed i profesion\u00e1ln\u00ed pou\u017eit\u00ed v dom\u00e1c\u00edch nebo pr\u016fmyslov\u00fdch kuchyn\u00edch.<\/p>\n<p><strong><img decoding=\"async\" style=\"margin-right: 12px;\" src=\"https:\/\/www.ferberpainting.com\/wp-content\/uploads\/2026\/02\/Check.svg\" alt=\"\" width=\"18\" height=\"15\" \/>N\u00e1kladov\u011b efektivn\u00ed v\u00fdkon.<\/strong>\u00a0D\u00edky 5litrov\u00e9 n\u00e1dob\u011b a vysok\u00e9 koncentraci nab\u00edz\u00ed tento \u010disti\u010d vynikaj\u00edc\u00ed hodnotu. Mal\u00e9 mno\u017estv\u00ed sta\u010d\u00ed k vy\u010di\u0161t\u011bn\u00ed velk\u00e9 plochy, co\u017e p\u0159edstavuje ekonomick\u00e9 a \u00fa\u010dinn\u00e9 \u0159e\u0161en\u00ed. Jeden litr p\u0159\u00edpravku dok\u00e1\u017ee v pr\u016fm\u011bru o\u0161et\u0159it a\u017e 100 m\u00b2 plochy, co\u017e sni\u017euje \u010detnost n\u00e1kupu p\u0159\u00edpravku a optimalizuje jeho vyu\u017eit\u00ed v pr\u016fb\u011bhu \u010dasu.<\/p>\n<p><strong><img decoding=\"async\" style=\"margin-right: 12px;\" src=\"https:\/\/www.ferberpainting.com\/wp-content\/uploads\/2026\/02\/Check.svg\" alt=\"\" width=\"18\" height=\"15\" \/>Bezpe\u010dn\u00e9 pou\u017eit\u00ed.<\/strong>\u00a0Na rozd\u00edl od drsn\u00fdch \u010distic\u00edch prost\u0159edk\u016f, kter\u00e9 mohou po\u0161kodit povrchy a zanechat \u0161kodliv\u00e9 zbytky, je tento v\u00fdrobek vyroben bez toxick\u00fdch l\u00e1tek. Nevypou\u0161t\u00ed \u017e\u00e1dn\u00e9 dr\u00e1\u017ediv\u00e9 v\u00fdpary, nedr\u00e1\u017ed\u00ed poko\u017eku a je bezpe\u010dn\u00fd na o\u0161et\u0159ovan\u00fdch povr\u0161\u00edch, p\u0159i\u010dem\u017e z\u016fst\u00e1v\u00e1 \u00fa\u010dinn\u00fd. Po rychl\u00e9m opl\u00e1chnut\u00ed jej lze bezpe\u010dn\u011b pou\u017e\u00edt na povrchy, kter\u00e9 p\u0159ich\u00e1zej\u00ed do styku s potravinami, a zajistit tak zdrav\u00e9 prost\u0159ed\u00ed pro p\u0159\u00edpravu j\u00eddel.<\/p>\n<p><strong><img decoding=\"async\" style=\"margin-right: 12px;\" src=\"https:\/\/www.ferberpainting.com\/wp-content\/uploads\/2026\/02\/Check.svg\" alt=\"\" width=\"18\" height=\"15\" \/>Snadn\u00e9 pou\u017eit\u00ed.<\/strong>\u00a0Tento produkt je p\u0159ipraven k pou\u017eit\u00ed a nevy\u017eaduje \u017e\u00e1dn\u00e9 \u0159ed\u011bn\u00ed ani slo\u017eitou manipulaci. Nan\u00e1\u0161\u00ed se p\u0159\u00edmo na povrch pomoc\u00ed had\u0159\u00edku, houby nebo rozpra\u0161ova\u010de. Jeho rychl\u00fd \u00fa\u010dinek odstra\u0148uje ne\u010distoty b\u011bhem n\u011bkolika sekund bez nutnosti oplachov\u00e1n\u00ed nebo v\u011bt\u0161\u00ed n\u00e1mahy. Jeho intuitivn\u00ed pou\u017eit\u00ed usnad\u0148uje ka\u017edodenn\u00ed \u00faklid kuchyn\u011b a zaji\u0161\u0165uje dokonal\u00e9 v\u00fdsledky v minim\u00e1ln\u00edm \u010dase.<\/p>\n<p><strong><img decoding=\"async\" style=\"margin-right: 12px;\" src=\"https:\/\/www.ferberpainting.com\/wp-content\/uploads\/2026\/02\/Check.svg\" alt=\"\" width=\"18\" height=\"15\" \/>Prodlou\u017een\u00e1 \u017eivotnost.<\/strong>\u00a0Tento \u010distic\u00ed prost\u0159edek \u00fa\u010dinn\u011b odstra\u0148uje mastnotu a zbytky j\u00eddla a pom\u00e1h\u00e1 tak prodlou\u017eit \u017eivotnost kuchy\u0148sk\u00fdch povrch\u016f a za\u0159\u00edzen\u00ed. Zabra\u0148uje tvorb\u011b n\u00e1nos\u016f, kter\u00e9 mohou nakonec po\u0161kodit vzhled a funk\u010dnost materi\u00e1lu. Pravideln\u00e9 pou\u017e\u00edv\u00e1n\u00ed udr\u017euje va\u0161i kuchyni z\u00e1\u0159ivou, hygienickou a bez poskvrny s minim\u00e1ln\u00edm \u00fasil\u00edm.<\/p>\n<p><strong><img decoding=\"async\" style=\"margin-right: 12px;\" src=\"https:\/\/www.ferberpainting.com\/wp-content\/uploads\/2026\/02\/Check.svg\" alt=\"\" width=\"18\" height=\"15\" \/>Rychl\u00e1 akce.<\/strong>\u00a0D\u00edky sv\u00e9mu vysoce aktivn\u00edmu slo\u017een\u00ed p\u016fsob\u00ed tento \u010distic\u00ed prost\u0159edek okam\u017eit\u011b na skvrny a ne\u010distoty a b\u011bhem n\u011bkolika sekund rozpou\u0161t\u00ed usazeniny. Zaji\u0161\u0165uje rychl\u00e9 a \u00fa\u010dinn\u00e9 \u010di\u0161t\u011bn\u00ed, ide\u00e1ln\u00ed pro ka\u017edodenn\u00ed pou\u017eit\u00ed v kuchyni. Rychle zasych\u00e1, ani\u017e by zanech\u00e1val \u0161mouhy, a zaji\u0161\u0165uje tak \u010dist\u00fd a z\u00e1\u0159iv\u00fd povrch.<\/p>\n<h2><strong>Protokol o pou\u017eit\u00ed<\/strong><\/h2>\n<ul>\n<li><strong>P\u0159\u00edprava <\/strong>: P\u0159ed pou\u017eit\u00edm v\u00fdrobku se ujist\u011bte, \u017ee je \u010di\u0161t\u011bn\u00fd povrch zbaven velk\u00fdch ne\u010distot a prachu. Pro optimalizaci \u010distic\u00edho v\u00fdkonu se doporu\u010duje rychl\u00e9 ot\u0159en\u00ed such\u00fdm had\u0159\u00edkem.<\/li>\n<li><strong>Pracovn\u00ed desky a kuchy\u0148sk\u00e9 povrchy <\/strong>: Nast\u0159\u00edkejte nebo naneste mal\u00e9 mno\u017estv\u00ed \u010distic\u00edho prost\u0159edku pomoc\u00ed \u010dist\u00e9ho had\u0159\u00edku nebo vlhk\u00e9 houby. P\u0159\u00edpravek rovnom\u011brn\u011b rozet\u0159ete a jemn\u00fdm drhnut\u00edm odstra\u0148te ne\u010distoty.<\/li>\n<li><strong>Varn\u00e9 desky a odsava\u010de par <\/strong>: Nast\u0159\u00edkejte p\u0159\u00edmo na mastn\u00e1 m\u00edsta a nechte n\u011bkolik sekund p\u016fsobit. K odstran\u011bn\u00ed zbytk\u016f pou\u017eijte houbu nebo had\u0159\u00edk. U odoln\u00e9 mastnoty aplikaci opakujte a p\u0159ed set\u0159en\u00edm nechte p\u016fsobit d\u00e9le.<\/li>\n<li><strong>\u00dadr\u017eba d\u0159ez\u016f a bateri\u00ed <\/strong>: Naneste \u010distic\u00ed prost\u0159edek pomoc\u00ed houby nebo had\u0159\u00edku a jemn\u011b jej vydrhn\u011bte, abyste odstranili vodn\u00ed k\u00e1men a skvrny od vody. Rychle opl\u00e1chn\u011bte \u010distou vodou, aby byl povrch bez poskvrnky.<\/li>\n<li><strong>\u010cela sk\u0159\u00edn\u011bk a spot\u0159ebi\u010de <\/strong>: Naneste mal\u00e9 mno\u017estv\u00ed p\u0159\u00edpravku na had\u0159\u00edk a krou\u017eiv\u00fdmi pohyby jemn\u011b ot\u0159ete povrch. Ot\u0159ete \u010dist\u00fdm such\u00fdm had\u0159\u00edkem, abyste dos\u00e1hli leskl\u00e9ho povrchu beze \u0161mouh.<\/li>\n<li><strong>\u010ci\u0161t\u011bn\u00ed podlah <\/strong>: Z\u0159e\u010fte mal\u00e9 mno\u017estv\u00ed \u010distic\u00edho prost\u0159edku v kbel\u00edku s teplou vodou a pou\u017eijte mop k \u010di\u0161t\u011bn\u00ed povrch\u016f. Nechte p\u0159irozen\u011b uschnout. V p\u0159\u00edpad\u011b usazen\u00fdch skvrn aplikujte p\u0159\u00edmo na m\u00edsto a pot\u00e9 lehce vydrhn\u011bte.<\/li>\n<li><strong>Oplachov\u00e1n\u00ed a su\u0161en\u00ed <\/strong>: U povrch\u016f, kter\u00e9 p\u0159ich\u00e1zej\u00ed do p\u0159\u00edm\u00e9ho styku s potravinami, se doporu\u010duje rychl\u00e9 opl\u00e1chnut\u00ed \u010distou vodou, aby se odstranily p\u0159\u00edpadn\u00e9 zbytky v\u00fdrobku. Osu\u0161te \u010dist\u00fdm had\u0159\u00edkem, abyste zabr\u00e1nili vzniku vodn\u00edch stop.<\/li>\n<li><strong>Le\u0161t\u011bn\u00ed a ochrana <\/strong>: Pro dosa\u017een\u00ed leskl\u00e9ho ochrann\u00e9ho povrchu ot\u0159ete po \u010di\u0161t\u011bn\u00ed suchou ut\u011brkou z mikrovl\u00e1kna, abyste vyhladili a odstranili ve\u0161ker\u00e9 zbytky. Pravideln\u00e9 pou\u017e\u00edv\u00e1n\u00ed pom\u00e1h\u00e1 p\u0159edch\u00e1zet vzniku nov\u00fdch skvrn a udr\u017euje povrchy snadno udr\u017eovateln\u00e9.<\/li>\n<li><strong>Frekvence pou\u017e\u00edv\u00e1n\u00ed <\/strong>: Aplikujte jednou denn\u011b pro pravidelnou \u00fadr\u017ebu a prevenci usazov\u00e1n\u00ed ne\u010distot. U vysoce frekventovan\u00fdch ploch, jako jsou varn\u00e9 desky a pulty, se doporu\u010duje \u010di\u0161t\u011bn\u00ed po ka\u017ed\u00e9m pou\u017eit\u00ed, aby byla zaji\u0161t\u011bna optim\u00e1ln\u00ed \u010distota.<\/li>\n<li><strong>\u00dalo\u017ei\u0161t\u011b <\/strong>: Po ka\u017ed\u00e9m pou\u017eit\u00ed n\u00e1dobku t\u011bsn\u011b uzav\u0159ete a skladujte na chladn\u00e9m a such\u00e9m m\u00edst\u011b, mimo dosah sv\u011btla a extr\u00e9mn\u00edch teplot, aby se zachovala dlouhodob\u00e1 \u00fa\u010dinnost p\u0159\u00edpravku.<\/li>\n<\/ul>\n<p>S na\u0161\u00edm \u010disti\u010dem kuchyn\u00ed zajist\u00edte optim\u00e1ln\u00ed \u00fadr\u017ebu bez n\u00e1mahy a z\u00e1rove\u0148 zachov\u00e1te \u010distotu a hygienu sv\u00e9ho kulin\u00e1\u0159sk\u00e9ho prostoru. Ide\u00e1ln\u00ed \u0159e\u0161en\u00ed pro kuchy\u0148, kter\u00e1 je v\u017edy \u010dist\u00e1, bez mastnoty a p\u0159ipraven\u00e1 na p\u0159\u00edjemnou p\u0159\u00edpravu j\u00eddel.<\/p>","protected":false},"excerpt":{"rendered":"<p>Optimal Efficiency.\u00a0This kitchen cleaner is specially designed to eliminate stubborn grease, food residues, limescale marks, and all impurities that build up on kitchen surfaces. Its powerful formula penetrates deeply to dislodge embedded grime without excessive scrubbing. It ensures perfect cleaning in just a few seconds while preserving material integrity, helping to maintain a clean and [&hellip;]<\/p>\n","protected":false},"featured_media":36209,"comment_status":"open","ping_status":"closed","template":"","meta":{"_uag_custom_page_level_css":"","site-sidebar-layout":"default","site-content-layout":"","ast-site-content-layout":"default","site-content-style":"default","site-sidebar-style":"default","ast-global-header-display":"","ast-banner-title-visibility":"","ast-main-header-display":"","ast-hfb-above-header-display":"","ast-hfb-below-header-display":"","ast-hfb-mobile-header-display":"","site-post-title":"","ast-breadcrumbs-content":"","ast-featured-img":"","footer-sml-layout":"","ast-disable-related-posts":"","theme-transparent-header-meta":"default","adv-header-id-meta":"","stick-header-meta":"","header-above-stick-meta":"","header-main-stick-meta":"","header-below-stick-meta":"","astra-migrate-meta-layouts":"set","ast-page-background-enabled":"default","ast-page-background-meta":{"desktop":{"background-color":"var(--ast-global-color-4)","background-image":"","background-repeat":"repeat","background-position":"center center","background-size":"auto","background-attachment":"scroll","background-type":"","background-media":"","overlay-type":"","overlay-color":"","overlay-opacity":"","overlay-gradient":""},"tablet":{"background-color":"","background-image":"","background-repeat":"repeat","background-position":"center center","background-size":"auto","background-attachment":"scroll","background-type":"","background-media":"","overlay-type":"","overlay-color":"","overlay-opacity":"","overlay-gradient":""},"mobile":{"background-color":"","background-image":"","background-repeat":"repeat","background-position":"center center","background-size":"auto","background-attachment":"scroll","background-type":"","background-media":"","overlay-type":"","overlay-color":"","overlay-opacity":"","overlay-gradient":""}},"ast-content-background-meta":{"desktop":{"background-color":"var(--ast-global-color-5)","background-image":"","background-repeat":"repeat","background-position":"center center","background-size":"auto","background-attachment":"scroll","background-type":"","background-media":"","overlay-type":"","overlay-color":"","overlay-opacity":"","overlay-gradient":""},"tablet":{"background-color":"var(--ast-global-color-5)","background-image":"","background-repeat":"repeat","background-position":"center center","background-size":"auto","background-attachment":"scroll","background-type":"","background-media":"","overlay-type":"","overlay-color":"","overlay-opacity":"","overlay-gradient":""},"mobile":{"background-color":"var(--ast-global-color-5)","background-image":"","background-repeat":"repeat","background-position":"center center","background-size":"auto","background-attachment":"scroll","background-type":"","background-media":"","overlay-type":"","overlay-color":"","overlay-opacity":"","overlay-gradient":""}}},"product_brand":[],"product_cat":[175],"product_tag":[],"class_list":{"0":"post-23768","1":"product","2":"type-product","3":"status-publish","4":"has-post-thumbnail","6":"product_cat-cleaning-products","7":"desktop-align-left","8":"tablet-align-left","9":"mobile-align-left","11":"first","12":"instock","13":"sale","14":"taxable","15":"shipping-taxable","16":"purchasable","17":"product-type-variable","18":"has-default-attributes"},"spectra_custom_meta":{"_visibility":["visible"],"_shopify_product_id":["9106444386549"],"_s2w_shopify_domain":["ferberpainting.myshopify.com"],"_shopify_variant_id":["46626112110837"],"_sku":[""],"_manage_stock":["no"],"total_sales":["2"],"_tax_status":["taxable"],"_tax_class":[""],"_backorders":["no"],"_sold_individually":["no"],"_virtual":["no"],"_downloadable":["no"],"_download_limit":["-1"],"_download_expiry":["-1"],"_stock":[null],"_stock_status":["instock"],"_wc_average_rating":["5.00"],"_wc_review_count":["11"],"_product_attributes":["a:1:{s:6:\"volume\";a:6:{s:4:\"name\";s:6:\"Volume\";s:5:\"value\";s:20:\"5 liters | 25 liters\";s:8:\"position\";i:1;s:10:\"is_visible\";i:0;s:12:\"is_variation\";i:1;s:11:\"is_taxonomy\";i:0;}}"],"_product_version":["10.5.1"],"wpse_downloadable_file_names":[""],"wpse_downloadable_file_urls":[""],"_edit_last":["1"],"_default_attributes":["a:1:{s:6:\"volume\";s:8:\"5 liters\";}"],"_edit_lock":["1771182755:1"],"_price":["29.90","129.90"],"merchant-center-availability":["yes"],"merchant-center-category":["4978"],"_thumbnail_id":["36209"],"_wp_page_template":["default"],"_wp_old_date":["2025-05-26"],"_product_image_gallery":["36210"],"site-sidebar-layout":["default"],"ast-site-content-layout":["default"],"site-content-style":["default"],"site-sidebar-style":["default"],"theme-transparent-header-meta":["default"],"_wc_rating_count":["a:1:{i:5;i:11;}"],"astra-migrate-meta-layouts":["set"],"_uag_css_file_name":["uag-css-23768.css"],"_elementor_page_assets":["a:0:{}"],"_uag_page_assets":["a:9:{s:3:\"css\";s:7133:\".uag-blocks-common-selector{z-index:var(--z-index-desktop) !important}@media(max-width: 976px){.uag-blocks-common-selector{z-index:var(--z-index-tablet) !important}}@media(max-width: 767px){.uag-blocks-common-selector{z-index:var(--z-index-mobile) !important}}.wp-block-uagb-image{display:flex}.wp-block-uagb-image__figure{position:relative;display:flex;flex-direction:column;max-width:100%;height:auto;margin:0}.wp-block-uagb-image__figure img{height:auto;display:flex;max-width:100%;transition:box-shadow .2s ease}.wp-block-uagb-image__figure>a{display:inline-block}.wp-block-uagb-image__figure figcaption{text-align:center;margin-top:.5em;margin-bottom:1em}.wp-block-uagb-image .components-placeholder.block-editor-media-placeholder .components-placeholder__instructions{align-self:center}.wp-block-uagb-image--align-left{text-align:left}.wp-block-uagb-image--align-right{text-align:right}.wp-block-uagb-image--align-center{text-align:center}.wp-block-uagb-image--align-full .wp-block-uagb-image__figure{margin-left:calc(50% - 50vw);margin-right:calc(50% - 50vw);max-width:100vw;width:100vw;height:auto}.wp-block-uagb-image--align-full .wp-block-uagb-image__figure img{height:auto;width:100% !important}.wp-block-uagb-image--align-wide .wp-block-uagb-image__figure img{height:auto;width:100%}.wp-block-uagb-image--layout-overlay__color-wrapper{position:absolute;left:0;top:0;right:0;bottom:0;opacity:.2;background:rgba(0,0,0,.5);transition:opacity .35s ease-in-out}.wp-block-uagb-image--layout-overlay-link{position:absolute;left:0;right:0;bottom:0;top:0}.wp-block-uagb-image--layout-overlay .wp-block-uagb-image__figure:hover .wp-block-uagb-image--layout-overlay__color-wrapper{opacity:1}.wp-block-uagb-image--layout-overlay__inner{position:absolute;left:15px;right:15px;bottom:15px;top:15px;display:flex;align-items:center;justify-content:center;flex-direction:column;border-color:#fff;transition:.35s ease-in-out}.wp-block-uagb-image--layout-overlay__inner.top-left,.wp-block-uagb-image--layout-overlay__inner.top-center,.wp-block-uagb-image--layout-overlay__inner.top-right{justify-content:flex-start}.wp-block-uagb-image--layout-overlay__inner.bottom-left,.wp-block-uagb-image--layout-overlay__inner.bottom-center,.wp-block-uagb-image--layout-overlay__inner.bottom-right{justify-content:flex-end}.wp-block-uagb-image--layout-overlay__inner.top-left,.wp-block-uagb-image--layout-overlay__inner.center-left,.wp-block-uagb-image--layout-overlay__inner.bottom-left{align-items:flex-start}.wp-block-uagb-image--layout-overlay__inner.top-right,.wp-block-uagb-image--layout-overlay__inner.center-right,.wp-block-uagb-image--layout-overlay__inner.bottom-right{align-items:flex-end}.wp-block-uagb-image--layout-overlay__inner .uagb-image-heading{color:#fff;transition:transform .35s,opacity .35s ease-in-out;transform:translate3d(0, 24px, 0);margin:0;line-height:1em}.wp-block-uagb-image--layout-overlay__inner .uagb-image-separator{width:30%;border-top-width:2px;border-top-color:#fff;border-top-style:solid;margin-bottom:10px;opacity:0;transition:transform .4s,opacity .4s ease-in-out;transform:translate3d(0, 30px, 0)}.wp-block-uagb-image--layout-overlay__inner .uagb-image-caption{opacity:0;overflow:visible;color:#fff;transition:transform .45s,opacity .45s ease-in-out;transform:translate3d(0, 35px, 0)}.wp-block-uagb-image--layout-overlay__inner:hover .uagb-image-heading,.wp-block-uagb-image--layout-overlay__inner:hover .uagb-image-separator,.wp-block-uagb-image--layout-overlay__inner:hover .uagb-image-caption{opacity:1;transform:translate3d(0, 0, 0)}.wp-block-uagb-image--effect-zoomin .wp-block-uagb-image__figure img,.wp-block-uagb-image--effect-zoomin .wp-block-uagb-image__figure .wp-block-uagb-image--layout-overlay__color-wrapper{transform:scale(1);transition:transform .35s ease-in-out}.wp-block-uagb-image--effect-zoomin .wp-block-uagb-image__figure:hover img,.wp-block-uagb-image--effect-zoomin .wp-block-uagb-image__figure:hover .wp-block-uagb-image--layout-overlay__color-wrapper{transform:scale(1.05)}.wp-block-uagb-image--effect-slide .wp-block-uagb-image__figure img,.wp-block-uagb-image--effect-slide .wp-block-uagb-image__figure .wp-block-uagb-image--layout-overlay__color-wrapper{width:calc(100% + 40px) !important;max-width:none !important;transform:translate3d(-40px, 0, 0);transition:transform .35s ease-in-out}.wp-block-uagb-image--effect-slide .wp-block-uagb-image__figure:hover img,.wp-block-uagb-image--effect-slide .wp-block-uagb-image__figure:hover .wp-block-uagb-image--layout-overlay__color-wrapper{transform:translate3d(0, 0, 0)}.wp-block-uagb-image--effect-grayscale img{filter:grayscale(0%);transition:.35s ease-in-out}.wp-block-uagb-image--effect-grayscale:hover img{filter:grayscale(100%)}.wp-block-uagb-image--effect-blur img{filter:blur(0);transition:.35s ease-in-out}.wp-block-uagb-image--effect-blur:hover img{filter:blur(3px)}.uagb-block-e6f939b3.wp-block-uagb-image--layout-default figure img{box-shadow: 0px 0px 0 #00000070;}.uagb-block-e6f939b3.wp-block-uagb-image .wp-block-uagb-image__figure figcaption{font-style: normal;align-self: center;}.uagb-block-e6f939b3.wp-block-uagb-image--layout-overlay figure img{box-shadow: 0px 0px 0 #00000070;}.uagb-block-e6f939b3.wp-block-uagb-image--layout-overlay .wp-block-uagb-image--layout-overlay__color-wrapper{opacity: 0.2;}.uagb-block-e6f939b3.wp-block-uagb-image--layout-overlay .wp-block-uagb-image--layout-overlay__inner{left: 15px;right: 15px;top: 15px;bottom: 15px;}.uagb-block-e6f939b3.wp-block-uagb-image--layout-overlay .wp-block-uagb-image--layout-overlay__inner .uagb-image-heading{font-style: normal;color: #fff;opacity: 1;}.uagb-block-e6f939b3.wp-block-uagb-image--layout-overlay .wp-block-uagb-image--layout-overlay__inner .uagb-image-heading a{color: #fff;}.uagb-block-e6f939b3.wp-block-uagb-image--layout-overlay .wp-block-uagb-image--layout-overlay__inner .uagb-image-caption{opacity: 0;}.uagb-block-e6f939b3.wp-block-uagb-image--layout-overlay .wp-block-uagb-image__figure:hover .wp-block-uagb-image--layout-overlay__color-wrapper{opacity: 1;}.uagb-block-e6f939b3.wp-block-uagb-image .wp-block-uagb-image--layout-overlay__inner .uagb-image-separator{width: 30%;border-top-width: 2px;border-top-color: #fff;opacity: 0;}.uagb-block-e6f939b3.wp-block-uagb-image .wp-block-uagb-image__figure img{width: px;height: auto;}.uagb-block-e6f939b3.wp-block-uagb-image .wp-block-uagb-image__figure:hover .wp-block-uagb-image--layout-overlay__inner .uagb-image-caption{opacity: 1;}.uagb-block-e6f939b3.wp-block-uagb-image .wp-block-uagb-image__figure:hover .wp-block-uagb-image--layout-overlay__inner .uagb-image-separator{opacity: 1;}.uagb-block-e6f939b3.wp-block-uagb-image--layout-default figure:hover img{box-shadow: 0px 0px 0 #00000070;}.uagb-block-e6f939b3.wp-block-uagb-image--layout-overlay figure:hover img{box-shadow: 0px 0px 0 #00000070;}@media only screen and (max-width: 976px) {.uagb-block-e6f939b3.wp-block-uagb-image .wp-block-uagb-image__figure img{width: px;height: auto;}}@media only screen and (max-width: 767px) {.uagb-block-e6f939b3.wp-block-uagb-image .wp-block-uagb-image__figure img{width: px;height: auto;}}\";s:2:\"js\";s:0:\"\";s:18:\"current_block_list\";a:13:{i:0;s:11:\"core\/search\";i:1;s:10:\"core\/group\";i:2;s:12:\"core\/heading\";i:3;s:17:\"core\/latest-posts\";i:4;s:20:\"core\/latest-comments\";i:5;s:13:\"core\/archives\";i:6;s:15:\"core\/categories\";i:7;s:14:\"core\/paragraph\";i:8;s:10:\"uagb\/image\";i:9;s:11:\"core\/spacer\";i:10;s:30:\"woocommerce\/product-categories\";i:11;s:10:\"core\/image\";i:12;s:14:\"core\/shortcode\";}s:8:\"uag_flag\";b:1;s:11:\"uag_version\";s:10:\"1777228734\";s:6:\"gfonts\";a:0:{}s:10:\"gfonts_url\";s:0:\"\";s:12:\"gfonts_files\";a:0:{}s:14:\"uag_faq_layout\";b:0;}"]},"uagb_featured_image_src":{"full":["https:\/\/www.ferberpainting.com\/wp-content\/uploads\/2025\/05\/Kitchen-Cleaner-5L-.png",2560,2560,false],"thumbnail":["https:\/\/www.ferberpainting.com\/wp-content\/uploads\/2025\/05\/Kitchen-Cleaner-5L--150x150.png",150,150,true],"medium":["https:\/\/www.ferberpainting.com\/wp-content\/uploads\/2025\/05\/Kitchen-Cleaner-5L--300x300.png",300,300,true],"medium_large":["https:\/\/www.ferberpainting.com\/wp-content\/uploads\/2025\/05\/Kitchen-Cleaner-5L--768x768.png",768,768,true],"large":["https:\/\/www.ferberpainting.com\/wp-content\/uploads\/2025\/05\/Kitchen-Cleaner-5L--1024x1024.png",1024,1024,true],"1536x1536":["https:\/\/www.ferberpainting.com\/wp-content\/uploads\/2025\/05\/Kitchen-Cleaner-5L--1536x1536.png",1536,1536,true],"2048x2048":["https:\/\/www.ferberpainting.com\/wp-content\/uploads\/2025\/05\/Kitchen-Cleaner-5L--2048x2048.png",2048,2048,true],"trp-custom-language-flag":["https:\/\/www.ferberpainting.com\/wp-content\/uploads\/2025\/05\/Kitchen-Cleaner-5L--12x12.png",12,12,true],"woocommerce_thumbnail":["https:\/\/www.ferberpainting.com\/wp-content\/uploads\/2025\/05\/Kitchen-Cleaner-5L--300x300.png",300,300,true],"woocommerce_single":["https:\/\/www.ferberpainting.com\/wp-content\/uploads\/2025\/05\/Kitchen-Cleaner-5L--600x600.png",600,600,true],"woocommerce_gallery_thumbnail":["https:\/\/www.ferberpainting.com\/wp-content\/uploads\/2025\/05\/Kitchen-Cleaner-5L--100x100.png",100,100,true]},"uagb_author_info":{"display_name":"admin","author_link":"https:\/\/www.ferberpainting.com\/cz\/author\/"},"uagb_comment_info":11,"uagb_excerpt":"Optimal Efficiency.\u00a0This kitchen cleaner is specially designed to eliminate stubborn grease, food residues, limescale marks, and all impurities that build up on kitchen surfaces. Its powerful formula penetrates deeply to dislodge embedded grime without excessive scrubbing. It ensures perfect cleaning in just a few seconds while preserving material integrity, helping to maintain a clean and&hellip;","_links":{"self":[{"href":"https:\/\/www.ferberpainting.com\/cz\/wp-json\/wp\/v2\/product\/23768","targetHints":{"allow":["GET"]}}],"collection":[{"href":"https:\/\/www.ferberpainting.com\/cz\/wp-json\/wp\/v2\/product"}],"about":[{"href":"https:\/\/www.ferberpainting.com\/cz\/wp-json\/wp\/v2\/types\/product"}],"replies":[{"embeddable":true,"href":"https:\/\/www.ferberpainting.com\/cz\/wp-json\/wp\/v2\/comments?post=23768"}],"version-history":[{"count":3,"href":"https:\/\/www.ferberpainting.com\/cz\/wp-json\/wp\/v2\/product\/23768\/revisions"}],"predecessor-version":[{"id":166447,"href":"https:\/\/www.ferberpainting.com\/cz\/wp-json\/wp\/v2\/product\/23768\/revisions\/166447"}],"wp:featuredmedia":[{"embeddable":true,"href":"https:\/\/www.ferberpainting.com\/cz\/wp-json\/wp\/v2\/media\/36209"}],"wp:attachment":[{"href":"https:\/\/www.ferberpainting.com\/cz\/wp-json\/wp\/v2\/media?parent=23768"}],"wp:term":[{"taxonomy":"product_brand","embeddable":true,"href":"https:\/\/www.ferberpainting.com\/cz\/wp-json\/wp\/v2\/product_brand?post=23768"},{"taxonomy":"product_cat","embeddable":true,"href":"https:\/\/www.ferberpainting.com\/cz\/wp-json\/wp\/v2\/product_cat?post=23768"},{"taxonomy":"product_tag","embeddable":true,"href":"https:\/\/www.ferberpainting.com\/cz\/wp-json\/wp\/v2\/product_tag?post=23768"}],"curies":[{"name":"wp","href":"https:\/\/api.w.org\/{rel}","templated":true}]}}