{"id":23752,"date":"2025-07-01T10:26:24","date_gmt":"2025-07-01T08:26:24","guid":{"rendered":"https:\/\/www.ferberpainting.com\/?post_type=product&#038;p=23752"},"modified":"2026-02-15T19:46:05","modified_gmt":"2026-02-15T18:46:05","slug":"iron-soleplate-cleaner","status":"publish","type":"product","link":"https:\/\/www.ferberpainting.com\/cz\/products\/iron-soleplate-cleaner\/","title":{"rendered":"\u010cisti\u010d na \u017eehli\u010dku"},"content":{"rendered":"<p><strong><img decoding=\"async\" style=\"margin-right: 12px;\" src=\"https:\/\/www.ferberpainting.com\/wp-content\/uploads\/2026\/02\/Check.svg\" alt=\"\" width=\"18\" height=\"15\" \/>Optim\u00e1ln\u00ed \u00fa\u010dinnost.<\/strong>\u00a0Tento \u010disti\u010d \u017eehli\u010dky je speci\u00e1ln\u011b navr\u017een tak, aby \u00fa\u010dinn\u011b odstra\u0148oval vodn\u00ed k\u00e1men, p\u0159ip\u00e1len\u00e9 zbytky l\u00e1tek, stopy rzi a dal\u0161\u00ed usazeniny na \u017eehlic\u00ed plo\u0161e. P\u016fsob\u00ed do hloubky, aby obnovil dokonal\u00fd skluz spot\u0159ebi\u010de a zabr\u00e1nil vzniku stop na oble\u010den\u00ed. Jeho \u00fa\u010dinn\u00e9 slo\u017een\u00ed rozpou\u0161t\u00ed ne\u010distoty, ani\u017e by po\u0161kodilo povrch, a zaji\u0161\u0165uje hladk\u00e9 \u017eehlen\u00ed bez z\u00e1drhel\u016f.<\/p>\n<p><strong><img decoding=\"async\" style=\"margin-right: 12px;\" src=\"https:\/\/www.ferberpainting.com\/wp-content\/uploads\/2026\/02\/Check.svg\" alt=\"\" width=\"18\" height=\"15\" \/>Z\u00e1ruka vr\u00e1cen\u00ed pen\u011bz.<\/strong>\u00a0Jsme si pln\u011b jisti \u00fa\u010dinnost\u00ed na\u0161eho \u010distic\u00edho prost\u0159edku. Pokud po jeho pou\u017eit\u00ed nebudete s v\u00fdsledky zcela spokojeni, m\u00e1te n\u00e1rok na vr\u00e1cen\u00ed pen\u011bz v pln\u00e9 v\u00fd\u0161i. Vyzkou\u0161ejte n\u00e1\u0161 v\u00fdrobek bez rizika a dop\u0159ejte sv\u00e9 \u017eehli\u010dce druh\u00fd \u017eivot s klidnou mysl\u00ed.<\/p>\n<p><strong><img decoding=\"async\" style=\"margin-right: 12px;\" src=\"https:\/\/www.ferberpainting.com\/wp-content\/uploads\/2026\/02\/Check.svg\" alt=\"\" width=\"18\" height=\"15\" \/>V\u00fdjime\u010dn\u00e1 v\u0161estrannost.<\/strong>\u00a0Tento \u010disti\u010d nen\u00ed omezen pouze na tradi\u010dn\u00ed \u017eehli\u010dky! Je tak\u00e9 ide\u00e1ln\u00ed pro \u010di\u0161t\u011bn\u00ed parn\u00edch gener\u00e1tor\u016f, nerezov\u00fdch podstavc\u016f, hlin\u00edkov\u00fdch nebo keramick\u00fdch z\u00e1kladen a topn\u00fdch desek lis\u016f. Je vhodn\u00fd i pro kovov\u00e9 povrchy \u017eehlic\u00edch za\u0159\u00edzen\u00ed, kter\u00e9 vy\u017eaduj\u00ed jemn\u00e9 \u010di\u0161t\u011bn\u00ed, a zaji\u0161\u0165uje optim\u00e1ln\u00ed \u00fadr\u017ebu bez po\u0161kozen\u00ed citliv\u00fdch materi\u00e1l\u016f.<\/p>\n<p><strong><img decoding=\"async\" style=\"margin-right: 12px;\" src=\"https:\/\/www.ferberpainting.com\/wp-content\/uploads\/2026\/02\/Check.svg\" alt=\"\" width=\"18\" height=\"15\" \/>N\u00e1kladov\u011b efektivn\u00ed.<\/strong>\u00a0Tento \u010disti\u010d s 5litrovou n\u00e1dobou a mimo\u0159\u00e1dn\u011b \u00fa\u010dinn\u00fdm slo\u017een\u00edm nab\u00edz\u00ed vynikaj\u00edc\u00ed hodnotu. Mal\u00e9 mno\u017estv\u00ed sta\u010d\u00ed na vy\u010di\u0161t\u011bn\u00ed v\u00edce \u017eehli\u010dek a parn\u00edch syst\u00e9m\u016f bez pl\u00fdtv\u00e1n\u00ed. V pr\u016fm\u011bru jeden litr p\u0159\u00edpravku zvl\u00e1dne \u00fadr\u017ebu v\u00edce ne\u017e 200 za\u0159\u00edzen\u00ed, co\u017e z n\u011bj \u010din\u00ed ekonomick\u00e9 a dlouhodob\u00e9 \u0159e\u0161en\u00ed pro \u00fadr\u017ebu \u017eehlic\u00edch za\u0159\u00edzen\u00ed.<\/p>\n<p><strong><img decoding=\"async\" style=\"margin-right: 12px;\" src=\"https:\/\/www.ferberpainting.com\/wp-content\/uploads\/2026\/02\/Check.svg\" alt=\"\" width=\"18\" height=\"15\" \/>Bezpe\u010dn\u00e9 pou\u017eit\u00ed.<\/strong>\u00a0Na rozd\u00edl od v\u00fdrobk\u016f s abrazivn\u00edmi kyselinami je tento \u010distic\u00ed prost\u0159edek vyroben bez \u0161kodliv\u00fdch slo\u017eek pro u\u017eivatele a nep\u0159edstavuje \u017e\u00e1dn\u00e9 riziko pro podr\u00e1\u017eku. Nevypou\u0161t\u00ed \u017e\u00e1dn\u00e9 toxick\u00e9 v\u00fdpary, nezp\u016fsobuje podr\u00e1\u017ed\u011bn\u00ed poko\u017eky a respektuje kovov\u00e9 a keramick\u00e9 povrchy. Je bezpe\u010dn\u00fd pro pravideln\u00e9 pou\u017e\u00edv\u00e1n\u00ed a zaru\u010duje optim\u00e1ln\u00ed \u00fadr\u017ebu, ani\u017e by sni\u017eoval v\u00fdkonnost va\u0161\u00ed \u017eehli\u010dky.<\/p>\n<p><strong><img decoding=\"async\" style=\"margin-right: 12px;\" src=\"https:\/\/www.ferberpainting.com\/wp-content\/uploads\/2026\/02\/Check.svg\" alt=\"\" width=\"18\" height=\"15\" \/>Snadn\u00e9 pou\u017eit\u00ed.<\/strong>\u00a0Tento \u010distic\u00ed prost\u0159edek je p\u0159ipraven k pou\u017eit\u00ed a nevy\u017eaduje \u017e\u00e1dn\u00e9 \u0159ed\u011bn\u00ed ani slo\u017eitou p\u0159\u00edpravu. Lze jej nan\u00e1\u0161et p\u0159\u00edmo na \u017eehlic\u00ed plochu nebo m\u011bkk\u00fdm had\u0159\u00edkem. Jeho rychl\u00fd \u00fa\u010dinek zaji\u0161\u0165uje \u00fa\u010dinn\u00e9 \u010di\u0161t\u011bn\u00ed v n\u011bkolika m\u00e1lo kroc\u00edch, bez n\u00e1mahy a nadm\u011brn\u00e9ho oplachov\u00e1n\u00ed. Jeho tekut\u00e9 slo\u017een\u00ed usnad\u0148uje aplikaci a zaru\u010duje rychl\u00e9 odstran\u011bn\u00ed ne\u017e\u00e1douc\u00edch usazenin.<\/p>\n<p><strong><img decoding=\"async\" style=\"margin-right: 12px;\" src=\"https:\/\/www.ferberpainting.com\/wp-content\/uploads\/2026\/02\/Check.svg\" alt=\"\" width=\"18\" height=\"15\" \/>Zv\u00fd\u0161en\u00e1 odolnost.<\/strong>\u00a0Pravideln\u00fdm odstra\u0148ov\u00e1n\u00edm usazenin vodn\u00edho kamene a p\u0159ip\u00e1len\u00fdch l\u00e1tek tento \u010distic\u00ed prost\u0159edek prodlu\u017euje \u017eivotnost \u017eehli\u010dky a zlep\u0161uje jej\u00ed dlouhodobou \u00fa\u010dinnost. Zabra\u0148uje ucp\u00e1v\u00e1n\u00ed parn\u00edch otvor\u016f a pom\u00e1h\u00e1 udr\u017eovat \u010distou \u017eehlic\u00ed plochu. Pravideln\u00e1 \u00fadr\u017eba t\u00edmto v\u00fdrobkem zaji\u0161\u0165uje optim\u00e1ln\u00ed funkci a v\u00fdkon.<\/p>\n<p><strong><img decoding=\"async\" style=\"margin-right: 12px;\" src=\"https:\/\/www.ferberpainting.com\/wp-content\/uploads\/2026\/02\/Check.svg\" alt=\"\" width=\"18\" height=\"15\" \/>Rychl\u00e1 akce.<\/strong>\u00a0D\u00edky vysoce aktivn\u00edmu slo\u017een\u00ed tento \u010distic\u00ed prost\u0159edek okam\u017eit\u011b p\u016fsob\u00ed na zbytky a usazen\u00e9 skvrny. B\u011bhem n\u011bkolika sekund rozpust\u00ed ne\u010distoty a snadno je set\u0159e bez nutnosti drhnut\u00ed. D\u00edky sv\u00e9mu okam\u017eit\u00e9mu \u00fa\u010dinku je ide\u00e1ln\u00ed pro rychlou a \u00fa\u010dinnou \u00fadr\u017ebu a zaru\u010duje dokonal\u00fd skluz ji\u017e od prvn\u00edho pou\u017eit\u00ed po vy\u010di\u0161t\u011bn\u00ed.<\/p>\n<h2><strong>Pokyny k pou\u017eit\u00ed<\/strong><\/h2>\n<ul>\n<li><strong>P\u0159\u00edprava <\/strong>: P\u0159ed pou\u017eit\u00edm \u010distic\u00edho prost\u0159edku se ujist\u011bte, \u017ee je \u017eehli\u010dka vypnut\u00e1 a vla\u017en\u00e1. P\u0159\u00edpravek nikdy neaplikujte na horkou \u017eehlic\u00ed plochu, aby nedo\u0161lo k jeho p\u0159ed\u010dasn\u00e9mu odpa\u0159en\u00ed.<\/li>\n<li><strong>Aplikace Soleplate <\/strong>: Nalijte mal\u00e9 mno\u017estv\u00ed \u010distic\u00edho prost\u0159edku na m\u011bkk\u00fd had\u0159\u00edk nebo houbu a krou\u017eiv\u00fdmi pohyby jej rovnom\u011brn\u011b rozet\u0159ete po podr\u00e1\u017ece.<\/li>\n<li><strong>\u010ci\u0161t\u011bn\u00ed otvor\u016f p\u00e1rou <\/strong>: Chcete-li uvolnit ucpan\u00e9 otvory pro p\u00e1ru, namo\u010dte do p\u0159\u00edpravku vatov\u00fd tampon a jemn\u011b vy\u010dist\u011bte ka\u017ed\u00fd otvor, abyste odstranili vodn\u00ed k\u00e1men a sp\u00e1len\u00e9 zbytky tkaniny.<\/li>\n<li><strong>Odstra\u0148ov\u00e1n\u00ed zbytk\u016f <\/strong>: P\u0159ed pou\u017eit\u00edm ot\u0159ete \u010dist\u00fdm, such\u00fdm had\u0159\u00edkem rozpu\u0161t\u011bn\u00e9 zbytky a ujist\u011bte se, \u017ee je deska zcela \u010dist\u00e1.<\/li>\n<li><strong>\u010ci\u0161t\u011bn\u00ed vn\u011bj\u0161\u00edch povrch\u016f <\/strong>: Naneste mal\u00e9 mno\u017estv\u00ed p\u0159\u00edpravku na vlhk\u00fd had\u0159\u00edk a jemn\u011b ot\u0159ete t\u011blo \u017eehli\u010dky, abyste odstranili prach a vodn\u00ed k\u00e1men.<\/li>\n<li><strong>Oplachov\u00e1n\u00ed a dokon\u010dovac\u00ed pr\u00e1ce <\/strong>: P\u0159i z\u00e1kladn\u00edm \u010di\u0161t\u011bn\u00ed nen\u00ed nutn\u00e9 oplachov\u00e1n\u00ed. Pro hloubkovou \u00fadr\u017ebu ot\u0159ete desku podr\u00e1\u017eky m\u00edrn\u011b navlh\u010den\u00fdm had\u0159\u00edkem a pot\u00e9 ji osu\u0161te m\u011bkk\u00fdm had\u0159\u00edkem.<\/li>\n<li><strong>Frekvence pou\u017e\u00edv\u00e1n\u00ed <\/strong>: Aplikujte jednou m\u011bs\u00ed\u010dn\u011b p\u0159i pravideln\u00e9 \u00fadr\u017eb\u011b nebo kdykoli se objev\u00ed stopy po sp\u00e1len\u00ed nebo vodn\u00ed k\u00e1men. P\u0159i intenzivn\u00edm pou\u017e\u00edv\u00e1n\u00ed \u010dist\u011bte ka\u017ed\u00e9 dva t\u00fddny, abyste udr\u017eeli optim\u00e1ln\u00ed skluz a zabr\u00e1nili vzniku skvrn na oble\u010den\u00ed.<\/li>\n<li><strong>\u00dalo\u017ei\u0161t\u011b <\/strong>: Po ka\u017ed\u00e9m pou\u017eit\u00ed n\u00e1dobku znovu pevn\u011b uzav\u0159ete a skladujte ji na chladn\u00e9m a such\u00e9m m\u00edst\u011b, mimo dosah sv\u011btla a extr\u00e9mn\u00edch teplot, abyste zachovali dlouhodobou \u00fa\u010dinnost p\u0159\u00edpravku.<\/li>\n<\/ul>\n<p>S na\u0161\u00edm \u010disti\u010dem \u017eehli\u010dky okam\u017eit\u011b obnov\u00edte dokonal\u00fd skluz a bezchybn\u00fd v\u00fdkon sv\u00e9ho za\u0159\u00edzen\u00ed. V\u00fdkonn\u00e9, rychl\u00e9 a bezpe\u010dn\u00e9 \u0159e\u0161en\u00ed pro hladk\u00e9 \u017eehlen\u00ed a v\u017edy bezvadn\u00e9 oble\u010den\u00ed.<\/p>","protected":false},"excerpt":{"rendered":"<p>Optimal Effectiveness.\u00a0This iron cleaner is specially designed to effectively remove limescale, burnt fabric residues, rust marks, and other buildup on the iron\u2019s soleplate. It works deep down to restore the perfect glide of the appliance and prevent marks on clothes. Its powerful formula dissolves impurities without damaging the surface, ensuring smooth, snag-free ironing. Money-back guarantee.\u00a0We [&hellip;]<\/p>\n","protected":false},"featured_media":36226,"comment_status":"open","ping_status":"closed","template":"","meta":{"_uag_custom_page_level_css":"","site-sidebar-layout":"default","site-content-layout":"","ast-site-content-layout":"default","site-content-style":"default","site-sidebar-style":"default","ast-global-header-display":"","ast-banner-title-visibility":"","ast-main-header-display":"","ast-hfb-above-header-display":"","ast-hfb-below-header-display":"","ast-hfb-mobile-header-display":"","site-post-title":"","ast-breadcrumbs-content":"","ast-featured-img":"","footer-sml-layout":"","ast-disable-related-posts":"","theme-transparent-header-meta":"default","adv-header-id-meta":"","stick-header-meta":"","header-above-stick-meta":"","header-main-stick-meta":"","header-below-stick-meta":"","astra-migrate-meta-layouts":"set","ast-page-background-enabled":"default","ast-page-background-meta":{"desktop":{"background-color":"var(--ast-global-color-4)","background-image":"","background-repeat":"repeat","background-position":"center center","background-size":"auto","background-attachment":"scroll","background-type":"","background-media":"","overlay-type":"","overlay-color":"","overlay-opacity":"","overlay-gradient":""},"tablet":{"background-color":"","background-image":"","background-repeat":"repeat","background-position":"center center","background-size":"auto","background-attachment":"scroll","background-type":"","background-media":"","overlay-type":"","overlay-color":"","overlay-opacity":"","overlay-gradient":""},"mobile":{"background-color":"","background-image":"","background-repeat":"repeat","background-position":"center center","background-size":"auto","background-attachment":"scroll","background-type":"","background-media":"","overlay-type":"","overlay-color":"","overlay-opacity":"","overlay-gradient":""}},"ast-content-background-meta":{"desktop":{"background-color":"var(--ast-global-color-5)","background-image":"","background-repeat":"repeat","background-position":"center center","background-size":"auto","background-attachment":"scroll","background-type":"","background-media":"","overlay-type":"","overlay-color":"","overlay-opacity":"","overlay-gradient":""},"tablet":{"background-color":"var(--ast-global-color-5)","background-image":"","background-repeat":"repeat","background-position":"center center","background-size":"auto","background-attachment":"scroll","background-type":"","background-media":"","overlay-type":"","overlay-color":"","overlay-opacity":"","overlay-gradient":""},"mobile":{"background-color":"var(--ast-global-color-5)","background-image":"","background-repeat":"repeat","background-position":"center center","background-size":"auto","background-attachment":"scroll","background-type":"","background-media":"","overlay-type":"","overlay-color":"","overlay-opacity":"","overlay-gradient":""}}},"product_brand":[],"product_cat":[175],"product_tag":[],"class_list":{"0":"post-23752","1":"product","2":"type-product","3":"status-publish","4":"has-post-thumbnail","6":"product_cat-cleaning-products","7":"desktop-align-left","8":"tablet-align-left","9":"mobile-align-left","11":"first","12":"instock","13":"sale","14":"taxable","15":"shipping-taxable","16":"purchasable","17":"product-type-variable","18":"has-default-attributes"},"spectra_custom_meta":{"_visibility":["visible"],"_shopify_product_id":["9102417920245"],"_s2w_shopify_domain":["ferberpainting.myshopify.com"],"_shopify_variant_id":["46616226332917"],"_sku":[""],"_manage_stock":["no"],"total_sales":["1"],"_tax_status":["taxable"],"_tax_class":[""],"_backorders":["no"],"_sold_individually":["no"],"_virtual":["no"],"_downloadable":["no"],"_download_limit":["-1"],"_download_expiry":["-1"],"_stock":[null],"_stock_status":["instock"],"_wc_average_rating":["5.00"],"_wc_review_count":["35"],"_product_attributes":["a:1:{s:6:\"volume\";a:6:{s:4:\"name\";s:6:\"Volume\";s:5:\"value\";s:20:\"5 liters | 25 liters\";s:8:\"position\";i:1;s:10:\"is_visible\";i:0;s:12:\"is_variation\";i:1;s:11:\"is_taxonomy\";i:0;}}"],"_product_version":["10.5.1"],"wpse_downloadable_file_names":[""],"wpse_downloadable_file_urls":[""],"_edit_last":["1"],"_default_attributes":["a:1:{s:6:\"volume\";s:8:\"5 liters\";}"],"_edit_lock":["1771181027:1"],"_price":["29.90","129.90"],"merchant-center-availability":["yes"],"merchant-center-category":["4973"],"_thumbnail_id":["36226"],"_wp_page_template":["default"],"_wp_old_date":["2025-05-26"],"_product_image_gallery":["36227"],"site-sidebar-layout":["default"],"ast-site-content-layout":["default"],"site-content-style":["default"],"site-sidebar-style":["default"],"theme-transparent-header-meta":["default"],"_wc_rating_count":["a:1:{i:5;i:35;}"],"astra-migrate-meta-layouts":["set"],"_uag_css_file_name":["uag-css-23752.css"],"_elementor_page_assets":["a:0:{}"],"_uag_page_assets":["a:9:{s:3:\"css\";s:7133:\".uag-blocks-common-selector{z-index:var(--z-index-desktop) !important}@media(max-width: 976px){.uag-blocks-common-selector{z-index:var(--z-index-tablet) !important}}@media(max-width: 767px){.uag-blocks-common-selector{z-index:var(--z-index-mobile) !important}}.wp-block-uagb-image{display:flex}.wp-block-uagb-image__figure{position:relative;display:flex;flex-direction:column;max-width:100%;height:auto;margin:0}.wp-block-uagb-image__figure img{height:auto;display:flex;max-width:100%;transition:box-shadow .2s ease}.wp-block-uagb-image__figure>a{display:inline-block}.wp-block-uagb-image__figure figcaption{text-align:center;margin-top:.5em;margin-bottom:1em}.wp-block-uagb-image .components-placeholder.block-editor-media-placeholder .components-placeholder__instructions{align-self:center}.wp-block-uagb-image--align-left{text-align:left}.wp-block-uagb-image--align-right{text-align:right}.wp-block-uagb-image--align-center{text-align:center}.wp-block-uagb-image--align-full .wp-block-uagb-image__figure{margin-left:calc(50% - 50vw);margin-right:calc(50% - 50vw);max-width:100vw;width:100vw;height:auto}.wp-block-uagb-image--align-full .wp-block-uagb-image__figure img{height:auto;width:100% !important}.wp-block-uagb-image--align-wide .wp-block-uagb-image__figure img{height:auto;width:100%}.wp-block-uagb-image--layout-overlay__color-wrapper{position:absolute;left:0;top:0;right:0;bottom:0;opacity:.2;background:rgba(0,0,0,.5);transition:opacity .35s ease-in-out}.wp-block-uagb-image--layout-overlay-link{position:absolute;left:0;right:0;bottom:0;top:0}.wp-block-uagb-image--layout-overlay .wp-block-uagb-image__figure:hover .wp-block-uagb-image--layout-overlay__color-wrapper{opacity:1}.wp-block-uagb-image--layout-overlay__inner{position:absolute;left:15px;right:15px;bottom:15px;top:15px;display:flex;align-items:center;justify-content:center;flex-direction:column;border-color:#fff;transition:.35s ease-in-out}.wp-block-uagb-image--layout-overlay__inner.top-left,.wp-block-uagb-image--layout-overlay__inner.top-center,.wp-block-uagb-image--layout-overlay__inner.top-right{justify-content:flex-start}.wp-block-uagb-image--layout-overlay__inner.bottom-left,.wp-block-uagb-image--layout-overlay__inner.bottom-center,.wp-block-uagb-image--layout-overlay__inner.bottom-right{justify-content:flex-end}.wp-block-uagb-image--layout-overlay__inner.top-left,.wp-block-uagb-image--layout-overlay__inner.center-left,.wp-block-uagb-image--layout-overlay__inner.bottom-left{align-items:flex-start}.wp-block-uagb-image--layout-overlay__inner.top-right,.wp-block-uagb-image--layout-overlay__inner.center-right,.wp-block-uagb-image--layout-overlay__inner.bottom-right{align-items:flex-end}.wp-block-uagb-image--layout-overlay__inner .uagb-image-heading{color:#fff;transition:transform .35s,opacity .35s ease-in-out;transform:translate3d(0, 24px, 0);margin:0;line-height:1em}.wp-block-uagb-image--layout-overlay__inner .uagb-image-separator{width:30%;border-top-width:2px;border-top-color:#fff;border-top-style:solid;margin-bottom:10px;opacity:0;transition:transform .4s,opacity .4s ease-in-out;transform:translate3d(0, 30px, 0)}.wp-block-uagb-image--layout-overlay__inner .uagb-image-caption{opacity:0;overflow:visible;color:#fff;transition:transform .45s,opacity .45s ease-in-out;transform:translate3d(0, 35px, 0)}.wp-block-uagb-image--layout-overlay__inner:hover .uagb-image-heading,.wp-block-uagb-image--layout-overlay__inner:hover .uagb-image-separator,.wp-block-uagb-image--layout-overlay__inner:hover .uagb-image-caption{opacity:1;transform:translate3d(0, 0, 0)}.wp-block-uagb-image--effect-zoomin .wp-block-uagb-image__figure img,.wp-block-uagb-image--effect-zoomin .wp-block-uagb-image__figure .wp-block-uagb-image--layout-overlay__color-wrapper{transform:scale(1);transition:transform .35s ease-in-out}.wp-block-uagb-image--effect-zoomin .wp-block-uagb-image__figure:hover img,.wp-block-uagb-image--effect-zoomin .wp-block-uagb-image__figure:hover .wp-block-uagb-image--layout-overlay__color-wrapper{transform:scale(1.05)}.wp-block-uagb-image--effect-slide .wp-block-uagb-image__figure img,.wp-block-uagb-image--effect-slide .wp-block-uagb-image__figure .wp-block-uagb-image--layout-overlay__color-wrapper{width:calc(100% + 40px) !important;max-width:none !important;transform:translate3d(-40px, 0, 0);transition:transform .35s ease-in-out}.wp-block-uagb-image--effect-slide .wp-block-uagb-image__figure:hover img,.wp-block-uagb-image--effect-slide .wp-block-uagb-image__figure:hover .wp-block-uagb-image--layout-overlay__color-wrapper{transform:translate3d(0, 0, 0)}.wp-block-uagb-image--effect-grayscale img{filter:grayscale(0%);transition:.35s ease-in-out}.wp-block-uagb-image--effect-grayscale:hover img{filter:grayscale(100%)}.wp-block-uagb-image--effect-blur img{filter:blur(0);transition:.35s ease-in-out}.wp-block-uagb-image--effect-blur:hover img{filter:blur(3px)}.uagb-block-e6f939b3.wp-block-uagb-image--layout-default figure img{box-shadow: 0px 0px 0 #00000070;}.uagb-block-e6f939b3.wp-block-uagb-image .wp-block-uagb-image__figure figcaption{font-style: normal;align-self: center;}.uagb-block-e6f939b3.wp-block-uagb-image--layout-overlay figure img{box-shadow: 0px 0px 0 #00000070;}.uagb-block-e6f939b3.wp-block-uagb-image--layout-overlay .wp-block-uagb-image--layout-overlay__color-wrapper{opacity: 0.2;}.uagb-block-e6f939b3.wp-block-uagb-image--layout-overlay .wp-block-uagb-image--layout-overlay__inner{left: 15px;right: 15px;top: 15px;bottom: 15px;}.uagb-block-e6f939b3.wp-block-uagb-image--layout-overlay .wp-block-uagb-image--layout-overlay__inner .uagb-image-heading{font-style: normal;color: #fff;opacity: 1;}.uagb-block-e6f939b3.wp-block-uagb-image--layout-overlay .wp-block-uagb-image--layout-overlay__inner .uagb-image-heading a{color: #fff;}.uagb-block-e6f939b3.wp-block-uagb-image--layout-overlay .wp-block-uagb-image--layout-overlay__inner .uagb-image-caption{opacity: 0;}.uagb-block-e6f939b3.wp-block-uagb-image--layout-overlay .wp-block-uagb-image__figure:hover .wp-block-uagb-image--layout-overlay__color-wrapper{opacity: 1;}.uagb-block-e6f939b3.wp-block-uagb-image .wp-block-uagb-image--layout-overlay__inner .uagb-image-separator{width: 30%;border-top-width: 2px;border-top-color: #fff;opacity: 0;}.uagb-block-e6f939b3.wp-block-uagb-image .wp-block-uagb-image__figure img{width: px;height: auto;}.uagb-block-e6f939b3.wp-block-uagb-image .wp-block-uagb-image__figure:hover .wp-block-uagb-image--layout-overlay__inner .uagb-image-caption{opacity: 1;}.uagb-block-e6f939b3.wp-block-uagb-image .wp-block-uagb-image__figure:hover .wp-block-uagb-image--layout-overlay__inner .uagb-image-separator{opacity: 1;}.uagb-block-e6f939b3.wp-block-uagb-image--layout-default figure:hover img{box-shadow: 0px 0px 0 #00000070;}.uagb-block-e6f939b3.wp-block-uagb-image--layout-overlay figure:hover img{box-shadow: 0px 0px 0 #00000070;}@media only screen and (max-width: 976px) {.uagb-block-e6f939b3.wp-block-uagb-image .wp-block-uagb-image__figure img{width: px;height: auto;}}@media only screen and (max-width: 767px) {.uagb-block-e6f939b3.wp-block-uagb-image .wp-block-uagb-image__figure img{width: px;height: auto;}}\";s:2:\"js\";s:0:\"\";s:18:\"current_block_list\";a:13:{i:0;s:11:\"core\/search\";i:1;s:10:\"core\/group\";i:2;s:12:\"core\/heading\";i:3;s:17:\"core\/latest-posts\";i:4;s:20:\"core\/latest-comments\";i:5;s:13:\"core\/archives\";i:6;s:15:\"core\/categories\";i:7;s:14:\"core\/paragraph\";i:8;s:10:\"uagb\/image\";i:9;s:11:\"core\/spacer\";i:10;s:30:\"woocommerce\/product-categories\";i:11;s:10:\"core\/image\";i:12;s:14:\"core\/shortcode\";}s:8:\"uag_flag\";b:1;s:11:\"uag_version\";s:10:\"1777228713\";s:6:\"gfonts\";a:0:{}s:10:\"gfonts_url\";s:0:\"\";s:12:\"gfonts_files\";a:0:{}s:14:\"uag_faq_layout\";b:0;}"]},"uagb_featured_image_src":{"full":["https:\/\/www.ferberpainting.com\/wp-content\/uploads\/2025\/05\/Iron-Soleplate-Cleaner-5L-.png",2560,2560,false],"thumbnail":["https:\/\/www.ferberpainting.com\/wp-content\/uploads\/2025\/05\/Iron-Soleplate-Cleaner-5L--150x150.png",150,150,true],"medium":["https:\/\/www.ferberpainting.com\/wp-content\/uploads\/2025\/05\/Iron-Soleplate-Cleaner-5L--300x300.png",300,300,true],"medium_large":["https:\/\/www.ferberpainting.com\/wp-content\/uploads\/2025\/05\/Iron-Soleplate-Cleaner-5L--768x768.png",768,768,true],"large":["https:\/\/www.ferberpainting.com\/wp-content\/uploads\/2025\/05\/Iron-Soleplate-Cleaner-5L--1024x1024.png",1024,1024,true],"1536x1536":["https:\/\/www.ferberpainting.com\/wp-content\/uploads\/2025\/05\/Iron-Soleplate-Cleaner-5L--1536x1536.png",1536,1536,true],"2048x2048":["https:\/\/www.ferberpainting.com\/wp-content\/uploads\/2025\/05\/Iron-Soleplate-Cleaner-5L--2048x2048.png",2048,2048,true],"trp-custom-language-flag":["https:\/\/www.ferberpainting.com\/wp-content\/uploads\/2025\/05\/Iron-Soleplate-Cleaner-5L--12x12.png",12,12,true],"woocommerce_thumbnail":["https:\/\/www.ferberpainting.com\/wp-content\/uploads\/2025\/05\/Iron-Soleplate-Cleaner-5L--300x300.png",300,300,true],"woocommerce_single":["https:\/\/www.ferberpainting.com\/wp-content\/uploads\/2025\/05\/Iron-Soleplate-Cleaner-5L--600x600.png",600,600,true],"woocommerce_gallery_thumbnail":["https:\/\/www.ferberpainting.com\/wp-content\/uploads\/2025\/05\/Iron-Soleplate-Cleaner-5L--100x100.png",100,100,true]},"uagb_author_info":{"display_name":"admin","author_link":"https:\/\/www.ferberpainting.com\/cz\/author\/"},"uagb_comment_info":35,"uagb_excerpt":"Optimal Effectiveness.\u00a0This iron cleaner is specially designed to effectively remove limescale, burnt fabric residues, rust marks, and other buildup on the iron\u2019s soleplate. It works deep down to restore the perfect glide of the appliance and prevent marks on clothes. Its powerful formula dissolves impurities without damaging the surface, ensuring smooth, snag-free ironing. Money-back guarantee.\u00a0We&hellip;","_links":{"self":[{"href":"https:\/\/www.ferberpainting.com\/cz\/wp-json\/wp\/v2\/product\/23752","targetHints":{"allow":["GET"]}}],"collection":[{"href":"https:\/\/www.ferberpainting.com\/cz\/wp-json\/wp\/v2\/product"}],"about":[{"href":"https:\/\/www.ferberpainting.com\/cz\/wp-json\/wp\/v2\/types\/product"}],"replies":[{"embeddable":true,"href":"https:\/\/www.ferberpainting.com\/cz\/wp-json\/wp\/v2\/comments?post=23752"}],"version-history":[{"count":4,"href":"https:\/\/www.ferberpainting.com\/cz\/wp-json\/wp\/v2\/product\/23752\/revisions"}],"predecessor-version":[{"id":166418,"href":"https:\/\/www.ferberpainting.com\/cz\/wp-json\/wp\/v2\/product\/23752\/revisions\/166418"}],"wp:featuredmedia":[{"embeddable":true,"href":"https:\/\/www.ferberpainting.com\/cz\/wp-json\/wp\/v2\/media\/36226"}],"wp:attachment":[{"href":"https:\/\/www.ferberpainting.com\/cz\/wp-json\/wp\/v2\/media?parent=23752"}],"wp:term":[{"taxonomy":"product_brand","embeddable":true,"href":"https:\/\/www.ferberpainting.com\/cz\/wp-json\/wp\/v2\/product_brand?post=23752"},{"taxonomy":"product_cat","embeddable":true,"href":"https:\/\/www.ferberpainting.com\/cz\/wp-json\/wp\/v2\/product_cat?post=23752"},{"taxonomy":"product_tag","embeddable":true,"href":"https:\/\/www.ferberpainting.com\/cz\/wp-json\/wp\/v2\/product_tag?post=23752"}],"curies":[{"name":"wp","href":"https:\/\/api.w.org\/{rel}","templated":true}]}}