{"id":23527,"date":"2025-05-26T10:24:34","date_gmt":"2025-05-26T08:24:34","guid":{"rendered":"https:\/\/www.ferberpainting.com\/products\/hardener-for-porous-crumbling-and-degraded-walls\/"},"modified":"2026-02-15T12:26:55","modified_gmt":"2026-02-15T11:26:55","slug":"hardener-for-porous-crumbling-and-degraded-walls","status":"publish","type":"product","link":"https:\/\/www.ferberpainting.com\/cz\/products\/hardener-for-porous-crumbling-and-degraded-walls\/","title":{"rendered":"Tvrdidlo pro por\u00e9zn\u00ed, drol\u00edc\u00ed se a degradovan\u00e9 st\u011bny"},"content":{"rendered":"<p><strong><img decoding=\"async\" style=\"margin-right: 12px;\" src=\"https:\/\/www.ferberpainting.com\/wp-content\/uploads\/2026\/02\/Check.svg\" alt=\"\" width=\"18\" height=\"15\" \/>Zpevn\u011bn\u00ed a stabilizace po\u0161kozen\u00fdch st\u011bn.<\/strong>\u00a0Toto tu\u017eidlo je speci\u00e1ln\u011b navr\u017eeno pro zpevn\u011bn\u00ed por\u00e9zn\u00edch, droliv\u00fdch nebo degradovan\u00fdch povrch\u016f t\u00edm, \u017ee hluboce pronik\u00e1 do struktury materi\u00e1lu. Obnovuje soudr\u017enost star\u00fdch nebo opot\u0159eben\u00edm, vlhkost\u00ed a pov\u011btrnostn\u00edmi vlivy oslaben\u00fdch st\u011bn, kter\u00e9 se tak st\u00e1vaj\u00ed odoln\u011bj\u0161\u00edmi a trvanliv\u011bj\u0161\u00edmi, ani\u017e by se zm\u011bnil jejich p\u016fvodn\u00ed vzhled.<\/p>\n<p><strong><img decoding=\"async\" style=\"margin-right: 12px;\" src=\"https:\/\/www.ferberpainting.com\/wp-content\/uploads\/2026\/02\/Check.svg\" alt=\"\" width=\"18\" height=\"15\" \/>Z\u00e1ruka vr\u00e1cen\u00ed pen\u011bz.<\/strong> M\u00e1me naprostou d\u016fv\u011bru v \u00fa\u010dinnost na\u0161eho tu\u017eidla pro por\u00e9zn\u00ed a k\u0159ehk\u00e9 st\u011bny. Proto nab\u00edz\u00edme z\u00e1ruku vr\u00e1cen\u00ed pen\u011bz. Pokud v\u00fdrobek po spr\u00e1vn\u00e9 aplikaci podle doporu\u010den\u00ed nespln\u00ed va\u0161e o\u010dek\u00e1v\u00e1n\u00ed, m\u016f\u017eete po\u017e\u00e1dat o bezpodm\u00edne\u010dn\u00e9 vr\u00e1cen\u00ed pen\u011bz, \u010d\u00edm\u017e si zajist\u00edte bezpe\u010dn\u00fd a bezrizikov\u00fd n\u00e1kup.<\/p>\n<p><strong><img decoding=\"async\" style=\"margin-right: 12px;\" src=\"https:\/\/www.ferberpainting.com\/wp-content\/uploads\/2026\/02\/Check.svg\" alt=\"\" width=\"18\" height=\"15\" \/>Kompatibiln\u00ed s celou \u0159adou materi\u00e1l\u016f.<\/strong>\u00a0Toto tu\u017eidlo je vhodn\u00e9 pro \u0159adu miner\u00e1ln\u00edch podklad\u016f, jako je beton, cement, p\u0159\u00edrodn\u00ed k\u00e1men, cihly, malta, om\u00edtky a star\u00e9 n\u00e1t\u011bry. Je ide\u00e1ln\u00ed pro renovaci fas\u00e1d, vnit\u0159n\u00edch i vn\u011bj\u0161\u00edch st\u011bn, sklep\u016f, podkladov\u00fdch ploch a v\u0161ech podklad\u016f, kter\u00e9 podl\u00e9haj\u00ed rozpadu nebo rozpadu.<\/p>\n<p><strong><img decoding=\"async\" style=\"margin-right: 12px;\" src=\"https:\/\/www.ferberpainting.com\/wp-content\/uploads\/2026\/02\/Check.svg\" alt=\"\" width=\"18\" height=\"15\" \/>\u00dasporn\u00fd v\u00fdnos a vy\u0161\u0161\u00ed v\u00fdkon.<\/strong>\u00a0D\u00edky vysok\u00e9 koncentraci dok\u00e1\u017ee 1 litr p\u0159\u00edpravku o\u0161et\u0159it 3 a\u017e 5 m\u00b2 v z\u00e1vislosti na p\u00f3rovitosti podkladu. Jeho konsolida\u010dn\u00ed \u00fa\u010dinek zabra\u0148uje n\u00e1kladn\u00fdm v\u00fdm\u011bn\u00e1m a prodlu\u017euje \u017eivotnost materi\u00e1l\u016f, \u010d\u00edm\u017e \u0161et\u0159\u00ed n\u00e1klady na opakovan\u00e9 opravy a o\u0161et\u0159en\u00ed.<\/p>\n<p><strong><img decoding=\"async\" style=\"margin-right: 12px;\" src=\"https:\/\/www.ferberpainting.com\/wp-content\/uploads\/2026\/02\/Check.svg\" alt=\"\" width=\"18\" height=\"15\" \/>Bezpe\u010dn\u00fd v\u00fdrobek, kter\u00fd je \u0161etrn\u00fd k \u017eivotn\u00edmu prost\u0159ed\u00ed.<\/strong>\u00a0Toto tu\u017eidlo je formulov\u00e1no bez toxick\u00fdch rozpou\u0161t\u011bdel a \u0161kodliv\u00fdch emis\u00ed a nen\u00ed nebezpe\u010dn\u00e9 pro u\u017eivatele ani pro \u017eivotn\u00ed prost\u0159ed\u00ed. P\u0159i aplikaci nep\u0159edstavuje \u017e\u00e1dn\u00e9 zdravotn\u00ed riziko a lze jej pou\u017e\u00edvat v interi\u00e9ru i exteri\u00e9ru bez nutnosti zvl\u00e1\u0161tn\u00ed ochrany.<\/p>\n<p><strong><img decoding=\"async\" style=\"margin-right: 12px;\" src=\"https:\/\/www.ferberpainting.com\/wp-content\/uploads\/2026\/02\/Check.svg\" alt=\"\" width=\"18\" height=\"15\" \/>Snadn\u00e1 aplikace pro rychlou implementaci.<\/strong>\u00a0Toto tu\u017eidlo je p\u0159ipraveno k pou\u017eit\u00ed a nevy\u017eaduje \u017e\u00e1dn\u00e9 \u0159ed\u011bn\u00ed ani slo\u017eitou p\u0159\u00edpravu. Lze jej nan\u00e1\u0161et \u0161t\u011btcem, v\u00e1le\u010dkem nebo st\u0159\u00edk\u00e1n\u00edm, co\u017e zaji\u0161\u0165uje rovnom\u011brn\u00e9 rozlo\u017een\u00ed a optim\u00e1ln\u00ed absorpci do materi\u00e1lu. Jeho tekut\u00e1 struktura umo\u017e\u0148uje rychlou a homogenn\u00ed penetraci, \u010d\u00edm\u017e se vyhnete rozs\u00e1hl\u00e9 pr\u00e1ci.<\/p>\n<p><strong><img decoding=\"async\" style=\"margin-right: 12px;\" src=\"https:\/\/www.ferberpainting.com\/wp-content\/uploads\/2026\/02\/Check.svg\" alt=\"\" width=\"18\" height=\"15\" \/>Odoln\u00e9 \u0159e\u0161en\u00ed pro dlouhotrvaj\u00edc\u00ed pevn\u00e9 st\u011bny.<\/strong>\u00a0Na rozd\u00edl od do\u010dasn\u00fdch povrchov\u00fdch \u00faprav p\u016fsob\u00ed toto tu\u017eidlo hluboko ve struktu\u0159e st\u011bny a trvale konsoliduje oslaben\u00e9 materi\u00e1ly. Po vst\u0159eb\u00e1n\u00ed a vyschnut\u00ed vytv\u00e1\u0159\u00ed miner\u00e1ln\u00ed bari\u00e9ru odolnou v\u016f\u010di trhlin\u00e1m, vlhkosti a vn\u011bj\u0161\u00edmu po\u0161kozen\u00ed, \u010d\u00edm\u017e zaji\u0161\u0165uje \u00fa\u010dinnou ochranu po dobu n\u011bkolika let.<\/p>\n<p><strong><img decoding=\"async\" style=\"margin-right: 12px;\" src=\"https:\/\/www.ferberpainting.com\/wp-content\/uploads\/2026\/02\/Check.svg\" alt=\"\" width=\"18\" height=\"15\" \/>Rychl\u00e9 schnut\u00ed pro okam\u017eit\u00fd n\u00e1vrat do provozu.<\/strong>\u00a0Jeho penetra\u010dn\u00ed \u00fa\u010dinek umo\u017e\u0148uje rychl\u00e9 vytvrzen\u00ed b\u011bhem n\u011bkolika hodin v z\u00e1vislosti na p\u00f3rovitosti podkladu. B\u011bhem 24 a\u017e 48 hodin z\u00edsk\u00e1 st\u011bna dostate\u010dnou pevnost, aby mohla b\u00fdt pokryta barvou, n\u00e1t\u011brem nebo jinou povrchovou \u00fapravou, co\u017e urychluje obnovu a zabra\u0148uje dlouh\u00fdm \u010dekac\u00edm lh\u016ft\u00e1m.<\/p>\n<h2><strong>Protokol o pou\u017eit\u00ed<\/strong><\/h2>\n<ul>\n<li><strong>P\u0159\u00edprava povrchu :<\/strong> O\u010dist\u011bte st\u011bnu od prachu, ne\u010distot a zbytk\u016f star\u00fdch barev nebo nep\u0159ilnav\u00fdch n\u00e1t\u011br\u016f. V p\u0159\u00edpad\u011b pot\u0159eby povrch lehce vykart\u00e1\u010dujte, abyste zlep\u0161ili pronik\u00e1n\u00ed tu\u017eidla.<\/li>\n<li><strong>Doporu\u010den\u00e9 d\u00e1vkov\u00e1n\u00ed : <\/strong>Naneste 0,2 a\u017e 0,5 l na m\u00b2 v z\u00e1vislosti na nas\u00e1kavosti podkladu a stupni degradace. Vysoce droliv\u00e9 st\u011bny mohou vy\u017eadovat druhou aplikaci pro optim\u00e1ln\u00ed zpevn\u011bn\u00ed.<\/li>\n<li><strong>Pou\u017eit\u00ed tu\u017eidla :<\/strong> Nan\u00e1\u0161ejte p\u0159\u00edmo \u0161t\u011btcem, v\u00e1le\u010dkem nebo n\u00edzkotlak\u00fdm post\u0159ikova\u010dem a dbejte na d\u016fkladn\u00e9 nasycen\u00ed povrchu. Pracujte po \u010d\u00e1stech, abyste zajistili rovnom\u011brnou absorpci a vyhnuli se nedostate\u010dn\u011b o\u0161et\u0159en\u00fdm m\u00edst\u016fm.<\/li>\n<li><strong>Doba pr\u016fniku :<\/strong> Nechte p\u0159\u00edpravek p\u016fsobit 10 a\u017e 30 minut, aby se mohl do materi\u00e1lu hluboce vst\u0159ebat. U velmi por\u00e9zn\u00edch povrch\u016f lze po \u010d\u00e1ste\u010dn\u00e9m zaschnut\u00ed prvn\u00ed vrstvy nan\u00e9st druhou vrstvu.<\/li>\n<li><strong>Kompletn\u00ed su\u0161en\u00ed :<\/strong> P\u0159ed nanesen\u00edm dokon\u010dovac\u00edho p\u0159\u00edpravku, a\u0165 u\u017e barvy, om\u00edtky nebo jin\u00e9ho n\u00e1t\u011bru, nechte 24 a\u017e 48 hodin zaschnout. B\u011bhem t\u00e9to f\u00e1ze vytvrzov\u00e1n\u00ed se vyhn\u011bte dlouhodob\u00e9mu p\u016fsoben\u00ed vlhkosti.<\/li>\n<li><strong>Dokon\u010dovac\u00ed pr\u00e1ce a \u00fadr\u017eba :<\/strong> Po zpevn\u011bn\u00ed lze st\u011bnu podle po\u017eadovan\u00e9ho efektu nat\u0159\u00edt, om\u00edtnout nebo ponechat v surov\u00e9m stavu. Pro dosa\u017een\u00ed optim\u00e1ln\u00edho v\u00fdsledku lze p\u0159ed nanesen\u00edm povrchov\u00e9 \u00fapravy prov\u00e9st lehk\u00e9 brou\u0161en\u00ed, aby se o\u0161et\u0159en\u00fd povrch vyhladil.<\/li>\n<li><strong>\u010ci\u0161t\u011bn\u00ed n\u00e1stroj\u016f :<\/strong> Po pou\u017eit\u00ed n\u00e1\u0159ad\u00ed ihned o\u010dist\u011bte \u010distou vodou, abyste zabr\u00e1nili jeho ucp\u00e1n\u00ed a prodlou\u017eili jeho \u017eivotnost.<\/li>\n<\/ul>\n<p>&nbsp;<\/p>","protected":false},"excerpt":{"rendered":"<p>Reinforcement and stabilization of damaged walls.\u00a0This hardener is specially designed to strengthen porous, friable, or degraded surfaces by deeply penetrating the material&#8217;s structure. It restores cohesion to old or weakened walls due to wear, moisture, and weather, making them more resistant and durable without altering their original appearance. Money-back guarantee. We have absolute confidence in [&hellip;]<\/p>\n","protected":false},"featured_media":26025,"comment_status":"open","ping_status":"closed","template":"","meta":{"_uag_custom_page_level_css":"","site-sidebar-layout":"default","site-content-layout":"","ast-site-content-layout":"default","site-content-style":"default","site-sidebar-style":"default","ast-global-header-display":"","ast-banner-title-visibility":"","ast-main-header-display":"","ast-hfb-above-header-display":"","ast-hfb-below-header-display":"","ast-hfb-mobile-header-display":"","site-post-title":"","ast-breadcrumbs-content":"","ast-featured-img":"","footer-sml-layout":"","ast-disable-related-posts":"","theme-transparent-header-meta":"default","adv-header-id-meta":"","stick-header-meta":"","header-above-stick-meta":"","header-main-stick-meta":"","header-below-stick-meta":"","astra-migrate-meta-layouts":"set","ast-page-background-enabled":"default","ast-page-background-meta":{"desktop":{"background-color":"var(--ast-global-color-4)","background-image":"","background-repeat":"repeat","background-position":"center center","background-size":"auto","background-attachment":"scroll","background-type":"","background-media":"","overlay-type":"","overlay-color":"","overlay-opacity":"","overlay-gradient":""},"tablet":{"background-color":"","background-image":"","background-repeat":"repeat","background-position":"center center","background-size":"auto","background-attachment":"scroll","background-type":"","background-media":"","overlay-type":"","overlay-color":"","overlay-opacity":"","overlay-gradient":""},"mobile":{"background-color":"","background-image":"","background-repeat":"repeat","background-position":"center center","background-size":"auto","background-attachment":"scroll","background-type":"","background-media":"","overlay-type":"","overlay-color":"","overlay-opacity":"","overlay-gradient":""}},"ast-content-background-meta":{"desktop":{"background-color":"var(--ast-global-color-5)","background-image":"","background-repeat":"repeat","background-position":"center center","background-size":"auto","background-attachment":"scroll","background-type":"","background-media":"","overlay-type":"","overlay-color":"","overlay-opacity":"","overlay-gradient":""},"tablet":{"background-color":"var(--ast-global-color-5)","background-image":"","background-repeat":"repeat","background-position":"center center","background-size":"auto","background-attachment":"scroll","background-type":"","background-media":"","overlay-type":"","overlay-color":"","overlay-opacity":"","overlay-gradient":""},"mobile":{"background-color":"var(--ast-global-color-5)","background-image":"","background-repeat":"repeat","background-position":"center center","background-size":"auto","background-attachment":"scroll","background-type":"","background-media":"","overlay-type":"","overlay-color":"","overlay-opacity":"","overlay-gradient":""}}},"product_brand":[],"product_cat":[176],"product_tag":[],"class_list":{"0":"post-23527","1":"product","2":"type-product","3":"status-publish","4":"has-post-thumbnail","6":"product_cat-concrete-treatment","7":"desktop-align-left","8":"tablet-align-left","9":"mobile-align-left","11":"first","12":"instock","13":"sale","14":"shipping-taxable","15":"purchasable","16":"product-type-variable","17":"has-default-attributes"},"spectra_custom_meta":{"_visibility":["visible"],"_shopify_product_id":["9059742023925"],"_s2w_shopify_domain":["ferberpainting.myshopify.com"],"_shopify_variant_id":["46481941135605"],"_sku":[""],"_manage_stock":["no"],"total_sales":["157"],"_tax_status":["taxable"],"_tax_class":[""],"_backorders":["no"],"_sold_individually":["no"],"_virtual":["no"],"_downloadable":["no"],"_download_limit":["-1"],"_download_expiry":["-1"],"_stock":[null],"_stock_status":["instock"],"_wc_average_rating":["4.86"],"_wc_review_count":["7"],"_product_attributes":["a:1:{s:6:\"volume\";a:6:{s:4:\"name\";s:6:\"Volume\";s:5:\"value\";s:20:\"5 liters | 25 liters\";s:8:\"position\";i:1;s:10:\"is_visible\";i:0;s:12:\"is_variation\";i:1;s:11:\"is_taxonomy\";i:0;}}"],"_product_version":["10.5.1"],"_thumbnail_id":["26025"],"_product_image_gallery":["26026"],"wpse_downloadable_file_names":[""],"wpse_downloadable_file_urls":[""],"_edit_last":["1"],"_default_attributes":["a:1:{s:6:\"volume\";s:8:\"5 liters\";}"],"_edit_lock":["1771179416:1"],"_price":["29.90","129.90"],"merchant-center-availability":["yes"],"merchant-center-category":["2277"],"_wp_page_template":["default"],"site-sidebar-layout":["default"],"ast-site-content-layout":["default"],"site-content-style":["default"],"site-sidebar-style":["default"],"theme-transparent-header-meta":["default"],"_wc_rating_count":["a:2:{i:4;i:1;i:5;i:6;}"],"astra-migrate-meta-layouts":["set"],"_uag_css_file_name":["uag-css-23527.css"],"_elementor_page_assets":["a:0:{}"],"_uag_page_assets":["a:9:{s:3:\"css\";s:6873:\".wp-block-uagb-image{display:flex}.wp-block-uagb-image__figure{position:relative;display:flex;flex-direction:column;max-width:100%;height:auto;margin:0}.wp-block-uagb-image__figure img{height:auto;display:flex;max-width:100%;transition:box-shadow .2s ease}.wp-block-uagb-image__figure>a{display:inline-block}.wp-block-uagb-image__figure figcaption{text-align:center;margin-top:.5em;margin-bottom:1em}.wp-block-uagb-image .components-placeholder.block-editor-media-placeholder .components-placeholder__instructions{align-self:center}.wp-block-uagb-image--align-left{text-align:left}.wp-block-uagb-image--align-right{text-align:right}.wp-block-uagb-image--align-center{text-align:center}.wp-block-uagb-image--align-full .wp-block-uagb-image__figure{margin-left:calc(50% - 50vw);margin-right:calc(50% - 50vw);max-width:100vw;width:100vw;height:auto}.wp-block-uagb-image--align-full .wp-block-uagb-image__figure img{height:auto;width:100% !important}.wp-block-uagb-image--align-wide .wp-block-uagb-image__figure img{height:auto;width:100%}.wp-block-uagb-image--layout-overlay__color-wrapper{position:absolute;left:0;top:0;right:0;bottom:0;opacity:.2;background:rgba(0,0,0,.5);transition:opacity .35s ease-in-out}.wp-block-uagb-image--layout-overlay-link{position:absolute;left:0;right:0;bottom:0;top:0}.wp-block-uagb-image--layout-overlay .wp-block-uagb-image__figure:hover .wp-block-uagb-image--layout-overlay__color-wrapper{opacity:1}.wp-block-uagb-image--layout-overlay__inner{position:absolute;left:15px;right:15px;bottom:15px;top:15px;display:flex;align-items:center;justify-content:center;flex-direction:column;border-color:#fff;transition:.35s ease-in-out}.wp-block-uagb-image--layout-overlay__inner.top-left,.wp-block-uagb-image--layout-overlay__inner.top-center,.wp-block-uagb-image--layout-overlay__inner.top-right{justify-content:flex-start}.wp-block-uagb-image--layout-overlay__inner.bottom-left,.wp-block-uagb-image--layout-overlay__inner.bottom-center,.wp-block-uagb-image--layout-overlay__inner.bottom-right{justify-content:flex-end}.wp-block-uagb-image--layout-overlay__inner.top-left,.wp-block-uagb-image--layout-overlay__inner.center-left,.wp-block-uagb-image--layout-overlay__inner.bottom-left{align-items:flex-start}.wp-block-uagb-image--layout-overlay__inner.top-right,.wp-block-uagb-image--layout-overlay__inner.center-right,.wp-block-uagb-image--layout-overlay__inner.bottom-right{align-items:flex-end}.wp-block-uagb-image--layout-overlay__inner .uagb-image-heading{color:#fff;transition:transform .35s,opacity .35s ease-in-out;transform:translate3d(0, 24px, 0);margin:0;line-height:1em}.wp-block-uagb-image--layout-overlay__inner .uagb-image-separator{width:30%;border-top-width:2px;border-top-color:#fff;border-top-style:solid;margin-bottom:10px;opacity:0;transition:transform .4s,opacity .4s ease-in-out;transform:translate3d(0, 30px, 0)}.wp-block-uagb-image--layout-overlay__inner .uagb-image-caption{opacity:0;overflow:visible;color:#fff;transition:transform .45s,opacity .45s ease-in-out;transform:translate3d(0, 35px, 0)}.wp-block-uagb-image--layout-overlay__inner:hover .uagb-image-heading,.wp-block-uagb-image--layout-overlay__inner:hover .uagb-image-separator,.wp-block-uagb-image--layout-overlay__inner:hover .uagb-image-caption{opacity:1;transform:translate3d(0, 0, 0)}.wp-block-uagb-image--effect-zoomin .wp-block-uagb-image__figure img,.wp-block-uagb-image--effect-zoomin .wp-block-uagb-image__figure .wp-block-uagb-image--layout-overlay__color-wrapper{transform:scale(1);transition:transform .35s ease-in-out}.wp-block-uagb-image--effect-zoomin .wp-block-uagb-image__figure:hover img,.wp-block-uagb-image--effect-zoomin .wp-block-uagb-image__figure:hover .wp-block-uagb-image--layout-overlay__color-wrapper{transform:scale(1.05)}.wp-block-uagb-image--effect-slide .wp-block-uagb-image__figure img,.wp-block-uagb-image--effect-slide .wp-block-uagb-image__figure .wp-block-uagb-image--layout-overlay__color-wrapper{width:calc(100% + 40px) !important;max-width:none !important;transform:translate3d(-40px, 0, 0);transition:transform .35s ease-in-out}.wp-block-uagb-image--effect-slide .wp-block-uagb-image__figure:hover img,.wp-block-uagb-image--effect-slide .wp-block-uagb-image__figure:hover .wp-block-uagb-image--layout-overlay__color-wrapper{transform:translate3d(0, 0, 0)}.wp-block-uagb-image--effect-grayscale img{filter:grayscale(0%);transition:.35s ease-in-out}.wp-block-uagb-image--effect-grayscale:hover img{filter:grayscale(100%)}.wp-block-uagb-image--effect-blur img{filter:blur(0);transition:.35s ease-in-out}.wp-block-uagb-image--effect-blur:hover img{filter:blur(3px)}.uagb-block-e6f939b3.wp-block-uagb-image--layout-default figure img{box-shadow: 0px 0px 0 #00000070;}.uagb-block-e6f939b3.wp-block-uagb-image .wp-block-uagb-image__figure figcaption{font-style: normal;align-self: center;}.uagb-block-e6f939b3.wp-block-uagb-image--layout-overlay figure img{box-shadow: 0px 0px 0 #00000070;}.uagb-block-e6f939b3.wp-block-uagb-image--layout-overlay .wp-block-uagb-image--layout-overlay__color-wrapper{opacity: 0.2;}.uagb-block-e6f939b3.wp-block-uagb-image--layout-overlay .wp-block-uagb-image--layout-overlay__inner{left: 15px;right: 15px;top: 15px;bottom: 15px;}.uagb-block-e6f939b3.wp-block-uagb-image--layout-overlay .wp-block-uagb-image--layout-overlay__inner .uagb-image-heading{font-style: normal;color: #fff;opacity: 1;}.uagb-block-e6f939b3.wp-block-uagb-image--layout-overlay .wp-block-uagb-image--layout-overlay__inner .uagb-image-heading a{color: #fff;}.uagb-block-e6f939b3.wp-block-uagb-image--layout-overlay .wp-block-uagb-image--layout-overlay__inner .uagb-image-caption{opacity: 0;}.uagb-block-e6f939b3.wp-block-uagb-image--layout-overlay .wp-block-uagb-image__figure:hover .wp-block-uagb-image--layout-overlay__color-wrapper{opacity: 1;}.uagb-block-e6f939b3.wp-block-uagb-image .wp-block-uagb-image--layout-overlay__inner .uagb-image-separator{width: 30%;border-top-width: 2px;border-top-color: #fff;opacity: 0;}.uagb-block-e6f939b3.wp-block-uagb-image .wp-block-uagb-image__figure img{width: px;height: auto;}.uagb-block-e6f939b3.wp-block-uagb-image .wp-block-uagb-image__figure:hover .wp-block-uagb-image--layout-overlay__inner .uagb-image-caption{opacity: 1;}.uagb-block-e6f939b3.wp-block-uagb-image .wp-block-uagb-image__figure:hover .wp-block-uagb-image--layout-overlay__inner .uagb-image-separator{opacity: 1;}.uagb-block-e6f939b3.wp-block-uagb-image--layout-default figure:hover img{box-shadow: 0px 0px 0 #00000070;}.uagb-block-e6f939b3.wp-block-uagb-image--layout-overlay figure:hover img{box-shadow: 0px 0px 0 #00000070;}@media only screen and (max-width: 976px) {.uagb-block-e6f939b3.wp-block-uagb-image .wp-block-uagb-image__figure img{width: px;height: auto;}}@media only screen and (max-width: 767px) {.uagb-block-e6f939b3.wp-block-uagb-image .wp-block-uagb-image__figure img{width: px;height: auto;}}\";s:2:\"js\";s:0:\"\";s:18:\"current_block_list\";a:13:{i:0;s:11:\"core\/search\";i:1;s:10:\"core\/group\";i:2;s:12:\"core\/heading\";i:3;s:17:\"core\/latest-posts\";i:4;s:20:\"core\/latest-comments\";i:5;s:13:\"core\/archives\";i:6;s:15:\"core\/categories\";i:7;s:14:\"core\/paragraph\";i:8;s:10:\"uagb\/image\";i:9;s:11:\"core\/spacer\";i:10;s:30:\"woocommerce\/product-categories\";i:11;s:10:\"core\/image\";i:12;s:14:\"core\/shortcode\";}s:8:\"uag_flag\";b:1;s:11:\"uag_version\";s:10:\"1777097491\";s:6:\"gfonts\";a:0:{}s:10:\"gfonts_url\";s:0:\"\";s:12:\"gfonts_files\";a:0:{}s:14:\"uag_faq_layout\";b:0;}"]},"uagb_featured_image_src":{"full":["https:\/\/www.ferberpainting.com\/wp-content\/uploads\/2025\/05\/HardenerforPorous_Crumbling_andDegradedWalls5L.png",2560,2560,false],"thumbnail":["https:\/\/www.ferberpainting.com\/wp-content\/uploads\/2025\/05\/HardenerforPorous_Crumbling_andDegradedWalls5L-150x150.png",150,150,true],"medium":["https:\/\/www.ferberpainting.com\/wp-content\/uploads\/2025\/05\/HardenerforPorous_Crumbling_andDegradedWalls5L-300x300.png",300,300,true],"medium_large":["https:\/\/www.ferberpainting.com\/wp-content\/uploads\/2025\/05\/HardenerforPorous_Crumbling_andDegradedWalls5L-768x768.png",768,768,true],"large":["https:\/\/www.ferberpainting.com\/wp-content\/uploads\/2025\/05\/HardenerforPorous_Crumbling_andDegradedWalls5L-1024x1024.png",1024,1024,true],"1536x1536":["https:\/\/www.ferberpainting.com\/wp-content\/uploads\/2025\/05\/HardenerforPorous_Crumbling_andDegradedWalls5L-1536x1536.png",1536,1536,true],"2048x2048":["https:\/\/www.ferberpainting.com\/wp-content\/uploads\/2025\/05\/HardenerforPorous_Crumbling_andDegradedWalls5L-2048x2048.png",2048,2048,true],"trp-custom-language-flag":["https:\/\/www.ferberpainting.com\/wp-content\/uploads\/2025\/05\/HardenerforPorous_Crumbling_andDegradedWalls5L-12x12.png",12,12,true],"woocommerce_thumbnail":["https:\/\/www.ferberpainting.com\/wp-content\/uploads\/2025\/05\/HardenerforPorous_Crumbling_andDegradedWalls5L-300x300.png",300,300,true],"woocommerce_single":["https:\/\/www.ferberpainting.com\/wp-content\/uploads\/2025\/05\/HardenerforPorous_Crumbling_andDegradedWalls5L-600x600.png",600,600,true],"woocommerce_gallery_thumbnail":["https:\/\/www.ferberpainting.com\/wp-content\/uploads\/2025\/05\/HardenerforPorous_Crumbling_andDegradedWalls5L-100x100.png",100,100,true]},"uagb_author_info":{"display_name":"admin","author_link":"https:\/\/www.ferberpainting.com\/cz\/author\/"},"uagb_comment_info":7,"uagb_excerpt":"Reinforcement and stabilization of damaged walls.\u00a0This hardener is specially designed to strengthen porous, friable, or degraded surfaces by deeply penetrating the material&#8217;s structure. It restores cohesion to old or weakened walls due to wear, moisture, and weather, making them more resistant and durable without altering their original appearance. Money-back guarantee. We have absolute confidence in&hellip;","_links":{"self":[{"href":"https:\/\/www.ferberpainting.com\/cz\/wp-json\/wp\/v2\/product\/23527","targetHints":{"allow":["GET"]}}],"collection":[{"href":"https:\/\/www.ferberpainting.com\/cz\/wp-json\/wp\/v2\/product"}],"about":[{"href":"https:\/\/www.ferberpainting.com\/cz\/wp-json\/wp\/v2\/types\/product"}],"replies":[{"embeddable":true,"href":"https:\/\/www.ferberpainting.com\/cz\/wp-json\/wp\/v2\/comments?post=23527"}],"version-history":[{"count":9,"href":"https:\/\/www.ferberpainting.com\/cz\/wp-json\/wp\/v2\/product\/23527\/revisions"}],"predecessor-version":[{"id":165974,"href":"https:\/\/www.ferberpainting.com\/cz\/wp-json\/wp\/v2\/product\/23527\/revisions\/165974"}],"wp:featuredmedia":[{"embeddable":true,"href":"https:\/\/www.ferberpainting.com\/cz\/wp-json\/wp\/v2\/media\/26025"}],"wp:attachment":[{"href":"https:\/\/www.ferberpainting.com\/cz\/wp-json\/wp\/v2\/media?parent=23527"}],"wp:term":[{"taxonomy":"product_brand","embeddable":true,"href":"https:\/\/www.ferberpainting.com\/cz\/wp-json\/wp\/v2\/product_brand?post=23527"},{"taxonomy":"product_cat","embeddable":true,"href":"https:\/\/www.ferberpainting.com\/cz\/wp-json\/wp\/v2\/product_cat?post=23527"},{"taxonomy":"product_tag","embeddable":true,"href":"https:\/\/www.ferberpainting.com\/cz\/wp-json\/wp\/v2\/product_tag?post=23527"}],"curies":[{"name":"wp","href":"https:\/\/api.w.org\/{rel}","templated":true}]}}