{"id":23517,"date":"2025-07-01T11:59:28","date_gmt":"2025-07-01T09:59:28","guid":{"rendered":"https:\/\/www.ferberpainting.com\/?post_type=product&#038;p=23508"},"modified":"2026-02-15T19:12:45","modified_gmt":"2026-02-15T18:12:45","slug":"grout-water-repellent","status":"publish","type":"product","link":"https:\/\/www.ferberpainting.com\/cz\/products\/grout-water-repellent\/","title":{"rendered":"Vodoodpudiv\u00fd p\u0159\u00edpravek na sp\u00e1ry"},"content":{"rendered":"<p><strong><img decoding=\"async\" style=\"margin-right: 12px;\" src=\"https:\/\/www.ferberpainting.com\/wp-content\/uploads\/2026\/02\/Check.svg\" alt=\"\" width=\"18\" height=\"15\" \/>Dlouhodob\u00e1 ochrana proti vlhkosti.<\/strong>\u00a0Tento impregna\u010dn\u00ed p\u0159\u00edpravek na sp\u00e1ry je ide\u00e1ln\u00edm \u0159e\u0161en\u00edm pro ochranu sp\u00e1r p\u0159ed pronik\u00e1n\u00edm vody a vlhkosti. Na povrchu sp\u00e1r vytv\u00e1\u0159\u00ed vodot\u011bsnou bari\u00e9ru, kter\u00e1 zabra\u0148uje pronik\u00e1n\u00ed vody a z\u00e1rove\u0148 umo\u017e\u0148uje p\u0159ilehl\u00fdm materi\u00e1l\u016fm d\u00fdchat. Je ide\u00e1ln\u00ed pro sp\u00e1ry dla\u017edic, zdiva, betonu nebo cihel a poskytuje dlouhotrvaj\u00edc\u00ed ochranu, a\u0165 u\u017e se pou\u017e\u00edv\u00e1 v interi\u00e9ru nebo exteri\u00e9ru.<\/p>\n<p><strong><img decoding=\"async\" style=\"margin-right: 12px;\" src=\"https:\/\/www.ferberpainting.com\/wp-content\/uploads\/2026\/02\/Check.svg\" alt=\"\" width=\"18\" height=\"15\" \/>Garance spokojenosti nebo vr\u00e1cen\u00ed pen\u011bz.<\/strong>\u00a0Jsme p\u0159esv\u011bd\u010deni o \u00fa\u010dinnosti na\u0161eho produktu, a proto nab\u00edz\u00edme z\u00e1ruku spokojenosti nebo vr\u00e1cen\u00ed pen\u011bz. Pokud nejste s v\u00fdsledky zcela spokojeni, m\u016f\u017eete po\u017e\u00e1dat o vr\u00e1cen\u00ed pen\u011bz v pln\u00e9 v\u00fd\u0161i. Tato z\u00e1ruka v\u00e1m umo\u017en\u00ed vyzkou\u0161et v\u00fdrobek bez rizika a u\u017e\u00edt si bezstarostn\u00fd n\u00e1kup.<\/p>\n<p><strong><img decoding=\"async\" style=\"margin-right: 12px;\" src=\"https:\/\/www.ferberpainting.com\/wp-content\/uploads\/2026\/02\/Check.svg\" alt=\"\" width=\"18\" height=\"15\" \/>Kompatibiln\u00ed se \u0161irokou \u0161k\u00e1lou materi\u00e1l\u016f.<\/strong>\u00a0Tento v\u00fdrobek je ur\u010den k pou\u017eit\u00ed na r\u016fzn\u00e9 typy spoj\u016f a materi\u00e1l\u016f. Je obzvl\u00e1\u0161t\u011b \u00fa\u010dinn\u00fd na sp\u00e1ry dla\u017edic, betonu, cementu a cihel a podobn\u00fdch materi\u00e1l\u016f. A\u0165 u\u017e se jedn\u00e1 o pou\u017eit\u00ed v koupeln\u011b, kuchyni, na terase nebo ve venkovn\u00edch sp\u00e1r\u00e1ch vystaven\u00fdch vlhkosti, tento impregna\u010dn\u00ed p\u0159\u00edpravek na sp\u00e1ry je univerz\u00e1ln\u00edm \u0159e\u0161en\u00edm, kter\u00e9 zaji\u0161\u0165uje optim\u00e1ln\u00ed v\u00fdkon na mnoha povr\u0161\u00edch.<\/p>\n<p><strong><img decoding=\"async\" style=\"margin-right: 12px;\" src=\"https:\/\/www.ferberpainting.com\/wp-content\/uploads\/2026\/02\/Check.svg\" alt=\"\" width=\"18\" height=\"15\" \/>\u00dasporn\u00fd v\u00fdkon.<\/strong>\u00a0Tento impregna\u010dn\u00ed prost\u0159edek na sp\u00e1ry nab\u00edz\u00ed vynikaj\u00edc\u00ed hospod\u00e1rnost. P\u011btilitrov\u00e1 n\u00e1doba dok\u00e1\u017ee o\u0161et\u0159it des\u00edtky metr\u016f \u010dtvere\u010dn\u00edch sp\u00e1r a zajist\u00ed dlouhodobou ochranu jedinou aplikac\u00ed. V pr\u016fm\u011bru jeden litr o\u0161et\u0159\u00ed p\u0159ibli\u017en\u011b 10 a\u017e 12 m\u00b2 sp\u00e1r v z\u00e1vislosti na jejich velikosti a p\u00f3rovitosti, co\u017e z n\u011bj \u010din\u00ed vynikaj\u00edc\u00ed hodnotu pro velk\u00e9 projekty.<\/p>\n<p><strong><img decoding=\"async\" style=\"margin-right: 12px;\" src=\"https:\/\/www.ferberpainting.com\/wp-content\/uploads\/2026\/02\/Check.svg\" alt=\"\" width=\"18\" height=\"15\" \/>Bezpe\u010dn\u00e9 a \u0161etrn\u00e9 k materi\u00e1lu.<\/strong>\u00a0Tento v\u00fdrobek je vytvo\u0159en ze speci\u00e1ln\u011b vybran\u00fdch slo\u017eek pro bezpe\u010dn\u00e9 pou\u017eit\u00ed a respektuje o\u0161et\u0159en\u00e9 materi\u00e1ly. Neobsahuje \u017e\u00e1dn\u00e9 agresivn\u00ed chemik\u00e1lie, tak\u017ee je ide\u00e1ln\u00ed pro choulostiv\u00e9 povrchy, jako jsou sp\u00e1ry dla\u017edic a por\u00e9zn\u00ed materi\u00e1ly. Nem\u011bn\u00ed vzhled, strukturu ani barvu sp\u00e1r, co\u017e umo\u017e\u0148uje dos\u00e1hnout p\u0159irozen\u00e9ho a estetick\u00e9ho vzhledu.<\/p>\n<p><strong><img decoding=\"async\" style=\"margin-right: 12px;\" src=\"https:\/\/www.ferberpainting.com\/wp-content\/uploads\/2026\/02\/Check.svg\" alt=\"\" width=\"18\" height=\"15\" \/>Rychl\u00e1 a snadn\u00e1 aplikace.<\/strong>\u00a0Tento impregna\u010dn\u00ed p\u0159\u00edpravek na sp\u00e1ry je p\u0159ipraven k pou\u017eit\u00ed a nen\u00ed nutn\u00e9 jej \u0159edit. Jeho jednoduch\u00e1 aplikace nevy\u017eaduje \u017e\u00e1dn\u00e9 speci\u00e1ln\u00ed dovednosti. Sta\u010d\u00ed jej nast\u0159\u00edkat p\u0159\u00edmo na sp\u00e1ry a rozet\u0159\u00edt \u0161t\u011btcem, v\u00e1le\u010dkem nebo houbou. P\u0159\u00edpravek se snadno vst\u0159eb\u00e1v\u00e1 a rychle zasych\u00e1, \u010d\u00edm\u017e poskytuje okam\u017eitou ochranu proti vlhkosti.<\/p>\n<p><strong><img decoding=\"async\" style=\"margin-right: 12px;\" src=\"https:\/\/www.ferberpainting.com\/wp-content\/uploads\/2026\/02\/Check.svg\" alt=\"\" width=\"18\" height=\"15\" \/>Zv\u00fd\u0161en\u00e1 odolnost.<\/strong>\u00a0Po nanesen\u00ed vytvo\u0159\u00ed v\u00fdrobek neviditelnou bari\u00e9ru, kter\u00e1 chr\u00e1n\u00ed sp\u00e1ry p\u0159ed vlhkost\u00ed a vodou po dobu n\u011bkolika m\u011bs\u00edc\u016f nebo dokonce let, v z\u00e1vislosti na expozici. Je navr\u017een tak, aby odol\u00e1val n\u00e1ro\u010dn\u00fdm venkovn\u00edm podm\u00ednk\u00e1m a snadno nedegradoval ani po n\u011bkolika umyt\u00edch nebo obdob\u00edch s vysokou vlhkost\u00ed. Vyu\u017e\u00edv\u00e1te v\u00fdhod dlouhotrvaj\u00edc\u00ed ochrany s minim\u00e1ln\u00ed \u00fadr\u017ebou.<\/p>\n<p><strong><img decoding=\"async\" style=\"margin-right: 12px;\" src=\"https:\/\/www.ferberpainting.com\/wp-content\/uploads\/2026\/02\/Check.svg\" alt=\"\" width=\"18\" height=\"15\" \/>Rychl\u00fd \u00fa\u010dinek a okam\u017eit\u00e1 \u00fa\u010dinnost.<\/strong>\u00a0Tento impregna\u010dn\u00ed p\u0159\u00edpravek na sp\u00e1ry p\u016fsob\u00ed velmi rychle. Po jednoduch\u00e9 aplikaci p\u0159\u00edpravek obvykle zaschne za m\u00e9n\u011b ne\u017e jednu hodinu a za\u010dne poskytovat sv\u00e9 ochrann\u00e9 \u00fa\u010dinky. T\u00e9m\u011b\u0159 okam\u017eit\u011b za\u010dne odpuzovat vodu, tak\u017ee kr\u00e1tce pot\u00e9 m\u016f\u017eete o\u0161et\u0159enou oblast d\u00e1le pou\u017e\u00edvat.<\/p>\n<h2><strong>Protokol o pou\u017eit\u00ed<\/strong><\/h2>\n<ul>\n<li><strong>P\u0159\u00edprava povrchu <\/strong>: P\u0159ed nanesen\u00edm impregna\u010dn\u00edho prost\u0159edku na sp\u00e1ry se ujist\u011bte, \u017ee jsou sp\u00e1ry \u010dist\u00e9, such\u00e9 a zbaven\u00e9 prachu, ne\u010distot nebo zbytk\u016f. V p\u0159\u00edpad\u011b pot\u0159eby sp\u00e1ry o\u010dist\u011bte vhodn\u00fdm \u010distic\u00edm prost\u0159edkem a nechte je zcela vyschnout. Je nezbytn\u00e9, aby byly sp\u00e1ry zcela such\u00e9, aby byla zaji\u0161t\u011bna spr\u00e1vn\u00e1 absorpce produktu.<\/li>\n<li><strong>Aplikace produktu <\/strong>: P\u0159\u00edpravek je p\u0159ipraven k pou\u017eit\u00ed a nevy\u017eaduje \u0159ed\u011bn\u00ed. P\u0159ed pou\u017eit\u00edm n\u00e1dobu lehce prot\u0159epejte. P\u0159\u00edpravek rovnom\u011brn\u011b nast\u0159\u00edkejte p\u0159\u00edmo na sp\u00e1ry. K rozet\u0159en\u00ed p\u0159\u00edpravku a zaji\u0161t\u011bn\u00ed pln\u00e9 penetrace m\u016f\u017eete pou\u017e\u00edt tak\u00e9 \u0161t\u011btec nebo houbu.<\/li>\n<li><strong>\u010c\u00e1stka k pou\u017eit\u00ed <\/strong>: Jeden litr p\u0159\u00edpravku pokryje v pr\u016fm\u011bru p\u0159ibli\u017en\u011b 10 a\u017e 12 m\u00b2 sp\u00e1r. Pro optim\u00e1ln\u00ed ochranu naneste rad\u011bji n\u011bkolik slab\u00fdch vrstev ne\u017e jednu silnou vrstvu.<\/li>\n<li><strong>Doba su\u0161en\u00ed <\/strong>: Po aplikaci nechte v\u00fdrobek zaschnout 30 minut a\u017e 1 hodinu v z\u00e1vislosti na teplot\u011b a vlhkosti. Po zaschnut\u00ed vytvo\u0159\u00ed vodot\u011bsnou bari\u00e9ru, kter\u00e1 \u00fa\u010dinn\u011b chr\u00e1n\u00ed p\u0159ed pronik\u00e1n\u00edm vody. Pro dosa\u017een\u00ed nejlep\u0161\u00edch v\u00fdsledk\u016f nevystavujte povrch b\u011bhem prvn\u00edch n\u011bkolika hodin po aplikaci vlhkosti.<\/li>\n<li><strong>\u00dadr\u017eba a op\u011btovn\u00e9 pou\u017eit\u00ed <\/strong>: Pro zachov\u00e1n\u00ed \u00fa\u010dinnosti p\u0159\u00edpravku se doporu\u010duje opakovan\u00e1 aplikace ka\u017ed\u00fdch 6 a\u017e 12 m\u011bs\u00edc\u016f v z\u00e1vislosti na pov\u011btrnostn\u00edch podm\u00ednk\u00e1ch a vlhkosti. Jednoduch\u00e1 kontrola sp\u00e1r pom\u016f\u017ee ur\u010dit, zda je nutn\u00e1 nov\u00e1 aplikace. Pokud se objev\u00ed zn\u00e1mky opot\u0159eben\u00ed nebo pronik\u00e1n\u00ed vody, aplikujte p\u0159\u00edpravek znovu.<\/li>\n<li><strong>Dal\u0161\u00ed bezpe\u010dnostn\u00ed opat\u0159en\u00ed <\/strong>: Na o\u0161et\u0159en\u00e9 spoje nepou\u017e\u00edvejte drsn\u00e9 nebo abrazivn\u00ed \u010distic\u00ed prost\u0159edky, proto\u017ee by mohly po\u0161kodit vodot\u011bsn\u00fd povlak. Pokud je \u010di\u0161t\u011bn\u00ed nutn\u00e9, volte jemn\u00e9, nekorozivn\u00ed prost\u0159edky, abyste zachovali hydroizola\u010dn\u00ed povlak a prodlou\u017eili jeho \u017eivotnost.<\/li>\n<\/ul>\n<p>Impregnace sp\u00e1r je jednoduch\u00e9, rychl\u00e9 a \u00fa\u010dinn\u00e9 \u0159e\u0161en\u00ed, kter\u00e9 prodlou\u017e\u00ed \u017eivotnost va\u0161ich sp\u00e1r a z\u00e1rove\u0148 je ochr\u00e1n\u00ed p\u0159ed vlhkost\u00ed. A\u0165 u\u017e se jedn\u00e1 o sp\u00e1ry dla\u017edic, zdiva nebo betonu, pom\u016f\u017ee v\u00e1m udr\u017eet povrchy such\u00e9 a odoln\u00e9 i ve velmi vlhk\u00e9m prost\u0159ed\u00ed.<\/p>","protected":false},"excerpt":{"rendered":"<p>Long-Lasting Protection Against Moisture.\u00a0This joint waterproofer is the ideal solution to protect your joints from water infiltration and humidity. It creates a waterproof barrier on joint surfaces, preventing water from penetrating while allowing adjacent materials to breathe. Perfect for tile, masonry, concrete, or brick joints, it provides long-lasting protection, whether used indoors or outdoors. Satisfaction [&hellip;]<\/p>\n","protected":false},"featured_media":36284,"comment_status":"open","ping_status":"closed","template":"","meta":{"_uag_custom_page_level_css":"","site-sidebar-layout":"default","site-content-layout":"","ast-site-content-layout":"default","site-content-style":"default","site-sidebar-style":"default","ast-global-header-display":"","ast-banner-title-visibility":"","ast-main-header-display":"","ast-hfb-above-header-display":"","ast-hfb-below-header-display":"","ast-hfb-mobile-header-display":"","site-post-title":"","ast-breadcrumbs-content":"","ast-featured-img":"","footer-sml-layout":"","ast-disable-related-posts":"","theme-transparent-header-meta":"default","adv-header-id-meta":"","stick-header-meta":"","header-above-stick-meta":"","header-main-stick-meta":"","header-below-stick-meta":"","astra-migrate-meta-layouts":"set","ast-page-background-enabled":"default","ast-page-background-meta":{"desktop":{"background-color":"var(--ast-global-color-4)","background-image":"","background-repeat":"repeat","background-position":"center center","background-size":"auto","background-attachment":"scroll","background-type":"","background-media":"","overlay-type":"","overlay-color":"","overlay-opacity":"","overlay-gradient":""},"tablet":{"background-color":"","background-image":"","background-repeat":"repeat","background-position":"center center","background-size":"auto","background-attachment":"scroll","background-type":"","background-media":"","overlay-type":"","overlay-color":"","overlay-opacity":"","overlay-gradient":""},"mobile":{"background-color":"","background-image":"","background-repeat":"repeat","background-position":"center center","background-size":"auto","background-attachment":"scroll","background-type":"","background-media":"","overlay-type":"","overlay-color":"","overlay-opacity":"","overlay-gradient":""}},"ast-content-background-meta":{"desktop":{"background-color":"var(--ast-global-color-5)","background-image":"","background-repeat":"repeat","background-position":"center center","background-size":"auto","background-attachment":"scroll","background-type":"","background-media":"","overlay-type":"","overlay-color":"","overlay-opacity":"","overlay-gradient":""},"tablet":{"background-color":"var(--ast-global-color-5)","background-image":"","background-repeat":"repeat","background-position":"center center","background-size":"auto","background-attachment":"scroll","background-type":"","background-media":"","overlay-type":"","overlay-color":"","overlay-opacity":"","overlay-gradient":""},"mobile":{"background-color":"var(--ast-global-color-5)","background-image":"","background-repeat":"repeat","background-position":"center center","background-size":"auto","background-attachment":"scroll","background-type":"","background-media":"","overlay-type":"","overlay-color":"","overlay-opacity":"","overlay-gradient":""}}},"product_brand":[],"product_cat":[191],"product_tag":[],"class_list":{"0":"post-23517","1":"product","2":"type-product","3":"status-publish","4":"has-post-thumbnail","6":"product_cat-water-repellent","7":"desktop-align-left","8":"tablet-align-left","9":"mobile-align-left","11":"first","12":"instock","13":"sale","14":"taxable","15":"shipping-taxable","16":"purchasable","17":"product-type-variable","18":"has-default-attributes"},"spectra_custom_meta":{"_visibility":["visible"],"_shopify_product_id":["9106583847157"],"_s2w_shopify_domain":["ferberpainting.myshopify.com"],"_shopify_variant_id":["46626295415029"],"_sku":[""],"_manage_stock":["no"],"total_sales":["15"],"_tax_status":["taxable"],"_tax_class":[""],"_backorders":["no"],"_sold_individually":["no"],"_virtual":["no"],"_downloadable":["no"],"_download_limit":["-1"],"_download_expiry":["-1"],"_stock":[null],"_stock_status":["instock"],"_wc_average_rating":["5.00"],"_wc_review_count":["10"],"_product_attributes":["a:1:{s:6:\"volume\";a:6:{s:4:\"name\";s:6:\"Volume\";s:5:\"value\";s:20:\"5 liters | 25 liters\";s:8:\"position\";i:1;s:10:\"is_visible\";i:0;s:12:\"is_variation\";i:1;s:11:\"is_taxonomy\";i:0;}}"],"_product_version":["10.5.1"],"wpse_downloadable_file_names":[""],"wpse_downloadable_file_urls":[""],"_edit_last":["1"],"_default_attributes":["a:1:{s:6:\"volume\";s:8:\"5 liters\";}"],"_edit_lock":["1771179050:1"],"_price":["29.90","129.90"],"merchant-center-category":["503744"],"merchant-center-availability":["yes"],"_thumbnail_id":["36284"],"_wp_page_template":["default"],"_wp_old_date":["2025-05-26"],"_product_image_gallery":["36278"],"site-sidebar-layout":["default"],"ast-site-content-layout":["default"],"site-content-style":["default"],"site-sidebar-style":["default"],"theme-transparent-header-meta":["default"],"_wc_rating_count":["a:1:{i:5;i:10;}"],"astra-migrate-meta-layouts":["set"],"_uag_css_file_name":["uag-css-23517.css"],"_elementor_page_assets":["a:0:{}"],"_uag_page_assets":["a:9:{s:3:\"css\";s:7133:\".uag-blocks-common-selector{z-index:var(--z-index-desktop) !important}@media(max-width: 976px){.uag-blocks-common-selector{z-index:var(--z-index-tablet) !important}}@media(max-width: 767px){.uag-blocks-common-selector{z-index:var(--z-index-mobile) !important}}.wp-block-uagb-image{display:flex}.wp-block-uagb-image__figure{position:relative;display:flex;flex-direction:column;max-width:100%;height:auto;margin:0}.wp-block-uagb-image__figure img{height:auto;display:flex;max-width:100%;transition:box-shadow .2s ease}.wp-block-uagb-image__figure>a{display:inline-block}.wp-block-uagb-image__figure figcaption{text-align:center;margin-top:.5em;margin-bottom:1em}.wp-block-uagb-image .components-placeholder.block-editor-media-placeholder .components-placeholder__instructions{align-self:center}.wp-block-uagb-image--align-left{text-align:left}.wp-block-uagb-image--align-right{text-align:right}.wp-block-uagb-image--align-center{text-align:center}.wp-block-uagb-image--align-full .wp-block-uagb-image__figure{margin-left:calc(50% - 50vw);margin-right:calc(50% - 50vw);max-width:100vw;width:100vw;height:auto}.wp-block-uagb-image--align-full .wp-block-uagb-image__figure img{height:auto;width:100% !important}.wp-block-uagb-image--align-wide .wp-block-uagb-image__figure img{height:auto;width:100%}.wp-block-uagb-image--layout-overlay__color-wrapper{position:absolute;left:0;top:0;right:0;bottom:0;opacity:.2;background:rgba(0,0,0,.5);transition:opacity .35s ease-in-out}.wp-block-uagb-image--layout-overlay-link{position:absolute;left:0;right:0;bottom:0;top:0}.wp-block-uagb-image--layout-overlay .wp-block-uagb-image__figure:hover .wp-block-uagb-image--layout-overlay__color-wrapper{opacity:1}.wp-block-uagb-image--layout-overlay__inner{position:absolute;left:15px;right:15px;bottom:15px;top:15px;display:flex;align-items:center;justify-content:center;flex-direction:column;border-color:#fff;transition:.35s ease-in-out}.wp-block-uagb-image--layout-overlay__inner.top-left,.wp-block-uagb-image--layout-overlay__inner.top-center,.wp-block-uagb-image--layout-overlay__inner.top-right{justify-content:flex-start}.wp-block-uagb-image--layout-overlay__inner.bottom-left,.wp-block-uagb-image--layout-overlay__inner.bottom-center,.wp-block-uagb-image--layout-overlay__inner.bottom-right{justify-content:flex-end}.wp-block-uagb-image--layout-overlay__inner.top-left,.wp-block-uagb-image--layout-overlay__inner.center-left,.wp-block-uagb-image--layout-overlay__inner.bottom-left{align-items:flex-start}.wp-block-uagb-image--layout-overlay__inner.top-right,.wp-block-uagb-image--layout-overlay__inner.center-right,.wp-block-uagb-image--layout-overlay__inner.bottom-right{align-items:flex-end}.wp-block-uagb-image--layout-overlay__inner .uagb-image-heading{color:#fff;transition:transform .35s,opacity .35s ease-in-out;transform:translate3d(0, 24px, 0);margin:0;line-height:1em}.wp-block-uagb-image--layout-overlay__inner .uagb-image-separator{width:30%;border-top-width:2px;border-top-color:#fff;border-top-style:solid;margin-bottom:10px;opacity:0;transition:transform .4s,opacity .4s ease-in-out;transform:translate3d(0, 30px, 0)}.wp-block-uagb-image--layout-overlay__inner .uagb-image-caption{opacity:0;overflow:visible;color:#fff;transition:transform .45s,opacity .45s ease-in-out;transform:translate3d(0, 35px, 0)}.wp-block-uagb-image--layout-overlay__inner:hover .uagb-image-heading,.wp-block-uagb-image--layout-overlay__inner:hover .uagb-image-separator,.wp-block-uagb-image--layout-overlay__inner:hover .uagb-image-caption{opacity:1;transform:translate3d(0, 0, 0)}.wp-block-uagb-image--effect-zoomin .wp-block-uagb-image__figure img,.wp-block-uagb-image--effect-zoomin .wp-block-uagb-image__figure .wp-block-uagb-image--layout-overlay__color-wrapper{transform:scale(1);transition:transform .35s ease-in-out}.wp-block-uagb-image--effect-zoomin .wp-block-uagb-image__figure:hover img,.wp-block-uagb-image--effect-zoomin .wp-block-uagb-image__figure:hover .wp-block-uagb-image--layout-overlay__color-wrapper{transform:scale(1.05)}.wp-block-uagb-image--effect-slide .wp-block-uagb-image__figure img,.wp-block-uagb-image--effect-slide .wp-block-uagb-image__figure .wp-block-uagb-image--layout-overlay__color-wrapper{width:calc(100% + 40px) !important;max-width:none !important;transform:translate3d(-40px, 0, 0);transition:transform .35s ease-in-out}.wp-block-uagb-image--effect-slide .wp-block-uagb-image__figure:hover img,.wp-block-uagb-image--effect-slide .wp-block-uagb-image__figure:hover .wp-block-uagb-image--layout-overlay__color-wrapper{transform:translate3d(0, 0, 0)}.wp-block-uagb-image--effect-grayscale img{filter:grayscale(0%);transition:.35s ease-in-out}.wp-block-uagb-image--effect-grayscale:hover img{filter:grayscale(100%)}.wp-block-uagb-image--effect-blur img{filter:blur(0);transition:.35s ease-in-out}.wp-block-uagb-image--effect-blur:hover img{filter:blur(3px)}.uagb-block-e6f939b3.wp-block-uagb-image--layout-default figure img{box-shadow: 0px 0px 0 #00000070;}.uagb-block-e6f939b3.wp-block-uagb-image .wp-block-uagb-image__figure figcaption{font-style: normal;align-self: center;}.uagb-block-e6f939b3.wp-block-uagb-image--layout-overlay figure img{box-shadow: 0px 0px 0 #00000070;}.uagb-block-e6f939b3.wp-block-uagb-image--layout-overlay .wp-block-uagb-image--layout-overlay__color-wrapper{opacity: 0.2;}.uagb-block-e6f939b3.wp-block-uagb-image--layout-overlay .wp-block-uagb-image--layout-overlay__inner{left: 15px;right: 15px;top: 15px;bottom: 15px;}.uagb-block-e6f939b3.wp-block-uagb-image--layout-overlay .wp-block-uagb-image--layout-overlay__inner .uagb-image-heading{font-style: normal;color: #fff;opacity: 1;}.uagb-block-e6f939b3.wp-block-uagb-image--layout-overlay .wp-block-uagb-image--layout-overlay__inner .uagb-image-heading a{color: #fff;}.uagb-block-e6f939b3.wp-block-uagb-image--layout-overlay .wp-block-uagb-image--layout-overlay__inner .uagb-image-caption{opacity: 0;}.uagb-block-e6f939b3.wp-block-uagb-image--layout-overlay .wp-block-uagb-image__figure:hover .wp-block-uagb-image--layout-overlay__color-wrapper{opacity: 1;}.uagb-block-e6f939b3.wp-block-uagb-image .wp-block-uagb-image--layout-overlay__inner .uagb-image-separator{width: 30%;border-top-width: 2px;border-top-color: #fff;opacity: 0;}.uagb-block-e6f939b3.wp-block-uagb-image .wp-block-uagb-image__figure img{width: px;height: auto;}.uagb-block-e6f939b3.wp-block-uagb-image .wp-block-uagb-image__figure:hover .wp-block-uagb-image--layout-overlay__inner .uagb-image-caption{opacity: 1;}.uagb-block-e6f939b3.wp-block-uagb-image .wp-block-uagb-image__figure:hover .wp-block-uagb-image--layout-overlay__inner .uagb-image-separator{opacity: 1;}.uagb-block-e6f939b3.wp-block-uagb-image--layout-default figure:hover img{box-shadow: 0px 0px 0 #00000070;}.uagb-block-e6f939b3.wp-block-uagb-image--layout-overlay figure:hover img{box-shadow: 0px 0px 0 #00000070;}@media only screen and (max-width: 976px) {.uagb-block-e6f939b3.wp-block-uagb-image .wp-block-uagb-image__figure img{width: px;height: auto;}}@media only screen and (max-width: 767px) {.uagb-block-e6f939b3.wp-block-uagb-image .wp-block-uagb-image__figure img{width: px;height: auto;}}\";s:2:\"js\";s:0:\"\";s:18:\"current_block_list\";a:13:{i:0;s:11:\"core\/search\";i:1;s:10:\"core\/group\";i:2;s:12:\"core\/heading\";i:3;s:17:\"core\/latest-posts\";i:4;s:20:\"core\/latest-comments\";i:5;s:13:\"core\/archives\";i:6;s:15:\"core\/categories\";i:7;s:14:\"core\/paragraph\";i:8;s:10:\"uagb\/image\";i:9;s:11:\"core\/spacer\";i:10;s:30:\"woocommerce\/product-categories\";i:11;s:10:\"core\/image\";i:12;s:14:\"core\/shortcode\";}s:8:\"uag_flag\";b:1;s:11:\"uag_version\";s:10:\"1777281357\";s:6:\"gfonts\";a:0:{}s:10:\"gfonts_url\";s:0:\"\";s:12:\"gfonts_files\";a:0:{}s:14:\"uag_faq_layout\";b:0;}"]},"uagb_featured_image_src":{"full":["https:\/\/www.ferberpainting.com\/wp-content\/uploads\/2025\/05\/Grout-Water-Repellent-5L-.png",2560,2560,false],"thumbnail":["https:\/\/www.ferberpainting.com\/wp-content\/uploads\/2025\/05\/Grout-Water-Repellent-5L--150x150.png",150,150,true],"medium":["https:\/\/www.ferberpainting.com\/wp-content\/uploads\/2025\/05\/Grout-Water-Repellent-5L--300x300.png",300,300,true],"medium_large":["https:\/\/www.ferberpainting.com\/wp-content\/uploads\/2025\/05\/Grout-Water-Repellent-5L--768x768.png",768,768,true],"large":["https:\/\/www.ferberpainting.com\/wp-content\/uploads\/2025\/05\/Grout-Water-Repellent-5L--1024x1024.png",1024,1024,true],"1536x1536":["https:\/\/www.ferberpainting.com\/wp-content\/uploads\/2025\/05\/Grout-Water-Repellent-5L--1536x1536.png",1536,1536,true],"2048x2048":["https:\/\/www.ferberpainting.com\/wp-content\/uploads\/2025\/05\/Grout-Water-Repellent-5L--2048x2048.png",2048,2048,true],"trp-custom-language-flag":["https:\/\/www.ferberpainting.com\/wp-content\/uploads\/2025\/05\/Grout-Water-Repellent-5L--12x12.png",12,12,true],"woocommerce_thumbnail":["https:\/\/www.ferberpainting.com\/wp-content\/uploads\/2025\/05\/Grout-Water-Repellent-5L--300x300.png",300,300,true],"woocommerce_single":["https:\/\/www.ferberpainting.com\/wp-content\/uploads\/2025\/05\/Grout-Water-Repellent-5L--600x600.png",600,600,true],"woocommerce_gallery_thumbnail":["https:\/\/www.ferberpainting.com\/wp-content\/uploads\/2025\/05\/Grout-Water-Repellent-5L--100x100.png",100,100,true]},"uagb_author_info":{"display_name":"admin","author_link":"https:\/\/www.ferberpainting.com\/cz\/author\/"},"uagb_comment_info":10,"uagb_excerpt":"Long-Lasting Protection Against Moisture.\u00a0This joint waterproofer is the ideal solution to protect your joints from water infiltration and humidity. It creates a waterproof barrier on joint surfaces, preventing water from penetrating while allowing adjacent materials to breathe. Perfect for tile, masonry, concrete, or brick joints, it provides long-lasting protection, whether used indoors or outdoors. Satisfaction&hellip;","_links":{"self":[{"href":"https:\/\/www.ferberpainting.com\/cz\/wp-json\/wp\/v2\/product\/23517","targetHints":{"allow":["GET"]}}],"collection":[{"href":"https:\/\/www.ferberpainting.com\/cz\/wp-json\/wp\/v2\/product"}],"about":[{"href":"https:\/\/www.ferberpainting.com\/cz\/wp-json\/wp\/v2\/types\/product"}],"replies":[{"embeddable":true,"href":"https:\/\/www.ferberpainting.com\/cz\/wp-json\/wp\/v2\/comments?post=23517"}],"version-history":[{"count":4,"href":"https:\/\/www.ferberpainting.com\/cz\/wp-json\/wp\/v2\/product\/23517\/revisions"}],"predecessor-version":[{"id":166347,"href":"https:\/\/www.ferberpainting.com\/cz\/wp-json\/wp\/v2\/product\/23517\/revisions\/166347"}],"wp:featuredmedia":[{"embeddable":true,"href":"https:\/\/www.ferberpainting.com\/cz\/wp-json\/wp\/v2\/media\/36284"}],"wp:attachment":[{"href":"https:\/\/www.ferberpainting.com\/cz\/wp-json\/wp\/v2\/media?parent=23517"}],"wp:term":[{"taxonomy":"product_brand","embeddable":true,"href":"https:\/\/www.ferberpainting.com\/cz\/wp-json\/wp\/v2\/product_brand?post=23517"},{"taxonomy":"product_cat","embeddable":true,"href":"https:\/\/www.ferberpainting.com\/cz\/wp-json\/wp\/v2\/product_cat?post=23517"},{"taxonomy":"product_tag","embeddable":true,"href":"https:\/\/www.ferberpainting.com\/cz\/wp-json\/wp\/v2\/product_tag?post=23517"}],"curies":[{"name":"wp","href":"https:\/\/api.w.org\/{rel}","templated":true}]}}