{"id":23511,"date":"2025-05-26T10:24:29","date_gmt":"2025-05-26T08:24:29","guid":{"rendered":"https:\/\/www.ferberpainting.com\/products\/green-plant-fertilizer\/"},"modified":"2026-02-15T16:49:00","modified_gmt":"2026-02-15T15:49:00","slug":"green-plant-fertilizer","status":"publish","type":"product","link":"https:\/\/www.ferberpainting.com\/cz\/products\/green-plant-fertilizer\/","title":{"rendered":"Hnojivo pro zelen\u00e9 rostliny"},"content":{"rendered":"<p><strong><img decoding=\"async\" style=\"margin-right: 12px;\" src=\"https:\/\/www.ferberpainting.com\/wp-content\/uploads\/2026\/02\/Check.svg\" alt=\"\" width=\"18\" height=\"15\" \/>Kompletn\u00ed hnojivo pro \u017eiv\u00e9 rostliny.<\/strong>\u00a0Toto zelen\u00e9 hnojivo je navr\u017eeno tak, aby spl\u0148ovalo specifick\u00e9 pot\u0159eby pokojov\u00fdch i venkovn\u00edch rostlin. D\u00edky slo\u017een\u00ed NPK 15-15-15 poskytuje dokonalou rovnov\u00e1hu mezi dus\u00edkem (N) pro hust\u00e9 a siln\u00e9 olist\u011bn\u00ed, fosforem (P) pro dobr\u00fd v\u00fdvoj ko\u0159en\u016f a drasl\u00edkem (K) pro zv\u00fd\u0161enou odolnost v\u016f\u010di chorob\u00e1m a z\u00e1t\u011b\u017ei prost\u0159ed\u00ed. Zaji\u0161\u0165uje tak zdrav\u00e9 rostliny se sv\u011b\u017ee zelen\u00fdmi listy a nep\u0159etr\u017eit\u00fd r\u016fst.<\/p>\n<p><strong><img decoding=\"async\" style=\"margin-right: 12px;\" src=\"https:\/\/www.ferberpainting.com\/wp-content\/uploads\/2026\/02\/Check.svg\" alt=\"\" width=\"18\" height=\"15\" \/>Z\u00e1ruka vr\u00e1cen\u00ed pen\u011bz.<\/strong>\u00a0M\u00e1me naprostou d\u016fv\u011bru v \u00fa\u010dinnost na\u0161eho zelen\u00e9ho hnojiva na rostliny. Proto nab\u00edz\u00edme z\u00e1ruku vr\u00e1cen\u00ed pen\u011bz Pokud po jeho pou\u017eit\u00ed podle doporu\u010den\u00ed nezaznamen\u00e1te v\u00fdrazn\u00e9 zlep\u0161en\u00ed zdrav\u00ed a vitality va\u0161ich rostlin, zavazujeme se v\u00e1m bez jak\u00e9hokoli rizika vr\u00e1tit pen\u00edze.<\/p>\n<p><strong><img decoding=\"async\" style=\"margin-right: 12px;\" src=\"https:\/\/www.ferberpainting.com\/wp-content\/uploads\/2026\/02\/Check.svg\" alt=\"\" width=\"18\" height=\"15\" \/>Vhodn\u00e9 pro v\u0161echny zelen\u00e9 rostliny a okrasnou zele\u0148.<\/strong>\u00a0Toto hnojivo je vhodn\u00e9 pro pokojov\u00e9 i venkovn\u00ed rostliny, tropick\u00e9 rostliny, kapradiny, palmy, f\u00edkusy, pothy, monstery, drac\u00e9ny a v\u0161echny druhy s hust\u00fdm olist\u011bn\u00edm. Lze jej pou\u017e\u00edt v kv\u011btin\u00e1\u010d\u00edch, sadbova\u010d\u00edch nebo p\u0159\u00edmo v zemi, \u010d\u00edm\u017e zajist\u00ed optim\u00e1ln\u00ed v\u00fd\u017eivu bez ohledu na zp\u016fsob p\u011bstov\u00e1n\u00ed.<\/p>\n<p><strong><img decoding=\"async\" style=\"margin-right: 12px;\" src=\"https:\/\/www.ferberpainting.com\/wp-content\/uploads\/2026\/02\/Check.svg\" alt=\"\" width=\"18\" height=\"15\" \/>Cenov\u011b v\u00fdhodn\u00fd v\u00fdnos a dlouhodob\u00e9 pou\u017e\u00edv\u00e1n\u00ed.<\/strong>\u00a0D\u00edky koncentrovan\u00e9mu slo\u017een\u00ed kapaliny lze v p\u011btilitrov\u00e9 n\u00e1dob\u011b p\u0159ipravit a\u017e 1 000 litr\u016f hnojiv\u00e9ho roztoku, co\u017e zaji\u0161\u0165uje dlouhodob\u00e9 a hospod\u00e1rn\u00e9 hnojen\u00ed. D\u00edky d\u00e1vkov\u00e1n\u00ed 5 ml na litr vody tento p\u0159\u00edpravek optimalizuje p\u0159\u00edjem \u017eivin a z\u00e1rove\u0148 sni\u017euje mno\u017estv\u00ed odpadu.<\/p>\n<p><strong><img decoding=\"async\" style=\"margin-right: 12px;\" src=\"https:\/\/www.ferberpainting.com\/wp-content\/uploads\/2026\/02\/Check.svg\" alt=\"\" width=\"18\" height=\"15\" \/>Bezpe\u010dn\u00e9 a netoxick\u00e9 hnojivo pro dom\u00e1c\u00ed pou\u017eit\u00ed.<\/strong>\u00a0Toto hnojivo je formulov\u00e1no bez agresivn\u00edch chemick\u00fdch slou\u010denin, tak\u017ee nep\u0159edstavuje \u017e\u00e1dn\u00e9 nebezpe\u010d\u00ed pro rostliny, p\u016fdu ani \u017eivotn\u00ed prost\u0159ed\u00ed. Je ide\u00e1ln\u00ed pro pou\u017eit\u00ed v interi\u00e9ru, v dom\u00e1cnostech nebo kancel\u00e1\u0159\u00edch, proto\u017ee nevyd\u00e1v\u00e1 nep\u0159\u00edjemn\u00fd z\u00e1pach a nepo\u0161kozuje kvalitu ovzdu\u0161\u00ed. Lze jej bezpe\u010dn\u011b pou\u017e\u00edvat i v p\u0159\u00edtomnosti dom\u00e1c\u00edch zv\u00ed\u0159at nebo d\u011bt\u00ed, pokud je aplikov\u00e1no v souladu s doporu\u010den\u00edmi.<\/p>\n<p><strong><img decoding=\"async\" style=\"margin-right: 12px;\" src=\"https:\/\/www.ferberpainting.com\/wp-content\/uploads\/2026\/02\/Check.svg\" alt=\"\" width=\"18\" height=\"15\" \/>Snadn\u00e1 aplikace pro zjednodu\u0161enou \u00fadr\u017ebu.<\/strong>\u00a0Toto tekut\u00e9 hnojivo se jednodu\u0161e z\u0159ed\u00ed ve vod\u011b na zal\u00e9v\u00e1n\u00ed, \u010d\u00edm\u017e se zabr\u00e1n\u00ed chyb\u00e1m p\u0159i d\u00e1vkov\u00e1n\u00ed a zajist\u00ed se rychl\u00e9 vst\u0159eb\u00e1n\u00ed ko\u0159eny. Lze jej tak\u00e9 pou\u017e\u00edt jako listov\u00fd post\u0159ik, co\u017e nab\u00edz\u00ed maxim\u00e1ln\u00ed flexibilitu pro \u00fa\u010dinnou v\u00fd\u017eivu rostlin na z\u00e1klad\u011b jejich specifick\u00fdch pot\u0159eb.<\/p>\n<p><strong><img decoding=\"async\" style=\"margin-right: 12px;\" src=\"https:\/\/www.ferberpainting.com\/wp-content\/uploads\/2026\/02\/Check.svg\" alt=\"\" width=\"18\" height=\"15\" \/>Dlouhodob\u00fd \u00fa\u010dinek pro siln\u00e9 a odoln\u00e9 rostliny.<\/strong>\u00a0D\u00edky postupn\u00e9mu uvol\u0148ov\u00e1n\u00ed \u017eivin podporuje toto hnojivo trval\u00fd r\u016fst a zabra\u0148uje nedostatku z\u00e1kladn\u00edch \u017eivin. Posiluje ko\u0159enov\u00fd syst\u00e9m, zlep\u0161uje absorpci vody a miner\u00e1ln\u00edch l\u00e1tek, d\u00edky \u010demu\u017e jsou rostliny odoln\u011bj\u0161\u00ed v\u016f\u010di chorob\u00e1m a obdob\u00edm sucha.<\/p>\n<p><strong><img decoding=\"async\" style=\"margin-right: 12px;\" src=\"https:\/\/www.ferberpainting.com\/wp-content\/uploads\/2026\/02\/Check.svg\" alt=\"\" width=\"18\" height=\"15\" \/>Viditeln\u00e9 v\u00fdsledky ji\u017e po prvn\u00edch aplikac\u00edch.<\/strong>\u00a0Ji\u017e p\u0159i prvn\u00edm pou\u017eit\u00ed toto hnojivo stimuluje r\u016fst nov\u00fdch list\u016f, zlep\u0161uje barvu list\u016f a posiluje strukturu rostlin. Umo\u017e\u0148uje okam\u017eit\u00fd a viditeln\u00fd \u00fa\u010dinek na va\u0161e zelen\u00e9 rostliny, kter\u00e9 jsou d\u00edky n\u011bmu bujn\u011bj\u0161\u00ed, robustn\u011bj\u0161\u00ed a z\u00e1\u0159iv\u011bj\u0161\u00ed.<\/p>\n<h2><strong>Protokol o pou\u017eit\u00ed<\/strong><\/h2>\n<ul>\n<li><strong>\u0158ed\u011bn\u00ed hnojiva <\/strong>: Sm\u00edchejte 5 ml hnojiva na 1 litr vody. P\u0159ed ka\u017edou aplikac\u00ed roztok dob\u0159e prot\u0159epejte, abyste zajistili rovnom\u011brn\u00e9 rozlo\u017een\u00ed \u017eivin.<\/li>\n<li><strong>Zp\u016fsob pou\u017eit\u00ed <\/strong>:\n<ul>\n<li><strong>Zal\u00e9v\u00e1n\u00edm : <\/strong>Z\u0159ed\u011bn\u00fd roztok nalijte p\u0159\u00edmo k b\u00e1zi rostliny, abyste zajistili rovnom\u011brnou vlhkost p\u016fdy bez nadm\u011brn\u00e9ho zal\u00e9v\u00e1n\u00ed.<\/li>\n<li><strong>Listov\u00fdm post\u0159ikem<\/strong> : Roztok lehce nast\u0159\u00edkejte na listy a po aplikaci se vyhn\u011bte p\u0159\u00edm\u00e9mu slune\u010dn\u00edmu z\u00e1\u0159en\u00ed, aby nedo\u0161lo ke sp\u00e1len\u00ed list\u016f.<\/li>\n<\/ul>\n<\/li>\n<li><strong>Frekvence pou\u017e\u00edv\u00e1n\u00ed <\/strong>: Hnojivo aplikujte ka\u017ed\u00fdch 15 dn\u00ed v obdob\u00ed aktivn\u00edho r\u016fstu (jaro - l\u00e9to) a jednou m\u011bs\u00ed\u010dn\u011b v obdob\u00ed vegeta\u010dn\u00edho klidu (podzim - zima) pro udr\u017een\u00ed vyv\u00e1\u017een\u00e9ho r\u016fstu.<\/li>\n<li><strong>Dal\u0161\u00ed zavla\u017eov\u00e1n\u00ed <\/strong>: Po aplikaci hnojiva po\u010dkejte 48 hodin p\u0159ed dal\u0161\u00edm zal\u00e9v\u00e1n\u00edm, abyste zabr\u00e1nili nadm\u011brn\u00e9mu vyplavov\u00e1n\u00ed \u017eivin.<\/li>\n<li><strong>Bezpe\u010dnostn\u00ed opat\u0159en\u00ed pro pou\u017eit\u00ed <\/strong>: Hnojivo nep\u0159ed\u00e1vkujte, aby nedoch\u00e1zelo k nadm\u011brn\u00e9mu hromad\u011bn\u00ed miner\u00e1ln\u00edch sol\u00ed v p\u016fd\u011b, kter\u00e9 by mohlo po\u0161kodit ko\u0159eny. V\u017edy aplikujte do m\u00edrn\u011b vlhk\u00e9ho substr\u00e1tu pro lep\u0161\u00ed vst\u0159eb\u00e1v\u00e1n\u00ed.<\/li>\n<li><strong>Skladov\u00e1n\u00ed a konzervace <\/strong>: Hnojivo skladujte na such\u00e9m a m\u00edrn\u00e9m m\u00edst\u011b, mimo dosah sv\u011btla a vlhkosti. Po ka\u017ed\u00e9m pou\u017eit\u00ed l\u00e1hev pevn\u011b uzav\u0159ete, abyste zachovali \u00fa\u010dinnost p\u0159\u00edpravku a zabr\u00e1nili jeho odpa\u0159ov\u00e1n\u00ed.<\/li>\n<\/ul>\n<p>S t\u00edmto hnojivem pro zelen\u00e9 rostliny poskytnete sv\u00fdm rostlin\u00e1m kompletn\u00ed a vyv\u00e1\u017eenou v\u00fd\u017eivu, kter\u00e1 podpo\u0159\u00ed jejich bujn\u00fd r\u016fst, \u017eiv\u00e9 listy a zv\u00fd\u0161\u00ed jejich odolnost v\u016f\u010di vn\u011bj\u0161\u00edm vliv\u016fm. Je ide\u00e1ln\u00edm \u0159e\u0161en\u00edm pro zdrav\u00e9 a z\u00e1\u0159iv\u00e9 rostliny.<\/p>","protected":false},"excerpt":{"rendered":"<p>A complete fertilizer for vibrant plants.\u00a0This green plant fertilizer is designed to meet the specific needs of indoor and outdoor plants. Thanks to its NPK 15-15-15 composition, it provides a perfect balance between nitrogen (N) for dense and vigorous foliage, phosphorus (P) for good root development, and potassium (K) for increased resistance to diseases and [&hellip;]<\/p>\n","protected":false},"featured_media":26018,"comment_status":"open","ping_status":"closed","template":"","meta":{"_uag_custom_page_level_css":"","site-sidebar-layout":"default","site-content-layout":"","ast-site-content-layout":"default","site-content-style":"default","site-sidebar-style":"default","ast-global-header-display":"","ast-banner-title-visibility":"","ast-main-header-display":"","ast-hfb-above-header-display":"","ast-hfb-below-header-display":"","ast-hfb-mobile-header-display":"","site-post-title":"","ast-breadcrumbs-content":"","ast-featured-img":"","footer-sml-layout":"","ast-disable-related-posts":"","theme-transparent-header-meta":"default","adv-header-id-meta":"","stick-header-meta":"","header-above-stick-meta":"","header-main-stick-meta":"","header-below-stick-meta":"","astra-migrate-meta-layouts":"set","ast-page-background-enabled":"default","ast-page-background-meta":{"desktop":{"background-color":"var(--ast-global-color-4)","background-image":"","background-repeat":"repeat","background-position":"center center","background-size":"auto","background-attachment":"scroll","background-type":"","background-media":"","overlay-type":"","overlay-color":"","overlay-opacity":"","overlay-gradient":""},"tablet":{"background-color":"","background-image":"","background-repeat":"repeat","background-position":"center center","background-size":"auto","background-attachment":"scroll","background-type":"","background-media":"","overlay-type":"","overlay-color":"","overlay-opacity":"","overlay-gradient":""},"mobile":{"background-color":"","background-image":"","background-repeat":"repeat","background-position":"center center","background-size":"auto","background-attachment":"scroll","background-type":"","background-media":"","overlay-type":"","overlay-color":"","overlay-opacity":"","overlay-gradient":""}},"ast-content-background-meta":{"desktop":{"background-color":"var(--ast-global-color-5)","background-image":"","background-repeat":"repeat","background-position":"center center","background-size":"auto","background-attachment":"scroll","background-type":"","background-media":"","overlay-type":"","overlay-color":"","overlay-opacity":"","overlay-gradient":""},"tablet":{"background-color":"var(--ast-global-color-5)","background-image":"","background-repeat":"repeat","background-position":"center center","background-size":"auto","background-attachment":"scroll","background-type":"","background-media":"","overlay-type":"","overlay-color":"","overlay-opacity":"","overlay-gradient":""},"mobile":{"background-color":"var(--ast-global-color-5)","background-image":"","background-repeat":"repeat","background-position":"center center","background-size":"auto","background-attachment":"scroll","background-type":"","background-media":"","overlay-type":"","overlay-color":"","overlay-opacity":"","overlay-gradient":""}}},"product_brand":[],"product_cat":[178],"product_tag":[],"class_list":{"0":"post-23511","1":"product","2":"type-product","3":"status-publish","4":"has-post-thumbnail","6":"product_cat-fertilizers","7":"desktop-align-left","8":"tablet-align-left","9":"mobile-align-left","11":"first","12":"instock","13":"sale","14":"taxable","15":"shipping-taxable","16":"purchasable","17":"product-type-variable","18":"has-default-attributes"},"spectra_custom_meta":{"_visibility":["visible"],"_shopify_product_id":["9062477463797"],"_s2w_shopify_domain":["ferberpainting.myshopify.com"],"_shopify_variant_id":["46489075712245"],"_sku":[""],"_manage_stock":["no"],"total_sales":["3"],"_tax_status":["taxable"],"_tax_class":[""],"_backorders":["no"],"_sold_individually":["no"],"_virtual":["no"],"_downloadable":["no"],"_download_limit":["-1"],"_download_expiry":["-1"],"_stock":[null],"_stock_status":["instock"],"_wc_average_rating":["4.86"],"_wc_review_count":["7"],"_product_attributes":["a:1:{s:6:\"volume\";a:6:{s:4:\"name\";s:6:\"Volume\";s:5:\"value\";s:20:\"5 liters | 25 liters\";s:8:\"position\";i:1;s:10:\"is_visible\";i:0;s:12:\"is_variation\";i:1;s:11:\"is_taxonomy\";i:0;}}"],"_product_version":["10.5.1"],"_thumbnail_id":["26018"],"_product_image_gallery":["26019"],"wpse_downloadable_file_names":[""],"wpse_downloadable_file_urls":[""],"_edit_last":["1"],"_default_attributes":["a:1:{s:6:\"volume\";s:8:\"5 liters\";}"],"_wc_rating_count":["a:2:{i:4;i:1;i:5;i:6;}"],"_edit_lock":["1771178815:1"],"_price":["29.90","129.90"],"merchant-center-availability":["yes"],"merchant-center-category":["113"],"_wp_page_template":["default"],"site-sidebar-layout":["default"],"ast-site-content-layout":["default"],"site-content-style":["default"],"site-sidebar-style":["default"],"theme-transparent-header-meta":["default"],"astra-migrate-meta-layouts":["set"],"_uag_css_file_name":["uag-css-23511.css"],"_elementor_page_assets":["a:0:{}"],"_uag_page_assets":["a:9:{s:3:\"css\";s:7133:\".uag-blocks-common-selector{z-index:var(--z-index-desktop) !important}@media(max-width: 976px){.uag-blocks-common-selector{z-index:var(--z-index-tablet) !important}}@media(max-width: 767px){.uag-blocks-common-selector{z-index:var(--z-index-mobile) !important}}.wp-block-uagb-image{display:flex}.wp-block-uagb-image__figure{position:relative;display:flex;flex-direction:column;max-width:100%;height:auto;margin:0}.wp-block-uagb-image__figure img{height:auto;display:flex;max-width:100%;transition:box-shadow .2s ease}.wp-block-uagb-image__figure>a{display:inline-block}.wp-block-uagb-image__figure figcaption{text-align:center;margin-top:.5em;margin-bottom:1em}.wp-block-uagb-image .components-placeholder.block-editor-media-placeholder .components-placeholder__instructions{align-self:center}.wp-block-uagb-image--align-left{text-align:left}.wp-block-uagb-image--align-right{text-align:right}.wp-block-uagb-image--align-center{text-align:center}.wp-block-uagb-image--align-full .wp-block-uagb-image__figure{margin-left:calc(50% - 50vw);margin-right:calc(50% - 50vw);max-width:100vw;width:100vw;height:auto}.wp-block-uagb-image--align-full .wp-block-uagb-image__figure img{height:auto;width:100% !important}.wp-block-uagb-image--align-wide .wp-block-uagb-image__figure img{height:auto;width:100%}.wp-block-uagb-image--layout-overlay__color-wrapper{position:absolute;left:0;top:0;right:0;bottom:0;opacity:.2;background:rgba(0,0,0,.5);transition:opacity .35s ease-in-out}.wp-block-uagb-image--layout-overlay-link{position:absolute;left:0;right:0;bottom:0;top:0}.wp-block-uagb-image--layout-overlay .wp-block-uagb-image__figure:hover .wp-block-uagb-image--layout-overlay__color-wrapper{opacity:1}.wp-block-uagb-image--layout-overlay__inner{position:absolute;left:15px;right:15px;bottom:15px;top:15px;display:flex;align-items:center;justify-content:center;flex-direction:column;border-color:#fff;transition:.35s ease-in-out}.wp-block-uagb-image--layout-overlay__inner.top-left,.wp-block-uagb-image--layout-overlay__inner.top-center,.wp-block-uagb-image--layout-overlay__inner.top-right{justify-content:flex-start}.wp-block-uagb-image--layout-overlay__inner.bottom-left,.wp-block-uagb-image--layout-overlay__inner.bottom-center,.wp-block-uagb-image--layout-overlay__inner.bottom-right{justify-content:flex-end}.wp-block-uagb-image--layout-overlay__inner.top-left,.wp-block-uagb-image--layout-overlay__inner.center-left,.wp-block-uagb-image--layout-overlay__inner.bottom-left{align-items:flex-start}.wp-block-uagb-image--layout-overlay__inner.top-right,.wp-block-uagb-image--layout-overlay__inner.center-right,.wp-block-uagb-image--layout-overlay__inner.bottom-right{align-items:flex-end}.wp-block-uagb-image--layout-overlay__inner .uagb-image-heading{color:#fff;transition:transform .35s,opacity .35s ease-in-out;transform:translate3d(0, 24px, 0);margin:0;line-height:1em}.wp-block-uagb-image--layout-overlay__inner .uagb-image-separator{width:30%;border-top-width:2px;border-top-color:#fff;border-top-style:solid;margin-bottom:10px;opacity:0;transition:transform .4s,opacity .4s ease-in-out;transform:translate3d(0, 30px, 0)}.wp-block-uagb-image--layout-overlay__inner .uagb-image-caption{opacity:0;overflow:visible;color:#fff;transition:transform .45s,opacity .45s ease-in-out;transform:translate3d(0, 35px, 0)}.wp-block-uagb-image--layout-overlay__inner:hover .uagb-image-heading,.wp-block-uagb-image--layout-overlay__inner:hover .uagb-image-separator,.wp-block-uagb-image--layout-overlay__inner:hover .uagb-image-caption{opacity:1;transform:translate3d(0, 0, 0)}.wp-block-uagb-image--effect-zoomin .wp-block-uagb-image__figure img,.wp-block-uagb-image--effect-zoomin .wp-block-uagb-image__figure .wp-block-uagb-image--layout-overlay__color-wrapper{transform:scale(1);transition:transform .35s ease-in-out}.wp-block-uagb-image--effect-zoomin .wp-block-uagb-image__figure:hover img,.wp-block-uagb-image--effect-zoomin .wp-block-uagb-image__figure:hover .wp-block-uagb-image--layout-overlay__color-wrapper{transform:scale(1.05)}.wp-block-uagb-image--effect-slide .wp-block-uagb-image__figure img,.wp-block-uagb-image--effect-slide .wp-block-uagb-image__figure .wp-block-uagb-image--layout-overlay__color-wrapper{width:calc(100% + 40px) !important;max-width:none !important;transform:translate3d(-40px, 0, 0);transition:transform .35s ease-in-out}.wp-block-uagb-image--effect-slide .wp-block-uagb-image__figure:hover img,.wp-block-uagb-image--effect-slide .wp-block-uagb-image__figure:hover .wp-block-uagb-image--layout-overlay__color-wrapper{transform:translate3d(0, 0, 0)}.wp-block-uagb-image--effect-grayscale img{filter:grayscale(0%);transition:.35s ease-in-out}.wp-block-uagb-image--effect-grayscale:hover img{filter:grayscale(100%)}.wp-block-uagb-image--effect-blur img{filter:blur(0);transition:.35s ease-in-out}.wp-block-uagb-image--effect-blur:hover img{filter:blur(3px)}.uagb-block-e6f939b3.wp-block-uagb-image--layout-default figure img{box-shadow: 0px 0px 0 #00000070;}.uagb-block-e6f939b3.wp-block-uagb-image .wp-block-uagb-image__figure figcaption{font-style: normal;align-self: center;}.uagb-block-e6f939b3.wp-block-uagb-image--layout-overlay figure img{box-shadow: 0px 0px 0 #00000070;}.uagb-block-e6f939b3.wp-block-uagb-image--layout-overlay .wp-block-uagb-image--layout-overlay__color-wrapper{opacity: 0.2;}.uagb-block-e6f939b3.wp-block-uagb-image--layout-overlay .wp-block-uagb-image--layout-overlay__inner{left: 15px;right: 15px;top: 15px;bottom: 15px;}.uagb-block-e6f939b3.wp-block-uagb-image--layout-overlay .wp-block-uagb-image--layout-overlay__inner .uagb-image-heading{font-style: normal;color: #fff;opacity: 1;}.uagb-block-e6f939b3.wp-block-uagb-image--layout-overlay .wp-block-uagb-image--layout-overlay__inner .uagb-image-heading a{color: #fff;}.uagb-block-e6f939b3.wp-block-uagb-image--layout-overlay .wp-block-uagb-image--layout-overlay__inner .uagb-image-caption{opacity: 0;}.uagb-block-e6f939b3.wp-block-uagb-image--layout-overlay .wp-block-uagb-image__figure:hover .wp-block-uagb-image--layout-overlay__color-wrapper{opacity: 1;}.uagb-block-e6f939b3.wp-block-uagb-image .wp-block-uagb-image--layout-overlay__inner .uagb-image-separator{width: 30%;border-top-width: 2px;border-top-color: #fff;opacity: 0;}.uagb-block-e6f939b3.wp-block-uagb-image .wp-block-uagb-image__figure img{width: px;height: auto;}.uagb-block-e6f939b3.wp-block-uagb-image .wp-block-uagb-image__figure:hover .wp-block-uagb-image--layout-overlay__inner .uagb-image-caption{opacity: 1;}.uagb-block-e6f939b3.wp-block-uagb-image .wp-block-uagb-image__figure:hover .wp-block-uagb-image--layout-overlay__inner .uagb-image-separator{opacity: 1;}.uagb-block-e6f939b3.wp-block-uagb-image--layout-default figure:hover img{box-shadow: 0px 0px 0 #00000070;}.uagb-block-e6f939b3.wp-block-uagb-image--layout-overlay figure:hover img{box-shadow: 0px 0px 0 #00000070;}@media only screen and (max-width: 976px) {.uagb-block-e6f939b3.wp-block-uagb-image .wp-block-uagb-image__figure img{width: px;height: auto;}}@media only screen and (max-width: 767px) {.uagb-block-e6f939b3.wp-block-uagb-image .wp-block-uagb-image__figure img{width: px;height: auto;}}\";s:2:\"js\";s:0:\"\";s:18:\"current_block_list\";a:13:{i:0;s:11:\"core\/search\";i:1;s:10:\"core\/group\";i:2;s:12:\"core\/heading\";i:3;s:17:\"core\/latest-posts\";i:4;s:20:\"core\/latest-comments\";i:5;s:13:\"core\/archives\";i:6;s:15:\"core\/categories\";i:7;s:14:\"core\/paragraph\";i:8;s:10:\"uagb\/image\";i:9;s:11:\"core\/spacer\";i:10;s:30:\"woocommerce\/product-categories\";i:11;s:10:\"core\/image\";i:12;s:14:\"core\/shortcode\";}s:8:\"uag_flag\";b:1;s:11:\"uag_version\";s:10:\"1777212574\";s:6:\"gfonts\";a:0:{}s:10:\"gfonts_url\";s:0:\"\";s:12:\"gfonts_files\";a:0:{}s:14:\"uag_faq_layout\";b:0;}"]},"uagb_featured_image_src":{"full":["https:\/\/www.ferberpainting.com\/wp-content\/uploads\/2025\/05\/GreenPlantFertilizer5L.png",2560,2560,false],"thumbnail":["https:\/\/www.ferberpainting.com\/wp-content\/uploads\/2025\/05\/GreenPlantFertilizer5L-150x150.png",150,150,true],"medium":["https:\/\/www.ferberpainting.com\/wp-content\/uploads\/2025\/05\/GreenPlantFertilizer5L-300x300.png",300,300,true],"medium_large":["https:\/\/www.ferberpainting.com\/wp-content\/uploads\/2025\/05\/GreenPlantFertilizer5L-768x768.png",768,768,true],"large":["https:\/\/www.ferberpainting.com\/wp-content\/uploads\/2025\/05\/GreenPlantFertilizer5L-1024x1024.png",1024,1024,true],"1536x1536":["https:\/\/www.ferberpainting.com\/wp-content\/uploads\/2025\/05\/GreenPlantFertilizer5L-1536x1536.png",1536,1536,true],"2048x2048":["https:\/\/www.ferberpainting.com\/wp-content\/uploads\/2025\/05\/GreenPlantFertilizer5L-2048x2048.png",2048,2048,true],"trp-custom-language-flag":["https:\/\/www.ferberpainting.com\/wp-content\/uploads\/2025\/05\/GreenPlantFertilizer5L-12x12.png",12,12,true],"woocommerce_thumbnail":["https:\/\/www.ferberpainting.com\/wp-content\/uploads\/2025\/05\/GreenPlantFertilizer5L-300x300.png",300,300,true],"woocommerce_single":["https:\/\/www.ferberpainting.com\/wp-content\/uploads\/2025\/05\/GreenPlantFertilizer5L-600x600.png",600,600,true],"woocommerce_gallery_thumbnail":["https:\/\/www.ferberpainting.com\/wp-content\/uploads\/2025\/05\/GreenPlantFertilizer5L-100x100.png",100,100,true]},"uagb_author_info":{"display_name":"admin","author_link":"https:\/\/www.ferberpainting.com\/cz\/author\/"},"uagb_comment_info":7,"uagb_excerpt":"A complete fertilizer for vibrant plants.\u00a0This green plant fertilizer is designed to meet the specific needs of indoor and outdoor plants. Thanks to its NPK 15-15-15 composition, it provides a perfect balance between nitrogen (N) for dense and vigorous foliage, phosphorus (P) for good root development, and potassium (K) for increased resistance to diseases and&hellip;","_links":{"self":[{"href":"https:\/\/www.ferberpainting.com\/cz\/wp-json\/wp\/v2\/product\/23511","targetHints":{"allow":["GET"]}}],"collection":[{"href":"https:\/\/www.ferberpainting.com\/cz\/wp-json\/wp\/v2\/product"}],"about":[{"href":"https:\/\/www.ferberpainting.com\/cz\/wp-json\/wp\/v2\/types\/product"}],"replies":[{"embeddable":true,"href":"https:\/\/www.ferberpainting.com\/cz\/wp-json\/wp\/v2\/comments?post=23511"}],"version-history":[{"count":4,"href":"https:\/\/www.ferberpainting.com\/cz\/wp-json\/wp\/v2\/product\/23511\/revisions"}],"predecessor-version":[{"id":166287,"href":"https:\/\/www.ferberpainting.com\/cz\/wp-json\/wp\/v2\/product\/23511\/revisions\/166287"}],"wp:featuredmedia":[{"embeddable":true,"href":"https:\/\/www.ferberpainting.com\/cz\/wp-json\/wp\/v2\/media\/26018"}],"wp:attachment":[{"href":"https:\/\/www.ferberpainting.com\/cz\/wp-json\/wp\/v2\/media?parent=23511"}],"wp:term":[{"taxonomy":"product_brand","embeddable":true,"href":"https:\/\/www.ferberpainting.com\/cz\/wp-json\/wp\/v2\/product_brand?post=23511"},{"taxonomy":"product_cat","embeddable":true,"href":"https:\/\/www.ferberpainting.com\/cz\/wp-json\/wp\/v2\/product_cat?post=23511"},{"taxonomy":"product_tag","embeddable":true,"href":"https:\/\/www.ferberpainting.com\/cz\/wp-json\/wp\/v2\/product_tag?post=23511"}],"curies":[{"name":"wp","href":"https:\/\/api.w.org\/{rel}","templated":true}]}}