{"id":23508,"date":"2025-07-01T12:18:39","date_gmt":"2025-07-01T10:18:39","guid":{"rendered":"https:\/\/www.ferberpainting.com\/?post_type=product&#038;p=23508"},"modified":"2026-02-15T16:48:16","modified_gmt":"2026-02-15T15:48:16","slug":"grease-and-soot-cleaner","status":"publish","type":"product","link":"https:\/\/www.ferberpainting.com\/cz\/products\/grease-and-soot-cleaner\/","title":{"rendered":"\u010cisti\u010d na mastnotu a saze"},"content":{"rendered":"<p><strong><img decoding=\"async\" style=\"margin-right: 12px;\" src=\"https:\/\/www.ferberpainting.com\/wp-content\/uploads\/2026\/02\/Check.svg\" alt=\"\" width=\"18\" height=\"15\" \/>Optim\u00e1ln\u00ed efektivita.<\/strong>\u00a0Tento \u010disti\u010d mastnoty a saz\u00ed je speci\u00e1ln\u011b navr\u017een tak, aby \u00fa\u010dinn\u011b odstra\u0148oval odolnou mastnotu, sp\u00e1len\u00fd olej a usazen\u00e9 zbytky saz\u00ed na r\u016fzn\u00fdch povr\u0161\u00edch. D\u00edky sv\u00e9mu siln\u00e9mu slo\u017een\u00ed pronik\u00e1 hluboko a rozpou\u0161t\u00ed i ty nejodoln\u011bj\u0161\u00ed n\u00e1nosy bez nutnosti nadm\u011brn\u00e9ho drhnut\u00ed. Obnovuje lesk zne\u010di\u0161t\u011bn\u00fdch povrch\u016f - a\u0165 u\u017e v kuchyni, gar\u00e1\u017ei, d\u00edln\u011b nebo u krbu - a zaji\u0161\u0165uje rychl\u00e9 a \u00fa\u010dinn\u00e9 \u010di\u0161t\u011bn\u00ed.<\/p>\n<p><strong><img decoding=\"async\" style=\"margin-right: 12px;\" src=\"https:\/\/www.ferberpainting.com\/wp-content\/uploads\/2026\/02\/Check.svg\" alt=\"\" width=\"18\" height=\"15\" \/>Z\u00e1ruka vr\u00e1cen\u00ed pen\u011bz.<\/strong>\u00a0M\u00e1me naprostou d\u016fv\u011bru v \u00fa\u010dinnost na\u0161eho \u010distic\u00edho prost\u0159edku. Pokud po pou\u017eit\u00ed nebudete s v\u00fdsledky pln\u011b spokojeni, m\u00e1te n\u00e1rok na vr\u00e1cen\u00ed pen\u011bz v pln\u00e9 v\u00fd\u0161i. Vyzkou\u0161ejte n\u00e1\u0161 v\u00fdrobek bez rizika a snadno navra\u0165te sv\u00fdm povrch\u016fm jejich p\u016fvodn\u00ed \u010distotu.<\/p>\n<p><strong><img decoding=\"async\" style=\"margin-right: 12px;\" src=\"https:\/\/www.ferberpainting.com\/wp-content\/uploads\/2026\/02\/Check.svg\" alt=\"\" width=\"18\" height=\"15\" \/>V\u00fdjime\u010dn\u00e1 v\u0161estrannost.<\/strong>\u00a0Tento \u010disti\u010d nen\u00ed omezen na potraviny nebo pr\u016fmyslovou mastnotu! Je \u00fa\u010dinn\u00fd tak\u00e9 proti usazenin\u00e1m saz\u00ed a mastnoty na skle vlo\u017eek, krbech, grilech, troub\u00e1ch, digesto\u0159\u00edch, kovov\u00fdch grilech a dokonce i na varn\u00fdch desk\u00e1ch. Funguje na nejr\u016fzn\u011bj\u0161\u00ed materi\u00e1ly, jako je nerezov\u00e1 ocel, sklo, beton, dla\u017edice, plast a hlin\u00edk. D\u00edky sv\u00e9 v\u0161estrannosti je vhodn\u00fd tak\u00e9 pro pou\u017eit\u00ed v dom\u00e1cnosti i v pr\u016fmyslov\u00fdch kuchyn\u00edch, mechanick\u00fdch d\u00edln\u00e1ch a tov\u00e1rn\u00e1ch.<\/p>\n<p><strong><img decoding=\"async\" style=\"margin-right: 12px;\" src=\"https:\/\/www.ferberpainting.com\/wp-content\/uploads\/2026\/02\/Check.svg\" alt=\"\" width=\"18\" height=\"15\" \/>N\u00e1kladov\u011b efektivn\u00ed v\u00fdkon.<\/strong>\u00a0D\u00edky 5litrov\u00e9 n\u00e1dob\u011b a vysok\u00e9 koncentraci nab\u00edz\u00ed tento \u010disti\u010d vynikaj\u00edc\u00ed hodnotu. Mal\u00e9 mno\u017estv\u00ed sta\u010d\u00ed k o\u0161et\u0159en\u00ed velk\u00e9 plochy bez pl\u00fdtv\u00e1n\u00ed. Jeden litr p\u0159\u00edpravku vy\u010dist\u00ed v pr\u016fm\u011bru a\u017e 50 m\u00b2 zne\u010di\u0161t\u011bn\u00e9 plochy, co\u017e zaji\u0161\u0165uje ekonomick\u00e9 a \u00fa\u010dinn\u00e9 \u0159e\u0161en\u00ed pro pravideln\u00e9 nebo intenzivn\u00ed pou\u017e\u00edv\u00e1n\u00ed.<\/p>\n<p><strong><img decoding=\"async\" style=\"margin-right: 12px;\" src=\"https:\/\/www.ferberpainting.com\/wp-content\/uploads\/2026\/02\/Check.svg\" alt=\"\" width=\"18\" height=\"15\" \/>Bezpe\u010dn\u00e9 pou\u017eit\u00ed.<\/strong>\u00a0Na rozd\u00edl od produkt\u016f obsahuj\u00edc\u00edch agresivn\u00ed rozpou\u0161t\u011bdla, kter\u00e1 mohou po\u0161kodit povrch nebo uvol\u0148ovat toxick\u00e9 v\u00fdpary, je tento \u010distic\u00ed prost\u0159edek vyroben bez l\u00e1tek \u0161kodliv\u00fdch pro zdrav\u00ed nebo \u017eivotn\u00ed prost\u0159ed\u00ed. Nezp\u016fsobuje podr\u00e1\u017ed\u011bn\u00ed, nekoroduje citliv\u00e9 materi\u00e1ly a respektuje k\u0159ehk\u00e9 povrchy. P\u0159i pou\u017eit\u00ed podle n\u00e1vodu je pro u\u017eivatele bezpe\u010dn\u00fd a po opl\u00e1chnut\u00ed nep\u0159edstavuje \u017e\u00e1dn\u00e9 nebezpe\u010d\u00ed pro \u017eivotn\u00ed prost\u0159ed\u00ed, tak\u017ee je ide\u00e1ln\u00ed volbou pro bezpe\u010dn\u00e9 ka\u017edodenn\u00ed \u010di\u0161t\u011bn\u00ed.<\/p>\n<p><strong><img decoding=\"async\" style=\"margin-right: 12px;\" src=\"https:\/\/www.ferberpainting.com\/wp-content\/uploads\/2026\/02\/Check.svg\" alt=\"\" width=\"18\" height=\"15\" \/>Snadn\u00e9 pou\u017eit\u00ed.<\/strong>\u00a0Tento produkt je p\u0159ipraven k pou\u017eit\u00ed a nevy\u017eaduje \u017e\u00e1dn\u00e9 \u0159ed\u011bn\u00ed ani slo\u017eitou p\u0159\u00edpravu. Nan\u00e1\u0161\u00ed se p\u0159\u00edmo na povrch pomoc\u00ed had\u0159\u00edku, houby nebo rozpra\u0161ova\u010de. Jeho rychl\u00fd \u00fa\u010dinek odstra\u0148uje ne\u010distoty b\u011bhem n\u011bkolika sekund bez nutnosti siln\u00e9ho oplachov\u00e1n\u00ed nebo drhnut\u00ed. D\u00edky sv\u00e9mu intuitivn\u00edmu pou\u017eit\u00ed je \u0161pi\u010dkovou volbou pro pravidelnou \u00fadr\u017ebu a \u010di\u0161t\u011bn\u00ed zne\u010di\u0161t\u011bn\u00fdch povrch\u016f.<\/p>\n<p><strong><img decoding=\"async\" style=\"margin-right: 12px;\" src=\"https:\/\/www.ferberpainting.com\/wp-content\/uploads\/2026\/02\/Check.svg\" alt=\"\" width=\"18\" height=\"15\" \/>Prodlou\u017een\u00e1 \u017eivotnost.<\/strong>\u00a0Tento \u010distic\u00ed prost\u0159edek \u00fa\u010dinn\u011b odstra\u0148uje usazenou mastnotu a saze a pom\u00e1h\u00e1 tak prodlou\u017eit \u017eivotnost kuchy\u0148sk\u00fdch spot\u0159ebi\u010d\u016f, krb\u016f a dal\u0161\u00edch povrch\u016f vystaven\u00fdch ka\u017edodenn\u00edmu zne\u010di\u0161t\u011bn\u00ed. Zabra\u0148uje nadm\u011brn\u00e9mu hromad\u011bn\u00ed zbytk\u016f, kter\u00e9 by \u010dasem mohly zp\u016fsobit poruchy nebo sn\u00ed\u017eit v\u00fdkon za\u0159\u00edzen\u00ed. Pravideln\u00e9 pou\u017e\u00edv\u00e1n\u00ed pom\u00e1h\u00e1 udr\u017eovat \u010dist\u00e9 a funk\u010dn\u00ed prost\u0159ed\u00ed a z\u00e1rove\u0148 zabra\u0148uje p\u0159ed\u010dasn\u00e9mu opot\u0159eben\u00ed o\u0161et\u0159en\u00fdch povrch\u016f.<\/p>\n<p><strong><img decoding=\"async\" style=\"margin-right: 12px;\" src=\"https:\/\/www.ferberpainting.com\/wp-content\/uploads\/2026\/02\/Check.svg\" alt=\"\" width=\"18\" height=\"15\" \/>Rychl\u00e1 akce.<\/strong>\u00a0D\u00edky sv\u00e9mu vysoce \u00fa\u010dinn\u00e9mu slo\u017een\u00ed p\u016fsob\u00ed tento \u010distic\u00ed prost\u0159edek okam\u017eit\u011b na skvrny a usazen\u00e9 zbytky. B\u011bhem n\u011bkolika minut rozpust\u00ed ne\u010distoty a usnadn\u00ed jejich odstran\u011bn\u00ed, ani\u017e by to vy\u017eadovalo v\u011bt\u0161\u00ed \u00fasil\u00ed. Umo\u017e\u0148uje rychl\u00e9 a \u00fa\u010dinn\u00e9 \u010di\u0161t\u011bn\u00ed - ide\u00e1ln\u00ed pro rychlou \u00fadr\u017ebu za\u0159\u00edzen\u00ed a povrch\u016f vystaven\u00fdch mastnot\u011b.<\/p>\n<h2><strong>Protokol o pou\u017eit\u00ed<\/strong><\/h2>\n<ul>\n<li><strong>P\u0159\u00edprava <\/strong>: P\u0159ed pou\u017eit\u00edm p\u0159\u00edpravku se ujist\u011bte, \u017ee je \u010di\u0161t\u011bn\u00fd povrch vychladl\u00fd, zejm\u00e9na na varn\u00fdch desk\u00e1ch, troub\u00e1ch a grilech. Hustou mastnotu nebo saze odstra\u0148te such\u00fdm had\u0159\u00edkem nebo \u0161pachtl\u00ed, abyste usnadnili aplikaci v\u00fdrobku.<\/li>\n<li><strong>Ru\u010dn\u00ed aplikace <\/strong>: Nalijte mal\u00e9 mno\u017estv\u00ed \u010distic\u00edho prost\u0159edku na \u010dist\u00fd had\u0159\u00edk nebo houbi\u010dku a pot\u00e9 jej krou\u017eiv\u00fdmi pohyby rovnom\u011brn\u011b naneste na povrch, aby p\u0159\u00edpravek pronikl a uvolnil ne\u010distoty.<\/li>\n<li><strong>Pou\u017eit\u00ed na velk\u00e9 plo\u0161e <\/strong>: Na \u0161ir\u0161\u00ed plochy, jako je pracovn\u00ed deska, digesto\u0159 nebo zne\u010di\u0161t\u011bn\u00e1 st\u011bna, pou\u017eijte rozpra\u0161ova\u010d, abyste p\u0159\u00edpravek rovnom\u011brn\u011b rozprost\u0159eli. Nechte jej n\u011bkolik minut p\u016fsobit, aby p\u0159\u00edpravek rozpustil mastn\u00e9 zbytky a saze.<\/li>\n<li><strong>O\u0161et\u0159en\u00ed odoln\u00fdch skvrn <\/strong>: V p\u0159\u00edpad\u011b p\u0159ip\u00e1len\u00e9 mastnoty nebo lepkav\u00fdch zbytk\u016f saz\u00ed nechte p\u0159\u00edpravek p\u016fsobit 5 a\u017e 10 minut a pot\u00e9 jej jemn\u011b vydrhn\u011bte kart\u00e1\u010dem s m\u011bkk\u00fdmi \u0161t\u011btinami nebo neabrazivn\u00ed houbou. V p\u0159\u00edpad\u011b pot\u0159eby aplikaci opakujte pro \u00fapln\u00e9 vy\u010di\u0161t\u011bn\u00ed.<\/li>\n<li><strong>Oplachov\u00e1n\u00ed a ut\u00edr\u00e1n\u00ed <\/strong>: Ot\u0159ete povrch vlhk\u00fdm had\u0159\u00edkem, abyste odstranili rozpu\u0161t\u011bn\u00e9 ne\u010distoty a zajistili bezchybn\u00fd povrch. Pokud povrch p\u0159ijde do styku s potravinami, nap\u0159\u00edklad na kuchy\u0148sk\u00e9 lince nebo varn\u00e9 desce, d\u016fkladn\u011b jej opl\u00e1chn\u011bte \u010distou vodou.<\/li>\n<li><strong>Le\u0161t\u011bn\u00ed a ochrana <\/strong>: Pro zv\u00fd\u0161en\u00ed \u010dist\u00e9ho a leskl\u00e9ho efektu nakonec ot\u0159ete such\u00fdm had\u0159\u00edkem, abyste odstranili vlhkost a zajistili dodate\u010dnou ochranu proti budouc\u00edmu usazov\u00e1n\u00ed ne\u010distot.<\/li>\n<li><strong>Frekvence pou\u017e\u00edv\u00e1n\u00ed <\/strong>: Aplikujte po ka\u017ed\u00e9m pou\u017eit\u00ed varn\u00e9ho za\u0159\u00edzen\u00ed, abyste zabr\u00e1nili usazov\u00e1n\u00ed zbytk\u016f a usnadnili \u00fadr\u017ebu. U krb\u016f a krbov\u00fdch vlo\u017eek se doporu\u010duje \u010di\u0161t\u011bn\u00ed jednou t\u00fddn\u011b, aby byla zaji\u0161t\u011bna optim\u00e1ln\u00ed funkce a bezpe\u010dn\u00e9 spalov\u00e1n\u00ed.<\/li>\n<li><strong>\u00dalo\u017ei\u0161t\u011b <\/strong>: Po ka\u017ed\u00e9m pou\u017eit\u00ed n\u00e1dobku d\u016fkladn\u011b uzav\u0159ete a skladujte ji na chladn\u00e9m a such\u00e9m m\u00edst\u011b, mimo dosah sv\u011btla a extr\u00e9mn\u00edch teplot, abyste zachovali dlouhodobou \u00fa\u010dinnost p\u0159\u00edpravku.<\/li>\n<\/ul>\n<p>S na\u0161\u00edm \u010disti\u010dem mastnoty a saz\u00ed odstran\u00edte odoln\u00e9 zbytky rychle a \u00fa\u010dinn\u011b a z\u00e1rove\u0148 zachov\u00e1te \u010distotu a dlouhou \u017eivotnost za\u0159\u00edzen\u00ed a povrch\u016f. Ide\u00e1ln\u00ed \u0159e\u0161en\u00ed pro bezchybnou \u00fadr\u017ebu bez n\u00e1mahy.<\/p>","protected":false},"excerpt":{"rendered":"<p>Optimal Efficiency.\u00a0This grease and soot cleaner is specially designed to effectively remove stubborn grease, burnt oil, and embedded soot residues on different surfaces. Thanks to its powerful formula, it penetrates deeply to dissolve even the most resistant buildup without the need for excessive scrubbing. It restores the shine of dirty surfaces\u2014whether in a kitchen, garage, [&hellip;]<\/p>\n","protected":false},"featured_media":36312,"comment_status":"open","ping_status":"closed","template":"","meta":{"_uag_custom_page_level_css":"","site-sidebar-layout":"default","site-content-layout":"","ast-site-content-layout":"default","site-content-style":"default","site-sidebar-style":"default","ast-global-header-display":"","ast-banner-title-visibility":"","ast-main-header-display":"","ast-hfb-above-header-display":"","ast-hfb-below-header-display":"","ast-hfb-mobile-header-display":"","site-post-title":"","ast-breadcrumbs-content":"","ast-featured-img":"","footer-sml-layout":"","ast-disable-related-posts":"","theme-transparent-header-meta":"default","adv-header-id-meta":"","stick-header-meta":"","header-above-stick-meta":"","header-main-stick-meta":"","header-below-stick-meta":"","astra-migrate-meta-layouts":"set","ast-page-background-enabled":"default","ast-page-background-meta":{"desktop":{"background-color":"var(--ast-global-color-4)","background-image":"","background-repeat":"repeat","background-position":"center center","background-size":"auto","background-attachment":"scroll","background-type":"","background-media":"","overlay-type":"","overlay-color":"","overlay-opacity":"","overlay-gradient":""},"tablet":{"background-color":"","background-image":"","background-repeat":"repeat","background-position":"center center","background-size":"auto","background-attachment":"scroll","background-type":"","background-media":"","overlay-type":"","overlay-color":"","overlay-opacity":"","overlay-gradient":""},"mobile":{"background-color":"","background-image":"","background-repeat":"repeat","background-position":"center center","background-size":"auto","background-attachment":"scroll","background-type":"","background-media":"","overlay-type":"","overlay-color":"","overlay-opacity":"","overlay-gradient":""}},"ast-content-background-meta":{"desktop":{"background-color":"var(--ast-global-color-5)","background-image":"","background-repeat":"repeat","background-position":"center center","background-size":"auto","background-attachment":"scroll","background-type":"","background-media":"","overlay-type":"","overlay-color":"","overlay-opacity":"","overlay-gradient":""},"tablet":{"background-color":"var(--ast-global-color-5)","background-image":"","background-repeat":"repeat","background-position":"center center","background-size":"auto","background-attachment":"scroll","background-type":"","background-media":"","overlay-type":"","overlay-color":"","overlay-opacity":"","overlay-gradient":""},"mobile":{"background-color":"var(--ast-global-color-5)","background-image":"","background-repeat":"repeat","background-position":"center center","background-size":"auto","background-attachment":"scroll","background-type":"","background-media":"","overlay-type":"","overlay-color":"","overlay-opacity":"","overlay-gradient":""}}},"product_brand":[],"product_cat":[175],"product_tag":[],"class_list":{"0":"post-23508","1":"product","2":"type-product","3":"status-publish","4":"has-post-thumbnail","6":"product_cat-cleaning-products","7":"desktop-align-left","8":"tablet-align-left","9":"mobile-align-left","11":"first","12":"instock","13":"sale","14":"taxable","15":"shipping-taxable","16":"purchasable","17":"product-type-variable","18":"has-default-attributes"},"spectra_custom_meta":{"_visibility":["visible"],"_shopify_product_id":["9106240209141"],"_s2w_shopify_domain":["ferberpainting.myshopify.com"],"_shopify_variant_id":["46625780924661"],"_sku":[""],"_manage_stock":["no"],"total_sales":["67"],"_tax_status":["taxable"],"_tax_class":[""],"_backorders":["no"],"_sold_individually":["no"],"_virtual":["no"],"_downloadable":["no"],"_download_limit":["-1"],"_download_expiry":["-1"],"_stock":[null],"_stock_status":["instock"],"_wc_average_rating":["5.00"],"_wc_review_count":["22"],"_product_attributes":["a:1:{s:6:\"volume\";a:6:{s:4:\"name\";s:6:\"Volume\";s:5:\"value\";s:20:\"5 liters | 25 liters\";s:8:\"position\";i:1;s:10:\"is_visible\";i:0;s:12:\"is_variation\";i:1;s:11:\"is_taxonomy\";i:0;}}"],"_product_version":["10.5.1"],"wpse_downloadable_file_names":[""],"wpse_downloadable_file_urls":[""],"_edit_last":["1"],"_default_attributes":["a:1:{s:6:\"volume\";s:8:\"5 liters\";}"],"_edit_lock":["1771170357:1"],"_price":["29.90","129.90"],"merchant-center-category":["4973"],"merchant-center-availability":["yes"],"_thumbnail_id":["36312"],"_wp_page_template":["default"],"_wp_old_date":["2025-05-26"],"_product_image_gallery":["36314"],"site-sidebar-layout":["default"],"ast-site-content-layout":["default"],"site-content-style":["default"],"site-sidebar-style":["default"],"theme-transparent-header-meta":["default"],"_wc_rating_count":["a:1:{i:5;i:22;}"],"astra-migrate-meta-layouts":["set"],"_uag_css_file_name":["uag-css-23508.css"],"_elementor_page_assets":["a:0:{}"],"_uag_page_assets":["a:9:{s:3:\"css\";s:7133:\".uag-blocks-common-selector{z-index:var(--z-index-desktop) !important}@media(max-width: 976px){.uag-blocks-common-selector{z-index:var(--z-index-tablet) !important}}@media(max-width: 767px){.uag-blocks-common-selector{z-index:var(--z-index-mobile) !important}}.wp-block-uagb-image{display:flex}.wp-block-uagb-image__figure{position:relative;display:flex;flex-direction:column;max-width:100%;height:auto;margin:0}.wp-block-uagb-image__figure img{height:auto;display:flex;max-width:100%;transition:box-shadow .2s ease}.wp-block-uagb-image__figure>a{display:inline-block}.wp-block-uagb-image__figure figcaption{text-align:center;margin-top:.5em;margin-bottom:1em}.wp-block-uagb-image .components-placeholder.block-editor-media-placeholder .components-placeholder__instructions{align-self:center}.wp-block-uagb-image--align-left{text-align:left}.wp-block-uagb-image--align-right{text-align:right}.wp-block-uagb-image--align-center{text-align:center}.wp-block-uagb-image--align-full .wp-block-uagb-image__figure{margin-left:calc(50% - 50vw);margin-right:calc(50% - 50vw);max-width:100vw;width:100vw;height:auto}.wp-block-uagb-image--align-full .wp-block-uagb-image__figure img{height:auto;width:100% !important}.wp-block-uagb-image--align-wide .wp-block-uagb-image__figure img{height:auto;width:100%}.wp-block-uagb-image--layout-overlay__color-wrapper{position:absolute;left:0;top:0;right:0;bottom:0;opacity:.2;background:rgba(0,0,0,.5);transition:opacity .35s ease-in-out}.wp-block-uagb-image--layout-overlay-link{position:absolute;left:0;right:0;bottom:0;top:0}.wp-block-uagb-image--layout-overlay .wp-block-uagb-image__figure:hover .wp-block-uagb-image--layout-overlay__color-wrapper{opacity:1}.wp-block-uagb-image--layout-overlay__inner{position:absolute;left:15px;right:15px;bottom:15px;top:15px;display:flex;align-items:center;justify-content:center;flex-direction:column;border-color:#fff;transition:.35s ease-in-out}.wp-block-uagb-image--layout-overlay__inner.top-left,.wp-block-uagb-image--layout-overlay__inner.top-center,.wp-block-uagb-image--layout-overlay__inner.top-right{justify-content:flex-start}.wp-block-uagb-image--layout-overlay__inner.bottom-left,.wp-block-uagb-image--layout-overlay__inner.bottom-center,.wp-block-uagb-image--layout-overlay__inner.bottom-right{justify-content:flex-end}.wp-block-uagb-image--layout-overlay__inner.top-left,.wp-block-uagb-image--layout-overlay__inner.center-left,.wp-block-uagb-image--layout-overlay__inner.bottom-left{align-items:flex-start}.wp-block-uagb-image--layout-overlay__inner.top-right,.wp-block-uagb-image--layout-overlay__inner.center-right,.wp-block-uagb-image--layout-overlay__inner.bottom-right{align-items:flex-end}.wp-block-uagb-image--layout-overlay__inner .uagb-image-heading{color:#fff;transition:transform .35s,opacity .35s ease-in-out;transform:translate3d(0, 24px, 0);margin:0;line-height:1em}.wp-block-uagb-image--layout-overlay__inner .uagb-image-separator{width:30%;border-top-width:2px;border-top-color:#fff;border-top-style:solid;margin-bottom:10px;opacity:0;transition:transform .4s,opacity .4s ease-in-out;transform:translate3d(0, 30px, 0)}.wp-block-uagb-image--layout-overlay__inner .uagb-image-caption{opacity:0;overflow:visible;color:#fff;transition:transform .45s,opacity .45s ease-in-out;transform:translate3d(0, 35px, 0)}.wp-block-uagb-image--layout-overlay__inner:hover .uagb-image-heading,.wp-block-uagb-image--layout-overlay__inner:hover .uagb-image-separator,.wp-block-uagb-image--layout-overlay__inner:hover .uagb-image-caption{opacity:1;transform:translate3d(0, 0, 0)}.wp-block-uagb-image--effect-zoomin .wp-block-uagb-image__figure img,.wp-block-uagb-image--effect-zoomin .wp-block-uagb-image__figure .wp-block-uagb-image--layout-overlay__color-wrapper{transform:scale(1);transition:transform .35s ease-in-out}.wp-block-uagb-image--effect-zoomin .wp-block-uagb-image__figure:hover img,.wp-block-uagb-image--effect-zoomin .wp-block-uagb-image__figure:hover .wp-block-uagb-image--layout-overlay__color-wrapper{transform:scale(1.05)}.wp-block-uagb-image--effect-slide .wp-block-uagb-image__figure img,.wp-block-uagb-image--effect-slide .wp-block-uagb-image__figure .wp-block-uagb-image--layout-overlay__color-wrapper{width:calc(100% + 40px) !important;max-width:none !important;transform:translate3d(-40px, 0, 0);transition:transform .35s ease-in-out}.wp-block-uagb-image--effect-slide .wp-block-uagb-image__figure:hover img,.wp-block-uagb-image--effect-slide .wp-block-uagb-image__figure:hover .wp-block-uagb-image--layout-overlay__color-wrapper{transform:translate3d(0, 0, 0)}.wp-block-uagb-image--effect-grayscale img{filter:grayscale(0%);transition:.35s ease-in-out}.wp-block-uagb-image--effect-grayscale:hover img{filter:grayscale(100%)}.wp-block-uagb-image--effect-blur img{filter:blur(0);transition:.35s ease-in-out}.wp-block-uagb-image--effect-blur:hover img{filter:blur(3px)}.uagb-block-e6f939b3.wp-block-uagb-image--layout-default figure img{box-shadow: 0px 0px 0 #00000070;}.uagb-block-e6f939b3.wp-block-uagb-image .wp-block-uagb-image__figure figcaption{font-style: normal;align-self: center;}.uagb-block-e6f939b3.wp-block-uagb-image--layout-overlay figure img{box-shadow: 0px 0px 0 #00000070;}.uagb-block-e6f939b3.wp-block-uagb-image--layout-overlay .wp-block-uagb-image--layout-overlay__color-wrapper{opacity: 0.2;}.uagb-block-e6f939b3.wp-block-uagb-image--layout-overlay .wp-block-uagb-image--layout-overlay__inner{left: 15px;right: 15px;top: 15px;bottom: 15px;}.uagb-block-e6f939b3.wp-block-uagb-image--layout-overlay .wp-block-uagb-image--layout-overlay__inner .uagb-image-heading{font-style: normal;color: #fff;opacity: 1;}.uagb-block-e6f939b3.wp-block-uagb-image--layout-overlay .wp-block-uagb-image--layout-overlay__inner .uagb-image-heading a{color: #fff;}.uagb-block-e6f939b3.wp-block-uagb-image--layout-overlay .wp-block-uagb-image--layout-overlay__inner .uagb-image-caption{opacity: 0;}.uagb-block-e6f939b3.wp-block-uagb-image--layout-overlay .wp-block-uagb-image__figure:hover .wp-block-uagb-image--layout-overlay__color-wrapper{opacity: 1;}.uagb-block-e6f939b3.wp-block-uagb-image .wp-block-uagb-image--layout-overlay__inner .uagb-image-separator{width: 30%;border-top-width: 2px;border-top-color: #fff;opacity: 0;}.uagb-block-e6f939b3.wp-block-uagb-image .wp-block-uagb-image__figure img{width: px;height: auto;}.uagb-block-e6f939b3.wp-block-uagb-image .wp-block-uagb-image__figure:hover .wp-block-uagb-image--layout-overlay__inner .uagb-image-caption{opacity: 1;}.uagb-block-e6f939b3.wp-block-uagb-image .wp-block-uagb-image__figure:hover .wp-block-uagb-image--layout-overlay__inner .uagb-image-separator{opacity: 1;}.uagb-block-e6f939b3.wp-block-uagb-image--layout-default figure:hover img{box-shadow: 0px 0px 0 #00000070;}.uagb-block-e6f939b3.wp-block-uagb-image--layout-overlay figure:hover img{box-shadow: 0px 0px 0 #00000070;}@media only screen and (max-width: 976px) {.uagb-block-e6f939b3.wp-block-uagb-image .wp-block-uagb-image__figure img{width: px;height: auto;}}@media only screen and (max-width: 767px) {.uagb-block-e6f939b3.wp-block-uagb-image .wp-block-uagb-image__figure img{width: px;height: auto;}}\";s:2:\"js\";s:0:\"\";s:18:\"current_block_list\";a:13:{i:0;s:11:\"core\/search\";i:1;s:10:\"core\/group\";i:2;s:12:\"core\/heading\";i:3;s:17:\"core\/latest-posts\";i:4;s:20:\"core\/latest-comments\";i:5;s:13:\"core\/archives\";i:6;s:15:\"core\/categories\";i:7;s:14:\"core\/paragraph\";i:8;s:10:\"uagb\/image\";i:9;s:11:\"core\/spacer\";i:10;s:30:\"woocommerce\/product-categories\";i:11;s:10:\"core\/image\";i:12;s:14:\"core\/shortcode\";}s:8:\"uag_flag\";b:1;s:11:\"uag_version\";s:10:\"1777228600\";s:6:\"gfonts\";a:0:{}s:10:\"gfonts_url\";s:0:\"\";s:12:\"gfonts_files\";a:0:{}s:14:\"uag_faq_layout\";b:0;}"]},"uagb_featured_image_src":{"full":["https:\/\/www.ferberpainting.com\/wp-content\/uploads\/2025\/05\/Grease-and-Soot-Cleaner-5L-.png",2560,2560,false],"thumbnail":["https:\/\/www.ferberpainting.com\/wp-content\/uploads\/2025\/05\/Grease-and-Soot-Cleaner-5L--150x150.png",150,150,true],"medium":["https:\/\/www.ferberpainting.com\/wp-content\/uploads\/2025\/05\/Grease-and-Soot-Cleaner-5L--300x300.png",300,300,true],"medium_large":["https:\/\/www.ferberpainting.com\/wp-content\/uploads\/2025\/05\/Grease-and-Soot-Cleaner-5L--768x768.png",768,768,true],"large":["https:\/\/www.ferberpainting.com\/wp-content\/uploads\/2025\/05\/Grease-and-Soot-Cleaner-5L--1024x1024.png",1024,1024,true],"1536x1536":["https:\/\/www.ferberpainting.com\/wp-content\/uploads\/2025\/05\/Grease-and-Soot-Cleaner-5L--1536x1536.png",1536,1536,true],"2048x2048":["https:\/\/www.ferberpainting.com\/wp-content\/uploads\/2025\/05\/Grease-and-Soot-Cleaner-5L--2048x2048.png",2048,2048,true],"trp-custom-language-flag":["https:\/\/www.ferberpainting.com\/wp-content\/uploads\/2025\/05\/Grease-and-Soot-Cleaner-5L--12x12.png",12,12,true],"woocommerce_thumbnail":["https:\/\/www.ferberpainting.com\/wp-content\/uploads\/2025\/05\/Grease-and-Soot-Cleaner-5L--300x300.png",300,300,true],"woocommerce_single":["https:\/\/www.ferberpainting.com\/wp-content\/uploads\/2025\/05\/Grease-and-Soot-Cleaner-5L--600x600.png",600,600,true],"woocommerce_gallery_thumbnail":["https:\/\/www.ferberpainting.com\/wp-content\/uploads\/2025\/05\/Grease-and-Soot-Cleaner-5L--100x100.png",100,100,true]},"uagb_author_info":{"display_name":"admin","author_link":"https:\/\/www.ferberpainting.com\/cz\/author\/"},"uagb_comment_info":22,"uagb_excerpt":"Optimal Efficiency.\u00a0This grease and soot cleaner is specially designed to effectively remove stubborn grease, burnt oil, and embedded soot residues on different surfaces. Thanks to its powerful formula, it penetrates deeply to dissolve even the most resistant buildup without the need for excessive scrubbing. It restores the shine of dirty surfaces\u2014whether in a kitchen, garage,&hellip;","_links":{"self":[{"href":"https:\/\/www.ferberpainting.com\/cz\/wp-json\/wp\/v2\/product\/23508","targetHints":{"allow":["GET"]}}],"collection":[{"href":"https:\/\/www.ferberpainting.com\/cz\/wp-json\/wp\/v2\/product"}],"about":[{"href":"https:\/\/www.ferberpainting.com\/cz\/wp-json\/wp\/v2\/types\/product"}],"replies":[{"embeddable":true,"href":"https:\/\/www.ferberpainting.com\/cz\/wp-json\/wp\/v2\/comments?post=23508"}],"version-history":[{"count":5,"href":"https:\/\/www.ferberpainting.com\/cz\/wp-json\/wp\/v2\/product\/23508\/revisions"}],"predecessor-version":[{"id":166286,"href":"https:\/\/www.ferberpainting.com\/cz\/wp-json\/wp\/v2\/product\/23508\/revisions\/166286"}],"wp:featuredmedia":[{"embeddable":true,"href":"https:\/\/www.ferberpainting.com\/cz\/wp-json\/wp\/v2\/media\/36312"}],"wp:attachment":[{"href":"https:\/\/www.ferberpainting.com\/cz\/wp-json\/wp\/v2\/media?parent=23508"}],"wp:term":[{"taxonomy":"product_brand","embeddable":true,"href":"https:\/\/www.ferberpainting.com\/cz\/wp-json\/wp\/v2\/product_brand?post=23508"},{"taxonomy":"product_cat","embeddable":true,"href":"https:\/\/www.ferberpainting.com\/cz\/wp-json\/wp\/v2\/product_cat?post=23508"},{"taxonomy":"product_tag","embeddable":true,"href":"https:\/\/www.ferberpainting.com\/cz\/wp-json\/wp\/v2\/product_tag?post=23508"}],"curies":[{"name":"wp","href":"https:\/\/api.w.org\/{rel}","templated":true}]}}