{"id":23480,"date":"2025-05-26T10:24:21","date_gmt":"2025-05-26T08:24:21","guid":{"rendered":"https:\/\/www.ferberpainting.com\/products\/garden-and-vegetable-fertilizer\/"},"modified":"2026-02-15T14:18:46","modified_gmt":"2026-02-15T13:18:46","slug":"garden-and-vegetable-fertilizer","status":"publish","type":"product","link":"https:\/\/www.ferberpainting.com\/cz\/products\/garden-and-vegetable-fertilizer\/","title":{"rendered":"Hnojivo pro zahradu a zeleninu 25 kg"},"content":{"rendered":"<p><img decoding=\"async\" style=\"margin-right: 12px;\" src=\"https:\/\/www.ferberpainting.com\/wp-content\/uploads\/2026\/02\/Check.svg\" alt=\"\" width=\"18\" height=\"15\" \/><strong>Kompletn\u00ed hnojivo pro produktivn\u00ed zeleninovou zahradu a kvetouc\u00ed zahradu.<\/strong>\u00a0Toto hnojivo ur\u010den\u00e9 speci\u00e1ln\u011b pro zeleninu, ovoce a zahradn\u00ed rostliny poskytuje vyv\u00e1\u017een\u00fd p\u0159\u00edsun dus\u00edku (N), fosforu (P) a drasl\u00edku (K) podle vzorce NPK 10-10-10. Podporuje bujn\u00fd r\u016fst, bohatou \u00farodu a lep\u0161\u00ed odolnost v\u016f\u010di chorob\u00e1m a klimatick\u00fdm n\u00e1strah\u00e1m.<\/p>\n<p><img decoding=\"async\" style=\"margin-right: 12px;\" src=\"https:\/\/www.ferberpainting.com\/wp-content\/uploads\/2026\/02\/Check.svg\" alt=\"\" width=\"18\" height=\"15\" \/><strong>Z\u00e1ruka vr\u00e1cen\u00ed pen\u011bz.<\/strong>\u00a0Jsme p\u0159esv\u011bd\u010deni o \u00fa\u010dinnosti na\u0161eho hnojiva a zaru\u010dujeme vr\u00e1cen\u00ed pen\u011bz v pln\u00e9 v\u00fd\u0161i, pokud nebudete spokojeni s v\u00fdsledky po spr\u00e1vn\u00e9m pou\u017eit\u00ed podle doporu\u010den\u00ed. Va\u0161e spokojenost a \u00fasp\u011bch va\u0161\u00ed zeleninov\u00e9 zahrady jsou na\u0161\u00ed nejvy\u0161\u0161\u00ed prioritou.<\/p>\n<p><img decoding=\"async\" style=\"margin-right: 12px;\" src=\"https:\/\/www.ferberpainting.com\/wp-content\/uploads\/2026\/02\/Check.svg\" alt=\"\" width=\"18\" height=\"15\" \/><strong>Vhodn\u00e9 pro v\u0161echny druhy plodin.<\/strong>\u00a0Toto hnojivo je vhodn\u00e9 pro v\u0161echny zeleninov\u00e9 zahradn\u00ed plodiny, v\u010detn\u011b raj\u010dat, cuket, sal\u00e1t\u016f, mrkve, zel\u00ed, brambor, fazol\u00ed, \u0159edkvi\u010dek a aromatick\u00fdch bylinek, jako je bazalka a petr\u017eel. Je tak\u00e9 ide\u00e1ln\u00ed pro okrasn\u00e9 rostliny, ke\u0159e a zahradn\u00ed kv\u011btiny, kter\u00fdm poskytuje z\u00e1kladn\u00ed \u017eiviny pro optim\u00e1ln\u00ed v\u00fdvoj.<\/p>\n<p><img decoding=\"async\" style=\"margin-right: 12px;\" src=\"https:\/\/www.ferberpainting.com\/wp-content\/uploads\/2026\/02\/Check.svg\" alt=\"\" width=\"18\" height=\"15\" \/><strong>Vynikaj\u00edc\u00ed ekonomick\u00fd v\u00fdnos.<\/strong>\u00a0Jeden 25kg pytel hnojiva pokryje zna\u010dnou plochu va\u0161\u00ed zahrady. D\u00edky optim\u00e1ln\u00edmu d\u00e1vkov\u00e1n\u00ed pom\u00e1h\u00e1 dos\u00e1hnout bohat\u00e9 \u00farody a z\u00e1rove\u0148 omezuje vstupy. Pou\u017e\u00edv\u00e1 se bez \u0159ed\u011bn\u00ed, co\u017e zaji\u0161\u0165uje rychlou a snadnou aplikaci a z\u00e1rove\u0148 zaru\u010duje udr\u017eiteln\u00e9 a \u00fa\u010dinn\u00e9 hnojen\u00ed.<\/p>\n<p><img decoding=\"async\" style=\"margin-right: 12px;\" src=\"https:\/\/www.ferberpainting.com\/wp-content\/uploads\/2026\/02\/Check.svg\" alt=\"\" width=\"18\" height=\"15\" \/><strong>Bezpe\u010dn\u00fd produkt pro p\u016fdu a rostliny.<\/strong>\u00a0Toto hnojivo je navr\u017eeno s ohledem na \u017eivotn\u00ed prost\u0159ed\u00ed a neobsahuje \u017e\u00e1dn\u00e9 \u0161kodliv\u00e9 chemick\u00e9 produkty. Podporuje mikrobi\u00e1ln\u00ed \u017eivot v p\u016fd\u011b, \u010d\u00edm\u017e dlouhodob\u011b zlep\u0161uje jej\u00ed strukturu a \u00farodnost. Je bezpe\u010dn\u00e9 pro jedl\u00e9 plodiny, co\u017e zaji\u0161\u0165uje zdrav\u00e9 a chutn\u00e9 ovoce a zeleninu.<\/p>\n<p><img decoding=\"async\" style=\"margin-right: 12px;\" src=\"https:\/\/www.ferberpainting.com\/wp-content\/uploads\/2026\/02\/Check.svg\" alt=\"\" width=\"18\" height=\"15\" \/><strong>Jednoduch\u00e1 a rychl\u00e1 aplikace.<\/strong>\u00a0Na rozd\u00edl od tekut\u00fdch hnojiv, kter\u00e1 vy\u017eaduj\u00ed p\u0159esn\u00e9 d\u00e1vkov\u00e1n\u00ed a \u0159ed\u011bn\u00ed, se toto hnojivo rozt\u00edr\u00e1 p\u0159\u00edmo na p\u016fdu, \u010d\u00edm\u017e se zkracuje doba p\u0159\u00edpravy a zjednodu\u0161uje jeho pou\u017eit\u00ed. V z\u00e1vislosti na velikosti va\u0161\u00ed zahrady nebo zeleninov\u00e9ho pozemku jej lze aplikovat ru\u010dn\u011b nebo pomoc\u00ed rozmetadla.<\/p>\n<p><img decoding=\"async\" style=\"margin-right: 12px;\" src=\"https:\/\/www.ferberpainting.com\/wp-content\/uploads\/2026\/02\/Check.svg\" alt=\"\" width=\"18\" height=\"15\" \/><strong>Udr\u017eiteln\u00e1 akce pro bohat\u00e9 sklizn\u011b.<\/strong>\u00a0D\u00edky pomal\u00e9mu uvol\u0148ov\u00e1n\u00ed zaji\u0161\u0165uje toto hnojivo pr\u016fb\u011b\u017enou v\u00fd\u017eivu rostlin, \u010d\u00edm\u017e sni\u017euje riziko nedostatku \u017eivin. Stimuluje r\u016fst ko\u0159en\u016f, zvy\u0161uje odolnost v\u016f\u010di chorob\u00e1m a zlep\u0161uje kvalitu a chu\u0165 sklizn\u011b.<\/p>\n<p><img decoding=\"async\" style=\"margin-right: 12px;\" src=\"https:\/\/www.ferberpainting.com\/wp-content\/uploads\/2026\/02\/Check.svg\" alt=\"\" width=\"18\" height=\"15\" \/><strong>Viditeln\u00e9 v\u00fdsledky b\u011bhem prvn\u00edch t\u00fddn\u016f.<\/strong>\u00a0Po n\u011bkolika t\u00fddnech pou\u017e\u00edv\u00e1n\u00ed si v\u0161imnete rychlej\u0161\u00edho r\u016fstu, hust\u0161\u00edho olist\u011bn\u00ed a chutn\u011bj\u0161\u00edho a barevn\u011bj\u0161\u00edho ovoce a zeleniny. Vyv\u00e1\u017een\u00fd p\u0159\u00edsun \u017eivin podporuje bohatou a kvalitn\u00ed \u00farodu.<\/p>\n<h2><strong>Protokol o pou\u017eit\u00ed<\/strong><\/h2>\n<p><strong>Doporu\u010den\u00e9 d\u00e1vkov\u00e1n\u00ed <\/strong>:<\/p>\n<ul>\n<li><strong>Zeleninov\u00e9 zahr\u00e1dky (raj\u010data, cukety, sal\u00e1ty, mrkev atd.) <\/strong>: Aplikujte 100 g na m\u00b2 na za\u010d\u00e1tku sez\u00f3ny a opakujte ka\u017ed\u00e9 4 t\u00fddny, abyste zajistili trval\u00fd r\u016fst.<\/li>\n<li><strong>Ke\u0159e a ovocn\u00e9 stromy (jablon\u011b, hru\u0161n\u011b, t\u0159e\u0161n\u011b atd.) <\/strong>: Aplikujte 200 g na strom, dob\u0159e rozet\u0159ete kolem kmene a pot\u00e9 zalijte, abyste podpo\u0159ili pronik\u00e1n\u00ed \u017eivin.<\/li>\n<li><strong>Kvetouc\u00ed a okrasn\u00e9 rostliny<\/strong>: P\u0159ed v\u00fdsadbou nebo jako \u00fadr\u017ebu jednou m\u011bs\u00ed\u010dn\u011b zapravte 80 g na m\u00b2.<\/li>\n<\/ul>\n<p><strong>Frekvence pou\u017eit\u00ed <\/strong>:<\/p>\n<ul>\n<li><strong>Na ja\u0159e<\/strong>: Hnojivo aplikujte p\u0159i p\u0159\u00edprav\u011b p\u016fdy p\u0159ed v\u00fdsevem nebo v\u00fdsadbou, abyste podpo\u0159ili dobr\u00e9 zako\u0159en\u011bn\u00ed a rychl\u00fd po\u010d\u00e1te\u010dn\u00ed r\u016fst.<\/li>\n<li><strong>V l\u00e9t\u011b<\/strong>: Opakujte ka\u017ed\u00fdch 4 a\u017e 6 t\u00fddn\u016f, zejm\u00e9na u rychle rostouc\u00edch druh\u016f zeleniny, jako jsou sal\u00e1ty a \u0159edkvi\u010dky.<\/li>\n<li><strong>Na podzim<\/strong>: Pou\u017eijte k p\u0159\u00edprav\u011b p\u016fdy pro zimn\u00ed plodiny nebo k pos\u00edlen\u00ed trvalek a ke\u0159\u016f p\u0159ed chladn\u00fdm obdob\u00edm.<\/li>\n<\/ul>\n<p><strong>Zp\u016fsob pou\u017eit\u00ed <\/strong>:<\/p>\n<ul>\n<li>Rozet\u0159ete p\u0159\u00edmo na p\u016fdu a dbejte na rovnom\u011brn\u00e9 rozlo\u017een\u00ed granul\u00ed.<\/li>\n<li>P\u016fdu lehce zapravte hr\u00e1b\u011bmi nebo motykou, abyste podpo\u0159ili proko\u0159en\u011bn\u00ed.<\/li>\n<li>Po aplikaci zalijte, abyste aktivovali uvol\u0148ov\u00e1n\u00ed \u017eivin a zajistili jejich rychlou asimilaci rostlinami.<\/li>\n<\/ul>\n<p><strong>Bezpe\u010dnostn\u00ed opat\u0159en\u00ed pro pou\u017eit\u00ed <\/strong>:<\/p>\n<ul>\n<li>Nep\u0159ed\u00e1vkujte, aby nedo\u0161lo k nadbytku dus\u00edku, kter\u00fd by mohl podpo\u0159it nadm\u011brn\u00fd r\u016fst list\u016f na \u00fakor ovoce a zeleniny.<\/li>\n<li>Vyhn\u011bte se rozmet\u00e1n\u00ed hnojiva b\u011bhem extr\u00e9mn\u00edho sucha, pokud nen\u00ed po aplikaci pl\u00e1nov\u00e1na z\u00e1vlaha.<\/li>\n<li>Skladujte na such\u00e9m a dob\u0159e uzav\u0159en\u00e9m m\u00edst\u011b, abyste zachovali hnojiv\u00e9 vlastnosti a zabr\u00e1nili vlhkosti.<\/li>\n<\/ul>\n<p>D\u00edky tomuto hnojivu pro zeleninov\u00e9 zahrady, dom\u00e1c\u00ed zahrady a plodiny si zajist\u00edte bohatou \u00farodu, zdrav\u00fd r\u016fst a \u00farodnou p\u016fdu po cel\u00fd rok. Jeho vyv\u00e1\u017een\u00e9 slo\u017een\u00ed zaru\u010duje harmonick\u00fd v\u00fdvoj plodin a poskytuje v\u0161echny z\u00e1kladn\u00ed \u017eiviny, kter\u00e9 va\u0161e zahrada pot\u0159ebuje.<\/p>","protected":false},"excerpt":{"rendered":"<p>A complete fertilizer for a productive vegetable garden and a flourishing garden.\u00a0This fertilizer specially designed for vegetables, fruits, and garden plants provides a balanced supply of nitrogen (N), phosphorus (P), and potassium (K) with an NPK 10-10-10 formula. It promotes vigorous growth, abundant harvests, and better resistance to diseases and climatic hazards. Money-back guarantee.\u00a0We are [&hellip;]<\/p>\n","protected":false},"featured_media":26005,"comment_status":"open","ping_status":"closed","template":"","meta":{"_uag_custom_page_level_css":"","site-sidebar-layout":"default","site-content-layout":"","ast-site-content-layout":"default","site-content-style":"default","site-sidebar-style":"default","ast-global-header-display":"","ast-banner-title-visibility":"","ast-main-header-display":"","ast-hfb-above-header-display":"","ast-hfb-below-header-display":"","ast-hfb-mobile-header-display":"","site-post-title":"","ast-breadcrumbs-content":"","ast-featured-img":"","footer-sml-layout":"","ast-disable-related-posts":"","theme-transparent-header-meta":"default","adv-header-id-meta":"","stick-header-meta":"","header-above-stick-meta":"","header-main-stick-meta":"","header-below-stick-meta":"","astra-migrate-meta-layouts":"set","ast-page-background-enabled":"default","ast-page-background-meta":{"desktop":{"background-color":"var(--ast-global-color-4)","background-image":"","background-repeat":"repeat","background-position":"center center","background-size":"auto","background-attachment":"scroll","background-type":"","background-media":"","overlay-type":"","overlay-color":"","overlay-opacity":"","overlay-gradient":""},"tablet":{"background-color":"","background-image":"","background-repeat":"repeat","background-position":"center center","background-size":"auto","background-attachment":"scroll","background-type":"","background-media":"","overlay-type":"","overlay-color":"","overlay-opacity":"","overlay-gradient":""},"mobile":{"background-color":"","background-image":"","background-repeat":"repeat","background-position":"center center","background-size":"auto","background-attachment":"scroll","background-type":"","background-media":"","overlay-type":"","overlay-color":"","overlay-opacity":"","overlay-gradient":""}},"ast-content-background-meta":{"desktop":{"background-color":"var(--ast-global-color-5)","background-image":"","background-repeat":"repeat","background-position":"center center","background-size":"auto","background-attachment":"scroll","background-type":"","background-media":"","overlay-type":"","overlay-color":"","overlay-opacity":"","overlay-gradient":""},"tablet":{"background-color":"var(--ast-global-color-5)","background-image":"","background-repeat":"repeat","background-position":"center center","background-size":"auto","background-attachment":"scroll","background-type":"","background-media":"","overlay-type":"","overlay-color":"","overlay-opacity":"","overlay-gradient":""},"mobile":{"background-color":"var(--ast-global-color-5)","background-image":"","background-repeat":"repeat","background-position":"center center","background-size":"auto","background-attachment":"scroll","background-type":"","background-media":"","overlay-type":"","overlay-color":"","overlay-opacity":"","overlay-gradient":""}}},"product_brand":[],"product_cat":[178],"product_tag":[],"class_list":{"0":"post-23480","1":"product","2":"type-product","3":"status-publish","4":"has-post-thumbnail","6":"product_cat-fertilizers","7":"desktop-align-left","8":"tablet-align-left","9":"mobile-align-left","11":"first","12":"instock","13":"taxable","14":"shipping-taxable","15":"purchasable","16":"product-type-simple"},"spectra_custom_meta":{"_visibility":["visible"],"_shopify_product_id":["9071376236789"],"_s2w_shopify_domain":["ferberpainting.myshopify.com"],"_shopify_variant_id":["46516204142837"],"_sku":["FPGARDENANDVEGETABLEFERTILIZER25KG"],"_regular_price":["39.90"],"_price":["39.90"],"_sale_price":[""],"_weight":["18.7"],"_thumbnail_id":["26005"],"_global_unique_id":["5056773817753"],"total_sales":["3"],"_tax_status":["taxable"],"_tax_class":[""],"_manage_stock":["no"],"_backorders":["no"],"_sold_individually":["no"],"_virtual":["no"],"_downloadable":["no"],"_download_limit":["-1"],"_download_expiry":["-1"],"_stock":[null],"_stock_status":["instock"],"_wc_average_rating":["5.00"],"_wc_review_count":["29"],"_product_version":["10.5.1"],"_edit_lock":["1771161388:1"],"_wc_rating_count":["a:1:{i:5;i:29;}"],"merchant-center-availability":["yes"],"merchant-center-category":["113"],"_edit_last":["1"],"_wp_page_template":["default"],"site-sidebar-layout":["default"],"ast-site-content-layout":["default"],"site-content-style":["default"],"site-sidebar-style":["default"],"theme-transparent-header-meta":["default"],"astra-migrate-meta-layouts":["set"],"_uag_css_file_name":["uag-css-23480.css"],"_elementor_page_assets":["a:0:{}"],"_uag_page_assets":["a:9:{s:3:\"css\";s:7133:\".uag-blocks-common-selector{z-index:var(--z-index-desktop) !important}@media(max-width: 976px){.uag-blocks-common-selector{z-index:var(--z-index-tablet) !important}}@media(max-width: 767px){.uag-blocks-common-selector{z-index:var(--z-index-mobile) !important}}.wp-block-uagb-image{display:flex}.wp-block-uagb-image__figure{position:relative;display:flex;flex-direction:column;max-width:100%;height:auto;margin:0}.wp-block-uagb-image__figure img{height:auto;display:flex;max-width:100%;transition:box-shadow .2s ease}.wp-block-uagb-image__figure>a{display:inline-block}.wp-block-uagb-image__figure figcaption{text-align:center;margin-top:.5em;margin-bottom:1em}.wp-block-uagb-image .components-placeholder.block-editor-media-placeholder .components-placeholder__instructions{align-self:center}.wp-block-uagb-image--align-left{text-align:left}.wp-block-uagb-image--align-right{text-align:right}.wp-block-uagb-image--align-center{text-align:center}.wp-block-uagb-image--align-full .wp-block-uagb-image__figure{margin-left:calc(50% - 50vw);margin-right:calc(50% - 50vw);max-width:100vw;width:100vw;height:auto}.wp-block-uagb-image--align-full .wp-block-uagb-image__figure img{height:auto;width:100% !important}.wp-block-uagb-image--align-wide .wp-block-uagb-image__figure img{height:auto;width:100%}.wp-block-uagb-image--layout-overlay__color-wrapper{position:absolute;left:0;top:0;right:0;bottom:0;opacity:.2;background:rgba(0,0,0,.5);transition:opacity .35s ease-in-out}.wp-block-uagb-image--layout-overlay-link{position:absolute;left:0;right:0;bottom:0;top:0}.wp-block-uagb-image--layout-overlay .wp-block-uagb-image__figure:hover .wp-block-uagb-image--layout-overlay__color-wrapper{opacity:1}.wp-block-uagb-image--layout-overlay__inner{position:absolute;left:15px;right:15px;bottom:15px;top:15px;display:flex;align-items:center;justify-content:center;flex-direction:column;border-color:#fff;transition:.35s ease-in-out}.wp-block-uagb-image--layout-overlay__inner.top-left,.wp-block-uagb-image--layout-overlay__inner.top-center,.wp-block-uagb-image--layout-overlay__inner.top-right{justify-content:flex-start}.wp-block-uagb-image--layout-overlay__inner.bottom-left,.wp-block-uagb-image--layout-overlay__inner.bottom-center,.wp-block-uagb-image--layout-overlay__inner.bottom-right{justify-content:flex-end}.wp-block-uagb-image--layout-overlay__inner.top-left,.wp-block-uagb-image--layout-overlay__inner.center-left,.wp-block-uagb-image--layout-overlay__inner.bottom-left{align-items:flex-start}.wp-block-uagb-image--layout-overlay__inner.top-right,.wp-block-uagb-image--layout-overlay__inner.center-right,.wp-block-uagb-image--layout-overlay__inner.bottom-right{align-items:flex-end}.wp-block-uagb-image--layout-overlay__inner .uagb-image-heading{color:#fff;transition:transform .35s,opacity .35s ease-in-out;transform:translate3d(0, 24px, 0);margin:0;line-height:1em}.wp-block-uagb-image--layout-overlay__inner .uagb-image-separator{width:30%;border-top-width:2px;border-top-color:#fff;border-top-style:solid;margin-bottom:10px;opacity:0;transition:transform .4s,opacity .4s ease-in-out;transform:translate3d(0, 30px, 0)}.wp-block-uagb-image--layout-overlay__inner .uagb-image-caption{opacity:0;overflow:visible;color:#fff;transition:transform .45s,opacity .45s ease-in-out;transform:translate3d(0, 35px, 0)}.wp-block-uagb-image--layout-overlay__inner:hover .uagb-image-heading,.wp-block-uagb-image--layout-overlay__inner:hover .uagb-image-separator,.wp-block-uagb-image--layout-overlay__inner:hover .uagb-image-caption{opacity:1;transform:translate3d(0, 0, 0)}.wp-block-uagb-image--effect-zoomin .wp-block-uagb-image__figure img,.wp-block-uagb-image--effect-zoomin .wp-block-uagb-image__figure .wp-block-uagb-image--layout-overlay__color-wrapper{transform:scale(1);transition:transform .35s ease-in-out}.wp-block-uagb-image--effect-zoomin .wp-block-uagb-image__figure:hover img,.wp-block-uagb-image--effect-zoomin .wp-block-uagb-image__figure:hover .wp-block-uagb-image--layout-overlay__color-wrapper{transform:scale(1.05)}.wp-block-uagb-image--effect-slide .wp-block-uagb-image__figure img,.wp-block-uagb-image--effect-slide .wp-block-uagb-image__figure .wp-block-uagb-image--layout-overlay__color-wrapper{width:calc(100% + 40px) !important;max-width:none !important;transform:translate3d(-40px, 0, 0);transition:transform .35s ease-in-out}.wp-block-uagb-image--effect-slide .wp-block-uagb-image__figure:hover img,.wp-block-uagb-image--effect-slide .wp-block-uagb-image__figure:hover .wp-block-uagb-image--layout-overlay__color-wrapper{transform:translate3d(0, 0, 0)}.wp-block-uagb-image--effect-grayscale img{filter:grayscale(0%);transition:.35s ease-in-out}.wp-block-uagb-image--effect-grayscale:hover img{filter:grayscale(100%)}.wp-block-uagb-image--effect-blur img{filter:blur(0);transition:.35s ease-in-out}.wp-block-uagb-image--effect-blur:hover img{filter:blur(3px)}.uagb-block-e6f939b3.wp-block-uagb-image--layout-default figure img{box-shadow: 0px 0px 0 #00000070;}.uagb-block-e6f939b3.wp-block-uagb-image .wp-block-uagb-image__figure figcaption{font-style: normal;align-self: center;}.uagb-block-e6f939b3.wp-block-uagb-image--layout-overlay figure img{box-shadow: 0px 0px 0 #00000070;}.uagb-block-e6f939b3.wp-block-uagb-image--layout-overlay .wp-block-uagb-image--layout-overlay__color-wrapper{opacity: 0.2;}.uagb-block-e6f939b3.wp-block-uagb-image--layout-overlay .wp-block-uagb-image--layout-overlay__inner{left: 15px;right: 15px;top: 15px;bottom: 15px;}.uagb-block-e6f939b3.wp-block-uagb-image--layout-overlay .wp-block-uagb-image--layout-overlay__inner .uagb-image-heading{font-style: normal;color: #fff;opacity: 1;}.uagb-block-e6f939b3.wp-block-uagb-image--layout-overlay .wp-block-uagb-image--layout-overlay__inner .uagb-image-heading a{color: #fff;}.uagb-block-e6f939b3.wp-block-uagb-image--layout-overlay .wp-block-uagb-image--layout-overlay__inner .uagb-image-caption{opacity: 0;}.uagb-block-e6f939b3.wp-block-uagb-image--layout-overlay .wp-block-uagb-image__figure:hover .wp-block-uagb-image--layout-overlay__color-wrapper{opacity: 1;}.uagb-block-e6f939b3.wp-block-uagb-image .wp-block-uagb-image--layout-overlay__inner .uagb-image-separator{width: 30%;border-top-width: 2px;border-top-color: #fff;opacity: 0;}.uagb-block-e6f939b3.wp-block-uagb-image .wp-block-uagb-image__figure img{width: px;height: auto;}.uagb-block-e6f939b3.wp-block-uagb-image .wp-block-uagb-image__figure:hover .wp-block-uagb-image--layout-overlay__inner .uagb-image-caption{opacity: 1;}.uagb-block-e6f939b3.wp-block-uagb-image .wp-block-uagb-image__figure:hover .wp-block-uagb-image--layout-overlay__inner .uagb-image-separator{opacity: 1;}.uagb-block-e6f939b3.wp-block-uagb-image--layout-default figure:hover img{box-shadow: 0px 0px 0 #00000070;}.uagb-block-e6f939b3.wp-block-uagb-image--layout-overlay figure:hover img{box-shadow: 0px 0px 0 #00000070;}@media only screen and (max-width: 976px) {.uagb-block-e6f939b3.wp-block-uagb-image .wp-block-uagb-image__figure img{width: px;height: auto;}}@media only screen and (max-width: 767px) {.uagb-block-e6f939b3.wp-block-uagb-image .wp-block-uagb-image__figure img{width: px;height: auto;}}\";s:2:\"js\";s:0:\"\";s:18:\"current_block_list\";a:13:{i:0;s:11:\"core\/search\";i:1;s:10:\"core\/group\";i:2;s:12:\"core\/heading\";i:3;s:17:\"core\/latest-posts\";i:4;s:20:\"core\/latest-comments\";i:5;s:13:\"core\/archives\";i:6;s:15:\"core\/categories\";i:7;s:14:\"core\/paragraph\";i:8;s:10:\"uagb\/image\";i:9;s:11:\"core\/spacer\";i:10;s:30:\"woocommerce\/product-categories\";i:11;s:10:\"core\/image\";i:12;s:14:\"core\/shortcode\";}s:8:\"uag_flag\";b:1;s:11:\"uag_version\";s:10:\"1777198744\";s:6:\"gfonts\";a:0:{}s:10:\"gfonts_url\";s:0:\"\";s:12:\"gfonts_files\";a:0:{}s:14:\"uag_faq_layout\";b:0;}"]},"uagb_featured_image_src":{"full":["https:\/\/www.ferberpainting.com\/wp-content\/uploads\/2025\/05\/GardenandVegetableFertilizer02.png",2560,2560,false],"thumbnail":["https:\/\/www.ferberpainting.com\/wp-content\/uploads\/2025\/05\/GardenandVegetableFertilizer02-150x150.png",150,150,true],"medium":["https:\/\/www.ferberpainting.com\/wp-content\/uploads\/2025\/05\/GardenandVegetableFertilizer02-300x300.png",300,300,true],"medium_large":["https:\/\/www.ferberpainting.com\/wp-content\/uploads\/2025\/05\/GardenandVegetableFertilizer02-768x768.png",768,768,true],"large":["https:\/\/www.ferberpainting.com\/wp-content\/uploads\/2025\/05\/GardenandVegetableFertilizer02-1024x1024.png",1024,1024,true],"1536x1536":["https:\/\/www.ferberpainting.com\/wp-content\/uploads\/2025\/05\/GardenandVegetableFertilizer02-1536x1536.png",1536,1536,true],"2048x2048":["https:\/\/www.ferberpainting.com\/wp-content\/uploads\/2025\/05\/GardenandVegetableFertilizer02-2048x2048.png",2048,2048,true],"trp-custom-language-flag":["https:\/\/www.ferberpainting.com\/wp-content\/uploads\/2025\/05\/GardenandVegetableFertilizer02-12x12.png",12,12,true],"woocommerce_thumbnail":["https:\/\/www.ferberpainting.com\/wp-content\/uploads\/2025\/05\/GardenandVegetableFertilizer02-300x300.png",300,300,true],"woocommerce_single":["https:\/\/www.ferberpainting.com\/wp-content\/uploads\/2025\/05\/GardenandVegetableFertilizer02-600x600.png",600,600,true],"woocommerce_gallery_thumbnail":["https:\/\/www.ferberpainting.com\/wp-content\/uploads\/2025\/05\/GardenandVegetableFertilizer02-100x100.png",100,100,true]},"uagb_author_info":{"display_name":"admin","author_link":"https:\/\/www.ferberpainting.com\/cz\/author\/"},"uagb_comment_info":29,"uagb_excerpt":"A complete fertilizer for a productive vegetable garden and a flourishing garden.\u00a0This fertilizer specially designed for vegetables, fruits, and garden plants provides a balanced supply of nitrogen (N), phosphorus (P), and potassium (K) with an NPK 10-10-10 formula. It promotes vigorous growth, abundant harvests, and better resistance to diseases and climatic hazards. Money-back guarantee.\u00a0We are&hellip;","_links":{"self":[{"href":"https:\/\/www.ferberpainting.com\/cz\/wp-json\/wp\/v2\/product\/23480","targetHints":{"allow":["GET"]}}],"collection":[{"href":"https:\/\/www.ferberpainting.com\/cz\/wp-json\/wp\/v2\/product"}],"about":[{"href":"https:\/\/www.ferberpainting.com\/cz\/wp-json\/wp\/v2\/types\/product"}],"replies":[{"embeddable":true,"href":"https:\/\/www.ferberpainting.com\/cz\/wp-json\/wp\/v2\/comments?post=23480"}],"version-history":[{"count":6,"href":"https:\/\/www.ferberpainting.com\/cz\/wp-json\/wp\/v2\/product\/23480\/revisions"}],"predecessor-version":[{"id":166171,"href":"https:\/\/www.ferberpainting.com\/cz\/wp-json\/wp\/v2\/product\/23480\/revisions\/166171"}],"wp:featuredmedia":[{"embeddable":true,"href":"https:\/\/www.ferberpainting.com\/cz\/wp-json\/wp\/v2\/media\/26005"}],"wp:attachment":[{"href":"https:\/\/www.ferberpainting.com\/cz\/wp-json\/wp\/v2\/media?parent=23480"}],"wp:term":[{"taxonomy":"product_brand","embeddable":true,"href":"https:\/\/www.ferberpainting.com\/cz\/wp-json\/wp\/v2\/product_brand?post=23480"},{"taxonomy":"product_cat","embeddable":true,"href":"https:\/\/www.ferberpainting.com\/cz\/wp-json\/wp\/v2\/product_cat?post=23480"},{"taxonomy":"product_tag","embeddable":true,"href":"https:\/\/www.ferberpainting.com\/cz\/wp-json\/wp\/v2\/product_tag?post=23480"}],"curies":[{"name":"wp","href":"https:\/\/api.w.org\/{rel}","templated":true}]}}